{"id":2631,"date":"2024-04-24T08:57:29","date_gmt":"2024-04-24T07:57:29","guid":{"rendered":"https:\/\/mayoguide.org\/produkty\/?post_type=product&#038;p=2631"},"modified":"2024-04-24T09:01:46","modified_gmt":"2024-04-24T08:01:46","slug":"flexin-500","status":"publish","type":"product","link":"https:\/\/www.clinicaalthea.com\/farmacia\/cs\/apt\/flexin-500\/","title":{"rendered":"Flexin 500"},"content":{"rendered":"\n<p>Trp\u00edte <b>bolestmi kloub\u016f<\/b> a sval\u016f, kter\u00e9 v\u00e1m br\u00e1n\u00ed v ka\u017edodenn\u00edm fungov\u00e1n\u00ed? Hled\u00e1te \u00fa\u010dinn\u00fd dopln\u011bk stravy, kter\u00fd by v\u00e1m ulevil a zlep\u0161il va\u0161i pohodu? Pokud ano, pak se ur\u010dit\u011b pod\u00edvejte na <b>Flexin 500<\/b>, dopln\u011bk stravy, kter\u00fd poskytuje <b>\u00falevu od bolesti<\/b> kloub\u016f a sval\u016f. <\/p>\n\n\n\n<h2 class=\"wp-block-heading\" id=\"h-co-to-jest-flexin-500-i-jak-dziala\">Co je Flexin 500 a jak funguje?<\/h2>\n\n\n\n<p>Flexin 500 je <strong>dopln\u011bk stravy<\/strong> speci\u00e1ln\u011b vyvinut\u00fd pro \u00falevu od bolesti kloub\u016f a sval\u016f. Slo\u017een\u00ed tohoto dopl\u0148ku je zalo\u017eeno na podrobn\u00e9m v\u011bdeck\u00e9m v\u00fdzkumu a slo\u017ek\u00e1ch s prok\u00e1zan\u00fdmi analgetick\u00fdmi \u00fa\u010dinky.<\/p>\n\n\n\n<p>P\u0159\u00edpravek nen\u00ed l\u00e9kem, ale jeho slo\u017een\u00ed je zalo\u017eeno na p\u0159\u00edrodn\u00edch l\u00e1tk\u00e1ch, kter\u00e9 maj\u00ed protiz\u00e1n\u011btliv\u00fd a analgetick\u00fd \u00fa\u010dinek, regeneruj\u00ed chrupavku a kloubn\u00ed tk\u00e1\u0148 a pom\u00e1haj\u00ed zlep\u0161it jejich pohyblivost.<\/p>\n\n\n\n<h2 class=\"wp-block-heading\" id=\"h-sklad-suplementu-flexin-500\">Slo\u017een\u00ed dopl\u0148ku stravy Flexin 500<\/h2>\n\n\n\n<p><b>Slo\u017een\u00ed<\/b> dopl\u0148ku stravy Flexin 500 je zalo\u017eeno na n\u011bkolika kl\u00ed\u010dov\u00fdch slo\u017ek\u00e1ch, kter\u00e9 maj\u00ed analgetick\u00e9 a protiz\u00e1n\u011btliv\u00e9 <b>\u00fa\u010dinky<\/b>. Mezi tyto slo\u017eky pat\u0159\u00ed <em>Boswellia serrata<\/em>, rostlina s protiz\u00e1n\u011btliv\u00fdmi \u00fa\u010dinky, <em>glukosamin<\/em>, l\u00e1tka p\u0159irozen\u011b se vyskytuj\u00edc\u00ed v t\u011ble, <em>chondroitin<\/em>, hlavn\u00ed slo\u017eka kloubn\u00ed chrupavky, a <em>zinek<\/em>, kter\u00fd posiluje pojivov\u00e9 tk\u00e1n\u011b kloub\u016f a sval\u016f.<\/p>\n\n\n\n<p>D\u00edky t\u011bmto slo\u017ek\u00e1m pom\u00e1h\u00e1 Flexin 500 sni\u017eovat bolesti kloub\u016f a sval\u016f, zm\u00edr\u0148ovat z\u00e1n\u011bty a zlep\u0161ovat kondici a pohyblivost.<\/p>\n\n\n\n<figure class=\"wp-block-table\"><table><tbody><tr><th>Slo\u017een\u00ed<\/th><th>\u00da\u010dinek<\/th><\/tr><tr><td><b>Boswellia serrata<\/b><\/td><td>Protiz\u00e1n\u011btliv\u00fd<b>\u00fa\u010dinek<\/b> <\/td><\/tr><tr><td><b>Glukosamin<\/b><\/td><td>Regenerace kloubn\u00edch tk\u00e1n\u00ed<\/td><\/tr><tr><td><b>Chondroitin<\/b><\/td><td>Podpora hydratace kloubn\u00ed chrupavky<\/td><\/tr><tr><td>Zinek<\/td><td>Posiluje pojivovou tk\u00e1\u0148<\/td><\/tr><\/tbody><\/table><\/figure>\n\n\n\n<h2 class=\"wp-block-heading\" id=\"h-efekty-stosowania-flexin-500\">\u00da\u010dinky p\u0159\u00edpravku Flexin 500<\/h2>\n\n\n\n<p>Pravideln\u00e9 <b>u\u017e\u00edv\u00e1n\u00ed<\/b> dopl\u0148ku stravy <strong>Flexin 500<\/strong> m\u00e1 mnoho v\u00fdhod a \u00fa\u010dink\u016f p\u0159i zm\u00edr\u0148ov\u00e1n\u00ed bolesti kloub\u016f a sval\u016f. V\u011bdeck\u00e9 studie a <b>zp\u011btn\u00e1 vazba<\/b> u\u017eivatel\u016f potvrzuj\u00ed zlep\u0161en\u00ed pohyblivosti kloub\u016f, sn\u00ed\u017een\u00ed bolesti, zlep\u0161en\u00ed celkov\u00e9 pohody a zv\u00fd\u0161en\u00ed fyzick\u00e9 aktivity. U tohoto dopl\u0148ku lze o\u010dek\u00e1vat \u00falevu od bolesti a zlep\u0161en\u00ed kvality \u017eivota lid\u00ed s kloubn\u00edmi pot\u00ed\u017eemi.<\/p>\n\n\n\n<h2 class=\"wp-block-heading\" id=\"h-zalecenia-dotyczace-dawkowania-flexin-500\">Doporu\u010den\u00e9 d\u00e1vkov\u00e1n\u00ed p\u0159\u00edpravku Flexin 500<\/h2>\n\n\n\n<p>\u00da\u010dinn\u00e9 <b>u\u017e\u00edv\u00e1n\u00ed<\/b> dopl\u0148ku stravy Flexin 500 p\u0159i \u00falev\u011b od bolesti kloub\u016f a sval\u016f vy\u017eaduje dodr\u017eov\u00e1n\u00ed d\u00e1vkovac\u00edch doporu\u010den\u00ed. <\/p>\n\n\n\n<p>Pro dosa\u017een\u00ed optim\u00e1ln\u00edch v\u00fdsledk\u016f se doporu\u010duje u\u017e\u00edvat pravideln\u011b 2 kapsle denn\u011b, nejl\u00e9pe jednu kapsli r\u00e1no a druhou ve\u010der. Pro dosa\u017een\u00ed po\u017eadovan\u00fdch v\u00fdsledk\u016f se doporu\u010duje, aby l\u00e9\u010dba dopl\u0148kem trvala nejm\u00e9n\u011b 30 dn\u00ed. <\/p>\n\n\n\n<p>V p\u0159\u00edpad\u011b d\u00e9letrvaj\u00edc\u00edch <b>bolest\u00ed kloub\u016f<\/b> a sval\u016f lze v u\u017e\u00edv\u00e1n\u00ed dopl\u0148ku pokra\u010dovat i po uplynut\u00ed t\u00e9to doby. Kapsle lze u\u017e\u00edvat p\u0159ed i po j\u00eddle, v\u017edy je zap\u00edjejte vodou.<\/p>\n\n\n\n<h2 class=\"wp-block-heading\" id=\"h-gdzie-kupic-i-cena-flexin-500\">Kde koupit a cena p\u0159\u00edpravku Flexin 500<\/h2>\n\n\n\n<p>Dopln\u011bk stravy Flexin 500 je z\u00e1kazn\u00edk\u016fm k dispozici online, p\u0159\u00edmo na ofici\u00e1ln\u00edch str\u00e1nk\u00e1ch v\u00fdrobce. Tato forma n\u00e1kupu zaji\u0161\u0165uje jistotu kvality v\u00fdrobku a <b>dostupnosti<\/b> za v\u0161ech okolnost\u00ed. <b>Cena<\/b> dopl\u0148ku Flexin 500 z\u00e1vis\u00ed na aktu\u00e1ln\u00edch akc\u00edch, kter\u00e9 \u010dasto dosahuj\u00ed a\u017e -50%!<\/p>\n\n\n\n<p>Rozhodn\u011b nedoporu\u010dujeme kupovat dopln\u011bk Flexin 500 od zprost\u0159edkovatel\u016f nebo webov\u00fdch str\u00e1nek t\u0159et\u00edch stran. N\u00e1kup pad\u011blk\u016f z nezn\u00e1m\u00e9ho zdroje m\u016f\u017ee ohrozit va\u0161e zdrav\u00ed a bezpe\u010dnost. Proto je v\u017edy vhodn\u00e9 objednat v\u00fdrobek pouze od d\u016fv\u011bryhodn\u00e9ho v\u00fdrobce.<\/p>\n\n\n\n<h2 class=\"wp-block-heading\" id=\"h-skutki-uboczne-i-przeciwwskazania-flexin-500\">Ne\u017e\u00e1douc\u00ed \u00fa\u010dinky a kontraindikace Flexin 500<\/h2>\n\n\n\n<p>P\u0159i u\u017e\u00edv\u00e1n\u00ed dopl\u0148ku stravy Flexin 500 existuje riziko n\u011bkter\u00fdch ne\u017e\u00e1douc\u00edch \u00fa\u010dink\u016f, jako jsou n\u00e1hl\u00e1 \u017ealude\u010dn\u00ed nevolnost, pr\u016fjem, nevolnost nebo alergick\u00e9 reakce. <\/p>\n\n\n\n<p>P\u0159esto\u017ee jsou <b>ne\u017e\u00e1douc\u00ed \u00fa\u010dinky<\/b> vz\u00e1cn\u00e9, m\u011bli byste u\u017e\u00edv\u00e1n\u00ed dopl\u0148ku p\u0159eru\u0161it a v p\u0159\u00edpad\u011b jejich v\u00fdskytu se poradit s l\u00e9ka\u0159em. Mezi kontraindikace u\u017e\u00edv\u00e1n\u00ed p\u0159\u00edpravku Flexin 500 pat\u0159\u00ed alergie na slo\u017eky dopl\u0148ku, t\u011bhotenstv\u00ed, kojen\u00ed a v\u011bk do 18 let.<\/p>\n\n\n\n<h2 class=\"wp-block-heading\" id=\"h-opinie-uzytkownikow-na-temat-flexin-500\">Hodnocen\u00ed u\u017eivatel\u016f Flexin 500<\/h2>\n\n\n\n<blockquote class=\"wp-block-quote is-layout-flow wp-block-quote-is-layout-flow\">\n<p>&#8220;Flexin 500 je skute\u010dn\u011b pozoruhodn\u00fd dopln\u011bk stravy. Od t\u00e9 doby, co jsem ho za\u010dal u\u017e\u00edvat, se mi v\u00fdrazn\u011b sn\u00ed\u017eila bolest kloub\u016f a sval\u016f. Nyn\u00ed se mohu voln\u011b pohybovat a vr\u00e1tit se k \u010dinnostem, kter\u00e9 pro m\u011b byly d\u0159\u00edve d\u00edky bolesti obt\u00ed\u017en\u00e9.&#8221;<\/p>\n<\/blockquote>\n\n\n\n<p><b>Recenze u\u017eivatel\u016f<\/b> potvrzuj\u00ed, \u017ee Flexin 500 p\u0159in\u00e1\u0161\u00ed \u00falevu od bolesti kloub\u016f a sval\u016f a zlep\u0161uje kvalitu \u017eivota. Je v\u0161ak t\u0159eba m\u00edt na pam\u011bti, \u017ee \u00fa\u010dinky dopl\u0148ku se mohou li\u0161it v z\u00e1vislosti na individu\u00e1ln\u00edm zdravotn\u00edm stavu a \u017eivotn\u00edm stylu. P\u0159ed zah\u00e1jen\u00edm u\u017e\u00edv\u00e1n\u00ed dopl\u0148ku se v\u017edy doporu\u010duje poradit se s l\u00e9ka\u0159em nebo l\u00e9k\u00e1rn\u00edkem.<\/p>\n\n\n\n<figure class=\"wp-block-table\"><table><tbody><tr><th>Stanovisko<\/th><th>\u00da\u010dinky u\u017e\u00edv\u00e1n\u00ed<\/th><\/tr><tr><td>&#8220;Flexin 500 je m\u016fj nejobl\u00edben\u011bj\u0161\u00ed dopln\u011bk stravy! Nejen\u017ee sni\u017euje bolest, ale tak\u00e9 pom\u00e1h\u00e1 zlep\u0161it pohyblivost kloub\u016f. Rozhodn\u011b ho doporu\u010duji!&#8221;<\/td><td>Sn\u00ed\u017een\u00ed bolesti, zlep\u0161en\u00ed pohyblivosti kloub\u016f<\/td><\/tr><tr><td>&#8220;P\u0159\u00edpravek Flexin 500 u\u017e\u00edv\u00e1m ji\u017e n\u011bkolik m\u011bs\u00edc\u016f a jeho \u00fa\u010dinnost m\u011b p\u0159ekvapila. U\u017e nepoci\u0165uji bolest p\u0159i ka\u017edodenn\u00edch \u010dinnostech. Opravdu funguje!&#8221;<\/td><td>V\u00fdrazn\u00e9 sn\u00ed\u017een\u00ed bolesti, \u00faleva p\u0159i ka\u017edodenn\u00edch \u010dinnostech<\/td><\/tr><tr><td>&#8220;Flexin 500 je prvn\u00ed dopln\u011bk stravy, kter\u00fd mi skute\u010dn\u011b p\u0159inesl \u00falevu od bolesti kloub\u016f. Byl jsem skeptick\u00fd, ale nyn\u00ed jsem o tom p\u0159esv\u011bd\u010den!&#8221;<\/td><td>\u00daleva od bolesti, zlep\u0161en\u00ed kvality \u017eivota<\/td><\/tr><\/tbody><\/table><\/figure>\n\n\n\n<p>&#8220;P\u0159\u00edpravek Flexin 500 u\u017e\u00edv\u00e1m n\u011bkolik m\u011bs\u00edc\u016f a zaznamenal jsem v\u00fdrazn\u00e9 zlep\u0161en\u00ed. M\u00e9 <b>bolesti kloub\u016f<\/b> jsou men\u0161\u00ed a pru\u017enost m\u00fdch kloub\u016f se zv\u00fd\u0161ila. V\u0159ele doporu\u010duji!&#8221;<\/p>\n\n\n\n<p><em>&#8220;Flexin 500 je nejlep\u0161\u00ed dopln\u011bk stravy, jak\u00fd jsem kdy pou\u017e\u00edval. P\u0159estaly m\u011b bolet klouby a svaly jsou pru\u017en\u011bj\u0161\u00ed. V\u0159ele doporu\u010duji!&#8221;<\/em><\/p>\n\n\n\n<p><em><em>&#8220;Jsem velmi spokojen s v\u00fdsledky p\u0159\u00edpravku Flexin 500. \u00darove\u0148 bolesti kloub\u016f se v\u00fdrazn\u011b sn\u00ed\u017eila a ka\u017edodenn\u00ed \u010dinnosti se staly snaz\u0161\u00edmi. Doporu\u010dila bych ho ka\u017ed\u00e9mu, kdo se pot\u00fdk\u00e1 s bolestmi kloub\u016f.&#8221;<\/em><\/em><\/p>\n","protected":false},"excerpt":{"rendered":"<p><strong>559.00 K\u010d<\/strong><\/p>\n<p><del>1118.00 K\u010d<\/del><\/p>\n<p><strong>[date_countdown]<\/strong><\/p>\n","protected":false},"featured_media":2630,"comment_status":"open","ping_status":"closed","template":"","meta":{"neve_meta_sidebar":"","neve_meta_container":"","neve_meta_enable_content_width":"","neve_meta_content_width":0,"neve_meta_title_alignment":"","neve_meta_author_avatar":"","neve_post_elements_order":"","neve_meta_disable_header":"","neve_meta_disable_footer":"","neve_meta_disable_title":"","neve_meta_reading_time":""},"product_brand":[],"product_cat":[49],"product_tag":[],"class_list":{"0":"post-2631","1":"product","2":"type-product","3":"status-publish","4":"has-post-thumbnail","6":"product_cat-zdravi","8":"first","9":"instock","10":"shipping-taxable","11":"product-type-external"},"yoast_head":"<!-- This site is optimized with the Yoast SEO plugin v27.4 - https:\/\/yoast.com\/product\/yoast-seo-wordpress\/ -->\n<title>Flexin 500 - Clinica Althea<\/title>\n<meta name=\"robots\" content=\"index, follow, max-snippet:-1, max-image-preview:large, max-video-preview:-1\" \/>\n<link rel=\"canonical\" href=\"https:\/\/www.clinicaalthea.com\/farmacia\/cs\/apt\/flexin-500\/\" \/>\n<meta property=\"og:locale\" content=\"pl_PL\" \/>\n<meta property=\"og:type\" content=\"article\" \/>\n<meta property=\"og:title\" content=\"Flexin 500 - Clinica Althea\" \/>\n<meta property=\"og:description\" content=\"559.00 K\u010d 1118.00 K\u010d\" \/>\n<meta property=\"og:url\" content=\"https:\/\/www.clinicaalthea.com\/farmacia\/cs\/apt\/flexin-500\/\" \/>\n<meta property=\"og:site_name\" content=\"Clinica Althea\" \/>\n<meta property=\"article:modified_time\" content=\"2024-04-24T08:01:46+00:00\" \/>\n<meta property=\"og:image\" content=\"https:\/\/www.clinicaalthea.com\/farmacia\/wp-content\/uploads\/2024\/04\/Flexin-500.jpg\" \/>\n\t<meta property=\"og:image:width\" content=\"768\" \/>\n\t<meta property=\"og:image:height\" content=\"768\" \/>\n\t<meta property=\"og:image:type\" content=\"image\/jpeg\" \/>\n<meta name=\"twitter:card\" content=\"summary_large_image\" \/>\n<meta name=\"twitter:label1\" content=\"Szacowany czas czytania\" \/>\n\t<meta name=\"twitter:data1\" content=\"5 minut\" \/>\n<script type=\"application\/ld+json\" class=\"yoast-schema-graph\">{\"@context\":\"https:\\\/\\\/schema.org\",\"@graph\":[{\"@type\":\"WebPage\",\"@id\":\"https:\\\/\\\/www.clinicaalthea.com\\\/farmacia\\\/cs\\\/apt\\\/flexin-500\\\/\",\"url\":\"https:\\\/\\\/www.clinicaalthea.com\\\/farmacia\\\/cs\\\/apt\\\/flexin-500\\\/\",\"name\":\"Flexin 500 - Clinica Althea\",\"isPartOf\":{\"@id\":\"https:\\\/\\\/www.clinicaalthea.com\\\/farmacia\\\/#website\"},\"primaryImageOfPage\":{\"@id\":\"https:\\\/\\\/www.clinicaalthea.com\\\/farmacia\\\/cs\\\/apt\\\/flexin-500\\\/#primaryimage\"},\"image\":{\"@id\":\"https:\\\/\\\/www.clinicaalthea.com\\\/farmacia\\\/cs\\\/apt\\\/flexin-500\\\/#primaryimage\"},\"thumbnailUrl\":\"https:\\\/\\\/www.clinicaalthea.com\\\/farmacia\\\/wp-content\\\/uploads\\\/2024\\\/04\\\/Flexin-500.jpg\",\"datePublished\":\"2024-04-24T07:57:29+00:00\",\"dateModified\":\"2024-04-24T08:01:46+00:00\",\"breadcrumb\":{\"@id\":\"https:\\\/\\\/www.clinicaalthea.com\\\/farmacia\\\/cs\\\/apt\\\/flexin-500\\\/#breadcrumb\"},\"inLanguage\":\"pl-PL\",\"potentialAction\":[{\"@type\":\"ReadAction\",\"target\":[\"https:\\\/\\\/www.clinicaalthea.com\\\/farmacia\\\/cs\\\/apt\\\/flexin-500\\\/\"]}]},{\"@type\":\"ImageObject\",\"inLanguage\":\"pl-PL\",\"@id\":\"https:\\\/\\\/www.clinicaalthea.com\\\/farmacia\\\/cs\\\/apt\\\/flexin-500\\\/#primaryimage\",\"url\":\"https:\\\/\\\/www.clinicaalthea.com\\\/farmacia\\\/wp-content\\\/uploads\\\/2024\\\/04\\\/Flexin-500.jpg\",\"contentUrl\":\"https:\\\/\\\/www.clinicaalthea.com\\\/farmacia\\\/wp-content\\\/uploads\\\/2024\\\/04\\\/Flexin-500.jpg\",\"width\":768,\"height\":768,\"caption\":\"Flexin 500\"},{\"@type\":\"BreadcrumbList\",\"@id\":\"https:\\\/\\\/www.clinicaalthea.com\\\/farmacia\\\/cs\\\/apt\\\/flexin-500\\\/#breadcrumb\",\"itemListElement\":[{\"@type\":\"ListItem\",\"position\":1,\"name\":\"Strona g\u0142\u00f3wna\",\"item\":\"https:\\\/\\\/www.clinicaalthea.com\\\/farmacia\\\/\"},{\"@type\":\"ListItem\",\"position\":2,\"name\":\"Produkty\",\"item\":\"https:\\\/\\\/www.clinicaalthea.com\\\/farmacia\\\/\"},{\"@type\":\"ListItem\",\"position\":3,\"name\":\"Flexin 500\"}]},{\"@type\":\"WebSite\",\"@id\":\"https:\\\/\\\/www.clinicaalthea.com\\\/farmacia\\\/#website\",\"url\":\"https:\\\/\\\/www.clinicaalthea.com\\\/farmacia\\\/\",\"name\":\"Clinica Althea\",\"description\":\"\",\"publisher\":{\"@id\":\"https:\\\/\\\/www.clinicaalthea.com\\\/farmacia\\\/#organization\"},\"potentialAction\":[{\"@type\":\"SearchAction\",\"target\":{\"@type\":\"EntryPoint\",\"urlTemplate\":\"https:\\\/\\\/www.clinicaalthea.com\\\/farmacia\\\/?s={search_term_string}\"},\"query-input\":{\"@type\":\"PropertyValueSpecification\",\"valueRequired\":true,\"valueName\":\"search_term_string\"}}],\"inLanguage\":\"pl-PL\"},{\"@type\":\"Organization\",\"@id\":\"https:\\\/\\\/www.clinicaalthea.com\\\/farmacia\\\/#organization\",\"name\":\"Clinica Althea\",\"url\":\"https:\\\/\\\/www.clinicaalthea.com\\\/farmacia\\\/\",\"logo\":{\"@type\":\"ImageObject\",\"inLanguage\":\"pl-PL\",\"@id\":\"https:\\\/\\\/www.clinicaalthea.com\\\/farmacia\\\/#\\\/schema\\\/logo\\\/image\\\/\",\"url\":\"https:\\\/\\\/www.clinicaalthea.com\\\/farmacia\\\/wp-content\\\/uploads\\\/2023\\\/12\\\/Jak-diagnozuje-sie-FAS_-objawy-kryteria-diagnostyczne-i-metody-diagnozowania-154162903.jpg\",\"contentUrl\":\"https:\\\/\\\/www.clinicaalthea.com\\\/farmacia\\\/wp-content\\\/uploads\\\/2023\\\/12\\\/Jak-diagnozuje-sie-FAS_-objawy-kryteria-diagnostyczne-i-metody-diagnozowania-154162903.jpg\",\"width\":1216,\"height\":832,\"caption\":\"Clinica Althea\"},\"image\":{\"@id\":\"https:\\\/\\\/www.clinicaalthea.com\\\/farmacia\\\/#\\\/schema\\\/logo\\\/image\\\/\"}}]}<\/script>\n<!-- \/ Yoast SEO plugin. -->","yoast_head_json":{"title":"Flexin 500 - Clinica Althea","robots":{"index":"index","follow":"follow","max-snippet":"max-snippet:-1","max-image-preview":"max-image-preview:large","max-video-preview":"max-video-preview:-1"},"canonical":"https:\/\/www.clinicaalthea.com\/farmacia\/cs\/apt\/flexin-500\/","og_locale":"pl_PL","og_type":"article","og_title":"Flexin 500 - Clinica Althea","og_description":"559.00 K\u010d 1118.00 K\u010d","og_url":"https:\/\/www.clinicaalthea.com\/farmacia\/cs\/apt\/flexin-500\/","og_site_name":"Clinica Althea","article_modified_time":"2024-04-24T08:01:46+00:00","og_image":[{"width":768,"height":768,"url":"https:\/\/www.clinicaalthea.com\/farmacia\/wp-content\/uploads\/2024\/04\/Flexin-500.jpg","type":"image\/jpeg"}],"twitter_card":"summary_large_image","twitter_misc":{"Szacowany czas czytania":"5 minut"},"schema":{"@context":"https:\/\/schema.org","@graph":[{"@type":"WebPage","@id":"https:\/\/www.clinicaalthea.com\/farmacia\/cs\/apt\/flexin-500\/","url":"https:\/\/www.clinicaalthea.com\/farmacia\/cs\/apt\/flexin-500\/","name":"Flexin 500 - Clinica Althea","isPartOf":{"@id":"https:\/\/www.clinicaalthea.com\/farmacia\/#website"},"primaryImageOfPage":{"@id":"https:\/\/www.clinicaalthea.com\/farmacia\/cs\/apt\/flexin-500\/#primaryimage"},"image":{"@id":"https:\/\/www.clinicaalthea.com\/farmacia\/cs\/apt\/flexin-500\/#primaryimage"},"thumbnailUrl":"https:\/\/www.clinicaalthea.com\/farmacia\/wp-content\/uploads\/2024\/04\/Flexin-500.jpg","datePublished":"2024-04-24T07:57:29+00:00","dateModified":"2024-04-24T08:01:46+00:00","breadcrumb":{"@id":"https:\/\/www.clinicaalthea.com\/farmacia\/cs\/apt\/flexin-500\/#breadcrumb"},"inLanguage":"pl-PL","potentialAction":[{"@type":"ReadAction","target":["https:\/\/www.clinicaalthea.com\/farmacia\/cs\/apt\/flexin-500\/"]}]},{"@type":"ImageObject","inLanguage":"pl-PL","@id":"https:\/\/www.clinicaalthea.com\/farmacia\/cs\/apt\/flexin-500\/#primaryimage","url":"https:\/\/www.clinicaalthea.com\/farmacia\/wp-content\/uploads\/2024\/04\/Flexin-500.jpg","contentUrl":"https:\/\/www.clinicaalthea.com\/farmacia\/wp-content\/uploads\/2024\/04\/Flexin-500.jpg","width":768,"height":768,"caption":"Flexin 500"},{"@type":"BreadcrumbList","@id":"https:\/\/www.clinicaalthea.com\/farmacia\/cs\/apt\/flexin-500\/#breadcrumb","itemListElement":[{"@type":"ListItem","position":1,"name":"Strona g\u0142\u00f3wna","item":"https:\/\/www.clinicaalthea.com\/farmacia\/"},{"@type":"ListItem","position":2,"name":"Produkty","item":"https:\/\/www.clinicaalthea.com\/farmacia\/"},{"@type":"ListItem","position":3,"name":"Flexin 500"}]},{"@type":"WebSite","@id":"https:\/\/www.clinicaalthea.com\/farmacia\/#website","url":"https:\/\/www.clinicaalthea.com\/farmacia\/","name":"Clinica Althea","description":"","publisher":{"@id":"https:\/\/www.clinicaalthea.com\/farmacia\/#organization"},"potentialAction":[{"@type":"SearchAction","target":{"@type":"EntryPoint","urlTemplate":"https:\/\/www.clinicaalthea.com\/farmacia\/?s={search_term_string}"},"query-input":{"@type":"PropertyValueSpecification","valueRequired":true,"valueName":"search_term_string"}}],"inLanguage":"pl-PL"},{"@type":"Organization","@id":"https:\/\/www.clinicaalthea.com\/farmacia\/#organization","name":"Clinica Althea","url":"https:\/\/www.clinicaalthea.com\/farmacia\/","logo":{"@type":"ImageObject","inLanguage":"pl-PL","@id":"https:\/\/www.clinicaalthea.com\/farmacia\/#\/schema\/logo\/image\/","url":"https:\/\/www.clinicaalthea.com\/farmacia\/wp-content\/uploads\/2023\/12\/Jak-diagnozuje-sie-FAS_-objawy-kryteria-diagnostyczne-i-metody-diagnozowania-154162903.jpg","contentUrl":"https:\/\/www.clinicaalthea.com\/farmacia\/wp-content\/uploads\/2023\/12\/Jak-diagnozuje-sie-FAS_-objawy-kryteria-diagnostyczne-i-metody-diagnozowania-154162903.jpg","width":1216,"height":832,"caption":"Clinica Althea"},"image":{"@id":"https:\/\/www.clinicaalthea.com\/farmacia\/#\/schema\/logo\/image\/"}}]}},"lang":"cs","translations":{"cs":2631,"pl":2629,"fr":2632,"el":2633,"de":2634,"it":2635},"pll_sync_post":[],"_links":{"self":[{"href":"https:\/\/www.clinicaalthea.com\/farmacia\/wp-json\/wp\/v2\/product\/2631","targetHints":{"allow":["GET"]}}],"collection":[{"href":"https:\/\/www.clinicaalthea.com\/farmacia\/wp-json\/wp\/v2\/product"}],"about":[{"href":"https:\/\/www.clinicaalthea.com\/farmacia\/wp-json\/wp\/v2\/types\/product"}],"replies":[{"embeddable":true,"href":"https:\/\/www.clinicaalthea.com\/farmacia\/wp-json\/wp\/v2\/comments?post=2631"}],"wp:featuredmedia":[{"embeddable":true,"href":"https:\/\/www.clinicaalthea.com\/farmacia\/wp-json\/wp\/v2\/media\/2630"}],"wp:attachment":[{"href":"https:\/\/www.clinicaalthea.com\/farmacia\/wp-json\/wp\/v2\/media?parent=2631"}],"wp:term":[{"taxonomy":"product_brand","embeddable":true,"href":"https:\/\/www.clinicaalthea.com\/farmacia\/wp-json\/wp\/v2\/product_brand?post=2631"},{"taxonomy":"product_cat","embeddable":true,"href":"https:\/\/www.clinicaalthea.com\/farmacia\/wp-json\/wp\/v2\/product_cat?post=2631"},{"taxonomy":"product_tag","embeddable":true,"href":"https:\/\/www.clinicaalthea.com\/farmacia\/wp-json\/wp\/v2\/product_tag?post=2631"}],"curies":[{"name":"wp","href":"https:\/\/api.w.org\/{rel}","templated":true}]}}