{"id":2617,"date":"2024-04-23T18:47:26","date_gmt":"2024-04-23T17:47:26","guid":{"rendered":"https:\/\/mayoguide.org\/produkty\/?post_type=product&#038;p=2617"},"modified":"2024-04-23T18:56:58","modified_gmt":"2024-04-23T17:56:58","slug":"spankadoo","status":"publish","type":"product","link":"https:\/\/www.clinicaalthea.com\/farmacia\/es\/apt\/spankadoo\/","title":{"rendered":"Spankadoo"},"content":{"rendered":"\n<p>Los masturbadores para hombres son cada vez m\u00e1s populares, con un aumento de las ventas del 70%. \u00bfEs <b>Spankadoo<\/b> un <b>masturbador<\/b> masculino innovador que garantiza sensaciones extraordinarias y mejora el confort \u00edntimo? \u00bfPueden realmente los masturbadores para hombres proporcionar orgasmos intensos y mejorar el placer sexual? \u00bfQu\u00e9 m\u00e1s merece la pena saber sobre <b>Spankadoo<\/b> y c\u00f3mo utilizarlos?<\/p>\n\n\n\n<h3 class=\"wp-block-heading\" id=\"h-kluczowe-infomacje\">Informaci\u00f3n clave:<\/h3>\n\n\n\n<ul class=\"wp-block-list\">\n<li><b>Spankadoo<\/b> es un innovador <b>masturbador<\/b> masculino que proporciona sensaciones extraordinarias y un mayor confort \u00edntimo.<\/li>\n\n\n\n<li>El uso de Spankadoo puede dar lugar a orgasmos intensos, un aumento del placer sexual y una mejora del rendimiento sexual.<\/li>\n\n\n\n<li>Es importante <b>utilizar<\/b>, <b>limpiar<\/b> y <b>desinfectar<\/b> correctamente el Spankadoo.<\/li>\n\n\n\n<li>Comprar Spankadoo directamente al fabricante asegura un producto original y una garant\u00eda oficial.<\/li>\n<\/ul>\n\n\n\n<h2 class=\"wp-block-heading\" id=\"h-co-to-jest-spankadoo\">\u00bfQu\u00e9 es el Spankadoo?<\/h2>\n\n\n\n<p>Spankadoo es un innovador <strong>masturbador<\/strong> masculino dise\u00f1ado para proporcionar la m\u00e1xima estimulaci\u00f3n del pene y alcanzar orgasmos intensos. El dispositivo consiste en una funda tubular de material suave que imita orificios realistas como la vagina, el ano o la boca. En el interior del masturbador hay una variedad de texturas que aumentan a\u00fan m\u00e1s el placer durante su uso.<\/p>\n\n\n\n<p>El Spankadoo<strong>funciona<\/strong> estimulando el pene mediante movimientos de la mano o el cuerpo. Es un excelente m\u00e9todo para explorar tu propio cuerpo y descubrir qu\u00e9 es lo que te da m\u00e1s placer sexual.<\/p>\n\n\n\n<h2 class=\"wp-block-heading\" id=\"h-jak-uzywac-spankadoo\">\u00bfC\u00f3mo utilizar el Spankadoo?<\/h2>\n\n\n\n<p>Para disfrutar de todo el potencial de Spankadoo, es importante <b>utilizar<\/b> correctamente este masturbador masculino. El Spankadoo debe lavarse a fondo y aceitarse antes de su uso. Al principio, puede experimentar para encontrar la t\u00e9cnica que le proporcione m\u00e1s placer. Tambi\u00e9n es importante leer el prospecto del producto, que contiene instrucciones de uso y dosificaci\u00f3n.<\/p>\n\n\n\n<p>Una vez que hayas terminado de usar Spankadoo, l\u00edmpialo a fondo antes de volver a utilizarlo. Lo mejor es utilizar agua tibia y jab\u00f3n suave o un limpiador especial para juguetes er\u00f3ticos. Durante la limpieza, recuerde limpiar a fondo todos los recovecos y texturas del interior del masturbador.<\/p>\n\n\n\n<p>La atenci\u00f3n a la higiene es crucial para evitar infecciones o irritaciones de la piel. Antes de utilizar Spankadoo por primera vez, es aconsejable leer atentamente el prospecto para familiarizarse con las recomendaciones del fabricante y aprender a utilizar y <b>limpiar<\/b> el producto correctamente.<\/p>\n\n\n\n<h2 class=\"wp-block-heading\" id=\"h-jakie-sa-efekty-korzystania-z-spankadoo\">\u00bfCu\u00e1les son los efectos de la utilizaci\u00f3n de Spankadoo?<\/h2>\n\n\n\n<p>El uso de <em>Spankadoo<\/em>, un innovador masturbador masculino, puede tener muchos <b>beneficios<\/b> y efectos tanto durante la masturbaci\u00f3n como en la vida sexual cotidiana.<\/p>\n\n\n\n<p>Uno de los principales efectos del uso de <em>Spankadoo<\/em> es la consecuci\u00f3n de orgasmos intensos. Gracias a las diferentes texturas del interior del masturbador, la estimulaci\u00f3n del pene es extremadamente intensa, lo que se traduce en una mayor satisfacci\u00f3n sexual y en la posibilidad de experimentar orgasmos completos y explosivos.<\/p>\n\n\n\n<p>Otro efecto es el aumento del placer sexual. Este masturbador proporciona una gran variedad de texturas, imitando orificios realistas como la vagina, el ano o la boca. As\u00ed, utilizando el <em>Spankadoo<\/em>, se pueden explorar diferentes t\u00e9cnicas y descubrir nuevas formas de placer, lo que repercute positivamente en la calidad de la vida sexual.<\/p>\n\n\n\n<p>Algunas personas tambi\u00e9n afirman haber mejorado su rendimiento sexual gracias al uso regular del <em>Spankadoo<\/em>. Este masturbador permite entrenar los m\u00fasculos \u00edntimos y controlar la eyaculaci\u00f3n, lo que puede aumentar el tiempo del coito y el placer tanto para el hombre como para su pareja.<\/p>\n\n\n\n<h2 class=\"wp-block-heading\" id=\"h-gdzie-mozna-kupic-spankadoo-cena\">\u00bfD\u00f3nde se puede comprar Spankadoo &#8211; precio?<\/h2>\n\n\n\n<p>Spankadoo es un producto que s\u00f3lo est\u00e1 disponible en la p\u00e1gina web oficial del fabricante. No lo encontrar\u00e1 en farmacias estacionarias. Comprar Spankadoo directamente al fabricante oficial es fundamental para asegurarse de recibir un producto aut\u00e9ntico de la m\u00e1xima calidad.<\/p>\n\n\n\n<p>En la p\u00e1gina web oficial del fabricante de Spankadoo encontrar\u00e1 informaci\u00f3n sobre el precio, la formulaci\u00f3n y las promociones vigentes. Puede estar seguro de que el producto que compra es aut\u00e9ntico y cuenta con una garant\u00eda oficial.<\/p>\n\n\n\n<p>Comprando en la web oficial del fabricante, evitar\u00e1s comprar falsificaciones, que pueden ser peligrosas para tu salud y la calidad de tus sensaciones. Merece la pena invertir en un Spankadoo original para disfrutar del m\u00e1ximo confort y placer durante su uso.<\/p>\n\n\n\n<figure class=\"wp-block-table\"><table><tbody><tr><th>La ventaja de comprar en la p\u00e1gina oficial del fabricante:<\/th><\/tr><tr><td>&#8211; Compra segura de un Spankadoo aut\u00e9ntico<\/td><\/tr><tr><td>&#8211; <b>Garant\u00eda de<\/b> calidad oficial<\/td><\/tr><tr><td>&#8211; Acceso a informaci\u00f3n sobre precios y promociones actuales<\/td><\/tr><tr><td>&#8211; Evitar falsificaciones y posibles problemas de calidad del producto<\/td><\/tr><\/tbody><\/table><\/figure>\n\n\n\n<h2 class=\"wp-block-heading\" id=\"h-czy-sa-skutki-uboczne-lub-przeciwwskazania-przy-stosowaniu-spankadoo\"><em>\u00bfExisten efectos secundarios o contraindicaciones al utilizar Spankadoo?<\/em><\/h2>\n\n\n\n<p>El uso del masturbador masculino Spankadoo a veces puede conllevar algunos efectos secundarios y contraindicaciones que deben tenerse en cuenta antes de utilizar este producto.<\/p>\n\n\n\n<p>Un posible efecto secundario de Spankadoo puede ser la irritaci\u00f3n de la piel. Cada cuerpo tarda un tiempo en adaptarse, por lo que la irritaci\u00f3n de la piel puede ocurrir especialmente en los usuarios de masturbadores por primera vez. Si este es el caso, se recomienda interrumpir el uso y dar tiempo a la piel para que se recupere.<\/p>\n\n\n\n<p>Algunas personas tambi\u00e9n pueden experimentar molestias al utilizar el Spankadoo. Se trata de una cuesti\u00f3n individual, ya que no todo el mundo disfruta necesariamente con este tipo de estimulaci\u00f3n. Si experimenta sensaciones desagradables, vale la pena intentar cambiar la t\u00e9cnica o consultar a su m\u00e9dico.<\/p>\n\n\n\n<p>Las personas hipersensibles o al\u00e9rgicas a materiales m\u00e9dicos deben tener cuidado al utilizar Spankadoo. La <b>composici\u00f3n<\/b> del masturbador puede contener determinadas sustancias a las que el organismo puede reaccionar de forma al\u00e9rgica. Si se producen reacciones al\u00e9rgicas, interrumpa su uso y consulte a su m\u00e9dico.<\/p>\n\n\n\n<p>Las contraindicaciones para el uso de Spankadoo son las lesiones cut\u00e1neas como heridas, abrasiones o \u00falceras. Asimismo, las personas con infecciones \u00edntimas, como ti\u00f1a o herpes, deben evitar el uso de este masturbador para no agravar la afecci\u00f3n cut\u00e1nea y aumentar el riesgo de infecci\u00f3n.<\/p>\n\n\n\n<p>Tomar descansos en el uso de Spankadoo y tomar las precauciones adecuadas es importante para garantizar una experiencia segura y satisfactoria al utilizar este masturbador masculino.<\/p>\n\n\n\n<h2 class=\"wp-block-heading\" id=\"h-opinie-uzytkownikow-na-temat-spankadoo\">Opiniones de usuarios sobre Spankadoo<\/h2>\n\n\n\n<p>En esta secci\u00f3n del art\u00edculo se presentar\u00e1n <strong>los comentarios<\/strong> y <strong>opiniones<\/strong> de los usuarios sobre Spankadoo. \u00c9stas incluir\u00e1n experiencias reales de personas que han tenido la oportunidad de probar este masturbador masculino. Las <strong>rese\u00f1as<\/strong> y <strong>opiniones<\/strong> pueden proporcionar informaci\u00f3n valiosa sobre el uso y los efectos de Spankadoo.<\/p>\n\n\n\n<blockquote class=\"wp-block-quote is-layout-flow wp-block-quote-is-layout-flow\">\n<p><em>Spankadoo es un producto que ha cambiado mi vida sexual. Al principio era esc\u00e9ptico, pero despu\u00e9s de probar este masturbador, no podr\u00eda estar m\u00e1s contento con los resultados. Las intensas sensaciones que proporciona Spankadoo hacen de cada sesi\u00f3n de masturbaci\u00f3n una experiencia inolvidable. La mejora en la calidad de mi placer sexual ha sido significativa y los orgasmos intensos se han convertido en mi rutina diaria. Recomendar\u00eda Spankadoo a cualquiera que busque un producto que le proporcione momentos de intimidad inolvidables.<\/em> &#8211; Adam, 28 a\u00f1os<\/p>\n<\/blockquote>\n\n\n\n<blockquote class=\"wp-block-quote is-layout-flow wp-block-quote-is-layout-flow\">\n<p><em>Desafortunadamente, el uso de Spankadoo no cumpli\u00f3 mis expectativas. A pesar de las promesas del fabricante y de la prometedora descripci\u00f3n, este masturbador me result\u00f3 insuficiente. Puede que sea una cuesti\u00f3n individual, pero para m\u00ed las texturas del interior del dispositivo no eran lo suficientemente estimulantes y las sensaciones no eran tan intensas como esperaba. Adem\u00e1s, la limpieza y el mantenimiento del Spankadoo me resultaron engorrosos. No recomendar\u00eda este producto a quienes buscan sensaciones intensas y un placer sexual excepcional.<\/em> &#8211; Marcin, 34 a\u00f1os<\/p>\n<\/blockquote>\n","protected":false},"excerpt":{"rendered":"<p><strong>49.00 \u20ac<\/strong><\/p>\n<p><del>98.00 \u20ac<\/del><\/p>\n<p><strong>[date_countdown]<\/strong><\/p>\n","protected":false},"featured_media":2613,"comment_status":"open","ping_status":"closed","template":"","meta":{"neve_meta_sidebar":"","neve_meta_container":"","neve_meta_enable_content_width":"","neve_meta_content_width":0,"neve_meta_title_alignment":"","neve_meta_author_avatar":"","neve_post_elements_order":"","neve_meta_disable_header":"","neve_meta_disable_footer":"","neve_meta_disable_title":"","neve_meta_reading_time":""},"product_brand":[],"product_cat":[351],"product_tag":[],"class_list":{"0":"post-2617","1":"product","2":"type-product","3":"status-publish","4":"has-post-thumbnail","6":"product_cat-salud-sexual","8":"first","9":"instock","10":"shipping-taxable","11":"product-type-external"},"yoast_head":"<!-- This site is optimized with the Yoast SEO plugin v27.4 - https:\/\/yoast.com\/product\/yoast-seo-wordpress\/ -->\n<title>Spankadoo - Clinica Althea<\/title>\n<meta name=\"robots\" content=\"index, follow, max-snippet:-1, max-image-preview:large, max-video-preview:-1\" \/>\n<link rel=\"canonical\" href=\"https:\/\/www.clinicaalthea.com\/farmacia\/es\/apt\/spankadoo\/\" \/>\n<meta property=\"og:locale\" content=\"pl_PL\" \/>\n<meta property=\"og:type\" content=\"article\" \/>\n<meta property=\"og:title\" content=\"Spankadoo - Clinica Althea\" \/>\n<meta property=\"og:description\" content=\"49.00 \u20ac 98.00 \u20ac\" \/>\n<meta property=\"og:url\" content=\"https:\/\/www.clinicaalthea.com\/farmacia\/es\/apt\/spankadoo\/\" \/>\n<meta property=\"og:site_name\" content=\"Clinica Althea\" \/>\n<meta property=\"article:modified_time\" content=\"2024-04-23T17:56:58+00:00\" \/>\n<meta property=\"og:image\" content=\"https:\/\/www.clinicaalthea.com\/farmacia\/wp-content\/uploads\/2024\/04\/Spankadoo.jpg\" \/>\n\t<meta property=\"og:image:width\" content=\"768\" \/>\n\t<meta property=\"og:image:height\" content=\"768\" \/>\n\t<meta property=\"og:image:type\" content=\"image\/jpeg\" \/>\n<meta name=\"twitter:card\" content=\"summary_large_image\" \/>\n<meta name=\"twitter:label1\" content=\"Szacowany czas czytania\" \/>\n\t<meta name=\"twitter:data1\" content=\"7 minut\" \/>\n<script type=\"application\/ld+json\" class=\"yoast-schema-graph\">{\"@context\":\"https:\\\/\\\/schema.org\",\"@graph\":[{\"@type\":\"WebPage\",\"@id\":\"https:\\\/\\\/www.clinicaalthea.com\\\/farmacia\\\/es\\\/apt\\\/spankadoo\\\/\",\"url\":\"https:\\\/\\\/www.clinicaalthea.com\\\/farmacia\\\/es\\\/apt\\\/spankadoo\\\/\",\"name\":\"Spankadoo - Clinica Althea\",\"isPartOf\":{\"@id\":\"https:\\\/\\\/www.clinicaalthea.com\\\/farmacia\\\/#website\"},\"primaryImageOfPage\":{\"@id\":\"https:\\\/\\\/www.clinicaalthea.com\\\/farmacia\\\/es\\\/apt\\\/spankadoo\\\/#primaryimage\"},\"image\":{\"@id\":\"https:\\\/\\\/www.clinicaalthea.com\\\/farmacia\\\/es\\\/apt\\\/spankadoo\\\/#primaryimage\"},\"thumbnailUrl\":\"https:\\\/\\\/www.clinicaalthea.com\\\/farmacia\\\/wp-content\\\/uploads\\\/2024\\\/04\\\/Spankadoo.jpg\",\"datePublished\":\"2024-04-23T17:47:26+00:00\",\"dateModified\":\"2024-04-23T17:56:58+00:00\",\"breadcrumb\":{\"@id\":\"https:\\\/\\\/www.clinicaalthea.com\\\/farmacia\\\/es\\\/apt\\\/spankadoo\\\/#breadcrumb\"},\"inLanguage\":\"pl-PL\",\"potentialAction\":[{\"@type\":\"ReadAction\",\"target\":[\"https:\\\/\\\/www.clinicaalthea.com\\\/farmacia\\\/es\\\/apt\\\/spankadoo\\\/\"]}]},{\"@type\":\"ImageObject\",\"inLanguage\":\"pl-PL\",\"@id\":\"https:\\\/\\\/www.clinicaalthea.com\\\/farmacia\\\/es\\\/apt\\\/spankadoo\\\/#primaryimage\",\"url\":\"https:\\\/\\\/www.clinicaalthea.com\\\/farmacia\\\/wp-content\\\/uploads\\\/2024\\\/04\\\/Spankadoo.jpg\",\"contentUrl\":\"https:\\\/\\\/www.clinicaalthea.com\\\/farmacia\\\/wp-content\\\/uploads\\\/2024\\\/04\\\/Spankadoo.jpg\",\"width\":768,\"height\":768,\"caption\":\"Spankadoo\"},{\"@type\":\"BreadcrumbList\",\"@id\":\"https:\\\/\\\/www.clinicaalthea.com\\\/farmacia\\\/es\\\/apt\\\/spankadoo\\\/#breadcrumb\",\"itemListElement\":[{\"@type\":\"ListItem\",\"position\":1,\"name\":\"Strona g\u0142\u00f3wna\",\"item\":\"https:\\\/\\\/www.clinicaalthea.com\\\/farmacia\\\/\"},{\"@type\":\"ListItem\",\"position\":2,\"name\":\"Produkty\",\"item\":\"https:\\\/\\\/www.clinicaalthea.com\\\/farmacia\\\/\"},{\"@type\":\"ListItem\",\"position\":3,\"name\":\"Spankadoo\"}]},{\"@type\":\"WebSite\",\"@id\":\"https:\\\/\\\/www.clinicaalthea.com\\\/farmacia\\\/#website\",\"url\":\"https:\\\/\\\/www.clinicaalthea.com\\\/farmacia\\\/\",\"name\":\"Clinica Althea\",\"description\":\"\",\"publisher\":{\"@id\":\"https:\\\/\\\/www.clinicaalthea.com\\\/farmacia\\\/#organization\"},\"potentialAction\":[{\"@type\":\"SearchAction\",\"target\":{\"@type\":\"EntryPoint\",\"urlTemplate\":\"https:\\\/\\\/www.clinicaalthea.com\\\/farmacia\\\/?s={search_term_string}\"},\"query-input\":{\"@type\":\"PropertyValueSpecification\",\"valueRequired\":true,\"valueName\":\"search_term_string\"}}],\"inLanguage\":\"pl-PL\"},{\"@type\":\"Organization\",\"@id\":\"https:\\\/\\\/www.clinicaalthea.com\\\/farmacia\\\/#organization\",\"name\":\"Clinica Althea\",\"url\":\"https:\\\/\\\/www.clinicaalthea.com\\\/farmacia\\\/\",\"logo\":{\"@type\":\"ImageObject\",\"inLanguage\":\"pl-PL\",\"@id\":\"https:\\\/\\\/www.clinicaalthea.com\\\/farmacia\\\/#\\\/schema\\\/logo\\\/image\\\/\",\"url\":\"https:\\\/\\\/www.clinicaalthea.com\\\/farmacia\\\/wp-content\\\/uploads\\\/2023\\\/12\\\/Jak-diagnozuje-sie-FAS_-objawy-kryteria-diagnostyczne-i-metody-diagnozowania-154162903.jpg\",\"contentUrl\":\"https:\\\/\\\/www.clinicaalthea.com\\\/farmacia\\\/wp-content\\\/uploads\\\/2023\\\/12\\\/Jak-diagnozuje-sie-FAS_-objawy-kryteria-diagnostyczne-i-metody-diagnozowania-154162903.jpg\",\"width\":1216,\"height\":832,\"caption\":\"Clinica Althea\"},\"image\":{\"@id\":\"https:\\\/\\\/www.clinicaalthea.com\\\/farmacia\\\/#\\\/schema\\\/logo\\\/image\\\/\"}}]}<\/script>\n<!-- \/ Yoast SEO plugin. -->","yoast_head_json":{"title":"Spankadoo - Clinica Althea","robots":{"index":"index","follow":"follow","max-snippet":"max-snippet:-1","max-image-preview":"max-image-preview:large","max-video-preview":"max-video-preview:-1"},"canonical":"https:\/\/www.clinicaalthea.com\/farmacia\/es\/apt\/spankadoo\/","og_locale":"pl_PL","og_type":"article","og_title":"Spankadoo - Clinica Althea","og_description":"49.00 \u20ac 98.00 \u20ac","og_url":"https:\/\/www.clinicaalthea.com\/farmacia\/es\/apt\/spankadoo\/","og_site_name":"Clinica Althea","article_modified_time":"2024-04-23T17:56:58+00:00","og_image":[{"width":768,"height":768,"url":"https:\/\/www.clinicaalthea.com\/farmacia\/wp-content\/uploads\/2024\/04\/Spankadoo.jpg","type":"image\/jpeg"}],"twitter_card":"summary_large_image","twitter_misc":{"Szacowany czas czytania":"7 minut"},"schema":{"@context":"https:\/\/schema.org","@graph":[{"@type":"WebPage","@id":"https:\/\/www.clinicaalthea.com\/farmacia\/es\/apt\/spankadoo\/","url":"https:\/\/www.clinicaalthea.com\/farmacia\/es\/apt\/spankadoo\/","name":"Spankadoo - Clinica Althea","isPartOf":{"@id":"https:\/\/www.clinicaalthea.com\/farmacia\/#website"},"primaryImageOfPage":{"@id":"https:\/\/www.clinicaalthea.com\/farmacia\/es\/apt\/spankadoo\/#primaryimage"},"image":{"@id":"https:\/\/www.clinicaalthea.com\/farmacia\/es\/apt\/spankadoo\/#primaryimage"},"thumbnailUrl":"https:\/\/www.clinicaalthea.com\/farmacia\/wp-content\/uploads\/2024\/04\/Spankadoo.jpg","datePublished":"2024-04-23T17:47:26+00:00","dateModified":"2024-04-23T17:56:58+00:00","breadcrumb":{"@id":"https:\/\/www.clinicaalthea.com\/farmacia\/es\/apt\/spankadoo\/#breadcrumb"},"inLanguage":"pl-PL","potentialAction":[{"@type":"ReadAction","target":["https:\/\/www.clinicaalthea.com\/farmacia\/es\/apt\/spankadoo\/"]}]},{"@type":"ImageObject","inLanguage":"pl-PL","@id":"https:\/\/www.clinicaalthea.com\/farmacia\/es\/apt\/spankadoo\/#primaryimage","url":"https:\/\/www.clinicaalthea.com\/farmacia\/wp-content\/uploads\/2024\/04\/Spankadoo.jpg","contentUrl":"https:\/\/www.clinicaalthea.com\/farmacia\/wp-content\/uploads\/2024\/04\/Spankadoo.jpg","width":768,"height":768,"caption":"Spankadoo"},{"@type":"BreadcrumbList","@id":"https:\/\/www.clinicaalthea.com\/farmacia\/es\/apt\/spankadoo\/#breadcrumb","itemListElement":[{"@type":"ListItem","position":1,"name":"Strona g\u0142\u00f3wna","item":"https:\/\/www.clinicaalthea.com\/farmacia\/"},{"@type":"ListItem","position":2,"name":"Produkty","item":"https:\/\/www.clinicaalthea.com\/farmacia\/"},{"@type":"ListItem","position":3,"name":"Spankadoo"}]},{"@type":"WebSite","@id":"https:\/\/www.clinicaalthea.com\/farmacia\/#website","url":"https:\/\/www.clinicaalthea.com\/farmacia\/","name":"Clinica Althea","description":"","publisher":{"@id":"https:\/\/www.clinicaalthea.com\/farmacia\/#organization"},"potentialAction":[{"@type":"SearchAction","target":{"@type":"EntryPoint","urlTemplate":"https:\/\/www.clinicaalthea.com\/farmacia\/?s={search_term_string}"},"query-input":{"@type":"PropertyValueSpecification","valueRequired":true,"valueName":"search_term_string"}}],"inLanguage":"pl-PL"},{"@type":"Organization","@id":"https:\/\/www.clinicaalthea.com\/farmacia\/#organization","name":"Clinica Althea","url":"https:\/\/www.clinicaalthea.com\/farmacia\/","logo":{"@type":"ImageObject","inLanguage":"pl-PL","@id":"https:\/\/www.clinicaalthea.com\/farmacia\/#\/schema\/logo\/image\/","url":"https:\/\/www.clinicaalthea.com\/farmacia\/wp-content\/uploads\/2023\/12\/Jak-diagnozuje-sie-FAS_-objawy-kryteria-diagnostyczne-i-metody-diagnozowania-154162903.jpg","contentUrl":"https:\/\/www.clinicaalthea.com\/farmacia\/wp-content\/uploads\/2023\/12\/Jak-diagnozuje-sie-FAS_-objawy-kryteria-diagnostyczne-i-metody-diagnozowania-154162903.jpg","width":1216,"height":832,"caption":"Clinica Althea"},"image":{"@id":"https:\/\/www.clinicaalthea.com\/farmacia\/#\/schema\/logo\/image\/"}}]}},"lang":"es","translations":{"es":2617,"cs":2614,"pl":2612,"fi":2615,"fr":2616,"nl":2618,"lv":2619,"lt":2620,"de":2621,"nb":2622,"pt":2623,"ro":2624,"sk":2625,"sv":2626,"it":2627},"pll_sync_post":[],"_links":{"self":[{"href":"https:\/\/www.clinicaalthea.com\/farmacia\/wp-json\/wp\/v2\/product\/2617","targetHints":{"allow":["GET"]}}],"collection":[{"href":"https:\/\/www.clinicaalthea.com\/farmacia\/wp-json\/wp\/v2\/product"}],"about":[{"href":"https:\/\/www.clinicaalthea.com\/farmacia\/wp-json\/wp\/v2\/types\/product"}],"replies":[{"embeddable":true,"href":"https:\/\/www.clinicaalthea.com\/farmacia\/wp-json\/wp\/v2\/comments?post=2617"}],"wp:featuredmedia":[{"embeddable":true,"href":"https:\/\/www.clinicaalthea.com\/farmacia\/wp-json\/wp\/v2\/media\/2613"}],"wp:attachment":[{"href":"https:\/\/www.clinicaalthea.com\/farmacia\/wp-json\/wp\/v2\/media?parent=2617"}],"wp:term":[{"taxonomy":"product_brand","embeddable":true,"href":"https:\/\/www.clinicaalthea.com\/farmacia\/wp-json\/wp\/v2\/product_brand?post=2617"},{"taxonomy":"product_cat","embeddable":true,"href":"https:\/\/www.clinicaalthea.com\/farmacia\/wp-json\/wp\/v2\/product_cat?post=2617"},{"taxonomy":"product_tag","embeddable":true,"href":"https:\/\/www.clinicaalthea.com\/farmacia\/wp-json\/wp\/v2\/product_tag?post=2617"}],"curies":[{"name":"wp","href":"https:\/\/api.w.org\/{rel}","templated":true}]}}