{"id":2610,"date":"2024-04-23T18:36:59","date_gmt":"2024-04-23T17:36:59","guid":{"rendered":"https:\/\/mayoguide.org\/produkty\/?post_type=product&#038;p=2610"},"modified":"2024-04-23T18:37:52","modified_gmt":"2024-04-23T17:37:52","slug":"femmax","status":"publish","type":"product","link":"https:\/\/www.clinicaalthea.com\/farmacia\/sv\/apt\/femmax\/","title":{"rendered":"Femmax"},"content":{"rendered":"\n<p>Visste du att det finns ett naturligt <b>kosttillskott<\/b> som kan hj\u00e4lpa till att \u00f6ka libido och f\u00f6rb\u00e4ttra kvinnors sexliv? <b>Femmax<\/b> \u00e4r en innovativ produkt som skapats speciellt <b>f\u00f6r kvinnor<\/b> f\u00f6r att s\u00e4kerst\u00e4lla ett h\u00e4lsosamt och s\u00e4kert intimt liv. \u00c4r du nyfiken p\u00e5 hur <b>Femmax<\/b> ingredienser fungerar och vilka <b>f\u00f6rdelar<\/b> dess <b>anv\u00e4ndning<\/b> kan ge?<\/p>\n\n\n\n<h2 class=\"wp-block-heading\" id=\"h-sklad-femmax-naturalne-skladniki-dla-poprawy-libido-kobiet\">Femmax sammans\u00e4ttning &#8211; naturliga ingredienser f\u00f6r att f\u00f6rb\u00e4ttra kvinnors libido<\/h2>\n\n\n\n<p>Femmax \u00e4r ett <b>kosttillskott<\/b> skapat speciellt <b>f\u00f6r kvinnor<\/b>, vars <b>sammans\u00e4ttning<\/b> \u00e4r baserad p\u00e5 naturliga ingredienser med stimulerande och f\u00f6rb\u00e4ttrande sexuellt liv. F\u00f6rb\u00e4ttringen av <b>kvinnors<\/b> libido \u00e4r m\u00f6jlig tack vare noggrant utvalda ingredienser, som ger effektivt sexuellt st\u00f6d.<\/p>\n\n\n\n<p>Sammans\u00e4ttningen av Femmax inkluderar:<\/p>\n\n\n\n<ul class=\"wp-block-list\">\n<li><em>Muira puama-extrakt<\/em> &#8211; stimulerar lust och har en positiv effekt p\u00e5 kvaliteten p\u00e5 orgasmer.<\/li>\n\n\n\n<li><em>L-arginin<\/em> &#8211; \u00f6kar blodfl\u00f6det till intima omr\u00e5den, st\u00f6der kv\u00e4veoxidproduktion och \u00f6kar <b>kvinnlig libido<\/b>.<\/li>\n\n\n\n<li><em>Koreansk ginseng-extrakt<\/em> &#8211; f\u00f6rb\u00e4ttrar den \u00f6vergripande sexuella prestandan och ger energi under intimt samlag.<\/li>\n\n\n\n<li><em>Damiana \u00f6rt<\/em> &#8211; fungerar som ett naturligt afrodisiakum, minskar sp\u00e4nningar och stress, vilket st\u00f6der njutningen av samlag.<\/li>\n<\/ul>\n\n\n\n<p>Tack vare sin noggrant sammansatta komposition \u00e4r Femmax ett s\u00e4kert kosttillskott f\u00f6r kvinnor utan biverkningar. De <b>naturliga ingredienserna<\/b> verkar synergistiskt och ger tillfredsst\u00e4llande resultat f\u00f6r att f\u00f6rb\u00e4ttra libido och kvaliteten p\u00e5 sexlivet.<\/p>\n\n\n\n<h2 class=\"wp-block-heading\" id=\"h-dzialanie-femmax-jak-suplement-wplywa-na-libido-kobiet\">Effekt av Femmax &#8211; hur tillskottet p\u00e5verkar kvinnors libido<\/h2>\n\n\n\n<p>Femmax verkar p\u00e5 den kvinnliga kroppen p\u00e5 ett naturligt och s\u00e4kert s\u00e4tt och har en positiv effekt p\u00e5 libido och kvaliteten p\u00e5 det sexuella livet. Ingredienserna i Femmax stimulerar nervsystemet och f\u00f6rb\u00e4ttrar blodfl\u00f6det i det intima omr\u00e5det, vilket bidrar till \u00f6kad sexuell lust. Produkten minskar ocks\u00e5 sp\u00e4nningar och stress, vilket har en positiv effekt p\u00e5 f\u00f6rm\u00e5gan att uppleva tillfredsst\u00e4llande k\u00e4nslor under intimt samlag. Tack vare Femmax kan en kvinna k\u00e4nna st\u00f6rre sexuell tillfredsst\u00e4llelse och f\u00e5 mer sj\u00e4lvf\u00f6rtroende i den intima sf\u00e4ren.<\/p>\n\n\n\n<p>Ingredienserna i Femmax verkar synergistiskt f\u00f6r att st\u00f6dja en h\u00e4lsosam utveckling av det intima livet. Muira puama-extrakt, L-arginin, extrakt fr\u00e5n tre sorters ginseng och Damiana-\u00f6rt \u00e4r naturliga ingredienser som har en stimulerande effekt p\u00e5 nervsystemet, f\u00f6rb\u00e4ttrar blodfl\u00f6det i intima omr\u00e5den och minskar sp\u00e4nningar, vilket leder till \u00f6kad libido och sexuell tillfredsst\u00e4llelse f\u00f6r kvinnor.<\/p>\n\n\n\n<p>Femmax \u00e4r ett bepr\u00f6vat kosttillskott f\u00f6r kvinnor som inte bara \u00f6kar libido-niv\u00e5erna, utan ocks\u00e5 har en positiv effekt p\u00e5 den \u00f6vergripande kvaliteten p\u00e5 sexlivet. Med regelbunden anv\u00e4ndning av Femmax kan kvinnor uppleva st\u00f6rre sexuell tillfredsst\u00e4llelse, \u00f6kad lust till samlag och st\u00f6rre intimt sj\u00e4lvf\u00f6rtroende.<\/p>\n\n\n\n<blockquote class=\"wp-block-quote is-layout-flow wp-block-quote-is-layout-flow\">\n<p><em>&#8220;Femmax \u00e4r ett revolutionerande tillskott som verkligen fungerar! Sedan jag b\u00f6rjade anv\u00e4nda det har min libido \u00f6kat och mitt sexliv \u00e4r mycket mer tillfredsst\u00e4llande. Jag rekommenderar det till alla kvinnor!&#8221;<\/em> &#8211; Anna<\/p>\n<\/blockquote>\n\n\n\n<p>Regelbunden <b>anv\u00e4ndning av<\/b> Femmax kan ha l\u00e5ngvariga <b>f\u00f6rdelar<\/b> f\u00f6r kvinnor, s\u00e5som att f\u00f6rb\u00e4ttra kvaliteten p\u00e5 orgasmer, minska sp\u00e4nningar och stress, \u00f6ka energiniv\u00e5erna och det allm\u00e4nna v\u00e4lbefinnandet. Produkten \u00e4r s\u00e4ker och effektiv, vilket bekr\u00e4ftas av positiv <b>feedback<\/b> fr\u00e5n anv\u00e4ndarna. Tack vare Femmax kan kvinnor njuta av ett h\u00e4lsosammare och mer tillfredsst\u00e4llande sexliv.<\/p>\n\n\n\n<figure class=\"wp-block-table\"><table><tbody><tr><th>F\u00f6rdelar med anv\u00e4ndning av Femmax:<\/th><\/tr><tr><td>\u00d6kade libido-niv\u00e5er<\/td><\/tr><tr><td>F\u00f6rb\u00e4ttrad kvalitet p\u00e5 orgasmer<\/td><\/tr><tr><td>Minskning av sp\u00e4nning och stress<\/td><\/tr><tr><td>\u00d6kad sexuell tillfredsst\u00e4llelse<\/td><\/tr><tr><td>\u00d6kat intimt f\u00f6rtroende<\/td><\/tr><\/tbody><\/table><\/figure>\n\n\n\n<h2 class=\"wp-block-heading\" id=\"h-efekty-stosowania-femmax-jakie-korzysci-przynosi-suplement\">Effekter av Femmax &#8211; vilka f\u00f6rdelar tillskottet ger<\/h2>\n\n\n\n<p>Regelbunden <b>anv\u00e4ndning av<\/b> Femmax-tillskottet kan ge m\u00e5nga <b>f\u00f6rdelar<\/b> f\u00f6r kvinnor. Huvudeffekten \u00e4r en \u00f6kning av libido-niv\u00e5erna, vilket leder till st\u00f6rre tillfredsst\u00e4llelse fr\u00e5n samlag. Med Femmax k\u00e4nner en kvinna mer intresse f\u00f6r sex och en st\u00f6rre \u00f6nskan att utforska sin intimitet.<\/p>\n\n\n\n<p>Femmax har ocks\u00e5 en positiv effekt p\u00e5 kvaliteten p\u00e5 orgasmer. Tack vare detta tillskott kan en kvinna uppleva mer intensiva och tillfredsst\u00e4llande k\u00e4nslor under samlag. Att f\u00f6rb\u00e4ttra kvaliteten p\u00e5 orgasmer bidrar till \u00e4nnu st\u00f6rre njutning och upplever hela spektrumet av sexuella f\u00f6rnimmelser.<\/p>\n\n\n\n<p>Anv\u00e4ndningen av Femmax ger ocks\u00e5 k\u00e4nslom\u00e4ssiga f\u00f6rdelar. Till\u00e4gget hj\u00e4lper till att minska sp\u00e4nningar och stress i samband med intimt liv. En kvinna k\u00e4nner sig mer avslappnad och bekv\u00e4m under samlag, vilket leder till st\u00f6rre tillfredsst\u00e4llelse och njutning. Dessutom kan regelbunden anv\u00e4ndning av Femmax f\u00f6rb\u00e4ttra hum\u00f6ret, \u00f6ka det intima f\u00f6rtroendet och f\u00f6rb\u00e4ttra partnerrelationerna.<\/p>\n\n\n\n<p>Det \u00e4r v\u00e4rt att notera att <b>effekterna av<\/b> Femmax-anv\u00e4ndning \u00e4r l\u00e5ngvariga. Regelbunden och systematisk anv\u00e4ndning av tillskottet kan leda till permanenta f\u00f6r\u00e4ndringar i en kvinnas sexliv. Tack vare Femmax kan en kvinna njuta av ett fylligare, mer tillfredsst\u00e4llande intimt liv.<\/p>\n\n\n\n<h2 class=\"wp-block-heading\" id=\"h-stosowanie-i-dawkowanie-femmax-jak-stosowac-suplement\">Anv\u00e4ndning och dosering av Femmax &#8211; hur man anv\u00e4nder tillskottet<\/h2>\n\n\n\n<p>Femmax \u00e4r ett kosttillskott som finns i tablettform. Det rekommenderas att ta en tablett per dag och dricka ett glas vatten. F\u00f6r att uppn\u00e5 b\u00e4sta resultat \u00e4r det b\u00e4st att ta tabletten ungef\u00e4r en timme f\u00f6re planerat samlag. Var noga med att ta Femmax regelbundet f\u00f6r att njuta av de fulla f\u00f6rdelarna.<\/p>\n\n\n\n<p>Det \u00e4r viktigt att inte \u00f6verskrida den rekommenderade dosen av tillskottet. Innan du tar Femmax \u00e4r det alltid en bra id\u00e9 att r\u00e5dfr\u00e5ga din l\u00e4kare eller apotekspersonal, s\u00e4rskilt om du har n\u00e5gra medicinska tillst\u00e5nd eller tar andra mediciner.<\/p>\n\n\n\n<h2 class=\"wp-block-heading\" id=\"h-cena-femmax-ile-kosztuje-i-gdzie-kupic\">Femmax pris &#8211; hur mycket kostar det och var kan man k\u00f6pa?<\/h2>\n\n\n\n<p>Femmax kan k\u00f6pas fr\u00e5n tillverkarens officiella webbplats, d\u00e4r du kan vara s\u00e4ker p\u00e5 produktens originalitet. Det \u00e4r inte tillg\u00e4ngligt i station\u00e4ra apotek eller onlinebutiker. <\/p>\n\n\n\n<p><strong>Priset p\u00e5<\/strong> Femmax kan variera beroende p\u00e5 kampanj, paket och var det k\u00f6ps. Se tillverkarens officiella webbplats f\u00f6r information om aktuella kampanjer och paket.<\/p>\n\n\n\n<h2 class=\"wp-block-heading\" id=\"h-skutki-uboczne-femmax-jakie-moga-wystapic-reakcje-organizmu-na-suplement\">Femmax biverkningar &#8211; vilka kroppsreaktioner p\u00e5 till\u00e4gget kan uppst\u00e5<\/h2>\n\n\n\n<p>Femmax \u00e4r ett kosttillskott tillverkat av naturliga ingredienser. Vid den rekommenderade dosen har inga signifikanta biverkningar identifierats. Men varje kropp reagerar annorlunda, s\u00e5 det finns en m\u00f6jlighet att en individ kan uppleva individuella reaktioner p\u00e5 Femmax-ingredienser. <em>Det \u00e4r alltid tillr\u00e5dligt att konsultera din l\u00e4kare eller apotekspersonal innan du tar ett till\u00e4gg<\/em>. Om du upplever n\u00e5gra o\u00f6nskade <b>biverkningar<\/b>, sluta ta Femmax och kontakta din l\u00e4kare.<\/p>\n\n\n\n<h2 class=\"wp-block-heading\" id=\"h-przeciwwskazania-do-stosowania-femmax-kto-nie-powinien-go-stosowac\">Kontraindikationer f\u00f6r Femmax &#8211; vem ska inte anv\u00e4nda det<\/h2>\n\n\n\n<p>\u00c4ven om Femmax \u00e4r ett kosttillskott baserat p\u00e5 naturliga ingredienser, finns det n\u00e5gra <b>kontraindikationer<\/b> som b\u00f6r beaktas innan du tar detta tillskott. Innan du tar Femmax \u00e4r det v\u00e4rt att \u00f6verv\u00e4ga om du \u00e4r allergisk mot n\u00e5gon av ingredienserna i till\u00e4gget. Om du \u00e4r allergisk mot n\u00e5gon av ingredienserna i till\u00e4gget b\u00f6r du undvika att ta Femmax.<\/p>\n\n\n\n<p>Gravida och ammande kvinnor b\u00f6r ocks\u00e5 avst\u00e5 fr\u00e5n att ta Femmax utan att r\u00e5dfr\u00e5ga sin l\u00e4kare. Under dessa speciella perioder i en kvinnas liv \u00e4r det viktigt att anpassa din kost och kosttillskott till dina individuella behov och h\u00e4lsotillst\u00e5nd. R\u00e5dg\u00f6r med din l\u00e4kare f\u00f6r att ta reda p\u00e5 om Femmax \u00e4r l\u00e4mpligt f\u00f6r dig under dessa omst\u00e4ndigheter.<\/p>\n\n\n\n<p>Personer som regelbundet tar l\u00e4kemedel b\u00f6r ocks\u00e5 r\u00e5dfr\u00e5ga sin l\u00e4kare innan de b\u00f6rjar med Femmax-behandling. Vissa av ingredienserna i till\u00e4gget kan p\u00e5verka <b>effekterna av<\/b> andra mediciner, s\u00e5 det \u00e4r viktigt att f\u00e5 medicinsk r\u00e5dgivning innan du b\u00f6rjar.<\/p>\n\n\n\n<p>Det \u00e4r viktigt att komma ih\u00e5g att s\u00e4kerheten och effektiviteten hos Femmax-tillskottet endast kan garanteras om det anv\u00e4nds enligt anvisningarna och efter f\u00f6reg\u00e5ende samr\u00e5d med en l\u00e4kare. Innan du b\u00f6rjar Femmax-behandlingen \u00e4r det en bra id\u00e9 att korrekt bed\u00f6ma din h\u00e4lsa och s\u00f6ka medicinsk r\u00e5dgivning om du har n\u00e5gra problem.<\/p>\n\n\n\n<h2 class=\"wp-block-heading\" id=\"h-opinie-o-femmax-co-mowia-uzytkownicy-o-suplemencie-dla-kobiet\">Femmax recensioner &#8211; vad anv\u00e4ndare s\u00e4ger om tillskottet f\u00f6r kvinnor<\/h2>\n\n\n\n<blockquote class=\"wp-block-quote is-layout-flow wp-block-quote-is-layout-flow\">\n<p>&#8220;Jag har anv\u00e4nt Femmax i n\u00e5gra veckor och har m\u00e4rkt en betydande f\u00f6rb\u00e4ttring av min libido. Jag k\u00e4nner mig mer upphetsad och intresserad av sex. Det fungerar verkligen!&#8221;- Kasia, 35 \u00e5r<\/p>\n<\/blockquote>\n\n\n\n<blockquote class=\"wp-block-quote is-layout-flow wp-block-quote-is-layout-flow\">\n<p>&#8220;Jag var skeptisk till libidotillskott, men Femmax har visat sig vara effektivt. Min sexuella lust har \u00e5terv\u00e4nt och jag njuter nu av ett tillfredsst\u00e4llande sexliv&#8221;- Anna, 42 \u00e5r<\/p>\n<\/blockquote>\n\n\n\n<p><strong>Anv\u00e4ndarnas \u00e5sikter<\/strong> kan variera, s\u00e5 det \u00e4r alltid v\u00e4rt att l\u00e4sa olika <strong>recensioner<\/strong> och konsultera andra personer som har anv\u00e4nt Femmax.<\/p>\n","protected":false},"excerpt":{"rendered":"<p><strong>310.00 kr<\/strong><\/p>\n<p><del>620.00 kr<\/del><\/p>\n<p><strong>[date_countdown]<\/strong><\/p>\n","protected":false},"featured_media":2599,"comment_status":"open","ping_status":"closed","template":"","meta":{"neve_meta_sidebar":"","neve_meta_container":"","neve_meta_enable_content_width":"","neve_meta_content_width":0,"neve_meta_title_alignment":"","neve_meta_author_avatar":"","neve_post_elements_order":"","neve_meta_disable_header":"","neve_meta_disable_footer":"","neve_meta_disable_title":"","neve_meta_reading_time":""},"product_brand":[],"product_cat":[413],"product_tag":[],"class_list":{"0":"post-2610","1":"product","2":"type-product","3":"status-publish","4":"has-post-thumbnail","6":"product_cat-sexuell-halsa","8":"first","9":"instock","10":"shipping-taxable","11":"product-type-external"},"yoast_head":"<!-- This site is optimized with the Yoast SEO plugin v27.4 - https:\/\/yoast.com\/product\/yoast-seo-wordpress\/ -->\n<title>Femmax - Clinica Althea<\/title>\n<meta name=\"robots\" content=\"index, follow, max-snippet:-1, max-image-preview:large, max-video-preview:-1\" \/>\n<link rel=\"canonical\" href=\"https:\/\/www.clinicaalthea.com\/farmacia\/sv\/apt\/femmax\/\" \/>\n<meta property=\"og:locale\" content=\"pl_PL\" \/>\n<meta property=\"og:type\" content=\"article\" \/>\n<meta property=\"og:title\" content=\"Femmax - Clinica Althea\" \/>\n<meta property=\"og:description\" content=\"310.00 kr 620.00 kr\" \/>\n<meta property=\"og:url\" content=\"https:\/\/www.clinicaalthea.com\/farmacia\/sv\/apt\/femmax\/\" \/>\n<meta property=\"og:site_name\" content=\"Clinica Althea\" \/>\n<meta property=\"article:modified_time\" content=\"2024-04-23T17:37:52+00:00\" \/>\n<meta property=\"og:image\" content=\"https:\/\/www.clinicaalthea.com\/farmacia\/wp-content\/uploads\/2024\/04\/Femmax.jpg\" \/>\n\t<meta property=\"og:image:width\" content=\"768\" \/>\n\t<meta property=\"og:image:height\" content=\"768\" \/>\n\t<meta property=\"og:image:type\" content=\"image\/jpeg\" \/>\n<meta name=\"twitter:card\" content=\"summary_large_image\" \/>\n<meta name=\"twitter:label1\" content=\"Szacowany czas czytania\" \/>\n\t<meta name=\"twitter:data1\" content=\"7 minut\" \/>\n<script type=\"application\/ld+json\" class=\"yoast-schema-graph\">{\"@context\":\"https:\\\/\\\/schema.org\",\"@graph\":[{\"@type\":\"WebPage\",\"@id\":\"https:\\\/\\\/www.clinicaalthea.com\\\/farmacia\\\/sv\\\/apt\\\/femmax\\\/\",\"url\":\"https:\\\/\\\/www.clinicaalthea.com\\\/farmacia\\\/sv\\\/apt\\\/femmax\\\/\",\"name\":\"Femmax - Clinica Althea\",\"isPartOf\":{\"@id\":\"https:\\\/\\\/www.clinicaalthea.com\\\/farmacia\\\/#website\"},\"primaryImageOfPage\":{\"@id\":\"https:\\\/\\\/www.clinicaalthea.com\\\/farmacia\\\/sv\\\/apt\\\/femmax\\\/#primaryimage\"},\"image\":{\"@id\":\"https:\\\/\\\/www.clinicaalthea.com\\\/farmacia\\\/sv\\\/apt\\\/femmax\\\/#primaryimage\"},\"thumbnailUrl\":\"https:\\\/\\\/www.clinicaalthea.com\\\/farmacia\\\/wp-content\\\/uploads\\\/2024\\\/04\\\/Femmax.jpg\",\"datePublished\":\"2024-04-23T17:36:59+00:00\",\"dateModified\":\"2024-04-23T17:37:52+00:00\",\"breadcrumb\":{\"@id\":\"https:\\\/\\\/www.clinicaalthea.com\\\/farmacia\\\/sv\\\/apt\\\/femmax\\\/#breadcrumb\"},\"inLanguage\":\"pl-PL\",\"potentialAction\":[{\"@type\":\"ReadAction\",\"target\":[\"https:\\\/\\\/www.clinicaalthea.com\\\/farmacia\\\/sv\\\/apt\\\/femmax\\\/\"]}]},{\"@type\":\"ImageObject\",\"inLanguage\":\"pl-PL\",\"@id\":\"https:\\\/\\\/www.clinicaalthea.com\\\/farmacia\\\/sv\\\/apt\\\/femmax\\\/#primaryimage\",\"url\":\"https:\\\/\\\/www.clinicaalthea.com\\\/farmacia\\\/wp-content\\\/uploads\\\/2024\\\/04\\\/Femmax.jpg\",\"contentUrl\":\"https:\\\/\\\/www.clinicaalthea.com\\\/farmacia\\\/wp-content\\\/uploads\\\/2024\\\/04\\\/Femmax.jpg\",\"width\":768,\"height\":768,\"caption\":\"Femmax\"},{\"@type\":\"BreadcrumbList\",\"@id\":\"https:\\\/\\\/www.clinicaalthea.com\\\/farmacia\\\/sv\\\/apt\\\/femmax\\\/#breadcrumb\",\"itemListElement\":[{\"@type\":\"ListItem\",\"position\":1,\"name\":\"Strona g\u0142\u00f3wna\",\"item\":\"https:\\\/\\\/www.clinicaalthea.com\\\/farmacia\\\/\"},{\"@type\":\"ListItem\",\"position\":2,\"name\":\"Produkty\",\"item\":\"https:\\\/\\\/www.clinicaalthea.com\\\/farmacia\\\/\"},{\"@type\":\"ListItem\",\"position\":3,\"name\":\"Femmax\"}]},{\"@type\":\"WebSite\",\"@id\":\"https:\\\/\\\/www.clinicaalthea.com\\\/farmacia\\\/#website\",\"url\":\"https:\\\/\\\/www.clinicaalthea.com\\\/farmacia\\\/\",\"name\":\"Clinica Althea\",\"description\":\"\",\"publisher\":{\"@id\":\"https:\\\/\\\/www.clinicaalthea.com\\\/farmacia\\\/#organization\"},\"potentialAction\":[{\"@type\":\"SearchAction\",\"target\":{\"@type\":\"EntryPoint\",\"urlTemplate\":\"https:\\\/\\\/www.clinicaalthea.com\\\/farmacia\\\/?s={search_term_string}\"},\"query-input\":{\"@type\":\"PropertyValueSpecification\",\"valueRequired\":true,\"valueName\":\"search_term_string\"}}],\"inLanguage\":\"pl-PL\"},{\"@type\":\"Organization\",\"@id\":\"https:\\\/\\\/www.clinicaalthea.com\\\/farmacia\\\/#organization\",\"name\":\"Clinica Althea\",\"url\":\"https:\\\/\\\/www.clinicaalthea.com\\\/farmacia\\\/\",\"logo\":{\"@type\":\"ImageObject\",\"inLanguage\":\"pl-PL\",\"@id\":\"https:\\\/\\\/www.clinicaalthea.com\\\/farmacia\\\/#\\\/schema\\\/logo\\\/image\\\/\",\"url\":\"https:\\\/\\\/www.clinicaalthea.com\\\/farmacia\\\/wp-content\\\/uploads\\\/2023\\\/12\\\/Jak-diagnozuje-sie-FAS_-objawy-kryteria-diagnostyczne-i-metody-diagnozowania-154162903.jpg\",\"contentUrl\":\"https:\\\/\\\/www.clinicaalthea.com\\\/farmacia\\\/wp-content\\\/uploads\\\/2023\\\/12\\\/Jak-diagnozuje-sie-FAS_-objawy-kryteria-diagnostyczne-i-metody-diagnozowania-154162903.jpg\",\"width\":1216,\"height\":832,\"caption\":\"Clinica Althea\"},\"image\":{\"@id\":\"https:\\\/\\\/www.clinicaalthea.com\\\/farmacia\\\/#\\\/schema\\\/logo\\\/image\\\/\"}}]}<\/script>\n<!-- \/ Yoast SEO plugin. -->","yoast_head_json":{"title":"Femmax - Clinica Althea","robots":{"index":"index","follow":"follow","max-snippet":"max-snippet:-1","max-image-preview":"max-image-preview:large","max-video-preview":"max-video-preview:-1"},"canonical":"https:\/\/www.clinicaalthea.com\/farmacia\/sv\/apt\/femmax\/","og_locale":"pl_PL","og_type":"article","og_title":"Femmax - Clinica Althea","og_description":"310.00 kr 620.00 kr","og_url":"https:\/\/www.clinicaalthea.com\/farmacia\/sv\/apt\/femmax\/","og_site_name":"Clinica Althea","article_modified_time":"2024-04-23T17:37:52+00:00","og_image":[{"width":768,"height":768,"url":"https:\/\/www.clinicaalthea.com\/farmacia\/wp-content\/uploads\/2024\/04\/Femmax.jpg","type":"image\/jpeg"}],"twitter_card":"summary_large_image","twitter_misc":{"Szacowany czas czytania":"7 minut"},"schema":{"@context":"https:\/\/schema.org","@graph":[{"@type":"WebPage","@id":"https:\/\/www.clinicaalthea.com\/farmacia\/sv\/apt\/femmax\/","url":"https:\/\/www.clinicaalthea.com\/farmacia\/sv\/apt\/femmax\/","name":"Femmax - Clinica Althea","isPartOf":{"@id":"https:\/\/www.clinicaalthea.com\/farmacia\/#website"},"primaryImageOfPage":{"@id":"https:\/\/www.clinicaalthea.com\/farmacia\/sv\/apt\/femmax\/#primaryimage"},"image":{"@id":"https:\/\/www.clinicaalthea.com\/farmacia\/sv\/apt\/femmax\/#primaryimage"},"thumbnailUrl":"https:\/\/www.clinicaalthea.com\/farmacia\/wp-content\/uploads\/2024\/04\/Femmax.jpg","datePublished":"2024-04-23T17:36:59+00:00","dateModified":"2024-04-23T17:37:52+00:00","breadcrumb":{"@id":"https:\/\/www.clinicaalthea.com\/farmacia\/sv\/apt\/femmax\/#breadcrumb"},"inLanguage":"pl-PL","potentialAction":[{"@type":"ReadAction","target":["https:\/\/www.clinicaalthea.com\/farmacia\/sv\/apt\/femmax\/"]}]},{"@type":"ImageObject","inLanguage":"pl-PL","@id":"https:\/\/www.clinicaalthea.com\/farmacia\/sv\/apt\/femmax\/#primaryimage","url":"https:\/\/www.clinicaalthea.com\/farmacia\/wp-content\/uploads\/2024\/04\/Femmax.jpg","contentUrl":"https:\/\/www.clinicaalthea.com\/farmacia\/wp-content\/uploads\/2024\/04\/Femmax.jpg","width":768,"height":768,"caption":"Femmax"},{"@type":"BreadcrumbList","@id":"https:\/\/www.clinicaalthea.com\/farmacia\/sv\/apt\/femmax\/#breadcrumb","itemListElement":[{"@type":"ListItem","position":1,"name":"Strona g\u0142\u00f3wna","item":"https:\/\/www.clinicaalthea.com\/farmacia\/"},{"@type":"ListItem","position":2,"name":"Produkty","item":"https:\/\/www.clinicaalthea.com\/farmacia\/"},{"@type":"ListItem","position":3,"name":"Femmax"}]},{"@type":"WebSite","@id":"https:\/\/www.clinicaalthea.com\/farmacia\/#website","url":"https:\/\/www.clinicaalthea.com\/farmacia\/","name":"Clinica Althea","description":"","publisher":{"@id":"https:\/\/www.clinicaalthea.com\/farmacia\/#organization"},"potentialAction":[{"@type":"SearchAction","target":{"@type":"EntryPoint","urlTemplate":"https:\/\/www.clinicaalthea.com\/farmacia\/?s={search_term_string}"},"query-input":{"@type":"PropertyValueSpecification","valueRequired":true,"valueName":"search_term_string"}}],"inLanguage":"pl-PL"},{"@type":"Organization","@id":"https:\/\/www.clinicaalthea.com\/farmacia\/#organization","name":"Clinica Althea","url":"https:\/\/www.clinicaalthea.com\/farmacia\/","logo":{"@type":"ImageObject","inLanguage":"pl-PL","@id":"https:\/\/www.clinicaalthea.com\/farmacia\/#\/schema\/logo\/image\/","url":"https:\/\/www.clinicaalthea.com\/farmacia\/wp-content\/uploads\/2023\/12\/Jak-diagnozuje-sie-FAS_-objawy-kryteria-diagnostyczne-i-metody-diagnozowania-154162903.jpg","contentUrl":"https:\/\/www.clinicaalthea.com\/farmacia\/wp-content\/uploads\/2023\/12\/Jak-diagnozuje-sie-FAS_-objawy-kryteria-diagnostyczne-i-metody-diagnozowania-154162903.jpg","width":1216,"height":832,"caption":"Clinica Althea"},"image":{"@id":"https:\/\/www.clinicaalthea.com\/farmacia\/#\/schema\/logo\/image\/"}}]}},"lang":"sv","translations":{"sv":2610,"cs":2600,"pl":2598,"fi":2601,"fr":2602,"es":2603,"nl":2604,"lv":2605,"lt":2606,"de":2607,"pt":2608,"sk":2609,"it":2611},"pll_sync_post":[],"_links":{"self":[{"href":"https:\/\/www.clinicaalthea.com\/farmacia\/wp-json\/wp\/v2\/product\/2610","targetHints":{"allow":["GET"]}}],"collection":[{"href":"https:\/\/www.clinicaalthea.com\/farmacia\/wp-json\/wp\/v2\/product"}],"about":[{"href":"https:\/\/www.clinicaalthea.com\/farmacia\/wp-json\/wp\/v2\/types\/product"}],"replies":[{"embeddable":true,"href":"https:\/\/www.clinicaalthea.com\/farmacia\/wp-json\/wp\/v2\/comments?post=2610"}],"wp:featuredmedia":[{"embeddable":true,"href":"https:\/\/www.clinicaalthea.com\/farmacia\/wp-json\/wp\/v2\/media\/2599"}],"wp:attachment":[{"href":"https:\/\/www.clinicaalthea.com\/farmacia\/wp-json\/wp\/v2\/media?parent=2610"}],"wp:term":[{"taxonomy":"product_brand","embeddable":true,"href":"https:\/\/www.clinicaalthea.com\/farmacia\/wp-json\/wp\/v2\/product_brand?post=2610"},{"taxonomy":"product_cat","embeddable":true,"href":"https:\/\/www.clinicaalthea.com\/farmacia\/wp-json\/wp\/v2\/product_cat?post=2610"},{"taxonomy":"product_tag","embeddable":true,"href":"https:\/\/www.clinicaalthea.com\/farmacia\/wp-json\/wp\/v2\/product_tag?post=2610"}],"curies":[{"name":"wp","href":"https:\/\/api.w.org\/{rel}","templated":true}]}}