{"id":2608,"date":"2024-04-23T18:34:53","date_gmt":"2024-04-23T17:34:53","guid":{"rendered":"https:\/\/mayoguide.org\/produkty\/?post_type=product&#038;p=2608"},"modified":"2024-04-23T18:37:52","modified_gmt":"2024-04-23T17:37:52","slug":"femmax","status":"publish","type":"product","link":"https:\/\/www.clinicaalthea.com\/farmacia\/pt\/apt\/femmax\/","title":{"rendered":"Femmax"},"content":{"rendered":"\n<p>Sabia que existe um <b>suplemento diet\u00e9tico<\/b> natural que pode ajudar a aumentar a libido e a melhorar a vida sexual das mulheres? <b>Femmax<\/b> \u00e9 um produto inovador criado especificamente <b>para as mulheres<\/b> para garantir uma vida \u00edntima saud\u00e1vel e segura. Tem curiosidade em saber como funcionam os ingredientes <b>do Femmax<\/b> e quais <b>os benef\u00edcios<\/b> que a sua <b>utiliza\u00e7\u00e3o<\/b> pode trazer?<\/p>\n\n\n\n<h2 class=\"wp-block-heading\" id=\"h-sklad-femmax-naturalne-skladniki-dla-poprawy-libido-kobiet\">Composi\u00e7\u00e3o do Femmax &#8211; ingredientes naturais para melhorar a libido feminina<\/h2>\n\n\n\n<p>Femmax \u00e9 um <b>suplemento diet\u00e9tico<\/b> criado especialmente <b>para mulheres<\/b>, cuja <b>composi\u00e7\u00e3o<\/b> \u00e9 baseada em ingredientes naturais com estimulantes e melhorando a vida sexual. A melhoria da libido <b>feminina<\/b> \u00e9 poss\u00edvel gra\u00e7as a ingredientes cuidadosamente seleccionados, que proporcionam um apoio sexual eficaz.<\/p>\n\n\n\n<p>A composi\u00e7\u00e3o do Femmax inclui:<\/p>\n\n\n\n<ul class=\"wp-block-list\">\n<li><em>Extrato de Muira puama<\/em> &#8211; estimula o desejo e tem um efeito positivo na qualidade dos orgasmos.<\/li>\n\n\n\n<li><em>L-Arginina<\/em> &#8211; aumenta o fluxo sangu\u00edneo para as zonas \u00edntimas, apoiando a produ\u00e7\u00e3o de \u00f3xido n\u00edtrico e aumentando a <b>libido feminina<\/b>.<\/li>\n\n\n\n<li><em>Extrato de ginseng coreano<\/em> &#8211; melhora o desempenho sexual geral e acrescenta energia durante as rela\u00e7\u00f5es \u00edntimas.<\/li>\n\n\n\n<li><em>Erva Damiana<\/em> &#8211; actua como um afrodis\u00edaco natural, reduz a tens\u00e3o e o stress, apoiando o prazer da rela\u00e7\u00e3o sexual.<\/li>\n<\/ul>\n\n\n\n<p>Gra\u00e7as \u00e0 sua composi\u00e7\u00e3o cuidada, Femmax \u00e9 um suplemento alimentar seguro para mulheres, sem efeitos secund\u00e1rios. <b>Os ingredientes naturais<\/b> actuam em sinergia, proporcionando resultados satisfat\u00f3rios na melhoria da libido e da qualidade da vida sexual.<\/p>\n\n\n\n<h2 class=\"wp-block-heading\" id=\"h-dzialanie-femmax-jak-suplement-wplywa-na-libido-kobiet\">Efeito do Femmax &#8211; como o suplemento afecta a libido feminina<\/h2>\n\n\n\n<p>O Femmax actua no corpo feminino de uma forma natural e segura, tendo um efeito positivo na libido e na qualidade da vida sexual. Os ingredientes do Femmax estimulam o sistema nervoso e melhoram o fluxo sangu\u00edneo na zona \u00edntima, o que contribui para o aumento do desejo sexual. O produto tamb\u00e9m reduz a tens\u00e3o e o stress, o que tem um efeito positivo na capacidade de experimentar sensa\u00e7\u00f5es satisfat\u00f3rias durante a rela\u00e7\u00e3o sexual \u00edntima. Gra\u00e7as ao Femmax, a mulher pode sentir uma maior satisfa\u00e7\u00e3o sexual e ganhar mais auto-confian\u00e7a na esfera \u00edntima.<\/p>\n\n\n\n<p>Os ingredientes do Femmax actuam em sinergia para apoiar o desenvolvimento saud\u00e1vel da vida \u00edntima. O extrato de Muira puama, a L-Arginina, o extrato de tr\u00eas variedades de ginseng e a erva Damiana s\u00e3o ingredientes naturais que t\u00eam um efeito estimulante no sistema nervoso, melhoram o fluxo sangu\u00edneo nas zonas \u00edntimas e reduzem a tens\u00e3o, o que se traduz num aumento da libido e da satisfa\u00e7\u00e3o sexual das mulheres.<\/p>\n\n\n\n<p>Femmax \u00e9 um suplemento diet\u00e9tico comprovado para mulheres que n\u00e3o s\u00f3 aumenta os n\u00edveis de libido, mas tamb\u00e9m tem um efeito positivo na qualidade geral da vida sexual. Com o uso regular de Femmax, as mulheres podem experimentar maior satisfa\u00e7\u00e3o sexual, maior desejo de ter rela\u00e7\u00f5es sexuais e maior confian\u00e7a \u00edntima.<\/p>\n\n\n\n<blockquote class=\"wp-block-quote is-layout-flow wp-block-quote-is-layout-flow\">\n<p><em>&#8220;O Femmax \u00e9 um suplemento revolucion\u00e1rio que funciona mesmo! Desde que comecei a us\u00e1-lo, a minha libido aumentou e a minha vida sexual \u00e9 muito mais satisfat\u00f3ria. Recomendo-o a todas as mulheres!&#8221;<\/em> &#8211; Anna<\/p>\n<\/blockquote>\n\n\n\n<p><b>O uso<\/b> regular <b>de<\/b> Femmax pode ter <b>benef\u00edcios<\/b> duradouros para as mulheres, como melhorar a qualidade dos orgasmos, reduzir a tens\u00e3o e o stress, aumentar os n\u00edveis de energia e o bem-estar geral. O produto \u00e9 seguro e eficaz, como confirmado pelos <b>coment\u00e1rios<\/b> positivos dos utilizadores. Gra\u00e7as ao Femmax, as mulheres podem desfrutar de uma vida sexual mais saud\u00e1vel e mais satisfat\u00f3ria.<\/p>\n\n\n\n<figure class=\"wp-block-table\"><table><tbody><tr><th>Benef\u00edcios do uso de Femmax:<\/th><\/tr><tr><td>Aumento dos n\u00edveis de libido<\/td><\/tr><tr><td>Melhoria da qualidade dos orgasmos<\/td><\/tr><tr><td>Redu\u00e7\u00e3o da tens\u00e3o e do stress<\/td><\/tr><tr><td>Aumento da satisfa\u00e7\u00e3o sexual<\/td><\/tr><tr><td>Aumento da confian\u00e7a \u00edntima<\/td><\/tr><\/tbody><\/table><\/figure>\n\n\n\n<h2 class=\"wp-block-heading\" id=\"h-efekty-stosowania-femmax-jakie-korzysci-przynosi-suplement\">Efeitos do Femmax &#8211; que benef\u00edcios traz o suplemento<\/h2>\n\n\n\n<p><b>O uso<\/b> regular <b>do<\/b> suplemento Femmax pode trazer muitos <b>benef\u00edcios<\/b> para as mulheres. O principal efeito \u00e9 um aumento dos n\u00edveis de libido, o que leva a uma maior satisfa\u00e7\u00e3o nas rela\u00e7\u00f5es sexuais. Com Femmax, a mulher sente mais interesse pelo sexo e um maior desejo de explorar a sua intimidade.<\/p>\n\n\n\n<p>O Femmax tamb\u00e9m tem um efeito positivo na qualidade dos orgasmos. Gra\u00e7as a este suplemento, a mulher pode experimentar sensa\u00e7\u00f5es mais intensas e satisfat\u00f3rias durante o ato sexual. Melhorar a qualidade dos orgasmos contribui para um prazer ainda maior e para experimentar todo o espetro de sensa\u00e7\u00f5es sexuais.<\/p>\n\n\n\n<p>O uso de Femmax tamb\u00e9m traz benef\u00edcios emocionais. O suplemento ajuda a reduzir a tens\u00e3o e o stress associados \u00e0 vida \u00edntima. A mulher sente-se mais relaxada e confort\u00e1vel durante o ato sexual, o que se traduz numa maior satisfa\u00e7\u00e3o e prazer. Al\u00e9m disso, o uso regular de Femmax pode melhorar o humor, aumentar a confian\u00e7a \u00edntima e melhorar as rela\u00e7\u00f5es com o parceiro.<\/p>\n\n\n\n<p>Vale a pena notar que os <b>efeitos do<\/b> uso de Femmax s\u00e3o duradouros. O uso regular e sistem\u00e1tico do suplemento pode levar a mudan\u00e7as permanentes na vida sexual de uma mulher. Gra\u00e7as ao Femmax, uma mulher pode desfrutar de uma vida \u00edntima mais plena e satisfat\u00f3ria.<\/p>\n\n\n\n<h2 class=\"wp-block-heading\" id=\"h-stosowanie-i-dawkowanie-femmax-jak-stosowac-suplement\">Utiliza\u00e7\u00e3o e dosagem de Femmax &#8211; como utilizar o suplemento<\/h2>\n\n\n\n<p>O Femmax \u00e9 um suplemento alimentar dispon\u00edvel em forma de comprimido. Recomenda-se a toma de um comprimido por dia, bebendo um copo de \u00e1gua. Para obter os melhores resultados, \u00e9 melhor tomar o comprimido aproximadamente uma hora antes da rela\u00e7\u00e3o sexual planeada. N\u00e3o se esque\u00e7a de tomar Femmax regularmente para usufruir de todos os seus benef\u00edcios.<\/p>\n\n\n\n<p>\u00c9 importante n\u00e3o exceder a dose recomendada do suplemento. Antes de tomar Femmax, \u00e9 sempre uma boa ideia consultar o seu m\u00e9dico ou farmac\u00eautico, especialmente se tiver alguma condi\u00e7\u00e3o m\u00e9dica ou estiver a tomar outros medicamentos.<\/p>\n\n\n\n<h2 class=\"wp-block-heading\" id=\"h-cena-femmax-ile-kosztuje-i-gdzie-kupic\">Pre\u00e7o do Femmax &#8211; quanto custa e onde comprar?<\/h2>\n\n\n\n<p>O Femmax pode ser comprado no site oficial do fabricante, onde pode ter a certeza da originalidade do produto. N\u00e3o est\u00e1 dispon\u00edvel em farm\u00e1cias ou lojas online. <\/p>\n\n\n\n<p>O<strong>pre\u00e7o do<\/strong> Femmax pode variar consoante a promo\u00e7\u00e3o, a embalagem e o local de compra. Por favor, consulte o site oficial do fabricante para obter informa\u00e7\u00f5es sobre as promo\u00e7\u00f5es e pacotes actuais.<\/p>\n\n\n\n<h2 class=\"wp-block-heading\" id=\"h-skutki-uboczne-femmax-jakie-moga-wystapic-reakcje-organizmu-na-suplement\">Efeitos secund\u00e1rios do Femmax &#8211; que reac\u00e7\u00f5es corporais ao suplemento podem ocorrer<\/h2>\n\n\n\n<p>O Femmax \u00e9 um suplemento alimentar feito de ingredientes naturais. Na dosagem recomendada, n\u00e3o foram identificados efeitos secund\u00e1rios significativos. No entanto, cada organismo reage de forma diferente, pelo que existe a possibilidade de um indiv\u00edduo poder ter reac\u00e7\u00f5es individuais aos ingredientes do Femmax. <em>\u00c9 sempre aconselh\u00e1vel consultar o seu m\u00e9dico ou farmac\u00eautico antes de tomar um suplemento<\/em>. Se sentir quaisquer <b>efeitos<\/b> secund\u00e1rios indesej\u00e1veis, pare de tomar Femmax e consulte o seu m\u00e9dico.<\/p>\n\n\n\n<h2 class=\"wp-block-heading\" id=\"h-przeciwwskazania-do-stosowania-femmax-kto-nie-powinien-go-stosowac\">Contra-indica\u00e7\u00f5es do Femmax &#8211; quem n\u00e3o o deve utilizar<\/h2>\n\n\n\n<p>Embora o Femmax seja um suplemento alimentar \u00e0 base de ingredientes naturais, existem algumas <b>contra-indica\u00e7\u00f5es<\/b> que devem ser tidas em conta antes de tomar este suplemento. Antes de tomar Femmax, vale a pena considerar se \u00e9 al\u00e9rgica a algum dos ingredientes do suplemento. Se fores al\u00e9rgica a algum dos ingredientes do suplemento, deves evitar tomar Femmax.<\/p>\n\n\n\n<p>As mulheres gr\u00e1vidas e a amamentar devem tamb\u00e9m abster-se de tomar Femmax sem consultar o seu m\u00e9dico. Durante estes per\u00edodos especiais da vida de uma mulher, \u00e9 importante adaptar a sua dieta e suplementa\u00e7\u00e3o \u00e0s suas necessidades individuais e condi\u00e7\u00f5es de sa\u00fade. Consulte o seu m\u00e9dico para saber se o Femmax \u00e9 adequado para si nestas circunst\u00e2ncias.<\/p>\n\n\n\n<p>As pessoas que tomam medicamentos regularmente tamb\u00e9m devem consultar o seu m\u00e9dico antes de iniciar o tratamento com Femmax. Alguns dos ingredientes do suplemento podem afetar <b>os efeitos de<\/b> outros medicamentos, por isso \u00e9 importante obter aconselhamento m\u00e9dico antes de come\u00e7ar.<\/p>\n\n\n\n<p>\u00c9 importante lembrar que a seguran\u00e7a e a efic\u00e1cia do suplemento Femmax s\u00f3 podem ser garantidas se for utilizado de acordo com as instru\u00e7\u00f5es e ap\u00f3s consulta pr\u00e9via com um m\u00e9dico. Antes de iniciar o tratamento com Femmax, \u00e9 uma boa ideia avaliar corretamente a sua sa\u00fade e procurar aconselhamento m\u00e9dico se tiver alguma preocupa\u00e7\u00e3o.<\/p>\n\n\n\n<h2 class=\"wp-block-heading\" id=\"h-opinie-o-femmax-co-mowia-uzytkownicy-o-suplemencie-dla-kobiet\">Avalia\u00e7\u00f5es do Femmax &#8211; o que os utilizadores dizem sobre o suplemento feminino<\/h2>\n\n\n\n<blockquote class=\"wp-block-quote is-layout-flow wp-block-quote-is-layout-flow\">\n<p>&#8220;Estou a usar o Femmax h\u00e1 algumas semanas e notei uma melhoria significativa na minha libido. Sinto-me mais excitada e interessada em sexo. Funciona mesmo!&#8221;- Kasia, 35 anos<\/p>\n<\/blockquote>\n\n\n\n<blockquote class=\"wp-block-quote is-layout-flow wp-block-quote-is-layout-flow\">\n<p>&#8220;Estava c\u00e9tica em rela\u00e7\u00e3o aos suplementos para a libido, mas o Femmax provou ser eficaz. O meu desejo sexual regressou e tenho agora uma vida sexual satisfat\u00f3ria&#8221;- Anna, 42 anos<\/p>\n<\/blockquote>\n\n\n\n<p><strong>As opini\u00f5es dos utilizadores<\/strong> podem variar, pelo que vale sempre a pena ler diferentes <strong>opini\u00f5es<\/strong> e consultar outras pessoas que tenham utilizado o Femmax.<\/p>\n","protected":false},"excerpt":{"rendered":"<p><strong>39.00 \u20ac<\/strong><\/p>\n<p><del>78.00 \u20ac<\/del><\/p>\n<p><strong>[date_countdown]<\/strong><\/p>\n","protected":false},"featured_media":2599,"comment_status":"open","ping_status":"closed","template":"","meta":{"neve_meta_sidebar":"","neve_meta_container":"","neve_meta_enable_content_width":"","neve_meta_content_width":0,"neve_meta_title_alignment":"","neve_meta_author_avatar":"","neve_post_elements_order":"","neve_meta_disable_header":"","neve_meta_disable_footer":"","neve_meta_disable_title":"","neve_meta_reading_time":""},"product_brand":[],"product_cat":[383],"product_tag":[],"class_list":{"0":"post-2608","1":"product","2":"type-product","3":"status-publish","4":"has-post-thumbnail","6":"product_cat-saude-sexual","8":"first","9":"instock","10":"shipping-taxable","11":"product-type-external"},"yoast_head":"<!-- This site is optimized with the Yoast SEO plugin v27.4 - https:\/\/yoast.com\/product\/yoast-seo-wordpress\/ -->\n<title>Femmax - Clinica Althea<\/title>\n<meta name=\"robots\" content=\"index, follow, max-snippet:-1, max-image-preview:large, max-video-preview:-1\" \/>\n<link rel=\"canonical\" href=\"https:\/\/www.clinicaalthea.com\/farmacia\/pt\/apt\/femmax\/\" \/>\n<meta property=\"og:locale\" content=\"pl_PL\" \/>\n<meta property=\"og:type\" content=\"article\" \/>\n<meta property=\"og:title\" content=\"Femmax - Clinica Althea\" \/>\n<meta property=\"og:description\" content=\"39.00 \u20ac 78.00 \u20ac\" \/>\n<meta property=\"og:url\" content=\"https:\/\/www.clinicaalthea.com\/farmacia\/pt\/apt\/femmax\/\" \/>\n<meta property=\"og:site_name\" content=\"Clinica Althea\" \/>\n<meta property=\"article:modified_time\" content=\"2024-04-23T17:37:52+00:00\" \/>\n<meta property=\"og:image\" content=\"https:\/\/www.clinicaalthea.com\/farmacia\/wp-content\/uploads\/2024\/04\/Femmax.jpg\" \/>\n\t<meta property=\"og:image:width\" content=\"768\" \/>\n\t<meta property=\"og:image:height\" content=\"768\" \/>\n\t<meta property=\"og:image:type\" content=\"image\/jpeg\" \/>\n<meta name=\"twitter:card\" content=\"summary_large_image\" \/>\n<meta name=\"twitter:label1\" content=\"Szacowany czas czytania\" \/>\n\t<meta name=\"twitter:data1\" content=\"8 minut\" \/>\n<script type=\"application\/ld+json\" class=\"yoast-schema-graph\">{\"@context\":\"https:\\\/\\\/schema.org\",\"@graph\":[{\"@type\":\"WebPage\",\"@id\":\"https:\\\/\\\/www.clinicaalthea.com\\\/farmacia\\\/pt\\\/apt\\\/femmax\\\/\",\"url\":\"https:\\\/\\\/www.clinicaalthea.com\\\/farmacia\\\/pt\\\/apt\\\/femmax\\\/\",\"name\":\"Femmax - Clinica Althea\",\"isPartOf\":{\"@id\":\"https:\\\/\\\/www.clinicaalthea.com\\\/farmacia\\\/#website\"},\"primaryImageOfPage\":{\"@id\":\"https:\\\/\\\/www.clinicaalthea.com\\\/farmacia\\\/pt\\\/apt\\\/femmax\\\/#primaryimage\"},\"image\":{\"@id\":\"https:\\\/\\\/www.clinicaalthea.com\\\/farmacia\\\/pt\\\/apt\\\/femmax\\\/#primaryimage\"},\"thumbnailUrl\":\"https:\\\/\\\/www.clinicaalthea.com\\\/farmacia\\\/wp-content\\\/uploads\\\/2024\\\/04\\\/Femmax.jpg\",\"datePublished\":\"2024-04-23T17:34:53+00:00\",\"dateModified\":\"2024-04-23T17:37:52+00:00\",\"breadcrumb\":{\"@id\":\"https:\\\/\\\/www.clinicaalthea.com\\\/farmacia\\\/pt\\\/apt\\\/femmax\\\/#breadcrumb\"},\"inLanguage\":\"pl-PL\",\"potentialAction\":[{\"@type\":\"ReadAction\",\"target\":[\"https:\\\/\\\/www.clinicaalthea.com\\\/farmacia\\\/pt\\\/apt\\\/femmax\\\/\"]}]},{\"@type\":\"ImageObject\",\"inLanguage\":\"pl-PL\",\"@id\":\"https:\\\/\\\/www.clinicaalthea.com\\\/farmacia\\\/pt\\\/apt\\\/femmax\\\/#primaryimage\",\"url\":\"https:\\\/\\\/www.clinicaalthea.com\\\/farmacia\\\/wp-content\\\/uploads\\\/2024\\\/04\\\/Femmax.jpg\",\"contentUrl\":\"https:\\\/\\\/www.clinicaalthea.com\\\/farmacia\\\/wp-content\\\/uploads\\\/2024\\\/04\\\/Femmax.jpg\",\"width\":768,\"height\":768,\"caption\":\"Femmax\"},{\"@type\":\"BreadcrumbList\",\"@id\":\"https:\\\/\\\/www.clinicaalthea.com\\\/farmacia\\\/pt\\\/apt\\\/femmax\\\/#breadcrumb\",\"itemListElement\":[{\"@type\":\"ListItem\",\"position\":1,\"name\":\"Strona g\u0142\u00f3wna\",\"item\":\"https:\\\/\\\/www.clinicaalthea.com\\\/farmacia\\\/\"},{\"@type\":\"ListItem\",\"position\":2,\"name\":\"Produkty\",\"item\":\"https:\\\/\\\/www.clinicaalthea.com\\\/farmacia\\\/\"},{\"@type\":\"ListItem\",\"position\":3,\"name\":\"Femmax\"}]},{\"@type\":\"WebSite\",\"@id\":\"https:\\\/\\\/www.clinicaalthea.com\\\/farmacia\\\/#website\",\"url\":\"https:\\\/\\\/www.clinicaalthea.com\\\/farmacia\\\/\",\"name\":\"Clinica Althea\",\"description\":\"\",\"publisher\":{\"@id\":\"https:\\\/\\\/www.clinicaalthea.com\\\/farmacia\\\/#organization\"},\"potentialAction\":[{\"@type\":\"SearchAction\",\"target\":{\"@type\":\"EntryPoint\",\"urlTemplate\":\"https:\\\/\\\/www.clinicaalthea.com\\\/farmacia\\\/?s={search_term_string}\"},\"query-input\":{\"@type\":\"PropertyValueSpecification\",\"valueRequired\":true,\"valueName\":\"search_term_string\"}}],\"inLanguage\":\"pl-PL\"},{\"@type\":\"Organization\",\"@id\":\"https:\\\/\\\/www.clinicaalthea.com\\\/farmacia\\\/#organization\",\"name\":\"Clinica Althea\",\"url\":\"https:\\\/\\\/www.clinicaalthea.com\\\/farmacia\\\/\",\"logo\":{\"@type\":\"ImageObject\",\"inLanguage\":\"pl-PL\",\"@id\":\"https:\\\/\\\/www.clinicaalthea.com\\\/farmacia\\\/#\\\/schema\\\/logo\\\/image\\\/\",\"url\":\"https:\\\/\\\/www.clinicaalthea.com\\\/farmacia\\\/wp-content\\\/uploads\\\/2023\\\/12\\\/Jak-diagnozuje-sie-FAS_-objawy-kryteria-diagnostyczne-i-metody-diagnozowania-154162903.jpg\",\"contentUrl\":\"https:\\\/\\\/www.clinicaalthea.com\\\/farmacia\\\/wp-content\\\/uploads\\\/2023\\\/12\\\/Jak-diagnozuje-sie-FAS_-objawy-kryteria-diagnostyczne-i-metody-diagnozowania-154162903.jpg\",\"width\":1216,\"height\":832,\"caption\":\"Clinica Althea\"},\"image\":{\"@id\":\"https:\\\/\\\/www.clinicaalthea.com\\\/farmacia\\\/#\\\/schema\\\/logo\\\/image\\\/\"}}]}<\/script>\n<!-- \/ Yoast SEO plugin. -->","yoast_head_json":{"title":"Femmax - Clinica Althea","robots":{"index":"index","follow":"follow","max-snippet":"max-snippet:-1","max-image-preview":"max-image-preview:large","max-video-preview":"max-video-preview:-1"},"canonical":"https:\/\/www.clinicaalthea.com\/farmacia\/pt\/apt\/femmax\/","og_locale":"pl_PL","og_type":"article","og_title":"Femmax - Clinica Althea","og_description":"39.00 \u20ac 78.00 \u20ac","og_url":"https:\/\/www.clinicaalthea.com\/farmacia\/pt\/apt\/femmax\/","og_site_name":"Clinica Althea","article_modified_time":"2024-04-23T17:37:52+00:00","og_image":[{"width":768,"height":768,"url":"https:\/\/www.clinicaalthea.com\/farmacia\/wp-content\/uploads\/2024\/04\/Femmax.jpg","type":"image\/jpeg"}],"twitter_card":"summary_large_image","twitter_misc":{"Szacowany czas czytania":"8 minut"},"schema":{"@context":"https:\/\/schema.org","@graph":[{"@type":"WebPage","@id":"https:\/\/www.clinicaalthea.com\/farmacia\/pt\/apt\/femmax\/","url":"https:\/\/www.clinicaalthea.com\/farmacia\/pt\/apt\/femmax\/","name":"Femmax - Clinica Althea","isPartOf":{"@id":"https:\/\/www.clinicaalthea.com\/farmacia\/#website"},"primaryImageOfPage":{"@id":"https:\/\/www.clinicaalthea.com\/farmacia\/pt\/apt\/femmax\/#primaryimage"},"image":{"@id":"https:\/\/www.clinicaalthea.com\/farmacia\/pt\/apt\/femmax\/#primaryimage"},"thumbnailUrl":"https:\/\/www.clinicaalthea.com\/farmacia\/wp-content\/uploads\/2024\/04\/Femmax.jpg","datePublished":"2024-04-23T17:34:53+00:00","dateModified":"2024-04-23T17:37:52+00:00","breadcrumb":{"@id":"https:\/\/www.clinicaalthea.com\/farmacia\/pt\/apt\/femmax\/#breadcrumb"},"inLanguage":"pl-PL","potentialAction":[{"@type":"ReadAction","target":["https:\/\/www.clinicaalthea.com\/farmacia\/pt\/apt\/femmax\/"]}]},{"@type":"ImageObject","inLanguage":"pl-PL","@id":"https:\/\/www.clinicaalthea.com\/farmacia\/pt\/apt\/femmax\/#primaryimage","url":"https:\/\/www.clinicaalthea.com\/farmacia\/wp-content\/uploads\/2024\/04\/Femmax.jpg","contentUrl":"https:\/\/www.clinicaalthea.com\/farmacia\/wp-content\/uploads\/2024\/04\/Femmax.jpg","width":768,"height":768,"caption":"Femmax"},{"@type":"BreadcrumbList","@id":"https:\/\/www.clinicaalthea.com\/farmacia\/pt\/apt\/femmax\/#breadcrumb","itemListElement":[{"@type":"ListItem","position":1,"name":"Strona g\u0142\u00f3wna","item":"https:\/\/www.clinicaalthea.com\/farmacia\/"},{"@type":"ListItem","position":2,"name":"Produkty","item":"https:\/\/www.clinicaalthea.com\/farmacia\/"},{"@type":"ListItem","position":3,"name":"Femmax"}]},{"@type":"WebSite","@id":"https:\/\/www.clinicaalthea.com\/farmacia\/#website","url":"https:\/\/www.clinicaalthea.com\/farmacia\/","name":"Clinica Althea","description":"","publisher":{"@id":"https:\/\/www.clinicaalthea.com\/farmacia\/#organization"},"potentialAction":[{"@type":"SearchAction","target":{"@type":"EntryPoint","urlTemplate":"https:\/\/www.clinicaalthea.com\/farmacia\/?s={search_term_string}"},"query-input":{"@type":"PropertyValueSpecification","valueRequired":true,"valueName":"search_term_string"}}],"inLanguage":"pl-PL"},{"@type":"Organization","@id":"https:\/\/www.clinicaalthea.com\/farmacia\/#organization","name":"Clinica Althea","url":"https:\/\/www.clinicaalthea.com\/farmacia\/","logo":{"@type":"ImageObject","inLanguage":"pl-PL","@id":"https:\/\/www.clinicaalthea.com\/farmacia\/#\/schema\/logo\/image\/","url":"https:\/\/www.clinicaalthea.com\/farmacia\/wp-content\/uploads\/2023\/12\/Jak-diagnozuje-sie-FAS_-objawy-kryteria-diagnostyczne-i-metody-diagnozowania-154162903.jpg","contentUrl":"https:\/\/www.clinicaalthea.com\/farmacia\/wp-content\/uploads\/2023\/12\/Jak-diagnozuje-sie-FAS_-objawy-kryteria-diagnostyczne-i-metody-diagnozowania-154162903.jpg","width":1216,"height":832,"caption":"Clinica Althea"},"image":{"@id":"https:\/\/www.clinicaalthea.com\/farmacia\/#\/schema\/logo\/image\/"}}]}},"lang":"pt","translations":{"pt":2608,"cs":2600,"pl":2598,"fi":2601,"fr":2602,"es":2603,"nl":2604,"lv":2605,"lt":2606,"de":2607,"sk":2609,"sv":2610,"it":2611},"pll_sync_post":[],"_links":{"self":[{"href":"https:\/\/www.clinicaalthea.com\/farmacia\/wp-json\/wp\/v2\/product\/2608","targetHints":{"allow":["GET"]}}],"collection":[{"href":"https:\/\/www.clinicaalthea.com\/farmacia\/wp-json\/wp\/v2\/product"}],"about":[{"href":"https:\/\/www.clinicaalthea.com\/farmacia\/wp-json\/wp\/v2\/types\/product"}],"replies":[{"embeddable":true,"href":"https:\/\/www.clinicaalthea.com\/farmacia\/wp-json\/wp\/v2\/comments?post=2608"}],"wp:featuredmedia":[{"embeddable":true,"href":"https:\/\/www.clinicaalthea.com\/farmacia\/wp-json\/wp\/v2\/media\/2599"}],"wp:attachment":[{"href":"https:\/\/www.clinicaalthea.com\/farmacia\/wp-json\/wp\/v2\/media?parent=2608"}],"wp:term":[{"taxonomy":"product_brand","embeddable":true,"href":"https:\/\/www.clinicaalthea.com\/farmacia\/wp-json\/wp\/v2\/product_brand?post=2608"},{"taxonomy":"product_cat","embeddable":true,"href":"https:\/\/www.clinicaalthea.com\/farmacia\/wp-json\/wp\/v2\/product_cat?post=2608"},{"taxonomy":"product_tag","embeddable":true,"href":"https:\/\/www.clinicaalthea.com\/farmacia\/wp-json\/wp\/v2\/product_tag?post=2608"}],"curies":[{"name":"wp","href":"https:\/\/api.w.org\/{rel}","templated":true}]}}