{"id":2606,"date":"2024-04-23T18:32:58","date_gmt":"2024-04-23T17:32:58","guid":{"rendered":"https:\/\/mayoguide.org\/produkty\/?post_type=product&#038;p=2606"},"modified":"2024-04-23T18:37:52","modified_gmt":"2024-04-23T17:37:52","slug":"femmax","status":"publish","type":"product","link":"https:\/\/www.clinicaalthea.com\/farmacia\/lt\/apt\/femmax\/","title":{"rendered":"Femmax"},"content":{"rendered":"\n<p>Ar \u017einojote, kad yra nat\u016bralus <b>maisto papildas<\/b>, kuris gali pad\u0117ti padidinti lytin\u012f potrauk\u012f ir pagerinti moter\u0173 seksualin\u012f gyvenim\u0105? <b>Femmax<\/b> yra novatori\u0161kas produktas, sukurtas specialiai <b>moterims<\/b>, kad u\u017etikrint\u0173 sveik\u0105 ir saug\u0173 intym\u0173 gyvenim\u0105. Ar jums \u012fdomu, kaip veikia <b>Femmax<\/b> sudedamosios dalys ir koki\u0105 <b>naud\u0105<\/b> gali duoti jo <b>vartojimas<\/b>?<\/p>\n\n\n\n<h2 class=\"wp-block-heading\" id=\"h-sklad-femmax-naturalne-skladniki-dla-poprawy-libido-kobiet\">Femmax sud\u0117tis &#8211; nat\u016bral\u016bs ingredientai moter\u0173 lytiniam potraukiui gerinti<\/h2>\n\n\n\n<p>Femmax yra specialiai <b>moterims<\/b> sukurtas <b>maisto papildas<\/b>, kurio <b>sud\u0117tis<\/b> pagr\u012fsta nat\u016braliais ingredientais, stimuliuojan\u010diais ir gerinan\u010diais lytin\u012f gyvenim\u0105. <b>Moter\u0173<\/b> lytin\u012f potrauk\u012f pagerinti galima d\u0117l kruop\u0161\u010diai atrinkt\u0173 ingredient\u0173, kurie u\u017etikrina veiksming\u0105 seksualin\u0119 param\u0105.<\/p>\n\n\n\n<p>Femmax sud\u0117t\u012f sudaro:<\/p>\n\n\n\n<ul class=\"wp-block-list\">\n<li><em>Muira puama ekstraktas<\/em> &#8211; stimuliuoja potrauk\u012f ir teigiamai veikia orgazmo kokyb\u0119.<\/li>\n\n\n\n<li><em>L-argininas<\/em> &#8211; didina kraujo pritek\u0117jim\u0105 \u012f intymias vietas, palaiko azoto oksido gamyb\u0105 ir didina <b>moter\u0173 lytin\u012f potrauk\u012f<\/b>.<\/li>\n\n\n\n<li><em>Kor\u0117jieti\u0161ko \u017een\u0161enio ekstraktas<\/em> &#8211; gerina bendr\u0105 seksualin\u012f paj\u0117gum\u0105 ir suteikia energijos intymi\u0173 santyki\u0173 metu.<\/li>\n\n\n\n<li><em>Damianos \u017eol\u0117<\/em> &#8211; veikia kaip nat\u016bralus afrodiziakas, ma\u017eina \u012ftamp\u0105 ir stres\u0105, palaiko lytinio akto malonum\u0105.<\/li>\n<\/ul>\n\n\n\n<p>D\u0117l kruop\u0161\u010diai sudarytos sud\u0117ties Femmax yra saugus maisto papildas moterims, neturintis \u0161alutinio poveikio. <b>Nat\u016bralios sudedamosios dalys<\/b> veikia sinergi\u0161kai, u\u017etikrindamos patenkinamus rezultatus gerinant lytin\u012f potrauk\u012f ir seksualinio gyvenimo kokyb\u0119.<\/p>\n\n\n\n<h2 class=\"wp-block-heading\" id=\"h-dzialanie-femmax-jak-suplement-wplywa-na-libido-kobiet\">Femmax poveikis &#8211; kaip papildas veikia moter\u0173 lytin\u012f potrauk\u012f<\/h2>\n\n\n\n<p>Femmax nat\u016braliai ir saugiai veikia moter\u0173 organizm\u0105, teigiamai veikia libido ir lytinio gyvenimo kokyb\u0119. Femmax sud\u0117tyje esan\u010dios sudedamosios dalys stimuliuoja nerv\u0173 sistem\u0105 ir gerina kraujotak\u0105 intymioje zonoje, o tai prisideda prie didesnio lytinio potraukio. Produktas taip pat ma\u017eina \u012ftamp\u0105 ir stres\u0105, o tai teigiamai veikia geb\u0117jim\u0105 patirti patenkinamus poj\u016b\u010dius intymi\u0173 santyki\u0173 metu. Femmax d\u0117ka moteris gali pajusti didesn\u012f seksualin\u012f pasitenkinim\u0105 ir \u012fgyti daugiau pasitik\u0117jimo savimi intymioje srityje.<\/p>\n\n\n\n<p>Femmax sud\u0117tyje esan\u010dios sudedamosios dalys veikia sinergi\u0161kai ir palaiko sveik\u0105 intymaus gyvenimo raid\u0105. Muira puama ekstraktas, L-argininas, trij\u0173 r\u016b\u0161i\u0173 \u017een\u0161enio ekstraktas ir damianos \u017eol\u0117 &#8211; tai nat\u016bral\u016bs ingredientai, stimuliuojan\u010diai veikiantys nerv\u0173 sistem\u0105, gerinantys kraujotak\u0105 intymiose vietose ir ma\u017einantys \u012ftamp\u0105, o tai lemia didesn\u012f moter\u0173 lytin\u012f potrauk\u012f ir seksualin\u012f pasitenkinim\u0105.<\/p>\n\n\n\n<p>Femmax yra patikrintas maisto papildas moterims, kuris ne tik didina lytinio potraukio lyg\u012f, bet ir teigiamai veikia bendr\u0105 seksualinio gyvenimo kokyb\u0119. Reguliariai vartodamos Femmax, moterys gali patirti didesn\u012f seksualin\u012f pasitenkinim\u0105, didesn\u012f potrauk\u012f lytiniams santykiams ir didesn\u012f intym\u0173 pasitik\u0117jim\u0105.<\/p>\n\n\n\n<blockquote class=\"wp-block-quote is-layout-flow wp-block-quote-is-layout-flow\">\n<p><em>&#8220;Femmax&#8221; yra revoliucinis maisto papildas, kuris tikrai veikia! Nuo tada, kai prad\u0117jau j\u012f vartoti, mano lytinis potraukis padid\u0117jo, o seksualinis gyvenimas teikia daug daugiau pasitenkinimo. Rekomenduoju visoms moterims!&#8221;<\/em> &#8211; Anna<\/p>\n<\/blockquote>\n\n\n\n<p>Reguliarus <b>&#8220;<\/b> Femmax&#8221; <b>vartojimas<\/b> gali tur\u0117ti ilgalaik\u0117s <b>naudos<\/b> moterims, pavyzd\u017eiui, pagerinti orgazm\u0173 kokyb\u0119, suma\u017einti \u012ftamp\u0105 ir stres\u0105, padidinti energijos lyg\u012f ir bendr\u0105 savijaut\u0105. Produktas yra saugus ir veiksmingas, tai patvirtina teigiami vartotoj\u0173 <b>atsiliepimai<\/b>. Femmax d\u0117ka moterys gali m\u0117gautis sveikesniu ir labiau tenkinan\u010diu lytiniu gyvenimu.<\/p>\n\n\n\n<figure class=\"wp-block-table\"><table><tbody><tr><th>Femmax vartojimo nauda:<\/th><\/tr><tr><td>Padid\u0117j\u0119s lytinis potraukis<\/td><\/tr><tr><td>Geresn\u0117 orgazm\u0173 kokyb\u0117<\/td><\/tr><tr><td>\u012etampos ir streso ma\u017einimas<\/td><\/tr><tr><td>Didesnis seksualinis pasitenkinimas<\/td><\/tr><tr><td>Padid\u0117j\u0119s intymus pasitik\u0117jimas<\/td><\/tr><\/tbody><\/table><\/figure>\n\n\n\n<h2 class=\"wp-block-heading\" id=\"h-efekty-stosowania-femmax-jakie-korzysci-przynosi-suplement\">Femmax poveikis &#8211; koki\u0105 naud\u0105 duoda papildas<\/h2>\n\n\n\n<p>Reguliarus Femmax papildo <b>vartojimas<\/b> moterims gali atne\u0161ti daug <b>naudos<\/b>. Pagrindinis poveikis &#8211; padid\u0117j\u0119s lytinis potraukis, tod\u0117l lytiniai santykiai teikia didesn\u012f pasitenkinim\u0105. Vartojant Femmax, moteris jau\u010dia didesn\u012f susidom\u0117jim\u0105 seksu ir didesn\u012f nor\u0105 tyrin\u0117ti savo intymum\u0105.<\/p>\n\n\n\n<p>Femmax taip pat teigiamai veikia orgazm\u0173 kokyb\u0119. D\u0117l \u0161io papildo moteris gali patirti intensyvesnius ir labiau tenkinan\u010dius poj\u016b\u010dius lytini\u0173 santyki\u0173 metu. Orgazm\u0173 kokyb\u0117s gerinimas padeda patirti dar didesn\u012f malonum\u0105 ir patirti vis\u0105 seksualini\u0173 poj\u016b\u010di\u0173 spektr\u0105.<\/p>\n\n\n\n<p>Femmax vartojimas taip pat suteikia emocin\u0117s naudos. Papildas padeda suma\u017einti su intymiu gyvenimu susijusi\u0105 \u012ftamp\u0105 ir stres\u0105. Moteris lytini\u0173 santyki\u0173 metu jau\u010diasi labiau atsipalaidavusi ir patogesn\u0117, o tai lemia didesn\u012f pasitenkinim\u0105 ir malonum\u0105. Be to, reguliariai vartojant &#8220;Femmax&#8221; gali pager\u0117ti nuotaika, padid\u0117ti intymus pasitik\u0117jimas savimi ir pager\u0117ti partneri\u0173 santykiai.<\/p>\n\n\n\n<p>Verta pamin\u0117ti, kad Femmax vartojimo <b>poveikis<\/b> yra ilgalaikis. Reguliarus ir sistemingas papildo vartojimas gali lemti nuolatinius moters seksualinio gyvenimo poky\u010dius. Femmax d\u0117ka moteris gali m\u0117gautis visaver\u010diu, labiau tenkinan\u010diu intymiu gyvenimu.<\/p>\n\n\n\n<h2 class=\"wp-block-heading\" id=\"h-stosowanie-i-dawkowanie-femmax-jak-stosowac-suplement\">Femmax vartojimas ir dozavimas &#8211; kaip vartoti papild\u0105<\/h2>\n\n\n\n<p>Femmax yra maisto papildas, parduodamas table\u010di\u0173 pavidalu. Rekomenduojama vartoti po vien\u0105 tablet\u0119 per dien\u0105, u\u017egeriant stikline vandens. Norint pasiekti geriausi\u0173 rezultat\u0173, geriausia tablet\u0119 i\u0161gerti likus ma\u017edaug valandai iki planuojam\u0173 lytini\u0173 santyki\u0173. B\u016btinai vartokite Femmax reguliariai, kad gautum\u0117te visapusi\u0161k\u0105 naud\u0105.<\/p>\n\n\n\n<p>Svarbu nevir\u0161yti rekomenduojamos papildo doz\u0117s. Prie\u0161 pradedant vartoti Femmax, visada pravartu pasitarti su gydytoju arba vaistininku, ypa\u010d jei turite koki\u0173 nors sveikatos sutrikim\u0173 arba vartojate kit\u0173 vaist\u0173.<\/p>\n\n\n\n<h2 class=\"wp-block-heading\" id=\"h-cena-femmax-ile-kosztuje-i-gdzie-kupic\">Femmax kaina &#8211; kiek kainuoja ir kur \u012fsigyti?<\/h2>\n\n\n\n<p>Femmax galima \u012fsigyti i\u0161 oficialios gamintojo svetain\u0117s, kurioje galite b\u016bti tikri d\u0117l produkto originalumo. Stacionarin\u0117se vaistin\u0117se ar internetin\u0117se parduotuv\u0117se jo \u012fsigyti negalima. <\/p>\n\n\n\n<p>Femmax<strong>kaina<\/strong> gali skirtis priklausomai nuo akcijos, pakuot\u0117s ir nuo to, kur jis perkamas. Informacijos apie \u0161iuo metu vykstan\u010dias akcijas ir pakuotes ie\u0161kokite oficialioje gamintojo svetain\u0117je.<\/p>\n\n\n\n<h2 class=\"wp-block-heading\" id=\"h-skutki-uboczne-femmax-jakie-moga-wystapic-reakcje-organizmu-na-suplement\">Femmax \u0161alutinis poveikis &#8211; kokios organizmo reakcijos \u012f maisto papild\u0105 gali pasireik\u0161ti<\/h2>\n\n\n\n<p>Femmax yra maisto papildas, pagamintas i\u0161 nat\u016brali\u0173 ingredient\u0173. Vartojant rekomenduojam\u0105 doz\u0119, reik\u0161mingo \u0161alutinio poveikio nenustatyta. Ta\u010diau kiekvienas organizmas reaguoja skirtingai, tod\u0117l yra tikimyb\u0117, kad asmeniui gali pasireik\u0161ti individualios reakcijos \u012f Femmax sudedam\u0105sias dalis. <em>Prie\u0161 pradedant vartoti maisto papild\u0105 visada patartina pasitarti su gydytoju arba vaistininku<\/em>. Jeigu pasirei\u0161k\u0117 nepageidaujamas \u0161alutinis <b>poveikis<\/b>, nutraukite Femmax vartojim\u0105 ir kreipkit\u0117s \u012f gydytoj\u0105.<\/p>\n\n\n\n<h2 class=\"wp-block-heading\" id=\"h-przeciwwskazania-do-stosowania-femmax-kto-nie-powinien-go-stosowac\">Femmax kontraindikacijos &#8211; kas netur\u0117t\u0173 vartoti Femmax<\/h2>\n\n\n\n<p>Nors Femmax yra nat\u016brali\u0173 ingredient\u0173 pagrindu pagamintas maisto papildas, yra tam tikr\u0173 <b>kontraindikacij\u0173, \u012f kurias<\/b> reik\u0117t\u0173 atsi\u017evelgti prie\u0161 pradedant vartoti \u0161\u012f papild\u0105. Prie\u0161 pradedant vartoti Femmax, verta apsvarstyti, ar nesate alergi\u0161ki kuriai nors papild\u0173 sudedamajai daliai. Jei esate alergi\u0161ki bet kuriai i\u0161 papildo sudedam\u0173j\u0173 dali\u0173, tur\u0117tum\u0117te vengti vartoti Femmax.<\/p>\n\n\n\n<p>N\u0117\u0161\u010dios ir kr\u016btimi maitinan\u010dios moterys taip pat tur\u0117t\u0173 susilaikyti nuo Femmax vartojimo nepasitarusios su gydytoju. \u0160iais ypatingais moters gyvenimo laikotarpiais svarbu mityb\u0105 ir maisto papild\u0173 vartojim\u0105 pritaikyti prie individuali\u0173 poreiki\u0173 ir sveikatos b\u016bkl\u0117s. Pasikonsultuokite su gydytoju, kad su\u017einotum\u0117te, ar Femmax Jums tinka \u0161iomis aplinkyb\u0117mis.<\/p>\n\n\n\n<p>\u017dmon\u0117s, kurie reguliariai vartoja vaistus, prie\u0161 prad\u0117dami gydym\u0105 Femmax, taip pat tur\u0117t\u0173 pasitarti su gydytoju. Kai kurios papildo sudedamosios dalys gali tur\u0117ti \u012ftakos kit\u0173 vaist\u0173 <b>poveikiui<\/b>, tod\u0117l prie\u0161 pradedant gydym\u0105 svarbu gauti gydytojo konsultacij\u0105.<\/p>\n\n\n\n<p>Svarbu prisiminti, kad Femmax papildo saugumas ir veiksmingumas gali b\u016bti garantuotas tik tuo atveju, jei jis vartojamas taip, kaip nurodyta, ir prie\u0161 tai pasikonsultavus su gydytoju. Prie\u0161 pradedant gydym\u0105 Femmax, pravartu tinkamai \u012fvertinti savo sveikat\u0105 ir kreiptis \u012f gydytoj\u0105, jei kyla koki\u0173 nors abejoni\u0173.<\/p>\n\n\n\n<h2 class=\"wp-block-heading\" id=\"h-opinie-o-femmax-co-mowia-uzytkownicy-o-suplemencie-dla-kobiet\">Femmax atsiliepimai &#8211; k\u0105 vartotojai sako apie moter\u0173 papild\u0105<\/h2>\n\n\n\n<blockquote class=\"wp-block-quote is-layout-flow wp-block-quote-is-layout-flow\">\n<p>&#8220;A\u0161 naudoju Femmax kelet\u0105 savai\u010di\u0173 ir pasteb\u0117jau, kad mano lytinis potraukis \u017eymiai pager\u0117jo. Jau\u010diuosi labiau susijaudin\u0119s ir susidom\u0117j\u0119s seksu. Tai tikrai veikia!&#8221; &#8211; Kasia, 35 m<\/p>\n<\/blockquote>\n\n\n\n<blockquote class=\"wp-block-quote is-layout-flow wp-block-quote-is-layout-flow\">\n<p>&#8220;Skepti\u0161kai \u017ei\u016br\u0117jau \u012f libido papildus, ta\u010diau Femmax pasirod\u0117 es\u0105s veiksmingas. Mano lytinis potraukis sugr\u012f\u017eo ir dabar m\u0117gaujuosi patenkinamu lytiniu gyvenimu.&#8221;- Anna, 42 m<\/p>\n<\/blockquote>\n\n\n\n<p><strong>Vartotoj\u0173 nuomon\u0117s<\/strong> gali skirtis, tod\u0117l visada verta skaityti \u012fvairias <strong>ap\u017evalgas<\/strong> ir konsultuotis su kitais Femmax vartojusiais \u017emon\u0117mis.<\/p>\n","protected":false},"excerpt":{"rendered":"<p><strong>39.00 \u20ac<\/strong><\/p>\n<p><del>78.00 \u20ac<\/del><\/p>\n<p><strong>[date_countdown]<\/strong><\/p>\n","protected":false},"featured_media":2599,"comment_status":"open","ping_status":"closed","template":"","meta":{"neve_meta_sidebar":"","neve_meta_container":"","neve_meta_enable_content_width":"","neve_meta_content_width":0,"neve_meta_title_alignment":"","neve_meta_author_avatar":"","neve_post_elements_order":"","neve_meta_disable_header":"","neve_meta_disable_footer":"","neve_meta_disable_title":"","neve_meta_reading_time":""},"product_brand":[],"product_cat":[371],"product_tag":[],"class_list":{"0":"post-2606","1":"product","2":"type-product","3":"status-publish","4":"has-post-thumbnail","6":"product_cat-seksualine-sveikata","8":"first","9":"instock","10":"shipping-taxable","11":"product-type-external"},"yoast_head":"<!-- This site is optimized with the Yoast SEO plugin v27.4 - https:\/\/yoast.com\/product\/yoast-seo-wordpress\/ -->\n<title>Femmax - Clinica Althea<\/title>\n<meta name=\"robots\" content=\"index, follow, max-snippet:-1, max-image-preview:large, max-video-preview:-1\" \/>\n<link rel=\"canonical\" href=\"https:\/\/www.clinicaalthea.com\/farmacia\/lt\/apt\/femmax\/\" \/>\n<meta property=\"og:locale\" content=\"pl_PL\" \/>\n<meta property=\"og:type\" content=\"article\" \/>\n<meta property=\"og:title\" content=\"Femmax - Clinica Althea\" \/>\n<meta property=\"og:description\" content=\"39.00 \u20ac 78.00 \u20ac\" \/>\n<meta property=\"og:url\" content=\"https:\/\/www.clinicaalthea.com\/farmacia\/lt\/apt\/femmax\/\" \/>\n<meta property=\"og:site_name\" content=\"Clinica Althea\" \/>\n<meta property=\"article:modified_time\" content=\"2024-04-23T17:37:52+00:00\" \/>\n<meta property=\"og:image\" content=\"https:\/\/www.clinicaalthea.com\/farmacia\/wp-content\/uploads\/2024\/04\/Femmax.jpg\" \/>\n\t<meta property=\"og:image:width\" content=\"768\" \/>\n\t<meta property=\"og:image:height\" content=\"768\" \/>\n\t<meta property=\"og:image:type\" content=\"image\/jpeg\" \/>\n<meta name=\"twitter:card\" content=\"summary_large_image\" \/>\n<meta name=\"twitter:label1\" content=\"Szacowany czas czytania\" \/>\n\t<meta name=\"twitter:data1\" content=\"6 minut\" \/>\n<script type=\"application\/ld+json\" class=\"yoast-schema-graph\">{\"@context\":\"https:\\\/\\\/schema.org\",\"@graph\":[{\"@type\":\"WebPage\",\"@id\":\"https:\\\/\\\/www.clinicaalthea.com\\\/farmacia\\\/lt\\\/apt\\\/femmax\\\/\",\"url\":\"https:\\\/\\\/www.clinicaalthea.com\\\/farmacia\\\/lt\\\/apt\\\/femmax\\\/\",\"name\":\"Femmax - Clinica Althea\",\"isPartOf\":{\"@id\":\"https:\\\/\\\/www.clinicaalthea.com\\\/farmacia\\\/#website\"},\"primaryImageOfPage\":{\"@id\":\"https:\\\/\\\/www.clinicaalthea.com\\\/farmacia\\\/lt\\\/apt\\\/femmax\\\/#primaryimage\"},\"image\":{\"@id\":\"https:\\\/\\\/www.clinicaalthea.com\\\/farmacia\\\/lt\\\/apt\\\/femmax\\\/#primaryimage\"},\"thumbnailUrl\":\"https:\\\/\\\/www.clinicaalthea.com\\\/farmacia\\\/wp-content\\\/uploads\\\/2024\\\/04\\\/Femmax.jpg\",\"datePublished\":\"2024-04-23T17:32:58+00:00\",\"dateModified\":\"2024-04-23T17:37:52+00:00\",\"breadcrumb\":{\"@id\":\"https:\\\/\\\/www.clinicaalthea.com\\\/farmacia\\\/lt\\\/apt\\\/femmax\\\/#breadcrumb\"},\"inLanguage\":\"pl-PL\",\"potentialAction\":[{\"@type\":\"ReadAction\",\"target\":[\"https:\\\/\\\/www.clinicaalthea.com\\\/farmacia\\\/lt\\\/apt\\\/femmax\\\/\"]}]},{\"@type\":\"ImageObject\",\"inLanguage\":\"pl-PL\",\"@id\":\"https:\\\/\\\/www.clinicaalthea.com\\\/farmacia\\\/lt\\\/apt\\\/femmax\\\/#primaryimage\",\"url\":\"https:\\\/\\\/www.clinicaalthea.com\\\/farmacia\\\/wp-content\\\/uploads\\\/2024\\\/04\\\/Femmax.jpg\",\"contentUrl\":\"https:\\\/\\\/www.clinicaalthea.com\\\/farmacia\\\/wp-content\\\/uploads\\\/2024\\\/04\\\/Femmax.jpg\",\"width\":768,\"height\":768,\"caption\":\"Femmax\"},{\"@type\":\"BreadcrumbList\",\"@id\":\"https:\\\/\\\/www.clinicaalthea.com\\\/farmacia\\\/lt\\\/apt\\\/femmax\\\/#breadcrumb\",\"itemListElement\":[{\"@type\":\"ListItem\",\"position\":1,\"name\":\"Strona g\u0142\u00f3wna\",\"item\":\"https:\\\/\\\/www.clinicaalthea.com\\\/farmacia\\\/\"},{\"@type\":\"ListItem\",\"position\":2,\"name\":\"Produkty\",\"item\":\"https:\\\/\\\/www.clinicaalthea.com\\\/farmacia\\\/\"},{\"@type\":\"ListItem\",\"position\":3,\"name\":\"Femmax\"}]},{\"@type\":\"WebSite\",\"@id\":\"https:\\\/\\\/www.clinicaalthea.com\\\/farmacia\\\/#website\",\"url\":\"https:\\\/\\\/www.clinicaalthea.com\\\/farmacia\\\/\",\"name\":\"Clinica Althea\",\"description\":\"\",\"publisher\":{\"@id\":\"https:\\\/\\\/www.clinicaalthea.com\\\/farmacia\\\/#organization\"},\"potentialAction\":[{\"@type\":\"SearchAction\",\"target\":{\"@type\":\"EntryPoint\",\"urlTemplate\":\"https:\\\/\\\/www.clinicaalthea.com\\\/farmacia\\\/?s={search_term_string}\"},\"query-input\":{\"@type\":\"PropertyValueSpecification\",\"valueRequired\":true,\"valueName\":\"search_term_string\"}}],\"inLanguage\":\"pl-PL\"},{\"@type\":\"Organization\",\"@id\":\"https:\\\/\\\/www.clinicaalthea.com\\\/farmacia\\\/#organization\",\"name\":\"Clinica Althea\",\"url\":\"https:\\\/\\\/www.clinicaalthea.com\\\/farmacia\\\/\",\"logo\":{\"@type\":\"ImageObject\",\"inLanguage\":\"pl-PL\",\"@id\":\"https:\\\/\\\/www.clinicaalthea.com\\\/farmacia\\\/#\\\/schema\\\/logo\\\/image\\\/\",\"url\":\"https:\\\/\\\/www.clinicaalthea.com\\\/farmacia\\\/wp-content\\\/uploads\\\/2023\\\/12\\\/Jak-diagnozuje-sie-FAS_-objawy-kryteria-diagnostyczne-i-metody-diagnozowania-154162903.jpg\",\"contentUrl\":\"https:\\\/\\\/www.clinicaalthea.com\\\/farmacia\\\/wp-content\\\/uploads\\\/2023\\\/12\\\/Jak-diagnozuje-sie-FAS_-objawy-kryteria-diagnostyczne-i-metody-diagnozowania-154162903.jpg\",\"width\":1216,\"height\":832,\"caption\":\"Clinica Althea\"},\"image\":{\"@id\":\"https:\\\/\\\/www.clinicaalthea.com\\\/farmacia\\\/#\\\/schema\\\/logo\\\/image\\\/\"}}]}<\/script>\n<!-- \/ Yoast SEO plugin. -->","yoast_head_json":{"title":"Femmax - Clinica Althea","robots":{"index":"index","follow":"follow","max-snippet":"max-snippet:-1","max-image-preview":"max-image-preview:large","max-video-preview":"max-video-preview:-1"},"canonical":"https:\/\/www.clinicaalthea.com\/farmacia\/lt\/apt\/femmax\/","og_locale":"pl_PL","og_type":"article","og_title":"Femmax - Clinica Althea","og_description":"39.00 \u20ac 78.00 \u20ac","og_url":"https:\/\/www.clinicaalthea.com\/farmacia\/lt\/apt\/femmax\/","og_site_name":"Clinica Althea","article_modified_time":"2024-04-23T17:37:52+00:00","og_image":[{"width":768,"height":768,"url":"https:\/\/www.clinicaalthea.com\/farmacia\/wp-content\/uploads\/2024\/04\/Femmax.jpg","type":"image\/jpeg"}],"twitter_card":"summary_large_image","twitter_misc":{"Szacowany czas czytania":"6 minut"},"schema":{"@context":"https:\/\/schema.org","@graph":[{"@type":"WebPage","@id":"https:\/\/www.clinicaalthea.com\/farmacia\/lt\/apt\/femmax\/","url":"https:\/\/www.clinicaalthea.com\/farmacia\/lt\/apt\/femmax\/","name":"Femmax - Clinica Althea","isPartOf":{"@id":"https:\/\/www.clinicaalthea.com\/farmacia\/#website"},"primaryImageOfPage":{"@id":"https:\/\/www.clinicaalthea.com\/farmacia\/lt\/apt\/femmax\/#primaryimage"},"image":{"@id":"https:\/\/www.clinicaalthea.com\/farmacia\/lt\/apt\/femmax\/#primaryimage"},"thumbnailUrl":"https:\/\/www.clinicaalthea.com\/farmacia\/wp-content\/uploads\/2024\/04\/Femmax.jpg","datePublished":"2024-04-23T17:32:58+00:00","dateModified":"2024-04-23T17:37:52+00:00","breadcrumb":{"@id":"https:\/\/www.clinicaalthea.com\/farmacia\/lt\/apt\/femmax\/#breadcrumb"},"inLanguage":"pl-PL","potentialAction":[{"@type":"ReadAction","target":["https:\/\/www.clinicaalthea.com\/farmacia\/lt\/apt\/femmax\/"]}]},{"@type":"ImageObject","inLanguage":"pl-PL","@id":"https:\/\/www.clinicaalthea.com\/farmacia\/lt\/apt\/femmax\/#primaryimage","url":"https:\/\/www.clinicaalthea.com\/farmacia\/wp-content\/uploads\/2024\/04\/Femmax.jpg","contentUrl":"https:\/\/www.clinicaalthea.com\/farmacia\/wp-content\/uploads\/2024\/04\/Femmax.jpg","width":768,"height":768,"caption":"Femmax"},{"@type":"BreadcrumbList","@id":"https:\/\/www.clinicaalthea.com\/farmacia\/lt\/apt\/femmax\/#breadcrumb","itemListElement":[{"@type":"ListItem","position":1,"name":"Strona g\u0142\u00f3wna","item":"https:\/\/www.clinicaalthea.com\/farmacia\/"},{"@type":"ListItem","position":2,"name":"Produkty","item":"https:\/\/www.clinicaalthea.com\/farmacia\/"},{"@type":"ListItem","position":3,"name":"Femmax"}]},{"@type":"WebSite","@id":"https:\/\/www.clinicaalthea.com\/farmacia\/#website","url":"https:\/\/www.clinicaalthea.com\/farmacia\/","name":"Clinica Althea","description":"","publisher":{"@id":"https:\/\/www.clinicaalthea.com\/farmacia\/#organization"},"potentialAction":[{"@type":"SearchAction","target":{"@type":"EntryPoint","urlTemplate":"https:\/\/www.clinicaalthea.com\/farmacia\/?s={search_term_string}"},"query-input":{"@type":"PropertyValueSpecification","valueRequired":true,"valueName":"search_term_string"}}],"inLanguage":"pl-PL"},{"@type":"Organization","@id":"https:\/\/www.clinicaalthea.com\/farmacia\/#organization","name":"Clinica Althea","url":"https:\/\/www.clinicaalthea.com\/farmacia\/","logo":{"@type":"ImageObject","inLanguage":"pl-PL","@id":"https:\/\/www.clinicaalthea.com\/farmacia\/#\/schema\/logo\/image\/","url":"https:\/\/www.clinicaalthea.com\/farmacia\/wp-content\/uploads\/2023\/12\/Jak-diagnozuje-sie-FAS_-objawy-kryteria-diagnostyczne-i-metody-diagnozowania-154162903.jpg","contentUrl":"https:\/\/www.clinicaalthea.com\/farmacia\/wp-content\/uploads\/2023\/12\/Jak-diagnozuje-sie-FAS_-objawy-kryteria-diagnostyczne-i-metody-diagnozowania-154162903.jpg","width":1216,"height":832,"caption":"Clinica Althea"},"image":{"@id":"https:\/\/www.clinicaalthea.com\/farmacia\/#\/schema\/logo\/image\/"}}]}},"lang":"lt","translations":{"lt":2606,"cs":2600,"pl":2598,"fi":2601,"fr":2602,"es":2603,"nl":2604,"lv":2605,"de":2607,"pt":2608,"sk":2609,"sv":2610,"it":2611},"pll_sync_post":[],"_links":{"self":[{"href":"https:\/\/www.clinicaalthea.com\/farmacia\/wp-json\/wp\/v2\/product\/2606","targetHints":{"allow":["GET"]}}],"collection":[{"href":"https:\/\/www.clinicaalthea.com\/farmacia\/wp-json\/wp\/v2\/product"}],"about":[{"href":"https:\/\/www.clinicaalthea.com\/farmacia\/wp-json\/wp\/v2\/types\/product"}],"replies":[{"embeddable":true,"href":"https:\/\/www.clinicaalthea.com\/farmacia\/wp-json\/wp\/v2\/comments?post=2606"}],"wp:featuredmedia":[{"embeddable":true,"href":"https:\/\/www.clinicaalthea.com\/farmacia\/wp-json\/wp\/v2\/media\/2599"}],"wp:attachment":[{"href":"https:\/\/www.clinicaalthea.com\/farmacia\/wp-json\/wp\/v2\/media?parent=2606"}],"wp:term":[{"taxonomy":"product_brand","embeddable":true,"href":"https:\/\/www.clinicaalthea.com\/farmacia\/wp-json\/wp\/v2\/product_brand?post=2606"},{"taxonomy":"product_cat","embeddable":true,"href":"https:\/\/www.clinicaalthea.com\/farmacia\/wp-json\/wp\/v2\/product_cat?post=2606"},{"taxonomy":"product_tag","embeddable":true,"href":"https:\/\/www.clinicaalthea.com\/farmacia\/wp-json\/wp\/v2\/product_tag?post=2606"}],"curies":[{"name":"wp","href":"https:\/\/api.w.org\/{rel}","templated":true}]}}