{"id":2548,"date":"2024-04-18T13:05:27","date_gmt":"2024-04-18T12:05:27","guid":{"rendered":"https:\/\/mayoguide.org\/produkty\/?post_type=product&#038;p=2548"},"modified":"2024-11-01T18:30:37","modified_gmt":"2024-11-01T17:30:37","slug":"breast-fast","status":"publish","type":"product","link":"https:\/\/www.clinicaalthea.com\/farmacia\/it\/apt\/breast-fast\/","title":{"rendered":"Breast Fast"},"content":{"rendered":"\n<p>Esiste un modo per <b>ingrandire il seno<\/b> in modo naturale? Un <b>integratore alimentare<\/b> pu\u00f2 dare i <b>risultati<\/b> desiderati? Scoprite perch\u00e9 sempre pi\u00f9 donne scelgono <b>Breast Fast<\/b>, un <b>integratore<\/b> alimentare che promette di migliorare l&#8217;aspetto del seno.<\/p>\n\n\n\n<h3 class=\"wp-block-heading\" id=\"h-kluczowe-informacje\">Informazioni chiave:<\/h3>\n\n\n\n<ul class=\"wp-block-list\">\n<li>L&#8217;integratore<b>alimentare<\/b> <b>Breast Fast<\/b> \u00e8 specificamente formulato per ingrandire e rassodare il seno.<\/li>\n\n\n\n<li>Offre un metodo naturale per migliorare l&#8217;aspetto del seno, basato su una formulazione sicura.<\/li>\n\n\n\n<li>L&#8217;efficacia e gli <b>effetti<\/b> dell&#8217;integratore sono stati confermati da numerose <b>recensioni<\/b> positive degli utenti.<\/li>\n\n\n\n<li>Il<b>prezzo del<\/b> prodotto \u00e8 accessibile a un vasto pubblico e l&#8217;<b>uso<\/b> \u00e8 semplice e comodo.<\/li>\n<\/ul>\n\n\n\n<h2 class=\"wp-block-heading\">Che cos&#8217;\u00e8 Breast Fast?<\/h2>\n\n\n\n<p>Breast Fast \u00e8 un integratore alimentare sviluppato per le donne che desiderano avere un seno pi\u00f9 grande. Le dimensioni del seno sono molto importanti per le donne e hanno un grande impatto sulla loro autostima. Per questo motivo <strong>il produttore dell&#8217;integratore BreastFast ha sviluppato compresse a base di principi attivi naturali che garantiscono un seno pi\u00f9 pieno e sodo<\/strong>. Breastfast influisce sulla condizione e sulle dimensioni del seno e garantisce risultati visibili gi\u00e0 dopo tre settimane di utilizzo.<\/p>\n\n\n\n<p>Molte donne che hanno deciso di perdere peso o che sono incinte o che allattano si lamentano delle condizioni del loro seno e del d\u00e9collet\u00e9. Molto spesso, in questa situazione, cercano un modo per migliorare il loro aspetto, ma non sono pronte per un aumento chirurgico del seno. Se siete una di queste donne, potreste essere interessate alla descrizione del prodotto BreastFast. \u00c8 consigliato a tutte le donne che vogliono migliorare l&#8217;aspetto del proprio seno senza effetti collaterali.<\/p>\n\n\n\n<h2 class=\"wp-block-heading\" id=\"h-dzialanie-suplementu-breast-fast-efekty\">Effetto dell&#8217;integratore Breast Fast &#8211; Effetti<\/h2>\n\n\n\n<p><b>L&#8217;<\/b> integratore Breast Fast agisce sull&#8217;organismo, contribuendo all&#8217;ingrandimento e al rassodamento del seno. Grazie ai suoi principi attivi, l&#8217;<b>integratore<\/b> agisce su una serie di fattori che hanno un effetto positivo sull&#8217;aspetto del seno.<\/p>\n\n\n\n<h3 class=\"wp-block-heading\" id=\"h-wplyw-na-rownowage-hormonalna\">Effetto sull&#8217;equilibrio ormonale<\/h3>\n\n\n\n<p>Gli ingredienti dell&#8217;integratore Breast Fast sono in grado di sostenere e regolare l&#8217;equilibrio ormonale dell&#8217;organismo. L&#8217;equilibrio ormonale \u00e8 importante per la salute e l&#8217;aspetto del seno, quindi l&#8217;integratore pu\u00f2 contribuire a migliorare le condizioni della pelle e dei tessuti del seno.<\/p>\n\n\n\n<h3 class=\"wp-block-heading\" id=\"h-poprawa-kondycji-tkanek-piersiowych\">Miglioramento delle condizioni del tessuto mammario<\/h3>\n\n\n\n<p>I principi attivi contenuti in Breast Fast possono avere un effetto positivo sulla condizione dei tessuti del seno, migliorandone l&#8217;elasticit\u00e0 e la compattezza. L&#8217;<b>uso<\/b> regolare <b>dell<\/b> &#8216;integratore pu\u00f2 contribuire a rassodare il seno e a prevenire la perdita di elasticit\u00e0 della pelle.<\/p>\n\n\n\n<h3 class=\"wp-block-heading\" id=\"h-regulowanie-metabolizmu\">Regolazione del metabolismo<\/h3>\n\n\n\n<p>L&#8217;integratore Breast Fast pu\u00f2 influire sul metabolismo dell&#8217;organismo, con effetti positivi sull&#8217;aspetto del seno. Il miglioramento del metabolismo pu\u00f2 contribuire a ridurre il grasso nella zona del seno e a prevenire l&#8217;accumulo di grasso.<\/p>\n\n\n\n<h3 class=\"wp-block-heading\" id=\"h-wplyw-na-wyglad-biustu\">Effetti sull&#8217;aspetto del seno<\/h3>\n\n\n\n<p>L&#8217;<b>uso<\/b> regolare dell&#8217;integratore Breast Fast pu\u00f2 portare a effetti visibili e a miglioramenti nell&#8217;aspetto del seno. I principi attivi possono contribuire a ingrandire il seno, a migliorarne la tonicit\u00e0 e a conferirgli un aspetto pi\u00f9 attraente.<\/p>\n\n\n\n<p>Nel complesso, l&#8217;<b>azione<\/b> di Breast Fast si basa sull&#8217;azione dei principi attivi, che hanno un effetto benefico sull&#8217;organismo, aiutando a ingrandire e rassodare il seno.<\/p>\n\n\n\n<h2 class=\"wp-block-heading\" id=\"h-sklad-suplementu-breast-fast\">Composizione dell&#8217;integratore Breast Fast<\/h2>\n\n\n\n<p>La<b>composizione<\/b> dell&#8217;integratore <b>Breast<\/b> Fast si basa su ingredienti naturali che hanno un effetto positivo sull&#8217;ingrandimento e la <b>tonicit\u00e0<\/b> del seno. Questi ingredienti comprendono:<\/p>\n\n\n\n<ul class=\"wp-block-list\">\n<li><strong>Estratto di palma sabal<\/strong> &#8211; regola l&#8217;equilibrio ormonale<\/li>\n\n\n\n<li><b>L-tirosina<\/b> &#8211; partecipa alla produzione di collagene<\/li>\n\n\n\n<li><b>Angelica<\/b> &#8211; favorisce l&#8217;equilibrio ormonale<\/li>\n\n\n\n<li><b>Fieno greco<\/b> &#8211; ricco di fitoestrogeni<\/li>\n\n\n\n<li><b>Finocchio<\/b> &#8211; sostiene la salute delle donne<\/li>\n<\/ul>\n\n\n\n<p>Questi ingredienti, insieme ad altre sostanze naturali, agiscono in modo sinergico per favorire l&#8217;ingrandimento e il rassodamento del seno. L <b>&#8216;<\/b> integratore Breast Fast offre quindi una soluzione completa per le donne che desiderano migliorare l&#8217;aspetto del proprio seno in modo naturale.<\/p>\n\n\n\n<h2 class=\"wp-block-heading\" id=\"h-stosowanie-i-dawkowanie-suplementu-breast-fast\">Uso e dosaggio dell&#8217;integratore Breast Fast<\/h2>\n\n\n\n<p>L&#8217;uso dell&#8217;integratore Breast Fast \u00e8 semplice e comodo. Si consiglia di assumere 3 compresse al giorno, una dopo ogni pasto, con acqua a sufficienza.<\/p>\n\n\n\n<p>L&#8217;uso regolare dell&#8217;integratore per un periodo di tempo prolungato \u00e8 fondamentale per ottenere <b>risultati<\/b> ottimali. L&#8217;assunzione della dose giornaliera raccomandata \u00e8 importante per aiutare l&#8217;organismo ad assimilare i principi attivi contenuti nell&#8217;integratore Breast Fast.<\/p>\n\n\n\n<p>\u00c8 bene ricordare che gli integratori alimentari sono destinati agli adulti. \u00c8 importante leggere il foglietto illustrativo prima di iniziare il trattamento e adattare l&#8217;integrazione alle esigenze individuali e allo stato di salute. Esistono inoltre alcune <b>controindicazioni<\/b>, come la <b>gravidanza<\/b>, l&#8217;<b>allattamento<\/b> o l&#8217;et\u00e0 inferiore ai 18 anni, che possono richiedere un consulto medico prima di iniziare l&#8217;integrazione.<\/p>\n\n\n\n<p>Un uso affidabile e un <b>dosaggio<\/b> corretto <b>dell<\/b> &#8216;integratore Breast Fast sono essenziali per beneficiare dei vantaggi che questo prodotto pu\u00f2 offrire in relazione all&#8217;ingrandimento e al rassodamento del seno.<\/p>\n\n\n\n<h2 class=\"wp-block-heading\" id=\"h-cena-suplementu-breast-fast\">Prezzo dell&#8217;integratore Breast Fast<\/h2>\n\n\n\n<p>Il<b>prezzo<\/b> dell&#8217;integratore Breast Fast \u00e8 un&#8217;opzione interessante per chi cerca integratori per <b>l&#8217;ingrandimento del seno<\/b> a prezzi accessibili. Il prodotto offre un buon rapporto qualit\u00e0-prezzo, fornendo i risultati attesi senza un costo elevato.<\/p>\n\n\n\n<p>Vale la pena notare che i prezzi dell&#8217;integratore Breast Fast possono variare da un punto vendita all&#8217;altro. Pertanto, si consiglia di controllare le offerte in diversi punti vendita per trovare il prezzo migliore. Tuttavia, non bisogna dimenticare che la scelta di un integratore non deve basarsi solo sul prezzo. \u00c8 importante anche controllare la composizione, l&#8217;efficacia e le recensioni di altri utenti per fare una scelta consapevole.<\/p>\n\n\n\n<h2 class=\"wp-block-heading\" id=\"h-skutki-uboczne-suplementu-breast-fast\">Effetti collaterali di Breast Fast<\/h2>\n\n\n\n<p>Prima di iniziare il trattamento con l&#8217;integratore Breast Fast, \u00e8 importante considerare i possibili <b>effetti collaterali<\/b>. Sebbene l&#8217;integratore sia considerato sicuro, esiste la possibilit\u00e0 di reazioni avverse da parte dell&#8217;organismo, come disturbi gastrici o reazioni allergiche agli ingredienti dell&#8217;integratore.<\/p>\n\n\n\n<p>In caso di sintomi preoccupanti, si consiglia di interrompere l&#8217;assunzione e di consultare un medico. \u00c8 inoltre opportuno ricordare che ogni persona pu\u00f2 reagire in modo diverso agli integratori alimentari, per cui occorre prestare attenzione.<\/p>\n\n\n\n<h2 class=\"wp-block-heading\" id=\"h-przeciwwskazania-do-stosowania-suplementu-breast-fast\">Controindicazioni all&#8217;uso dell&#8217;integratore Breast Fast<\/h2>\n\n\n\n<p>L&#8217;integratore Breast Fast \u00e8 di facile utilizzo per la maggior parte degli utenti, ma ci sono alcune <b>controindicazioni<\/b> di cui bisogna essere consapevoli prima di iniziare il trattamento. La sicurezza e l&#8217;efficacia dell&#8217;integratore sono una priorit\u00e0, quindi \u00e8 sempre consigliabile leggere queste controindicazioni e consultare il proprio medico.<\/p>\n\n\n\n<p><strong>Gravidanza: l<\/strong> &#8216;integratore Breast Fast non \u00e8 destinato alle donne in gravidanza. L&#8217;uso di integratori alimentari in questo periodo particolare richiede cautela. Prima di iniziare il trattamento, consultare il medico per assicurarsi che l&#8217;integratore sia adatto al proprio caso.<\/p>\n\n\n\n<p><strong>Allattamento:<\/strong> se si sta allattando, l&#8217;assunzione dell&#8217;integratore Breast Fast \u00e8 sconsigliata. Gli ingredienti dell&#8217;integratore possono passare nel latte materno e influenzare il bambino. In questo caso, \u00e8 meglio consultare il medico per un parere professionale.<\/p>\n\n\n\n<p><strong>Et\u00e0 inferiore ai 18 anni:<\/strong> l&#8217;integratore Breast Fast non deve essere utilizzato da chi ha meno di 18 anni. L&#8217;organismo dei giovani pu\u00f2 reagire in modo diverso agli ingredienti dell&#8217;integratore, quindi \u00e8 importante attendere l&#8217;et\u00e0 appropriata prima di iniziare il trattamento.<\/p>\n\n\n\n<h2 class=\"wp-block-heading\" id=\"h-opinie-o-suplemencie-breast-fast\">Recensioni sull&#8217;integratore Breast Fast<\/h2>\n\n\n\n<p>Il<b>feedback<\/b> degli utilizzatori di Breast Fast \u00e8 vario. Molte sottolineano gli effetti visibili dopo un uso regolare, <em>notando miglioramenti nell&#8217;aspetto e nella consistenza del seno<\/em>. Altri utenti possono trovare risultati meno spettacolari, ma la maggior parte concorda sul fatto che l&#8217;integratore \u00e8 facile da usare e non ha effetti collaterali.<\/p>\n\n\n\n<blockquote class=\"wp-block-quote is-layout-flow wp-block-quote-is-layout-flow\">\n<p>&#8220;Breast Fast \u00e8 un integratore fantastico che funziona davvero. Il mio seno appare pi\u00f9 grande e pi\u00f9 sodo dopo averlo usato per diverse settimane. Lo consiglio a tutte le donne che vogliono migliorare l&#8217;aspetto del proprio seno&#8221;<\/p>\n\n\n\n<footer>&#8211; Anna, 32 anni<\/footer>\n<\/blockquote>\n\n\n\n<p>Anche altri utenti sottolineano i benefici di un uso regolare dell&#8217;integratore. Le <em>recensioni degli utenti possono aiutare altri potenziali consumatori a decidere<\/em> se Breast Fast \u00e8 l&#8217;integratore giusto per loro. Tuttavia, \u00e8 importante tenere presente le differenze individuali e le reazioni del corpo che possono influenzare l&#8217;efficacia dell&#8217;integratore.<\/p>\n\n\n\n<h2 class=\"wp-block-heading\" id=\"h-dostepnosc-suplementu-breast-fast-cena-i-gdzie-kupic\">Disponibilit\u00e0 dell&#8217;integratore Breast Fast &#8211; prezzo e dove si compra?<\/h2>\n\n\n\n<p>L&#8217;integratore Breast Fast \u00e8 disponibile per l&#8217;acquisto sul sito ufficiale del produttore. Vale la pena di notare che non si trova nelle farmacie fisse. Pertanto, il posto migliore per acquistare l&#8217;integratore \u00e8 il <strong>sito ufficiale<\/strong> del produttore, dove si pu\u00f2 essere certi dell&#8217;originalit\u00e0 del prodotto. Inoltre, l&#8217;acquisto dal sito ufficiale comporta spesso sconti interessanti, soprattutto quando si acquista un numero maggiore di confezioni.<\/p>\n\n\n\n<p>Il<strong>prezzo dell<\/strong> &#8216;integratore Breast Fast pu\u00f2 variare a seconda del numero di confezioni acquistate. Per informazioni aggiornate sui prezzi, consultare il sito ufficiale del produttore. \u00c8 inoltre opportuno prestare attenzione alle promozioni e alle offerte speciali disponibili che possono ridurre il prezzo dell&#8217;integratore. L&#8217;acquisto dal sito ufficiale del produttore offre il miglior rapporto qualit\u00e0-prezzo e la garanzia dell&#8217;originalit\u00e0 del prodotto.<\/p>\n\n\n\n<p>Acquistando dal sito ufficiale del produttore, si ha la certezza di ricevere un integratore Breast Fast originale e di altissima qualit\u00e0. Vale la pena di utilizzare il sito ufficiale del produttore per ottenere il prezzo migliore e approfittare delle promozioni che possono ridurre il costo dell&#8217;acquisto.<\/p>\n","protected":false},"excerpt":{"rendered":"<p><strong>59.00 \u20ac<\/strong><\/p>\n<p><del>118.00 \u20ac<\/del><\/p>\n<p><strong>[date_countdown]<\/strong><\/p>\n","protected":false},"featured_media":2534,"comment_status":"open","ping_status":"closed","template":"","meta":{"neve_meta_sidebar":"","neve_meta_container":"","neve_meta_enable_content_width":"","neve_meta_content_width":0,"neve_meta_title_alignment":"","neve_meta_author_avatar":"","neve_post_elements_order":"","neve_meta_disable_header":"","neve_meta_disable_footer":"","neve_meta_disable_title":"","neve_meta_reading_time":""},"product_brand":[],"product_cat":[113],"product_tag":[],"class_list":{"0":"post-2548","1":"product","2":"type-product","3":"status-publish","4":"has-post-thumbnail","6":"product_cat-salute","8":"first","9":"instock","10":"shipping-taxable","11":"product-type-external"},"yoast_head":"<!-- This site is optimized with the Yoast SEO plugin v27.4 - https:\/\/yoast.com\/product\/yoast-seo-wordpress\/ -->\n<title>Breast Fast - Clinica Althea<\/title>\n<meta name=\"robots\" content=\"index, follow, max-snippet:-1, max-image-preview:large, max-video-preview:-1\" \/>\n<link rel=\"canonical\" href=\"https:\/\/www.clinicaalthea.com\/farmacia\/it\/apt\/breast-fast\/\" \/>\n<meta property=\"og:locale\" content=\"pl_PL\" \/>\n<meta property=\"og:type\" content=\"article\" \/>\n<meta property=\"og:title\" content=\"Breast Fast - Clinica Althea\" \/>\n<meta property=\"og:description\" content=\"59.00 \u20ac 118.00 \u20ac\" \/>\n<meta property=\"og:url\" content=\"https:\/\/www.clinicaalthea.com\/farmacia\/it\/apt\/breast-fast\/\" \/>\n<meta property=\"og:site_name\" content=\"Clinica Althea\" \/>\n<meta property=\"article:modified_time\" content=\"2024-11-01T17:30:37+00:00\" \/>\n<meta property=\"og:image\" content=\"https:\/\/www.clinicaalthea.com\/farmacia\/wp-content\/uploads\/2024\/04\/Breast-Fast.jpg\" \/>\n\t<meta property=\"og:image:width\" content=\"768\" \/>\n\t<meta property=\"og:image:height\" content=\"768\" \/>\n\t<meta property=\"og:image:type\" content=\"image\/jpeg\" \/>\n<meta name=\"twitter:card\" content=\"summary_large_image\" \/>\n<meta name=\"twitter:label1\" content=\"Szacowany czas czytania\" \/>\n\t<meta name=\"twitter:data1\" content=\"9 minut\" \/>\n<script type=\"application\/ld+json\" class=\"yoast-schema-graph\">{\"@context\":\"https:\\\/\\\/schema.org\",\"@graph\":[{\"@type\":\"WebPage\",\"@id\":\"https:\\\/\\\/www.clinicaalthea.com\\\/farmacia\\\/it\\\/apt\\\/breast-fast\\\/\",\"url\":\"https:\\\/\\\/www.clinicaalthea.com\\\/farmacia\\\/it\\\/apt\\\/breast-fast\\\/\",\"name\":\"Breast Fast - Clinica Althea\",\"isPartOf\":{\"@id\":\"https:\\\/\\\/www.clinicaalthea.com\\\/farmacia\\\/#website\"},\"primaryImageOfPage\":{\"@id\":\"https:\\\/\\\/www.clinicaalthea.com\\\/farmacia\\\/it\\\/apt\\\/breast-fast\\\/#primaryimage\"},\"image\":{\"@id\":\"https:\\\/\\\/www.clinicaalthea.com\\\/farmacia\\\/it\\\/apt\\\/breast-fast\\\/#primaryimage\"},\"thumbnailUrl\":\"https:\\\/\\\/www.clinicaalthea.com\\\/farmacia\\\/wp-content\\\/uploads\\\/2024\\\/04\\\/Breast-Fast.jpg\",\"datePublished\":\"2024-04-18T12:05:27+00:00\",\"dateModified\":\"2024-11-01T17:30:37+00:00\",\"breadcrumb\":{\"@id\":\"https:\\\/\\\/www.clinicaalthea.com\\\/farmacia\\\/it\\\/apt\\\/breast-fast\\\/#breadcrumb\"},\"inLanguage\":\"pl-PL\",\"potentialAction\":[{\"@type\":\"ReadAction\",\"target\":[\"https:\\\/\\\/www.clinicaalthea.com\\\/farmacia\\\/it\\\/apt\\\/breast-fast\\\/\"]}]},{\"@type\":\"ImageObject\",\"inLanguage\":\"pl-PL\",\"@id\":\"https:\\\/\\\/www.clinicaalthea.com\\\/farmacia\\\/it\\\/apt\\\/breast-fast\\\/#primaryimage\",\"url\":\"https:\\\/\\\/www.clinicaalthea.com\\\/farmacia\\\/wp-content\\\/uploads\\\/2024\\\/04\\\/Breast-Fast.jpg\",\"contentUrl\":\"https:\\\/\\\/www.clinicaalthea.com\\\/farmacia\\\/wp-content\\\/uploads\\\/2024\\\/04\\\/Breast-Fast.jpg\",\"width\":768,\"height\":768,\"caption\":\"Breast Fast\"},{\"@type\":\"BreadcrumbList\",\"@id\":\"https:\\\/\\\/www.clinicaalthea.com\\\/farmacia\\\/it\\\/apt\\\/breast-fast\\\/#breadcrumb\",\"itemListElement\":[{\"@type\":\"ListItem\",\"position\":1,\"name\":\"Strona g\u0142\u00f3wna\",\"item\":\"https:\\\/\\\/www.clinicaalthea.com\\\/farmacia\\\/\"},{\"@type\":\"ListItem\",\"position\":2,\"name\":\"Produkty\",\"item\":\"https:\\\/\\\/www.clinicaalthea.com\\\/farmacia\\\/\"},{\"@type\":\"ListItem\",\"position\":3,\"name\":\"Breast Fast\"}]},{\"@type\":\"WebSite\",\"@id\":\"https:\\\/\\\/www.clinicaalthea.com\\\/farmacia\\\/#website\",\"url\":\"https:\\\/\\\/www.clinicaalthea.com\\\/farmacia\\\/\",\"name\":\"Clinica Althea\",\"description\":\"\",\"publisher\":{\"@id\":\"https:\\\/\\\/www.clinicaalthea.com\\\/farmacia\\\/#organization\"},\"potentialAction\":[{\"@type\":\"SearchAction\",\"target\":{\"@type\":\"EntryPoint\",\"urlTemplate\":\"https:\\\/\\\/www.clinicaalthea.com\\\/farmacia\\\/?s={search_term_string}\"},\"query-input\":{\"@type\":\"PropertyValueSpecification\",\"valueRequired\":true,\"valueName\":\"search_term_string\"}}],\"inLanguage\":\"pl-PL\"},{\"@type\":\"Organization\",\"@id\":\"https:\\\/\\\/www.clinicaalthea.com\\\/farmacia\\\/#organization\",\"name\":\"Clinica Althea\",\"url\":\"https:\\\/\\\/www.clinicaalthea.com\\\/farmacia\\\/\",\"logo\":{\"@type\":\"ImageObject\",\"inLanguage\":\"pl-PL\",\"@id\":\"https:\\\/\\\/www.clinicaalthea.com\\\/farmacia\\\/#\\\/schema\\\/logo\\\/image\\\/\",\"url\":\"https:\\\/\\\/www.clinicaalthea.com\\\/farmacia\\\/wp-content\\\/uploads\\\/2023\\\/12\\\/Jak-diagnozuje-sie-FAS_-objawy-kryteria-diagnostyczne-i-metody-diagnozowania-154162903.jpg\",\"contentUrl\":\"https:\\\/\\\/www.clinicaalthea.com\\\/farmacia\\\/wp-content\\\/uploads\\\/2023\\\/12\\\/Jak-diagnozuje-sie-FAS_-objawy-kryteria-diagnostyczne-i-metody-diagnozowania-154162903.jpg\",\"width\":1216,\"height\":832,\"caption\":\"Clinica Althea\"},\"image\":{\"@id\":\"https:\\\/\\\/www.clinicaalthea.com\\\/farmacia\\\/#\\\/schema\\\/logo\\\/image\\\/\"}}]}<\/script>\n<!-- \/ Yoast SEO plugin. -->","yoast_head_json":{"title":"Breast Fast - Clinica Althea","robots":{"index":"index","follow":"follow","max-snippet":"max-snippet:-1","max-image-preview":"max-image-preview:large","max-video-preview":"max-video-preview:-1"},"canonical":"https:\/\/www.clinicaalthea.com\/farmacia\/it\/apt\/breast-fast\/","og_locale":"pl_PL","og_type":"article","og_title":"Breast Fast - Clinica Althea","og_description":"59.00 \u20ac 118.00 \u20ac","og_url":"https:\/\/www.clinicaalthea.com\/farmacia\/it\/apt\/breast-fast\/","og_site_name":"Clinica Althea","article_modified_time":"2024-11-01T17:30:37+00:00","og_image":[{"width":768,"height":768,"url":"https:\/\/www.clinicaalthea.com\/farmacia\/wp-content\/uploads\/2024\/04\/Breast-Fast.jpg","type":"image\/jpeg"}],"twitter_card":"summary_large_image","twitter_misc":{"Szacowany czas czytania":"9 minut"},"schema":{"@context":"https:\/\/schema.org","@graph":[{"@type":"WebPage","@id":"https:\/\/www.clinicaalthea.com\/farmacia\/it\/apt\/breast-fast\/","url":"https:\/\/www.clinicaalthea.com\/farmacia\/it\/apt\/breast-fast\/","name":"Breast Fast - Clinica Althea","isPartOf":{"@id":"https:\/\/www.clinicaalthea.com\/farmacia\/#website"},"primaryImageOfPage":{"@id":"https:\/\/www.clinicaalthea.com\/farmacia\/it\/apt\/breast-fast\/#primaryimage"},"image":{"@id":"https:\/\/www.clinicaalthea.com\/farmacia\/it\/apt\/breast-fast\/#primaryimage"},"thumbnailUrl":"https:\/\/www.clinicaalthea.com\/farmacia\/wp-content\/uploads\/2024\/04\/Breast-Fast.jpg","datePublished":"2024-04-18T12:05:27+00:00","dateModified":"2024-11-01T17:30:37+00:00","breadcrumb":{"@id":"https:\/\/www.clinicaalthea.com\/farmacia\/it\/apt\/breast-fast\/#breadcrumb"},"inLanguage":"pl-PL","potentialAction":[{"@type":"ReadAction","target":["https:\/\/www.clinicaalthea.com\/farmacia\/it\/apt\/breast-fast\/"]}]},{"@type":"ImageObject","inLanguage":"pl-PL","@id":"https:\/\/www.clinicaalthea.com\/farmacia\/it\/apt\/breast-fast\/#primaryimage","url":"https:\/\/www.clinicaalthea.com\/farmacia\/wp-content\/uploads\/2024\/04\/Breast-Fast.jpg","contentUrl":"https:\/\/www.clinicaalthea.com\/farmacia\/wp-content\/uploads\/2024\/04\/Breast-Fast.jpg","width":768,"height":768,"caption":"Breast Fast"},{"@type":"BreadcrumbList","@id":"https:\/\/www.clinicaalthea.com\/farmacia\/it\/apt\/breast-fast\/#breadcrumb","itemListElement":[{"@type":"ListItem","position":1,"name":"Strona g\u0142\u00f3wna","item":"https:\/\/www.clinicaalthea.com\/farmacia\/"},{"@type":"ListItem","position":2,"name":"Produkty","item":"https:\/\/www.clinicaalthea.com\/farmacia\/"},{"@type":"ListItem","position":3,"name":"Breast Fast"}]},{"@type":"WebSite","@id":"https:\/\/www.clinicaalthea.com\/farmacia\/#website","url":"https:\/\/www.clinicaalthea.com\/farmacia\/","name":"Clinica Althea","description":"","publisher":{"@id":"https:\/\/www.clinicaalthea.com\/farmacia\/#organization"},"potentialAction":[{"@type":"SearchAction","target":{"@type":"EntryPoint","urlTemplate":"https:\/\/www.clinicaalthea.com\/farmacia\/?s={search_term_string}"},"query-input":{"@type":"PropertyValueSpecification","valueRequired":true,"valueName":"search_term_string"}}],"inLanguage":"pl-PL"},{"@type":"Organization","@id":"https:\/\/www.clinicaalthea.com\/farmacia\/#organization","name":"Clinica Althea","url":"https:\/\/www.clinicaalthea.com\/farmacia\/","logo":{"@type":"ImageObject","inLanguage":"pl-PL","@id":"https:\/\/www.clinicaalthea.com\/farmacia\/#\/schema\/logo\/image\/","url":"https:\/\/www.clinicaalthea.com\/farmacia\/wp-content\/uploads\/2023\/12\/Jak-diagnozuje-sie-FAS_-objawy-kryteria-diagnostyczne-i-metody-diagnozowania-154162903.jpg","contentUrl":"https:\/\/www.clinicaalthea.com\/farmacia\/wp-content\/uploads\/2023\/12\/Jak-diagnozuje-sie-FAS_-objawy-kryteria-diagnostyczne-i-metody-diagnozowania-154162903.jpg","width":1216,"height":832,"caption":"Clinica Althea"},"image":{"@id":"https:\/\/www.clinicaalthea.com\/farmacia\/#\/schema\/logo\/image\/"}}]}},"lang":"it","translations":{"it":2548,"cs":2535,"pl":2533,"fi":2536,"fr":2537,"es":2538,"nl":2539,"lv":2540,"lt":2541,"de":2542,"pt":2543,"ro":2544,"sk":2545,"sv":2546,"hu":2547},"pll_sync_post":[],"_links":{"self":[{"href":"https:\/\/www.clinicaalthea.com\/farmacia\/wp-json\/wp\/v2\/product\/2548","targetHints":{"allow":["GET"]}}],"collection":[{"href":"https:\/\/www.clinicaalthea.com\/farmacia\/wp-json\/wp\/v2\/product"}],"about":[{"href":"https:\/\/www.clinicaalthea.com\/farmacia\/wp-json\/wp\/v2\/types\/product"}],"replies":[{"embeddable":true,"href":"https:\/\/www.clinicaalthea.com\/farmacia\/wp-json\/wp\/v2\/comments?post=2548"}],"wp:featuredmedia":[{"embeddable":true,"href":"https:\/\/www.clinicaalthea.com\/farmacia\/wp-json\/wp\/v2\/media\/2534"}],"wp:attachment":[{"href":"https:\/\/www.clinicaalthea.com\/farmacia\/wp-json\/wp\/v2\/media?parent=2548"}],"wp:term":[{"taxonomy":"product_brand","embeddable":true,"href":"https:\/\/www.clinicaalthea.com\/farmacia\/wp-json\/wp\/v2\/product_brand?post=2548"},{"taxonomy":"product_cat","embeddable":true,"href":"https:\/\/www.clinicaalthea.com\/farmacia\/wp-json\/wp\/v2\/product_cat?post=2548"},{"taxonomy":"product_tag","embeddable":true,"href":"https:\/\/www.clinicaalthea.com\/farmacia\/wp-json\/wp\/v2\/product_tag?post=2548"}],"curies":[{"name":"wp","href":"https:\/\/api.w.org\/{rel}","templated":true}]}}