{"id":2546,"date":"2024-04-18T13:03:30","date_gmt":"2024-04-18T12:03:30","guid":{"rendered":"https:\/\/mayoguide.org\/produkty\/?post_type=product&#038;p=2546"},"modified":"2024-11-01T18:30:36","modified_gmt":"2024-11-01T17:30:36","slug":"breast-fast","status":"publish","type":"product","link":"https:\/\/www.clinicaalthea.com\/farmacia\/sv\/apt\/breast-fast\/","title":{"rendered":"Breast Fast"},"content":{"rendered":"\n<p>Finns det ett s\u00e4tt att <b>f\u00f6rstora br\u00f6sten<\/b> naturligt? Kan ett <b>kosttillskott<\/b> ge de \u00f6nskade <b>resultaten<\/b>? Ta reda p\u00e5 varf\u00f6r fler och fler kvinnor v\u00e4ljer <b>Breast Fast<\/b>, ett <b>kosttillskott<\/b> som lovar att f\u00f6rb\u00e4ttra utseendet p\u00e5 bysten.<\/p>\n\n\n\n<h3 class=\"wp-block-heading\" id=\"h-kluczowe-informacje\">Viktig information:<\/h3>\n\n\n\n<ul class=\"wp-block-list\">\n<li><b>Breast Fast<\/b><b>kosttillskott<\/b> \u00e4r speciellt formulerat f\u00f6r att f\u00f6rstora och fasta br\u00f6sten.<\/li>\n\n\n\n<li>Det erbjuder ett naturligt s\u00e4tt att f\u00f6rb\u00e4ttra utseendet p\u00e5 br\u00f6sten, baserat p\u00e5 en s\u00e4ker formulering.<\/li>\n\n\n\n<li>Till\u00e4ggets effektivitet och <b>effekter<\/b> har bekr\u00e4ftats av m\u00e5nga positiva <b>anv\u00e4ndarrecensioner<\/b>.<\/li>\n\n\n\n<li><b>Priset p\u00e5<\/b> produkten \u00e4r tillg\u00e4ngligt f\u00f6r en bred publik och <b>anv\u00e4ndningen<\/b> \u00e4r enkel och bekv\u00e4m.<\/li>\n<\/ul>\n\n\n\n<h2 class=\"wp-block-heading\">Vad \u00e4r Breast Fast?<\/h2>\n\n\n\n<p>Breast Fast \u00e4r ett kosttillskott som har utvecklats f\u00f6r kvinnor som vill ha st\u00f6rre br\u00f6st. Br\u00f6ststorlek \u00e4r mycket viktigt f\u00f6r kvinnor och har stor inverkan p\u00e5 deras sj\u00e4lvf\u00f6rtroende. <strong>Det \u00e4r d\u00e4rf\u00f6r tillverkaren av BreastFast-tillskottet har utvecklat tabletter baserade p\u00e5 naturliga aktiva ingredienser som garanterar fylligare och fastare br\u00f6st<\/strong>. Breastfast p\u00e5verkar tillst\u00e5ndet och storleken p\u00e5 bysten och garanterar synliga resultat \u00e4ven efter tre veckors anv\u00e4ndning.<\/p>\n\n\n\n<p>M\u00e5nga kvinnor som har best\u00e4mt sig f\u00f6r att g\u00e5 ner i vikt eller \u00e4r gravida eller ammar klagar ocks\u00e5 p\u00e5 tillst\u00e5ndet f\u00f6r sina br\u00f6st och klyvning. Mycket ofta i denna situation letar de efter ett s\u00e4tt att f\u00f6rb\u00e4ttra sitt utseende, men de \u00e4r inte redo f\u00f6r kirurgisk br\u00f6stf\u00f6rstoring. Om du \u00e4r en av dessa kvinnor kan du vara intresserad av produktbeskrivningen av BreastFast. Det rekommenderas f\u00f6r alla kvinnor som vill f\u00f6rb\u00e4ttra utseendet p\u00e5 sina br\u00f6st utan biverkningar.<\/p>\n\n\n\n<h2 class=\"wp-block-heading\" id=\"h-dzialanie-suplementu-breast-fast-efekty\">Effekt av Breast Fast-till\u00e4gg &#8211; Effekter<\/h2>\n\n\n\n<p>Breast Fast-till\u00e4gget verkar p\u00e5 kroppen och bidrar till utvidgningen och uppstramningen av br\u00f6sten. Tack vare de aktiva ingredienserna p\u00e5verkar <b>tillskottet<\/b> ett antal faktorer som har en positiv effekt p\u00e5 br\u00f6stens utseende.<\/p>\n\n\n\n<h3 class=\"wp-block-heading\" id=\"h-wplyw-na-rownowage-hormonalna\">Effekt p\u00e5 hormonbalansen<\/h3>\n\n\n\n<p>Ingredienserna i Breast Fast-tillskottet kan st\u00f6dja och reglera hormonbalansen i kroppen. Hormonbalansen \u00e4r viktig f\u00f6r br\u00f6stens h\u00e4lsa och utseende, s\u00e5 tillskottet kan bidra till att f\u00f6rb\u00e4ttra hudens och br\u00f6stv\u00e4vnadens tillst\u00e5nd.<\/p>\n\n\n\n<h3 class=\"wp-block-heading\" id=\"h-poprawa-kondycji-tkanek-piersiowych\">F\u00f6rb\u00e4ttra tillst\u00e5ndet f\u00f6r br\u00f6stv\u00e4vnad<\/h3>\n\n\n\n<p>De aktiva ingredienserna i Breast Fast kan ha en positiv effekt p\u00e5 br\u00f6stv\u00e4vnadens tillst\u00e5nd och f\u00f6rb\u00e4ttra deras elasticitet och fasthet. Regelbunden <b>anv\u00e4ndning av<\/b> tillskottet kan hj\u00e4lpa till att g\u00f6ra br\u00f6sten fastare och f\u00f6rhindra f\u00f6rlust av hudens elasticitet.<\/p>\n\n\n\n<h3 class=\"wp-block-heading\" id=\"h-regulowanie-metabolizmu\">Reglering av \u00e4mnesoms\u00e4ttningen<\/h3>\n\n\n\n<p>Breast Fast-till\u00e4gget kan p\u00e5verka kroppens \u00e4mnesoms\u00e4ttning, vilket kan ha en positiv effekt p\u00e5 bystens utseende. F\u00f6rb\u00e4ttrad \u00e4mnesoms\u00e4ttning kan bidra till att minska fett i bystomr\u00e5det och f\u00f6rhindra fettansamling.<\/p>\n\n\n\n<h3 class=\"wp-block-heading\" id=\"h-wplyw-na-wyglad-biustu\">Effekter p\u00e5 bystens utseende<\/h3>\n\n\n\n<p>Regelbunden <b>anv\u00e4ndning av<\/b> Breast Fast-till\u00e4gget kan leda till synliga effekter och f\u00f6rb\u00e4ttringar av bystens utseende. De aktiva ingredienserna kan hj\u00e4lpa till att f\u00f6rstora bysten, f\u00f6rb\u00e4ttra fastheten och ge ett mer attraktivt utseende.<\/p>\n\n\n\n<p>Sammantaget \u00e4r Breast Fasts <b>verkan<\/b> baserad p\u00e5 verkan av de aktiva ingredienserna, som har en gynnsam effekt p\u00e5 kroppen, vilket hj\u00e4lper till att f\u00f6rstora och fasta bysten.<\/p>\n\n\n\n<h2 class=\"wp-block-heading\" id=\"h-sklad-suplementu-breast-fast\">Sammans\u00e4ttning av till\u00e4gget Breast Fast<\/h2>\n\n\n\n<p><b>Sammans\u00e4ttningen av<\/b> <b>Breast<\/b> Fast-till\u00e4gget \u00e4r baserat p\u00e5 naturliga ingredienser som har en positiv effekt p\u00e5 bystf\u00f6rstoring och <b>fasthet<\/b>. Dessa ingredienser inkluderar:<\/p>\n\n\n\n<ul class=\"wp-block-list\">\n<li><strong>Sabal palmextrakt<\/strong> &#8211; reglerar hormonbalansen<\/li>\n\n\n\n<li><b>L-tyrosin<\/b> &#8211; deltar i kollagenproduktionen<\/li>\n\n\n\n<li><b>Angelica<\/b> &#8211; st\u00f6der hormonell balans<\/li>\n\n\n\n<li><b>Bockhornskl\u00f6ver<\/b> &#8211; rik p\u00e5 fyto\u00f6strogener<\/li>\n\n\n\n<li><b>F\u00e4nk\u00e5l<\/b> &#8211; st\u00f6djer kvinnors h\u00e4lsa<\/li>\n<\/ul>\n\n\n\n<p>Dessa ingredienser, i kombination med andra naturliga \u00e4mnen, verkar synergistiskt f\u00f6r att st\u00f6dja bystf\u00f6rstoring och uppstramning. Breast Fast-tillskottet erbjuder d\u00e4rf\u00f6r en helt\u00e4ckande l\u00f6sning f\u00f6r kvinnor som vill f\u00f6rb\u00e4ttra utseendet p\u00e5 sina br\u00f6st p\u00e5 ett naturligt s\u00e4tt.<\/p>\n\n\n\n<h2 class=\"wp-block-heading\" id=\"h-stosowanie-i-dawkowanie-suplementu-breast-fast\">Anv\u00e4ndning och dosering av Breast Fast-till\u00e4gg<\/h2>\n\n\n\n<p>Anv\u00e4ndningen av Breast Fast-till\u00e4gget \u00e4r en enkel och bekv\u00e4m process. Som rekommenderat, ta 3 tabletter om dagen &#8211; en efter varje m\u00e5ltid, med tillr\u00e4ckligt med vatten.<\/p>\n\n\n\n<p>Regelbunden anv\u00e4ndning av tillskottet under en l\u00e4ngre tid \u00e4r nyckeln till att uppn\u00e5 optimala <b>resultat<\/b>. Att ta det rekommenderade dagliga intaget \u00e4r viktigt f\u00f6r att hj\u00e4lpa kroppen att assimilera de aktiva ingredienserna som finns i Breast Fast-till\u00e4gget.<\/p>\n\n\n\n<p>Det \u00e4r v\u00e4rt att komma ih\u00e5g att kosttillskott riktar sig till vuxna. Det \u00e4r viktigt att l\u00e4sa bipacksedeln innan behandlingen p\u00e5b\u00f6rjas och att skr\u00e4ddarsy tillskottet efter individuella behov och h\u00e4lsotillst\u00e5nd. Det finns ocks\u00e5 vissa <b>kontraindikationer<\/b>, t.ex. <b>graviditet<\/b>, <b>amning<\/b> eller \u00e5lder under 18 \u00e5r, som kan kr\u00e4va en medicinsk konsultation innan tillskottet p\u00e5b\u00f6rjas.<\/p>\n\n\n\n<p>P\u00e5litlig anv\u00e4ndning och korrekt <b>dosering av<\/b> Breast Fast-tillskottet \u00e4r viktigt f\u00f6r att dra nytta av de f\u00f6rdelar som denna produkt kan ge i samband med br\u00f6stf\u00f6rstoring och uppstramning.<\/p>\n\n\n\n<h2 class=\"wp-block-heading\" id=\"h-cena-suplementu-breast-fast\">Pris f\u00f6r Breast Fast-tillskott<\/h2>\n\n\n\n<p><b>Priset<\/b> p\u00e5 Breast Fast-tillskott \u00e4r ett attraktivt alternativ f\u00f6r dem som letar efter prisv\u00e4rda kosttillskott f\u00f6r <b>br\u00f6stf\u00f6rstoring<\/b>. Produkten erbjuder valuta f\u00f6r pengarna och ger de f\u00f6rv\u00e4ntade resultaten utan h\u00f6ga kostnader.<\/p>\n\n\n\n<p>Det \u00e4r v\u00e4rt att notera att priserna p\u00e5 Breast Fast-till\u00e4gget kan variera fr\u00e5n en f\u00f6rs\u00e4ljningsst\u00e4lle till en annan. D\u00e4rf\u00f6r rekommenderar vi att du kontrollerar erbjudandena p\u00e5 olika platser f\u00f6r att hitta det b\u00e4sta priset. Gl\u00f6m dock inte att valet av ett till\u00e4gg inte b\u00f6r baseras enbart p\u00e5 pris. Det \u00e4r ocks\u00e5 viktigt att kontrollera sammans\u00e4ttning, effektivitet och recensioner fr\u00e5n andra anv\u00e4ndare f\u00f6r att g\u00f6ra ett informerat val.<\/p>\n\n\n\n<h2 class=\"wp-block-heading\" id=\"h-skutki-uboczne-suplementu-breast-fast\">Biverkningar av Breast Fast<\/h2>\n\n\n\n<p>Innan du b\u00f6rjar behandlingen med Breast Fast-till\u00e4gget \u00e4r det viktigt att \u00f6verv\u00e4ga eventuella <b>biverkningar<\/b>. \u00c4ven om tillskottet anses vara s\u00e4kert, finns det m\u00f6jlighet till biverkningar fr\u00e5n kroppen, s\u00e5som magbesv\u00e4r eller allergiska reaktioner p\u00e5 tillskottets ingredienser.<\/p>\n\n\n\n<p>Om n\u00e5gra oroande symtom uppst\u00e5r rekommenderas att du avbryter anv\u00e4ndningen och konsulterar en l\u00e4kare. Det \u00e4r ocks\u00e5 v\u00e4rt att komma ih\u00e5g att varje person kan reagera olika p\u00e5 kosttillskott, s\u00e5 f\u00f6rsiktighet b\u00f6r iakttas.<\/p>\n\n\n\n<h2 class=\"wp-block-heading\" id=\"h-przeciwwskazania-do-stosowania-suplementu-breast-fast\">Kontraindikationer f\u00f6r anv\u00e4ndning av Breast Fast-till\u00e4gg<\/h2>\n\n\n\n<p>Breast Fast-till\u00e4gget \u00e4r anv\u00e4ndarv\u00e4nligt f\u00f6r de flesta anv\u00e4ndare, men det finns n\u00e5gra <b>kontraindikationer<\/b> att vara medveten om innan behandlingen p\u00e5b\u00f6rjas. Till\u00e4ggets s\u00e4kerhet och effektivitet \u00e4r en prioritet, s\u00e5 det \u00e4r alltid tillr\u00e5dligt att l\u00e4sa dessa kontraindikationer och r\u00e5dfr\u00e5ga din l\u00e4kare.<\/p>\n\n\n\n<p><strong>Graviditet:<\/strong> Breast Fast-tillskott \u00e4r inte avsett f\u00f6r gravida kvinnor. F\u00f6rsiktighet kr\u00e4vs vid anv\u00e4ndning av kosttillskott under denna unika period. R\u00e5dg\u00f6r med din l\u00e4kare innan du b\u00f6rjar behandlingen f\u00f6r att s\u00e4kerst\u00e4lla att till\u00e4gget \u00e4r l\u00e4mpligt i ditt fall.<\/p>\n\n\n\n<p><strong>Amning:<\/strong> Om du ammar rekommenderas det inte att ta Breast Fast-tillskottet. Ingredienserna i till\u00e4gget kan passera in i br\u00f6stmj\u00f6lk och p\u00e5verka barnet. I den h\u00e4r situationen \u00e4r det b\u00e4st att konsultera din l\u00e4kare f\u00f6r professionell r\u00e5dgivning.<\/p>\n\n\n\n<p><strong>\u00c5lder under 18 \u00e5r:<\/strong> Breast Fast-till\u00e4gg b\u00f6r inte anv\u00e4ndas av n\u00e5gon under 18 \u00e5r. Unga m\u00e4nniskors kroppar kan reagera annorlunda p\u00e5 ingredienserna i till\u00e4gget, s\u00e5 det \u00e4r viktigt att v\u00e4nta till l\u00e4mplig \u00e5lder innan behandlingen p\u00e5b\u00f6rjas.<\/p>\n\n\n\n<h2 class=\"wp-block-heading\" id=\"h-opinie-o-suplemencie-breast-fast\">Breast Fast till\u00e4gg recensioner<\/h2>\n\n\n\n<p><b>Feedback<\/b> fr\u00e5n anv\u00e4ndare av Breast Fast \u00e4r varierad. M\u00e5nga lyfter fram de synliga effekterna efter regelbunden anv\u00e4ndning <em>och noterar f\u00f6rb\u00e4ttringar i bystens utseende och fasthet<\/em>. Andra anv\u00e4ndare kan hitta mindre spektakul\u00e4ra resultat, men de flesta \u00e4r \u00f6verens om att till\u00e4gget \u00e4r l\u00e4tt att anv\u00e4nda och inte har n\u00e5gra biverkningar.<\/p>\n\n\n\n<blockquote class=\"wp-block-quote is-layout-flow wp-block-quote-is-layout-flow\">\n<p>&#8220;Breast Fast \u00e4r ett fantastiskt tillskott som verkligen fungerar. Mina br\u00f6st verkar st\u00f6rre och fastare efter att ha anv\u00e4nt det i flera veckor. Jag skulle rekommendera det till alla kvinnor som vill f\u00f6rb\u00e4ttra utseendet p\u00e5 sina br\u00f6st.&#8221;<\/p>\n\n\n\n<footer>&#8211; Anna, 32 \u00e5r<\/footer>\n<\/blockquote>\n\n\n\n<p>Andra anv\u00e4ndare lyfter ocks\u00e5 fram f\u00f6rdelarna med regelbunden anv\u00e4ndning av tillskottet. <em>Anv\u00e4ndarrecensioner kan hj\u00e4lpa andra potentiella anv\u00e4ndare att avg\u00f6ra<\/em> om Breast Fast \u00e4r r\u00e4tt till\u00e4gg f\u00f6r dem. Det \u00e4r dock viktigt att komma ih\u00e5g individuella skillnader och kroppsreaktioner som kan p\u00e5verka tillskottets effektivitet.<\/p>\n\n\n\n<h2 class=\"wp-block-heading\" id=\"h-dostepnosc-suplementu-breast-fast-cena-i-gdzie-kupic\">Tillg\u00e4nglighet f\u00f6r Breast Fast-tillskott &#8211; pris och var man kan k\u00f6pa?<\/h2>\n\n\n\n<p>Breast Fast-till\u00e4gget kan k\u00f6pas fr\u00e5n tillverkarens officiella webbplats. Det \u00e4r v\u00e4rt att notera att det inte finns i station\u00e4ra apotek. D\u00e4rf\u00f6r \u00e4r det b\u00e4sta st\u00e4llet att k\u00f6pa till\u00e4gget den <strong>officiella webbplatsen<\/strong> f\u00f6r tillverkaren, d\u00e4r du kan vara s\u00e4ker p\u00e5 produktens originalitet. Dessutom kommer k\u00f6p fr\u00e5n den officiella webbplatsen ofta med attraktiva rabatter, s\u00e4rskilt n\u00e4r du k\u00f6per ett st\u00f6rre antal f\u00f6rpackningar.<\/p>\n\n\n\n<p><strong>Priset p\u00e5<\/strong> Breast Fast-till\u00e4gget kan variera beroende p\u00e5 antalet k\u00f6pta f\u00f6rpackningar. V\u00e4nligen h\u00e4nvisa till tillverkarens officiella hemsida f\u00f6r aktuell prisinformation. Det \u00e4r ocks\u00e5 v\u00e4rt att uppm\u00e4rksamma tillg\u00e4ngliga kampanjer och specialerbjudanden som kan s\u00e4nka priset p\u00e5 till\u00e4gget. Att k\u00f6pa fr\u00e5n tillverkarens officiella webbplats ger b\u00e4sta valuta f\u00f6r pengarna och en garanti f\u00f6r produktens originalitet.<\/p>\n\n\n\n<p>Genom att k\u00f6pa fr\u00e5n tillverkarens officiella webbplats kan du vara s\u00e4ker p\u00e5 att du f\u00e5r ett original Breast Fast-tillskott av h\u00f6gsta kvalitet. Det \u00e4r v\u00e4rt att anv\u00e4nda den officiella tillverkarens webbplats f\u00f6r att f\u00e5 det b\u00e4sta priset och dra nytta av kampanjer som kan minska kostnaden f\u00f6r ditt k\u00f6p.<\/p>\n","protected":false},"excerpt":{"rendered":"<p><strong>520.00 kr<\/strong><\/p>\n<p><del>1040.00 kr<\/del><\/p>\n<p><strong>[date_countdown]<\/strong><\/p>\n","protected":false},"featured_media":2534,"comment_status":"open","ping_status":"closed","template":"","meta":{"neve_meta_sidebar":"","neve_meta_container":"","neve_meta_enable_content_width":"","neve_meta_content_width":0,"neve_meta_title_alignment":"","neve_meta_author_avatar":"","neve_post_elements_order":"","neve_meta_disable_header":"","neve_meta_disable_footer":"","neve_meta_disable_title":"","neve_meta_reading_time":""},"product_brand":[],"product_cat":[193],"product_tag":[],"class_list":{"0":"post-2546","1":"product","2":"type-product","3":"status-publish","4":"has-post-thumbnail","6":"product_cat-halsa","8":"first","9":"instock","10":"shipping-taxable","11":"product-type-external"},"yoast_head":"<!-- This site is optimized with the Yoast SEO plugin v27.4 - https:\/\/yoast.com\/product\/yoast-seo-wordpress\/ -->\n<title>Breast Fast - Clinica Althea<\/title>\n<meta name=\"robots\" content=\"index, follow, max-snippet:-1, max-image-preview:large, max-video-preview:-1\" \/>\n<link rel=\"canonical\" href=\"https:\/\/www.clinicaalthea.com\/farmacia\/sv\/apt\/breast-fast\/\" \/>\n<meta property=\"og:locale\" content=\"pl_PL\" \/>\n<meta property=\"og:type\" content=\"article\" \/>\n<meta property=\"og:title\" content=\"Breast Fast - Clinica Althea\" \/>\n<meta property=\"og:description\" content=\"520.00 kr 1040.00 kr\" \/>\n<meta property=\"og:url\" content=\"https:\/\/www.clinicaalthea.com\/farmacia\/sv\/apt\/breast-fast\/\" \/>\n<meta property=\"og:site_name\" content=\"Clinica Althea\" \/>\n<meta property=\"article:modified_time\" content=\"2024-11-01T17:30:36+00:00\" \/>\n<meta property=\"og:image\" content=\"https:\/\/www.clinicaalthea.com\/farmacia\/wp-content\/uploads\/2024\/04\/Breast-Fast.jpg\" \/>\n\t<meta property=\"og:image:width\" content=\"768\" \/>\n\t<meta property=\"og:image:height\" content=\"768\" \/>\n\t<meta property=\"og:image:type\" content=\"image\/jpeg\" \/>\n<meta name=\"twitter:card\" content=\"summary_large_image\" \/>\n<meta name=\"twitter:label1\" content=\"Szacowany czas czytania\" \/>\n\t<meta name=\"twitter:data1\" content=\"8 minut\" \/>\n<script type=\"application\/ld+json\" class=\"yoast-schema-graph\">{\"@context\":\"https:\\\/\\\/schema.org\",\"@graph\":[{\"@type\":\"WebPage\",\"@id\":\"https:\\\/\\\/www.clinicaalthea.com\\\/farmacia\\\/sv\\\/apt\\\/breast-fast\\\/\",\"url\":\"https:\\\/\\\/www.clinicaalthea.com\\\/farmacia\\\/sv\\\/apt\\\/breast-fast\\\/\",\"name\":\"Breast Fast - Clinica Althea\",\"isPartOf\":{\"@id\":\"https:\\\/\\\/www.clinicaalthea.com\\\/farmacia\\\/#website\"},\"primaryImageOfPage\":{\"@id\":\"https:\\\/\\\/www.clinicaalthea.com\\\/farmacia\\\/sv\\\/apt\\\/breast-fast\\\/#primaryimage\"},\"image\":{\"@id\":\"https:\\\/\\\/www.clinicaalthea.com\\\/farmacia\\\/sv\\\/apt\\\/breast-fast\\\/#primaryimage\"},\"thumbnailUrl\":\"https:\\\/\\\/www.clinicaalthea.com\\\/farmacia\\\/wp-content\\\/uploads\\\/2024\\\/04\\\/Breast-Fast.jpg\",\"datePublished\":\"2024-04-18T12:03:30+00:00\",\"dateModified\":\"2024-11-01T17:30:36+00:00\",\"breadcrumb\":{\"@id\":\"https:\\\/\\\/www.clinicaalthea.com\\\/farmacia\\\/sv\\\/apt\\\/breast-fast\\\/#breadcrumb\"},\"inLanguage\":\"pl-PL\",\"potentialAction\":[{\"@type\":\"ReadAction\",\"target\":[\"https:\\\/\\\/www.clinicaalthea.com\\\/farmacia\\\/sv\\\/apt\\\/breast-fast\\\/\"]}]},{\"@type\":\"ImageObject\",\"inLanguage\":\"pl-PL\",\"@id\":\"https:\\\/\\\/www.clinicaalthea.com\\\/farmacia\\\/sv\\\/apt\\\/breast-fast\\\/#primaryimage\",\"url\":\"https:\\\/\\\/www.clinicaalthea.com\\\/farmacia\\\/wp-content\\\/uploads\\\/2024\\\/04\\\/Breast-Fast.jpg\",\"contentUrl\":\"https:\\\/\\\/www.clinicaalthea.com\\\/farmacia\\\/wp-content\\\/uploads\\\/2024\\\/04\\\/Breast-Fast.jpg\",\"width\":768,\"height\":768,\"caption\":\"Breast Fast\"},{\"@type\":\"BreadcrumbList\",\"@id\":\"https:\\\/\\\/www.clinicaalthea.com\\\/farmacia\\\/sv\\\/apt\\\/breast-fast\\\/#breadcrumb\",\"itemListElement\":[{\"@type\":\"ListItem\",\"position\":1,\"name\":\"Strona g\u0142\u00f3wna\",\"item\":\"https:\\\/\\\/www.clinicaalthea.com\\\/farmacia\\\/\"},{\"@type\":\"ListItem\",\"position\":2,\"name\":\"Produkty\",\"item\":\"https:\\\/\\\/www.clinicaalthea.com\\\/farmacia\\\/\"},{\"@type\":\"ListItem\",\"position\":3,\"name\":\"Breast Fast\"}]},{\"@type\":\"WebSite\",\"@id\":\"https:\\\/\\\/www.clinicaalthea.com\\\/farmacia\\\/#website\",\"url\":\"https:\\\/\\\/www.clinicaalthea.com\\\/farmacia\\\/\",\"name\":\"Clinica Althea\",\"description\":\"\",\"publisher\":{\"@id\":\"https:\\\/\\\/www.clinicaalthea.com\\\/farmacia\\\/#organization\"},\"potentialAction\":[{\"@type\":\"SearchAction\",\"target\":{\"@type\":\"EntryPoint\",\"urlTemplate\":\"https:\\\/\\\/www.clinicaalthea.com\\\/farmacia\\\/?s={search_term_string}\"},\"query-input\":{\"@type\":\"PropertyValueSpecification\",\"valueRequired\":true,\"valueName\":\"search_term_string\"}}],\"inLanguage\":\"pl-PL\"},{\"@type\":\"Organization\",\"@id\":\"https:\\\/\\\/www.clinicaalthea.com\\\/farmacia\\\/#organization\",\"name\":\"Clinica Althea\",\"url\":\"https:\\\/\\\/www.clinicaalthea.com\\\/farmacia\\\/\",\"logo\":{\"@type\":\"ImageObject\",\"inLanguage\":\"pl-PL\",\"@id\":\"https:\\\/\\\/www.clinicaalthea.com\\\/farmacia\\\/#\\\/schema\\\/logo\\\/image\\\/\",\"url\":\"https:\\\/\\\/www.clinicaalthea.com\\\/farmacia\\\/wp-content\\\/uploads\\\/2023\\\/12\\\/Jak-diagnozuje-sie-FAS_-objawy-kryteria-diagnostyczne-i-metody-diagnozowania-154162903.jpg\",\"contentUrl\":\"https:\\\/\\\/www.clinicaalthea.com\\\/farmacia\\\/wp-content\\\/uploads\\\/2023\\\/12\\\/Jak-diagnozuje-sie-FAS_-objawy-kryteria-diagnostyczne-i-metody-diagnozowania-154162903.jpg\",\"width\":1216,\"height\":832,\"caption\":\"Clinica Althea\"},\"image\":{\"@id\":\"https:\\\/\\\/www.clinicaalthea.com\\\/farmacia\\\/#\\\/schema\\\/logo\\\/image\\\/\"}}]}<\/script>\n<!-- \/ Yoast SEO plugin. -->","yoast_head_json":{"title":"Breast Fast - Clinica Althea","robots":{"index":"index","follow":"follow","max-snippet":"max-snippet:-1","max-image-preview":"max-image-preview:large","max-video-preview":"max-video-preview:-1"},"canonical":"https:\/\/www.clinicaalthea.com\/farmacia\/sv\/apt\/breast-fast\/","og_locale":"pl_PL","og_type":"article","og_title":"Breast Fast - Clinica Althea","og_description":"520.00 kr 1040.00 kr","og_url":"https:\/\/www.clinicaalthea.com\/farmacia\/sv\/apt\/breast-fast\/","og_site_name":"Clinica Althea","article_modified_time":"2024-11-01T17:30:36+00:00","og_image":[{"width":768,"height":768,"url":"https:\/\/www.clinicaalthea.com\/farmacia\/wp-content\/uploads\/2024\/04\/Breast-Fast.jpg","type":"image\/jpeg"}],"twitter_card":"summary_large_image","twitter_misc":{"Szacowany czas czytania":"8 minut"},"schema":{"@context":"https:\/\/schema.org","@graph":[{"@type":"WebPage","@id":"https:\/\/www.clinicaalthea.com\/farmacia\/sv\/apt\/breast-fast\/","url":"https:\/\/www.clinicaalthea.com\/farmacia\/sv\/apt\/breast-fast\/","name":"Breast Fast - Clinica Althea","isPartOf":{"@id":"https:\/\/www.clinicaalthea.com\/farmacia\/#website"},"primaryImageOfPage":{"@id":"https:\/\/www.clinicaalthea.com\/farmacia\/sv\/apt\/breast-fast\/#primaryimage"},"image":{"@id":"https:\/\/www.clinicaalthea.com\/farmacia\/sv\/apt\/breast-fast\/#primaryimage"},"thumbnailUrl":"https:\/\/www.clinicaalthea.com\/farmacia\/wp-content\/uploads\/2024\/04\/Breast-Fast.jpg","datePublished":"2024-04-18T12:03:30+00:00","dateModified":"2024-11-01T17:30:36+00:00","breadcrumb":{"@id":"https:\/\/www.clinicaalthea.com\/farmacia\/sv\/apt\/breast-fast\/#breadcrumb"},"inLanguage":"pl-PL","potentialAction":[{"@type":"ReadAction","target":["https:\/\/www.clinicaalthea.com\/farmacia\/sv\/apt\/breast-fast\/"]}]},{"@type":"ImageObject","inLanguage":"pl-PL","@id":"https:\/\/www.clinicaalthea.com\/farmacia\/sv\/apt\/breast-fast\/#primaryimage","url":"https:\/\/www.clinicaalthea.com\/farmacia\/wp-content\/uploads\/2024\/04\/Breast-Fast.jpg","contentUrl":"https:\/\/www.clinicaalthea.com\/farmacia\/wp-content\/uploads\/2024\/04\/Breast-Fast.jpg","width":768,"height":768,"caption":"Breast Fast"},{"@type":"BreadcrumbList","@id":"https:\/\/www.clinicaalthea.com\/farmacia\/sv\/apt\/breast-fast\/#breadcrumb","itemListElement":[{"@type":"ListItem","position":1,"name":"Strona g\u0142\u00f3wna","item":"https:\/\/www.clinicaalthea.com\/farmacia\/"},{"@type":"ListItem","position":2,"name":"Produkty","item":"https:\/\/www.clinicaalthea.com\/farmacia\/"},{"@type":"ListItem","position":3,"name":"Breast Fast"}]},{"@type":"WebSite","@id":"https:\/\/www.clinicaalthea.com\/farmacia\/#website","url":"https:\/\/www.clinicaalthea.com\/farmacia\/","name":"Clinica Althea","description":"","publisher":{"@id":"https:\/\/www.clinicaalthea.com\/farmacia\/#organization"},"potentialAction":[{"@type":"SearchAction","target":{"@type":"EntryPoint","urlTemplate":"https:\/\/www.clinicaalthea.com\/farmacia\/?s={search_term_string}"},"query-input":{"@type":"PropertyValueSpecification","valueRequired":true,"valueName":"search_term_string"}}],"inLanguage":"pl-PL"},{"@type":"Organization","@id":"https:\/\/www.clinicaalthea.com\/farmacia\/#organization","name":"Clinica Althea","url":"https:\/\/www.clinicaalthea.com\/farmacia\/","logo":{"@type":"ImageObject","inLanguage":"pl-PL","@id":"https:\/\/www.clinicaalthea.com\/farmacia\/#\/schema\/logo\/image\/","url":"https:\/\/www.clinicaalthea.com\/farmacia\/wp-content\/uploads\/2023\/12\/Jak-diagnozuje-sie-FAS_-objawy-kryteria-diagnostyczne-i-metody-diagnozowania-154162903.jpg","contentUrl":"https:\/\/www.clinicaalthea.com\/farmacia\/wp-content\/uploads\/2023\/12\/Jak-diagnozuje-sie-FAS_-objawy-kryteria-diagnostyczne-i-metody-diagnozowania-154162903.jpg","width":1216,"height":832,"caption":"Clinica Althea"},"image":{"@id":"https:\/\/www.clinicaalthea.com\/farmacia\/#\/schema\/logo\/image\/"}}]}},"lang":"sv","translations":{"sv":2546,"cs":2535,"pl":2533,"fi":2536,"fr":2537,"es":2538,"nl":2539,"lv":2540,"lt":2541,"de":2542,"pt":2543,"ro":2544,"sk":2545,"hu":2547,"it":2548},"pll_sync_post":[],"_links":{"self":[{"href":"https:\/\/www.clinicaalthea.com\/farmacia\/wp-json\/wp\/v2\/product\/2546","targetHints":{"allow":["GET"]}}],"collection":[{"href":"https:\/\/www.clinicaalthea.com\/farmacia\/wp-json\/wp\/v2\/product"}],"about":[{"href":"https:\/\/www.clinicaalthea.com\/farmacia\/wp-json\/wp\/v2\/types\/product"}],"replies":[{"embeddable":true,"href":"https:\/\/www.clinicaalthea.com\/farmacia\/wp-json\/wp\/v2\/comments?post=2546"}],"wp:featuredmedia":[{"embeddable":true,"href":"https:\/\/www.clinicaalthea.com\/farmacia\/wp-json\/wp\/v2\/media\/2534"}],"wp:attachment":[{"href":"https:\/\/www.clinicaalthea.com\/farmacia\/wp-json\/wp\/v2\/media?parent=2546"}],"wp:term":[{"taxonomy":"product_brand","embeddable":true,"href":"https:\/\/www.clinicaalthea.com\/farmacia\/wp-json\/wp\/v2\/product_brand?post=2546"},{"taxonomy":"product_cat","embeddable":true,"href":"https:\/\/www.clinicaalthea.com\/farmacia\/wp-json\/wp\/v2\/product_cat?post=2546"},{"taxonomy":"product_tag","embeddable":true,"href":"https:\/\/www.clinicaalthea.com\/farmacia\/wp-json\/wp\/v2\/product_tag?post=2546"}],"curies":[{"name":"wp","href":"https:\/\/api.w.org\/{rel}","templated":true}]}}