{"id":2250,"date":"2024-03-24T14:19:26","date_gmt":"2024-03-24T13:19:26","guid":{"rendered":"https:\/\/mayoguide.org\/produkty\/?post_type=product&#038;p=2250"},"modified":"2024-03-24T14:19:29","modified_gmt":"2024-03-24T13:19:29","slug":"hallu-motion","status":"publish","type":"product","link":"https:\/\/www.clinicaalthea.com\/farmacia\/sl\/apt\/hallu-motion\/","title":{"rendered":"Hallu Motion"},"content":{"rendered":"\n<p><b>Hallux valgus<\/b>, deformacija stopala, ki lahko povzro\u010da bole\u010dino in nelagodje, je pogosta in te\u017eavna. Morda se zdi, da so tradicionalne metode, kot so invazivni kirur\u0161ki posegi, edini na\u010din za izbolj\u0161anje stanja stopal. Toda ali obstaja alternativa? Ali obstaja u\u010dinkovita re\u0161itev, ki lahko pomaga izbolj\u0161ati poravnavo prstov in zdravje stopal?<\/p>\n\n\n\n<p>Tu pride na vrsto <b>Hallu Motion<\/b>, inovativni <b>korekcijski vlo\u017eek<\/b>. <b>Hallu Motion<\/b> je bil razvit posebej za ljudi, ki se spopadajo s hallux valgusom, in ponuja alternativo invazivnim kirur\u0161kim posegom. Z uporabo naprednih tehnologij, kot so pametna nanovlakna in biomehanski aparati, vlo\u017eek sodeluje s stopalom, da izbolj\u0161a poravnavo prstov in zmanj\u0161a bole\u010dine.<\/p>\n\n\n\n<p>Preberite, kako deluje <b>Hallu Motion<\/b>, kak\u0161ne rezultate lahko dose\u017eete s tem korekcijskim vlo\u017ekom in kako ga pravilno uporabljati. Odkrijte mnenja uporabnikov, ki so izkusili prednosti uporabe vlo\u017eka Hallu Motion.<\/p>\n\n\n\n<h3 class=\"wp-block-heading\" id=\"h-kluczowe-informacje\">Klju\u010dne informacije:<\/h3>\n\n\n\n<ul class=\"wp-block-list\">\n<li><b>Hallux<\/b> valgus je pogosta bolezen, ki lahko povzro\u010da bole\u010dine in nelagodje.<\/li>\n\n\n\n<li>Hallu Motion je inovativen <b>korekcijski vlo\u017eek<\/b>, ki ponuja alternativo invazivnim kirur\u0161kim posegom.<\/li>\n\n\n\n<li>Uporablja napredne tehnologije, kot so pametna nanovlakna in biomehanski aparati, za izbolj\u0161anje poravnave prstov in zmanj\u0161anje bole\u010din.<\/li>\n\n\n\n<li>Uporaba vlo\u017eka Hallu Motion je lahko u\u010dinkovita pri zmanj\u0161evanju bole\u010din, izbolj\u0161anju poravnave prstov in boju proti deformacijam stopala.<\/li>\n\n\n\n<li>Povratne informacije uporabnikov potrjujejo u\u010dinkovitost in koristi vlo\u017eka Hallu Motion.<\/li>\n<\/ul>\n\n\n\n<h2 class=\"wp-block-heading\" id=\"h-jak-dziala-hallu-motion\">Kako deluje Hallu Motion?<\/h2>\n\n\n\n<p>Hallu Motion deluje kot inovativen korekcijski pripomo\u010dek za <b>hallux<\/b> valgus. Uporablja posebne elemente, kot so <em>inteligentna nanovlakna<\/em>, <em>trakovi<\/em> in <em>biomehanski sklepi<\/em>, ki u\u010dinkovito sodelujejo s stopali in prepre\u010dujejo deformacije. Nanovlakna zmanj\u0161ujejo bole\u010dino in vnetje, trakovi in biomehanski sklepi pa izbolj\u0161ujejo poravnavo prstov in biomehaniko stopala. Zato no\u0161enje vlo\u017eka Hallu Motion prispeva k postopnemu izbolj\u0161anju stanja stopal in laj\u0161anju tegob, povezanih s hallux valgusom.<\/p>\n\n\n\n<h2 class=\"wp-block-heading\" id=\"h-efekty-stosowania-hallu-motion\">U\u010dinki uporabe vlo\u017eka Hallu Motion<\/h2>\n\n\n\n<ul class=\"wp-block-list\">\n<li><strong>Izbolj\u0161anje poravnave prstov<\/strong>: Z rednim no\u0161enjem vlo\u017eka je mogo\u010de postopno izbolj\u0161ati poravnavo palca na nogi. Opornica za prste in biomehanski sklep delujeta sinergijsko, popravita izkrivljeno poravnavo prsta in mu povrneta naravno obliko.<\/li>\n\n\n\n<li><strong>Zmanj\u0161anje bole\u010dine in vnetja<\/strong>: Uporaba inteligentnih nanovlaken v opornici pomaga zmanj\u0161ati bole\u010dino in vnetje. To omogo\u010da udobno uporabo opornice ves dan, ne da bi se bilo treba odpovedati vsakodnevnim dejavnostim.<\/li>\n\n\n\n<li><strong>Podpora v boju proti ploskemu stopalu<\/strong>: V opornici je trak, ki povezuje metatarzalno kost, kar pozitivno vpliva na proces korekcije pre\u010dno ploskega stopala. Tako stopalo ponovno pridobi svojo naravno strukturo, kar izbolj\u0161a stabilnost in enakomerno obremenitev pri hoji.<\/li>\n\n\n\n<li><strong>Prepre\u010devanje ponovitve deformacije<\/strong>: S sistemati\u010dno uporabo opornice Hallu Motion lahko zmanj\u0161amo tveganje za ponovitev deformacij prstov na nogah. Opornica deluje kot preventivno orodje, saj ohranja zdravo obliko stopala in zmanj\u0161uje mo\u017enosti za ponovitev hallux valgus.<\/li>\n\n\n\n<li><strong>Obnovitev estetike stopal<\/strong>: U\u010dinki opornice se ka\u017eejo tudi v izbolj\u0161anem videzu stopal. S postopnim ravnanjem prstov in oblikovanjem pravilne biomehanike stopala je mogo\u010de povrniti naravno simetrijo in harmonijo videza stopal.<\/li>\n\n\n\n<li><strong>Varna in neinvazivna alternativa<\/strong>: Predstavlja varno mo\u017enost za ljudi z deformacijami stopal, ki se \u017eelijo izogniti invazivnim kirur\u0161kim posegom. Izogne se dolgotrajnemu okrevanju in s tem povezanim neprijetnostim.<\/li>\n\n\n\n<li><strong>Vsakodnevne dejavnosti brez ovir<\/strong>: Zaradi uporabe opornice \u010dez dan se ni treba odpovedati obi\u010dajnemu na\u010dinu \u017eivljenja. Mogo\u010de je izvajati fizi\u010dne aktivnosti, delati ali opravljati vsakodnevna opravila, hkrati pa skrbeti za zdravje in udobje svojih stopal.<\/li>\n<\/ul>\n\n\n\n<h2 class=\"wp-block-heading\" id=\"h-jak-stosowac-hallu-motion\">Kako uporabljam Hallu Motion?<\/h2>\n\n\n\n<p>Uporaba vlo\u017eka Hallu Motion je preprosta in prilagodljiva. Nosite ga lahko med vsakodnevnimi dejavnostmi, ne da bi pri tem povzro\u010dali nelagodje. Pomembno je, da natan\u010dno razumete navodila in da vlo\u017eek pravilno namestite na stopalo. Ne pozabite redno zategovati traku in ga prilagajati poravnavi prstov in stopala. Sistemati\u010dna uporaba vlo\u017eka Hallu Motion bo postopoma izbolj\u0161ala stanje va\u0161ih stopal.<\/p>\n\n\n\n<h2 class=\"wp-block-heading\" id=\"h-opinie-uzytkownikow-na-temat-hallu-motion\">Povratne informacije uporabnikov o Hallu Motion<\/h2>\n\n\n\n<p>Razvijajo\u010de se razprave na forumih in mnenja uporabnikov jasno ka\u017eejo na pozitivne izku\u0161nje z uporabo opornice Hallu Motion. Ve\u010dina uporabnikov poudarja, da jim je sistemati\u010dna uporaba opornice prinesla opazno olaj\u0161anje bole\u010din in nelagodja, povezanih s hallux valgus. Tisti, ki so dvomili o u\u010dinkovitosti izdelka, so bili obi\u010dajno pozitivno presene\u010deni nad rezultati, zlasti nad izbolj\u0161anjem poravnave prstov in zmanj\u0161anjem bole\u010din.<\/p>\n\n\n\n<blockquote class=\"wp-block-quote is-layout-flow wp-block-quote-is-layout-flow\">\n<p>&#8220;Dolga leta sem se boril z bole\u010dinami in nelagodjem, povezanim s hallux valgus. Ne le, da so me ovirale pri vsakodnevnih dejavnostih, ampak so vplivale tudi na mojo samozavest. Odlo\u010ditev, da preizkusim Hallu Motion, se je izkazala za zadetek v polno! \u017de po nekaj tednih rednega no\u0161enja opornic sem ob\u010dutil opazno izbolj\u0161anje. Bole\u010dine so se ob\u010dutno zmanj\u0161ale, palec na nogi pa se je za\u010del vra\u010dati v pravilno lego. Najbolj\u0161e od vsega pa je, da sem \u0161e vedno lahko u\u017eivala v svojih najljub\u0161ih \u010devljih, saj se opornica lahko prilagodi razli\u010dnim vrstam obutve. To je resni\u010dno revolucionarna re\u0161itev, ki mi ni prinesla le olaj\u0161anja, ampak je tudi izbolj\u0161ala videz mojih stopal. Priporo\u010dam jo vsem \u017eenskam, ki se spopadajo s hallux valgusom &#8211; resni\u010dno deluje!&#8221;<\/p>\n<\/blockquote>\n\n\n\n<blockquote class=\"wp-block-quote is-layout-flow wp-block-quote-is-layout-flow\">\n<p>&#8220;Sprva sem bila skepti\u010dna do kakr\u0161nih koli korekcijskih opornic, vendar so s\u010dasoma bole\u010dine, povezane s hallux valgusom, za\u010dele vplivati na mojo telesno aktivnost in udobje. Odlo\u010dila sem se, da dam prilo\u017enost temu izdelku, in izkazalo se je, da je zadetek v polno. Opornica je udobna za no\u0161enje in predvsem u\u010dinkovita. Stopala so me nehala boleti in palec se je postopoma vrnil v pravilen polo\u017eaj. Ker sem jo lahko nosil med delom ali treningom, se mi ni bilo treba odpovedati vsakodnevnim dejavnostim. Vesel sem, da sem se odlo\u010dil preizkusiti Hallu Motion, saj mi je pomagal povrniti udobje in samozavest pri hoji. To re\u0161itev bi toplo priporo\u010dil tudi drugim mo\u0161kim s podobnimi te\u017eavami!&#8221;<\/p>\n<\/blockquote>\n","protected":false},"excerpt":{"rendered":"<p><strong>45.00 \u20ac<\/strong><\/p>\n<p><del>90.00 \u20ac<\/del><\/p>\n<p><strong>[date_countdown]<\/strong><\/p>\n","protected":false},"featured_media":2243,"comment_status":"open","ping_status":"closed","template":"","meta":{"neve_meta_sidebar":"","neve_meta_container":"","neve_meta_enable_content_width":"","neve_meta_content_width":0,"neve_meta_title_alignment":"","neve_meta_author_avatar":"","neve_post_elements_order":"","neve_meta_disable_header":"","neve_meta_disable_footer":"","neve_meta_disable_title":"","neve_meta_reading_time":""},"product_brand":[],"product_cat":[177],"product_tag":[],"class_list":{"0":"post-2250","1":"product","2":"type-product","3":"status-publish","4":"has-post-thumbnail","6":"product_cat-zdravje","8":"first","9":"instock","10":"shipping-taxable","11":"product-type-external"},"yoast_head":"<!-- This site is optimized with the Yoast SEO plugin v27.4 - https:\/\/yoast.com\/product\/yoast-seo-wordpress\/ -->\n<title>Hallu Motion - Clinica Althea<\/title>\n<meta name=\"robots\" content=\"index, follow, max-snippet:-1, max-image-preview:large, max-video-preview:-1\" \/>\n<link rel=\"canonical\" href=\"https:\/\/www.clinicaalthea.com\/farmacia\/sl\/apt\/hallu-motion\/\" \/>\n<meta property=\"og:locale\" content=\"pl_PL\" \/>\n<meta property=\"og:type\" content=\"article\" \/>\n<meta property=\"og:title\" content=\"Hallu Motion - Clinica Althea\" \/>\n<meta property=\"og:description\" content=\"45.00 \u20ac 90.00 \u20ac\" \/>\n<meta property=\"og:url\" content=\"https:\/\/www.clinicaalthea.com\/farmacia\/sl\/apt\/hallu-motion\/\" \/>\n<meta property=\"og:site_name\" content=\"Clinica Althea\" \/>\n<meta property=\"article:modified_time\" content=\"2024-03-24T13:19:29+00:00\" \/>\n<meta property=\"og:image\" content=\"https:\/\/www.clinicaalthea.com\/farmacia\/wp-content\/uploads\/2024\/03\/Hallu-Motion.jpg\" \/>\n\t<meta property=\"og:image:width\" content=\"768\" \/>\n\t<meta property=\"og:image:height\" content=\"768\" \/>\n\t<meta property=\"og:image:type\" content=\"image\/jpeg\" \/>\n<meta name=\"twitter:card\" content=\"summary_large_image\" \/>\n<meta name=\"twitter:label1\" content=\"Szacowany czas czytania\" \/>\n\t<meta name=\"twitter:data1\" content=\"4 minuty\" \/>\n<script type=\"application\/ld+json\" class=\"yoast-schema-graph\">{\"@context\":\"https:\\\/\\\/schema.org\",\"@graph\":[{\"@type\":\"WebPage\",\"@id\":\"https:\\\/\\\/www.clinicaalthea.com\\\/farmacia\\\/sl\\\/apt\\\/hallu-motion\\\/\",\"url\":\"https:\\\/\\\/www.clinicaalthea.com\\\/farmacia\\\/sl\\\/apt\\\/hallu-motion\\\/\",\"name\":\"Hallu Motion - Clinica Althea\",\"isPartOf\":{\"@id\":\"https:\\\/\\\/www.clinicaalthea.com\\\/farmacia\\\/#website\"},\"primaryImageOfPage\":{\"@id\":\"https:\\\/\\\/www.clinicaalthea.com\\\/farmacia\\\/sl\\\/apt\\\/hallu-motion\\\/#primaryimage\"},\"image\":{\"@id\":\"https:\\\/\\\/www.clinicaalthea.com\\\/farmacia\\\/sl\\\/apt\\\/hallu-motion\\\/#primaryimage\"},\"thumbnailUrl\":\"https:\\\/\\\/www.clinicaalthea.com\\\/farmacia\\\/wp-content\\\/uploads\\\/2024\\\/03\\\/Hallu-Motion.jpg\",\"datePublished\":\"2024-03-24T13:19:26+00:00\",\"dateModified\":\"2024-03-24T13:19:29+00:00\",\"breadcrumb\":{\"@id\":\"https:\\\/\\\/www.clinicaalthea.com\\\/farmacia\\\/sl\\\/apt\\\/hallu-motion\\\/#breadcrumb\"},\"inLanguage\":\"pl-PL\",\"potentialAction\":[{\"@type\":\"ReadAction\",\"target\":[\"https:\\\/\\\/www.clinicaalthea.com\\\/farmacia\\\/sl\\\/apt\\\/hallu-motion\\\/\"]}]},{\"@type\":\"ImageObject\",\"inLanguage\":\"pl-PL\",\"@id\":\"https:\\\/\\\/www.clinicaalthea.com\\\/farmacia\\\/sl\\\/apt\\\/hallu-motion\\\/#primaryimage\",\"url\":\"https:\\\/\\\/www.clinicaalthea.com\\\/farmacia\\\/wp-content\\\/uploads\\\/2024\\\/03\\\/Hallu-Motion.jpg\",\"contentUrl\":\"https:\\\/\\\/www.clinicaalthea.com\\\/farmacia\\\/wp-content\\\/uploads\\\/2024\\\/03\\\/Hallu-Motion.jpg\",\"width\":768,\"height\":768,\"caption\":\"Hallu Motion\"},{\"@type\":\"BreadcrumbList\",\"@id\":\"https:\\\/\\\/www.clinicaalthea.com\\\/farmacia\\\/sl\\\/apt\\\/hallu-motion\\\/#breadcrumb\",\"itemListElement\":[{\"@type\":\"ListItem\",\"position\":1,\"name\":\"Strona g\u0142\u00f3wna\",\"item\":\"https:\\\/\\\/www.clinicaalthea.com\\\/farmacia\\\/\"},{\"@type\":\"ListItem\",\"position\":2,\"name\":\"Produkty\",\"item\":\"https:\\\/\\\/www.clinicaalthea.com\\\/farmacia\\\/\"},{\"@type\":\"ListItem\",\"position\":3,\"name\":\"Hallu Motion\"}]},{\"@type\":\"WebSite\",\"@id\":\"https:\\\/\\\/www.clinicaalthea.com\\\/farmacia\\\/#website\",\"url\":\"https:\\\/\\\/www.clinicaalthea.com\\\/farmacia\\\/\",\"name\":\"Clinica Althea\",\"description\":\"\",\"publisher\":{\"@id\":\"https:\\\/\\\/www.clinicaalthea.com\\\/farmacia\\\/#organization\"},\"potentialAction\":[{\"@type\":\"SearchAction\",\"target\":{\"@type\":\"EntryPoint\",\"urlTemplate\":\"https:\\\/\\\/www.clinicaalthea.com\\\/farmacia\\\/?s={search_term_string}\"},\"query-input\":{\"@type\":\"PropertyValueSpecification\",\"valueRequired\":true,\"valueName\":\"search_term_string\"}}],\"inLanguage\":\"pl-PL\"},{\"@type\":\"Organization\",\"@id\":\"https:\\\/\\\/www.clinicaalthea.com\\\/farmacia\\\/#organization\",\"name\":\"Clinica Althea\",\"url\":\"https:\\\/\\\/www.clinicaalthea.com\\\/farmacia\\\/\",\"logo\":{\"@type\":\"ImageObject\",\"inLanguage\":\"pl-PL\",\"@id\":\"https:\\\/\\\/www.clinicaalthea.com\\\/farmacia\\\/#\\\/schema\\\/logo\\\/image\\\/\",\"url\":\"https:\\\/\\\/www.clinicaalthea.com\\\/farmacia\\\/wp-content\\\/uploads\\\/2023\\\/12\\\/Jak-diagnozuje-sie-FAS_-objawy-kryteria-diagnostyczne-i-metody-diagnozowania-154162903.jpg\",\"contentUrl\":\"https:\\\/\\\/www.clinicaalthea.com\\\/farmacia\\\/wp-content\\\/uploads\\\/2023\\\/12\\\/Jak-diagnozuje-sie-FAS_-objawy-kryteria-diagnostyczne-i-metody-diagnozowania-154162903.jpg\",\"width\":1216,\"height\":832,\"caption\":\"Clinica Althea\"},\"image\":{\"@id\":\"https:\\\/\\\/www.clinicaalthea.com\\\/farmacia\\\/#\\\/schema\\\/logo\\\/image\\\/\"}}]}<\/script>\n<!-- \/ Yoast SEO plugin. -->","yoast_head_json":{"title":"Hallu Motion - Clinica Althea","robots":{"index":"index","follow":"follow","max-snippet":"max-snippet:-1","max-image-preview":"max-image-preview:large","max-video-preview":"max-video-preview:-1"},"canonical":"https:\/\/www.clinicaalthea.com\/farmacia\/sl\/apt\/hallu-motion\/","og_locale":"pl_PL","og_type":"article","og_title":"Hallu Motion - Clinica Althea","og_description":"45.00 \u20ac 90.00 \u20ac","og_url":"https:\/\/www.clinicaalthea.com\/farmacia\/sl\/apt\/hallu-motion\/","og_site_name":"Clinica Althea","article_modified_time":"2024-03-24T13:19:29+00:00","og_image":[{"width":768,"height":768,"url":"https:\/\/www.clinicaalthea.com\/farmacia\/wp-content\/uploads\/2024\/03\/Hallu-Motion.jpg","type":"image\/jpeg"}],"twitter_card":"summary_large_image","twitter_misc":{"Szacowany czas czytania":"4 minuty"},"schema":{"@context":"https:\/\/schema.org","@graph":[{"@type":"WebPage","@id":"https:\/\/www.clinicaalthea.com\/farmacia\/sl\/apt\/hallu-motion\/","url":"https:\/\/www.clinicaalthea.com\/farmacia\/sl\/apt\/hallu-motion\/","name":"Hallu Motion - Clinica Althea","isPartOf":{"@id":"https:\/\/www.clinicaalthea.com\/farmacia\/#website"},"primaryImageOfPage":{"@id":"https:\/\/www.clinicaalthea.com\/farmacia\/sl\/apt\/hallu-motion\/#primaryimage"},"image":{"@id":"https:\/\/www.clinicaalthea.com\/farmacia\/sl\/apt\/hallu-motion\/#primaryimage"},"thumbnailUrl":"https:\/\/www.clinicaalthea.com\/farmacia\/wp-content\/uploads\/2024\/03\/Hallu-Motion.jpg","datePublished":"2024-03-24T13:19:26+00:00","dateModified":"2024-03-24T13:19:29+00:00","breadcrumb":{"@id":"https:\/\/www.clinicaalthea.com\/farmacia\/sl\/apt\/hallu-motion\/#breadcrumb"},"inLanguage":"pl-PL","potentialAction":[{"@type":"ReadAction","target":["https:\/\/www.clinicaalthea.com\/farmacia\/sl\/apt\/hallu-motion\/"]}]},{"@type":"ImageObject","inLanguage":"pl-PL","@id":"https:\/\/www.clinicaalthea.com\/farmacia\/sl\/apt\/hallu-motion\/#primaryimage","url":"https:\/\/www.clinicaalthea.com\/farmacia\/wp-content\/uploads\/2024\/03\/Hallu-Motion.jpg","contentUrl":"https:\/\/www.clinicaalthea.com\/farmacia\/wp-content\/uploads\/2024\/03\/Hallu-Motion.jpg","width":768,"height":768,"caption":"Hallu Motion"},{"@type":"BreadcrumbList","@id":"https:\/\/www.clinicaalthea.com\/farmacia\/sl\/apt\/hallu-motion\/#breadcrumb","itemListElement":[{"@type":"ListItem","position":1,"name":"Strona g\u0142\u00f3wna","item":"https:\/\/www.clinicaalthea.com\/farmacia\/"},{"@type":"ListItem","position":2,"name":"Produkty","item":"https:\/\/www.clinicaalthea.com\/farmacia\/"},{"@type":"ListItem","position":3,"name":"Hallu Motion"}]},{"@type":"WebSite","@id":"https:\/\/www.clinicaalthea.com\/farmacia\/#website","url":"https:\/\/www.clinicaalthea.com\/farmacia\/","name":"Clinica Althea","description":"","publisher":{"@id":"https:\/\/www.clinicaalthea.com\/farmacia\/#organization"},"potentialAction":[{"@type":"SearchAction","target":{"@type":"EntryPoint","urlTemplate":"https:\/\/www.clinicaalthea.com\/farmacia\/?s={search_term_string}"},"query-input":{"@type":"PropertyValueSpecification","valueRequired":true,"valueName":"search_term_string"}}],"inLanguage":"pl-PL"},{"@type":"Organization","@id":"https:\/\/www.clinicaalthea.com\/farmacia\/#organization","name":"Clinica Althea","url":"https:\/\/www.clinicaalthea.com\/farmacia\/","logo":{"@type":"ImageObject","inLanguage":"pl-PL","@id":"https:\/\/www.clinicaalthea.com\/farmacia\/#\/schema\/logo\/image\/","url":"https:\/\/www.clinicaalthea.com\/farmacia\/wp-content\/uploads\/2023\/12\/Jak-diagnozuje-sie-FAS_-objawy-kryteria-diagnostyczne-i-metody-diagnozowania-154162903.jpg","contentUrl":"https:\/\/www.clinicaalthea.com\/farmacia\/wp-content\/uploads\/2023\/12\/Jak-diagnozuje-sie-FAS_-objawy-kryteria-diagnostyczne-i-metody-diagnozowania-154162903.jpg","width":1216,"height":832,"caption":"Clinica Althea"},"image":{"@id":"https:\/\/www.clinicaalthea.com\/farmacia\/#\/schema\/logo\/image\/"}}]}},"lang":"sl","translations":{"sl":2250,"de":2244,"cs":2242,"hu":2245,"it":2246,"sk":2247,"sv":2248,"bg":2249},"pll_sync_post":[],"_links":{"self":[{"href":"https:\/\/www.clinicaalthea.com\/farmacia\/wp-json\/wp\/v2\/product\/2250","targetHints":{"allow":["GET"]}}],"collection":[{"href":"https:\/\/www.clinicaalthea.com\/farmacia\/wp-json\/wp\/v2\/product"}],"about":[{"href":"https:\/\/www.clinicaalthea.com\/farmacia\/wp-json\/wp\/v2\/types\/product"}],"replies":[{"embeddable":true,"href":"https:\/\/www.clinicaalthea.com\/farmacia\/wp-json\/wp\/v2\/comments?post=2250"}],"wp:featuredmedia":[{"embeddable":true,"href":"https:\/\/www.clinicaalthea.com\/farmacia\/wp-json\/wp\/v2\/media\/2243"}],"wp:attachment":[{"href":"https:\/\/www.clinicaalthea.com\/farmacia\/wp-json\/wp\/v2\/media?parent=2250"}],"wp:term":[{"taxonomy":"product_brand","embeddable":true,"href":"https:\/\/www.clinicaalthea.com\/farmacia\/wp-json\/wp\/v2\/product_brand?post=2250"},{"taxonomy":"product_cat","embeddable":true,"href":"https:\/\/www.clinicaalthea.com\/farmacia\/wp-json\/wp\/v2\/product_cat?post=2250"},{"taxonomy":"product_tag","embeddable":true,"href":"https:\/\/www.clinicaalthea.com\/farmacia\/wp-json\/wp\/v2\/product_tag?post=2250"}],"curies":[{"name":"wp","href":"https:\/\/api.w.org\/{rel}","templated":true}]}}