{"id":2242,"date":"2024-03-24T14:10:58","date_gmt":"2024-03-24T13:10:58","guid":{"rendered":"https:\/\/mayoguide.org\/produkty\/?post_type=product&#038;p=2242"},"modified":"2024-03-24T14:19:29","modified_gmt":"2024-03-24T13:19:29","slug":"hallu-motion","status":"publish","type":"product","link":"https:\/\/www.clinicaalthea.com\/farmacia\/cs\/apt\/hallu-motion\/","title":{"rendered":"Hallu Motion"},"content":{"rendered":"\n<p><b>Hallux valgus<\/b>, deformita nohy, kter\u00e1 m\u016f\u017ee zp\u016fsobovat bolest a nepohodl\u00ed, je \u010dast\u00e1 a nep\u0159\u00edjemn\u00e1. M\u016f\u017ee se zd\u00e1t, \u017ee tradi\u010dn\u00ed metody, jako jsou invazivn\u00ed chirurgick\u00e9 z\u00e1kroky, jsou jedin\u00fdm zp\u016fsobem, jak zlep\u0161it stav chodidel. Existuje v\u0161ak alternativa? Existuje \u00fa\u010dinn\u00e9 \u0159e\u0161en\u00ed, kter\u00e9 m\u016f\u017ee pomoci zlep\u0161it vyrovn\u00e1n\u00ed prst\u016f a zdrav\u00ed chodidel?<\/p>\n\n\n\n<p>Pr\u00e1v\u011b zde p\u0159ich\u00e1z\u00ed na \u0159adu <b>Hallu Motion<\/b>, inovativn\u00ed <b>korek\u010dn\u00ed st\u00e9lka<\/b>. <b>Hallu Motion<\/b> byla vyvinuta speci\u00e1ln\u011b pro lidi, kte\u0159\u00ed se pot\u00fdkaj\u00ed s hallux valgus, a nab\u00edz\u00ed alternativu k invazivn\u00edm chirurgick\u00fdm z\u00e1krok\u016fm. Pomoc\u00ed pokro\u010dil\u00fdch technologi\u00ed, jako jsou inteligentn\u00ed nanovl\u00e1kna a biomechanick\u00fd p\u0159\u00edstroj, st\u00e9lka spolupracuje s chodidlem, aby zlep\u0161ila zarovn\u00e1n\u00ed prst\u016f a sn\u00ed\u017eila bolest.<\/p>\n\n\n\n<p>Zjist\u011bte, jak <b>Hallu Motion<\/b> funguje, jak\u00fdch v\u00fdsledk\u016f m\u016f\u017eete s touto korek\u010dn\u00ed st\u00e9lkou dos\u00e1hnout a jak ji spr\u00e1vn\u011b pou\u017e\u00edvat. Objevte recenze u\u017eivatel\u016f, kte\u0159\u00ed za\u017eili v\u00fdhody pou\u017e\u00edv\u00e1n\u00ed Hallu Motion.<\/p>\n\n\n\n<h3 class=\"wp-block-heading\" id=\"h-kluczowe-informacje\">Kl\u00ed\u010dov\u00e9 informace:<\/h3>\n\n\n\n<ul class=\"wp-block-list\">\n<li><b>Hallux<\/b> valgus je \u010dast\u00fd a m\u016f\u017ee zp\u016fsobovat bolest a nepohodl\u00ed.<\/li>\n\n\n\n<li>Hallu Motion je inovativn\u00ed <b>korek\u010dn\u00ed st\u00e9lka<\/b>, kter\u00e1 nab\u00edz\u00ed alternativu k invazivn\u00edm chirurgick\u00fdm z\u00e1krok\u016fm.<\/li>\n\n\n\n<li>Vyu\u017e\u00edv\u00e1 pokro\u010dil\u00e9 technologie, jako jsou inteligentn\u00ed nanovl\u00e1kna a biomechanick\u00fd p\u0159\u00edstroj, kter\u00e9 zlep\u0161uj\u00ed vyrovn\u00e1n\u00ed prst\u016f a sni\u017euj\u00ed bolest.<\/li>\n\n\n\n<li>Pou\u017e\u00edv\u00e1n\u00ed vlo\u017eky Hallu Motion m\u016f\u017ee b\u00fdt \u00fa\u010dinn\u00e9 p\u0159i sni\u017eov\u00e1n\u00ed bolesti, zlep\u0161ov\u00e1n\u00ed zarovn\u00e1n\u00ed prst\u016f a boji proti deformit\u00e1m chodidla.<\/li>\n\n\n\n<li>Zp\u011btn\u00e1 vazba od u\u017eivatel\u016f potvrzuje \u00fa\u010dinnost a p\u0159\u00ednosy vlo\u017eky Hallu Motion.<\/li>\n<\/ul>\n\n\n\n<h2 class=\"wp-block-heading\" id=\"h-jak-dziala-hallu-motion\">Jak Hallu Motion funguje?<\/h2>\n\n\n\n<p>Hallu Motion funguje jako inovativn\u00ed korek\u010dn\u00ed pom\u016fcka pro <b>hallux<\/b> valgus. Vyu\u017e\u00edv\u00e1 speci\u00e1ln\u00ed prvky, jako jsou <em>inteligentn\u00ed nanovl\u00e1kna<\/em>, <em>p\u00e1sky<\/em> a <em>biomechanick\u00e9 klouby<\/em>, kter\u00e9 \u00fa\u010dinn\u011b spolupracuj\u00ed s chodidlem a p\u016fsob\u00ed proti deformit\u00e1m. Nanovl\u00e1kna sni\u017euj\u00ed bolest a z\u00e1n\u011bt, p\u00e1sky a biomechanick\u00e9 klouby zlep\u0161uj\u00ed vyrovn\u00e1n\u00ed prst\u016f a biomechaniku chodidla. V d\u016fsledku toho p\u0159isp\u00edv\u00e1 no\u0161en\u00ed st\u00e9lky Hallu Motion k postupn\u00e9mu zlep\u0161ov\u00e1n\u00ed stavu chodidla a \u00falev\u011b od pot\u00ed\u017e\u00ed souvisej\u00edc\u00edch s hallux valgus.<\/p>\n\n\n\n<h2 class=\"wp-block-heading\" id=\"h-efekty-stosowania-hallu-motion\">\u00da\u010dinky pou\u017e\u00edv\u00e1n\u00ed st\u00e9lky Hallu Motion<\/h2>\n\n\n\n<ul class=\"wp-block-list\">\n<li><strong>Zlep\u0161en\u00ed zarovn\u00e1n\u00ed prst\u016f<\/strong>: Pravideln\u00fdm no\u0161en\u00edm ort\u00e9zy doch\u00e1z\u00ed k postupn\u00e9mu zlep\u0161en\u00ed zarovn\u00e1n\u00ed palce nohy. Ort\u00e9za na palec u nohy a biomechanick\u00fd kloub p\u016fsob\u00ed synergicky, napravuj\u00ed naru\u0161en\u00e9 zarovn\u00e1n\u00ed palce u nohy a obnovuj\u00ed jeho p\u0159irozen\u00fd tvar.<\/li>\n\n\n\n<li><strong>Sn\u00ed\u017een\u00ed bolesti a z\u00e1n\u011btu<\/strong>: Pou\u017eit\u00ed inteligentn\u00edch nanovl\u00e1ken uvnit\u0159 ort\u00e9zy pom\u00e1h\u00e1 sni\u017eovat bolest a z\u00e1n\u011bt. D\u00edky tomu je mo\u017en\u00e9 ort\u00e9zu pohodln\u011b pou\u017e\u00edvat po cel\u00fd den, ani\u017e byste se museli vzd\u00e1t ka\u017edodenn\u00edch aktivit.<\/li>\n\n\n\n<li><strong>Podpora v boji proti ploch\u00fdm noh\u00e1m<\/strong>: P\u00e1sek spojuj\u00edc\u00ed metatarz\u00e1ln\u00ed kosti v ort\u00e9ze m\u00e1 pozitivn\u00ed vliv na proces korekce p\u0159\u00ed\u010dn\u011b ploch\u00fdch nohou. D\u00edky tomu noha znovu z\u00edsk\u00e1 svou p\u0159irozenou strukturu, zlep\u0161\u00ed se jej\u00ed stabilita a rovnom\u011brn\u00e9 zat\u00ed\u017een\u00ed p\u0159i ch\u016fzi.<\/li>\n\n\n\n<li><strong>Prevence opakov\u00e1n\u00ed deformity<\/strong>: Systematick\u00fdm pou\u017e\u00edv\u00e1n\u00edm ort\u00e9zy Hallu Motion lze sn\u00ed\u017eit riziko recidivy deformit prst\u016f. Ort\u00e9za funguje jako preventivn\u00ed n\u00e1stroj, kter\u00fd udr\u017euje zdrav\u00fd tvar chodidla a minimalizuje pravd\u011bpodobnost recidivy hallux valgus.<\/li>\n\n\n\n<li><strong>Obnoven\u00ed estetiky nohou<\/strong>: \u00da\u010dinky ort\u00e9zy se projevuj\u00ed tak\u00e9 ve zlep\u0161en\u00ed vzhledu nohou. Postupn\u00fdm narovn\u00e1v\u00e1n\u00edm prst\u016f a formov\u00e1n\u00edm spr\u00e1vn\u00e9 biomechaniky chodidla je mo\u017en\u00e9 obnovit p\u0159irozenou symetrii a harmonii vzhledu nohou.<\/li>\n\n\n\n<li><strong>Bezpe\u010dn\u00e1 a neinvazivn\u00ed alternativa<\/strong>: Poskytuje bezpe\u010dnou mo\u017enost pro osoby s deformitami nohou, kter\u00e9 se cht\u011bj\u00ed vyhnout invazivn\u00edm chirurgick\u00fdm z\u00e1krok\u016fm. Vyh\u00fdb\u00e1 se dlouh\u00e9 rekonvalescenci a souvisej\u00edc\u00edmu nepohodl\u00ed.<\/li>\n\n\n\n<li><strong>Ka\u017edodenn\u00ed aktivita bez p\u0159ek\u00e1\u017eek<\/strong>: Pou\u017e\u00edv\u00e1n\u00ed ort\u00e9zy b\u011bhem dne nevy\u017eaduje, abyste se vzdali sv\u00e9ho b\u011b\u017en\u00e9ho \u017eivotn\u00edho stylu. Je mo\u017en\u00e9 vykon\u00e1vat fyzickou aktivitu, pracovat nebo plnit ka\u017edodenn\u00ed povinnosti a p\u0159itom db\u00e1t na zdrav\u00ed a pohodl\u00ed sv\u00fdch nohou.<\/li>\n<\/ul>\n\n\n\n<h2 class=\"wp-block-heading\" id=\"h-jak-stosowac-hallu-motion\">Jak pou\u017e\u00edvat ort\u00e9zu Hallu Motion?<\/h2>\n\n\n\n<p>Pou\u017eit\u00ed vlo\u017eky Hallu Motion je jednoduch\u00e9 a flexibiln\u00ed. Lze ji nosit p\u0159i ka\u017edodenn\u00edch \u010dinnostech, ani\u017e by zp\u016fsobovala nepohodl\u00ed. D\u016fle\u017eit\u00e9 je pe\u010dliv\u011b porozum\u011bt n\u00e1vodu a spr\u00e1vn\u011b um\u00edstit st\u00e9lku na nohu. Nezapome\u0148te p\u00e1sek pravideln\u011b utahovat a p\u0159izp\u016fsobit jej zarovn\u00e1n\u00ed prst\u016f a chodidla. Systematick\u00e9 pou\u017e\u00edv\u00e1n\u00ed Hallu Motion postupn\u011b zlep\u0161\u00ed stav va\u0161ich nohou.<\/p>\n\n\n\n<h2 class=\"wp-block-heading\" id=\"h-opinie-uzytkownikow-na-temat-hallu-motion\">Zp\u011btn\u00e1 vazba u\u017eivatel\u016f na Hallu Motion<\/h2>\n\n\n\n<p>Rozv\u00edjej\u00edc\u00ed se diskuse na f\u00f3rech a n\u00e1zory u\u017eivatel\u016f jasn\u011b ukazuj\u00ed na pozitivn\u00ed zku\u0161enosti s pou\u017e\u00edv\u00e1n\u00edm ort\u00e9zy Hallu Motion. V\u011bt\u0161ina u\u017eivatel\u016f zd\u016fraz\u0148uje, \u017ee systematick\u00e9 pou\u017e\u00edv\u00e1n\u00ed ort\u00e9zy jim p\u0159ineslo znatelnou \u00falevu od bolesti a nepohodl\u00ed spojen\u00e9ho s hallux valgus. Ti, kte\u0159\u00ed m\u011bli pochybnosti o \u00fa\u010dinnosti v\u00fdrobku, byli v\u011bt\u0161inou pozitivn\u011b p\u0159ekvapeni v\u00fdsledky, zejm\u00e9na pokud jde o zlep\u0161en\u00ed vyrovn\u00e1n\u00ed prst\u016f a sn\u00ed\u017een\u00ed bolesti.<\/p>\n\n\n\n<blockquote class=\"wp-block-quote is-layout-flow wp-block-quote-is-layout-flow\">\n<p>&#8220;Mnoho let jsem bojoval s bolest\u00ed a nepohodl\u00edm spojen\u00fdm s hallux valgus. Nejen\u017ee mi p\u0159ek\u00e1\u017eely v ka\u017edodenn\u00edch aktivit\u00e1ch, ale ovliv\u0148ovaly i m\u00e9 sebev\u011bdom\u00ed. Rozhodnut\u00ed vyzkou\u0161et Hallu Motion se uk\u00e1zalo jako trefa do \u010dern\u00e9ho! Ji\u017e po n\u011bkolika t\u00fddnech pravideln\u00e9ho no\u0161en\u00ed ort\u00e9z jsem poc\u00edtila znateln\u00e9 zlep\u0161en\u00ed. Bolest se v\u00fdrazn\u011b zm\u00edrnila a palec se za\u010dal vracet do spr\u00e1vn\u00e9 polohy. A co je nejlep\u0161\u00ed, st\u00e1le jsem mohl u\u017e\u00edvat sv\u00e9 obl\u00edben\u00e9 boty, proto\u017ee ort\u00e9zu lze p\u0159izp\u016fsobit r\u016fzn\u00fdm typ\u016fm obuvi. Jedn\u00e1 se o skute\u010dn\u011b revolu\u010dn\u00ed \u0159e\u0161en\u00ed, kter\u00e9 mi nejen ulevilo, ale tak\u00e9 zlep\u0161ilo vzhled m\u00fdch nohou. Doporu\u010dila bych ji v\u0161em \u017een\u00e1m, kter\u00e9 se pot\u00fdkaj\u00ed s hallux valgus &#8211; opravdu funguje!&#8221;<\/p>\n<\/blockquote>\n\n\n\n<blockquote class=\"wp-block-quote is-layout-flow wp-block-quote-is-layout-flow\">\n<p>&#8220;Zpo\u010d\u00e1tku jsem byla k jak\u00fdmkoli korek\u010dn\u00edm ort\u00e9z\u00e1m skeptick\u00e1, ale postupem \u010dasu za\u010daly bolesti spojen\u00e9 s hallux valgus ovliv\u0148ovat mou fyzickou aktivitu a pohodl\u00ed. Rozhodla jsem se d\u00e1t tomuto v\u00fdrobku \u0161anci a uk\u00e1zalo se, \u017ee je to trefa do \u010dern\u00e9ho. Ort\u00e9za se pohodln\u011b nos\u00ed a p\u0159edev\u0161\u00edm je \u00fa\u010dinn\u00e1. Nohy m\u011b p\u0159estaly bolet a palec se postupn\u011b vr\u00e1til do spr\u00e1vn\u00e9 polohy. D\u00edky tomu, \u017ee jsem ji mohl nosit p\u0159i pr\u00e1ci nebo tr\u00e9ninku, jsem se nemusel vzd\u00e1t sv\u00fdch ka\u017edodenn\u00edch aktivit. Jsem r\u00e1d, \u017ee jsem se rozhodl vyzkou\u0161et Hallu Motion, proto\u017ee mi pomohl z\u00edskat zp\u011bt pohodl\u00ed a jistotu p\u0159i ch\u016fzi. Toto \u0159e\u0161en\u00ed bych v\u0159ele doporu\u010dil i dal\u0161\u00edm mu\u017e\u016fm s podobn\u00fdm probl\u00e9mem!&#8221;<\/p>\n<\/blockquote>\n","protected":false},"excerpt":{"rendered":"<p><strong>1069.00 K\u010d<\/strong><\/p>\n<p><del>2138.00 K\u010d<\/del><\/p>\n<p><strong>[date_countdown]<\/strong><\/p>\n","protected":false},"featured_media":2243,"comment_status":"open","ping_status":"closed","template":"","meta":{"neve_meta_sidebar":"","neve_meta_container":"","neve_meta_enable_content_width":"","neve_meta_content_width":0,"neve_meta_title_alignment":"","neve_meta_author_avatar":"","neve_post_elements_order":"","neve_meta_disable_header":"","neve_meta_disable_footer":"","neve_meta_disable_title":"","neve_meta_reading_time":""},"product_brand":[],"product_cat":[49],"product_tag":[],"class_list":{"0":"post-2242","1":"product","2":"type-product","3":"status-publish","4":"has-post-thumbnail","6":"product_cat-zdravi","8":"first","9":"instock","10":"shipping-taxable","11":"product-type-external"},"yoast_head":"<!-- This site is optimized with the Yoast SEO plugin v27.4 - https:\/\/yoast.com\/product\/yoast-seo-wordpress\/ -->\n<title>Hallu Motion - Clinica Althea<\/title>\n<meta name=\"robots\" content=\"index, follow, max-snippet:-1, max-image-preview:large, max-video-preview:-1\" \/>\n<link rel=\"canonical\" href=\"https:\/\/www.clinicaalthea.com\/farmacia\/cs\/apt\/hallu-motion\/\" \/>\n<meta property=\"og:locale\" content=\"pl_PL\" \/>\n<meta property=\"og:type\" content=\"article\" \/>\n<meta property=\"og:title\" content=\"Hallu Motion - Clinica Althea\" \/>\n<meta property=\"og:description\" content=\"1069.00 K\u010d  2138.00 K\u010d\" \/>\n<meta property=\"og:url\" content=\"https:\/\/www.clinicaalthea.com\/farmacia\/cs\/apt\/hallu-motion\/\" \/>\n<meta property=\"og:site_name\" content=\"Clinica Althea\" \/>\n<meta property=\"article:modified_time\" content=\"2024-03-24T13:19:29+00:00\" \/>\n<meta property=\"og:image\" content=\"https:\/\/www.clinicaalthea.com\/farmacia\/wp-content\/uploads\/2024\/03\/Hallu-Motion.jpg\" \/>\n\t<meta property=\"og:image:width\" content=\"768\" \/>\n\t<meta property=\"og:image:height\" content=\"768\" \/>\n\t<meta property=\"og:image:type\" content=\"image\/jpeg\" \/>\n<meta name=\"twitter:card\" content=\"summary_large_image\" \/>\n<meta name=\"twitter:label1\" content=\"Szacowany czas czytania\" \/>\n\t<meta name=\"twitter:data1\" content=\"4 minuty\" \/>\n<script type=\"application\/ld+json\" class=\"yoast-schema-graph\">{\"@context\":\"https:\\\/\\\/schema.org\",\"@graph\":[{\"@type\":\"WebPage\",\"@id\":\"https:\\\/\\\/www.clinicaalthea.com\\\/farmacia\\\/cs\\\/apt\\\/hallu-motion\\\/\",\"url\":\"https:\\\/\\\/www.clinicaalthea.com\\\/farmacia\\\/cs\\\/apt\\\/hallu-motion\\\/\",\"name\":\"Hallu Motion - Clinica Althea\",\"isPartOf\":{\"@id\":\"https:\\\/\\\/www.clinicaalthea.com\\\/farmacia\\\/#website\"},\"primaryImageOfPage\":{\"@id\":\"https:\\\/\\\/www.clinicaalthea.com\\\/farmacia\\\/cs\\\/apt\\\/hallu-motion\\\/#primaryimage\"},\"image\":{\"@id\":\"https:\\\/\\\/www.clinicaalthea.com\\\/farmacia\\\/cs\\\/apt\\\/hallu-motion\\\/#primaryimage\"},\"thumbnailUrl\":\"https:\\\/\\\/www.clinicaalthea.com\\\/farmacia\\\/wp-content\\\/uploads\\\/2024\\\/03\\\/Hallu-Motion.jpg\",\"datePublished\":\"2024-03-24T13:10:58+00:00\",\"dateModified\":\"2024-03-24T13:19:29+00:00\",\"breadcrumb\":{\"@id\":\"https:\\\/\\\/www.clinicaalthea.com\\\/farmacia\\\/cs\\\/apt\\\/hallu-motion\\\/#breadcrumb\"},\"inLanguage\":\"pl-PL\",\"potentialAction\":[{\"@type\":\"ReadAction\",\"target\":[\"https:\\\/\\\/www.clinicaalthea.com\\\/farmacia\\\/cs\\\/apt\\\/hallu-motion\\\/\"]}]},{\"@type\":\"ImageObject\",\"inLanguage\":\"pl-PL\",\"@id\":\"https:\\\/\\\/www.clinicaalthea.com\\\/farmacia\\\/cs\\\/apt\\\/hallu-motion\\\/#primaryimage\",\"url\":\"https:\\\/\\\/www.clinicaalthea.com\\\/farmacia\\\/wp-content\\\/uploads\\\/2024\\\/03\\\/Hallu-Motion.jpg\",\"contentUrl\":\"https:\\\/\\\/www.clinicaalthea.com\\\/farmacia\\\/wp-content\\\/uploads\\\/2024\\\/03\\\/Hallu-Motion.jpg\",\"width\":768,\"height\":768,\"caption\":\"Hallu Motion\"},{\"@type\":\"BreadcrumbList\",\"@id\":\"https:\\\/\\\/www.clinicaalthea.com\\\/farmacia\\\/cs\\\/apt\\\/hallu-motion\\\/#breadcrumb\",\"itemListElement\":[{\"@type\":\"ListItem\",\"position\":1,\"name\":\"Strona g\u0142\u00f3wna\",\"item\":\"https:\\\/\\\/www.clinicaalthea.com\\\/farmacia\\\/\"},{\"@type\":\"ListItem\",\"position\":2,\"name\":\"Produkty\",\"item\":\"https:\\\/\\\/www.clinicaalthea.com\\\/farmacia\\\/\"},{\"@type\":\"ListItem\",\"position\":3,\"name\":\"Hallu Motion\"}]},{\"@type\":\"WebSite\",\"@id\":\"https:\\\/\\\/www.clinicaalthea.com\\\/farmacia\\\/#website\",\"url\":\"https:\\\/\\\/www.clinicaalthea.com\\\/farmacia\\\/\",\"name\":\"Clinica Althea\",\"description\":\"\",\"publisher\":{\"@id\":\"https:\\\/\\\/www.clinicaalthea.com\\\/farmacia\\\/#organization\"},\"potentialAction\":[{\"@type\":\"SearchAction\",\"target\":{\"@type\":\"EntryPoint\",\"urlTemplate\":\"https:\\\/\\\/www.clinicaalthea.com\\\/farmacia\\\/?s={search_term_string}\"},\"query-input\":{\"@type\":\"PropertyValueSpecification\",\"valueRequired\":true,\"valueName\":\"search_term_string\"}}],\"inLanguage\":\"pl-PL\"},{\"@type\":\"Organization\",\"@id\":\"https:\\\/\\\/www.clinicaalthea.com\\\/farmacia\\\/#organization\",\"name\":\"Clinica Althea\",\"url\":\"https:\\\/\\\/www.clinicaalthea.com\\\/farmacia\\\/\",\"logo\":{\"@type\":\"ImageObject\",\"inLanguage\":\"pl-PL\",\"@id\":\"https:\\\/\\\/www.clinicaalthea.com\\\/farmacia\\\/#\\\/schema\\\/logo\\\/image\\\/\",\"url\":\"https:\\\/\\\/www.clinicaalthea.com\\\/farmacia\\\/wp-content\\\/uploads\\\/2023\\\/12\\\/Jak-diagnozuje-sie-FAS_-objawy-kryteria-diagnostyczne-i-metody-diagnozowania-154162903.jpg\",\"contentUrl\":\"https:\\\/\\\/www.clinicaalthea.com\\\/farmacia\\\/wp-content\\\/uploads\\\/2023\\\/12\\\/Jak-diagnozuje-sie-FAS_-objawy-kryteria-diagnostyczne-i-metody-diagnozowania-154162903.jpg\",\"width\":1216,\"height\":832,\"caption\":\"Clinica Althea\"},\"image\":{\"@id\":\"https:\\\/\\\/www.clinicaalthea.com\\\/farmacia\\\/#\\\/schema\\\/logo\\\/image\\\/\"}}]}<\/script>\n<!-- \/ Yoast SEO plugin. -->","yoast_head_json":{"title":"Hallu Motion - Clinica Althea","robots":{"index":"index","follow":"follow","max-snippet":"max-snippet:-1","max-image-preview":"max-image-preview:large","max-video-preview":"max-video-preview:-1"},"canonical":"https:\/\/www.clinicaalthea.com\/farmacia\/cs\/apt\/hallu-motion\/","og_locale":"pl_PL","og_type":"article","og_title":"Hallu Motion - Clinica Althea","og_description":"1069.00 K\u010d  2138.00 K\u010d","og_url":"https:\/\/www.clinicaalthea.com\/farmacia\/cs\/apt\/hallu-motion\/","og_site_name":"Clinica Althea","article_modified_time":"2024-03-24T13:19:29+00:00","og_image":[{"width":768,"height":768,"url":"https:\/\/www.clinicaalthea.com\/farmacia\/wp-content\/uploads\/2024\/03\/Hallu-Motion.jpg","type":"image\/jpeg"}],"twitter_card":"summary_large_image","twitter_misc":{"Szacowany czas czytania":"4 minuty"},"schema":{"@context":"https:\/\/schema.org","@graph":[{"@type":"WebPage","@id":"https:\/\/www.clinicaalthea.com\/farmacia\/cs\/apt\/hallu-motion\/","url":"https:\/\/www.clinicaalthea.com\/farmacia\/cs\/apt\/hallu-motion\/","name":"Hallu Motion - Clinica Althea","isPartOf":{"@id":"https:\/\/www.clinicaalthea.com\/farmacia\/#website"},"primaryImageOfPage":{"@id":"https:\/\/www.clinicaalthea.com\/farmacia\/cs\/apt\/hallu-motion\/#primaryimage"},"image":{"@id":"https:\/\/www.clinicaalthea.com\/farmacia\/cs\/apt\/hallu-motion\/#primaryimage"},"thumbnailUrl":"https:\/\/www.clinicaalthea.com\/farmacia\/wp-content\/uploads\/2024\/03\/Hallu-Motion.jpg","datePublished":"2024-03-24T13:10:58+00:00","dateModified":"2024-03-24T13:19:29+00:00","breadcrumb":{"@id":"https:\/\/www.clinicaalthea.com\/farmacia\/cs\/apt\/hallu-motion\/#breadcrumb"},"inLanguage":"pl-PL","potentialAction":[{"@type":"ReadAction","target":["https:\/\/www.clinicaalthea.com\/farmacia\/cs\/apt\/hallu-motion\/"]}]},{"@type":"ImageObject","inLanguage":"pl-PL","@id":"https:\/\/www.clinicaalthea.com\/farmacia\/cs\/apt\/hallu-motion\/#primaryimage","url":"https:\/\/www.clinicaalthea.com\/farmacia\/wp-content\/uploads\/2024\/03\/Hallu-Motion.jpg","contentUrl":"https:\/\/www.clinicaalthea.com\/farmacia\/wp-content\/uploads\/2024\/03\/Hallu-Motion.jpg","width":768,"height":768,"caption":"Hallu Motion"},{"@type":"BreadcrumbList","@id":"https:\/\/www.clinicaalthea.com\/farmacia\/cs\/apt\/hallu-motion\/#breadcrumb","itemListElement":[{"@type":"ListItem","position":1,"name":"Strona g\u0142\u00f3wna","item":"https:\/\/www.clinicaalthea.com\/farmacia\/"},{"@type":"ListItem","position":2,"name":"Produkty","item":"https:\/\/www.clinicaalthea.com\/farmacia\/"},{"@type":"ListItem","position":3,"name":"Hallu Motion"}]},{"@type":"WebSite","@id":"https:\/\/www.clinicaalthea.com\/farmacia\/#website","url":"https:\/\/www.clinicaalthea.com\/farmacia\/","name":"Clinica Althea","description":"","publisher":{"@id":"https:\/\/www.clinicaalthea.com\/farmacia\/#organization"},"potentialAction":[{"@type":"SearchAction","target":{"@type":"EntryPoint","urlTemplate":"https:\/\/www.clinicaalthea.com\/farmacia\/?s={search_term_string}"},"query-input":{"@type":"PropertyValueSpecification","valueRequired":true,"valueName":"search_term_string"}}],"inLanguage":"pl-PL"},{"@type":"Organization","@id":"https:\/\/www.clinicaalthea.com\/farmacia\/#organization","name":"Clinica Althea","url":"https:\/\/www.clinicaalthea.com\/farmacia\/","logo":{"@type":"ImageObject","inLanguage":"pl-PL","@id":"https:\/\/www.clinicaalthea.com\/farmacia\/#\/schema\/logo\/image\/","url":"https:\/\/www.clinicaalthea.com\/farmacia\/wp-content\/uploads\/2023\/12\/Jak-diagnozuje-sie-FAS_-objawy-kryteria-diagnostyczne-i-metody-diagnozowania-154162903.jpg","contentUrl":"https:\/\/www.clinicaalthea.com\/farmacia\/wp-content\/uploads\/2023\/12\/Jak-diagnozuje-sie-FAS_-objawy-kryteria-diagnostyczne-i-metody-diagnozowania-154162903.jpg","width":1216,"height":832,"caption":"Clinica Althea"},"image":{"@id":"https:\/\/www.clinicaalthea.com\/farmacia\/#\/schema\/logo\/image\/"}}]}},"lang":"cs","translations":{"cs":2242,"de":2244,"hu":2245,"it":2246,"sk":2247,"sv":2248,"bg":2249,"sl":2250},"pll_sync_post":[],"_links":{"self":[{"href":"https:\/\/www.clinicaalthea.com\/farmacia\/wp-json\/wp\/v2\/product\/2242","targetHints":{"allow":["GET"]}}],"collection":[{"href":"https:\/\/www.clinicaalthea.com\/farmacia\/wp-json\/wp\/v2\/product"}],"about":[{"href":"https:\/\/www.clinicaalthea.com\/farmacia\/wp-json\/wp\/v2\/types\/product"}],"replies":[{"embeddable":true,"href":"https:\/\/www.clinicaalthea.com\/farmacia\/wp-json\/wp\/v2\/comments?post=2242"}],"wp:featuredmedia":[{"embeddable":true,"href":"https:\/\/www.clinicaalthea.com\/farmacia\/wp-json\/wp\/v2\/media\/2243"}],"wp:attachment":[{"href":"https:\/\/www.clinicaalthea.com\/farmacia\/wp-json\/wp\/v2\/media?parent=2242"}],"wp:term":[{"taxonomy":"product_brand","embeddable":true,"href":"https:\/\/www.clinicaalthea.com\/farmacia\/wp-json\/wp\/v2\/product_brand?post=2242"},{"taxonomy":"product_cat","embeddable":true,"href":"https:\/\/www.clinicaalthea.com\/farmacia\/wp-json\/wp\/v2\/product_cat?post=2242"},{"taxonomy":"product_tag","embeddable":true,"href":"https:\/\/www.clinicaalthea.com\/farmacia\/wp-json\/wp\/v2\/product_tag?post=2242"}],"curies":[{"name":"wp","href":"https:\/\/api.w.org\/{rel}","templated":true}]}}