{"id":2241,"date":"2024-03-24T11:19:29","date_gmt":"2024-03-24T10:19:29","guid":{"rendered":"https:\/\/mayoguide.org\/produkty\/?post_type=product&#038;p=2241"},"modified":"2024-03-24T11:19:33","modified_gmt":"2024-03-24T10:19:33","slug":"hascovita","status":"publish","type":"product","link":"https:\/\/www.clinicaalthea.com\/farmacia\/sl\/apt\/hascovita\/","title":{"rendered":"Hascovita"},"content":{"rendered":"\n<p>Imate <b>te\u017eave z izpadanjem las<\/b>? Sanjate o mo\u010dnej\u0161ih, debelej\u0161ih in bolj zdravih laseh? \u010ce je tako, je <b>Hascovita<\/b> lahko odgovor na va\u0161e molitve. To inovativno <b>olje proti izpadanju las<\/b> je zaradi svojih odli\u010dnih obnovitvenih lastnosti doseglo svetovno priznanje. Ali <b>Hascovita<\/b> res deluje? Katere so njegove sestavine?<\/p>\n\n\n\n<h3 class=\"wp-block-heading\" id=\"h-podsumowanie\">Povzetek<\/h3>\n\n\n\n<ul class=\"wp-block-list\">\n<li><b>Hascovita<\/b> je inovativno <b>olje proti izpadanju las<\/b><\/li>\n\n\n\n<li>Vsebuje ve\u010d kot 30 aktivnih rastlinskih sestavin<\/li>\n\n\n\n<li>Zagotavlja regeneracijo las in izbolj\u0161a njihovo splo\u0161no stanje<\/li>\n\n\n\n<li>V Evropi je priznano, priporo\u010dajo ga frizerji in trihologi<\/li>\n\n\n\n<li>Na voljo izklju\u010dno na uradni spletni strani proizvajalca<\/li>\n<\/ul>\n\n\n\n<h2 class=\"wp-block-heading\" id=\"h-co-to-jest-hascovita\">Kaj je Hascovita?<\/h2>\n\n\n\n<p>Hascovita je inovativno <b>naravno pr\u0161ilo<\/b>, namenjeno povrnitvi trajne mo\u010di, sijaja in gostote va\u0161ih las. Vsebuje edinstveno kombinacijo skoraj 30 aktivnih sestavin, ve\u010dinoma rastlinskega izvora, ki pomagajo v boju proti te\u017eavam z izpadanjem las, kot sta androgeno izpadanje las in alopecija areata pri mo\u0161kih in \u017eenskah. Ta izdelek je vse bolj priljubljen v Evropi in je pridobil odobravanje frizerjev in profesionalnih trihologov. Hascovita ni le \u0161e en kozmeti\u010dni izdelek na trgu &#8211; je skrbno razvita formula, ki daje upanje tistim, ki trpijo zaradi izpadanja las. Ni ga mogo\u010de kupiti v obi\u010dajnih lekarnah &#8211; najbolje ga je kupiti na uradni spletni strani proizvajalca.<\/p>\n\n\n\n<h2 class=\"wp-block-heading\" id=\"h-jak-dziala-hascovita\">Kako deluje Hascovita?<\/h2>\n\n\n\n<p>Delovanje zdravila Hascovita temelji na aktivaciji lasnih me\u0161i\u010dkov na ravni mati\u010dnih celic. Ta napredni pristop ne odpravlja le simptomov zgodnje ple\u0161avosti, temve\u010d tudi podpira naravni cikel rasti las, zaradi \u010desar postanejo lasje bolj elasti\u010dni ter prepre\u010dujejo cepljenje konic in prhljaj. Redna uporaba zdravila Hascovita pomaga ohranjati lase v anageni fazi, kar vodi k dalj\u0161i rasti in ve\u010dji odpornosti na po\u0161kodbe. Njena formula deluje 24 ur na dan in lasem zagotavlja zdrav sijaj in vitalnost. \u0160tevilne klini\u010dne \u0161tudije so potrdile izjemno u\u010dinkovitost zdravila Hascovita z 91-odstotno uspe\u0161nostjo.<\/p>\n\n\n\n<h3 class=\"wp-block-heading\" id=\"h-przeglad-dzialan-hascovita\">Pregled delovanja zdravila Hascovita:<\/h3>\n\n\n\n<ul class=\"wp-block-list\">\n<li><b>Aktivacija lasnih me\u0161i\u010dkov<\/b> na ravni mati\u010dnih celic.<\/li>\n\n\n\n<li>Podpora naravnemu ciklu rasti las.<\/li>\n\n\n\n<li>Pove\u010danje elasti\u010dnosti las.<\/li>\n\n\n\n<li>Prepre\u010devanje cepljenja konic in prhljaja.<\/li>\n\n\n\n<li>Vzdr\u017eevanje las v anageni fazi za dalj\u0161o rast.<\/li>\n\n\n\n<li>Pove\u010dana odpornost na po\u0161kodbe.<\/li>\n\n\n\n<li>Formula deluje 24 ur na dan.<\/li>\n\n\n\n<li>Zdrav sijaj in vitalnost las.<\/li>\n<\/ul>\n\n\n\n<h2 class=\"wp-block-heading\" id=\"h-efekty-stosowania-hascovita\">U\u010dinki uporabe zdravila Hascovita<\/h2>\n\n\n\n<p>Redna uporaba zdravila Hascovita daje <b>vidne rezultate,<\/b> ki jih lahko opazite ne le vi, temve\u010d tudi va\u0161a okolica. Uporabniki potrjujejo, da \u017ee po nekaj tednih uporabe spreja za lase Hascovita njihovi lasje postanejo bistveno mo\u010dnej\u0161i, gostej\u0161i in bolj sijo\u010di. Ni vam ve\u010d treba skrbeti zaradi grde ple\u0161avosti ali red\u010denja las, saj Hascovita u\u010dinkovito prikrije alopecijo in zgosti lase ter jim podari zdrav videz in vitalnost. Ti u\u010dinki so mogo\u010di zaradi globoke regeneracije in krepitve lasnega me\u0161i\u010dka od znotraj, zaradi \u010desar so lasje mo\u010dnej\u0161i in odpornej\u0161i.<\/p>\n\n\n\n<h2 class=\"wp-block-heading\" id=\"h-cena-sklad-i-bezpieczenstwo-stosowania-hascovita\">Cena, sestava in varnost uporabe zdravila Hascovita<\/h2>\n\n\n\n<p><b>Cena zdravila<\/b> Hascovita je konkuren\u010dna, zlasti glede na njegovo u\u010dinkovitost in naravne sestavine. Proizvajalec pogosto ponuja akcije, v okviru katerih je izdelek mogo\u010de kupiti po bistveno ni\u017eji ceni &#8211; do 50 % ceneje od standardne <b>cene<\/b>. <\/p>\n\n\n\n<p>Hascovita je sestavljen iz skoraj 30 naravnih aktivnih sestavin, skrbno izbranih za spodbujanje rasti las, prepre\u010devanje izpadanja las in izbolj\u0161anje splo\u0161nega zdravja las. Natan\u010dno razmerje sestavin je poslovna skrivnost proizvajalca, njihova naravnost in varnost pa je bila potrjena z dermatolo\u0161kim testiranjem.<\/p>\n\n\n\n<p>Kot izdelek na osnovi naravnih sestavin se Hascovita dobro prena\u0161a in niso poro\u010dali o primerih resnih ne\u017eelenih u\u010dinkov ali kontraindikacij. Vendar pa je vedno priporo\u010dljivo, da pred celotnim nanosom opravite test na obli\u017eih in se v primeru alergijskih reakcij posvetujete z zdravnikom.<\/p>\n","protected":false},"excerpt":{"rendered":"<p><strong>45.00 \u20ac<\/strong><\/p>\n<p><del>90.00 \u20ac<\/del><\/p>\n<p><strong>[date_countdown]<\/strong><\/p>\n","protected":false},"featured_media":2233,"comment_status":"open","ping_status":"closed","template":"","meta":{"neve_meta_sidebar":"","neve_meta_container":"","neve_meta_enable_content_width":"","neve_meta_content_width":0,"neve_meta_title_alignment":"","neve_meta_author_avatar":"","neve_post_elements_order":"","neve_meta_disable_header":"","neve_meta_disable_footer":"","neve_meta_disable_title":"","neve_meta_reading_time":""},"product_brand":[],"product_cat":[177],"product_tag":[],"class_list":{"0":"post-2241","1":"product","2":"type-product","3":"status-publish","4":"has-post-thumbnail","6":"product_cat-zdravje","8":"first","9":"instock","10":"shipping-taxable","11":"product-type-external"},"yoast_head":"<!-- This site is optimized with the Yoast SEO plugin v27.4 - https:\/\/yoast.com\/product\/yoast-seo-wordpress\/ -->\n<title>Hascovita - Clinica Althea<\/title>\n<meta name=\"robots\" content=\"index, follow, max-snippet:-1, max-image-preview:large, max-video-preview:-1\" \/>\n<link rel=\"canonical\" href=\"https:\/\/www.clinicaalthea.com\/farmacia\/sl\/apt\/hascovita\/\" \/>\n<meta property=\"og:locale\" content=\"pl_PL\" \/>\n<meta property=\"og:type\" content=\"article\" \/>\n<meta property=\"og:title\" content=\"Hascovita - Clinica Althea\" \/>\n<meta property=\"og:description\" content=\"45.00 \u20ac 90.00 \u20ac\" \/>\n<meta property=\"og:url\" content=\"https:\/\/www.clinicaalthea.com\/farmacia\/sl\/apt\/hascovita\/\" \/>\n<meta property=\"og:site_name\" content=\"Clinica Althea\" \/>\n<meta property=\"article:modified_time\" content=\"2024-03-24T10:19:33+00:00\" \/>\n<meta property=\"og:image\" content=\"https:\/\/www.clinicaalthea.com\/farmacia\/wp-content\/uploads\/2024\/03\/Hascovita.jpg\" \/>\n\t<meta property=\"og:image:width\" content=\"768\" \/>\n\t<meta property=\"og:image:height\" content=\"768\" \/>\n\t<meta property=\"og:image:type\" content=\"image\/jpeg\" \/>\n<meta name=\"twitter:card\" content=\"summary_large_image\" \/>\n<meta name=\"twitter:label1\" content=\"Szacowany czas czytania\" \/>\n\t<meta name=\"twitter:data1\" content=\"4 minuty\" \/>\n<script type=\"application\/ld+json\" class=\"yoast-schema-graph\">{\"@context\":\"https:\\\/\\\/schema.org\",\"@graph\":[{\"@type\":\"WebPage\",\"@id\":\"https:\\\/\\\/www.clinicaalthea.com\\\/farmacia\\\/sl\\\/apt\\\/hascovita\\\/\",\"url\":\"https:\\\/\\\/www.clinicaalthea.com\\\/farmacia\\\/sl\\\/apt\\\/hascovita\\\/\",\"name\":\"Hascovita - Clinica Althea\",\"isPartOf\":{\"@id\":\"https:\\\/\\\/www.clinicaalthea.com\\\/farmacia\\\/#website\"},\"primaryImageOfPage\":{\"@id\":\"https:\\\/\\\/www.clinicaalthea.com\\\/farmacia\\\/sl\\\/apt\\\/hascovita\\\/#primaryimage\"},\"image\":{\"@id\":\"https:\\\/\\\/www.clinicaalthea.com\\\/farmacia\\\/sl\\\/apt\\\/hascovita\\\/#primaryimage\"},\"thumbnailUrl\":\"https:\\\/\\\/www.clinicaalthea.com\\\/farmacia\\\/wp-content\\\/uploads\\\/2024\\\/03\\\/Hascovita.jpg\",\"datePublished\":\"2024-03-24T10:19:29+00:00\",\"dateModified\":\"2024-03-24T10:19:33+00:00\",\"breadcrumb\":{\"@id\":\"https:\\\/\\\/www.clinicaalthea.com\\\/farmacia\\\/sl\\\/apt\\\/hascovita\\\/#breadcrumb\"},\"inLanguage\":\"pl-PL\",\"potentialAction\":[{\"@type\":\"ReadAction\",\"target\":[\"https:\\\/\\\/www.clinicaalthea.com\\\/farmacia\\\/sl\\\/apt\\\/hascovita\\\/\"]}]},{\"@type\":\"ImageObject\",\"inLanguage\":\"pl-PL\",\"@id\":\"https:\\\/\\\/www.clinicaalthea.com\\\/farmacia\\\/sl\\\/apt\\\/hascovita\\\/#primaryimage\",\"url\":\"https:\\\/\\\/www.clinicaalthea.com\\\/farmacia\\\/wp-content\\\/uploads\\\/2024\\\/03\\\/Hascovita.jpg\",\"contentUrl\":\"https:\\\/\\\/www.clinicaalthea.com\\\/farmacia\\\/wp-content\\\/uploads\\\/2024\\\/03\\\/Hascovita.jpg\",\"width\":768,\"height\":768,\"caption\":\"Hascovita\"},{\"@type\":\"BreadcrumbList\",\"@id\":\"https:\\\/\\\/www.clinicaalthea.com\\\/farmacia\\\/sl\\\/apt\\\/hascovita\\\/#breadcrumb\",\"itemListElement\":[{\"@type\":\"ListItem\",\"position\":1,\"name\":\"Strona g\u0142\u00f3wna\",\"item\":\"https:\\\/\\\/www.clinicaalthea.com\\\/farmacia\\\/\"},{\"@type\":\"ListItem\",\"position\":2,\"name\":\"Produkty\",\"item\":\"https:\\\/\\\/www.clinicaalthea.com\\\/farmacia\\\/\"},{\"@type\":\"ListItem\",\"position\":3,\"name\":\"Hascovita\"}]},{\"@type\":\"WebSite\",\"@id\":\"https:\\\/\\\/www.clinicaalthea.com\\\/farmacia\\\/#website\",\"url\":\"https:\\\/\\\/www.clinicaalthea.com\\\/farmacia\\\/\",\"name\":\"Clinica Althea\",\"description\":\"\",\"publisher\":{\"@id\":\"https:\\\/\\\/www.clinicaalthea.com\\\/farmacia\\\/#organization\"},\"potentialAction\":[{\"@type\":\"SearchAction\",\"target\":{\"@type\":\"EntryPoint\",\"urlTemplate\":\"https:\\\/\\\/www.clinicaalthea.com\\\/farmacia\\\/?s={search_term_string}\"},\"query-input\":{\"@type\":\"PropertyValueSpecification\",\"valueRequired\":true,\"valueName\":\"search_term_string\"}}],\"inLanguage\":\"pl-PL\"},{\"@type\":\"Organization\",\"@id\":\"https:\\\/\\\/www.clinicaalthea.com\\\/farmacia\\\/#organization\",\"name\":\"Clinica Althea\",\"url\":\"https:\\\/\\\/www.clinicaalthea.com\\\/farmacia\\\/\",\"logo\":{\"@type\":\"ImageObject\",\"inLanguage\":\"pl-PL\",\"@id\":\"https:\\\/\\\/www.clinicaalthea.com\\\/farmacia\\\/#\\\/schema\\\/logo\\\/image\\\/\",\"url\":\"https:\\\/\\\/www.clinicaalthea.com\\\/farmacia\\\/wp-content\\\/uploads\\\/2023\\\/12\\\/Jak-diagnozuje-sie-FAS_-objawy-kryteria-diagnostyczne-i-metody-diagnozowania-154162903.jpg\",\"contentUrl\":\"https:\\\/\\\/www.clinicaalthea.com\\\/farmacia\\\/wp-content\\\/uploads\\\/2023\\\/12\\\/Jak-diagnozuje-sie-FAS_-objawy-kryteria-diagnostyczne-i-metody-diagnozowania-154162903.jpg\",\"width\":1216,\"height\":832,\"caption\":\"Clinica Althea\"},\"image\":{\"@id\":\"https:\\\/\\\/www.clinicaalthea.com\\\/farmacia\\\/#\\\/schema\\\/logo\\\/image\\\/\"}}]}<\/script>\n<!-- \/ Yoast SEO plugin. -->","yoast_head_json":{"title":"Hascovita - Clinica Althea","robots":{"index":"index","follow":"follow","max-snippet":"max-snippet:-1","max-image-preview":"max-image-preview:large","max-video-preview":"max-video-preview:-1"},"canonical":"https:\/\/www.clinicaalthea.com\/farmacia\/sl\/apt\/hascovita\/","og_locale":"pl_PL","og_type":"article","og_title":"Hascovita - Clinica Althea","og_description":"45.00 \u20ac 90.00 \u20ac","og_url":"https:\/\/www.clinicaalthea.com\/farmacia\/sl\/apt\/hascovita\/","og_site_name":"Clinica Althea","article_modified_time":"2024-03-24T10:19:33+00:00","og_image":[{"width":768,"height":768,"url":"https:\/\/www.clinicaalthea.com\/farmacia\/wp-content\/uploads\/2024\/03\/Hascovita.jpg","type":"image\/jpeg"}],"twitter_card":"summary_large_image","twitter_misc":{"Szacowany czas czytania":"4 minuty"},"schema":{"@context":"https:\/\/schema.org","@graph":[{"@type":"WebPage","@id":"https:\/\/www.clinicaalthea.com\/farmacia\/sl\/apt\/hascovita\/","url":"https:\/\/www.clinicaalthea.com\/farmacia\/sl\/apt\/hascovita\/","name":"Hascovita - Clinica Althea","isPartOf":{"@id":"https:\/\/www.clinicaalthea.com\/farmacia\/#website"},"primaryImageOfPage":{"@id":"https:\/\/www.clinicaalthea.com\/farmacia\/sl\/apt\/hascovita\/#primaryimage"},"image":{"@id":"https:\/\/www.clinicaalthea.com\/farmacia\/sl\/apt\/hascovita\/#primaryimage"},"thumbnailUrl":"https:\/\/www.clinicaalthea.com\/farmacia\/wp-content\/uploads\/2024\/03\/Hascovita.jpg","datePublished":"2024-03-24T10:19:29+00:00","dateModified":"2024-03-24T10:19:33+00:00","breadcrumb":{"@id":"https:\/\/www.clinicaalthea.com\/farmacia\/sl\/apt\/hascovita\/#breadcrumb"},"inLanguage":"pl-PL","potentialAction":[{"@type":"ReadAction","target":["https:\/\/www.clinicaalthea.com\/farmacia\/sl\/apt\/hascovita\/"]}]},{"@type":"ImageObject","inLanguage":"pl-PL","@id":"https:\/\/www.clinicaalthea.com\/farmacia\/sl\/apt\/hascovita\/#primaryimage","url":"https:\/\/www.clinicaalthea.com\/farmacia\/wp-content\/uploads\/2024\/03\/Hascovita.jpg","contentUrl":"https:\/\/www.clinicaalthea.com\/farmacia\/wp-content\/uploads\/2024\/03\/Hascovita.jpg","width":768,"height":768,"caption":"Hascovita"},{"@type":"BreadcrumbList","@id":"https:\/\/www.clinicaalthea.com\/farmacia\/sl\/apt\/hascovita\/#breadcrumb","itemListElement":[{"@type":"ListItem","position":1,"name":"Strona g\u0142\u00f3wna","item":"https:\/\/www.clinicaalthea.com\/farmacia\/"},{"@type":"ListItem","position":2,"name":"Produkty","item":"https:\/\/www.clinicaalthea.com\/farmacia\/"},{"@type":"ListItem","position":3,"name":"Hascovita"}]},{"@type":"WebSite","@id":"https:\/\/www.clinicaalthea.com\/farmacia\/#website","url":"https:\/\/www.clinicaalthea.com\/farmacia\/","name":"Clinica Althea","description":"","publisher":{"@id":"https:\/\/www.clinicaalthea.com\/farmacia\/#organization"},"potentialAction":[{"@type":"SearchAction","target":{"@type":"EntryPoint","urlTemplate":"https:\/\/www.clinicaalthea.com\/farmacia\/?s={search_term_string}"},"query-input":{"@type":"PropertyValueSpecification","valueRequired":true,"valueName":"search_term_string"}}],"inLanguage":"pl-PL"},{"@type":"Organization","@id":"https:\/\/www.clinicaalthea.com\/farmacia\/#organization","name":"Clinica Althea","url":"https:\/\/www.clinicaalthea.com\/farmacia\/","logo":{"@type":"ImageObject","inLanguage":"pl-PL","@id":"https:\/\/www.clinicaalthea.com\/farmacia\/#\/schema\/logo\/image\/","url":"https:\/\/www.clinicaalthea.com\/farmacia\/wp-content\/uploads\/2023\/12\/Jak-diagnozuje-sie-FAS_-objawy-kryteria-diagnostyczne-i-metody-diagnozowania-154162903.jpg","contentUrl":"https:\/\/www.clinicaalthea.com\/farmacia\/wp-content\/uploads\/2023\/12\/Jak-diagnozuje-sie-FAS_-objawy-kryteria-diagnostyczne-i-metody-diagnozowania-154162903.jpg","width":1216,"height":832,"caption":"Clinica Althea"},"image":{"@id":"https:\/\/www.clinicaalthea.com\/farmacia\/#\/schema\/logo\/image\/"}}]}},"lang":"sl","translations":{"sl":2241,"fr":2234,"cs":2232,"de":2235,"hu":2236,"it":2237,"sk":2238,"sv":2239,"bg":2240},"pll_sync_post":[],"_links":{"self":[{"href":"https:\/\/www.clinicaalthea.com\/farmacia\/wp-json\/wp\/v2\/product\/2241","targetHints":{"allow":["GET"]}}],"collection":[{"href":"https:\/\/www.clinicaalthea.com\/farmacia\/wp-json\/wp\/v2\/product"}],"about":[{"href":"https:\/\/www.clinicaalthea.com\/farmacia\/wp-json\/wp\/v2\/types\/product"}],"replies":[{"embeddable":true,"href":"https:\/\/www.clinicaalthea.com\/farmacia\/wp-json\/wp\/v2\/comments?post=2241"}],"wp:featuredmedia":[{"embeddable":true,"href":"https:\/\/www.clinicaalthea.com\/farmacia\/wp-json\/wp\/v2\/media\/2233"}],"wp:attachment":[{"href":"https:\/\/www.clinicaalthea.com\/farmacia\/wp-json\/wp\/v2\/media?parent=2241"}],"wp:term":[{"taxonomy":"product_brand","embeddable":true,"href":"https:\/\/www.clinicaalthea.com\/farmacia\/wp-json\/wp\/v2\/product_brand?post=2241"},{"taxonomy":"product_cat","embeddable":true,"href":"https:\/\/www.clinicaalthea.com\/farmacia\/wp-json\/wp\/v2\/product_cat?post=2241"},{"taxonomy":"product_tag","embeddable":true,"href":"https:\/\/www.clinicaalthea.com\/farmacia\/wp-json\/wp\/v2\/product_tag?post=2241"}],"curies":[{"name":"wp","href":"https:\/\/api.w.org\/{rel}","templated":true}]}}