{"id":2239,"date":"2024-03-24T11:17:43","date_gmt":"2024-03-24T10:17:43","guid":{"rendered":"https:\/\/mayoguide.org\/produkty\/?post_type=product&#038;p=2239"},"modified":"2024-03-24T11:19:33","modified_gmt":"2024-03-24T10:19:33","slug":"hascovita","status":"publish","type":"product","link":"https:\/\/www.clinicaalthea.com\/farmacia\/sv\/apt\/hascovita\/","title":{"rendered":"Hascovita"},"content":{"rendered":"\n<p>Har du <b>problem med h\u00e5ravfall<\/b>? Dr\u00f6mmer du om starkare, tjockare och friskare h\u00e5r? I s\u00e5 fall kan <b>Hascovita<\/b> vara svaret p\u00e5 dina b\u00f6ner. Denna innovativa <b>h\u00e5ravfallsolja<\/b> har f\u00e5tt v\u00e4rldsomsp\u00e4nnande erk\u00e4nnande f\u00f6r sina utm\u00e4rkta \u00e5terst\u00e4llande egenskaper. Fungerar <b>Hascovita<\/b> verkligen? Vilka \u00e4r dess ingredienser?<\/p>\n\n\n\n<h3 class=\"wp-block-heading\" id=\"h-podsumowanie\">Sammanfattning<\/h3>\n\n\n\n<ul class=\"wp-block-list\">\n<li><b>Hascovita<\/b> \u00e4r en innovativ <b>olja<\/b> mot h\u00e5ravfall<\/li>\n\n\n\n<li>Inneh\u00e5ller mer \u00e4n 30 aktiva v\u00e4xtingredienser<\/li>\n\n\n\n<li>Ger h\u00e5rregenerering och f\u00f6rb\u00e4ttrar dess allm\u00e4nna tillst\u00e5nd<\/li>\n\n\n\n<li>Har f\u00e5tt erk\u00e4nnande i Europa och rekommenderas av fris\u00f6rer och trikologer<\/li>\n\n\n\n<li>Finns exklusivt tillg\u00e4nglig p\u00e5 tillverkarens officiella webbplats<\/li>\n<\/ul>\n\n\n\n<h2 class=\"wp-block-heading\" id=\"h-co-to-jest-hascovita\">Vad \u00e4r Hascovita?<\/h2>\n\n\n\n<p>Hascovita \u00e4r en innovativ <b>naturlig spray<\/b> som \u00e4r utformad f\u00f6r att \u00e5terst\u00e4lla varaktig styrka, glans och densitet i ditt h\u00e5r. Den inneh\u00e5ller en unik kombination av n\u00e4stan 30 aktiva ingredienser, huvudsakligen av vegetabiliskt ursprung, f\u00f6r att bek\u00e4mpa h\u00e5ravfallsproblem som androgenetiskt h\u00e5ravfall och alopecia areata hos b\u00e5de m\u00e4n och kvinnor. Denna produkt blir alltmer popul\u00e4r i Europa och har vunnit fris\u00f6rers och professionella trikologers gillande. Hascovita \u00e4r inte bara ytterligare ett kosmetikum p\u00e5 marknaden &#8211; det \u00e4r en noggrant utvecklad formel som ger hopp till dem som lider av h\u00e5ravfall. Det kan inte k\u00f6pas p\u00e5 traditionella apotek &#8211; det \u00e4r b\u00e4st att k\u00f6pa fr\u00e5n tillverkarens officiella webbplats.<\/p>\n\n\n\n<h2 class=\"wp-block-heading\" id=\"h-jak-dziala-hascovita\">Hur fungerar Hascovita?<\/h2>\n\n\n\n<p>Verkan av Hascovita \u00e4r baserad p\u00e5 aktivering av h\u00e5rs\u00e4ckar p\u00e5 stamcellsniv\u00e5. Detta avancerade tillv\u00e4gag\u00e5ngss\u00e4tt bek\u00e4mpar inte bara symtomen p\u00e5 tidig skallighet utan st\u00f6der ocks\u00e5 den naturliga h\u00e5rv\u00e4xtcykeln, vilket g\u00f6r h\u00e5ret mer elastiskt och f\u00f6rhindrar kluvna toppar och mj\u00e4ll. Regelbunden anv\u00e4ndning av Hascovita hj\u00e4lper till att h\u00e5lla h\u00e5ret i den anagena fasen, vilket leder till l\u00e4ngre tillv\u00e4xt och \u00f6kad motst\u00e5ndskraft mot skador. Formulan verkar dygnet runt f\u00f6r att ge h\u00e5ret en h\u00e4lsosam glans och vitalitet. M\u00e5nga kliniska studier har bekr\u00e4ftat den exceptionella effekten av Hascovita, med en 91% framg\u00e5ngsgrad.<\/p>\n\n\n\n<h3 class=\"wp-block-heading\" id=\"h-przeglad-dzialan-hascovita\">\u00d6versikt \u00f6ver Hascovitas verkan:<\/h3>\n\n\n\n<ul class=\"wp-block-list\">\n<li><b>Aktivering av h\u00e5rs\u00e4ckarna<\/b> p\u00e5 stamcellsniv\u00e5.<\/li>\n\n\n\n<li>St\u00f6djer den naturliga h\u00e5rv\u00e4xtcykeln.<\/li>\n\n\n\n<li>\u00d6kar h\u00e5rets elasticitet.<\/li>\n\n\n\n<li>F\u00f6rebyggande av kluvna toppar och mj\u00e4ll.<\/li>\n\n\n\n<li>Bibeh\u00e5lla h\u00e5ret i anagenfasen f\u00f6r l\u00e4ngre tillv\u00e4xt.<\/li>\n\n\n\n<li>\u00d6kad motst\u00e5ndskraft mot skador.<\/li>\n\n\n\n<li>Formelverkan dygnet runt.<\/li>\n\n\n\n<li>Ger h\u00e5ret en h\u00e4lsosam glans och vitalitet.<\/li>\n<\/ul>\n\n\n\n<h2 class=\"wp-block-heading\" id=\"h-efekty-stosowania-hascovita\">Effekter av att anv\u00e4nda Hascovita<\/h2>\n\n\n\n<p>Regelbunden anv\u00e4ndning av Hascovita ger <b>synliga resultat<\/b> som kan m\u00e4rkas inte bara av dig utan ocks\u00e5 av de omkring dig. Anv\u00e4ndare bekr\u00e4ftar att efter bara n\u00e5gra veckors anv\u00e4ndning av Hascovita h\u00e5rspray blir deras h\u00e5r betydligt starkare, tjockare och mer str\u00e5lande. Du beh\u00f6ver inte l\u00e4ngre oroa dig f\u00f6r ful skallighet eller tunt h\u00e5r, eftersom Hascovita effektivt d\u00f6ljer alopeci och f\u00f6rtjockar h\u00e5ret, vilket ger det ett h\u00e4lsosamt utseende och vitalitet. Dessa effekter m\u00f6jligg\u00f6rs av den djupa regenereringen och f\u00f6rst\u00e4rkningen av h\u00e5rs\u00e4cken inifr\u00e5n, vilket leder till starkare och mer motst\u00e5ndskraftigt h\u00e5r.<\/p>\n\n\n\n<h2 class=\"wp-block-heading\" id=\"h-cena-sklad-i-bezpieczenstwo-stosowania-hascovita\">Pris, sammans\u00e4ttning och s\u00e4kerhet f\u00f6r anv\u00e4ndning av Hascovita<\/h2>\n\n\n\n<p><b>Priset p\u00e5<\/b> Hascovita \u00e4r konkurrenskraftigt, s\u00e4rskilt med tanke p\u00e5 dess effektivitet och naturliga ingredienser. Tillverkaren erbjuder ofta kampanjer d\u00e4r produkten kan k\u00f6pas till ett kraftigt reducerat pris &#8211; upp till 50% billigare \u00e4n <b>standardpriset<\/b>. <\/p>\n\n\n\n<p>Hascovita best\u00e5r av n\u00e4stan 30 naturliga aktiva ingredienser, noggrant utvalda f\u00f6r att fr\u00e4mja h\u00e5rv\u00e4xt, f\u00f6rhindra h\u00e5ravfall och f\u00f6rb\u00e4ttra den allm\u00e4nna h\u00e5rh\u00e4lsan. De exakta proportionerna av ingredienserna \u00e4r en aff\u00e4rshemlighet f\u00f6r tillverkaren, men deras naturlighet och s\u00e4kerhet har bekr\u00e4ftats genom dermatologisk testning.<\/p>\n\n\n\n<p>Som en produkt baserad p\u00e5 naturliga ingredienser tolereras Hascovita v\u00e4l och inga fall av allvarliga biverkningar eller kontraindikationer har rapporterats. Det rekommenderas dock alltid att utf\u00f6ra ett lapptest f\u00f6re fullst\u00e4ndig applicering och att kontakta l\u00e4kare om allergiska reaktioner uppst\u00e5r.<\/p>\n","protected":false},"excerpt":{"rendered":"<p><strong>1197.00 kr<\/strong><\/p>\n<p><del>2394.00 kr<\/del><\/p>\n<p><strong>[date_countdown]<\/strong><\/p>\n","protected":false},"featured_media":2233,"comment_status":"open","ping_status":"closed","template":"","meta":{"neve_meta_sidebar":"","neve_meta_container":"","neve_meta_enable_content_width":"","neve_meta_content_width":0,"neve_meta_title_alignment":"","neve_meta_author_avatar":"","neve_post_elements_order":"","neve_meta_disable_header":"","neve_meta_disable_footer":"","neve_meta_disable_title":"","neve_meta_reading_time":""},"product_brand":[],"product_cat":[193],"product_tag":[],"class_list":{"0":"post-2239","1":"product","2":"type-product","3":"status-publish","4":"has-post-thumbnail","6":"product_cat-halsa","8":"first","9":"instock","10":"shipping-taxable","11":"product-type-external"},"yoast_head":"<!-- This site is optimized with the Yoast SEO plugin v27.4 - https:\/\/yoast.com\/product\/yoast-seo-wordpress\/ -->\n<title>Hascovita - Clinica Althea<\/title>\n<meta name=\"robots\" content=\"index, follow, max-snippet:-1, max-image-preview:large, max-video-preview:-1\" \/>\n<link rel=\"canonical\" href=\"https:\/\/www.clinicaalthea.com\/farmacia\/sv\/apt\/hascovita\/\" \/>\n<meta property=\"og:locale\" content=\"pl_PL\" \/>\n<meta property=\"og:type\" content=\"article\" \/>\n<meta property=\"og:title\" content=\"Hascovita - Clinica Althea\" \/>\n<meta property=\"og:description\" content=\"1197.00 kr 2394.00 kr\" \/>\n<meta property=\"og:url\" content=\"https:\/\/www.clinicaalthea.com\/farmacia\/sv\/apt\/hascovita\/\" \/>\n<meta property=\"og:site_name\" content=\"Clinica Althea\" \/>\n<meta property=\"article:modified_time\" content=\"2024-03-24T10:19:33+00:00\" \/>\n<meta property=\"og:image\" content=\"https:\/\/www.clinicaalthea.com\/farmacia\/wp-content\/uploads\/2024\/03\/Hascovita.jpg\" \/>\n\t<meta property=\"og:image:width\" content=\"768\" \/>\n\t<meta property=\"og:image:height\" content=\"768\" \/>\n\t<meta property=\"og:image:type\" content=\"image\/jpeg\" \/>\n<meta name=\"twitter:card\" content=\"summary_large_image\" \/>\n<meta name=\"twitter:label1\" content=\"Szacowany czas czytania\" \/>\n\t<meta name=\"twitter:data1\" content=\"4 minuty\" \/>\n<script type=\"application\/ld+json\" class=\"yoast-schema-graph\">{\"@context\":\"https:\\\/\\\/schema.org\",\"@graph\":[{\"@type\":\"WebPage\",\"@id\":\"https:\\\/\\\/www.clinicaalthea.com\\\/farmacia\\\/sv\\\/apt\\\/hascovita\\\/\",\"url\":\"https:\\\/\\\/www.clinicaalthea.com\\\/farmacia\\\/sv\\\/apt\\\/hascovita\\\/\",\"name\":\"Hascovita - Clinica Althea\",\"isPartOf\":{\"@id\":\"https:\\\/\\\/www.clinicaalthea.com\\\/farmacia\\\/#website\"},\"primaryImageOfPage\":{\"@id\":\"https:\\\/\\\/www.clinicaalthea.com\\\/farmacia\\\/sv\\\/apt\\\/hascovita\\\/#primaryimage\"},\"image\":{\"@id\":\"https:\\\/\\\/www.clinicaalthea.com\\\/farmacia\\\/sv\\\/apt\\\/hascovita\\\/#primaryimage\"},\"thumbnailUrl\":\"https:\\\/\\\/www.clinicaalthea.com\\\/farmacia\\\/wp-content\\\/uploads\\\/2024\\\/03\\\/Hascovita.jpg\",\"datePublished\":\"2024-03-24T10:17:43+00:00\",\"dateModified\":\"2024-03-24T10:19:33+00:00\",\"breadcrumb\":{\"@id\":\"https:\\\/\\\/www.clinicaalthea.com\\\/farmacia\\\/sv\\\/apt\\\/hascovita\\\/#breadcrumb\"},\"inLanguage\":\"pl-PL\",\"potentialAction\":[{\"@type\":\"ReadAction\",\"target\":[\"https:\\\/\\\/www.clinicaalthea.com\\\/farmacia\\\/sv\\\/apt\\\/hascovita\\\/\"]}]},{\"@type\":\"ImageObject\",\"inLanguage\":\"pl-PL\",\"@id\":\"https:\\\/\\\/www.clinicaalthea.com\\\/farmacia\\\/sv\\\/apt\\\/hascovita\\\/#primaryimage\",\"url\":\"https:\\\/\\\/www.clinicaalthea.com\\\/farmacia\\\/wp-content\\\/uploads\\\/2024\\\/03\\\/Hascovita.jpg\",\"contentUrl\":\"https:\\\/\\\/www.clinicaalthea.com\\\/farmacia\\\/wp-content\\\/uploads\\\/2024\\\/03\\\/Hascovita.jpg\",\"width\":768,\"height\":768,\"caption\":\"Hascovita\"},{\"@type\":\"BreadcrumbList\",\"@id\":\"https:\\\/\\\/www.clinicaalthea.com\\\/farmacia\\\/sv\\\/apt\\\/hascovita\\\/#breadcrumb\",\"itemListElement\":[{\"@type\":\"ListItem\",\"position\":1,\"name\":\"Strona g\u0142\u00f3wna\",\"item\":\"https:\\\/\\\/www.clinicaalthea.com\\\/farmacia\\\/\"},{\"@type\":\"ListItem\",\"position\":2,\"name\":\"Produkty\",\"item\":\"https:\\\/\\\/www.clinicaalthea.com\\\/farmacia\\\/\"},{\"@type\":\"ListItem\",\"position\":3,\"name\":\"Hascovita\"}]},{\"@type\":\"WebSite\",\"@id\":\"https:\\\/\\\/www.clinicaalthea.com\\\/farmacia\\\/#website\",\"url\":\"https:\\\/\\\/www.clinicaalthea.com\\\/farmacia\\\/\",\"name\":\"Clinica Althea\",\"description\":\"\",\"publisher\":{\"@id\":\"https:\\\/\\\/www.clinicaalthea.com\\\/farmacia\\\/#organization\"},\"potentialAction\":[{\"@type\":\"SearchAction\",\"target\":{\"@type\":\"EntryPoint\",\"urlTemplate\":\"https:\\\/\\\/www.clinicaalthea.com\\\/farmacia\\\/?s={search_term_string}\"},\"query-input\":{\"@type\":\"PropertyValueSpecification\",\"valueRequired\":true,\"valueName\":\"search_term_string\"}}],\"inLanguage\":\"pl-PL\"},{\"@type\":\"Organization\",\"@id\":\"https:\\\/\\\/www.clinicaalthea.com\\\/farmacia\\\/#organization\",\"name\":\"Clinica Althea\",\"url\":\"https:\\\/\\\/www.clinicaalthea.com\\\/farmacia\\\/\",\"logo\":{\"@type\":\"ImageObject\",\"inLanguage\":\"pl-PL\",\"@id\":\"https:\\\/\\\/www.clinicaalthea.com\\\/farmacia\\\/#\\\/schema\\\/logo\\\/image\\\/\",\"url\":\"https:\\\/\\\/www.clinicaalthea.com\\\/farmacia\\\/wp-content\\\/uploads\\\/2023\\\/12\\\/Jak-diagnozuje-sie-FAS_-objawy-kryteria-diagnostyczne-i-metody-diagnozowania-154162903.jpg\",\"contentUrl\":\"https:\\\/\\\/www.clinicaalthea.com\\\/farmacia\\\/wp-content\\\/uploads\\\/2023\\\/12\\\/Jak-diagnozuje-sie-FAS_-objawy-kryteria-diagnostyczne-i-metody-diagnozowania-154162903.jpg\",\"width\":1216,\"height\":832,\"caption\":\"Clinica Althea\"},\"image\":{\"@id\":\"https:\\\/\\\/www.clinicaalthea.com\\\/farmacia\\\/#\\\/schema\\\/logo\\\/image\\\/\"}}]}<\/script>\n<!-- \/ Yoast SEO plugin. -->","yoast_head_json":{"title":"Hascovita - Clinica Althea","robots":{"index":"index","follow":"follow","max-snippet":"max-snippet:-1","max-image-preview":"max-image-preview:large","max-video-preview":"max-video-preview:-1"},"canonical":"https:\/\/www.clinicaalthea.com\/farmacia\/sv\/apt\/hascovita\/","og_locale":"pl_PL","og_type":"article","og_title":"Hascovita - Clinica Althea","og_description":"1197.00 kr 2394.00 kr","og_url":"https:\/\/www.clinicaalthea.com\/farmacia\/sv\/apt\/hascovita\/","og_site_name":"Clinica Althea","article_modified_time":"2024-03-24T10:19:33+00:00","og_image":[{"width":768,"height":768,"url":"https:\/\/www.clinicaalthea.com\/farmacia\/wp-content\/uploads\/2024\/03\/Hascovita.jpg","type":"image\/jpeg"}],"twitter_card":"summary_large_image","twitter_misc":{"Szacowany czas czytania":"4 minuty"},"schema":{"@context":"https:\/\/schema.org","@graph":[{"@type":"WebPage","@id":"https:\/\/www.clinicaalthea.com\/farmacia\/sv\/apt\/hascovita\/","url":"https:\/\/www.clinicaalthea.com\/farmacia\/sv\/apt\/hascovita\/","name":"Hascovita - Clinica Althea","isPartOf":{"@id":"https:\/\/www.clinicaalthea.com\/farmacia\/#website"},"primaryImageOfPage":{"@id":"https:\/\/www.clinicaalthea.com\/farmacia\/sv\/apt\/hascovita\/#primaryimage"},"image":{"@id":"https:\/\/www.clinicaalthea.com\/farmacia\/sv\/apt\/hascovita\/#primaryimage"},"thumbnailUrl":"https:\/\/www.clinicaalthea.com\/farmacia\/wp-content\/uploads\/2024\/03\/Hascovita.jpg","datePublished":"2024-03-24T10:17:43+00:00","dateModified":"2024-03-24T10:19:33+00:00","breadcrumb":{"@id":"https:\/\/www.clinicaalthea.com\/farmacia\/sv\/apt\/hascovita\/#breadcrumb"},"inLanguage":"pl-PL","potentialAction":[{"@type":"ReadAction","target":["https:\/\/www.clinicaalthea.com\/farmacia\/sv\/apt\/hascovita\/"]}]},{"@type":"ImageObject","inLanguage":"pl-PL","@id":"https:\/\/www.clinicaalthea.com\/farmacia\/sv\/apt\/hascovita\/#primaryimage","url":"https:\/\/www.clinicaalthea.com\/farmacia\/wp-content\/uploads\/2024\/03\/Hascovita.jpg","contentUrl":"https:\/\/www.clinicaalthea.com\/farmacia\/wp-content\/uploads\/2024\/03\/Hascovita.jpg","width":768,"height":768,"caption":"Hascovita"},{"@type":"BreadcrumbList","@id":"https:\/\/www.clinicaalthea.com\/farmacia\/sv\/apt\/hascovita\/#breadcrumb","itemListElement":[{"@type":"ListItem","position":1,"name":"Strona g\u0142\u00f3wna","item":"https:\/\/www.clinicaalthea.com\/farmacia\/"},{"@type":"ListItem","position":2,"name":"Produkty","item":"https:\/\/www.clinicaalthea.com\/farmacia\/"},{"@type":"ListItem","position":3,"name":"Hascovita"}]},{"@type":"WebSite","@id":"https:\/\/www.clinicaalthea.com\/farmacia\/#website","url":"https:\/\/www.clinicaalthea.com\/farmacia\/","name":"Clinica Althea","description":"","publisher":{"@id":"https:\/\/www.clinicaalthea.com\/farmacia\/#organization"},"potentialAction":[{"@type":"SearchAction","target":{"@type":"EntryPoint","urlTemplate":"https:\/\/www.clinicaalthea.com\/farmacia\/?s={search_term_string}"},"query-input":{"@type":"PropertyValueSpecification","valueRequired":true,"valueName":"search_term_string"}}],"inLanguage":"pl-PL"},{"@type":"Organization","@id":"https:\/\/www.clinicaalthea.com\/farmacia\/#organization","name":"Clinica Althea","url":"https:\/\/www.clinicaalthea.com\/farmacia\/","logo":{"@type":"ImageObject","inLanguage":"pl-PL","@id":"https:\/\/www.clinicaalthea.com\/farmacia\/#\/schema\/logo\/image\/","url":"https:\/\/www.clinicaalthea.com\/farmacia\/wp-content\/uploads\/2023\/12\/Jak-diagnozuje-sie-FAS_-objawy-kryteria-diagnostyczne-i-metody-diagnozowania-154162903.jpg","contentUrl":"https:\/\/www.clinicaalthea.com\/farmacia\/wp-content\/uploads\/2023\/12\/Jak-diagnozuje-sie-FAS_-objawy-kryteria-diagnostyczne-i-metody-diagnozowania-154162903.jpg","width":1216,"height":832,"caption":"Clinica Althea"},"image":{"@id":"https:\/\/www.clinicaalthea.com\/farmacia\/#\/schema\/logo\/image\/"}}]}},"lang":"sv","translations":{"sv":2239,"fr":2234,"cs":2232,"de":2235,"hu":2236,"it":2237,"sk":2238,"bg":2240,"sl":2241},"pll_sync_post":[],"_links":{"self":[{"href":"https:\/\/www.clinicaalthea.com\/farmacia\/wp-json\/wp\/v2\/product\/2239","targetHints":{"allow":["GET"]}}],"collection":[{"href":"https:\/\/www.clinicaalthea.com\/farmacia\/wp-json\/wp\/v2\/product"}],"about":[{"href":"https:\/\/www.clinicaalthea.com\/farmacia\/wp-json\/wp\/v2\/types\/product"}],"replies":[{"embeddable":true,"href":"https:\/\/www.clinicaalthea.com\/farmacia\/wp-json\/wp\/v2\/comments?post=2239"}],"wp:featuredmedia":[{"embeddable":true,"href":"https:\/\/www.clinicaalthea.com\/farmacia\/wp-json\/wp\/v2\/media\/2233"}],"wp:attachment":[{"href":"https:\/\/www.clinicaalthea.com\/farmacia\/wp-json\/wp\/v2\/media?parent=2239"}],"wp:term":[{"taxonomy":"product_brand","embeddable":true,"href":"https:\/\/www.clinicaalthea.com\/farmacia\/wp-json\/wp\/v2\/product_brand?post=2239"},{"taxonomy":"product_cat","embeddable":true,"href":"https:\/\/www.clinicaalthea.com\/farmacia\/wp-json\/wp\/v2\/product_cat?post=2239"},{"taxonomy":"product_tag","embeddable":true,"href":"https:\/\/www.clinicaalthea.com\/farmacia\/wp-json\/wp\/v2\/product_tag?post=2239"}],"curies":[{"name":"wp","href":"https:\/\/api.w.org\/{rel}","templated":true}]}}