{"id":2238,"date":"2024-03-24T11:16:43","date_gmt":"2024-03-24T10:16:43","guid":{"rendered":"https:\/\/mayoguide.org\/produkty\/?post_type=product&#038;p=2238"},"modified":"2024-03-24T11:19:33","modified_gmt":"2024-03-24T10:19:33","slug":"hascovita","status":"publish","type":"product","link":"https:\/\/www.clinicaalthea.com\/farmacia\/sk\/apt\/hascovita\/","title":{"rendered":"Hascovita"},"content":{"rendered":"\n<p>M\u00e1te <b>probl\u00e9my s vypad\u00e1van\u00edm vlasov<\/b>? Sn\u00edvate o silnej\u0161\u00edch, hustej\u0161\u00edch a zdrav\u0161\u00edch vlasoch? Ak \u00e1no, <b>Hascovita<\/b> by mohla by\u0165 odpove\u010fou na va\u0161e modlitby. Tento inovat\u00edvny <b>olej proti vypad\u00e1vaniu vlasov<\/b> si z\u00edskal celosvetov\u00e9 uznanie pre svoje vynikaj\u00face regenera\u010dn\u00e9 vlastnosti. Funguje <b>Hascovita<\/b> naozaj? Ak\u00e9 s\u00fa jeho zlo\u017eky?<\/p>\n\n\n\n<h3 class=\"wp-block-heading\" id=\"h-podsumowanie\">Zhrnutie<\/h3>\n\n\n\n<ul class=\"wp-block-list\">\n<li><b>Hascovita<\/b> je inovat\u00edvny <b>olej proti vypad\u00e1vaniu vlasov<\/b><\/li>\n\n\n\n<li>Obsahuje viac ako 30 \u00fa\u010dinn\u00fdch rastlinn\u00fdch zlo\u017eiek<\/li>\n\n\n\n<li>Zabezpe\u010duje regener\u00e1ciu vlasov a zlep\u0161uje ich celkov\u00fd stav<\/li>\n\n\n\n<li>Z\u00edskal si uznanie v Eur\u00f3pe a odpor\u00fa\u010daj\u00fa ho kadern\u00edci a trichol\u00f3govia<\/li>\n\n\n\n<li>K dispoz\u00edcii v\u00fdlu\u010dne na ofici\u00e1lnej webovej str\u00e1nke v\u00fdrobcu<\/li>\n<\/ul>\n\n\n\n<h2 class=\"wp-block-heading\" id=\"h-co-to-jest-hascovita\">\u010co je Hascovita?<\/h2>\n\n\n\n<p>Hascovita je inovat\u00edvny <b>pr\u00edrodn\u00fd sprej<\/b> ur\u010den\u00fd na obnovenie trvalej sily, lesku a hustoty va\u0161ich vlasov. Obsahuje jedine\u010dn\u00fa kombin\u00e1ciu takmer 30 \u00fa\u010dinn\u00fdch l\u00e1tok, preva\u017ene rastlinn\u00e9ho p\u00f4vodu, ktor\u00e9 pom\u00e1haj\u00fa v boji proti probl\u00e9mom s vypad\u00e1van\u00edm vlasov, ako je androg\u00e9nne vypad\u00e1vanie vlasov a alop\u00e9cia areata u mu\u017eov aj \u017eien. Tento v\u00fdrobok z\u00edskava v Eur\u00f3pe \u010doraz v\u00e4\u010d\u0161iu popularitu a z\u00edskal si uznanie kadern\u00edkov a profesion\u00e1lnych trichol\u00f3gov. Hascovita nie je len \u010fal\u0161\u00edm kozmetick\u00fdm pr\u00edpravkom na trhu &#8211; je to starostlivo vyvinut\u00fd pr\u00edpravok, ktor\u00fd pon\u00faka n\u00e1dej t\u00fdm, ktor\u00ed trpia vypad\u00e1van\u00edm vlasov. Ned\u00e1 sa k\u00fapi\u0165 v tradi\u010dn\u00fdch lek\u00e1r\u0148ach &#8211; najlep\u0161ie je zak\u00fapi\u0165 ho na ofici\u00e1lnej webovej str\u00e1nke v\u00fdrobcu.<\/p>\n\n\n\n<h2 class=\"wp-block-heading\" id=\"h-jak-dziala-hascovita\">Ako Hascovita funguje?<\/h2>\n\n\n\n<p>P\u00f4sobenie Hascovity je zalo\u017een\u00e9 na aktiv\u00e1cii vlasov\u00fdch folikulov na \u00farovni kme\u0148ov\u00fdch buniek. Tento pokro\u010dil\u00fd pr\u00edstup nielen\u017ee bojuje proti pr\u00edznakom ranej ple\u0161atosti, ale podporuje aj prirodzen\u00fd cyklus rastu vlasov, \u010d\u00edm sa vlasy st\u00e1vaj\u00fa pru\u017enej\u0161\u00edmi a zabra\u0148uje sa \u0161tiepeniu kon\u010dekov a lupin\u00e1m. Pravideln\u00e9 pou\u017e\u00edvanie Hascovita pom\u00e1ha udr\u017eiava\u0165 vlasy v anag\u00e9nnej f\u00e1ze, \u010do vedie k dlh\u0161iemu rastu a zv\u00fd\u0161enej odolnosti vo\u010di po\u0161kodeniu. Jeho zlo\u017eenie p\u00f4sob\u00ed nepretr\u017eite a dod\u00e1va vlasom zdrav\u00fd lesk a vitalitu. Po\u010detn\u00e9 klinick\u00e9 \u0161t\u00fadie potvrdili v\u00fdnimo\u010dn\u00fa \u00fa\u010dinnos\u0165 Hascovity s 91 % \u00faspe\u0161nos\u0165ou.<\/p>\n\n\n\n<h3 class=\"wp-block-heading\" id=\"h-przeglad-dzialan-hascovita\">Preh\u013ead \u00fa\u010dinku Hascovity:<\/h3>\n\n\n\n<ul class=\"wp-block-list\">\n<li><b>Aktiv\u00e1cia vlasov\u00fdch folikulov<\/b> na \u00farovni kme\u0148ov\u00fdch buniek.<\/li>\n\n\n\n<li>Podpora prirodzen\u00e9ho cyklu rastu vlasov.<\/li>\n\n\n\n<li>Zv\u00fd\u0161enie pru\u017enosti vlasov.<\/li>\n\n\n\n<li>Prevencia \u0161tiepenia kon\u010dekov a lup\u00edn.<\/li>\n\n\n\n<li>Udr\u017eiavanie vlasov v anag\u00e9nnej f\u00e1ze pre dlh\u0161\u00ed rast.<\/li>\n\n\n\n<li>Zv\u00fd\u0161enie odolnosti vo\u010di po\u0161kodeniu.<\/li>\n\n\n\n<li>P\u00f4sobenie pr\u00edpravku po cel\u00fd de\u0148.<\/li>\n\n\n\n<li>Dodanie vlasom zdrav\u00e9ho lesku a vitality.<\/li>\n<\/ul>\n\n\n\n<h2 class=\"wp-block-heading\" id=\"h-efekty-stosowania-hascovita\">\u00da\u010dinky pou\u017e\u00edvania Hascovita<\/h2>\n\n\n\n<p>Pravideln\u00e9 pou\u017e\u00edvanie Hascovity prin\u00e1\u0161a <b>vidite\u013en\u00e9 v\u00fdsledky,<\/b> ktor\u00e9 si m\u00f4\u017eete v\u0161imn\u00fa\u0165 nielen vy, ale aj va\u0161e okolie. Pou\u017e\u00edvatelia potvrdzuj\u00fa, \u017ee u\u017e po nieko\u013ek\u00fdch t\u00fd\u017ed\u0148och pou\u017e\u00edvania spreja na vlasy Hascovita s\u00fa ich vlasy v\u00fdrazne silnej\u0161ie, hustej\u0161ie a \u017eiarivej\u0161ie. U\u017e sa nemus\u00edte ob\u00e1va\u0165 nevzh\u013eadnej ple\u0161atosti alebo redn\u00facich vlasov, preto\u017ee Hascovita \u00fa\u010dinne zakr\u00fdva alop\u00e9ciu a zahus\u0165uje vlasy, \u010d\u00edm im dod\u00e1va zdrav\u00fd vzh\u013ead a vitalitu. Tieto \u00fa\u010dinky s\u00fa mo\u017en\u00e9 v\u010faka h\u013abkovej regener\u00e1cii a posilneniu vlasov\u00e9ho folikulu zvn\u00fatra, \u010do vedie k silnej\u0161\u00edm a odolnej\u0161\u00edm vlasom.<\/p>\n\n\n\n<h2 class=\"wp-block-heading\" id=\"h-cena-sklad-i-bezpieczenstwo-stosowania-hascovita\">Cena, zlo\u017eenie a bezpe\u010dnos\u0165 pou\u017e\u00edvania lieku Hascovita<\/h2>\n\n\n\n<p><b>Cena<\/b> Hascovity je konkurencieschopn\u00e1, najm\u00e4 vzh\u013eadom na jej \u00fa\u010dinnos\u0165 a pr\u00edrodn\u00e9 zlo\u017eky. V\u00fdrobca \u010dasto pon\u00faka akcie, v r\u00e1mci ktor\u00fdch je mo\u017en\u00e9 v\u00fdrobok zak\u00fapi\u0165 za v\u00fdrazne zn\u00ed\u017een\u00fa cenu &#8211; a\u017e o 50 % lacnej\u0161ie ako <b>za<\/b> \u0161tandardn\u00fa <b>cenu<\/b>. <\/p>\n\n\n\n<p>Hascovita sa sklad\u00e1 z takmer 30 pr\u00edrodn\u00fdch \u00fa\u010dinn\u00fdch l\u00e1tok, starostlivo vybran\u00fdch na podporu rastu vlasov, prevenciu vypad\u00e1vania vlasov a zlep\u0161enie celkov\u00e9ho zdravia vlasov. Presn\u00e9 pomery zlo\u017eiek s\u00fa obchodn\u00fdm tajomstvom v\u00fdrobcu, ale ich prirodzenos\u0165 a bezpe\u010dnos\u0165 bola potvrden\u00e1 dermatologick\u00fdm testovan\u00edm.<\/p>\n\n\n\n<p>Ako v\u00fdrobok na b\u00e1ze pr\u00edrodn\u00fdch zlo\u017eiek je Hascovita dobre zn\u00e1\u0161an\u00e1 a neboli zaznamenan\u00e9 \u017eiadne pr\u00edpady z\u00e1va\u017en\u00fdch ved\u013eaj\u0161\u00edch \u00fa\u010dinkov alebo kontraindik\u00e1ci\u00ed. Pred \u00faplnou aplik\u00e1ciou sa v\u0161ak v\u017edy odpor\u00fa\u010da vykona\u0165 n\u00e1plas\u0165ov\u00fd test a v pr\u00edpade v\u00fdskytu alergick\u00fdch reakci\u00ed sa poradi\u0165 s lek\u00e1rom.<\/p>\n","protected":false},"excerpt":{"rendered":"<p><strong>49.00 \u20ac<\/strong><\/p>\n<p><del>98.00 \u20ac<\/del><\/p>\n<p><strong>[date_countdown]<\/strong><\/p>\n","protected":false},"featured_media":2233,"comment_status":"open","ping_status":"closed","template":"","meta":{"neve_meta_sidebar":"","neve_meta_container":"","neve_meta_enable_content_width":"","neve_meta_content_width":0,"neve_meta_title_alignment":"","neve_meta_author_avatar":"","neve_post_elements_order":"","neve_meta_disable_header":"","neve_meta_disable_footer":"","neve_meta_disable_title":"","neve_meta_reading_time":""},"product_brand":[],"product_cat":[169],"product_tag":[],"class_list":{"0":"post-2238","1":"product","2":"type-product","3":"status-publish","4":"has-post-thumbnail","6":"product_cat-zdravie","8":"first","9":"instock","10":"shipping-taxable","11":"product-type-external"},"yoast_head":"<!-- This site is optimized with the Yoast SEO plugin v27.4 - https:\/\/yoast.com\/product\/yoast-seo-wordpress\/ -->\n<title>Hascovita - Clinica Althea<\/title>\n<meta name=\"robots\" content=\"index, follow, max-snippet:-1, max-image-preview:large, max-video-preview:-1\" \/>\n<link rel=\"canonical\" href=\"https:\/\/www.clinicaalthea.com\/farmacia\/sk\/apt\/hascovita\/\" \/>\n<meta property=\"og:locale\" content=\"pl_PL\" \/>\n<meta property=\"og:type\" content=\"article\" \/>\n<meta property=\"og:title\" content=\"Hascovita - Clinica Althea\" \/>\n<meta property=\"og:description\" content=\"49.00 \u20ac 98.00 \u20ac\" \/>\n<meta property=\"og:url\" content=\"https:\/\/www.clinicaalthea.com\/farmacia\/sk\/apt\/hascovita\/\" \/>\n<meta property=\"og:site_name\" content=\"Clinica Althea\" \/>\n<meta property=\"article:modified_time\" content=\"2024-03-24T10:19:33+00:00\" \/>\n<meta property=\"og:image\" content=\"https:\/\/www.clinicaalthea.com\/farmacia\/wp-content\/uploads\/2024\/03\/Hascovita.jpg\" \/>\n\t<meta property=\"og:image:width\" content=\"768\" \/>\n\t<meta property=\"og:image:height\" content=\"768\" \/>\n\t<meta property=\"og:image:type\" content=\"image\/jpeg\" \/>\n<meta name=\"twitter:card\" content=\"summary_large_image\" \/>\n<meta name=\"twitter:label1\" content=\"Szacowany czas czytania\" \/>\n\t<meta name=\"twitter:data1\" content=\"4 minuty\" \/>\n<script type=\"application\/ld+json\" class=\"yoast-schema-graph\">{\"@context\":\"https:\\\/\\\/schema.org\",\"@graph\":[{\"@type\":\"WebPage\",\"@id\":\"https:\\\/\\\/www.clinicaalthea.com\\\/farmacia\\\/sk\\\/apt\\\/hascovita\\\/\",\"url\":\"https:\\\/\\\/www.clinicaalthea.com\\\/farmacia\\\/sk\\\/apt\\\/hascovita\\\/\",\"name\":\"Hascovita - Clinica Althea\",\"isPartOf\":{\"@id\":\"https:\\\/\\\/www.clinicaalthea.com\\\/farmacia\\\/#website\"},\"primaryImageOfPage\":{\"@id\":\"https:\\\/\\\/www.clinicaalthea.com\\\/farmacia\\\/sk\\\/apt\\\/hascovita\\\/#primaryimage\"},\"image\":{\"@id\":\"https:\\\/\\\/www.clinicaalthea.com\\\/farmacia\\\/sk\\\/apt\\\/hascovita\\\/#primaryimage\"},\"thumbnailUrl\":\"https:\\\/\\\/www.clinicaalthea.com\\\/farmacia\\\/wp-content\\\/uploads\\\/2024\\\/03\\\/Hascovita.jpg\",\"datePublished\":\"2024-03-24T10:16:43+00:00\",\"dateModified\":\"2024-03-24T10:19:33+00:00\",\"breadcrumb\":{\"@id\":\"https:\\\/\\\/www.clinicaalthea.com\\\/farmacia\\\/sk\\\/apt\\\/hascovita\\\/#breadcrumb\"},\"inLanguage\":\"pl-PL\",\"potentialAction\":[{\"@type\":\"ReadAction\",\"target\":[\"https:\\\/\\\/www.clinicaalthea.com\\\/farmacia\\\/sk\\\/apt\\\/hascovita\\\/\"]}]},{\"@type\":\"ImageObject\",\"inLanguage\":\"pl-PL\",\"@id\":\"https:\\\/\\\/www.clinicaalthea.com\\\/farmacia\\\/sk\\\/apt\\\/hascovita\\\/#primaryimage\",\"url\":\"https:\\\/\\\/www.clinicaalthea.com\\\/farmacia\\\/wp-content\\\/uploads\\\/2024\\\/03\\\/Hascovita.jpg\",\"contentUrl\":\"https:\\\/\\\/www.clinicaalthea.com\\\/farmacia\\\/wp-content\\\/uploads\\\/2024\\\/03\\\/Hascovita.jpg\",\"width\":768,\"height\":768,\"caption\":\"Hascovita\"},{\"@type\":\"BreadcrumbList\",\"@id\":\"https:\\\/\\\/www.clinicaalthea.com\\\/farmacia\\\/sk\\\/apt\\\/hascovita\\\/#breadcrumb\",\"itemListElement\":[{\"@type\":\"ListItem\",\"position\":1,\"name\":\"Strona g\u0142\u00f3wna\",\"item\":\"https:\\\/\\\/www.clinicaalthea.com\\\/farmacia\\\/\"},{\"@type\":\"ListItem\",\"position\":2,\"name\":\"Produkty\",\"item\":\"https:\\\/\\\/www.clinicaalthea.com\\\/farmacia\\\/\"},{\"@type\":\"ListItem\",\"position\":3,\"name\":\"Hascovita\"}]},{\"@type\":\"WebSite\",\"@id\":\"https:\\\/\\\/www.clinicaalthea.com\\\/farmacia\\\/#website\",\"url\":\"https:\\\/\\\/www.clinicaalthea.com\\\/farmacia\\\/\",\"name\":\"Clinica Althea\",\"description\":\"\",\"publisher\":{\"@id\":\"https:\\\/\\\/www.clinicaalthea.com\\\/farmacia\\\/#organization\"},\"potentialAction\":[{\"@type\":\"SearchAction\",\"target\":{\"@type\":\"EntryPoint\",\"urlTemplate\":\"https:\\\/\\\/www.clinicaalthea.com\\\/farmacia\\\/?s={search_term_string}\"},\"query-input\":{\"@type\":\"PropertyValueSpecification\",\"valueRequired\":true,\"valueName\":\"search_term_string\"}}],\"inLanguage\":\"pl-PL\"},{\"@type\":\"Organization\",\"@id\":\"https:\\\/\\\/www.clinicaalthea.com\\\/farmacia\\\/#organization\",\"name\":\"Clinica Althea\",\"url\":\"https:\\\/\\\/www.clinicaalthea.com\\\/farmacia\\\/\",\"logo\":{\"@type\":\"ImageObject\",\"inLanguage\":\"pl-PL\",\"@id\":\"https:\\\/\\\/www.clinicaalthea.com\\\/farmacia\\\/#\\\/schema\\\/logo\\\/image\\\/\",\"url\":\"https:\\\/\\\/www.clinicaalthea.com\\\/farmacia\\\/wp-content\\\/uploads\\\/2023\\\/12\\\/Jak-diagnozuje-sie-FAS_-objawy-kryteria-diagnostyczne-i-metody-diagnozowania-154162903.jpg\",\"contentUrl\":\"https:\\\/\\\/www.clinicaalthea.com\\\/farmacia\\\/wp-content\\\/uploads\\\/2023\\\/12\\\/Jak-diagnozuje-sie-FAS_-objawy-kryteria-diagnostyczne-i-metody-diagnozowania-154162903.jpg\",\"width\":1216,\"height\":832,\"caption\":\"Clinica Althea\"},\"image\":{\"@id\":\"https:\\\/\\\/www.clinicaalthea.com\\\/farmacia\\\/#\\\/schema\\\/logo\\\/image\\\/\"}}]}<\/script>\n<!-- \/ Yoast SEO plugin. -->","yoast_head_json":{"title":"Hascovita - Clinica Althea","robots":{"index":"index","follow":"follow","max-snippet":"max-snippet:-1","max-image-preview":"max-image-preview:large","max-video-preview":"max-video-preview:-1"},"canonical":"https:\/\/www.clinicaalthea.com\/farmacia\/sk\/apt\/hascovita\/","og_locale":"pl_PL","og_type":"article","og_title":"Hascovita - Clinica Althea","og_description":"49.00 \u20ac 98.00 \u20ac","og_url":"https:\/\/www.clinicaalthea.com\/farmacia\/sk\/apt\/hascovita\/","og_site_name":"Clinica Althea","article_modified_time":"2024-03-24T10:19:33+00:00","og_image":[{"width":768,"height":768,"url":"https:\/\/www.clinicaalthea.com\/farmacia\/wp-content\/uploads\/2024\/03\/Hascovita.jpg","type":"image\/jpeg"}],"twitter_card":"summary_large_image","twitter_misc":{"Szacowany czas czytania":"4 minuty"},"schema":{"@context":"https:\/\/schema.org","@graph":[{"@type":"WebPage","@id":"https:\/\/www.clinicaalthea.com\/farmacia\/sk\/apt\/hascovita\/","url":"https:\/\/www.clinicaalthea.com\/farmacia\/sk\/apt\/hascovita\/","name":"Hascovita - Clinica Althea","isPartOf":{"@id":"https:\/\/www.clinicaalthea.com\/farmacia\/#website"},"primaryImageOfPage":{"@id":"https:\/\/www.clinicaalthea.com\/farmacia\/sk\/apt\/hascovita\/#primaryimage"},"image":{"@id":"https:\/\/www.clinicaalthea.com\/farmacia\/sk\/apt\/hascovita\/#primaryimage"},"thumbnailUrl":"https:\/\/www.clinicaalthea.com\/farmacia\/wp-content\/uploads\/2024\/03\/Hascovita.jpg","datePublished":"2024-03-24T10:16:43+00:00","dateModified":"2024-03-24T10:19:33+00:00","breadcrumb":{"@id":"https:\/\/www.clinicaalthea.com\/farmacia\/sk\/apt\/hascovita\/#breadcrumb"},"inLanguage":"pl-PL","potentialAction":[{"@type":"ReadAction","target":["https:\/\/www.clinicaalthea.com\/farmacia\/sk\/apt\/hascovita\/"]}]},{"@type":"ImageObject","inLanguage":"pl-PL","@id":"https:\/\/www.clinicaalthea.com\/farmacia\/sk\/apt\/hascovita\/#primaryimage","url":"https:\/\/www.clinicaalthea.com\/farmacia\/wp-content\/uploads\/2024\/03\/Hascovita.jpg","contentUrl":"https:\/\/www.clinicaalthea.com\/farmacia\/wp-content\/uploads\/2024\/03\/Hascovita.jpg","width":768,"height":768,"caption":"Hascovita"},{"@type":"BreadcrumbList","@id":"https:\/\/www.clinicaalthea.com\/farmacia\/sk\/apt\/hascovita\/#breadcrumb","itemListElement":[{"@type":"ListItem","position":1,"name":"Strona g\u0142\u00f3wna","item":"https:\/\/www.clinicaalthea.com\/farmacia\/"},{"@type":"ListItem","position":2,"name":"Produkty","item":"https:\/\/www.clinicaalthea.com\/farmacia\/"},{"@type":"ListItem","position":3,"name":"Hascovita"}]},{"@type":"WebSite","@id":"https:\/\/www.clinicaalthea.com\/farmacia\/#website","url":"https:\/\/www.clinicaalthea.com\/farmacia\/","name":"Clinica Althea","description":"","publisher":{"@id":"https:\/\/www.clinicaalthea.com\/farmacia\/#organization"},"potentialAction":[{"@type":"SearchAction","target":{"@type":"EntryPoint","urlTemplate":"https:\/\/www.clinicaalthea.com\/farmacia\/?s={search_term_string}"},"query-input":{"@type":"PropertyValueSpecification","valueRequired":true,"valueName":"search_term_string"}}],"inLanguage":"pl-PL"},{"@type":"Organization","@id":"https:\/\/www.clinicaalthea.com\/farmacia\/#organization","name":"Clinica Althea","url":"https:\/\/www.clinicaalthea.com\/farmacia\/","logo":{"@type":"ImageObject","inLanguage":"pl-PL","@id":"https:\/\/www.clinicaalthea.com\/farmacia\/#\/schema\/logo\/image\/","url":"https:\/\/www.clinicaalthea.com\/farmacia\/wp-content\/uploads\/2023\/12\/Jak-diagnozuje-sie-FAS_-objawy-kryteria-diagnostyczne-i-metody-diagnozowania-154162903.jpg","contentUrl":"https:\/\/www.clinicaalthea.com\/farmacia\/wp-content\/uploads\/2023\/12\/Jak-diagnozuje-sie-FAS_-objawy-kryteria-diagnostyczne-i-metody-diagnozowania-154162903.jpg","width":1216,"height":832,"caption":"Clinica Althea"},"image":{"@id":"https:\/\/www.clinicaalthea.com\/farmacia\/#\/schema\/logo\/image\/"}}]}},"lang":"sk","translations":{"sk":2238,"fr":2234,"cs":2232,"de":2235,"hu":2236,"it":2237,"sv":2239,"bg":2240,"sl":2241},"pll_sync_post":[],"_links":{"self":[{"href":"https:\/\/www.clinicaalthea.com\/farmacia\/wp-json\/wp\/v2\/product\/2238","targetHints":{"allow":["GET"]}}],"collection":[{"href":"https:\/\/www.clinicaalthea.com\/farmacia\/wp-json\/wp\/v2\/product"}],"about":[{"href":"https:\/\/www.clinicaalthea.com\/farmacia\/wp-json\/wp\/v2\/types\/product"}],"replies":[{"embeddable":true,"href":"https:\/\/www.clinicaalthea.com\/farmacia\/wp-json\/wp\/v2\/comments?post=2238"}],"wp:featuredmedia":[{"embeddable":true,"href":"https:\/\/www.clinicaalthea.com\/farmacia\/wp-json\/wp\/v2\/media\/2233"}],"wp:attachment":[{"href":"https:\/\/www.clinicaalthea.com\/farmacia\/wp-json\/wp\/v2\/media?parent=2238"}],"wp:term":[{"taxonomy":"product_brand","embeddable":true,"href":"https:\/\/www.clinicaalthea.com\/farmacia\/wp-json\/wp\/v2\/product_brand?post=2238"},{"taxonomy":"product_cat","embeddable":true,"href":"https:\/\/www.clinicaalthea.com\/farmacia\/wp-json\/wp\/v2\/product_cat?post=2238"},{"taxonomy":"product_tag","embeddable":true,"href":"https:\/\/www.clinicaalthea.com\/farmacia\/wp-json\/wp\/v2\/product_tag?post=2238"}],"curies":[{"name":"wp","href":"https:\/\/api.w.org\/{rel}","templated":true}]}}