{"id":2235,"date":"2024-03-24T11:13:34","date_gmt":"2024-03-24T10:13:34","guid":{"rendered":"https:\/\/mayoguide.org\/produkty\/?post_type=product&#038;p=2235"},"modified":"2024-03-24T11:19:33","modified_gmt":"2024-03-24T10:19:33","slug":"hascovita","status":"publish","type":"product","link":"https:\/\/www.clinicaalthea.com\/farmacia\/de\/apt\/hascovita\/","title":{"rendered":"Hascovita"},"content":{"rendered":"\n<p>Haben Sie <b>Probleme mit Haarausfall<\/b>? Tr\u00e4umen Sie von st\u00e4rkerem, dickerem und ges\u00fcnderem Haar? Wenn ja, k\u00f6nnte <b>Hascovita<\/b> die Antwort auf Ihre Gebete sein. Dieses innovative <b>\u00d6l gegen Haarausfall<\/b> hat aufgrund seiner hervorragenden regenerierenden Eigenschaften weltweite Anerkennung gefunden. Funktioniert <b>Hascovita<\/b> wirklich? Was sind die Inhaltsstoffe?<\/p>\n\n\n\n<h3 class=\"wp-block-heading\" id=\"h-podsumowanie\">Zusammenfassung<\/h3>\n\n\n\n<ul class=\"wp-block-list\">\n<li><b>Hascovita<\/b> ist ein innovatives <b>\u00d6l gegen Haarausfall<\/b><\/li>\n\n\n\n<li>Enth\u00e4lt mehr als 30 aktive pflanzliche Inhaltsstoffe<\/li>\n\n\n\n<li>Sorgt f\u00fcr die Regeneration des Haares und verbessert seinen Gesamtzustand<\/li>\n\n\n\n<li>Hat in Europa Anerkennung gefunden und wird von Friseuren und Trichologen empfohlen<\/li>\n\n\n\n<li>Erh\u00e4ltlich ausschlie\u00dflich auf der offiziellen Website des Herstellers<\/li>\n<\/ul>\n\n\n\n<h2 class=\"wp-block-heading\" id=\"h-co-to-jest-hascovita\">Was ist Hascovita?<\/h2>\n\n\n\n<p>Hascovita ist ein innovatives <b>, nat\u00fcrliches Spray<\/b>, das Ihrem Haar dauerhaft Kraft, Glanz und Dichte verleiht. Es enth\u00e4lt eine einzigartige Kombination von fast 30 Wirkstoffen, die haupts\u00e4chlich pflanzlichen Ursprungs sind, um Haarausfallprobleme wie androgenetischen Haarausfall und Alopecia areata bei M\u00e4nnern und Frauen zu bek\u00e4mpfen. Dieses Produkt erfreut sich in Europa zunehmender Beliebtheit und hat die Zustimmung von Friseuren und professionellen Trichologen gewonnen. Hascovita ist nicht einfach ein weiteres Kosmetikum auf dem Markt &#8211; es ist eine sorgf\u00e4ltig entwickelte Formel, die denjenigen, die unter Haarausfall leiden, Hoffnung gibt. Hascovita ist nicht in herk\u00f6mmlichen Apotheken erh\u00e4ltlich, sondern kann am besten \u00fcber die offizielle Website des Herstellers bezogen werden.<\/p>\n\n\n\n<h2 class=\"wp-block-heading\" id=\"h-jak-dziala-hascovita\">Wie wirkt Hascovita?<\/h2>\n\n\n\n<p>Die Wirkung von Hascovita beruht auf der Aktivierung der Haarfollikel auf der Ebene der Stammzellen. Dieser fortschrittliche Ansatz bek\u00e4mpft nicht nur die Symptome der fr\u00fchen Kahlheit, sondern unterst\u00fctzt auch den nat\u00fcrlichen Haarwachstumszyklus, macht das Haar elastischer und beugt Spliss und Schuppen vor. Die regelm\u00e4\u00dfige Anwendung von Hascovita hilft, das Haar in der Anagenphase zu halten, was zu l\u00e4ngerem Wachstum und erh\u00f6hter Widerstandsf\u00e4higkeit gegen Sch\u00e4den f\u00fchrt. Seine Formel wirkt rund um die Uhr, um dem Haar einen gesunden Glanz und Vitalit\u00e4t zu verleihen. Zahlreiche klinische Studien haben die au\u00dfergew\u00f6hnliche Wirksamkeit von Hascovita mit einer Erfolgsquote von 91 % best\u00e4tigt.<\/p>\n\n\n\n<h3 class=\"wp-block-heading\" id=\"h-przeglad-dzialan-hascovita\">\u00dcberblick \u00fcber die Wirkung von Hascovita:<\/h3>\n\n\n\n<ul class=\"wp-block-list\">\n<li><b>Aktivierung der Haarfollikel<\/b> auf der Ebene der Stammzellen.<\/li>\n\n\n\n<li>Unterst\u00fctzung des nat\u00fcrlichen Haarwachstumszyklus.<\/li>\n\n\n\n<li>Erh\u00f6hung der Elastizit\u00e4t des Haares.<\/li>\n\n\n\n<li>Vorbeugung von Spliss und Schuppenbildung.<\/li>\n\n\n\n<li>Erhaltung des Haares in der Anagenphase f\u00fcr ein l\u00e4ngeres Wachstum.<\/li>\n\n\n\n<li>Erh\u00f6hte Widerstandsf\u00e4higkeit gegen Sch\u00e4den.<\/li>\n\n\n\n<li>Die Formel wirkt rund um die Uhr.<\/li>\n\n\n\n<li>Verleiht dem Haar einen gesunden Glanz und Vitalit\u00e4t.<\/li>\n<\/ul>\n\n\n\n<h2 class=\"wp-block-heading\" id=\"h-efekty-stosowania-hascovita\">Auswirkungen der Anwendung von Hascovita<\/h2>\n\n\n\n<p>Die regelm\u00e4\u00dfige Anwendung von Hascovita f\u00fchrt zu <b>sichtbaren Ergebnissen<\/b>, die nicht nur von Ihnen selbst, sondern auch von Ihren Mitmenschen wahrgenommen werden k\u00f6nnen. Anwender best\u00e4tigen, dass ihr Haar bereits nach wenigen Wochen der Anwendung von Hascovita-Haarspray deutlich kr\u00e4ftiger, dicker und strahlender wird. Sie brauchen sich keine Sorgen mehr \u00fcber unansehnliche Glatze oder d\u00fcnner werdendes Haar zu machen, denn Hascovita kaschiert wirksam Alopezie und verdichtet das Haar, so dass es gesund und vital aussieht. Diese Effekte werden durch die tiefgreifende Regeneration und St\u00e4rkung des Haarfollikels von innen heraus erm\u00f6glicht, was zu st\u00e4rkerem und widerstandsf\u00e4higerem Haar f\u00fchrt.<\/p>\n\n\n\n<h2 class=\"wp-block-heading\" id=\"h-cena-sklad-i-bezpieczenstwo-stosowania-hascovita\">Preis, Zusammensetzung und Sicherheit der Anwendung von Hascovita<\/h2>\n\n\n\n<p>Der<b>Preis von<\/b> Hascovita ist wettbewerbsf\u00e4hig, vor allem angesichts seiner Wirksamkeit und seiner nat\u00fcrlichen Inhaltsstoffe. Der Hersteller bietet h\u00e4ufig Werbeaktionen an, bei denen das Produkt zu einem deutlich reduzierten Preis erworben werden kann &#8211; bis zu 50 % g\u00fcnstiger als der <b>Standardpreis<\/b>. <\/p>\n\n\n\n<p>Hascovita besteht aus fast 30 nat\u00fcrlichen Wirkstoffen, die sorgf\u00e4ltig ausgew\u00e4hlt wurden, um das Haarwachstum zu f\u00f6rdern, Haarausfall vorzubeugen und die allgemeine Haargesundheit zu verbessern. Die genauen Mengenverh\u00e4ltnisse der Inhaltsstoffe sind ein Betriebsgeheimnis des Herstellers, aber ihre Nat\u00fcrlichkeit und Sicherheit wurden durch dermatologische Tests best\u00e4tigt.<\/p>\n\n\n\n<p>Als Produkt auf der Basis nat\u00fcrlicher Inhaltsstoffe ist Hascovita gut vertr\u00e4glich, und es wurden keine F\u00e4lle von schwerwiegenden Nebenwirkungen oder Kontraindikationen gemeldet. Es wird jedoch immer empfohlen, vor der vollst\u00e4ndigen Anwendung einen Patch-Test durchzuf\u00fchren und beim Auftreten allergischer Reaktionen einen Arzt zu konsultieren.<\/p>\n","protected":false},"excerpt":{"rendered":"<p><strong>69.00 \u20ac<\/strong><\/p>\n<p><del>138.00 \u20ac<\/del><\/p>\n<p><strong>[date_countdown]<\/strong><\/p>\n","protected":false},"featured_media":2233,"comment_status":"open","ping_status":"closed","template":"","meta":{"neve_meta_sidebar":"","neve_meta_container":"","neve_meta_enable_content_width":"","neve_meta_content_width":0,"neve_meta_title_alignment":"","neve_meta_author_avatar":"","neve_post_elements_order":"","neve_meta_disable_header":"","neve_meta_disable_footer":"","neve_meta_disable_title":"","neve_meta_reading_time":""},"product_brand":[],"product_cat":[33],"product_tag":[],"class_list":{"0":"post-2235","1":"product","2":"type-product","3":"status-publish","4":"has-post-thumbnail","6":"product_cat-gesundheit","8":"first","9":"instock","10":"shipping-taxable","11":"product-type-external"},"yoast_head":"<!-- This site is optimized with the Yoast SEO plugin v27.4 - https:\/\/yoast.com\/product\/yoast-seo-wordpress\/ -->\n<title>Hascovita - Clinica Althea<\/title>\n<meta name=\"robots\" content=\"index, follow, max-snippet:-1, max-image-preview:large, max-video-preview:-1\" \/>\n<link rel=\"canonical\" href=\"https:\/\/www.clinicaalthea.com\/farmacia\/de\/apt\/hascovita\/\" \/>\n<meta property=\"og:locale\" content=\"pl_PL\" \/>\n<meta property=\"og:type\" content=\"article\" \/>\n<meta property=\"og:title\" content=\"Hascovita - Clinica Althea\" \/>\n<meta property=\"og:description\" content=\"69.00 \u20ac 138.00 \u20ac\" \/>\n<meta property=\"og:url\" content=\"https:\/\/www.clinicaalthea.com\/farmacia\/de\/apt\/hascovita\/\" \/>\n<meta property=\"og:site_name\" content=\"Clinica Althea\" \/>\n<meta property=\"article:modified_time\" content=\"2024-03-24T10:19:33+00:00\" \/>\n<meta property=\"og:image\" content=\"https:\/\/www.clinicaalthea.com\/farmacia\/wp-content\/uploads\/2024\/03\/Hascovita.jpg\" \/>\n\t<meta property=\"og:image:width\" content=\"768\" \/>\n\t<meta property=\"og:image:height\" content=\"768\" \/>\n\t<meta property=\"og:image:type\" content=\"image\/jpeg\" \/>\n<meta name=\"twitter:card\" content=\"summary_large_image\" \/>\n<meta name=\"twitter:label1\" content=\"Szacowany czas czytania\" \/>\n\t<meta name=\"twitter:data1\" content=\"4 minuty\" \/>\n<script type=\"application\/ld+json\" class=\"yoast-schema-graph\">{\"@context\":\"https:\\\/\\\/schema.org\",\"@graph\":[{\"@type\":\"WebPage\",\"@id\":\"https:\\\/\\\/www.clinicaalthea.com\\\/farmacia\\\/de\\\/apt\\\/hascovita\\\/\",\"url\":\"https:\\\/\\\/www.clinicaalthea.com\\\/farmacia\\\/de\\\/apt\\\/hascovita\\\/\",\"name\":\"Hascovita - Clinica Althea\",\"isPartOf\":{\"@id\":\"https:\\\/\\\/www.clinicaalthea.com\\\/farmacia\\\/#website\"},\"primaryImageOfPage\":{\"@id\":\"https:\\\/\\\/www.clinicaalthea.com\\\/farmacia\\\/de\\\/apt\\\/hascovita\\\/#primaryimage\"},\"image\":{\"@id\":\"https:\\\/\\\/www.clinicaalthea.com\\\/farmacia\\\/de\\\/apt\\\/hascovita\\\/#primaryimage\"},\"thumbnailUrl\":\"https:\\\/\\\/www.clinicaalthea.com\\\/farmacia\\\/wp-content\\\/uploads\\\/2024\\\/03\\\/Hascovita.jpg\",\"datePublished\":\"2024-03-24T10:13:34+00:00\",\"dateModified\":\"2024-03-24T10:19:33+00:00\",\"breadcrumb\":{\"@id\":\"https:\\\/\\\/www.clinicaalthea.com\\\/farmacia\\\/de\\\/apt\\\/hascovita\\\/#breadcrumb\"},\"inLanguage\":\"pl-PL\",\"potentialAction\":[{\"@type\":\"ReadAction\",\"target\":[\"https:\\\/\\\/www.clinicaalthea.com\\\/farmacia\\\/de\\\/apt\\\/hascovita\\\/\"]}]},{\"@type\":\"ImageObject\",\"inLanguage\":\"pl-PL\",\"@id\":\"https:\\\/\\\/www.clinicaalthea.com\\\/farmacia\\\/de\\\/apt\\\/hascovita\\\/#primaryimage\",\"url\":\"https:\\\/\\\/www.clinicaalthea.com\\\/farmacia\\\/wp-content\\\/uploads\\\/2024\\\/03\\\/Hascovita.jpg\",\"contentUrl\":\"https:\\\/\\\/www.clinicaalthea.com\\\/farmacia\\\/wp-content\\\/uploads\\\/2024\\\/03\\\/Hascovita.jpg\",\"width\":768,\"height\":768,\"caption\":\"Hascovita\"},{\"@type\":\"BreadcrumbList\",\"@id\":\"https:\\\/\\\/www.clinicaalthea.com\\\/farmacia\\\/de\\\/apt\\\/hascovita\\\/#breadcrumb\",\"itemListElement\":[{\"@type\":\"ListItem\",\"position\":1,\"name\":\"Strona g\u0142\u00f3wna\",\"item\":\"https:\\\/\\\/www.clinicaalthea.com\\\/farmacia\\\/\"},{\"@type\":\"ListItem\",\"position\":2,\"name\":\"Produkty\",\"item\":\"https:\\\/\\\/www.clinicaalthea.com\\\/farmacia\\\/\"},{\"@type\":\"ListItem\",\"position\":3,\"name\":\"Hascovita\"}]},{\"@type\":\"WebSite\",\"@id\":\"https:\\\/\\\/www.clinicaalthea.com\\\/farmacia\\\/#website\",\"url\":\"https:\\\/\\\/www.clinicaalthea.com\\\/farmacia\\\/\",\"name\":\"Clinica Althea\",\"description\":\"\",\"publisher\":{\"@id\":\"https:\\\/\\\/www.clinicaalthea.com\\\/farmacia\\\/#organization\"},\"potentialAction\":[{\"@type\":\"SearchAction\",\"target\":{\"@type\":\"EntryPoint\",\"urlTemplate\":\"https:\\\/\\\/www.clinicaalthea.com\\\/farmacia\\\/?s={search_term_string}\"},\"query-input\":{\"@type\":\"PropertyValueSpecification\",\"valueRequired\":true,\"valueName\":\"search_term_string\"}}],\"inLanguage\":\"pl-PL\"},{\"@type\":\"Organization\",\"@id\":\"https:\\\/\\\/www.clinicaalthea.com\\\/farmacia\\\/#organization\",\"name\":\"Clinica Althea\",\"url\":\"https:\\\/\\\/www.clinicaalthea.com\\\/farmacia\\\/\",\"logo\":{\"@type\":\"ImageObject\",\"inLanguage\":\"pl-PL\",\"@id\":\"https:\\\/\\\/www.clinicaalthea.com\\\/farmacia\\\/#\\\/schema\\\/logo\\\/image\\\/\",\"url\":\"https:\\\/\\\/www.clinicaalthea.com\\\/farmacia\\\/wp-content\\\/uploads\\\/2023\\\/12\\\/Jak-diagnozuje-sie-FAS_-objawy-kryteria-diagnostyczne-i-metody-diagnozowania-154162903.jpg\",\"contentUrl\":\"https:\\\/\\\/www.clinicaalthea.com\\\/farmacia\\\/wp-content\\\/uploads\\\/2023\\\/12\\\/Jak-diagnozuje-sie-FAS_-objawy-kryteria-diagnostyczne-i-metody-diagnozowania-154162903.jpg\",\"width\":1216,\"height\":832,\"caption\":\"Clinica Althea\"},\"image\":{\"@id\":\"https:\\\/\\\/www.clinicaalthea.com\\\/farmacia\\\/#\\\/schema\\\/logo\\\/image\\\/\"}}]}<\/script>\n<!-- \/ Yoast SEO plugin. -->","yoast_head_json":{"title":"Hascovita - Clinica Althea","robots":{"index":"index","follow":"follow","max-snippet":"max-snippet:-1","max-image-preview":"max-image-preview:large","max-video-preview":"max-video-preview:-1"},"canonical":"https:\/\/www.clinicaalthea.com\/farmacia\/de\/apt\/hascovita\/","og_locale":"pl_PL","og_type":"article","og_title":"Hascovita - Clinica Althea","og_description":"69.00 \u20ac 138.00 \u20ac","og_url":"https:\/\/www.clinicaalthea.com\/farmacia\/de\/apt\/hascovita\/","og_site_name":"Clinica Althea","article_modified_time":"2024-03-24T10:19:33+00:00","og_image":[{"width":768,"height":768,"url":"https:\/\/www.clinicaalthea.com\/farmacia\/wp-content\/uploads\/2024\/03\/Hascovita.jpg","type":"image\/jpeg"}],"twitter_card":"summary_large_image","twitter_misc":{"Szacowany czas czytania":"4 minuty"},"schema":{"@context":"https:\/\/schema.org","@graph":[{"@type":"WebPage","@id":"https:\/\/www.clinicaalthea.com\/farmacia\/de\/apt\/hascovita\/","url":"https:\/\/www.clinicaalthea.com\/farmacia\/de\/apt\/hascovita\/","name":"Hascovita - Clinica Althea","isPartOf":{"@id":"https:\/\/www.clinicaalthea.com\/farmacia\/#website"},"primaryImageOfPage":{"@id":"https:\/\/www.clinicaalthea.com\/farmacia\/de\/apt\/hascovita\/#primaryimage"},"image":{"@id":"https:\/\/www.clinicaalthea.com\/farmacia\/de\/apt\/hascovita\/#primaryimage"},"thumbnailUrl":"https:\/\/www.clinicaalthea.com\/farmacia\/wp-content\/uploads\/2024\/03\/Hascovita.jpg","datePublished":"2024-03-24T10:13:34+00:00","dateModified":"2024-03-24T10:19:33+00:00","breadcrumb":{"@id":"https:\/\/www.clinicaalthea.com\/farmacia\/de\/apt\/hascovita\/#breadcrumb"},"inLanguage":"pl-PL","potentialAction":[{"@type":"ReadAction","target":["https:\/\/www.clinicaalthea.com\/farmacia\/de\/apt\/hascovita\/"]}]},{"@type":"ImageObject","inLanguage":"pl-PL","@id":"https:\/\/www.clinicaalthea.com\/farmacia\/de\/apt\/hascovita\/#primaryimage","url":"https:\/\/www.clinicaalthea.com\/farmacia\/wp-content\/uploads\/2024\/03\/Hascovita.jpg","contentUrl":"https:\/\/www.clinicaalthea.com\/farmacia\/wp-content\/uploads\/2024\/03\/Hascovita.jpg","width":768,"height":768,"caption":"Hascovita"},{"@type":"BreadcrumbList","@id":"https:\/\/www.clinicaalthea.com\/farmacia\/de\/apt\/hascovita\/#breadcrumb","itemListElement":[{"@type":"ListItem","position":1,"name":"Strona g\u0142\u00f3wna","item":"https:\/\/www.clinicaalthea.com\/farmacia\/"},{"@type":"ListItem","position":2,"name":"Produkty","item":"https:\/\/www.clinicaalthea.com\/farmacia\/"},{"@type":"ListItem","position":3,"name":"Hascovita"}]},{"@type":"WebSite","@id":"https:\/\/www.clinicaalthea.com\/farmacia\/#website","url":"https:\/\/www.clinicaalthea.com\/farmacia\/","name":"Clinica Althea","description":"","publisher":{"@id":"https:\/\/www.clinicaalthea.com\/farmacia\/#organization"},"potentialAction":[{"@type":"SearchAction","target":{"@type":"EntryPoint","urlTemplate":"https:\/\/www.clinicaalthea.com\/farmacia\/?s={search_term_string}"},"query-input":{"@type":"PropertyValueSpecification","valueRequired":true,"valueName":"search_term_string"}}],"inLanguage":"pl-PL"},{"@type":"Organization","@id":"https:\/\/www.clinicaalthea.com\/farmacia\/#organization","name":"Clinica Althea","url":"https:\/\/www.clinicaalthea.com\/farmacia\/","logo":{"@type":"ImageObject","inLanguage":"pl-PL","@id":"https:\/\/www.clinicaalthea.com\/farmacia\/#\/schema\/logo\/image\/","url":"https:\/\/www.clinicaalthea.com\/farmacia\/wp-content\/uploads\/2023\/12\/Jak-diagnozuje-sie-FAS_-objawy-kryteria-diagnostyczne-i-metody-diagnozowania-154162903.jpg","contentUrl":"https:\/\/www.clinicaalthea.com\/farmacia\/wp-content\/uploads\/2023\/12\/Jak-diagnozuje-sie-FAS_-objawy-kryteria-diagnostyczne-i-metody-diagnozowania-154162903.jpg","width":1216,"height":832,"caption":"Clinica Althea"},"image":{"@id":"https:\/\/www.clinicaalthea.com\/farmacia\/#\/schema\/logo\/image\/"}}]}},"lang":"de","translations":{"de":2235,"fr":2234,"cs":2232,"hu":2236,"it":2237,"sk":2238,"sv":2239,"bg":2240,"sl":2241},"pll_sync_post":[],"_links":{"self":[{"href":"https:\/\/www.clinicaalthea.com\/farmacia\/wp-json\/wp\/v2\/product\/2235","targetHints":{"allow":["GET"]}}],"collection":[{"href":"https:\/\/www.clinicaalthea.com\/farmacia\/wp-json\/wp\/v2\/product"}],"about":[{"href":"https:\/\/www.clinicaalthea.com\/farmacia\/wp-json\/wp\/v2\/types\/product"}],"replies":[{"embeddable":true,"href":"https:\/\/www.clinicaalthea.com\/farmacia\/wp-json\/wp\/v2\/comments?post=2235"}],"wp:featuredmedia":[{"embeddable":true,"href":"https:\/\/www.clinicaalthea.com\/farmacia\/wp-json\/wp\/v2\/media\/2233"}],"wp:attachment":[{"href":"https:\/\/www.clinicaalthea.com\/farmacia\/wp-json\/wp\/v2\/media?parent=2235"}],"wp:term":[{"taxonomy":"product_brand","embeddable":true,"href":"https:\/\/www.clinicaalthea.com\/farmacia\/wp-json\/wp\/v2\/product_brand?post=2235"},{"taxonomy":"product_cat","embeddable":true,"href":"https:\/\/www.clinicaalthea.com\/farmacia\/wp-json\/wp\/v2\/product_cat?post=2235"},{"taxonomy":"product_tag","embeddable":true,"href":"https:\/\/www.clinicaalthea.com\/farmacia\/wp-json\/wp\/v2\/product_tag?post=2235"}],"curies":[{"name":"wp","href":"https:\/\/api.w.org\/{rel}","templated":true}]}}