{"id":2234,"date":"2024-03-24T11:12:29","date_gmt":"2024-03-24T10:12:29","guid":{"rendered":"https:\/\/mayoguide.org\/produkty\/?post_type=product&#038;p=2234"},"modified":"2024-03-24T11:19:33","modified_gmt":"2024-03-24T10:19:33","slug":"hascovita","status":"publish","type":"product","link":"https:\/\/www.clinicaalthea.com\/farmacia\/fr\/apt\/hascovita\/","title":{"rendered":"Hascovita"},"content":{"rendered":"\n<p>Avez-vous des <b>probl\u00e8mes de chute de cheveux<\/b>? Vous r\u00eavez de cheveux plus forts, plus \u00e9pais et plus sains ? Si c&#8217;est le cas, <b>Hascovita<\/b> pourrait \u00eatre la r\u00e9ponse \u00e0 vos pri\u00e8res. Cette <b>huile anti-chute<\/b> innovante est reconnue dans le monde entier pour ses excellentes propri\u00e9t\u00e9s r\u00e9paratrices. <b>Hascovita<\/b> fonctionne-t-elle vraiment ? Quels sont ses ingr\u00e9dients ?<\/p>\n\n\n\n<h3 class=\"wp-block-heading\" id=\"h-podsumowanie\">R\u00e9sum\u00e9<\/h3>\n\n\n\n<ul class=\"wp-block-list\">\n<li><b>Hascovita<\/b> est une <b>huile<\/b> innovante <b>contre la chute des cheveux<\/b><\/li>\n\n\n\n<li>Contient plus de 30 principes actifs v\u00e9g\u00e9taux<\/li>\n\n\n\n<li>Elle r\u00e9g\u00e9n\u00e8re les cheveux et am\u00e9liore leur \u00e9tat g\u00e9n\u00e9ral<\/li>\n\n\n\n<li>Reconnue en Europe et recommand\u00e9e par les coiffeurs et les trichologues<\/li>\n\n\n\n<li>Disponible exclusivement sur le site officiel du fabricant<\/li>\n<\/ul>\n\n\n\n<h2 class=\"wp-block-heading\" id=\"h-co-to-jest-hascovita\">Qu&#8217;est-ce que Hascovita ?<\/h2>\n\n\n\n<p>Hascovita est un <b>spray naturel<\/b> innovant con\u00e7u pour redonner force, brillance et densit\u00e9 \u00e0 vos cheveux. Il contient une combinaison unique de pr\u00e8s de 30 ingr\u00e9dients actifs, principalement d&#8217;origine v\u00e9g\u00e9tale, pour aider \u00e0 lutter contre les probl\u00e8mes de perte de cheveux tels que la perte de cheveux androg\u00e9n\u00e9tique et l&#8217;alop\u00e9cie areata chez les hommes et les femmes. Ce produit gagne en popularit\u00e9 en Europe et a gagn\u00e9 l&#8217;approbation des coiffeurs et des trichologues professionnels. Hascovita n&#8217;est pas un cosm\u00e9tique de plus sur le march\u00e9, c&#8217;est une formule soigneusement \u00e9labor\u00e9e qui offre de l&#8217;espoir \u00e0 ceux qui souffrent de la perte de cheveux. Hascovita n&#8217;est pas disponible dans les pharmacies traditionnelles, il est pr\u00e9f\u00e9rable de l&#8217;acheter sur le site officiel du fabricant.<\/p>\n\n\n\n<h2 class=\"wp-block-heading\" id=\"h-jak-dziala-hascovita\">Comment agit Hascovita ?<\/h2>\n\n\n\n<p>L&#8217;action de Hascovita est bas\u00e9e sur l&#8217;activation des follicules pileux au niveau des cellules souches. Cette approche avanc\u00e9e permet non seulement de lutter contre les sympt\u00f4mes de la calvitie pr\u00e9coce, mais aussi de soutenir le cycle naturel de croissance des cheveux, de les rendre plus \u00e9lastiques et de pr\u00e9venir les pointes fourchues et les pellicules. L&#8217;utilisation r\u00e9guli\u00e8re d&#8217;Hascovita aide \u00e0 maintenir les cheveux en phase anag\u00e8ne, ce qui se traduit par une croissance plus longue et une r\u00e9sistance accrue aux dommages. Sa formule agit 24 heures sur 24 pour donner aux cheveux un \u00e9clat sain et de la vitalit\u00e9. De nombreuses \u00e9tudes cliniques ont confirm\u00e9 l&#8217;efficacit\u00e9 exceptionnelle d&#8217;Hascovita, avec un taux de r\u00e9ussite de 91%.<\/p>\n\n\n\n<h3 class=\"wp-block-heading\" id=\"h-przeglad-dzialan-hascovita\">Aper\u00e7u de l&#8217;action d&#8217;Hascovita :<\/h3>\n\n\n\n<ul class=\"wp-block-list\">\n<li><b>Activation des follicules pileux<\/b> au niveau des cellules souches.<\/li>\n\n\n\n<li>Soutien du cycle naturel de croissance des cheveux.<\/li>\n\n\n\n<li>Augmentation de l&#8217;\u00e9lasticit\u00e9 des cheveux.<\/li>\n\n\n\n<li>Pr\u00e9vention des pointes fourchues et des pellicules.<\/li>\n\n\n\n<li>Maintien du cheveu en phase anag\u00e8ne pour une croissance plus longue.<\/li>\n\n\n\n<li>Augmentation de la r\u00e9sistance aux dommages.<\/li>\n\n\n\n<li>Formule agissant 24 heures sur 24<\/li>\n\n\n\n<li>Apporte aux cheveux un \u00e9clat sain et de la vitalit\u00e9.<\/li>\n<\/ul>\n\n\n\n<h2 class=\"wp-block-heading\" id=\"h-efekty-stosowania-hascovita\">Effets de l&#8217;utilisation d&#8217;Hascovita<\/h2>\n\n\n\n<p>L&#8217;utilisation r\u00e9guli\u00e8re d&#8217;Hascovita produit des <b>r\u00e9sultats visibles<\/b> qui peuvent \u00eatre remarqu\u00e9s non seulement par vous, mais aussi par votre entourage. Les utilisateurs confirment qu&#8217;apr\u00e8s seulement quelques semaines d&#8217;utilisation du spray capillaire Hascovita, leurs cheveux deviennent significativement plus forts, plus \u00e9pais et plus \u00e9clatants. Vous n&#8217;avez plus \u00e0 vous soucier d&#8217;une calvitie disgracieuse ou de cheveux clairsem\u00e9s, car Hascovita dissimule efficacement l&#8217;alop\u00e9cie et \u00e9paissit les cheveux, leur donnant un aspect sain et de la vitalit\u00e9. Ces effets sont rendus possibles par la r\u00e9g\u00e9n\u00e9ration profonde et le renforcement du follicule pileux de l&#8217;int\u00e9rieur, ce qui permet d&#8217;obtenir des cheveux plus forts et plus r\u00e9sistants.<\/p>\n\n\n\n<h2 class=\"wp-block-heading\" id=\"h-cena-sklad-i-bezpieczenstwo-stosowania-hascovita\">Prix, composition et s\u00e9curit\u00e9 d&#8217;utilisation de Hascovita<\/h2>\n\n\n\n<p>Le<b>prix d&#8217;<\/b> Hascovita est comp\u00e9titif, surtout si l&#8217;on tient compte de son efficacit\u00e9 et de ses ingr\u00e9dients naturels. Le fabricant propose souvent des promotions permettant d&#8217;acheter le produit \u00e0 un prix consid\u00e9rablement r\u00e9duit &#8211; jusqu&#8217;\u00e0 50 % de moins que le <b>prix<\/b> standard. <\/p>\n\n\n\n<p>Hascovita est compos\u00e9 de pr\u00e8s de 30 ingr\u00e9dients actifs naturels, soigneusement s\u00e9lectionn\u00e9s pour favoriser la croissance des cheveux, pr\u00e9venir la chute des cheveux et am\u00e9liorer la sant\u00e9 g\u00e9n\u00e9rale des cheveux. Les proportions exactes des ingr\u00e9dients sont un secret commercial du fabricant, mais leur caract\u00e8re naturel et leur s\u00e9curit\u00e9 ont \u00e9t\u00e9 confirm\u00e9s par des tests dermatologiques.<\/p>\n\n\n\n<p>En tant que produit \u00e0 base d&#8217;ingr\u00e9dients naturels, Hascovita est bien tol\u00e9r\u00e9 et aucun cas d&#8217;effet secondaire grave ou de contre-indication n&#8217;a \u00e9t\u00e9 signal\u00e9. Toutefois, il est toujours recommand\u00e9 d&#8217;effectuer un test \u00e9picutan\u00e9 avant l&#8217;application compl\u00e8te et de consulter un m\u00e9decin en cas de r\u00e9actions allergiques.<\/p>\n","protected":false},"excerpt":{"rendered":"<p><strong>89.00 \u20ac<\/strong><\/p>\n<p><del>178.00 \u20ac<\/del><\/p>\n<p><strong>[date_countdown]<\/strong><\/p>\n","protected":false},"featured_media":2233,"comment_status":"open","ping_status":"closed","template":"","meta":{"neve_meta_sidebar":"","neve_meta_container":"","neve_meta_enable_content_width":"","neve_meta_content_width":0,"neve_meta_title_alignment":"","neve_meta_author_avatar":"","neve_post_elements_order":"","neve_meta_disable_header":"","neve_meta_disable_footer":"","neve_meta_disable_title":"","neve_meta_reading_time":""},"product_brand":[],"product_cat":[89],"product_tag":[],"class_list":{"0":"post-2234","1":"product","2":"type-product","3":"status-publish","4":"has-post-thumbnail","6":"product_cat-sante","8":"first","9":"instock","10":"shipping-taxable","11":"product-type-external"},"yoast_head":"<!-- This site is optimized with the Yoast SEO plugin v27.4 - https:\/\/yoast.com\/product\/yoast-seo-wordpress\/ -->\n<title>Hascovita - Clinica Althea<\/title>\n<meta name=\"robots\" content=\"index, follow, max-snippet:-1, max-image-preview:large, max-video-preview:-1\" \/>\n<link rel=\"canonical\" href=\"https:\/\/www.clinicaalthea.com\/farmacia\/fr\/apt\/hascovita\/\" \/>\n<meta property=\"og:locale\" content=\"pl_PL\" \/>\n<meta property=\"og:type\" content=\"article\" \/>\n<meta property=\"og:title\" content=\"Hascovita - Clinica Althea\" \/>\n<meta property=\"og:description\" content=\"89.00 \u20ac 178.00 \u20ac\" \/>\n<meta property=\"og:url\" content=\"https:\/\/www.clinicaalthea.com\/farmacia\/fr\/apt\/hascovita\/\" \/>\n<meta property=\"og:site_name\" content=\"Clinica Althea\" \/>\n<meta property=\"article:modified_time\" content=\"2024-03-24T10:19:33+00:00\" \/>\n<meta property=\"og:image\" content=\"https:\/\/www.clinicaalthea.com\/farmacia\/wp-content\/uploads\/2024\/03\/Hascovita.jpg\" \/>\n\t<meta property=\"og:image:width\" content=\"768\" \/>\n\t<meta property=\"og:image:height\" content=\"768\" \/>\n\t<meta property=\"og:image:type\" content=\"image\/jpeg\" \/>\n<meta name=\"twitter:card\" content=\"summary_large_image\" \/>\n<meta name=\"twitter:label1\" content=\"Szacowany czas czytania\" \/>\n\t<meta name=\"twitter:data1\" content=\"5 minut\" \/>\n<script type=\"application\/ld+json\" class=\"yoast-schema-graph\">{\"@context\":\"https:\\\/\\\/schema.org\",\"@graph\":[{\"@type\":\"WebPage\",\"@id\":\"https:\\\/\\\/www.clinicaalthea.com\\\/farmacia\\\/fr\\\/apt\\\/hascovita\\\/\",\"url\":\"https:\\\/\\\/www.clinicaalthea.com\\\/farmacia\\\/fr\\\/apt\\\/hascovita\\\/\",\"name\":\"Hascovita - Clinica Althea\",\"isPartOf\":{\"@id\":\"https:\\\/\\\/www.clinicaalthea.com\\\/farmacia\\\/#website\"},\"primaryImageOfPage\":{\"@id\":\"https:\\\/\\\/www.clinicaalthea.com\\\/farmacia\\\/fr\\\/apt\\\/hascovita\\\/#primaryimage\"},\"image\":{\"@id\":\"https:\\\/\\\/www.clinicaalthea.com\\\/farmacia\\\/fr\\\/apt\\\/hascovita\\\/#primaryimage\"},\"thumbnailUrl\":\"https:\\\/\\\/www.clinicaalthea.com\\\/farmacia\\\/wp-content\\\/uploads\\\/2024\\\/03\\\/Hascovita.jpg\",\"datePublished\":\"2024-03-24T10:12:29+00:00\",\"dateModified\":\"2024-03-24T10:19:33+00:00\",\"breadcrumb\":{\"@id\":\"https:\\\/\\\/www.clinicaalthea.com\\\/farmacia\\\/fr\\\/apt\\\/hascovita\\\/#breadcrumb\"},\"inLanguage\":\"pl-PL\",\"potentialAction\":[{\"@type\":\"ReadAction\",\"target\":[\"https:\\\/\\\/www.clinicaalthea.com\\\/farmacia\\\/fr\\\/apt\\\/hascovita\\\/\"]}]},{\"@type\":\"ImageObject\",\"inLanguage\":\"pl-PL\",\"@id\":\"https:\\\/\\\/www.clinicaalthea.com\\\/farmacia\\\/fr\\\/apt\\\/hascovita\\\/#primaryimage\",\"url\":\"https:\\\/\\\/www.clinicaalthea.com\\\/farmacia\\\/wp-content\\\/uploads\\\/2024\\\/03\\\/Hascovita.jpg\",\"contentUrl\":\"https:\\\/\\\/www.clinicaalthea.com\\\/farmacia\\\/wp-content\\\/uploads\\\/2024\\\/03\\\/Hascovita.jpg\",\"width\":768,\"height\":768,\"caption\":\"Hascovita\"},{\"@type\":\"BreadcrumbList\",\"@id\":\"https:\\\/\\\/www.clinicaalthea.com\\\/farmacia\\\/fr\\\/apt\\\/hascovita\\\/#breadcrumb\",\"itemListElement\":[{\"@type\":\"ListItem\",\"position\":1,\"name\":\"Strona g\u0142\u00f3wna\",\"item\":\"https:\\\/\\\/www.clinicaalthea.com\\\/farmacia\\\/\"},{\"@type\":\"ListItem\",\"position\":2,\"name\":\"Produkty\",\"item\":\"https:\\\/\\\/www.clinicaalthea.com\\\/farmacia\\\/\"},{\"@type\":\"ListItem\",\"position\":3,\"name\":\"Hascovita\"}]},{\"@type\":\"WebSite\",\"@id\":\"https:\\\/\\\/www.clinicaalthea.com\\\/farmacia\\\/#website\",\"url\":\"https:\\\/\\\/www.clinicaalthea.com\\\/farmacia\\\/\",\"name\":\"Clinica Althea\",\"description\":\"\",\"publisher\":{\"@id\":\"https:\\\/\\\/www.clinicaalthea.com\\\/farmacia\\\/#organization\"},\"potentialAction\":[{\"@type\":\"SearchAction\",\"target\":{\"@type\":\"EntryPoint\",\"urlTemplate\":\"https:\\\/\\\/www.clinicaalthea.com\\\/farmacia\\\/?s={search_term_string}\"},\"query-input\":{\"@type\":\"PropertyValueSpecification\",\"valueRequired\":true,\"valueName\":\"search_term_string\"}}],\"inLanguage\":\"pl-PL\"},{\"@type\":\"Organization\",\"@id\":\"https:\\\/\\\/www.clinicaalthea.com\\\/farmacia\\\/#organization\",\"name\":\"Clinica Althea\",\"url\":\"https:\\\/\\\/www.clinicaalthea.com\\\/farmacia\\\/\",\"logo\":{\"@type\":\"ImageObject\",\"inLanguage\":\"pl-PL\",\"@id\":\"https:\\\/\\\/www.clinicaalthea.com\\\/farmacia\\\/#\\\/schema\\\/logo\\\/image\\\/\",\"url\":\"https:\\\/\\\/www.clinicaalthea.com\\\/farmacia\\\/wp-content\\\/uploads\\\/2023\\\/12\\\/Jak-diagnozuje-sie-FAS_-objawy-kryteria-diagnostyczne-i-metody-diagnozowania-154162903.jpg\",\"contentUrl\":\"https:\\\/\\\/www.clinicaalthea.com\\\/farmacia\\\/wp-content\\\/uploads\\\/2023\\\/12\\\/Jak-diagnozuje-sie-FAS_-objawy-kryteria-diagnostyczne-i-metody-diagnozowania-154162903.jpg\",\"width\":1216,\"height\":832,\"caption\":\"Clinica Althea\"},\"image\":{\"@id\":\"https:\\\/\\\/www.clinicaalthea.com\\\/farmacia\\\/#\\\/schema\\\/logo\\\/image\\\/\"}}]}<\/script>\n<!-- \/ Yoast SEO plugin. -->","yoast_head_json":{"title":"Hascovita - Clinica Althea","robots":{"index":"index","follow":"follow","max-snippet":"max-snippet:-1","max-image-preview":"max-image-preview:large","max-video-preview":"max-video-preview:-1"},"canonical":"https:\/\/www.clinicaalthea.com\/farmacia\/fr\/apt\/hascovita\/","og_locale":"pl_PL","og_type":"article","og_title":"Hascovita - Clinica Althea","og_description":"89.00 \u20ac 178.00 \u20ac","og_url":"https:\/\/www.clinicaalthea.com\/farmacia\/fr\/apt\/hascovita\/","og_site_name":"Clinica Althea","article_modified_time":"2024-03-24T10:19:33+00:00","og_image":[{"width":768,"height":768,"url":"https:\/\/www.clinicaalthea.com\/farmacia\/wp-content\/uploads\/2024\/03\/Hascovita.jpg","type":"image\/jpeg"}],"twitter_card":"summary_large_image","twitter_misc":{"Szacowany czas czytania":"5 minut"},"schema":{"@context":"https:\/\/schema.org","@graph":[{"@type":"WebPage","@id":"https:\/\/www.clinicaalthea.com\/farmacia\/fr\/apt\/hascovita\/","url":"https:\/\/www.clinicaalthea.com\/farmacia\/fr\/apt\/hascovita\/","name":"Hascovita - Clinica Althea","isPartOf":{"@id":"https:\/\/www.clinicaalthea.com\/farmacia\/#website"},"primaryImageOfPage":{"@id":"https:\/\/www.clinicaalthea.com\/farmacia\/fr\/apt\/hascovita\/#primaryimage"},"image":{"@id":"https:\/\/www.clinicaalthea.com\/farmacia\/fr\/apt\/hascovita\/#primaryimage"},"thumbnailUrl":"https:\/\/www.clinicaalthea.com\/farmacia\/wp-content\/uploads\/2024\/03\/Hascovita.jpg","datePublished":"2024-03-24T10:12:29+00:00","dateModified":"2024-03-24T10:19:33+00:00","breadcrumb":{"@id":"https:\/\/www.clinicaalthea.com\/farmacia\/fr\/apt\/hascovita\/#breadcrumb"},"inLanguage":"pl-PL","potentialAction":[{"@type":"ReadAction","target":["https:\/\/www.clinicaalthea.com\/farmacia\/fr\/apt\/hascovita\/"]}]},{"@type":"ImageObject","inLanguage":"pl-PL","@id":"https:\/\/www.clinicaalthea.com\/farmacia\/fr\/apt\/hascovita\/#primaryimage","url":"https:\/\/www.clinicaalthea.com\/farmacia\/wp-content\/uploads\/2024\/03\/Hascovita.jpg","contentUrl":"https:\/\/www.clinicaalthea.com\/farmacia\/wp-content\/uploads\/2024\/03\/Hascovita.jpg","width":768,"height":768,"caption":"Hascovita"},{"@type":"BreadcrumbList","@id":"https:\/\/www.clinicaalthea.com\/farmacia\/fr\/apt\/hascovita\/#breadcrumb","itemListElement":[{"@type":"ListItem","position":1,"name":"Strona g\u0142\u00f3wna","item":"https:\/\/www.clinicaalthea.com\/farmacia\/"},{"@type":"ListItem","position":2,"name":"Produkty","item":"https:\/\/www.clinicaalthea.com\/farmacia\/"},{"@type":"ListItem","position":3,"name":"Hascovita"}]},{"@type":"WebSite","@id":"https:\/\/www.clinicaalthea.com\/farmacia\/#website","url":"https:\/\/www.clinicaalthea.com\/farmacia\/","name":"Clinica Althea","description":"","publisher":{"@id":"https:\/\/www.clinicaalthea.com\/farmacia\/#organization"},"potentialAction":[{"@type":"SearchAction","target":{"@type":"EntryPoint","urlTemplate":"https:\/\/www.clinicaalthea.com\/farmacia\/?s={search_term_string}"},"query-input":{"@type":"PropertyValueSpecification","valueRequired":true,"valueName":"search_term_string"}}],"inLanguage":"pl-PL"},{"@type":"Organization","@id":"https:\/\/www.clinicaalthea.com\/farmacia\/#organization","name":"Clinica Althea","url":"https:\/\/www.clinicaalthea.com\/farmacia\/","logo":{"@type":"ImageObject","inLanguage":"pl-PL","@id":"https:\/\/www.clinicaalthea.com\/farmacia\/#\/schema\/logo\/image\/","url":"https:\/\/www.clinicaalthea.com\/farmacia\/wp-content\/uploads\/2023\/12\/Jak-diagnozuje-sie-FAS_-objawy-kryteria-diagnostyczne-i-metody-diagnozowania-154162903.jpg","contentUrl":"https:\/\/www.clinicaalthea.com\/farmacia\/wp-content\/uploads\/2023\/12\/Jak-diagnozuje-sie-FAS_-objawy-kryteria-diagnostyczne-i-metody-diagnozowania-154162903.jpg","width":1216,"height":832,"caption":"Clinica Althea"},"image":{"@id":"https:\/\/www.clinicaalthea.com\/farmacia\/#\/schema\/logo\/image\/"}}]}},"lang":"fr","translations":{"fr":2234,"cs":2232,"de":2235,"hu":2236,"it":2237,"sk":2238,"sv":2239,"bg":2240,"sl":2241},"pll_sync_post":[],"_links":{"self":[{"href":"https:\/\/www.clinicaalthea.com\/farmacia\/wp-json\/wp\/v2\/product\/2234","targetHints":{"allow":["GET"]}}],"collection":[{"href":"https:\/\/www.clinicaalthea.com\/farmacia\/wp-json\/wp\/v2\/product"}],"about":[{"href":"https:\/\/www.clinicaalthea.com\/farmacia\/wp-json\/wp\/v2\/types\/product"}],"replies":[{"embeddable":true,"href":"https:\/\/www.clinicaalthea.com\/farmacia\/wp-json\/wp\/v2\/comments?post=2234"}],"wp:featuredmedia":[{"embeddable":true,"href":"https:\/\/www.clinicaalthea.com\/farmacia\/wp-json\/wp\/v2\/media\/2233"}],"wp:attachment":[{"href":"https:\/\/www.clinicaalthea.com\/farmacia\/wp-json\/wp\/v2\/media?parent=2234"}],"wp:term":[{"taxonomy":"product_brand","embeddable":true,"href":"https:\/\/www.clinicaalthea.com\/farmacia\/wp-json\/wp\/v2\/product_brand?post=2234"},{"taxonomy":"product_cat","embeddable":true,"href":"https:\/\/www.clinicaalthea.com\/farmacia\/wp-json\/wp\/v2\/product_cat?post=2234"},{"taxonomy":"product_tag","embeddable":true,"href":"https:\/\/www.clinicaalthea.com\/farmacia\/wp-json\/wp\/v2\/product_tag?post=2234"}],"curies":[{"name":"wp","href":"https:\/\/api.w.org\/{rel}","templated":true}]}}