{"id":2232,"date":"2024-03-24T11:06:39","date_gmt":"2024-03-24T10:06:39","guid":{"rendered":"https:\/\/mayoguide.org\/produkty\/?post_type=product&#038;p=2232"},"modified":"2024-03-24T11:19:33","modified_gmt":"2024-03-24T10:19:33","slug":"hascovita","status":"publish","type":"product","link":"https:\/\/www.clinicaalthea.com\/farmacia\/cs\/apt\/hascovita\/","title":{"rendered":"Hascovita"},"content":{"rendered":"\n<p>M\u00e1te <strong>probl\u00e9my s vypad\u00e1v\u00e1n\u00edm vlas\u016f<\/strong>? Sn\u00edte o siln\u011bj\u0161\u00edch, hust\u0161\u00edch a zdrav\u011bj\u0161\u00edch vlasech? Pokud ano, <strong>Hascovita<\/strong> by mohla b\u00fdt odpov\u011bd\u00ed na va\u0161e modlitby. Tento inovativn\u00ed <strong>olej proti vypad\u00e1v\u00e1n\u00ed vlas\u016f<\/strong> si z\u00edskal celosv\u011btov\u00e9 uzn\u00e1n\u00ed pro sv\u00e9 vynikaj\u00edc\u00ed regenera\u010dn\u00ed vlastnosti. Opravdu <strong>Hascovita<\/strong> funguje? Jak\u00e9 jsou jeho slo\u017eky? \u010ct\u011bte d\u00e1le a odhalte tajemstv\u00ed tohoto revolu\u010dn\u00edho v\u00fdrobku.<\/p>\n\n\n\n<h3 class=\"wp-block-heading\">Shrnut\u00ed<\/h3>\n\n\n\n<ul class=\"wp-block-list\">\n<li><strong>Hascovita<\/strong> je inovativn\u00ed <strong>olej proti vypad\u00e1v\u00e1n\u00ed vlas\u016f<\/strong><\/li>\n\n\n\n<li>Obsahuje v\u00edce ne\u017e 30 \u00fa\u010dinn\u00fdch rostlinn\u00fdch slo\u017eek<\/li>\n\n\n\n<li>Zaji\u0161\u0165uje regeneraci vlas\u016f a zlep\u0161uje jejich celkov\u00fd stav<\/li>\n\n\n\n<li>Z\u00edskal si uzn\u00e1n\u00ed v Evrop\u011b a je doporu\u010dov\u00e1n kade\u0159n\u00edky a trichology<\/li>\n\n\n\n<li>K dost\u00e1n\u00ed v\u00fdhradn\u011b na ofici\u00e1ln\u00edch str\u00e1nk\u00e1ch v\u00fdrobce<\/li>\n<\/ul>\n\n\n\n<h2 class=\"wp-block-heading\">Co je Hascovita?<\/h2>\n\n\n\n<p>Hascovita je inovativn\u00ed <strong>p\u0159\u00edrodn\u00ed sprej<\/strong> ur\u010den\u00fd k obnov\u011b trval\u00e9 s\u00edly, lesku a hustoty va\u0161ich vlas\u016f. Obsahuje jedine\u010dnou kombinaci t\u00e9m\u011b\u0159 30 \u00fa\u010dinn\u00fdch l\u00e1tek p\u0159ev\u00e1\u017en\u011b rostlinn\u00e9ho p\u016fvodu, kter\u00e9 pom\u00e1haj\u00ed bojovat proti probl\u00e9m\u016fm s vypad\u00e1v\u00e1n\u00edm vlas\u016f, jako je androgenn\u00ed vypad\u00e1v\u00e1n\u00ed vlas\u016f a alopecie areata u mu\u017e\u016f i \u017een. Tento v\u00fdrobek si v Evrop\u011b z\u00edsk\u00e1v\u00e1 st\u00e1le v\u011bt\u0161\u00ed oblibu a z\u00edskal si uzn\u00e1n\u00ed kade\u0159n\u00edk\u016f a profesion\u00e1ln\u00edch tricholog\u016f. Hascovita nen\u00ed jen dal\u0161\u00ed kosmetick\u00fd p\u0159\u00edpravek na trhu &#8211; je to pe\u010dliv\u011b vyvinut\u00fd p\u0159\u00edpravek, kter\u00fd nab\u00edz\u00ed nad\u011bji t\u011bm, kte\u0159\u00ed trp\u00ed vypad\u00e1v\u00e1n\u00edm vlas\u016f. Nelze jej zakoupit v tradi\u010dn\u00edch l\u00e9k\u00e1rn\u00e1ch &#8211; nejl\u00e9pe je jej zakoupit na ofici\u00e1ln\u00edch webov\u00fdch str\u00e1nk\u00e1ch v\u00fdrobce.<\/p>\n\n\n\n<h2 class=\"wp-block-heading\">Jak Hascovita funguje?<\/h2>\n\n\n\n<p>P\u016fsoben\u00ed p\u0159\u00edpravku Hascovita je zalo\u017eeno na aktivaci vlasov\u00fdch folikul\u016f na \u00farovni kmenov\u00fdch bun\u011bk. Tento pokro\u010dil\u00fd p\u0159\u00edstup nejen\u017ee bojuje proti p\u0159\u00edznak\u016fm po\u010d\u00ednaj\u00edc\u00ed ple\u0161atosti, ale tak\u00e9 podporuje p\u0159irozen\u00fd cyklus r\u016fstu vlas\u016f, d\u00edky \u010demu\u017e jsou vlasy pru\u017en\u011bj\u0161\u00ed a zabra\u0148uje t\u0159epen\u00ed kone\u010dk\u016f a tvorb\u011b lup\u016f. Pravideln\u00e9 pou\u017e\u00edv\u00e1n\u00ed p\u0159\u00edpravku Hascovita pom\u00e1h\u00e1 udr\u017eovat vlasy v anagenn\u00ed f\u00e1zi, co\u017e vede k del\u0161\u00edmu r\u016fstu a zv\u00fd\u0161en\u00e9 odolnosti v\u016f\u010di po\u0161kozen\u00ed. Jeho slo\u017een\u00ed p\u016fsob\u00ed nep\u0159etr\u017eit\u011b a dod\u00e1v\u00e1 vlas\u016fm zdrav\u00fd lesk a vitalitu. \u010cetn\u00e9 klinick\u00e9 studie potvrdily v\u00fdjime\u010dnou \u00fa\u010dinnost p\u0159\u00edpravku Hascovita s 91% \u00fasp\u011b\u0161nost\u00ed.<\/p>\n\n\n\n<h3 class=\"wp-block-heading\">P\u0159ehled \u00fa\u010dink\u016f p\u0159\u00edpravku Hascovita:<\/h3>\n\n\n\n<ul class=\"wp-block-list\">\n<li><strong>Aktivace vlasov\u00fdch folikul\u016f<\/strong> na \u00farovni kmenov\u00fdch bun\u011bk.<\/li>\n\n\n\n<li>Podpora p\u0159irozen\u00e9ho cyklu r\u016fstu vlas\u016f.<\/li>\n\n\n\n<li>Zv\u00fd\u0161en\u00ed pru\u017enosti vlas\u016f.<\/li>\n\n\n\n<li>Prevence rozt\u0159epen\u00fdch kone\u010dk\u016f a lup\u016f.<\/li>\n\n\n\n<li>Udr\u017eov\u00e1n\u00ed vlas\u016f v anagenn\u00ed f\u00e1zi pro del\u0161\u00ed r\u016fst.<\/li>\n\n\n\n<li>Zv\u00fd\u0161en\u00ed odolnosti proti po\u0161kozen\u00ed.<\/li>\n\n\n\n<li>P\u016fsoben\u00ed p\u0159\u00edpravku po cel\u00fd den.<\/li>\n\n\n\n<li>Dod\u00e1n\u00ed vlas\u016fm zdrav\u00e9ho lesku a vitality.<\/li>\n<\/ul>\n\n\n\n<h2 class=\"wp-block-heading\">\u00da\u010dinky pou\u017e\u00edv\u00e1n\u00ed p\u0159\u00edpravku Hascovita<\/h2>\n\n\n\n<p>Pravideln\u00e9 pou\u017e\u00edv\u00e1n\u00ed p\u0159\u00edpravku Hascovita p\u0159in\u00e1\u0161\u00ed <strong>viditeln\u00e9 v\u00fdsledky, kter\u00fdch<\/strong> si m\u016f\u017eete v\u0161imnout nejen vy, ale i va\u0161e okol\u00ed. U\u017eivatel\u00e9 potvrzuj\u00ed, \u017ee ji\u017e po n\u011bkolika t\u00fddnech pou\u017e\u00edv\u00e1n\u00ed vlasov\u00e9ho spreje Hascovita jsou jejich vlasy v\u00fdrazn\u011b siln\u011bj\u0161\u00ed, hust\u0161\u00ed a z\u00e1\u0159iv\u011bj\u0161\u00ed. U\u017e se nemus\u00edte ob\u00e1vat nevzhledn\u00e9 ple\u0161atosti nebo \u0159\u00eddnut\u00ed vlas\u016f, proto\u017ee Hascovita \u00fa\u010dinn\u011b zakr\u00fdv\u00e1 alopecii a zahu\u0161\u0165uje vlasy, dod\u00e1v\u00e1 jim zdrav\u00fd vzhled a vitalitu. Tyto \u00fa\u010dinky jsou umo\u017en\u011bny hloubkovou regenerac\u00ed a pos\u00edlen\u00edm vlasov\u00e9ho folikulu zevnit\u0159, co\u017e vede k siln\u011bj\u0161\u00edm a odoln\u011bj\u0161\u00edm vlas\u016fm.<\/p>\n\n\n\n<h2 class=\"wp-block-heading\">Cena, slo\u017een\u00ed a bezpe\u010dnost pou\u017e\u00edv\u00e1n\u00ed p\u0159\u00edpravku Hascovita<\/h2>\n\n\n\n<p><strong>Cena p\u0159\u00edpravku<\/strong> Hascovita je konkurenceschopn\u00e1, zejm\u00e9na s ohledem na jeho \u00fa\u010dinnost a p\u0159\u00edrodn\u00ed slo\u017eky. V\u00fdrobce \u010dasto nab\u00edz\u00ed akce, v r\u00e1mci kter\u00fdch lze Hascovitu zakoupit za v\u00fdrazn\u011b sn\u00ed\u017eenou cenu &#8211; a\u017e o 50 % levn\u011bji ne\u017e <strong>za<\/strong> standardn\u00ed <strong>cenu<\/strong>. V sou\u010dasn\u00e9 dob\u011b stoj\u00ed Hascovita 200 liber. Lze ji zakoupit pouze na ofici\u00e1ln\u00edch str\u00e1nk\u00e1ch v\u00fdrobce, co\u017e zaru\u010duje, \u017ee obdr\u017e\u00edte autentick\u00fd a vysoce kvalitn\u00ed v\u00fdrobek.<\/p>\n\n\n\n<p>Hascovita se skl\u00e1d\u00e1 z t\u00e9m\u011b\u0159 30 p\u0159\u00edrodn\u00edch \u00fa\u010dinn\u00fdch l\u00e1tek, pe\u010dliv\u011b vybran\u00fdch pro podporu r\u016fstu vlas\u016f, prevenci jejich vypad\u00e1v\u00e1n\u00ed a zlep\u0161en\u00ed celkov\u00e9ho zdrav\u00ed vlas\u016f. P\u0159esn\u00e9 pom\u011bry slo\u017eek jsou obchodn\u00edm tajemstv\u00edm v\u00fdrobce, ale jejich p\u0159irozenost a bezpe\u010dnost byla potvrzena dermatologick\u00fdmi testy.<\/p>\n\n\n\n<p>Jako p\u0159\u00edpravek na b\u00e1zi p\u0159\u00edrodn\u00edch slo\u017eek je Hascovita dob\u0159e sn\u00e1\u0161en a nebyly zaznamen\u00e1ny \u017e\u00e1dn\u00e9 p\u0159\u00edpady z\u00e1va\u017en\u00fdch ne\u017e\u00e1douc\u00edch \u00fa\u010dink\u016f nebo kontraindikac\u00ed. V\u017edy se v\u0161ak doporu\u010duje prov\u00e9st p\u0159ed \u00faplnou aplikac\u00ed n\u00e1plas\u0165ov\u00fd test a v p\u0159\u00edpad\u011b v\u00fdskytu alergick\u00fdch reakc\u00ed se poradit s l\u00e9ka\u0159em.<\/p>\n","protected":false},"excerpt":{"rendered":"<p><strong>1069.00 K\u010d<\/strong><\/p>\n<p><del>2138.00 K\u010d<\/del><\/p>\n<p><strong>[date_countdown]<\/strong><\/p>\n","protected":false},"featured_media":2233,"comment_status":"open","ping_status":"closed","template":"","meta":{"neve_meta_sidebar":"","neve_meta_container":"","neve_meta_enable_content_width":"","neve_meta_content_width":0,"neve_meta_title_alignment":"","neve_meta_author_avatar":"","neve_post_elements_order":"","neve_meta_disable_header":"","neve_meta_disable_footer":"","neve_meta_disable_title":"","neve_meta_reading_time":""},"product_brand":[],"product_cat":[49],"product_tag":[],"class_list":{"0":"post-2232","1":"product","2":"type-product","3":"status-publish","4":"has-post-thumbnail","6":"product_cat-zdravi","8":"first","9":"instock","10":"shipping-taxable","11":"product-type-external"},"yoast_head":"<!-- This site is optimized with the Yoast SEO plugin v27.4 - https:\/\/yoast.com\/product\/yoast-seo-wordpress\/ -->\n<title>Hascovita - Clinica Althea<\/title>\n<meta name=\"robots\" content=\"index, follow, max-snippet:-1, max-image-preview:large, max-video-preview:-1\" \/>\n<link rel=\"canonical\" href=\"https:\/\/www.clinicaalthea.com\/farmacia\/cs\/apt\/hascovita\/\" \/>\n<meta property=\"og:locale\" content=\"pl_PL\" \/>\n<meta property=\"og:type\" content=\"article\" \/>\n<meta property=\"og:title\" content=\"Hascovita - Clinica Althea\" \/>\n<meta property=\"og:description\" content=\"1069.00 K\u010d  2138.00 K\u010d\" \/>\n<meta property=\"og:url\" content=\"https:\/\/www.clinicaalthea.com\/farmacia\/cs\/apt\/hascovita\/\" \/>\n<meta property=\"og:site_name\" content=\"Clinica Althea\" \/>\n<meta property=\"article:modified_time\" content=\"2024-03-24T10:19:33+00:00\" \/>\n<meta property=\"og:image\" content=\"https:\/\/www.clinicaalthea.com\/farmacia\/wp-content\/uploads\/2024\/03\/Hascovita.jpg\" \/>\n\t<meta property=\"og:image:width\" content=\"768\" \/>\n\t<meta property=\"og:image:height\" content=\"768\" \/>\n\t<meta property=\"og:image:type\" content=\"image\/jpeg\" \/>\n<meta name=\"twitter:card\" content=\"summary_large_image\" \/>\n<meta name=\"twitter:label1\" content=\"Szacowany czas czytania\" \/>\n\t<meta name=\"twitter:data1\" content=\"4 minuty\" \/>\n<script type=\"application\/ld+json\" class=\"yoast-schema-graph\">{\"@context\":\"https:\\\/\\\/schema.org\",\"@graph\":[{\"@type\":\"WebPage\",\"@id\":\"https:\\\/\\\/www.clinicaalthea.com\\\/farmacia\\\/cs\\\/apt\\\/hascovita\\\/\",\"url\":\"https:\\\/\\\/www.clinicaalthea.com\\\/farmacia\\\/cs\\\/apt\\\/hascovita\\\/\",\"name\":\"Hascovita - Clinica Althea\",\"isPartOf\":{\"@id\":\"https:\\\/\\\/www.clinicaalthea.com\\\/farmacia\\\/#website\"},\"primaryImageOfPage\":{\"@id\":\"https:\\\/\\\/www.clinicaalthea.com\\\/farmacia\\\/cs\\\/apt\\\/hascovita\\\/#primaryimage\"},\"image\":{\"@id\":\"https:\\\/\\\/www.clinicaalthea.com\\\/farmacia\\\/cs\\\/apt\\\/hascovita\\\/#primaryimage\"},\"thumbnailUrl\":\"https:\\\/\\\/www.clinicaalthea.com\\\/farmacia\\\/wp-content\\\/uploads\\\/2024\\\/03\\\/Hascovita.jpg\",\"datePublished\":\"2024-03-24T10:06:39+00:00\",\"dateModified\":\"2024-03-24T10:19:33+00:00\",\"breadcrumb\":{\"@id\":\"https:\\\/\\\/www.clinicaalthea.com\\\/farmacia\\\/cs\\\/apt\\\/hascovita\\\/#breadcrumb\"},\"inLanguage\":\"pl-PL\",\"potentialAction\":[{\"@type\":\"ReadAction\",\"target\":[\"https:\\\/\\\/www.clinicaalthea.com\\\/farmacia\\\/cs\\\/apt\\\/hascovita\\\/\"]}]},{\"@type\":\"ImageObject\",\"inLanguage\":\"pl-PL\",\"@id\":\"https:\\\/\\\/www.clinicaalthea.com\\\/farmacia\\\/cs\\\/apt\\\/hascovita\\\/#primaryimage\",\"url\":\"https:\\\/\\\/www.clinicaalthea.com\\\/farmacia\\\/wp-content\\\/uploads\\\/2024\\\/03\\\/Hascovita.jpg\",\"contentUrl\":\"https:\\\/\\\/www.clinicaalthea.com\\\/farmacia\\\/wp-content\\\/uploads\\\/2024\\\/03\\\/Hascovita.jpg\",\"width\":768,\"height\":768,\"caption\":\"Hascovita\"},{\"@type\":\"BreadcrumbList\",\"@id\":\"https:\\\/\\\/www.clinicaalthea.com\\\/farmacia\\\/cs\\\/apt\\\/hascovita\\\/#breadcrumb\",\"itemListElement\":[{\"@type\":\"ListItem\",\"position\":1,\"name\":\"Strona g\u0142\u00f3wna\",\"item\":\"https:\\\/\\\/www.clinicaalthea.com\\\/farmacia\\\/\"},{\"@type\":\"ListItem\",\"position\":2,\"name\":\"Produkty\",\"item\":\"https:\\\/\\\/www.clinicaalthea.com\\\/farmacia\\\/\"},{\"@type\":\"ListItem\",\"position\":3,\"name\":\"Hascovita\"}]},{\"@type\":\"WebSite\",\"@id\":\"https:\\\/\\\/www.clinicaalthea.com\\\/farmacia\\\/#website\",\"url\":\"https:\\\/\\\/www.clinicaalthea.com\\\/farmacia\\\/\",\"name\":\"Clinica Althea\",\"description\":\"\",\"publisher\":{\"@id\":\"https:\\\/\\\/www.clinicaalthea.com\\\/farmacia\\\/#organization\"},\"potentialAction\":[{\"@type\":\"SearchAction\",\"target\":{\"@type\":\"EntryPoint\",\"urlTemplate\":\"https:\\\/\\\/www.clinicaalthea.com\\\/farmacia\\\/?s={search_term_string}\"},\"query-input\":{\"@type\":\"PropertyValueSpecification\",\"valueRequired\":true,\"valueName\":\"search_term_string\"}}],\"inLanguage\":\"pl-PL\"},{\"@type\":\"Organization\",\"@id\":\"https:\\\/\\\/www.clinicaalthea.com\\\/farmacia\\\/#organization\",\"name\":\"Clinica Althea\",\"url\":\"https:\\\/\\\/www.clinicaalthea.com\\\/farmacia\\\/\",\"logo\":{\"@type\":\"ImageObject\",\"inLanguage\":\"pl-PL\",\"@id\":\"https:\\\/\\\/www.clinicaalthea.com\\\/farmacia\\\/#\\\/schema\\\/logo\\\/image\\\/\",\"url\":\"https:\\\/\\\/www.clinicaalthea.com\\\/farmacia\\\/wp-content\\\/uploads\\\/2023\\\/12\\\/Jak-diagnozuje-sie-FAS_-objawy-kryteria-diagnostyczne-i-metody-diagnozowania-154162903.jpg\",\"contentUrl\":\"https:\\\/\\\/www.clinicaalthea.com\\\/farmacia\\\/wp-content\\\/uploads\\\/2023\\\/12\\\/Jak-diagnozuje-sie-FAS_-objawy-kryteria-diagnostyczne-i-metody-diagnozowania-154162903.jpg\",\"width\":1216,\"height\":832,\"caption\":\"Clinica Althea\"},\"image\":{\"@id\":\"https:\\\/\\\/www.clinicaalthea.com\\\/farmacia\\\/#\\\/schema\\\/logo\\\/image\\\/\"}}]}<\/script>\n<!-- \/ Yoast SEO plugin. -->","yoast_head_json":{"title":"Hascovita - Clinica Althea","robots":{"index":"index","follow":"follow","max-snippet":"max-snippet:-1","max-image-preview":"max-image-preview:large","max-video-preview":"max-video-preview:-1"},"canonical":"https:\/\/www.clinicaalthea.com\/farmacia\/cs\/apt\/hascovita\/","og_locale":"pl_PL","og_type":"article","og_title":"Hascovita - Clinica Althea","og_description":"1069.00 K\u010d  2138.00 K\u010d","og_url":"https:\/\/www.clinicaalthea.com\/farmacia\/cs\/apt\/hascovita\/","og_site_name":"Clinica Althea","article_modified_time":"2024-03-24T10:19:33+00:00","og_image":[{"width":768,"height":768,"url":"https:\/\/www.clinicaalthea.com\/farmacia\/wp-content\/uploads\/2024\/03\/Hascovita.jpg","type":"image\/jpeg"}],"twitter_card":"summary_large_image","twitter_misc":{"Szacowany czas czytania":"4 minuty"},"schema":{"@context":"https:\/\/schema.org","@graph":[{"@type":"WebPage","@id":"https:\/\/www.clinicaalthea.com\/farmacia\/cs\/apt\/hascovita\/","url":"https:\/\/www.clinicaalthea.com\/farmacia\/cs\/apt\/hascovita\/","name":"Hascovita - Clinica Althea","isPartOf":{"@id":"https:\/\/www.clinicaalthea.com\/farmacia\/#website"},"primaryImageOfPage":{"@id":"https:\/\/www.clinicaalthea.com\/farmacia\/cs\/apt\/hascovita\/#primaryimage"},"image":{"@id":"https:\/\/www.clinicaalthea.com\/farmacia\/cs\/apt\/hascovita\/#primaryimage"},"thumbnailUrl":"https:\/\/www.clinicaalthea.com\/farmacia\/wp-content\/uploads\/2024\/03\/Hascovita.jpg","datePublished":"2024-03-24T10:06:39+00:00","dateModified":"2024-03-24T10:19:33+00:00","breadcrumb":{"@id":"https:\/\/www.clinicaalthea.com\/farmacia\/cs\/apt\/hascovita\/#breadcrumb"},"inLanguage":"pl-PL","potentialAction":[{"@type":"ReadAction","target":["https:\/\/www.clinicaalthea.com\/farmacia\/cs\/apt\/hascovita\/"]}]},{"@type":"ImageObject","inLanguage":"pl-PL","@id":"https:\/\/www.clinicaalthea.com\/farmacia\/cs\/apt\/hascovita\/#primaryimage","url":"https:\/\/www.clinicaalthea.com\/farmacia\/wp-content\/uploads\/2024\/03\/Hascovita.jpg","contentUrl":"https:\/\/www.clinicaalthea.com\/farmacia\/wp-content\/uploads\/2024\/03\/Hascovita.jpg","width":768,"height":768,"caption":"Hascovita"},{"@type":"BreadcrumbList","@id":"https:\/\/www.clinicaalthea.com\/farmacia\/cs\/apt\/hascovita\/#breadcrumb","itemListElement":[{"@type":"ListItem","position":1,"name":"Strona g\u0142\u00f3wna","item":"https:\/\/www.clinicaalthea.com\/farmacia\/"},{"@type":"ListItem","position":2,"name":"Produkty","item":"https:\/\/www.clinicaalthea.com\/farmacia\/"},{"@type":"ListItem","position":3,"name":"Hascovita"}]},{"@type":"WebSite","@id":"https:\/\/www.clinicaalthea.com\/farmacia\/#website","url":"https:\/\/www.clinicaalthea.com\/farmacia\/","name":"Clinica Althea","description":"","publisher":{"@id":"https:\/\/www.clinicaalthea.com\/farmacia\/#organization"},"potentialAction":[{"@type":"SearchAction","target":{"@type":"EntryPoint","urlTemplate":"https:\/\/www.clinicaalthea.com\/farmacia\/?s={search_term_string}"},"query-input":{"@type":"PropertyValueSpecification","valueRequired":true,"valueName":"search_term_string"}}],"inLanguage":"pl-PL"},{"@type":"Organization","@id":"https:\/\/www.clinicaalthea.com\/farmacia\/#organization","name":"Clinica Althea","url":"https:\/\/www.clinicaalthea.com\/farmacia\/","logo":{"@type":"ImageObject","inLanguage":"pl-PL","@id":"https:\/\/www.clinicaalthea.com\/farmacia\/#\/schema\/logo\/image\/","url":"https:\/\/www.clinicaalthea.com\/farmacia\/wp-content\/uploads\/2023\/12\/Jak-diagnozuje-sie-FAS_-objawy-kryteria-diagnostyczne-i-metody-diagnozowania-154162903.jpg","contentUrl":"https:\/\/www.clinicaalthea.com\/farmacia\/wp-content\/uploads\/2023\/12\/Jak-diagnozuje-sie-FAS_-objawy-kryteria-diagnostyczne-i-metody-diagnozowania-154162903.jpg","width":1216,"height":832,"caption":"Clinica Althea"},"image":{"@id":"https:\/\/www.clinicaalthea.com\/farmacia\/#\/schema\/logo\/image\/"}}]}},"lang":"cs","translations":{"cs":2232,"fr":2234,"de":2235,"hu":2236,"it":2237,"sk":2238,"sv":2239,"bg":2240,"sl":2241},"pll_sync_post":[],"_links":{"self":[{"href":"https:\/\/www.clinicaalthea.com\/farmacia\/wp-json\/wp\/v2\/product\/2232","targetHints":{"allow":["GET"]}}],"collection":[{"href":"https:\/\/www.clinicaalthea.com\/farmacia\/wp-json\/wp\/v2\/product"}],"about":[{"href":"https:\/\/www.clinicaalthea.com\/farmacia\/wp-json\/wp\/v2\/types\/product"}],"replies":[{"embeddable":true,"href":"https:\/\/www.clinicaalthea.com\/farmacia\/wp-json\/wp\/v2\/comments?post=2232"}],"wp:featuredmedia":[{"embeddable":true,"href":"https:\/\/www.clinicaalthea.com\/farmacia\/wp-json\/wp\/v2\/media\/2233"}],"wp:attachment":[{"href":"https:\/\/www.clinicaalthea.com\/farmacia\/wp-json\/wp\/v2\/media?parent=2232"}],"wp:term":[{"taxonomy":"product_brand","embeddable":true,"href":"https:\/\/www.clinicaalthea.com\/farmacia\/wp-json\/wp\/v2\/product_brand?post=2232"},{"taxonomy":"product_cat","embeddable":true,"href":"https:\/\/www.clinicaalthea.com\/farmacia\/wp-json\/wp\/v2\/product_cat?post=2232"},{"taxonomy":"product_tag","embeddable":true,"href":"https:\/\/www.clinicaalthea.com\/farmacia\/wp-json\/wp\/v2\/product_tag?post=2232"}],"curies":[{"name":"wp","href":"https:\/\/api.w.org\/{rel}","templated":true}]}}