{"id":2183,"date":"2024-03-23T13:34:05","date_gmt":"2024-03-23T12:34:05","guid":{"rendered":"https:\/\/mayoguide.org\/produkty\/?post_type=product&#038;p=2183"},"modified":"2024-03-23T13:36:25","modified_gmt":"2024-03-23T12:36:25","slug":"taneral-pro","status":"publish","type":"product","link":"https:\/\/www.clinicaalthea.com\/farmacia\/hu\/apt\/taneral-pro\/","title":{"rendered":"Taneral Pro"},"content":{"rendered":"\n<p>A <b>h\u00e1tf\u00e1j\u00e1s<\/b> akad\u00e1lyozza \u00d6nt a k\u00e9nyelmes munkav\u00e9gz\u00e9sben? Term\u00e9szetes \u00e9s hat\u00e9kony m\u00f3dszert keres ezek enyh\u00edt\u00e9s\u00e9re? Ismerje meg a <b>Taneral Pro-t<\/b> &#8211; egy innovat\u00edv <b>m\u00e1gneses \u00f6vet<\/b>, amely enyh\u00edti a h\u00e1tf\u00e1j\u00e1st. \u00c1tt\u00f6r\u0151 megold\u00e1st jelent a h\u00e1tprobl\u00e9m\u00e1kkal k\u00fczd\u0151k sz\u00e1m\u00e1ra? \u00c9rdemes kipr\u00f3b\u00e1lni a f\u00e1jdalomcsillap\u00edt\u00e1snak ezt a term\u00e9szetes m\u00f3dj\u00e1t? Tekintse meg cikk\u00fcnket, amelyb\u0151l minden l\u00e9nyeges inform\u00e1ci\u00f3t megtudhat a <b>Taneral Pro-r\u00f3l<\/b> \u00e9s annak eg\u00e9szs\u00e9g\u00fcgyi el\u0151nyeir\u0151l.<\/p>\n\n\n\n<h3 class=\"wp-block-heading\" id=\"h-kluczowe-informacje\">Kulcsfontoss\u00e1g\u00fa inform\u00e1ci\u00f3k:<\/h3>\n\n\n\n<ul class=\"wp-block-list\">\n<li>A<b>Taneral Pro<\/b> nem invaz\u00edv megk\u00f6zel\u00edt\u00e9st k\u00edn\u00e1l a f\u00e1jdalomcsillap\u00edt\u00e1shoz<\/li>\n\n\n\n<li><b>Term\u00e9szetes \u00f6sszet\u00e9tel\u00e9nek<\/b> k\u00f6sz\u00f6nhet\u0151en biztons\u00e1gos az \u00d6n eg\u00e9szs\u00e9ge sz\u00e1m\u00e1ra<\/li>\n\n\n\n<li>A Taneral Pro<b>m\u00e1gneses \u00f6v<\/b> jav\u00edtja a h\u00e1tf\u00e1j\u00f3sok \u00e9letmin\u0151s\u00e9g\u00e9t<\/li>\n\n\n\n<li>A m\u00e1gneses mez\u0151k seg\u00edts\u00e9g\u00e9vel befoly\u00e1solja a gerinc regener\u00e1l\u00f3d\u00e1s\u00e1t \u00e9s stabiliz\u00e1l\u00e1s\u00e1t<\/li>\n\n\n\n<li>A m\u00e1gneses akupressz\u00far\u00e1nak k\u00f6sz\u00f6nhet\u0151en hosszan tart\u00f3 pontmassz\u00e1zst biztos\u00edt<\/li>\n<\/ul>\n\n\n\n<h2 class=\"wp-block-heading\" id=\"h-problem-bolow-kregoslupa-w-spoleczenstwie\">A h\u00e1tf\u00e1j\u00e1s probl\u00e9m\u00e1ja a t\u00e1rsadalomban<\/h2>\n\n\n\n<p>A<b>gerincf\u00e1jdalmak<\/b> egyre gyakoribbak a t\u00e1rsadalomban. Minden koroszt\u00e1lyt \u00e9rintenek, \u00e9s a gerinc degener\u00e1ci\u00f3j\u00e1b\u00f3l, izomh\u00faz\u00f3d\u00e1sb\u00f3l, izomgyenges\u00e9gb\u0151l vagy porckorongbetegs\u00e9gb\u0151l eredhetnek. Ezek a betegs\u00e9gek negat\u00edvan befoly\u00e1solhatj\u00e1k a mindennapi m\u0171k\u00f6d\u00e9st \u00e9s jelent\u0151sen cs\u00f6kkenthetik az <b>\u00e9letkomfortot<\/b>.<\/p>\n\n\n\n<p>A Taneral Pro egy m\u00e1gneses \u00f6v, amely a gy\u00e1rt\u00f3 szerint hat\u00e9konyan kezeli a h\u00e1tf\u00e1j\u00e1ssal, k\u00fcl\u00f6n\u00f6sen az \u00e1gy\u00e9ki f\u00e1jdalmakkal kapcsolatos sz\u00e1mos probl\u00e9m\u00e1t.<\/p>\n\n\n\n<h2 class=\"wp-block-heading\" id=\"h-co-to-jest-taneral-pro-i-jak-dziala\">Mi az a Taneral Pro \u00e9s hogyan m\u0171k\u00f6dik?<\/h2>\n\n\n\n<p>A Taneral Pro egy innovat\u00edv <em>m\u00e1gneses \u00f6v<\/em>, amelyet \u00fagy terveztek, hogy stabiliz\u00e1lja \u00e9s v\u00e9dje az \u00e1gy\u00e9ki gerincet. \u00dagy m\u0171k\u00f6dik, hogy m\u00e1gneses mez\u0151t alkalmaz a testre, 250 vagy 500 gauss <b>m\u00e1gnesek<\/b> seg\u00edts\u00e9g\u00e9vel. Az \u00e1ltaluk gener\u00e1lt m\u00e1gneses mez\u0151 regener\u00e1lja a s\u00e9r\u00fclt sz\u00f6veteket, jav\u00edtja a v\u00e9rkering\u00e9st \u00e9s cs\u00f6kkenti a gyullad\u00e1st.<\/p>\n\n\n\n<p>Ezenk\u00edv\u00fcl a Taneral Pro \u00f6vben l\u00e9v\u0151 <b>m\u00e1gnesek<\/b> stimul\u00e1lj\u00e1k az idegv\u00e9gz\u0151d\u00e9seket, ami f\u00e1jdalomcsillap\u00edt\u00e1st eredm\u00e9nyez. A <em>m\u00e1gneses akupressz\u00fara<\/em> szint\u00e9n fontos r\u00e9sze az \u00f6v m\u0171k\u00f6d\u00e9s\u00e9nek, ami hosszan tart\u00f3, pontos massz\u00e1zst tesz lehet\u0151v\u00e9, \u00e9s jav\u00edtja a test m\u0171k\u00f6d\u00e9s\u00e9t.<\/p>\n\n\n\n<p>A Taneral Pro hat\u00e9kony megold\u00e1s a h\u00e1tf\u00e1j\u00e1sban szenved\u0151k sz\u00e1m\u00e1ra, stabiliz\u00e1ci\u00f3t, regener\u00e1ci\u00f3t \u00e9s hossz\u00fa t\u00e1v\u00fa enyh\u00fcl\u00e9st biztos\u00edt. <b>Hat\u00e1sa<\/b> a m\u00e1gneses mez\u0151k \u00e9s a m\u00e1gneses akupressz\u00fara term\u00e9szetes tulajdons\u00e1gain alapul, \u00edgy innovat\u00edv term\u00e9k a gerinc tehermentes\u00edt\u00e9se ter\u00e9n.<\/p>\n\n\n\n<h2 class=\"wp-block-heading\" id=\"h-jak-uzywac-pasu-taneral-pro\">Hogyan kell haszn\u00e1lni a Taneral Pro \u00f6vet?<\/h2>\n\n\n\n<p>A Taneral Pro \u00f6vet \u00fagy tervezt\u00e9k, hogy eg\u00e9sz nap a testen viselve enyh\u00edtse a h\u00e1tf\u00e1j\u00e1st. Rugalmas kialak\u00edt\u00e1s\u00e1nak k\u00f6sz\u00f6nhet\u0151en az \u00f6v t\u00f6k\u00e9letesen alkalmazkodik b\u00e1rmilyen testalkathoz a k\u00e9nyelmes viselet \u00e9rdek\u00e9ben. A gy\u00e1rt\u00f3 azt aj\u00e1nlja, hogy az \u00f6vet k\u00f6zvetlen\u00fcl a csupasz testen vagy p\u00f3l\u00f3 f\u00f6l\u00f6tt <b>viselje<\/b>, a felhaszn\u00e1l\u00f3 preferenci\u00e1j\u00e1t\u00f3l f\u00fcgg\u0151en.<\/p>\n\n\n\n<p>A Taneral Pro \u00f6v emellett rendk\u00edv\u00fcl v\u00e9kony, \u00edgy gyakorlatilag l\u00e1thatatlan a ruh\u00e1zat alatt. Szabadon viselheti minden nap an\u00e9lk\u00fcl, hogy agg\u00f3dnia kellene m\u00e1sok figyelm\u00e9nek felkelt\u00e9se miatt.<\/p>\n\n\n\n<p>A Taneral Pro \u00f6v visel\u00e9s\u00e9nek egyik legnagyobb el\u0151nye a <b>rugalmass\u00e1ga<\/b>. Ennek eredm\u00e9nyek\u00e9ppen szabadon mozoghat, \u00e9s k\u00e9nyelmetlens\u00e9g n\u00e9lk\u00fcl v\u00e9gezheti a mindennapi tev\u00e9kenys\u00e9geket. Az \u00f6v m\u00e9g a forr\u00f3 \u00e9s perzsel\u0151 napokon sem okoz h\u0151\u00e9rzetet. F\u00e1jdalomcsillap\u00edt\u00e1s\u00e1t \u00e9s eg\u00e9szs\u00e9g\u00e9nek t\u00e1mogat\u00e1s\u00e1t az id\u0151j\u00e1r\u00e1si k\u00f6r\u00fclm\u00e9nyekt\u0151l f\u00fcggetlen\u00fcl \u00e9lvezheti.<\/p>\n\n\n\n<p>A legjobb eredm\u00e9ny el\u00e9r\u00e9se \u00e9rdek\u00e9ben aj\u00e1nlott a Taneral Pro \u00f6v rendszeres, hosszabb ideig tart\u00f3 <b>visel\u00e9se<\/b>. \u00cdgy az \u00f6v \u00e1ltal gener\u00e1lt m\u00e1gneses mez\u0151k folyamatosan hatnak a szervezet\u00e9re, t\u00e1mogatva a sz\u00f6vetek regener\u00e1l\u00f3d\u00e1s\u00e1t, jav\u00edtva a v\u00e9rkering\u00e9st \u00e9s cs\u00f6kkentve a gyullad\u00e1st.<\/p>\n\n\n\n<h2 class=\"wp-block-heading\" id=\"h-mozliwe-skutki-uboczne\">Lehets\u00e9ges mell\u00e9khat\u00e1sok<\/h2>\n\n\n\n<p>A Taneral Pro \u00f6v egyik legnagyobb el\u0151nye a mell\u00e9khat\u00e1sok hi\u00e1nya. Az eg\u00e9szs\u00e9gre \u00e1rtalmatlan \u00f6sszet\u00e9tele \u00e9s a vegyi anyagok hi\u00e1nya azt jelenti, hogy nem kell agg\u00f3dnia a tablett\u00e1k szed\u00e9se vagy m\u00e1s gy\u00f3gyszerek haszn\u00e1lata miatt.<\/p>\n\n\n\n<p>Ezenk\u00edv\u00fcl vil\u00e1gszerte m\u00e1r t\u00f6bb mint 14 000 ember haszn\u00e1lta az \u00f6vet an\u00e9lk\u00fcl, hogy negat\u00edv mell\u00e9khat\u00e1sokr\u00f3l sz\u00e1molt volna be, ami meger\u0151s\u00edti annak <b>biztons\u00e1goss\u00e1g\u00e1t<\/b>.<\/p>\n\n\n\n<h2 class=\"wp-block-heading\" id=\"h-jak-dziala-pas-magnetyczny-taneral-pro\">Hogyan m\u0171k\u00f6dik a Taneral Pro m\u00e1gneses \u00f6v?<\/h2>\n\n\n\n<p>A Taneral Pro<b>m\u00e1gneses<\/b> \u00f6v kiv\u00e1l\u00f3 min\u0151s\u00e9g\u0171 anyagokb\u00f3l k\u00e9sz\u00fcl. Az \u00f6v k\u00fclseje rugalmas \u00e9s l\u00e9g\u00e1tereszt\u0151 anyag, m\u00edg a belseje 12 darab, egyenk\u00e9nt 500 gauss erej\u0171 m\u00e1gnest rejt. <b>A m\u00e1gnesek<\/b> m\u00e1gneses mez\u0151t hoznak l\u00e9tre, amely a sz\u00f6vetek felmeleg\u00edt\u00e9s\u00e9vel \u00e9s az izmok ellaz\u00edt\u00e1s\u00e1val hat a testre. Ezenk\u00edv\u00fcl az \u00f6vben <b>turmalint<\/b> is haszn\u00e1lnak, egy szilik\u00e1tcsoportba tartoz\u00f3 \u00e1sv\u00e1nyt, amely pozit\u00edv hat\u00e1ssal van a gerinc regener\u00e1ci\u00f3s folyamataira.<\/p>\n\n\n\n<h2 class=\"wp-block-heading\" id=\"h-opinie-uzytkownikow-o-pasie-taneral-pro\">A Taneral Pro \u00f6v felhaszn\u00e1l\u00f3i v\u00e9lem\u00e9nye<\/h2>\n\n\n\n<p>A Taneral Pro \u00f6v felhaszn\u00e1l\u00f3i<b>v\u00e9lem\u00e9nye<\/b> meger\u0151s\u00edti a Taneral Pro \u00f6v <b>hat\u00e9konys\u00e1g\u00e1t<\/b> \u00e9s <b>biztons\u00e1goss\u00e1g\u00e1t<\/b>. Sokan, akik haszn\u00e1lt\u00e1k az \u00f6vet, aj\u00e1nlj\u00e1k azt gyors \u00e9s hosszan tart\u00f3 <b>hat\u00e1sa<\/b> \u00e9s f\u00e1jdalomcsillap\u00edt\u00e1sa miatt. A Taneral Pro \u00f6v pozit\u00edv \u00e9rt\u00e9kel\u00e9seket kapott a gerincf\u00e1jdalom enyh\u00edt\u00e9s\u00e9nek innovat\u00edv megk\u00f6zel\u00edt\u00e9se miatt.<\/p>\n\n\n\n<blockquote class=\"wp-block-quote is-layout-flow wp-block-quote-is-layout-flow\">\n<p><em>A Taneral Pro egy igazi felfedez\u00e9s sz\u00e1momra! Hossz\u00fa ideje szenvedtem h\u00e1tf\u00e1j\u00e1st\u00f3l, ami korl\u00e1tozta a mindennapi m\u0171k\u00f6d\u00e9semet. Miut\u00e1n n\u00e9h\u00e1ny h\u00e9tig rendszeresen viseltem a Taneral Pro \u00f6vet, hatalmas javul\u00e1st tapasztaltam. A f\u00e1jdalmak elt\u0171ntek \u00e9s a mobilit\u00e1som is jelent\u0151sen javult. Elk\u00e9peszt\u0151, hogy a gy\u00f3gy\u00edt\u00e1s term\u00e9szetes megk\u00f6zel\u00edt\u00e9se milyen eredm\u00e9nyeket tud produk\u00e1lni. Aj\u00e1nlom mindenkinek, aki hasonl\u00f3 probl\u00e9m\u00e1kkal k\u00fczd!<\/em><\/p>\n<\/blockquote>\n\n\n\n<blockquote class=\"wp-block-quote is-layout-flow wp-block-quote-is-layout-flow\">\n<p><em>El vagyok ragadtatva az eredm\u00e9nyekt\u0151l, amelyeket a Taneral Pro hozott nekem! A napi t\u00f6bb \u00f3r\u00e1s \u00edr\u00f3asztal melletti munka nagyon negat\u00edvan megviselte a h\u00e1tamat. A h\u00e1tf\u00e1j\u00e1s elviselhetetlen volt. A Taneral Pro \u00f6v haszn\u00e1lata ut\u00e1n azonnali megk\u00f6nnyebb\u00fcl\u00e9st \u00e9reztem. Most m\u00e1r minden nap viselem, \u00e9s a f\u00e1jdalmak gyakorlatilag elt\u0171ntek. R\u00e1ad\u00e1sul az \u00f6v annyira k\u00e9nyelmes, hogy \u00e9szre sem veszem, hogy viselem. Mindenkinek aj\u00e1nlom, akinek gyors \u00e9s hat\u00e9kony enyh\u00fcl\u00e9sre van sz\u00fcks\u00e9ge a h\u00e1tf\u00e1j\u00e1s ellen!<\/em><\/p>\n<\/blockquote>\n\n\n\n<p>Az interneten sz\u00e1mos felhaszn\u00e1l\u00f3i <b>v\u00e9lem\u00e9nyt<\/b> tal\u00e1l, amelyek meger\u0151s\u00edtik a Taneral Pro \u00f6v hat\u00e9konys\u00e1g\u00e1t. Sokan \u00e9szrevett\u00e9k \u00e9letmin\u0151s\u00e9g\u00fck javul\u00e1s\u00e1t a term\u00e9k rendszeres haszn\u00e1lata ut\u00e1n. A felhaszn\u00e1l\u00f3k az \u00f6v visel\u00e9s\u00e9nek k\u00e9nyelm\u00e9t \u00e9s a mell\u00e9khat\u00e1sok hi\u00e1ny\u00e1t is kiemelik, ami biztons\u00e1gos alternat\u00edv\u00e1t jelent a hagyom\u00e1nyos f\u00e1jdalomcsillap\u00edt\u00f3kkal szemben.<\/p>\n\n\n\n<p>A felhaszn\u00e1l\u00f3i<b>visszajelz\u00e9sek<\/b> meger\u0151s\u00edtik, hogy a Taneral Pro \u00f6v nemcsak f\u00e1jdalomcsillap\u00edt\u00e1st biztos\u00edt, hanem jav\u00edtja az \u00e9letmin\u0151s\u00e9get is. Hat\u00e9konys\u00e1ga, biztons\u00e1ga \u00e9s innovat\u00edv technol\u00f3gi\u00e1ja m\u00e9lt\u00f3 megold\u00e1ss\u00e1 teszi a h\u00e1tf\u00e1j\u00e1ssal k\u00fczd\u0151k sz\u00e1m\u00e1ra.<\/p>\n\n\n\n<h2 class=\"wp-block-heading\" id=\"h-jaka-jest-cena-i-gdzie-kupic-taneral-pro\">Mennyi az \u00e1ra \u00e9s hol v\u00e1s\u00e1rolhat\u00f3 meg a Taneral Pro?<\/h2>\n\n\n\n<p>A Taneral Pro egy egyszeri <b>v\u00e1s\u00e1rl\u00e1s<\/b>, amely hossz\u00fa \u00e9vekig tarthat. A gy\u00e1rt\u00f3 hivatalos weboldal\u00e1n gyakran vannak olyan akci\u00f3k \u00e9s kedvezm\u00e9nyek, amelyek lehet\u0151v\u00e9 teszik, hogy az \u00f6vet alacsonyabb \u00e1ron, ak\u00e1r k\u00f6zel 50 sz\u00e1zal\u00e9kos kedvezm\u00e9nnyel <b>v\u00e1s\u00e1rolja meg<\/b>. Fontos, hogy az \u00f6vet csak a gy\u00e1rt\u00f3 hivatalos weboldal\u00e1n v\u00e1s\u00e1rolja meg, hogy biztos lehessen a term\u00e9k eredetis\u00e9g\u00e9ben.<\/p>\n\n\n\n<h2 class=\"wp-block-heading\" id=\"h-taneral-pro-przelom-w-leczeniu-bolu-kregoslupa\">Taneral Pro &#8211; \u00e1tt\u00f6r\u00e9s a h\u00e1tf\u00e1j\u00e1s kezel\u00e9s\u00e9ben<\/h2>\n\n\n\n<p>A Taneral Pro <b>\u00e1tt\u00f6r\u00e9snek<\/b> sz\u00e1m\u00edt a h\u00e1tf\u00e1j\u00e1s kezel\u00e9s\u00e9ben. <b>Biztons\u00e1ga<\/b>, <b>hat\u00e9konys\u00e1ga<\/b> \u00e9s innovat\u00edv technol\u00f3gi\u00e1ja az egyik legjobb megold\u00e1ss\u00e1 teszi a piacon.<\/p>\n\n\n\n<p>A rehabilit\u00e1ci\u00f3s \u00e9s megel\u0151z\u0151 eg\u00e9szs\u00e9g\u00fcgyi berendez\u00e9sek szak\u00e9rt\u0151i \u00e9s forgalmaz\u00f3i meg vannak gy\u0151z\u0151dve a term\u00e9k magas min\u0151s\u00e9g\u00e9r\u0151l \u00e9s a pozit\u00edv v\u00e1s\u00e1rl\u00f3i visszajelz\u00e9sekr\u0151l.<\/p>\n\n\n\n<p>A Taneral Pro a h\u00e1tf\u00e1j\u00e1s megel\u0151z\u00e9s\u00e9re \u00e9s el\u0151rehaladott st\u00e1dium\u00e1ban is aj\u00e1nlott.<\/p>\n\n\n\n<h2 class=\"wp-block-heading\" id=\"h-czy-warto-kupic-taneral-pro\">\u00c9rdemes megv\u00e1s\u00e1rolni a Taneral Pro-t?<\/h2>\n\n\n\n<p>A Taneral Pro \u00f6v megv\u00e1s\u00e1rl\u00e1s\u00e1ra vonatkoz\u00f3 d\u00f6nt\u00e9s minden szem\u00e9ly ig\u00e9nyeit\u0151l \u00e9s elv\u00e1r\u00e1sait\u00f3l f\u00fcgg. A sz\u00e1mos pozit\u00edv felhaszn\u00e1l\u00f3i v\u00e9lem\u00e9ny, valamint a term\u00e9k <b>hat\u00e9konys\u00e1ga<\/b> \u00e9s biztons\u00e1goss\u00e1ga azonban a term\u00e9k \u00e9rt\u00e9k\u00e9r\u0151l tan\u00faskodik. Ha h\u00e1tf\u00e1j\u00e1st\u00f3l szenved, \u00e9s hat\u00e9kony megold\u00e1st keres, \u00e9rdemes megfontolni a Taneral Pro <b>megv\u00e1s\u00e1rl\u00e1s\u00e1t<\/b>, mivel f\u00e1jdalomcsillap\u00edt\u00e1st biztos\u00edthat \u00e9s jav\u00edthatja az \u00e9letmin\u0151s\u00e9g\u00e9t.<\/p>\n\n\n\n<h2 class=\"wp-block-heading\" id=\"h-gdzie-mozna-kupic-taneral-pro\">Hol v\u00e1s\u00e1rolhatja meg a Taneral Pro-t?<\/h2>\n\n\n\n<p>Az eredeti Taneral Pro \u00f6v megv\u00e1s\u00e1rl\u00e1s\u00e1hoz c\u00e9lszer\u0171 a gy\u00e1rt\u00f3 hivatalos weboldal\u00e1t haszn\u00e1lni. Ez garant\u00e1lja, hogy hiteles term\u00e9ket kap, amely megfelel a magas min\u0151s\u00e9gi el\u0151\u00edr\u00e1soknak. Ugyanakkor javasoljuk, hogy haszn\u00e1lja ki a pozit\u00edv v\u00e9lem\u00e9nyekkel rendelkez\u0151 forgalmaz\u00f3k aj\u00e1nl\u00e1sait \u00e9s aj\u00e1nl\u00e1sait, \u00e9s biztos\u00edtsa a biztons\u00e1gos v\u00e1s\u00e1rl\u00e1st.<\/p>\n\n\n\n<p>Amikor \u00fagy d\u00f6nt, hogy Taneral Pro-t v\u00e1s\u00e1rol, ker\u00fclje az online aukci\u00f3kat \u00e9s az ismeretlen webhelyeket. Fenn\u00e1ll annak a vesz\u00e9lye, hogy hamis\u00edtv\u00e1nyt v\u00e1s\u00e1rol, amely nem garant\u00e1lja ugyanazt a min\u0151s\u00e9get \u00e9s hat\u00e9konys\u00e1got, mint az eredeti Taneral Pro \u00f6v.<\/p>\n\n\n\n<p>Legyen \u00f3vatos, \u00e9s gy\u0151z\u0151dj\u00f6n meg r\u00f3la, hogy csak t\u00f6rv\u00e9nyes beszerz\u00e9si forr\u00e1sokkal t\u00e1mogatja mag\u00e1t. Csak \u00edgy lehet biztos abban, hogy eredeti term\u00e9ket kap, amely k\u00e9pes a f\u00e1jdalomcsillap\u00edt\u00e1ssal \u00e9s a jobb \u00e9letmin\u0151s\u00e9ggel kapcsolatos k\u00edv\u00e1nt eredm\u00e9nyeket el\u00e9rni.<\/p>\n\n\n\n<h2 class=\"wp-block-heading\" id=\"h-podsumowanie-taneral-pro-nowatorskie-podejscie-do-ulgi-bolowej\">\u00d6sszefoglal\u00f3: Taneral Pro &#8211; innovat\u00edv megk\u00f6zel\u00edt\u00e9s a f\u00e1jdalomcsillap\u00edt\u00e1shoz<\/h2>\n\n\n\n<p>A Taneral Pro egy innovat\u00edv m\u00e1gneses \u00f6v, amely \u00e1tt\u00f6r\u0151 megk\u00f6zel\u00edt\u00e9st k\u00edn\u00e1l a h\u00e1tf\u00e1j\u00e1ssal kapcsolatos f\u00e1jdalomcsillap\u00edt\u00e1shoz. Hat\u00e9konys\u00e1g\u00e1val, biztons\u00e1g\u00e1val \u00e9s innovat\u00edv technol\u00f3gi\u00e1j\u00e1val m\u00e9lt\u00f3 megold\u00e1st jelent a h\u00e1tf\u00e1j\u00e1ssal k\u00fczd\u0151k sz\u00e1m\u00e1ra. <b>Javul\u00f3 \u00e9letmin\u0151s\u00e9g<\/b>, <b>gerincstabiliz\u00e1l\u00e1s<\/b> \u00e9s k\u00e9nyelmes viselet &#8211; ez csak n\u00e9h\u00e1ny a Taneral Pro \u00f6v el\u0151nyei k\u00f6z\u00fcl.<\/p>\n","protected":false},"excerpt":{"rendered":"<p><strong>14500.00 Ft<\/strong><\/p>\n<p><del>29000.00 Ft<\/del><\/p>\n<p><strong>[date_countdown]<\/strong><\/p>\n","protected":false},"featured_media":2181,"comment_status":"open","ping_status":"closed","template":"","meta":{"neve_meta_sidebar":"","neve_meta_container":"","neve_meta_enable_content_width":"","neve_meta_content_width":0,"neve_meta_title_alignment":"","neve_meta_author_avatar":"","neve_post_elements_order":"","neve_meta_disable_header":"","neve_meta_disable_footer":"","neve_meta_disable_title":"","neve_meta_reading_time":""},"product_brand":[],"product_cat":[105],"product_tag":[],"class_list":{"0":"post-2183","1":"product","2":"type-product","3":"status-publish","4":"has-post-thumbnail","6":"product_cat-egeszseg","8":"first","9":"instock","10":"shipping-taxable","11":"product-type-external"},"yoast_head":"<!-- This site is optimized with the Yoast SEO plugin v27.4 - https:\/\/yoast.com\/product\/yoast-seo-wordpress\/ -->\n<title>Taneral Pro - Clinica Althea<\/title>\n<meta name=\"robots\" content=\"index, follow, max-snippet:-1, max-image-preview:large, max-video-preview:-1\" \/>\n<link rel=\"canonical\" href=\"https:\/\/www.clinicaalthea.com\/farmacia\/hu\/apt\/taneral-pro\/\" \/>\n<meta property=\"og:locale\" content=\"pl_PL\" \/>\n<meta property=\"og:type\" content=\"article\" \/>\n<meta property=\"og:title\" content=\"Taneral Pro - Clinica Althea\" \/>\n<meta property=\"og:description\" content=\"14500.00 Ft 29000.00 Ft\" \/>\n<meta property=\"og:url\" content=\"https:\/\/www.clinicaalthea.com\/farmacia\/hu\/apt\/taneral-pro\/\" \/>\n<meta property=\"og:site_name\" content=\"Clinica Althea\" \/>\n<meta property=\"article:modified_time\" content=\"2024-03-23T12:36:25+00:00\" \/>\n<meta property=\"og:image\" content=\"https:\/\/www.clinicaalthea.com\/farmacia\/wp-content\/uploads\/2024\/03\/Taneral-Pro.jpg\" \/>\n\t<meta property=\"og:image:width\" content=\"768\" \/>\n\t<meta property=\"og:image:height\" content=\"768\" \/>\n\t<meta property=\"og:image:type\" content=\"image\/jpeg\" \/>\n<meta name=\"twitter:card\" content=\"summary_large_image\" \/>\n<meta name=\"twitter:label1\" content=\"Szacowany czas czytania\" \/>\n\t<meta name=\"twitter:data1\" content=\"7 minut\" \/>\n<script type=\"application\/ld+json\" class=\"yoast-schema-graph\">{\"@context\":\"https:\\\/\\\/schema.org\",\"@graph\":[{\"@type\":\"WebPage\",\"@id\":\"https:\\\/\\\/www.clinicaalthea.com\\\/farmacia\\\/hu\\\/apt\\\/taneral-pro\\\/\",\"url\":\"https:\\\/\\\/www.clinicaalthea.com\\\/farmacia\\\/hu\\\/apt\\\/taneral-pro\\\/\",\"name\":\"Taneral Pro - Clinica Althea\",\"isPartOf\":{\"@id\":\"https:\\\/\\\/www.clinicaalthea.com\\\/farmacia\\\/#website\"},\"primaryImageOfPage\":{\"@id\":\"https:\\\/\\\/www.clinicaalthea.com\\\/farmacia\\\/hu\\\/apt\\\/taneral-pro\\\/#primaryimage\"},\"image\":{\"@id\":\"https:\\\/\\\/www.clinicaalthea.com\\\/farmacia\\\/hu\\\/apt\\\/taneral-pro\\\/#primaryimage\"},\"thumbnailUrl\":\"https:\\\/\\\/www.clinicaalthea.com\\\/farmacia\\\/wp-content\\\/uploads\\\/2024\\\/03\\\/Taneral-Pro.jpg\",\"datePublished\":\"2024-03-23T12:34:05+00:00\",\"dateModified\":\"2024-03-23T12:36:25+00:00\",\"breadcrumb\":{\"@id\":\"https:\\\/\\\/www.clinicaalthea.com\\\/farmacia\\\/hu\\\/apt\\\/taneral-pro\\\/#breadcrumb\"},\"inLanguage\":\"pl-PL\",\"potentialAction\":[{\"@type\":\"ReadAction\",\"target\":[\"https:\\\/\\\/www.clinicaalthea.com\\\/farmacia\\\/hu\\\/apt\\\/taneral-pro\\\/\"]}]},{\"@type\":\"ImageObject\",\"inLanguage\":\"pl-PL\",\"@id\":\"https:\\\/\\\/www.clinicaalthea.com\\\/farmacia\\\/hu\\\/apt\\\/taneral-pro\\\/#primaryimage\",\"url\":\"https:\\\/\\\/www.clinicaalthea.com\\\/farmacia\\\/wp-content\\\/uploads\\\/2024\\\/03\\\/Taneral-Pro.jpg\",\"contentUrl\":\"https:\\\/\\\/www.clinicaalthea.com\\\/farmacia\\\/wp-content\\\/uploads\\\/2024\\\/03\\\/Taneral-Pro.jpg\",\"width\":768,\"height\":768,\"caption\":\"Taneral Pro\"},{\"@type\":\"BreadcrumbList\",\"@id\":\"https:\\\/\\\/www.clinicaalthea.com\\\/farmacia\\\/hu\\\/apt\\\/taneral-pro\\\/#breadcrumb\",\"itemListElement\":[{\"@type\":\"ListItem\",\"position\":1,\"name\":\"Strona g\u0142\u00f3wna\",\"item\":\"https:\\\/\\\/www.clinicaalthea.com\\\/farmacia\\\/\"},{\"@type\":\"ListItem\",\"position\":2,\"name\":\"Produkty\",\"item\":\"https:\\\/\\\/www.clinicaalthea.com\\\/farmacia\\\/\"},{\"@type\":\"ListItem\",\"position\":3,\"name\":\"Taneral Pro\"}]},{\"@type\":\"WebSite\",\"@id\":\"https:\\\/\\\/www.clinicaalthea.com\\\/farmacia\\\/#website\",\"url\":\"https:\\\/\\\/www.clinicaalthea.com\\\/farmacia\\\/\",\"name\":\"Clinica Althea\",\"description\":\"\",\"publisher\":{\"@id\":\"https:\\\/\\\/www.clinicaalthea.com\\\/farmacia\\\/#organization\"},\"potentialAction\":[{\"@type\":\"SearchAction\",\"target\":{\"@type\":\"EntryPoint\",\"urlTemplate\":\"https:\\\/\\\/www.clinicaalthea.com\\\/farmacia\\\/?s={search_term_string}\"},\"query-input\":{\"@type\":\"PropertyValueSpecification\",\"valueRequired\":true,\"valueName\":\"search_term_string\"}}],\"inLanguage\":\"pl-PL\"},{\"@type\":\"Organization\",\"@id\":\"https:\\\/\\\/www.clinicaalthea.com\\\/farmacia\\\/#organization\",\"name\":\"Clinica Althea\",\"url\":\"https:\\\/\\\/www.clinicaalthea.com\\\/farmacia\\\/\",\"logo\":{\"@type\":\"ImageObject\",\"inLanguage\":\"pl-PL\",\"@id\":\"https:\\\/\\\/www.clinicaalthea.com\\\/farmacia\\\/#\\\/schema\\\/logo\\\/image\\\/\",\"url\":\"https:\\\/\\\/www.clinicaalthea.com\\\/farmacia\\\/wp-content\\\/uploads\\\/2023\\\/12\\\/Jak-diagnozuje-sie-FAS_-objawy-kryteria-diagnostyczne-i-metody-diagnozowania-154162903.jpg\",\"contentUrl\":\"https:\\\/\\\/www.clinicaalthea.com\\\/farmacia\\\/wp-content\\\/uploads\\\/2023\\\/12\\\/Jak-diagnozuje-sie-FAS_-objawy-kryteria-diagnostyczne-i-metody-diagnozowania-154162903.jpg\",\"width\":1216,\"height\":832,\"caption\":\"Clinica Althea\"},\"image\":{\"@id\":\"https:\\\/\\\/www.clinicaalthea.com\\\/farmacia\\\/#\\\/schema\\\/logo\\\/image\\\/\"}}]}<\/script>\n<!-- \/ Yoast SEO plugin. -->","yoast_head_json":{"title":"Taneral Pro - Clinica Althea","robots":{"index":"index","follow":"follow","max-snippet":"max-snippet:-1","max-image-preview":"max-image-preview:large","max-video-preview":"max-video-preview:-1"},"canonical":"https:\/\/www.clinicaalthea.com\/farmacia\/hu\/apt\/taneral-pro\/","og_locale":"pl_PL","og_type":"article","og_title":"Taneral Pro - Clinica Althea","og_description":"14500.00 Ft 29000.00 Ft","og_url":"https:\/\/www.clinicaalthea.com\/farmacia\/hu\/apt\/taneral-pro\/","og_site_name":"Clinica Althea","article_modified_time":"2024-03-23T12:36:25+00:00","og_image":[{"width":768,"height":768,"url":"https:\/\/www.clinicaalthea.com\/farmacia\/wp-content\/uploads\/2024\/03\/Taneral-Pro.jpg","type":"image\/jpeg"}],"twitter_card":"summary_large_image","twitter_misc":{"Szacowany czas czytania":"7 minut"},"schema":{"@context":"https:\/\/schema.org","@graph":[{"@type":"WebPage","@id":"https:\/\/www.clinicaalthea.com\/farmacia\/hu\/apt\/taneral-pro\/","url":"https:\/\/www.clinicaalthea.com\/farmacia\/hu\/apt\/taneral-pro\/","name":"Taneral Pro - Clinica Althea","isPartOf":{"@id":"https:\/\/www.clinicaalthea.com\/farmacia\/#website"},"primaryImageOfPage":{"@id":"https:\/\/www.clinicaalthea.com\/farmacia\/hu\/apt\/taneral-pro\/#primaryimage"},"image":{"@id":"https:\/\/www.clinicaalthea.com\/farmacia\/hu\/apt\/taneral-pro\/#primaryimage"},"thumbnailUrl":"https:\/\/www.clinicaalthea.com\/farmacia\/wp-content\/uploads\/2024\/03\/Taneral-Pro.jpg","datePublished":"2024-03-23T12:34:05+00:00","dateModified":"2024-03-23T12:36:25+00:00","breadcrumb":{"@id":"https:\/\/www.clinicaalthea.com\/farmacia\/hu\/apt\/taneral-pro\/#breadcrumb"},"inLanguage":"pl-PL","potentialAction":[{"@type":"ReadAction","target":["https:\/\/www.clinicaalthea.com\/farmacia\/hu\/apt\/taneral-pro\/"]}]},{"@type":"ImageObject","inLanguage":"pl-PL","@id":"https:\/\/www.clinicaalthea.com\/farmacia\/hu\/apt\/taneral-pro\/#primaryimage","url":"https:\/\/www.clinicaalthea.com\/farmacia\/wp-content\/uploads\/2024\/03\/Taneral-Pro.jpg","contentUrl":"https:\/\/www.clinicaalthea.com\/farmacia\/wp-content\/uploads\/2024\/03\/Taneral-Pro.jpg","width":768,"height":768,"caption":"Taneral Pro"},{"@type":"BreadcrumbList","@id":"https:\/\/www.clinicaalthea.com\/farmacia\/hu\/apt\/taneral-pro\/#breadcrumb","itemListElement":[{"@type":"ListItem","position":1,"name":"Strona g\u0142\u00f3wna","item":"https:\/\/www.clinicaalthea.com\/farmacia\/"},{"@type":"ListItem","position":2,"name":"Produkty","item":"https:\/\/www.clinicaalthea.com\/farmacia\/"},{"@type":"ListItem","position":3,"name":"Taneral Pro"}]},{"@type":"WebSite","@id":"https:\/\/www.clinicaalthea.com\/farmacia\/#website","url":"https:\/\/www.clinicaalthea.com\/farmacia\/","name":"Clinica Althea","description":"","publisher":{"@id":"https:\/\/www.clinicaalthea.com\/farmacia\/#organization"},"potentialAction":[{"@type":"SearchAction","target":{"@type":"EntryPoint","urlTemplate":"https:\/\/www.clinicaalthea.com\/farmacia\/?s={search_term_string}"},"query-input":{"@type":"PropertyValueSpecification","valueRequired":true,"valueName":"search_term_string"}}],"inLanguage":"pl-PL"},{"@type":"Organization","@id":"https:\/\/www.clinicaalthea.com\/farmacia\/#organization","name":"Clinica Althea","url":"https:\/\/www.clinicaalthea.com\/farmacia\/","logo":{"@type":"ImageObject","inLanguage":"pl-PL","@id":"https:\/\/www.clinicaalthea.com\/farmacia\/#\/schema\/logo\/image\/","url":"https:\/\/www.clinicaalthea.com\/farmacia\/wp-content\/uploads\/2023\/12\/Jak-diagnozuje-sie-FAS_-objawy-kryteria-diagnostyczne-i-metody-diagnozowania-154162903.jpg","contentUrl":"https:\/\/www.clinicaalthea.com\/farmacia\/wp-content\/uploads\/2023\/12\/Jak-diagnozuje-sie-FAS_-objawy-kryteria-diagnostyczne-i-metody-diagnozowania-154162903.jpg","width":1216,"height":832,"caption":"Clinica Althea"},"image":{"@id":"https:\/\/www.clinicaalthea.com\/farmacia\/#\/schema\/logo\/image\/"}}]}},"lang":"hu","translations":{"hu":2183,"it":2182,"cs":2180,"sk":2184,"sl":2185},"pll_sync_post":[],"_links":{"self":[{"href":"https:\/\/www.clinicaalthea.com\/farmacia\/wp-json\/wp\/v2\/product\/2183","targetHints":{"allow":["GET"]}}],"collection":[{"href":"https:\/\/www.clinicaalthea.com\/farmacia\/wp-json\/wp\/v2\/product"}],"about":[{"href":"https:\/\/www.clinicaalthea.com\/farmacia\/wp-json\/wp\/v2\/types\/product"}],"replies":[{"embeddable":true,"href":"https:\/\/www.clinicaalthea.com\/farmacia\/wp-json\/wp\/v2\/comments?post=2183"}],"wp:featuredmedia":[{"embeddable":true,"href":"https:\/\/www.clinicaalthea.com\/farmacia\/wp-json\/wp\/v2\/media\/2181"}],"wp:attachment":[{"href":"https:\/\/www.clinicaalthea.com\/farmacia\/wp-json\/wp\/v2\/media?parent=2183"}],"wp:term":[{"taxonomy":"product_brand","embeddable":true,"href":"https:\/\/www.clinicaalthea.com\/farmacia\/wp-json\/wp\/v2\/product_brand?post=2183"},{"taxonomy":"product_cat","embeddable":true,"href":"https:\/\/www.clinicaalthea.com\/farmacia\/wp-json\/wp\/v2\/product_cat?post=2183"},{"taxonomy":"product_tag","embeddable":true,"href":"https:\/\/www.clinicaalthea.com\/farmacia\/wp-json\/wp\/v2\/product_tag?post=2183"}],"curies":[{"name":"wp","href":"https:\/\/api.w.org\/{rel}","templated":true}]}}