{"id":2182,"date":"2024-03-23T13:33:01","date_gmt":"2024-03-23T12:33:01","guid":{"rendered":"https:\/\/mayoguide.org\/produkty\/?post_type=product&#038;p=2182"},"modified":"2024-03-23T13:36:25","modified_gmt":"2024-03-23T12:36:25","slug":"taneral-pro","status":"publish","type":"product","link":"https:\/\/www.clinicaalthea.com\/farmacia\/it\/apt\/taneral-pro\/","title":{"rendered":"Taneral Pro"},"content":{"rendered":"\n<p>I <b>dolori alla schiena<\/b> vi impediscono di lavorare comodamente? Siete alla ricerca di un modo naturale ed efficace per alleviarli? Vi presentiamo <b>Taneral Pro<\/b>, un&#8217;innovativa <b>cintura magnetica<\/b> che dona sollievo dal mal di schiena. \u00c8 una soluzione innovativa per chi lotta contro i problemi alla schiena? Vale la pena provare questo metodo naturale per alleviare il dolore? Date un&#8217;occhiata al nostro articolo, che vi fornir\u00e0 tutte le informazioni pertinenti su <b>Taneral Pro<\/b> e sui suoi benefici per la salute.<\/p>\n\n\n\n<h3 class=\"wp-block-heading\" id=\"h-kluczowe-informacje\">Informazioni chiave:<\/h3>\n\n\n\n<ul class=\"wp-block-list\">\n<li><b>Taneral Pro<\/b> offre un approccio non invasivo per alleviare il dolore<\/li>\n\n\n\n<li>La sua <b>composizione naturale<\/b> lo rende sicuro per la salute<\/li>\n\n\n\n<li>La<b>cintura magnetica<\/b> Taneral Pro migliora la qualit\u00e0 della vita delle persone affette da mal di schiena<\/li>\n\n\n\n<li>Con l&#8217;aiuto dei campi magnetici, influisce sulla rigenerazione e sulla stabilizzazione della colonna vertebrale<\/li>\n\n\n\n<li>Grazie all&#8217;agopressione magnetica, fornisce un massaggio puntiforme di lunga durata<\/li>\n<\/ul>\n\n\n\n<h2 class=\"wp-block-heading\" id=\"h-problem-bolow-kregoslupa-w-spoleczenstwie\">Il problema del mal di schiena nella societ\u00e0<\/h2>\n\n\n\n<p>I<b>dolori<\/b> alla colonna vertebrale sono sempre pi\u00f9 diffusi nella societ\u00e0. Colpiscono persone di tutte le et\u00e0 e possono derivare dalla degenerazione della colonna vertebrale, da sforzi muscolari, da debolezza muscolare o da discopatia. Questi disturbi possono influire negativamente sul funzionamento quotidiano e ridurre significativamente il <b>comfort<\/b> della vita.<\/p>\n\n\n\n<p>Taneral Pro \u00e8 una cintura magnetica che, secondo il produttore, risolve efficacemente molti problemi associati al mal di schiena, in particolare quello lombare.<\/p>\n\n\n\n<h2 class=\"wp-block-heading\" id=\"h-co-to-jest-taneral-pro-i-jak-dziala\">Che cos&#8217;\u00e8 Taneral Pro e come funziona?<\/h2>\n\n\n\n<p>Taneral Pro \u00e8 un&#8217;innovativa <em>cintura magnetica<\/em> progettata per stabilizzare e proteggere la colonna vertebrale lombare. Funziona applicando un campo magnetico al corpo, utilizzando <b>magneti<\/b> da 250 o 500 gauss. Il campo magnetico generato ha l&#8217;effetto di rigenerare i tessuti danneggiati, migliorare la circolazione sanguigna e ridurre le infiammazioni.<\/p>\n\n\n\n<p>Inoltre, <b>i magneti<\/b> della cintura Taneral Pro stimolano le terminazioni nervose, alleviando il dolore. Anche la <em>digitopressione magnetica<\/em> \u00e8 una parte importante dell&#8217;azione della cintura, che consente un massaggio duraturo e mirato e migliora le funzioni del corpo.<\/p>\n\n\n\n<p>Taneral Pro \u00e8 una soluzione efficace per chi soffre di mal di schiena, che offre stabilizzazione, rigenerazione e sollievo a lungo termine. La sua <b>azione<\/b> si basa sulle propriet\u00e0 naturali dei campi magnetici e della digitopressione magnetica, rendendolo un prodotto innovativo nel campo del sollievo della colonna vertebrale.<\/p>\n\n\n\n<h2 class=\"wp-block-heading\" id=\"h-jak-uzywac-pasu-taneral-pro\">Come si usa la cintura Taneral Pro?<\/h2>\n\n\n\n<p>La cintura Taneral Pro \u00e8 stata progettata per essere indossata tutto il giorno sul corpo e per dare sollievo al mal di schiena. Grazie al suo design flessibile, la cintura si adatta perfettamente a qualsiasi forma del corpo per un uso confortevole. Il produttore consiglia di <b>indossare<\/b> la cintura direttamente sul corpo nudo o sopra una maglietta, a seconda delle preferenze dell&#8217;utente.<\/p>\n\n\n\n<p>La cintura Taneral Pro \u00e8 inoltre estremamente sottile, il che la rende praticamente invisibile sotto i vestiti. \u00c8 possibile indossarla liberamente ogni giorno senza preoccuparsi di attirare l&#8217;attenzione degli altri.<\/p>\n\n\n\n<p>Uno dei maggiori vantaggi di indossare la cintura Taneral Pro \u00e8 la sua <b>flessibilit\u00e0<\/b>. Di conseguenza, potete muovervi liberamente e svolgere le attivit\u00e0 quotidiane senza alcun disagio. Anche nelle giornate pi\u00f9 calde e afose, la cintura non provoca alcun disagio termico. Si pu\u00f2 godere del sollievo dal dolore e del supporto alla salute in qualsiasi condizione climatica.<\/p>\n\n\n\n<p>Per ottenere i migliori risultati, si consiglia di <b>indossare<\/b> la cintura Taneral Pro regolarmente e per un periodo di tempo prolungato. In questo modo, i campi magnetici generati dalla cintura avranno un effetto costante sul corpo, favorendo la rigenerazione dei tessuti, migliorando la circolazione sanguigna e riducendo le infiammazioni.<\/p>\n\n\n\n<h2 class=\"wp-block-heading\" id=\"h-mozliwe-skutki-uboczne\">Possibili effetti collaterali<\/h2>\n\n\n\n<p>Uno dei maggiori vantaggi della cintura Taneral Pro \u00e8 l&#8217;assenza di effetti collaterali. La sua composizione sicura per la salute e l&#8217;assenza di sostanze chimiche fanno s\u00ec che non ci si debba preoccupare di assumere pillole o utilizzare altri farmaci.<\/p>\n\n\n\n<p>Inoltre, pi\u00f9 di 14.000 persone in tutto il mondo hanno gi\u00e0 utilizzato la cintura senza riportare effetti collaterali negativi, a conferma della sua <b>sicurezza<\/b>.<\/p>\n\n\n\n<h2 class=\"wp-block-heading\" id=\"h-jak-dziala-pas-magnetyczny-taneral-pro\">Come funziona la cintura magnetica Taneral Pro?<\/h2>\n\n\n\n<p>La cintura<b>magnetica<\/b> Taneral Pro \u00e8 realizzata con materiali di alta qualit\u00e0. L&#8217;esterno della cintura \u00e8 costituito da un materiale flessibile e traspirante, mentre l&#8217;interno nasconde 12 magneti con una potenza di 500 gauss ciascuno. <b>I magneti<\/b> generano un campo magnetico che agisce sul corpo riscaldando i tessuti e rilassando i muscoli. Inoltre, la cintura utilizza anche la <b>tormalina<\/b>, un minerale del gruppo dei silicati, che ha un effetto positivo sui processi rigenerativi della colonna vertebrale.<\/p>\n\n\n\n<h2 class=\"wp-block-heading\" id=\"h-opinie-uzytkownikow-o-pasie-taneral-pro\">Recensioni degli utenti sulla cintura Taneral Pro<\/h2>\n\n\n\n<p>Le<b>recensioni<\/b> degli utenti sulla cintura Taneral Pro ne confermano l&#8217;<b>efficacia<\/b> e la <b>sicurezza<\/b>. Molte persone che hanno utilizzato la cintura la raccomandano per i suoi <b>effetti<\/b> rapidi e duraturi e per il sollievo dal dolore. La cintura Taneral Pro ha ricevuto recensioni positive grazie al suo approccio innovativo al trattamento del dolore spinale.<\/p>\n\n\n\n<blockquote class=\"wp-block-quote is-layout-flow wp-block-quote-is-layout-flow\">\n<p><em>Taneral Pro \u00e8 una vera scoperta per me! Da tempo soffrivo di dolori alla schiena che limitavano le mie attivit\u00e0 quotidiane. Dopo aver indossato regolarmente la cintura Taneral Pro per diverse settimane, ho notato un enorme miglioramento. I dolori sono scomparsi e la mia mobilit\u00e0 \u00e8 migliorata notevolmente. \u00c8 incredibile come un approccio naturale alla guarigione possa produrre tali risultati. Lo consiglio a chiunque abbia problemi simili!<\/em><\/p>\n<\/blockquote>\n\n\n\n<blockquote class=\"wp-block-quote is-layout-flow wp-block-quote-is-layout-flow\">\n<p><em>Sono entusiasta dei risultati ottenuti con Taneral Pro! Lavorare alla scrivania per molte ore al giorno ha avuto un impatto molto negativo sulla mia schiena. Il dolore alla schiena era insopportabile. Dopo aver utilizzato la cintura Taneral Pro, ho provato un immediato sollievo. Ora la indosso ogni giorno e i dolori sono praticamente scomparsi. Inoltre, la cintura \u00e8 cos\u00ec comoda che non mi accorgo nemmeno di indossarla. La consiglio a chiunque abbia bisogno di un sollievo rapido ed efficace dal mal di schiena!<\/em><\/p>\n<\/blockquote>\n\n\n\n<p>Su internet si trovano numerose <b>recensioni<\/b> di utenti che confermano l&#8217;efficacia della cintura Taneral Pro. Molti hanno notato un miglioramento della qualit\u00e0 della vita dopo l&#8217;uso regolare di questo prodotto. Gli utenti sottolineano anche la comodit\u00e0 di indossare la cintura e la mancanza di effetti collaterali, che la rendono un&#8217;alternativa sicura agli antidolorifici tradizionali.<\/p>\n\n\n\n<p>Il<b>feedback<\/b> degli utenti conferma che la cintura Taneral Pro non solo allevia il dolore, ma migliora anche la qualit\u00e0 della vita. L&#8217;efficacia, la sicurezza e la tecnologia innovativa ne fanno una valida soluzione per chi lotta contro il mal di schiena.<\/p>\n\n\n\n<h2 class=\"wp-block-heading\" id=\"h-jaka-jest-cena-i-gdzie-kupic-taneral-pro\">Qual \u00e8 il prezzo e dove acquistare Taneral Pro?<\/h2>\n\n\n\n<p>Taneral Pro \u00e8 un <b>acquisto<\/b> unico che pu\u00f2 durare molti anni. Sul sito ufficiale del produttore sono spesso disponibili promozioni e sconti che consentono di <b>acquistare<\/b> la cintura a un prezzo inferiore, anche con uno sconto di quasi il 50%. \u00c8 importante acquistare la cintura solo dal sito ufficiale del produttore per essere sicuri dell&#8217;originalit\u00e0 del prodotto.<\/p>\n\n\n\n<h2 class=\"wp-block-heading\" id=\"h-taneral-pro-przelom-w-leczeniu-bolu-kregoslupa\">Taneral Pro &#8211; un&#8217;innovazione nel trattamento del mal di schiena<\/h2>\n\n\n\n<p>Taneral Pro \u00e8 stato riconosciuto come un&#8217;<b>innovazione<\/b> nel trattamento del mal di schiena. La sua <b>sicurezza<\/b>, la sua <b>efficacia<\/b> e la sua tecnologia innovativa lo rendono una delle migliori soluzioni sul mercato.<\/p>\n\n\n\n<p>Gli esperti e i distributori di apparecchiature per la riabilitazione e la prevenzione sanitaria sono convinti dell&#8217;alta qualit\u00e0 del prodotto e del feedback positivo dei clienti.<\/p>\n\n\n\n<p>Taneral Pro \u00e8 consigliato sia per la prevenzione che per gli stadi avanzati del mal di schiena.<\/p>\n\n\n\n<h2 class=\"wp-block-heading\" id=\"h-czy-warto-kupic-taneral-pro\">Vale la pena acquistare Taneral Pro?<\/h2>\n\n\n\n<p>La decisione di acquistare la cintura Taneral Pro dipende dalle esigenze e dalle aspettative di ciascuno. Tuttavia, le numerose recensioni positive degli utenti e l&#8217;<b>efficacia<\/b> e la sicurezza del prodotto ne attestano il valore. Se soffrite di mal di schiena e siete alla ricerca di una soluzione efficace, vale la pena considerare l&#8217;<b>acquisto di<\/b> Taneral Pro, che pu\u00f2 alleviare il dolore e migliorare la qualit\u00e0 della vita.<\/p>\n\n\n\n<h2 class=\"wp-block-heading\" id=\"h-gdzie-mozna-kupic-taneral-pro\">Dove si pu\u00f2 acquistare Taneral Pro?<\/h2>\n\n\n\n<p>Per acquistare una cintura Taneral Pro originale, \u00e8 consigliabile utilizzare il sito ufficiale del produttore. In questo modo si ha la garanzia di ricevere un prodotto autentico e conforme ad elevati standard qualitativi. Allo stesso tempo, si consiglia di avvalersi di raccomandazioni e referenze da parte di distributori che hanno recensioni positive e che garantiscono un acquisto sicuro.<\/p>\n\n\n\n<p>Quando decidete di acquistare Taneral Pro, evitate le aste online e i siti sconosciuti. Si corre il rischio di acquistare un falso che non garantisce la stessa qualit\u00e0 ed efficacia della cintura Taneral Pro originale.<\/p>\n\n\n\n<p>Fate attenzione e assicuratevi di appoggiarvi solo a fonti di acquisto legittime. Solo cos\u00ec potrete essere certi di ottenere un prodotto originale in grado di fornire i risultati desiderati in termini di sollievo dal dolore e miglioramento della qualit\u00e0 della vita.<\/p>\n\n\n\n<h2 class=\"wp-block-heading\" id=\"h-podsumowanie-taneral-pro-nowatorskie-podejscie-do-ulgi-bolowej\">Riassunto: Taneral Pro &#8211; un approccio innovativo per alleviare il dolore<\/h2>\n\n\n\n<p>Taneral Pro \u00e8 un&#8217;innovativa cintura magnetica che offre un approccio innovativo per alleviare il dolore associato al mal di schiena. Grazie alla sua efficacia, sicurezza e tecnologia innovativa, rappresenta una valida soluzione per chi lotta contro il mal di schiena. Il <b>miglioramento della qualit\u00e0 della vita<\/b>, la <b>stabilizzazione<\/b> della colonna vertebrale e il comfort di utilizzo sono solo alcuni dei vantaggi della cintura Taneral Pro.<\/p>\n","protected":false},"excerpt":{"rendered":"<p><strong>59.00 \u20ac<\/strong><\/p>\n<p><del>118.00 \u20ac<\/del><\/p>\n<p><strong>[date_countdown]<\/strong><\/p>\n","protected":false},"featured_media":2181,"comment_status":"open","ping_status":"closed","template":"","meta":{"neve_meta_sidebar":"","neve_meta_container":"","neve_meta_enable_content_width":"","neve_meta_content_width":0,"neve_meta_title_alignment":"","neve_meta_author_avatar":"","neve_post_elements_order":"","neve_meta_disable_header":"","neve_meta_disable_footer":"","neve_meta_disable_title":"","neve_meta_reading_time":""},"product_brand":[],"product_cat":[113],"product_tag":[],"class_list":{"0":"post-2182","1":"product","2":"type-product","3":"status-publish","4":"has-post-thumbnail","6":"product_cat-salute","8":"first","9":"instock","10":"shipping-taxable","11":"product-type-external"},"yoast_head":"<!-- This site is optimized with the Yoast SEO plugin v27.4 - https:\/\/yoast.com\/product\/yoast-seo-wordpress\/ -->\n<title>Taneral Pro - Clinica Althea<\/title>\n<meta name=\"robots\" content=\"index, follow, max-snippet:-1, max-image-preview:large, max-video-preview:-1\" \/>\n<link rel=\"canonical\" href=\"https:\/\/www.clinicaalthea.com\/farmacia\/it\/apt\/taneral-pro\/\" \/>\n<meta property=\"og:locale\" content=\"pl_PL\" \/>\n<meta property=\"og:type\" content=\"article\" \/>\n<meta property=\"og:title\" content=\"Taneral Pro - Clinica Althea\" \/>\n<meta property=\"og:description\" content=\"59.00 \u20ac 118.00 \u20ac\" \/>\n<meta property=\"og:url\" content=\"https:\/\/www.clinicaalthea.com\/farmacia\/it\/apt\/taneral-pro\/\" \/>\n<meta property=\"og:site_name\" content=\"Clinica Althea\" \/>\n<meta property=\"article:modified_time\" content=\"2024-03-23T12:36:25+00:00\" \/>\n<meta property=\"og:image\" content=\"https:\/\/www.clinicaalthea.com\/farmacia\/wp-content\/uploads\/2024\/03\/Taneral-Pro.jpg\" \/>\n\t<meta property=\"og:image:width\" content=\"768\" \/>\n\t<meta property=\"og:image:height\" content=\"768\" \/>\n\t<meta property=\"og:image:type\" content=\"image\/jpeg\" \/>\n<meta name=\"twitter:card\" content=\"summary_large_image\" \/>\n<meta name=\"twitter:label1\" content=\"Szacowany czas czytania\" \/>\n\t<meta name=\"twitter:data1\" content=\"9 minut\" \/>\n<script type=\"application\/ld+json\" class=\"yoast-schema-graph\">{\"@context\":\"https:\\\/\\\/schema.org\",\"@graph\":[{\"@type\":\"WebPage\",\"@id\":\"https:\\\/\\\/www.clinicaalthea.com\\\/farmacia\\\/it\\\/apt\\\/taneral-pro\\\/\",\"url\":\"https:\\\/\\\/www.clinicaalthea.com\\\/farmacia\\\/it\\\/apt\\\/taneral-pro\\\/\",\"name\":\"Taneral Pro - Clinica Althea\",\"isPartOf\":{\"@id\":\"https:\\\/\\\/www.clinicaalthea.com\\\/farmacia\\\/#website\"},\"primaryImageOfPage\":{\"@id\":\"https:\\\/\\\/www.clinicaalthea.com\\\/farmacia\\\/it\\\/apt\\\/taneral-pro\\\/#primaryimage\"},\"image\":{\"@id\":\"https:\\\/\\\/www.clinicaalthea.com\\\/farmacia\\\/it\\\/apt\\\/taneral-pro\\\/#primaryimage\"},\"thumbnailUrl\":\"https:\\\/\\\/www.clinicaalthea.com\\\/farmacia\\\/wp-content\\\/uploads\\\/2024\\\/03\\\/Taneral-Pro.jpg\",\"datePublished\":\"2024-03-23T12:33:01+00:00\",\"dateModified\":\"2024-03-23T12:36:25+00:00\",\"breadcrumb\":{\"@id\":\"https:\\\/\\\/www.clinicaalthea.com\\\/farmacia\\\/it\\\/apt\\\/taneral-pro\\\/#breadcrumb\"},\"inLanguage\":\"pl-PL\",\"potentialAction\":[{\"@type\":\"ReadAction\",\"target\":[\"https:\\\/\\\/www.clinicaalthea.com\\\/farmacia\\\/it\\\/apt\\\/taneral-pro\\\/\"]}]},{\"@type\":\"ImageObject\",\"inLanguage\":\"pl-PL\",\"@id\":\"https:\\\/\\\/www.clinicaalthea.com\\\/farmacia\\\/it\\\/apt\\\/taneral-pro\\\/#primaryimage\",\"url\":\"https:\\\/\\\/www.clinicaalthea.com\\\/farmacia\\\/wp-content\\\/uploads\\\/2024\\\/03\\\/Taneral-Pro.jpg\",\"contentUrl\":\"https:\\\/\\\/www.clinicaalthea.com\\\/farmacia\\\/wp-content\\\/uploads\\\/2024\\\/03\\\/Taneral-Pro.jpg\",\"width\":768,\"height\":768,\"caption\":\"Taneral Pro\"},{\"@type\":\"BreadcrumbList\",\"@id\":\"https:\\\/\\\/www.clinicaalthea.com\\\/farmacia\\\/it\\\/apt\\\/taneral-pro\\\/#breadcrumb\",\"itemListElement\":[{\"@type\":\"ListItem\",\"position\":1,\"name\":\"Strona g\u0142\u00f3wna\",\"item\":\"https:\\\/\\\/www.clinicaalthea.com\\\/farmacia\\\/\"},{\"@type\":\"ListItem\",\"position\":2,\"name\":\"Produkty\",\"item\":\"https:\\\/\\\/www.clinicaalthea.com\\\/farmacia\\\/\"},{\"@type\":\"ListItem\",\"position\":3,\"name\":\"Taneral Pro\"}]},{\"@type\":\"WebSite\",\"@id\":\"https:\\\/\\\/www.clinicaalthea.com\\\/farmacia\\\/#website\",\"url\":\"https:\\\/\\\/www.clinicaalthea.com\\\/farmacia\\\/\",\"name\":\"Clinica Althea\",\"description\":\"\",\"publisher\":{\"@id\":\"https:\\\/\\\/www.clinicaalthea.com\\\/farmacia\\\/#organization\"},\"potentialAction\":[{\"@type\":\"SearchAction\",\"target\":{\"@type\":\"EntryPoint\",\"urlTemplate\":\"https:\\\/\\\/www.clinicaalthea.com\\\/farmacia\\\/?s={search_term_string}\"},\"query-input\":{\"@type\":\"PropertyValueSpecification\",\"valueRequired\":true,\"valueName\":\"search_term_string\"}}],\"inLanguage\":\"pl-PL\"},{\"@type\":\"Organization\",\"@id\":\"https:\\\/\\\/www.clinicaalthea.com\\\/farmacia\\\/#organization\",\"name\":\"Clinica Althea\",\"url\":\"https:\\\/\\\/www.clinicaalthea.com\\\/farmacia\\\/\",\"logo\":{\"@type\":\"ImageObject\",\"inLanguage\":\"pl-PL\",\"@id\":\"https:\\\/\\\/www.clinicaalthea.com\\\/farmacia\\\/#\\\/schema\\\/logo\\\/image\\\/\",\"url\":\"https:\\\/\\\/www.clinicaalthea.com\\\/farmacia\\\/wp-content\\\/uploads\\\/2023\\\/12\\\/Jak-diagnozuje-sie-FAS_-objawy-kryteria-diagnostyczne-i-metody-diagnozowania-154162903.jpg\",\"contentUrl\":\"https:\\\/\\\/www.clinicaalthea.com\\\/farmacia\\\/wp-content\\\/uploads\\\/2023\\\/12\\\/Jak-diagnozuje-sie-FAS_-objawy-kryteria-diagnostyczne-i-metody-diagnozowania-154162903.jpg\",\"width\":1216,\"height\":832,\"caption\":\"Clinica Althea\"},\"image\":{\"@id\":\"https:\\\/\\\/www.clinicaalthea.com\\\/farmacia\\\/#\\\/schema\\\/logo\\\/image\\\/\"}}]}<\/script>\n<!-- \/ Yoast SEO plugin. -->","yoast_head_json":{"title":"Taneral Pro - Clinica Althea","robots":{"index":"index","follow":"follow","max-snippet":"max-snippet:-1","max-image-preview":"max-image-preview:large","max-video-preview":"max-video-preview:-1"},"canonical":"https:\/\/www.clinicaalthea.com\/farmacia\/it\/apt\/taneral-pro\/","og_locale":"pl_PL","og_type":"article","og_title":"Taneral Pro - Clinica Althea","og_description":"59.00 \u20ac 118.00 \u20ac","og_url":"https:\/\/www.clinicaalthea.com\/farmacia\/it\/apt\/taneral-pro\/","og_site_name":"Clinica Althea","article_modified_time":"2024-03-23T12:36:25+00:00","og_image":[{"width":768,"height":768,"url":"https:\/\/www.clinicaalthea.com\/farmacia\/wp-content\/uploads\/2024\/03\/Taneral-Pro.jpg","type":"image\/jpeg"}],"twitter_card":"summary_large_image","twitter_misc":{"Szacowany czas czytania":"9 minut"},"schema":{"@context":"https:\/\/schema.org","@graph":[{"@type":"WebPage","@id":"https:\/\/www.clinicaalthea.com\/farmacia\/it\/apt\/taneral-pro\/","url":"https:\/\/www.clinicaalthea.com\/farmacia\/it\/apt\/taneral-pro\/","name":"Taneral Pro - Clinica Althea","isPartOf":{"@id":"https:\/\/www.clinicaalthea.com\/farmacia\/#website"},"primaryImageOfPage":{"@id":"https:\/\/www.clinicaalthea.com\/farmacia\/it\/apt\/taneral-pro\/#primaryimage"},"image":{"@id":"https:\/\/www.clinicaalthea.com\/farmacia\/it\/apt\/taneral-pro\/#primaryimage"},"thumbnailUrl":"https:\/\/www.clinicaalthea.com\/farmacia\/wp-content\/uploads\/2024\/03\/Taneral-Pro.jpg","datePublished":"2024-03-23T12:33:01+00:00","dateModified":"2024-03-23T12:36:25+00:00","breadcrumb":{"@id":"https:\/\/www.clinicaalthea.com\/farmacia\/it\/apt\/taneral-pro\/#breadcrumb"},"inLanguage":"pl-PL","potentialAction":[{"@type":"ReadAction","target":["https:\/\/www.clinicaalthea.com\/farmacia\/it\/apt\/taneral-pro\/"]}]},{"@type":"ImageObject","inLanguage":"pl-PL","@id":"https:\/\/www.clinicaalthea.com\/farmacia\/it\/apt\/taneral-pro\/#primaryimage","url":"https:\/\/www.clinicaalthea.com\/farmacia\/wp-content\/uploads\/2024\/03\/Taneral-Pro.jpg","contentUrl":"https:\/\/www.clinicaalthea.com\/farmacia\/wp-content\/uploads\/2024\/03\/Taneral-Pro.jpg","width":768,"height":768,"caption":"Taneral Pro"},{"@type":"BreadcrumbList","@id":"https:\/\/www.clinicaalthea.com\/farmacia\/it\/apt\/taneral-pro\/#breadcrumb","itemListElement":[{"@type":"ListItem","position":1,"name":"Strona g\u0142\u00f3wna","item":"https:\/\/www.clinicaalthea.com\/farmacia\/"},{"@type":"ListItem","position":2,"name":"Produkty","item":"https:\/\/www.clinicaalthea.com\/farmacia\/"},{"@type":"ListItem","position":3,"name":"Taneral Pro"}]},{"@type":"WebSite","@id":"https:\/\/www.clinicaalthea.com\/farmacia\/#website","url":"https:\/\/www.clinicaalthea.com\/farmacia\/","name":"Clinica Althea","description":"","publisher":{"@id":"https:\/\/www.clinicaalthea.com\/farmacia\/#organization"},"potentialAction":[{"@type":"SearchAction","target":{"@type":"EntryPoint","urlTemplate":"https:\/\/www.clinicaalthea.com\/farmacia\/?s={search_term_string}"},"query-input":{"@type":"PropertyValueSpecification","valueRequired":true,"valueName":"search_term_string"}}],"inLanguage":"pl-PL"},{"@type":"Organization","@id":"https:\/\/www.clinicaalthea.com\/farmacia\/#organization","name":"Clinica Althea","url":"https:\/\/www.clinicaalthea.com\/farmacia\/","logo":{"@type":"ImageObject","inLanguage":"pl-PL","@id":"https:\/\/www.clinicaalthea.com\/farmacia\/#\/schema\/logo\/image\/","url":"https:\/\/www.clinicaalthea.com\/farmacia\/wp-content\/uploads\/2023\/12\/Jak-diagnozuje-sie-FAS_-objawy-kryteria-diagnostyczne-i-metody-diagnozowania-154162903.jpg","contentUrl":"https:\/\/www.clinicaalthea.com\/farmacia\/wp-content\/uploads\/2023\/12\/Jak-diagnozuje-sie-FAS_-objawy-kryteria-diagnostyczne-i-metody-diagnozowania-154162903.jpg","width":1216,"height":832,"caption":"Clinica Althea"},"image":{"@id":"https:\/\/www.clinicaalthea.com\/farmacia\/#\/schema\/logo\/image\/"}}]}},"lang":"it","translations":{"it":2182,"cs":2180,"hu":2183,"sk":2184,"sl":2185},"pll_sync_post":[],"_links":{"self":[{"href":"https:\/\/www.clinicaalthea.com\/farmacia\/wp-json\/wp\/v2\/product\/2182","targetHints":{"allow":["GET"]}}],"collection":[{"href":"https:\/\/www.clinicaalthea.com\/farmacia\/wp-json\/wp\/v2\/product"}],"about":[{"href":"https:\/\/www.clinicaalthea.com\/farmacia\/wp-json\/wp\/v2\/types\/product"}],"replies":[{"embeddable":true,"href":"https:\/\/www.clinicaalthea.com\/farmacia\/wp-json\/wp\/v2\/comments?post=2182"}],"wp:featuredmedia":[{"embeddable":true,"href":"https:\/\/www.clinicaalthea.com\/farmacia\/wp-json\/wp\/v2\/media\/2181"}],"wp:attachment":[{"href":"https:\/\/www.clinicaalthea.com\/farmacia\/wp-json\/wp\/v2\/media?parent=2182"}],"wp:term":[{"taxonomy":"product_brand","embeddable":true,"href":"https:\/\/www.clinicaalthea.com\/farmacia\/wp-json\/wp\/v2\/product_brand?post=2182"},{"taxonomy":"product_cat","embeddable":true,"href":"https:\/\/www.clinicaalthea.com\/farmacia\/wp-json\/wp\/v2\/product_cat?post=2182"},{"taxonomy":"product_tag","embeddable":true,"href":"https:\/\/www.clinicaalthea.com\/farmacia\/wp-json\/wp\/v2\/product_tag?post=2182"}],"curies":[{"name":"wp","href":"https:\/\/api.w.org\/{rel}","templated":true}]}}