{"id":2160,"date":"2024-03-23T13:04:12","date_gmt":"2024-03-23T12:04:12","guid":{"rendered":"https:\/\/mayoguide.org\/produkty\/?post_type=product&#038;p=2160"},"modified":"2024-03-23T13:05:15","modified_gmt":"2024-03-23T12:05:15","slug":"solvenin","status":"publish","type":"product","link":"https:\/\/www.clinicaalthea.com\/farmacia\/da\/apt\/solvenin\/","title":{"rendered":"Solvenin"},"content":{"rendered":"\n<p><b>Solvenin<\/b> er et innovativt <b>kosttilskud<\/b>, der underst\u00f8tter kredsl\u00f8bets funktion og lindrer lidelser som <b>\u00e5reknuder<\/b> og <b>h\u00e6velser<\/b>. Takket v\u00e6re den unikke sammens\u00e6tning af naturlige ingredienser og den enkle anvendelsesmetode har <b>Solvenin<\/b> vundet tillid hos brugere, der anerkender dets <b>effektivitet<\/b>.<\/p>\n\n\n\n<h3 class=\"wp-block-heading\" id=\"h-kluczowe-informacje\">Vigtig information:<\/h3>\n\n\n\n<ul class=\"wp-block-list\">\n<li><b>Solvenin<\/b> er et <b>kosttilskud<\/b>, der st\u00f8tter <b>kredsl\u00f8bet<\/b>, forebygger \u00e5reknuder og fjerner <b>h\u00e6velser<\/b>.<\/li>\n\n\n\n<li>Dets <b>naturlige ingredienser<\/b>, s\u00e5som vindrueekstrakt, artiskok, vildrose og E-vitamin, forbedrer blodkarrenes gennemtr\u00e6ngelighed.<\/li>\n\n\n\n<li><b>Brugerfeedback<\/b> bekr\u00e6fter Solvenins <b>effektivitet<\/b> og enkle anvendelse.<\/li>\n\n\n\n<li><b>Brugen af<\/b> Solvenin, b\u00e5de profylaktisk og ad hoc, er gavnlig for at opretholde sunde ben.<\/li>\n\n\n\n<li>Solvenin-tilskuddet anbefales til personer med ven\u00f8s insufficiens, kredsl\u00f8bsproblemer, tunge ben og h\u00e6velser.<\/li>\n<\/ul>\n\n\n\n<h2 class=\"wp-block-heading\" id=\"h-sklad-i-dzialanie-solvenin\">Sammens\u00e6tning og virkning af Solvenin<\/h2>\n\n\n\n<p>Solvenin er et <b>kosttilskud<\/b> i kapselform, som indeholder n\u00f8je udvalgte <b>naturlige ingredienser<\/b>. Takket v\u00e6re sin unikke sammens\u00e6tning har Solvenin en effektiv effekt p\u00e5 <b>kredsl\u00f8bssystemet<\/b>, hvilket hj\u00e6lper med at forbedre blodkarrenes \u00e5benhed, eliminere symptomerne p\u00e5 \u00e5reknuder og lindre h\u00e6velse, f\u00f8lelsen af tyngde og smerter i benene.<\/p>\n\n\n\n<p>Solvenins sammens\u00e6tning inkluderer forskellige <b>komponenter<\/b> med dokumenterede egenskaber for vaskul\u00e6r og cirkulatorisk sundhed. Her er de vigtigste komponenter i tilskuddet:<\/p>\n\n\n\n<ul class=\"wp-block-list\">\n<li><strong>Ekstrakt af druevin:<\/strong> Har antiinflammatoriske og antioxidante virkninger, styrker blodkarrene og forbedrer cirkulationen.<\/li>\n\n\n\n<li><strong>Artiskok:<\/strong> Hj\u00e6lper med at opretholde normale kolesterolniveauer, underst\u00f8tter leverfunktionen og afgifter kroppen.<\/li>\n\n\n\n<li><strong>Vild hyben<\/strong>: Rig p\u00e5 C-vitamin, som styrker blodkarrenes v\u00e6gge, har en antiviral effekt og styrker immunforsvaret.<\/li>\n\n\n\n<li><strong>Havtorn:<\/strong> Det er en kilde til mange v\u00e6rdifulde n\u00e6ringsstoffer s\u00e5som vitaminer (herunder E-vitamin, som hj\u00e6lper med at beskytte cellerne mod oxidativt stress), mineraler, ascorbinsyre og betacaroten, som hj\u00e6lper med at forbedre blodcirkulationen.<\/li>\n\n\n\n<li><strong>Tansy blad<\/strong>: Udviser antiinflammatoriske, antibakterielle og antivirale egenskaber, hvilket styrker kroppens immunsystem.<\/li>\n\n\n\n<li><strong>Ekstrakt af kinesisk te: <\/strong>Har antiinflammatoriske virkninger og modvirker dannelsen af blodpropper, hvilket forbedrer <b>cirkulationen<\/b> i blodkarrene.<\/li>\n\n\n\n<li><strong>E-vitamin:<\/strong> Er en kraftig antioxidant, der beskytter cellerne mod skader fra frie radikaler og ogs\u00e5 forbedrer <b>blodcirkulationen<\/b>.<\/li>\n<\/ul>\n\n\n\n<p>Takket v\u00e6re denne unikke sammens\u00e6tning af ingredienser har Solvenin en positiv effekt p\u00e5 <b>kredsl\u00f8bssystemet<\/b>, hj\u00e6lper med at forebygge og reducere \u00e5reknuder og forbedrer benenes generelle tilstand. Regelm\u00e6ssig <b>brug af<\/b> Solvenin kan give lindring af de ubehagelige symptomer p\u00e5 \u00e5reknuder og give sundhed og komfort til dine ben.<\/p>\n\n\n\n<h2 class=\"wp-block-heading\" id=\"h-dlaczego-warto-stosowac-solvenin\">Hvorfor skal man bruge Solvenin?<\/h2>\n\n\n\n<p><b>Brugen af<\/b> Solvenin anbefales b\u00e5de forebyggende for at forhindre dannelsen af \u00e5reknuder og ad hoc for at reducere symptomerne p\u00e5 allerede eksisterende \u00e5reknuder. Regelm\u00e6ssig brug af tilskuddet hj\u00e6lper med at opretholde <b>sunde ben<\/b>, undg\u00e5 \u00e5reknudekomplikationer og give lindring af ubehagelige symptomer.<\/p>\n\n\n\n<p><b>\u00c5reknuder<\/b> er et almindeligt problem, men du beh\u00f8ver ikke at acceptere dem. Med Solvenin kan du v\u00e6re proaktiv og forhindre, at de opst\u00e5r. At tage en regelm\u00e6ssig dosis Solvenin er en investering i dine bens sundhed.<\/p>\n\n\n\n<h3 class=\"wp-block-heading\" id=\"h-profilaktyka-zylakow\">Forebyggelse af \u00e5reknuder<\/h3>\n\n\n\n<p><b>\u00c5reknuder<\/b> kan f\u00f8re til mange ubehagelige symptomer som smerter, <b>tyngdefornemmelse<\/b>, h\u00e6velse og <b>muskelkramper<\/b>. Forebyggende brug af Solvenin er en effektiv m\u00e5de at minimere risikoen for \u00e5reknuder p\u00e5 og bevare sunde ben. De <b>naturlige ingredienser<\/b> i Solvenin underst\u00f8tter kredsl\u00f8bets funktion, forbedrer blodkarrenes elasticitet og sikrer optimal blodgennemstr\u00f8mning.<\/p>\n\n\n\n<h3 class=\"wp-block-heading\" id=\"h-dorazne-stosowanie-solvenin\">Ad hoc-brug af Solvenin<\/h3>\n\n\n\n<p>Hvis du allerede har \u00e5reknuder, kan Solvenin v\u00e6re din allierede i h\u00e5ndteringen af de generende symptomer. Ad hoc-brug <b>af<\/b> tilskuddet hj\u00e6lper med at reducere h\u00e6velse, smerte og <b>f\u00f8lelsen af tyngde<\/b> i benene. Desuden forbedrer Solvenin blodcirkulationen, hvilket bidrager til et generelt bedre velbefindende.<\/p>\n\n\n\n<p><em>At tage Solvenin er en investering i sunde ben. Tag h\u00e5nd om forebyggelsen af \u00e5reknuder og lindr de ubehagelige symptomer, der er forbundet med eksisterende \u00e5reknuder. Pr\u00f8v Solvenin, og oplev de fordele, som brugerne af dette kosttilskud taler om.<\/em><\/p>\n\n\n\n<h2 class=\"wp-block-heading\" id=\"h-wskazania-do-stosowania-solvenin\">Indikationer for brug af Solvenin<\/h2>\n\n\n\n<p>Solvenin anbefales is\u00e6r til personer med ven\u00f8s insufficiens, kredsl\u00f8bsproblemer, tunge ben, h\u00e6velse og smerter i lemmerne. Folk, der arbejder st\u00e5ende eller stillesiddende, tager hormonel medicin, er overv\u00e6gtige eller fede, og som tr\u00e6ner intensivt i fitnesscentret, b\u00f8r ogs\u00e5 bruge Solvenin. \u00c6ldre mennesker og mennesker, hvis for\u00e6ldre har k\u00e6mpet med \u00e5reknuder, er ogs\u00e5 opf\u00f8rt som en <b>risikogruppe<\/b>.<\/p>\n\n\n\n<figure class=\"wp-block-table\"><table><tbody><tr><th>Indikationer for brug af Solvenin:<\/th><\/tr><tr><td><b>Ven\u00f8s insufficiens<\/b><\/td><\/tr><tr><td>Problemer med blodcirkulationen<\/td><\/tr><tr><td><b>Tunge ben<\/b><\/td><\/tr><tr><td>H\u00e6velse<\/td><\/tr><tr><td><b>Smerter i lemmerne<\/b><\/td><\/tr><tr><td>Personer, der arbejder i st\u00e5ende eller siddende stilling<\/td><\/tr><tr><td>Personer, der tager hormonel medicin<\/td><\/tr><tr><td>Personer, der er overv\u00e6gtige eller fede<\/td><\/tr><tr><td>Personer, der tr\u00e6ner intensivt i et fitnesscenter<\/td><\/tr><tr><td>\u00c6ldre mennesker<\/td><\/tr><tr><td>Folk, hvis for\u00e6ldre har k\u00e6mpet med \u00e5reknuder<\/td><\/tr><\/tbody><\/table><\/figure>\n\n\n\n<p>Solvenin er ideel til dem, der k\u00e6mper med ubehag for\u00e5rsaget af ven\u00f8s insufficiens, d\u00e5rlig cirkulation, tunge ben, h\u00e6velse og smerter i lemmerne. Ved regelm\u00e6ssig brug kan Solvenin give lindring og sundhedsforbedringer, is\u00e6r for dem, der er i farezonen, s\u00e5som folk, der arbejder p\u00e5 samme sted i lange perioder, eller dem, der er genetisk disponeret for \u00e5reknuder. \u00c6ldre og fysisk aktive mennesker kan ogs\u00e5 have gavn af regelm\u00e6ssig brug af Solvenin.<\/p>\n\n\n\n<h2 class=\"wp-block-heading\" id=\"h-spodziewane-efekty-stosowania-solvenin\">Forventede virkninger af Solvenin<\/h2>\n\n\n\n<p>Brugen af Solvenin har de forventede virkninger, der gavner benenes sundhed og kredsl\u00f8bssystemet. Dette effektive kosttilskud modvirker dannelsen af \u00e5reknuder og reducerer udseendet af blodkarrene. Desuden reducerer Solvenin h\u00e6velser <b>i<\/b> benene, eliminerer <b>tyngdefornemmelsen<\/b> og reducerer forekomsten af muskelkramper.<\/p>\n\n\n\n<p>Solvenins<b>virkning<\/b> er baseret p\u00e5 naturlige ingredienser, der underst\u00f8tter blodkarrenes \u00e5benhed og forbedrer cirkulationen. Det betyder, at Solvenin ikke kun lindrer de ubehagelige symptomer p\u00e5 \u00e5reknuder, men ogs\u00e5 tager sig af <b>hjertesundheden<\/b>.<\/p>\n\n\n\n<p>Hvis du lider af \u00e5reknuder, kan Solvenin hj\u00e6lpe dig med at finde lindring og forbedre din livskvalitet. Pr\u00f8v dette kosttilskud og se selv, hvor effektivt det er.<\/p>\n\n\n\n<h2 class=\"wp-block-heading\" id=\"h-skutki-uboczne-i-przeciwwskazania-solvenin\">Bivirkninger og kontraindikationer ved Solvenin<\/h2>\n\n\n\n<p>Solvenin er normalt veltolereret, men enkelte tilf\u00e6lde af bivirkninger s\u00e5som allergiske reaktioner kan forekomme. <b>Kontraindikationer<\/b> for Solvenin omfatter gravide og ammende kvinder. Det er vigtigt at konsultere din l\u00e6ge, f\u00f8r du starter behandlingen, is\u00e6r hvis du tager anden medicin.<\/p>\n\n\n\n<figure class=\"wp-block-table\"><table><tbody><tr><th>Bivirkninger af Solvenin<\/th><th>Kontraindikationer for Solvenin<\/th><\/tr><tr><td>\n<ul>\n<li>Mulige allergiske reaktioner<\/li>\n<li>Individuelle tilf\u00e6lde af intolerance<\/li>\n<li>Andre sj\u00e6ldne <b>bivirkninger<\/b> <\/li>\n<\/ul>\n<\/td><td>\n<ul>\n<li>Gravide kvinder<\/li>\n<li>Kvinder, der ammer<\/li>\n<li>Aftale med din l\u00e6ge<\/li>\n<li>Indtagelse af anden medicin<\/li>\n<\/ul>\n<\/td><\/tr><\/tbody><\/table><\/figure>\n\n\n\n<h2 class=\"wp-block-heading\" id=\"h-jak-stosowac-solvenin\">Hvordan bruger man Solvenin?<\/h2>\n\n\n\n<p>Solvenin kosttilskud kommer i form af tabletter, der skal tages to gange dagligt, morgen og aften, 30 minutter f\u00f8r et m\u00e5ltid. For at opn\u00e5 optimale resultater anbefales det at tage Solvenin regelm\u00e6ssigt og ikke at overskride den anbefalede dosis.<\/p>\n\n\n\n<p><b>Solvenin-tabletter<\/b> skal drikkes med rigeligt vand for at lette optagelsen. <b>Vandet<\/b> hj\u00e6lper med at opl\u00f8se og starte virkningen af de aktive ingredienser i kroppen. De kan tages enten sammen med eller mellem m\u00e5ltiderne, men s\u00f8rg altid for, at der er tilstr\u00e6kkeligt med vand inden.<\/p>\n\n\n\n<p>Regelm\u00e6ssig brug af Solvenin er n\u00f8glen til at opn\u00e5 optimale resultater. Du m\u00e5 ikke overskride den anbefalede dosis eller afbryde behandlingen uden at konsultere din l\u00e6ge. Husk, at hver krop kan reagere forskelligt, s\u00e5 det er vigtigt at f\u00f8lge producentens anbefalinger og overv\u00e5ge din krop, mens du tager tilskuddet.<\/p>\n\n\n\n<h2 class=\"wp-block-heading\" id=\"h-opinie-uzytkownikow-o-solvenin\">Brugeranmeldelser af Solvenin<\/h2>\n\n\n\n<p><b>Brugeranmeldelser<\/b> af Solvenin er ekstremt positive. Mange ser en betydelig forbedring af deres helbred og oplever lindring af de generende symptomer p\u00e5 \u00e5reknuder. <b>Brugerne<\/b> roser <b>effektiviteten af<\/b> Solvenin og bem\u00e6rker positive \u00e6ndringer efter regelm\u00e6ssig brug af tilskuddet.<\/p>\n\n\n\n<blockquote class=\"wp-block-quote is-layout-flow wp-block-quote-is-layout-flow\">\n<p><em>Solvenin er mit daglige must-have! Siden jeg begyndte at bruge dette kosttilskud regelm\u00e6ssigt, f\u00f8les mine ben lettere, og jeg har mere energi til at fungere. Jeg kan ikke l\u00e6ngere huske, hvorn\u00e5r jeg sidst havde problemer med h\u00e6velser eller en f\u00f8lelse af tyngde. Desuden ved jeg, at jeg tager vare p\u00e5 mine bens sundhed, hvilket er ekstremt vigtigt for mig, is\u00e6r da jeg har et stillesiddende arbejde. Jeg anbefaler Solvenin til alle, der \u00f8nsker at passe p\u00e5 deres ben og nyde livet fuldt ud uden ubehag!<\/em><\/p>\n<\/blockquote>\n\n\n\n<blockquote class=\"wp-block-quote is-layout-flow wp-block-quote-is-layout-flow\">\n<p><em>Solvenin har vist sig at v\u00e6re en virkelig frelse for mig! Jeg havde k\u00e6mpet med tunge ben og h\u00e6velser i \u00e5revis, indtil jeg endelig besluttede mig for at pr\u00f8ve dette kosttilskud. Allerede efter kort tids brug m\u00e6rkede jeg en enorm forbedring &#8211; h\u00e6velsen forsvandt, og f\u00f8lelsen af tyngde i benene blev meget mindre. Nu kan jeg nyde livet fuldt ud uden ubehag. Jeg anbefaler det til alle, der k\u00e6mper med lignende problemer!<\/em><\/p>\n<\/blockquote>\n\n\n\n<h2 class=\"wp-block-heading\" id=\"h-gdzie-kupic-solvenin\">Hvor kan man k\u00f8be Solvenin?<\/h2>\n\n\n\n<p>Det sikreste sted at k\u00f8be Solvenin er <b>producentens officielle hjemmeside<\/b>. P\u00e5 denne m\u00e5de kan du v\u00e6re sikker p\u00e5, at det produkt, du k\u00f8ber, er det originale og lever op til forventningerne med hensyn til kvalitet. Undg\u00e5 mist\u00e6nkeligt lave priser p\u00e5 forskellige platforme for at undg\u00e5 at k\u00f8be forfalskninger.<\/p>\n\n\n\n<h2 class=\"wp-block-heading\" id=\"h-podsumowanie\">Resum\u00e9<\/h2>\n\n\n\n<p>Solvenin er et v\u00e6rdifuldt kosttilskud, der hj\u00e6lper med at bevare <b>sunde ben<\/b> og forebygge \u00e5reknuder. Regelm\u00e6ssig brug af Solvenin, kombineret med andre sundhedsfremmende foranstaltninger som kost og fysisk aktivitet, giver de forventede resultater. <b>Brugerfeedback<\/b> bekr\u00e6fter Solvenins effektivitet.<\/p>\n\n\n\n<p>Regelm\u00e6ssig brug af Solvenin kan have en positiv effekt p\u00e5 kredsl\u00f8bet, forbedre blodkarrenes gennemtr\u00e6ngelighed og modvirke dannelsen af \u00e5reknuder. Kosttilskuddet kan ogs\u00e5 reducere symptomerne p\u00e5 \u00e5reknuder, s\u00e5som tyngdefornemmelse, smerter i benene og h\u00e6velser.<\/p>\n\n\n\n<p><b>Forebyggelse<\/b> er n\u00f8glen til at bevare sunde ben. Brug af Solvenin kan v\u00e6re et effektivt v\u00e6rkt\u00f8j til at forebygge \u00e5reknuder og opretholde et godt bensundhed.<\/p>\n\n\n\n<p>Sammenfattende er Solvenin et kosttilskud, der kan hj\u00e6lpe med at bevare sunde ben og forebygge \u00e5reknuder. <b>Brugeranmeldelser<\/b> bekr\u00e6fter dets effektivitet. Regelm\u00e6ssig brug af Solvenin og opm\u00e6rksomhed p\u00e5 en sund livsstil kan forbedre benenes tilstand betydeligt og forhindre \u00e5reknuder.<\/p>\n","protected":false},"excerpt":{"rendered":"<p><strong>649.00 kr<\/strong><\/p>\n<p><del>1298.00 kr<\/del><\/p>\n<p><strong>[date_countdown]<\/strong><\/p>\n","protected":false},"featured_media":2159,"comment_status":"open","ping_status":"closed","template":"","meta":{"neve_meta_sidebar":"","neve_meta_container":"","neve_meta_enable_content_width":"","neve_meta_content_width":0,"neve_meta_title_alignment":"","neve_meta_author_avatar":"","neve_post_elements_order":"","neve_meta_disable_header":"","neve_meta_disable_footer":"","neve_meta_disable_title":"","neve_meta_reading_time":""},"product_brand":[],"product_cat":[57],"product_tag":[],"class_list":{"0":"post-2160","1":"product","2":"type-product","3":"status-publish","4":"has-post-thumbnail","6":"product_cat-sundhed","8":"first","9":"instock","10":"shipping-taxable","11":"product-type-external"},"yoast_head":"<!-- This site is optimized with the Yoast SEO plugin v27.4 - https:\/\/yoast.com\/product\/yoast-seo-wordpress\/ -->\n<title>Solvenin - Clinica Althea<\/title>\n<meta name=\"robots\" content=\"index, follow, max-snippet:-1, max-image-preview:large, max-video-preview:-1\" \/>\n<link rel=\"canonical\" href=\"https:\/\/www.clinicaalthea.com\/farmacia\/da\/apt\/solvenin\/\" \/>\n<meta property=\"og:locale\" content=\"pl_PL\" \/>\n<meta property=\"og:type\" content=\"article\" \/>\n<meta property=\"og:title\" content=\"Solvenin - Clinica Althea\" \/>\n<meta property=\"og:description\" content=\"649.00 kr 1298.00 kr\" \/>\n<meta property=\"og:url\" content=\"https:\/\/www.clinicaalthea.com\/farmacia\/da\/apt\/solvenin\/\" \/>\n<meta property=\"og:site_name\" content=\"Clinica Althea\" \/>\n<meta property=\"article:modified_time\" content=\"2024-03-23T12:05:15+00:00\" \/>\n<meta property=\"og:image\" content=\"https:\/\/www.clinicaalthea.com\/farmacia\/wp-content\/uploads\/2024\/03\/Solvenin.jpg\" \/>\n\t<meta property=\"og:image:width\" content=\"768\" \/>\n\t<meta property=\"og:image:height\" content=\"768\" \/>\n\t<meta property=\"og:image:type\" content=\"image\/jpeg\" \/>\n<meta name=\"twitter:card\" content=\"summary_large_image\" \/>\n<meta name=\"twitter:label1\" content=\"Szacowany czas czytania\" \/>\n\t<meta name=\"twitter:data1\" content=\"8 minut\" \/>\n<script type=\"application\/ld+json\" class=\"yoast-schema-graph\">{\"@context\":\"https:\\\/\\\/schema.org\",\"@graph\":[{\"@type\":\"WebPage\",\"@id\":\"https:\\\/\\\/www.clinicaalthea.com\\\/farmacia\\\/da\\\/apt\\\/solvenin\\\/\",\"url\":\"https:\\\/\\\/www.clinicaalthea.com\\\/farmacia\\\/da\\\/apt\\\/solvenin\\\/\",\"name\":\"Solvenin - Clinica Althea\",\"isPartOf\":{\"@id\":\"https:\\\/\\\/www.clinicaalthea.com\\\/farmacia\\\/#website\"},\"primaryImageOfPage\":{\"@id\":\"https:\\\/\\\/www.clinicaalthea.com\\\/farmacia\\\/da\\\/apt\\\/solvenin\\\/#primaryimage\"},\"image\":{\"@id\":\"https:\\\/\\\/www.clinicaalthea.com\\\/farmacia\\\/da\\\/apt\\\/solvenin\\\/#primaryimage\"},\"thumbnailUrl\":\"https:\\\/\\\/www.clinicaalthea.com\\\/farmacia\\\/wp-content\\\/uploads\\\/2024\\\/03\\\/Solvenin.jpg\",\"datePublished\":\"2024-03-23T12:04:12+00:00\",\"dateModified\":\"2024-03-23T12:05:15+00:00\",\"breadcrumb\":{\"@id\":\"https:\\\/\\\/www.clinicaalthea.com\\\/farmacia\\\/da\\\/apt\\\/solvenin\\\/#breadcrumb\"},\"inLanguage\":\"pl-PL\",\"potentialAction\":[{\"@type\":\"ReadAction\",\"target\":[\"https:\\\/\\\/www.clinicaalthea.com\\\/farmacia\\\/da\\\/apt\\\/solvenin\\\/\"]}]},{\"@type\":\"ImageObject\",\"inLanguage\":\"pl-PL\",\"@id\":\"https:\\\/\\\/www.clinicaalthea.com\\\/farmacia\\\/da\\\/apt\\\/solvenin\\\/#primaryimage\",\"url\":\"https:\\\/\\\/www.clinicaalthea.com\\\/farmacia\\\/wp-content\\\/uploads\\\/2024\\\/03\\\/Solvenin.jpg\",\"contentUrl\":\"https:\\\/\\\/www.clinicaalthea.com\\\/farmacia\\\/wp-content\\\/uploads\\\/2024\\\/03\\\/Solvenin.jpg\",\"width\":768,\"height\":768,\"caption\":\"Solvenin\"},{\"@type\":\"BreadcrumbList\",\"@id\":\"https:\\\/\\\/www.clinicaalthea.com\\\/farmacia\\\/da\\\/apt\\\/solvenin\\\/#breadcrumb\",\"itemListElement\":[{\"@type\":\"ListItem\",\"position\":1,\"name\":\"Strona g\u0142\u00f3wna\",\"item\":\"https:\\\/\\\/www.clinicaalthea.com\\\/farmacia\\\/\"},{\"@type\":\"ListItem\",\"position\":2,\"name\":\"Produkty\",\"item\":\"https:\\\/\\\/www.clinicaalthea.com\\\/farmacia\\\/\"},{\"@type\":\"ListItem\",\"position\":3,\"name\":\"Solvenin\"}]},{\"@type\":\"WebSite\",\"@id\":\"https:\\\/\\\/www.clinicaalthea.com\\\/farmacia\\\/#website\",\"url\":\"https:\\\/\\\/www.clinicaalthea.com\\\/farmacia\\\/\",\"name\":\"Clinica Althea\",\"description\":\"\",\"publisher\":{\"@id\":\"https:\\\/\\\/www.clinicaalthea.com\\\/farmacia\\\/#organization\"},\"potentialAction\":[{\"@type\":\"SearchAction\",\"target\":{\"@type\":\"EntryPoint\",\"urlTemplate\":\"https:\\\/\\\/www.clinicaalthea.com\\\/farmacia\\\/?s={search_term_string}\"},\"query-input\":{\"@type\":\"PropertyValueSpecification\",\"valueRequired\":true,\"valueName\":\"search_term_string\"}}],\"inLanguage\":\"pl-PL\"},{\"@type\":\"Organization\",\"@id\":\"https:\\\/\\\/www.clinicaalthea.com\\\/farmacia\\\/#organization\",\"name\":\"Clinica Althea\",\"url\":\"https:\\\/\\\/www.clinicaalthea.com\\\/farmacia\\\/\",\"logo\":{\"@type\":\"ImageObject\",\"inLanguage\":\"pl-PL\",\"@id\":\"https:\\\/\\\/www.clinicaalthea.com\\\/farmacia\\\/#\\\/schema\\\/logo\\\/image\\\/\",\"url\":\"https:\\\/\\\/www.clinicaalthea.com\\\/farmacia\\\/wp-content\\\/uploads\\\/2023\\\/12\\\/Jak-diagnozuje-sie-FAS_-objawy-kryteria-diagnostyczne-i-metody-diagnozowania-154162903.jpg\",\"contentUrl\":\"https:\\\/\\\/www.clinicaalthea.com\\\/farmacia\\\/wp-content\\\/uploads\\\/2023\\\/12\\\/Jak-diagnozuje-sie-FAS_-objawy-kryteria-diagnostyczne-i-metody-diagnozowania-154162903.jpg\",\"width\":1216,\"height\":832,\"caption\":\"Clinica Althea\"},\"image\":{\"@id\":\"https:\\\/\\\/www.clinicaalthea.com\\\/farmacia\\\/#\\\/schema\\\/logo\\\/image\\\/\"}}]}<\/script>\n<!-- \/ Yoast SEO plugin. -->","yoast_head_json":{"title":"Solvenin - Clinica Althea","robots":{"index":"index","follow":"follow","max-snippet":"max-snippet:-1","max-image-preview":"max-image-preview:large","max-video-preview":"max-video-preview:-1"},"canonical":"https:\/\/www.clinicaalthea.com\/farmacia\/da\/apt\/solvenin\/","og_locale":"pl_PL","og_type":"article","og_title":"Solvenin - Clinica Althea","og_description":"649.00 kr 1298.00 kr","og_url":"https:\/\/www.clinicaalthea.com\/farmacia\/da\/apt\/solvenin\/","og_site_name":"Clinica Althea","article_modified_time":"2024-03-23T12:05:15+00:00","og_image":[{"width":768,"height":768,"url":"https:\/\/www.clinicaalthea.com\/farmacia\/wp-content\/uploads\/2024\/03\/Solvenin.jpg","type":"image\/jpeg"}],"twitter_card":"summary_large_image","twitter_misc":{"Szacowany czas czytania":"8 minut"},"schema":{"@context":"https:\/\/schema.org","@graph":[{"@type":"WebPage","@id":"https:\/\/www.clinicaalthea.com\/farmacia\/da\/apt\/solvenin\/","url":"https:\/\/www.clinicaalthea.com\/farmacia\/da\/apt\/solvenin\/","name":"Solvenin - Clinica Althea","isPartOf":{"@id":"https:\/\/www.clinicaalthea.com\/farmacia\/#website"},"primaryImageOfPage":{"@id":"https:\/\/www.clinicaalthea.com\/farmacia\/da\/apt\/solvenin\/#primaryimage"},"image":{"@id":"https:\/\/www.clinicaalthea.com\/farmacia\/da\/apt\/solvenin\/#primaryimage"},"thumbnailUrl":"https:\/\/www.clinicaalthea.com\/farmacia\/wp-content\/uploads\/2024\/03\/Solvenin.jpg","datePublished":"2024-03-23T12:04:12+00:00","dateModified":"2024-03-23T12:05:15+00:00","breadcrumb":{"@id":"https:\/\/www.clinicaalthea.com\/farmacia\/da\/apt\/solvenin\/#breadcrumb"},"inLanguage":"pl-PL","potentialAction":[{"@type":"ReadAction","target":["https:\/\/www.clinicaalthea.com\/farmacia\/da\/apt\/solvenin\/"]}]},{"@type":"ImageObject","inLanguage":"pl-PL","@id":"https:\/\/www.clinicaalthea.com\/farmacia\/da\/apt\/solvenin\/#primaryimage","url":"https:\/\/www.clinicaalthea.com\/farmacia\/wp-content\/uploads\/2024\/03\/Solvenin.jpg","contentUrl":"https:\/\/www.clinicaalthea.com\/farmacia\/wp-content\/uploads\/2024\/03\/Solvenin.jpg","width":768,"height":768,"caption":"Solvenin"},{"@type":"BreadcrumbList","@id":"https:\/\/www.clinicaalthea.com\/farmacia\/da\/apt\/solvenin\/#breadcrumb","itemListElement":[{"@type":"ListItem","position":1,"name":"Strona g\u0142\u00f3wna","item":"https:\/\/www.clinicaalthea.com\/farmacia\/"},{"@type":"ListItem","position":2,"name":"Produkty","item":"https:\/\/www.clinicaalthea.com\/farmacia\/"},{"@type":"ListItem","position":3,"name":"Solvenin"}]},{"@type":"WebSite","@id":"https:\/\/www.clinicaalthea.com\/farmacia\/#website","url":"https:\/\/www.clinicaalthea.com\/farmacia\/","name":"Clinica Althea","description":"","publisher":{"@id":"https:\/\/www.clinicaalthea.com\/farmacia\/#organization"},"potentialAction":[{"@type":"SearchAction","target":{"@type":"EntryPoint","urlTemplate":"https:\/\/www.clinicaalthea.com\/farmacia\/?s={search_term_string}"},"query-input":{"@type":"PropertyValueSpecification","valueRequired":true,"valueName":"search_term_string"}}],"inLanguage":"pl-PL"},{"@type":"Organization","@id":"https:\/\/www.clinicaalthea.com\/farmacia\/#organization","name":"Clinica Althea","url":"https:\/\/www.clinicaalthea.com\/farmacia\/","logo":{"@type":"ImageObject","inLanguage":"pl-PL","@id":"https:\/\/www.clinicaalthea.com\/farmacia\/#\/schema\/logo\/image\/","url":"https:\/\/www.clinicaalthea.com\/farmacia\/wp-content\/uploads\/2023\/12\/Jak-diagnozuje-sie-FAS_-objawy-kryteria-diagnostyczne-i-metody-diagnozowania-154162903.jpg","contentUrl":"https:\/\/www.clinicaalthea.com\/farmacia\/wp-content\/uploads\/2023\/12\/Jak-diagnozuje-sie-FAS_-objawy-kryteria-diagnostyczne-i-metody-diagnozowania-154162903.jpg","width":1216,"height":832,"caption":"Clinica Althea"},"image":{"@id":"https:\/\/www.clinicaalthea.com\/farmacia\/#\/schema\/logo\/image\/"}}]}},"lang":"da","translations":{"da":2160,"cs":2158,"sk":2161},"pll_sync_post":[],"_links":{"self":[{"href":"https:\/\/www.clinicaalthea.com\/farmacia\/wp-json\/wp\/v2\/product\/2160","targetHints":{"allow":["GET"]}}],"collection":[{"href":"https:\/\/www.clinicaalthea.com\/farmacia\/wp-json\/wp\/v2\/product"}],"about":[{"href":"https:\/\/www.clinicaalthea.com\/farmacia\/wp-json\/wp\/v2\/types\/product"}],"replies":[{"embeddable":true,"href":"https:\/\/www.clinicaalthea.com\/farmacia\/wp-json\/wp\/v2\/comments?post=2160"}],"wp:featuredmedia":[{"embeddable":true,"href":"https:\/\/www.clinicaalthea.com\/farmacia\/wp-json\/wp\/v2\/media\/2159"}],"wp:attachment":[{"href":"https:\/\/www.clinicaalthea.com\/farmacia\/wp-json\/wp\/v2\/media?parent=2160"}],"wp:term":[{"taxonomy":"product_brand","embeddable":true,"href":"https:\/\/www.clinicaalthea.com\/farmacia\/wp-json\/wp\/v2\/product_brand?post=2160"},{"taxonomy":"product_cat","embeddable":true,"href":"https:\/\/www.clinicaalthea.com\/farmacia\/wp-json\/wp\/v2\/product_cat?post=2160"},{"taxonomy":"product_tag","embeddable":true,"href":"https:\/\/www.clinicaalthea.com\/farmacia\/wp-json\/wp\/v2\/product_tag?post=2160"}],"curies":[{"name":"wp","href":"https:\/\/api.w.org\/{rel}","templated":true}]}}