{"id":2132,"date":"2024-03-23T10:34:35","date_gmt":"2024-03-23T09:34:35","guid":{"rendered":"https:\/\/mayoguide.org\/produkty\/?post_type=product&#038;p=2132"},"modified":"2024-03-23T10:37:47","modified_gmt":"2024-03-23T09:37:47","slug":"pure-health-booster","status":"publish","type":"product","link":"https:\/\/www.clinicaalthea.com\/farmacia\/et\/apt\/pure-health-booster\/","title":{"rendered":"Pure Health Booster"},"content":{"rendered":"\n\n<p><strong>Pure Health Booster<\/strong> on uuenduslikud transdermaalsed plaastrid, mis lubavad leevendada lihas- ja liigesevalu. Kuid kas need on t\u00f5esti t\u00f5husad? Kas nad suudavad pakkuda pikaajalist leevendust ja paremat mugavust? Uuri <strong>Pure Health Boosteri<\/strong> toime, koostise, kasutamise ja hinna kohta l\u00e4hemalt meie artiklist.<\/p>\n\n\n\n\n\n<h3 class=\"wp-block-heading\" id=\"h-kluczowe-informacje\">Peamised andmed:<\/h3>\n\n\n\n\n\n<ul class=\"wp-block-list\">\n\n<li><b>Pure Health Booster<\/b> on transdermaalne plaaster, mida kasutatakse lihas- ja liigesevalu leevendamiseks.<\/li>\n\n\n\n\n\n<li>Need looduslikud plaastrid on m\u00f5eldud toetama liigeste ja k\u00f5hrede taastumist.<\/li>\n\n\n\n\n\n<li>Pure Health Booster plaastrite kasutamine on lihtne &#8211; kleepige need lihtsalt valupiirkonnale ja j\u00e4tke need 24 tunniks peale.<\/li>\n\n\n\n\n\n<li>Pure Health Booster plaastrid v\u00f5ivad pakkuda mitmeid <b>eeliseid<\/b>, n\u00e4iteks v\u00e4hendada turset ja parandada liigeste liikuvust.<\/li>\n\n<\/ul>\n\n\n\n\n\n<h2 class=\"wp-block-heading\" id=\"h-co-to-jest-pure-health-booster-i-jak-dziala\">Mis on Pure Health Booster ja kuidas see toimib?<\/h2>\n\n\n\n\n\n<p>Pure Health Booster on uuenduslik <b>transdermaalne<\/b> plaaster, mis on m\u00f5eldud inimestele, kes kannatavad lihas- ja liigesevalu all. Need toimivad, toimetades toimeained otse kehasse l\u00e4bi naha. Pure Health Booster plaastrid on soojendava toimega ning leevendavad kiiresti valu ja ebamugavustunnet.<\/p>\n\n\n\n\n\n<p>Pure Health Booster plaastrites sisalduvad ained on m\u00f5eldud edendama liigesekoe taastumist, v\u00e4hendama p\u00f5letikku ja parandama liigeste liikuvust.<\/p>\n\n\n\n\n\n<h2 class=\"wp-block-heading\" id=\"h-korzysci-stosowania-pure-health-booster\">Pure Health Booster&#8217;i eelised<\/h2>\n\n\n\n\n\n<p>Pure Health Booster plaastrite regulaarsel <b>kasutamisel<\/b> on mitmeid <b>eeliseid<\/b> neile, kes kannatavad liigesevalu ja ebamugavustunde all. Nende hulka kuuluvad:<\/p>\n\n\n\n\n\n<ol class=\"wp-block-list\">\n\n<li><strong>Turse v\u00e4henemine:<\/strong> Pure Health Booster&#8217;i toimel saab v\u00e4hendada turset liigeste \u00fcmber, pakkudes leevendust ja parandades mugavust.<\/li>\n\n\n\n\n\n<li><strong>Kollageeni tootmise suurenemine liigestes:<\/strong> Pure Health Boosteri toimeained toetavad kollageeni tootmist, mis on oluline liigeste ja liigesek\u00f5hre taastumiseks.<\/li>\n\n\n\n\n\n<li><strong>Valu<\/strong> (sealhulgas kroonilise<strong>valu) k\u00f5rvaldamine<\/strong><em>:<\/em> T\u00e4nu oma valuvaigistavale toimele v\u00f5ivad Pure Health Booster plaastrid t\u00f5husalt leevendada erinevaid liigesevalu, sealhulgas kroonilist valu.<\/li>\n\n\n\n\n\n<li><strong>Skeleti- ja vereringeelundkonna toetamine:<\/strong> Pure Health Booster&#8217;i kasutamine v\u00f5ib aidata parandada skeleti- ja vereringes\u00fcsteemi, mis m\u00f5jutab positiivselt liigeste liikuvust.<\/li>\n\n\n\n\n\n<li><strong>Liigeste liikuvuse parandamine:<\/strong> T\u00e4nu taastavale toimele v\u00f5ivad Pure Health Booster plaastrid aidata taastada ja parandada liigeste loomulikku liikuvust.<\/li>\n\n<\/ol>\n\n\n\n\n\n<p>Pure Health Booster&#8217;i kasutamine v\u00f5ib olla pikaajaline <b>kasu<\/b> neile, kes v\u00f5itlevad liigesevalu vastu, aidates kaasa liigeste taastumisele ja parandades igap\u00e4evast mugavust.<\/p>\n\n\n\n\n\n<h2 class=\"wp-block-heading\" id=\"h-jak-stosowac-pure-health-booster\">Kuidas kasutada Pure Health Booster&#8217;i<\/h2>\n\n\n\n\n\n<p>Pure Health Booster&#8217;i kasutamine on \u00e4\u00e4rmiselt lihtne ja mugav. Lihtsalt kandke plaaster otse valualale ja selles sisalduvad toimeained aitavad leevendada ebamugavustunnet. Enne plaastri pealekandmist veenduge, et teie nahk on puhas ja kuiv, et tagada parim haardumine. Seej\u00e4rel asetage plaaster ettevaatlikult nahale ja j\u00e4tke see 24 tunniks paika.<\/p>\n\n\n\n\n\n<p>Selle aja m\u00f6\u00f6dudes v\u00f5ite tunda kohest leevendust lihas- ja liigesevalu puhul. Pure Health Booster toimib s\u00fcsteemselt, toimetades toimeained otse l\u00e4bi naha ebamugavustundest m\u00f5jutatud piirkondadesse. See t\u00e4iustatud transdermaalne lahendus v\u00f5imaldab liigeste ja liigesek\u00f5hre pikaajalist regenereerimist.<\/p>\n\n\n\n\n\n<p>Optimaalse raviefekti s\u00e4ilitamiseks on oluline kasutada Pure Health Booster plaastreid regulaarselt. Soovitatav on kleepida \u00fcks plaaster 24 tunniks iga 3 p\u00e4eva tagant. Regulaarne kasutamine tagab teile pikaajalise valu leevendamise ning toetab lihaste ja liigeste taastumist.<\/p>\n\n\n\n\n\n<h2 class=\"wp-block-heading\" id=\"h-zalety-i-wady-pure-health-booster\">Pure Health Booster&#8217;i eelised ja puudused<\/h2>\n\n\n\n\n\n<p>Pure Health Boosteril on mitmeid eeliseid, mis meelitavad lihas- ja liigesevaludega v\u00f5itlevaid kasutajaid. \u00dcks peamisi eeliseid on uuenduslik transdermaalne tehnoloogia, mille puhul toimeained toimetatakse otse kehasse l\u00e4bi naha. Nii v\u00e4lditakse maksale ja seedes\u00fcsteemile avalduvat koormust, mis sageli tekib suukaudsete toidulisandite v\u00f5tmisel.<\/p>\n\n\n\n\n\n<p>Pure Health Booster plaastrite kasutamine on lihtne ja meeldiv. Lihtsalt kleepige plaaster valulikule piirkonnale ja toimeained hakkavad m\u00f5juma. Ei ole vaja v\u00f5tta tablette ega vedelikku. See on mugav lahendus inimestele, kellel on raskusi neelamisega v\u00f5i kellel tekib ebamugavustunne suukaudsete preparaatide v\u00f5tmisel.<\/p>\n\n\n\n\n\n<p>Pure Health Boosteri teine eelis on selle looduslik koostis. Plaastrite koostises on kasutatud looduslikke koostisosi, nagu Brasiilia \u017een\u0161enni ekstrakt, goji marja ekstrakt, Korea \u017een\u0161enni ekstrakt ja Damiana \u00fcrdi ekstrakt. See tagab, et me ei varusta keha tarbetute kemikaalidega.<\/p>\n\n\n\n\n\n<p>Pure Health Booster&#8217;i oluline eelis on kiire valu leevendamine. Plaastritel on soojendav toime, mis t\u00e4hendab, et need leevendavad kiiresti valu ja ebamugavustunnet. See on eriti oluline inimestele, kes kannatavad krooniliste <b>liigese-<\/b> ja lihasvalude all.<\/p>\n\n\n\n\n\n<p>Pure Health Booster k\u00f5rvaldab ka liigese j\u00e4ikus. Regulaarne kasutamine aitab taastada liigeste t\u00e4ieliku liikuvuse, nii et saate nautida f\u00fc\u00fcsilist tegevust ilma ebamugavustundeta.<\/p>\n\n\n\n\n\n<p>Pure Health Booster plaastrid on ka diskreetselt kasutatavad. Neid saab kanda kogu p\u00e4eva riiete all, andmata v\u00e4lja, et te saate kasu m\u00f5nest ravist v\u00f5i toidulisandist. See on eriti oluline inimestele, kes hindavad privaatsust ja ei taha teistele oma liigeseprobleemidest teada anda.<\/p>\n\n\n\n\n\n<p>Nagu igal tootel, on ka Pure Health Boostersil m\u00f5ned <b>puudused<\/b>. \u00dcks neist on see, et need on saadaval ainult internetis. Neid ei saa osta traditsioonilistest apteekidest. See v\u00f5ib olla ebameeldiv inimestele, kes eelistavad osta kaupluses v\u00f5i vajavad toodet kohe.<\/p>\n\n\n\n\n\n<p>Teine Pure Health Boosteri puudus on see, et see ei pruugi sobida v\u00e4ga tundlikule nahale. Need, kellel on \u00fclitundlik nahk, peaksid enne plaastri kasutamise alustamist konsulteerima arstiga.<\/p>\n\n\n\n\n\n<p>Vaatamata nendele puudustele on Pure Health Booster siiski populaarne ja seda hindavad kasutajad, kes on kogenud plaastri regulaarsest kasutamisest saadavat kasu. Kahtluse korral on soovitatav enne mis tahes toidulisandi v\u00f5i ravi alustamist konsulteerida arstiga.<\/p>\n\n\n\n\n\n<h2 class=\"wp-block-heading\" id=\"h-skutki-uboczne-i-przeciwwskazania-pure-health-booster\">Pure Health Boosteri k\u00f5rvaltoimed ja vastun\u00e4idustused<\/h2>\n\n\n\n\n\n<p>Pure Health Booster on uuenduslik ja ohutu viis lihas- ja liigesevalu leevendamiseks. Koostatud looduslikest koostisosadest, ei ole Pure Health Booster&#8217;i kasutamisel teadaolevaid k\u00f5rvalm\u00f5jusid organismile. Siiski kontrollige alati <b>koostisosi<\/b> ja lugege enne kasutamist infolehte, et v\u00e4listada allergia v\u00f5i \u00fclitundlikkus m\u00f5ne koostisosa suhtes.<\/p>\n\n\n\n\n\n<p>Pure Health Booster on vastun\u00e4idustatud kasutamiseks v\u00e4ga tundlikul nahal. Oluline on tagada, et nahk oleks puhas ja kuiv ning et enne plaastri pealekandmist ei oleks haavu ega \u00e4rritusi. \u00dclitundliku nahaga inimesed peaksid enne toote kasutamist konsulteerima arstiga.<\/p>\n\n\n\n\n\n<p>Samuti peaksid rasedad ja rinnaga toitvad naised v\u00e4ltima Pure Health Booster&#8217;i kasutamist, kuna puuduvad piisavad uuringud koostisosade m\u00f5ju kohta loote arengule ning <b>m\u00f5ju<\/b> kohta ema ja lapse organismile.<\/p>\n\n\n\n\n\n<p>Kui teil on mingeid kahtlusi v\u00f5i muresid, on alati soovitatav enne Pure Health Boosteri kasutamist konsulteerida oma arstiga. Asjakohane spetsialist suudab hinnata v\u00f5imalikke riske ja soovitada ohutut <b>tegutsemisviisi<\/b> patsiendi individuaalse olukorra kontekstis.<\/p>\n\n\n\n\n\n<h2 class=\"wp-block-heading\" id=\"h-sklad-pure-health-booster\">Pure Health Boosteri koostis<\/h2>\n\n\n\n\n\n<p>Pure Health Booster on uuenduslik transdermaalne plaaster, mis sisaldab luu- ja lihaskonna normaalseks toimimiseks vajalikke looduslikke koostisosi. T\u00e4nu oma ainulaadsele koostisele toetab Pure Health Booster t\u00f5husalt liigeste ja k\u00f5hrede taastumist, k\u00f5rvaldab valu ja parandab mugavust.<\/p>\n\n\n\n\n\n<blockquote class=\"wp-block-quote is-layout-flow wp-block-quote-is-layout-flow\">\n\n<p>Pure Health Boosteri koostis sisaldab j\u00e4rgmisi looduslikke koostisosi:<\/p>\n\n<\/blockquote>\n\n\n\n\n\n<ul class=\"wp-block-list\">\n\n<li><strong>Brasiilia \u017een\u0161enni ekstrakt:<\/strong> Tugev adaptogeen, mis soodustab lihas- ja liigesekoe taastumist ning leevendab valu.<\/li>\n\n\n\n\n\n<li><strong>Goji marja ekstrakt:<\/strong> Rikkalikult antioks\u00fcdante, vitamiine ja mineraalaineid, mis toetab liigeste regenereerimist ja parandab liigeste paindlikkust.<\/li>\n\n\n\n\n\n<li><strong>Korea \u017een\u0161enni ekstrakt:<\/strong> Suurendab verevoolu, soodustab liigesekoe regenereerimist ja v\u00e4hendab p\u00f5letikku.<\/li>\n\n\n\n\n\n<li><strong>Damiana \u00fcrdi ekstrakt:<\/strong> Toetab lihaste ja liigeste regenereerimist, leevendab valu ja parandab luu- ja lihaskonna \u00fcldist seisundit.<\/li>\n\n<\/ul>\n\n\n\n\n\n<p>Lisaks nendele koostisosadele sisaldavad Pure Health Booster plaastrid ka teisi v\u00e4\u00e4rtuslikke aineid, nagu muskaat\u00f5is, muira puama koore ekstrakt ja ginkgo biloba, mis parandavad veelgi liigeste mugavust ja regenereerimist.<\/p>\n\n\n\n\n\n<h2 class=\"wp-block-heading\" id=\"h-opinie-i-komentarze-uzytkownikow-o-pure-health-booster\">Kasutajate arvustused ja kommentaarid Pure Health Booster&#8217;i kohta<\/h2>\n\n\n\n\n\n<p>Pure Health Booster kasutajate<b>hinnangud<\/b> on v\u00e4ga positiivsed, kinnitades selle t\u00f5husust ja k\u00f5rget kvaliteeti. <b>Kasutajad<\/b> kiidavad toote <b>tulemuslikkust<\/b> ja plaastri kasutamise lihtsust. Pure Health Booster&#8217;i kasutamine pakub kiiret leevendust lihas- ja liigesevalu puhul, v\u00f5imaldades parandada elukvaliteeti.<\/p>\n\n\n\n\n\n<blockquote class=\"wp-block-quote is-layout-flow wp-block-quote-is-layout-flow\">\n\n<p><em>Pure Health Booster on olnud absoluutne revolutsioon minu igap\u00e4evaelus! Trenni tegemine muutis mu liigesed \u00fclev\u00e4sinuks ja valulikuks, kuid need plaastrid on mu elu muutnud. Nende looduslik koostis ja t\u00f5husus on m\u00e4rkimisv\u00e4\u00e4rne. Lisaks teeb nende lihtne pealekandmine ravi nauditavaks. N\u00fc\u00fcd saan j\u00e4lle aktiivselt aega veeta oma pere ja s\u00f5pradega, ilma et peaksin valu p\u00e4rast muretsema! Soovitan seda v\u00e4ga!<\/em><\/p>\n\n<\/blockquote>\n\n\n\n\n\n<blockquote class=\"wp-block-quote is-layout-flow wp-block-quote-is-layout-flow\">\n\n<p><em>Pure Health Booster on minu jaoks t\u00f5eline elup\u00e4\u00e4stja! Olin pikka aega kannatanud kroonilise liigesevalu all, mis piiras oluliselt minu f\u00fc\u00fcsilist aktiivsust. P\u00e4rast nende plaastrite kasutamist m\u00e4rkasin kohest leevendust ja regulaarne kasutamine on toonud pikaajalisi tulemusi. N\u00fc\u00fcd saan nautida elu ilma h\u00e4irivate vaevusteta! Soovitan k\u00f5igile, kes v\u00f5itlevad sarnaste probleemidega.<\/em><\/p>\n\n<\/blockquote>\n\n\n\n\n\n<p>Paljud Pure Health Boosteri kasutajad on n\u00e4inud positiivseid tulemusi kasutamisel, mis on ajendanud neid j\u00f5udma rohkemate plaastrite pakendite j\u00e4rele. Pure Health Boosteri kasutamine on laialt levinud lihaste ja liigesehaiguste all kannatavate inimeste seas, kes soovivad saada kasu looduslikust ja t\u00f5husast lahendusest.<\/p>\n\n\n\n\n\n<p>Kasutajate <b>\u00fclevaated<\/b> ja <b>iseloomustused<\/b> on Pure Health Boosterist huvitatutele tugevaks tugipunktiks, mis annab kindlustunde selle toote t\u00f5hususe ja kvaliteedi suhtes.<\/p>\n\n\n\n\n\n<h2 class=\"wp-block-heading\" id=\"h-gdzie-kupic-pure-health-booster\">Kust osta Pure Health Booster<\/h2>\n\n\n\n\n\n<p>Pure Health Booster plaastreid saab osta ilma retseptita ainult tootja ametliku veebisaidi kaudu. \u00c4rge unustage v\u00e4ltida kahtlasi allikaid ja kasutage ainult ametlikku saiti, et olla kindel toote originaalsuses. Samuti peaksite v\u00e4ltima apteekidest ostmist, kuna Pure Health Booster ei ole traditsioonilistes m\u00fc\u00fcgikohtades saadaval.<\/p>\n\n\n\n\n\n<h2 class=\"wp-block-heading\" id=\"h-cena-pure-health-booster\">Pure Health Booster hind<\/h2>\n\n\n\n\n\n<p>Pure Health Booster on uuenduslik transdermaalne plaaster, mis on loodud inimestele, kes kannatavad lihas- ja liigesevalu all. Toote hind s\u00f5ltub kehtivatest sooduspakkumistest. Tootja veebilehel on saadaval erinevad kampaaniad ja atraktiivsed pakkumised suuremate koguste pakendite <b>ostmiseks<\/b>, mis v\u00f5imaldab teil oma ostu pealt s\u00e4\u00e4sta. Neid sooduspakkumisi tasub \u00e4ra kasutada, et saaksite j\u00e4tkata plaastri regulaarset kasutamist ja nautida pikaajalist kasu.<\/p>\n\n\n\n\n\n<p>Oluline on v\u00e4ltida toidulisandite ja meditsiiniseadmete ostmist kahtlastest allikatest, sest need v\u00f5ivad olla v\u00f5ltsingud v\u00f5i ebat\u00f5husad tooted. Soovitame <b>osta<\/b> ainult tootja ametliku veebisaidi kaudu, et olla kindel toote originaalsuses ja t\u00f5hususes.<\/p>\n\n","protected":false},"excerpt":{"rendered":"<p><strong>61.00 \u20ac<\/strong><\/p>\n<p><del>122.00 \u20ac<\/del><\/p>\n<p><strong>[date_countdown]<\/strong><\/p>\n","protected":false},"featured_media":2127,"comment_status":"open","ping_status":"closed","template":"","meta":{"neve_meta_sidebar":"","neve_meta_container":"","neve_meta_enable_content_width":"","neve_meta_content_width":0,"neve_meta_title_alignment":"","neve_meta_author_avatar":"","neve_post_elements_order":"","neve_meta_disable_header":"","neve_meta_disable_footer":"","neve_meta_disable_title":"","neve_meta_reading_time":""},"product_brand":[],"product_cat":[201],"product_tag":[],"class_list":{"0":"post-2132","1":"product","2":"type-product","3":"status-publish","4":"has-post-thumbnail","6":"product_cat-tervis","8":"first","9":"instock","10":"shipping-taxable","11":"product-type-external"},"yoast_head":"<!-- This site is optimized with the Yoast SEO plugin v27.4 - https:\/\/yoast.com\/product\/yoast-seo-wordpress\/ -->\n<title>Pure Health Booster - Clinica Althea<\/title>\n<meta name=\"robots\" content=\"index, follow, max-snippet:-1, max-image-preview:large, max-video-preview:-1\" \/>\n<link rel=\"canonical\" href=\"https:\/\/www.clinicaalthea.com\/farmacia\/et\/apt\/pure-health-booster\/\" \/>\n<meta property=\"og:locale\" content=\"pl_PL\" \/>\n<meta property=\"og:type\" content=\"article\" \/>\n<meta property=\"og:title\" content=\"Pure Health Booster - Clinica Althea\" \/>\n<meta property=\"og:description\" content=\"61.00 \u20ac 122.00 \u20ac\" \/>\n<meta property=\"og:url\" content=\"https:\/\/www.clinicaalthea.com\/farmacia\/et\/apt\/pure-health-booster\/\" \/>\n<meta property=\"og:site_name\" content=\"Clinica Althea\" \/>\n<meta property=\"article:modified_time\" content=\"2024-03-23T09:37:47+00:00\" \/>\n<meta property=\"og:image\" content=\"https:\/\/www.clinicaalthea.com\/farmacia\/wp-content\/uploads\/2024\/03\/Pure-Health-Booster.jpg\" \/>\n\t<meta property=\"og:image:width\" content=\"768\" \/>\n\t<meta property=\"og:image:height\" content=\"768\" \/>\n\t<meta property=\"og:image:type\" content=\"image\/jpeg\" \/>\n<meta name=\"twitter:card\" content=\"summary_large_image\" \/>\n<meta name=\"twitter:label1\" content=\"Szacowany czas czytania\" \/>\n\t<meta name=\"twitter:data1\" content=\"8 minut\" \/>\n<script type=\"application\/ld+json\" class=\"yoast-schema-graph\">{\"@context\":\"https:\\\/\\\/schema.org\",\"@graph\":[{\"@type\":\"WebPage\",\"@id\":\"https:\\\/\\\/www.clinicaalthea.com\\\/farmacia\\\/et\\\/apt\\\/pure-health-booster\\\/\",\"url\":\"https:\\\/\\\/www.clinicaalthea.com\\\/farmacia\\\/et\\\/apt\\\/pure-health-booster\\\/\",\"name\":\"Pure Health Booster - Clinica Althea\",\"isPartOf\":{\"@id\":\"https:\\\/\\\/www.clinicaalthea.com\\\/farmacia\\\/#website\"},\"primaryImageOfPage\":{\"@id\":\"https:\\\/\\\/www.clinicaalthea.com\\\/farmacia\\\/et\\\/apt\\\/pure-health-booster\\\/#primaryimage\"},\"image\":{\"@id\":\"https:\\\/\\\/www.clinicaalthea.com\\\/farmacia\\\/et\\\/apt\\\/pure-health-booster\\\/#primaryimage\"},\"thumbnailUrl\":\"https:\\\/\\\/www.clinicaalthea.com\\\/farmacia\\\/wp-content\\\/uploads\\\/2024\\\/03\\\/Pure-Health-Booster.jpg\",\"datePublished\":\"2024-03-23T09:34:35+00:00\",\"dateModified\":\"2024-03-23T09:37:47+00:00\",\"breadcrumb\":{\"@id\":\"https:\\\/\\\/www.clinicaalthea.com\\\/farmacia\\\/et\\\/apt\\\/pure-health-booster\\\/#breadcrumb\"},\"inLanguage\":\"pl-PL\",\"potentialAction\":[{\"@type\":\"ReadAction\",\"target\":[\"https:\\\/\\\/www.clinicaalthea.com\\\/farmacia\\\/et\\\/apt\\\/pure-health-booster\\\/\"]}]},{\"@type\":\"ImageObject\",\"inLanguage\":\"pl-PL\",\"@id\":\"https:\\\/\\\/www.clinicaalthea.com\\\/farmacia\\\/et\\\/apt\\\/pure-health-booster\\\/#primaryimage\",\"url\":\"https:\\\/\\\/www.clinicaalthea.com\\\/farmacia\\\/wp-content\\\/uploads\\\/2024\\\/03\\\/Pure-Health-Booster.jpg\",\"contentUrl\":\"https:\\\/\\\/www.clinicaalthea.com\\\/farmacia\\\/wp-content\\\/uploads\\\/2024\\\/03\\\/Pure-Health-Booster.jpg\",\"width\":768,\"height\":768,\"caption\":\"Pure Health Booster\"},{\"@type\":\"BreadcrumbList\",\"@id\":\"https:\\\/\\\/www.clinicaalthea.com\\\/farmacia\\\/et\\\/apt\\\/pure-health-booster\\\/#breadcrumb\",\"itemListElement\":[{\"@type\":\"ListItem\",\"position\":1,\"name\":\"Strona g\u0142\u00f3wna\",\"item\":\"https:\\\/\\\/www.clinicaalthea.com\\\/farmacia\\\/\"},{\"@type\":\"ListItem\",\"position\":2,\"name\":\"Produkty\",\"item\":\"https:\\\/\\\/www.clinicaalthea.com\\\/farmacia\\\/\"},{\"@type\":\"ListItem\",\"position\":3,\"name\":\"Pure Health Booster\"}]},{\"@type\":\"WebSite\",\"@id\":\"https:\\\/\\\/www.clinicaalthea.com\\\/farmacia\\\/#website\",\"url\":\"https:\\\/\\\/www.clinicaalthea.com\\\/farmacia\\\/\",\"name\":\"Clinica Althea\",\"description\":\"\",\"publisher\":{\"@id\":\"https:\\\/\\\/www.clinicaalthea.com\\\/farmacia\\\/#organization\"},\"potentialAction\":[{\"@type\":\"SearchAction\",\"target\":{\"@type\":\"EntryPoint\",\"urlTemplate\":\"https:\\\/\\\/www.clinicaalthea.com\\\/farmacia\\\/?s={search_term_string}\"},\"query-input\":{\"@type\":\"PropertyValueSpecification\",\"valueRequired\":true,\"valueName\":\"search_term_string\"}}],\"inLanguage\":\"pl-PL\"},{\"@type\":\"Organization\",\"@id\":\"https:\\\/\\\/www.clinicaalthea.com\\\/farmacia\\\/#organization\",\"name\":\"Clinica Althea\",\"url\":\"https:\\\/\\\/www.clinicaalthea.com\\\/farmacia\\\/\",\"logo\":{\"@type\":\"ImageObject\",\"inLanguage\":\"pl-PL\",\"@id\":\"https:\\\/\\\/www.clinicaalthea.com\\\/farmacia\\\/#\\\/schema\\\/logo\\\/image\\\/\",\"url\":\"https:\\\/\\\/www.clinicaalthea.com\\\/farmacia\\\/wp-content\\\/uploads\\\/2023\\\/12\\\/Jak-diagnozuje-sie-FAS_-objawy-kryteria-diagnostyczne-i-metody-diagnozowania-154162903.jpg\",\"contentUrl\":\"https:\\\/\\\/www.clinicaalthea.com\\\/farmacia\\\/wp-content\\\/uploads\\\/2023\\\/12\\\/Jak-diagnozuje-sie-FAS_-objawy-kryteria-diagnostyczne-i-metody-diagnozowania-154162903.jpg\",\"width\":1216,\"height\":832,\"caption\":\"Clinica Althea\"},\"image\":{\"@id\":\"https:\\\/\\\/www.clinicaalthea.com\\\/farmacia\\\/#\\\/schema\\\/logo\\\/image\\\/\"}}]}<\/script>\n<!-- \/ Yoast SEO plugin. -->","yoast_head_json":{"title":"Pure Health Booster - Clinica Althea","robots":{"index":"index","follow":"follow","max-snippet":"max-snippet:-1","max-image-preview":"max-image-preview:large","max-video-preview":"max-video-preview:-1"},"canonical":"https:\/\/www.clinicaalthea.com\/farmacia\/et\/apt\/pure-health-booster\/","og_locale":"pl_PL","og_type":"article","og_title":"Pure Health Booster - Clinica Althea","og_description":"61.00 \u20ac 122.00 \u20ac","og_url":"https:\/\/www.clinicaalthea.com\/farmacia\/et\/apt\/pure-health-booster\/","og_site_name":"Clinica Althea","article_modified_time":"2024-03-23T09:37:47+00:00","og_image":[{"width":768,"height":768,"url":"https:\/\/www.clinicaalthea.com\/farmacia\/wp-content\/uploads\/2024\/03\/Pure-Health-Booster.jpg","type":"image\/jpeg"}],"twitter_card":"summary_large_image","twitter_misc":{"Szacowany czas czytania":"8 minut"},"schema":{"@context":"https:\/\/schema.org","@graph":[{"@type":"WebPage","@id":"https:\/\/www.clinicaalthea.com\/farmacia\/et\/apt\/pure-health-booster\/","url":"https:\/\/www.clinicaalthea.com\/farmacia\/et\/apt\/pure-health-booster\/","name":"Pure Health Booster - Clinica Althea","isPartOf":{"@id":"https:\/\/www.clinicaalthea.com\/farmacia\/#website"},"primaryImageOfPage":{"@id":"https:\/\/www.clinicaalthea.com\/farmacia\/et\/apt\/pure-health-booster\/#primaryimage"},"image":{"@id":"https:\/\/www.clinicaalthea.com\/farmacia\/et\/apt\/pure-health-booster\/#primaryimage"},"thumbnailUrl":"https:\/\/www.clinicaalthea.com\/farmacia\/wp-content\/uploads\/2024\/03\/Pure-Health-Booster.jpg","datePublished":"2024-03-23T09:34:35+00:00","dateModified":"2024-03-23T09:37:47+00:00","breadcrumb":{"@id":"https:\/\/www.clinicaalthea.com\/farmacia\/et\/apt\/pure-health-booster\/#breadcrumb"},"inLanguage":"pl-PL","potentialAction":[{"@type":"ReadAction","target":["https:\/\/www.clinicaalthea.com\/farmacia\/et\/apt\/pure-health-booster\/"]}]},{"@type":"ImageObject","inLanguage":"pl-PL","@id":"https:\/\/www.clinicaalthea.com\/farmacia\/et\/apt\/pure-health-booster\/#primaryimage","url":"https:\/\/www.clinicaalthea.com\/farmacia\/wp-content\/uploads\/2024\/03\/Pure-Health-Booster.jpg","contentUrl":"https:\/\/www.clinicaalthea.com\/farmacia\/wp-content\/uploads\/2024\/03\/Pure-Health-Booster.jpg","width":768,"height":768,"caption":"Pure Health Booster"},{"@type":"BreadcrumbList","@id":"https:\/\/www.clinicaalthea.com\/farmacia\/et\/apt\/pure-health-booster\/#breadcrumb","itemListElement":[{"@type":"ListItem","position":1,"name":"Strona g\u0142\u00f3wna","item":"https:\/\/www.clinicaalthea.com\/farmacia\/"},{"@type":"ListItem","position":2,"name":"Produkty","item":"https:\/\/www.clinicaalthea.com\/farmacia\/"},{"@type":"ListItem","position":3,"name":"Pure Health Booster"}]},{"@type":"WebSite","@id":"https:\/\/www.clinicaalthea.com\/farmacia\/#website","url":"https:\/\/www.clinicaalthea.com\/farmacia\/","name":"Clinica Althea","description":"","publisher":{"@id":"https:\/\/www.clinicaalthea.com\/farmacia\/#organization"},"potentialAction":[{"@type":"SearchAction","target":{"@type":"EntryPoint","urlTemplate":"https:\/\/www.clinicaalthea.com\/farmacia\/?s={search_term_string}"},"query-input":{"@type":"PropertyValueSpecification","valueRequired":true,"valueName":"search_term_string"}}],"inLanguage":"pl-PL"},{"@type":"Organization","@id":"https:\/\/www.clinicaalthea.com\/farmacia\/#organization","name":"Clinica Althea","url":"https:\/\/www.clinicaalthea.com\/farmacia\/","logo":{"@type":"ImageObject","inLanguage":"pl-PL","@id":"https:\/\/www.clinicaalthea.com\/farmacia\/#\/schema\/logo\/image\/","url":"https:\/\/www.clinicaalthea.com\/farmacia\/wp-content\/uploads\/2023\/12\/Jak-diagnozuje-sie-FAS_-objawy-kryteria-diagnostyczne-i-metody-diagnozowania-154162903.jpg","contentUrl":"https:\/\/www.clinicaalthea.com\/farmacia\/wp-content\/uploads\/2023\/12\/Jak-diagnozuje-sie-FAS_-objawy-kryteria-diagnostyczne-i-metody-diagnozowania-154162903.jpg","width":1216,"height":832,"caption":"Clinica Althea"},"image":{"@id":"https:\/\/www.clinicaalthea.com\/farmacia\/#\/schema\/logo\/image\/"}}]}},"lang":"et","translations":{"et":2132,"fr":2128,"cs":2126,"hu":2129,"sk":2130,"bg":2131,"fi":2133,"sl":2134},"pll_sync_post":[],"_links":{"self":[{"href":"https:\/\/www.clinicaalthea.com\/farmacia\/wp-json\/wp\/v2\/product\/2132","targetHints":{"allow":["GET"]}}],"collection":[{"href":"https:\/\/www.clinicaalthea.com\/farmacia\/wp-json\/wp\/v2\/product"}],"about":[{"href":"https:\/\/www.clinicaalthea.com\/farmacia\/wp-json\/wp\/v2\/types\/product"}],"replies":[{"embeddable":true,"href":"https:\/\/www.clinicaalthea.com\/farmacia\/wp-json\/wp\/v2\/comments?post=2132"}],"wp:featuredmedia":[{"embeddable":true,"href":"https:\/\/www.clinicaalthea.com\/farmacia\/wp-json\/wp\/v2\/media\/2127"}],"wp:attachment":[{"href":"https:\/\/www.clinicaalthea.com\/farmacia\/wp-json\/wp\/v2\/media?parent=2132"}],"wp:term":[{"taxonomy":"product_brand","embeddable":true,"href":"https:\/\/www.clinicaalthea.com\/farmacia\/wp-json\/wp\/v2\/product_brand?post=2132"},{"taxonomy":"product_cat","embeddable":true,"href":"https:\/\/www.clinicaalthea.com\/farmacia\/wp-json\/wp\/v2\/product_cat?post=2132"},{"taxonomy":"product_tag","embeddable":true,"href":"https:\/\/www.clinicaalthea.com\/farmacia\/wp-json\/wp\/v2\/product_tag?post=2132"}],"curies":[{"name":"wp","href":"https:\/\/api.w.org\/{rel}","templated":true}]}}