{"id":2119,"date":"2024-03-23T09:47:52","date_gmt":"2024-03-23T08:47:52","guid":{"rendered":"https:\/\/mayoguide.org\/produkty\/?post_type=product&#038;p=2119"},"modified":"2024-03-23T09:49:25","modified_gmt":"2024-03-23T08:49:25","slug":"promagnetin","status":"publish","type":"product","link":"https:\/\/www.clinicaalthea.com\/farmacia\/it\/apt\/promagnetin\/","title":{"rendered":"Promagnetin"},"content":{"rendered":"\n<p>Le<b>solette magnetiche<\/b> <b>Promagnetin<\/b> sono una soluzione innovativa per chi soffre di <b>dolori ai piedi<\/b>. Possono davvero dare sollievo e migliorare il comfort? Come funzionano e quali benefici apportano? Scopriamolo.<\/p>\n\n\n\n<h3 class=\"wp-block-heading\" id=\"h-kluczowe-informacje\">Informazioni chiave:<\/h3>\n\n\n\n<ul class=\"wp-block-list\">\n<li>Le<b>solette magnetiche<\/b> <b>Promagnetin<\/b> sono una soluzione innovativa per chi soffre di dolore ai piedi.<\/li>\n\n\n\n<li>Funzionano sfruttando le propriet\u00e0 magnetiche.<\/li>\n\n\n\n<li>Migliorano la circolazione, riducono il dolore e l&#8217;affaticamento e favoriscono il recupero.<\/li>\n\n\n\n<li>Possono essere utilizzate da persone di qualsiasi et\u00e0, ma \u00e8 consigliabile consultare un medico prima di iniziare il trattamento.<\/li>\n\n\n\n<li>Il<b>feedback di specialisti<\/b> e clienti conferma l&#8217;efficacia delle solette <b>Promagnetin<\/b>.<\/li>\n<\/ul>\n\n\n\n<h2 class=\"wp-block-heading\" id=\"h-jak-dzialaja-wkladki-promagnetin\">Come funzionano i plantari Promagnetin?<\/h2>\n\n\n\n<p>Le<b>solette<\/b> Promagnetin funzionano in diversi modi. Grazie ai magneti incorporati nelle solette, sentiamo un contatto naturale con il campo biomagnetico della Terra, che ha un effetto positivo sulla nostra salute e sul nostro benessere. Le solette massaggiano i piedi durante la camminata, contribuendo a rilassare i muscoli, a ridurre la fatica e ad ammortizzare la pressione. Inoltre, contribuiscono a migliorare la circolazione, a ridurre il dolore e i crampi alle gambe e a favorire la ventilazione del piede.<\/p>\n\n\n\n<p>Vediamo pi\u00f9 da vicino come funzionano le solette Promagnetin:<\/p>\n\n\n\n<ul class=\"wp-block-list\">\n<li>Altamente efficaci &#8211; i magneti presenti nelle solette mantengono un contatto costante con il piede, agendo direttamente sulle aree di dolore per un rapido sollievo.<\/li>\n\n\n\n<li>Stimolazione delle terminazioni nervose &#8211; le <b>solette Promagnetin<\/b> stimolano i recettori nervosi dei piedi, contribuendo al rilassamento muscolare e alla sensazione di comfort.<\/li>\n\n\n\n<li>Campo biomagnetico terrestre &#8211; i magneti presenti nelle solette creano un&#8217;interazione magnetica naturale che ha un effetto benefico sul funzionamento del corpo e migliora il benessere generale.<\/li>\n\n\n\n<li>Riduzione del dolore e dell&#8217;affaticamento &#8211; le solette massaggiano i piedi durante il movimento, contribuendo a ridurre il disagio, l&#8217;affaticamento e l&#8217;infiammazione.<\/li>\n\n\n\n<li>Ammortizzazione della pressione &#8211; la speciale sagomatura delle solette Promagnetin offre un&#8217;efficace ammortizzazione dei piedi, riducendo le sollecitazioni articolari e il rischio di lesioni.<\/li>\n\n\n\n<li>Miglioramento della circolazione &#8211; le <b>solette Promagnetin<\/b> favoriscono un corretto flusso sanguigno, migliorando l&#8217;ossigenazione e la nutrizione dei tessuti.<\/li>\n<\/ul>\n\n\n\n<p>Le solette Promagnetin funzionano in modo efficace e sicuro, portando sollievo dal dolore ai piedi e migliorando il comfort generale. Le loro soluzioni innovative, basate sull&#8217;azione magnetica, stanno guadagnando popolarit\u00e0 tra le persone affette da vari disturbi.<\/p>\n\n\n\n<h2 class=\"wp-block-heading\" id=\"h-trzy-fazy-dzialania-wkladek-magnetycznych-promagnetin\">Le tre fasi d&#8217;azione delle solette magnetiche Promagnetin<\/h2>\n\n\n\n<p>Le<b>solette magnetiche<\/b> Promagnetin funzionano in tre fasi. Nella fase I, il campo magnetico massaggia i tessuti doloranti, blocca gli impulsi del dolore nelle cellule e le depura dalle tossine. Nella fase II, le forze magnetiche combattono l&#8217;infiammazione del corpo, regolano il sistema digestivo e influiscono sull&#8217;equilibrio ormonale. Nella fase III, la capacit\u00e0 di autoriparazione dell&#8217;organismo migliora e i problemi reumatoidi e artritici vengono eliminati.<\/p>\n\n\n\n<p>Attraverso queste tre <b>fasi d&#8217;azione<\/b>, le solette Promagnetin contribuiscono efficacemente a ridurre il dolore e a fornire un comfort generale. Il loro utilizzo pu\u00f2 portare sollievo alle persone affette da vari disturbi legati al dolore ai piedi. Se correttamente sagomati, inoltre, consentono di migliorare la circolazione, ridurre l&#8217;infiammazione e favorire il recupero generale.<\/p>\n\n\n\n<h2 class=\"wp-block-heading\" id=\"h-jak-wkladki-promagnetin-moga-pomoc\">Come possono essere utili i plantari Promagnetin?<\/h2>\n\n\n\n<p>Le solette Promagnetin possono aiutare a ridurre i problemi in varie parti del corpo. Queste solette utilizzano il campo magnetico terrestre e la digitopressione per stimolare le terminazioni nervose e migliorare la circolazione. In questo modo si favorisce il benessere generale e si allevia il dolore.<\/p>\n\n\n\n<p>Grazie all&#8217;azione magnetica delle solette Promagnetin, si noter\u00e0 una riduzione dell&#8217;infiammazione, un miglioramento del recupero e un aumento dell&#8217;equilibrio generale. Queste solette sono particolarmente utili per le persone che soffrono di vari tipi di dolore, in quanto alleviano il disagio, migliorano la circolazione e favoriscono la rigenerazione.<\/p>\n\n\n\n<p>Se avete problemi di dolore o disagio in varie parti del corpo, le solette Promagnetin possono fornire un supporto efficace. La loro <b>azione<\/b> si basa sul trattamento di agopressione e sui campi magnetici, che hanno un effetto benefico sul funzionamento dell&#8217;organismo. Grazie ad essi, \u00e8 possibile provare sollievo dal dolore, ridurre l&#8217;infiammazione e migliorare il benessere generale.<\/p>\n\n\n\n<blockquote class=\"wp-block-quote is-layout-flow wp-block-quote-is-layout-flow\">\n<p>Le solette Promagnetin sono una soluzione innovativa per chi cerca metodi naturali per ridurre il dolore e migliorare il comfort. Grazie alle loro propriet\u00e0 magnetiche e all&#8217;effetto di digitopressione, possono dare un notevole sollievo alle funzioni quotidiane.<\/p>\n<\/blockquote>\n\n\n\n<p>Le solette Promagnetin sono un metodo non invasivo, sicuro e confortevole che pu\u00f2 aiutare a ridurre una serie di condizioni dolorose. La loro <b>azione<\/b> si basa sull&#8217;utilizzo delle forze naturali del campo magnetico terrestre, che stimola la circolazione sanguigna, riduce il dolore e l&#8217;infiammazione e supporta i processi rigenerativi dell&#8217;organismo.<\/p>\n\n\n\n<p>Pertanto, se avete bisogno di un aiuto per ridurre il dolore e migliorare il vostro benessere, vale la pena di prendere in considerazione l&#8217;uso dei plantari Promagnetin. Si tratta di una soluzione innovativa in grado di dare sollievo a diversi disturbi e di favorire la rigenerazione dell&#8217;organismo.<\/p>\n\n\n\n<h2 class=\"wp-block-heading\" id=\"h-efekty-stosowania-wkladek-promagnetin\">Effetti dei plantari Promagnetin<\/h2>\n\n\n\n<p>L&#8217;<b>uso dei<\/b> plantari Promagnetin ha molti effetti positivi. Gi\u00e0 dopo i primi momenti di utilizzo \u00e8 possibile percepire il sollievo, il rilassamento e la stimolazione di varie terminazioni nervose. L&#8217;<b>uso<\/b> prolungato dei plantari pu\u00f2 ridurre significativamente il rischio di alluce valgo, difetti posturali e degenerazione della colonna vertebrale e delle articolazioni.<\/p>\n\n\n\n<p>I plantari in promagnetina hanno anche un effetto benefico sul metabolismo dell&#8217;organismo. Migliorano la circolazione sanguigna, contribuendo a una migliore nutrizione dei tessuti e a un miglioramento dei processi metabolici. Inoltre, le solette possono dare sollievo al dolore dell&#8217;emicrania, riducendo la frequenza e la gravit\u00e0 del disturbo.<\/p>\n\n\n\n<p>L&#8217;<b>uso di<\/b> solette alla promagnetina ha anche un effetto positivo sull&#8217;umore e sul benessere generale. Stimolando le terminazioni nervose durante la camminata, le solette possono influenzare la produzione di ormoni responsabili del benessere e della riduzione dello stress. Di conseguenza, le persone che utilizzano i plantari riferiscono spesso un miglioramento dell&#8217;umore e un maggiore senso di tranquillit\u00e0.<\/p>\n\n\n\n<h2 class=\"wp-block-heading\" id=\"h-jak-prawidlowo-stosowac-wkladki-promagnetin\">Come si usano correttamente i plantari Promagnetin?<\/h2>\n\n\n\n<p>L&#8217;uso delle solette Promagnetin \u00e8 molto semplice. Seguire i passaggi indicati di seguito:<\/p>\n\n\n\n<ol class=\"wp-block-list\">\n<li>Posizionare le solette sul pavimento con le linguette rivolte verso l&#8217;alto.<\/li>\n\n\n\n<li>Posizionare i piedi sulle solette, cercando di sentirsi a proprio agio.<\/li>\n\n\n\n<li>Se le solette sono troppo grandi, potete tagliarle con le forbici per adattarle alla misura del vostro piede.<\/li>\n\n\n\n<li>Inserite le solette nelle scarpe e premete con forza per garantire una calzata corretta.<\/li>\n\n\n\n<li>Verificate che le solette siano ben aderenti al piede e che non rotolino quando camminate.<\/li>\n<\/ol>\n\n\n\n<p>Seguendo queste semplici indicazioni, sarete in grado di utilizzare correttamente i plantari Promagnetin e di trarne il massimo beneficio.<\/p>\n\n\n\n<h2 class=\"wp-block-heading\" id=\"h-dla-kogo-polecane-sa-wkladki-promagnetin\">A chi sono consigliati i plantari Promagnetin?<\/h2>\n\n\n\n<p>Le solette magnetiche Promagnetin sono <b>consigliate<\/b> a tutti coloro che dipendono dal corretto funzionamento del corpo. Sono dedicate alle persone attive che lavorano, camminano, fanno sport e svolgono numerosi lavori domestici. Grazie ai plantari Promagnetin, i piedi sono comodi durante l&#8217;attivit\u00e0, non sono affaticati e hanno una ventilazione adeguata. Le solette aiutano inoltre ad ammortizzare i piedi durante il movimento, portando sollievo e riducendo la sensazione di dolore.<\/p>\n\n\n\n<h2 class=\"wp-block-heading\" id=\"h-czy-istnieja-przeciwwskazania-do-stosowania-wkladek-promagnetin\">Esistono controindicazioni all&#8217;uso dei plantari Promagnetin?<\/h2>\n\n\n\n<p>I plantari Promagnetin sono assolutamente sicuri e possono essere utilizzati da persone di tutte le et\u00e0 e con diverse patologie. Naturalmente, \u00e8 sempre consigliabile consultare il proprio medico prima di iniziare la terapia con i plantari, soprattutto se si \u00e8 affetti da gravi problemi di salute.<\/p>\n\n\n\n<h2 class=\"wp-block-heading\" id=\"h-opinie-specjalistow-o-wkladkach-promagnetin\">Opinioni degli specialisti sui plantari Promagnetin<\/h2>\n\n\n\n<p>I medici specialisti esprimono pareri positivi sulle solette Promagnetin e sui loro effetti benefici sulla salute. I personal trainer raccomandano questi plantari per la loro capacit\u00e0 di stabilizzare il piede, massaggiare e stimolare le terminazioni nervose. Di conseguenza, le solette Promagnetin migliorano il comfort delle calzature e la salute generale.<\/p>\n\n\n\n<p>Anche i terapeuti di medicina non convenzionale sottolineano le propriet\u00e0 positive dei plantari in Promagnetina. Queste solette hanno un effetto benefico sul corpo, regolando il sistema endocrino e riducendo il dolore. Grazie alle propriet\u00e0 magnetiche e alla profilatura dei plantari, \u00e8 possibile ottenere un sollievo dal dolore ai piedi e migliorare il comfort generale della camminata.<\/p>\n\n\n\n<p>Il<b>parere degli esperti<\/b> indica chiaramente l&#8217;effetto positivo dei plantari Promagnetin sulla salute degli utenti. La stabilizzazione del piede, il massaggio plantare e la stimolazione delle terminazioni nervose sono fondamentali per migliorare il comfort della camminata e ridurre il dolore e il disagio del piede.<\/p>\n\n\n\n<h2 class=\"wp-block-heading\" id=\"h-opinie-klientow-o-wkladkach-promagnetin\">Recensioni dei clienti sui plantari Promagnetin<\/h2>\n\n\n\n<p>I clienti danno un <em>feedback positivo<\/em> sulle solette Promagnetin. Ne sottolineano l&#8217;efficacia nel ridurre il dolore, migliorare il benessere e fornire sollievo da vari disturbi. Molti clienti provano un sollievo immediato dopo aver indossato i plantari e notano un miglioramento significativo della loro qualit\u00e0 di vita.<\/p>\n\n\n\n<blockquote class=\"wp-block-quote is-layout-flow wp-block-quote-is-layout-flow\">\n<p><em>Non avrei mai pensato che i plantari potessero fare una tale differenza nella mia vita! Dopo poche settimane di utilizzo di Promagnetin, ho notato un significativo miglioramento del mio benessere generale. Il dolore ai piedi \u00e8 scomparso e sono tornate l&#8217;energia e la comodit\u00e0 di camminare. Sono entusiasta dei risultati e lo consiglierei a chiunque soffra di dolori ai piedi!<\/em><\/p>\n<\/blockquote>\n\n\n\n<blockquote class=\"wp-block-quote is-layout-flow wp-block-quote-is-layout-flow\">\n<p><em>I plantari Promagnetin sono davvero rivoluzionari! Da tempo lottavo con un dolore cronico al piede che limitava le mie attivit\u00e0. Dopo aver utilizzato questi plantari, ho provato un sollievo immediato. Ora posso camminare senza provare alcun disagio. Le consiglio a chiunque abbia problemi simili!<\/em><\/p>\n<\/blockquote>\n\n\n\n<p>I clienti sottolineano anche gli <b>effetti<\/b> a lungo termine <b>dell&#8217;<\/b> uso dei plantari. Molti notano che la rigenerazione muscolare e articolare \u00e8 pi\u00f9 rapida e il <b>dolore ai piedi<\/b> \u00e8 molto meno frequente. Inoltre, i plantari Promagnetin sono molto comodi e possono essere indossati con diverse calzature.<\/p>\n\n\n\n<p>I<b>feedback dei clienti<\/b> confermano che le solette Promagnetin sono una soluzione efficace per chi soffre di dolori ai piedi e cerca un sollievo naturale dai propri disturbi.<\/p>\n\n\n\n<h2 class=\"wp-block-heading\" id=\"h-cena-i-dostepnosc-wkladek-promagnetin\">Prezzo e disponibilit\u00e0 dei plantari Promagnetin<\/h2>\n\n\n\n<p>Il<b>prezzo dei<\/b> plantari Promagnetin pu\u00f2 variare a seconda del luogo di acquisto. Il pi\u00f9 affidabile e che offre il prezzo pi\u00f9 basso \u00e8 il sito ufficiale del produttore.<\/p>\n\n\n\n<p>Le solette Promagnetin sono prodotte da un&#8217;azienda rinomata e di qualit\u00e0 riconosciuta, quindi vale la pena di prestare attenzione all&#8217;originalit\u00e0 del prodotto e di acquistare solo da distributori affidabili. Prima di procedere all&#8217;acquisto, verificare la <b>disponibilit\u00e0 dei<\/b> plantari nei negozi di medicina locali e vedere se il prodotto \u00e8 disponibile online.<\/p>\n\n\n\n<blockquote class=\"wp-block-quote is-layout-flow wp-block-quote-is-layout-flow\">\n<p>Le solette Promagnetin sono una soluzione efficace per chi soffre di dolore ai piedi. Grazie alle loro propriet\u00e0 magnetiche uniche, forniscono sollievo dal dolore e migliorano il comfort generale. \u00c8 possibile che si verifichino occasioni di prezzo e promozioni, quindi \u00e8 bene tenersi aggiornati sulle offerte.<\/p>\n<\/blockquote>\n\n\n\n<h2 class=\"wp-block-heading\" id=\"h-podsumowanie\">Sintesi<\/h2>\n\n\n\n<p>Le solette magnetiche Promagnetin sono una soluzione innovativa per chi soffre di dolori ai piedi. Utilizzando il massaggio, la stimolazione delle terminazioni nervose e il campo magnetico terrestre, queste solette offrono sollievo e una serie di benefici. Gli utenti possono sperimentare un maggiore comfort e una riduzione del dolore, contribuendo a migliorare la qualit\u00e0 della vita.<\/p>\n\n\n\n<p>L&#8217;uso ponderato dei plantari Promagnetin pu\u00f2 offrire un&#8217;ampia gamma di benefici. L&#8217;intenso massaggio e la stimolazione delle terminazioni nervose aiutano a rilassare i muscoli, riducendo la fatica. L&#8217;<b>azione<\/b> magnetica migliora la circolazione, riduce il dolore e i crampi e favorisce la ventilazione dei piedi. Tutto ci\u00f2 si traduce in un miglioramento complessivo del benessere e in un maggior comfort nella vita quotidiana.<\/p>\n\n\n\n<p>Prima di iniziare il trattamento con i plantari di Promagnetin, \u00e8 consigliabile consultare il medico per verificare che siano adatti alle esigenze individuali. Tuttavia, questi plantari sono generalmente disponibili e sicuri da usare. Le loro soluzioni innovative e i feedback positivi degli utenti li rendono degni di considerazione per chi cerca metodi efficaci e naturali per alleviare il dolore ai piedi.<\/p>\n","protected":false},"excerpt":{"rendered":"<p><strong>59.00 \u20ac<\/strong><\/p>\n<p><del>118.00 \u20ac<\/del><\/p>\n<p><strong>[date_countdown]<\/strong><\/p>\n","protected":false},"featured_media":2117,"comment_status":"open","ping_status":"closed","template":"","meta":{"neve_meta_sidebar":"","neve_meta_container":"","neve_meta_enable_content_width":"","neve_meta_content_width":0,"neve_meta_title_alignment":"","neve_meta_author_avatar":"","neve_post_elements_order":"","neve_meta_disable_header":"","neve_meta_disable_footer":"","neve_meta_disable_title":"","neve_meta_reading_time":""},"product_brand":[],"product_cat":[113],"product_tag":[],"class_list":{"0":"post-2119","1":"product","2":"type-product","3":"status-publish","4":"has-post-thumbnail","6":"product_cat-salute","8":"first","9":"instock","10":"shipping-taxable","11":"product-type-external"},"yoast_head":"<!-- This site is optimized with the Yoast SEO plugin v27.4 - https:\/\/yoast.com\/product\/yoast-seo-wordpress\/ -->\n<title>Promagnetin - Clinica Althea<\/title>\n<meta name=\"robots\" content=\"index, follow, max-snippet:-1, max-image-preview:large, max-video-preview:-1\" \/>\n<link rel=\"canonical\" href=\"https:\/\/www.clinicaalthea.com\/farmacia\/it\/apt\/promagnetin\/\" \/>\n<meta property=\"og:locale\" content=\"pl_PL\" \/>\n<meta property=\"og:type\" content=\"article\" \/>\n<meta property=\"og:title\" content=\"Promagnetin - Clinica Althea\" \/>\n<meta property=\"og:description\" content=\"59.00 \u20ac 118.00 \u20ac\" \/>\n<meta property=\"og:url\" content=\"https:\/\/www.clinicaalthea.com\/farmacia\/it\/apt\/promagnetin\/\" \/>\n<meta property=\"og:site_name\" content=\"Clinica Althea\" \/>\n<meta property=\"article:modified_time\" content=\"2024-03-23T08:49:25+00:00\" \/>\n<meta property=\"og:image\" content=\"https:\/\/www.clinicaalthea.com\/farmacia\/wp-content\/uploads\/2024\/03\/Promagnetin.jpg\" \/>\n\t<meta property=\"og:image:width\" content=\"768\" \/>\n\t<meta property=\"og:image:height\" content=\"768\" \/>\n\t<meta property=\"og:image:type\" content=\"image\/jpeg\" \/>\n<meta name=\"twitter:card\" content=\"summary_large_image\" \/>\n<meta name=\"twitter:label1\" content=\"Szacowany czas czytania\" \/>\n\t<meta name=\"twitter:data1\" content=\"11 minut\" \/>\n<script type=\"application\/ld+json\" class=\"yoast-schema-graph\">{\"@context\":\"https:\\\/\\\/schema.org\",\"@graph\":[{\"@type\":\"WebPage\",\"@id\":\"https:\\\/\\\/www.clinicaalthea.com\\\/farmacia\\\/it\\\/apt\\\/promagnetin\\\/\",\"url\":\"https:\\\/\\\/www.clinicaalthea.com\\\/farmacia\\\/it\\\/apt\\\/promagnetin\\\/\",\"name\":\"Promagnetin - Clinica Althea\",\"isPartOf\":{\"@id\":\"https:\\\/\\\/www.clinicaalthea.com\\\/farmacia\\\/#website\"},\"primaryImageOfPage\":{\"@id\":\"https:\\\/\\\/www.clinicaalthea.com\\\/farmacia\\\/it\\\/apt\\\/promagnetin\\\/#primaryimage\"},\"image\":{\"@id\":\"https:\\\/\\\/www.clinicaalthea.com\\\/farmacia\\\/it\\\/apt\\\/promagnetin\\\/#primaryimage\"},\"thumbnailUrl\":\"https:\\\/\\\/www.clinicaalthea.com\\\/farmacia\\\/wp-content\\\/uploads\\\/2024\\\/03\\\/Promagnetin.jpg\",\"datePublished\":\"2024-03-23T08:47:52+00:00\",\"dateModified\":\"2024-03-23T08:49:25+00:00\",\"breadcrumb\":{\"@id\":\"https:\\\/\\\/www.clinicaalthea.com\\\/farmacia\\\/it\\\/apt\\\/promagnetin\\\/#breadcrumb\"},\"inLanguage\":\"pl-PL\",\"potentialAction\":[{\"@type\":\"ReadAction\",\"target\":[\"https:\\\/\\\/www.clinicaalthea.com\\\/farmacia\\\/it\\\/apt\\\/promagnetin\\\/\"]}]},{\"@type\":\"ImageObject\",\"inLanguage\":\"pl-PL\",\"@id\":\"https:\\\/\\\/www.clinicaalthea.com\\\/farmacia\\\/it\\\/apt\\\/promagnetin\\\/#primaryimage\",\"url\":\"https:\\\/\\\/www.clinicaalthea.com\\\/farmacia\\\/wp-content\\\/uploads\\\/2024\\\/03\\\/Promagnetin.jpg\",\"contentUrl\":\"https:\\\/\\\/www.clinicaalthea.com\\\/farmacia\\\/wp-content\\\/uploads\\\/2024\\\/03\\\/Promagnetin.jpg\",\"width\":768,\"height\":768,\"caption\":\"Promagnetin\"},{\"@type\":\"BreadcrumbList\",\"@id\":\"https:\\\/\\\/www.clinicaalthea.com\\\/farmacia\\\/it\\\/apt\\\/promagnetin\\\/#breadcrumb\",\"itemListElement\":[{\"@type\":\"ListItem\",\"position\":1,\"name\":\"Strona g\u0142\u00f3wna\",\"item\":\"https:\\\/\\\/www.clinicaalthea.com\\\/farmacia\\\/\"},{\"@type\":\"ListItem\",\"position\":2,\"name\":\"Produkty\",\"item\":\"https:\\\/\\\/www.clinicaalthea.com\\\/farmacia\\\/\"},{\"@type\":\"ListItem\",\"position\":3,\"name\":\"Promagnetin\"}]},{\"@type\":\"WebSite\",\"@id\":\"https:\\\/\\\/www.clinicaalthea.com\\\/farmacia\\\/#website\",\"url\":\"https:\\\/\\\/www.clinicaalthea.com\\\/farmacia\\\/\",\"name\":\"Clinica Althea\",\"description\":\"\",\"publisher\":{\"@id\":\"https:\\\/\\\/www.clinicaalthea.com\\\/farmacia\\\/#organization\"},\"potentialAction\":[{\"@type\":\"SearchAction\",\"target\":{\"@type\":\"EntryPoint\",\"urlTemplate\":\"https:\\\/\\\/www.clinicaalthea.com\\\/farmacia\\\/?s={search_term_string}\"},\"query-input\":{\"@type\":\"PropertyValueSpecification\",\"valueRequired\":true,\"valueName\":\"search_term_string\"}}],\"inLanguage\":\"pl-PL\"},{\"@type\":\"Organization\",\"@id\":\"https:\\\/\\\/www.clinicaalthea.com\\\/farmacia\\\/#organization\",\"name\":\"Clinica Althea\",\"url\":\"https:\\\/\\\/www.clinicaalthea.com\\\/farmacia\\\/\",\"logo\":{\"@type\":\"ImageObject\",\"inLanguage\":\"pl-PL\",\"@id\":\"https:\\\/\\\/www.clinicaalthea.com\\\/farmacia\\\/#\\\/schema\\\/logo\\\/image\\\/\",\"url\":\"https:\\\/\\\/www.clinicaalthea.com\\\/farmacia\\\/wp-content\\\/uploads\\\/2023\\\/12\\\/Jak-diagnozuje-sie-FAS_-objawy-kryteria-diagnostyczne-i-metody-diagnozowania-154162903.jpg\",\"contentUrl\":\"https:\\\/\\\/www.clinicaalthea.com\\\/farmacia\\\/wp-content\\\/uploads\\\/2023\\\/12\\\/Jak-diagnozuje-sie-FAS_-objawy-kryteria-diagnostyczne-i-metody-diagnozowania-154162903.jpg\",\"width\":1216,\"height\":832,\"caption\":\"Clinica Althea\"},\"image\":{\"@id\":\"https:\\\/\\\/www.clinicaalthea.com\\\/farmacia\\\/#\\\/schema\\\/logo\\\/image\\\/\"}}]}<\/script>\n<!-- \/ Yoast SEO plugin. -->","yoast_head_json":{"title":"Promagnetin - Clinica Althea","robots":{"index":"index","follow":"follow","max-snippet":"max-snippet:-1","max-image-preview":"max-image-preview:large","max-video-preview":"max-video-preview:-1"},"canonical":"https:\/\/www.clinicaalthea.com\/farmacia\/it\/apt\/promagnetin\/","og_locale":"pl_PL","og_type":"article","og_title":"Promagnetin - Clinica Althea","og_description":"59.00 \u20ac 118.00 \u20ac","og_url":"https:\/\/www.clinicaalthea.com\/farmacia\/it\/apt\/promagnetin\/","og_site_name":"Clinica Althea","article_modified_time":"2024-03-23T08:49:25+00:00","og_image":[{"width":768,"height":768,"url":"https:\/\/www.clinicaalthea.com\/farmacia\/wp-content\/uploads\/2024\/03\/Promagnetin.jpg","type":"image\/jpeg"}],"twitter_card":"summary_large_image","twitter_misc":{"Szacowany czas czytania":"11 minut"},"schema":{"@context":"https:\/\/schema.org","@graph":[{"@type":"WebPage","@id":"https:\/\/www.clinicaalthea.com\/farmacia\/it\/apt\/promagnetin\/","url":"https:\/\/www.clinicaalthea.com\/farmacia\/it\/apt\/promagnetin\/","name":"Promagnetin - Clinica Althea","isPartOf":{"@id":"https:\/\/www.clinicaalthea.com\/farmacia\/#website"},"primaryImageOfPage":{"@id":"https:\/\/www.clinicaalthea.com\/farmacia\/it\/apt\/promagnetin\/#primaryimage"},"image":{"@id":"https:\/\/www.clinicaalthea.com\/farmacia\/it\/apt\/promagnetin\/#primaryimage"},"thumbnailUrl":"https:\/\/www.clinicaalthea.com\/farmacia\/wp-content\/uploads\/2024\/03\/Promagnetin.jpg","datePublished":"2024-03-23T08:47:52+00:00","dateModified":"2024-03-23T08:49:25+00:00","breadcrumb":{"@id":"https:\/\/www.clinicaalthea.com\/farmacia\/it\/apt\/promagnetin\/#breadcrumb"},"inLanguage":"pl-PL","potentialAction":[{"@type":"ReadAction","target":["https:\/\/www.clinicaalthea.com\/farmacia\/it\/apt\/promagnetin\/"]}]},{"@type":"ImageObject","inLanguage":"pl-PL","@id":"https:\/\/www.clinicaalthea.com\/farmacia\/it\/apt\/promagnetin\/#primaryimage","url":"https:\/\/www.clinicaalthea.com\/farmacia\/wp-content\/uploads\/2024\/03\/Promagnetin.jpg","contentUrl":"https:\/\/www.clinicaalthea.com\/farmacia\/wp-content\/uploads\/2024\/03\/Promagnetin.jpg","width":768,"height":768,"caption":"Promagnetin"},{"@type":"BreadcrumbList","@id":"https:\/\/www.clinicaalthea.com\/farmacia\/it\/apt\/promagnetin\/#breadcrumb","itemListElement":[{"@type":"ListItem","position":1,"name":"Strona g\u0142\u00f3wna","item":"https:\/\/www.clinicaalthea.com\/farmacia\/"},{"@type":"ListItem","position":2,"name":"Produkty","item":"https:\/\/www.clinicaalthea.com\/farmacia\/"},{"@type":"ListItem","position":3,"name":"Promagnetin"}]},{"@type":"WebSite","@id":"https:\/\/www.clinicaalthea.com\/farmacia\/#website","url":"https:\/\/www.clinicaalthea.com\/farmacia\/","name":"Clinica Althea","description":"","publisher":{"@id":"https:\/\/www.clinicaalthea.com\/farmacia\/#organization"},"potentialAction":[{"@type":"SearchAction","target":{"@type":"EntryPoint","urlTemplate":"https:\/\/www.clinicaalthea.com\/farmacia\/?s={search_term_string}"},"query-input":{"@type":"PropertyValueSpecification","valueRequired":true,"valueName":"search_term_string"}}],"inLanguage":"pl-PL"},{"@type":"Organization","@id":"https:\/\/www.clinicaalthea.com\/farmacia\/#organization","name":"Clinica Althea","url":"https:\/\/www.clinicaalthea.com\/farmacia\/","logo":{"@type":"ImageObject","inLanguage":"pl-PL","@id":"https:\/\/www.clinicaalthea.com\/farmacia\/#\/schema\/logo\/image\/","url":"https:\/\/www.clinicaalthea.com\/farmacia\/wp-content\/uploads\/2023\/12\/Jak-diagnozuje-sie-FAS_-objawy-kryteria-diagnostyczne-i-metody-diagnozowania-154162903.jpg","contentUrl":"https:\/\/www.clinicaalthea.com\/farmacia\/wp-content\/uploads\/2023\/12\/Jak-diagnozuje-sie-FAS_-objawy-kryteria-diagnostyczne-i-metody-diagnozowania-154162903.jpg","width":1216,"height":832,"caption":"Clinica Althea"},"image":{"@id":"https:\/\/www.clinicaalthea.com\/farmacia\/#\/schema\/logo\/image\/"}}]}},"lang":"it","translations":{"it":2119,"hu":2118,"cs":2116,"sk":2120,"sl":2121},"pll_sync_post":[],"_links":{"self":[{"href":"https:\/\/www.clinicaalthea.com\/farmacia\/wp-json\/wp\/v2\/product\/2119","targetHints":{"allow":["GET"]}}],"collection":[{"href":"https:\/\/www.clinicaalthea.com\/farmacia\/wp-json\/wp\/v2\/product"}],"about":[{"href":"https:\/\/www.clinicaalthea.com\/farmacia\/wp-json\/wp\/v2\/types\/product"}],"replies":[{"embeddable":true,"href":"https:\/\/www.clinicaalthea.com\/farmacia\/wp-json\/wp\/v2\/comments?post=2119"}],"wp:featuredmedia":[{"embeddable":true,"href":"https:\/\/www.clinicaalthea.com\/farmacia\/wp-json\/wp\/v2\/media\/2117"}],"wp:attachment":[{"href":"https:\/\/www.clinicaalthea.com\/farmacia\/wp-json\/wp\/v2\/media?parent=2119"}],"wp:term":[{"taxonomy":"product_brand","embeddable":true,"href":"https:\/\/www.clinicaalthea.com\/farmacia\/wp-json\/wp\/v2\/product_brand?post=2119"},{"taxonomy":"product_cat","embeddable":true,"href":"https:\/\/www.clinicaalthea.com\/farmacia\/wp-json\/wp\/v2\/product_cat?post=2119"},{"taxonomy":"product_tag","embeddable":true,"href":"https:\/\/www.clinicaalthea.com\/farmacia\/wp-json\/wp\/v2\/product_tag?post=2119"}],"curies":[{"name":"wp","href":"https:\/\/api.w.org\/{rel}","templated":true}]}}