{"id":2115,"date":"2024-03-23T09:43:06","date_gmt":"2024-03-23T08:43:06","guid":{"rendered":"https:\/\/mayoguide.org\/produkty\/?post_type=product&#038;p=2115"},"modified":"2024-03-23T09:43:09","modified_gmt":"2024-03-23T08:43:09","slug":"promagnesol","status":"publish","type":"product","link":"https:\/\/www.clinicaalthea.com\/farmacia\/sl\/apt\/promagnesol\/","title":{"rendered":"Promagnesol"},"content":{"rendered":"\n<p>Ste \u017ee sli\u0161ali za <b>zdravilo Promagnesol<\/b>? To inovativno <b>dopolnilo<\/b> ponuja <b>naravno podporo<\/b> telesu pri laj\u0161anju bole\u010din in izbolj\u0161anju splo\u0161nega po\u010dutja. Toda ali <b>Promagnesol<\/b> res deluje? Kak\u0161ne <b>povratne informacije<\/b> imajo <b>uporabniki<\/b> o tem izdelku? In \u0161e ve\u010d, kak\u0161ne so sestavine in <b>u\u010dinki zdravila<\/b> <b>Promagnesol<\/b>? Ugotovite, kako lahko Promagnesol spremeni va\u0161e \u017eivljenje.<\/p>\n\n\n\n<h3 class=\"wp-block-heading\" id=\"h-kluczowe-informacje\">Klju\u010dne informacije:<\/h3>\n\n\n\n<ul class=\"wp-block-list\">\n<li>Promagnesol je inovativno <b>dopolnilo<\/b>, ki zagotavlja <b>naravno podporo za<\/b> laj\u0161anje bole\u010din in izbolj\u0161anje va\u0161ega \u017eivljenja.<\/li>\n\n\n\n<li><b>Mnenja uporabnikov<\/b> potrjujejo u\u010dinkovitost Promagnesola pri laj\u0161anju razli\u010dnih vrst bole\u010din in izbolj\u0161anju splo\u0161nega po\u010dutja.<\/li>\n\n\n\n<li><b>Sestava zdravila<\/b> Promagnesol temelji na napredni tehnologiji magnetoterapije z uporabo <b>neodimovih magnetov<\/b>, <b>anionov<\/b>, mehkega velurja in <b>gelskega vlo\u017eka<\/b>.<\/li>\n\n\n\n<li>Redna <b>uporaba<\/b> zdravila Promagnesol zagotavlja koristi za zdravje, vklju\u010dno z zmanj\u0161anjem bole\u010din, izbolj\u0161anjem krvnega obtoka, <b>zmanj\u0161anjem oteklin<\/b> in izbolj\u0161anjem gibljivosti.<\/li>\n\n\n\n<li>Uporaba zdravila Promagnesol je varna, vendar se je pred za\u010detkom dopolnjevanja vedno priporo\u010dljivo posvetovati z zdravnikom.<\/li>\n<\/ul>\n\n\n\n<h2 class=\"wp-block-heading\" id=\"h-co-to-jest-promagnesol\">Kaj je zdravilo Promagnesol?<\/h2>\n\n\n\n<p>Promagnesol je inovativen izdelek z magnetnim vlo\u017ekom, ki je bil zasnovan za ljudi, ki i\u0161\u010dejo naravne na\u010dine za laj\u0161anje bole\u010din in izbolj\u0161anje udobja. Je ve\u010d kot obi\u010dajni <b>magnetni vlo\u017eki<\/b>, saj se osredoto\u010da na celostni pristop k zmanj\u0161evanju bole\u010dine. Promagnesol uporablja napredno tehnologijo magnetoterapije, ki vpliva na interakcijo med magnetnim poljem in \u010dlove\u0161kim telesom.<\/p>\n\n\n\n<h3 class=\"wp-block-heading\" id=\"h-promagnesol-holistyczne-wsparcie-dla-twojego-zdrowia\">Promagnesol &#8211; celostna podpora za va\u0161e zdravje<\/h3>\n\n\n\n<p>Promagnesol je izdelek, namenjen ljudem, ki trpijo zaradi razli\u010dnih vrst bole\u010din. <b>Magnetni vlo\u017eki<\/b> Promagnesol nudijo celostno podporo va\u0161emu zdravju, saj spodbujajo naravni proces zdravljenja v telesu. Z uporabo napredne tehnologije magnetoterapije Promagnesol vpliva na <b>magnetno polje<\/b> okoli va\u0161ega telesa, kar lahko pospe\u0161i proces okrevanja, zmanj\u0161a bole\u010dine in izbolj\u0161a va\u0161e splo\u0161no po\u010dutje.<\/p>\n\n\n\n<p>Delovanje zdravila Promagnesol temelji na na\u010delu, da <b>magnetno polje,<\/b> ki ga ustvarjajo magnetne <b>blazinice<\/b>, prodre v ko\u017eo ter vpliva na celice in tkiva telesa. Stimulacija poteka na celi\u010dni ravni, kar pomaga izbolj\u0161ati krvni obtok, razstrupiti telo in zmanj\u0161ati stres.<\/p>\n\n\n\n<p>Promagnesol nudi <b>naravno podporo<\/b> telesu pri laj\u0161anju bole\u010din, izbolj\u0161anju kakovosti spanja in pove\u010danju \u017eivljenjske energije. Magnetni vlo\u017eki Promagnesol so enostavni za uporabo in jih lahko nosite ves dan, brez potrebe po dodatnih terapijah. Zato lahko u\u010dinke magnetoterapije izkoristite kjer koli in kadar koli.<\/p>\n\n\n\n<h2 class=\"wp-block-heading\" id=\"h-jak-dziala-promagnesol\">Kako deluje Promagnesol?<\/h2>\n\n\n\n<p>Promagnesol deluje z uporabo napredne tehnologije magnetoterapije. Magnetni vlo\u017eki ustvarjajo visokoenergijsko <b>magnetno polje<\/b>, ki stimulira receptorje v stopalih in vpliva na razli\u010dna podro\u010dja telesa. Promagnesol tako u\u010dinkovito zmanj\u0161uje revmati\u010dne bole\u010dine, kroni\u010dno nelagodje in otekanje. Magnetno polje vpliva tudi na regenerativne sposobnosti telesa, pospe\u0161uje proces celjenja ran in zmanj\u0161uje vnetja.<\/p>\n\n\n\n<p><b>Magnetna terapija<\/b>, kot jo uporablja Promagnesol, uporablja lastnosti magnetnega polja za vplivanje na \u010dlove\u0161ko telo. Promagnesolovi magnetni vlo\u017eki zagotavljajo stalen stik z magnetnim poljem ves \u010das <b>no\u0161enja<\/b>, kar omogo\u010da sistemati\u010dno terapijo.<\/p>\n\n\n\n<h3 class=\"wp-block-heading\" id=\"h-korzysci-z-magnetoterapii\">Prednosti magnetoterapije:<\/h3>\n\n\n\n<ul class=\"wp-block-list\">\n<li><b>Zmanj\u0161anje<\/b> revmati\u010dnih, sklepnih in mi\u0161i\u010dnih<b>bole\u010din<\/b> <\/li>\n\n\n\n<li>Zmanj\u0161anje oteklin<\/li>\n\n\n\n<li>Izbolj\u0161anje krvnega obtoka<\/li>\n\n\n\n<li>Pospe\u0161evanje celjenja ran<\/li>\n\n\n\n<li>Izbolj\u0161anje sposobnosti telesa za regeneracijo<\/li>\n<\/ul>\n\n\n\n<p>Promagnesolovi magnetni vlo\u017eki so varni in u\u010dinkoviti pri laj\u0161anju razli\u010dnih obolenj. Zahvaljujo\u010d napredni tehnologiji magnetoterapije postane vpliv magnetnih polj na telo preprost in priro\u010den na\u010din za izbolj\u0161anje zdravja in udobja v vsakdanjem \u017eivljenju.<\/p>\n\n\n\n<figure class=\"wp-block-table\"><table><tbody><tr><th>Prednosti zdravila Promagnesol<\/th><th>Primeri obolenj, pri katerih deluje<\/th><\/tr><tr><td><b>Zmanj\u0161anje bole\u010din<\/b><\/td><td>Revmati\u010dne bole\u010dine<br>Bole\u010dine v sklepih<br>Bole\u010dine v mi\u0161icah<\/td><\/tr><tr><td>Zmanj\u0161anje oteklin<\/td><td>Otekline sklepov<br>Posttravmatske otekline<br>Otekline po operacijah<\/td><\/tr><tr><td>Izbolj\u0161anje krvnega obtoka<\/td><td>Pomanjkanje krvnega obtoka<br>\u017dilnega izvora<br>Motnje koagulacije<\/td><\/tr><tr><td>Pospe\u0161evanje celjenja ran<\/td><td>Posttravmatske rane<br>Pooperativne rane<br>Po\u0161kodbe<\/td><\/tr><tr><td>Izbolj\u0161anje regeneracijske sposobnosti telesa<\/td><td>Te\u017eave z regeneracijo<br>Kroni\u010dna utrujenost<br>Oslabljen organizem<\/td><\/tr><\/tbody><\/table><\/figure>\n\n\n\n<h2 class=\"wp-block-heading\" id=\"h-promagnesol-efekty-stosowania\">Promagnesol &#8211; U\u010dinki uporabe<\/h2>\n\n\n\n<p><b>Uporaba<\/b> magnetnih vlo\u017ekov Promagnesol daje opazne rezultate, ki pozitivno vplivajo na zdravje in vsakodnevno po\u010dutje. Z uporabo napredne tehnologije magnetoterapije Promagnesol u\u010dinkovito zmanj\u0161uje bole\u010dine, izbolj\u0161uje krvni obtok, zmanj\u0161uje otekline in pove\u010duje gibljivost. Poleg tega vlo\u017eki Promagnesol spodbujajo regeneracijo telesa, pospe\u0161ujejo celjenje ran in bla\u017eijo vnetja.<\/p>\n\n\n\n<ul class=\"wp-block-list\">\n<li><strong>Zmanj\u0161anje bole\u010dine:<\/strong> Magnetna terapija, ki se uporablja v vlo\u017ekih Promagnesol, bla\u017ei razli\u010dne vrste bole\u010din, vklju\u010dno z revmati\u010dnimi, sklepnimi in mi\u0161i\u010dnimi bole\u010dinami.<\/li>\n\n\n\n<li><strong>Izbolj\u0161anje krvnega obtoka:<\/strong> Magnetno polje, ki ga ustvarjajo vlo\u017eki Promagnesol, pomaga izbolj\u0161ati krvni obtok, kar prispeva k bolj\u0161i oskrbi tkiv s kisikom in hranilnimi snovmi.<\/li>\n\n\n\n<li><strong>Zmanj\u0161anje oteklin:<\/strong> Promagnesol u\u010dinkovito zmanj\u0161uje otekanje, kar telesu omogo\u010da hitrej\u0161e okrevanje.<\/li>\n\n\n\n<li><strong>Izbolj\u0161ana gibljivost:<\/strong> Promagnezolovi vlo\u017eki z izbolj\u0161anjem stanja sklepov in mi\u0161i\u010dnega sistema pozitivno vplivajo na ve\u010djo gibljivost telesa.<\/li>\n\n\n\n<li><strong>Regeneracija<\/strong>: Redna <b>uporaba<\/b> zdravila Promagnesol podpira naravne procese regeneracije telesa, pospe\u0161uje celjenje ran in krepi imunski sistem.<\/li>\n<\/ul>\n\n\n\n<h2 class=\"wp-block-heading\" id=\"h-dawkowanie-promagnesol-jak-stosowac\">Odmerjanje zdravila Promagnesol &#8211; Kako ga uporabljati?<\/h2>\n\n\n\n<p>U\u010dinkovita uporaba zdravila Promagnesol temelji na rednem no\u0161enju vlo\u017ekov in upo\u0161tevanju nekaj preprostih pravil:<\/p>\n\n\n\n<ul class=\"wp-block-list\">\n<li>Vlo\u017eke uporabljajte vsak dan od 6 do 8 ur na dan.<\/li>\n\n\n\n<li>No\u0161enje vlo\u017ekov na \u010distih in suhih stopalih pove\u010da u\u010dinkovitost.<\/li>\n\n\n\n<li>Izberite pravo velikost vlo\u017ekov, da zagotovite optimalno prileganje in <b>rezultate<\/b>.<\/li>\n\n\n\n<li>Izberite <b>udobno obutev,<\/b> ki vam omogo\u010da, da vlo\u017eke udobno nosite dlje \u010dasa.<\/li>\n<\/ul>\n\n\n\n<p>Redna uporaba vlo\u017ekov Promagnesol je klju\u010dnega pomena, saj <b>magnetoterapija<\/b> deluje postopoma. Pomembno je, da ste pri no\u0161enju vlo\u017ekov dosledni in sistemati\u010dni, da dose\u017eete najbolj\u0161e rezultate.<\/p>\n\n\n\n<h2 class=\"wp-block-heading\" id=\"h-promagnesol-skutki-uboczne-i-przeciwwskazania\">Promagnesol &#8211; ne\u017eeleni u\u010dinki in kontraindikacije<\/h2>\n\n\n\n<p>Promagnesol je izdelek brez znanih resnih ne\u017eelenih u\u010dinkov. Kljub temu pa kot pri vsakem prehranskem dopolnilu obstaja ve\u010d kontraindikacij in previdnostnih ukrepov. Nose\u010dnice, doje\u010de matere in osebe z obstoje\u010dimi zdravstvenimi te\u017eavami ali tiste, ki jemljejo zdravila, se morajo pred za\u010detkom u\u017eivanja prehranskega dopolnila posvetovati z zdravnikom.<\/p>\n\n\n\n<p>Zdravilo Promagnesol je bilo zasnovano z mislijo na <b>varnost<\/b> uporabnikov, vendar je vedno priporo\u010dljivo biti previden in se posvetovati s strokovnjakom.<\/p>\n\n\n\n<h2 class=\"wp-block-heading\" id=\"h-wady-i-zalety-promagnesol\">Prednosti in slabosti zdravila Promagnesol<\/h2>\n\n\n\n<p>Promagnesol ima kot izdelek, ki temelji na naravni magnetoterapiji, \u0161tevilne prednosti, ki podpirajo njegovo uporabo. Ena glavnih prednosti je, da je mogo\u010de izkoristiti naravno magnetoterapijo, ne da bi bilo treba jemati zdravila ali opraviti invazivne postopke. Z zdravilom Promagnesol je mogo\u010de na naraven na\u010din laj\u0161ati bole\u010dine in izbolj\u0161ati udobje \u017eivljenja.<\/p>\n\n\n\n<p>Uporaba vlo\u017ekov Promagnesol je popolnoma nebole\u010da in neinvazivna. Ni treba jemati tablet ali opraviti kirur\u0161kega posega. Vlo\u017eke lahko nosite ves dan, saj zagotavljajo dolgotrajen u\u010dinek magnetoterapije brez neprijetnih ob\u010dutkov.<\/p>\n\n\n\n<p>Promagnesol je tudi <b>vsestransko uporaben<\/b>, saj pomaga laj\u0161ati razli\u010dne vrste bolezni. Vlo\u017eki lahko zagotovijo olaj\u0161anje revmati\u010dnih bole\u010din, bole\u010din v sklepih in mi\u0161icah ter u\u010dinkovito zmanj\u0161ajo otekanje. Poleg tega Promagnezol pozitivno vpliva na regenerativne sposobnosti telesa, pospe\u0161uje celjenje ran in zmanj\u0161uje vnetja.<\/p>\n\n\n\n<p>Vendar se je treba zavedati, da je za doseganje optimalnih rezultatov klju\u010dna sistemati\u010dna uporaba vlo\u017ekov. <b>U\u010dinki<\/b> magnetoterapije niso takoj\u0161nji in zahtevajo nekaj \u010dasa. Da bi \u010dim bolj izkoristili njegov potencial, je vredno biti potrpe\u017eljiv in zdravilo Promagnesol redno uporabljati.<\/p>\n\n\n\n<h2 class=\"wp-block-heading\" id=\"h-promagnesol-sklad-co-zawiera\">Promagnesol &#8211; sestava &#8211; kaj vsebuje?<\/h2>\n\n\n\n<p><b>Sestava zdravila<\/b> Promagnesol temelji na neodimovih magnetih, ki ustvarjajo magnetno polje. Vlo\u017eek je izdelan iz lateksa, na zgornji strani pa je mehka <b>velurna plast<\/b>. Promagnesol vsebuje tudi <b>anione<\/b>, ki nevtralizirajo prekomerni pozitivni naboj v telesu. Poleg tega ima vlo\u017eek gelsko blazinico, ki bla\u017ei in zmanj\u0161uje udarce pri hoji.<\/p>\n\n\n\n<h2 class=\"wp-block-heading\" id=\"h-promagnesol-opinie-i-recenzje-co-mowia-uzytkownicy\">Promagnesol &#8211; Mnenja in ocene &#8211; Kaj pravijo uporabniki?<\/h2>\n\n\n\n<p><b>Mnenja uporabnikov o<\/b> zdravilu Promagnesol so razli\u010dna, vendar ve\u010dina potrjuje njegovo u\u010dinkovitost pri laj\u0161anju bole\u010din in izbolj\u0161anju udobja. <b>Uporabniki<\/b> cenijo mo\u017enost kori\u0161\u010denja naravne magnetoterapije doma in udobje pri no\u0161enju vlo\u017ekov. <b>Mnenja<\/b> se lahko razlikujejo, saj se vsako telo odziva individualno, vendar mnogi uporabniki opa\u017eajo pozitivne <b>u\u010dinke<\/b>.<\/p>\n\n\n\n<blockquote class=\"wp-block-quote is-layout-flow wp-block-quote-is-layout-flow\">\n<p><em>Navdu\u0161en sem nad u\u010dinki, ki mi jih je prinesel Promagnesol! Dolgo sem se spopadala z oteklimi sklepi, ki so mo\u010dno omejevali moje vsakodnevne dejavnosti. Po uporabi teh vlo\u017ekov sem opazil znatno zmanj\u0161anje otekline, bole\u010dine pa so postale veliko manj\u0161e. Poleg tega sem opazil izbolj\u0161anje splo\u0161nega po\u010dutja in \u017eivljenjske energije. Ta izdelek priporo\u010dam vsem, ki i\u0161\u010dejo u\u010dinkovit in naraven na\u010din za izbolj\u0161anje po\u010dutja!<\/em><\/p>\n<\/blockquote>\n\n\n\n<blockquote class=\"wp-block-quote is-layout-flow wp-block-quote-is-layout-flow\">\n<p><em>Odkar sem za\u010del uporabljati Promagnesol, se je moje \u017eivljenje spremenilo na bolje! Trpela sem zaradi kroni\u010dnih bole\u010din v mi\u0161icah in sklepih, ki so mi ote\u017eevale vsakodnevno delovanje. Po rednem no\u0161enju magnetnih vlo\u017ekov sem opazila znatno izbolj\u0161anje. Bole\u010dine so postale manj nadle\u017ene, moja gibljivost pa se je znatno izbolj\u0161ala. Priporo\u010dam vsem, ki i\u0161\u010dejo naravno laj\u0161anje bole\u010din!<\/em><\/p>\n<\/blockquote>\n\n\n\n<h2 class=\"wp-block-heading\" id=\"h-gdzie-kupic-promagnesol\">Kje kupiti zdravilo Promagnesol?<\/h2>\n\n\n\n<p>Promagnesol je inovativen izdelek, ki vam lahko olaj\u0161a bole\u010dine in izbolj\u0161a kakovost \u017eivljenja. \u010ce vas zanima, <b>kje lahko kupite<\/b> zdravilo Promagnesol, lahko razmislite o ve\u010d mo\u017enostih. Zdravilo Promagnesol lahko najdete na razli\u010dnih mestih na spletu, vendar priporo\u010damo, da ga kupite neposredno pri uradnem proizvajalcu.<\/p>\n\n\n\n<p>Na proizvajal\u010devi spletni strani boste na\u0161li vse potrebne informacije o izdelku, vklju\u010dno s <b>sestavo<\/b>, priporo\u010dili za uporabo, ceno in trenutnimi akcijami. Z nakupom pri uradnem proizvajalcu ste lahko prepri\u010dani, da boste prejeli izviren in visokokakovosten izdelek, ki izpolnjuje va\u0161a pri\u010dakovanja.<\/p>\n\n\n\n<p>Poleg tega lahko z nakupom pri uradnem proizvajalcu izkoristite morebitno garancijo za kupljeno blago. \u010ce imate vpra\u0161anja o izdelku ali \u017eelite ve\u010d informacij, vam bo proizvajalec lahko zagotovil strokovne nasvete in podporo.<\/p>\n","protected":false},"excerpt":{"rendered":"<p><strong>45.00 \u20ac<\/strong><\/p>\n<p><del>90.00 \u20ac<\/del><\/p>\n<p><strong>[date_countdown]<\/strong><\/p>\n","protected":false},"featured_media":2106,"comment_status":"open","ping_status":"closed","template":"","meta":{"neve_meta_sidebar":"","neve_meta_container":"","neve_meta_enable_content_width":"","neve_meta_content_width":0,"neve_meta_title_alignment":"","neve_meta_author_avatar":"","neve_post_elements_order":"","neve_meta_disable_header":"","neve_meta_disable_footer":"","neve_meta_disable_title":"","neve_meta_reading_time":""},"product_brand":[],"product_cat":[177],"product_tag":[],"class_list":{"0":"post-2115","1":"product","2":"type-product","3":"status-publish","4":"has-post-thumbnail","6":"product_cat-zdravje","8":"first","9":"instock","10":"shipping-taxable","11":"product-type-external"},"yoast_head":"<!-- This site is optimized with the Yoast SEO plugin v27.4 - https:\/\/yoast.com\/product\/yoast-seo-wordpress\/ -->\n<title>Promagnesol - Clinica Althea<\/title>\n<meta name=\"robots\" content=\"index, follow, max-snippet:-1, max-image-preview:large, max-video-preview:-1\" \/>\n<link rel=\"canonical\" href=\"https:\/\/www.clinicaalthea.com\/farmacia\/sl\/apt\/promagnesol\/\" \/>\n<meta property=\"og:locale\" content=\"pl_PL\" \/>\n<meta property=\"og:type\" content=\"article\" \/>\n<meta property=\"og:title\" content=\"Promagnesol - Clinica Althea\" \/>\n<meta property=\"og:description\" content=\"45.00 \u20ac 90.00 \u20ac\" \/>\n<meta property=\"og:url\" content=\"https:\/\/www.clinicaalthea.com\/farmacia\/sl\/apt\/promagnesol\/\" \/>\n<meta property=\"og:site_name\" content=\"Clinica Althea\" \/>\n<meta property=\"article:modified_time\" content=\"2024-03-23T08:43:09+00:00\" \/>\n<meta property=\"og:image\" content=\"https:\/\/www.clinicaalthea.com\/farmacia\/wp-content\/uploads\/2024\/03\/Promagnesol.jpg\" \/>\n\t<meta property=\"og:image:width\" content=\"768\" \/>\n\t<meta property=\"og:image:height\" content=\"768\" \/>\n\t<meta property=\"og:image:type\" content=\"image\/jpeg\" \/>\n<meta name=\"twitter:card\" content=\"summary_large_image\" \/>\n<meta name=\"twitter:label1\" content=\"Szacowany czas czytania\" \/>\n\t<meta name=\"twitter:data1\" content=\"8 minut\" \/>\n<script type=\"application\/ld+json\" class=\"yoast-schema-graph\">{\"@context\":\"https:\\\/\\\/schema.org\",\"@graph\":[{\"@type\":\"WebPage\",\"@id\":\"https:\\\/\\\/www.clinicaalthea.com\\\/farmacia\\\/sl\\\/apt\\\/promagnesol\\\/\",\"url\":\"https:\\\/\\\/www.clinicaalthea.com\\\/farmacia\\\/sl\\\/apt\\\/promagnesol\\\/\",\"name\":\"Promagnesol - Clinica Althea\",\"isPartOf\":{\"@id\":\"https:\\\/\\\/www.clinicaalthea.com\\\/farmacia\\\/#website\"},\"primaryImageOfPage\":{\"@id\":\"https:\\\/\\\/www.clinicaalthea.com\\\/farmacia\\\/sl\\\/apt\\\/promagnesol\\\/#primaryimage\"},\"image\":{\"@id\":\"https:\\\/\\\/www.clinicaalthea.com\\\/farmacia\\\/sl\\\/apt\\\/promagnesol\\\/#primaryimage\"},\"thumbnailUrl\":\"https:\\\/\\\/www.clinicaalthea.com\\\/farmacia\\\/wp-content\\\/uploads\\\/2024\\\/03\\\/Promagnesol.jpg\",\"datePublished\":\"2024-03-23T08:43:06+00:00\",\"dateModified\":\"2024-03-23T08:43:09+00:00\",\"breadcrumb\":{\"@id\":\"https:\\\/\\\/www.clinicaalthea.com\\\/farmacia\\\/sl\\\/apt\\\/promagnesol\\\/#breadcrumb\"},\"inLanguage\":\"pl-PL\",\"potentialAction\":[{\"@type\":\"ReadAction\",\"target\":[\"https:\\\/\\\/www.clinicaalthea.com\\\/farmacia\\\/sl\\\/apt\\\/promagnesol\\\/\"]}]},{\"@type\":\"ImageObject\",\"inLanguage\":\"pl-PL\",\"@id\":\"https:\\\/\\\/www.clinicaalthea.com\\\/farmacia\\\/sl\\\/apt\\\/promagnesol\\\/#primaryimage\",\"url\":\"https:\\\/\\\/www.clinicaalthea.com\\\/farmacia\\\/wp-content\\\/uploads\\\/2024\\\/03\\\/Promagnesol.jpg\",\"contentUrl\":\"https:\\\/\\\/www.clinicaalthea.com\\\/farmacia\\\/wp-content\\\/uploads\\\/2024\\\/03\\\/Promagnesol.jpg\",\"width\":768,\"height\":768,\"caption\":\"Promagnesol\"},{\"@type\":\"BreadcrumbList\",\"@id\":\"https:\\\/\\\/www.clinicaalthea.com\\\/farmacia\\\/sl\\\/apt\\\/promagnesol\\\/#breadcrumb\",\"itemListElement\":[{\"@type\":\"ListItem\",\"position\":1,\"name\":\"Strona g\u0142\u00f3wna\",\"item\":\"https:\\\/\\\/www.clinicaalthea.com\\\/farmacia\\\/\"},{\"@type\":\"ListItem\",\"position\":2,\"name\":\"Produkty\",\"item\":\"https:\\\/\\\/www.clinicaalthea.com\\\/farmacia\\\/\"},{\"@type\":\"ListItem\",\"position\":3,\"name\":\"Promagnesol\"}]},{\"@type\":\"WebSite\",\"@id\":\"https:\\\/\\\/www.clinicaalthea.com\\\/farmacia\\\/#website\",\"url\":\"https:\\\/\\\/www.clinicaalthea.com\\\/farmacia\\\/\",\"name\":\"Clinica Althea\",\"description\":\"\",\"publisher\":{\"@id\":\"https:\\\/\\\/www.clinicaalthea.com\\\/farmacia\\\/#organization\"},\"potentialAction\":[{\"@type\":\"SearchAction\",\"target\":{\"@type\":\"EntryPoint\",\"urlTemplate\":\"https:\\\/\\\/www.clinicaalthea.com\\\/farmacia\\\/?s={search_term_string}\"},\"query-input\":{\"@type\":\"PropertyValueSpecification\",\"valueRequired\":true,\"valueName\":\"search_term_string\"}}],\"inLanguage\":\"pl-PL\"},{\"@type\":\"Organization\",\"@id\":\"https:\\\/\\\/www.clinicaalthea.com\\\/farmacia\\\/#organization\",\"name\":\"Clinica Althea\",\"url\":\"https:\\\/\\\/www.clinicaalthea.com\\\/farmacia\\\/\",\"logo\":{\"@type\":\"ImageObject\",\"inLanguage\":\"pl-PL\",\"@id\":\"https:\\\/\\\/www.clinicaalthea.com\\\/farmacia\\\/#\\\/schema\\\/logo\\\/image\\\/\",\"url\":\"https:\\\/\\\/www.clinicaalthea.com\\\/farmacia\\\/wp-content\\\/uploads\\\/2023\\\/12\\\/Jak-diagnozuje-sie-FAS_-objawy-kryteria-diagnostyczne-i-metody-diagnozowania-154162903.jpg\",\"contentUrl\":\"https:\\\/\\\/www.clinicaalthea.com\\\/farmacia\\\/wp-content\\\/uploads\\\/2023\\\/12\\\/Jak-diagnozuje-sie-FAS_-objawy-kryteria-diagnostyczne-i-metody-diagnozowania-154162903.jpg\",\"width\":1216,\"height\":832,\"caption\":\"Clinica Althea\"},\"image\":{\"@id\":\"https:\\\/\\\/www.clinicaalthea.com\\\/farmacia\\\/#\\\/schema\\\/logo\\\/image\\\/\"}}]}<\/script>\n<!-- \/ Yoast SEO plugin. -->","yoast_head_json":{"title":"Promagnesol - Clinica Althea","robots":{"index":"index","follow":"follow","max-snippet":"max-snippet:-1","max-image-preview":"max-image-preview:large","max-video-preview":"max-video-preview:-1"},"canonical":"https:\/\/www.clinicaalthea.com\/farmacia\/sl\/apt\/promagnesol\/","og_locale":"pl_PL","og_type":"article","og_title":"Promagnesol - Clinica Althea","og_description":"45.00 \u20ac 90.00 \u20ac","og_url":"https:\/\/www.clinicaalthea.com\/farmacia\/sl\/apt\/promagnesol\/","og_site_name":"Clinica Althea","article_modified_time":"2024-03-23T08:43:09+00:00","og_image":[{"width":768,"height":768,"url":"https:\/\/www.clinicaalthea.com\/farmacia\/wp-content\/uploads\/2024\/03\/Promagnesol.jpg","type":"image\/jpeg"}],"twitter_card":"summary_large_image","twitter_misc":{"Szacowany czas czytania":"8 minut"},"schema":{"@context":"https:\/\/schema.org","@graph":[{"@type":"WebPage","@id":"https:\/\/www.clinicaalthea.com\/farmacia\/sl\/apt\/promagnesol\/","url":"https:\/\/www.clinicaalthea.com\/farmacia\/sl\/apt\/promagnesol\/","name":"Promagnesol - Clinica Althea","isPartOf":{"@id":"https:\/\/www.clinicaalthea.com\/farmacia\/#website"},"primaryImageOfPage":{"@id":"https:\/\/www.clinicaalthea.com\/farmacia\/sl\/apt\/promagnesol\/#primaryimage"},"image":{"@id":"https:\/\/www.clinicaalthea.com\/farmacia\/sl\/apt\/promagnesol\/#primaryimage"},"thumbnailUrl":"https:\/\/www.clinicaalthea.com\/farmacia\/wp-content\/uploads\/2024\/03\/Promagnesol.jpg","datePublished":"2024-03-23T08:43:06+00:00","dateModified":"2024-03-23T08:43:09+00:00","breadcrumb":{"@id":"https:\/\/www.clinicaalthea.com\/farmacia\/sl\/apt\/promagnesol\/#breadcrumb"},"inLanguage":"pl-PL","potentialAction":[{"@type":"ReadAction","target":["https:\/\/www.clinicaalthea.com\/farmacia\/sl\/apt\/promagnesol\/"]}]},{"@type":"ImageObject","inLanguage":"pl-PL","@id":"https:\/\/www.clinicaalthea.com\/farmacia\/sl\/apt\/promagnesol\/#primaryimage","url":"https:\/\/www.clinicaalthea.com\/farmacia\/wp-content\/uploads\/2024\/03\/Promagnesol.jpg","contentUrl":"https:\/\/www.clinicaalthea.com\/farmacia\/wp-content\/uploads\/2024\/03\/Promagnesol.jpg","width":768,"height":768,"caption":"Promagnesol"},{"@type":"BreadcrumbList","@id":"https:\/\/www.clinicaalthea.com\/farmacia\/sl\/apt\/promagnesol\/#breadcrumb","itemListElement":[{"@type":"ListItem","position":1,"name":"Strona g\u0142\u00f3wna","item":"https:\/\/www.clinicaalthea.com\/farmacia\/"},{"@type":"ListItem","position":2,"name":"Produkty","item":"https:\/\/www.clinicaalthea.com\/farmacia\/"},{"@type":"ListItem","position":3,"name":"Promagnesol"}]},{"@type":"WebSite","@id":"https:\/\/www.clinicaalthea.com\/farmacia\/#website","url":"https:\/\/www.clinicaalthea.com\/farmacia\/","name":"Clinica Althea","description":"","publisher":{"@id":"https:\/\/www.clinicaalthea.com\/farmacia\/#organization"},"potentialAction":[{"@type":"SearchAction","target":{"@type":"EntryPoint","urlTemplate":"https:\/\/www.clinicaalthea.com\/farmacia\/?s={search_term_string}"},"query-input":{"@type":"PropertyValueSpecification","valueRequired":true,"valueName":"search_term_string"}}],"inLanguage":"pl-PL"},{"@type":"Organization","@id":"https:\/\/www.clinicaalthea.com\/farmacia\/#organization","name":"Clinica Althea","url":"https:\/\/www.clinicaalthea.com\/farmacia\/","logo":{"@type":"ImageObject","inLanguage":"pl-PL","@id":"https:\/\/www.clinicaalthea.com\/farmacia\/#\/schema\/logo\/image\/","url":"https:\/\/www.clinicaalthea.com\/farmacia\/wp-content\/uploads\/2023\/12\/Jak-diagnozuje-sie-FAS_-objawy-kryteria-diagnostyczne-i-metody-diagnozowania-154162903.jpg","contentUrl":"https:\/\/www.clinicaalthea.com\/farmacia\/wp-content\/uploads\/2023\/12\/Jak-diagnozuje-sie-FAS_-objawy-kryteria-diagnostyczne-i-metody-diagnozowania-154162903.jpg","width":1216,"height":832,"caption":"Clinica Althea"},"image":{"@id":"https:\/\/www.clinicaalthea.com\/farmacia\/#\/schema\/logo\/image\/"}}]}},"lang":"sl","translations":{"sl":2115,"fr":2107,"cs":2105,"de":2108,"hu":2109,"it":2110,"sk":2111,"sv":2112,"bg":2113,"et":2114},"pll_sync_post":[],"_links":{"self":[{"href":"https:\/\/www.clinicaalthea.com\/farmacia\/wp-json\/wp\/v2\/product\/2115","targetHints":{"allow":["GET"]}}],"collection":[{"href":"https:\/\/www.clinicaalthea.com\/farmacia\/wp-json\/wp\/v2\/product"}],"about":[{"href":"https:\/\/www.clinicaalthea.com\/farmacia\/wp-json\/wp\/v2\/types\/product"}],"replies":[{"embeddable":true,"href":"https:\/\/www.clinicaalthea.com\/farmacia\/wp-json\/wp\/v2\/comments?post=2115"}],"wp:featuredmedia":[{"embeddable":true,"href":"https:\/\/www.clinicaalthea.com\/farmacia\/wp-json\/wp\/v2\/media\/2106"}],"wp:attachment":[{"href":"https:\/\/www.clinicaalthea.com\/farmacia\/wp-json\/wp\/v2\/media?parent=2115"}],"wp:term":[{"taxonomy":"product_brand","embeddable":true,"href":"https:\/\/www.clinicaalthea.com\/farmacia\/wp-json\/wp\/v2\/product_brand?post=2115"},{"taxonomy":"product_cat","embeddable":true,"href":"https:\/\/www.clinicaalthea.com\/farmacia\/wp-json\/wp\/v2\/product_cat?post=2115"},{"taxonomy":"product_tag","embeddable":true,"href":"https:\/\/www.clinicaalthea.com\/farmacia\/wp-json\/wp\/v2\/product_tag?post=2115"}],"curies":[{"name":"wp","href":"https:\/\/api.w.org\/{rel}","templated":true}]}}