{"id":2114,"date":"2024-03-23T09:42:12","date_gmt":"2024-03-23T08:42:12","guid":{"rendered":"https:\/\/mayoguide.org\/produkty\/?post_type=product&#038;p=2114"},"modified":"2024-03-23T09:43:10","modified_gmt":"2024-03-23T08:43:10","slug":"promagnesol","status":"publish","type":"product","link":"https:\/\/www.clinicaalthea.com\/farmacia\/et\/apt\/promagnesol\/","title":{"rendered":"Promagnesol"},"content":{"rendered":"\n<p>Kas olete juba kuulnud <b>Promagnesolist<\/b>? See uuenduslik <b>toidulisand<\/b> pakub kehale <b>looduslikku tuge<\/b> valu leevendamisel ja \u00fcldise heaolu parandamisel. Kuid kas <b>Promagnesol<\/b> t\u00f5esti toimib? Milline on <b>kasutajate<\/b> <b>tagasiside<\/b> selle toote kohta? Ja pealegi, millised on <b>Promagnesoli<\/b> koostisosad ja <b>m\u00f5ju<\/b>? Uurige, kuidas Promagnesol v\u00f5ib muuta teie elu.<\/p>\n\n\n\n<h3 class=\"wp-block-heading\" id=\"h-kluczowe-informacje\">Peamised andmed:<\/h3>\n\n\n\n<ul class=\"wp-block-list\">\n<li>Promagnesol on uuenduslik <b>toidulisand<\/b>, mis pakub <b>looduslikku tuge<\/b> valu leevendamiseks ja teie elu parandamiseks.<\/li>\n\n\n\n<li><b>Kasutajate hinnangud<\/b> kinnitavad Promagnesoli t\u00f5husust erinevate valude leevendamisel ja \u00fcldise heaolu parandamisel.<\/li>\n\n\n\n<li>Promagnesoli<b>koostis<\/b> p\u00f5hineb t\u00e4iustatud magnetoteraapia tehnoloogial, milles kasutatakse <b>neod\u00fc\u00fcmimagneteid<\/b>, <b>anioone<\/b>, pehmet veluuri ja <b>geelisisendit<\/b>.<\/li>\n\n\n\n<li>Promagnesoli regulaarne <b>kasutamine<\/b> annab tervisele kasu, sealhulgas valu v\u00e4henemine, paranenud vereringe, <b>v\u00e4henenud turse<\/b> ja paranenud liikuvus.<\/li>\n\n\n\n<li>Promagnesol on ohutu kasutada, kuid enne toidulisandi kasutamise alustamist on alati soovitatav konsulteerida arstiga.<\/li>\n<\/ul>\n\n\n\n<h2 class=\"wp-block-heading\" id=\"h-co-to-jest-promagnesol\">Mis on Promagnesol?<\/h2>\n\n\n\n<p>Promagnesol on uuenduslik magnetiline tallatoode, mis on m\u00f5eldud inimestele, kes otsivad looduslikke viise valu leevendamiseks ja mugavuse parandamiseks. See on midagi enamat kui tavalised <b>magnetilised sisetallad<\/b>, kuna keskendub terviklikule l\u00e4henemisele valu v\u00e4hendamisele. Promagnesol kasutab t\u00e4iustatud magnetoteraapiatehnoloogiat, mis m\u00f5jutab magnetv\u00e4lja ja inimkeha vahelist koostoimet.<\/p>\n\n\n\n<h3 class=\"wp-block-heading\" id=\"h-promagnesol-holistyczne-wsparcie-dla-twojego-zdrowia\">Promagnesol &#8211; terviklik toetus teie tervisele<\/h3>\n\n\n\n<p>Promagnesol on toode, mis on m\u00f5eldud inimestele, kes kannatavad erinevat t\u00fc\u00fcpi valu all. Promagnesol <b>magnetilised tallad<\/b> pakuvad terviklikku tuge teie tervisele, stimuleerides keha loomulikku paranemisprotsessi. Kasutades t\u00e4iustatud magnetoteraapiatehnoloogiat, m\u00f5jutab Promagnesol teie keha \u00fcmbritsevat <b>magnetv\u00e4lja<\/b>, mis v\u00f5ib kiirendada taastumisprotsessi, v\u00e4hendada valu ja parandada teie \u00fcldist heaolu.<\/p>\n\n\n\n<p>Promagnesoli toime p\u00f5hineb p\u00f5him\u00f5ttel, et <b>magnetpadjadest<\/b> tekitatud <b>magnetv\u00e4li<\/b> tungib l\u00e4bi naha ning m\u00f5jutab keha rakke ja kudesid. Stimulatsioon toimub rakutasandil, aidates parandada vereringet, detoksifitseerida keha ja v\u00e4hendada stressi.<\/p>\n\n\n\n<p>Promagnesol pakub kehale <b>loomulikku tuge<\/b> valu leevendamisel, une kvaliteedi parandamisel ja eluenergia suurendamisel. Promagnesol magnetilised tallad on lihtsad kasutada ja neid saab kanda kogu p\u00e4eva jooksul, ilma et oleks vaja lisateraapiaid. Selle tulemusena saate magnetoteraapia m\u00f5judest kasu igal pool ja igal ajal.<\/p>\n\n\n\n<h2 class=\"wp-block-heading\" id=\"h-jak-dziala-promagnesol\">Kuidas Promagnesol toimib?<\/h2>\n\n\n\n<p>Promagnesol toimib, kasutades t\u00e4iustatud magnetoteraapiatehnoloogiat. Magnetilised tallad tekitavad k\u00f5rge energiaga <b>magnetv\u00e4lja<\/b>, mis stimuleerib jalgades asuvaid retseptoreid ja m\u00f5jutab erinevaid kehaosasid. Selle tulemusena v\u00e4hendab Promagnesol t\u00f5husalt reumaatilist valu, kroonilist ebamugavustunnet ja turset. Magnetv\u00e4li m\u00f5jutab ka keha taastumisv\u00f5imet, kiirendades haavade paranemisprotsessi ja v\u00e4hendades p\u00f5letikku.<\/p>\n\n\n\n<p>Promagnesoli poolt rakendatav<b>magnetravi<\/b> kasutab magnetv\u00e4lja omadusi inimkeha m\u00f5jutamiseks. Promagnesoli magnetilised tallad tagavad pideva kontakti magnetv\u00e4ljaga kogu <b>kandmisperioodi<\/b> v\u00e4ltel, mis v\u00f5imaldab s\u00fcstemaatilist ravi.<\/p>\n\n\n\n<h3 class=\"wp-block-heading\" id=\"h-korzysci-z-magnetoterapii\">Magnetoteraapia eelised:<\/h3>\n\n\n\n<ul class=\"wp-block-list\">\n<li>Reuma-, liiges- ja<b>lihasvalu v\u00e4hendamine<\/b> <\/li>\n\n\n\n<li>Turse v\u00e4henemine<\/li>\n\n\n\n<li>Vereringe paranemine<\/li>\n\n\n\n<li>Haavade paranemise kiirendamine<\/li>\n\n\n\n<li>Keha taastumisv\u00f5ime parandamine<\/li>\n<\/ul>\n\n\n\n<p>Promagnesol magnetilised tallad on ohutud ja t\u00f5husad erinevate vaevuste leevendamisel. T\u00e4nu magnetoteraapia arenenud tehnoloogiale muutub magnetv\u00e4ljade m\u00f5ju kehale lihtsaks ja mugavaks viisiks, mis parandab tervist ja mugavust igap\u00e4evaelus.<\/p>\n\n\n\n<figure class=\"wp-block-table\"><table><tbody><tr><th>Promagnesoli eelised<\/th><th>N\u00e4iteid terviseh\u00e4dadest, mille puhul see toimib<\/th><\/tr><tr><td><b>Valu v\u00e4hendamine<\/b><\/td><td>Reumaatiline valu<br>Liigesevalu<br>Lihasvalu<\/td><\/tr><tr><td>Turse v\u00e4hendamine<\/td><td>Liigeste tursed<br>Traumaj\u00e4rgsed tursed<br>Operatsioonij\u00e4rgne turse<\/td><\/tr><tr><td>Vereringe parandamine<\/td><td>Tsirkulatsiooni puuduj\u00e4\u00e4k<br>Vaskulaarset p\u00e4ritolu<br>Koagulatsioonih\u00e4ired<\/td><\/tr><tr><td>Haavade paranemise kiirendamine<\/td><td>Traumaj\u00e4rgsed haavad<br>Operatsioonij\u00e4rgsed haavad<br>Vigastused<\/td><\/tr><tr><td>Organismi taastumisv\u00f5ime parandamine<\/td><td>Taastumisprobleemid<br>Krooniline v\u00e4simus<br>N\u00f5rgenenud organism<\/td><\/tr><\/tbody><\/table><\/figure>\n\n\n\n<h2 class=\"wp-block-heading\" id=\"h-promagnesol-efekty-stosowania\">Promagnesol &#8211; kohaldamise m\u00f5ju<\/h2>\n\n\n\n<p>Promagnesol magnetiliste sisetaldade<b>kasutamine<\/b> annab m\u00e4rgatavaid tulemusi, mis avaldavad positiivset m\u00f5ju tervisele ja igap\u00e4evasele heaolule. Kasutades t\u00e4iustatud magnetoteraapia tehnoloogiat, v\u00e4hendab Promagnesol t\u00f5husalt valu, parandab vereringet, v\u00e4hendab turseid ja suurendab liikuvust. Lisaks sellele soodustavad Promagnesol&#8217;i tallad keha regenereerimist, kiirendavad haavade paranemist ja leevendavad p\u00f5letikku.<\/p>\n\n\n\n<ul class=\"wp-block-list\">\n<li><strong>Valu v\u00e4hendamine:<\/strong> Promagnesol&#8217;i sisetaldades kasutatav magnetteraapia leevendab erinevaid valusid, sealhulgas reuma-, liiges- ja lihasvalu.<\/li>\n\n\n\n<li><strong>Paranenud vereringe:<\/strong> Promagnesol&#8217;i sisetaldade tekitatud magnetv\u00e4li aitab parandada vereringet, mis aitab kaasa kudede paremale varustamisele hapniku ja toitainetega.<\/li>\n\n\n\n<li><strong>Turse v\u00e4henemine:<\/strong> Promagnesol v\u00e4hendab t\u00f5husalt turset, mis v\u00f5imaldab kehal kiiremini taastuda.<\/li>\n\n\n\n<li><strong>Parem liikuvus:<\/strong> Parandades liigeste ja lihaskonna seisundit, avaldavad Promagnesol&#8217;i sisetallad positiivset m\u00f5ju keha liikuvuse suurendamisele.<\/li>\n\n\n\n<li><strong>Taastumine:<\/strong> Promagnesoli regulaarne <b>kasutamine<\/b> toetab organismi loomulikke taastumisprotsesse, kiirendab haavade paranemist ja tugevdab immuuns\u00fcsteemi.<\/li>\n<\/ul>\n\n\n\n<h2 class=\"wp-block-heading\" id=\"h-dawkowanie-promagnesol-jak-stosowac\">Promagnesoli annustamine &#8211; kuidas kasutada?<\/h2>\n\n\n\n<p>Promagnesol&#8217;i t\u00f5hus kasutamine p\u00f5hineb sisetalla regulaarsel kandmisel ja m\u00f5ne lihtsa reegli j\u00e4rgimisel:<\/p>\n\n\n\n<ul class=\"wp-block-list\">\n<li>Kasutage sisetalda iga p\u00e4ev 6-8 tundi p\u00e4evas.<\/li>\n\n\n\n<li>Sisetaldade kandmine puhaste ja kuivade jalgade peal suurendab t\u00f5husust.<\/li>\n\n\n\n<li>Valige \u00f5ige suurusega sisetallad, et tagada optimaalne sobivus ja <b>tulemus<\/b>.<\/li>\n\n\n\n<li>Valige <b>mugavad jalan\u00f5ud<\/b>, mis v\u00f5imaldavad teil sisetaldasid mugavalt kanda pikema aja jooksul.<\/li>\n<\/ul>\n\n\n\n<p>Promagnesol sisetaldade regulaarne kasutamine on v\u00f5tmet\u00e4htsusega, kuna <b>magnetoteraapia<\/b> toimib j\u00e4rk-j\u00e4rgult. Parima tulemuse saavutamiseks on oluline olla j\u00e4rjepidev ja s\u00fcstemaatiline sisetaldade kandmisel.<\/p>\n\n\n\n<h2 class=\"wp-block-heading\" id=\"h-promagnesol-skutki-uboczne-i-przeciwwskazania\">Promagnesol &#8211; k\u00f5rvaltoimed ja vastun\u00e4idustused<\/h2>\n\n\n\n<p>Promagnesol on toode, millel puuduvad teadaolevad t\u00f5sised k\u00f5rvaltoimed. Sellegipoolest on nagu iga toidulisandi puhul mitmeid vastun\u00e4idustusi ja ettevaatusabin\u00f5usid. Inimesed, kes on rasedad, imetavad ja need, kellel on olemasolevad terviseh\u00e4ired v\u00f5i kes v\u00f5tavad ravimeid, peaksid enne toidulisandi v\u00f5tmist konsulteerima arstiga.<\/p>\n\n\n\n<p>Promagnesol on loodud kasutajate <b>ohutust<\/b> silmas pidades, kuid alati on soovitatav olla ettevaatlik ja konsulteerida spetsialistiga.<\/p>\n\n\n\n<h2 class=\"wp-block-heading\" id=\"h-wady-i-zalety-promagnesol\">Promagnesoli eelised ja puudused<\/h2>\n\n\n\n<p>Looduslikul magnetoteraapial p\u00f5hineva tootena on Promagnesolil mitmeid eeliseid, mis toetavad selle kasutamist. \u00dcks peamisi eeliseid on see, et looduslikust magnetoteraapiast on v\u00f5imalik kasu saada, ilma et peaks v\u00f5tma ravimeid v\u00f5i l\u00e4bima invasiivseid protseduure. Promagnesoliga on v\u00f5imalik leevendada valu ja parandada elumugavust loomulikul viisil.<\/p>\n\n\n\n<p>Promagnesol&#8217;i sissekannete kasutamine on t\u00e4iesti valutu ja mitteinvasiivne. Ei ole vaja v\u00f5tta tablette ega l\u00e4bida operatsiooni. Sisetalda saab kanda kogu p\u00e4eva jooksul, pakkudes pikaajalist magnetoteraapia efekti ilma ebamugavustundeta.<\/p>\n\n\n\n<p>Promagnesol on ka <b>mitmek\u00fclgne<\/b>, aidates leevendada erinevaid vaevusi. Sisetallad v\u00f5ivad leevendada reumaatilisi valusid, liigesevalu, lihasvalu ja v\u00e4hendada t\u00f5husalt turseid. Lisaks m\u00f5jub Promagnesol positiivselt organismi taastumisv\u00f5imele, kiirendades haavade paranemist ja v\u00e4hendades p\u00f5letikku.<\/p>\n\n\n\n<p>Oluline on siiski meeles pidada, et optimaalse tulemuse saavutamiseks on oluline sisetalla s\u00fcstemaatiline kasutamine. Magnetoteraapia <b>m\u00f5ju<\/b> ei ole kohene ja n\u00f5uab aega. Selle potentsiaali maksimeerimiseks tasub olla kannatlik ja kasutada Promagnesol&#8217;i regulaarselt.<\/p>\n\n\n\n<h2 class=\"wp-block-heading\" id=\"h-promagnesol-sklad-co-zawiera\">Promagnesol &#8211; koostis &#8211; mida see sisaldab?<\/h2>\n\n\n\n<p>Promagnesoli<b>koostis<\/b> p\u00f5hineb neod\u00fc\u00fcmmagnetitel, mis tekitavad magnetv\u00e4lja. Sisetald on valmistatud lateksist ja pealispoolel on pehme <b>veluurikiht<\/b>. Promagnesol sisaldab ka <b>anioone<\/b>, mis neutraliseerivad liigset positiivset laengut organismis. Lisaks on sisetallal geelpadi, mis pehmendab ja v\u00e4hendab k\u00f5ndimisel tekkivaid p\u00f5rutusi.<\/p>\n\n\n\n<h2 class=\"wp-block-heading\" id=\"h-promagnesol-opinie-i-recenzje-co-mowia-uzytkownicy\">Promagnesol &#8211; arvamused ja arvustused &#8211; mida \u00fctlevad kasutajad?<\/h2>\n\n\n\n<p><b>Kasutajate arvamused<\/b> Promagnesoli kohta on erinevad, kuid enamik kinnitab selle t\u00f5husust valu leevendamisel ja mugavuse parandamisel. <b>Kasutajad<\/b> hindavad v\u00f5imalust saada kasu looduslikust magnetoteraapiast kodus ja sisetalla kandmise mugavust. <b>Arvamused<\/b> v\u00f5ivad erineda, kuna iga keha reageerib individuaalselt, kuid paljud kasutajad n\u00e4evad positiivset <b>m\u00f5ju<\/b>.<\/p>\n\n\n\n<blockquote class=\"wp-block-quote is-layout-flow wp-block-quote-is-layout-flow\">\n<p><em>Ma olen v\u00e4ga rahul m\u00f5juga, mida Promagnesol on mulle toonud! Olin pikka aega v\u00f5idelnud paistes liigesedega, mis piirasid tugevalt minu igap\u00e4evaseid tegevusi. P\u00e4rast nende sisetaldade kasutamist m\u00e4rkasin, et turse on oluliselt v\u00e4henenud ja valu on muutunud palju v\u00e4hemaks. Lisaks m\u00e4rkasin oma \u00fcldise enesetunde ja eluj\u00f5u paranemist. Soovitan seda toodet k\u00f5igile, kes otsivad t\u00f5husat ja loomulikku viisi oma heaolu parandamiseks!<\/em><\/p>\n<\/blockquote>\n\n\n\n<blockquote class=\"wp-block-quote is-layout-flow wp-block-quote-is-layout-flow\">\n<p><em>Alates sellest, kui hakkasin kasutama Promagnesoli, on minu elu muutunud paremaks! Ma kannatasin krooniliste lihas- ja liigesevalude all, mis raskendasid minu igap\u00e4evast toimetulekut. P\u00e4rast magnetiliste sisetaldade regulaarset kandmist m\u00e4rkasin m\u00e4rkimisv\u00e4\u00e4rset paranemist. Valu muutus v\u00e4hem h\u00e4irivaks ja minu liikumisv\u00f5ime paranes oluliselt. Soovitan k\u00f5igile, kes otsivad loomulikku valuvaigistust!<\/em><\/p>\n<\/blockquote>\n\n\n\n<h2 class=\"wp-block-heading\" id=\"h-gdzie-kupic-promagnesol\">Kust osta Promagnesol?<\/h2>\n\n\n\n<p>Promagnesol on uuenduslik toode, mis v\u00f5ib leevendada valu ja parandada teie elukvaliteeti. Kui olete huvitatud sellest, <b>kust osta<\/b> Promagnesol, on mitmeid v\u00f5imalusi, mida kaaluda. Promagnesol&#8217;i leiate erinevatest kohtadest internetis, kuid soovitame osta otse ametlikust tootjast.<\/p>\n\n\n\n<p>Tootja veebilehelt leiate kogu vajaliku teabe toote kohta, sealhulgas <b>koostise<\/b>, kasutamissoovitused, hinna ja praegused kampaaniad. Ostes ametlikust tootjast, v\u00f5ite olla kindel, et saate originaalse ja kvaliteetse toote, mis vastab teie ootustele.<\/p>\n\n\n\n<p>Lisaks sellele v\u00f5imaldab ametlikust tootjast ostes saada kasu v\u00f5imalikust garantiist ostetud kaupadele. Kui teil on toote kohta k\u00fcsimusi v\u00f5i soovite lisateavet, saab tootja pakkuda teile asjatundlikku n\u00f5u ja tuge.<\/p>\n","protected":false},"excerpt":{"rendered":"<p><strong>61.00 \u20ac<\/strong><\/p>\n<p><del>122.00 \u20ac<\/del><\/p>\n<p><strong>[date_countdown]<\/strong><\/p>\n","protected":false},"featured_media":2106,"comment_status":"open","ping_status":"closed","template":"","meta":{"neve_meta_sidebar":"","neve_meta_container":"","neve_meta_enable_content_width":"","neve_meta_content_width":0,"neve_meta_title_alignment":"","neve_meta_author_avatar":"","neve_post_elements_order":"","neve_meta_disable_header":"","neve_meta_disable_footer":"","neve_meta_disable_title":"","neve_meta_reading_time":""},"product_brand":[],"product_cat":[201],"product_tag":[],"class_list":{"0":"post-2114","1":"product","2":"type-product","3":"status-publish","4":"has-post-thumbnail","6":"product_cat-tervis","8":"first","9":"instock","10":"shipping-taxable","11":"product-type-external"},"yoast_head":"<!-- This site is optimized with the Yoast SEO plugin v27.4 - https:\/\/yoast.com\/product\/yoast-seo-wordpress\/ -->\n<title>Promagnesol - Clinica Althea<\/title>\n<meta name=\"robots\" content=\"index, follow, max-snippet:-1, max-image-preview:large, max-video-preview:-1\" \/>\n<link rel=\"canonical\" href=\"https:\/\/www.clinicaalthea.com\/farmacia\/et\/apt\/promagnesol\/\" \/>\n<meta property=\"og:locale\" content=\"pl_PL\" \/>\n<meta property=\"og:type\" content=\"article\" \/>\n<meta property=\"og:title\" content=\"Promagnesol - Clinica Althea\" \/>\n<meta property=\"og:description\" content=\"61.00 \u20ac 122.00 \u20ac\" \/>\n<meta property=\"og:url\" content=\"https:\/\/www.clinicaalthea.com\/farmacia\/et\/apt\/promagnesol\/\" \/>\n<meta property=\"og:site_name\" content=\"Clinica Althea\" \/>\n<meta property=\"article:modified_time\" content=\"2024-03-23T08:43:10+00:00\" \/>\n<meta property=\"og:image\" content=\"https:\/\/www.clinicaalthea.com\/farmacia\/wp-content\/uploads\/2024\/03\/Promagnesol.jpg\" \/>\n\t<meta property=\"og:image:width\" content=\"768\" \/>\n\t<meta property=\"og:image:height\" content=\"768\" \/>\n\t<meta property=\"og:image:type\" content=\"image\/jpeg\" \/>\n<meta name=\"twitter:card\" content=\"summary_large_image\" \/>\n<meta name=\"twitter:label1\" content=\"Szacowany czas czytania\" \/>\n\t<meta name=\"twitter:data1\" content=\"7 minut\" \/>\n<script type=\"application\/ld+json\" class=\"yoast-schema-graph\">{\"@context\":\"https:\\\/\\\/schema.org\",\"@graph\":[{\"@type\":\"WebPage\",\"@id\":\"https:\\\/\\\/www.clinicaalthea.com\\\/farmacia\\\/et\\\/apt\\\/promagnesol\\\/\",\"url\":\"https:\\\/\\\/www.clinicaalthea.com\\\/farmacia\\\/et\\\/apt\\\/promagnesol\\\/\",\"name\":\"Promagnesol - Clinica Althea\",\"isPartOf\":{\"@id\":\"https:\\\/\\\/www.clinicaalthea.com\\\/farmacia\\\/#website\"},\"primaryImageOfPage\":{\"@id\":\"https:\\\/\\\/www.clinicaalthea.com\\\/farmacia\\\/et\\\/apt\\\/promagnesol\\\/#primaryimage\"},\"image\":{\"@id\":\"https:\\\/\\\/www.clinicaalthea.com\\\/farmacia\\\/et\\\/apt\\\/promagnesol\\\/#primaryimage\"},\"thumbnailUrl\":\"https:\\\/\\\/www.clinicaalthea.com\\\/farmacia\\\/wp-content\\\/uploads\\\/2024\\\/03\\\/Promagnesol.jpg\",\"datePublished\":\"2024-03-23T08:42:12+00:00\",\"dateModified\":\"2024-03-23T08:43:10+00:00\",\"breadcrumb\":{\"@id\":\"https:\\\/\\\/www.clinicaalthea.com\\\/farmacia\\\/et\\\/apt\\\/promagnesol\\\/#breadcrumb\"},\"inLanguage\":\"pl-PL\",\"potentialAction\":[{\"@type\":\"ReadAction\",\"target\":[\"https:\\\/\\\/www.clinicaalthea.com\\\/farmacia\\\/et\\\/apt\\\/promagnesol\\\/\"]}]},{\"@type\":\"ImageObject\",\"inLanguage\":\"pl-PL\",\"@id\":\"https:\\\/\\\/www.clinicaalthea.com\\\/farmacia\\\/et\\\/apt\\\/promagnesol\\\/#primaryimage\",\"url\":\"https:\\\/\\\/www.clinicaalthea.com\\\/farmacia\\\/wp-content\\\/uploads\\\/2024\\\/03\\\/Promagnesol.jpg\",\"contentUrl\":\"https:\\\/\\\/www.clinicaalthea.com\\\/farmacia\\\/wp-content\\\/uploads\\\/2024\\\/03\\\/Promagnesol.jpg\",\"width\":768,\"height\":768,\"caption\":\"Promagnesol\"},{\"@type\":\"BreadcrumbList\",\"@id\":\"https:\\\/\\\/www.clinicaalthea.com\\\/farmacia\\\/et\\\/apt\\\/promagnesol\\\/#breadcrumb\",\"itemListElement\":[{\"@type\":\"ListItem\",\"position\":1,\"name\":\"Strona g\u0142\u00f3wna\",\"item\":\"https:\\\/\\\/www.clinicaalthea.com\\\/farmacia\\\/\"},{\"@type\":\"ListItem\",\"position\":2,\"name\":\"Produkty\",\"item\":\"https:\\\/\\\/www.clinicaalthea.com\\\/farmacia\\\/\"},{\"@type\":\"ListItem\",\"position\":3,\"name\":\"Promagnesol\"}]},{\"@type\":\"WebSite\",\"@id\":\"https:\\\/\\\/www.clinicaalthea.com\\\/farmacia\\\/#website\",\"url\":\"https:\\\/\\\/www.clinicaalthea.com\\\/farmacia\\\/\",\"name\":\"Clinica Althea\",\"description\":\"\",\"publisher\":{\"@id\":\"https:\\\/\\\/www.clinicaalthea.com\\\/farmacia\\\/#organization\"},\"potentialAction\":[{\"@type\":\"SearchAction\",\"target\":{\"@type\":\"EntryPoint\",\"urlTemplate\":\"https:\\\/\\\/www.clinicaalthea.com\\\/farmacia\\\/?s={search_term_string}\"},\"query-input\":{\"@type\":\"PropertyValueSpecification\",\"valueRequired\":true,\"valueName\":\"search_term_string\"}}],\"inLanguage\":\"pl-PL\"},{\"@type\":\"Organization\",\"@id\":\"https:\\\/\\\/www.clinicaalthea.com\\\/farmacia\\\/#organization\",\"name\":\"Clinica Althea\",\"url\":\"https:\\\/\\\/www.clinicaalthea.com\\\/farmacia\\\/\",\"logo\":{\"@type\":\"ImageObject\",\"inLanguage\":\"pl-PL\",\"@id\":\"https:\\\/\\\/www.clinicaalthea.com\\\/farmacia\\\/#\\\/schema\\\/logo\\\/image\\\/\",\"url\":\"https:\\\/\\\/www.clinicaalthea.com\\\/farmacia\\\/wp-content\\\/uploads\\\/2023\\\/12\\\/Jak-diagnozuje-sie-FAS_-objawy-kryteria-diagnostyczne-i-metody-diagnozowania-154162903.jpg\",\"contentUrl\":\"https:\\\/\\\/www.clinicaalthea.com\\\/farmacia\\\/wp-content\\\/uploads\\\/2023\\\/12\\\/Jak-diagnozuje-sie-FAS_-objawy-kryteria-diagnostyczne-i-metody-diagnozowania-154162903.jpg\",\"width\":1216,\"height\":832,\"caption\":\"Clinica Althea\"},\"image\":{\"@id\":\"https:\\\/\\\/www.clinicaalthea.com\\\/farmacia\\\/#\\\/schema\\\/logo\\\/image\\\/\"}}]}<\/script>\n<!-- \/ Yoast SEO plugin. -->","yoast_head_json":{"title":"Promagnesol - Clinica Althea","robots":{"index":"index","follow":"follow","max-snippet":"max-snippet:-1","max-image-preview":"max-image-preview:large","max-video-preview":"max-video-preview:-1"},"canonical":"https:\/\/www.clinicaalthea.com\/farmacia\/et\/apt\/promagnesol\/","og_locale":"pl_PL","og_type":"article","og_title":"Promagnesol - Clinica Althea","og_description":"61.00 \u20ac 122.00 \u20ac","og_url":"https:\/\/www.clinicaalthea.com\/farmacia\/et\/apt\/promagnesol\/","og_site_name":"Clinica Althea","article_modified_time":"2024-03-23T08:43:10+00:00","og_image":[{"width":768,"height":768,"url":"https:\/\/www.clinicaalthea.com\/farmacia\/wp-content\/uploads\/2024\/03\/Promagnesol.jpg","type":"image\/jpeg"}],"twitter_card":"summary_large_image","twitter_misc":{"Szacowany czas czytania":"7 minut"},"schema":{"@context":"https:\/\/schema.org","@graph":[{"@type":"WebPage","@id":"https:\/\/www.clinicaalthea.com\/farmacia\/et\/apt\/promagnesol\/","url":"https:\/\/www.clinicaalthea.com\/farmacia\/et\/apt\/promagnesol\/","name":"Promagnesol - Clinica Althea","isPartOf":{"@id":"https:\/\/www.clinicaalthea.com\/farmacia\/#website"},"primaryImageOfPage":{"@id":"https:\/\/www.clinicaalthea.com\/farmacia\/et\/apt\/promagnesol\/#primaryimage"},"image":{"@id":"https:\/\/www.clinicaalthea.com\/farmacia\/et\/apt\/promagnesol\/#primaryimage"},"thumbnailUrl":"https:\/\/www.clinicaalthea.com\/farmacia\/wp-content\/uploads\/2024\/03\/Promagnesol.jpg","datePublished":"2024-03-23T08:42:12+00:00","dateModified":"2024-03-23T08:43:10+00:00","breadcrumb":{"@id":"https:\/\/www.clinicaalthea.com\/farmacia\/et\/apt\/promagnesol\/#breadcrumb"},"inLanguage":"pl-PL","potentialAction":[{"@type":"ReadAction","target":["https:\/\/www.clinicaalthea.com\/farmacia\/et\/apt\/promagnesol\/"]}]},{"@type":"ImageObject","inLanguage":"pl-PL","@id":"https:\/\/www.clinicaalthea.com\/farmacia\/et\/apt\/promagnesol\/#primaryimage","url":"https:\/\/www.clinicaalthea.com\/farmacia\/wp-content\/uploads\/2024\/03\/Promagnesol.jpg","contentUrl":"https:\/\/www.clinicaalthea.com\/farmacia\/wp-content\/uploads\/2024\/03\/Promagnesol.jpg","width":768,"height":768,"caption":"Promagnesol"},{"@type":"BreadcrumbList","@id":"https:\/\/www.clinicaalthea.com\/farmacia\/et\/apt\/promagnesol\/#breadcrumb","itemListElement":[{"@type":"ListItem","position":1,"name":"Strona g\u0142\u00f3wna","item":"https:\/\/www.clinicaalthea.com\/farmacia\/"},{"@type":"ListItem","position":2,"name":"Produkty","item":"https:\/\/www.clinicaalthea.com\/farmacia\/"},{"@type":"ListItem","position":3,"name":"Promagnesol"}]},{"@type":"WebSite","@id":"https:\/\/www.clinicaalthea.com\/farmacia\/#website","url":"https:\/\/www.clinicaalthea.com\/farmacia\/","name":"Clinica Althea","description":"","publisher":{"@id":"https:\/\/www.clinicaalthea.com\/farmacia\/#organization"},"potentialAction":[{"@type":"SearchAction","target":{"@type":"EntryPoint","urlTemplate":"https:\/\/www.clinicaalthea.com\/farmacia\/?s={search_term_string}"},"query-input":{"@type":"PropertyValueSpecification","valueRequired":true,"valueName":"search_term_string"}}],"inLanguage":"pl-PL"},{"@type":"Organization","@id":"https:\/\/www.clinicaalthea.com\/farmacia\/#organization","name":"Clinica Althea","url":"https:\/\/www.clinicaalthea.com\/farmacia\/","logo":{"@type":"ImageObject","inLanguage":"pl-PL","@id":"https:\/\/www.clinicaalthea.com\/farmacia\/#\/schema\/logo\/image\/","url":"https:\/\/www.clinicaalthea.com\/farmacia\/wp-content\/uploads\/2023\/12\/Jak-diagnozuje-sie-FAS_-objawy-kryteria-diagnostyczne-i-metody-diagnozowania-154162903.jpg","contentUrl":"https:\/\/www.clinicaalthea.com\/farmacia\/wp-content\/uploads\/2023\/12\/Jak-diagnozuje-sie-FAS_-objawy-kryteria-diagnostyczne-i-metody-diagnozowania-154162903.jpg","width":1216,"height":832,"caption":"Clinica Althea"},"image":{"@id":"https:\/\/www.clinicaalthea.com\/farmacia\/#\/schema\/logo\/image\/"}}]}},"lang":"et","translations":{"et":2114,"fr":2107,"cs":2105,"de":2108,"hu":2109,"it":2110,"sk":2111,"sv":2112,"bg":2113,"sl":2115},"pll_sync_post":[],"_links":{"self":[{"href":"https:\/\/www.clinicaalthea.com\/farmacia\/wp-json\/wp\/v2\/product\/2114","targetHints":{"allow":["GET"]}}],"collection":[{"href":"https:\/\/www.clinicaalthea.com\/farmacia\/wp-json\/wp\/v2\/product"}],"about":[{"href":"https:\/\/www.clinicaalthea.com\/farmacia\/wp-json\/wp\/v2\/types\/product"}],"replies":[{"embeddable":true,"href":"https:\/\/www.clinicaalthea.com\/farmacia\/wp-json\/wp\/v2\/comments?post=2114"}],"wp:featuredmedia":[{"embeddable":true,"href":"https:\/\/www.clinicaalthea.com\/farmacia\/wp-json\/wp\/v2\/media\/2106"}],"wp:attachment":[{"href":"https:\/\/www.clinicaalthea.com\/farmacia\/wp-json\/wp\/v2\/media?parent=2114"}],"wp:term":[{"taxonomy":"product_brand","embeddable":true,"href":"https:\/\/www.clinicaalthea.com\/farmacia\/wp-json\/wp\/v2\/product_brand?post=2114"},{"taxonomy":"product_cat","embeddable":true,"href":"https:\/\/www.clinicaalthea.com\/farmacia\/wp-json\/wp\/v2\/product_cat?post=2114"},{"taxonomy":"product_tag","embeddable":true,"href":"https:\/\/www.clinicaalthea.com\/farmacia\/wp-json\/wp\/v2\/product_tag?post=2114"}],"curies":[{"name":"wp","href":"https:\/\/api.w.org\/{rel}","templated":true}]}}