{"id":2076,"date":"2024-03-22T15:55:32","date_gmt":"2024-03-22T14:55:32","guid":{"rendered":"https:\/\/mayoguide.org\/produkty\/?post_type=product&#038;p=2076"},"modified":"2024-03-22T15:59:13","modified_gmt":"2024-03-22T14:59:13","slug":"nutrivitalin","status":"publish","type":"product","link":"https:\/\/www.clinicaalthea.com\/farmacia\/fr\/apt\/nutrivitalin\/","title":{"rendered":"Nutrivitalin"},"content":{"rendered":"\n<p>Souffrez-vous de probl\u00e8mes de vessie ? \u00cates-vous fatigu\u00e9 de la douleur et de l&#8217;inconfort constants ? Si c&#8217;est le cas, vous devriez peut-\u00eatre vous int\u00e9resser de plus pr\u00e8s \u00e0 un compl\u00e9ment alimentaire innovant : <b>NutriVitalin<\/b>. Mais est-ce vraiment la solution que vous attendez ? Ou s&#8217;agit-il d&#8217;un \u00e9ni\u00e8me produit promettant des miracles ? Nous vous invitons \u00e0 d\u00e9couvrir comment <b>NutriVitalin<\/b> peut soutenir la sant\u00e9 de votre vessie et s&#8217;il m\u00e9rite sa popularit\u00e9.<\/p>\n\n\n\n<h3 class=\"wp-block-heading\" id=\"h-kluczowe-informacje-1\">Informations cl\u00e9s :<\/h3>\n\n\n\n<ul class=\"wp-block-list\">\n<li><b>NutriVitalin<\/b> est un <b>compl\u00e9ment alimentaire<\/b> innovant pour soutenir la sant\u00e9 de <b>la<\/b> vessie.<\/li>\n\n\n\n<li>Les ingr\u00e9dients de NutriVitalin sont des herbes et des extraits naturels soigneusement s\u00e9lectionn\u00e9s.<\/li>\n\n\n\n<li>NutriVitalin peut aider \u00e0 soulager la douleur et \u00e0 pr\u00e9venir les infections de la vessie.<\/li>\n\n\n\n<li>Le<b>compl\u00e9ment alimentaire<\/b> soutient la fonction urinaire et minimise le risque d&#8217;inflammation r\u00e9nale.<\/li>\n\n\n\n<li>NutriVitalin est disponible en pharmacie et sur le site officiel du fabricant, avec des promotions fr\u00e9quentes.<\/li>\n<\/ul>\n\n\n\n<h2 class=\"wp-block-heading\" id=\"h-co-to-jest-nutrivitalin\">Qu&#8217;est-ce que NutriVitalin ?<\/h2>\n\n\n\n<p>NutriVitalin est un <b>compl\u00e9ment alimentaire<\/b> innovant qui a \u00e9t\u00e9 d\u00e9velopp\u00e9 comme une solution potentielle pour les personnes souffrant de probl\u00e8mes de vessie. Ce produit sp\u00e9cialement formul\u00e9 est bas\u00e9 sur des herbes et des extraits soigneusement s\u00e9lectionn\u00e9s, s&#8217;inspirant des traditions de la m\u00e9decine chinoise et de l&#8217;herboristerie. NutriVitalin vise \u00e0 soulager les sympt\u00f4mes d\u00e9sagr\u00e9ables li\u00e9s \u00e0 la vessie et \u00e0 <b>agir de<\/b> mani\u00e8re causale pour contrer efficacement les probl\u00e8mes des voies urinaires.<\/p>\n\n\n\n<h2 class=\"wp-block-heading\" id=\"h-jak-dziala-nutrivitalin-efekty-stosowania\">Comment fonctionne NutriVitalin ? &#8211; Effets de l&#8217;utilisation<\/h2>\n\n\n\n<p>NutriVitalin est un compl\u00e9ment alimentaire innovant qui a de nombreux effets b\u00e9n\u00e9fiques lorsqu&#8217;il est utilis\u00e9 pour les probl\u00e8mes de vessie. L&#8217;<b>action<\/b> de ce compl\u00e9ment est de soulager les diff\u00e9rents d\u00e9sagr\u00e9ments urinaires et d&#8217;am\u00e9liorer le confort g\u00e9n\u00e9ral. Le compl\u00e9ment NutriVitalin peut \u00eatre utile pour soulager les sympt\u00f4mes tels que les <b>douleurs pendant la<\/b> miction et les <b>envies fr\u00e9quentes d&#8217;uriner<\/b>. Par son action, NutriVitalin normalise le processus de miction et r\u00e9duit l&#8217;<b>inflammation des<\/b> voies urinaires. En outre, le compl\u00e9ment soutient les muscles et la vessie, minimise le risque de r\u00e9currence des probl\u00e8mes de vessie et pr\u00e9vient l&#8217;inflammation des reins.<\/p>\n\n\n\n<h2 class=\"wp-block-heading\" id=\"h-jak-stosowac-nutrivitalin-dawkowanie-i-zalecenia\">Comment utiliser NutriVitalin ? &#8211; Dosage et recommandations<\/h2>\n\n\n\n<p>L&#8217;<b>utilisation<\/b> efficace <b>de<\/b> NutriVitalin est simple et pratique. Selon les recommandations du fabricant, deux <b>g\u00e9lules du<\/b> compl\u00e9ment doivent \u00eatre prises quotidiennement &#8211; une le matin et l&#8217;autre le soir, en buvant suffisamment d&#8217;eau. Il est important de respecter la posologie recommand\u00e9e afin d&#8217;obtenir les <b>effets<\/b> d\u00e9sir\u00e9s et de minimiser le risque d&#8217;effets secondaires.<\/p>\n\n\n\n<p>Lors de la prise de NutriVitalin, il est recommand\u00e9 de maintenir un mode de vie sain, de prendre soin de son hygi\u00e8ne personnelle et d&#8217;\u00e9viter les facteurs qui favorisent les infections des voies urinaires.<\/p>\n\n\n\n<p>Cependant, il est important de se rappeler que la suppl\u00e9mentation ne remplace pas les visites chez le m\u00e9decin et les soins m\u00e9dicaux appropri\u00e9s en cas d&#8217;affections graves des voies urinaires. Il est donc toujours conseill\u00e9 de consulter un professionnel si les probl\u00e8mes persistent ou s&#8217;aggravent. La sant\u00e9 est la chose la plus importante, ne sous-estimez donc pas les sympt\u00f4mes et consultez votre m\u00e9decin si vous avez des doutes ou des sympt\u00f4mes inqui\u00e9tants.<\/p>\n\n\n\n<h2 class=\"wp-block-heading\" id=\"h-nutrivitalin-skutki-uboczne-i-przeciwwskazania\">NutriVitalin &#8211; Effets secondaires et contre-indications<\/h2>\n\n\n\n<p>NutriVitalin est un compl\u00e9ment alimentaire innovant pour soutenir la <b>sant\u00e9 des voies urinaires<\/b>. Bien que ce produit pr\u00e9sente un risque relativement faible d&#8217;effets secondaires, chaque organisme peut r\u00e9agir individuellement \u00e0 ses ingr\u00e9dients. Par cons\u00e9quent, si vous soup\u00e7onnez des <b>allergies<\/b> ou la pr\u00e9sence d&#8217;autres conditions de sant\u00e9, il est toujours conseill\u00e9 de consulter votre m\u00e9decin avant de commencer la suppl\u00e9mentation.<\/p>\n\n\n\n<p>Il est important de noter que NutriVitalin ne doit pas \u00eatre utilis\u00e9 comme substitut de traitement en cas d&#8217;infections graves ou de maladies des voies urinaires. Bien que ce suppl\u00e9ment soit s\u00fbr dans la plupart des cas, la <b>s\u00e9curit\u00e9<\/b> est toujours une pr\u00e9occupation, il est donc toujours utile de prendre en compte les facteurs de sant\u00e9 individuels avant de le prendre.<\/p>\n\n\n\n<h2 class=\"wp-block-heading\" id=\"h-nutrivitalin-wady-i-zalety\">NutriVitalin &#8211; Avantages et inconv\u00e9nients<\/h2>\n\n\n\n<p>NutriVitalin est un compl\u00e9ment alimentaire qui pr\u00e9sente de nombreux avantages, mais comme tout produit, il pr\u00e9sente \u00e9galement des <b>inconv\u00e9nients<\/b>. L&#8217;un des principaux avantages de NutriVitalin est qu&#8217;il est bas\u00e9 sur des ingr\u00e9dients naturels. Pour de nombreuses personnes qui pr\u00e9f\u00e8rent les m\u00e9thodes naturelles de soutien \u00e0 la sant\u00e9, c&#8217;est un \u00e9norme avantage. Des ingr\u00e9dients tels que l&#8217;extrait de canneberge, l&#8217;<b>ortie<\/b> et le <b>D-mannose<\/b> ont des <b>effets b\u00e9n\u00e9fiques<\/b> prouv\u00e9s sur la sant\u00e9 urinaire.<\/p>\n\n\n\n<p>L&#8217;un des inconv\u00e9nients de NutriVitalin est que les <b>effets de la<\/b> suppl\u00e9mentation peuvent varier d&#8217;un corps \u00e0 l&#8217;autre. Ce qui fonctionne pour une personne ne fonctionne pas n\u00e9cessairement pour une autre. Il est donc important d&#8217;\u00eatre conscient que les <b>exp\u00e9riences<\/b> individuelles peuvent varier.<\/p>\n\n\n\n<p>En outre, NutriVitalin ne remplace pas un traitement appropri\u00e9 pour les infections graves ou les maladies des voies urinaires. Il s&#8217;agit d&#8217;un compl\u00e9ment alimentaire qui peut aider \u00e0 soulager les plaintes li\u00e9es \u00e0 l&#8217;inflammation de la vessie, telles que la <b>douleur lors de la<\/b> miction ou l&#8217;urgence urinaire <b>fr\u00e9quente<\/b>. Toutefois, un m\u00e9decin doit toujours \u00eatre consult\u00e9 en cas d&#8217;affections graves.<\/p>\n\n\n\n<h2 class=\"wp-block-heading\" id=\"h-sklad-nutrivitalin-analiza-skladnikow\">Composition de NutriVitalin &#8211; Analyse des ingr\u00e9dients<\/h2>\n\n\n\n<p>La<b>composition de<\/b> NutriVitalin est soigneusement s\u00e9lectionn\u00e9e pour soutenir la <b>sant\u00e9 urinaire<\/b>. Ce compl\u00e9ment est bas\u00e9 sur des ingr\u00e9dients naturels qui ont des propri\u00e9t\u00e9s b\u00e9n\u00e9fiques pour l&#8217;organisme. Les ingr\u00e9dients de NutriVitalin sont les suivants<\/p>\n\n\n\n<ul class=\"wp-block-list\">\n<li>Extrait de canneberge &#8211; A un effet antibact\u00e9rien et peut pr\u00e9venir les infections urinaires.<\/li>\n\n\n\n<li>Extrait d&#8217;ortie &#8211; Contient des phytost\u00e9rols et des flavono\u00efdes, qui ont des effets anti-inflammatoires et diur\u00e9tiques pour aider \u00e0 nettoyer l&#8217;organisme.<\/li>\n\n\n\n<li><b>D-mannose<\/b> &#8211; Sucre naturel qui peut se lier \u00e0 la bact\u00e9rie E. coli, responsable des infections des voies urinaires.<\/li>\n\n\n\n<li><b>Vitamine C<\/b> &#8211; Renforce le syst\u00e8me immunitaire et prot\u00e8ge l&#8217;organisme des infections.<\/li>\n\n\n\n<li><b>Vitamine E<\/b> &#8211; Agit comme un antioxydant, prot\u00e9geant l&#8217;organisme des radicaux libres.<\/li>\n\n\n\n<li><b>S\u00e9l\u00e9nium<\/b> &#8211; Favorise un syst\u00e8me immunitaire sain et agit comme antioxydant.<\/li>\n\n\n\n<li><b>Zinc<\/b> &#8211; Renforce le syst\u00e8me immunitaire et contribue au maintien de tissus sains.<\/li>\n\n\n\n<li><b>Vitamine D3<\/b> &#8211; R\u00e9gule la fonction immunitaire et influence l&#8217;\u00e9tat de sant\u00e9 g\u00e9n\u00e9ral.<\/li>\n<\/ul>\n\n\n\n<p>Gr\u00e2ce \u00e0 ses ingr\u00e9dients soigneusement s\u00e9lectionn\u00e9s, NutriVitalin favorise la <b>sant\u00e9 des voies urinaires<\/b>, minimise le risque d&#8217;infection, a des effets anti-inflammatoires et diur\u00e9tiques et renforce le syst\u00e8me immunitaire. En outre, ce compl\u00e9ment ne contient pas d&#8217;additifs artificiels ni de conservateurs, ce qui souligne son caract\u00e8re naturel et son potentiel de sant\u00e9.<\/p>\n\n\n\n<p>La<b>composition de<\/b> NutriVitalin a \u00e9t\u00e9 d\u00e9velopp\u00e9e pour soutenir efficacement la sant\u00e9 des voies urinaires et minimiser le risque d&#8217;infection. Gr\u00e2ce \u00e0 ses ingr\u00e9dients naturels, ce compl\u00e9ment offre un soutien complet \u00e0 l&#8217;organisme.<\/p>\n\n\n\n<h2 class=\"wp-block-heading\" id=\"h-nutrivitalin-opinie-i-recenzje-uzytkownikow\">NutriVitalin &#8211; Commentaires et opinions des utilisateurs<\/h2>\n\n\n\n<p>Les<b>commentaires des<\/b> utilisateurs sur NutriVitalin sont vari\u00e9s. Nombre d&#8217;entre eux font \u00e9tat d&#8217;<b>effets<\/b> positifs <b>du<\/b> compl\u00e9ment, tels qu&#8217;une r\u00e9duction des douleurs lors de la miction et une diminution des envies fr\u00e9quentes d&#8217;uriner. NutriVitalin est \u00e9galement reconnu pour ses <b>ingr\u00e9dients naturels<\/b>.<\/p>\n\n\n\n<blockquote class=\"wp-block-quote is-layout-flow wp-block-quote-is-layout-flow\">\n<p><em>Pour la premi\u00e8re fois de ma vie, je me sens ma\u00eetre de ma vessie ! NutriVitalin s&#8217;est av\u00e9r\u00e9 \u00eatre un v\u00e9ritable salut pour moi. Apr\u00e8s une semaine d&#8217;utilisation, j&#8217;ai constat\u00e9 une am\u00e9lioration significative de mon confort quotidien. La douleur et l&#8217;inconfort associ\u00e9s aux probl\u00e8mes de vessie ont disparu presque compl\u00e8tement. Il s&#8217;agit d&#8217;un compl\u00e9ment vraiment r\u00e9volutionnaire que je recommanderais \u00e0 toute personne ayant des probl\u00e8mes similaires !<\/em><\/p>\n<\/blockquote>\n\n\n\n<blockquote class=\"wp-block-quote is-layout-flow wp-block-quote-is-layout-flow\">\n<p><em>Je suis impressionn\u00e9 par l&#8217;efficacit\u00e9 de NutriVitalin ! Je l&#8217;utilise depuis deux mois et les r\u00e9sultats sont tout simplement incroyables. Oubliez les visites fr\u00e9quentes aux toilettes et les r\u00e9veils nocturnes dus \u00e0 la douleur. Ce compl\u00e9ment fonctionne comme il le promet, en soulageant les sympt\u00f4mes de la cystite et en am\u00e9liorant la sant\u00e9 urinaire en g\u00e9n\u00e9ral. Je le recommande vivement \u00e0 toute personne souffrant de ce probl\u00e8me !<\/em><\/p>\n<\/blockquote>\n\n\n\n<p>Cependant, les <b>effets du<\/b> compl\u00e9ment peuvent varier en fonction de l&#8217;organisme de la personne. Il existe un risque que certains <b>utilisateurs<\/b> n&#8217;obtiennent pas les r\u00e9sultats escompt\u00e9s. Il convient de rappeler que les compl\u00e9ments alimentaires ont des effets individuels et des effets qui peuvent d\u00e9pendre de nombreux facteurs. Il est toujours conseill\u00e9 de consulter votre m\u00e9decin avant de commencer \u00e0 prendre des compl\u00e9ments alimentaires.<\/p>\n\n\n\n<h2 class=\"wp-block-heading\" id=\"h-ile-kosztuje-nutrivitalin-cena-dostepne-promocje\">Combien co\u00fbte NutriVitalin &#8211; prix, promotions disponibles<\/h2>\n\n\n\n<p>Le prix de NutriVitalin d\u00e9pend de la promotion actuelle sur le site web du fabricant. Il vaut la peine de garder un \u0153il sur le site officiel du fabricant pour se tenir au courant des \u00e9ventuelles promotions et offres sp\u00e9ciales qui pourraient permettre d&#8217;acc\u00e9der \u00e0 ce suppl\u00e9ment efficace \u00e0 un prix plus abordable. Au moment de prendre votre d\u00e9cision, il est \u00e9galement utile d&#8217;examiner les avantages de NutriVitalin pour la sant\u00e9 et de consulter votre m\u00e9decin pour vous assurer que le produit est adapt\u00e9 \u00e0 vos besoins individuels.<\/p>\n\n\n\n<h2 class=\"wp-block-heading\" id=\"h-gdzie-kupic-nutrivitalin\">O\u00f9 acheter NutriVitalin ?<\/h2>\n\n\n\n<p>NutriVitalin, un compl\u00e9ment alimentaire innovant pour soutenir la <b>sant\u00e9 de la vessie<\/b>, est disponible en pharmacie et sur le site officiel du fabricant. Lorsque vous achetez sur le site officiel, vous \u00eates assur\u00e9 de recevoir le produit original. Le site du fabricant offre \u00e9galement des m\u00e9thodes de paiement pratiques et s\u00e9curis\u00e9es et propose r\u00e9guli\u00e8rement des <b>promotions<\/b> attrayantes pour vous aider \u00e0 \u00e9conomiser sur votre achat de NutriVitalin.<\/p>\n\n\n\n<p>Pour acheter NutriVitalin, v\u00e9rifier la disponibilit\u00e9 et profiter des promotions en cours, il vaut la peine de visiter le site officiel du fabricant. Vous y trouverez plus d&#8217;informations sur le produit et sur la mani\u00e8re de le commander en ligne.<\/p>\n","protected":false},"excerpt":{"rendered":"<p><strong>97.00 \u20ac<\/strong><\/p>\n<p><del>194.00 \u20ac<\/del><\/p>\n<p><strong>[date_countdown]<\/strong><\/p>\n","protected":false},"featured_media":2075,"comment_status":"open","ping_status":"closed","template":"","meta":{"neve_meta_sidebar":"","neve_meta_container":"","neve_meta_enable_content_width":"","neve_meta_content_width":0,"neve_meta_title_alignment":"","neve_meta_author_avatar":"","neve_post_elements_order":"","neve_meta_disable_header":"","neve_meta_disable_footer":"","neve_meta_disable_title":"","neve_meta_reading_time":""},"product_brand":[],"product_cat":[89],"product_tag":[],"class_list":{"0":"post-2076","1":"product","2":"type-product","3":"status-publish","4":"has-post-thumbnail","6":"product_cat-sante","8":"first","9":"instock","10":"shipping-taxable","11":"product-type-external"},"yoast_head":"<!-- This site is optimized with the Yoast SEO plugin v27.4 - https:\/\/yoast.com\/product\/yoast-seo-wordpress\/ -->\n<title>Nutrivitalin - Clinica Althea<\/title>\n<meta name=\"robots\" content=\"index, follow, max-snippet:-1, max-image-preview:large, max-video-preview:-1\" \/>\n<link rel=\"canonical\" href=\"https:\/\/www.clinicaalthea.com\/farmacia\/fr\/apt\/nutrivitalin\/\" \/>\n<meta property=\"og:locale\" content=\"pl_PL\" \/>\n<meta property=\"og:type\" content=\"article\" \/>\n<meta property=\"og:title\" content=\"Nutrivitalin - Clinica Althea\" \/>\n<meta property=\"og:description\" content=\"97.00 \u20ac 194.00 \u20ac\" \/>\n<meta property=\"og:url\" content=\"https:\/\/www.clinicaalthea.com\/farmacia\/fr\/apt\/nutrivitalin\/\" \/>\n<meta property=\"og:site_name\" content=\"Clinica Althea\" \/>\n<meta property=\"article:modified_time\" content=\"2024-03-22T14:59:13+00:00\" \/>\n<meta property=\"og:image\" content=\"https:\/\/www.clinicaalthea.com\/farmacia\/wp-content\/uploads\/2024\/03\/Nutrivitalin.jpg\" \/>\n\t<meta property=\"og:image:width\" content=\"768\" \/>\n\t<meta property=\"og:image:height\" content=\"768\" \/>\n\t<meta property=\"og:image:type\" content=\"image\/jpeg\" \/>\n<meta name=\"twitter:card\" content=\"summary_large_image\" \/>\n<meta name=\"twitter:label1\" content=\"Szacowany czas czytania\" \/>\n\t<meta name=\"twitter:data1\" content=\"9 minut\" \/>\n<script type=\"application\/ld+json\" class=\"yoast-schema-graph\">{\"@context\":\"https:\\\/\\\/schema.org\",\"@graph\":[{\"@type\":\"WebPage\",\"@id\":\"https:\\\/\\\/www.clinicaalthea.com\\\/farmacia\\\/fr\\\/apt\\\/nutrivitalin\\\/\",\"url\":\"https:\\\/\\\/www.clinicaalthea.com\\\/farmacia\\\/fr\\\/apt\\\/nutrivitalin\\\/\",\"name\":\"Nutrivitalin - Clinica Althea\",\"isPartOf\":{\"@id\":\"https:\\\/\\\/www.clinicaalthea.com\\\/farmacia\\\/#website\"},\"primaryImageOfPage\":{\"@id\":\"https:\\\/\\\/www.clinicaalthea.com\\\/farmacia\\\/fr\\\/apt\\\/nutrivitalin\\\/#primaryimage\"},\"image\":{\"@id\":\"https:\\\/\\\/www.clinicaalthea.com\\\/farmacia\\\/fr\\\/apt\\\/nutrivitalin\\\/#primaryimage\"},\"thumbnailUrl\":\"https:\\\/\\\/www.clinicaalthea.com\\\/farmacia\\\/wp-content\\\/uploads\\\/2024\\\/03\\\/Nutrivitalin.jpg\",\"datePublished\":\"2024-03-22T14:55:32+00:00\",\"dateModified\":\"2024-03-22T14:59:13+00:00\",\"breadcrumb\":{\"@id\":\"https:\\\/\\\/www.clinicaalthea.com\\\/farmacia\\\/fr\\\/apt\\\/nutrivitalin\\\/#breadcrumb\"},\"inLanguage\":\"pl-PL\",\"potentialAction\":[{\"@type\":\"ReadAction\",\"target\":[\"https:\\\/\\\/www.clinicaalthea.com\\\/farmacia\\\/fr\\\/apt\\\/nutrivitalin\\\/\"]}]},{\"@type\":\"ImageObject\",\"inLanguage\":\"pl-PL\",\"@id\":\"https:\\\/\\\/www.clinicaalthea.com\\\/farmacia\\\/fr\\\/apt\\\/nutrivitalin\\\/#primaryimage\",\"url\":\"https:\\\/\\\/www.clinicaalthea.com\\\/farmacia\\\/wp-content\\\/uploads\\\/2024\\\/03\\\/Nutrivitalin.jpg\",\"contentUrl\":\"https:\\\/\\\/www.clinicaalthea.com\\\/farmacia\\\/wp-content\\\/uploads\\\/2024\\\/03\\\/Nutrivitalin.jpg\",\"width\":768,\"height\":768,\"caption\":\"Nutrivitalin\"},{\"@type\":\"BreadcrumbList\",\"@id\":\"https:\\\/\\\/www.clinicaalthea.com\\\/farmacia\\\/fr\\\/apt\\\/nutrivitalin\\\/#breadcrumb\",\"itemListElement\":[{\"@type\":\"ListItem\",\"position\":1,\"name\":\"Strona g\u0142\u00f3wna\",\"item\":\"https:\\\/\\\/www.clinicaalthea.com\\\/farmacia\\\/\"},{\"@type\":\"ListItem\",\"position\":2,\"name\":\"Produkty\",\"item\":\"https:\\\/\\\/www.clinicaalthea.com\\\/farmacia\\\/\"},{\"@type\":\"ListItem\",\"position\":3,\"name\":\"Nutrivitalin\"}]},{\"@type\":\"WebSite\",\"@id\":\"https:\\\/\\\/www.clinicaalthea.com\\\/farmacia\\\/#website\",\"url\":\"https:\\\/\\\/www.clinicaalthea.com\\\/farmacia\\\/\",\"name\":\"Clinica Althea\",\"description\":\"\",\"publisher\":{\"@id\":\"https:\\\/\\\/www.clinicaalthea.com\\\/farmacia\\\/#organization\"},\"potentialAction\":[{\"@type\":\"SearchAction\",\"target\":{\"@type\":\"EntryPoint\",\"urlTemplate\":\"https:\\\/\\\/www.clinicaalthea.com\\\/farmacia\\\/?s={search_term_string}\"},\"query-input\":{\"@type\":\"PropertyValueSpecification\",\"valueRequired\":true,\"valueName\":\"search_term_string\"}}],\"inLanguage\":\"pl-PL\"},{\"@type\":\"Organization\",\"@id\":\"https:\\\/\\\/www.clinicaalthea.com\\\/farmacia\\\/#organization\",\"name\":\"Clinica Althea\",\"url\":\"https:\\\/\\\/www.clinicaalthea.com\\\/farmacia\\\/\",\"logo\":{\"@type\":\"ImageObject\",\"inLanguage\":\"pl-PL\",\"@id\":\"https:\\\/\\\/www.clinicaalthea.com\\\/farmacia\\\/#\\\/schema\\\/logo\\\/image\\\/\",\"url\":\"https:\\\/\\\/www.clinicaalthea.com\\\/farmacia\\\/wp-content\\\/uploads\\\/2023\\\/12\\\/Jak-diagnozuje-sie-FAS_-objawy-kryteria-diagnostyczne-i-metody-diagnozowania-154162903.jpg\",\"contentUrl\":\"https:\\\/\\\/www.clinicaalthea.com\\\/farmacia\\\/wp-content\\\/uploads\\\/2023\\\/12\\\/Jak-diagnozuje-sie-FAS_-objawy-kryteria-diagnostyczne-i-metody-diagnozowania-154162903.jpg\",\"width\":1216,\"height\":832,\"caption\":\"Clinica Althea\"},\"image\":{\"@id\":\"https:\\\/\\\/www.clinicaalthea.com\\\/farmacia\\\/#\\\/schema\\\/logo\\\/image\\\/\"}}]}<\/script>\n<!-- \/ Yoast SEO plugin. -->","yoast_head_json":{"title":"Nutrivitalin - Clinica Althea","robots":{"index":"index","follow":"follow","max-snippet":"max-snippet:-1","max-image-preview":"max-image-preview:large","max-video-preview":"max-video-preview:-1"},"canonical":"https:\/\/www.clinicaalthea.com\/farmacia\/fr\/apt\/nutrivitalin\/","og_locale":"pl_PL","og_type":"article","og_title":"Nutrivitalin - Clinica Althea","og_description":"97.00 \u20ac 194.00 \u20ac","og_url":"https:\/\/www.clinicaalthea.com\/farmacia\/fr\/apt\/nutrivitalin\/","og_site_name":"Clinica Althea","article_modified_time":"2024-03-22T14:59:13+00:00","og_image":[{"width":768,"height":768,"url":"https:\/\/www.clinicaalthea.com\/farmacia\/wp-content\/uploads\/2024\/03\/Nutrivitalin.jpg","type":"image\/jpeg"}],"twitter_card":"summary_large_image","twitter_misc":{"Szacowany czas czytania":"9 minut"},"schema":{"@context":"https:\/\/schema.org","@graph":[{"@type":"WebPage","@id":"https:\/\/www.clinicaalthea.com\/farmacia\/fr\/apt\/nutrivitalin\/","url":"https:\/\/www.clinicaalthea.com\/farmacia\/fr\/apt\/nutrivitalin\/","name":"Nutrivitalin - Clinica Althea","isPartOf":{"@id":"https:\/\/www.clinicaalthea.com\/farmacia\/#website"},"primaryImageOfPage":{"@id":"https:\/\/www.clinicaalthea.com\/farmacia\/fr\/apt\/nutrivitalin\/#primaryimage"},"image":{"@id":"https:\/\/www.clinicaalthea.com\/farmacia\/fr\/apt\/nutrivitalin\/#primaryimage"},"thumbnailUrl":"https:\/\/www.clinicaalthea.com\/farmacia\/wp-content\/uploads\/2024\/03\/Nutrivitalin.jpg","datePublished":"2024-03-22T14:55:32+00:00","dateModified":"2024-03-22T14:59:13+00:00","breadcrumb":{"@id":"https:\/\/www.clinicaalthea.com\/farmacia\/fr\/apt\/nutrivitalin\/#breadcrumb"},"inLanguage":"pl-PL","potentialAction":[{"@type":"ReadAction","target":["https:\/\/www.clinicaalthea.com\/farmacia\/fr\/apt\/nutrivitalin\/"]}]},{"@type":"ImageObject","inLanguage":"pl-PL","@id":"https:\/\/www.clinicaalthea.com\/farmacia\/fr\/apt\/nutrivitalin\/#primaryimage","url":"https:\/\/www.clinicaalthea.com\/farmacia\/wp-content\/uploads\/2024\/03\/Nutrivitalin.jpg","contentUrl":"https:\/\/www.clinicaalthea.com\/farmacia\/wp-content\/uploads\/2024\/03\/Nutrivitalin.jpg","width":768,"height":768,"caption":"Nutrivitalin"},{"@type":"BreadcrumbList","@id":"https:\/\/www.clinicaalthea.com\/farmacia\/fr\/apt\/nutrivitalin\/#breadcrumb","itemListElement":[{"@type":"ListItem","position":1,"name":"Strona g\u0142\u00f3wna","item":"https:\/\/www.clinicaalthea.com\/farmacia\/"},{"@type":"ListItem","position":2,"name":"Produkty","item":"https:\/\/www.clinicaalthea.com\/farmacia\/"},{"@type":"ListItem","position":3,"name":"Nutrivitalin"}]},{"@type":"WebSite","@id":"https:\/\/www.clinicaalthea.com\/farmacia\/#website","url":"https:\/\/www.clinicaalthea.com\/farmacia\/","name":"Clinica Althea","description":"","publisher":{"@id":"https:\/\/www.clinicaalthea.com\/farmacia\/#organization"},"potentialAction":[{"@type":"SearchAction","target":{"@type":"EntryPoint","urlTemplate":"https:\/\/www.clinicaalthea.com\/farmacia\/?s={search_term_string}"},"query-input":{"@type":"PropertyValueSpecification","valueRequired":true,"valueName":"search_term_string"}}],"inLanguage":"pl-PL"},{"@type":"Organization","@id":"https:\/\/www.clinicaalthea.com\/farmacia\/#organization","name":"Clinica Althea","url":"https:\/\/www.clinicaalthea.com\/farmacia\/","logo":{"@type":"ImageObject","inLanguage":"pl-PL","@id":"https:\/\/www.clinicaalthea.com\/farmacia\/#\/schema\/logo\/image\/","url":"https:\/\/www.clinicaalthea.com\/farmacia\/wp-content\/uploads\/2023\/12\/Jak-diagnozuje-sie-FAS_-objawy-kryteria-diagnostyczne-i-metody-diagnozowania-154162903.jpg","contentUrl":"https:\/\/www.clinicaalthea.com\/farmacia\/wp-content\/uploads\/2023\/12\/Jak-diagnozuje-sie-FAS_-objawy-kryteria-diagnostyczne-i-metody-diagnozowania-154162903.jpg","width":1216,"height":832,"caption":"Clinica Althea"},"image":{"@id":"https:\/\/www.clinicaalthea.com\/farmacia\/#\/schema\/logo\/image\/"}}]}},"lang":"fr","translations":{"fr":2076,"cs":2074,"de":2077,"sk":2078,"sv":2079,"bg":2080,"sl":2081},"pll_sync_post":[],"_links":{"self":[{"href":"https:\/\/www.clinicaalthea.com\/farmacia\/wp-json\/wp\/v2\/product\/2076","targetHints":{"allow":["GET"]}}],"collection":[{"href":"https:\/\/www.clinicaalthea.com\/farmacia\/wp-json\/wp\/v2\/product"}],"about":[{"href":"https:\/\/www.clinicaalthea.com\/farmacia\/wp-json\/wp\/v2\/types\/product"}],"replies":[{"embeddable":true,"href":"https:\/\/www.clinicaalthea.com\/farmacia\/wp-json\/wp\/v2\/comments?post=2076"}],"wp:featuredmedia":[{"embeddable":true,"href":"https:\/\/www.clinicaalthea.com\/farmacia\/wp-json\/wp\/v2\/media\/2075"}],"wp:attachment":[{"href":"https:\/\/www.clinicaalthea.com\/farmacia\/wp-json\/wp\/v2\/media?parent=2076"}],"wp:term":[{"taxonomy":"product_brand","embeddable":true,"href":"https:\/\/www.clinicaalthea.com\/farmacia\/wp-json\/wp\/v2\/product_brand?post=2076"},{"taxonomy":"product_cat","embeddable":true,"href":"https:\/\/www.clinicaalthea.com\/farmacia\/wp-json\/wp\/v2\/product_cat?post=2076"},{"taxonomy":"product_tag","embeddable":true,"href":"https:\/\/www.clinicaalthea.com\/farmacia\/wp-json\/wp\/v2\/product_tag?post=2076"}],"curies":[{"name":"wp","href":"https:\/\/api.w.org\/{rel}","templated":true}]}}