{"id":2074,"date":"2024-03-22T15:54:30","date_gmt":"2024-03-22T14:54:30","guid":{"rendered":"https:\/\/mayoguide.org\/produkty\/?post_type=product&#038;p=2074"},"modified":"2024-03-22T15:59:13","modified_gmt":"2024-03-22T14:59:13","slug":"nutrivitalin","status":"publish","type":"product","link":"https:\/\/www.clinicaalthea.com\/farmacia\/cs\/apt\/nutrivitalin\/","title":{"rendered":"Nutrivitalin"},"content":{"rendered":"\n<p>M\u00e1te probl\u00e9my s mo\u010dov\u00fdm m\u011bch\u00fd\u0159em? Jste unaveni z neust\u00e1l\u00e9 bolesti a nepohodl\u00ed? Pokud ano, mo\u017en\u00e1 byste se m\u011bli bl\u00ed\u017ee sezn\u00e1mit s inovativn\u00edm dopl\u0148kem stravy &#8211; <b>NutriVitalinem<\/b>. Je to v\u0161ak skute\u010dn\u011b \u0159e\u0161en\u00ed, na kter\u00e9 jste \u010dekali? Nebo je to jen dal\u0161\u00ed produkt slibuj\u00edc\u00ed z\u00e1zraky? Zveme v\u00e1s, abyste zjistili, jak m\u016f\u017ee <b>NutriVitalin<\/b> podpo\u0159it zdrav\u00ed va\u0161eho mo\u010dov\u00e9ho m\u011bch\u00fd\u0159e a zda stoj\u00ed za svou popularitu.<\/p>\n\n\n\n<h3 class=\"wp-block-heading\" id=\"h-kluczowe-informacje-1\">Kl\u00ed\u010dov\u00e9 informace:<\/h3>\n\n\n\n<ul class=\"wp-block-list\">\n<li><b>NutriVitalin<\/b> je inovativn\u00ed <b>dopln\u011bk stravy<\/b> na podporu <b>zdrav\u00ed<\/b> mo\u010dov\u00e9ho m\u011bch\u00fd\u0159e.<\/li>\n\n\n\n<li>Slo\u017eky NutriVitalinu jsou pe\u010dliv\u011b vybran\u00e9 p\u0159\u00edrodn\u00ed byliny a extrakty.<\/li>\n\n\n\n<li>NutriVitalin m\u016f\u017ee pomoci zm\u00edrnit bolest a p\u0159edch\u00e1zet infekc\u00edm mo\u010dov\u00e9ho m\u011bch\u00fd\u0159e.<\/li>\n\n\n\n<li><b>Dopln\u011bk stravy<\/b> podporuje funkci mo\u010dov\u00fdch cest a minimalizuje riziko z\u00e1n\u011btu ledvin.<\/li>\n\n\n\n<li>NutriVitalin je k dost\u00e1n\u00ed v l\u00e9k\u00e1rn\u00e1ch a na ofici\u00e1ln\u00edch webov\u00fdch str\u00e1nk\u00e1ch v\u00fdrobce s \u010dast\u00fdmi akcemi.<\/li>\n<\/ul>\n\n\n\n<h2 class=\"wp-block-heading\" id=\"h-co-to-jest-nutrivitalin\">Co je NutriVitalin?<\/h2>\n\n\n\n<p>NutriVitalin je inovativn\u00ed <b>dopln\u011bk stravy<\/b>, kter\u00fd byl vyvinut jako potenci\u00e1ln\u00ed \u0159e\u0161en\u00ed pro osoby, kter\u00e9 se pot\u00fdkaj\u00ed s probl\u00e9my s mo\u010dov\u00fdm m\u011bch\u00fd\u0159em. Tento speci\u00e1ln\u011b vyvinut\u00fd p\u0159\u00edpravek je zalo\u017een na pe\u010dliv\u011b vybran\u00fdch bylin\u00e1ch a extraktech, kter\u00e9 \u010derpaj\u00ed z tradic \u010d\u00ednsk\u00e9 medic\u00edny a bylink\u00e1\u0159stv\u00ed. C\u00edlem NutriVitalinu je zm\u00edrnit nep\u0159\u00edjemn\u00e9 p\u0159\u00edznaky souvisej\u00edc\u00ed s mo\u010dov\u00fdm m\u011bch\u00fd\u0159em a <b>p\u016fsobit<\/b> kauz\u00e1ln\u011b proti probl\u00e9m\u016fm s mo\u010dov\u00fdmi cestami.<\/p>\n\n\n\n<h2 class=\"wp-block-heading\" id=\"h-jak-dziala-nutrivitalin-efekty-stosowania\">Jak NutriVitalin \u00fa\u010dinkuje? &#8211; \u00da\u010dinky u\u017e\u00edv\u00e1n\u00ed<\/h2>\n\n\n\n<p>NutriVitalin je inovativn\u00ed dopln\u011bk stravy, kter\u00fd m\u00e1 p\u0159i u\u017e\u00edv\u00e1n\u00ed p\u0159i probl\u00e9mech s mo\u010dov\u00fdm m\u011bch\u00fd\u0159em mnoho p\u0159\u00edzniv\u00fdch \u00fa\u010dink\u016f. <b>P\u016fsoben\u00ed<\/b> tohoto dopl\u0148ku spo\u010d\u00edv\u00e1 ve zm\u00edrn\u011bn\u00ed r\u016fzn\u00fdch mo\u010dov\u00fdch obt\u00ed\u017e\u00ed a zlep\u0161en\u00ed celkov\u00e9ho komfortu. Dopln\u011bk stravy NutriVitalin m\u016f\u017ee b\u00fdt u\u017eite\u010dn\u00fd p\u0159i zm\u00edrn\u011bn\u00ed p\u0159\u00edznak\u016f, jako je <b>bolest p\u0159i<\/b> mo\u010den\u00ed a <b>\u010dast\u00e9 nucen\u00ed na mo\u010den\u00ed<\/b>. Sv\u00fdm p\u016fsoben\u00edm NutriVitalin normalizuje proces mo\u010den\u00ed a sni\u017euje <b>z\u00e1n\u011bt<\/b> v mo\u010dov\u00fdch cest\u00e1ch. Krom\u011b toho dopln\u011bk podporuje svaly a mo\u010dov\u00fd m\u011bch\u00fd\u0159, minimalizuje riziko opakov\u00e1n\u00ed probl\u00e9m\u016f s mo\u010dov\u00fdm m\u011bch\u00fd\u0159em a zabra\u0148uje z\u00e1n\u011bt\u016fm ledvin.<\/p>\n\n\n\n<h2 class=\"wp-block-heading\" id=\"h-jak-stosowac-nutrivitalin-dawkowanie-i-zalecenia\">Jak pou\u017e\u00edvat NutriVitalin? &#8211; D\u00e1vkov\u00e1n\u00ed a doporu\u010den\u00ed<\/h2>\n\n\n\n<p>\u00da\u010dinn\u00e9 <b>u\u017e\u00edv\u00e1n\u00ed p\u0159\u00edprav<\/b> ku NutriVitalin je jednoduch\u00e9 a pohodln\u00e9. Podle doporu\u010den\u00ed v\u00fdrobce by se m\u011bly u\u017e\u00edvat dv\u011b <b>tobolky<\/b> dopl\u0148ku denn\u011b &#8211; jedna r\u00e1no a druh\u00e1 ve\u010der, zap\u00edjej\u00ed se dostate\u010dn\u00fdm mno\u017estv\u00edm vody. Je d\u016fle\u017eit\u00e9 dodr\u017eovat doporu\u010den\u00e9 d\u00e1vkov\u00e1n\u00ed, aby se dos\u00e1hlo po\u017eadovan\u00fdch <b>\u00fa\u010dink\u016f<\/b> a minimalizovalo se riziko ne\u017e\u00e1douc\u00edch \u00fa\u010dink\u016f.<\/p>\n\n\n\n<p>P\u0159i u\u017e\u00edv\u00e1n\u00ed p\u0159\u00edpravku NutriVitalin se doporu\u010duje dodr\u017eovat zdrav\u00fd \u017eivotn\u00ed styl, db\u00e1t na osobn\u00ed hygienu a vyh\u00fdbat se faktor\u016fm, kter\u00e9 podporuj\u00ed infekce mo\u010dov\u00fdch cest.<\/p>\n\n\n\n<p>Je v\u0161ak d\u016fle\u017eit\u00e9 m\u00edt na pam\u011bti, \u017ee u\u017e\u00edv\u00e1n\u00ed dopl\u0148k\u016f stravy nenahrazuje n\u00e1v\u0161t\u011bvu l\u00e9ka\u0159e a odpov\u00eddaj\u00edc\u00ed l\u00e9ka\u0159skou p\u00e9\u010di v p\u0159\u00edpad\u011b z\u00e1va\u017en\u00fdch onemocn\u011bn\u00ed mo\u010dov\u00fdch cest. Proto je v\u017edy vhodn\u00e9 poradit se s odborn\u00edkem, pokud probl\u00e9my p\u0159etrv\u00e1vaj\u00ed nebo se zhor\u0161uj\u00ed. Zdrav\u00ed je nejd\u016fle\u017eit\u011bj\u0161\u00ed, proto nepodce\u0148ujte p\u0159\u00edznaky a v p\u0159\u00edpad\u011b jak\u00fdchkoli pochybnost\u00ed nebo znepokojuj\u00edc\u00edch p\u0159\u00edznak\u016f se pora\u010fte s l\u00e9ka\u0159em.<\/p>\n\n\n\n<h2 class=\"wp-block-heading\" id=\"h-nutrivitalin-skutki-uboczne-i-przeciwwskazania\">NutriVitalin &#8211; ne\u017e\u00e1douc\u00ed \u00fa\u010dinky a kontraindikace<\/h2>\n\n\n\n<p>NutriVitalin je inovativn\u00ed dopln\u011bk stravy na podporu <b>zdrav\u00ed mo\u010dov\u00fdch cest<\/b>. P\u0159esto\u017ee m\u00e1 tento p\u0159\u00edpravek pom\u011brn\u011b n\u00edzk\u00e9 riziko ne\u017e\u00e1douc\u00edch \u00fa\u010dink\u016f, m\u016f\u017ee ka\u017ed\u00fd organismus na jeho slo\u017eky reagovat individu\u00e1ln\u011b. Proto p\u0159i podez\u0159en\u00ed na <b>alergie<\/b> nebo p\u0159\u00edtomnost jin\u00fdch zdravotn\u00edch pot\u00ed\u017e\u00ed je v\u017edy vhodn\u00e9 se p\u0159ed zah\u00e1jen\u00edm u\u017e\u00edv\u00e1n\u00ed dopl\u0148ku poradit s l\u00e9ka\u0159em.<\/p>\n\n\n\n<p>Je d\u016fle\u017eit\u00e9 si uv\u011bdomit, \u017ee NutriVitalin by nem\u011bl b\u00fdt pou\u017e\u00edv\u00e1n jako n\u00e1hrada l\u00e9\u010dby v p\u0159\u00edpad\u011b z\u00e1va\u017en\u00fdch infekc\u00ed nebo onemocn\u011bn\u00ed mo\u010dov\u00fdch cest. P\u0159esto\u017ee je tento dopln\u011bk ve v\u011bt\u0161in\u011b p\u0159\u00edpad\u016f bezpe\u010dn\u00fd, <b>bezpe\u010dnost<\/b> je v\u017edy ot\u00e1zkou, proto je v\u017edy vhodn\u00e9 p\u0159ed jeho u\u017e\u00edv\u00e1n\u00edm zv\u00e1\u017eit individu\u00e1ln\u00ed zdravotn\u00ed faktory.<\/p>\n\n\n\n<h2 class=\"wp-block-heading\" id=\"h-nutrivitalin-wady-i-zalety\">NutriVitalin &#8211; v\u00fdhody a nev\u00fdhody<\/h2>\n\n\n\n<p>NutriVitalin je dopln\u011bk stravy, kter\u00fd m\u00e1 mnoho v\u00fdhod, ale jako ka\u017ed\u00fd v\u00fdrobek m\u00e1 i n\u011bkter\u00e9 <b>nev\u00fdhody<\/b>. Jednou z hlavn\u00edch v\u00fdhod NutriVitalinu je, \u017ee je zalo\u017een na p\u0159\u00edrodn\u00edch slo\u017ek\u00e1ch. Pro mnoho lid\u00ed, kte\u0159\u00ed d\u00e1vaj\u00ed p\u0159ednost p\u0159\u00edrodn\u00edm metod\u00e1m podpory zdrav\u00ed, je to obrovsk\u00e9 plus. Slo\u017eky, jako je extrakt z brusinek, <b>kop\u0159iva<\/b> a <b>D-man\u00f3za<\/b>, maj\u00ed prokazateln\u00fd <b>p\u0159\u00ednos<\/b> pro zdrav\u00ed mo\u010dov\u00fdch cest.<\/p>\n\n\n\n<p>Jednou z nev\u00fdhod p\u0159\u00edpravku NutriVitalin m\u016f\u017ee b\u00fdt to, \u017ee <b>\u00fa\u010dinky<\/b> dopl\u0148k\u016f se mohou u jednotliv\u00fdch organism\u016f li\u0161it. Co funguje u jednoho \u010dlov\u011bka, nemus\u00ed nutn\u011b fungovat u jin\u00e9ho. Proto je d\u016fle\u017eit\u00e9 si uv\u011bdomit, \u017ee individu\u00e1ln\u00ed <b>zku\u0161enosti<\/b> se mohou li\u0161it.<\/p>\n\n\n\n<p>NutriVitalin tak\u00e9 nenahrazuje vhodnou l\u00e9\u010dbu z\u00e1va\u017en\u00fdch infekc\u00ed nebo onemocn\u011bn\u00ed mo\u010dov\u00fdch cest. Jedn\u00e1 se o dopln\u011bk stravy, kter\u00fd m\u016f\u017ee pomoci zm\u00edrnit pot\u00ed\u017ee se z\u00e1n\u011btem mo\u010dov\u00e9ho m\u011bch\u00fd\u0159e, jako je <b>bolest p\u0159i<\/b> mo\u010den\u00ed nebo <b>\u010dast\u00e9<\/b> nucen\u00ed na mo\u010den\u00ed. U z\u00e1va\u017en\u00fdch stav\u016f je v\u0161ak v\u017edy t\u0159eba poradit se s l\u00e9ka\u0159em.<\/p>\n\n\n\n<h2 class=\"wp-block-heading\" id=\"h-sklad-nutrivitalin-analiza-skladnikow\">Slo\u017een\u00ed p\u0159\u00edpravku NutriVitalin &#8211; anal\u00fdza slo\u017eek<\/h2>\n\n\n\n<p><b>Slo\u017een\u00ed p\u0159\u00edpravku<\/b> NutriVitalin je pe\u010dliv\u011b vybr\u00e1no tak, aby podporovalo <b>zdrav\u00ed mo\u010dov\u00fdch cest<\/b>. Tento dopln\u011bk stravy je zalo\u017een na p\u0159\u00edrodn\u00edch slo\u017ek\u00e1ch, kter\u00e9 maj\u00ed pro t\u011blo p\u0159\u00edzniv\u00e9 vlastnosti. Mezi slo\u017eky p\u0159\u00edpravku NutriVitalin pat\u0159\u00ed:<\/p>\n\n\n\n<ul class=\"wp-block-list\">\n<li>Extrakt z brusinek &#8211; m\u00e1 antibakteri\u00e1ln\u00ed \u00fa\u010dinek a m\u016f\u017ee p\u0159edch\u00e1zet infekc\u00edm mo\u010dov\u00fdch cest.<\/li>\n\n\n\n<li>Extrakt z kop\u0159ivy &#8211; Obsahuje fytosteroly a flavonoidy, kter\u00e9 maj\u00ed protiz\u00e1n\u011btliv\u00e9 a mo\u010dopudn\u00e9 \u00fa\u010dinky a napom\u00e1haj\u00ed o\u010dist\u011b organismu.<\/li>\n\n\n\n<li><b>D-man\u00f3za<\/b> &#8211; P\u0159\u00edrodn\u00ed cukr, kter\u00fd se m\u016f\u017ee v\u00e1zat na bakterie E. coli, zodpov\u011bdn\u00e9 za infekce mo\u010dov\u00fdch cest.<\/li>\n\n\n\n<li><b>Vitamin C<\/b> &#8211; Posiluje imunitn\u00ed syst\u00e9m a chr\u00e1n\u00ed t\u011blo p\u0159ed infekcemi.<\/li>\n\n\n\n<li><b>Vitamin E<\/b> &#8211; P\u016fsob\u00ed jako antioxidant a chr\u00e1n\u00ed t\u011blo p\u0159ed voln\u00fdmi radik\u00e1ly.<\/li>\n\n\n\n<li><b>Selen<\/b> &#8211; Podporuje zdrav\u00fd imunitn\u00ed syst\u00e9m a p\u016fsob\u00ed jako antioxidant.<\/li>\n\n\n\n<li><b>Zinek<\/b> &#8211; Posiluje imunitn\u00ed syst\u00e9m a p\u0159isp\u00edv\u00e1 k udr\u017een\u00ed zdrav\u00fdch tk\u00e1n\u00ed.<\/li>\n\n\n\n<li><b>Vitam\u00edn D3<\/b> &#8211; Reguluje funkci imunitn\u00edho syst\u00e9mu a ovliv\u0148uje celkov\u00fd zdravotn\u00ed stav.<\/li>\n<\/ul>\n\n\n\n<p>D\u00edky pe\u010dliv\u011b vybran\u00fdm slo\u017ek\u00e1m podporuje NutriVitalin <b>zdrav\u00ed mo\u010dov\u00fdch cest<\/b>, minimalizuje riziko infekc\u00ed, m\u00e1 protiz\u00e1n\u011btliv\u00e9 a mo\u010dopudn\u00e9 \u00fa\u010dinky a posiluje imunitn\u00ed syst\u00e9m. Z\u00e1rove\u0148 tento dopln\u011bk neobsahuje \u017e\u00e1dn\u00e9 um\u011bl\u00e9 p\u0159\u00edsady ani konzerva\u010dn\u00ed l\u00e1tky, co\u017e podtrhuje jeho p\u0159irozenost a zdravotn\u00ed potenci\u00e1l.<\/p>\n\n\n\n<p><b>Slo\u017een\u00ed p\u0159\u00edprav<\/b> ku NutriVitalin bylo vyvinuto tak, aby \u00fa\u010dinn\u011b podporovalo zdrav\u00ed mo\u010dov\u00fdch cest a minimalizovalo riziko infekce. D\u00edky sv\u00fdm p\u0159\u00edrodn\u00edm slo\u017ek\u00e1m nab\u00edz\u00ed tento dopln\u011bk stravy komplexn\u00ed podporu organismu.<\/p>\n\n\n\n<h2 class=\"wp-block-heading\" id=\"h-nutrivitalin-opinie-i-recenzje-uzytkownikow\">NutriVitalin &#8211; recenze a n\u00e1zory u\u017eivatel\u016f<\/h2>\n\n\n\n<p><b>N\u00e1zory<\/b> u\u017eivatel\u016f na p\u0159\u00edpravek NutriVitalin jsou r\u016fzn\u00e9. Mnoz\u00ed uv\u00e1d\u011bj\u00ed pozitivn\u00ed <b>\u00fa\u010dinky<\/b> dopl\u0148ku, jako je sn\u00ed\u017een\u00ed bolesti p\u0159i mo\u010den\u00ed a sn\u00ed\u017een\u00ed \u010dast\u00e9ho nucen\u00ed na mo\u010den\u00ed. NutriVitalin je tak\u00e9 uzn\u00e1v\u00e1n pro sv\u00e9 <b>p\u0159\u00edrodn\u00ed slo\u017eky<\/b>.<\/p>\n\n\n\n<blockquote class=\"wp-block-quote is-layout-flow wp-block-quote-is-layout-flow\">\n<p><em>Poprv\u00e9 v \u017eivot\u011b m\u00e1m pocit, \u017ee m\u00e1m sv\u016fj mo\u010dov\u00fd m\u011bch\u00fd\u0159 pod kontrolou! NutriVitalin se pro m\u011b uk\u00e1zal jako skute\u010dn\u00e1 sp\u00e1sa. Po t\u00fddnu u\u017e\u00edv\u00e1n\u00ed jsem zaznamenala v\u00fdrazn\u00e9 zlep\u0161en\u00ed sv\u00e9ho ka\u017edodenn\u00edho komfortu. Bolesti a nep\u0159\u00edjemn\u00e9 pocity spojen\u00e9 s probl\u00e9my s mo\u010dov\u00fdm m\u011bch\u00fd\u0159em t\u00e9m\u011b\u0159 \u00fapln\u011b zmizely. Jedn\u00e1 se o skute\u010dn\u011b revolu\u010dn\u00ed dopln\u011bk stravy, kter\u00fd bych doporu\u010dil ka\u017ed\u00e9mu, kdo m\u00e1 podobn\u00e9 probl\u00e9my!<\/em><\/p>\n<\/blockquote>\n\n\n\n<blockquote class=\"wp-block-quote is-layout-flow wp-block-quote-is-layout-flow\">\n<p><em>Jsem ohromen \u00fa\u010dinnost\u00ed p\u0159\u00edpravku NutriVitalin! Pou\u017e\u00edv\u00e1m ho ji\u017e dva m\u011bs\u00edce a v\u00fdsledky jsou prost\u011b \u00fa\u017easn\u00e9. Zapome\u0148te na \u010dast\u00e9 n\u00e1v\u0161t\u011bvy toalety a no\u010dn\u00ed buzen\u00ed kv\u016fli bolesti. Tento dopln\u011bk funguje tak, jak slibuje, zm\u00edr\u0148uje p\u0159\u00edznaky z\u00e1n\u011btu mo\u010dov\u00e9ho m\u011bch\u00fd\u0159e a zlep\u0161uje celkov\u00e9 zdrav\u00ed mo\u010dov\u00fdch cest. V\u0159ele ho doporu\u010duji v\u0161em, kte\u0159\u00ed t\u00edmto probl\u00e9mem trp\u00ed!<\/em><\/p>\n<\/blockquote>\n\n\n\n<p><b>\u00da\u010dinky<\/b> dopl\u0148ku se v\u0161ak mohou li\u0161it v z\u00e1vislosti na individu\u00e1ln\u00edm t\u011ble. Existuje riziko, \u017ee n\u011bkte\u0159\u00ed <b>u\u017eivatel\u00e9<\/b> nebudou m\u00edt o\u010dek\u00e1van\u00e9 v\u00fdsledky. Je t\u0159eba m\u00edt na pam\u011bti, \u017ee dopl\u0148ky stravy maj\u00ed individu\u00e1ln\u00ed \u00fa\u010dinky a \u00fa\u010dinky, kter\u00e9 mohou z\u00e1viset na mnoha faktorech. P\u0159ed zah\u00e1jen\u00edm u\u017e\u00edv\u00e1n\u00ed dopl\u0148k\u016f stravy je v\u017edy vhodn\u00e9 poradit se s l\u00e9ka\u0159em.<\/p>\n\n\n\n<h2 class=\"wp-block-heading\" id=\"h-ile-kosztuje-nutrivitalin-cena-dostepne-promocje\">Kolik stoj\u00ed NutriVitalin &#8211; cena, dostupn\u00e9 akce<\/h2>\n\n\n\n<p>Cena p\u0159\u00edpravku NutriVitalin z\u00e1vis\u00ed na aktu\u00e1ln\u00ed akci na webov\u00fdch str\u00e1nk\u00e1ch v\u00fdrobce. Vyplat\u00ed se sledovat ofici\u00e1ln\u00ed webov\u00e9 str\u00e1nky v\u00fdrobce, abyste m\u011bli p\u0159ehled o mo\u017en\u00fdch akc\u00edch a speci\u00e1ln\u00edch nab\u00eddk\u00e1ch, kter\u00e9 mohou zajistit p\u0159\u00edstup k tomuto \u00fa\u010dinn\u00e9mu dopl\u0148ku za p\u0159ijateln\u011bj\u0161\u00ed cenu. P\u0159i rozhodov\u00e1n\u00ed stoj\u00ed za to se tak\u00e9 pod\u00edvat na zdravotn\u00ed p\u0159\u00ednosy, kter\u00e9 m\u016f\u017ee NutriVitalin poskytnout, a poradit se s l\u00e9ka\u0159em, abyste se ujistili, \u017ee v\u00fdrobek je vhodn\u00fd pro va\u0161e individu\u00e1ln\u00ed pot\u0159eby.<\/p>\n\n\n\n<h2 class=\"wp-block-heading\" id=\"h-gdzie-kupic-nutrivitalin\">Kde koupit NutriVitalin?<\/h2>\n\n\n\n<p>NutriVitalin, inovativn\u00ed dopln\u011bk stravy na podporu <b>zdrav\u00ed mo\u010dov\u00e9ho m\u011bch\u00fd\u0159e<\/b>, je k dost\u00e1n\u00ed v l\u00e9k\u00e1rn\u00e1ch a na ofici\u00e1ln\u00edch webov\u00fdch str\u00e1nk\u00e1ch v\u00fdrobce. P\u0159i n\u00e1kupu prost\u0159ednictv\u00edm ofici\u00e1ln\u00edch str\u00e1nek m\u00e1te jistotu, \u017ee obdr\u017e\u00edte origin\u00e1ln\u00ed v\u00fdrobek. Webov\u00e9 str\u00e1nky v\u00fdrobce tak\u00e9 nab\u00edzej\u00ed pohodln\u00e9 a bezpe\u010dn\u00e9 platebn\u00ed metody a pravideln\u011b poskytuj\u00ed atraktivn\u00ed <b>akce, kter\u00e9<\/b> v\u00e1m pomohou u\u0161et\u0159it na n\u00e1kupu NutriVitalin.<\/p>\n\n\n\n<p>Chcete-li si koupit NutriVitalin, zkontrolovat dostupnost a vyu\u017e\u00edt aktu\u00e1ln\u00edch propaga\u010dn\u00edch akc\u00ed, stoj\u00ed za to nav\u0161t\u00edvit ofici\u00e1ln\u00ed str\u00e1nky v\u00fdrobce. Tam naleznete dal\u0161\u00ed informace o produktu a o tom, jak si jej objednat online.<\/p>\n","protected":false},"excerpt":{"rendered":"<p><strong>1429.00 K\u010d<\/strong><\/p>\n<p><del>2858.00 K\u010d<\/del><\/p>\n<p><strong>[date_countdown]<\/strong><\/p>\n","protected":false},"featured_media":2075,"comment_status":"open","ping_status":"closed","template":"","meta":{"neve_meta_sidebar":"","neve_meta_container":"","neve_meta_enable_content_width":"","neve_meta_content_width":0,"neve_meta_title_alignment":"","neve_meta_author_avatar":"","neve_post_elements_order":"","neve_meta_disable_header":"","neve_meta_disable_footer":"","neve_meta_disable_title":"","neve_meta_reading_time":""},"product_brand":[],"product_cat":[49],"product_tag":[],"class_list":{"0":"post-2074","1":"product","2":"type-product","3":"status-publish","4":"has-post-thumbnail","6":"product_cat-zdravi","8":"first","9":"instock","10":"shipping-taxable","11":"product-type-external"},"yoast_head":"<!-- This site is optimized with the Yoast SEO plugin v27.4 - https:\/\/yoast.com\/product\/yoast-seo-wordpress\/ -->\n<title>Nutrivitalin - Clinica Althea<\/title>\n<meta name=\"robots\" content=\"index, follow, max-snippet:-1, max-image-preview:large, max-video-preview:-1\" \/>\n<link rel=\"canonical\" href=\"https:\/\/www.clinicaalthea.com\/farmacia\/cs\/apt\/nutrivitalin\/\" \/>\n<meta property=\"og:locale\" content=\"pl_PL\" \/>\n<meta property=\"og:type\" content=\"article\" \/>\n<meta property=\"og:title\" content=\"Nutrivitalin - Clinica Althea\" \/>\n<meta property=\"og:description\" content=\"1429.00 K\u010d  2858.00 K\u010d\" \/>\n<meta property=\"og:url\" content=\"https:\/\/www.clinicaalthea.com\/farmacia\/cs\/apt\/nutrivitalin\/\" \/>\n<meta property=\"og:site_name\" content=\"Clinica Althea\" \/>\n<meta property=\"article:modified_time\" content=\"2024-03-22T14:59:13+00:00\" \/>\n<meta property=\"og:image\" content=\"https:\/\/www.clinicaalthea.com\/farmacia\/wp-content\/uploads\/2024\/03\/Nutrivitalin.jpg\" \/>\n\t<meta property=\"og:image:width\" content=\"768\" \/>\n\t<meta property=\"og:image:height\" content=\"768\" \/>\n\t<meta property=\"og:image:type\" content=\"image\/jpeg\" \/>\n<meta name=\"twitter:card\" content=\"summary_large_image\" \/>\n<meta name=\"twitter:label1\" content=\"Szacowany czas czytania\" \/>\n\t<meta name=\"twitter:data1\" content=\"7 minut\" \/>\n<script type=\"application\/ld+json\" class=\"yoast-schema-graph\">{\"@context\":\"https:\\\/\\\/schema.org\",\"@graph\":[{\"@type\":\"WebPage\",\"@id\":\"https:\\\/\\\/www.clinicaalthea.com\\\/farmacia\\\/cs\\\/apt\\\/nutrivitalin\\\/\",\"url\":\"https:\\\/\\\/www.clinicaalthea.com\\\/farmacia\\\/cs\\\/apt\\\/nutrivitalin\\\/\",\"name\":\"Nutrivitalin - Clinica Althea\",\"isPartOf\":{\"@id\":\"https:\\\/\\\/www.clinicaalthea.com\\\/farmacia\\\/#website\"},\"primaryImageOfPage\":{\"@id\":\"https:\\\/\\\/www.clinicaalthea.com\\\/farmacia\\\/cs\\\/apt\\\/nutrivitalin\\\/#primaryimage\"},\"image\":{\"@id\":\"https:\\\/\\\/www.clinicaalthea.com\\\/farmacia\\\/cs\\\/apt\\\/nutrivitalin\\\/#primaryimage\"},\"thumbnailUrl\":\"https:\\\/\\\/www.clinicaalthea.com\\\/farmacia\\\/wp-content\\\/uploads\\\/2024\\\/03\\\/Nutrivitalin.jpg\",\"datePublished\":\"2024-03-22T14:54:30+00:00\",\"dateModified\":\"2024-03-22T14:59:13+00:00\",\"breadcrumb\":{\"@id\":\"https:\\\/\\\/www.clinicaalthea.com\\\/farmacia\\\/cs\\\/apt\\\/nutrivitalin\\\/#breadcrumb\"},\"inLanguage\":\"pl-PL\",\"potentialAction\":[{\"@type\":\"ReadAction\",\"target\":[\"https:\\\/\\\/www.clinicaalthea.com\\\/farmacia\\\/cs\\\/apt\\\/nutrivitalin\\\/\"]}]},{\"@type\":\"ImageObject\",\"inLanguage\":\"pl-PL\",\"@id\":\"https:\\\/\\\/www.clinicaalthea.com\\\/farmacia\\\/cs\\\/apt\\\/nutrivitalin\\\/#primaryimage\",\"url\":\"https:\\\/\\\/www.clinicaalthea.com\\\/farmacia\\\/wp-content\\\/uploads\\\/2024\\\/03\\\/Nutrivitalin.jpg\",\"contentUrl\":\"https:\\\/\\\/www.clinicaalthea.com\\\/farmacia\\\/wp-content\\\/uploads\\\/2024\\\/03\\\/Nutrivitalin.jpg\",\"width\":768,\"height\":768,\"caption\":\"Nutrivitalin\"},{\"@type\":\"BreadcrumbList\",\"@id\":\"https:\\\/\\\/www.clinicaalthea.com\\\/farmacia\\\/cs\\\/apt\\\/nutrivitalin\\\/#breadcrumb\",\"itemListElement\":[{\"@type\":\"ListItem\",\"position\":1,\"name\":\"Strona g\u0142\u00f3wna\",\"item\":\"https:\\\/\\\/www.clinicaalthea.com\\\/farmacia\\\/\"},{\"@type\":\"ListItem\",\"position\":2,\"name\":\"Produkty\",\"item\":\"https:\\\/\\\/www.clinicaalthea.com\\\/farmacia\\\/\"},{\"@type\":\"ListItem\",\"position\":3,\"name\":\"Nutrivitalin\"}]},{\"@type\":\"WebSite\",\"@id\":\"https:\\\/\\\/www.clinicaalthea.com\\\/farmacia\\\/#website\",\"url\":\"https:\\\/\\\/www.clinicaalthea.com\\\/farmacia\\\/\",\"name\":\"Clinica Althea\",\"description\":\"\",\"publisher\":{\"@id\":\"https:\\\/\\\/www.clinicaalthea.com\\\/farmacia\\\/#organization\"},\"potentialAction\":[{\"@type\":\"SearchAction\",\"target\":{\"@type\":\"EntryPoint\",\"urlTemplate\":\"https:\\\/\\\/www.clinicaalthea.com\\\/farmacia\\\/?s={search_term_string}\"},\"query-input\":{\"@type\":\"PropertyValueSpecification\",\"valueRequired\":true,\"valueName\":\"search_term_string\"}}],\"inLanguage\":\"pl-PL\"},{\"@type\":\"Organization\",\"@id\":\"https:\\\/\\\/www.clinicaalthea.com\\\/farmacia\\\/#organization\",\"name\":\"Clinica Althea\",\"url\":\"https:\\\/\\\/www.clinicaalthea.com\\\/farmacia\\\/\",\"logo\":{\"@type\":\"ImageObject\",\"inLanguage\":\"pl-PL\",\"@id\":\"https:\\\/\\\/www.clinicaalthea.com\\\/farmacia\\\/#\\\/schema\\\/logo\\\/image\\\/\",\"url\":\"https:\\\/\\\/www.clinicaalthea.com\\\/farmacia\\\/wp-content\\\/uploads\\\/2023\\\/12\\\/Jak-diagnozuje-sie-FAS_-objawy-kryteria-diagnostyczne-i-metody-diagnozowania-154162903.jpg\",\"contentUrl\":\"https:\\\/\\\/www.clinicaalthea.com\\\/farmacia\\\/wp-content\\\/uploads\\\/2023\\\/12\\\/Jak-diagnozuje-sie-FAS_-objawy-kryteria-diagnostyczne-i-metody-diagnozowania-154162903.jpg\",\"width\":1216,\"height\":832,\"caption\":\"Clinica Althea\"},\"image\":{\"@id\":\"https:\\\/\\\/www.clinicaalthea.com\\\/farmacia\\\/#\\\/schema\\\/logo\\\/image\\\/\"}}]}<\/script>\n<!-- \/ Yoast SEO plugin. -->","yoast_head_json":{"title":"Nutrivitalin - Clinica Althea","robots":{"index":"index","follow":"follow","max-snippet":"max-snippet:-1","max-image-preview":"max-image-preview:large","max-video-preview":"max-video-preview:-1"},"canonical":"https:\/\/www.clinicaalthea.com\/farmacia\/cs\/apt\/nutrivitalin\/","og_locale":"pl_PL","og_type":"article","og_title":"Nutrivitalin - Clinica Althea","og_description":"1429.00 K\u010d  2858.00 K\u010d","og_url":"https:\/\/www.clinicaalthea.com\/farmacia\/cs\/apt\/nutrivitalin\/","og_site_name":"Clinica Althea","article_modified_time":"2024-03-22T14:59:13+00:00","og_image":[{"width":768,"height":768,"url":"https:\/\/www.clinicaalthea.com\/farmacia\/wp-content\/uploads\/2024\/03\/Nutrivitalin.jpg","type":"image\/jpeg"}],"twitter_card":"summary_large_image","twitter_misc":{"Szacowany czas czytania":"7 minut"},"schema":{"@context":"https:\/\/schema.org","@graph":[{"@type":"WebPage","@id":"https:\/\/www.clinicaalthea.com\/farmacia\/cs\/apt\/nutrivitalin\/","url":"https:\/\/www.clinicaalthea.com\/farmacia\/cs\/apt\/nutrivitalin\/","name":"Nutrivitalin - Clinica Althea","isPartOf":{"@id":"https:\/\/www.clinicaalthea.com\/farmacia\/#website"},"primaryImageOfPage":{"@id":"https:\/\/www.clinicaalthea.com\/farmacia\/cs\/apt\/nutrivitalin\/#primaryimage"},"image":{"@id":"https:\/\/www.clinicaalthea.com\/farmacia\/cs\/apt\/nutrivitalin\/#primaryimage"},"thumbnailUrl":"https:\/\/www.clinicaalthea.com\/farmacia\/wp-content\/uploads\/2024\/03\/Nutrivitalin.jpg","datePublished":"2024-03-22T14:54:30+00:00","dateModified":"2024-03-22T14:59:13+00:00","breadcrumb":{"@id":"https:\/\/www.clinicaalthea.com\/farmacia\/cs\/apt\/nutrivitalin\/#breadcrumb"},"inLanguage":"pl-PL","potentialAction":[{"@type":"ReadAction","target":["https:\/\/www.clinicaalthea.com\/farmacia\/cs\/apt\/nutrivitalin\/"]}]},{"@type":"ImageObject","inLanguage":"pl-PL","@id":"https:\/\/www.clinicaalthea.com\/farmacia\/cs\/apt\/nutrivitalin\/#primaryimage","url":"https:\/\/www.clinicaalthea.com\/farmacia\/wp-content\/uploads\/2024\/03\/Nutrivitalin.jpg","contentUrl":"https:\/\/www.clinicaalthea.com\/farmacia\/wp-content\/uploads\/2024\/03\/Nutrivitalin.jpg","width":768,"height":768,"caption":"Nutrivitalin"},{"@type":"BreadcrumbList","@id":"https:\/\/www.clinicaalthea.com\/farmacia\/cs\/apt\/nutrivitalin\/#breadcrumb","itemListElement":[{"@type":"ListItem","position":1,"name":"Strona g\u0142\u00f3wna","item":"https:\/\/www.clinicaalthea.com\/farmacia\/"},{"@type":"ListItem","position":2,"name":"Produkty","item":"https:\/\/www.clinicaalthea.com\/farmacia\/"},{"@type":"ListItem","position":3,"name":"Nutrivitalin"}]},{"@type":"WebSite","@id":"https:\/\/www.clinicaalthea.com\/farmacia\/#website","url":"https:\/\/www.clinicaalthea.com\/farmacia\/","name":"Clinica Althea","description":"","publisher":{"@id":"https:\/\/www.clinicaalthea.com\/farmacia\/#organization"},"potentialAction":[{"@type":"SearchAction","target":{"@type":"EntryPoint","urlTemplate":"https:\/\/www.clinicaalthea.com\/farmacia\/?s={search_term_string}"},"query-input":{"@type":"PropertyValueSpecification","valueRequired":true,"valueName":"search_term_string"}}],"inLanguage":"pl-PL"},{"@type":"Organization","@id":"https:\/\/www.clinicaalthea.com\/farmacia\/#organization","name":"Clinica Althea","url":"https:\/\/www.clinicaalthea.com\/farmacia\/","logo":{"@type":"ImageObject","inLanguage":"pl-PL","@id":"https:\/\/www.clinicaalthea.com\/farmacia\/#\/schema\/logo\/image\/","url":"https:\/\/www.clinicaalthea.com\/farmacia\/wp-content\/uploads\/2023\/12\/Jak-diagnozuje-sie-FAS_-objawy-kryteria-diagnostyczne-i-metody-diagnozowania-154162903.jpg","contentUrl":"https:\/\/www.clinicaalthea.com\/farmacia\/wp-content\/uploads\/2023\/12\/Jak-diagnozuje-sie-FAS_-objawy-kryteria-diagnostyczne-i-metody-diagnozowania-154162903.jpg","width":1216,"height":832,"caption":"Clinica Althea"},"image":{"@id":"https:\/\/www.clinicaalthea.com\/farmacia\/#\/schema\/logo\/image\/"}}]}},"lang":"cs","translations":{"cs":2074,"fr":2076,"de":2077,"sk":2078,"sv":2079,"bg":2080,"sl":2081},"pll_sync_post":[],"_links":{"self":[{"href":"https:\/\/www.clinicaalthea.com\/farmacia\/wp-json\/wp\/v2\/product\/2074","targetHints":{"allow":["GET"]}}],"collection":[{"href":"https:\/\/www.clinicaalthea.com\/farmacia\/wp-json\/wp\/v2\/product"}],"about":[{"href":"https:\/\/www.clinicaalthea.com\/farmacia\/wp-json\/wp\/v2\/types\/product"}],"replies":[{"embeddable":true,"href":"https:\/\/www.clinicaalthea.com\/farmacia\/wp-json\/wp\/v2\/comments?post=2074"}],"wp:featuredmedia":[{"embeddable":true,"href":"https:\/\/www.clinicaalthea.com\/farmacia\/wp-json\/wp\/v2\/media\/2075"}],"wp:attachment":[{"href":"https:\/\/www.clinicaalthea.com\/farmacia\/wp-json\/wp\/v2\/media?parent=2074"}],"wp:term":[{"taxonomy":"product_brand","embeddable":true,"href":"https:\/\/www.clinicaalthea.com\/farmacia\/wp-json\/wp\/v2\/product_brand?post=2074"},{"taxonomy":"product_cat","embeddable":true,"href":"https:\/\/www.clinicaalthea.com\/farmacia\/wp-json\/wp\/v2\/product_cat?post=2074"},{"taxonomy":"product_tag","embeddable":true,"href":"https:\/\/www.clinicaalthea.com\/farmacia\/wp-json\/wp\/v2\/product_tag?post=2074"}],"curies":[{"name":"wp","href":"https:\/\/api.w.org\/{rel}","templated":true}]}}