{"id":2027,"date":"2024-03-22T11:00:28","date_gmt":"2024-03-22T10:00:28","guid":{"rendered":"https:\/\/mayoguide.org\/produkty\/?post_type=product&#038;p=2027"},"modified":"2024-03-22T15:11:09","modified_gmt":"2024-03-22T14:11:09","slug":"movenol-pro","status":"publish","type":"product","link":"https:\/\/www.clinicaalthea.com\/farmacia\/cs\/apt\/movenol-pro\/","title":{"rendered":"Movenol Pro"},"content":{"rendered":"\n\n<p>P\u0159i zkoum\u00e1n\u00ed dopl\u0148k\u016f stravy dostupn\u00fdch na trhu je \u010dasto obt\u00ed\u017en\u00e9 naj\u00edt produkt, kter\u00fd by \u00fa\u010dinn\u011b podporoval \u00falevu od bolesti kloub\u016f. Je <b>Movenol Pro<\/b> \u0159e\u0161en\u00edm? Opravdu funguje? Nyn\u00ed je \u010das dozv\u011bd\u011bt se v\u00edce o tomto inovativn\u00edm p\u0159\u00edpravku a zjistit, jak m\u016f\u017ee poskytnout \u00falevu od kloubn\u00edch pot\u00ed\u017e\u00ed.<\/p>\n\n\n\n\n\n<h3 class=\"wp-block-heading\" id=\"h-kluczowe-informacje\">Kl\u00ed\u010dov\u00e9 informace:<\/h3>\n\n\n\n\n\n<ul class=\"wp-block-list\">\n\n<li><b>Movenol Pro<\/b> je inovativn\u00ed dopln\u011bk stravy, kter\u00fd m\u016f\u017ee pomoci zm\u00edrnit bolesti kloub\u016f.<\/li>\n\n\n\n\n\n<li>Slo\u017eky p\u0159\u00edpravku Movenol <b>Pro<\/b> p\u016fsob\u00ed proti z\u00e1n\u011btu a pom\u00e1haj\u00ed p\u0159i regeneraci kloub\u016f.<\/li>\n\n\n\n\n\n<li>Pravideln\u00e9 u\u017e\u00edv\u00e1n\u00ed p\u0159\u00edpravku Movenol Pro m\u016f\u017ee obnovit pohyblivost kloub\u016f a sn\u00ed\u017eit bolest.<\/li>\n\n\n\n\n\n<li>Movenol Pro je bezpe\u010dn\u00fd a m\u00e1 \u0159adu pozitivn\u00edch u\u017eivatelsk\u00fdch <b>recenz\u00ed<\/b>.<\/li>\n\n\n\n\n\n<li>V\u00fdrobce p\u0159\u00edpravku Movenol Pro nab\u00edz\u00ed ofici\u00e1ln\u00ed n\u00e1kupn\u00ed str\u00e1nku, kde najdete autentick\u00fd v\u00fdrobek.<\/li>\n\n<\/ul>\n\n\n\n\n\n<h2 class=\"wp-block-heading\" id=\"h-jak-dziala-movenol-pro\">Jak Movenol Pro funguje?<\/h2>\n\n\n\n\n\n<p>Movenol Pro p\u016fsob\u00ed na n\u011bkolika \u00farovn\u00edch a poskytuje komplexn\u00ed l\u00e9\u010dbu kloubn\u00edch probl\u00e9m\u016f. Jeho slo\u017eky p\u016fsob\u00ed proti z\u00e1n\u011btu, pom\u00e1haj\u00ed regenerovat kloubn\u00ed chrupavky a zm\u00edr\u0148uj\u00ed bolest. Pravideln\u00e9 u\u017e\u00edv\u00e1n\u00ed p\u0159\u00edpravku Movenol Pro m\u016f\u017ee pomoci zv\u00fd\u0161it pru\u017enost kloub\u016f, obnovit jejich pohyblivost a zm\u00edrnit z\u00e1n\u011bt.<\/p>\n\n\n\n\n\n<h2 class=\"wp-block-heading\" id=\"h-sklad-i-skladniki-movenol-pro\">Slo\u017een\u00ed a slo\u017eky p\u0159\u00edpravku Movenol Pro<\/h2>\n\n\n\n\n\n<p>Movenol Pro je dopln\u011bk stravy, kter\u00fd je ur\u010den ke zm\u00edrn\u011bn\u00ed bolesti kloub\u016f. Jeho \u00fa\u010dinnost je zalo\u017eena na pe\u010dliv\u011b vybran\u00fdch a vyv\u00e1\u017een\u00fdch slo\u017ek\u00e1ch, kter\u00e9 maj\u00ed pozitivn\u00ed vliv na zdrav\u00ed kloub\u016f.<\/p>\n\n\n\n\n\n<p>Kompletn\u00ed <b>slo\u017een\u00ed p\u0159\u00edpravku Movenol Pro<\/b> zahrnuje p\u0159\u00edrodn\u00ed l\u00e1tky s analgetick\u00fdmi a protiz\u00e1n\u011btliv\u00fdmi \u00fa\u010dinky. Mezi kl\u00ed\u010dov\u00e9 slo\u017eky p\u0159\u00edpravku pat\u0159\u00ed:<\/p>\n\n\n\n\n\n<ul class=\"wp-block-list\">\n\n<li><em>Extrakt z kurkumy<\/em>: extrakt z kurkumy, zn\u00e1m\u00fd pro sv\u00e9 analgetick\u00e9 a protiz\u00e1n\u011btliv\u00e9 \u00fa\u010dinky, pom\u00e1h\u00e1 sni\u017eovat bolest spojenou s kloubn\u00edmi probl\u00e9my.<\/li>\n\n\n\n\n\n<li><em>Kyselina hyaluronov\u00e1<\/em>: Je nezbytn\u00e1 pro udr\u017een\u00ed pru\u017enosti a zdrav\u00ed kloubn\u00ed chrupavky, \u010d\u00edm\u017e pom\u00e1h\u00e1 zlep\u0161ovat pohyblivost kloub\u016f.<\/li>\n\n\n\n\n\n<li><em>Glukosamin<\/em>: Jedn\u00e1 se o p\u0159\u00edrodn\u00ed slo\u017eku, kter\u00e1 podporuje rekonstrukci a regeneraci tk\u00e1n\u011b chrupavky, zlep\u0161uje jej\u00ed strukturu a funkci.<\/li>\n\n\n\n\n\n<li><em>Vitam\u00edny a miner\u00e1ly<\/em>: Movenol Pro obsahuje tak\u00e9 vitam\u00edny a miner\u00e1ly prosp\u011b\u0161n\u00e9 pro zdrav\u00ed kloub\u016f, kter\u00e9 podporuj\u00ed jejich spr\u00e1vnou funkci.<\/li>\n\n<\/ul>\n\n\n\n\n\n<h2 class=\"wp-block-heading\" id=\"h-dawkowanie-i-efekty-movenol-pro\">D\u00e1vkov\u00e1n\u00ed a \u00fa\u010dinky p\u0159\u00edpravku Movenol Pro<\/h2>\n\n\n\n\n\n<p>Movenol Pro je k dispozici ve form\u011b praktick\u00fdch s\u00e1\u010dk\u016f, kter\u00e9 se rozpust\u00ed ve 200 ml vody. Doporu\u010den\u00e9 <b>d\u00e1vkov\u00e1n\u00ed<\/b> je jeden s\u00e1\u010dek denn\u011b. Pravideln\u00e9 u\u017e\u00edv\u00e1n\u00ed p\u0159\u00edpravku Movenol Pro po dobu t\u0159\u00ed m\u011bs\u00edc\u016f m\u016f\u017ee p\u0159in\u00e9st viditeln\u00e9 \u00fa\u010dinky, jako nap\u0159:<\/p>\n\n\n\n\n\n<ul class=\"wp-block-list\">\n\n<li>sn\u00ed\u017een\u00ed bolesti<\/li>\n\n\n\n\n\n<li>zlep\u0161en\u00ed pohyblivosti kloub\u016f<\/li>\n\n\n\n\n\n<li>sn\u00ed\u017een\u00ed z\u00e1n\u011btu<\/li>\n\n<\/ul>\n\n\n\n\n\n<p>\u00da\u010dinek p\u0159\u00edpravku Movenol Pro na organismus se m\u016f\u017ee li\u0161it v z\u00e1vislosti na individu\u00e1ln\u00edch predispozic\u00edch. Proto je d\u016fle\u017eit\u00e9 u\u017e\u00edvat dopln\u011bk systematicky po ur\u010ditou dobu, aby bylo mo\u017en\u00e9 pozorovat uveden\u00e9 \u00fa\u010dinky. P\u0159ed zah\u00e1jen\u00edm u\u017e\u00edv\u00e1n\u00ed dopl\u0148ku Movenol Pro se nezapome\u0148te poradit se sv\u00fdm l\u00e9ka\u0159em nebo l\u00e9k\u00e1rn\u00edkem, zejm\u00e9na pokud m\u00e1te n\u011bjak\u00e9 st\u00e1vaj\u00edc\u00ed zdravotn\u00ed pot\u00ed\u017ee nebo u\u017e\u00edv\u00e1te jin\u00e9 l\u00e9ky.<\/p>\n\n\n\n\n\n<h2 class=\"wp-block-heading\" id=\"h-opinie-uzytkownikow-o-movenol-pro\">Hodnocen\u00ed u\u017eivatel\u016f p\u0159\u00edpravku Movenol Pro<\/h2>\n\n\n\n\n\n<p>Sv\u011bdectv\u00ed o \u00fa\u010dinnosti p\u0159\u00edpravku Movenol Pro lze nal\u00e9zt v \u010detn\u00fdch pozitivn\u00edch u\u017eivatelsk\u00fdch recenz\u00edch. Na r\u016fzn\u00fdch f\u00f3rech a webov\u00fdch str\u00e1nk\u00e1ch <b>u\u017eivatel\u00e9<\/b> vyzdvihuj\u00ed p\u0159\u00edzniv\u00e9 \u00fa\u010dinky suplementace p\u0159\u00edpravkem Movenol Pro, v\u010detn\u011b sn\u00ed\u017een\u00ed bolesti kloub\u016f, zlep\u0161en\u00ed pohyblivosti a celkov\u00e9 \u00falevy. \u010cast\u00e9 je tak\u00e9 doporu\u010den\u00ed tohoto produktu jako \u00fa\u010dinn\u00e9ho zp\u016fsobu obnovy kloub\u016f.<\/p>\n\n\n\n\n\n<blockquote class=\"wp-block-quote is-layout-flow wp-block-quote-is-layout-flow\">\n\n<p><em>Po letech pot\u00fdk\u00e1n\u00ed se s bolestmi kloub\u016f jsem kone\u010dn\u011b na\u0161el produkt, kter\u00fd opravdu funguje! Movenol Pro nejen ulevuje od bolesti, ale tak\u00e9 pom\u00e1h\u00e1 regenerovat klouby. Nyn\u00ed si mohu u\u017e\u00edvat aktivn\u00edho \u017eivota bez neust\u00e1l\u00fdch pot\u00ed\u017e\u00ed. Jsem nad\u0161en\u00e1 z v\u00fdsledk\u016f a ur\u010dit\u011b bych tento dopln\u011bk doporu\u010dila v\u0161em, kte\u0159\u00ed pot\u0159ebuj\u00ed podporu pro sv\u00e9 klouby.<\/em><\/p>\n\n<\/blockquote>\n\n\n\n\n\n<blockquote class=\"wp-block-quote is-layout-flow wp-block-quote-is-layout-flow\">\n\n<p><em>Movenol Pro je pro m\u011b skute\u010dn\u00fdm zjeven\u00edm! Pou\u017e\u00edval jsem ji\u017e mnoho r\u016fzn\u00fdch dopl\u0148k\u016f stravy na probl\u00e9my s klouby, ale \u017e\u00e1dn\u00fd z nich nep\u0159inesl takov\u00e9 v\u00fdsledky jako tento. Po n\u011bkolika t\u00fddnech pravideln\u00e9ho u\u017e\u00edv\u00e1n\u00ed jsem zaznamenal v\u00fdrazn\u00e9 zlep\u0161en\u00ed pohyblivosti kloub\u016f a mnohem men\u0161\u00ed bolesti. Doporu\u010dil bych ho ka\u017ed\u00e9mu, kdo hled\u00e1 \u00fa\u010dinnou \u00falevu od bolesti kloub\u016f!<\/em><\/p>\n\n<\/blockquote>\n\n\n\n\n\n<h2 class=\"wp-block-heading\" id=\"h-gdzie-mozna-kupic-movenol-pro-i-jaka-jest-jego-cena\">Kde mohu Movenol Pro koupit a jak\u00e1 je jeho cena?<\/h2>\n\n\n\n\n\n<p>Origin\u00e1ln\u00ed Movenol Pro lze zakoupit pouze na ofici\u00e1ln\u00edch str\u00e1nk\u00e1ch v\u00fdrobce. To je nejbezpe\u010dn\u011bj\u0161\u00ed zp\u016fsob, jak se vyhnout pad\u011blk\u016fm a b\u00fdt si jisti, \u017ee dost\u00e1v\u00e1te kvalitn\u00ed v\u00fdrobek. <b>Cena<\/b> Movenol Pro z\u00e1vis\u00ed na bal\u00ed\u010dku, kter\u00fd si vyberete, a na akc\u00edch platn\u00fdch v dan\u00e9m okam\u017eiku. V\u00fdrobce pravideln\u011b nab\u00edz\u00ed sv\u00fdm z\u00e1kazn\u00edk\u016fm slevy a speci\u00e1ln\u00ed akce.<\/p>\n\n\n\n\n\n<h1 class=\"wp-block-heading\" id=\"h-movenol-pro-skutki-uboczne-i-przeciwwskazania\">Movenol Pro &#8211; Ne\u017e\u00e1douc\u00ed \u00fa\u010dinky a kontraindikace<\/h1>\n\n\n\n\n\n<p>Movenol Pro je p\u0159\u00edpravek, kter\u00fd nab\u00edz\u00ed p\u0159\u00edrodn\u00ed podporu p\u0159i \u00falev\u011b od bolesti kloub\u016f. Jako ka\u017ed\u00fd dopln\u011bk stravy v\u0161ak m\u016f\u017ee zp\u016fsobovat <b>ne\u017e\u00e1douc\u00ed \u00fa\u010dinky<\/b> a existuj\u00ed <b>kontraindikace<\/b> jeho u\u017e\u00edv\u00e1n\u00ed. Zn\u00e1te v\u0161echny <b>ne\u017e\u00e1douc\u00ed \u00fa\u010dinky<\/b> a <b>kontraindikace<\/b> spojen\u00e9 s p\u0159\u00edpravkem Movenol Pro? Jak\u00e1 jsou <b>doporu\u010den\u00ed pro<\/b> bezpe\u010dn\u00e9 dopl\u0148ov\u00e1n\u00ed tohoto produktu? Zjist\u011bte v\u00edce informac\u00ed, abyste l\u00e9pe pochopili, zda je pro v\u00e1s Movenol Pro vhodn\u00fd.<\/p>\n\n\n\n\n\n<h2 class=\"wp-block-heading\" id=\"h-movenol-pro-bezpieczne-stosowanie-i-zalecenia\">Movenol Pro &#8211; Bezpe\u010dn\u00e9 pou\u017eit\u00ed a doporu\u010den\u00ed<\/h2>\n\n\n\n\n\n<p>Movenol Pro je ur\u010den k pou\u017eit\u00ed jako dopln\u011bk stravy a je t\u0159eba dodr\u017eovat doporu\u010den\u00e9 d\u00e1vkov\u00e1n\u00ed. P\u0159ed zah\u00e1jen\u00edm u\u017e\u00edv\u00e1n\u00ed dopl\u0148ku stravy si v\u017edy p\u0159e\u010dt\u011bte p\u0159\u00edbalovou informaci a pora\u010fte se se sv\u00fdm l\u00e9ka\u0159em nebo l\u00e9k\u00e1rn\u00edkem, zejm\u00e9na pokud trp\u00edte n\u011bjak\u00fdm onemocn\u011bn\u00edm nebo u\u017e\u00edv\u00e1te jin\u00e9 l\u00e9ky. Dopln\u011bk stravy Movenol Pro by m\u011bl b\u00fdt sou\u010d\u00e1st\u00ed zdrav\u00e9ho \u017eivotn\u00edho stylu, kter\u00fd zahrnuje zdravou stravu a m\u00edrnou fyzickou aktivitu.<\/p>\n\n\n\n\n\n<figure class=\"wp-block-table\"><table><tbody><tr><th>Bezpe\u010dn\u00e9 u\u017e\u00edv\u00e1n\u00ed:<\/th><td>Dodr\u017eujte doporu\u010den\u00e9 d\u00e1vkov\u00e1n\u00ed<\/td><\/tr><tr><th> <\/th><td>P\u0159e\u010dt\u011bte si p\u0159\u00edbalov\u00fd let\u00e1k<\/td><\/tr><tr><th> <\/th><td>Pora\u010fte se se sv\u00fdm l\u00e9ka\u0159em nebo l\u00e9k\u00e1rn\u00edkem<\/td><\/tr><tr><th> <\/th><td>Dopln\u011bk stravy spojte se zdrav\u00fdm \u017eivotn\u00edm stylem<\/td><\/tr><tr><th>Doporu\u010den\u00ed:<\/th><td>Dodr\u017eujte zdravou stravu<\/td><\/tr><tr><th> <\/th><td>Prov\u00e1d\u011bjte m\u00edrnou fyzickou aktivitu<\/td><\/tr><\/tbody><\/table><\/figure>\n\n\n\n\n\n<h1 class=\"wp-block-heading\" id=\"h-movenol-pro-sprawdz-oficjalnego-producenta\">Movenol Pro &#8211; Pod\u00edvejte se na ofici\u00e1ln\u00edho v\u00fdrobce<\/h1>\n\n\n\n\n\n<p>Pokud m\u00e1te probl\u00e9my s klouby a hled\u00e1te \u00fa\u010dinnou podporu, stoj\u00ed za to se pod\u00edvat na produkt s n\u00e1zvem Movenol Pro. V\u00edte v\u0161ak, <b>kde si m\u016f\u017eete koupit<\/b> p\u016fvodn\u00ed v\u00fdrobek? Znalost ofici\u00e1ln\u00edho v\u00fdrobce a n\u00e1kup z jeho webov\u00fdch str\u00e1nek m\u016f\u017ee b\u00fdt nejen bezpe\u010dn\u00fd, ale tak\u00e9 zaru\u010dit vysokou kvalitu dopl\u0148ku. Chcete v\u011bd\u011bt, kde koupit Movenol Pro a jak b\u00fdt opatrn\u00ed p\u0159i n\u00e1kupu?<\/p>\n\n\n\n\n\n<h2 class=\"wp-block-heading\" id=\"h-czy-movenol-pro-jest-dostepny-w-aptekach\">Je Movenol Pro k dispozici v l\u00e9k\u00e1rn\u00e1ch?<\/h2>\n\n\n\n\n\n<p>Movenol Pro je k dispozici v\u00fdhradn\u011b na ofici\u00e1ln\u00edch str\u00e1nk\u00e1ch v\u00fdrobce a neprod\u00e1v\u00e1 se v l\u00e9k\u00e1rn\u00e1ch. Volba n\u00e1kupu tohoto dopl\u0148ku z jin\u00fdch zdroj\u016f zahrnuje ur\u010dit\u00e9 riziko, proto\u017ee je mo\u017en\u00e9 zakoupit pad\u011blky nebo v\u00fdrobky pochybn\u00e9 kvality. Chcete-li se ujistit, \u017ee z\u00edsk\u00e1v\u00e1te origin\u00e1ln\u00ed Movenol Pro, doporu\u010dujeme v\u017edy pou\u017e\u00edvat ofici\u00e1ln\u00ed webov\u00e9 str\u00e1nky v\u00fdrobce.<\/p>\n\n\n\n\n\n<p>T\u00edm, \u017ee se rozhodnete koupit Movenol Pro z ofici\u00e1ln\u00edch str\u00e1nek v\u00fdrobce, si m\u016f\u017eete b\u00fdt jisti, \u017ee z\u00edsk\u00e1te autentick\u00fd v\u00fdrobek, kter\u00fd pro\u0161el p\u0159\u00edsn\u00fdm testov\u00e1n\u00edm kvality. T\u00edm se vyhnete vystaven\u00ed sv\u00e9ho zdrav\u00ed nebezpe\u010d\u00ed, kter\u00e9 m\u016f\u017ee p\u0159ij\u00edt s n\u00e1kupem p\u0159\u00edpravk\u016f z nezn\u00e1m\u00fdch zdroj\u016f.<\/p>\n\n\n\n\n\n<p>Ochrana va\u0161eho zdrav\u00ed a bezpe\u010dnosti je prioritou. Proto je v\u017edy dobr\u00e9 m\u00edt na pam\u011bti, \u017ee je t\u0159eba nakupovat pouze z d\u016fv\u011bryhodn\u00fdch zdroj\u016f. V p\u0159\u00edpad\u011b p\u0159\u00edpravku Movenol Pro je nejlep\u0161\u00edm m\u00edstem pro jeho n\u00e1kup ofici\u00e1ln\u00ed webov\u00e1 str\u00e1nka v\u00fdrobce, kter\u00e1 zaru\u010duje pravost, kvalitu a \u00fa\u010dinnost tohoto inovativn\u00edho dopl\u0148ku proti bolesti kloub\u016f.<\/p>\n\n\n\n\n\n<h2 class=\"wp-block-heading\" id=\"h-podsumowanie-movenol-pro-jako-skuteczne-wsparcie-dla-stawow\">Shrnut\u00ed &#8211; Movenol Pro jako \u00fa\u010dinn\u00e1 podpora kloub\u016f<\/h2>\n\n\n\n\n\n<p>Movenol Pro je inovativn\u00ed dopln\u011bk stravy, kter\u00fd nab\u00edz\u00ed <b>\u00fa\u010dinnou<\/b> podporu kloub\u016f. D\u00edky sv\u00e9mu jedine\u010dn\u00e9mu slo\u017een\u00ed zalo\u017een\u00e9mu na p\u0159\u00edrodn\u00edch slo\u017ek\u00e1ch p\u0159in\u00e1\u0161\u00ed Movenol Pro \u00falevu od bolesti, zlep\u0161uje pohyblivost kloub\u016f a pom\u00e1h\u00e1 regenerovat kloubn\u00ed tk\u00e1n\u011b. <b>Bezpe\u010dn\u00e9 u\u017e\u00edv\u00e1n\u00ed<\/b> a \u010detn\u00e9 pozitivn\u00ed recenze u\u017eivatel\u016f \u010din\u00ed z Movenolu Pro pozoruhodnou volbu pro ty, kte\u0159\u00ed se pot\u00fdkaj\u00ed s kloubn\u00edmi probl\u00e9my.<\/p>\n\n","protected":false},"excerpt":{"rendered":"<p><strong>1069.00 K\u010d<\/strong> <del>2138.00 K\u010d<\/del> <strong>[date_countdown]<\/strong><\/p>\n","protected":false},"featured_media":2028,"comment_status":"open","ping_status":"closed","template":"","meta":{"neve_meta_sidebar":"","neve_meta_container":"","neve_meta_enable_content_width":"","neve_meta_content_width":0,"neve_meta_title_alignment":"","neve_meta_author_avatar":"","neve_post_elements_order":"","neve_meta_disable_header":"","neve_meta_disable_footer":"","neve_meta_disable_title":"","neve_meta_reading_time":""},"product_brand":[],"product_cat":[49],"product_tag":[],"class_list":{"0":"post-2027","1":"product","2":"type-product","3":"status-publish","4":"has-post-thumbnail","6":"product_cat-zdravi","8":"first","9":"instock","10":"shipping-taxable","11":"product-type-external"},"yoast_head":"<!-- This site is optimized with the Yoast SEO plugin v27.4 - https:\/\/yoast.com\/product\/yoast-seo-wordpress\/ -->\n<title>Movenol Pro - Clinica Althea<\/title>\n<meta name=\"robots\" content=\"index, follow, max-snippet:-1, max-image-preview:large, max-video-preview:-1\" \/>\n<link rel=\"canonical\" href=\"https:\/\/www.clinicaalthea.com\/farmacia\/cs\/apt\/movenol-pro\/\" \/>\n<meta property=\"og:locale\" content=\"pl_PL\" \/>\n<meta property=\"og:type\" content=\"article\" \/>\n<meta property=\"og:title\" content=\"Movenol Pro - Clinica Althea\" \/>\n<meta property=\"og:description\" content=\"1069.00 K\u010d 2138.00 K\u010d\" \/>\n<meta property=\"og:url\" content=\"https:\/\/www.clinicaalthea.com\/farmacia\/cs\/apt\/movenol-pro\/\" \/>\n<meta property=\"og:site_name\" content=\"Clinica Althea\" \/>\n<meta property=\"article:modified_time\" content=\"2024-03-22T14:11:09+00:00\" \/>\n<meta property=\"og:image\" content=\"https:\/\/www.clinicaalthea.com\/farmacia\/wp-content\/uploads\/2024\/03\/Movenol-Pro.jpg\" \/>\n\t<meta property=\"og:image:width\" content=\"768\" \/>\n\t<meta property=\"og:image:height\" content=\"768\" \/>\n\t<meta property=\"og:image:type\" content=\"image\/jpeg\" \/>\n<meta name=\"twitter:card\" content=\"summary_large_image\" \/>\n<meta name=\"twitter:label1\" content=\"Szacowany czas czytania\" \/>\n\t<meta name=\"twitter:data1\" content=\"6 minut\" \/>\n<script type=\"application\/ld+json\" class=\"yoast-schema-graph\">{\"@context\":\"https:\\\/\\\/schema.org\",\"@graph\":[{\"@type\":\"WebPage\",\"@id\":\"https:\\\/\\\/www.clinicaalthea.com\\\/farmacia\\\/cs\\\/apt\\\/movenol-pro\\\/\",\"url\":\"https:\\\/\\\/www.clinicaalthea.com\\\/farmacia\\\/cs\\\/apt\\\/movenol-pro\\\/\",\"name\":\"Movenol Pro - Clinica Althea\",\"isPartOf\":{\"@id\":\"https:\\\/\\\/www.clinicaalthea.com\\\/farmacia\\\/#website\"},\"primaryImageOfPage\":{\"@id\":\"https:\\\/\\\/www.clinicaalthea.com\\\/farmacia\\\/cs\\\/apt\\\/movenol-pro\\\/#primaryimage\"},\"image\":{\"@id\":\"https:\\\/\\\/www.clinicaalthea.com\\\/farmacia\\\/cs\\\/apt\\\/movenol-pro\\\/#primaryimage\"},\"thumbnailUrl\":\"https:\\\/\\\/www.clinicaalthea.com\\\/farmacia\\\/wp-content\\\/uploads\\\/2024\\\/03\\\/Movenol-Pro.jpg\",\"datePublished\":\"2024-03-22T10:00:28+00:00\",\"dateModified\":\"2024-03-22T14:11:09+00:00\",\"breadcrumb\":{\"@id\":\"https:\\\/\\\/www.clinicaalthea.com\\\/farmacia\\\/cs\\\/apt\\\/movenol-pro\\\/#breadcrumb\"},\"inLanguage\":\"pl-PL\",\"potentialAction\":[{\"@type\":\"ReadAction\",\"target\":[\"https:\\\/\\\/www.clinicaalthea.com\\\/farmacia\\\/cs\\\/apt\\\/movenol-pro\\\/\"]}]},{\"@type\":\"ImageObject\",\"inLanguage\":\"pl-PL\",\"@id\":\"https:\\\/\\\/www.clinicaalthea.com\\\/farmacia\\\/cs\\\/apt\\\/movenol-pro\\\/#primaryimage\",\"url\":\"https:\\\/\\\/www.clinicaalthea.com\\\/farmacia\\\/wp-content\\\/uploads\\\/2024\\\/03\\\/Movenol-Pro.jpg\",\"contentUrl\":\"https:\\\/\\\/www.clinicaalthea.com\\\/farmacia\\\/wp-content\\\/uploads\\\/2024\\\/03\\\/Movenol-Pro.jpg\",\"width\":768,\"height\":768,\"caption\":\"Movenol Pro\"},{\"@type\":\"BreadcrumbList\",\"@id\":\"https:\\\/\\\/www.clinicaalthea.com\\\/farmacia\\\/cs\\\/apt\\\/movenol-pro\\\/#breadcrumb\",\"itemListElement\":[{\"@type\":\"ListItem\",\"position\":1,\"name\":\"Strona g\u0142\u00f3wna\",\"item\":\"https:\\\/\\\/www.clinicaalthea.com\\\/farmacia\\\/\"},{\"@type\":\"ListItem\",\"position\":2,\"name\":\"Produkty\",\"item\":\"https:\\\/\\\/www.clinicaalthea.com\\\/farmacia\\\/\"},{\"@type\":\"ListItem\",\"position\":3,\"name\":\"Movenol Pro\"}]},{\"@type\":\"WebSite\",\"@id\":\"https:\\\/\\\/www.clinicaalthea.com\\\/farmacia\\\/#website\",\"url\":\"https:\\\/\\\/www.clinicaalthea.com\\\/farmacia\\\/\",\"name\":\"Clinica Althea\",\"description\":\"\",\"publisher\":{\"@id\":\"https:\\\/\\\/www.clinicaalthea.com\\\/farmacia\\\/#organization\"},\"potentialAction\":[{\"@type\":\"SearchAction\",\"target\":{\"@type\":\"EntryPoint\",\"urlTemplate\":\"https:\\\/\\\/www.clinicaalthea.com\\\/farmacia\\\/?s={search_term_string}\"},\"query-input\":{\"@type\":\"PropertyValueSpecification\",\"valueRequired\":true,\"valueName\":\"search_term_string\"}}],\"inLanguage\":\"pl-PL\"},{\"@type\":\"Organization\",\"@id\":\"https:\\\/\\\/www.clinicaalthea.com\\\/farmacia\\\/#organization\",\"name\":\"Clinica Althea\",\"url\":\"https:\\\/\\\/www.clinicaalthea.com\\\/farmacia\\\/\",\"logo\":{\"@type\":\"ImageObject\",\"inLanguage\":\"pl-PL\",\"@id\":\"https:\\\/\\\/www.clinicaalthea.com\\\/farmacia\\\/#\\\/schema\\\/logo\\\/image\\\/\",\"url\":\"https:\\\/\\\/www.clinicaalthea.com\\\/farmacia\\\/wp-content\\\/uploads\\\/2023\\\/12\\\/Jak-diagnozuje-sie-FAS_-objawy-kryteria-diagnostyczne-i-metody-diagnozowania-154162903.jpg\",\"contentUrl\":\"https:\\\/\\\/www.clinicaalthea.com\\\/farmacia\\\/wp-content\\\/uploads\\\/2023\\\/12\\\/Jak-diagnozuje-sie-FAS_-objawy-kryteria-diagnostyczne-i-metody-diagnozowania-154162903.jpg\",\"width\":1216,\"height\":832,\"caption\":\"Clinica Althea\"},\"image\":{\"@id\":\"https:\\\/\\\/www.clinicaalthea.com\\\/farmacia\\\/#\\\/schema\\\/logo\\\/image\\\/\"}}]}<\/script>\n<!-- \/ Yoast SEO plugin. -->","yoast_head_json":{"title":"Movenol Pro - Clinica Althea","robots":{"index":"index","follow":"follow","max-snippet":"max-snippet:-1","max-image-preview":"max-image-preview:large","max-video-preview":"max-video-preview:-1"},"canonical":"https:\/\/www.clinicaalthea.com\/farmacia\/cs\/apt\/movenol-pro\/","og_locale":"pl_PL","og_type":"article","og_title":"Movenol Pro - Clinica Althea","og_description":"1069.00 K\u010d 2138.00 K\u010d","og_url":"https:\/\/www.clinicaalthea.com\/farmacia\/cs\/apt\/movenol-pro\/","og_site_name":"Clinica Althea","article_modified_time":"2024-03-22T14:11:09+00:00","og_image":[{"width":768,"height":768,"url":"https:\/\/www.clinicaalthea.com\/farmacia\/wp-content\/uploads\/2024\/03\/Movenol-Pro.jpg","type":"image\/jpeg"}],"twitter_card":"summary_large_image","twitter_misc":{"Szacowany czas czytania":"6 minut"},"schema":{"@context":"https:\/\/schema.org","@graph":[{"@type":"WebPage","@id":"https:\/\/www.clinicaalthea.com\/farmacia\/cs\/apt\/movenol-pro\/","url":"https:\/\/www.clinicaalthea.com\/farmacia\/cs\/apt\/movenol-pro\/","name":"Movenol Pro - Clinica Althea","isPartOf":{"@id":"https:\/\/www.clinicaalthea.com\/farmacia\/#website"},"primaryImageOfPage":{"@id":"https:\/\/www.clinicaalthea.com\/farmacia\/cs\/apt\/movenol-pro\/#primaryimage"},"image":{"@id":"https:\/\/www.clinicaalthea.com\/farmacia\/cs\/apt\/movenol-pro\/#primaryimage"},"thumbnailUrl":"https:\/\/www.clinicaalthea.com\/farmacia\/wp-content\/uploads\/2024\/03\/Movenol-Pro.jpg","datePublished":"2024-03-22T10:00:28+00:00","dateModified":"2024-03-22T14:11:09+00:00","breadcrumb":{"@id":"https:\/\/www.clinicaalthea.com\/farmacia\/cs\/apt\/movenol-pro\/#breadcrumb"},"inLanguage":"pl-PL","potentialAction":[{"@type":"ReadAction","target":["https:\/\/www.clinicaalthea.com\/farmacia\/cs\/apt\/movenol-pro\/"]}]},{"@type":"ImageObject","inLanguage":"pl-PL","@id":"https:\/\/www.clinicaalthea.com\/farmacia\/cs\/apt\/movenol-pro\/#primaryimage","url":"https:\/\/www.clinicaalthea.com\/farmacia\/wp-content\/uploads\/2024\/03\/Movenol-Pro.jpg","contentUrl":"https:\/\/www.clinicaalthea.com\/farmacia\/wp-content\/uploads\/2024\/03\/Movenol-Pro.jpg","width":768,"height":768,"caption":"Movenol Pro"},{"@type":"BreadcrumbList","@id":"https:\/\/www.clinicaalthea.com\/farmacia\/cs\/apt\/movenol-pro\/#breadcrumb","itemListElement":[{"@type":"ListItem","position":1,"name":"Strona g\u0142\u00f3wna","item":"https:\/\/www.clinicaalthea.com\/farmacia\/"},{"@type":"ListItem","position":2,"name":"Produkty","item":"https:\/\/www.clinicaalthea.com\/farmacia\/"},{"@type":"ListItem","position":3,"name":"Movenol Pro"}]},{"@type":"WebSite","@id":"https:\/\/www.clinicaalthea.com\/farmacia\/#website","url":"https:\/\/www.clinicaalthea.com\/farmacia\/","name":"Clinica Althea","description":"","publisher":{"@id":"https:\/\/www.clinicaalthea.com\/farmacia\/#organization"},"potentialAction":[{"@type":"SearchAction","target":{"@type":"EntryPoint","urlTemplate":"https:\/\/www.clinicaalthea.com\/farmacia\/?s={search_term_string}"},"query-input":{"@type":"PropertyValueSpecification","valueRequired":true,"valueName":"search_term_string"}}],"inLanguage":"pl-PL"},{"@type":"Organization","@id":"https:\/\/www.clinicaalthea.com\/farmacia\/#organization","name":"Clinica Althea","url":"https:\/\/www.clinicaalthea.com\/farmacia\/","logo":{"@type":"ImageObject","inLanguage":"pl-PL","@id":"https:\/\/www.clinicaalthea.com\/farmacia\/#\/schema\/logo\/image\/","url":"https:\/\/www.clinicaalthea.com\/farmacia\/wp-content\/uploads\/2023\/12\/Jak-diagnozuje-sie-FAS_-objawy-kryteria-diagnostyczne-i-metody-diagnozowania-154162903.jpg","contentUrl":"https:\/\/www.clinicaalthea.com\/farmacia\/wp-content\/uploads\/2023\/12\/Jak-diagnozuje-sie-FAS_-objawy-kryteria-diagnostyczne-i-metody-diagnozowania-154162903.jpg","width":1216,"height":832,"caption":"Clinica Althea"},"image":{"@id":"https:\/\/www.clinicaalthea.com\/farmacia\/#\/schema\/logo\/image\/"}}]}},"lang":"cs","translations":{"cs":2027,"da":2029,"fr":2030,"de":2031,"sk":2032,"sv":2033,"bg":2034,"sl":2035,"it":2070,"fi":2071,"hu":2072,"et":2073},"pll_sync_post":[],"_links":{"self":[{"href":"https:\/\/www.clinicaalthea.com\/farmacia\/wp-json\/wp\/v2\/product\/2027","targetHints":{"allow":["GET"]}}],"collection":[{"href":"https:\/\/www.clinicaalthea.com\/farmacia\/wp-json\/wp\/v2\/product"}],"about":[{"href":"https:\/\/www.clinicaalthea.com\/farmacia\/wp-json\/wp\/v2\/types\/product"}],"replies":[{"embeddable":true,"href":"https:\/\/www.clinicaalthea.com\/farmacia\/wp-json\/wp\/v2\/comments?post=2027"}],"wp:featuredmedia":[{"embeddable":true,"href":"https:\/\/www.clinicaalthea.com\/farmacia\/wp-json\/wp\/v2\/media\/2028"}],"wp:attachment":[{"href":"https:\/\/www.clinicaalthea.com\/farmacia\/wp-json\/wp\/v2\/media?parent=2027"}],"wp:term":[{"taxonomy":"product_brand","embeddable":true,"href":"https:\/\/www.clinicaalthea.com\/farmacia\/wp-json\/wp\/v2\/product_brand?post=2027"},{"taxonomy":"product_cat","embeddable":true,"href":"https:\/\/www.clinicaalthea.com\/farmacia\/wp-json\/wp\/v2\/product_cat?post=2027"},{"taxonomy":"product_tag","embeddable":true,"href":"https:\/\/www.clinicaalthea.com\/farmacia\/wp-json\/wp\/v2\/product_tag?post=2027"}],"curies":[{"name":"wp","href":"https:\/\/api.w.org\/{rel}","templated":true}]}}