{"id":2014,"date":"2024-03-22T10:40:52","date_gmt":"2024-03-22T09:40:52","guid":{"rendered":"https:\/\/mayoguide.org\/produkty\/?post_type=product&#038;p=2014"},"modified":"2024-03-22T10:51:49","modified_gmt":"2024-03-22T09:51:49","slug":"magnicharm-bracelet","status":"publish","type":"product","link":"https:\/\/www.clinicaalthea.com\/farmacia\/sk\/apt\/magnicharm-bracelet\/","title":{"rendered":"MagniCharm Bracelet"},"content":{"rendered":"\n\n<p><b>MagniCharm Bracelet<\/b> je inovat\u00edvny <b>magnetick\u00fd<\/b> n\u00e1ramok, ktor\u00fd zni\u017euje <b>boles\u0165<\/b> r\u00f4znej intenzity. Bez oh\u013eadu na zdroj bolesti tento n\u00e1ramok poskytuje r\u00fdchlu \u00fa\u013eavu prostredn\u00edctvom biomagnetickej terapie. N\u00e1ramok obsahuje <b>neodymov\u00e9 magnety,<\/b> ktor\u00e9 vy\u017earuj\u00fa <b>z\u00e1porn\u00e9 i\u00f3ny<\/b> na zlep\u0161enie krvn\u00e9ho obehu, zn\u00ed\u017eenie z\u00e1palu a utlmenie <b>bolesti<\/b>. <b>MagniCharm Bracelet<\/b> mo\u017eno pou\u017ei\u0165 na zvl\u00e1dnutie bolesti zubov, brucha, hlavy a k\u013abov.<\/p>\n\n\n\n\n\n<h3 class=\"wp-block-heading\" id=\"h-kluczowe-informacje\">K\u013e\u00fa\u010dov\u00e9 inform\u00e1cie:<\/h3>\n\n\n\n\n\n<ul class=\"wp-block-list\">\n\n<li><b>MagniCharm n\u00e1ramok<\/b> je inovat\u00edvny <b>magnetick\u00fd n\u00e1ramok<\/b>, ktor\u00fd zni\u017euje <b>boles\u0165<\/b><\/li>\n\n\n\n\n\n<li>N\u00e1ramok vyu\u017e\u00edva biomagnetick\u00fa terapiu pomocou neodymov\u00fdch magnetov<\/li>\n\n\n\n\n\n<li>Pom\u00e1ha pri bolestiach zubov, brucha, hlavy a k\u013abov<\/li>\n\n\n\n\n\n<li>Poskytuje r\u00fdchlu \u00fa\u013eavu a zni\u017euje z\u00e1pal<\/li>\n\n\n\n\n\n<li>Bezpe\u010dn\u00e1 a \u00fa\u010dinn\u00e1 met\u00f3da na zn\u00ed\u017eenie bolesti r\u00f4znej intenzity<\/li>\n\n<\/ul>\n\n\n\n\n\n<h2 class=\"wp-block-heading\" id=\"h-jak-dziala-magnicharm-bracelet\">Ako MagniCharm Bracelet funguje?<\/h2>\n\n\n\n\n\n<p>MagniCharm Bracelet funguje pomocou biomagnetickej terapie. N\u00e1ramok obsahuje <b>neodymov\u00e9 magnety,<\/b> ktor\u00e9 vy\u017earuj\u00fa <b>z\u00e1porn\u00e9 i\u00f3ny<\/b>. Tieto i\u00f3ny zlep\u0161uj\u00fa krvn\u00fd obeh, zni\u017euj\u00fa z\u00e1pal a neutralizuj\u00fa boles\u0165.<\/p>\n\n\n\n\n\n<p><b>Biomagnetick\u00e1 terapia<\/b> je pre telo bezpe\u010dn\u00e1 a neinvaz\u00edvna a jej \u00fa\u010dinky sa prejavia u\u017e 7 min\u00fat po nasaden\u00ed n\u00e1ramku. V\u010faka p\u00f4sobeniu neodymov\u00fdch magnetov a z\u00e1porn\u00fdch i\u00f3nov MagniCharm Bracelet \u00fa\u010dinne zni\u017euje boles\u0165 r\u00f4znej intenzity, od bolesti zubov a\u017e po bolesti k\u013abov.<\/p>\n\n\n\n\n\n<h2 class=\"wp-block-heading\" id=\"h-jakie-sa-efekty-stosowania-magnicharm-bracelet\">Ak\u00e9 s\u00fa \u00fa\u010dinky pou\u017e\u00edvania MagniCharm Bracelet?<\/h2>\n\n\n\n\n\n<p><b>Pou\u017e\u00edvanie<\/b> MagniCharm Bracelet prin\u00e1\u0161a r\u00fdchlu \u00fa\u013eavu od bolesti. \u0160t\u00fadie preuk\u00e1zali, \u017ee a\u017e 91 % \u013eud\u00ed poc\u00edtilo \u00fa\u013eavu od bolesti u\u017e 7 min\u00fat po nasaden\u00ed n\u00e1ramku. Okrem toho 97 % \u013eud\u00ed po 28-d\u0148ovej lie\u010dbe na boles\u0165 \u00faplne zabudlo. MagniCharm Bracelet zni\u017euje boles\u0165 r\u00f4znej intenzity bez oh\u013eadu na jej zdroj. N\u00e1ramok v\u00e1m umo\u017en\u00ed u\u017e\u00edva\u0165 si \u017eivot bez bolesti.<\/p>\n\n\n\n\n\n<h2 class=\"wp-block-heading\" id=\"h-sklad-opaski-magnicharm-bracelet\">Zlo\u017eenie MagniCharm Bracelet<\/h2>\n\n\n\n\n\n<p>MagniCharm Bracelet sa sklad\u00e1 z r\u00f4znych zlo\u017eiek, ktor\u00e9 spolo\u010dne prispievaj\u00fa k jeho \u00fa\u010dinnosti pri zni\u017eovan\u00ed bolesti. V\u0161etky tieto zlo\u017eky boli starostlivo vybran\u00e9 tak, aby pou\u017e\u00edvate\u013eovi prin\u00e1\u0161ali maxim\u00e1lny \u00fa\u017eitok. Hlavn\u00fdmi zlo\u017ekami n\u00e1ramku s\u00fa:<\/p>\n\n\n\n\n\n<ol class=\"wp-block-list\">\n\n<li><strong>Neodymov\u00e9 magnety:<\/strong> Tieto magnety vy\u017earuj\u00fa <b>z\u00e1porn\u00e9 i\u00f3ny<\/b>, ktor\u00e9 maj\u00fa pozit\u00edvny vplyv na krvn\u00fd obeh. Zlep\u0161en\u00fd krvn\u00fd obeh pom\u00e1ha zni\u017eova\u0165 boles\u0165 a z\u00e1paly.<\/li>\n\n\n\n\n\n<li><strong>Germ\u00e1nium<\/strong>: T\u00e1to zlo\u017eka m\u00e1 siln\u00fd analgetick\u00fd \u00fa\u010dinok a zni\u017euje z\u00e1pal k\u013abov a svalov. M\u00e1 priazniv\u00fd vplyv na zn\u00ed\u017eenie a zmiernenie bolesti.<\/li>\n\n\n\n\n\n<li><strong>Turmal\u00edn:<\/strong> Tento miner\u00e1l m\u00e1 v\u00fdznamn\u00e9 vlastnosti v boji proti bolesti r\u00f4zneho p\u00f4vodu. Je obzvl\u00e1\u0161\u0165 \u00fa\u010dinn\u00fd pri zni\u017eovan\u00ed bolesti kost\u00ed, k\u013abov a svalov.<\/li>\n\n<\/ol>\n\n\n\n\n\n<p>Zlo\u017eenie MagniCharm Bracelet bolo starostlivo vybran\u00e9 tak, aby poskytovalo r\u00fdchle a \u00fa\u010dinn\u00e9 zn\u00ed\u017eenie bolesti. Tieto zlo\u017eky p\u00f4sobia synergicky, navz\u00e1jom posil\u0148uj\u00fa svoje \u00fa\u010dinky a poskytuj\u00fa nosite\u013eovi \u00fa\u013eavu od bolesti.<\/p>\n\n\n\n\n\n<h2 class=\"wp-block-heading\" id=\"h-badania-naukowe-potwierdzajace-skutecznosc-magnicharm-bracelet\">Vedeck\u00fd v\u00fdskum potvrdzuj\u00faci \u00fa\u010dinnos\u0165 MagniCharm Bracelet<\/h2>\n\n\n\n\n\n<p>Na z\u00e1klade vedeckej \u0161t\u00fadie, ktorej sa z\u00fa\u010dastnilo 100 \u013eud\u00ed trpiacich boles\u0165ami r\u00f4zneho p\u00f4vodu, t\u00edm v\u00fdskumn\u00edkov potvrdil <b>\u00fa\u010dinnos\u0165<\/b> MagniCharm Bracelet pri zni\u017eovan\u00ed bolesti. <b>Vedeck\u00e1 \u0161t\u00fadia<\/b> poskytuje spo\u013eahliv\u00e9 <b>potvrdenie,<\/b> \u017ee <b>magnetick\u00fd<\/b> n\u00e1ramok je \u00fa\u010dinn\u00fd sp\u00f4sob, ako prinies\u0165 \u00fa\u013eavu od bolesti.<\/p>\n\n\n\n\n\n<p>A\u017e 91 % \u013eud\u00ed poc\u00edtilo \u00fa\u013eavu od bolesti u\u017e po siedmich min\u00fatach nosenia MagniCharm Bracelet. Ide o p\u00f4sobiv\u00fa a r\u00fdchlu reakciu tela na \u00fa\u010dinky biomagnetickej terapie. Navy\u0161e a\u017e 97 % t\u00fdch, ktor\u00ed absolvovali cel\u00fa 28-d\u0148ov\u00fa lie\u010dbu, na boles\u0165 \u00faplne zabudlo. Tieto v\u00fdsledky nazna\u010duj\u00fa, \u017ee n\u00e1ramok je vysoko <b>\u00fa\u010dinn\u00fd<\/b> pri zni\u017eovan\u00ed bolesti r\u00f4znej intenzity.<\/p>\n\n\n\n\n\n<p><b>Vedeck\u00fd v\u00fdskum<\/b> je k\u013e\u00fa\u010dov\u00fdm prvkom, ktor\u00fd dokazuje <b>\u00fa\u010dinnos\u0165<\/b> a potvrdzuje, \u017ee MagniCharm Bracelet je spo\u013eahliv\u00fd pri poskytovan\u00ed \u00fa\u013eavy od bolesti. V\u0161etky v\u00fdsledky v\u00fdskumu potvrdzuj\u00fa, \u017ee MagniCharm Bracelet je \u00fa\u010dinn\u00fdm rie\u0161en\u00edm pre osoby trpiace boles\u0165ou r\u00f4zneho p\u00f4vodu.<\/p>\n\n\n\n\n\n<h2 class=\"wp-block-heading\" id=\"h-opinie-uzytkownikow-na-temat-magnicharm-bracelet\">Recenzie pou\u017e\u00edvate\u013eov MagniCharm Bracelet<\/h2>\n\n\n\n\n\n<p>MagniCharm Bracelet z\u00edskava ve\u013emi pozit\u00edvne <b>ohlasy od pou\u017e\u00edvate\u013eov,<\/b> ktor\u00ed sa presved\u010dili o jeho \u00fa\u010dinnosti pri zni\u017eovan\u00ed bolesti. Mnoh\u00ed \u013eudia, ktor\u00ed sa rozhodli <b>pou\u017e\u00edva\u0165<\/b> tento n\u00e1ramok, poc\u00edtili r\u00fdchlu \u00fa\u013eavu od bolesti a v\u00fdrazn\u00e9 zlep\u0161enie kvality \u017eivota po kompletnej lie\u010dbe.<\/p>\n\n\n\n\n\n<blockquote class=\"wp-block-quote is-layout-flow wp-block-quote-is-layout-flow\">\n\n<p><em>Po tom, \u010do som dlh\u00e9 roky trpela chronick\u00fdmi boles\u0165ami k\u013abov, bolo pre m\u0148a objavenie MagniCharm Bracelet skuto\u010dn\u00fdm prelomom! U\u017e po nieko\u013ek\u00fdch d\u0148och nosenia n\u00e1ramku som zaznamenal v\u00fdrazn\u00fa \u00fa\u013eavu od bolesti a v\u00e4\u010d\u0161iu vo\u013enos\u0165 pohybu. Teraz, po celom cykle lie\u010dby, si m\u00f4\u017eem u\u017e\u00edva\u0165 fyzick\u00fa aktivitu bez neust\u00e1leho nepohodlia. Som nad\u0161en\u00fd \u00fa\u010dinnos\u0165ou tejto ort\u00e9zy a vrelo ju odpor\u00fa\u010dam ka\u017ed\u00e9mu, kto bojuje s boles\u0165ami k\u013abov.<\/em><\/p>\n\n<\/blockquote>\n\n\n\n\n\n<blockquote class=\"wp-block-quote is-layout-flow wp-block-quote-is-layout-flow\">\n\n<p><em>MagniCharm Bracelet je skuto\u010dn\u00fdm hrdinom m\u00f4jho ka\u017edodenn\u00e9ho \u017eivota! Roky som bojovala s opakuj\u00facimi sa migr\u00e9nami, ktor\u00e9 mi s\u0165a\u017eovali norm\u00e1lne fungovanie. Po pou\u017e\u00edvan\u00ed n\u00e1ramku som v\u0161ak zaznamenala obrovsk\u00e9 zlep\u0161enie. Migr\u00e9ny za\u010dali by\u0165 menej ob\u0165a\u017euj\u00face a ich trvanie sa skr\u00e1tilo na polovicu. Teraz si m\u00f4\u017eem u\u017e\u00edva\u0165 de\u0148 bez ob\u00e1v z n\u00e1hlej bolesti hlavy. MagniCharm Bracelet je skuto\u010dne \u00fa\u010dinn\u00fdm rie\u0161en\u00edm pre \u013eud\u00ed trpiacich migr\u00e9nou!<\/em><\/p>\n\n<\/blockquote>\n\n\n\n\n\n<p><b>Ohlasy pou\u017e\u00edvate\u013eov<\/b> jasne nazna\u010duj\u00fa, \u017ee MagniCharm Bracelet m\u00e1 pozit\u00edvny vplyv na zn\u00ed\u017eenie bolesti r\u00f4znej intenzity. Mnoh\u00ed \u013eudia, ktor\u00ed trpeli chronick\u00fdmi boles\u0165ami svalov, k\u013abov alebo migr\u00e9nami, na\u0161li s t\u00fdmto n\u00e1ramkom \u00fa\u013eavu a schopnos\u0165 norm\u00e1lne fungova\u0165.<\/p>\n\n\n\n\n\n<p><b>Sp\u00e4tn\u00e1 v\u00e4zba pou\u017e\u00edvate\u013eov<\/b> potvrdzuje, \u017ee MagniCharm Bracelet je \u00fa\u010dinn\u00fdm n\u00e1strojom na lie\u010dbu bolesti s dlhodob\u00fdmi v\u00fdsledkami. \u013dudia, ktor\u00ed n\u00e1ramok pou\u017e\u00edvali, zaznamenali v\u00fdrazn\u00e9 zn\u00ed\u017eenie bolesti a zlep\u0161enie celkovej pohody.<\/p>\n\n\n\n\n\n<h2 class=\"wp-block-heading\" id=\"h-gdzie-kupic-magnicharm-bracelet\">Kde k\u00fapi\u0165 MagniCharm Bracelet?<\/h2>\n\n\n\n\n\n<p>MagniCharm Bracelet je inovat\u00edvny magnetick\u00fd n\u00e1ramok, ktor\u00fd je mo\u017en\u00e9 <b>zak\u00fapi\u0165<\/b> len prostredn\u00edctvom ofici\u00e1lnej webovej str\u00e1nky v\u00fdrobcu. Je to najbezpe\u010dnej\u0161\u00ed sp\u00f4sob, ako si zak\u00fapi\u0165 origin\u00e1lny v\u00fdrobok a vyu\u017ei\u0165 r\u00f4zne \u0161peci\u00e1lne ponuky, ktor\u00e9 s\u00fa \u010dasto dostupn\u00e9 len online. MagniCharm Bracelets nie je mo\u017en\u00e9 n\u00e1js\u0165 v lek\u00e1r\u0148ach alebo tradi\u010dn\u00fdch obchodoch. Preto, aby ste si boli ist\u00ed, \u017ee kupujete autentick\u00fd n\u00e1ramok, odpor\u00fa\u010dame nakupova\u0165 len prostredn\u00edctvom ofici\u00e1lnej webovej str\u00e1nky v\u00fdrobcu.<\/p>\n\n\n\n\n\n<h2 class=\"wp-block-heading\" id=\"h-cena-magnicharm-bracelet\">Cena MagniCharm Bracelet<\/h2>\n\n\n\n\n\n<p><b>Cena<\/b> MagniCharm Bracelet z\u00e1vis\u00ed od aktu\u00e1lnych ppromo\u010dn\u00fdch akci\u00ed. Na ofici\u00e1lnej webovej str\u00e1nke v\u00fdrobcu v\u0161ak m\u00f4\u017eete n\u00e1js\u0165 r\u00f4zne akcie a z\u013eavy, ktor\u00e9 v\u00e1m umo\u017enia k\u00fapi\u0165 n\u00e1ramok za atrakt\u00edvnej\u0161iu cenu. Oplat\u00ed sa pravidelne kontrolova\u0165 ofici\u00e1lne webov\u00e9 str\u00e1nky v\u00fdrobcu, aby ste mali preh\u013ead o aktu\u00e1lnych akci\u00e1ch a lep\u0161\u00edch cen\u00e1ch.<\/p>\n\n\n\n\n\n<h2 class=\"wp-block-heading\" id=\"h-skutki-uboczne-i-przeciwwskazania\">Ved\u013eaj\u0161ie \u00fa\u010dinky a kontraindik\u00e1cie<\/h2>\n\n\n\n\n\n<p>MagniCharm Bracelet je \u00faplne bezpe\u010dn\u00fd a nem\u00e1 \u017eiadne ved\u013eaj\u0161ie \u00fa\u010dinky. Existuj\u00fa v\u0161ak ur\u010dit\u00e9 <b>kontraindik\u00e1cie<\/b> pou\u017e\u00edvania tohto magnetick\u00e9ho n\u00e1ramku. MagniCharm Bracelet by nemali pou\u017e\u00edva\u0165 \u013eudia s elektronick\u00fdmi zariadeniami, ako s\u00fa na\u010d\u00favacie pr\u00edstroje alebo kardiostimul\u00e1tory. Ak chcete n\u00e1ramok pou\u017e\u00edva\u0165 bezpe\u010dne, v\u017edy sa ria\u010fte n\u00e1vodom na pou\u017eitie a odpor\u00fa\u010daniami v\u00fdrobcu.<\/p>\n\n\n\n\n\n<h2 class=\"wp-block-heading\" id=\"h-opaska-magnicharm-bracelet-jako-antidotum-na-bol\">MagniCharm Bracelet ako liek proti bolesti<\/h2>\n\n\n\n\n\n<p>MagniCharm Bracelet je \u00fa\u010dinn\u00fdm <b>liekom proti bolesti<\/b> r\u00f4znej intenzity. V\u010faka biomagnetickej terapii a pou\u017eitiu neodymov\u00fdch magnetov n\u00e1ramok zni\u017euje boles\u0165 a poskytuje r\u00fdchlu \u00fa\u013eavu. <b>Pou\u017e\u00edvanie<\/b> MagniCharm Bracelet zni\u017euje boles\u0165 u\u017e 7 min\u00fat po aplik\u00e1cii a 28-d\u0148ov\u00e1 \u00fapln\u00e1 lie\u010dba boles\u0165 \u00faplne odstra\u0148uje.<\/p>\n\n\n\n\n\n<h2 class=\"wp-block-heading\" id=\"h-jak-stosowac-magnicharm-bracelet\">Ako pou\u017e\u00edva\u0165 MagniCharm Bracelet?<\/h2>\n\n\n\n\n\n<p>MagniCharm Bracelet je inovat\u00edvny magnetick\u00fd p\u00e1s, ktor\u00fd poskytuje r\u00fdchlu \u00fa\u013eavu od bolesti r\u00f4znej intenzity. Na dosiahnutie \u00fapln\u00fdch terapeutick\u00fdch \u00fa\u010dinkov je potrebn\u00e9 pou\u017ei\u0165 spr\u00e1vny sp\u00f4sob aplik\u00e1cie n\u00e1ramku. Na tento \u00fa\u010del postupujte pod\u013ea ni\u017e\u0161ie uveden\u00fdch pokynov:<\/p>\n\n\n\n\n\n<ol class=\"wp-block-list\">\n\n<li>N\u00e1ramok si nasa\u010fte na ruku tak, aby boli <b>neodymov\u00e9 magnety<\/b> v priamom kontakte s poko\u017ekou.<\/li>\n\n\n\n\n\n<li>Nosenie n\u00e1ramku sa odpor\u00fa\u010da minim\u00e1lne 28 dn\u00ed, aby sa dosiahlo \u00fapln\u00e9 zn\u00ed\u017eenie bolesti. Nezabudnite ho nosi\u0165 po\u010das cel\u00e9ho d\u0148a vr\u00e1tane sp\u00e1nku v noci.<\/li>\n\n\n\n\n\n<li>Po 28 d\u0148och m\u00f4\u017eete pokra\u010dova\u0165 v pou\u017e\u00edvan\u00ed ort\u00e9zy, aby ste udr\u017eali v\u00fdsledky a zabr\u00e1nili op\u00e4tovn\u00e9mu v\u00fdskytu bolesti.<\/li>\n\n\n\n\n\n<li>Dodr\u017eiavajte d\u00e1vkovanie a \u010das nosenia pod\u013ea odpor\u00fa\u010dania v\u00fdrobcu, aby ste z terapie mali maxim\u00e1lny \u00fa\u017eitok.<\/li>\n\n<\/ol>\n\n\n\n\n\n<p>Pred pou\u017eit\u00edm MagniCharm Bracelet si pozorne pre\u010d\u00edtajte n\u00e1vod na pou\u017eitie, ktor\u00fd bol dodan\u00fd spolu s n\u00e1ramkom. V pr\u00edpade ak\u00fdchko\u013evek pochybnost\u00ed alebo ot\u00e1zok sa pora\u010fte so svoj\u00edm lek\u00e1rom alebo lek\u00e1rnikom. Pri pou\u017e\u00edvan\u00ed n\u00e1ramku tie\u017e nezabudnite dodr\u017eiava\u0165 v\u0161etky bezpe\u010dnostn\u00e9 a hygienick\u00e9 odpor\u00fa\u010dania.<\/p>\n\n\n\n\n\n<p>Pou\u017e\u00edvan\u00edm MagniCharm Bracelet pod\u013ea pokynov si m\u00f4\u017eete u\u017e\u00edva\u0165 \u00fa\u013eavu od bolesti a zlep\u0161enie kvality \u017eivota. Nezabudnite, \u017ee pravideln\u00e9 pou\u017e\u00edvanie je k\u013e\u00fa\u010dom k dosiahnutiu maxim\u00e1lneho terapeutick\u00e9ho pr\u00ednosu.<\/p>\n\n\n\n\n\n<h2 class=\"wp-block-heading\" id=\"h-podsumowanie-1\">S\u00fahrn<\/h2>\n\n\n\n\n\n<p>MagniCharm Bracelet je inovat\u00edvny magnetick\u00fd n\u00e1ramok, ktor\u00fd \u00fa\u010dinne zni\u017euje boles\u0165 r\u00f4znej intenzity. V\u010faka biomagnetickej terapii n\u00e1ramok prin\u00e1\u0161a \u00fa\u013eavu od bolesti u\u017e 7 min\u00fat po nasaden\u00ed a po celej 28-d\u0148ovej lie\u010dbe boles\u0165 prakticky vymizne.<\/p>\n\n\n\n\n\n<p>MagniCharm Bracelet m\u00f4\u017eu pou\u017e\u00edva\u0165 \u013eudia v\u0161etk\u00fdch vekov\u00fdch kateg\u00f3ri\u00ed a jeho zlo\u017eenie a sp\u00f4sob \u00fa\u010dinku zaru\u010duj\u00fa <b>bezpe\u010dn\u00e9 pou\u017e\u00edvanie<\/b>. Zlo\u017eenie n\u00e1ramku obsahuje neodymov\u00e9 magnety, ktor\u00e9 vy\u017earuj\u00fa z\u00e1porn\u00e9 i\u00f3ny na zlep\u0161enie krvn\u00e9ho obehu a zn\u00ed\u017eenie z\u00e1palu. N\u00e1ramok je \u00fa\u010dinn\u00fdm prostriedkom <b>proti bolesti<\/b> r\u00f4zneho p\u00f4vodu, od bolesti zubov a\u017e po bolesti <b>k\u013abov<\/b>, a umo\u017e\u0148uje ka\u017edodenn\u00e9 fungovanie bez bolesti.<\/p>\n\n\n\n\n\n<p>MagniCharm Bracelet je ide\u00e1lnym rie\u0161en\u00edm pre \u013eud\u00ed trpiacich boles\u0165ou, ktor\u00ed chc\u00fa \u017ei\u0165 svoj ka\u017edodenn\u00fd \u017eivot bez nepr\u00edjemn\u00fdch bolestiv\u00fdch \u0165a\u017ekost\u00ed. V\u010faka neinvaz\u00edvnemu a bezpe\u010dn\u00e9mu pou\u017e\u00edvaniu n\u00e1ramku si m\u00f4\u017eete u\u017e\u00edva\u0165 \u00fa\u013eavu od bolesti a zlep\u0161enie kvality \u017eivota.<\/p>\n\n","protected":false},"excerpt":{"rendered":"<p><strong>49.00 \u20ac<\/strong><\/p>\n<p><del>98.00 \u20ac<\/del><\/p>\n<p><strong>[date_countdown]<\/strong><\/p>\n","protected":false},"featured_media":2012,"comment_status":"open","ping_status":"closed","template":"","meta":{"neve_meta_sidebar":"","neve_meta_container":"","neve_meta_enable_content_width":"","neve_meta_content_width":0,"neve_meta_title_alignment":"","neve_meta_author_avatar":"","neve_post_elements_order":"","neve_meta_disable_header":"","neve_meta_disable_footer":"","neve_meta_disable_title":"","neve_meta_reading_time":""},"product_brand":[],"product_cat":[169],"product_tag":[],"class_list":{"0":"post-2014","1":"product","2":"type-product","3":"status-publish","4":"has-post-thumbnail","6":"product_cat-zdravie","8":"first","9":"instock","10":"shipping-taxable","11":"product-type-external"},"yoast_head":"<!-- This site is optimized with the Yoast SEO plugin v27.4 - https:\/\/yoast.com\/product\/yoast-seo-wordpress\/ -->\n<title>MagniCharm Bracelet - Clinica Althea<\/title>\n<meta name=\"robots\" content=\"index, follow, max-snippet:-1, max-image-preview:large, max-video-preview:-1\" \/>\n<link rel=\"canonical\" href=\"https:\/\/www.clinicaalthea.com\/farmacia\/sk\/apt\/magnicharm-bracelet\/\" \/>\n<meta property=\"og:locale\" content=\"pl_PL\" \/>\n<meta property=\"og:type\" content=\"article\" \/>\n<meta property=\"og:title\" content=\"MagniCharm Bracelet - Clinica Althea\" \/>\n<meta property=\"og:description\" content=\"49.00 \u20ac 98.00 \u20ac\" \/>\n<meta property=\"og:url\" content=\"https:\/\/www.clinicaalthea.com\/farmacia\/sk\/apt\/magnicharm-bracelet\/\" \/>\n<meta property=\"og:site_name\" content=\"Clinica Althea\" \/>\n<meta property=\"article:modified_time\" content=\"2024-03-22T09:51:49+00:00\" \/>\n<meta property=\"og:image\" content=\"https:\/\/www.clinicaalthea.com\/farmacia\/wp-content\/uploads\/2024\/03\/MagniCharm-Bracelet.jpg\" \/>\n\t<meta property=\"og:image:width\" content=\"768\" \/>\n\t<meta property=\"og:image:height\" content=\"768\" \/>\n\t<meta property=\"og:image:type\" content=\"image\/jpeg\" \/>\n<meta name=\"twitter:card\" content=\"summary_large_image\" \/>\n<meta name=\"twitter:label1\" content=\"Szacowany czas czytania\" \/>\n\t<meta name=\"twitter:data1\" content=\"7 minut\" \/>\n<script type=\"application\/ld+json\" class=\"yoast-schema-graph\">{\"@context\":\"https:\\\/\\\/schema.org\",\"@graph\":[{\"@type\":\"WebPage\",\"@id\":\"https:\\\/\\\/www.clinicaalthea.com\\\/farmacia\\\/sk\\\/apt\\\/magnicharm-bracelet\\\/\",\"url\":\"https:\\\/\\\/www.clinicaalthea.com\\\/farmacia\\\/sk\\\/apt\\\/magnicharm-bracelet\\\/\",\"name\":\"MagniCharm Bracelet - Clinica Althea\",\"isPartOf\":{\"@id\":\"https:\\\/\\\/www.clinicaalthea.com\\\/farmacia\\\/#website\"},\"primaryImageOfPage\":{\"@id\":\"https:\\\/\\\/www.clinicaalthea.com\\\/farmacia\\\/sk\\\/apt\\\/magnicharm-bracelet\\\/#primaryimage\"},\"image\":{\"@id\":\"https:\\\/\\\/www.clinicaalthea.com\\\/farmacia\\\/sk\\\/apt\\\/magnicharm-bracelet\\\/#primaryimage\"},\"thumbnailUrl\":\"https:\\\/\\\/www.clinicaalthea.com\\\/farmacia\\\/wp-content\\\/uploads\\\/2024\\\/03\\\/MagniCharm-Bracelet.jpg\",\"datePublished\":\"2024-03-22T09:40:52+00:00\",\"dateModified\":\"2024-03-22T09:51:49+00:00\",\"breadcrumb\":{\"@id\":\"https:\\\/\\\/www.clinicaalthea.com\\\/farmacia\\\/sk\\\/apt\\\/magnicharm-bracelet\\\/#breadcrumb\"},\"inLanguage\":\"pl-PL\",\"potentialAction\":[{\"@type\":\"ReadAction\",\"target\":[\"https:\\\/\\\/www.clinicaalthea.com\\\/farmacia\\\/sk\\\/apt\\\/magnicharm-bracelet\\\/\"]}]},{\"@type\":\"ImageObject\",\"inLanguage\":\"pl-PL\",\"@id\":\"https:\\\/\\\/www.clinicaalthea.com\\\/farmacia\\\/sk\\\/apt\\\/magnicharm-bracelet\\\/#primaryimage\",\"url\":\"https:\\\/\\\/www.clinicaalthea.com\\\/farmacia\\\/wp-content\\\/uploads\\\/2024\\\/03\\\/MagniCharm-Bracelet.jpg\",\"contentUrl\":\"https:\\\/\\\/www.clinicaalthea.com\\\/farmacia\\\/wp-content\\\/uploads\\\/2024\\\/03\\\/MagniCharm-Bracelet.jpg\",\"width\":768,\"height\":768,\"caption\":\"MagniCharm Bracelet\"},{\"@type\":\"BreadcrumbList\",\"@id\":\"https:\\\/\\\/www.clinicaalthea.com\\\/farmacia\\\/sk\\\/apt\\\/magnicharm-bracelet\\\/#breadcrumb\",\"itemListElement\":[{\"@type\":\"ListItem\",\"position\":1,\"name\":\"Strona g\u0142\u00f3wna\",\"item\":\"https:\\\/\\\/www.clinicaalthea.com\\\/farmacia\\\/\"},{\"@type\":\"ListItem\",\"position\":2,\"name\":\"Produkty\",\"item\":\"https:\\\/\\\/www.clinicaalthea.com\\\/farmacia\\\/\"},{\"@type\":\"ListItem\",\"position\":3,\"name\":\"MagniCharm Bracelet\"}]},{\"@type\":\"WebSite\",\"@id\":\"https:\\\/\\\/www.clinicaalthea.com\\\/farmacia\\\/#website\",\"url\":\"https:\\\/\\\/www.clinicaalthea.com\\\/farmacia\\\/\",\"name\":\"Clinica Althea\",\"description\":\"\",\"publisher\":{\"@id\":\"https:\\\/\\\/www.clinicaalthea.com\\\/farmacia\\\/#organization\"},\"potentialAction\":[{\"@type\":\"SearchAction\",\"target\":{\"@type\":\"EntryPoint\",\"urlTemplate\":\"https:\\\/\\\/www.clinicaalthea.com\\\/farmacia\\\/?s={search_term_string}\"},\"query-input\":{\"@type\":\"PropertyValueSpecification\",\"valueRequired\":true,\"valueName\":\"search_term_string\"}}],\"inLanguage\":\"pl-PL\"},{\"@type\":\"Organization\",\"@id\":\"https:\\\/\\\/www.clinicaalthea.com\\\/farmacia\\\/#organization\",\"name\":\"Clinica Althea\",\"url\":\"https:\\\/\\\/www.clinicaalthea.com\\\/farmacia\\\/\",\"logo\":{\"@type\":\"ImageObject\",\"inLanguage\":\"pl-PL\",\"@id\":\"https:\\\/\\\/www.clinicaalthea.com\\\/farmacia\\\/#\\\/schema\\\/logo\\\/image\\\/\",\"url\":\"https:\\\/\\\/www.clinicaalthea.com\\\/farmacia\\\/wp-content\\\/uploads\\\/2023\\\/12\\\/Jak-diagnozuje-sie-FAS_-objawy-kryteria-diagnostyczne-i-metody-diagnozowania-154162903.jpg\",\"contentUrl\":\"https:\\\/\\\/www.clinicaalthea.com\\\/farmacia\\\/wp-content\\\/uploads\\\/2023\\\/12\\\/Jak-diagnozuje-sie-FAS_-objawy-kryteria-diagnostyczne-i-metody-diagnozowania-154162903.jpg\",\"width\":1216,\"height\":832,\"caption\":\"Clinica Althea\"},\"image\":{\"@id\":\"https:\\\/\\\/www.clinicaalthea.com\\\/farmacia\\\/#\\\/schema\\\/logo\\\/image\\\/\"}}]}<\/script>\n<!-- \/ Yoast SEO plugin. -->","yoast_head_json":{"title":"MagniCharm Bracelet - Clinica Althea","robots":{"index":"index","follow":"follow","max-snippet":"max-snippet:-1","max-image-preview":"max-image-preview:large","max-video-preview":"max-video-preview:-1"},"canonical":"https:\/\/www.clinicaalthea.com\/farmacia\/sk\/apt\/magnicharm-bracelet\/","og_locale":"pl_PL","og_type":"article","og_title":"MagniCharm Bracelet - Clinica Althea","og_description":"49.00 \u20ac 98.00 \u20ac","og_url":"https:\/\/www.clinicaalthea.com\/farmacia\/sk\/apt\/magnicharm-bracelet\/","og_site_name":"Clinica Althea","article_modified_time":"2024-03-22T09:51:49+00:00","og_image":[{"width":768,"height":768,"url":"https:\/\/www.clinicaalthea.com\/farmacia\/wp-content\/uploads\/2024\/03\/MagniCharm-Bracelet.jpg","type":"image\/jpeg"}],"twitter_card":"summary_large_image","twitter_misc":{"Szacowany czas czytania":"7 minut"},"schema":{"@context":"https:\/\/schema.org","@graph":[{"@type":"WebPage","@id":"https:\/\/www.clinicaalthea.com\/farmacia\/sk\/apt\/magnicharm-bracelet\/","url":"https:\/\/www.clinicaalthea.com\/farmacia\/sk\/apt\/magnicharm-bracelet\/","name":"MagniCharm Bracelet - Clinica Althea","isPartOf":{"@id":"https:\/\/www.clinicaalthea.com\/farmacia\/#website"},"primaryImageOfPage":{"@id":"https:\/\/www.clinicaalthea.com\/farmacia\/sk\/apt\/magnicharm-bracelet\/#primaryimage"},"image":{"@id":"https:\/\/www.clinicaalthea.com\/farmacia\/sk\/apt\/magnicharm-bracelet\/#primaryimage"},"thumbnailUrl":"https:\/\/www.clinicaalthea.com\/farmacia\/wp-content\/uploads\/2024\/03\/MagniCharm-Bracelet.jpg","datePublished":"2024-03-22T09:40:52+00:00","dateModified":"2024-03-22T09:51:49+00:00","breadcrumb":{"@id":"https:\/\/www.clinicaalthea.com\/farmacia\/sk\/apt\/magnicharm-bracelet\/#breadcrumb"},"inLanguage":"pl-PL","potentialAction":[{"@type":"ReadAction","target":["https:\/\/www.clinicaalthea.com\/farmacia\/sk\/apt\/magnicharm-bracelet\/"]}]},{"@type":"ImageObject","inLanguage":"pl-PL","@id":"https:\/\/www.clinicaalthea.com\/farmacia\/sk\/apt\/magnicharm-bracelet\/#primaryimage","url":"https:\/\/www.clinicaalthea.com\/farmacia\/wp-content\/uploads\/2024\/03\/MagniCharm-Bracelet.jpg","contentUrl":"https:\/\/www.clinicaalthea.com\/farmacia\/wp-content\/uploads\/2024\/03\/MagniCharm-Bracelet.jpg","width":768,"height":768,"caption":"MagniCharm Bracelet"},{"@type":"BreadcrumbList","@id":"https:\/\/www.clinicaalthea.com\/farmacia\/sk\/apt\/magnicharm-bracelet\/#breadcrumb","itemListElement":[{"@type":"ListItem","position":1,"name":"Strona g\u0142\u00f3wna","item":"https:\/\/www.clinicaalthea.com\/farmacia\/"},{"@type":"ListItem","position":2,"name":"Produkty","item":"https:\/\/www.clinicaalthea.com\/farmacia\/"},{"@type":"ListItem","position":3,"name":"MagniCharm Bracelet"}]},{"@type":"WebSite","@id":"https:\/\/www.clinicaalthea.com\/farmacia\/#website","url":"https:\/\/www.clinicaalthea.com\/farmacia\/","name":"Clinica Althea","description":"","publisher":{"@id":"https:\/\/www.clinicaalthea.com\/farmacia\/#organization"},"potentialAction":[{"@type":"SearchAction","target":{"@type":"EntryPoint","urlTemplate":"https:\/\/www.clinicaalthea.com\/farmacia\/?s={search_term_string}"},"query-input":{"@type":"PropertyValueSpecification","valueRequired":true,"valueName":"search_term_string"}}],"inLanguage":"pl-PL"},{"@type":"Organization","@id":"https:\/\/www.clinicaalthea.com\/farmacia\/#organization","name":"Clinica Althea","url":"https:\/\/www.clinicaalthea.com\/farmacia\/","logo":{"@type":"ImageObject","inLanguage":"pl-PL","@id":"https:\/\/www.clinicaalthea.com\/farmacia\/#\/schema\/logo\/image\/","url":"https:\/\/www.clinicaalthea.com\/farmacia\/wp-content\/uploads\/2023\/12\/Jak-diagnozuje-sie-FAS_-objawy-kryteria-diagnostyczne-i-metody-diagnozowania-154162903.jpg","contentUrl":"https:\/\/www.clinicaalthea.com\/farmacia\/wp-content\/uploads\/2023\/12\/Jak-diagnozuje-sie-FAS_-objawy-kryteria-diagnostyczne-i-metody-diagnozowania-154162903.jpg","width":1216,"height":832,"caption":"Clinica Althea"},"image":{"@id":"https:\/\/www.clinicaalthea.com\/farmacia\/#\/schema\/logo\/image\/"}}]}},"lang":"sk","translations":{"sk":2014,"sv":2013,"cs":2011,"it":2015,"hu":2016,"de":2017,"fr":2018,"bg":2019,"sl":2020},"pll_sync_post":[],"_links":{"self":[{"href":"https:\/\/www.clinicaalthea.com\/farmacia\/wp-json\/wp\/v2\/product\/2014","targetHints":{"allow":["GET"]}}],"collection":[{"href":"https:\/\/www.clinicaalthea.com\/farmacia\/wp-json\/wp\/v2\/product"}],"about":[{"href":"https:\/\/www.clinicaalthea.com\/farmacia\/wp-json\/wp\/v2\/types\/product"}],"replies":[{"embeddable":true,"href":"https:\/\/www.clinicaalthea.com\/farmacia\/wp-json\/wp\/v2\/comments?post=2014"}],"wp:featuredmedia":[{"embeddable":true,"href":"https:\/\/www.clinicaalthea.com\/farmacia\/wp-json\/wp\/v2\/media\/2012"}],"wp:attachment":[{"href":"https:\/\/www.clinicaalthea.com\/farmacia\/wp-json\/wp\/v2\/media?parent=2014"}],"wp:term":[{"taxonomy":"product_brand","embeddable":true,"href":"https:\/\/www.clinicaalthea.com\/farmacia\/wp-json\/wp\/v2\/product_brand?post=2014"},{"taxonomy":"product_cat","embeddable":true,"href":"https:\/\/www.clinicaalthea.com\/farmacia\/wp-json\/wp\/v2\/product_cat?post=2014"},{"taxonomy":"product_tag","embeddable":true,"href":"https:\/\/www.clinicaalthea.com\/farmacia\/wp-json\/wp\/v2\/product_tag?post=2014"}],"curies":[{"name":"wp","href":"https:\/\/api.w.org\/{rel}","templated":true}]}}