{"id":2013,"date":"2024-03-22T10:38:25","date_gmt":"2024-03-22T09:38:25","guid":{"rendered":"https:\/\/mayoguide.org\/produkty\/?post_type=product&#038;p=2013"},"modified":"2024-03-22T10:51:49","modified_gmt":"2024-03-22T09:51:49","slug":"magnicharm-bracelet","status":"publish","type":"product","link":"https:\/\/www.clinicaalthea.com\/farmacia\/sv\/apt\/magnicharm-bracelet\/","title":{"rendered":"MagniCharm Bracelet"},"content":{"rendered":"\n<p><b>MagniCharm Bra<\/b> celet \u00e4r ett innovativt <b>magnetiskt<\/b><b>armband<\/b> som lindrar <b>sm\u00e4rta<\/b> av varierande sv\u00e5righetsgrad. Oavsett orsaken till sm\u00e4rtan ger detta armband snabb lindring genom biomagnetisk terapi. Armbandet inneh\u00e5ller <b>neodymmagneter<\/b> som avger <b>negativa joner<\/b> f\u00f6r att f\u00f6rb\u00e4ttra blodcirkulationen, minska inflammation och d\u00e4mpa <b>sm\u00e4rta<\/b>. <b>MagniCharm Bra<\/b> celet kan anv\u00e4ndas f\u00f6r att hantera tandv\u00e4rk, buksm\u00e4rtor, huvudv\u00e4rk och ledv\u00e4rk.<\/p>\n\n\n\n<h3 class=\"wp-block-heading\" id=\"h-kluczowe-informacje\">Viktig information:<\/h3>\n\n\n\n<ul class=\"wp-block-list\">\n<li><b>MagniCharm Bra<\/b> celet \u00e4r ett innovativt <b>magnetband<\/b> som minskar <b>sm\u00e4rta<\/b><\/li>\n\n\n\n<li>Armbandet anv\u00e4nder biomagnetisk terapi med neodymmagneter<\/li>\n\n\n\n<li>Hj\u00e4lper vid tandv\u00e4rk, buksm\u00e4rta, huvudv\u00e4rk och ledv\u00e4rk<\/li>\n\n\n\n<li>Ger snabb lindring och minskar inflammation<\/li>\n\n\n\n<li>En s\u00e4ker och effektiv metod f\u00f6r att minska sm\u00e4rta av varierande sv\u00e5righetsgrad<\/li>\n<\/ul>\n\n\n\n<h2 class=\"wp-block-heading\" id=\"h-jak-dziala-magnicharm-bracelet\">Hur fungerar MagniCharm Bracelet?<\/h2>\n\n\n\n<p>MagniCharm Bracelet fungerar med hj\u00e4lp av biomagnetisk terapi. Armbandet inneh\u00e5ller <b>neodymmagneter<\/b> som avger <b>negativa j<\/b>oner. Dessa joner f\u00f6rb\u00e4ttrar blodcirkulationen, minskar inflammation och neutraliserar sm\u00e4rta.<\/p>\n\n\n\n<p><b>Biomagnetisk terapi<\/b> \u00e4r s\u00e4ker och icke-invasiv f\u00f6r kroppen och effekterna kan ses s\u00e5 snart som 7 minuter efter att bandet har applicerats. Tack vare neodymmagneter och negativa joner minskar MagniCharm Bracelet effektivt sm\u00e4rta av varierande sv\u00e5righetsgrad, fr\u00e5n tandv\u00e4rk till ledv\u00e4rk.<\/p>\n\n\n\n<h2 class=\"wp-block-heading\" id=\"h-jakie-sa-efekty-stosowania-magnicharm-bracelet\">Vilka \u00e4r effekterna av att anv\u00e4nda MagniCharm Bracelet?<\/h2>\n\n\n\n<p>Anv\u00e4ndningen<b>av<\/b> MagniCharm Bracelet ger snabb sm\u00e4rtlindring. Studier har visat att upp till 91 % av personerna k\u00e4nde sm\u00e4rtlindring s\u00e5 snart som 7 minuter efter att de tagit p\u00e5 sig armbandet. Dessutom gl\u00f6mde 97 % av personerna bort sm\u00e4rtan helt efter en 28-dagars behandling. MagniCharm Bracelet minskar sm\u00e4rta av varierande sv\u00e5righetsgrad, oavsett dess k\u00e4lla. Armbandet g\u00f6r att du kan njuta av livet utan sm\u00e4rta.<\/p>\n\n\n\n<h2 class=\"wp-block-heading\" id=\"h-sklad-opaski-magnicharm-bracelet\">Sammans\u00e4ttning av MagniCharm Bracelet<\/h2>\n\n\n\n<p>MagniCharm Bracelet best\u00e5r av olika ingredienser som tillsammans bidrar till dess effektivitet n\u00e4r det g\u00e4ller att minska sm\u00e4rta. Alla dessa ingredienser har noggrant valts ut f\u00f6r att ge maximal nytta f\u00f6r b\u00e4raren. De viktigaste ingredienserna i armbandet \u00e4r:<\/p>\n\n\n\n<ol class=\"wp-block-list\">\n<li><strong>Neodymmagneter:<\/strong> Dessa magneter avger <b>negativa joner<\/b> som har en positiv effekt p\u00e5 blodcirkulationen. F\u00f6rb\u00e4ttrad blodcirkulation hj\u00e4lper till att minska sm\u00e4rta och inflammation.<\/li>\n\n\n\n<li><strong>Germanium:<\/strong> Denna ingrediens har en stark sm\u00e4rtstillande effekt och minskar inflammation i leder och muskler. Det har en gynnsam effekt p\u00e5 sm\u00e4rtlindring och lindring.<\/li>\n\n\n\n<li><strong>Turmalin:<\/strong> Detta mineral har betydande egenskaper i kampen mot sm\u00e4rta av olika ursprung. Det \u00e4r s\u00e4rskilt effektivt f\u00f6r att minska ben-, led- och muskelsm\u00e4rta.<\/li>\n<\/ol>\n\n\n\n<p>Sammans\u00e4ttningen av MagniCharm Bracelet har noggrant valts ut f\u00f6r att ge snabb och effektiv sm\u00e4rtlindring. Dessa ingredienser fungerar synergistiskt, f\u00f6rst\u00e4rker varandras effekter och ger b\u00e4raren sm\u00e4rtlindring.<\/p>\n\n\n\n<h2 class=\"wp-block-heading\" id=\"h-badania-naukowe-potwierdzajace-skutecznosc-magnicharm-bracelet\">Vetenskaplig forskning som bekr\u00e4ftar MagniCharm Bracelet effektivitet<\/h2>\n\n\n\n<p>Efter en vetenskaplig studie med 100 personer som led av sm\u00e4rta av olika ursprung, bekr\u00e4ftade ett forskarlag MagniCharm Bracelet <b>effektivitet<\/b> n\u00e4r det g\u00e4ller att minska sm\u00e4rta. <b>Den vetenskapliga studien<\/b> ger en solid <b>bekr\u00e4ftelse<\/b> p\u00e5 att <b>magnetarmbandet<\/b> \u00e4r ett effektivt s\u00e4tt att lindra sm\u00e4rta.<\/p>\n\n\n\n<p>Hela 91 % av personerna upplevde sm\u00e4rtlindring efter bara sju minuter med MagniCharm Bracelet. Detta \u00e4r ett imponerande och snabbt svar fr\u00e5n kroppen p\u00e5 effekterna av biomagnetisk terapi. Dessutom gl\u00f6mde upp till 97 % av dem som genomgick hela 28-dagarsbehandlingen helt bort sm\u00e4rtan. Dessa resultat visar att ortosen \u00e4r mycket <b>effektiv<\/b> n\u00e4r det g\u00e4ller att minska sm\u00e4rta av varierande sv\u00e5righetsgrad.<\/p>\n\n\n\n<p><b>Vetenskaplig forskning<\/b> \u00e4r den viktigaste faktorn f\u00f6r att bevisa <b>effektiviteten<\/b> och bekr\u00e4fta att MagniCharm Bracelet \u00e4r tillf\u00f6rlitligt n\u00e4r det g\u00e4ller att ge sm\u00e4rtlindring. Alla forskningsresultat bekr\u00e4ftar att MagniCharm Bracelet \u00e4r en effektiv l\u00f6sning f\u00f6r sm\u00e4rtpatienter av olika ursprung.<\/p>\n\n\n\n<h2 class=\"wp-block-heading\" id=\"h-opinie-uzytkownikow-na-temat-magnicharm-bracelet\">Anv\u00e4ndarrecensioner av MagniCharm Bracelet<\/h2>\n\n\n\n<p>MagniCharm Bracelet f\u00e5r mycket positiv <b>feedback fr\u00e5n anv\u00e4ndare<\/b> som har upplevt dess effektivitet n\u00e4r det g\u00e4ller att minska sm\u00e4rta. M\u00e5nga m\u00e4nniskor som har valt att <b>anv\u00e4nda<\/b> detta armband har upplevt snabb sm\u00e4rtlindring och en betydande f\u00f6rb\u00e4ttring av deras livskvalitet efter en fullst\u00e4ndig behandling.<\/p>\n\n\n\n<blockquote class=\"wp-block-quote is-layout-flow wp-block-quote-is-layout-flow\">\n<p><em>Efter att ha lidit av kronisk ledsm\u00e4rta i m\u00e5nga \u00e5r var uppt\u00e4ckten av MagniCharm Bracelet ett verkligt genombrott f\u00f6r mig! Efter bara n\u00e5gra dagars anv\u00e4ndning av armbandet m\u00e4rkte jag en betydande sm\u00e4rtlindring och st\u00f6rre r\u00f6relsefrihet. Nu, efter en hel behandlingscykel, kan jag njuta av fysisk aktivitet utan konstant obehag. Jag \u00e4r mycket n\u00f6jd med hur effektivt detta armband \u00e4r och rekommenderar det varmt till alla som k\u00e4mpar med ledsm\u00e4rta.<\/em><\/p>\n<\/blockquote>\n\n\n\n<blockquote class=\"wp-block-quote is-layout-flow wp-block-quote-is-layout-flow\">\n<p><em>MagniCharm Bracelet \u00e4r en sann hj\u00e4lte i mitt dagliga liv! I flera \u00e5r k\u00e4mpade jag med \u00e5terkommande migr\u00e4n som gjorde det sv\u00e5rt f\u00f6r mig att fungera normalt. Men efter att ha anv\u00e4nt armbandet m\u00e4rkte jag en enorm f\u00f6rb\u00e4ttring. Migr\u00e4nen blev mindre besv\u00e4rande och dess varaktighet halverades. Nu kan jag njuta av dagen utan att beh\u00f6va oroa mig f\u00f6r pl\u00f6tslig huvudv\u00e4rk. MagniCharm Bracelet \u00e4r en verkligt effektiv l\u00f6sning f\u00f6r migr\u00e4npatienter!<\/em><\/p>\n<\/blockquote>\n\n\n\n<p><b>Anv\u00e4ndarnas feedback<\/b> visar tydligt att MagniCharm Bracelet har en positiv effekt n\u00e4r det g\u00e4ller att minska sm\u00e4rta av varierande sv\u00e5righetsgrad. M\u00e5nga m\u00e4nniskor som har lidit av kronisk muskelsm\u00e4rta, ledv\u00e4rk eller migr\u00e4n har funnit lindring och f\u00f6rm\u00e5gan att fungera normalt med detta armband.<\/p>\n\n\n\n<p><b>Anv\u00e4ndarfeedback<\/b> bekr\u00e4ftar att MagniCharm Bracelet \u00e4r ett effektivt sm\u00e4rtlindringsverktyg med l\u00e5ngvariga resultat. M\u00e4nniskor som har anv\u00e4nt armbandet har m\u00e4rkt en betydande minskning av sm\u00e4rta och en f\u00f6rb\u00e4ttring av deras allm\u00e4nna v\u00e4lbefinnande.<\/p>\n\n\n\n<h2 class=\"wp-block-heading\" id=\"h-gdzie-kupic-magnicharm-bracelet\">Var kan man k\u00f6pa MagniCharm Bracelet?<\/h2>\n\n\n\n<p>MagniCharm Bracelet \u00e4r ett innovativt magnetband som endast kan <b>k\u00f6pas<\/b> via tillverkarens officiella webbplats. Detta \u00e4r det s\u00e4kraste s\u00e4ttet att k\u00f6pa originalprodukten och att dra nytta av olika specialerbjudanden, som ofta bara \u00e4r tillg\u00e4ngliga online. Det \u00e4r inte m\u00f6jligt att hitta MagniCharm-armband p\u00e5 apotek eller i traditionella butiker. F\u00f6r att vara s\u00e4ker p\u00e5 att du k\u00f6per ett \u00e4kta armband rekommenderas det d\u00e4rf\u00f6r att du endast k\u00f6per via tillverkarens officiella webbplats.<\/p>\n\n\n\n<h2 class=\"wp-block-heading\" id=\"h-cena-magnicharm-bracelet\">Priset p\u00e5 MagniCharm Bracelet<\/h2>\n\n\n\n<p><b>Priset p\u00e5<\/b> MagniCharm Bracelet beror p\u00e5 aktuella kampanjer. P\u00e5 tillverkarens officiella webbplats kan du dock hitta olika kampanjer och rabatter som g\u00f6r att du kan k\u00f6pa armbandet till ett mer attraktivt pris. Det \u00e4r v\u00e4rt att kontrollera tillverkarens officiella webbplats regelbundet f\u00f6r att h\u00e5lla dig uppdaterad med aktuella kampanjer och b\u00e4ttre priser.<\/p>\n\n\n\n<h2 class=\"wp-block-heading\" id=\"h-skutki-uboczne-i-przeciwwskazania\">Biverkningar och kontraindikationer<\/h2>\n\n\n\n<p>MagniCharm Bracelet \u00e4r helt s\u00e4kert att anv\u00e4nda och har inga biverkningar. Det finns dock vissa <b>kontraindikationer<\/b> f\u00f6r anv\u00e4ndningen av detta magnetband. Personer med elektroniska apparater, s\u00e5som h\u00f6rapparater eller pacemakers, b\u00f6r inte anv\u00e4nda MagniCharm Bracelet. F\u00f6r att anv\u00e4nda armbandet p\u00e5 ett s\u00e4kert s\u00e4tt ska du alltid l\u00e4sa bruksanvisningen och tillverkarens rekommendationer.<\/p>\n\n\n\n<h2 class=\"wp-block-heading\" id=\"h-opaska-magnicharm-bracelet-jako-antidotum-na-bol\">MagniCharm-armband som motgift mot sm\u00e4rta<\/h2>\n\n\n\n<p>MagniCharm Bracelet \u00e4r ett effektivt <b>motgift mot sm\u00e4rta<\/b> av varierande sv\u00e5righetsgrad. Tack vare biomagnetisk terapi och anv\u00e4ndningen av neodymmagneter minskar armbandet sm\u00e4rtan och ger snabb lindring. <b>Anv\u00e4ndning av<\/b> MagniCharm Bracelet minskar sm\u00e4rtan s\u00e5 snart som 7 minuter efter applicering, och en fullst\u00e4ndig behandling p\u00e5 28 dagar eliminerar sm\u00e4rtan helt.<\/p>\n\n\n\n<h2 class=\"wp-block-heading\" id=\"h-jak-stosowac-magnicharm-bracelet\">Hur anv\u00e4nder jag MagniCharm Bracelet?<\/h2>\n\n\n\n<p>MagniCharm Bracelet \u00e4r ett innovativt magnetband som ger snabb lindring av sm\u00e4rta av varierande sv\u00e5righetsgrad. F\u00f6r att uppn\u00e5 full terapeutisk effekt m\u00e5ste r\u00e4tt metod f\u00f6r applicering av armbandet anv\u00e4ndas. F\u00f6r att g\u00f6ra det, f\u00f6lj instruktionerna nedan:<\/p>\n\n\n\n<ol class=\"wp-block-list\">\n<li>S\u00e4tt armbandet p\u00e5 din hand s\u00e5 att <b>neodymmagneterna<\/b> \u00e4r i direkt kontakt med din hud.<\/li>\n\n\n\n<li>Vi rekommenderar att du b\u00e4r armbandet i minst 28 dagar f\u00f6r att uppn\u00e5 full sm\u00e4rtlindring. Kom ih\u00e5g att b\u00e4ra den hela dagen, \u00e4ven n\u00e4r du sover p\u00e5 natten.<\/li>\n\n\n\n<li>Efter 28 dagar kan du forts\u00e4tta att anv\u00e4nda ortosen f\u00f6r att bibeh\u00e5lla resultaten och f\u00f6rhindra att sm\u00e4rtan \u00e5terkommer.<\/li>\n\n\n\n<li>F\u00f6lj den dosering och anv\u00e4ndningstid som rekommenderas av tillverkaren f\u00f6r att f\u00e5 maximal nytta av behandlingen.<\/li>\n<\/ol>\n\n\n\n<p>Innan du anv\u00e4nder MagniCharm Bracelet ska du noggrant l\u00e4sa bruksanvisningen som medf\u00f6ljde armbandet. Om du har n\u00e5gra tvivel eller fr\u00e5gor, kontakta din l\u00e4kare eller apotekspersonal. Kom ocks\u00e5 ih\u00e5g att f\u00f6lja alla s\u00e4kerhets- och hygienrekommendationer n\u00e4r du anv\u00e4nder armbandet.<\/p>\n\n\n\n<p>Genom att anv\u00e4nda MagniCharm Bracelet enligt anvisningarna kan du njuta av sm\u00e4rtlindring och en f\u00f6rb\u00e4ttrad livskvalitet. Kom ih\u00e5g att regelbunden anv\u00e4ndning \u00e4r nyckeln till att uppn\u00e5 maximal terapeutisk nytta.<\/p>\n\n\n\n<h2 class=\"wp-block-heading\" id=\"h-podsumowanie-1\">Sammanfattning<\/h2>\n\n\n\n<p>MagniCharm Bracelet \u00e4r ett innovativt magnetband som effektivt minskar sm\u00e4rta av varierande sv\u00e5righetsgrad. Tack vare biomagnetisk terapi ger armbandet sm\u00e4rtlindring s\u00e5 snart som 7 minuter efter att det har burits och efter en fullst\u00e4ndig 28-dagars behandling f\u00f6rsvinner sm\u00e4rtan praktiskt taget.<\/p>\n\n\n\n<p>MagniCharm Bracelet kan anv\u00e4ndas av personer i alla \u00e5ldrar och dess sammans\u00e4ttning och verkningss\u00e4tt garanterar <b>s\u00e4ker anv\u00e4ndning<\/b>. Armbandet inneh\u00e5ller neodymmagneter, som avger negativa joner f\u00f6r att f\u00f6rb\u00e4ttra blodcirkulationen och minska inflammation. Armbandet \u00e4r ett effektivt <b>motgift mot sm\u00e4rta<\/b> av olika ursprung, fr\u00e5n tandv\u00e4rk till <b>ledv\u00e4rk<\/b>, vilket g\u00f6r det m\u00f6jligt att fungera dagligen utan sm\u00e4rta.<\/p>\n\n\n\n<p>MagniCharm Bracelet \u00e4r den perfekta l\u00f6sningen f\u00f6r sm\u00e4rtdrabbade som vill kunna leva sitt dagliga liv utan obehag av sm\u00e4rtbesv\u00e4r. Tack vare den icke-invasiva och s\u00e4kra anv\u00e4ndningen av armbandet kan du njuta av sm\u00e4rtlindring och en f\u00f6rb\u00e4ttrad livskvalitet.<\/p>\n","protected":false},"excerpt":{"rendered":"<p><strong>1237.00 kr<\/strong><\/p>\n<p><del>2474.00 kr<\/del><\/p>\n<p><strong>[date_countdown]<\/strong><\/p>\n","protected":false},"featured_media":2012,"comment_status":"open","ping_status":"closed","template":"","meta":{"neve_meta_sidebar":"","neve_meta_container":"","neve_meta_enable_content_width":"","neve_meta_content_width":0,"neve_meta_title_alignment":"","neve_meta_author_avatar":"","neve_post_elements_order":"","neve_meta_disable_header":"","neve_meta_disable_footer":"","neve_meta_disable_title":"","neve_meta_reading_time":""},"product_brand":[],"product_cat":[193],"product_tag":[],"class_list":{"0":"post-2013","1":"product","2":"type-product","3":"status-publish","4":"has-post-thumbnail","6":"product_cat-halsa","8":"first","9":"instock","10":"shipping-taxable","11":"product-type-external"},"yoast_head":"<!-- This site is optimized with the Yoast SEO plugin v27.4 - https:\/\/yoast.com\/product\/yoast-seo-wordpress\/ -->\n<title>MagniCharm Bracelet - Clinica Althea<\/title>\n<meta name=\"robots\" content=\"index, follow, max-snippet:-1, max-image-preview:large, max-video-preview:-1\" \/>\n<link rel=\"canonical\" href=\"https:\/\/www.clinicaalthea.com\/farmacia\/sv\/apt\/magnicharm-bracelet\/\" \/>\n<meta property=\"og:locale\" content=\"pl_PL\" \/>\n<meta property=\"og:type\" content=\"article\" \/>\n<meta property=\"og:title\" content=\"MagniCharm Bracelet - Clinica Althea\" \/>\n<meta property=\"og:description\" content=\"1237.00 kr 2474.00 kr\" \/>\n<meta property=\"og:url\" content=\"https:\/\/www.clinicaalthea.com\/farmacia\/sv\/apt\/magnicharm-bracelet\/\" \/>\n<meta property=\"og:site_name\" content=\"Clinica Althea\" \/>\n<meta property=\"article:modified_time\" content=\"2024-03-22T09:51:49+00:00\" \/>\n<meta property=\"og:image\" content=\"https:\/\/www.clinicaalthea.com\/farmacia\/wp-content\/uploads\/2024\/03\/MagniCharm-Bracelet.jpg\" \/>\n\t<meta property=\"og:image:width\" content=\"768\" \/>\n\t<meta property=\"og:image:height\" content=\"768\" \/>\n\t<meta property=\"og:image:type\" content=\"image\/jpeg\" \/>\n<meta name=\"twitter:card\" content=\"summary_large_image\" \/>\n<meta name=\"twitter:label1\" content=\"Szacowany czas czytania\" \/>\n\t<meta name=\"twitter:data1\" content=\"8 minut\" \/>\n<script type=\"application\/ld+json\" class=\"yoast-schema-graph\">{\"@context\":\"https:\\\/\\\/schema.org\",\"@graph\":[{\"@type\":\"WebPage\",\"@id\":\"https:\\\/\\\/www.clinicaalthea.com\\\/farmacia\\\/sv\\\/apt\\\/magnicharm-bracelet\\\/\",\"url\":\"https:\\\/\\\/www.clinicaalthea.com\\\/farmacia\\\/sv\\\/apt\\\/magnicharm-bracelet\\\/\",\"name\":\"MagniCharm Bracelet - Clinica Althea\",\"isPartOf\":{\"@id\":\"https:\\\/\\\/www.clinicaalthea.com\\\/farmacia\\\/#website\"},\"primaryImageOfPage\":{\"@id\":\"https:\\\/\\\/www.clinicaalthea.com\\\/farmacia\\\/sv\\\/apt\\\/magnicharm-bracelet\\\/#primaryimage\"},\"image\":{\"@id\":\"https:\\\/\\\/www.clinicaalthea.com\\\/farmacia\\\/sv\\\/apt\\\/magnicharm-bracelet\\\/#primaryimage\"},\"thumbnailUrl\":\"https:\\\/\\\/www.clinicaalthea.com\\\/farmacia\\\/wp-content\\\/uploads\\\/2024\\\/03\\\/MagniCharm-Bracelet.jpg\",\"datePublished\":\"2024-03-22T09:38:25+00:00\",\"dateModified\":\"2024-03-22T09:51:49+00:00\",\"breadcrumb\":{\"@id\":\"https:\\\/\\\/www.clinicaalthea.com\\\/farmacia\\\/sv\\\/apt\\\/magnicharm-bracelet\\\/#breadcrumb\"},\"inLanguage\":\"pl-PL\",\"potentialAction\":[{\"@type\":\"ReadAction\",\"target\":[\"https:\\\/\\\/www.clinicaalthea.com\\\/farmacia\\\/sv\\\/apt\\\/magnicharm-bracelet\\\/\"]}]},{\"@type\":\"ImageObject\",\"inLanguage\":\"pl-PL\",\"@id\":\"https:\\\/\\\/www.clinicaalthea.com\\\/farmacia\\\/sv\\\/apt\\\/magnicharm-bracelet\\\/#primaryimage\",\"url\":\"https:\\\/\\\/www.clinicaalthea.com\\\/farmacia\\\/wp-content\\\/uploads\\\/2024\\\/03\\\/MagniCharm-Bracelet.jpg\",\"contentUrl\":\"https:\\\/\\\/www.clinicaalthea.com\\\/farmacia\\\/wp-content\\\/uploads\\\/2024\\\/03\\\/MagniCharm-Bracelet.jpg\",\"width\":768,\"height\":768,\"caption\":\"MagniCharm Bracelet\"},{\"@type\":\"BreadcrumbList\",\"@id\":\"https:\\\/\\\/www.clinicaalthea.com\\\/farmacia\\\/sv\\\/apt\\\/magnicharm-bracelet\\\/#breadcrumb\",\"itemListElement\":[{\"@type\":\"ListItem\",\"position\":1,\"name\":\"Strona g\u0142\u00f3wna\",\"item\":\"https:\\\/\\\/www.clinicaalthea.com\\\/farmacia\\\/\"},{\"@type\":\"ListItem\",\"position\":2,\"name\":\"Produkty\",\"item\":\"https:\\\/\\\/www.clinicaalthea.com\\\/farmacia\\\/\"},{\"@type\":\"ListItem\",\"position\":3,\"name\":\"MagniCharm Bracelet\"}]},{\"@type\":\"WebSite\",\"@id\":\"https:\\\/\\\/www.clinicaalthea.com\\\/farmacia\\\/#website\",\"url\":\"https:\\\/\\\/www.clinicaalthea.com\\\/farmacia\\\/\",\"name\":\"Clinica Althea\",\"description\":\"\",\"publisher\":{\"@id\":\"https:\\\/\\\/www.clinicaalthea.com\\\/farmacia\\\/#organization\"},\"potentialAction\":[{\"@type\":\"SearchAction\",\"target\":{\"@type\":\"EntryPoint\",\"urlTemplate\":\"https:\\\/\\\/www.clinicaalthea.com\\\/farmacia\\\/?s={search_term_string}\"},\"query-input\":{\"@type\":\"PropertyValueSpecification\",\"valueRequired\":true,\"valueName\":\"search_term_string\"}}],\"inLanguage\":\"pl-PL\"},{\"@type\":\"Organization\",\"@id\":\"https:\\\/\\\/www.clinicaalthea.com\\\/farmacia\\\/#organization\",\"name\":\"Clinica Althea\",\"url\":\"https:\\\/\\\/www.clinicaalthea.com\\\/farmacia\\\/\",\"logo\":{\"@type\":\"ImageObject\",\"inLanguage\":\"pl-PL\",\"@id\":\"https:\\\/\\\/www.clinicaalthea.com\\\/farmacia\\\/#\\\/schema\\\/logo\\\/image\\\/\",\"url\":\"https:\\\/\\\/www.clinicaalthea.com\\\/farmacia\\\/wp-content\\\/uploads\\\/2023\\\/12\\\/Jak-diagnozuje-sie-FAS_-objawy-kryteria-diagnostyczne-i-metody-diagnozowania-154162903.jpg\",\"contentUrl\":\"https:\\\/\\\/www.clinicaalthea.com\\\/farmacia\\\/wp-content\\\/uploads\\\/2023\\\/12\\\/Jak-diagnozuje-sie-FAS_-objawy-kryteria-diagnostyczne-i-metody-diagnozowania-154162903.jpg\",\"width\":1216,\"height\":832,\"caption\":\"Clinica Althea\"},\"image\":{\"@id\":\"https:\\\/\\\/www.clinicaalthea.com\\\/farmacia\\\/#\\\/schema\\\/logo\\\/image\\\/\"}}]}<\/script>\n<!-- \/ Yoast SEO plugin. -->","yoast_head_json":{"title":"MagniCharm Bracelet - Clinica Althea","robots":{"index":"index","follow":"follow","max-snippet":"max-snippet:-1","max-image-preview":"max-image-preview:large","max-video-preview":"max-video-preview:-1"},"canonical":"https:\/\/www.clinicaalthea.com\/farmacia\/sv\/apt\/magnicharm-bracelet\/","og_locale":"pl_PL","og_type":"article","og_title":"MagniCharm Bracelet - Clinica Althea","og_description":"1237.00 kr 2474.00 kr","og_url":"https:\/\/www.clinicaalthea.com\/farmacia\/sv\/apt\/magnicharm-bracelet\/","og_site_name":"Clinica Althea","article_modified_time":"2024-03-22T09:51:49+00:00","og_image":[{"width":768,"height":768,"url":"https:\/\/www.clinicaalthea.com\/farmacia\/wp-content\/uploads\/2024\/03\/MagniCharm-Bracelet.jpg","type":"image\/jpeg"}],"twitter_card":"summary_large_image","twitter_misc":{"Szacowany czas czytania":"8 minut"},"schema":{"@context":"https:\/\/schema.org","@graph":[{"@type":"WebPage","@id":"https:\/\/www.clinicaalthea.com\/farmacia\/sv\/apt\/magnicharm-bracelet\/","url":"https:\/\/www.clinicaalthea.com\/farmacia\/sv\/apt\/magnicharm-bracelet\/","name":"MagniCharm Bracelet - Clinica Althea","isPartOf":{"@id":"https:\/\/www.clinicaalthea.com\/farmacia\/#website"},"primaryImageOfPage":{"@id":"https:\/\/www.clinicaalthea.com\/farmacia\/sv\/apt\/magnicharm-bracelet\/#primaryimage"},"image":{"@id":"https:\/\/www.clinicaalthea.com\/farmacia\/sv\/apt\/magnicharm-bracelet\/#primaryimage"},"thumbnailUrl":"https:\/\/www.clinicaalthea.com\/farmacia\/wp-content\/uploads\/2024\/03\/MagniCharm-Bracelet.jpg","datePublished":"2024-03-22T09:38:25+00:00","dateModified":"2024-03-22T09:51:49+00:00","breadcrumb":{"@id":"https:\/\/www.clinicaalthea.com\/farmacia\/sv\/apt\/magnicharm-bracelet\/#breadcrumb"},"inLanguage":"pl-PL","potentialAction":[{"@type":"ReadAction","target":["https:\/\/www.clinicaalthea.com\/farmacia\/sv\/apt\/magnicharm-bracelet\/"]}]},{"@type":"ImageObject","inLanguage":"pl-PL","@id":"https:\/\/www.clinicaalthea.com\/farmacia\/sv\/apt\/magnicharm-bracelet\/#primaryimage","url":"https:\/\/www.clinicaalthea.com\/farmacia\/wp-content\/uploads\/2024\/03\/MagniCharm-Bracelet.jpg","contentUrl":"https:\/\/www.clinicaalthea.com\/farmacia\/wp-content\/uploads\/2024\/03\/MagniCharm-Bracelet.jpg","width":768,"height":768,"caption":"MagniCharm Bracelet"},{"@type":"BreadcrumbList","@id":"https:\/\/www.clinicaalthea.com\/farmacia\/sv\/apt\/magnicharm-bracelet\/#breadcrumb","itemListElement":[{"@type":"ListItem","position":1,"name":"Strona g\u0142\u00f3wna","item":"https:\/\/www.clinicaalthea.com\/farmacia\/"},{"@type":"ListItem","position":2,"name":"Produkty","item":"https:\/\/www.clinicaalthea.com\/farmacia\/"},{"@type":"ListItem","position":3,"name":"MagniCharm Bracelet"}]},{"@type":"WebSite","@id":"https:\/\/www.clinicaalthea.com\/farmacia\/#website","url":"https:\/\/www.clinicaalthea.com\/farmacia\/","name":"Clinica Althea","description":"","publisher":{"@id":"https:\/\/www.clinicaalthea.com\/farmacia\/#organization"},"potentialAction":[{"@type":"SearchAction","target":{"@type":"EntryPoint","urlTemplate":"https:\/\/www.clinicaalthea.com\/farmacia\/?s={search_term_string}"},"query-input":{"@type":"PropertyValueSpecification","valueRequired":true,"valueName":"search_term_string"}}],"inLanguage":"pl-PL"},{"@type":"Organization","@id":"https:\/\/www.clinicaalthea.com\/farmacia\/#organization","name":"Clinica Althea","url":"https:\/\/www.clinicaalthea.com\/farmacia\/","logo":{"@type":"ImageObject","inLanguage":"pl-PL","@id":"https:\/\/www.clinicaalthea.com\/farmacia\/#\/schema\/logo\/image\/","url":"https:\/\/www.clinicaalthea.com\/farmacia\/wp-content\/uploads\/2023\/12\/Jak-diagnozuje-sie-FAS_-objawy-kryteria-diagnostyczne-i-metody-diagnozowania-154162903.jpg","contentUrl":"https:\/\/www.clinicaalthea.com\/farmacia\/wp-content\/uploads\/2023\/12\/Jak-diagnozuje-sie-FAS_-objawy-kryteria-diagnostyczne-i-metody-diagnozowania-154162903.jpg","width":1216,"height":832,"caption":"Clinica Althea"},"image":{"@id":"https:\/\/www.clinicaalthea.com\/farmacia\/#\/schema\/logo\/image\/"}}]}},"lang":"sv","translations":{"sv":2013,"cs":2011,"sk":2014,"it":2015,"hu":2016,"de":2017,"fr":2018,"bg":2019,"sl":2020},"pll_sync_post":[],"_links":{"self":[{"href":"https:\/\/www.clinicaalthea.com\/farmacia\/wp-json\/wp\/v2\/product\/2013","targetHints":{"allow":["GET"]}}],"collection":[{"href":"https:\/\/www.clinicaalthea.com\/farmacia\/wp-json\/wp\/v2\/product"}],"about":[{"href":"https:\/\/www.clinicaalthea.com\/farmacia\/wp-json\/wp\/v2\/types\/product"}],"replies":[{"embeddable":true,"href":"https:\/\/www.clinicaalthea.com\/farmacia\/wp-json\/wp\/v2\/comments?post=2013"}],"wp:featuredmedia":[{"embeddable":true,"href":"https:\/\/www.clinicaalthea.com\/farmacia\/wp-json\/wp\/v2\/media\/2012"}],"wp:attachment":[{"href":"https:\/\/www.clinicaalthea.com\/farmacia\/wp-json\/wp\/v2\/media?parent=2013"}],"wp:term":[{"taxonomy":"product_brand","embeddable":true,"href":"https:\/\/www.clinicaalthea.com\/farmacia\/wp-json\/wp\/v2\/product_brand?post=2013"},{"taxonomy":"product_cat","embeddable":true,"href":"https:\/\/www.clinicaalthea.com\/farmacia\/wp-json\/wp\/v2\/product_cat?post=2013"},{"taxonomy":"product_tag","embeddable":true,"href":"https:\/\/www.clinicaalthea.com\/farmacia\/wp-json\/wp\/v2\/product_tag?post=2013"}],"curies":[{"name":"wp","href":"https:\/\/api.w.org\/{rel}","templated":true}]}}