{"id":2000,"date":"2024-03-22T10:06:36","date_gmt":"2024-03-22T09:06:36","guid":{"rendered":"https:\/\/mayoguide.org\/produkty\/?post_type=product&#038;p=2000"},"modified":"2024-03-22T10:06:40","modified_gmt":"2024-03-22T09:06:40","slug":"hedrapure","status":"publish","type":"product","link":"https:\/\/www.clinicaalthea.com\/farmacia\/sl\/apt\/hedrapure\/","title":{"rendered":"Hedrapure"},"content":{"rendered":"\n<p>Ali obstaja inovativen izdelek, ki lahko obnovi va\u0161o <b>slu\u0161no zmogljivost<\/b> in o\u010disti u\u0161esni kanal? <b>Hedrapure<\/b> je u\u0161esno olje na osnovi organskih eteri\u010dnih olj, ki po mnenju uporabnikov in znanstvenih \u0161tudij \u017ee v 28 dneh daje vidne <b>rezultate<\/b> pri izbolj\u0161anju slu\u0161nih sposobnosti. Ali je to mogo\u010de? Preberite ve\u010d o tem inovativnem izdelku in njegovih u\u010dinkih.<\/p>\n\n\n\n<h3 class=\"wp-block-heading\" id=\"h-kluczowe-informacje\">Klju\u010dne informacije:<\/h3>\n\n\n\n<ul class=\"wp-block-list\">\n<li><b>Hedrapure<\/b> je inovativno olje za u\u0161esa v obliki biokapljic za lokalno uporabo.<\/li>\n\n\n\n<li>Izdelek temelji na organskih eteri\u010dnih oljih in je zasnovan tako, da obnovi <b>slu\u0161no zmogljivost<\/b> in o\u010disti sluhovod.<\/li>\n\n\n\n<li>Po podatkih uporabnikov in znanstvenih \u0161tudij lahko <b>Hedrapure<\/b> \u017ee v 28 dneh prinese vidne <b>rezultate<\/b> pri izbolj\u0161anju slu\u0161nih sposobnosti.<\/li>\n\n\n\n<li>Med indikacijami izdelka Hedrapure so izbolj\u0161anje slu\u0161nih sposobnosti, zmanj\u0161anje \u0161umenja v u\u0161esih, <b>\u010di\u0161\u010denje sluhovoda<\/b> in <b>vla\u017eenje ko\u017ee<\/b> okoli u\u0161es.<\/li>\n\n\n\n<li>Pred uporabo izdelka se je vedno priporo\u010dljivo posvetovati z zdravnikom ali farmacevtom ter upo\u0161tevati navodila za odmerjanje in uporabo.<\/li>\n<\/ul>\n\n\n\n<h2 class=\"wp-block-heading\" id=\"h-co-to-jest-hedrapure\">Kaj je Hedrapure?<\/h2>\n\n\n\n<p>Hedrapure je inovativen izdelek, ki je bil posebej oblikovan za podporo zdravju sluha. Je naravno olje za u\u0161esa, ki u\u010dinkovito o\u010disti sluhovod in obnovi <b>u\u010dinkovitost sluha<\/b>. Njegova edinstvena formula, ki temelji na organskih eteri\u010dnih oljih, omogo\u010da celovito nego ko\u017ee okoli u\u0161es in prina\u0161a olaj\u0161anje ljudem s te\u017eavami s sluhom, vklju\u010dno s tinitusom.<\/p>\n\n\n\n<p>Hedrapure je izdelek za u\u0161esa, ki ima \u0161tevilne prednosti. Zaradi svoje <b>naravne sestave<\/b> je varen za uporabo, hkrati pa je u\u010dinkovit pri izbolj\u0161anju kakovosti sluha. Zahvaljujo\u010d inovativni formuli Hedrapure nudi celovito delovanje, obnavlja slu\u0161ne sposobnosti in zmanj\u0161uje mote\u010de simptome, povezane s sluhom.<\/p>\n\n\n\n<blockquote class=\"wp-block-quote is-layout-flow wp-block-quote-is-layout-flow\">\n<p>Hedrapure je revolucionarna re\u0161itev za ljudi s te\u017eavami s sluhom. Zaradi svoje <b>naravne sestave<\/b> in napredne formule je izdelek izjemno u\u010dinkovit. Z zdravilom Hedrapure si boste povrnili zmogljivost sluha in u\u017eivali v bolj\u0161i kakovosti \u017eivljenja.<\/p>\n<\/blockquote>\n\n\n\n<h2 class=\"wp-block-heading\" id=\"h-jak-dziala-hedrapure\">Kako deluje Hedrapure?<\/h2>\n\n\n\n<p><b>Mehanizem delovanja<\/b> zdravila Hedrapure temelji na dvofazni formuli, ki uporablja naravna <b>eteri\u010dna olja<\/b> za \u010di\u0161\u010denje sluhovoda in regeneracijo slu\u0161nih celic. Kombinacija olj limonske trave, mire in \u010darovni\u010deve kadulje u\u010dinkovito raztaplja nakopi\u010den vosek, odstranjuje blokade in ponovno vzpostavlja normalno delovanje sluha.<\/p>\n\n\n\n<p>Poleg \u010distilnega delovanja vsebuje Hedrapure tudi mandljevo in arganovo olje, ki vla\u017eita ko\u017eo okoli u\u0161es ter prepre\u010dujeta izsu\u0161itev in dra\u017eenje. Poleg tega sestavine, kot so olje nageljnovih \u017ebic, planika in \u010darovni\u010devo olje, bla\u017eijo morebitno dra\u017eenje v u\u0161esnem kanalu.<\/p>\n\n\n\n<p>Hedrapure deluje celostno in se loti bistva te\u017eave &#8211; obnovi celice u\u0161es. <b>Sestava<\/b> eteri\u010dnih olj in naravnih aktivnih sestavin v izdelku spodbuja regenerativne procese, podpira <b>zdravje sluha<\/b> ter zmanj\u0161uje simptome izgube sluha in \u0161umenja v u\u0161esih.<\/p>\n\n\n\n<h2 class=\"wp-block-heading\" id=\"h-efekty-stosowania-hedrapure\">U\u010dinki uporabe zdravila Hedrapure<\/h2>\n\n\n\n<p><b>Uporaba zdravila<\/b> Hedrapure ima lahko \u0161tevilne pozitivne u\u010dinke pri izbolj\u0161anju slu\u0161nih sposobnosti. Izdelek deluje na celi\u010dni ravni in podpira regeneracijo slu\u0161nih celic ter ponovno vzpostavi sposobnost pravilnega sli\u0161anja. Poleg tega lahko Hedrapure pomaga zmanj\u0161ati \u0161umenje v u\u0161esih, o\u010disti u\u0161esne kanale, \u0161\u010diti pred oku\u017ebami in vla\u017ei ko\u017eo okoli u\u0161es. <b>Uporabniki<\/b> poro\u010dajo o izbolj\u0161ani kakovosti \u017eivljenja zaradi bolj\u0161e kakovosti sluha in zmanj\u0161anja mote\u010dih simptomov.<\/p>\n\n\n\n<h2 class=\"wp-block-heading\" id=\"h-jak-stosowac-hedrapure-dawkowanie\">Kako uporabljati zdravilo Hedrapure? &#8211; Odmerjanje<\/h2>\n\n\n\n<p>Za doseganje najve\u010djih rezultatov uporabe zdravila Hedrapure je pomembno upo\u0161tevati pravilna navodila za odmerjanje in uporabo izdelka. Postopek uporabe je preprost in u\u010dinkovit, tukaj pa so navedeni koraki, ki jim morate slediti:<\/p>\n\n\n\n<ol class=\"wp-block-list\">\n<li>Na \u010disto pipeto, ki je prilo\u017eena v embala\u017ei, nanesite ustrezno koli\u010dino zdravila Hedrapure.<\/li>\n\n\n\n<li>Pred nanosom si temeljito umijte roke, da zagotovite \u010disto\u010do in higieno.<\/li>\n\n\n\n<li>Lezite na bok in si v miru vnesite zdravilo Hedrapure v uho.<\/li>\n\n\n\n<li>Olje ne\u017eno kanite v uho in nekaj minut dr\u017eite glavo v istem polo\u017eaju, da zagotovite prosto prodiranje olja v sluhovod.<\/li>\n\n\n\n<li>Po nanosu zdravila Hedrapure ne\u017eno o\u010distite odve\u010dno olje iz u\u0161esa z vatirano pal\u010dko ali rob\u010dkom.<\/li>\n<\/ol>\n\n\n\n<p>Za najbolj\u0161e rezultate je priporo\u010dljivo, da zdravilo Hedrapure <b>uporabljate<\/b> 1-3-krat na teden, kot priporo\u010da proizvajalec. Pred uporabo natan\u010dno preberite prilo\u017eeno navodilo ali se posvetujte s farmacevtom.<\/p>\n\n\n\n<h2 class=\"wp-block-heading\" id=\"h-hedrapure-skutki-uboczne-i-przeciwwskazania-czy-jest-bezpieczny\">Hedrapure &#8211; Ne\u017eeleni u\u010dinki in kontraindikacije &#8211; Ali je varen?<\/h2>\n\n\n\n<p>Zdravilo Hedrapure temelji na naravnih sestavinah in ve\u010dina uporabnikov ga uporablja brez strahu pred <b>stranskimi u\u010dinki<\/b>. Vendar pa se kot pri vsakem izdelku pri nekaterih ljudeh lahko pojavijo alergijske reakcije ali dra\u017eenje ko\u017ee. Dobro je, da pred uporabo preverite sestavine in se zavedate svojega zdravja. <b>Kontraindikacije za<\/b> Hedrapure so omejene in redke, vendar se je vedno vredno zavedati individualnega odziva va\u0161ega telesa.<\/p>\n\n\n\n<h2 class=\"wp-block-heading\" id=\"h-wady-i-zalety-hedrapure\">Prednosti in slabosti zdravila Hedrapure<\/h2>\n\n\n\n<p>Hedrapure je izdelek s \u0161tevilnimi prednostmi, ki govorijo v njegovo korist. Najprej ima <b>naravno sestavo, ki<\/b> temelji na organskih eteri\u010dnih oljih, zaradi \u010desar je varen in manj verjetno povzro\u010da ne\u017eelene u\u010dinke. <b>Uporabniki<\/b> ne poro\u010dajo o nobenih negativnih reakcijah po uporabi zdravila Hedrapure.<\/p>\n\n\n\n<p>Vsestranska uporaba Hedrapure je \u0161e ena prednost tega izdelka. Uporablja se lahko tako za izbolj\u0161anje delovanja sluha kot tudi za \u010di\u0161\u010denje sluhovoda. Je torej celovita re\u0161itev, ki pomaga pri razli\u010dnih te\u017eavah, povezanih s sluhom.<\/p>\n\n\n\n<p><b>U\u010dinkovitost zdravila<\/b> Hedrapure so potrdile tudi znanstvene \u0161tudije. Rezultati teh \u0161tudij ka\u017eejo, da lahko redna <b>uporaba zdravila<\/b> Hedrapure prinese vidne <b>rezultate<\/b> pri izbolj\u0161anju kakovosti sluha. Tako lahko ljudje s te\u017eavami s sluhom pri\u010dakujejo znatno izbolj\u0161anje stanja sluha.<\/p>\n\n\n\n<p>Izbolj\u0161ana kakovost \u017eivljenja je eden najpomembnej\u0161ih u\u010dinkov uporabe zdravila Hedrapure. Z izbolj\u0161anjem sluha lahko ljudje s te\u017eavami s sluhom u\u017eivajo v bolj\u0161i komunikaciji, ve\u010dji samostojnosti in ve\u010djem zadovoljstvu pri vsakodnevnih dejavnostih. Zdravilo Hedrapure jim omogo\u010da polno sodelovanje v dru\u017eabnem \u017eivljenju in zagotavlja ve\u010dji ob\u010dutek izpolnjenosti.<\/p>\n\n\n\n<p>Vendar je treba opozoriti, da zdravilo Hedrapure ne zagotavlja takoj\u0161njih rezultatov. Vsaka oseba se lahko na izdelek odzove individualno, zato se lahko \u010das, ki je potreben za dosego \u017eelenih rezultatov, razlikuje. Poleg tega se lahko pri nekaterih <b>uporabnikih<\/b> pojavijo razli\u010dni rezultati, ki so odvisni od njihovega zdravstvenega stanja.<\/p>\n\n\n\n<h2 class=\"wp-block-heading\" id=\"h-hedrapure-sklad-analiza-skladnikow\">Hedrapure &#8211; sestava &#8211; analiza sestavin<\/h2>\n\n\n\n<p>Hedrapure odlikuje edinstvena sestava, ki vklju\u010duje <b>eteri\u010dna olja,<\/b> kot so:<\/p>\n\n\n\n<figure class=\"wp-block-table\"><table><tbody><tr><th>Eteri\u010dna olja<\/th><th>Lastnosti<\/th><\/tr><tr><td>Arganovo olje<\/td><td>Vla\u017ei ko\u017eo in krepi lase<\/td><\/tr><tr><td>Olje makadamije<\/td><td>Obnavlja ko\u017eo in prepre\u010duje prezgodnje staranje<\/td><\/tr><tr><td>Olje limonske trave<\/td><td>Ima antibakterijske in protiglivi\u010dne lastnosti<\/td><\/tr><tr><td>Izvle\u010dek mle\u010dne preslice<\/td><td>Prepre\u010duje dra\u017eenje in zmanj\u0161uje vnetja<\/td><\/tr><tr><td>Izvle\u010dek \u010darovnice<\/td><td>Zmanj\u0161uje rde\u010dico in ima adstringentni u\u010dinek<\/td><\/tr><tr><td>Kokosovo olje<\/td><td>Vla\u017ei in hrani ko\u017eo<\/td><\/tr><tr><td>Izvle\u010dek \u017eajblja<\/td><td>Deluje protivnetno in antisepti\u010dno<\/td><\/tr><tr><td>Izvle\u010dek gardenije<\/td><td>Bla\u017ei razdra\u017eenost in \u0161\u010diti pred prostimi radikali<\/td><\/tr><\/tbody><\/table><\/figure>\n\n\n\n<p>Te sestavine imajo blagodejne vla\u017eilne, \u010distilne in regeneracijske lastnosti, ki koristijo zdravju sluha.<\/p>\n\n\n\n<h2 class=\"wp-block-heading\" id=\"h-opinie-o-hedrapure\">Pregledi zdravila Hedrapure<\/h2>\n\n\n\n<p>Za Hedrapure po Poljski obstaja veliko pozitivnih mnenj, saj izdelek uporabljajo \u0161tevilni zadovoljni uporabniki. Po njihovih pri\u010devanjih redna uporaba zdravila Hedrapure prina\u0161a \u0161tevilne koristi za zdravje sluha.<\/p>\n\n\n\n<blockquote class=\"wp-block-quote is-layout-flow wp-block-quote-is-layout-flow\">\n<p><em>Hedrapure je zame prava revolucija! Po mesecu dni redne uporabe sem opazil znatno izbolj\u0161anje svojih slu\u0161nih sposobnosti. \u0160umenje v u\u0161esih je postalo manj mote\u010de, ob\u010dutek \u010distosti v u\u0161esih pa je neverjeten. Ta izdelek toplo priporo\u010dam vsem, ki se spopadajo s te\u017eavami s sluhom!<\/em><\/p>\n<\/blockquote>\n\n\n\n<blockquote class=\"wp-block-quote is-layout-flow wp-block-quote-is-layout-flow\">\n<p><em>Navdu\u0161ena sem nad rezultati, ki mi jih je prinesel Hedrapure! Po letih boja s te\u017eavami s sluhom sem kon\u010dno na\u0161el izdelek, ki resni\u010dno deluje. Moja u\u0161esa so \u010dista in sli\u0161im veliko bolje kot prej. Poleg tega eteri\u010dna olja v izdelku Hedrapure poskrbijo, da so moja u\u0161esa navla\u017eena in bolj zdrava kot kdaj koli prej. Priporo\u010dam vsem, ki i\u0161\u010dejo u\u010dinkovito re\u0161itev za te\u017eave s sluhom!<\/em><\/p>\n<\/blockquote>\n\n\n\n<p>Dober vir povratnih informacij so tudi spletni forumi, kjer uporabniki delijo svoje izku\u0161nje in izmenjujejo informacije o zdravilu Hedrapure. Mnogi poudarjajo pozitivne u\u010dinke, kot so izbolj\u0161anje slu\u0161nih sposobnosti, zmanj\u0161anje \u0161umenja v u\u0161esih in \u010di\u0161\u010denje u\u0161esnih kanalov.<\/p>\n\n\n\n<p>Vendar se <b>mnenja<\/b> uporabnikov lahko razlikujejo, saj se vsako telo na izdelek odziva individualno. Pred za\u010detkom uporabe zdravila Hedrapure je priporo\u010dljivo natan\u010dno prebrati mnenja drugih ljudi in se posvetovati s svojim zdravnikom.<\/p>\n\n\n\n<h2 class=\"wp-block-heading\" id=\"h-gdzie-kupic-hedrapure-cena-i-dostepnosc\">Kje kupiti Hedrapure? Cena in razpolo\u017eljivost<\/h2>\n\n\n\n<p>Hedrapure, inovativni <b>izdelek za u\u0161esa<\/b>, je mogo\u010de kupiti le na uradni spletni strani proizvajalca. <b>Cena<\/b> izdelka se lahko razlikuje glede na trenutne akcije. Ne pozabite, da je pomembno, da zdravilo Hedrapure kupujete le pri zaupanja vrednih prodajalcih na drobno, da se izognete ponaredkom in nizkokakovostnim izdelkom.<\/p>\n\n\n\n<h2 class=\"wp-block-heading\" id=\"h-czy-hedrapure-jest-skuteczny-rzetelny-przeglad-produktu\">Ali je Hedrapure u\u010dinkovit? Zanesljiv pregled izdelka<\/h2>\n\n\n\n<p>Hedrapure je inovativen <b>izdelek za u\u0161esa<\/b>, ki je bil razvit za izbolj\u0161anje slu\u0161nih sposobnosti in \u010di\u0161\u010denje sluhovoda. <b>Pregledi<\/b> uporabnikov in znanstveni rezultati potrjujejo, da je Hedrapure u\u010dinkovit izdelek. Vendar je treba opozoriti, da se lahko u\u010dinki uporabe razlikujejo glede na posamezno zdravstveno stanje.<\/p>\n\n\n\n<p>Da bi dobili popolno sliko o izdelku, je vredno prebrati tako strokovne ocene kot zanesljive preglede izdelka, ki so na voljo iz razli\u010dnih virov. Tak\u0161ne informacije vam lahko pomagajo pri sprejemanju premi\u0161ljene odlo\u010ditve o nakupu.<\/p>\n\n\n\n<h2 class=\"wp-block-heading\" id=\"h-podsumowanie\">Povzetek<\/h2>\n\n\n\n<p>Hedrapure je inovativen <b>izdelek za u\u0161esa<\/b>, ki je dokazano <b>u\u010dinkovit<\/b> pri izbolj\u0161anju slu\u0161nih sposobnosti in \u010di\u0161\u010denju sluhovoda. <b>Povratne informacije<\/b> uporabnikov in znanstvene \u0161tudije ka\u017eejo, da lahko Hedrapure daje pozitivne rezultate. Vendar se je treba zavedati, da je vsak \u010dlovek druga\u010den, zato se je pred uporabo izdelka priporo\u010dljivo posvetovati z zdravnikom ali farmacevtom. Prav tako je pomembno, da upo\u0161tevate priporo\u010dila za odmerjanje in uporabo izdelka, da bi dosegli optimalne rezultate.<\/p>\n\n\n\n<p>Hedrapure je izdelek za u\u0161esa, ki je lahko u\u010dinkovita podpora ljudem s te\u017eavami s sluhom, saj zagotavlja \u010di\u0161\u010denje u\u0161esnih kanalov in izbolj\u0161a sposobnost sluha. Delovanje zdravila Hedrapure temelji na naravnih sestavinah, kot so <b>eteri\u010dna olja<\/b>, ki ugodno vplivajo na <b>zdravje sluha<\/b>. Redna uporaba zdravila Hedrapure lahko prinese vidne rezultate, zmanj\u0161a <b>\u0161umenje v u\u0161esih<\/b> in izbolj\u0161a kakovost \u017eivljenja.<\/p>\n\n\n\n<p>\u010ce povzamemo, je Hedrapure vrhunski izdelek za u\u0161esa, ki lahko pomaga obnoviti zmogljivost sluha in o\u010disti sluhovode. Povratne informacije uporabnikov in znanstvene \u0161tudije potrjujejo u\u010dinkovitost zdravila Hedrapure. Vendar se je pred uporabo izdelka vedno priporo\u010dljivo posvetovati s strokovnjakom. Prav tako ne pozabite upo\u0161tevati priporo\u010dil za odmerjanje in uporabo zdravila Hedrapure, da dose\u017eete najbolj\u0161e rezultate in u\u017eivate v bolj\u0161em zdravju sluha.<\/p>\n","protected":false},"excerpt":{"rendered":"<p><strong>59.00 \u20ac<\/strong><\/p>\n<p><del>118.00 \u20ac<\/del><\/p>\n<p><strong>[date_countdown]<\/strong><\/p>\n","protected":false},"featured_media":1993,"comment_status":"open","ping_status":"closed","template":"","meta":{"neve_meta_sidebar":"","neve_meta_container":"","neve_meta_enable_content_width":"","neve_meta_content_width":0,"neve_meta_title_alignment":"","neve_meta_author_avatar":"","neve_post_elements_order":"","neve_meta_disable_header":"","neve_meta_disable_footer":"","neve_meta_disable_title":"","neve_meta_reading_time":""},"product_brand":[],"product_cat":[177],"product_tag":[],"class_list":{"0":"post-2000","1":"product","2":"type-product","3":"status-publish","4":"has-post-thumbnail","6":"product_cat-zdravje","8":"first","9":"instock","10":"shipping-taxable","11":"product-type-external"},"yoast_head":"<!-- This site is optimized with the Yoast SEO plugin v27.4 - https:\/\/yoast.com\/product\/yoast-seo-wordpress\/ -->\n<title>Hedrapure - Clinica Althea<\/title>\n<meta name=\"robots\" content=\"index, follow, max-snippet:-1, max-image-preview:large, max-video-preview:-1\" \/>\n<link rel=\"canonical\" href=\"https:\/\/www.clinicaalthea.com\/farmacia\/sl\/apt\/hedrapure\/\" \/>\n<meta property=\"og:locale\" content=\"pl_PL\" \/>\n<meta property=\"og:type\" content=\"article\" \/>\n<meta property=\"og:title\" content=\"Hedrapure - Clinica Althea\" \/>\n<meta property=\"og:description\" content=\"59.00 \u20ac 118.00 \u20ac\" \/>\n<meta property=\"og:url\" content=\"https:\/\/www.clinicaalthea.com\/farmacia\/sl\/apt\/hedrapure\/\" \/>\n<meta property=\"og:site_name\" content=\"Clinica Althea\" \/>\n<meta property=\"article:modified_time\" content=\"2024-03-22T09:06:40+00:00\" \/>\n<meta property=\"og:image\" content=\"https:\/\/www.clinicaalthea.com\/farmacia\/wp-content\/uploads\/2024\/03\/Hedrapure.jpg\" \/>\n\t<meta property=\"og:image:width\" content=\"768\" \/>\n\t<meta property=\"og:image:height\" content=\"768\" \/>\n\t<meta property=\"og:image:type\" content=\"image\/jpeg\" \/>\n<meta name=\"twitter:card\" content=\"summary_large_image\" \/>\n<meta name=\"twitter:label1\" content=\"Szacowany czas czytania\" \/>\n\t<meta name=\"twitter:data1\" content=\"9 minut\" \/>\n<script type=\"application\/ld+json\" class=\"yoast-schema-graph\">{\"@context\":\"https:\\\/\\\/schema.org\",\"@graph\":[{\"@type\":\"WebPage\",\"@id\":\"https:\\\/\\\/www.clinicaalthea.com\\\/farmacia\\\/sl\\\/apt\\\/hedrapure\\\/\",\"url\":\"https:\\\/\\\/www.clinicaalthea.com\\\/farmacia\\\/sl\\\/apt\\\/hedrapure\\\/\",\"name\":\"Hedrapure - Clinica Althea\",\"isPartOf\":{\"@id\":\"https:\\\/\\\/www.clinicaalthea.com\\\/farmacia\\\/#website\"},\"primaryImageOfPage\":{\"@id\":\"https:\\\/\\\/www.clinicaalthea.com\\\/farmacia\\\/sl\\\/apt\\\/hedrapure\\\/#primaryimage\"},\"image\":{\"@id\":\"https:\\\/\\\/www.clinicaalthea.com\\\/farmacia\\\/sl\\\/apt\\\/hedrapure\\\/#primaryimage\"},\"thumbnailUrl\":\"https:\\\/\\\/www.clinicaalthea.com\\\/farmacia\\\/wp-content\\\/uploads\\\/2024\\\/03\\\/Hedrapure.jpg\",\"datePublished\":\"2024-03-22T09:06:36+00:00\",\"dateModified\":\"2024-03-22T09:06:40+00:00\",\"breadcrumb\":{\"@id\":\"https:\\\/\\\/www.clinicaalthea.com\\\/farmacia\\\/sl\\\/apt\\\/hedrapure\\\/#breadcrumb\"},\"inLanguage\":\"pl-PL\",\"potentialAction\":[{\"@type\":\"ReadAction\",\"target\":[\"https:\\\/\\\/www.clinicaalthea.com\\\/farmacia\\\/sl\\\/apt\\\/hedrapure\\\/\"]}]},{\"@type\":\"ImageObject\",\"inLanguage\":\"pl-PL\",\"@id\":\"https:\\\/\\\/www.clinicaalthea.com\\\/farmacia\\\/sl\\\/apt\\\/hedrapure\\\/#primaryimage\",\"url\":\"https:\\\/\\\/www.clinicaalthea.com\\\/farmacia\\\/wp-content\\\/uploads\\\/2024\\\/03\\\/Hedrapure.jpg\",\"contentUrl\":\"https:\\\/\\\/www.clinicaalthea.com\\\/farmacia\\\/wp-content\\\/uploads\\\/2024\\\/03\\\/Hedrapure.jpg\",\"width\":768,\"height\":768,\"caption\":\"Hedrapure\"},{\"@type\":\"BreadcrumbList\",\"@id\":\"https:\\\/\\\/www.clinicaalthea.com\\\/farmacia\\\/sl\\\/apt\\\/hedrapure\\\/#breadcrumb\",\"itemListElement\":[{\"@type\":\"ListItem\",\"position\":1,\"name\":\"Strona g\u0142\u00f3wna\",\"item\":\"https:\\\/\\\/www.clinicaalthea.com\\\/farmacia\\\/\"},{\"@type\":\"ListItem\",\"position\":2,\"name\":\"Produkty\",\"item\":\"https:\\\/\\\/www.clinicaalthea.com\\\/farmacia\\\/\"},{\"@type\":\"ListItem\",\"position\":3,\"name\":\"Hedrapure\"}]},{\"@type\":\"WebSite\",\"@id\":\"https:\\\/\\\/www.clinicaalthea.com\\\/farmacia\\\/#website\",\"url\":\"https:\\\/\\\/www.clinicaalthea.com\\\/farmacia\\\/\",\"name\":\"Clinica Althea\",\"description\":\"\",\"publisher\":{\"@id\":\"https:\\\/\\\/www.clinicaalthea.com\\\/farmacia\\\/#organization\"},\"potentialAction\":[{\"@type\":\"SearchAction\",\"target\":{\"@type\":\"EntryPoint\",\"urlTemplate\":\"https:\\\/\\\/www.clinicaalthea.com\\\/farmacia\\\/?s={search_term_string}\"},\"query-input\":{\"@type\":\"PropertyValueSpecification\",\"valueRequired\":true,\"valueName\":\"search_term_string\"}}],\"inLanguage\":\"pl-PL\"},{\"@type\":\"Organization\",\"@id\":\"https:\\\/\\\/www.clinicaalthea.com\\\/farmacia\\\/#organization\",\"name\":\"Clinica Althea\",\"url\":\"https:\\\/\\\/www.clinicaalthea.com\\\/farmacia\\\/\",\"logo\":{\"@type\":\"ImageObject\",\"inLanguage\":\"pl-PL\",\"@id\":\"https:\\\/\\\/www.clinicaalthea.com\\\/farmacia\\\/#\\\/schema\\\/logo\\\/image\\\/\",\"url\":\"https:\\\/\\\/www.clinicaalthea.com\\\/farmacia\\\/wp-content\\\/uploads\\\/2023\\\/12\\\/Jak-diagnozuje-sie-FAS_-objawy-kryteria-diagnostyczne-i-metody-diagnozowania-154162903.jpg\",\"contentUrl\":\"https:\\\/\\\/www.clinicaalthea.com\\\/farmacia\\\/wp-content\\\/uploads\\\/2023\\\/12\\\/Jak-diagnozuje-sie-FAS_-objawy-kryteria-diagnostyczne-i-metody-diagnozowania-154162903.jpg\",\"width\":1216,\"height\":832,\"caption\":\"Clinica Althea\"},\"image\":{\"@id\":\"https:\\\/\\\/www.clinicaalthea.com\\\/farmacia\\\/#\\\/schema\\\/logo\\\/image\\\/\"}}]}<\/script>\n<!-- \/ Yoast SEO plugin. -->","yoast_head_json":{"title":"Hedrapure - Clinica Althea","robots":{"index":"index","follow":"follow","max-snippet":"max-snippet:-1","max-image-preview":"max-image-preview:large","max-video-preview":"max-video-preview:-1"},"canonical":"https:\/\/www.clinicaalthea.com\/farmacia\/sl\/apt\/hedrapure\/","og_locale":"pl_PL","og_type":"article","og_title":"Hedrapure - Clinica Althea","og_description":"59.00 \u20ac 118.00 \u20ac","og_url":"https:\/\/www.clinicaalthea.com\/farmacia\/sl\/apt\/hedrapure\/","og_site_name":"Clinica Althea","article_modified_time":"2024-03-22T09:06:40+00:00","og_image":[{"width":768,"height":768,"url":"https:\/\/www.clinicaalthea.com\/farmacia\/wp-content\/uploads\/2024\/03\/Hedrapure.jpg","type":"image\/jpeg"}],"twitter_card":"summary_large_image","twitter_misc":{"Szacowany czas czytania":"9 minut"},"schema":{"@context":"https:\/\/schema.org","@graph":[{"@type":"WebPage","@id":"https:\/\/www.clinicaalthea.com\/farmacia\/sl\/apt\/hedrapure\/","url":"https:\/\/www.clinicaalthea.com\/farmacia\/sl\/apt\/hedrapure\/","name":"Hedrapure - Clinica Althea","isPartOf":{"@id":"https:\/\/www.clinicaalthea.com\/farmacia\/#website"},"primaryImageOfPage":{"@id":"https:\/\/www.clinicaalthea.com\/farmacia\/sl\/apt\/hedrapure\/#primaryimage"},"image":{"@id":"https:\/\/www.clinicaalthea.com\/farmacia\/sl\/apt\/hedrapure\/#primaryimage"},"thumbnailUrl":"https:\/\/www.clinicaalthea.com\/farmacia\/wp-content\/uploads\/2024\/03\/Hedrapure.jpg","datePublished":"2024-03-22T09:06:36+00:00","dateModified":"2024-03-22T09:06:40+00:00","breadcrumb":{"@id":"https:\/\/www.clinicaalthea.com\/farmacia\/sl\/apt\/hedrapure\/#breadcrumb"},"inLanguage":"pl-PL","potentialAction":[{"@type":"ReadAction","target":["https:\/\/www.clinicaalthea.com\/farmacia\/sl\/apt\/hedrapure\/"]}]},{"@type":"ImageObject","inLanguage":"pl-PL","@id":"https:\/\/www.clinicaalthea.com\/farmacia\/sl\/apt\/hedrapure\/#primaryimage","url":"https:\/\/www.clinicaalthea.com\/farmacia\/wp-content\/uploads\/2024\/03\/Hedrapure.jpg","contentUrl":"https:\/\/www.clinicaalthea.com\/farmacia\/wp-content\/uploads\/2024\/03\/Hedrapure.jpg","width":768,"height":768,"caption":"Hedrapure"},{"@type":"BreadcrumbList","@id":"https:\/\/www.clinicaalthea.com\/farmacia\/sl\/apt\/hedrapure\/#breadcrumb","itemListElement":[{"@type":"ListItem","position":1,"name":"Strona g\u0142\u00f3wna","item":"https:\/\/www.clinicaalthea.com\/farmacia\/"},{"@type":"ListItem","position":2,"name":"Produkty","item":"https:\/\/www.clinicaalthea.com\/farmacia\/"},{"@type":"ListItem","position":3,"name":"Hedrapure"}]},{"@type":"WebSite","@id":"https:\/\/www.clinicaalthea.com\/farmacia\/#website","url":"https:\/\/www.clinicaalthea.com\/farmacia\/","name":"Clinica Althea","description":"","publisher":{"@id":"https:\/\/www.clinicaalthea.com\/farmacia\/#organization"},"potentialAction":[{"@type":"SearchAction","target":{"@type":"EntryPoint","urlTemplate":"https:\/\/www.clinicaalthea.com\/farmacia\/?s={search_term_string}"},"query-input":{"@type":"PropertyValueSpecification","valueRequired":true,"valueName":"search_term_string"}}],"inLanguage":"pl-PL"},{"@type":"Organization","@id":"https:\/\/www.clinicaalthea.com\/farmacia\/#organization","name":"Clinica Althea","url":"https:\/\/www.clinicaalthea.com\/farmacia\/","logo":{"@type":"ImageObject","inLanguage":"pl-PL","@id":"https:\/\/www.clinicaalthea.com\/farmacia\/#\/schema\/logo\/image\/","url":"https:\/\/www.clinicaalthea.com\/farmacia\/wp-content\/uploads\/2023\/12\/Jak-diagnozuje-sie-FAS_-objawy-kryteria-diagnostyczne-i-metody-diagnozowania-154162903.jpg","contentUrl":"https:\/\/www.clinicaalthea.com\/farmacia\/wp-content\/uploads\/2023\/12\/Jak-diagnozuje-sie-FAS_-objawy-kryteria-diagnostyczne-i-metody-diagnozowania-154162903.jpg","width":1216,"height":832,"caption":"Clinica Althea"},"image":{"@id":"https:\/\/www.clinicaalthea.com\/farmacia\/#\/schema\/logo\/image\/"}}]}},"lang":"sl","translations":{"sl":2000,"fr":1994,"cs":1992,"de":1995,"hu":1996,"it":1997,"sk":1998,"bg":1999},"pll_sync_post":[],"_links":{"self":[{"href":"https:\/\/www.clinicaalthea.com\/farmacia\/wp-json\/wp\/v2\/product\/2000","targetHints":{"allow":["GET"]}}],"collection":[{"href":"https:\/\/www.clinicaalthea.com\/farmacia\/wp-json\/wp\/v2\/product"}],"about":[{"href":"https:\/\/www.clinicaalthea.com\/farmacia\/wp-json\/wp\/v2\/types\/product"}],"replies":[{"embeddable":true,"href":"https:\/\/www.clinicaalthea.com\/farmacia\/wp-json\/wp\/v2\/comments?post=2000"}],"wp:featuredmedia":[{"embeddable":true,"href":"https:\/\/www.clinicaalthea.com\/farmacia\/wp-json\/wp\/v2\/media\/1993"}],"wp:attachment":[{"href":"https:\/\/www.clinicaalthea.com\/farmacia\/wp-json\/wp\/v2\/media?parent=2000"}],"wp:term":[{"taxonomy":"product_brand","embeddable":true,"href":"https:\/\/www.clinicaalthea.com\/farmacia\/wp-json\/wp\/v2\/product_brand?post=2000"},{"taxonomy":"product_cat","embeddable":true,"href":"https:\/\/www.clinicaalthea.com\/farmacia\/wp-json\/wp\/v2\/product_cat?post=2000"},{"taxonomy":"product_tag","embeddable":true,"href":"https:\/\/www.clinicaalthea.com\/farmacia\/wp-json\/wp\/v2\/product_tag?post=2000"}],"curies":[{"name":"wp","href":"https:\/\/api.w.org\/{rel}","templated":true}]}}