{"id":1969,"date":"2024-03-17T13:32:01","date_gmt":"2024-03-17T12:32:01","guid":{"rendered":"https:\/\/mayoguide.org\/produkty\/?post_type=product&#038;p=1969"},"modified":"2024-03-17T13:54:14","modified_gmt":"2024-03-17T12:54:14","slug":"hemply-hair-fall-prevention-lotion","status":"publish","type":"product","link":"https:\/\/www.clinicaalthea.com\/farmacia\/sk\/apt\/hemply-hair-fall-prevention-lotion\/","title":{"rendered":"Hemply Hair Fall Prevention Lotion"},"content":{"rendered":"\n<p><b>Hemply Hair Fall Prevention Lotion<\/b> je revolu\u010dn\u00fd produkt, ktor\u00fd vyu\u017e\u00edva pr\u00edrodn\u00e9 zlo\u017eky na prevenciu vypad\u00e1vania vlasov a zlep\u0161enie celkov\u00e9ho stavu vlasov. Tento v\u00fdrobok pon\u00faka \u00fa\u010dinn\u00fa a prirodzen\u00fa met\u00f3du na v\u00fd\u017eivu a posilnenie vlasov, obnovenie hustoty vlasov a ich zdrav\u00e9ho vzh\u013eadu. V\u010faka jedine\u010dnej zmesi \u00fa\u010dinn\u00fdch l\u00e1tok <b>Hemply Hair Fall Prevention Lotion<\/b> p\u00f4sob\u00ed na pr\u00ed\u010diny vypad\u00e1vania vlasov a stimuluje rast nov\u00fdch vlasov. Je ide\u00e1lny pre t\u00fdch, ktor\u00ed bojuj\u00fa s vypad\u00e1van\u00edm vlasov a h\u013eadaj\u00fa prirodzen\u00e9 sp\u00f4soby, ako zlep\u0161i\u0165 stav svojich vlasov.<\/p>\n\n\n\n<h3 class=\"wp-block-heading\" id=\"h-kluczowe-informacje\">K\u013e\u00fa\u010dov\u00e9 inform\u00e1cie:<\/h3>\n\n\n\n<ul class=\"wp-block-list\">\n<li><b>Hemply Hair Fall Prevention Lotion<\/b> je pr\u00edrodn\u00fd produkt, ktor\u00fd zabra\u0148uje vypad\u00e1vaniu vlasov a zlep\u0161uje ich stav<\/li>\n\n\n\n<li>Pr\u00edpravok p\u00f4sob\u00ed na pr\u00ed\u010diny vypad\u00e1vania vlasov a stimuluje rast nov\u00fdch vlasov<\/li>\n\n\n\n<li>Pravideln\u00e9 pou\u017e\u00edvanie Hemply Hair Fall Prevention Lotion vedie k vy\u017eiven\u00fdm, posilnen\u00fdm a zhusten\u00fdm vlasom<\/li>\n\n\n\n<li>Recenzie pou\u017e\u00edvate\u013eov zd\u00f4raz\u0148uj\u00fa \u00fa\u010dinnos\u0165 a prirodzenos\u0165 v\u00fdrobku<\/li>\n\n\n\n<li>Hemply Hair Fall Prevention Lotion sa \u013eahko pou\u017e\u00edva a je k dispoz\u00edcii priamo od ofici\u00e1lneho v\u00fdrobcu<\/li>\n<\/ul>\n\n\n\n<h2 class=\"wp-block-heading\" id=\"h-hemply-hair-fall-prevention-lotion-sklad-i-dzialanie\">Hemply Hair Fall Prevention Lotion &#8211; zlo\u017eenie a \u00fa\u010dinky<\/h2>\n\n\n\n<p>Hemply Hair Fall Prevention Lotion je inovat\u00edvny v\u00fdrobok, ktor\u00fd obsahuje jedine\u010dn\u00fa zmes pr\u00edrodn\u00fdch zlo\u017eiek, ktor\u00e9 synergicky p\u00f4sobia a poskytuj\u00fa komplexn\u00fa starostlivos\u0165 o vlasy a poko\u017eku hlavy. Jeho zlo\u017eenie bolo starostlivo vybran\u00e9 tak, aby p\u00f4sobilo na pr\u00ed\u010diny vypad\u00e1vania vlasov a stimulovalo rast nov\u00fdch, zdrav\u00fdch vlasov.<\/p>\n\n\n\n<figure class=\"wp-block-table\"><table><tbody><tr><th>Zlo\u017eenie<\/th><th>P\u00f4sobenie<\/th><\/tr><tr><td>V\u00fd\u0165a\u017eok z klimbazolu<\/td><td>Proti infekci\u00e1m, nadmernej seborei a lupin\u00e1m, zn\u00ed\u017eenie vypad\u00e1vania vlasov<\/td><\/tr><tr><td>Triticum<\/td><td>Stimul\u00e1cia rastu vlasov, zlep\u0161enie stavu vlasov<\/td><\/tr><tr><td>S\u00f3jov\u00fd extrakt<\/td><td>Posilnenie vlasov\u00fdch cibuliek, hydrat\u00e1cia a zlep\u0161enie pru\u017enosti vlasov<\/td><\/tr><\/tbody><\/table><\/figure>\n\n\n\n<p>V\u010faka tomuto jedine\u010dn\u00e9mu zlo\u017eeniu \u00fa\u010dinn\u00fdch l\u00e1tok p\u00f4sob\u00ed Hemply Hair Fall Prevention Lotion komplexne na vlasy a poko\u017eku hlavy, vy\u017eivuje ich, posil\u0148uje a regeneruje. Pravideln\u00e9 pou\u017e\u00edvanie pom\u00e1ha obnovi\u0165 hustotu, zdrav\u00fd vzh\u013ead a pln\u00fa kond\u00edciu vlasov.<\/p>\n\n\n\n<h2 class=\"wp-block-heading\" id=\"h-hemply-hair-fall-prevention-lotion-efekty-i-opinie-uzytkownikow\">Hemply Hair Fall Prevention Lotion &#8211; \u00fa\u010dinky a recenzie pou\u017e\u00edvate\u013eov<\/h2>\n\n\n\n<p>Pou\u017e\u00edvanie <em>Hemply Hair Fall Prevention Lotion<\/em> m\u00f4\u017ee ma\u0165 mnoho v\u00fdhod a pozit\u00edvnych \u00fa\u010dinkov. Pravideln\u00e9 pou\u017e\u00edvanie pr\u00edpravku m\u00f4\u017ee vies\u0165 k <strong>stimul\u00e1cii rastu vlasov<\/strong>, <strong>zn\u00ed\u017eeniu vypad\u00e1vania vlasov<\/strong>, <strong>posilneniu vlasov\u00fdch folikulov<\/strong> a <strong>zv\u00fd\u0161eniu hustoty vlasov<\/strong>. Pou\u017e\u00edvatelia \u010dasto poskytuj\u00fa pozit\u00edvne recenzie na tento v\u00fdrobok, pri\u010dom vyzdvihuj\u00fa jeho \u00fa\u010dinnos\u0165 a pr\u00edrodn\u00e9 zlo\u017eky. Mnoh\u00ed \u013eudia si po pravidelnom pou\u017e\u00edvan\u00ed Hemply Hair Fall Prevention Lotion v\u0161imli zlep\u0161enie stavu svojich vlasov. Recenzie pou\u017e\u00edvate\u013eov s\u00fa povzbudzuj\u00face a nazna\u010duj\u00fa, \u017ee tento v\u00fdrobok m\u00f4\u017ee by\u0165 \u00fa\u010dinn\u00fdm rie\u0161en\u00edm pre t\u00fdch, ktor\u00ed trpia vypad\u00e1van\u00edm vlasov.<\/p>\n\n\n\n<blockquote class=\"wp-block-quote is-layout-flow wp-block-quote-is-layout-flow\">\n<p><em>Hemply Hair Fall Prevention Lotion vrelo odpor\u00fa\u010dam ka\u017ed\u00e9mu, kto bojuje s vypad\u00e1van\u00edm vlasov! Tento v\u00fdrobok je absol\u00fatnym zjaven\u00edm. Odkedy som ho za\u010dala pravidelne pou\u017e\u00edva\u0165, zaznamenala som v\u00fdrazn\u00e9 zlep\u0161enie stavu svojich vlasov. S\u00fa hustej\u0161ie, silnej\u0161ie a vypad\u00e1vanie vlasov je ove\u013ea men\u0161ie. Najlep\u0161ie zo v\u0161etk\u00e9ho je, \u017ee zlo\u017eky s\u00fa pr\u00edrodn\u00e9, tak\u017ee sa nemus\u00edm ob\u00e1va\u0165 \u0161kodliv\u00fdch \u00fa\u010dinkov chemik\u00e1li\u00ed na vlasy a poko\u017eku hlavy. Naozaj ho odpor\u00fa\u010dam!<\/em><\/p>\n<\/blockquote>\n\n\n\n<blockquote class=\"wp-block-quote is-layout-flow wp-block-quote-is-layout-flow\">\n<p><em>Hemply Hair Fall Prevention Lotion je m\u00f4j ob\u013e\u00faben\u00fd v\u00fdrobok na starostlivos\u0165 o vlasy. Jeho \u00fa\u010dinnos\u0165 je \u00fa\u017easn\u00e1! V\u010faka pravideln\u00e9mu pou\u017e\u00edvaniu s\u00fa moje vlasy ove\u013ea zdrav\u0161ie a hustej\u0161ie. Som ohromen\u00e1 pr\u00edrodn\u00fdmi zlo\u017ekami, ktor\u00e9 obsahuje, a jeho jednoduch\u00e9 pou\u017e\u00edvanie je ide\u00e1lne pre zanepr\u00e1zdnen\u00fdch \u013eud\u00ed. Odpor\u00fa\u010dam ho ka\u017ed\u00e9mu, kto sa chce stara\u0165 o svoje vlasy prirodzen\u00fdm sp\u00f4sobom!<\/em><\/p>\n<\/blockquote>\n\n\n\n<h2 class=\"wp-block-heading\" id=\"h-hemply-hair-fall-prevention-lotion-dawkowanie-i-stosowanie\">Hemply Hair Fall Prevention Lotion &#8211; d\u00e1vkovanie a pou\u017e\u00edvanie<\/h2>\n\n\n\n<p>Na dosiahnutie maxim\u00e1lnych v\u00fdsledkov je d\u00f4le\u017eit\u00e9 spr\u00e1vne d\u00e1vkovanie a pravideln\u00e9 pou\u017e\u00edvanie Hemply Hair Fall Prevention Lotion. Pr\u00edpravok by sa mal nan\u00e1\u0161a\u0165 na such\u00fa poko\u017eku hlavy a jemne ho vmas\u00edrova\u0165 do oblasti postihnutej nadmern\u00fdm vypad\u00e1van\u00edm vlasov.<\/p>\n\n\n\n<p><em>Odpor\u00fa\u010da sa aplikova\u0165 pr\u00edpravok 1-2 kr\u00e1t denne po\u010das najmenej 30 dn\u00ed<\/em>. Pravidelnos\u0165 a trpezlivos\u0165 s\u00fa k\u013e\u00fa\u010dom k dosiahnutiu po\u017eadovan\u00fdch v\u00fdsledkov. Hemply Hair Fall Prevention Lotion sa \u013eahko pou\u017e\u00edva a mo\u017eno ho pohodlne zaradi\u0165 do ka\u017edodennej starostlivosti o vlasy.<\/p>\n\n\n\n<figure class=\"wp-block-table\"><table><tbody><tr><th>D\u00e1vkovanie<\/th><th>Pou\u017eitie<\/th><\/tr><tr><td>1 a\u017e 2-kr\u00e1t denne<\/td><td>&#8211; Pr\u00edpravok naneste na such\u00fa poko\u017eku hlavy<\/td><\/tr><tr><td>Najmenej 30 dn\u00ed<\/td><td>&#8211; Jemne vmas\u00edrujte do oblasti postihnutej nadmern\u00fdm vypad\u00e1van\u00edm vlasov<\/td><\/tr><\/tbody><\/table><\/figure>\n\n\n\n<h2 class=\"wp-block-heading\" id=\"h-hemply-hair-fall-prevention-lotion-bezpieczenstwo-i-skutki-uczuleniowe\">Hemply Hair Fall Prevention Lotion &#8211; bezpe\u010dnos\u0165 a senzibilizuj\u00face \u00fa\u010dinky<\/h2>\n\n\n\n<p>Hemply Hair Fall Prevention Lotion je v\u010faka svojim pr\u00edrodn\u00fdm zlo\u017ek\u00e1m v\u00e4\u010d\u0161inou pou\u017e\u00edvate\u013eov v\u0161eobecne dobre zn\u00e1\u0161an\u00fd. Je v\u0161ak potrebn\u00e9 ma\u0165 na pam\u00e4ti, \u017ee ka\u017ed\u00fd organizmus reaguje individu\u00e1lne, preto existuje mo\u017enos\u0165 senzibiliza\u010dn\u00fdch reakci\u00ed u \u013eud\u00ed s precitlivenos\u0165ou na niektor\u00fa z obsiahnut\u00fdch zlo\u017eiek. Aby sa minimalizovalo riziko ne\u017eiaducich reakci\u00ed, odpor\u00fa\u010dame pred za\u010dat\u00edm pravideln\u00e9ho pou\u017e\u00edvania pr\u00edpravku vykona\u0165 test senzibiliz\u00e1cie na malej ploche poko\u017eky.<\/p>\n\n\n\n<p>Ak sa po\u010das testu alebo po\u010das pou\u017e\u00edvania Hemply Hair Fall Prevention Lotion vyskytn\u00fa ak\u00e9ko\u013evek ne\u017eiaduce reakcie, ako napr\u00edklad za\u010dervenanie, svrbenie alebo opuch ko\u017ee, presta\u0148te ho pou\u017e\u00edva\u0165 a pora\u010fte sa so svoj\u00edm lek\u00e1rom alebo lek\u00e1rnikom. Je tie\u017e dobr\u00e9 pre\u010d\u00edta\u0165 si zlo\u017eenie v\u00fdrobku a skontrolova\u0165, \u010di nie je alergick\u00fd na niektor\u00fa z obsiahnut\u00fdch zlo\u017eiek.<\/p>\n\n\n\n<h2 class=\"wp-block-heading\" id=\"h-hemply-hair-fall-prevention-lotion-gdzie-kupic-i-cena\">Hemply Hair Fall Prevention Lotion &#8211; Kde k\u00fapi\u0165 a cena<\/h2>\n\n\n\n<p>Ak si chcete k\u00fapi\u0165 origin\u00e1lny Hemply Hair Fall Prevention Lotion, mus\u00edte si ho k\u00fapi\u0165 priamo od ofici\u00e1lneho v\u00fdrobcu. Len tak si m\u00f4\u017eete by\u0165 ist\u00ed, \u017ee dostanete kvalitn\u00fd v\u00fdrobok, ktor\u00fd v\u00e1m prinesie po\u017eadovan\u00e9 v\u00fdsledky. Dostupnos\u0165 v\u00fdrobku si m\u00f4\u017eete overi\u0165 na ofici\u00e1lnej webovej str\u00e1nke v\u00fdrobcu, kde n\u00e1jdete najnov\u0161ie inform\u00e1cie o cene a akci\u00e1ch.<\/p>\n\n\n\n<p>Cena Hemply Hair Fall Prevention Lotion sa m\u00f4\u017ee l\u00ed\u0161i\u0165 v z\u00e1vislosti od aktu\u00e1lnych akci\u00ed a obdobia. Preto je v\u017edy vhodn\u00e9 sledova\u0165 aktu\u00e1lnu ponuku v\u00fdrobcu, aby ste mohli vyu\u017ei\u0165 pr\u00edpadn\u00e9 z\u013eavy a u\u0161etri\u0165 na n\u00e1kupe. V\u00fdrobok nie je dostupn\u00fd v lek\u00e1r\u0148ach ani v kamenn\u00fdch predajniach, preto je najspo\u013eahlivej\u0161\u00edm sp\u00f4sobom n\u00e1kupu objedn\u00e1vka priamo od v\u00fdrobcu.<\/p>\n\n\n\n<h2 class=\"wp-block-heading\" id=\"h-hemply-hair-fall-prevention-lotion-oficjalny-producent-i-ulotka\">Hemply Lotion na prevenciu padania vlasov &#8211; ofici\u00e1lny let\u00e1k v\u00fdrobcu a let\u00e1k<\/h2>\n\n\n\n<p>Ofici\u00e1lny v\u00fdrobca Hemply Hair Fall Prevention Lotion je spolo\u010dnos\u0165, ktor\u00e1 db\u00e1 na kvalitu v\u00fdrobku a zabezpe\u010duje, \u017ee ide o origin\u00e1lny a \u00fa\u010dinn\u00fd produkt. Na ofici\u00e1lnej <strong>webovej str\u00e1nke<\/strong> v\u00fdrobcu n\u00e1jdete viac inform\u00e1ci\u00ed o v\u00fdrobku vr\u00e1tane pr\u00edbalov\u00e9ho let\u00e1ku s n\u00e1vodom na pou\u017eitie, zlo\u017een\u00edm a odpor\u00fa\u010dan\u00fdm d\u00e1vkovan\u00edm. Pred pou\u017eit\u00edm v\u00fdrobku sa oplat\u00ed pre\u010d\u00edta\u0165 si tieto inform\u00e1cie.<\/p>\n\n\n\n<h2 class=\"wp-block-heading\" id=\"h-hemply-hair-fall-prevention-lotion-recenzje-na-forum\">Hemply Hair Fall Prevention Lotion &#8211; Recenzie na f\u00f3re<\/h2>\n\n\n\n<p>Na mnoh\u00fdch online f\u00f3rach sa pou\u017e\u00edvatelia delia o svoje n\u00e1zory na Hemply Hair Fall Prevention Lotion. Recenzie na f\u00f3re s\u00fa r\u00f4zne, ale v\u00e4\u010d\u0161ina pou\u017e\u00edvate\u013eov poskytuje pozit\u00edvnu sp\u00e4tn\u00fa v\u00e4zbu na tento v\u00fdrobok, pri\u010dom vyzdvihuje jeho \u00fa\u010dinnos\u0165 a pr\u00edrodn\u00e9 zlo\u017eky. Pou\u017e\u00edvatelia sa \u010dasto delia o svoje sk\u00fasenosti a v\u00fdsledky, ktor\u00e9 dosiahli po pravidelnom pou\u017e\u00edvan\u00ed Hemply Hair Fall Prevention Lotion. F\u00f3rum m\u00f4\u017ee by\u0165 dobr\u00fdm miestom na z\u00edskanie \u010fal\u0161\u00edch inform\u00e1ci\u00ed a r\u00e1d od in\u00fdch \u013eud\u00ed s vypad\u00e1van\u00edm vlasov.<\/p>\n\n\n\n<h2 class=\"wp-block-heading\" id=\"h-hemply-hair-fall-prevention-lotion-skutki-uboczne-i-przeciwwskazania\">Hemply Hair Fall Prevention Lotion &#8211; ved\u013eaj\u0161ie \u00fa\u010dinky a kontraindik\u00e1cie<\/h2>\n\n\n\n<p>Pou\u017e\u00edvanie Hemply Hair Fall Prevention Lotion je vo v\u0161eobecnosti bezpe\u010dn\u00e9 a nemalo by sp\u00f4sobova\u0165 ved\u013eaj\u0161ie \u00fa\u010dinky. Ako pri ka\u017edom kozmetickom v\u00fdrobku v\u0161ak existuje mo\u017enos\u0165 alergick\u00fdch reakci\u00ed u os\u00f4b s precitlivenos\u0165ou na zlo\u017eky. Pred pou\u017eit\u00edm sa odpor\u00fa\u010da vykona\u0165 test na malej ploche poko\u017eky na overenie reakcie. V\u00fdrobok je ur\u010den\u00fd na vonkaj\u0161ie pou\u017eitie a nemal by sa po\u017e\u00edva\u0165. V pr\u00edpade ak\u00fdchko\u013evek ne\u017eiaducich pr\u00edznakov preru\u0161te pou\u017e\u00edvanie a pora\u010fte sa s lek\u00e1rom.<\/p>\n\n\n\n<h2 class=\"wp-block-heading\" id=\"h-hemply-hair-fall-prevention-lotion-wnioski\">Hemply Hair Fall Prevention Lotion &#8211; z\u00e1very<\/h2>\n\n\n\n<p>Inform\u00e1cie v tomto \u010dl\u00e1nku poukazuj\u00fa na \u00fa\u010dinnos\u0165 a pr\u00edrodn\u00e9 zlo\u017eky Hemply Hair Fall Prevention Lotion ako rie\u0161enia vypad\u00e1vania vlasov. Pravideln\u00e9 pou\u017e\u00edvanie tohto inovat\u00edvneho v\u00fdrobku m\u00f4\u017ee zlep\u0161i\u0165 stav vlasov, stimulova\u0165 ich rast a zv\u00fd\u0161i\u0165 hustotu vlasov. Pozit\u00edvne hodnotenia pou\u017e\u00edvate\u013eov zd\u00f4raz\u0148uj\u00fa \u00fa\u010dinnos\u0165 a prirodzenos\u0165 v\u00fdrobku. Pred za\u010dat\u00edm starostlivosti o vlasy s Hemply Hair Fall Prevention Lotion je vhodn\u00e9 pre\u010d\u00edta\u0165 si pokyny v\u00fdrobcu a v pr\u00edpade ak\u00fdchko\u013evek pochybnost\u00ed sa poradi\u0165 s lek\u00e1rom. Hemply Hair Fall Prevention Lotion pon\u00faka komplexn\u00fd pr\u00edstup k starostlivosti o vlasy, v\u010faka \u010domu je ide\u00e1lnou vo\u013ebou pre t\u00fdch, ktor\u00ed h\u013eadaj\u00fa pr\u00edrodn\u00fd prostriedok proti vypad\u00e1vaniu vlasov.<\/p>\n","protected":false},"excerpt":{"rendered":"<p><strong>49.00 \u20ac<\/strong><\/p>\n<p><del>98.00 \u20ac<\/del><\/p>\n<p><strong>[date_countdown]<\/strong><\/p>\n","protected":false},"featured_media":1967,"comment_status":"open","ping_status":"closed","template":"","meta":{"neve_meta_sidebar":"","neve_meta_container":"","neve_meta_enable_content_width":"","neve_meta_content_width":0,"neve_meta_title_alignment":"","neve_meta_author_avatar":"","neve_post_elements_order":"","neve_meta_disable_header":"","neve_meta_disable_footer":"","neve_meta_disable_title":"","neve_meta_reading_time":""},"product_brand":[],"product_cat":[169],"product_tag":[],"class_list":{"0":"post-1969","1":"product","2":"type-product","3":"status-publish","4":"has-post-thumbnail","6":"product_cat-zdravie","8":"first","9":"instock","10":"shipping-taxable","11":"product-type-external"},"yoast_head":"<!-- This site is optimized with the Yoast SEO plugin v27.4 - https:\/\/yoast.com\/product\/yoast-seo-wordpress\/ -->\n<title>Hemply Hair Fall Prevention Lotion - Clinica Althea<\/title>\n<meta name=\"robots\" content=\"index, follow, max-snippet:-1, max-image-preview:large, max-video-preview:-1\" \/>\n<link rel=\"canonical\" href=\"https:\/\/www.clinicaalthea.com\/farmacia\/sk\/apt\/hemply-hair-fall-prevention-lotion\/\" \/>\n<meta property=\"og:locale\" content=\"pl_PL\" \/>\n<meta property=\"og:type\" content=\"article\" \/>\n<meta property=\"og:title\" content=\"Hemply Hair Fall Prevention Lotion - Clinica Althea\" \/>\n<meta property=\"og:description\" content=\"49.00 \u20ac 98.00 \u20ac\" \/>\n<meta property=\"og:url\" content=\"https:\/\/www.clinicaalthea.com\/farmacia\/sk\/apt\/hemply-hair-fall-prevention-lotion\/\" \/>\n<meta property=\"og:site_name\" content=\"Clinica Althea\" \/>\n<meta property=\"article:modified_time\" content=\"2024-03-17T12:54:14+00:00\" \/>\n<meta property=\"og:image\" content=\"https:\/\/www.clinicaalthea.com\/farmacia\/wp-content\/uploads\/2024\/03\/Hemply-Hair-Fall-Prevention-Lotion.jpg\" \/>\n\t<meta property=\"og:image:width\" content=\"768\" \/>\n\t<meta property=\"og:image:height\" content=\"768\" \/>\n\t<meta property=\"og:image:type\" content=\"image\/jpeg\" \/>\n<meta name=\"twitter:card\" content=\"summary_large_image\" \/>\n<meta name=\"twitter:label1\" content=\"Szacowany czas czytania\" \/>\n\t<meta name=\"twitter:data1\" content=\"7 minut\" \/>\n<script type=\"application\/ld+json\" class=\"yoast-schema-graph\">{\"@context\":\"https:\\\/\\\/schema.org\",\"@graph\":[{\"@type\":\"WebPage\",\"@id\":\"https:\\\/\\\/www.clinicaalthea.com\\\/farmacia\\\/sk\\\/apt\\\/hemply-hair-fall-prevention-lotion\\\/\",\"url\":\"https:\\\/\\\/www.clinicaalthea.com\\\/farmacia\\\/sk\\\/apt\\\/hemply-hair-fall-prevention-lotion\\\/\",\"name\":\"Hemply Hair Fall Prevention Lotion - Clinica Althea\",\"isPartOf\":{\"@id\":\"https:\\\/\\\/www.clinicaalthea.com\\\/farmacia\\\/#website\"},\"primaryImageOfPage\":{\"@id\":\"https:\\\/\\\/www.clinicaalthea.com\\\/farmacia\\\/sk\\\/apt\\\/hemply-hair-fall-prevention-lotion\\\/#primaryimage\"},\"image\":{\"@id\":\"https:\\\/\\\/www.clinicaalthea.com\\\/farmacia\\\/sk\\\/apt\\\/hemply-hair-fall-prevention-lotion\\\/#primaryimage\"},\"thumbnailUrl\":\"https:\\\/\\\/www.clinicaalthea.com\\\/farmacia\\\/wp-content\\\/uploads\\\/2024\\\/03\\\/Hemply-Hair-Fall-Prevention-Lotion.jpg\",\"datePublished\":\"2024-03-17T12:32:01+00:00\",\"dateModified\":\"2024-03-17T12:54:14+00:00\",\"breadcrumb\":{\"@id\":\"https:\\\/\\\/www.clinicaalthea.com\\\/farmacia\\\/sk\\\/apt\\\/hemply-hair-fall-prevention-lotion\\\/#breadcrumb\"},\"inLanguage\":\"pl-PL\",\"potentialAction\":[{\"@type\":\"ReadAction\",\"target\":[\"https:\\\/\\\/www.clinicaalthea.com\\\/farmacia\\\/sk\\\/apt\\\/hemply-hair-fall-prevention-lotion\\\/\"]}]},{\"@type\":\"ImageObject\",\"inLanguage\":\"pl-PL\",\"@id\":\"https:\\\/\\\/www.clinicaalthea.com\\\/farmacia\\\/sk\\\/apt\\\/hemply-hair-fall-prevention-lotion\\\/#primaryimage\",\"url\":\"https:\\\/\\\/www.clinicaalthea.com\\\/farmacia\\\/wp-content\\\/uploads\\\/2024\\\/03\\\/Hemply-Hair-Fall-Prevention-Lotion.jpg\",\"contentUrl\":\"https:\\\/\\\/www.clinicaalthea.com\\\/farmacia\\\/wp-content\\\/uploads\\\/2024\\\/03\\\/Hemply-Hair-Fall-Prevention-Lotion.jpg\",\"width\":768,\"height\":768,\"caption\":\"Hemply Hair Fall Prevention Lotion\"},{\"@type\":\"BreadcrumbList\",\"@id\":\"https:\\\/\\\/www.clinicaalthea.com\\\/farmacia\\\/sk\\\/apt\\\/hemply-hair-fall-prevention-lotion\\\/#breadcrumb\",\"itemListElement\":[{\"@type\":\"ListItem\",\"position\":1,\"name\":\"Strona g\u0142\u00f3wna\",\"item\":\"https:\\\/\\\/www.clinicaalthea.com\\\/farmacia\\\/\"},{\"@type\":\"ListItem\",\"position\":2,\"name\":\"Produkty\",\"item\":\"https:\\\/\\\/www.clinicaalthea.com\\\/farmacia\\\/\"},{\"@type\":\"ListItem\",\"position\":3,\"name\":\"Hemply Hair Fall Prevention Lotion\"}]},{\"@type\":\"WebSite\",\"@id\":\"https:\\\/\\\/www.clinicaalthea.com\\\/farmacia\\\/#website\",\"url\":\"https:\\\/\\\/www.clinicaalthea.com\\\/farmacia\\\/\",\"name\":\"Clinica Althea\",\"description\":\"\",\"publisher\":{\"@id\":\"https:\\\/\\\/www.clinicaalthea.com\\\/farmacia\\\/#organization\"},\"potentialAction\":[{\"@type\":\"SearchAction\",\"target\":{\"@type\":\"EntryPoint\",\"urlTemplate\":\"https:\\\/\\\/www.clinicaalthea.com\\\/farmacia\\\/?s={search_term_string}\"},\"query-input\":{\"@type\":\"PropertyValueSpecification\",\"valueRequired\":true,\"valueName\":\"search_term_string\"}}],\"inLanguage\":\"pl-PL\"},{\"@type\":\"Organization\",\"@id\":\"https:\\\/\\\/www.clinicaalthea.com\\\/farmacia\\\/#organization\",\"name\":\"Clinica Althea\",\"url\":\"https:\\\/\\\/www.clinicaalthea.com\\\/farmacia\\\/\",\"logo\":{\"@type\":\"ImageObject\",\"inLanguage\":\"pl-PL\",\"@id\":\"https:\\\/\\\/www.clinicaalthea.com\\\/farmacia\\\/#\\\/schema\\\/logo\\\/image\\\/\",\"url\":\"https:\\\/\\\/www.clinicaalthea.com\\\/farmacia\\\/wp-content\\\/uploads\\\/2023\\\/12\\\/Jak-diagnozuje-sie-FAS_-objawy-kryteria-diagnostyczne-i-metody-diagnozowania-154162903.jpg\",\"contentUrl\":\"https:\\\/\\\/www.clinicaalthea.com\\\/farmacia\\\/wp-content\\\/uploads\\\/2023\\\/12\\\/Jak-diagnozuje-sie-FAS_-objawy-kryteria-diagnostyczne-i-metody-diagnozowania-154162903.jpg\",\"width\":1216,\"height\":832,\"caption\":\"Clinica Althea\"},\"image\":{\"@id\":\"https:\\\/\\\/www.clinicaalthea.com\\\/farmacia\\\/#\\\/schema\\\/logo\\\/image\\\/\"}}]}<\/script>\n<!-- \/ Yoast SEO plugin. -->","yoast_head_json":{"title":"Hemply Hair Fall Prevention Lotion - Clinica Althea","robots":{"index":"index","follow":"follow","max-snippet":"max-snippet:-1","max-image-preview":"max-image-preview:large","max-video-preview":"max-video-preview:-1"},"canonical":"https:\/\/www.clinicaalthea.com\/farmacia\/sk\/apt\/hemply-hair-fall-prevention-lotion\/","og_locale":"pl_PL","og_type":"article","og_title":"Hemply Hair Fall Prevention Lotion - Clinica Althea","og_description":"49.00 \u20ac 98.00 \u20ac","og_url":"https:\/\/www.clinicaalthea.com\/farmacia\/sk\/apt\/hemply-hair-fall-prevention-lotion\/","og_site_name":"Clinica Althea","article_modified_time":"2024-03-17T12:54:14+00:00","og_image":[{"width":768,"height":768,"url":"https:\/\/www.clinicaalthea.com\/farmacia\/wp-content\/uploads\/2024\/03\/Hemply-Hair-Fall-Prevention-Lotion.jpg","type":"image\/jpeg"}],"twitter_card":"summary_large_image","twitter_misc":{"Szacowany czas czytania":"7 minut"},"schema":{"@context":"https:\/\/schema.org","@graph":[{"@type":"WebPage","@id":"https:\/\/www.clinicaalthea.com\/farmacia\/sk\/apt\/hemply-hair-fall-prevention-lotion\/","url":"https:\/\/www.clinicaalthea.com\/farmacia\/sk\/apt\/hemply-hair-fall-prevention-lotion\/","name":"Hemply Hair Fall Prevention Lotion - Clinica Althea","isPartOf":{"@id":"https:\/\/www.clinicaalthea.com\/farmacia\/#website"},"primaryImageOfPage":{"@id":"https:\/\/www.clinicaalthea.com\/farmacia\/sk\/apt\/hemply-hair-fall-prevention-lotion\/#primaryimage"},"image":{"@id":"https:\/\/www.clinicaalthea.com\/farmacia\/sk\/apt\/hemply-hair-fall-prevention-lotion\/#primaryimage"},"thumbnailUrl":"https:\/\/www.clinicaalthea.com\/farmacia\/wp-content\/uploads\/2024\/03\/Hemply-Hair-Fall-Prevention-Lotion.jpg","datePublished":"2024-03-17T12:32:01+00:00","dateModified":"2024-03-17T12:54:14+00:00","breadcrumb":{"@id":"https:\/\/www.clinicaalthea.com\/farmacia\/sk\/apt\/hemply-hair-fall-prevention-lotion\/#breadcrumb"},"inLanguage":"pl-PL","potentialAction":[{"@type":"ReadAction","target":["https:\/\/www.clinicaalthea.com\/farmacia\/sk\/apt\/hemply-hair-fall-prevention-lotion\/"]}]},{"@type":"ImageObject","inLanguage":"pl-PL","@id":"https:\/\/www.clinicaalthea.com\/farmacia\/sk\/apt\/hemply-hair-fall-prevention-lotion\/#primaryimage","url":"https:\/\/www.clinicaalthea.com\/farmacia\/wp-content\/uploads\/2024\/03\/Hemply-Hair-Fall-Prevention-Lotion.jpg","contentUrl":"https:\/\/www.clinicaalthea.com\/farmacia\/wp-content\/uploads\/2024\/03\/Hemply-Hair-Fall-Prevention-Lotion.jpg","width":768,"height":768,"caption":"Hemply Hair Fall Prevention Lotion"},{"@type":"BreadcrumbList","@id":"https:\/\/www.clinicaalthea.com\/farmacia\/sk\/apt\/hemply-hair-fall-prevention-lotion\/#breadcrumb","itemListElement":[{"@type":"ListItem","position":1,"name":"Strona g\u0142\u00f3wna","item":"https:\/\/www.clinicaalthea.com\/farmacia\/"},{"@type":"ListItem","position":2,"name":"Produkty","item":"https:\/\/www.clinicaalthea.com\/farmacia\/"},{"@type":"ListItem","position":3,"name":"Hemply Hair Fall Prevention Lotion"}]},{"@type":"WebSite","@id":"https:\/\/www.clinicaalthea.com\/farmacia\/#website","url":"https:\/\/www.clinicaalthea.com\/farmacia\/","name":"Clinica Althea","description":"","publisher":{"@id":"https:\/\/www.clinicaalthea.com\/farmacia\/#organization"},"potentialAction":[{"@type":"SearchAction","target":{"@type":"EntryPoint","urlTemplate":"https:\/\/www.clinicaalthea.com\/farmacia\/?s={search_term_string}"},"query-input":{"@type":"PropertyValueSpecification","valueRequired":true,"valueName":"search_term_string"}}],"inLanguage":"pl-PL"},{"@type":"Organization","@id":"https:\/\/www.clinicaalthea.com\/farmacia\/#organization","name":"Clinica Althea","url":"https:\/\/www.clinicaalthea.com\/farmacia\/","logo":{"@type":"ImageObject","inLanguage":"pl-PL","@id":"https:\/\/www.clinicaalthea.com\/farmacia\/#\/schema\/logo\/image\/","url":"https:\/\/www.clinicaalthea.com\/farmacia\/wp-content\/uploads\/2023\/12\/Jak-diagnozuje-sie-FAS_-objawy-kryteria-diagnostyczne-i-metody-diagnozowania-154162903.jpg","contentUrl":"https:\/\/www.clinicaalthea.com\/farmacia\/wp-content\/uploads\/2023\/12\/Jak-diagnozuje-sie-FAS_-objawy-kryteria-diagnostyczne-i-metody-diagnozowania-154162903.jpg","width":1216,"height":832,"caption":"Clinica Althea"},"image":{"@id":"https:\/\/www.clinicaalthea.com\/farmacia\/#\/schema\/logo\/image\/"}}]}},"lang":"sk","translations":{"sk":1969,"sv":1968,"de":1966,"it":1970,"hu":1971,"fr":1972,"da":1973,"cs":1974,"bg":1975,"et":1979,"fi":1980,"sl":1981},"pll_sync_post":[],"_links":{"self":[{"href":"https:\/\/www.clinicaalthea.com\/farmacia\/wp-json\/wp\/v2\/product\/1969","targetHints":{"allow":["GET"]}}],"collection":[{"href":"https:\/\/www.clinicaalthea.com\/farmacia\/wp-json\/wp\/v2\/product"}],"about":[{"href":"https:\/\/www.clinicaalthea.com\/farmacia\/wp-json\/wp\/v2\/types\/product"}],"replies":[{"embeddable":true,"href":"https:\/\/www.clinicaalthea.com\/farmacia\/wp-json\/wp\/v2\/comments?post=1969"}],"wp:featuredmedia":[{"embeddable":true,"href":"https:\/\/www.clinicaalthea.com\/farmacia\/wp-json\/wp\/v2\/media\/1967"}],"wp:attachment":[{"href":"https:\/\/www.clinicaalthea.com\/farmacia\/wp-json\/wp\/v2\/media?parent=1969"}],"wp:term":[{"taxonomy":"product_brand","embeddable":true,"href":"https:\/\/www.clinicaalthea.com\/farmacia\/wp-json\/wp\/v2\/product_brand?post=1969"},{"taxonomy":"product_cat","embeddable":true,"href":"https:\/\/www.clinicaalthea.com\/farmacia\/wp-json\/wp\/v2\/product_cat?post=1969"},{"taxonomy":"product_tag","embeddable":true,"href":"https:\/\/www.clinicaalthea.com\/farmacia\/wp-json\/wp\/v2\/product_tag?post=1969"}],"curies":[{"name":"wp","href":"https:\/\/api.w.org\/{rel}","templated":true}]}}