{"id":1935,"date":"2024-03-17T11:21:32","date_gmt":"2024-03-17T10:21:32","guid":{"rendered":"https:\/\/mayoguide.org\/produkty\/?post_type=product&#038;p=1935"},"modified":"2026-02-02T18:44:43","modified_gmt":"2026-02-02T17:44:43","slug":"menstill","status":"publish","type":"product","link":"https:\/\/www.clinicaalthea.com\/farmacia\/fi\/apt\/menstill\/","title":{"rendered":"Menstill"},"content":{"rendered":"\n<p>Oletko koskaan miettinyt, onko olemassa luonnollinen ratkaisu miesten ongelmiin? Onko olemassa tehokas ravintolis\u00e4, joka voi parantaa potenssia ja <b>mielialaa<\/b>? Jos n\u00e4in on, <b>Menstill<\/b> on vastaus kysymyksiisi. T\u00e4m\u00e4 ainutlaatuinen tuote on luotu erityisesti miehille, jotka kamppailevat potenssiongelmien kanssa, i\u00e4st\u00e4 riippumatta. Lue lis\u00e4\u00e4 sen <b>koostumuksesta<\/b> ja <b>hy\u00f6dyist\u00e4,<\/b> joita se voi tuoda. Voisiko <b>Menstill<\/b> olla ratkaisu ongelmiinne? Lue lis\u00e4\u00e4.<\/p>\n\n\n\n<h3 class=\"wp-block-heading\" id=\"h-kluczowe-informacje\">Keskeiset tiedot:<\/h3>\n\n\n\n<ul class=\"wp-block-list\">\n<li><b>Menstill<\/b> on ravintolis\u00e4 miehille<\/li>\n\n\n\n<li>Tukee tehokkaasti miehisyytt\u00e4 ja parantaa <b>hyvinvointia<\/b><\/li>\n\n\n\n<li>Sis\u00e4lt\u00e4\u00e4 luonnollisia ainesosia<\/li>\n\n\n\n<li>Parantaa potenssia ja seksuaaliel\u00e4m\u00e4n laatua<\/li>\n<\/ul>\n\n\n\n<h2 class=\"wp-block-heading\" id=\"h-co-wyroznia-menstill-na-tle-innych-preparatow\">Mik\u00e4 erottaa Menstillin muista lis\u00e4ravinteista?<\/h2>\n\n\n\n<p>Menstill on ravintolis\u00e4, joka erottuu muista valmisteista korkean tehokkuutensa ja ainutlaatuisen koostumuksensa ansiosta. Se on markkinoiden ainoa tuote, joka edist\u00e4\u00e4 testosteronituotannon lis\u00e4\u00e4ntymist\u00e4 ja seksuaalisten tuntemusten voimistumista yhdynn\u00e4n aikana.<\/p>\n\n\n\n<blockquote class=\"wp-block-quote is-layout-flow wp-block-quote-is-layout-flow\">\n<p>Menstill mahdollistaa yhdynn\u00e4n milloin tahansa ilman, ett\u00e4 tarvitsee turvautua muihin valmisteisiin. Ainutlaatuisten ominaisuuksiensa ansiosta t\u00e4m\u00e4 lis\u00e4osa on ansainnut kaikenik\u00e4isten miesten suuren luottamuksen.<\/p>\n<\/blockquote>\n\n\n\n<p>Menstillin korkea <b>tehokkuus<\/b> johtuu sen huolellisesti valitusta koostumuksesta, joka vaikuttaa suoraan hedelm\u00e4llisyyteen ja potenssiin liittyviin prosesseihin. T\u00e4t\u00e4 ravintolis\u00e4\u00e4 suositellaan erityisesti miehille, jotka haluavat lis\u00e4t\u00e4 seksuaalista suorituskyky\u00e4\u00e4n ja parantaa intiimin el\u00e4m\u00e4ns\u00e4 laatua.<\/p>\n\n\n\n<h2 class=\"wp-block-heading\" id=\"h-kiedy-i-komu-zaleca-sie-stosowanie-menstill\">Milloin ja kenelle Menstilli\u00e4 suositellaan?<\/h2>\n\n\n\n<p>Menstilli\u00e4 suositellaan kaikenik\u00e4isille ja -tilanteissa oleville miehille, jotka kohtaavat erilaisia potenssi- ja seksiel\u00e4m\u00e4n ongelmia. Lis\u00e4ravinteesta <b>hy\u00f6tyv\u00e4t<\/b> ne, jotka ovat yli 40-vuotiaita, jotka ovat yritt\u00e4neet lasta useita kuukausia, joilla on pitk\u00e4\u00e4n jatkuvia <b>potenssiongelmia<\/b>, joilla on stressaava tai fyysisesti vaativa el\u00e4m\u00e4ntapa, jotka tupakoivat tai k\u00e4ytt\u00e4v\u00e4t runsaasti alkoholia.<\/p>\n\n\n\n<p>Ennen kaikkea Menstill on erityisen hy\u00f6dyllinen miehille, joiden miehen seksuaalinen suorituskyky alkaa heiket\u00e4 ja jotka tarvitsevat lis\u00e4tukea. Lis\u00e4ravinteen <b>k\u00e4ytt\u00f6\u00e4<\/b> suositellaan my\u00f6s miehille, jotka yritt\u00e4v\u00e4t saada j\u00e4lkel\u00e4isi\u00e4 siemennesteen laadun parantamiseksi.<\/p>\n\n\n\n<p>I\u00e4st\u00e4 tai el\u00e4m\u00e4ntilanteesta riippumatta Menstillin s\u00e4\u00e4nn\u00f6llisell\u00e4 <b>k\u00e4yt\u00f6ll\u00e4<\/b> on positiivisia <b>vaikutuksia<\/b>, jotka parantavat miesten seksuaalista suorituskyky\u00e4 ja yleist\u00e4 <b>hyvinvointia<\/b>. Se on luonnollinen ratkaisu miehen ongelmiin, jolla voi olla positiivinen vaikutus seksiel\u00e4m\u00e4\u00e4n ja el\u00e4m\u00e4nlaatuun kokonaisuudessaan.<\/p>\n\n\n\n<h2 class=\"wp-block-heading\" id=\"h-jakie-skladniki-znajduja-sie-w-formule-menstill\">Mit\u00e4 ainesosia Menstill-kaavassa on?<\/h2>\n\n\n\n<p>Menstill on ravintolis\u00e4, joka sis\u00e4lt\u00e4\u00e4 vain <b>luonnollisia aineita<\/b>, jotka ovat saamassa tunnustusta ominaisuuksistaan miesten potenssiongelmien hoidossa. Jokainen Menstill-kaavan ainesosa on valittu huolellisesti ja sill\u00e4 on omat ainutlaatuiset ominaisuutensa, jotka auttavat parantamaan seksuaalista toimintaa.<\/p>\n\n\n\n<figure class=\"wp-block-table\"><table><tbody><tr><th>Menstillin ainesosat<\/th><th>Ominaisuudet<\/th><\/tr><tr><td><b>L-arginiini<\/b><\/td><td>Auttaa parantamaan peniksen verenkiertoa<\/td><\/tr><tr><td><b>Maca-juuriuute<\/b><\/td><td>Tukee seksuaalista halukkuutta ja kest\u00e4vyytt\u00e4<\/td><\/tr><tr><td><b>Magnesium<\/b><\/td><td>S\u00e4\u00e4telee hermostoa ja testosteronin tuotantoa<\/td><\/tr><tr><td><b>Muirajuuri<\/b><b>(Muira Puama<\/b>)<\/td><td>Parantaa seksuaalista toimintaa ja peniksen verenkiertoa<\/td><\/tr><tr><td><b>Damiana-lehtiuute<\/b><\/td><td>Lis\u00e4\u00e4 seksuaalista halua ja nautintoa seksuaalisessa toiminnassa<\/td><\/tr><\/tbody><\/table><\/figure>\n\n\n\n<p>N\u00e4iden ainesosien yhdistelm\u00e4ll\u00e4 Menstill tarjoaa miehille pitk\u00e4aikaisia <b>etuja<\/b>, jotka auttavat heit\u00e4 saamaan takaisin t\u00e4yden seksuaalisen suorituskyvyn ja parantamaan seksiel\u00e4m\u00e4ns\u00e4 arvoa.<\/p>\n\n\n\n<h2 class=\"wp-block-heading\" id=\"h-jakie-sa-korzysci-stosowania-menstill\">Mit\u00e4 hy\u00f6ty\u00e4 Menstillin k\u00e4yt\u00f6st\u00e4 on?<\/h2>\n\n\n\n<p>Menstillin<b>k\u00e4yt\u00f6ll\u00e4<\/b> on monia etuja miehille, jotka kamppailevat erilaisten potenssiongelmien kanssa. Ottamalla t\u00e4ydennyst\u00e4 s\u00e4\u00e4nn\u00f6llisesti, voi odottaa parantavansa seksuaalista halua ja saavuttavansa pidempi\u00e4 ja vahvempia erektioita. T\u00e4m\u00e4 puolestaan johtaa suurempaan seksuaaliseen tyydytykseen ja suurempaan <b>luottamukseen<\/b> yhdynn\u00e4n aikana.<\/p>\n\n\n\n<p>Menstill tarjoaa luonnollisiin aineisiin perustuvan ainutlaatuisen koostumuksensa ansiosta kattavan parannuksen seksuaaliseen toimintaan. Lis\u00e4ravinteen s\u00e4\u00e4nn\u00f6llinen k\u00e4ytt\u00f6 mahdollistaa t\u00e4yden seksuaalisen suorituskyvyn palautumisen, mik\u00e4 merkitsee seksuaaliel\u00e4m\u00e4n laadun ja yleisen hyvinvoinnin paranemista.<\/p>\n\n\n\n<h2 class=\"wp-block-heading\" id=\"h-jak-dziala-menstill-na-problemy-z-potencja\">Miten Menstill toimii potenssiongelmiin?<\/h2>\n\n\n\n<p>Menstill on ravintolis\u00e4, jonka tarkoituksena on parantaa miesten potenssia. Ainutlaatuisen koostumuksensa ansiosta Menstill vaikuttaa useisiin seksuaalisen suorituskyvyn kannalta t\u00e4rkeisiin avainalueisiin. Menstillin t\u00e4rkein <b>vaikutus<\/b> on parantaa verenkiertoa ja vahvistaa peniksen kavernokorpea.<\/p>\n\n\n\n<p><b>Menstillin<\/b> kokonaisvaltainen <b>vaikutus<\/b> perustuu aktiivisiin ainesosiin, kuten <b>L-arginiiniin<\/b>, <b>Maca-juuriuutteeseen<\/b>, <b>magnesiumiin<\/b>, <b>Muira-juureen<\/b>, <b>Muira Puamaan<\/b> ja <b>Damian-lehtiuutteeseen<\/b>. N\u00e4m\u00e4 <b>luonnolliset aineet<\/b> parantavat veren virtausta penikseen ja tehostavat siten erektioita. Ne my\u00f6s vahvistavat verisuonia ja vaikuttavat suotuisasti neuroneihin ja hermosuoniin, mik\u00e4 edist\u00e4\u00e4 pidemp\u00e4\u00e4 ja voimakkaampaa erektiota.<\/p>\n\n\n\n<p>Menstill on innovatiivinen ravintolis\u00e4, joka pureutuu ongelman ytimeen keskittyen tehokkaaseen toimintaan verenkiertoj\u00e4rjestelm\u00e4ss\u00e4 ja peniksen kavernokorissa. T\u00e4m\u00e4n seurauksena Menstill tarjoaa tehokasta potenssin parantamista, her\u00e4tt\u00e4\u00e4 uusia seksuaalisia tuntemuksia ja lis\u00e4\u00e4 intiimi\u00e4 tyydytyst\u00e4.<\/p>\n\n\n\n<h2 class=\"wp-block-heading\"><strong>Menstill &#8211; K\u00e4ytt\u00e4jien arvostelut, foorumit &#8211; Mit\u00e4 k\u00e4ytt\u00e4j\u00e4t sanovat?<\/strong><\/h2>\n\n\n\n<p>K\u00e4ytt\u00e4jien arvostelut ja verkkofoorumit ovat arvokas tietol\u00e4hde Menstill-lis\u00e4ravinteesta kiinnostuneille. Monet suosittelut voivat auttaa sinua ymm\u00e4rt\u00e4m\u00e4\u00e4n, miten tuote on vaikuttanut muiden miesten kokemuksiin erektio-ongelmista. Kun tarkastelee erilaisia arvosteluja, voi t\u00f6rm\u00e4t\u00e4 erilaisiin kokemuksiin. Jotkut k\u00e4ytt\u00e4j\u00e4t saattavat jakaa positiivisia menestystarinoita, kuvaavat parannuksia erektion laatuun ja yleist\u00e4 tyytyv\u00e4isyytt\u00e4 lis\u00e4ravinteen vaikutuksiin.<\/p>\n\n\n\n<p>Toiset saattavat korostaa, ett\u00e4 vaikutukset olivat hienovaraisia, mutta havaittavissa, mik\u00e4 edisti parempaa seksuaalista luottamusta. Kannattaa kuitenkin suhtautua maltillisesti ja terveell\u00e4 varauksella verkkoarvosteluihin, sill\u00e4 lis\u00e4ravinteiden tehokkuus voi olla hyvin yksil\u00f6llist\u00e4 ja riippuvaista monista tekij\u00f6ist\u00e4. Siksi on t\u00e4rke\u00e4\u00e4 suhtautua n\u00e4ihin arvosteluihin hieman et\u00e4isesti ja silti neuvotella l\u00e4\u00e4k\u00e4rin kanssa ennen mink\u00e4\u00e4n lis\u00e4ravinteen k\u00e4ytt\u00f6\u00e4.<\/p>\n\n\n\n<blockquote class=\"wp-block-quote is-layout-flow wp-block-quote-is-layout-flow\">\n<p><em>En uskonut, ett\u00e4 on olemassa t\u00e4llainen luonnollinen lis\u00e4osa, joka voisi parantaa seksiel\u00e4m\u00e4\u00e4ni n\u00e4in tehokkaasti. Menstill on ollut todellinen hitti minulle! Olen huomannut libidon lis\u00e4\u00e4ntyneen ja erektioideni laadun parantuneen merkitt\u00e4v\u00e4sti. Voin nyt nauttia l\u00e4hikuvista ilman huolia. Suosittelen sit\u00e4 kaikille, jotka etsiv\u00e4t luonnollista ratkaisua potenssiongelmiinsa.<\/em><\/p>\n<\/blockquote>\n\n\n\n<blockquote class=\"wp-block-quote is-layout-flow wp-block-quote-is-layout-flow\">\n<p><em>Menstill on todellinen vallankumous el\u00e4m\u00e4ss\u00e4ni! Muutaman viikon s\u00e4\u00e4nn\u00f6llisen k\u00e4yt\u00f6n j\u00e4lkeen olen huomannut merkitt\u00e4v\u00e4\u00e4 parannusta seksuaaliseen suorituskykyyni. Erektiot ovat vahvempia ja kest\u00e4v\u00e4t pidemp\u00e4\u00e4n, ja intiimi el\u00e4m\u00e4ni on palannut raiteilleen. Suosittelen sit\u00e4 kaikille miehille, jotka haluavat palauttaa t\u00e4yden seksuaalisen suorituskyvyn!<\/em><\/p>\n<\/blockquote>\n\n\n\n<h2 class=\"wp-block-heading\" id=\"h-jakie-sa-efekty-stosowania-menstill-na-problemy-z-potencja\">Mit\u00e4 vaikutuksia Menstillin k\u00e4yt\u00f6ll\u00e4 on potenssiongelmiin?<\/h2>\n\n\n\n<p>Menstill-ravintolis\u00e4n k\u00e4yt\u00f6ll\u00e4 on monenlaisia my\u00f6nteisi\u00e4 vaikutuksia potenssiongelmien kanssa kamppaileville miehille. T\u00e4m\u00e4n kaavan ainutlaatuisen koostumuksen ja korkean tehokkuuden ansiosta k\u00e4ytt\u00e4j\u00e4t voivat odottaa havaittavia tuloksia jo muutaman p\u00e4iv\u00e4n s\u00e4\u00e4nn\u00f6llisen k\u00e4yt\u00f6n j\u00e4lkeen.<\/p>\n\n\n\n<p>Menstillill\u00e4 on monipuolinen vaikutus, joka tukee ja tehostaa miesten seksuaalista aluetta. Yksi Menstillin k\u00e4yt\u00f6n t\u00e4rkeimmist\u00e4 vaikutuksista on <b>seksuaalisen halun lis\u00e4\u00e4ntyminen<\/b>. T\u00e4m\u00e4n seurauksena t\u00e4t\u00e4 t\u00e4ydennyst\u00e4 k\u00e4ytt\u00e4v\u00e4t kokevat suuremman halun s\u00e4\u00e4nn\u00f6lliseen yhdynt\u00e4\u00e4n.<\/p>\n\n\n\n<p>Toinen vaikutus, joka voidaan tuntea Menstillin k\u00e4yt\u00f6n j\u00e4lkeen, on mahdollisuus pidemp\u00e4\u00e4n ja voimakkaampaan yhdynt\u00e4\u00e4n. Lis\u00e4ravinteen aktiiviset ainesosat auttavat yll\u00e4pit\u00e4m\u00e4\u00e4n pidempikestoista erektiota, mik\u00e4 merkitsee lis\u00e4\u00e4ntynytt\u00e4 tyydytyst\u00e4 sek\u00e4 miehelle ett\u00e4 h\u00e4nen kumppanilleen.<\/p>\n\n\n\n<p>Menstillin k\u00e4yt\u00f6ll\u00e4 on my\u00f6s positiivinen vaikutus itseluottamuksen parantumiseen seksuaalisen toiminnan aikana. Lis\u00e4ravinteen tehokkaan vaikutuksen ja saavutettujen tulosten ansiosta miehet saavat lis\u00e4\u00e4 <b>itseluottamusta<\/b> ja tyytyv\u00e4isyytt\u00e4 seksuaaliseen suorituskykyyns\u00e4.<\/p>\n\n\n\n<p>T\u00e4m\u00e4n seurauksena Menstillin s\u00e4\u00e4nn\u00f6llinen k\u00e4ytt\u00f6 parantaa osaltaan miesten seksuaaliel\u00e4m\u00e4n laatua. Lis\u00e4ravinteen tehokkuus ja sen <b>luonnollinen koostumus<\/b> mahdollistavat t\u00e4yden seksuaalisen suorituskyvyn palauttamisen ja takaavat suuremman tyydytyksen sek\u00e4 itselle ett\u00e4 kumppanille.<\/p>\n\n\n\n<h2 class=\"wp-block-heading\" id=\"h-dlaczego-warto-systematycznie-przyjmowac-kapsulki-menstill\">Miksi Menstill-kapseleita kannattaa ottaa j\u00e4rjestelm\u00e4llisesti?<\/h2>\n\n\n\n<p><em>Menstill-kapselien systemaattinen k\u00e4ytt\u00f6 tuo pysyvi\u00e4 vaikutuksia ja hy\u00f6tyj\u00e4. Valmiste auttaa poistamaan myrkkyj\u00e4, vaikuttaa ennaltaehk\u00e4isev\u00e4sti syd\u00e4n- ja verisuonij\u00e4rjestelm\u00e4\u00e4n ja ehk\u00e4isee potenssiongelmia.<\/em> Menstill-kapselien s\u00e4\u00e4nn\u00f6llist\u00e4 nauttimista suositellaan erityisesti niille, jotka altistuvat tupakoinnin ja alkoholink\u00e4yt\u00f6n kielteisille vaikutuksille.<\/p>\n\n\n\n<p>My\u00f6s ihmisille, jotka haluavat yll\u00e4pit\u00e4\u00e4 terveytt\u00e4\u00e4n ja hyvinvointiaan, Menstill-kapselien <b>j\u00e4rjestelm\u00e4llinen k\u00e4ytt\u00f6<\/b> on ratkaisevan t\u00e4rke\u00e4\u00e4. Niiden <b>luonnollinen koostumus<\/b> mahdollistaa toksiinien poistamisen kehosta, mik\u00e4 on t\u00e4rke\u00e4\u00e4 syd\u00e4n- ja verisuonij\u00e4rjestelm\u00e4n asianmukaisen toiminnan yll\u00e4pit\u00e4miseksi.<\/p>\n\n\n\n<p>Menstill-kapselien systemaattisen k\u00e4yt\u00f6n hy\u00f6ty on my\u00f6s <b>ennaltaehk\u00e4isev\u00e4 terveys<\/b>. Valmisteen ainutlaatuisilla ainesosilla on suotuisa vaikutus verenkiertoelimist\u00f6\u00f6n ja ne ehk\u00e4isev\u00e4t potenssiongelmia. Menstill-kapselien s\u00e4\u00e4nn\u00f6llinen nauttiminen edist\u00e4\u00e4 kaikenik\u00e4isten miesten terveyden ja hyvinvoinnin yll\u00e4pit\u00e4mist\u00e4.<\/p>\n\n\n\n<p><em>On syyt\u00e4 huomata, ett\u00e4 Menstill-kapselien s\u00e4\u00e4nn\u00f6llinen k\u00e4ytt\u00f6 on t\u00e4rke\u00e4\u00e4 terveyden ja seksuaalisen hyvinvoinnin yll\u00e4pit\u00e4miseksi. Huolehtimalla kehostasi systemaattisen lis\u00e4ravinteen avulla voit v\u00e4ltt\u00e4\u00e4 monia terveysongelmia ja nauttia t\u00e4ydest\u00e4 suorituskyvyst\u00e4.<\/em><\/p>\n\n\n\n<h2 class=\"wp-block-heading\" id=\"h-podsumowanie\">Yhteenveto<\/h2>\n\n\n\n<p>Menstill on tehokas ravintolis\u00e4, joka on suunniteltu erityisesti <b>potenssiongelmista<\/b> k\u00e4rsiville miehille. Ainutlaatuisen ja luonnollisen koostumuksensa ansiosta Menstill tuo monia etuja potenssin ja yleisen hyvinvoinnin parantamiseen. Sen korkea tehokkuus on saanut kiitosta sek\u00e4 ammattilaisilta ett\u00e4 k\u00e4ytt\u00e4jilt\u00e4.<\/p>\n\n\n\n<p>Menstill-lis\u00e4ravinteen s\u00e4\u00e4nn\u00f6llisen k\u00e4yt\u00f6n avulla voit palauttaa t\u00e4yden seksuaalisen suorituskyvyn, parantaa seksuaaliel\u00e4m\u00e4n laatua ja yleist\u00e4 hyvinvointia. Se toimii tehostamalla seksuaalisia tuntemuksia, lis\u00e4\u00e4m\u00e4ll\u00e4 libidoa ja parantamalla verenkiertoa, mik\u00e4 johtaa pidempiin ja vahvempiin erektioihin.<\/p>\n\n\n\n<p>Luonnollisen koostumuksensa ansiosta Menstill on turvallinen k\u00e4ytt\u00e4\u00e4 eik\u00e4 sill\u00e4 ole sivuvaikutuksia. T\u00e4m\u00e4 lis\u00e4ravinne on erityisen hy\u00f6dyllinen yli 40-vuotiaille miehille, stressaavaa tai fyysisesti vaativaa el\u00e4m\u00e4ntapaa harjoittaville sek\u00e4 niille, jotka yritt\u00e4v\u00e4t saada lasta tai joilla on <b>potenssiongelmia<\/b>.<\/p>\n","protected":false},"excerpt":{"rendered":"<p><strong>119.00 \u20ac<\/strong><\/p>\n<p><del>238.00 \u20ac<\/del><\/p>\n<p><strong>[date_countdown]<\/strong><\/p>\n","protected":false},"featured_media":1934,"comment_status":"open","ping_status":"closed","template":"","meta":{"neve_meta_sidebar":"","neve_meta_container":"","neve_meta_enable_content_width":"","neve_meta_content_width":0,"neve_meta_title_alignment":"","neve_meta_author_avatar":"","neve_post_elements_order":"","neve_meta_disable_header":"","neve_meta_disable_footer":"","neve_meta_disable_title":"","neve_meta_reading_time":""},"product_brand":[],"product_cat":[81],"product_tag":[],"class_list":{"0":"post-1935","1":"product","2":"type-product","3":"status-publish","4":"has-post-thumbnail","6":"product_cat-terveys","8":"first","9":"instock","10":"shipping-taxable","11":"product-type-external"},"yoast_head":"<!-- This site is optimized with the Yoast SEO plugin v27.4 - https:\/\/yoast.com\/product\/yoast-seo-wordpress\/ -->\n<title>Menstill - Clinica Althea<\/title>\n<meta name=\"robots\" content=\"index, follow, max-snippet:-1, max-image-preview:large, max-video-preview:-1\" \/>\n<link rel=\"canonical\" href=\"https:\/\/www.clinicaalthea.com\/farmacia\/fi\/apt\/menstill\/\" \/>\n<meta property=\"og:locale\" content=\"pl_PL\" \/>\n<meta property=\"og:type\" content=\"article\" \/>\n<meta property=\"og:title\" content=\"Menstill - Clinica Althea\" \/>\n<meta property=\"og:description\" content=\"119.00 \u20ac 238.00 \u20ac\" \/>\n<meta property=\"og:url\" content=\"https:\/\/www.clinicaalthea.com\/farmacia\/fi\/apt\/menstill\/\" \/>\n<meta property=\"og:site_name\" content=\"Clinica Althea\" \/>\n<meta property=\"article:modified_time\" content=\"2026-02-02T17:44:43+00:00\" \/>\n<meta property=\"og:image\" content=\"https:\/\/www.clinicaalthea.com\/farmacia\/wp-content\/uploads\/2024\/03\/Menstill.png\" \/>\n\t<meta property=\"og:image:width\" content=\"768\" \/>\n\t<meta property=\"og:image:height\" content=\"768\" \/>\n\t<meta property=\"og:image:type\" content=\"image\/png\" \/>\n<meta name=\"twitter:card\" content=\"summary_large_image\" \/>\n<meta name=\"twitter:label1\" content=\"Szacowany czas czytania\" \/>\n\t<meta name=\"twitter:data1\" content=\"7 minut\" \/>\n<script type=\"application\/ld+json\" class=\"yoast-schema-graph\">{\"@context\":\"https:\\\/\\\/schema.org\",\"@graph\":[{\"@type\":\"WebPage\",\"@id\":\"https:\\\/\\\/www.clinicaalthea.com\\\/farmacia\\\/fi\\\/apt\\\/menstill\\\/\",\"url\":\"https:\\\/\\\/www.clinicaalthea.com\\\/farmacia\\\/fi\\\/apt\\\/menstill\\\/\",\"name\":\"Menstill - Clinica Althea\",\"isPartOf\":{\"@id\":\"https:\\\/\\\/www.clinicaalthea.com\\\/farmacia\\\/#website\"},\"primaryImageOfPage\":{\"@id\":\"https:\\\/\\\/www.clinicaalthea.com\\\/farmacia\\\/fi\\\/apt\\\/menstill\\\/#primaryimage\"},\"image\":{\"@id\":\"https:\\\/\\\/www.clinicaalthea.com\\\/farmacia\\\/fi\\\/apt\\\/menstill\\\/#primaryimage\"},\"thumbnailUrl\":\"https:\\\/\\\/www.clinicaalthea.com\\\/farmacia\\\/wp-content\\\/uploads\\\/2024\\\/03\\\/Menstill.png\",\"datePublished\":\"2024-03-17T10:21:32+00:00\",\"dateModified\":\"2026-02-02T17:44:43+00:00\",\"breadcrumb\":{\"@id\":\"https:\\\/\\\/www.clinicaalthea.com\\\/farmacia\\\/fi\\\/apt\\\/menstill\\\/#breadcrumb\"},\"inLanguage\":\"pl-PL\",\"potentialAction\":[{\"@type\":\"ReadAction\",\"target\":[\"https:\\\/\\\/www.clinicaalthea.com\\\/farmacia\\\/fi\\\/apt\\\/menstill\\\/\"]}]},{\"@type\":\"ImageObject\",\"inLanguage\":\"pl-PL\",\"@id\":\"https:\\\/\\\/www.clinicaalthea.com\\\/farmacia\\\/fi\\\/apt\\\/menstill\\\/#primaryimage\",\"url\":\"https:\\\/\\\/www.clinicaalthea.com\\\/farmacia\\\/wp-content\\\/uploads\\\/2024\\\/03\\\/Menstill.png\",\"contentUrl\":\"https:\\\/\\\/www.clinicaalthea.com\\\/farmacia\\\/wp-content\\\/uploads\\\/2024\\\/03\\\/Menstill.png\",\"width\":768,\"height\":768,\"caption\":\"Menstill\"},{\"@type\":\"BreadcrumbList\",\"@id\":\"https:\\\/\\\/www.clinicaalthea.com\\\/farmacia\\\/fi\\\/apt\\\/menstill\\\/#breadcrumb\",\"itemListElement\":[{\"@type\":\"ListItem\",\"position\":1,\"name\":\"Strona g\u0142\u00f3wna\",\"item\":\"https:\\\/\\\/www.clinicaalthea.com\\\/farmacia\\\/\"},{\"@type\":\"ListItem\",\"position\":2,\"name\":\"Produkty\",\"item\":\"https:\\\/\\\/www.clinicaalthea.com\\\/farmacia\\\/\"},{\"@type\":\"ListItem\",\"position\":3,\"name\":\"Menstill\"}]},{\"@type\":\"WebSite\",\"@id\":\"https:\\\/\\\/www.clinicaalthea.com\\\/farmacia\\\/#website\",\"url\":\"https:\\\/\\\/www.clinicaalthea.com\\\/farmacia\\\/\",\"name\":\"Clinica Althea\",\"description\":\"\",\"publisher\":{\"@id\":\"https:\\\/\\\/www.clinicaalthea.com\\\/farmacia\\\/#organization\"},\"potentialAction\":[{\"@type\":\"SearchAction\",\"target\":{\"@type\":\"EntryPoint\",\"urlTemplate\":\"https:\\\/\\\/www.clinicaalthea.com\\\/farmacia\\\/?s={search_term_string}\"},\"query-input\":{\"@type\":\"PropertyValueSpecification\",\"valueRequired\":true,\"valueName\":\"search_term_string\"}}],\"inLanguage\":\"pl-PL\"},{\"@type\":\"Organization\",\"@id\":\"https:\\\/\\\/www.clinicaalthea.com\\\/farmacia\\\/#organization\",\"name\":\"Clinica Althea\",\"url\":\"https:\\\/\\\/www.clinicaalthea.com\\\/farmacia\\\/\",\"logo\":{\"@type\":\"ImageObject\",\"inLanguage\":\"pl-PL\",\"@id\":\"https:\\\/\\\/www.clinicaalthea.com\\\/farmacia\\\/#\\\/schema\\\/logo\\\/image\\\/\",\"url\":\"https:\\\/\\\/www.clinicaalthea.com\\\/farmacia\\\/wp-content\\\/uploads\\\/2023\\\/12\\\/Jak-diagnozuje-sie-FAS_-objawy-kryteria-diagnostyczne-i-metody-diagnozowania-154162903.jpg\",\"contentUrl\":\"https:\\\/\\\/www.clinicaalthea.com\\\/farmacia\\\/wp-content\\\/uploads\\\/2023\\\/12\\\/Jak-diagnozuje-sie-FAS_-objawy-kryteria-diagnostyczne-i-metody-diagnozowania-154162903.jpg\",\"width\":1216,\"height\":832,\"caption\":\"Clinica Althea\"},\"image\":{\"@id\":\"https:\\\/\\\/www.clinicaalthea.com\\\/farmacia\\\/#\\\/schema\\\/logo\\\/image\\\/\"}}]}<\/script>\n<!-- \/ Yoast SEO plugin. -->","yoast_head_json":{"title":"Menstill - Clinica Althea","robots":{"index":"index","follow":"follow","max-snippet":"max-snippet:-1","max-image-preview":"max-image-preview:large","max-video-preview":"max-video-preview:-1"},"canonical":"https:\/\/www.clinicaalthea.com\/farmacia\/fi\/apt\/menstill\/","og_locale":"pl_PL","og_type":"article","og_title":"Menstill - Clinica Althea","og_description":"119.00 \u20ac 238.00 \u20ac","og_url":"https:\/\/www.clinicaalthea.com\/farmacia\/fi\/apt\/menstill\/","og_site_name":"Clinica Althea","article_modified_time":"2026-02-02T17:44:43+00:00","og_image":[{"width":768,"height":768,"url":"https:\/\/www.clinicaalthea.com\/farmacia\/wp-content\/uploads\/2024\/03\/Menstill.png","type":"image\/png"}],"twitter_card":"summary_large_image","twitter_misc":{"Szacowany czas czytania":"7 minut"},"schema":{"@context":"https:\/\/schema.org","@graph":[{"@type":"WebPage","@id":"https:\/\/www.clinicaalthea.com\/farmacia\/fi\/apt\/menstill\/","url":"https:\/\/www.clinicaalthea.com\/farmacia\/fi\/apt\/menstill\/","name":"Menstill - Clinica Althea","isPartOf":{"@id":"https:\/\/www.clinicaalthea.com\/farmacia\/#website"},"primaryImageOfPage":{"@id":"https:\/\/www.clinicaalthea.com\/farmacia\/fi\/apt\/menstill\/#primaryimage"},"image":{"@id":"https:\/\/www.clinicaalthea.com\/farmacia\/fi\/apt\/menstill\/#primaryimage"},"thumbnailUrl":"https:\/\/www.clinicaalthea.com\/farmacia\/wp-content\/uploads\/2024\/03\/Menstill.png","datePublished":"2024-03-17T10:21:32+00:00","dateModified":"2026-02-02T17:44:43+00:00","breadcrumb":{"@id":"https:\/\/www.clinicaalthea.com\/farmacia\/fi\/apt\/menstill\/#breadcrumb"},"inLanguage":"pl-PL","potentialAction":[{"@type":"ReadAction","target":["https:\/\/www.clinicaalthea.com\/farmacia\/fi\/apt\/menstill\/"]}]},{"@type":"ImageObject","inLanguage":"pl-PL","@id":"https:\/\/www.clinicaalthea.com\/farmacia\/fi\/apt\/menstill\/#primaryimage","url":"https:\/\/www.clinicaalthea.com\/farmacia\/wp-content\/uploads\/2024\/03\/Menstill.png","contentUrl":"https:\/\/www.clinicaalthea.com\/farmacia\/wp-content\/uploads\/2024\/03\/Menstill.png","width":768,"height":768,"caption":"Menstill"},{"@type":"BreadcrumbList","@id":"https:\/\/www.clinicaalthea.com\/farmacia\/fi\/apt\/menstill\/#breadcrumb","itemListElement":[{"@type":"ListItem","position":1,"name":"Strona g\u0142\u00f3wna","item":"https:\/\/www.clinicaalthea.com\/farmacia\/"},{"@type":"ListItem","position":2,"name":"Produkty","item":"https:\/\/www.clinicaalthea.com\/farmacia\/"},{"@type":"ListItem","position":3,"name":"Menstill"}]},{"@type":"WebSite","@id":"https:\/\/www.clinicaalthea.com\/farmacia\/#website","url":"https:\/\/www.clinicaalthea.com\/farmacia\/","name":"Clinica Althea","description":"","publisher":{"@id":"https:\/\/www.clinicaalthea.com\/farmacia\/#organization"},"potentialAction":[{"@type":"SearchAction","target":{"@type":"EntryPoint","urlTemplate":"https:\/\/www.clinicaalthea.com\/farmacia\/?s={search_term_string}"},"query-input":{"@type":"PropertyValueSpecification","valueRequired":true,"valueName":"search_term_string"}}],"inLanguage":"pl-PL"},{"@type":"Organization","@id":"https:\/\/www.clinicaalthea.com\/farmacia\/#organization","name":"Clinica Althea","url":"https:\/\/www.clinicaalthea.com\/farmacia\/","logo":{"@type":"ImageObject","inLanguage":"pl-PL","@id":"https:\/\/www.clinicaalthea.com\/farmacia\/#\/schema\/logo\/image\/","url":"https:\/\/www.clinicaalthea.com\/farmacia\/wp-content\/uploads\/2023\/12\/Jak-diagnozuje-sie-FAS_-objawy-kryteria-diagnostyczne-i-metody-diagnozowania-154162903.jpg","contentUrl":"https:\/\/www.clinicaalthea.com\/farmacia\/wp-content\/uploads\/2023\/12\/Jak-diagnozuje-sie-FAS_-objawy-kryteria-diagnostyczne-i-metody-diagnozowania-154162903.jpg","width":1216,"height":832,"caption":"Clinica Althea"},"image":{"@id":"https:\/\/www.clinicaalthea.com\/farmacia\/#\/schema\/logo\/image\/"}}]}},"lang":"fi","translations":{"fi":1935,"et":1933},"pll_sync_post":[],"_links":{"self":[{"href":"https:\/\/www.clinicaalthea.com\/farmacia\/wp-json\/wp\/v2\/product\/1935","targetHints":{"allow":["GET"]}}],"collection":[{"href":"https:\/\/www.clinicaalthea.com\/farmacia\/wp-json\/wp\/v2\/product"}],"about":[{"href":"https:\/\/www.clinicaalthea.com\/farmacia\/wp-json\/wp\/v2\/types\/product"}],"replies":[{"embeddable":true,"href":"https:\/\/www.clinicaalthea.com\/farmacia\/wp-json\/wp\/v2\/comments?post=1935"}],"wp:featuredmedia":[{"embeddable":true,"href":"https:\/\/www.clinicaalthea.com\/farmacia\/wp-json\/wp\/v2\/media\/1934"}],"wp:attachment":[{"href":"https:\/\/www.clinicaalthea.com\/farmacia\/wp-json\/wp\/v2\/media?parent=1935"}],"wp:term":[{"taxonomy":"product_brand","embeddable":true,"href":"https:\/\/www.clinicaalthea.com\/farmacia\/wp-json\/wp\/v2\/product_brand?post=1935"},{"taxonomy":"product_cat","embeddable":true,"href":"https:\/\/www.clinicaalthea.com\/farmacia\/wp-json\/wp\/v2\/product_cat?post=1935"},{"taxonomy":"product_tag","embeddable":true,"href":"https:\/\/www.clinicaalthea.com\/farmacia\/wp-json\/wp\/v2\/product_tag?post=1935"}],"curies":[{"name":"wp","href":"https:\/\/api.w.org\/{rel}","templated":true}]}}