{"id":1927,"date":"2024-03-17T11:08:41","date_gmt":"2024-03-17T10:08:41","guid":{"rendered":"https:\/\/mayoguide.org\/produkty\/?post_type=product&#038;p=1927"},"modified":"2024-03-17T11:08:43","modified_gmt":"2024-03-17T10:08:43","slug":"diabalance-daily-support","status":"publish","type":"product","link":"https:\/\/www.clinicaalthea.com\/farmacia\/sl\/apt\/diabalance-daily-support\/","title":{"rendered":"DIABALANCE Daily Support"},"content":{"rendered":"\n<p><b>Diabalans Daily Support<\/b> je inovativno prehransko dopolnilo, posebej zasnovano za ljudi s sladkorno boleznijo. Njegov glavni namen je podpirati nadzor nad krvnim sladkorjem. Veliko ljudi se spra\u0161uje, ali lahko to dopolnilo resni\u010dno zagotovi u\u010dinkovit nadzor sladkorja in pomaga pri obvladovanju sladkorne bolezni. Ali se je vredno zanimati za to dopolnilo? Odgovori na ta vpra\u0161anja so podani v naslednjih poglavjih tega \u010dlanka.<\/p>\n\n\n\n<h3 class=\"wp-block-heading\" id=\"h-kluczowe-informacje\">Klju\u010dne informacije:<\/h3>\n\n\n\n<ul class=\"wp-block-list\">\n<li><b>DIABALANCE Daily Support<\/b> je inovativno prehransko dopolnilo, posebej zasnovano za ljudi s sladkorno boleznijo.<\/li>\n\n\n\n<li>Dopolnilo je zasnovano tako, da podpira uravnavanje krvnega sladkorja.<\/li>\n\n\n\n<li>Zagotavlja lahko \u0161tevilne koristi, kot sta pove\u010dana raven energije in nadzor apetita.<\/li>\n\n\n\n<li><b>Diabalans Daily Support<\/b> vsebuje skrbno izbrano <b>sestavo<\/b>, ki deluje sinergisti\u010dno.<\/li>\n\n\n\n<li>Redna <b>uporaba<\/b> prehranskega dopolnila po priporo\u010dilih proizvajalca je klju\u010dna za doseganje optimalnih rezultatov.<\/li>\n<\/ul>\n\n\n\n<h2 class=\"wp-block-heading\" id=\"h-diabalans-daily-support-co-to-jest-i-jak-dziala\">Diabalans Daily Support &#8211; kaj je in kako deluje?<\/h2>\n\n\n\n<p><b>Diabalans Daily Support<\/b> je inovativno prehransko dopolnilo, posebej zasnovano za ljudi s sladkorno boleznijo. Njegov glavni cilj je vzdr\u017eevanje stabilne ravni sladkorja v krvi, kar je klju\u010dno za prepre\u010devanje zapletov in izbolj\u0161anje kakovosti \u017eivljenja sladkornih bolnikov.<\/p>\n\n\n\n<p>Dodatek deluje tako, da uravnava raven kroma, ki ima pomembno vlogo pri uravnavanju ravni sladkorja. Krom podpira <b>delovanje<\/b> inzulina, hormona, ki je odgovoren za vnos glukoze v celice. Diabalans Daily Support vsebuje tudi sestavine, kot so korenina cikorije, jagode svetinje in omanova korenina, ki imajo presnovne lastnosti in uravnavajo raven sladkorja v krvi. Zaradi sinergijskega delovanja vseh sestavin prehransko dopolnilo podpira ljudi s sladkorno boleznijo pri vzdr\u017eevanju zdrave ravni sladkorja.<\/p>\n\n\n\n<p>Diabalans Daily Support ne zagotavlja le sestavin, ki uravnavajo raven sladkorja, temve\u010d tudi podpirajo presnovo in izbolj\u0161ujejo telesno energijo. Redna <b>uporaba<\/b> dopolnila lahko zagotovi dodatno energijo in zmanj\u0161a \u017eeljo po sladkih prigrizkih, kar je pomembno za diabetike, ki morajo paziti na prehrano.<\/p>\n\n\n\n<p>Bralci, ki jih zanima podrobna analiza sestave prehranskega dopolnila Diabalans Daily Support in njegov vpliv na raven sladkorja v krvi, si lahko ogledajo preglednico 1, ki prikazuje podrobno <b>sestavo<\/b> prehranskega dopolnila.<\/p>\n\n\n\n<h2 class=\"wp-block-heading\" id=\"h-korzysci-stosowania-diabalans-daily-support\">Prednosti jemanja zdravila Diabalans Daily Support<\/h2>\n\n\n\n<p><b>Uporaba zdravila<\/b> <em>Diabalans Daily Support<\/em> ima lahko za ljudi s sladkorno boleznijo \u0161tevilne koristi. V nadaljevanju so predstavljeni nekateri najpogostej\u0161i u\u010dinki jemanja tega prehranskega dopolnila:<\/p>\n\n\n\n<ol class=\"wp-block-list\">\n<li>Izbolj\u0161ana stabilnost krvnega sladkorja<\/li>\n\n\n\n<li>Nadzorovanje ravni sladkorja<\/li>\n\n\n\n<li>Pove\u010danje ravni energije<\/li>\n\n\n\n<li>Zmanj\u0161anje apetita in \u017eelje po u\u017eivanju sladkarij<\/li>\n<\/ol>\n\n\n\n<p>Vendar je treba upo\u0161tevati, da se <b>u\u010dinki<\/b> lahko razlikujejo glede na individualno stanje telesa in pravilno odmerjanje dodatka. Redna uporaba zdravila <em>Diabalans Daily Support<\/em> v skladu s priporo\u010dili proizvajalca je klju\u010dna za doseganje optimalnih rezultatov.<\/p>\n\n\n\n<h2 class=\"wp-block-heading\" id=\"h-dawkowanie-i-stosowanie-diabalans-daily-support\">Odmerjanje in uporaba zdravila Diabalans Daily Support<\/h2>\n\n\n\n<p>Diabalans Daily Support je prehransko dopolnilo, ki u\u010dinkovito podpira nadzor nad sladkorjem. Za doseganje najbolj\u0161ih rezultatov je pomembno, da upo\u0161tevate proizvajal\u010deva priporo\u010dila glede odmerjanja in uporabe prehranskega dopolnila.<\/p>\n\n\n\n<p>Obi\u010dajno je priporo\u010dljivo jemati 1-2 kapsuli Diabalans Daily Support dnevno, po mo\u017enosti med obroki. S tem boste zagotovili, da bo telo prejemalo stalno koli\u010dino aktivne snovi, ki bo pomagala ohranjati stabilno raven sladkorja v krvi.<\/p>\n\n\n\n<p>Redna uporaba je klju\u010dnega pomena, zato je treba zdravilo Diabalans Daily Support jemati vsak dan, kot priporo\u010da proizvajalec. Tako boste zagotovili naju\u010dinkovitej\u0161e rezultate in ohranili ravnovesje sladkorja v krvi.<\/p>\n\n\n\n<p>Pomembno je tudi, da se pred jemanjem zdravila Diabalans Daily Support posvetujete z zdravnikom ali farmacevtom, zlasti \u010de jemljete druga zdravila ali imate druge zdravstvene te\u017eave. Strokovni zdravni\u0161ki nasvet nam bo omogo\u010dil, da bomo to prehransko dopolnilo kar najbolje izkoristili.<\/p>\n\n\n\n<h2 class=\"wp-block-heading\" id=\"h-opinie-uzytkownikow-diabalans-daily-support\">Ocene uporabnikov Diabalans Daily Support<\/h2>\n\n\n\n<p><b>Odzivi<\/b> uporabnikov zdravila Diabalans Daily Support so razli\u010dni in odvisni od individualnih izku\u0161enj. Veliko ljudi s sladkorno boleznijo poro\u010da o pozitivnih <b>u\u010dinkih<\/b> po redni uporabi tega dodatka. Najpogosteje omenjene koristi so izbolj\u0161ana raven sladkorja v krvi, pove\u010dana raven energije in zmanj\u0161ana \u017eelja po sladkem. Nekateri uporabniki po jemanju Diabalans Daily Support opa\u017eajo tudi izbolj\u0161anje razpolo\u017eenja in splo\u0161nega po\u010dutja.<\/p>\n\n\n\n<p>Vendar pa se je treba zavedati, da se <b>u\u010dinki<\/b> dopolnila lahko razlikujejo glede na posameznikovo telesno stanje. Redna uporaba dodatka po priporo\u010dilih proizvajalca je klju\u010dna za doseganje optimalnih rezultatov.<\/p>\n\n\n\n<h2 class=\"wp-block-heading\" id=\"h-sklad-diabalans-daily-support\">Sestava zdravila Diabalans Daily Support<\/h2>\n\n\n\n<p><b>Sestava dodat<\/b> ka Diabalans Daily Support je bila skrbno izbrana tako, da pozitivno vpliva na uravnavanje krvnega sladkorja. Aktivne sestavine v prehranskem dopolnilu so:<\/p>\n\n\n\n<figure class=\"wp-block-table\"><table><thead><tr><th>Aktivne sestavine<\/th><th>U\u010dinek<\/th><\/tr><\/thead><tbody><tr><td>Korenina cikorije<\/td><td>Uravnava presnovo, stabilizira raven sladkorja v krvi<\/td><\/tr><tr><td>Jagode svetlina<\/td><td>Izbolj\u0161a izkoristek glukoze, zmanj\u0161uje tveganje skokovitega nara\u0161\u010danja sladkorja<\/td><\/tr><tr><td>Omanova korenina<\/td><td>Podpira presnovo, uravnava raven sladkorja v krvi<\/td><\/tr><\/tbody><\/table><\/figure>\n\n\n\n<p>Vse te sestavine delujejo sinergijsko in pomagajo ljudem s sladkorno boleznijo vzdr\u017eevati zdravo raven sladkorja v krvi. Pred jemanjem zdravila Diabalans Daily Support je vedno dobro preveriti seznam sestavin, zlasti \u010de imate alergije ali preob\u010dutljivosti na hrano.<\/p>\n\n\n\n<h2 class=\"wp-block-heading\" id=\"h-gdzie-kupic-diabalans-daily-support\">Kje kupiti Diabalans Daily Support?<\/h2>\n\n\n\n<p>Za nakup zdravila Diabalans Daily Support je priporo\u010dljivo uporabiti uradno spletno stran proizvajalca, kjer je na voljo za nakup. Dodatek ni na voljo v stacionarnih lekarnah, zato priporo\u010damo, da ga kupite le na spletni strani proizvajalca. To je zagotovilo, da boste prejeli originalni izdelek najvi\u0161je kakovosti in varen za va\u0161e zdravje.<\/p>\n\n\n\n<p><b>Cena izdelka<\/b> Diabalans Daily Support se lahko spreminja glede na trenutne akcije in \u0161tevilo naro\u010denih pakiranj. Proizvajalec redno ponuja privla\u010dne popuste in posebne akcije, ki vplivajo na kon\u010dno ceno izdelka. Zato spremljajte uradno spletno stran proizvajalca, da boste na teko\u010dem z razpolo\u017eljivimi akcijami in izkoristili privla\u010dne cenovne ponudbe.<\/p>\n\n\n\n<h3 class=\"wp-block-heading\" id=\"h-oficjalny-producent-diabalans-daily-support\">Uradni proizvajalec Diabalans Daily Support<\/h3>\n\n\n\n<p>Pri naro\u010dilu ve\u010djega \u0161tevila pakiranj lahko privar\u010dujete, \u010de dodatno izkoristite razpolo\u017eljive akcije. Vendar je treba upo\u0161tevati, da je Diabalans Daily Support zelo priljubljen, zato so zaloge lahko omejene. Da bi se izognili razo\u010daranju, priporo\u010damo, da \u010dim prej oddate naro\u010dilo na spletni strani proizvajalca.<\/p>\n\n\n\n<p>Upo\u0161tevajte, da lahko pri naro\u010danju zdravila Diabalans Daily Support na drugih spletnih straneh ali v lekarnah tvegate prejem ponarejenega ali nekakovostnega izdelka. Zato vam mo\u010dno priporo\u010damo, da kupujete samo na uradni spletni strani proizvajalca.<\/p>\n\n\n\n<h2 class=\"wp-block-heading\" id=\"h-skutki-uboczne-i-przeciwwskazania-przy-stosowaniu-diabalans-daily-support\">Ne\u017eeleni u\u010dinki in kontraindikacije pri uporabi zdravila Diabalans Daily Support<\/h2>\n\n\n\n<p>Pri uporabi zdravila Diabalans Daily Support se lahko pojavijo nekateri ne\u017eeleni u\u010dinki, kot so driska, slabost in alergijske reakcije. Vendar si je treba zapomniti, da so to ne\u017eeleni u\u010dinki, ki se ne pojavljajo pogosto in obi\u010dajno izginejo po kratkem \u010dasu. \u010ce se pojavijo zaskrbljujo\u010di simptomi, je vedno smiselno prekiniti jemanje prehranskega dopolnila in se posvetovati z zdravnikom.<\/p>\n\n\n\n<p>Poleg tega obstajajo nekatere <b>kontraindikacije za<\/b> uporabo zdravila Diabalans Daily Support. Dodatka ne smejo jemati nose\u010dnice, doje\u010de matere in osebe, ki so alergi\u010dne na sestavine dodatka. Vedno je priporo\u010dljivo, da se pred jemanjem zdravila Diabalans Daily Support posvetujete z zdravnikom, da se prepri\u010date, da je dopolnilo primerno za posameznika.<\/p>\n\n\n\n<figure class=\"wp-block-table\"><table><tbody><tr><th>Ne\u017eeleni u\u010dinki zdravila Diabalans Daily Support<\/th><th>Kontraindikacije<\/th><\/tr><tr><td>&#8211; Driska<\/td><td>&#8211; Nose\u010dnice<\/td><\/tr><tr><td>&#8211; Slabost<\/td><td>&#8211; Doje\u010de matere<\/td><\/tr><tr><td>&#8211; Alergijske reakcije<\/td><td>&#8211; Osebe, ki so alergi\u010dne na sestavine prehranskega dopolnila<\/td><\/tr><\/tbody><\/table><\/figure>\n\n\n\n<h2 class=\"wp-block-heading\" id=\"h-opinie-zadowolonych-uzytkownikow-diabalans-daily-support\">Povratne informacije zadovoljnih uporabnikov izdelka Diabalans Daily Support<\/h2>\n\n\n\n<blockquote class=\"wp-block-quote is-layout-flow wp-block-quote-is-layout-flow\">\n<p><em>Po uporabi Diabalans Daily Support sem prijetno presene\u010dena. Pomagal mi je ohranjati stabilen krvni sladkor in pove\u010dal mojo energijo. Zmanj\u0161ala se je tudi moja \u017eelja po sladkarijah. Priporo\u010dam ga vsem, ki imajo sladkorno bolezen in i\u0161\u010dejo u\u010dinkovito podporo.<\/em><\/p>\n<\/blockquote>\n\n\n\n<blockquote class=\"wp-block-quote is-layout-flow wp-block-quote-is-layout-flow\">\n<p><em>Diabalans Daily Support je zame popolnoma spremenil pravila igre. Kot oseba s sladkorno boleznijo sem \u017ee dolgo iskala nekaj, kar bi mi pomagalo bolje nadzorovati raven sladkorja. To dopolnilo ni doseglo le tega, ampak je tudi pove\u010dalo mojo energijo in zmanj\u0161alo \u017eeljo po sladkem. Navdu\u0161en sem in ga priporo\u010dam vsem, ki imajo sladkorno bolezen!<\/em><\/p>\n<\/blockquote>\n\n\n\n<blockquote class=\"wp-block-quote is-layout-flow wp-block-quote-is-layout-flow\">\n<p><em>Zelo sem navdu\u0161en nad izdelkom Diabalans Daily Support! Odkar sem ga za\u010dela uporabljati, je raven mojega sladkorja veliko bolj stabilna in ves dan sem polna energije. Poleg tega sem opazila, da se je moja \u017eelja po sladkem ob\u010dutno zmanj\u0161ala. To je resni\u010dno revolucionaren izdelek za ljudi s sladkorno boleznijo!<\/em><\/p>\n<\/blockquote>\n\n\n\n<h2 class=\"wp-block-heading\" id=\"h-podsumowanie-diabalans-daily-support-dla-diabetykow\">Povzetek &#8211; Diabalans Daily Support za diabetike<\/h2>\n\n\n\n<p>Diabalans Daily Support je inovativno prehransko dopolnilo, ustvarjeno posebej za ljudi s sladkorno boleznijo. Njegovo <b>delovanje<\/b> je pomo\u010d pri uravnavanju ravni sladkorja in zagotavljanje podpore sladkornim bolnikom. Z vzdr\u017eevanjem stabilne ravni sladkorja v krvi izbolj\u0161a splo\u0161no stanje in po\u010dutje ljudi s sladkorno boleznijo.<\/p>\n\n\n\n<p>Uporaba prehranskega dopolnila Diabalans Daily Support lahko zagotovi \u0161tevilne koristi, kot so pove\u010dana raven energije, nadzor \u017eelje po sladkarijah in <b>stabilizacija<\/b> ravni sladkorja v krvi. Vendar je treba upo\u0161tevati, da se <b>u\u010dinki<\/b> lahko razlikujejo glede na individualno telesno stanje.<\/p>\n\n\n\n<p>Vedno je priporo\u010dljivo, da se pred za\u010detkom u\u017eivanja dodatka Diabalans Daily Support posvetujete s svojim zdravnikom za ustrezne informacije in zdravni\u0161ki nasvet. Ne pozabite, da je redna in dosledna uporaba prehranskega dopolnila po priporo\u010dilih proizvajalca klju\u010dna za doseganje optimalnih rezultatov.<\/p>\n","protected":false},"excerpt":{"rendered":"<p><strong>45.00 \u20ac<\/strong><\/p>\n<p><del>90.00 \u20ac<\/del><\/p>\n<p><strong>[date_countdown]<\/strong><\/p>\n","protected":false},"featured_media":1925,"comment_status":"open","ping_status":"closed","template":"","meta":{"neve_meta_sidebar":"","neve_meta_container":"","neve_meta_enable_content_width":"","neve_meta_content_width":0,"neve_meta_title_alignment":"","neve_meta_author_avatar":"","neve_post_elements_order":"","neve_meta_disable_header":"","neve_meta_disable_footer":"","neve_meta_disable_title":"","neve_meta_reading_time":""},"product_brand":[],"product_cat":[177],"product_tag":[],"class_list":{"0":"post-1927","1":"product","2":"type-product","3":"status-publish","4":"has-post-thumbnail","6":"product_cat-zdravje","8":"first","9":"instock","10":"shipping-taxable","11":"product-type-external"},"yoast_head":"<!-- This site is optimized with the Yoast SEO plugin v27.4 - https:\/\/yoast.com\/product\/yoast-seo-wordpress\/ -->\n<title>DIABALANCE Daily Support - Clinica Althea<\/title>\n<meta name=\"robots\" content=\"index, follow, max-snippet:-1, max-image-preview:large, max-video-preview:-1\" \/>\n<link rel=\"canonical\" href=\"https:\/\/www.clinicaalthea.com\/farmacia\/sl\/apt\/diabalance-daily-support\/\" \/>\n<meta property=\"og:locale\" content=\"pl_PL\" \/>\n<meta property=\"og:type\" content=\"article\" \/>\n<meta property=\"og:title\" content=\"DIABALANCE Daily Support - Clinica Althea\" \/>\n<meta property=\"og:description\" content=\"45.00 \u20ac 90.00 \u20ac\" \/>\n<meta property=\"og:url\" content=\"https:\/\/www.clinicaalthea.com\/farmacia\/sl\/apt\/diabalance-daily-support\/\" \/>\n<meta property=\"og:site_name\" content=\"Clinica Althea\" \/>\n<meta property=\"article:modified_time\" content=\"2024-03-17T10:08:43+00:00\" \/>\n<meta property=\"og:image\" content=\"https:\/\/www.clinicaalthea.com\/farmacia\/wp-content\/uploads\/2024\/03\/DIABALANCE-Daily-Support.jpg\" \/>\n\t<meta property=\"og:image:width\" content=\"768\" \/>\n\t<meta property=\"og:image:height\" content=\"768\" \/>\n\t<meta property=\"og:image:type\" content=\"image\/jpeg\" \/>\n<meta name=\"twitter:card\" content=\"summary_large_image\" \/>\n<meta name=\"twitter:label1\" content=\"Szacowany czas czytania\" \/>\n\t<meta name=\"twitter:data1\" content=\"8 minut\" \/>\n<script type=\"application\/ld+json\" class=\"yoast-schema-graph\">{\"@context\":\"https:\\\/\\\/schema.org\",\"@graph\":[{\"@type\":\"WebPage\",\"@id\":\"https:\\\/\\\/www.clinicaalthea.com\\\/farmacia\\\/sl\\\/apt\\\/diabalance-daily-support\\\/\",\"url\":\"https:\\\/\\\/www.clinicaalthea.com\\\/farmacia\\\/sl\\\/apt\\\/diabalance-daily-support\\\/\",\"name\":\"DIABALANCE Daily Support - Clinica Althea\",\"isPartOf\":{\"@id\":\"https:\\\/\\\/www.clinicaalthea.com\\\/farmacia\\\/#website\"},\"primaryImageOfPage\":{\"@id\":\"https:\\\/\\\/www.clinicaalthea.com\\\/farmacia\\\/sl\\\/apt\\\/diabalance-daily-support\\\/#primaryimage\"},\"image\":{\"@id\":\"https:\\\/\\\/www.clinicaalthea.com\\\/farmacia\\\/sl\\\/apt\\\/diabalance-daily-support\\\/#primaryimage\"},\"thumbnailUrl\":\"https:\\\/\\\/www.clinicaalthea.com\\\/farmacia\\\/wp-content\\\/uploads\\\/2024\\\/03\\\/DIABALANCE-Daily-Support.jpg\",\"datePublished\":\"2024-03-17T10:08:41+00:00\",\"dateModified\":\"2024-03-17T10:08:43+00:00\",\"breadcrumb\":{\"@id\":\"https:\\\/\\\/www.clinicaalthea.com\\\/farmacia\\\/sl\\\/apt\\\/diabalance-daily-support\\\/#breadcrumb\"},\"inLanguage\":\"pl-PL\",\"potentialAction\":[{\"@type\":\"ReadAction\",\"target\":[\"https:\\\/\\\/www.clinicaalthea.com\\\/farmacia\\\/sl\\\/apt\\\/diabalance-daily-support\\\/\"]}]},{\"@type\":\"ImageObject\",\"inLanguage\":\"pl-PL\",\"@id\":\"https:\\\/\\\/www.clinicaalthea.com\\\/farmacia\\\/sl\\\/apt\\\/diabalance-daily-support\\\/#primaryimage\",\"url\":\"https:\\\/\\\/www.clinicaalthea.com\\\/farmacia\\\/wp-content\\\/uploads\\\/2024\\\/03\\\/DIABALANCE-Daily-Support.jpg\",\"contentUrl\":\"https:\\\/\\\/www.clinicaalthea.com\\\/farmacia\\\/wp-content\\\/uploads\\\/2024\\\/03\\\/DIABALANCE-Daily-Support.jpg\",\"width\":768,\"height\":768,\"caption\":\"DIABALANCE Daily Support\"},{\"@type\":\"BreadcrumbList\",\"@id\":\"https:\\\/\\\/www.clinicaalthea.com\\\/farmacia\\\/sl\\\/apt\\\/diabalance-daily-support\\\/#breadcrumb\",\"itemListElement\":[{\"@type\":\"ListItem\",\"position\":1,\"name\":\"Strona g\u0142\u00f3wna\",\"item\":\"https:\\\/\\\/www.clinicaalthea.com\\\/farmacia\\\/\"},{\"@type\":\"ListItem\",\"position\":2,\"name\":\"Produkty\",\"item\":\"https:\\\/\\\/www.clinicaalthea.com\\\/farmacia\\\/\"},{\"@type\":\"ListItem\",\"position\":3,\"name\":\"DIABALANCE Daily Support\"}]},{\"@type\":\"WebSite\",\"@id\":\"https:\\\/\\\/www.clinicaalthea.com\\\/farmacia\\\/#website\",\"url\":\"https:\\\/\\\/www.clinicaalthea.com\\\/farmacia\\\/\",\"name\":\"Clinica Althea\",\"description\":\"\",\"publisher\":{\"@id\":\"https:\\\/\\\/www.clinicaalthea.com\\\/farmacia\\\/#organization\"},\"potentialAction\":[{\"@type\":\"SearchAction\",\"target\":{\"@type\":\"EntryPoint\",\"urlTemplate\":\"https:\\\/\\\/www.clinicaalthea.com\\\/farmacia\\\/?s={search_term_string}\"},\"query-input\":{\"@type\":\"PropertyValueSpecification\",\"valueRequired\":true,\"valueName\":\"search_term_string\"}}],\"inLanguage\":\"pl-PL\"},{\"@type\":\"Organization\",\"@id\":\"https:\\\/\\\/www.clinicaalthea.com\\\/farmacia\\\/#organization\",\"name\":\"Clinica Althea\",\"url\":\"https:\\\/\\\/www.clinicaalthea.com\\\/farmacia\\\/\",\"logo\":{\"@type\":\"ImageObject\",\"inLanguage\":\"pl-PL\",\"@id\":\"https:\\\/\\\/www.clinicaalthea.com\\\/farmacia\\\/#\\\/schema\\\/logo\\\/image\\\/\",\"url\":\"https:\\\/\\\/www.clinicaalthea.com\\\/farmacia\\\/wp-content\\\/uploads\\\/2023\\\/12\\\/Jak-diagnozuje-sie-FAS_-objawy-kryteria-diagnostyczne-i-metody-diagnozowania-154162903.jpg\",\"contentUrl\":\"https:\\\/\\\/www.clinicaalthea.com\\\/farmacia\\\/wp-content\\\/uploads\\\/2023\\\/12\\\/Jak-diagnozuje-sie-FAS_-objawy-kryteria-diagnostyczne-i-metody-diagnozowania-154162903.jpg\",\"width\":1216,\"height\":832,\"caption\":\"Clinica Althea\"},\"image\":{\"@id\":\"https:\\\/\\\/www.clinicaalthea.com\\\/farmacia\\\/#\\\/schema\\\/logo\\\/image\\\/\"}}]}<\/script>\n<!-- \/ Yoast SEO plugin. -->","yoast_head_json":{"title":"DIABALANCE Daily Support - Clinica Althea","robots":{"index":"index","follow":"follow","max-snippet":"max-snippet:-1","max-image-preview":"max-image-preview:large","max-video-preview":"max-video-preview:-1"},"canonical":"https:\/\/www.clinicaalthea.com\/farmacia\/sl\/apt\/diabalance-daily-support\/","og_locale":"pl_PL","og_type":"article","og_title":"DIABALANCE Daily Support - Clinica Althea","og_description":"45.00 \u20ac 90.00 \u20ac","og_url":"https:\/\/www.clinicaalthea.com\/farmacia\/sl\/apt\/diabalance-daily-support\/","og_site_name":"Clinica Althea","article_modified_time":"2024-03-17T10:08:43+00:00","og_image":[{"width":768,"height":768,"url":"https:\/\/www.clinicaalthea.com\/farmacia\/wp-content\/uploads\/2024\/03\/DIABALANCE-Daily-Support.jpg","type":"image\/jpeg"}],"twitter_card":"summary_large_image","twitter_misc":{"Szacowany czas czytania":"8 minut"},"schema":{"@context":"https:\/\/schema.org","@graph":[{"@type":"WebPage","@id":"https:\/\/www.clinicaalthea.com\/farmacia\/sl\/apt\/diabalance-daily-support\/","url":"https:\/\/www.clinicaalthea.com\/farmacia\/sl\/apt\/diabalance-daily-support\/","name":"DIABALANCE Daily Support - Clinica Althea","isPartOf":{"@id":"https:\/\/www.clinicaalthea.com\/farmacia\/#website"},"primaryImageOfPage":{"@id":"https:\/\/www.clinicaalthea.com\/farmacia\/sl\/apt\/diabalance-daily-support\/#primaryimage"},"image":{"@id":"https:\/\/www.clinicaalthea.com\/farmacia\/sl\/apt\/diabalance-daily-support\/#primaryimage"},"thumbnailUrl":"https:\/\/www.clinicaalthea.com\/farmacia\/wp-content\/uploads\/2024\/03\/DIABALANCE-Daily-Support.jpg","datePublished":"2024-03-17T10:08:41+00:00","dateModified":"2024-03-17T10:08:43+00:00","breadcrumb":{"@id":"https:\/\/www.clinicaalthea.com\/farmacia\/sl\/apt\/diabalance-daily-support\/#breadcrumb"},"inLanguage":"pl-PL","potentialAction":[{"@type":"ReadAction","target":["https:\/\/www.clinicaalthea.com\/farmacia\/sl\/apt\/diabalance-daily-support\/"]}]},{"@type":"ImageObject","inLanguage":"pl-PL","@id":"https:\/\/www.clinicaalthea.com\/farmacia\/sl\/apt\/diabalance-daily-support\/#primaryimage","url":"https:\/\/www.clinicaalthea.com\/farmacia\/wp-content\/uploads\/2024\/03\/DIABALANCE-Daily-Support.jpg","contentUrl":"https:\/\/www.clinicaalthea.com\/farmacia\/wp-content\/uploads\/2024\/03\/DIABALANCE-Daily-Support.jpg","width":768,"height":768,"caption":"DIABALANCE Daily Support"},{"@type":"BreadcrumbList","@id":"https:\/\/www.clinicaalthea.com\/farmacia\/sl\/apt\/diabalance-daily-support\/#breadcrumb","itemListElement":[{"@type":"ListItem","position":1,"name":"Strona g\u0142\u00f3wna","item":"https:\/\/www.clinicaalthea.com\/farmacia\/"},{"@type":"ListItem","position":2,"name":"Produkty","item":"https:\/\/www.clinicaalthea.com\/farmacia\/"},{"@type":"ListItem","position":3,"name":"DIABALANCE Daily Support"}]},{"@type":"WebSite","@id":"https:\/\/www.clinicaalthea.com\/farmacia\/#website","url":"https:\/\/www.clinicaalthea.com\/farmacia\/","name":"Clinica Althea","description":"","publisher":{"@id":"https:\/\/www.clinicaalthea.com\/farmacia\/#organization"},"potentialAction":[{"@type":"SearchAction","target":{"@type":"EntryPoint","urlTemplate":"https:\/\/www.clinicaalthea.com\/farmacia\/?s={search_term_string}"},"query-input":{"@type":"PropertyValueSpecification","valueRequired":true,"valueName":"search_term_string"}}],"inLanguage":"pl-PL"},{"@type":"Organization","@id":"https:\/\/www.clinicaalthea.com\/farmacia\/#organization","name":"Clinica Althea","url":"https:\/\/www.clinicaalthea.com\/farmacia\/","logo":{"@type":"ImageObject","inLanguage":"pl-PL","@id":"https:\/\/www.clinicaalthea.com\/farmacia\/#\/schema\/logo\/image\/","url":"https:\/\/www.clinicaalthea.com\/farmacia\/wp-content\/uploads\/2023\/12\/Jak-diagnozuje-sie-FAS_-objawy-kryteria-diagnostyczne-i-metody-diagnozowania-154162903.jpg","contentUrl":"https:\/\/www.clinicaalthea.com\/farmacia\/wp-content\/uploads\/2023\/12\/Jak-diagnozuje-sie-FAS_-objawy-kryteria-diagnostyczne-i-metody-diagnozowania-154162903.jpg","width":1216,"height":832,"caption":"Clinica Althea"},"image":{"@id":"https:\/\/www.clinicaalthea.com\/farmacia\/#\/schema\/logo\/image\/"}}]}},"lang":"sl","translations":{"sl":1927,"fi":1926,"de":1924},"pll_sync_post":[],"_links":{"self":[{"href":"https:\/\/www.clinicaalthea.com\/farmacia\/wp-json\/wp\/v2\/product\/1927","targetHints":{"allow":["GET"]}}],"collection":[{"href":"https:\/\/www.clinicaalthea.com\/farmacia\/wp-json\/wp\/v2\/product"}],"about":[{"href":"https:\/\/www.clinicaalthea.com\/farmacia\/wp-json\/wp\/v2\/types\/product"}],"replies":[{"embeddable":true,"href":"https:\/\/www.clinicaalthea.com\/farmacia\/wp-json\/wp\/v2\/comments?post=1927"}],"wp:featuredmedia":[{"embeddable":true,"href":"https:\/\/www.clinicaalthea.com\/farmacia\/wp-json\/wp\/v2\/media\/1925"}],"wp:attachment":[{"href":"https:\/\/www.clinicaalthea.com\/farmacia\/wp-json\/wp\/v2\/media?parent=1927"}],"wp:term":[{"taxonomy":"product_brand","embeddable":true,"href":"https:\/\/www.clinicaalthea.com\/farmacia\/wp-json\/wp\/v2\/product_brand?post=1927"},{"taxonomy":"product_cat","embeddable":true,"href":"https:\/\/www.clinicaalthea.com\/farmacia\/wp-json\/wp\/v2\/product_cat?post=1927"},{"taxonomy":"product_tag","embeddable":true,"href":"https:\/\/www.clinicaalthea.com\/farmacia\/wp-json\/wp\/v2\/product_tag?post=1927"}],"curies":[{"name":"wp","href":"https:\/\/api.w.org\/{rel}","templated":true}]}}