{"id":1924,"date":"2024-03-17T11:06:40","date_gmt":"2024-03-17T10:06:40","guid":{"rendered":"https:\/\/mayoguide.org\/produkty\/?post_type=product&#038;p=1924"},"modified":"2024-03-17T11:08:43","modified_gmt":"2024-03-17T10:08:43","slug":"diabalance-daily-support","status":"publish","type":"product","link":"https:\/\/www.clinicaalthea.com\/farmacia\/de\/apt\/diabalance-daily-support\/","title":{"rendered":"DIABALANCE Daily Support"},"content":{"rendered":"\n<p><b>Diabalans Daily Support<\/b> ist ein innovatives Nahrungserg\u00e4nzungsmittel, das speziell f\u00fcr Menschen mit Diabetes entwickelt wurde. Sein Hauptzweck ist die Unterst\u00fctzung der Blutzuckerkontrolle. Viele Menschen fragen sich, ob dieses Nahrungserg\u00e4nzungsmittel wirklich eine wirksame Blutzuckerkontrolle gew\u00e4hrleisten und bei der Behandlung von Diabetes helfen kann. Lohnt es sich, sich f\u00fcr dieses Erg\u00e4nzungsmittel zu interessieren? Diese Fragen werden in den folgenden Abschnitten dieses Artikels beantwortet.<\/p>\n\n\n\n<h3 class=\"wp-block-heading\" id=\"h-kluczowe-informacje\">Wichtige Informationen:<\/h3>\n\n\n\n<ul class=\"wp-block-list\">\n<li><b>DIABALANCE Daily Support<\/b> ist ein innovatives Nahrungserg\u00e4nzungsmittel, das speziell f\u00fcr Menschen mit Diabetes entwickelt wurde.<\/li>\n\n\n\n<li>Das Pr\u00e4parat wurde entwickelt, um die Blutzuckerkontrolle zu unterst\u00fctzen.<\/li>\n\n\n\n<li>Es kann eine Reihe von Vorteilen bieten, wie z. B. ein h\u00f6heres Energieniveau und eine bessere Appetitkontrolle.<\/li>\n\n\n\n<li><b>Diabalans Daily Support<\/b> enth\u00e4lt eine sorgf\u00e4ltig ausgew\u00e4hlte <b>Zusammensetzung<\/b>, die synergistisch wirkt.<\/li>\n\n\n\n<li>Die regelm\u00e4\u00dfige <b>Einnahme<\/b> des Nahrungserg\u00e4nzungsmittels, wie vom Hersteller empfohlen, ist der Schl\u00fcssel zum Erreichen optimaler Ergebnisse.<\/li>\n<\/ul>\n\n\n\n<h2 class=\"wp-block-heading\" id=\"h-diabalans-daily-support-co-to-jest-i-jak-dziala\">Diabalans Daily Support &#8211; Was ist es und wie wirkt es?<\/h2>\n\n\n\n<p><b>Diabalans Daily Support<\/b> ist ein innovatives Nahrungserg\u00e4nzungsmittel, das speziell f\u00fcr Menschen mit Diabetes entwickelt wurde. Sein Hauptziel ist die Aufrechterhaltung eines stabilen Blutzuckerspiegels, was der Schl\u00fcssel zur Vermeidung von Komplikationen und zur Verbesserung der Lebensqualit\u00e4t von Diabetikern ist.<\/p>\n\n\n\n<p>Die Wirkung des Nahrungserg\u00e4nzungsmittels beruht auf dem Ausgleich des Chromspiegels, der eine wichtige Rolle bei der Regulierung des Blutzuckerspiegels spielt. Chrom unterst\u00fctzt die <b>Wirkung von<\/b> Insulin, dem Hormon, das f\u00fcr die Aufnahme von Glukose in die Zellen verantwortlich ist. Diabalans Daily Support enth\u00e4lt au\u00dferdem Inhaltsstoffe wie Zichorienwurzel, Stechpalmenbeeren und Omanwurzel, die metabolische Eigenschaften haben und den Blutzuckerspiegel regulieren. Dank der synergetischen Wirkung aller Inhaltsstoffe unterst\u00fctzt das Erg\u00e4nzungsmittel Menschen mit Diabetes bei der Aufrechterhaltung eines gesunden Zuckerspiegels.<\/p>\n\n\n\n<p>Diabalans Daily Support enth\u00e4lt nicht nur Inhaltsstoffe, die den Blutzuckerspiegel regulieren, sondern auch den Stoffwechsel unterst\u00fctzen und die Energie des K\u00f6rpers verbessern. Die regelm\u00e4\u00dfige <b>Einnahme<\/b> des Nahrungserg\u00e4nzungsmittels kann zus\u00e4tzliche Energie liefern und den Hei\u00dfhunger auf zuckerhaltige Snacks reduzieren, was f\u00fcr Diabetiker, die auf ihre Ern\u00e4hrung achten m\u00fcssen, wichtig ist.<\/p>\n\n\n\n<p>Leser, die an einer detaillierten Analyse der Zusammensetzung von Diabalans Daily Support und seiner Wirkung auf den Blutzuckerspiegel interessiert sind, k\u00f6nnen sich auf Tabelle 1 beziehen, in der die genaue <b>Zusammensetzung<\/b> des Nahrungserg\u00e4nzungsmittels aufgef\u00fchrt ist.<\/p>\n\n\n\n<h2 class=\"wp-block-heading\" id=\"h-korzysci-stosowania-diabalans-daily-support\">Vorteile der Einnahme von Diabalans Daily Support<\/h2>\n\n\n\n<p>Die<b>Einnahme von<\/b> <em>Diabalans<\/em> Daily Support kann f\u00fcr Menschen mit Diabetes viele Vorteile mit sich bringen. Hier sind einige der h\u00e4ufigsten Auswirkungen der Einnahme dieses Erg\u00e4nzungsmittels:<\/p>\n\n\n\n<ol class=\"wp-block-list\">\n<li>Verbesserte Blutzucker-Stabilit\u00e4t<\/li>\n\n\n\n<li>Kontrolle des Zuckerspiegels<\/li>\n\n\n\n<li>Erh\u00f6htes Energieniveau<\/li>\n\n\n\n<li>Verringerung des Appetits und des Verlangens nach S\u00fc\u00dfigkeiten<\/li>\n<\/ol>\n\n\n\n<p>Es ist jedoch zu bedenken, dass die <b>Wirkungen<\/b> je nach den individuellen k\u00f6rperlichen Voraussetzungen und der richtigen Dosierung des Nahrungserg\u00e4nzungsmittels variieren k\u00f6nnen. Die regelm\u00e4\u00dfige Einnahme von <em>Diabalans Daily Support<\/em> gem\u00e4\u00df den Empfehlungen des Herstellers ist der Schl\u00fcssel zum Erreichen optimaler Ergebnisse.<\/p>\n\n\n\n<h2 class=\"wp-block-heading\" id=\"h-dawkowanie-i-stosowanie-diabalans-daily-support\">Dosierung und Anwendung von Diabalans Daily Support<\/h2>\n\n\n\n<p>Diabalans Daily Support ist ein Nahrungserg\u00e4nzungsmittel, das die Zuckerkontrolle wirksam unterst\u00fctzt. Um die besten Ergebnisse zu erzielen, ist es wichtig, die Empfehlungen des Herstellers zur Dosierung und Anwendung des Nahrungserg\u00e4nzungsmittels zu befolgen.<\/p>\n\n\n\n<p>In der Regel wird empfohlen, t\u00e4glich 1-2 Kapseln Diabalans Daily Support einzunehmen, vorzugsweise zu den Mahlzeiten. Auf diese Weise wird sichergestellt, dass der K\u00f6rper eine konstante Zufuhr des Wirkstoffs erh\u00e4lt, der dazu beitr\u00e4gt, den Blutzuckerspiegel stabil zu halten.<\/p>\n\n\n\n<p>Die Regelm\u00e4\u00dfigkeit der Einnahme ist entscheidend, daher sollte Diabalans Daily Support t\u00e4glich wie vom Hersteller empfohlen eingenommen werden. Dadurch werden die wirksamsten Ergebnisse erzielt und der Blutzuckerspiegel im Gleichgewicht gehalten.<\/p>\n\n\n\n<p>Es ist au\u00dferdem wichtig, vor der Einnahme von Diabalans Daily Support Ihren Arzt oder Apotheker zu befragen, insbesondere wenn Sie andere Medikamente einnehmen oder andere gesundheitliche Probleme haben. Eine professionelle medizinische Beratung erm\u00f6glicht es, das Beste aus diesem Erg\u00e4nzungsmittel herauszuholen.<\/p>\n\n\n\n<h2 class=\"wp-block-heading\" id=\"h-opinie-uzytkownikow-diabalans-daily-support\">Diabalans Daily Support Benutzerbewertungen<\/h2>\n\n\n\n<p>Die<b>R\u00fcckmeldungen<\/b> der Anwender von Diabalans Daily Support sind unterschiedlich und h\u00e4ngen von den individuellen Erfahrungen ab. Viele Diabetiker berichten von positiven <b>Effekten<\/b> nach regelm\u00e4\u00dfiger Einnahme dieses Nahrungserg\u00e4nzungsmittels. Die am h\u00e4ufigsten genannten Vorteile sind ein verbesserter Blutzuckerspiegel, mehr Energie und weniger Hei\u00dfhunger auf S\u00fc\u00dfes. Einige Anwender bemerken auch eine Verbesserung der Stimmung und des allgemeinen Wohlbefindens nach der Einnahme von Diabalans Daily Support.<\/p>\n\n\n\n<p>Es ist jedoch zu bedenken, dass die <b>Wirkung des<\/b> Nahrungserg\u00e4nzungsmittels je nach den individuellen k\u00f6rperlichen Voraussetzungen variieren kann. Die regelm\u00e4\u00dfige Einnahme des Nahrungserg\u00e4nzungsmittels, wie vom Hersteller empfohlen, ist der Schl\u00fcssel zum Erreichen optimaler Ergebnisse.<\/p>\n\n\n\n<h2 class=\"wp-block-heading\" id=\"h-sklad-diabalans-daily-support\">Zusammensetzung von Diabalans Daily Support<\/h2>\n\n\n\n<p><b>Die Zusammensetzung von<\/b> Diabalans Daily Support wurde sorgf\u00e4ltig ausgew\u00e4hlt, um eine positive Wirkung auf die Blutzuckerregulierung zu erzielen. Zu den aktiven Inhaltsstoffen des Nahrungserg\u00e4nzungsmittels geh\u00f6ren:<\/p>\n\n\n\n<figure class=\"wp-block-table\"><table><thead><tr><th>Aktive Inhaltsstoffe<\/th><th>Wirkung<\/th><\/tr><\/thead><tbody><tr><td>Zichorienwurzel<\/td><td>Reguliert den Stoffwechsel, stabilisiert den Blutzuckerspiegel<\/td><\/tr><tr><td>Stechpalmenbeeren<\/td><td>Verbessert die Glukoseverwertung, reduziert das Risiko von Zuckerspitzen<\/td><\/tr><tr><td>Omanwurzel<\/td><td>Unterst\u00fctzt den Stoffwechsel, reguliert den Blutzuckerspiegel<\/td><\/tr><\/tbody><\/table><\/figure>\n\n\n\n<p>Alle diese Inhaltsstoffe wirken synergetisch, um Menschen mit Diabetes bei der Aufrechterhaltung eines gesunden Zuckerspiegels zu unterst\u00fctzen. Es ist immer ratsam, die Liste der Inhaltsstoffe zu \u00fcberpr\u00fcfen, bevor Sie Diabalans Daily Support einnehmen, insbesondere wenn Sie Lebensmittelallergien oder -unvertr\u00e4glichkeiten haben.<\/p>\n\n\n\n<h2 class=\"wp-block-heading\" id=\"h-gdzie-kupic-diabalans-daily-support\">Wo kann man Diabalans Daily Support kaufen?<\/h2>\n\n\n\n<p>Um Diabalans Daily Support zu kaufen, ist es ratsam, die offizielle Website des Herstellers zu nutzen, auf der das Produkt erh\u00e4ltlich ist. Da das Pr\u00e4parat nicht in station\u00e4ren Apotheken erh\u00e4ltlich ist, empfehlen wir Ihnen, es ausschlie\u00dflich \u00fcber die Website des Herstellers zu kaufen. Dies ist eine Garantie daf\u00fcr, dass Sie ein Originalprodukt von h\u00f6chster Qualit\u00e4t und sicher f\u00fcr Ihre Gesundheit erhalten.<\/p>\n\n\n\n<p>Der<b>Preis von<\/b> Diabalans Daily Support kann je nach aktuellen Aktionen und der Anzahl der bestellten Packungen variieren. Der Hersteller bietet regelm\u00e4\u00dfig attraktive Rabatte und Sonderaktionen an, die sich auf den Endpreis des Produkts auswirken. Behalten Sie daher die offizielle Website des Herstellers im Auge, um sich \u00fcber verf\u00fcgbare Aktionen auf dem Laufenden zu halten und von attraktiven Preisangeboten profitieren zu k\u00f6nnen.<\/p>\n\n\n\n<h3 class=\"wp-block-heading\" id=\"h-oficjalny-producent-diabalans-daily-support\">Offizieller Hersteller von Diabalans Daily Support<\/h3>\n\n\n\n<p>Wenn Sie mehrere Packungen bestellen, k\u00f6nnen Sie Geld sparen, indem Sie zus\u00e4tzlich von den verf\u00fcgbaren Sonderangeboten Gebrauch machen. Beachten Sie jedoch, dass Diabalans Daily Support sehr beliebt ist und der Vorrat daher begrenzt sein kann. Um Entt\u00e4uschungen zu vermeiden, empfehlen wir Ihnen, Ihre Bestellung auf der Website des Herstellers so bald wie m\u00f6glich aufzugeben.<\/p>\n\n\n\n<p>Bitte beachten Sie, dass bei der Bestellung von Diabalans Daily Support \u00fcber andere Websites oder Apotheken das Risiko besteht, ein gef\u00e4lschtes oder minderwertiges Produkt zu erhalten. Daher empfehlen wir Ihnen dringend, nur auf der offiziellen Website des Herstellers zu kaufen.<\/p>\n\n\n\n<h2 class=\"wp-block-heading\" id=\"h-skutki-uboczne-i-przeciwwskazania-przy-stosowaniu-diabalans-daily-support\">Nebenwirkungen und Kontraindikationen bei der Verwendung von Diabalans Daily Support<\/h2>\n\n\n\n<p>Bei der Einnahme von Diabalans Daily Support k\u00f6nnen einige Nebenwirkungen wie Durchfall, \u00dcbelkeit und allergische Reaktionen auftreten. Es ist jedoch zu beachten, dass es sich dabei um Nebenwirkungen handelt, die nicht h\u00e4ufig auftreten und in der Regel nach kurzer Zeit wieder verschwinden. Wenn besorgniserregende Symptome auftreten, ist es immer ratsam, das Pr\u00e4parat abzusetzen und einen Arzt aufzusuchen.<\/p>\n\n\n\n<p>Dar\u00fcber hinaus gibt es einige <b>Kontraindikationen<\/b> f\u00fcr die Einnahme von Diabalans Daily Support. Das Pr\u00e4parat sollte nicht von schwangeren oder stillenden Frauen eingenommen werden und auch nicht von Personen, die allergisch auf die Inhaltsstoffe des Pr\u00e4parats reagieren. Es ist immer ratsam, vor der Einnahme von Diabalans Daily Support einen Arzt zu konsultieren, um sicherzustellen, dass das Erg\u00e4nzungsmittel f\u00fcr den Einzelnen geeignet ist.<\/p>\n\n\n\n<figure class=\"wp-block-table\"><table><tbody><tr><th>Nebenwirkungen von Diabalans Daily Support<\/th><th>Kontraindikationen<\/th><\/tr><tr><td>&#8211; Diarrh\u00f6e<\/td><td>&#8211; Schwangere Frauen<\/td><\/tr><tr><td>&#8211; \u00dcbelkeit<\/td><td>&#8211; Stillende Frauen<\/td><\/tr><tr><td>&#8211; Allergische Reaktionen<\/td><td>&#8211; Personen, die allergisch auf die Inhaltsstoffe des Nahrungserg\u00e4nzungsmittels reagieren<\/td><\/tr><\/tbody><\/table><\/figure>\n\n\n\n<h2 class=\"wp-block-heading\" id=\"h-opinie-zadowolonych-uzytkownikow-diabalans-daily-support\">Feedback von zufriedenen Anwendern von Diabalans Daily Support<\/h2>\n\n\n\n<blockquote class=\"wp-block-quote is-layout-flow wp-block-quote-is-layout-flow\">\n<p><em>Nach der Einnahme von Diabalans Daily Support bin ich angenehm \u00fcberrascht. Es hat mir geholfen, meinen Blutzucker stabil zu halten und meine Energie zu steigern. Au\u00dferdem hat es meinen Hei\u00dfhunger auf S\u00fc\u00dfigkeiten reduziert. Ich w\u00fcrde es jedem Diabetiker empfehlen, der auf der Suche nach wirksamer Unterst\u00fctzung ist.<\/em><\/p>\n<\/blockquote>\n\n\n\n<blockquote class=\"wp-block-quote is-layout-flow wp-block-quote-is-layout-flow\">\n<p><em>Diabalans Daily Support war f\u00fcr mich ein absoluter Wendepunkt. Als Diabetikerin habe ich schon lange nach etwas gesucht, das mir hilft, meinen Blutzuckerspiegel besser zu kontrollieren. Dieses Pr\u00e4parat hat nicht nur das erreicht, sondern auch meine Energie erh\u00f6ht und mein Verlangen nach S\u00fc\u00dfem reduziert. Ich bin begeistert und w\u00fcrde es jedem Diabetiker empfehlen!<\/em><\/p>\n<\/blockquote>\n\n\n\n<blockquote class=\"wp-block-quote is-layout-flow wp-block-quote-is-layout-flow\">\n<p><em>Ich bin sehr beeindruckt von Diabalans Daily Support! Seit ich es nehme, ist mein Blutzuckerspiegel viel stabiler und ich f\u00fchle mich den ganzen Tag \u00fcber voller Energie. Au\u00dferdem habe ich festgestellt, dass mein Verlangen nach S\u00fc\u00dfigkeiten deutlich zur\u00fcckgegangen ist. Dies ist wirklich ein revolution\u00e4res Produkt f\u00fcr Menschen mit Diabetes!<\/em><\/p>\n<\/blockquote>\n\n\n\n<h2 class=\"wp-block-heading\" id=\"h-podsumowanie-diabalans-daily-support-dla-diabetykow\">Zusammenfassung &#8211; Diabalans Daily Support f\u00fcr Diabetiker<\/h2>\n\n\n\n<p>Diabalans Daily Support ist ein innovatives Nahrungserg\u00e4nzungsmittel, das speziell f\u00fcr Menschen mit Diabetes entwickelt wurde. Seine <b>Wirkung<\/b> besteht darin, den Blutzuckerspiegel zu kontrollieren und Diabetiker zu unterst\u00fctzen. Indem es den Blutzuckerspiegel stabil h\u00e4lt, verbessert es den allgemeinen Zustand und das Wohlbefinden von Menschen mit Diabetes.<\/p>\n\n\n\n<p>Die Einnahme des Nahrungserg\u00e4nzungsmittels Diabalans Daily Support kann eine Reihe von Vorteilen mit sich bringen, wie z. B. ein h\u00f6heres Energieniveau, die Kontrolle des Verlangens nach S\u00fc\u00dfigkeiten und die <b>Stabilisierung des<\/b> Blutzuckerspiegels. Es ist jedoch zu bedenken, dass die <b>Wirkung<\/b> je nach den individuellen k\u00f6rperlichen Gegebenheiten variieren kann.<\/p>\n\n\n\n<p>Es ist in jedem Fall ratsam, vor der Einnahme von Diabalans Daily Support Ihren Arzt zu konsultieren, um relevante Informationen und medizinischen Rat einzuholen. Denken Sie daran, dass eine regelm\u00e4\u00dfige und konsequente Einnahme des Nahrungserg\u00e4nzungsmittels, wie vom Hersteller empfohlen, der Schl\u00fcssel zum Erreichen optimaler Ergebnisse ist.<\/p>\n","protected":false},"excerpt":{"rendered":"<p><strong>59.00 \u20ac<\/strong><\/p>\n<p><del>118.00 \u20ac<\/del><\/p>\n<p><strong>[date_countdown]<\/strong><\/p>\n","protected":false},"featured_media":1925,"comment_status":"open","ping_status":"closed","template":"","meta":{"neve_meta_sidebar":"","neve_meta_container":"","neve_meta_enable_content_width":"","neve_meta_content_width":0,"neve_meta_title_alignment":"","neve_meta_author_avatar":"","neve_post_elements_order":"","neve_meta_disable_header":"","neve_meta_disable_footer":"","neve_meta_disable_title":"","neve_meta_reading_time":""},"product_brand":[],"product_cat":[33],"product_tag":[],"class_list":{"0":"post-1924","1":"product","2":"type-product","3":"status-publish","4":"has-post-thumbnail","6":"product_cat-gesundheit","8":"first","9":"instock","10":"shipping-taxable","11":"product-type-external"},"yoast_head":"<!-- This site is optimized with the Yoast SEO plugin v27.4 - https:\/\/yoast.com\/product\/yoast-seo-wordpress\/ -->\n<title>DIABALANCE Daily Support - Clinica Althea<\/title>\n<meta name=\"robots\" content=\"index, follow, max-snippet:-1, max-image-preview:large, max-video-preview:-1\" \/>\n<link rel=\"canonical\" href=\"https:\/\/www.clinicaalthea.com\/farmacia\/de\/apt\/diabalance-daily-support\/\" \/>\n<meta property=\"og:locale\" content=\"pl_PL\" \/>\n<meta property=\"og:type\" content=\"article\" \/>\n<meta property=\"og:title\" content=\"DIABALANCE Daily Support - Clinica Althea\" \/>\n<meta property=\"og:description\" content=\"59.00 \u20ac  118.00 \u20ac\" \/>\n<meta property=\"og:url\" content=\"https:\/\/www.clinicaalthea.com\/farmacia\/de\/apt\/diabalance-daily-support\/\" \/>\n<meta property=\"og:site_name\" content=\"Clinica Althea\" \/>\n<meta property=\"article:modified_time\" content=\"2024-03-17T10:08:43+00:00\" \/>\n<meta property=\"og:image\" content=\"https:\/\/www.clinicaalthea.com\/farmacia\/wp-content\/uploads\/2024\/03\/DIABALANCE-Daily-Support.jpg\" \/>\n\t<meta property=\"og:image:width\" content=\"768\" \/>\n\t<meta property=\"og:image:height\" content=\"768\" \/>\n\t<meta property=\"og:image:type\" content=\"image\/jpeg\" \/>\n<meta name=\"twitter:card\" content=\"summary_large_image\" \/>\n<meta name=\"twitter:label1\" content=\"Szacowany czas czytania\" \/>\n\t<meta name=\"twitter:data1\" content=\"9 minut\" \/>\n<script type=\"application\/ld+json\" class=\"yoast-schema-graph\">{\"@context\":\"https:\\\/\\\/schema.org\",\"@graph\":[{\"@type\":\"WebPage\",\"@id\":\"https:\\\/\\\/www.clinicaalthea.com\\\/farmacia\\\/de\\\/apt\\\/diabalance-daily-support\\\/\",\"url\":\"https:\\\/\\\/www.clinicaalthea.com\\\/farmacia\\\/de\\\/apt\\\/diabalance-daily-support\\\/\",\"name\":\"DIABALANCE Daily Support - Clinica Althea\",\"isPartOf\":{\"@id\":\"https:\\\/\\\/www.clinicaalthea.com\\\/farmacia\\\/#website\"},\"primaryImageOfPage\":{\"@id\":\"https:\\\/\\\/www.clinicaalthea.com\\\/farmacia\\\/de\\\/apt\\\/diabalance-daily-support\\\/#primaryimage\"},\"image\":{\"@id\":\"https:\\\/\\\/www.clinicaalthea.com\\\/farmacia\\\/de\\\/apt\\\/diabalance-daily-support\\\/#primaryimage\"},\"thumbnailUrl\":\"https:\\\/\\\/www.clinicaalthea.com\\\/farmacia\\\/wp-content\\\/uploads\\\/2024\\\/03\\\/DIABALANCE-Daily-Support.jpg\",\"datePublished\":\"2024-03-17T10:06:40+00:00\",\"dateModified\":\"2024-03-17T10:08:43+00:00\",\"breadcrumb\":{\"@id\":\"https:\\\/\\\/www.clinicaalthea.com\\\/farmacia\\\/de\\\/apt\\\/diabalance-daily-support\\\/#breadcrumb\"},\"inLanguage\":\"pl-PL\",\"potentialAction\":[{\"@type\":\"ReadAction\",\"target\":[\"https:\\\/\\\/www.clinicaalthea.com\\\/farmacia\\\/de\\\/apt\\\/diabalance-daily-support\\\/\"]}]},{\"@type\":\"ImageObject\",\"inLanguage\":\"pl-PL\",\"@id\":\"https:\\\/\\\/www.clinicaalthea.com\\\/farmacia\\\/de\\\/apt\\\/diabalance-daily-support\\\/#primaryimage\",\"url\":\"https:\\\/\\\/www.clinicaalthea.com\\\/farmacia\\\/wp-content\\\/uploads\\\/2024\\\/03\\\/DIABALANCE-Daily-Support.jpg\",\"contentUrl\":\"https:\\\/\\\/www.clinicaalthea.com\\\/farmacia\\\/wp-content\\\/uploads\\\/2024\\\/03\\\/DIABALANCE-Daily-Support.jpg\",\"width\":768,\"height\":768,\"caption\":\"DIABALANCE Daily Support\"},{\"@type\":\"BreadcrumbList\",\"@id\":\"https:\\\/\\\/www.clinicaalthea.com\\\/farmacia\\\/de\\\/apt\\\/diabalance-daily-support\\\/#breadcrumb\",\"itemListElement\":[{\"@type\":\"ListItem\",\"position\":1,\"name\":\"Strona g\u0142\u00f3wna\",\"item\":\"https:\\\/\\\/www.clinicaalthea.com\\\/farmacia\\\/\"},{\"@type\":\"ListItem\",\"position\":2,\"name\":\"Produkty\",\"item\":\"https:\\\/\\\/www.clinicaalthea.com\\\/farmacia\\\/\"},{\"@type\":\"ListItem\",\"position\":3,\"name\":\"DIABALANCE Daily Support\"}]},{\"@type\":\"WebSite\",\"@id\":\"https:\\\/\\\/www.clinicaalthea.com\\\/farmacia\\\/#website\",\"url\":\"https:\\\/\\\/www.clinicaalthea.com\\\/farmacia\\\/\",\"name\":\"Clinica Althea\",\"description\":\"\",\"publisher\":{\"@id\":\"https:\\\/\\\/www.clinicaalthea.com\\\/farmacia\\\/#organization\"},\"potentialAction\":[{\"@type\":\"SearchAction\",\"target\":{\"@type\":\"EntryPoint\",\"urlTemplate\":\"https:\\\/\\\/www.clinicaalthea.com\\\/farmacia\\\/?s={search_term_string}\"},\"query-input\":{\"@type\":\"PropertyValueSpecification\",\"valueRequired\":true,\"valueName\":\"search_term_string\"}}],\"inLanguage\":\"pl-PL\"},{\"@type\":\"Organization\",\"@id\":\"https:\\\/\\\/www.clinicaalthea.com\\\/farmacia\\\/#organization\",\"name\":\"Clinica Althea\",\"url\":\"https:\\\/\\\/www.clinicaalthea.com\\\/farmacia\\\/\",\"logo\":{\"@type\":\"ImageObject\",\"inLanguage\":\"pl-PL\",\"@id\":\"https:\\\/\\\/www.clinicaalthea.com\\\/farmacia\\\/#\\\/schema\\\/logo\\\/image\\\/\",\"url\":\"https:\\\/\\\/www.clinicaalthea.com\\\/farmacia\\\/wp-content\\\/uploads\\\/2023\\\/12\\\/Jak-diagnozuje-sie-FAS_-objawy-kryteria-diagnostyczne-i-metody-diagnozowania-154162903.jpg\",\"contentUrl\":\"https:\\\/\\\/www.clinicaalthea.com\\\/farmacia\\\/wp-content\\\/uploads\\\/2023\\\/12\\\/Jak-diagnozuje-sie-FAS_-objawy-kryteria-diagnostyczne-i-metody-diagnozowania-154162903.jpg\",\"width\":1216,\"height\":832,\"caption\":\"Clinica Althea\"},\"image\":{\"@id\":\"https:\\\/\\\/www.clinicaalthea.com\\\/farmacia\\\/#\\\/schema\\\/logo\\\/image\\\/\"}}]}<\/script>\n<!-- \/ Yoast SEO plugin. -->","yoast_head_json":{"title":"DIABALANCE Daily Support - Clinica Althea","robots":{"index":"index","follow":"follow","max-snippet":"max-snippet:-1","max-image-preview":"max-image-preview:large","max-video-preview":"max-video-preview:-1"},"canonical":"https:\/\/www.clinicaalthea.com\/farmacia\/de\/apt\/diabalance-daily-support\/","og_locale":"pl_PL","og_type":"article","og_title":"DIABALANCE Daily Support - Clinica Althea","og_description":"59.00 \u20ac  118.00 \u20ac","og_url":"https:\/\/www.clinicaalthea.com\/farmacia\/de\/apt\/diabalance-daily-support\/","og_site_name":"Clinica Althea","article_modified_time":"2024-03-17T10:08:43+00:00","og_image":[{"width":768,"height":768,"url":"https:\/\/www.clinicaalthea.com\/farmacia\/wp-content\/uploads\/2024\/03\/DIABALANCE-Daily-Support.jpg","type":"image\/jpeg"}],"twitter_card":"summary_large_image","twitter_misc":{"Szacowany czas czytania":"9 minut"},"schema":{"@context":"https:\/\/schema.org","@graph":[{"@type":"WebPage","@id":"https:\/\/www.clinicaalthea.com\/farmacia\/de\/apt\/diabalance-daily-support\/","url":"https:\/\/www.clinicaalthea.com\/farmacia\/de\/apt\/diabalance-daily-support\/","name":"DIABALANCE Daily Support - Clinica Althea","isPartOf":{"@id":"https:\/\/www.clinicaalthea.com\/farmacia\/#website"},"primaryImageOfPage":{"@id":"https:\/\/www.clinicaalthea.com\/farmacia\/de\/apt\/diabalance-daily-support\/#primaryimage"},"image":{"@id":"https:\/\/www.clinicaalthea.com\/farmacia\/de\/apt\/diabalance-daily-support\/#primaryimage"},"thumbnailUrl":"https:\/\/www.clinicaalthea.com\/farmacia\/wp-content\/uploads\/2024\/03\/DIABALANCE-Daily-Support.jpg","datePublished":"2024-03-17T10:06:40+00:00","dateModified":"2024-03-17T10:08:43+00:00","breadcrumb":{"@id":"https:\/\/www.clinicaalthea.com\/farmacia\/de\/apt\/diabalance-daily-support\/#breadcrumb"},"inLanguage":"pl-PL","potentialAction":[{"@type":"ReadAction","target":["https:\/\/www.clinicaalthea.com\/farmacia\/de\/apt\/diabalance-daily-support\/"]}]},{"@type":"ImageObject","inLanguage":"pl-PL","@id":"https:\/\/www.clinicaalthea.com\/farmacia\/de\/apt\/diabalance-daily-support\/#primaryimage","url":"https:\/\/www.clinicaalthea.com\/farmacia\/wp-content\/uploads\/2024\/03\/DIABALANCE-Daily-Support.jpg","contentUrl":"https:\/\/www.clinicaalthea.com\/farmacia\/wp-content\/uploads\/2024\/03\/DIABALANCE-Daily-Support.jpg","width":768,"height":768,"caption":"DIABALANCE Daily Support"},{"@type":"BreadcrumbList","@id":"https:\/\/www.clinicaalthea.com\/farmacia\/de\/apt\/diabalance-daily-support\/#breadcrumb","itemListElement":[{"@type":"ListItem","position":1,"name":"Strona g\u0142\u00f3wna","item":"https:\/\/www.clinicaalthea.com\/farmacia\/"},{"@type":"ListItem","position":2,"name":"Produkty","item":"https:\/\/www.clinicaalthea.com\/farmacia\/"},{"@type":"ListItem","position":3,"name":"DIABALANCE Daily Support"}]},{"@type":"WebSite","@id":"https:\/\/www.clinicaalthea.com\/farmacia\/#website","url":"https:\/\/www.clinicaalthea.com\/farmacia\/","name":"Clinica Althea","description":"","publisher":{"@id":"https:\/\/www.clinicaalthea.com\/farmacia\/#organization"},"potentialAction":[{"@type":"SearchAction","target":{"@type":"EntryPoint","urlTemplate":"https:\/\/www.clinicaalthea.com\/farmacia\/?s={search_term_string}"},"query-input":{"@type":"PropertyValueSpecification","valueRequired":true,"valueName":"search_term_string"}}],"inLanguage":"pl-PL"},{"@type":"Organization","@id":"https:\/\/www.clinicaalthea.com\/farmacia\/#organization","name":"Clinica Althea","url":"https:\/\/www.clinicaalthea.com\/farmacia\/","logo":{"@type":"ImageObject","inLanguage":"pl-PL","@id":"https:\/\/www.clinicaalthea.com\/farmacia\/#\/schema\/logo\/image\/","url":"https:\/\/www.clinicaalthea.com\/farmacia\/wp-content\/uploads\/2023\/12\/Jak-diagnozuje-sie-FAS_-objawy-kryteria-diagnostyczne-i-metody-diagnozowania-154162903.jpg","contentUrl":"https:\/\/www.clinicaalthea.com\/farmacia\/wp-content\/uploads\/2023\/12\/Jak-diagnozuje-sie-FAS_-objawy-kryteria-diagnostyczne-i-metody-diagnozowania-154162903.jpg","width":1216,"height":832,"caption":"Clinica Althea"},"image":{"@id":"https:\/\/www.clinicaalthea.com\/farmacia\/#\/schema\/logo\/image\/"}}]}},"lang":"de","translations":{"de":1924,"fi":1926,"sl":1927},"pll_sync_post":[],"_links":{"self":[{"href":"https:\/\/www.clinicaalthea.com\/farmacia\/wp-json\/wp\/v2\/product\/1924","targetHints":{"allow":["GET"]}}],"collection":[{"href":"https:\/\/www.clinicaalthea.com\/farmacia\/wp-json\/wp\/v2\/product"}],"about":[{"href":"https:\/\/www.clinicaalthea.com\/farmacia\/wp-json\/wp\/v2\/types\/product"}],"replies":[{"embeddable":true,"href":"https:\/\/www.clinicaalthea.com\/farmacia\/wp-json\/wp\/v2\/comments?post=1924"}],"wp:featuredmedia":[{"embeddable":true,"href":"https:\/\/www.clinicaalthea.com\/farmacia\/wp-json\/wp\/v2\/media\/1925"}],"wp:attachment":[{"href":"https:\/\/www.clinicaalthea.com\/farmacia\/wp-json\/wp\/v2\/media?parent=1924"}],"wp:term":[{"taxonomy":"product_brand","embeddable":true,"href":"https:\/\/www.clinicaalthea.com\/farmacia\/wp-json\/wp\/v2\/product_brand?post=1924"},{"taxonomy":"product_cat","embeddable":true,"href":"https:\/\/www.clinicaalthea.com\/farmacia\/wp-json\/wp\/v2\/product_cat?post=1924"},{"taxonomy":"product_tag","embeddable":true,"href":"https:\/\/www.clinicaalthea.com\/farmacia\/wp-json\/wp\/v2\/product_tag?post=1924"}],"curies":[{"name":"wp","href":"https:\/\/api.w.org\/{rel}","templated":true}]}}