{"id":1875,"date":"2024-03-16T20:21:29","date_gmt":"2024-03-16T19:21:29","guid":{"rendered":"https:\/\/mayoguide.org\/produkty\/?post_type=product&#038;p=1875"},"modified":"2024-03-16T20:48:14","modified_gmt":"2024-03-16T19:48:14","slug":"slimella-fit","status":"publish","type":"product","link":"https:\/\/www.clinicaalthea.com\/farmacia\/cs\/apt\/slimella-fit\/","title":{"rendered":"Slimella FIT"},"content":{"rendered":"\n<p>Hled\u00e1te inovativn\u00ed dopln\u011bk stravy, kter\u00fd komplexn\u011b podporuje hubnut\u00ed? Pokud ano, m\u011bli byste se sezn\u00e1mit se <b>Slimella FIT<\/b> &#8211; <b>p\u0159\u00edrodn\u00edm podp\u016frn\u00fdm<\/b> p\u0159\u00edpravkem zalo\u017een\u00fdm na pe\u010dliv\u011b vybran\u00e9m slo\u017een\u00ed rostlinn\u00fdch slo\u017eek. M\u016f\u017eete s t\u00edmto produktem skute\u010dn\u011b dos\u00e1hnout \u00fa\u010dinn\u00fdch v\u00fdsledk\u016f? M\u016f\u017ee p\u0159irozenost zm\u011bnit va\u0161i postavu? Objevte v\u00edce informac\u00ed o p\u0159\u00edpravku <b>Slimella FIT<\/b> a zjist\u011bte, jak m\u016f\u017ee ovlivnit va\u0161e zdrav\u00ed a pohodu.<\/p>\n\n\n\n<h3 class=\"wp-block-heading\" id=\"h-podsumowanie-kluczowych-informacji\">Shrnut\u00ed kl\u00ed\u010dov\u00fdch informac\u00ed:<\/h3>\n\n\n\n<ul class=\"wp-block-list\">\n<li><b>Slimella FIT<\/b> je <b>inovativn\u00ed dopln\u011bk stravy<\/b> s p\u0159\u00edrodn\u00ed podporou hubnut\u00ed.<\/li>\n\n\n\n<li>V\u00fdrobek je zalo\u017een na pe\u010dliv\u011b vybran\u00fdch rostlinn\u00fdch slo\u017ek\u00e1ch, jejich\u017e u\u017e\u00edv\u00e1n\u00ed je bezpe\u010dn\u00e9.<\/li>\n\n\n\n<li>Slimella FIT podporuje <b>spalov\u00e1n\u00ed tuk\u016f<\/b> a kontrolu chuti k j\u00eddlu a zvy\u0161uje metabolismus.<\/li>\n\n\n\n<li><b>Recenze u\u017eivatel\u016f<\/b> sv\u011bd\u010d\u00ed o \u00fa\u010dinnosti a d\u016fv\u011b\u0159e v tento produkt.<\/li>\n\n\n\n<li>Atraktivn\u00ed <b>akce<\/b> na ofici\u00e1ln\u00edch str\u00e1nk\u00e1ch v\u00fdrobce v\u00e1m umo\u017en\u00ed u\u0161et\u0159it na n\u00e1kupu Slimella FIT.<\/li>\n<\/ul>\n\n\n\n<h2 class=\"wp-block-heading\" id=\"h-co-to-jest-slimella-fit\">Co je Slimella FIT?<\/h2>\n\n\n\n<p>Slimella FIT je <b>inovativn\u00ed dopln\u011bk stravy<\/b>, kter\u00fd se odli\u0161uje od ostatn\u00edch produkt\u016f na hubnut\u00ed.<\/p>\n\n\n\n<p>V\u00fdrobek je zalo\u017een na pe\u010dliv\u011b vybran\u00fdch <em>rostlinn\u00fdch slo\u017ek\u00e1ch,<\/em> u kter\u00fdch byla v\u011bdecky prok\u00e1z\u00e1na \u00fa\u010dinnost p\u0159i podpo\u0159e spalov\u00e1n\u00ed tuk\u016f a kontrole chuti k j\u00eddlu.<\/p>\n\n\n\n<p>Jedn\u00e1 se o komplexn\u00ed p\u0159\u00edstup k hubnut\u00ed, kter\u00fd je zalo\u017een na pokro\u010dil\u00e9m v\u00fdzkumu a inovativn\u00edm slo\u017een\u00ed.<\/p>\n\n\n\n<p>Slimella FIT je k dispozici ve form\u011b kapsl\u00ed, co\u017e z n\u011bj \u010din\u00ed pohodln\u00fd a snadno pou\u017eiteln\u00fd dopln\u011bk stravy.<\/p>\n\n\n\n<h2 class=\"wp-block-heading\" id=\"h-jak-dziala-slimella-fit\">Jak Slimella FIT funguje?<\/h2>\n\n\n\n<p>Slimella FIT je <b>inovativn\u00ed dopln\u011bk stravy<\/b>, kter\u00fd vyu\u017e\u00edv\u00e1 s\u00edlu p\u0159\u00edrody k podpo\u0159e hubnut\u00ed. Jeho jedine\u010dn\u00e9 slo\u017een\u00ed se zam\u011b\u0159uje na p\u0159\u00edrodn\u00ed slo\u017eky, u kter\u00fdch bylo v\u011bdecky prok\u00e1z\u00e1no, \u017ee \u00fa\u010dinn\u011b podporuj\u00ed <b>spalov\u00e1n\u00ed tuk\u016f<\/b> a kontroluj\u00ed chu\u0165 k j\u00eddlu.<\/p>\n\n\n\n<p>D\u00edky pe\u010dliv\u011b vybran\u00fdm slo\u017ek\u00e1m funguje Slimella FIT komplexn\u011b a umo\u017e\u0148uje bezpe\u010dn\u00e9 a \u00fa\u010dinn\u00e9 hubnut\u00ed. Tyto slo\u017eky potvrzuj\u00ed <b>\u00fa\u010dinnost<\/b> tohoto dopl\u0148ku, kter\u00fd v\u00e1m umo\u017en\u00ed zhubnout, ani\u017e byste ohrozili sv\u00e9 zdrav\u00ed a pohodu.<\/p>\n\n\n\n<p>Slimella FIT je inovativn\u00ed v\u00fdrobek, kter\u00fd v\u00e1m umo\u017en\u00ed dos\u00e1hnout po\u017eadovan\u00fdch v\u00fdsledk\u016f p\u0159i hubnut\u00ed. A\u0165 u\u017e je v\u00e1\u0161 c\u00edl hubnut\u00ed jak\u00fdkoli, tento dopln\u011bk stravy v\u00e1m pom\u016f\u017ee kontrolovat chu\u0165 k j\u00eddlu, urychlit <b>spalov\u00e1n\u00ed tuk\u016f<\/b> a zlep\u0161it celkovou postavu.<\/p>\n\n\n\n<figure class=\"wp-block-table\"><table><tbody><tr><th>\u00da\u010dinek Slimella FIT<\/th><th>Slo\u017een\u00ed<\/th><\/tr><tr><td>Podporuje spalov\u00e1n\u00ed tuk\u016f<\/td><td>&#8211; Extrakt z indick\u00e9 kop\u0159ivy<\/td><\/tr><tr><td>Kontroluje chu\u0165 k j\u00eddlu<\/td><td>&#8211; Extrakt ze zelen\u00e9ho \u010daje<\/td><\/tr><tr><td>Podporuje proces hubnut\u00ed<\/td><td>&#8211; Extrakt z ho\u0159k\u00e9ho pomeran\u010de<\/td><\/tr><tr><td> <\/td><td>&#8211; Chrom<\/td><\/tr><tr><td> <\/td><td>&#8211; Mikrod\u00e1vka kofeinu<\/td><\/tr><\/tbody><\/table><\/figure>\n\n\n\n<p>D\u00edky kombinaci t\u011bchto slo\u017eek p\u016fsob\u00ed Slimella FIT synergicky a poskytuje komplexn\u00ed podporu p\u0159i hubnut\u00ed. Zapome\u0148te na ob\u011bti a nezdrav\u00e9 diety, se Slimella FIT m\u016f\u017eete dos\u00e1hnout sv\u00fdch c\u00edl\u016f a t\u011b\u0161it se ze zdrav\u00e9 postavy.<\/p>\n\n\n\n<h2 class=\"wp-block-heading\" id=\"h-efekty-stosowania-slimella-fit\">\u00da\u010dinky Slimella FIT<\/h2>\n\n\n\n<p>Slimella FIT je revolu\u010dn\u00ed dopln\u011bk stravy, kter\u00fd p\u0159in\u00e1\u0161\u00ed p\u016fsobiv\u00e9 <b>v\u00fdsledky<\/b> p\u0159i hubnut\u00ed. D\u00edky tomuto inovativn\u00edmu p\u0159\u00edpravku m\u016f\u017eete dos\u00e1hnout \u00fa\u010dinn\u00e9ho a trval\u00e9ho \u00fabytku hmotnosti, co\u017e v\u00e1m zajist\u00ed zdrav\u011bj\u0161\u00ed a atraktivn\u011bj\u0161\u00ed postavu.<\/p>\n\n\n\n<p><b>P\u016fsoben\u00ed<\/b> Slimella FIT je zalo\u017eeno na slo\u017ek\u00e1ch, kter\u00e9 \u00fa\u010dinn\u011b podporuj\u00ed spalov\u00e1n\u00ed tuk\u016f a redukci hmotnosti. Dopln\u011bk zrychluje metabolismus, co\u017e se projevuje intenzivn\u011bj\u0161\u00edm spalov\u00e1n\u00edm nahromad\u011bn\u00e9 tukov\u00e9 tk\u00e1n\u011b. Krom\u011b toho Slimella FIT potla\u010duje chu\u0165 k j\u00eddlu, \u010d\u00edm\u017e usnad\u0148uje kontrolu p\u0159\u00edjmu kalori\u00ed.<\/p>\n\n\n\n<p>Pravideln\u00e9 <b>u\u017e\u00edv\u00e1n\u00ed<\/b> Slimella FIT sni\u017euje mno\u017estv\u00ed t\u011blesn\u00e9ho tuku, zejm\u00e9na v t\u011b\u017eko odstraniteln\u00fdch oblastech, jako jsou b\u0159icho, boky a stehna. Dopln\u011bk nav\u00edc dod\u00e1v\u00e1 t\u011blu energii nav\u00edc, co\u017e umo\u017e\u0148uje b\u00fdt aktivn\u00ed a udr\u017eet si vysokou v\u00fdkonnost po cel\u00fd den.<\/p>\n\n\n\n<p>Se Slimella FIT m\u016f\u017eete nejen zhubnout, ale tak\u00e9 si zlep\u0161it n\u00e1ladu. Dopln\u011bk zlep\u0161uje n\u00e1ladu a navozuje pocit zv\u00fd\u0161en\u00e9 energie, co\u017e se projevuje pozitivn\u00edmi zm\u011bnami v t\u011ble i mysli.<\/p>\n\n\n\n<figure class=\"wp-block-table\"><table><thead><tr><th>V\u00fdhody Slimella FIT<\/th><th>Nev\u00fdhody Slimella FIT<\/th><\/tr><\/thead><tbody><tr><td>\n<ul>\n<li>Zvy\u0161uje rychlost metabolismu<\/li>\n<li>Tlum\u00ed chu\u0165 k j\u00eddlu<\/li>\n<li>Sni\u017euje mno\u017estv\u00ed t\u011blesn\u00e9ho tuku<\/li>\n<li>Poskytuje dodate\u010dnou energii<\/li>\n<li>Zlep\u0161uje pohodu<\/li>\n<\/ul>\n<\/td><td>\n<ul>\n<li>K dost\u00e1n\u00ed p\u0159\u00edmo od v\u00fdrobce<\/li>\n<li>Nen\u00ed k dispozici ve v\u0161ech zem\u00edch<\/li>\n<\/ul>\n<\/td><\/tr><\/tbody><\/table><\/figure>\n\n\n\n<p><b>V\u00fdhody<\/b> Slimella FIT jsou p\u00e1dn\u00fdm d\u016fvodem pro volbu tohoto dopl\u0148ku stravy. D\u00edky sv\u00fdm p\u0159\u00edrodn\u00edm slo\u017ek\u00e1m a komplexn\u00edmu p\u0159\u00edstupu k hubnut\u00ed zaji\u0161\u0165uje Slimella FIT \u00fa\u010dinn\u00e9 spalov\u00e1n\u00ed tuk\u016f a dosa\u017een\u00ed trval\u00fdch v\u00fdsledk\u016f p\u0159i sni\u017eov\u00e1n\u00ed hmotnosti.<\/p>\n\n\n\n<h2 class=\"wp-block-heading\" id=\"h-jak-stosowac-slimella-fit-dawkowanie-i-zalecenia\">Jak pou\u017e\u00edvat Slimella FIT? &#8211; D\u00e1vkov\u00e1n\u00ed a doporu\u010den\u00ed<\/h2>\n\n\n\n<p>Abyste dos\u00e1hli maxim\u00e1ln\u00edch <b>\u00fa\u010dink\u016f<\/b> a p\u0159\u00ednos\u016f u\u017e\u00edv\u00e1n\u00ed Slimella FIT, doporu\u010dujeme dodr\u017eovat p\u0159\u00edslu\u0161n\u00e1 doporu\u010den\u00ed pro u\u017e\u00edv\u00e1n\u00ed tohoto dopl\u0148ku stravy. U\u017e\u00edv\u00e1n\u00ed p\u0159\u00edpravku Slimella FIT zp\u016fsobem odpov\u00eddaj\u00edc\u00edm doporu\u010den\u00edm v\u00fdrobce pom\u016f\u017ee dos\u00e1hnout optim\u00e1ln\u00edch v\u00fdsledk\u016f v procesu hubnut\u00ed.<\/p>\n\n\n\n<p><b>D\u00e1vkov\u00e1n\u00ed p\u0159\u00edprav<\/b> ku Slimella FIT je jednoduch\u00e9 a snadno zapamatovateln\u00e9. Doporu\u010duje se u\u017e\u00edvat jednu kapsli dvakr\u00e1t denn\u011b, nejl\u00e9pe p\u0159ed j\u00eddlem. Kapsli je t\u0159eba zap\u00edt dostate\u010dn\u00fdm mno\u017estv\u00edm vody, aby se usnadnil pr\u016fchod do tr\u00e1vic\u00edho syst\u00e9mu a \u00fa\u010dinn\u00e9 <b>p\u016fsoben\u00ed<\/b> \u00fa\u010dinn\u00fdch l\u00e1tek.<\/p>\n\n\n\n<p>Je d\u016fle\u017eit\u00e9 dodr\u017eovat doporu\u010den\u00e9 d\u00e1vkov\u00e1n\u00ed p\u0159\u00edpravku Slimella FIT. Zv\u00fd\u0161en\u00ed d\u00e1vky nad doporu\u010den\u00e9 mno\u017estv\u00ed neurychl\u00ed proces hubnut\u00ed. \u00da\u010dinn\u00e9 l\u00e1tky v dopl\u0148ku maj\u00ed specifick\u00fd <b>\u00fa\u010dinek<\/b> a m\u00edrn\u00e9 <b>d\u00e1vkov\u00e1n\u00ed<\/b> zaji\u0161\u0165uje jejich <b>\u00fa\u010dinnost<\/b> a bezpe\u010dnost.<\/p>\n\n\n\n<p>P\u0159i u\u017e\u00edv\u00e1n\u00ed Slimella FIT se tak\u00e9 doporu\u010duje zajistit dostate\u010dn\u00fd p\u0159\u00edjem vody. Voda pom\u00e1h\u00e1 zlep\u0161it vst\u0159eb\u00e1v\u00e1n\u00ed \u00fa\u010dinn\u00fdch l\u00e1tek a podporuje celkov\u00fd proces hubnut\u00ed.<\/p>\n\n\n\n<p><b>\u00da\u010dinnost<\/b> Slimella FIT z\u00e1vis\u00ed tak\u00e9 na spr\u00e1vn\u00e9m u\u017e\u00edv\u00e1n\u00ed dopl\u0148ku a pravidelnosti p\u0159\u00edjmu. Pravideln\u00e9 <b>u\u017e\u00edv\u00e1n\u00ed<\/b> Slimella FIT podle doporu\u010den\u00ed v\u00fdrobce p\u0159inese nejlep\u0161\u00ed <b>v\u00fdsledky<\/b> a dosa\u017een\u00ed zam\u00fd\u0161len\u00fdch c\u00edl\u016f hubnut\u00ed.<\/p>\n\n\n\n<h3 class=\"wp-block-heading\" id=\"h-zalecenia-dotyczace-stosowania-slimella-fit\">Doporu\u010den\u00ed pro u\u017e\u00edv\u00e1n\u00ed p\u0159\u00edpravku Slimella FIT:<\/h3>\n\n\n\n<ul class=\"wp-block-list\">\n<li>U\u017e\u00edvejte jednu kapsli p\u0159\u00edpravku Slimella FIT dvakr\u00e1t denn\u011b.<\/li>\n\n\n\n<li>Kapsli u\u017e\u00edvejte p\u0159ed j\u00eddlem.<\/li>\n\n\n\n<li>Kapsli zapijte dostate\u010dn\u00fdm mno\u017estv\u00edm vody.<\/li>\n\n\n\n<li>Dodr\u017eujte doporu\u010den\u00ed pro d\u00e1vkov\u00e1n\u00ed.<\/li>\n\n\n\n<li>Nep\u0159ekra\u010dujte doporu\u010den\u00e9 d\u00e1vkov\u00e1n\u00ed.<\/li>\n\n\n\n<li>Dbejte na pravideln\u00e9 u\u017e\u00edv\u00e1n\u00ed dopl\u0148ku stravy.<\/li>\n\n\n\n<li>B\u011bhem dne vypijte dostate\u010dn\u00e9 mno\u017estv\u00ed vody.<\/li>\n<\/ul>\n\n\n\n<p>U\u017e\u00edv\u00e1n\u00ed p\u0159\u00edpravku Slimella FIT podle doporu\u010den\u00ed v\u00fdrobce je kl\u00ed\u010dem k dosa\u017een\u00ed zam\u00fd\u0161len\u00fdch v\u00fdsledk\u016f p\u0159i hubnut\u00ed. P\u0159ed u\u017e\u00edv\u00e1n\u00edm dopl\u0148ku je v\u017edy dobr\u00e9 poradit se s l\u00e9ka\u0159em nebo dietologem, zejm\u00e9na pokud m\u00e1te n\u011bjak\u00e9 st\u00e1vaj\u00edc\u00ed zdravotn\u00ed pot\u00ed\u017ee nebo u\u017e\u00edv\u00e1te jin\u00e9 l\u00e9ky.<\/p>\n\n\n\n<h2 class=\"wp-block-heading\" id=\"h-slimella-fit-opinie-uzytkownikow-forum-co-mowia-uzytkownicy\">Slimella FIT &#8211; Recenze u\u017eivatel\u016f, f\u00f3rum &#8211; Co na to \u0159\u00edkaj\u00ed u\u017eivatel\u00e9?<\/h2>\n\n\n\n<p><b>Recenze u\u017eivatel\u016f<\/b> jsou p\u0159i v\u00fdb\u011bru dopl\u0148k\u016f stravy, jako je Slimella FIT, velmi d\u016fle\u017eit\u00e9. Mnoho lid\u00ed v\u00fdrobek jednozna\u010dn\u011b chv\u00e1l\u00ed, co\u017e sv\u011bd\u010d\u00ed o jeho \u00fa\u010dinnosti a z\u00edsk\u00e1n\u00ed d\u016fv\u011bry u\u017eivatel\u016f. U\u017eivatel\u00e9 spr\u00e1vn\u011b zd\u016fraz\u0148uj\u00ed, \u017ee Slimella FIT je mimo\u0159\u00e1dn\u011b u\u017eite\u010dn\u00fd v procesu hubnut\u00ed, v\u00fdrazn\u011b zrychluje metabolismus, sni\u017euje chu\u0165 k j\u00eddlu a m\u00e1 pozitivn\u00ed vliv na pohodu.<\/p>\n\n\n\n<p><b>Zp\u011btn\u00e1 vazba<\/b> od u\u017eivatel\u016f je jednomysln\u00e1, \u017ee Slimella FIT je \u00fa\u010dinn\u00e1 p\u0159i podpo\u0159e sni\u017eov\u00e1n\u00ed hmotnosti a dosahov\u00e1n\u00ed po\u017eadovan\u00fdch v\u00fdsledk\u016f. U\u017e\u00edv\u00e1n\u00ed p\u0159\u00edpravku Slimella FIT tak\u00e9 prokazateln\u011b prosp\u00edv\u00e1 energii a v\u00fddr\u017ei u\u017eivatel\u016f. P\u0159\u00edrodn\u00ed slo\u017een\u00ed kapsl\u00ed je tak\u00e9 velmi oce\u0148ov\u00e1no a je ide\u00e1ln\u00ed pro lidi, kte\u0159\u00ed d\u00e1vaj\u00ed p\u0159ednost p\u0159\u00edrodn\u00edm produkt\u016fm.<\/p>\n\n\n\n<blockquote class=\"wp-block-quote is-layout-flow wp-block-quote-is-layout-flow\">\n<p>Recenze u\u017eivatel\u016f poskytuj\u00ed siln\u00e9 potvrzen\u00ed \u00fa\u010dinnosti Slimella FIT p\u0159i hubnut\u00ed. Jedn\u00e1 se o <b>p\u0159\u00edrodn\u00ed podporu<\/b>, na kterou stoj\u00ed za to vsadit.<\/p>\n<\/blockquote>\n\n\n\n<h2 class=\"wp-block-heading\" id=\"h-slimella-fit-sklad\">Slimella FIT &#8211; Slo\u017een\u00ed<\/h2>\n\n\n\n<p>Slimella FIT je inovativn\u00ed dopln\u011bk stravy, kter\u00fd se skl\u00e1d\u00e1 z p\u0159\u00edrodn\u00edch slo\u017eek s prok\u00e1zan\u00fdmi vlastnostmi na podporu hubnut\u00ed. Jeho pe\u010dliv\u011b vybran\u00e9 slo\u017een\u00ed obsahuje \u0159adu l\u00e1tek, kter\u00e9 p\u016fsob\u00ed synergicky a tvo\u0159\u00ed komplexn\u00ed vzorec. N\u00ed\u017ee jsou uvedeny n\u011bkter\u00e9 z kl\u00ed\u010dov\u00fdch slo\u017eek, kter\u00e9 podporuj\u00ed proces spalov\u00e1n\u00ed tuk\u016f a sni\u017eov\u00e1n\u00ed hmotnosti:<\/p>\n\n\n\n<figure class=\"wp-block-table\"><table><tbody><tr><th>Slo\u017een\u00ed<\/th><th>Vlastnosti<\/th><\/tr><tr><td>Extrakt z indick\u00e9 kop\u0159ivy<\/td><td>Podporuje metabolismus tuk\u016f a kontrolu chuti k j\u00eddlu<\/td><\/tr><tr><td>Extrakt ze zelen\u00e9ho \u010daje<\/td><td>M\u00e1 antioxida\u010dn\u00ed \u00fa\u010dinek a urychluje spalov\u00e1n\u00ed tuk\u016f<\/td><\/tr><tr><td>Extrakt z ho\u0159k\u00e9ho pomeran\u010de<\/td><td>Zvy\u0161uje termogenezi a redukuje tukovou tk\u00e1\u0148<\/td><\/tr><tr><td>Chrom<\/td><td>Reguluje hladinu cukru v krvi a chu\u0165 k j\u00eddlu<\/td><\/tr><tr><td>Mikrod\u00e1vka kofeinu<\/td><td>Dod\u00e1v\u00e1 dodate\u010dnou energii a vytrvalost<\/td><\/tr><\/tbody><\/table><\/figure>\n\n\n\n<p>Tyto slo\u017eky v kombinaci s dal\u0161\u00edmi l\u00e1tkami obsa\u017een\u00fdmi v p\u0159\u00edpravku Slimella FIT vytv\u00e1\u0159ej\u00ed jedine\u010dnou formuli, kter\u00e1 podporuje hubnut\u00ed a pom\u00e1h\u00e1 v\u00e1m dos\u00e1hnout vytou\u017een\u00e9 postavy. Je t\u0159eba m\u00edt na pam\u011bti, \u017ee dopl\u0148ky stravy by m\u011bly b\u00fdt u\u017e\u00edv\u00e1ny v souladu s doporu\u010den\u00edmi v\u00fdrobce a nenahrazuj\u00ed zdravou stravu a fyzickou aktivitu.<\/p>\n\n\n\n<h2 class=\"wp-block-heading\" id=\"h-ile-kosztuje-slimella-fit-cena-promocje\">Kolik stoj\u00ed Slimella FIT &#8211; cena, akce<\/h2>\n\n\n\n<p>Standardn\u00ed <b>cena<\/b> balen\u00ed Slimella FIT je k dispozici na ofici\u00e1ln\u00edch str\u00e1nk\u00e1ch v\u00fdrobce. V\u00fdrobce nab\u00edz\u00ed atraktivn\u00ed <b>akce,<\/b> kter\u00e9 umo\u017e\u0148uj\u00ed u\u0161et\u0159it a\u017e 50 % z n\u00e1kupu. <\/p>\n\n\n\n<p>Vyplat\u00ed se sledovat ofici\u00e1ln\u00ed str\u00e1nky v\u00fdrobce, abyste m\u011bli aktu\u00e1ln\u00ed informace o dostupn\u00fdch akc\u00edch a mohli vyu\u017e\u00edt nejv\u00fdhodn\u011bj\u0161\u00ed nab\u00eddky. D\u00edky akc\u00edm m\u016f\u017eete investovat do sv\u00e9ho zdrav\u00ed a postavy a z\u00e1rove\u0148 u\u0161et\u0159it.<\/p>\n","protected":false},"excerpt":{"rendered":"<p><strong>1069.00 K\u010d<\/strong><\/p>\n<p><del>2138.00 K\u010d<\/del><\/p>\n<p><strong>[date_countdown]<\/strong><\/p>\n","protected":false},"featured_media":1869,"comment_status":"open","ping_status":"closed","template":"","meta":{"neve_meta_sidebar":"","neve_meta_container":"","neve_meta_enable_content_width":"","neve_meta_content_width":0,"neve_meta_title_alignment":"","neve_meta_author_avatar":"","neve_post_elements_order":"","neve_meta_disable_header":"","neve_meta_disable_footer":"","neve_meta_disable_title":"","neve_meta_reading_time":""},"product_brand":[],"product_cat":[49],"product_tag":[],"class_list":{"0":"post-1875","1":"product","2":"type-product","3":"status-publish","4":"has-post-thumbnail","6":"product_cat-zdravi","8":"first","9":"instock","10":"shipping-taxable","11":"product-type-external"},"yoast_head":"<!-- This site is optimized with the Yoast SEO plugin v27.4 - https:\/\/yoast.com\/product\/yoast-seo-wordpress\/ -->\n<title>Slimella FIT - Clinica Althea<\/title>\n<meta name=\"robots\" content=\"index, follow, max-snippet:-1, max-image-preview:large, max-video-preview:-1\" \/>\n<link rel=\"canonical\" href=\"https:\/\/www.clinicaalthea.com\/farmacia\/cs\/apt\/slimella-fit\/\" \/>\n<meta property=\"og:locale\" content=\"pl_PL\" \/>\n<meta property=\"og:type\" content=\"article\" \/>\n<meta property=\"og:title\" content=\"Slimella FIT - Clinica Althea\" \/>\n<meta property=\"og:description\" content=\"1069.00 K\u010d 2138.00 K\u010d\" \/>\n<meta property=\"og:url\" content=\"https:\/\/www.clinicaalthea.com\/farmacia\/cs\/apt\/slimella-fit\/\" \/>\n<meta property=\"og:site_name\" content=\"Clinica Althea\" \/>\n<meta property=\"article:modified_time\" content=\"2024-03-16T19:48:14+00:00\" \/>\n<meta property=\"og:image\" content=\"https:\/\/www.clinicaalthea.com\/farmacia\/wp-content\/uploads\/2024\/03\/Slimella-Fit.jpg\" \/>\n\t<meta property=\"og:image:width\" content=\"768\" \/>\n\t<meta property=\"og:image:height\" content=\"768\" \/>\n\t<meta property=\"og:image:type\" content=\"image\/jpeg\" \/>\n<meta name=\"twitter:card\" content=\"summary_large_image\" \/>\n<meta name=\"twitter:label1\" content=\"Szacowany czas czytania\" \/>\n\t<meta name=\"twitter:data1\" content=\"7 minut\" \/>\n<script type=\"application\/ld+json\" class=\"yoast-schema-graph\">{\"@context\":\"https:\\\/\\\/schema.org\",\"@graph\":[{\"@type\":\"WebPage\",\"@id\":\"https:\\\/\\\/www.clinicaalthea.com\\\/farmacia\\\/cs\\\/apt\\\/slimella-fit\\\/\",\"url\":\"https:\\\/\\\/www.clinicaalthea.com\\\/farmacia\\\/cs\\\/apt\\\/slimella-fit\\\/\",\"name\":\"Slimella FIT - Clinica Althea\",\"isPartOf\":{\"@id\":\"https:\\\/\\\/www.clinicaalthea.com\\\/farmacia\\\/#website\"},\"primaryImageOfPage\":{\"@id\":\"https:\\\/\\\/www.clinicaalthea.com\\\/farmacia\\\/cs\\\/apt\\\/slimella-fit\\\/#primaryimage\"},\"image\":{\"@id\":\"https:\\\/\\\/www.clinicaalthea.com\\\/farmacia\\\/cs\\\/apt\\\/slimella-fit\\\/#primaryimage\"},\"thumbnailUrl\":\"https:\\\/\\\/www.clinicaalthea.com\\\/farmacia\\\/wp-content\\\/uploads\\\/2024\\\/03\\\/Slimella-Fit.jpg\",\"datePublished\":\"2024-03-16T19:21:29+00:00\",\"dateModified\":\"2024-03-16T19:48:14+00:00\",\"breadcrumb\":{\"@id\":\"https:\\\/\\\/www.clinicaalthea.com\\\/farmacia\\\/cs\\\/apt\\\/slimella-fit\\\/#breadcrumb\"},\"inLanguage\":\"pl-PL\",\"potentialAction\":[{\"@type\":\"ReadAction\",\"target\":[\"https:\\\/\\\/www.clinicaalthea.com\\\/farmacia\\\/cs\\\/apt\\\/slimella-fit\\\/\"]}]},{\"@type\":\"ImageObject\",\"inLanguage\":\"pl-PL\",\"@id\":\"https:\\\/\\\/www.clinicaalthea.com\\\/farmacia\\\/cs\\\/apt\\\/slimella-fit\\\/#primaryimage\",\"url\":\"https:\\\/\\\/www.clinicaalthea.com\\\/farmacia\\\/wp-content\\\/uploads\\\/2024\\\/03\\\/Slimella-Fit.jpg\",\"contentUrl\":\"https:\\\/\\\/www.clinicaalthea.com\\\/farmacia\\\/wp-content\\\/uploads\\\/2024\\\/03\\\/Slimella-Fit.jpg\",\"width\":768,\"height\":768,\"caption\":\"Slimella Fit\"},{\"@type\":\"BreadcrumbList\",\"@id\":\"https:\\\/\\\/www.clinicaalthea.com\\\/farmacia\\\/cs\\\/apt\\\/slimella-fit\\\/#breadcrumb\",\"itemListElement\":[{\"@type\":\"ListItem\",\"position\":1,\"name\":\"Strona g\u0142\u00f3wna\",\"item\":\"https:\\\/\\\/www.clinicaalthea.com\\\/farmacia\\\/\"},{\"@type\":\"ListItem\",\"position\":2,\"name\":\"Produkty\",\"item\":\"https:\\\/\\\/www.clinicaalthea.com\\\/farmacia\\\/\"},{\"@type\":\"ListItem\",\"position\":3,\"name\":\"Slimella FIT\"}]},{\"@type\":\"WebSite\",\"@id\":\"https:\\\/\\\/www.clinicaalthea.com\\\/farmacia\\\/#website\",\"url\":\"https:\\\/\\\/www.clinicaalthea.com\\\/farmacia\\\/\",\"name\":\"Clinica Althea\",\"description\":\"\",\"publisher\":{\"@id\":\"https:\\\/\\\/www.clinicaalthea.com\\\/farmacia\\\/#organization\"},\"potentialAction\":[{\"@type\":\"SearchAction\",\"target\":{\"@type\":\"EntryPoint\",\"urlTemplate\":\"https:\\\/\\\/www.clinicaalthea.com\\\/farmacia\\\/?s={search_term_string}\"},\"query-input\":{\"@type\":\"PropertyValueSpecification\",\"valueRequired\":true,\"valueName\":\"search_term_string\"}}],\"inLanguage\":\"pl-PL\"},{\"@type\":\"Organization\",\"@id\":\"https:\\\/\\\/www.clinicaalthea.com\\\/farmacia\\\/#organization\",\"name\":\"Clinica Althea\",\"url\":\"https:\\\/\\\/www.clinicaalthea.com\\\/farmacia\\\/\",\"logo\":{\"@type\":\"ImageObject\",\"inLanguage\":\"pl-PL\",\"@id\":\"https:\\\/\\\/www.clinicaalthea.com\\\/farmacia\\\/#\\\/schema\\\/logo\\\/image\\\/\",\"url\":\"https:\\\/\\\/www.clinicaalthea.com\\\/farmacia\\\/wp-content\\\/uploads\\\/2023\\\/12\\\/Jak-diagnozuje-sie-FAS_-objawy-kryteria-diagnostyczne-i-metody-diagnozowania-154162903.jpg\",\"contentUrl\":\"https:\\\/\\\/www.clinicaalthea.com\\\/farmacia\\\/wp-content\\\/uploads\\\/2023\\\/12\\\/Jak-diagnozuje-sie-FAS_-objawy-kryteria-diagnostyczne-i-metody-diagnozowania-154162903.jpg\",\"width\":1216,\"height\":832,\"caption\":\"Clinica Althea\"},\"image\":{\"@id\":\"https:\\\/\\\/www.clinicaalthea.com\\\/farmacia\\\/#\\\/schema\\\/logo\\\/image\\\/\"}}]}<\/script>\n<!-- \/ Yoast SEO plugin. -->","yoast_head_json":{"title":"Slimella FIT - Clinica Althea","robots":{"index":"index","follow":"follow","max-snippet":"max-snippet:-1","max-image-preview":"max-image-preview:large","max-video-preview":"max-video-preview:-1"},"canonical":"https:\/\/www.clinicaalthea.com\/farmacia\/cs\/apt\/slimella-fit\/","og_locale":"pl_PL","og_type":"article","og_title":"Slimella FIT - Clinica Althea","og_description":"1069.00 K\u010d 2138.00 K\u010d","og_url":"https:\/\/www.clinicaalthea.com\/farmacia\/cs\/apt\/slimella-fit\/","og_site_name":"Clinica Althea","article_modified_time":"2024-03-16T19:48:14+00:00","og_image":[{"width":768,"height":768,"url":"https:\/\/www.clinicaalthea.com\/farmacia\/wp-content\/uploads\/2024\/03\/Slimella-Fit.jpg","type":"image\/jpeg"}],"twitter_card":"summary_large_image","twitter_misc":{"Szacowany czas czytania":"7 minut"},"schema":{"@context":"https:\/\/schema.org","@graph":[{"@type":"WebPage","@id":"https:\/\/www.clinicaalthea.com\/farmacia\/cs\/apt\/slimella-fit\/","url":"https:\/\/www.clinicaalthea.com\/farmacia\/cs\/apt\/slimella-fit\/","name":"Slimella FIT - Clinica Althea","isPartOf":{"@id":"https:\/\/www.clinicaalthea.com\/farmacia\/#website"},"primaryImageOfPage":{"@id":"https:\/\/www.clinicaalthea.com\/farmacia\/cs\/apt\/slimella-fit\/#primaryimage"},"image":{"@id":"https:\/\/www.clinicaalthea.com\/farmacia\/cs\/apt\/slimella-fit\/#primaryimage"},"thumbnailUrl":"https:\/\/www.clinicaalthea.com\/farmacia\/wp-content\/uploads\/2024\/03\/Slimella-Fit.jpg","datePublished":"2024-03-16T19:21:29+00:00","dateModified":"2024-03-16T19:48:14+00:00","breadcrumb":{"@id":"https:\/\/www.clinicaalthea.com\/farmacia\/cs\/apt\/slimella-fit\/#breadcrumb"},"inLanguage":"pl-PL","potentialAction":[{"@type":"ReadAction","target":["https:\/\/www.clinicaalthea.com\/farmacia\/cs\/apt\/slimella-fit\/"]}]},{"@type":"ImageObject","inLanguage":"pl-PL","@id":"https:\/\/www.clinicaalthea.com\/farmacia\/cs\/apt\/slimella-fit\/#primaryimage","url":"https:\/\/www.clinicaalthea.com\/farmacia\/wp-content\/uploads\/2024\/03\/Slimella-Fit.jpg","contentUrl":"https:\/\/www.clinicaalthea.com\/farmacia\/wp-content\/uploads\/2024\/03\/Slimella-Fit.jpg","width":768,"height":768,"caption":"Slimella Fit"},{"@type":"BreadcrumbList","@id":"https:\/\/www.clinicaalthea.com\/farmacia\/cs\/apt\/slimella-fit\/#breadcrumb","itemListElement":[{"@type":"ListItem","position":1,"name":"Strona g\u0142\u00f3wna","item":"https:\/\/www.clinicaalthea.com\/farmacia\/"},{"@type":"ListItem","position":2,"name":"Produkty","item":"https:\/\/www.clinicaalthea.com\/farmacia\/"},{"@type":"ListItem","position":3,"name":"Slimella FIT"}]},{"@type":"WebSite","@id":"https:\/\/www.clinicaalthea.com\/farmacia\/#website","url":"https:\/\/www.clinicaalthea.com\/farmacia\/","name":"Clinica Althea","description":"","publisher":{"@id":"https:\/\/www.clinicaalthea.com\/farmacia\/#organization"},"potentialAction":[{"@type":"SearchAction","target":{"@type":"EntryPoint","urlTemplate":"https:\/\/www.clinicaalthea.com\/farmacia\/?s={search_term_string}"},"query-input":{"@type":"PropertyValueSpecification","valueRequired":true,"valueName":"search_term_string"}}],"inLanguage":"pl-PL"},{"@type":"Organization","@id":"https:\/\/www.clinicaalthea.com\/farmacia\/#organization","name":"Clinica Althea","url":"https:\/\/www.clinicaalthea.com\/farmacia\/","logo":{"@type":"ImageObject","inLanguage":"pl-PL","@id":"https:\/\/www.clinicaalthea.com\/farmacia\/#\/schema\/logo\/image\/","url":"https:\/\/www.clinicaalthea.com\/farmacia\/wp-content\/uploads\/2023\/12\/Jak-diagnozuje-sie-FAS_-objawy-kryteria-diagnostyczne-i-metody-diagnozowania-154162903.jpg","contentUrl":"https:\/\/www.clinicaalthea.com\/farmacia\/wp-content\/uploads\/2023\/12\/Jak-diagnozuje-sie-FAS_-objawy-kryteria-diagnostyczne-i-metody-diagnozowania-154162903.jpg","width":1216,"height":832,"caption":"Clinica Althea"},"image":{"@id":"https:\/\/www.clinicaalthea.com\/farmacia\/#\/schema\/logo\/image\/"}}]}},"lang":"cs","translations":{"cs":1875,"sv":1870,"de":1868,"sk":1871,"it":1872,"fr":1873,"da":1874,"bg":1876,"et":1877,"fi":1878,"sl":1879,"hr":1880},"pll_sync_post":[],"_links":{"self":[{"href":"https:\/\/www.clinicaalthea.com\/farmacia\/wp-json\/wp\/v2\/product\/1875","targetHints":{"allow":["GET"]}}],"collection":[{"href":"https:\/\/www.clinicaalthea.com\/farmacia\/wp-json\/wp\/v2\/product"}],"about":[{"href":"https:\/\/www.clinicaalthea.com\/farmacia\/wp-json\/wp\/v2\/types\/product"}],"replies":[{"embeddable":true,"href":"https:\/\/www.clinicaalthea.com\/farmacia\/wp-json\/wp\/v2\/comments?post=1875"}],"wp:featuredmedia":[{"embeddable":true,"href":"https:\/\/www.clinicaalthea.com\/farmacia\/wp-json\/wp\/v2\/media\/1869"}],"wp:attachment":[{"href":"https:\/\/www.clinicaalthea.com\/farmacia\/wp-json\/wp\/v2\/media?parent=1875"}],"wp:term":[{"taxonomy":"product_brand","embeddable":true,"href":"https:\/\/www.clinicaalthea.com\/farmacia\/wp-json\/wp\/v2\/product_brand?post=1875"},{"taxonomy":"product_cat","embeddable":true,"href":"https:\/\/www.clinicaalthea.com\/farmacia\/wp-json\/wp\/v2\/product_cat?post=1875"},{"taxonomy":"product_tag","embeddable":true,"href":"https:\/\/www.clinicaalthea.com\/farmacia\/wp-json\/wp\/v2\/product_tag?post=1875"}],"curies":[{"name":"wp","href":"https:\/\/api.w.org\/{rel}","templated":true}]}}