{"id":1874,"date":"2024-03-16T20:19:27","date_gmt":"2024-03-16T19:19:27","guid":{"rendered":"https:\/\/mayoguide.org\/produkty\/?post_type=product&#038;p=1874"},"modified":"2024-03-16T20:48:14","modified_gmt":"2024-03-16T19:48:14","slug":"slimella-fit","status":"publish","type":"product","link":"https:\/\/www.clinicaalthea.com\/farmacia\/da\/apt\/slimella-fit\/","title":{"rendered":"Slimella FIT"},"content":{"rendered":"\n<p>Er du p\u00e5 udkig efter et innovativt kosttilskud, der giver omfattende st\u00f8tte til v\u00e6gttab? I s\u00e5 fald b\u00f8r du finde ud af mere om <b>Slimella FIT<\/b> &#8211; en <b>naturlig<\/b> st\u00f8tte baseret p\u00e5 en n\u00f8je udvalgt formel af plantebaserede ingredienser. Kan du virkelig opn\u00e5 effektive resultater med dette produkt? Kan naturlighed forvandle din figur? L\u00e6s mere om <b>Slimella FIT<\/b>, og find ud af, hvordan det kan p\u00e5virke dit helbred og velbefindende.<\/p>\n\n\n\n<h3 class=\"wp-block-heading\" id=\"h-podsumowanie-kluczowych-informacji\">Resum\u00e9 af de vigtigste oplysninger:<\/h3>\n\n\n\n<ul class=\"wp-block-list\">\n<li><b>Slimella FIT<\/b> er <b>et innovativt kosttilskud<\/b> med naturlig st\u00f8tte til v\u00e6gttab.<\/li>\n\n\n\n<li>Produktet er baseret p\u00e5 n\u00f8je udvalgte plantebaserede ingredienser, som er sikre at bruge.<\/li>\n\n\n\n<li>Slimella FIT underst\u00f8tter <b>fedtforbr\u00e6nding<\/b> og appetitkontrol samt \u00f8ger stofskiftet.<\/li>\n\n\n\n<li><b>Brugeranmeldelser<\/b> vidner om effektiviteten og tilliden til dette produkt.<\/li>\n\n\n\n<li>Attraktive <b>kampagner<\/b> p\u00e5 producentens officielle hjemmeside giver dig mulighed for at spare p\u00e5 dit Slimella FIT-k\u00f8b.<\/li>\n<\/ul>\n\n\n\n<h2 class=\"wp-block-heading\" id=\"h-co-to-jest-slimella-fit\">Hvad er Slimella FIT?<\/h2>\n\n\n\n<p>Slimella FIT er <b>et innovativt kosttilskud<\/b>, der skiller sig ud fra andre v\u00e6gttabsprodukter.<\/p>\n\n\n\n<p>Produktet er baseret p\u00e5 n\u00f8je udvalgte <em>plantebaserede ingredienser<\/em>, der videnskabeligt har vist sig at v\u00e6re effektive til at st\u00f8tte fedtforbr\u00e6ndingen og kontrollere appetitten.<\/p>\n\n\n\n<p>Det er en omfattende tilgang til v\u00e6gttab, der er baseret p\u00e5 avanceret forskning og en innovativ formel.<\/p>\n\n\n\n<p>Slimella FIT f\u00e5s i kapselform, hvilket g\u00f8r det til et praktisk og letanvendeligt kosttilskud.<\/p>\n\n\n\n<h2 class=\"wp-block-heading\" id=\"h-jak-dziala-slimella-fit\">Hvordan virker Slimella FIT?<\/h2>\n\n\n\n<p>Slimella FIT er <b>et innovativt kosttilskud<\/b>, der bruger naturens kr\u00e6fter til at underst\u00f8tte v\u00e6gttab. Den unikke formel fokuserer p\u00e5 naturlige ingredienser, der er videnskabeligt bevist til effektivt at fremme <b>fedtforbr\u00e6nding<\/b> og kontrollere appetitten.<\/p>\n\n\n\n<p>Takket v\u00e6re de omhyggeligt udvalgte ingredienser virker Slimella FIT omfattende for at muligg\u00f8re et sikkert og effektivt v\u00e6gttab. Disse ingredienser bekr\u00e6fter <b>effektiviteten af<\/b> dette kosttilskud, s\u00e5 du kan tabe dig uden at g\u00e5 p\u00e5 kompromis med dit helbred og velbefindende.<\/p>\n\n\n\n<p>Slimella FIT er et innovativt produkt, der vil give dig mulighed for at opn\u00e5 dine \u00f8nskede v\u00e6gttabsresultater. Uanset hvad dit v\u00e6gttabsm\u00e5l er, vil dette kosttilskud hj\u00e6lpe dig med at kontrollere din appetit, fremskynde <b>fedtforbr\u00e6ndingen<\/b> og forbedre din samlede figur.<\/p>\n\n\n\n<figure class=\"wp-block-table\"><table><tbody><tr><th>Effekten af Slimella FIT<\/th><th>Ingredienser<\/th><\/tr><tr><td>Underst\u00f8tter fedtforbr\u00e6ndingen<\/td><td>&#8211; Ekstrakt af indisk br\u00e6nden\u00e6lde<\/td><\/tr><tr><td>Kontrollerer appetitten<\/td><td>&#8211; Ekstrakt af gr\u00f8n te<\/td><\/tr><tr><td>Underst\u00f8tter den slankende proces<\/td><td>&#8211; Ekstrakt af bitter appelsin<\/td><\/tr><tr><td> <\/td><td>&#8211; Krom<\/td><\/tr><tr><td> <\/td><td>&#8211; Mikrodosis af koffein<\/td><\/tr><\/tbody><\/table><\/figure>\n\n\n\n<p>Takket v\u00e6re kombinationen af disse ingredienser arbejder Slimella FIT synergistisk for at give omfattende st\u00f8tte under v\u00e6gttab. Glem alt om ofre og usunde di\u00e6ter, med Slimella FIT kan du n\u00e5 dine m\u00e5l og nyde en sund figur.<\/p>\n\n\n\n<h2 class=\"wp-block-heading\" id=\"h-efekty-stosowania-slimella-fit\">Virkninger af Slimella FIT<\/h2>\n\n\n\n<p>Slimella FIT er et revolutionerende kosttilskud, der giver imponerende <b>resultater<\/b> inden for v\u00e6gttab. Takket v\u00e6re denne innovative formel kan du opn\u00e5 et effektivt og b\u00e6redygtigt v\u00e6gttab, der giver dig en sundere og mere attraktiv figur.<\/p>\n\n\n\n<p>Slimella FIT&#8217;<b>s<\/b> virkning er baseret p\u00e5 ingredienser, der effektivt underst\u00f8tter fedtforbr\u00e6nding og v\u00e6gttab. Kosttilskuddet accelererer stofskiftet, hvilket betyder en mere intensiv forbr\u00e6nding af ophobet fedtv\u00e6v. Derudover undertrykker Slimella FIT appetitten, hvilket g\u00f8r det lettere at kontrollere kalorieindtaget.<\/p>\n\n\n\n<p>Regelm\u00e6ssig <b>brug af<\/b> Slimella FIT reducerer kropsfedt, is\u00e6r p\u00e5 omr\u00e5der, der er sv\u00e6re at komme af med, s\u00e5som mave, hofter og l\u00e5r. Derudover giver tilskuddet din krop ekstra energi, s\u00e5 du kan v\u00e6re aktiv og opretholde en h\u00f8j ydeevne i l\u00f8bet af dagen.<\/p>\n\n\n\n<p>Med Slimella FIT kan du ikke kun tabe dig, men ogs\u00e5 forbedre dit hum\u00f8r. Kosttilskuddet forbedrer dit hum\u00f8r og skaber en f\u00f8lelse af \u00f8get energi, hvilket medf\u00f8rer positive \u00e6ndringer i b\u00e5de krop og sind.<\/p>\n\n\n\n<figure class=\"wp-block-table\"><table><thead><tr><th>Fordele ved Slimella FIT<\/th><th>Ulemper ved Slimella FIT<\/th><\/tr><\/thead><tbody><tr><td>\n<ul>\n<li>\u00d8ger den metaboliske hastighed<\/li>\n<li>H\u00e6mmer appetitten<\/li>\n<li>Reducerer kropsfedt<\/li>\n<li>Giver ekstra energi<\/li>\n<li>Forbedrer velv\u00e6ret<\/li>\n<\/ul>\n<\/td><td>\n<ul>\n<li>F\u00e5s direkte fra producenten<\/li>\n<li>Ikke tilg\u00e6ngelig i alle lande<\/li>\n<\/ul>\n<\/td><\/tr><\/tbody><\/table><\/figure>\n\n\n\n<p><b>Fordelene ved<\/b> Slimella FIT er et st\u00e6rkt argument for at v\u00e6lge dette kosttilskud. Takket v\u00e6re de naturlige ingredienser og den omfattende tilgang til v\u00e6gttab sikrer Slimella FIT effektiv fedtforbr\u00e6nding og opn\u00e5else af varige resultater i v\u00e6gtreduktionen.<\/p>\n\n\n\n<h2 class=\"wp-block-heading\" id=\"h-jak-stosowac-slimella-fit-dawkowanie-i-zalecenia\">Hvordan bruger man Slimella FIT? &#8211; Dosering og anbefalinger<\/h2>\n\n\n\n<p>For at opn\u00e5 maksimal <b>effekt<\/b> og fordele ved at tage Slimella FIT, anbefales det at f\u00f8lge de relevante anbefalinger for brugen af dette kosttilskud. At tage Slimella FIT p\u00e5 en m\u00e5de, der er i overensstemmelse med producentens anbefalinger, vil hj\u00e6lpe med at opn\u00e5 optimale resultater i v\u00e6gttabsprocessen.<\/p>\n\n\n\n<p><b>Doseringen af<\/b> Slimella FIT er enkel og let at huske. Det anbefales at tage en kapsel to gange om dagen, helst f\u00f8r et m\u00e5ltid. Kapslen skal tages med tilstr\u00e6kkeligt vand for at lette passagen i ford\u00f8jelsessystemet og den effektive <b>virkning af<\/b> de aktive ingredienser.<\/p>\n\n\n\n<p>Det er vigtigt at f\u00f8lge den anbefalede dosering af Slimella FIT. At \u00f8ge doseringen ud over den anbefalede m\u00e6ngde vil ikke fremskynde v\u00e6gttabsprocessen. De aktive ingredienser i kosttilskuddet har en specifik <b>virkning<\/b>, og moderat <b>dosering<\/b> sikrer deres <b>effektivitet<\/b> og sikkerhed.<\/p>\n\n\n\n<p>N\u00e5r du tager Slimella FIT, anbefales det ogs\u00e5 at sikre et tilstr\u00e6kkeligt indtag af vand. Vand hj\u00e6lper med at forbedre optagelsen af de aktive ingredienser og underst\u00f8tter den overordnede v\u00e6gttabsproces.<\/p>\n\n\n\n<p><b>Effektiviteten af<\/b> Slimella FIT afh\u00e6nger ogs\u00e5 af den korrekte brug af kosttilskuddet og regelm\u00e6ssigheden af indtagelsen. Regelm\u00e6ssig <b>brug af<\/b> Slimella FIT i henhold til producentens anbefalinger vil give de bedste <b>resultater<\/b> og opn\u00e5 de tilsigtede v\u00e6gttabsm\u00e5l.<\/p>\n\n\n\n<h3 class=\"wp-block-heading\" id=\"h-zalecenia-dotyczace-stosowania-slimella-fit\">Anbefalinger til brug af Slimella FIT:<\/h3>\n\n\n\n<ul class=\"wp-block-list\">\n<li>Tag en kapsel Slimella FIT to gange dagligt.<\/li>\n\n\n\n<li>Tag kapslen f\u00f8r et m\u00e5ltid.<\/li>\n\n\n\n<li>Drik kapslen med rigeligt vand.<\/li>\n\n\n\n<li>F\u00f8lg doseringsanbefalingerne.<\/li>\n\n\n\n<li>Overskrid ikke den anbefalede dosis.<\/li>\n\n\n\n<li>S\u00f8rg for at tage tilskuddet regelm\u00e6ssigt.<\/li>\n\n\n\n<li>Drik en passende m\u00e6ngde vand i l\u00f8bet af dagen.<\/li>\n<\/ul>\n\n\n\n<p>At tage Slimella FIT i henhold til producentens anbefalinger er n\u00f8glen til at opn\u00e5 de tilsigtede v\u00e6gttabsresultater. Det er altid en god id\u00e9 at konsultere din l\u00e6ge eller di\u00e6tist, f\u00f8r du tager tilskuddet, is\u00e6r hvis du har nogen eksisterende medicinske tilstande eller tager anden medicin.<\/p>\n\n\n\n<h2 class=\"wp-block-heading\" id=\"h-slimella-fit-opinie-uzytkownikow-forum-co-mowia-uzytkownicy\">Slimella FIT &#8211; Brugeranmeldelser, forum &#8211; Hvad siger brugerne?<\/h2>\n\n\n\n<p><b>Brugeranmeldelser<\/b> er af stor betydning, n\u00e5r man v\u00e6lger kosttilskud som Slimella FIT. Mange mennesker roser klart produktet, hvilket er et bevis p\u00e5 dets effektivitet og tjener brugernes tillid. Brugerne understreger med rette, at Slimella FIT er yderst nyttigt i v\u00e6gttabsprocessen, accelererer stofskiftet betydeligt, reducerer appetitten og har en positiv effekt p\u00e5 velv\u00e6ret.<\/p>\n\n\n\n<p><b>Feedbacken fra<\/b> brugerne er enstemmig om, at Slimella FIT er effektiv til at st\u00f8tte v\u00e6gttab og opn\u00e5 de \u00f8nskede resultater. Slimella FIT har ogs\u00e5 vist sig at gavne brugernes energi og udholdenhed. Kapslernes naturlige sammens\u00e6tning er ogs\u00e5 meget v\u00e6rdsat og er ideel for folk, der foretr\u00e6kker naturlige produkter.<\/p>\n\n\n\n<blockquote class=\"wp-block-quote is-layout-flow wp-block-quote-is-layout-flow\">\n<p>Brugeranmeldelser giver st\u00e6rk bekr\u00e6ftelse af Slimella FIT&#8217;s effektivitet i v\u00e6gttab. Det er en <b>naturlig st\u00f8tte<\/b>, der er v\u00e6rd at satse p\u00e5.<\/p>\n<\/blockquote>\n\n\n\n<h2 class=\"wp-block-heading\" id=\"h-slimella-fit-sklad\">Slimella FIT &#8211; sammens\u00e6tning<\/h2>\n\n\n\n<p>Slimella FIT er et innovativt kosttilskud, der best\u00e5r af naturlige ingredienser med dokumenterede egenskaber til at underst\u00f8tte v\u00e6gttab. Den omhyggeligt udvalgte sammens\u00e6tning indeholder en r\u00e6kke stoffer, der arbejder synergistisk for at danne en omfattende formel. Nedenfor er nogle af de vigtigste ingredienser, der underst\u00f8tter fedtforbr\u00e6ndingen og v\u00e6gtreduktionsprocessen:<\/p>\n\n\n\n<figure class=\"wp-block-table\"><table><tbody><tr><th>Ingrediens<\/th><th>Egenskaber<\/th><\/tr><tr><td>Ekstrakt af indisk br\u00e6nden\u00e6lde<\/td><td>Underst\u00f8tter fedtmetabolisme og appetitkontrol<\/td><\/tr><tr><td>Ekstrakt af gr\u00f8n te<\/td><td>Har en antioxidant effekt og accelererer fedtforbr\u00e6ndingen<\/td><\/tr><tr><td>Ekstrakt af bitter appelsin<\/td><td>\u00d8ger termogenese og reducerer fedtv\u00e6v<\/td><\/tr><tr><td>Krom<\/td><td>Regulerer blodsukkerniveauet og appetitten<\/td><\/tr><tr><td>Mikro-dosis af koffein<\/td><td>Giver ekstra energi og udholdenhed<\/td><\/tr><\/tbody><\/table><\/figure>\n\n\n\n<p>Disse ingredienser, kombineret med de andre stoffer i Slimella FIT, skaber en unik formel, der underst\u00f8tter v\u00e6gttab og hj\u00e6lper dig med at opn\u00e5 din \u00f8nskede figur. Det er v\u00e6rd at huske p\u00e5, at kosttilskud skal bruges i overensstemmelse med producentens anbefalinger og ikke erstatter en sund kost og fysisk aktivitet.<\/p>\n\n\n\n<h2 class=\"wp-block-heading\" id=\"h-ile-kosztuje-slimella-fit-cena-promocje\">Hvor meget koster Slimella FIT &#8211; pris, kampagner<\/h2>\n\n\n\n<p><b>Standardprisen for<\/b> en pakke Slimella FIT er tilg\u00e6ngelig p\u00e5 producentens officielle hjemmeside. Producenten tilbyder attraktive <b>kampagner<\/b>, der giver dig mulighed for at spare op til 50% p\u00e5 dit k\u00f8b. <\/p>\n\n\n\n<p>Det er v\u00e6rd at f\u00f8lge producentens officielle hjemmeside for at holde sig ajour med tilg\u00e6ngelige kampagner og drage fordel af de bedste tilbud. Takket v\u00e6re kampagnerne kan du investere i dit helbred og din figur, mens du sparer penge.<\/p>\n","protected":false},"excerpt":{"rendered":"<p><strong>649.00 kr<\/strong><\/p>\n<p><del>1298.00 kr<\/del><\/p>\n<p><strong>[date_countdown]<\/strong><\/p>\n","protected":false},"featured_media":1869,"comment_status":"open","ping_status":"closed","template":"","meta":{"neve_meta_sidebar":"","neve_meta_container":"","neve_meta_enable_content_width":"","neve_meta_content_width":0,"neve_meta_title_alignment":"","neve_meta_author_avatar":"","neve_post_elements_order":"","neve_meta_disable_header":"","neve_meta_disable_footer":"","neve_meta_disable_title":"","neve_meta_reading_time":""},"product_brand":[],"product_cat":[57],"product_tag":[],"class_list":{"0":"post-1874","1":"product","2":"type-product","3":"status-publish","4":"has-post-thumbnail","6":"product_cat-sundhed","8":"first","9":"instock","10":"shipping-taxable","11":"product-type-external"},"yoast_head":"<!-- This site is optimized with the Yoast SEO plugin v27.4 - https:\/\/yoast.com\/product\/yoast-seo-wordpress\/ -->\n<title>Slimella FIT - Clinica Althea<\/title>\n<meta name=\"robots\" content=\"index, follow, max-snippet:-1, max-image-preview:large, max-video-preview:-1\" \/>\n<link rel=\"canonical\" href=\"https:\/\/www.clinicaalthea.com\/farmacia\/da\/apt\/slimella-fit\/\" \/>\n<meta property=\"og:locale\" content=\"pl_PL\" \/>\n<meta property=\"og:type\" content=\"article\" \/>\n<meta property=\"og:title\" content=\"Slimella FIT - Clinica Althea\" \/>\n<meta property=\"og:description\" content=\"649.00 kr 1298.00 kr\" \/>\n<meta property=\"og:url\" content=\"https:\/\/www.clinicaalthea.com\/farmacia\/da\/apt\/slimella-fit\/\" \/>\n<meta property=\"og:site_name\" content=\"Clinica Althea\" \/>\n<meta property=\"article:modified_time\" content=\"2024-03-16T19:48:14+00:00\" \/>\n<meta property=\"og:image\" content=\"https:\/\/www.clinicaalthea.com\/farmacia\/wp-content\/uploads\/2024\/03\/Slimella-Fit.jpg\" \/>\n\t<meta property=\"og:image:width\" content=\"768\" \/>\n\t<meta property=\"og:image:height\" content=\"768\" \/>\n\t<meta property=\"og:image:type\" content=\"image\/jpeg\" \/>\n<meta name=\"twitter:card\" content=\"summary_large_image\" \/>\n<meta name=\"twitter:label1\" content=\"Szacowany czas czytania\" \/>\n\t<meta name=\"twitter:data1\" content=\"8 minut\" \/>\n<script type=\"application\/ld+json\" class=\"yoast-schema-graph\">{\"@context\":\"https:\\\/\\\/schema.org\",\"@graph\":[{\"@type\":\"WebPage\",\"@id\":\"https:\\\/\\\/www.clinicaalthea.com\\\/farmacia\\\/da\\\/apt\\\/slimella-fit\\\/\",\"url\":\"https:\\\/\\\/www.clinicaalthea.com\\\/farmacia\\\/da\\\/apt\\\/slimella-fit\\\/\",\"name\":\"Slimella FIT - Clinica Althea\",\"isPartOf\":{\"@id\":\"https:\\\/\\\/www.clinicaalthea.com\\\/farmacia\\\/#website\"},\"primaryImageOfPage\":{\"@id\":\"https:\\\/\\\/www.clinicaalthea.com\\\/farmacia\\\/da\\\/apt\\\/slimella-fit\\\/#primaryimage\"},\"image\":{\"@id\":\"https:\\\/\\\/www.clinicaalthea.com\\\/farmacia\\\/da\\\/apt\\\/slimella-fit\\\/#primaryimage\"},\"thumbnailUrl\":\"https:\\\/\\\/www.clinicaalthea.com\\\/farmacia\\\/wp-content\\\/uploads\\\/2024\\\/03\\\/Slimella-Fit.jpg\",\"datePublished\":\"2024-03-16T19:19:27+00:00\",\"dateModified\":\"2024-03-16T19:48:14+00:00\",\"breadcrumb\":{\"@id\":\"https:\\\/\\\/www.clinicaalthea.com\\\/farmacia\\\/da\\\/apt\\\/slimella-fit\\\/#breadcrumb\"},\"inLanguage\":\"pl-PL\",\"potentialAction\":[{\"@type\":\"ReadAction\",\"target\":[\"https:\\\/\\\/www.clinicaalthea.com\\\/farmacia\\\/da\\\/apt\\\/slimella-fit\\\/\"]}]},{\"@type\":\"ImageObject\",\"inLanguage\":\"pl-PL\",\"@id\":\"https:\\\/\\\/www.clinicaalthea.com\\\/farmacia\\\/da\\\/apt\\\/slimella-fit\\\/#primaryimage\",\"url\":\"https:\\\/\\\/www.clinicaalthea.com\\\/farmacia\\\/wp-content\\\/uploads\\\/2024\\\/03\\\/Slimella-Fit.jpg\",\"contentUrl\":\"https:\\\/\\\/www.clinicaalthea.com\\\/farmacia\\\/wp-content\\\/uploads\\\/2024\\\/03\\\/Slimella-Fit.jpg\",\"width\":768,\"height\":768,\"caption\":\"Slimella Fit\"},{\"@type\":\"BreadcrumbList\",\"@id\":\"https:\\\/\\\/www.clinicaalthea.com\\\/farmacia\\\/da\\\/apt\\\/slimella-fit\\\/#breadcrumb\",\"itemListElement\":[{\"@type\":\"ListItem\",\"position\":1,\"name\":\"Strona g\u0142\u00f3wna\",\"item\":\"https:\\\/\\\/www.clinicaalthea.com\\\/farmacia\\\/\"},{\"@type\":\"ListItem\",\"position\":2,\"name\":\"Produkty\",\"item\":\"https:\\\/\\\/www.clinicaalthea.com\\\/farmacia\\\/\"},{\"@type\":\"ListItem\",\"position\":3,\"name\":\"Slimella FIT\"}]},{\"@type\":\"WebSite\",\"@id\":\"https:\\\/\\\/www.clinicaalthea.com\\\/farmacia\\\/#website\",\"url\":\"https:\\\/\\\/www.clinicaalthea.com\\\/farmacia\\\/\",\"name\":\"Clinica Althea\",\"description\":\"\",\"publisher\":{\"@id\":\"https:\\\/\\\/www.clinicaalthea.com\\\/farmacia\\\/#organization\"},\"potentialAction\":[{\"@type\":\"SearchAction\",\"target\":{\"@type\":\"EntryPoint\",\"urlTemplate\":\"https:\\\/\\\/www.clinicaalthea.com\\\/farmacia\\\/?s={search_term_string}\"},\"query-input\":{\"@type\":\"PropertyValueSpecification\",\"valueRequired\":true,\"valueName\":\"search_term_string\"}}],\"inLanguage\":\"pl-PL\"},{\"@type\":\"Organization\",\"@id\":\"https:\\\/\\\/www.clinicaalthea.com\\\/farmacia\\\/#organization\",\"name\":\"Clinica Althea\",\"url\":\"https:\\\/\\\/www.clinicaalthea.com\\\/farmacia\\\/\",\"logo\":{\"@type\":\"ImageObject\",\"inLanguage\":\"pl-PL\",\"@id\":\"https:\\\/\\\/www.clinicaalthea.com\\\/farmacia\\\/#\\\/schema\\\/logo\\\/image\\\/\",\"url\":\"https:\\\/\\\/www.clinicaalthea.com\\\/farmacia\\\/wp-content\\\/uploads\\\/2023\\\/12\\\/Jak-diagnozuje-sie-FAS_-objawy-kryteria-diagnostyczne-i-metody-diagnozowania-154162903.jpg\",\"contentUrl\":\"https:\\\/\\\/www.clinicaalthea.com\\\/farmacia\\\/wp-content\\\/uploads\\\/2023\\\/12\\\/Jak-diagnozuje-sie-FAS_-objawy-kryteria-diagnostyczne-i-metody-diagnozowania-154162903.jpg\",\"width\":1216,\"height\":832,\"caption\":\"Clinica Althea\"},\"image\":{\"@id\":\"https:\\\/\\\/www.clinicaalthea.com\\\/farmacia\\\/#\\\/schema\\\/logo\\\/image\\\/\"}}]}<\/script>\n<!-- \/ Yoast SEO plugin. -->","yoast_head_json":{"title":"Slimella FIT - Clinica Althea","robots":{"index":"index","follow":"follow","max-snippet":"max-snippet:-1","max-image-preview":"max-image-preview:large","max-video-preview":"max-video-preview:-1"},"canonical":"https:\/\/www.clinicaalthea.com\/farmacia\/da\/apt\/slimella-fit\/","og_locale":"pl_PL","og_type":"article","og_title":"Slimella FIT - Clinica Althea","og_description":"649.00 kr 1298.00 kr","og_url":"https:\/\/www.clinicaalthea.com\/farmacia\/da\/apt\/slimella-fit\/","og_site_name":"Clinica Althea","article_modified_time":"2024-03-16T19:48:14+00:00","og_image":[{"width":768,"height":768,"url":"https:\/\/www.clinicaalthea.com\/farmacia\/wp-content\/uploads\/2024\/03\/Slimella-Fit.jpg","type":"image\/jpeg"}],"twitter_card":"summary_large_image","twitter_misc":{"Szacowany czas czytania":"8 minut"},"schema":{"@context":"https:\/\/schema.org","@graph":[{"@type":"WebPage","@id":"https:\/\/www.clinicaalthea.com\/farmacia\/da\/apt\/slimella-fit\/","url":"https:\/\/www.clinicaalthea.com\/farmacia\/da\/apt\/slimella-fit\/","name":"Slimella FIT - Clinica Althea","isPartOf":{"@id":"https:\/\/www.clinicaalthea.com\/farmacia\/#website"},"primaryImageOfPage":{"@id":"https:\/\/www.clinicaalthea.com\/farmacia\/da\/apt\/slimella-fit\/#primaryimage"},"image":{"@id":"https:\/\/www.clinicaalthea.com\/farmacia\/da\/apt\/slimella-fit\/#primaryimage"},"thumbnailUrl":"https:\/\/www.clinicaalthea.com\/farmacia\/wp-content\/uploads\/2024\/03\/Slimella-Fit.jpg","datePublished":"2024-03-16T19:19:27+00:00","dateModified":"2024-03-16T19:48:14+00:00","breadcrumb":{"@id":"https:\/\/www.clinicaalthea.com\/farmacia\/da\/apt\/slimella-fit\/#breadcrumb"},"inLanguage":"pl-PL","potentialAction":[{"@type":"ReadAction","target":["https:\/\/www.clinicaalthea.com\/farmacia\/da\/apt\/slimella-fit\/"]}]},{"@type":"ImageObject","inLanguage":"pl-PL","@id":"https:\/\/www.clinicaalthea.com\/farmacia\/da\/apt\/slimella-fit\/#primaryimage","url":"https:\/\/www.clinicaalthea.com\/farmacia\/wp-content\/uploads\/2024\/03\/Slimella-Fit.jpg","contentUrl":"https:\/\/www.clinicaalthea.com\/farmacia\/wp-content\/uploads\/2024\/03\/Slimella-Fit.jpg","width":768,"height":768,"caption":"Slimella Fit"},{"@type":"BreadcrumbList","@id":"https:\/\/www.clinicaalthea.com\/farmacia\/da\/apt\/slimella-fit\/#breadcrumb","itemListElement":[{"@type":"ListItem","position":1,"name":"Strona g\u0142\u00f3wna","item":"https:\/\/www.clinicaalthea.com\/farmacia\/"},{"@type":"ListItem","position":2,"name":"Produkty","item":"https:\/\/www.clinicaalthea.com\/farmacia\/"},{"@type":"ListItem","position":3,"name":"Slimella FIT"}]},{"@type":"WebSite","@id":"https:\/\/www.clinicaalthea.com\/farmacia\/#website","url":"https:\/\/www.clinicaalthea.com\/farmacia\/","name":"Clinica Althea","description":"","publisher":{"@id":"https:\/\/www.clinicaalthea.com\/farmacia\/#organization"},"potentialAction":[{"@type":"SearchAction","target":{"@type":"EntryPoint","urlTemplate":"https:\/\/www.clinicaalthea.com\/farmacia\/?s={search_term_string}"},"query-input":{"@type":"PropertyValueSpecification","valueRequired":true,"valueName":"search_term_string"}}],"inLanguage":"pl-PL"},{"@type":"Organization","@id":"https:\/\/www.clinicaalthea.com\/farmacia\/#organization","name":"Clinica Althea","url":"https:\/\/www.clinicaalthea.com\/farmacia\/","logo":{"@type":"ImageObject","inLanguage":"pl-PL","@id":"https:\/\/www.clinicaalthea.com\/farmacia\/#\/schema\/logo\/image\/","url":"https:\/\/www.clinicaalthea.com\/farmacia\/wp-content\/uploads\/2023\/12\/Jak-diagnozuje-sie-FAS_-objawy-kryteria-diagnostyczne-i-metody-diagnozowania-154162903.jpg","contentUrl":"https:\/\/www.clinicaalthea.com\/farmacia\/wp-content\/uploads\/2023\/12\/Jak-diagnozuje-sie-FAS_-objawy-kryteria-diagnostyczne-i-metody-diagnozowania-154162903.jpg","width":1216,"height":832,"caption":"Clinica Althea"},"image":{"@id":"https:\/\/www.clinicaalthea.com\/farmacia\/#\/schema\/logo\/image\/"}}]}},"lang":"da","translations":{"da":1874,"sv":1870,"de":1868,"sk":1871,"it":1872,"fr":1873,"cs":1875,"bg":1876,"et":1877,"fi":1878,"sl":1879,"hr":1880},"pll_sync_post":[],"_links":{"self":[{"href":"https:\/\/www.clinicaalthea.com\/farmacia\/wp-json\/wp\/v2\/product\/1874","targetHints":{"allow":["GET"]}}],"collection":[{"href":"https:\/\/www.clinicaalthea.com\/farmacia\/wp-json\/wp\/v2\/product"}],"about":[{"href":"https:\/\/www.clinicaalthea.com\/farmacia\/wp-json\/wp\/v2\/types\/product"}],"replies":[{"embeddable":true,"href":"https:\/\/www.clinicaalthea.com\/farmacia\/wp-json\/wp\/v2\/comments?post=1874"}],"wp:featuredmedia":[{"embeddable":true,"href":"https:\/\/www.clinicaalthea.com\/farmacia\/wp-json\/wp\/v2\/media\/1869"}],"wp:attachment":[{"href":"https:\/\/www.clinicaalthea.com\/farmacia\/wp-json\/wp\/v2\/media?parent=1874"}],"wp:term":[{"taxonomy":"product_brand","embeddable":true,"href":"https:\/\/www.clinicaalthea.com\/farmacia\/wp-json\/wp\/v2\/product_brand?post=1874"},{"taxonomy":"product_cat","embeddable":true,"href":"https:\/\/www.clinicaalthea.com\/farmacia\/wp-json\/wp\/v2\/product_cat?post=1874"},{"taxonomy":"product_tag","embeddable":true,"href":"https:\/\/www.clinicaalthea.com\/farmacia\/wp-json\/wp\/v2\/product_tag?post=1874"}],"curies":[{"name":"wp","href":"https:\/\/api.w.org\/{rel}","templated":true}]}}