{"id":1872,"date":"2024-03-16T20:16:56","date_gmt":"2024-03-16T19:16:56","guid":{"rendered":"https:\/\/mayoguide.org\/produkty\/?post_type=product&#038;p=1872"},"modified":"2024-03-16T20:48:14","modified_gmt":"2024-03-16T19:48:14","slug":"slimella-fit","status":"publish","type":"product","link":"https:\/\/www.clinicaalthea.com\/farmacia\/it\/apt\/slimella-fit\/","title":{"rendered":"Slimella FIT"},"content":{"rendered":"\n<p>Siete alla ricerca di un integratore alimentare innovativo che fornisca un supporto completo per la perdita di peso? Se \u00e8 cos\u00ec, dovreste scoprire <b>Slimella FIT<\/b> &#8211; un <b>supporto naturale<\/b> basato su una formula accuratamente selezionata di ingredienti di origine vegetale. \u00c8 davvero possibile ottenere risultati efficaci con questo prodotto? La naturalit\u00e0 pu\u00f2 trasformare la vostra figura? Scoprite di pi\u00f9 su <b>Slimella FIT<\/b> e scoprite come pu\u00f2 influire sulla vostra salute e sul vostro benessere.<\/p>\n\n\n\n<h3 class=\"wp-block-heading\" id=\"h-podsumowanie-kluczowych-informacji\">Riassunto delle informazioni principali:<\/h3>\n\n\n\n<ul class=\"wp-block-list\">\n<li><b>Slimella FIT<\/b> \u00e8 <b>un integratore alimentare innovativo<\/b> con un supporto naturale per la perdita di peso.<\/li>\n\n\n\n<li>Il prodotto si basa su ingredienti vegetali accuratamente selezionati e sicuri.<\/li>\n\n\n\n<li>Slimella FIT favorisce la <b>combustione dei grassi<\/b> e il controllo dell&#8217;appetito, oltre ad aumentare il metabolismo.<\/li>\n\n\n\n<li>Le<b>recensioni degli utenti<\/b> testimoniano l&#8217;efficacia e la fiducia in questo prodotto.<\/li>\n\n\n\n<li>Le interessanti <b>promozioni<\/b> sul sito ufficiale del produttore consentono di risparmiare sull&#8217;acquisto di Slimella FIT.<\/li>\n<\/ul>\n\n\n\n<h2 class=\"wp-block-heading\" id=\"h-co-to-jest-slimella-fit\">Che cos&#8217;\u00e8 Slimella FIT?<\/h2>\n\n\n\n<p>Slimella FIT \u00e8 <b>un integratore alimentare innovativo<\/b> che si distingue dagli altri prodotti per la perdita di peso.<\/p>\n\n\n\n<p>Il prodotto si basa su <em>ingredienti vegetali<\/em> accuratamente selezionati che hanno dimostrato scientificamente la loro efficacia nel favorire la combustione dei grassi e nel controllare l&#8217;appetito.<\/p>\n\n\n\n<p>Si tratta di un approccio completo alla perdita di peso, basato su ricerche avanzate e su una formula innovativa.<\/p>\n\n\n\n<p>Slimella FIT \u00e8 disponibile sotto forma di capsule, che lo rendono un integratore alimentare comodo e facile da usare.<\/p>\n\n\n\n<h2 class=\"wp-block-heading\" id=\"h-jak-dziala-slimella-fit\">Come funziona Slimella FIT?<\/h2>\n\n\n\n<p>Slimella FIT \u00e8 <b>un integratore alimentare innovativo<\/b> che utilizza il potere della natura per favorire la perdita di peso. La sua formula unica si concentra su ingredienti naturali che, come \u00e8 stato scientificamente dimostrato, promuovono efficacemente la <b>combustione dei grassi<\/b> e controllano l&#8217;appetito.<\/p>\n\n\n\n<p>Grazie ai suoi ingredienti accuratamente selezionati, Slimella FIT agisce in modo completo per consentire una perdita di peso sicura ed efficace. Questi ingredienti confermano l&#8217;<b>efficacia di<\/b> questo integratore, che permette di perdere peso senza compromettere la salute e il benessere.<\/p>\n\n\n\n<p>Slimella FIT \u00e8 un prodotto innovativo che vi permetter\u00e0 di raggiungere i risultati di perdita di peso desiderati. Qualunque sia il vostro obiettivo di perdita di peso, questo integratore alimentare vi aiuter\u00e0 a controllare l&#8217;appetito, ad accelerare la <b>combustione dei grassi<\/b> e a migliorare la vostra linea generale.<\/p>\n\n\n\n<figure class=\"wp-block-table\"><table><tbody><tr><th>Effetto di Slimella FIT<\/th><th>Ingredienti<\/th><\/tr><tr><td>Favorisce la combustione dei grassi<\/td><td>&#8211; Estratto di ortica indiana<\/td><\/tr><tr><td>Controlla l&#8217;appetito<\/td><td>&#8211; Estratto di t\u00e8 verde<\/td><\/tr><tr><td>Favorisce il processo di dimagrimento<\/td><td>&#8211; Estratto di arancia amara<\/td><\/tr><tr><td> <\/td><td>&#8211; Cromo<\/td><\/tr><tr><td> <\/td><td>&#8211; Microdose di caffeina<\/td><\/tr><\/tbody><\/table><\/figure>\n\n\n\n<p>Grazie alla combinazione di questi ingredienti, Slimella FIT agisce in modo sinergico per fornire un supporto completo durante la perdita di peso. Dimenticate i sacrifici e le diete malsane: con Slimella FIT potrete raggiungere i vostri obiettivi e godere di una figura sana.<\/p>\n\n\n\n<h2 class=\"wp-block-heading\" id=\"h-efekty-stosowania-slimella-fit\">Effetti di Slimella FIT<\/h2>\n\n\n\n<p>Slimella FIT \u00e8 un integratore alimentare rivoluzionario che produce <b>risultati<\/b> impressionanti nella perdita di peso. Grazie a questa formula innovativa, \u00e8 possibile ottenere una perdita di peso efficace e duratura, regalando una figura pi\u00f9 sana e attraente.<\/p>\n\n\n\n<p>L&#8217;<b>azione di<\/b> Slimella FIT si basa su ingredienti che favoriscono efficacemente la combustione dei grassi e la riduzione del peso. L&#8217;integratore accelera il tasso metabolico, il che si traduce in una combustione pi\u00f9 intensa del tessuto adiposo accumulato. Inoltre, Slimella FIT sopprime l&#8217;appetito, facilitando il controllo dell&#8217;apporto calorico.<\/p>\n\n\n\n<p>L&#8217;<b>uso<\/b> regolare <b>di<\/b> Slimella FIT riduce il grasso corporeo, soprattutto nelle zone difficili da eliminare come addome, fianchi e cosce. Inoltre, l&#8217;integratore fornisce al corpo energia extra, consentendo di essere attivi e di mantenere un elevato rendimento durante la giornata.<\/p>\n\n\n\n<p>Con Slimella FIT \u00e8 possibile non solo perdere peso, ma anche migliorare l&#8217;umore. L&#8217;integratore migliora l&#8217;umore e crea una sensazione di maggiore energia, che si traduce in cambiamenti positivi sia nel corpo che nella mente.<\/p>\n\n\n\n<figure class=\"wp-block-table\"><table><thead><tr><th>Vantaggi di Slimella FIT<\/th><th>Svantaggi di Slimella FIT<\/th><\/tr><\/thead><tbody><tr><td>\n<ul>\n<li>Aumenta il tasso metabolico<\/li>\n<li>Inibisce l&#8217;appetito<\/li>\n<li>Riduce il grasso corporeo<\/li>\n<li>Fornisce energia extra<\/li>\n<li>Migliora il benessere<\/li>\n<\/ul>\n<\/td><td>\n<ul>\n<li>Disponibile direttamente dal produttore<\/li>\n<li>Non disponibile in tutti i Paesi<\/li>\n<\/ul>\n<\/td><\/tr><\/tbody><\/table><\/figure>\n\n\n\n<p>I<b>benefici di<\/b> Slimella FIT rendono la scelta di questo integratore alimentare molto valida. Grazie ai suoi ingredienti naturali e all&#8217;approccio completo alla perdita di peso, Slimella FIT garantisce un&#8217;efficace combustione dei grassi e il raggiungimento di risultati duraturi nella riduzione del peso.<\/p>\n\n\n\n<h2 class=\"wp-block-heading\" id=\"h-jak-stosowac-slimella-fit-dawkowanie-i-zalecenia\">Come si usa Slimella FIT? &#8211; Dosaggio e raccomandazioni<\/h2>\n\n\n\n<p>Per ottenere i massimi <b>effetti<\/b> e benefici dall&#8217;assunzione di Slimella FIT, si raccomanda di seguire le raccomandazioni appropriate per l&#8217;uso di questo integratore alimentare. L&#8217;assunzione di Slimella FIT in modo conforme alle raccomandazioni del produttore consente di ottenere risultati ottimali nel processo di perdita di peso.<\/p>\n\n\n\n<p>Il<b>dosaggio di<\/b> Slimella FIT \u00e8 semplice e facile da ricordare. Si consiglia di assumere una capsula due volte al giorno, preferibilmente prima dei pasti. La capsula deve essere assunta con una quantit\u00e0 d&#8217;acqua sufficiente a facilitare il passaggio nell&#8217;apparato digerente e l&#8217;<b>azione<\/b> efficace dei principi attivi.<\/p>\n\n\n\n<p>\u00c8 importante attenersi al dosaggio consigliato di Slimella FIT. Aumentare il dosaggio oltre la quantit\u00e0 raccomandata non accelerer\u00e0 il processo di perdita di peso. I principi attivi contenuti nell&#8217;integratore hanno un&#8217;<b>azione<\/b> specifica e un <b>dosaggio<\/b> moderato ne garantisce l&#8217;<b>efficacia<\/b> e la sicurezza.<\/p>\n\n\n\n<p>Quando si assume Slimella FIT, si raccomanda anche di garantire un&#8217;adeguata assunzione di acqua. L&#8217;acqua aiuta a migliorare l&#8217;assorbimento dei principi attivi e favorisce il processo generale di perdita di peso.<\/p>\n\n\n\n<p>L&#8217;<b>efficacia di<\/b> Slimella FIT dipende anche dall&#8217;uso corretto dell&#8217;integratore e dalla regolarit\u00e0 della sua assunzione. L&#8217;<b>uso<\/b> regolare <b>di<\/b> Slimella FIT secondo le raccomandazioni del produttore dar\u00e0 i migliori <b>risultati<\/b> e permetter\u00e0 di raggiungere gli obiettivi di perdita di peso prefissati.<\/p>\n\n\n\n<h3 class=\"wp-block-heading\" id=\"h-zalecenia-dotyczace-stosowania-slimella-fit\">Raccomandazioni per l&#8217;uso di Slimella FIT:<\/h3>\n\n\n\n<ul class=\"wp-block-list\">\n<li>Assumere una capsula di Slimella FIT due volte al giorno.<\/li>\n\n\n\n<li>Prendere la capsula prima dei pasti.<\/li>\n\n\n\n<li>Assumere la capsula con sufficiente acqua.<\/li>\n\n\n\n<li>Seguire le raccomandazioni sul dosaggio.<\/li>\n\n\n\n<li>Non superare il dosaggio consigliato.<\/li>\n\n\n\n<li>Assicurarsi di assumere l&#8217;integratore con regolarit\u00e0.<\/li>\n\n\n\n<li>Bere una quantit\u00e0 adeguata di acqua durante la giornata.<\/li>\n<\/ul>\n\n\n\n<p>L&#8217;assunzione di Slimella FIT secondo le raccomandazioni del produttore \u00e8 fondamentale per ottenere i risultati previsti in termini di perdita di peso. \u00c8 sempre consigliabile consultare il proprio medico o dietologo prima di assumere l&#8217;integratore, soprattutto se si \u00e8 affetti da patologie o si stanno assumendo altri farmaci.<\/p>\n\n\n\n<h2 class=\"wp-block-heading\" id=\"h-slimella-fit-opinie-uzytkownikow-forum-co-mowia-uzytkownicy\">Slimella FIT &#8211; Recensioni degli utenti, forum &#8211; Cosa dicono gli utenti?<\/h2>\n\n\n\n<p>Le<b>recensioni degli utenti<\/b> sono molto importanti nella scelta di integratori alimentari come Slimella FIT. Molte persone lodano chiaramente il prodotto, a testimonianza della sua efficacia e della fiducia che gli utenti si sono guadagnati. Gli utenti sottolineano giustamente che Slimella FIT \u00e8 estremamente utile nel processo di perdita di peso, accelera significativamente il metabolismo, riduce l&#8217;appetito e ha un effetto positivo sul benessere.<\/p>\n\n\n\n<p>Il<b>feedback degli<\/b> utenti \u00e8 unanime: Slimella FIT \u00e8 efficace nel favorire la riduzione del peso e nel raggiungere i risultati desiderati. \u00c8 stato inoltre dimostrato che l&#8217;assunzione di Slimella FIT ha effetti positivi sull&#8217;energia e sulla resistenza degli utenti. Anche la composizione naturale delle capsule \u00e8 molto apprezzata ed \u00e8 ideale per le persone che preferiscono i prodotti naturali.<\/p>\n\n\n\n<blockquote class=\"wp-block-quote is-layout-flow wp-block-quote-is-layout-flow\">\n<p>Le recensioni degli utenti confermano l&#8217;efficacia di Slimella FIT nella perdita di peso. \u00c8 un <b>supporto naturale<\/b> su cui vale la pena puntare.<\/p>\n<\/blockquote>\n\n\n\n<h2 class=\"wp-block-heading\" id=\"h-slimella-fit-sklad\">Slimella FIT &#8211; Composizione<\/h2>\n\n\n\n<p>Slimella FIT \u00e8 un integratore alimentare innovativo, composto da ingredienti naturali dalle comprovate propriet\u00e0 di supporto alla perdita di peso. La sua composizione, accuratamente selezionata, contiene una variet\u00e0 di sostanze che lavorano in sinergia per formare una formula completa. Di seguito sono riportati alcuni degli ingredienti chiave che favoriscono il processo di combustione dei grassi e di riduzione del peso:<\/p>\n\n\n\n<figure class=\"wp-block-table\"><table><tbody><tr><th>Ingrediente<\/th><th>Propriet\u00e0<\/th><\/tr><tr><td>Estratto di ortica indiana<\/td><td>Favorisce il metabolismo dei grassi e il controllo dell&#8217;appetito<\/td><\/tr><tr><td>Estratto di t\u00e8 verde<\/td><td>Ha un effetto antiossidante e accelera la combustione dei grassi<\/td><\/tr><tr><td>Estratto di arancia amara<\/td><td>Aumenta la termogenesi e riduce il tessuto adiposo<\/td><\/tr><tr><td>Cromo<\/td><td>Regola i livelli di zucchero nel sangue e l&#8217;appetito<\/td><\/tr><tr><td>Microdose di caffeina<\/td><td>Fornisce energia e resistenza supplementari<\/td><\/tr><\/tbody><\/table><\/figure>\n\n\n\n<p>Questi ingredienti, combinati con le altre sostanze contenute in Slimella FIT, creano una formula unica che favorisce la perdita di peso e aiuta a raggiungere la linea desiderata. \u00c8 bene ricordare che gli integratori alimentari devono essere utilizzati secondo le raccomandazioni del produttore e non sostituiscono una dieta sana e l&#8217;attivit\u00e0 fisica.<\/p>\n\n\n\n<h2 class=\"wp-block-heading\" id=\"h-ile-kosztuje-slimella-fit-cena-promocje\">Quanto costa Slimella FIT &#8211; prezzo, promozioni<\/h2>\n\n\n\n<p>Il <b>prezzo<\/b> standard <b>di<\/b> una confezione di Slimella FIT \u00e8 disponibile sul sito ufficiale del produttore. Il produttore offre interessanti <b>promozioni<\/b> che consentono di risparmiare fino al 50% sull&#8217;acquisto. <\/p>\n\n\n\n<p>Vale la pena seguire il sito ufficiale del produttore per tenersi aggiornati sulle promozioni disponibili e approfittare delle offerte migliori. Grazie alle promozioni, potrete investire nella vostra salute e nella vostra linea risparmiando.<\/p>\n","protected":false},"excerpt":{"rendered":"<p><strong>57.00 \u20ac<\/strong><\/p>\n<p><del>114.00 \u20ac<\/del><\/p>\n<p><strong>[date_countdown]<\/strong><\/p>\n","protected":false},"featured_media":1869,"comment_status":"open","ping_status":"closed","template":"","meta":{"neve_meta_sidebar":"","neve_meta_container":"","neve_meta_enable_content_width":"","neve_meta_content_width":0,"neve_meta_title_alignment":"","neve_meta_author_avatar":"","neve_post_elements_order":"","neve_meta_disable_header":"","neve_meta_disable_footer":"","neve_meta_disable_title":"","neve_meta_reading_time":""},"product_brand":[],"product_cat":[113],"product_tag":[],"class_list":{"0":"post-1872","1":"product","2":"type-product","3":"status-publish","4":"has-post-thumbnail","6":"product_cat-salute","8":"first","9":"instock","10":"shipping-taxable","11":"product-type-external"},"yoast_head":"<!-- This site is optimized with the Yoast SEO plugin v27.4 - https:\/\/yoast.com\/product\/yoast-seo-wordpress\/ -->\n<title>Slimella FIT - Clinica Althea<\/title>\n<meta name=\"robots\" content=\"index, follow, max-snippet:-1, max-image-preview:large, max-video-preview:-1\" \/>\n<link rel=\"canonical\" href=\"https:\/\/www.clinicaalthea.com\/farmacia\/it\/apt\/slimella-fit\/\" \/>\n<meta property=\"og:locale\" content=\"pl_PL\" \/>\n<meta property=\"og:type\" content=\"article\" \/>\n<meta property=\"og:title\" content=\"Slimella FIT - Clinica Althea\" \/>\n<meta property=\"og:description\" content=\"57.00 \u20ac 114.00 \u20ac\" \/>\n<meta property=\"og:url\" content=\"https:\/\/www.clinicaalthea.com\/farmacia\/it\/apt\/slimella-fit\/\" \/>\n<meta property=\"og:site_name\" content=\"Clinica Althea\" \/>\n<meta property=\"article:modified_time\" content=\"2024-03-16T19:48:14+00:00\" \/>\n<meta property=\"og:image\" content=\"https:\/\/www.clinicaalthea.com\/farmacia\/wp-content\/uploads\/2024\/03\/Slimella-Fit.jpg\" \/>\n\t<meta property=\"og:image:width\" content=\"768\" \/>\n\t<meta property=\"og:image:height\" content=\"768\" \/>\n\t<meta property=\"og:image:type\" content=\"image\/jpeg\" \/>\n<meta name=\"twitter:card\" content=\"summary_large_image\" \/>\n<meta name=\"twitter:label1\" content=\"Szacowany czas czytania\" \/>\n\t<meta name=\"twitter:data1\" content=\"9 minut\" \/>\n<script type=\"application\/ld+json\" class=\"yoast-schema-graph\">{\"@context\":\"https:\\\/\\\/schema.org\",\"@graph\":[{\"@type\":\"WebPage\",\"@id\":\"https:\\\/\\\/www.clinicaalthea.com\\\/farmacia\\\/it\\\/apt\\\/slimella-fit\\\/\",\"url\":\"https:\\\/\\\/www.clinicaalthea.com\\\/farmacia\\\/it\\\/apt\\\/slimella-fit\\\/\",\"name\":\"Slimella FIT - Clinica Althea\",\"isPartOf\":{\"@id\":\"https:\\\/\\\/www.clinicaalthea.com\\\/farmacia\\\/#website\"},\"primaryImageOfPage\":{\"@id\":\"https:\\\/\\\/www.clinicaalthea.com\\\/farmacia\\\/it\\\/apt\\\/slimella-fit\\\/#primaryimage\"},\"image\":{\"@id\":\"https:\\\/\\\/www.clinicaalthea.com\\\/farmacia\\\/it\\\/apt\\\/slimella-fit\\\/#primaryimage\"},\"thumbnailUrl\":\"https:\\\/\\\/www.clinicaalthea.com\\\/farmacia\\\/wp-content\\\/uploads\\\/2024\\\/03\\\/Slimella-Fit.jpg\",\"datePublished\":\"2024-03-16T19:16:56+00:00\",\"dateModified\":\"2024-03-16T19:48:14+00:00\",\"breadcrumb\":{\"@id\":\"https:\\\/\\\/www.clinicaalthea.com\\\/farmacia\\\/it\\\/apt\\\/slimella-fit\\\/#breadcrumb\"},\"inLanguage\":\"pl-PL\",\"potentialAction\":[{\"@type\":\"ReadAction\",\"target\":[\"https:\\\/\\\/www.clinicaalthea.com\\\/farmacia\\\/it\\\/apt\\\/slimella-fit\\\/\"]}]},{\"@type\":\"ImageObject\",\"inLanguage\":\"pl-PL\",\"@id\":\"https:\\\/\\\/www.clinicaalthea.com\\\/farmacia\\\/it\\\/apt\\\/slimella-fit\\\/#primaryimage\",\"url\":\"https:\\\/\\\/www.clinicaalthea.com\\\/farmacia\\\/wp-content\\\/uploads\\\/2024\\\/03\\\/Slimella-Fit.jpg\",\"contentUrl\":\"https:\\\/\\\/www.clinicaalthea.com\\\/farmacia\\\/wp-content\\\/uploads\\\/2024\\\/03\\\/Slimella-Fit.jpg\",\"width\":768,\"height\":768,\"caption\":\"Slimella Fit\"},{\"@type\":\"BreadcrumbList\",\"@id\":\"https:\\\/\\\/www.clinicaalthea.com\\\/farmacia\\\/it\\\/apt\\\/slimella-fit\\\/#breadcrumb\",\"itemListElement\":[{\"@type\":\"ListItem\",\"position\":1,\"name\":\"Strona g\u0142\u00f3wna\",\"item\":\"https:\\\/\\\/www.clinicaalthea.com\\\/farmacia\\\/\"},{\"@type\":\"ListItem\",\"position\":2,\"name\":\"Produkty\",\"item\":\"https:\\\/\\\/www.clinicaalthea.com\\\/farmacia\\\/\"},{\"@type\":\"ListItem\",\"position\":3,\"name\":\"Slimella FIT\"}]},{\"@type\":\"WebSite\",\"@id\":\"https:\\\/\\\/www.clinicaalthea.com\\\/farmacia\\\/#website\",\"url\":\"https:\\\/\\\/www.clinicaalthea.com\\\/farmacia\\\/\",\"name\":\"Clinica Althea\",\"description\":\"\",\"publisher\":{\"@id\":\"https:\\\/\\\/www.clinicaalthea.com\\\/farmacia\\\/#organization\"},\"potentialAction\":[{\"@type\":\"SearchAction\",\"target\":{\"@type\":\"EntryPoint\",\"urlTemplate\":\"https:\\\/\\\/www.clinicaalthea.com\\\/farmacia\\\/?s={search_term_string}\"},\"query-input\":{\"@type\":\"PropertyValueSpecification\",\"valueRequired\":true,\"valueName\":\"search_term_string\"}}],\"inLanguage\":\"pl-PL\"},{\"@type\":\"Organization\",\"@id\":\"https:\\\/\\\/www.clinicaalthea.com\\\/farmacia\\\/#organization\",\"name\":\"Clinica Althea\",\"url\":\"https:\\\/\\\/www.clinicaalthea.com\\\/farmacia\\\/\",\"logo\":{\"@type\":\"ImageObject\",\"inLanguage\":\"pl-PL\",\"@id\":\"https:\\\/\\\/www.clinicaalthea.com\\\/farmacia\\\/#\\\/schema\\\/logo\\\/image\\\/\",\"url\":\"https:\\\/\\\/www.clinicaalthea.com\\\/farmacia\\\/wp-content\\\/uploads\\\/2023\\\/12\\\/Jak-diagnozuje-sie-FAS_-objawy-kryteria-diagnostyczne-i-metody-diagnozowania-154162903.jpg\",\"contentUrl\":\"https:\\\/\\\/www.clinicaalthea.com\\\/farmacia\\\/wp-content\\\/uploads\\\/2023\\\/12\\\/Jak-diagnozuje-sie-FAS_-objawy-kryteria-diagnostyczne-i-metody-diagnozowania-154162903.jpg\",\"width\":1216,\"height\":832,\"caption\":\"Clinica Althea\"},\"image\":{\"@id\":\"https:\\\/\\\/www.clinicaalthea.com\\\/farmacia\\\/#\\\/schema\\\/logo\\\/image\\\/\"}}]}<\/script>\n<!-- \/ Yoast SEO plugin. -->","yoast_head_json":{"title":"Slimella FIT - Clinica Althea","robots":{"index":"index","follow":"follow","max-snippet":"max-snippet:-1","max-image-preview":"max-image-preview:large","max-video-preview":"max-video-preview:-1"},"canonical":"https:\/\/www.clinicaalthea.com\/farmacia\/it\/apt\/slimella-fit\/","og_locale":"pl_PL","og_type":"article","og_title":"Slimella FIT - Clinica Althea","og_description":"57.00 \u20ac 114.00 \u20ac","og_url":"https:\/\/www.clinicaalthea.com\/farmacia\/it\/apt\/slimella-fit\/","og_site_name":"Clinica Althea","article_modified_time":"2024-03-16T19:48:14+00:00","og_image":[{"width":768,"height":768,"url":"https:\/\/www.clinicaalthea.com\/farmacia\/wp-content\/uploads\/2024\/03\/Slimella-Fit.jpg","type":"image\/jpeg"}],"twitter_card":"summary_large_image","twitter_misc":{"Szacowany czas czytania":"9 minut"},"schema":{"@context":"https:\/\/schema.org","@graph":[{"@type":"WebPage","@id":"https:\/\/www.clinicaalthea.com\/farmacia\/it\/apt\/slimella-fit\/","url":"https:\/\/www.clinicaalthea.com\/farmacia\/it\/apt\/slimella-fit\/","name":"Slimella FIT - Clinica Althea","isPartOf":{"@id":"https:\/\/www.clinicaalthea.com\/farmacia\/#website"},"primaryImageOfPage":{"@id":"https:\/\/www.clinicaalthea.com\/farmacia\/it\/apt\/slimella-fit\/#primaryimage"},"image":{"@id":"https:\/\/www.clinicaalthea.com\/farmacia\/it\/apt\/slimella-fit\/#primaryimage"},"thumbnailUrl":"https:\/\/www.clinicaalthea.com\/farmacia\/wp-content\/uploads\/2024\/03\/Slimella-Fit.jpg","datePublished":"2024-03-16T19:16:56+00:00","dateModified":"2024-03-16T19:48:14+00:00","breadcrumb":{"@id":"https:\/\/www.clinicaalthea.com\/farmacia\/it\/apt\/slimella-fit\/#breadcrumb"},"inLanguage":"pl-PL","potentialAction":[{"@type":"ReadAction","target":["https:\/\/www.clinicaalthea.com\/farmacia\/it\/apt\/slimella-fit\/"]}]},{"@type":"ImageObject","inLanguage":"pl-PL","@id":"https:\/\/www.clinicaalthea.com\/farmacia\/it\/apt\/slimella-fit\/#primaryimage","url":"https:\/\/www.clinicaalthea.com\/farmacia\/wp-content\/uploads\/2024\/03\/Slimella-Fit.jpg","contentUrl":"https:\/\/www.clinicaalthea.com\/farmacia\/wp-content\/uploads\/2024\/03\/Slimella-Fit.jpg","width":768,"height":768,"caption":"Slimella Fit"},{"@type":"BreadcrumbList","@id":"https:\/\/www.clinicaalthea.com\/farmacia\/it\/apt\/slimella-fit\/#breadcrumb","itemListElement":[{"@type":"ListItem","position":1,"name":"Strona g\u0142\u00f3wna","item":"https:\/\/www.clinicaalthea.com\/farmacia\/"},{"@type":"ListItem","position":2,"name":"Produkty","item":"https:\/\/www.clinicaalthea.com\/farmacia\/"},{"@type":"ListItem","position":3,"name":"Slimella FIT"}]},{"@type":"WebSite","@id":"https:\/\/www.clinicaalthea.com\/farmacia\/#website","url":"https:\/\/www.clinicaalthea.com\/farmacia\/","name":"Clinica Althea","description":"","publisher":{"@id":"https:\/\/www.clinicaalthea.com\/farmacia\/#organization"},"potentialAction":[{"@type":"SearchAction","target":{"@type":"EntryPoint","urlTemplate":"https:\/\/www.clinicaalthea.com\/farmacia\/?s={search_term_string}"},"query-input":{"@type":"PropertyValueSpecification","valueRequired":true,"valueName":"search_term_string"}}],"inLanguage":"pl-PL"},{"@type":"Organization","@id":"https:\/\/www.clinicaalthea.com\/farmacia\/#organization","name":"Clinica Althea","url":"https:\/\/www.clinicaalthea.com\/farmacia\/","logo":{"@type":"ImageObject","inLanguage":"pl-PL","@id":"https:\/\/www.clinicaalthea.com\/farmacia\/#\/schema\/logo\/image\/","url":"https:\/\/www.clinicaalthea.com\/farmacia\/wp-content\/uploads\/2023\/12\/Jak-diagnozuje-sie-FAS_-objawy-kryteria-diagnostyczne-i-metody-diagnozowania-154162903.jpg","contentUrl":"https:\/\/www.clinicaalthea.com\/farmacia\/wp-content\/uploads\/2023\/12\/Jak-diagnozuje-sie-FAS_-objawy-kryteria-diagnostyczne-i-metody-diagnozowania-154162903.jpg","width":1216,"height":832,"caption":"Clinica Althea"},"image":{"@id":"https:\/\/www.clinicaalthea.com\/farmacia\/#\/schema\/logo\/image\/"}}]}},"lang":"it","translations":{"it":1872,"sv":1870,"de":1868,"sk":1871,"fr":1873,"da":1874,"cs":1875,"bg":1876,"et":1877,"fi":1878,"sl":1879,"hr":1880},"pll_sync_post":[],"_links":{"self":[{"href":"https:\/\/www.clinicaalthea.com\/farmacia\/wp-json\/wp\/v2\/product\/1872","targetHints":{"allow":["GET"]}}],"collection":[{"href":"https:\/\/www.clinicaalthea.com\/farmacia\/wp-json\/wp\/v2\/product"}],"about":[{"href":"https:\/\/www.clinicaalthea.com\/farmacia\/wp-json\/wp\/v2\/types\/product"}],"replies":[{"embeddable":true,"href":"https:\/\/www.clinicaalthea.com\/farmacia\/wp-json\/wp\/v2\/comments?post=1872"}],"wp:featuredmedia":[{"embeddable":true,"href":"https:\/\/www.clinicaalthea.com\/farmacia\/wp-json\/wp\/v2\/media\/1869"}],"wp:attachment":[{"href":"https:\/\/www.clinicaalthea.com\/farmacia\/wp-json\/wp\/v2\/media?parent=1872"}],"wp:term":[{"taxonomy":"product_brand","embeddable":true,"href":"https:\/\/www.clinicaalthea.com\/farmacia\/wp-json\/wp\/v2\/product_brand?post=1872"},{"taxonomy":"product_cat","embeddable":true,"href":"https:\/\/www.clinicaalthea.com\/farmacia\/wp-json\/wp\/v2\/product_cat?post=1872"},{"taxonomy":"product_tag","embeddable":true,"href":"https:\/\/www.clinicaalthea.com\/farmacia\/wp-json\/wp\/v2\/product_tag?post=1872"}],"curies":[{"name":"wp","href":"https:\/\/api.w.org\/{rel}","templated":true}]}}