{"id":1871,"date":"2024-03-16T20:15:34","date_gmt":"2024-03-16T19:15:34","guid":{"rendered":"https:\/\/mayoguide.org\/produkty\/?post_type=product&#038;p=1871"},"modified":"2024-03-16T20:48:14","modified_gmt":"2024-03-16T19:48:14","slug":"slimella-fit","status":"publish","type":"product","link":"https:\/\/www.clinicaalthea.com\/farmacia\/sk\/apt\/slimella-fit\/","title":{"rendered":"Slimella FIT"},"content":{"rendered":"\n<p>H\u013ead\u00e1te inovat\u00edvny doplnok stravy, ktor\u00fd poskytuje komplexn\u00fa podporu pri chudnut\u00ed? Ak \u00e1no, mali by ste sa informova\u0165 o <b>Slimella FIT<\/b> &#8211; <b>pr\u00edrodnom podpornom<\/b> pr\u00edpravku zalo\u017eenom na starostlivo vybranej recept\u00fare rastlinn\u00fdch zlo\u017eiek. M\u00f4\u017eete s t\u00fdmto produktom skuto\u010dne dosiahnu\u0165 \u00fa\u010dinn\u00e9 v\u00fdsledky? M\u00f4\u017ee prirodzenos\u0165 zmeni\u0165 va\u0161u postavu? Objavte viac inform\u00e1ci\u00ed o <b>Slimella FIT<\/b> a zistite, ako m\u00f4\u017ee ovplyvni\u0165 va\u0161e zdravie a pohodu.<\/p>\n\n\n\n<h3 class=\"wp-block-heading\" id=\"h-podsumowanie-kluczowych-informacji\">Zhrnutie k\u013e\u00fa\u010dov\u00fdch inform\u00e1ci\u00ed:<\/h3>\n\n\n\n<ul class=\"wp-block-list\">\n<li><b>Slimella FIT<\/b> je <b>inovat\u00edvny doplnok stravy<\/b> s pr\u00edrodnou podporou chudnutia.<\/li>\n\n\n\n<li>V\u00fdrobok je zalo\u017een\u00fd na starostlivo vybran\u00fdch rastlinn\u00fdch zlo\u017ek\u00e1ch, ktor\u00fdch pou\u017e\u00edvanie je bezpe\u010dn\u00e9.<\/li>\n\n\n\n<li>Slimella FIT podporuje <b>spa\u013eovanie tukov<\/b> a kontrolu chuti do jedla, ako aj zv\u00fd\u0161enie metabolizmu.<\/li>\n\n\n\n<li><b>Recenzie pou\u017e\u00edvate\u013eov<\/b> sved\u010dia o \u00fa\u010dinnosti a d\u00f4vere v tento produkt.<\/li>\n\n\n\n<li>Atrakt\u00edvne <b>akcie<\/b> na ofici\u00e1lnej webovej str\u00e1nke v\u00fdrobcu v\u00e1m umo\u017e\u0148uj\u00fa u\u0161etri\u0165 na k\u00fape Slimella FIT.<\/li>\n<\/ul>\n\n\n\n<h2 class=\"wp-block-heading\" id=\"h-co-to-jest-slimella-fit\">\u010co je Slimella FIT?<\/h2>\n\n\n\n<p>Slimella FIT je <b>inovat\u00edvny doplnok stravy<\/b>, ktor\u00fd sa odli\u0161uje od ostatn\u00fdch produktov na chudnutie.<\/p>\n\n\n\n<p>Produkt je zalo\u017een\u00fd na starostlivo vybran\u00fdch <em>rastlinn\u00fdch zlo\u017ek\u00e1ch<\/em>, ktor\u00fdch \u00fa\u010dinnos\u0165 pri podpore spa\u013eovania tukov a kontrole chuti do jedla bola vedecky dok\u00e1zan\u00e1.<\/p>\n\n\n\n<p>Ide o komplexn\u00fd pr\u00edstup k chudnutiu, ktor\u00fd je zalo\u017een\u00fd na pokro\u010dilom v\u00fdskume a inovat\u00edvnom zlo\u017een\u00ed.<\/p>\n\n\n\n<p>Slimella FIT je dostupn\u00e1 vo forme kaps\u00fal, \u010do z nej rob\u00ed pohodln\u00fd a \u013eahko pou\u017eite\u013en\u00fd doplnok stravy.<\/p>\n\n\n\n<h2 class=\"wp-block-heading\" id=\"h-jak-dziala-slimella-fit\">Ako Slimella FIT funguje?<\/h2>\n\n\n\n<p>Slimella FIT je <b>inovat\u00edvny v\u00fd\u017eivov\u00fd doplnok<\/b>, ktor\u00fd vyu\u017e\u00edva silu pr\u00edrody na podporu chudnutia. Jeho jedine\u010dn\u00e9 zlo\u017eenie sa zameriava na pr\u00edrodn\u00e9 zlo\u017eky, u ktor\u00fdch bolo vedecky dok\u00e1zan\u00e9, \u017ee \u00fa\u010dinne podporuj\u00fa <b>spa\u013eovanie tukov<\/b> a kontroluj\u00fa chu\u0165 do jedla.<\/p>\n\n\n\n<p>V\u010faka starostlivo vybran\u00fdm zlo\u017ek\u00e1m Slimella FIT p\u00f4sob\u00ed komplexne a umo\u017e\u0148uje bezpe\u010dn\u00e9 a \u00fa\u010dinn\u00e9 chudnutie. Tieto zlo\u017eky potvrdzuj\u00fa <b>\u00fa\u010dinnos\u0165<\/b> tohto doplnku, ktor\u00fd v\u00e1m umo\u017en\u00ed schudn\u00fa\u0165 bez toho, aby ste ohrozili svoje zdravie a pohodu.<\/p>\n\n\n\n<p>Slimella FIT je inovat\u00edvny v\u00fdrobok, ktor\u00fd v\u00e1m umo\u017en\u00ed dosiahnu\u0165 po\u017eadovan\u00e9 v\u00fdsledky pri chudnut\u00ed. Nech u\u017e je v\u00e1\u0161 cie\u013e chudnutia ak\u00fdko\u013evek, tento doplnok stravy v\u00e1m pom\u00f4\u017ee kontrolova\u0165 chu\u0165 do jedla, ur\u00fdchli\u0165 <b>spa\u013eovanie tukov<\/b> a zlep\u0161i\u0165 celkov\u00fa postavu.<\/p>\n\n\n\n<figure class=\"wp-block-table\"><table><tbody><tr><th>\u00da\u010dinok Slimella FIT<\/th><th>Zlo\u017eenie<\/th><\/tr><tr><td>Podporuje spa\u013eovanie tukov<\/td><td>&#8211; V\u00fd\u0165a\u017eok z indickej \u017eih\u013eavy<\/td><\/tr><tr><td>Kontroluje chu\u0165 do jedla<\/td><td>&#8211; V\u00fd\u0165a\u017eok zo zelen\u00e9ho \u010daju<\/td><\/tr><tr><td>Podporuje proces chudnutia<\/td><td>&#8211; V\u00fd\u0165a\u017eok z hork\u00e9ho pomaran\u010da<\/td><\/tr><tr><td> <\/td><td>&#8211; Chr\u00f3m<\/td><\/tr><tr><td> <\/td><td>&#8211; Mikrod\u00e1vka kofe\u00ednu<\/td><\/tr><\/tbody><\/table><\/figure>\n\n\n\n<p>V\u010faka kombin\u00e1cii t\u00fdchto zlo\u017eiek Slimella FIT p\u00f4sob\u00ed synergicky a poskytuje komplexn\u00fa podporu po\u010das chudnutia. Zabudnite na obete a nezdrav\u00e9 di\u00e9ty, so Slimella FIT m\u00f4\u017eete dosiahnu\u0165 svoje ciele a te\u0161i\u0165 sa zo zdravej postavy.<\/p>\n\n\n\n<h2 class=\"wp-block-heading\" id=\"h-efekty-stosowania-slimella-fit\">\u00da\u010dinky Slimella FIT<\/h2>\n\n\n\n<p>Slimella FIT je revolu\u010dn\u00fd doplnok stravy, ktor\u00fd prin\u00e1\u0161a p\u00f4sobiv\u00e9 <b>v\u00fdsledky<\/b> pri chudnut\u00ed. V\u010faka tomuto inovat\u00edvnemu zlo\u017eeniu m\u00f4\u017eete dosiahnu\u0165 \u00fa\u010dinn\u00e9 a udr\u017eate\u013en\u00e9 chudnutie, ktor\u00e9 v\u00e1m zabezpe\u010d\u00ed zdrav\u0161iu a atrakt\u00edvnej\u0161iu postavu.<\/p>\n\n\n\n<p><b>\u00da\u010dinok<\/b> Slimella FIT je zalo\u017een\u00fd na zlo\u017ek\u00e1ch, ktor\u00e9 \u00fa\u010dinne podporuj\u00fa spa\u013eovanie tukov a redukciu hmotnosti. V\u00fd\u017eivov\u00fd doplnok zr\u00fdch\u013euje metabolizmus, \u010do sa prejavuje intenz\u00edvnej\u0161\u00edm spa\u013eovan\u00edm nahromaden\u00e9ho tukov\u00e9ho tkaniva. Okrem toho Slimella FIT potl\u00e1\u010da chu\u0165 do jedla, \u010d\u00edm u\u013eah\u010duje kontrolu pr\u00edjmu kal\u00f3ri\u00ed.<\/p>\n\n\n\n<p>Pravideln\u00e9 <b>u\u017e\u00edvanie<\/b> Slimella FIT zni\u017euje mno\u017estvo telesn\u00e9ho tuku, najm\u00e4 v \u0165a\u017eko odstr\u00e1nite\u013en\u00fdch oblastiach, ako s\u00fa brucho, boky a stehn\u00e1. Okrem toho doplnok dod\u00e1va telu dodato\u010dn\u00fa energiu, \u010do v\u00e1m umo\u017e\u0148uje by\u0165 akt\u00edvny a udr\u017eiava\u0165 si vysok\u00fa v\u00fdkonnos\u0165 po\u010das cel\u00e9ho d\u0148a.<\/p>\n\n\n\n<p>So Slimella FIT m\u00f4\u017eete nielen schudn\u00fa\u0165, ale aj zlep\u0161i\u0165 svoju n\u00e1ladu. Doplnok zlep\u0161uje va\u0161u n\u00e1ladu a vytv\u00e1ra pocit zv\u00fd\u0161enej energie, \u010do sa prejavuje pozit\u00edvnymi zmenami v tele aj mysli.<\/p>\n\n\n\n<figure class=\"wp-block-table\"><table><thead><tr><th>V\u00fdhody Slimella FIT<\/th><th>Nev\u00fdhody Slimella FIT<\/th><\/tr><\/thead><tbody><tr><td>\n<ul>\n<li>Zvy\u0161uje r\u00fdchlos\u0165 metabolizmu<\/li>\n<li>Tlm\u00ed chu\u0165 do jedla<\/li>\n<li>Zni\u017euje mno\u017estvo telesn\u00e9ho tuku<\/li>\n<li>Poskytuje dodato\u010dn\u00fa energiu<\/li>\n<li>Zlep\u0161uje pohodu<\/li>\n<\/ul>\n<\/td><td>\n<ul>\n<li>K dispoz\u00edcii priamo od v\u00fdrobcu<\/li>\n<li>Nie je k dispoz\u00edcii vo v\u0161etk\u00fdch krajin\u00e1ch<\/li>\n<\/ul>\n<\/td><\/tr><\/tbody><\/table><\/figure>\n\n\n\n<p><b>V\u00fdhody<\/b> Slimella FIT s\u00fa siln\u00fdm argumentom pre v\u00fdber tohto v\u00fd\u017eivov\u00e9ho doplnku. V\u010faka pr\u00edrodn\u00fdm zlo\u017ek\u00e1m a komplexn\u00e9mu pr\u00edstupu k chudnutiu Slimella FIT zabezpe\u010duje \u00fa\u010dinn\u00e9 spa\u013eovanie tukov a dosiahnutie trval\u00fdch v\u00fdsledkov pri redukcii hmotnosti.<\/p>\n\n\n\n<h2 class=\"wp-block-heading\" id=\"h-jak-stosowac-slimella-fit-dawkowanie-i-zalecenia\">Ako pou\u017e\u00edva\u0165 Slimella FIT? &#8211; D\u00e1vkovanie a odpor\u00fa\u010dania<\/h2>\n\n\n\n<p>Na dosiahnutie maxim\u00e1lnych <b>\u00fa\u010dinkov<\/b> a pr\u00ednosov z u\u017e\u00edvania Slimella FIT sa odpor\u00fa\u010da dodr\u017eiava\u0165 pr\u00edslu\u0161n\u00e9 odpor\u00fa\u010dania na u\u017e\u00edvanie tohto v\u00fd\u017eivov\u00e9ho doplnku. U\u017e\u00edvanie Slimella FIT sp\u00f4sobom, ktor\u00fd je v s\u00falade s odpor\u00fa\u010daniami v\u00fdrobcu, pom\u00f4\u017ee dosiahnu\u0165 optim\u00e1lne v\u00fdsledky v procese chudnutia.<\/p>\n\n\n\n<p><b>D\u00e1vkovanie<\/b> Slimella FIT je jednoduch\u00e9 a \u013eahko zapam\u00e4tate\u013en\u00e9. Odpor\u00fa\u010da sa u\u017e\u00edva\u0165 jednu kapsulu dvakr\u00e1t denne, najlep\u0161ie pred jedlom. Kapsula by sa mala u\u017e\u00edva\u0165 s dostato\u010dn\u00fdm mno\u017estvom vody, aby sa u\u013eah\u010dil prechod do tr\u00e1viaceho syst\u00e9mu a \u00fa\u010dinn\u00e9 <b>p\u00f4sobenie<\/b> \u00fa\u010dinn\u00fdch l\u00e1tok.<\/p>\n\n\n\n<p>Je d\u00f4le\u017eit\u00e9 dodr\u017eiava\u0165 odpor\u00fa\u010dan\u00e9 d\u00e1vkovanie lieku Slimella FIT. Zv\u00fd\u0161enie d\u00e1vky nad odpor\u00fa\u010dan\u00e9 mno\u017estvo neur\u00fdchli proces chudnutia. \u00da\u010dinn\u00e9 l\u00e1tky v doplnku maj\u00fa \u0161pecifick\u00fd <b>\u00fa\u010dinok<\/b> a mierne <b>d\u00e1vkovanie<\/b> zabezpe\u010duje ich <b>\u00fa\u010dinnos\u0165<\/b> a bezpe\u010dnos\u0165.<\/p>\n\n\n\n<p>Pri u\u017e\u00edvan\u00ed Slimella FIT sa tie\u017e odpor\u00fa\u010da zabezpe\u010di\u0165 dostato\u010dn\u00fd pr\u00edjem vody. Voda pom\u00e1ha zlep\u0161i\u0165 vstreb\u00e1vanie \u00fa\u010dinn\u00fdch l\u00e1tok a podporuje celkov\u00fd proces chudnutia.<\/p>\n\n\n\n<p><b>\u00da\u010dinnos\u0165<\/b> Slimella FIT z\u00e1vis\u00ed aj od spr\u00e1vneho u\u017e\u00edvania doplnku a pravidelnosti pr\u00edjmu. Pravideln\u00e9 <b>u\u017e\u00edvanie<\/b> Slimella FIT pod\u013ea odpor\u00fa\u010dan\u00ed v\u00fdrobcu prinesie najlep\u0161ie <b>v\u00fdsledky<\/b> a dosiahnutie zam\u00fd\u0161\u013ean\u00fdch cie\u013eov v oblasti chudnutia.<\/p>\n\n\n\n<h3 class=\"wp-block-heading\" id=\"h-zalecenia-dotyczace-stosowania-slimella-fit\">Odpor\u00fa\u010dania pre u\u017e\u00edvanie Slimella FIT:<\/h3>\n\n\n\n<ul class=\"wp-block-list\">\n<li>U\u017e\u00edvajte jednu kapsulu Slimella FIT dvakr\u00e1t denne.<\/li>\n\n\n\n<li>Kapsulu u\u017e\u00edvajte pred jedlom.<\/li>\n\n\n\n<li>Kapsulu zapite dostato\u010dn\u00fdm mno\u017estvom vody.<\/li>\n\n\n\n<li>Dodr\u017eiavajte odpor\u00fa\u010dania t\u00fdkaj\u00face sa d\u00e1vkovania.<\/li>\n\n\n\n<li>Neprekra\u010dujte odpor\u00fa\u010dan\u00e9 d\u00e1vkovanie.<\/li>\n\n\n\n<li>Dbajte na pravideln\u00e9 u\u017e\u00edvanie doplnku.<\/li>\n\n\n\n<li>Po\u010das d\u0148a vypite dostato\u010dn\u00e9 mno\u017estvo vody.<\/li>\n<\/ul>\n\n\n\n<p>U\u017e\u00edvanie Slimella FIT pod\u013ea odpor\u00fa\u010dan\u00ed v\u00fdrobcu je k\u013e\u00fa\u010dom k dosiahnutiu zam\u00fd\u0161\u013ean\u00fdch v\u00fdsledkov pri chudnut\u00ed. Pred u\u017e\u00edvan\u00edm doplnku je v\u017edy dobr\u00e9 poradi\u0165 sa so svoj\u00edm lek\u00e1rom alebo dietol\u00f3gom, najm\u00e4 ak m\u00e1te nejak\u00e9 existuj\u00face zdravotn\u00e9 \u0165a\u017ekosti alebo u\u017e\u00edvate in\u00e9 lieky.<\/p>\n\n\n\n<h2 class=\"wp-block-heading\" id=\"h-slimella-fit-opinie-uzytkownikow-forum-co-mowia-uzytkownicy\">Slimella FIT &#8211; Recenzie pou\u017e\u00edvate\u013eov, f\u00f3rum &#8211; \u010co na to hovoria pou\u017e\u00edvatelia?<\/h2>\n\n\n\n<p><b>Recenzie pou\u017e\u00edvate\u013eov<\/b> maj\u00fa ve\u013ek\u00fd v\u00fdznam pri v\u00fdbere doplnkov stravy, ako je Slimella FIT. Mnoh\u00ed \u013eudia jednozna\u010dne chv\u00e1lia v\u00fdrobok, \u010do sved\u010d\u00ed o jeho \u00fa\u010dinnosti a z\u00edskan\u00ed d\u00f4very pou\u017e\u00edvate\u013eov. Pou\u017e\u00edvatelia spr\u00e1vne zd\u00f4raz\u0148uj\u00fa, \u017ee Slimella FIT je mimoriadne u\u017eito\u010dn\u00e1 v procese chudnutia, v\u00fdrazne ur\u00fdch\u013euje metabolizmus, zni\u017euje chu\u0165 do jedla a m\u00e1 pozit\u00edvny vplyv na pohodu.<\/p>\n\n\n\n<p><b>Sp\u00e4tn\u00e1 v\u00e4zba od<\/b> pou\u017e\u00edvate\u013eov je jednomyse\u013en\u00e1 v tom, \u017ee Slimella FIT je \u00fa\u010dinn\u00e1 pri podpore zni\u017eovania hmotnosti a dosahovan\u00ed po\u017eadovan\u00fdch v\u00fdsledkov. Uk\u00e1zalo sa tie\u017e, \u017ee u\u017e\u00edvanie Slimella FIT prospieva energii a v\u00fddr\u017ei pou\u017e\u00edvate\u013eov. Pr\u00edrodn\u00e9 zlo\u017eenie kaps\u00fal je tie\u017e mimoriadne oce\u0148ovan\u00e9 a je ide\u00e1lne pre \u013eud\u00ed, ktor\u00ed uprednost\u0148uj\u00fa pr\u00edrodn\u00e9 produkty.<\/p>\n\n\n\n<blockquote class=\"wp-block-quote is-layout-flow wp-block-quote-is-layout-flow\">\n<p>Recenzie pou\u017e\u00edvate\u013eov poskytuj\u00fa siln\u00e9 potvrdenie \u00fa\u010dinnosti Slimella FIT pri chudnut\u00ed. Je to <b>pr\u00edrodn\u00e1 podpora<\/b>, na ktor\u00fa sa oplat\u00ed stavi\u0165.<\/p>\n<\/blockquote>\n\n\n\n<h2 class=\"wp-block-heading\" id=\"h-slimella-fit-sklad\">Slimella FIT &#8211; zlo\u017eenie<\/h2>\n\n\n\n<p>Slimella FIT je inovat\u00edvny doplnok stravy, ktor\u00fd sa sklad\u00e1 z pr\u00edrodn\u00fdch zlo\u017eiek s preuk\u00e1zan\u00fdmi vlastnos\u0165ami na podporu chudnutia. Jeho starostlivo vybran\u00e9 zlo\u017eenie obsahuje r\u00f4zne l\u00e1tky, ktor\u00e9 p\u00f4sobia synergicky a vytv\u00e1raj\u00fa komplexn\u00fd vzorec. Ni\u017e\u0161ie s\u00fa uveden\u00e9 niektor\u00e9 z k\u013e\u00fa\u010dov\u00fdch zlo\u017eiek, ktor\u00e9 podporuj\u00fa proces spa\u013eovania tukov a zni\u017eovania hmotnosti:<\/p>\n\n\n\n<figure class=\"wp-block-table\"><table><tbody><tr><th>Zlo\u017eenie<\/th><th>Vlastnosti<\/th><\/tr><tr><td>Extrakt z indickej \u017eih\u013eavy<\/td><td>Podporuje metabolizmus tukov a kontrolu chuti do jedla<\/td><\/tr><tr><td>Extrakt zo zelen\u00e9ho \u010daju<\/td><td>M\u00e1 antioxida\u010dn\u00fd \u00fa\u010dinok a ur\u00fdch\u013euje spa\u013eovanie tukov<\/td><\/tr><tr><td>V\u00fd\u0165a\u017eok z hork\u00e9ho pomaran\u010da<\/td><td>Zvy\u0161uje termogen\u00e9zu a redukuje tukov\u00e9 tkanivo<\/td><\/tr><tr><td>Chr\u00f3m<\/td><td>Reguluje hladinu cukru v krvi a chu\u0165 do jedla<\/td><\/tr><tr><td>Mikrod\u00e1vka kofe\u00ednu<\/td><td>Dod\u00e1va dodato\u010dn\u00fa energiu a vytrvalos\u0165<\/td><\/tr><\/tbody><\/table><\/figure>\n\n\n\n<p>Tieto zlo\u017eky v kombin\u00e1cii s \u010fal\u0161\u00edmi l\u00e1tkami obsiahnut\u00fdmi v Slimella FIT vytv\u00e1raj\u00fa jedine\u010dn\u00fd vzorec, ktor\u00fd podporuje chudnutie a pom\u00e1ha v\u00e1m dosiahnu\u0165 vyt\u00fa\u017een\u00fa postavu. Je potrebn\u00e9 si uvedomi\u0165, \u017ee v\u00fd\u017eivov\u00e9 doplnky by sa mali pou\u017e\u00edva\u0165 v s\u00falade s odpor\u00fa\u010daniami v\u00fdrobcu a nenahr\u00e1dzaj\u00fa zdrav\u00fa stravu a fyzick\u00fa aktivitu.<\/p>\n\n\n\n<h2 class=\"wp-block-heading\" id=\"h-ile-kosztuje-slimella-fit-cena-promocje\">Ko\u013eko stoj\u00ed Slimella FIT &#8211; cena, akcie<\/h2>\n\n\n\n<p>\u0160tandardn\u00e1 <b>cena<\/b> balenia Slimella FIT je dostupn\u00e1 na ofici\u00e1lnej webovej str\u00e1nke v\u00fdrobcu. V\u00fdrobca pon\u00faka atrakt\u00edvne <b>akcie,<\/b> ktor\u00e9 v\u00e1m umo\u017enia u\u0161etri\u0165 a\u017e 50 % z n\u00e1kupu. <\/p>\n\n\n\n<p>Oplat\u00ed sa sledova\u0165 ofici\u00e1lnu webov\u00fa str\u00e1nku v\u00fdrobcu, aby ste mali aktu\u00e1lne inform\u00e1cie o dostupn\u00fdch akci\u00e1ch a vyu\u017eili najlep\u0161ie ponuky. V\u010faka akci\u00e1m m\u00f4\u017eete investova\u0165 do svojho zdravia a postavy a z\u00e1rove\u0148 u\u0161etri\u0165.<\/p>\n","protected":false},"excerpt":{"rendered":"<p><strong>49.00 \u20ac<\/strong><\/p>\n<p><del>98.00 \u20ac<\/del><\/p>\n<p><strong>[date_countdown]<\/strong><\/p>\n","protected":false},"featured_media":1869,"comment_status":"open","ping_status":"closed","template":"","meta":{"neve_meta_sidebar":"","neve_meta_container":"","neve_meta_enable_content_width":"","neve_meta_content_width":0,"neve_meta_title_alignment":"","neve_meta_author_avatar":"","neve_post_elements_order":"","neve_meta_disable_header":"","neve_meta_disable_footer":"","neve_meta_disable_title":"","neve_meta_reading_time":""},"product_brand":[],"product_cat":[169],"product_tag":[],"class_list":{"0":"post-1871","1":"product","2":"type-product","3":"status-publish","4":"has-post-thumbnail","6":"product_cat-zdravie","8":"first","9":"instock","10":"shipping-taxable","11":"product-type-external"},"yoast_head":"<!-- This site is optimized with the Yoast SEO plugin v27.4 - https:\/\/yoast.com\/product\/yoast-seo-wordpress\/ -->\n<title>Slimella FIT - Clinica Althea<\/title>\n<meta name=\"robots\" content=\"index, follow, max-snippet:-1, max-image-preview:large, max-video-preview:-1\" \/>\n<link rel=\"canonical\" href=\"https:\/\/www.clinicaalthea.com\/farmacia\/sk\/apt\/slimella-fit\/\" \/>\n<meta property=\"og:locale\" content=\"pl_PL\" \/>\n<meta property=\"og:type\" content=\"article\" \/>\n<meta property=\"og:title\" content=\"Slimella FIT - Clinica Althea\" \/>\n<meta property=\"og:description\" content=\"49.00 \u20ac 98.00 \u20ac\" \/>\n<meta property=\"og:url\" content=\"https:\/\/www.clinicaalthea.com\/farmacia\/sk\/apt\/slimella-fit\/\" \/>\n<meta property=\"og:site_name\" content=\"Clinica Althea\" \/>\n<meta property=\"article:modified_time\" content=\"2024-03-16T19:48:14+00:00\" \/>\n<meta property=\"og:image\" content=\"https:\/\/www.clinicaalthea.com\/farmacia\/wp-content\/uploads\/2024\/03\/Slimella-Fit.jpg\" \/>\n\t<meta property=\"og:image:width\" content=\"768\" \/>\n\t<meta property=\"og:image:height\" content=\"768\" \/>\n\t<meta property=\"og:image:type\" content=\"image\/jpeg\" \/>\n<meta name=\"twitter:card\" content=\"summary_large_image\" \/>\n<meta name=\"twitter:label1\" content=\"Szacowany czas czytania\" \/>\n\t<meta name=\"twitter:data1\" content=\"8 minut\" \/>\n<script type=\"application\/ld+json\" class=\"yoast-schema-graph\">{\"@context\":\"https:\\\/\\\/schema.org\",\"@graph\":[{\"@type\":\"WebPage\",\"@id\":\"https:\\\/\\\/www.clinicaalthea.com\\\/farmacia\\\/sk\\\/apt\\\/slimella-fit\\\/\",\"url\":\"https:\\\/\\\/www.clinicaalthea.com\\\/farmacia\\\/sk\\\/apt\\\/slimella-fit\\\/\",\"name\":\"Slimella FIT - Clinica Althea\",\"isPartOf\":{\"@id\":\"https:\\\/\\\/www.clinicaalthea.com\\\/farmacia\\\/#website\"},\"primaryImageOfPage\":{\"@id\":\"https:\\\/\\\/www.clinicaalthea.com\\\/farmacia\\\/sk\\\/apt\\\/slimella-fit\\\/#primaryimage\"},\"image\":{\"@id\":\"https:\\\/\\\/www.clinicaalthea.com\\\/farmacia\\\/sk\\\/apt\\\/slimella-fit\\\/#primaryimage\"},\"thumbnailUrl\":\"https:\\\/\\\/www.clinicaalthea.com\\\/farmacia\\\/wp-content\\\/uploads\\\/2024\\\/03\\\/Slimella-Fit.jpg\",\"datePublished\":\"2024-03-16T19:15:34+00:00\",\"dateModified\":\"2024-03-16T19:48:14+00:00\",\"breadcrumb\":{\"@id\":\"https:\\\/\\\/www.clinicaalthea.com\\\/farmacia\\\/sk\\\/apt\\\/slimella-fit\\\/#breadcrumb\"},\"inLanguage\":\"pl-PL\",\"potentialAction\":[{\"@type\":\"ReadAction\",\"target\":[\"https:\\\/\\\/www.clinicaalthea.com\\\/farmacia\\\/sk\\\/apt\\\/slimella-fit\\\/\"]}]},{\"@type\":\"ImageObject\",\"inLanguage\":\"pl-PL\",\"@id\":\"https:\\\/\\\/www.clinicaalthea.com\\\/farmacia\\\/sk\\\/apt\\\/slimella-fit\\\/#primaryimage\",\"url\":\"https:\\\/\\\/www.clinicaalthea.com\\\/farmacia\\\/wp-content\\\/uploads\\\/2024\\\/03\\\/Slimella-Fit.jpg\",\"contentUrl\":\"https:\\\/\\\/www.clinicaalthea.com\\\/farmacia\\\/wp-content\\\/uploads\\\/2024\\\/03\\\/Slimella-Fit.jpg\",\"width\":768,\"height\":768,\"caption\":\"Slimella Fit\"},{\"@type\":\"BreadcrumbList\",\"@id\":\"https:\\\/\\\/www.clinicaalthea.com\\\/farmacia\\\/sk\\\/apt\\\/slimella-fit\\\/#breadcrumb\",\"itemListElement\":[{\"@type\":\"ListItem\",\"position\":1,\"name\":\"Strona g\u0142\u00f3wna\",\"item\":\"https:\\\/\\\/www.clinicaalthea.com\\\/farmacia\\\/\"},{\"@type\":\"ListItem\",\"position\":2,\"name\":\"Produkty\",\"item\":\"https:\\\/\\\/www.clinicaalthea.com\\\/farmacia\\\/\"},{\"@type\":\"ListItem\",\"position\":3,\"name\":\"Slimella FIT\"}]},{\"@type\":\"WebSite\",\"@id\":\"https:\\\/\\\/www.clinicaalthea.com\\\/farmacia\\\/#website\",\"url\":\"https:\\\/\\\/www.clinicaalthea.com\\\/farmacia\\\/\",\"name\":\"Clinica Althea\",\"description\":\"\",\"publisher\":{\"@id\":\"https:\\\/\\\/www.clinicaalthea.com\\\/farmacia\\\/#organization\"},\"potentialAction\":[{\"@type\":\"SearchAction\",\"target\":{\"@type\":\"EntryPoint\",\"urlTemplate\":\"https:\\\/\\\/www.clinicaalthea.com\\\/farmacia\\\/?s={search_term_string}\"},\"query-input\":{\"@type\":\"PropertyValueSpecification\",\"valueRequired\":true,\"valueName\":\"search_term_string\"}}],\"inLanguage\":\"pl-PL\"},{\"@type\":\"Organization\",\"@id\":\"https:\\\/\\\/www.clinicaalthea.com\\\/farmacia\\\/#organization\",\"name\":\"Clinica Althea\",\"url\":\"https:\\\/\\\/www.clinicaalthea.com\\\/farmacia\\\/\",\"logo\":{\"@type\":\"ImageObject\",\"inLanguage\":\"pl-PL\",\"@id\":\"https:\\\/\\\/www.clinicaalthea.com\\\/farmacia\\\/#\\\/schema\\\/logo\\\/image\\\/\",\"url\":\"https:\\\/\\\/www.clinicaalthea.com\\\/farmacia\\\/wp-content\\\/uploads\\\/2023\\\/12\\\/Jak-diagnozuje-sie-FAS_-objawy-kryteria-diagnostyczne-i-metody-diagnozowania-154162903.jpg\",\"contentUrl\":\"https:\\\/\\\/www.clinicaalthea.com\\\/farmacia\\\/wp-content\\\/uploads\\\/2023\\\/12\\\/Jak-diagnozuje-sie-FAS_-objawy-kryteria-diagnostyczne-i-metody-diagnozowania-154162903.jpg\",\"width\":1216,\"height\":832,\"caption\":\"Clinica Althea\"},\"image\":{\"@id\":\"https:\\\/\\\/www.clinicaalthea.com\\\/farmacia\\\/#\\\/schema\\\/logo\\\/image\\\/\"}}]}<\/script>\n<!-- \/ Yoast SEO plugin. -->","yoast_head_json":{"title":"Slimella FIT - Clinica Althea","robots":{"index":"index","follow":"follow","max-snippet":"max-snippet:-1","max-image-preview":"max-image-preview:large","max-video-preview":"max-video-preview:-1"},"canonical":"https:\/\/www.clinicaalthea.com\/farmacia\/sk\/apt\/slimella-fit\/","og_locale":"pl_PL","og_type":"article","og_title":"Slimella FIT - Clinica Althea","og_description":"49.00 \u20ac 98.00 \u20ac","og_url":"https:\/\/www.clinicaalthea.com\/farmacia\/sk\/apt\/slimella-fit\/","og_site_name":"Clinica Althea","article_modified_time":"2024-03-16T19:48:14+00:00","og_image":[{"width":768,"height":768,"url":"https:\/\/www.clinicaalthea.com\/farmacia\/wp-content\/uploads\/2024\/03\/Slimella-Fit.jpg","type":"image\/jpeg"}],"twitter_card":"summary_large_image","twitter_misc":{"Szacowany czas czytania":"8 minut"},"schema":{"@context":"https:\/\/schema.org","@graph":[{"@type":"WebPage","@id":"https:\/\/www.clinicaalthea.com\/farmacia\/sk\/apt\/slimella-fit\/","url":"https:\/\/www.clinicaalthea.com\/farmacia\/sk\/apt\/slimella-fit\/","name":"Slimella FIT - Clinica Althea","isPartOf":{"@id":"https:\/\/www.clinicaalthea.com\/farmacia\/#website"},"primaryImageOfPage":{"@id":"https:\/\/www.clinicaalthea.com\/farmacia\/sk\/apt\/slimella-fit\/#primaryimage"},"image":{"@id":"https:\/\/www.clinicaalthea.com\/farmacia\/sk\/apt\/slimella-fit\/#primaryimage"},"thumbnailUrl":"https:\/\/www.clinicaalthea.com\/farmacia\/wp-content\/uploads\/2024\/03\/Slimella-Fit.jpg","datePublished":"2024-03-16T19:15:34+00:00","dateModified":"2024-03-16T19:48:14+00:00","breadcrumb":{"@id":"https:\/\/www.clinicaalthea.com\/farmacia\/sk\/apt\/slimella-fit\/#breadcrumb"},"inLanguage":"pl-PL","potentialAction":[{"@type":"ReadAction","target":["https:\/\/www.clinicaalthea.com\/farmacia\/sk\/apt\/slimella-fit\/"]}]},{"@type":"ImageObject","inLanguage":"pl-PL","@id":"https:\/\/www.clinicaalthea.com\/farmacia\/sk\/apt\/slimella-fit\/#primaryimage","url":"https:\/\/www.clinicaalthea.com\/farmacia\/wp-content\/uploads\/2024\/03\/Slimella-Fit.jpg","contentUrl":"https:\/\/www.clinicaalthea.com\/farmacia\/wp-content\/uploads\/2024\/03\/Slimella-Fit.jpg","width":768,"height":768,"caption":"Slimella Fit"},{"@type":"BreadcrumbList","@id":"https:\/\/www.clinicaalthea.com\/farmacia\/sk\/apt\/slimella-fit\/#breadcrumb","itemListElement":[{"@type":"ListItem","position":1,"name":"Strona g\u0142\u00f3wna","item":"https:\/\/www.clinicaalthea.com\/farmacia\/"},{"@type":"ListItem","position":2,"name":"Produkty","item":"https:\/\/www.clinicaalthea.com\/farmacia\/"},{"@type":"ListItem","position":3,"name":"Slimella FIT"}]},{"@type":"WebSite","@id":"https:\/\/www.clinicaalthea.com\/farmacia\/#website","url":"https:\/\/www.clinicaalthea.com\/farmacia\/","name":"Clinica Althea","description":"","publisher":{"@id":"https:\/\/www.clinicaalthea.com\/farmacia\/#organization"},"potentialAction":[{"@type":"SearchAction","target":{"@type":"EntryPoint","urlTemplate":"https:\/\/www.clinicaalthea.com\/farmacia\/?s={search_term_string}"},"query-input":{"@type":"PropertyValueSpecification","valueRequired":true,"valueName":"search_term_string"}}],"inLanguage":"pl-PL"},{"@type":"Organization","@id":"https:\/\/www.clinicaalthea.com\/farmacia\/#organization","name":"Clinica Althea","url":"https:\/\/www.clinicaalthea.com\/farmacia\/","logo":{"@type":"ImageObject","inLanguage":"pl-PL","@id":"https:\/\/www.clinicaalthea.com\/farmacia\/#\/schema\/logo\/image\/","url":"https:\/\/www.clinicaalthea.com\/farmacia\/wp-content\/uploads\/2023\/12\/Jak-diagnozuje-sie-FAS_-objawy-kryteria-diagnostyczne-i-metody-diagnozowania-154162903.jpg","contentUrl":"https:\/\/www.clinicaalthea.com\/farmacia\/wp-content\/uploads\/2023\/12\/Jak-diagnozuje-sie-FAS_-objawy-kryteria-diagnostyczne-i-metody-diagnozowania-154162903.jpg","width":1216,"height":832,"caption":"Clinica Althea"},"image":{"@id":"https:\/\/www.clinicaalthea.com\/farmacia\/#\/schema\/logo\/image\/"}}]}},"lang":"sk","translations":{"sk":1871,"sv":1870,"de":1868,"it":1872,"fr":1873,"da":1874,"cs":1875,"bg":1876,"et":1877,"fi":1878,"sl":1879,"hr":1880},"pll_sync_post":[],"_links":{"self":[{"href":"https:\/\/www.clinicaalthea.com\/farmacia\/wp-json\/wp\/v2\/product\/1871","targetHints":{"allow":["GET"]}}],"collection":[{"href":"https:\/\/www.clinicaalthea.com\/farmacia\/wp-json\/wp\/v2\/product"}],"about":[{"href":"https:\/\/www.clinicaalthea.com\/farmacia\/wp-json\/wp\/v2\/types\/product"}],"replies":[{"embeddable":true,"href":"https:\/\/www.clinicaalthea.com\/farmacia\/wp-json\/wp\/v2\/comments?post=1871"}],"wp:featuredmedia":[{"embeddable":true,"href":"https:\/\/www.clinicaalthea.com\/farmacia\/wp-json\/wp\/v2\/media\/1869"}],"wp:attachment":[{"href":"https:\/\/www.clinicaalthea.com\/farmacia\/wp-json\/wp\/v2\/media?parent=1871"}],"wp:term":[{"taxonomy":"product_brand","embeddable":true,"href":"https:\/\/www.clinicaalthea.com\/farmacia\/wp-json\/wp\/v2\/product_brand?post=1871"},{"taxonomy":"product_cat","embeddable":true,"href":"https:\/\/www.clinicaalthea.com\/farmacia\/wp-json\/wp\/v2\/product_cat?post=1871"},{"taxonomy":"product_tag","embeddable":true,"href":"https:\/\/www.clinicaalthea.com\/farmacia\/wp-json\/wp\/v2\/product_tag?post=1871"}],"curies":[{"name":"wp","href":"https:\/\/api.w.org\/{rel}","templated":true}]}}