{"id":1870,"date":"2024-03-16T20:14:02","date_gmt":"2024-03-16T19:14:02","guid":{"rendered":"https:\/\/mayoguide.org\/produkty\/?post_type=product&#038;p=1870"},"modified":"2024-03-16T20:48:14","modified_gmt":"2024-03-16T19:48:14","slug":"slimella-fit","status":"publish","type":"product","link":"https:\/\/www.clinicaalthea.com\/farmacia\/sv\/apt\/slimella-fit\/","title":{"rendered":"Slimella FIT"},"content":{"rendered":"\n<p>Letar du efter ett innovativt kosttillskott som ger omfattande st\u00f6d f\u00f6r viktminskning? I s\u00e5 fall b\u00f6r du ta reda p\u00e5 om <b>Slimella FIT<\/b> &#8211; ett <b>naturligt st\u00f6d<\/b> baserat p\u00e5 en noggrant utvald formel av v\u00e4xtbaserade ingredienser. Kan du verkligen uppn\u00e5 effektiva resultat med den h\u00e4r produkten? Kan naturlighet f\u00f6r\u00e4ndra din figur? Uppt\u00e4ck mer om <b>Slimella FIT<\/b> och ta reda p\u00e5 hur det kan p\u00e5verka din h\u00e4lsa och ditt v\u00e4lbefinnande.<\/p>\n\n\n\n<h3 class=\"wp-block-heading\" id=\"h-podsumowanie-kluczowych-informacji\">Sammanfattning av nyckelinformation:<\/h3>\n\n\n\n<ul class=\"wp-block-list\">\n<li><b>Slimella FIT<\/b> \u00e4r <b>ett innovativt kosttillskott<\/b> med naturligt st\u00f6d f\u00f6r viktminskning.<\/li>\n\n\n\n<li>Produkten \u00e4r baserad p\u00e5 noggrant utvalda v\u00e4xtbaserade ingredienser som \u00e4r s\u00e4kra att anv\u00e4nda.<\/li>\n\n\n\n<li>Slimella FIT st\u00f6djer <b>fettf\u00f6rbr\u00e4nning<\/b> och aptitkontroll, samt \u00f6kar \u00e4mnesoms\u00e4ttningen.<\/li>\n\n\n\n<li><b>Anv\u00e4ndarrecensioner<\/b> vittnar om effektiviteten och f\u00f6rtroendet f\u00f6r denna produkt.<\/li>\n\n\n\n<li>Attraktiva <b>kampanjer<\/b> p\u00e5 tillverkarens officiella webbplats g\u00f6r att du kan spara p\u00e5 ditt Slimella FIT-k\u00f6p.<\/li>\n<\/ul>\n\n\n\n<h2 class=\"wp-block-heading\" id=\"h-co-to-jest-slimella-fit\">Vad \u00e4r Slimella FIT?<\/h2>\n\n\n\n<p>Slimella FIT \u00e4r <b>ett innovativt kosttillskott<\/b> som sticker ut fr\u00e5n andra viktminskningsprodukter.<\/p>\n\n\n\n<p>Produkten \u00e4r baserad p\u00e5 noggrant utvalda <em>v\u00e4xtbaserade ingredienser<\/em> som har vetenskapligt bevisats vara effektiva f\u00f6r att st\u00f6dja fettf\u00f6rbr\u00e4nning och kontrollera aptiten.<\/p>\n\n\n\n<p>Det \u00e4r ett omfattande tillv\u00e4gag\u00e5ngss\u00e4tt f\u00f6r viktminskning som bygger p\u00e5 avancerad forskning och en innovativ formel.<\/p>\n\n\n\n<p>Slimella FIT finns i kapselform, vilket g\u00f6r det till ett bekv\u00e4mt och l\u00e4ttanv\u00e4nt kosttillskott.<\/p>\n\n\n\n<h2 class=\"wp-block-heading\" id=\"h-jak-dziala-slimella-fit\">Hur fungerar Slimella FIT?<\/h2>\n\n\n\n<p>Slimella FIT \u00e4r <b>ett innovativt kosttillskott<\/b> som anv\u00e4nder naturens kraft f\u00f6r att st\u00f6dja viktminskning. Dess unika formel fokuserar p\u00e5 naturliga ingredienser som har vetenskapligt bevisats effektivt fr\u00e4mja <b>fettf\u00f6rbr\u00e4nning<\/b> och kontrollera aptiten.<\/p>\n\n\n\n<p>Tack vare sina noggrant utvalda ingredienser fungerar Slimella FIT helt\u00e4ckande f\u00f6r att m\u00f6jligg\u00f6ra s\u00e4ker och effektiv viktminskning. Dessa ingredienser bekr\u00e4ftar <b>effektiviteten hos<\/b> detta tillskott, s\u00e5 att du kan g\u00e5 ner i vikt utan att \u00e4ventyra din h\u00e4lsa och ditt v\u00e4lbefinnande.<\/p>\n\n\n\n<p>Slimella FIT \u00e4r en innovativ produkt som g\u00f6r att du kan uppn\u00e5 dina \u00f6nskade viktminskningsresultat. Oavsett ditt viktminskningsm\u00e5l hj\u00e4lper detta kosttillskott dig att kontrollera din aptit, p\u00e5skynda <b>fettf\u00f6rbr\u00e4nningen<\/b> och f\u00f6rb\u00e4ttra din totala figur.<\/p>\n\n\n\n<figure class=\"wp-block-table\"><table><tbody><tr><th>Effekt av Slimella FIT<\/th><th>Ingredienser<\/th><\/tr><tr><td>St\u00f6djer fettf\u00f6rbr\u00e4nningen<\/td><td>&#8211; Extrakt av indisk n\u00e4ssla<\/td><\/tr><tr><td>Kontrollerar aptiten<\/td><td>&#8211; Extrakt av gr\u00f6nt te<\/td><\/tr><tr><td>St\u00f6djer bantningsprocessen<\/td><td>&#8211; Extrakt av bitter apelsin<\/td><\/tr><tr><td> <\/td><td>&#8211; Krom<\/td><\/tr><tr><td> <\/td><td>&#8211; Mikrodos av koffein<\/td><\/tr><\/tbody><\/table><\/figure>\n\n\n\n<p>Tack vare kombinationen av dessa ingredienser fungerar Slimella FIT synergistiskt f\u00f6r att ge omfattande st\u00f6d under viktminskning. Gl\u00f6m uppoffringar och oh\u00e4lsosamma dieter, med Slimella FIT kan du uppn\u00e5 dina m\u00e5l och njuta av en h\u00e4lsosam figur.<\/p>\n\n\n\n<h2 class=\"wp-block-heading\" id=\"h-efekty-stosowania-slimella-fit\">Effekter av Slimella FIT<\/h2>\n\n\n\n<p>Slimella FIT \u00e4r ett revolutionerande kosttillskott som ger imponerande <b>resultat<\/b> vid viktminskning. Tack vare denna innovativa formel kan du uppn\u00e5 effektiv och h\u00e5llbar viktminskning, vilket ger dig en h\u00e4lsosammare och mer attraktiv figur.<\/p>\n\n\n\n<p>Slimella FITs<b>verkan<\/b> \u00e4r baserad p\u00e5 ingredienser som effektivt st\u00f6der fettf\u00f6rbr\u00e4nning och viktminskning. Till\u00e4gget accelererar \u00e4mnesoms\u00e4ttningen, vilket inneb\u00e4r en mer intensiv f\u00f6rbr\u00e4nning av ackumulerad fettv\u00e4vnad. Dessutom undertrycker Slimella FIT aptiten, vilket g\u00f6r det l\u00e4ttare att kontrollera kaloriintaget.<\/p>\n\n\n\n<p>Regelbunden <b>anv\u00e4ndning av<\/b> Slimella FIT minskar kroppsfett, s\u00e4rskilt i omr\u00e5den som \u00e4r sv\u00e5ra att bli av med, s\u00e5som buken, h\u00f6fterna och l\u00e5ren. Dessutom ger tillskottet din kropp extra energi, s\u00e5 att du kan vara aktiv och uppr\u00e4tth\u00e5lla h\u00f6g prestanda hela dagen.<\/p>\n\n\n\n<p>Med Slimella FIT kan du inte bara g\u00e5 ner i vikt utan ocks\u00e5 f\u00f6rb\u00e4ttra ditt hum\u00f6r. Till\u00e4gget f\u00f6rb\u00e4ttrar ditt hum\u00f6r och skapar en k\u00e4nsla av \u00f6kad energi, vilket leder till positiva f\u00f6r\u00e4ndringar i b\u00e5de kropp och sj\u00e4l.<\/p>\n\n\n\n<figure class=\"wp-block-table\"><table><thead><tr><th>F\u00f6rdelar med Slimella FIT<\/th><th>Nackdelar med Slimella FIT<\/th><\/tr><\/thead><tbody><tr><td>\n<ul>\n<li>\u00d6kar den metaboliska hastigheten<\/li>\n<li>H\u00e4mmar aptiten<\/li>\n<li>Minskar kroppsfett<\/li>\n<li>Ger extra energi<\/li>\n<li>F\u00f6rb\u00e4ttrar v\u00e4lbefinnandet<\/li>\n<\/ul>\n<\/td><td>\n<ul>\n<li>Tillg\u00e4nglig direkt fr\u00e5n tillverkaren<\/li>\n<li>Inte tillg\u00e4nglig i alla l\u00e4nder<\/li>\n<\/ul>\n<\/td><\/tr><\/tbody><\/table><\/figure>\n\n\n\n<p><b>F\u00f6rdelarna med<\/b> Slimella FIT \u00e4r ett starkt argument f\u00f6r att v\u00e4lja detta kosttillskott. Tack vare sina naturliga ingredienser och omfattande strategi f\u00f6r viktminskning, Slimella FIT s\u00e4kerst\u00e4ller effektiv fettf\u00f6rbr\u00e4nning och uppn\u00e5 varaktiga resultat i viktminskningen.<\/p>\n\n\n\n<h2 class=\"wp-block-heading\" id=\"h-jak-stosowac-slimella-fit-dawkowanie-i-zalecenia\">Hur anv\u00e4nder man Slimella FIT? &#8211; Dosering och rekommendationer<\/h2>\n\n\n\n<p>F\u00f6r att uppn\u00e5 maximala <b>effekter<\/b> och f\u00f6rdelar med att ta Slimella FIT rekommenderas det att f\u00f6lja de l\u00e4mpliga rekommendationerna f\u00f6r anv\u00e4ndning av detta kosttillskott. Att ta Slimella FIT p\u00e5 ett s\u00e4tt som \u00f6verensst\u00e4mmer med tillverkarens rekommendationer kommer att bidra till att uppn\u00e5 optimala resultat i viktminskningsprocessen.<\/p>\n\n\n\n<p><b>Doseringen av<\/b> Slimella FIT \u00e4r enkel och l\u00e4tt att komma ih\u00e5g. Det rekommenderas att ta en kapsel tv\u00e5 g\u00e5nger om dagen, helst f\u00f6re m\u00e5ltid. Kapseln b\u00f6r tas med tillr\u00e4ckligt med vatten f\u00f6r att underl\u00e4tta passagen i matsm\u00e4ltningssystemet och den effektiva <b>verkan av<\/b> de aktiva ingredienserna.<\/p>\n\n\n\n<p>Det \u00e4r viktigt att f\u00f6lja den rekommenderade dosen av Slimella FIT. Att \u00f6ka dosen ut\u00f6ver den rekommenderade m\u00e4ngden kommer inte att p\u00e5skynda viktminskningsprocessen. De aktiva ingredienserna i tillskottet har en specifik <b>verkan<\/b> och m\u00e5ttlig <b>dosering<\/b> s\u00e4kerst\u00e4ller deras <b>effektivitet<\/b> och s\u00e4kerhet.<\/p>\n\n\n\n<p>N\u00e4r du tar Slimella FIT rekommenderas det ocks\u00e5 att s\u00e4kerst\u00e4lla ett tillr\u00e4ckligt intag av vatten. Vatten hj\u00e4lper till att f\u00f6rb\u00e4ttra absorptionen av de aktiva ingredienserna och st\u00f6der den totala viktminskningsprocessen.<\/p>\n\n\n\n<p><b>Effekten av<\/b> Slimella FIT beror ocks\u00e5 p\u00e5 korrekt anv\u00e4ndning av tillskottet och regelbundenhet i intaget. Regelbunden <b>anv\u00e4ndning av<\/b> Slimella FIT enligt tillverkarens rekommendationer kommer att ge de b\u00e4sta <b>resultaten<\/b> och uppn\u00e5 de avsedda viktminskningsm\u00e5len.<\/p>\n\n\n\n<h3 class=\"wp-block-heading\" id=\"h-zalecenia-dotyczace-stosowania-slimella-fit\">Rekommendationer f\u00f6r anv\u00e4ndning av Slimella FIT:<\/h3>\n\n\n\n<ul class=\"wp-block-list\">\n<li>Ta en kapsel Slimella FIT tv\u00e5 g\u00e5nger dagligen.<\/li>\n\n\n\n<li>Ta kapseln f\u00f6re m\u00e5ltid.<\/li>\n\n\n\n<li>Sippa kapseln med tillr\u00e4ckligt med vatten.<\/li>\n\n\n\n<li>F\u00f6lj doseringsrekommendationerna.<\/li>\n\n\n\n<li>\u00d6verskrid inte den rekommenderade dosen.<\/li>\n\n\n\n<li>Var noga med att ta tillskottet regelbundet.<\/li>\n\n\n\n<li>Drick en tillr\u00e4cklig m\u00e4ngd vatten under hela dagen.<\/li>\n<\/ul>\n\n\n\n<p>Att ta Slimella FIT enligt tillverkarens rekommendationer \u00e4r nyckeln till att uppn\u00e5 de avsedda viktminskningsresultaten. Det \u00e4r alltid en bra id\u00e9 att r\u00e5dfr\u00e5ga din l\u00e4kare eller dietist innan du tar tillskottet, s\u00e4rskilt om du har n\u00e5gra befintliga medicinska tillst\u00e5nd eller tar andra mediciner.<\/p>\n\n\n\n<h2 class=\"wp-block-heading\" id=\"h-slimella-fit-opinie-uzytkownikow-forum-co-mowia-uzytkownicy\">Slimella FIT &#8211; Anv\u00e4ndarrecensioner, forum &#8211; Vad s\u00e4ger anv\u00e4ndarna?<\/h2>\n\n\n\n<p><b>Anv\u00e4ndarrecensioner<\/b> \u00e4r av stor betydelse n\u00e4r man v\u00e4ljer kosttillskott som Slimella FIT. M\u00e5nga m\u00e4nniskor ber\u00f6mmer tydligt produkten, vilket \u00e4r ett bevis p\u00e5 dess effektivitet och tj\u00e4nar anv\u00e4ndarnas f\u00f6rtroende. Anv\u00e4ndare betonar med r\u00e4tta att Slimella FIT \u00e4r extremt anv\u00e4ndbart i viktminskningsprocessen, p\u00e5skyndar \u00e4mnesoms\u00e4ttningen avsev\u00e4rt, minskar aptiten och har en positiv effekt p\u00e5 v\u00e4lbefinnandet.<\/p>\n\n\n\n<p><b>\u00c5terkopplingen fr\u00e5n<\/b> anv\u00e4ndarna \u00e4r enh\u00e4llig att Slimella FIT \u00e4r effektivt f\u00f6r att st\u00f6dja viktminskning och uppn\u00e5 \u00f6nskade resultat. Att ta Slimella FIT har ocks\u00e5 visat sig gynna anv\u00e4ndarnas energi och uth\u00e5llighet. Kapslarnas naturliga sammans\u00e4ttning \u00e4r ocks\u00e5 mycket uppskattad och \u00e4r idealisk f\u00f6r m\u00e4nniskor som f\u00f6redrar naturliga produkter.<\/p>\n\n\n\n<blockquote class=\"wp-block-quote is-layout-flow wp-block-quote-is-layout-flow\">\n<p>Anv\u00e4ndarrecensioner ger stark bekr\u00e4ftelse p\u00e5 Slimella FIT: s effektivitet i viktminskning. Det \u00e4r ett <b>naturligt st\u00f6d<\/b> v\u00e4rt att satsa p\u00e5.<\/p>\n<\/blockquote>\n\n\n\n<h2 class=\"wp-block-heading\" id=\"h-slimella-fit-sklad\">Slimella FIT &#8211; Sammans\u00e4ttning<\/h2>\n\n\n\n<p>Slimella FIT \u00e4r ett innovativt kosttillskott som best\u00e5r av naturliga ingredienser med bepr\u00f6vade egenskaper f\u00f6r att st\u00f6dja viktminskning. Dess noggrant utvalda sammans\u00e4ttning inneh\u00e5ller en m\u00e4ngd olika \u00e4mnen som fungerar synergistiskt f\u00f6r att bilda en omfattande formel. Nedan f\u00f6ljer n\u00e5gra av de viktigaste ingredienserna som st\u00f6der fettf\u00f6rbr\u00e4nningen och viktminskningsprocessen:<\/p>\n\n\n\n<figure class=\"wp-block-table\"><table><tbody><tr><th>Ingrediens<\/th><th>Egenskaper<\/th><\/tr><tr><td>Extrakt av indisk n\u00e4ssla<\/td><td>St\u00f6djer fettmetabolism och aptitkontroll<\/td><\/tr><tr><td>Extrakt av gr\u00f6nt te<\/td><td>Har en antioxidativ effekt och p\u00e5skyndar fettf\u00f6rbr\u00e4nningen<\/td><\/tr><tr><td>Extrakt av bitter apelsin<\/td><td>\u00d6kar termogenesen och minskar fettv\u00e4vnaden<\/td><\/tr><tr><td>Krom<\/td><td>Reglerar blodsockerniv\u00e5n och aptiten<\/td><\/tr><tr><td>Mikrodos av koffein<\/td><td>Ger extra energi och uth\u00e5llighet<\/td><\/tr><\/tbody><\/table><\/figure>\n\n\n\n<p>Dessa ingredienser, i kombination med de andra \u00e4mnena i Slimella FIT, skapar en unik formel som st\u00f6der viktminskning och hj\u00e4lper dig att uppn\u00e5 din \u00f6nskade figur. Det \u00e4r v\u00e4rt att komma ih\u00e5g att kosttillskott b\u00f6r anv\u00e4ndas i enlighet med tillverkarens rekommendationer och inte ers\u00e4tter en h\u00e4lsosam kost och fysisk aktivitet.<\/p>\n\n\n\n<h2 class=\"wp-block-heading\" id=\"h-ile-kosztuje-slimella-fit-cena-promocje\">Hur mycket kostar Slimella FIT &#8211; pris, kampanjer<\/h2>\n\n\n\n<p><b>Standardpriset f\u00f6r<\/b> ett paket Slimella FIT finns p\u00e5 tillverkarens officiella webbplats. Tillverkaren erbjuder attraktiva <b>kampanjer<\/b> som g\u00f6r att du kan spara upp till 50% p\u00e5 ditt k\u00f6p. <\/p>\n\n\n\n<p>Det \u00e4r v\u00e4rt att f\u00f6lja tillverkarens officiella webbplats f\u00f6r att h\u00e5lla sig uppdaterad med tillg\u00e4ngliga kampanjer och dra nytta av de b\u00e4sta erbjudandena. Tack vare kampanjerna kan du investera i din h\u00e4lsa och figur samtidigt som du sparar pengar.<\/p>\n","protected":false},"excerpt":{"rendered":"<p><strong>1237.00 kr<\/strong><\/p>\n<p><del>2474.00 kr<\/del><\/p>\n<p><strong>[date_countdown]<\/strong><\/p>\n","protected":false},"featured_media":1869,"comment_status":"open","ping_status":"closed","template":"","meta":{"neve_meta_sidebar":"","neve_meta_container":"","neve_meta_enable_content_width":"","neve_meta_content_width":0,"neve_meta_title_alignment":"","neve_meta_author_avatar":"","neve_post_elements_order":"","neve_meta_disable_header":"","neve_meta_disable_footer":"","neve_meta_disable_title":"","neve_meta_reading_time":""},"product_brand":[],"product_cat":[193],"product_tag":[],"class_list":{"0":"post-1870","1":"product","2":"type-product","3":"status-publish","4":"has-post-thumbnail","6":"product_cat-halsa","8":"first","9":"instock","10":"shipping-taxable","11":"product-type-external"},"yoast_head":"<!-- This site is optimized with the Yoast SEO plugin v27.4 - https:\/\/yoast.com\/product\/yoast-seo-wordpress\/ -->\n<title>Slimella FIT - Clinica Althea<\/title>\n<meta name=\"robots\" content=\"index, follow, max-snippet:-1, max-image-preview:large, max-video-preview:-1\" \/>\n<link rel=\"canonical\" href=\"https:\/\/www.clinicaalthea.com\/farmacia\/sv\/apt\/slimella-fit\/\" \/>\n<meta property=\"og:locale\" content=\"pl_PL\" \/>\n<meta property=\"og:type\" content=\"article\" \/>\n<meta property=\"og:title\" content=\"Slimella FIT - Clinica Althea\" \/>\n<meta property=\"og:description\" content=\"1237.00 kr 2474.00 kr\" \/>\n<meta property=\"og:url\" content=\"https:\/\/www.clinicaalthea.com\/farmacia\/sv\/apt\/slimella-fit\/\" \/>\n<meta property=\"og:site_name\" content=\"Clinica Althea\" \/>\n<meta property=\"article:modified_time\" content=\"2024-03-16T19:48:14+00:00\" \/>\n<meta property=\"og:image\" content=\"https:\/\/www.clinicaalthea.com\/farmacia\/wp-content\/uploads\/2024\/03\/Slimella-Fit.jpg\" \/>\n\t<meta property=\"og:image:width\" content=\"768\" \/>\n\t<meta property=\"og:image:height\" content=\"768\" \/>\n\t<meta property=\"og:image:type\" content=\"image\/jpeg\" \/>\n<meta name=\"twitter:card\" content=\"summary_large_image\" \/>\n<meta name=\"twitter:label1\" content=\"Szacowany czas czytania\" \/>\n\t<meta name=\"twitter:data1\" content=\"8 minut\" \/>\n<script type=\"application\/ld+json\" class=\"yoast-schema-graph\">{\"@context\":\"https:\\\/\\\/schema.org\",\"@graph\":[{\"@type\":\"WebPage\",\"@id\":\"https:\\\/\\\/www.clinicaalthea.com\\\/farmacia\\\/sv\\\/apt\\\/slimella-fit\\\/\",\"url\":\"https:\\\/\\\/www.clinicaalthea.com\\\/farmacia\\\/sv\\\/apt\\\/slimella-fit\\\/\",\"name\":\"Slimella FIT - Clinica Althea\",\"isPartOf\":{\"@id\":\"https:\\\/\\\/www.clinicaalthea.com\\\/farmacia\\\/#website\"},\"primaryImageOfPage\":{\"@id\":\"https:\\\/\\\/www.clinicaalthea.com\\\/farmacia\\\/sv\\\/apt\\\/slimella-fit\\\/#primaryimage\"},\"image\":{\"@id\":\"https:\\\/\\\/www.clinicaalthea.com\\\/farmacia\\\/sv\\\/apt\\\/slimella-fit\\\/#primaryimage\"},\"thumbnailUrl\":\"https:\\\/\\\/www.clinicaalthea.com\\\/farmacia\\\/wp-content\\\/uploads\\\/2024\\\/03\\\/Slimella-Fit.jpg\",\"datePublished\":\"2024-03-16T19:14:02+00:00\",\"dateModified\":\"2024-03-16T19:48:14+00:00\",\"breadcrumb\":{\"@id\":\"https:\\\/\\\/www.clinicaalthea.com\\\/farmacia\\\/sv\\\/apt\\\/slimella-fit\\\/#breadcrumb\"},\"inLanguage\":\"pl-PL\",\"potentialAction\":[{\"@type\":\"ReadAction\",\"target\":[\"https:\\\/\\\/www.clinicaalthea.com\\\/farmacia\\\/sv\\\/apt\\\/slimella-fit\\\/\"]}]},{\"@type\":\"ImageObject\",\"inLanguage\":\"pl-PL\",\"@id\":\"https:\\\/\\\/www.clinicaalthea.com\\\/farmacia\\\/sv\\\/apt\\\/slimella-fit\\\/#primaryimage\",\"url\":\"https:\\\/\\\/www.clinicaalthea.com\\\/farmacia\\\/wp-content\\\/uploads\\\/2024\\\/03\\\/Slimella-Fit.jpg\",\"contentUrl\":\"https:\\\/\\\/www.clinicaalthea.com\\\/farmacia\\\/wp-content\\\/uploads\\\/2024\\\/03\\\/Slimella-Fit.jpg\",\"width\":768,\"height\":768,\"caption\":\"Slimella Fit\"},{\"@type\":\"BreadcrumbList\",\"@id\":\"https:\\\/\\\/www.clinicaalthea.com\\\/farmacia\\\/sv\\\/apt\\\/slimella-fit\\\/#breadcrumb\",\"itemListElement\":[{\"@type\":\"ListItem\",\"position\":1,\"name\":\"Strona g\u0142\u00f3wna\",\"item\":\"https:\\\/\\\/www.clinicaalthea.com\\\/farmacia\\\/\"},{\"@type\":\"ListItem\",\"position\":2,\"name\":\"Produkty\",\"item\":\"https:\\\/\\\/www.clinicaalthea.com\\\/farmacia\\\/\"},{\"@type\":\"ListItem\",\"position\":3,\"name\":\"Slimella FIT\"}]},{\"@type\":\"WebSite\",\"@id\":\"https:\\\/\\\/www.clinicaalthea.com\\\/farmacia\\\/#website\",\"url\":\"https:\\\/\\\/www.clinicaalthea.com\\\/farmacia\\\/\",\"name\":\"Clinica Althea\",\"description\":\"\",\"publisher\":{\"@id\":\"https:\\\/\\\/www.clinicaalthea.com\\\/farmacia\\\/#organization\"},\"potentialAction\":[{\"@type\":\"SearchAction\",\"target\":{\"@type\":\"EntryPoint\",\"urlTemplate\":\"https:\\\/\\\/www.clinicaalthea.com\\\/farmacia\\\/?s={search_term_string}\"},\"query-input\":{\"@type\":\"PropertyValueSpecification\",\"valueRequired\":true,\"valueName\":\"search_term_string\"}}],\"inLanguage\":\"pl-PL\"},{\"@type\":\"Organization\",\"@id\":\"https:\\\/\\\/www.clinicaalthea.com\\\/farmacia\\\/#organization\",\"name\":\"Clinica Althea\",\"url\":\"https:\\\/\\\/www.clinicaalthea.com\\\/farmacia\\\/\",\"logo\":{\"@type\":\"ImageObject\",\"inLanguage\":\"pl-PL\",\"@id\":\"https:\\\/\\\/www.clinicaalthea.com\\\/farmacia\\\/#\\\/schema\\\/logo\\\/image\\\/\",\"url\":\"https:\\\/\\\/www.clinicaalthea.com\\\/farmacia\\\/wp-content\\\/uploads\\\/2023\\\/12\\\/Jak-diagnozuje-sie-FAS_-objawy-kryteria-diagnostyczne-i-metody-diagnozowania-154162903.jpg\",\"contentUrl\":\"https:\\\/\\\/www.clinicaalthea.com\\\/farmacia\\\/wp-content\\\/uploads\\\/2023\\\/12\\\/Jak-diagnozuje-sie-FAS_-objawy-kryteria-diagnostyczne-i-metody-diagnozowania-154162903.jpg\",\"width\":1216,\"height\":832,\"caption\":\"Clinica Althea\"},\"image\":{\"@id\":\"https:\\\/\\\/www.clinicaalthea.com\\\/farmacia\\\/#\\\/schema\\\/logo\\\/image\\\/\"}}]}<\/script>\n<!-- \/ Yoast SEO plugin. -->","yoast_head_json":{"title":"Slimella FIT - Clinica Althea","robots":{"index":"index","follow":"follow","max-snippet":"max-snippet:-1","max-image-preview":"max-image-preview:large","max-video-preview":"max-video-preview:-1"},"canonical":"https:\/\/www.clinicaalthea.com\/farmacia\/sv\/apt\/slimella-fit\/","og_locale":"pl_PL","og_type":"article","og_title":"Slimella FIT - Clinica Althea","og_description":"1237.00 kr 2474.00 kr","og_url":"https:\/\/www.clinicaalthea.com\/farmacia\/sv\/apt\/slimella-fit\/","og_site_name":"Clinica Althea","article_modified_time":"2024-03-16T19:48:14+00:00","og_image":[{"width":768,"height":768,"url":"https:\/\/www.clinicaalthea.com\/farmacia\/wp-content\/uploads\/2024\/03\/Slimella-Fit.jpg","type":"image\/jpeg"}],"twitter_card":"summary_large_image","twitter_misc":{"Szacowany czas czytania":"8 minut"},"schema":{"@context":"https:\/\/schema.org","@graph":[{"@type":"WebPage","@id":"https:\/\/www.clinicaalthea.com\/farmacia\/sv\/apt\/slimella-fit\/","url":"https:\/\/www.clinicaalthea.com\/farmacia\/sv\/apt\/slimella-fit\/","name":"Slimella FIT - Clinica Althea","isPartOf":{"@id":"https:\/\/www.clinicaalthea.com\/farmacia\/#website"},"primaryImageOfPage":{"@id":"https:\/\/www.clinicaalthea.com\/farmacia\/sv\/apt\/slimella-fit\/#primaryimage"},"image":{"@id":"https:\/\/www.clinicaalthea.com\/farmacia\/sv\/apt\/slimella-fit\/#primaryimage"},"thumbnailUrl":"https:\/\/www.clinicaalthea.com\/farmacia\/wp-content\/uploads\/2024\/03\/Slimella-Fit.jpg","datePublished":"2024-03-16T19:14:02+00:00","dateModified":"2024-03-16T19:48:14+00:00","breadcrumb":{"@id":"https:\/\/www.clinicaalthea.com\/farmacia\/sv\/apt\/slimella-fit\/#breadcrumb"},"inLanguage":"pl-PL","potentialAction":[{"@type":"ReadAction","target":["https:\/\/www.clinicaalthea.com\/farmacia\/sv\/apt\/slimella-fit\/"]}]},{"@type":"ImageObject","inLanguage":"pl-PL","@id":"https:\/\/www.clinicaalthea.com\/farmacia\/sv\/apt\/slimella-fit\/#primaryimage","url":"https:\/\/www.clinicaalthea.com\/farmacia\/wp-content\/uploads\/2024\/03\/Slimella-Fit.jpg","contentUrl":"https:\/\/www.clinicaalthea.com\/farmacia\/wp-content\/uploads\/2024\/03\/Slimella-Fit.jpg","width":768,"height":768,"caption":"Slimella Fit"},{"@type":"BreadcrumbList","@id":"https:\/\/www.clinicaalthea.com\/farmacia\/sv\/apt\/slimella-fit\/#breadcrumb","itemListElement":[{"@type":"ListItem","position":1,"name":"Strona g\u0142\u00f3wna","item":"https:\/\/www.clinicaalthea.com\/farmacia\/"},{"@type":"ListItem","position":2,"name":"Produkty","item":"https:\/\/www.clinicaalthea.com\/farmacia\/"},{"@type":"ListItem","position":3,"name":"Slimella FIT"}]},{"@type":"WebSite","@id":"https:\/\/www.clinicaalthea.com\/farmacia\/#website","url":"https:\/\/www.clinicaalthea.com\/farmacia\/","name":"Clinica Althea","description":"","publisher":{"@id":"https:\/\/www.clinicaalthea.com\/farmacia\/#organization"},"potentialAction":[{"@type":"SearchAction","target":{"@type":"EntryPoint","urlTemplate":"https:\/\/www.clinicaalthea.com\/farmacia\/?s={search_term_string}"},"query-input":{"@type":"PropertyValueSpecification","valueRequired":true,"valueName":"search_term_string"}}],"inLanguage":"pl-PL"},{"@type":"Organization","@id":"https:\/\/www.clinicaalthea.com\/farmacia\/#organization","name":"Clinica Althea","url":"https:\/\/www.clinicaalthea.com\/farmacia\/","logo":{"@type":"ImageObject","inLanguage":"pl-PL","@id":"https:\/\/www.clinicaalthea.com\/farmacia\/#\/schema\/logo\/image\/","url":"https:\/\/www.clinicaalthea.com\/farmacia\/wp-content\/uploads\/2023\/12\/Jak-diagnozuje-sie-FAS_-objawy-kryteria-diagnostyczne-i-metody-diagnozowania-154162903.jpg","contentUrl":"https:\/\/www.clinicaalthea.com\/farmacia\/wp-content\/uploads\/2023\/12\/Jak-diagnozuje-sie-FAS_-objawy-kryteria-diagnostyczne-i-metody-diagnozowania-154162903.jpg","width":1216,"height":832,"caption":"Clinica Althea"},"image":{"@id":"https:\/\/www.clinicaalthea.com\/farmacia\/#\/schema\/logo\/image\/"}}]}},"lang":"sv","translations":{"sv":1870,"de":1868,"sk":1871,"it":1872,"fr":1873,"da":1874,"cs":1875,"bg":1876,"et":1877,"fi":1878,"sl":1879,"hr":1880},"pll_sync_post":[],"_links":{"self":[{"href":"https:\/\/www.clinicaalthea.com\/farmacia\/wp-json\/wp\/v2\/product\/1870","targetHints":{"allow":["GET"]}}],"collection":[{"href":"https:\/\/www.clinicaalthea.com\/farmacia\/wp-json\/wp\/v2\/product"}],"about":[{"href":"https:\/\/www.clinicaalthea.com\/farmacia\/wp-json\/wp\/v2\/types\/product"}],"replies":[{"embeddable":true,"href":"https:\/\/www.clinicaalthea.com\/farmacia\/wp-json\/wp\/v2\/comments?post=1870"}],"wp:featuredmedia":[{"embeddable":true,"href":"https:\/\/www.clinicaalthea.com\/farmacia\/wp-json\/wp\/v2\/media\/1869"}],"wp:attachment":[{"href":"https:\/\/www.clinicaalthea.com\/farmacia\/wp-json\/wp\/v2\/media?parent=1870"}],"wp:term":[{"taxonomy":"product_brand","embeddable":true,"href":"https:\/\/www.clinicaalthea.com\/farmacia\/wp-json\/wp\/v2\/product_brand?post=1870"},{"taxonomy":"product_cat","embeddable":true,"href":"https:\/\/www.clinicaalthea.com\/farmacia\/wp-json\/wp\/v2\/product_cat?post=1870"},{"taxonomy":"product_tag","embeddable":true,"href":"https:\/\/www.clinicaalthea.com\/farmacia\/wp-json\/wp\/v2\/product_tag?post=1870"}],"curies":[{"name":"wp","href":"https:\/\/api.w.org\/{rel}","templated":true}]}}