{"id":1804,"date":"2024-03-15T21:05:52","date_gmt":"2024-03-15T20:05:52","guid":{"rendered":"https:\/\/mayoguide.org\/produkty\/?post_type=product&#038;p=1804"},"modified":"2024-03-15T21:05:54","modified_gmt":"2024-03-15T20:05:54","slug":"carattia-cream","status":"publish","type":"product","link":"https:\/\/www.clinicaalthea.com\/farmacia\/sl\/apt\/carattia-cream\/","title":{"rendered":"Carattia Cream"},"content":{"rendered":"\n<p>Sanjate o mladostni in \u010dvrsti ko\u017ei? Bi se radi znebili gub in izbolj\u0161ali svoj obrazni oval? Spoznajte inovativno <b>kremo proti gubam<\/b> &#8211; <b>Carattia Cream<\/b>. Toda ali je res u\u010dinkovita? Ali je le \u0161e ena kozmeti\u010dna krema, ki obljublja \u010dude\u017ee? Izvedite to v na\u0161em iz\u010drpnem opisu in pregledu!<\/p>\n\n\n\n<h3 class=\"wp-block-heading\" id=\"h-kluczowe-wnioski\">Klju\u010dne ugotovitve:<\/h3>\n\n\n\n<ul class=\"wp-block-list\">\n<li><b><b>Carattia Cream<\/b><\/b> je inovativna <b>krema proti gubam<\/b>, ki temelji na naprednih dermatolo\u0161kih raziskavah.<\/li>\n\n\n\n<li><b>Sestava<\/b> te kreme med drugim vsebuje 24-karatno zlato, kompleks Renovage in naravne hidrolate.<\/li>\n\n\n\n<li>Krema zmanj\u0161uje gube, vla\u017ei, regenerira in izbolj\u0161uje oval obraza.<\/li>\n\n\n\n<li>Z uporabo kreme <b><b>Carattia Cream<\/b><\/b> lahko v samo 28 dneh pomladite ko\u017eo za vsaj 15 let.<\/li>\n\n\n\n<li>Najbolj\u0161i na\u010din za <b>nakup<\/b> izdelka <b>Carattia Cream<\/b> je na uradni spletni strani proizvajalca, kjer lahko najdete <b>akcije in<\/b> izdelek <b>kupite<\/b> neposredno.<\/li>\n<\/ul>\n\n\n\n<h2 class=\"wp-block-heading\" id=\"h-co-to-jest-Carattia Cream\">Kaj je <b>Carattia Cream<\/b>?<\/h2>\n\n\n\n<p>Carattia Cream je inovativna <em>krema proti gubam<\/em>, ki se razlikuje od standardnih krem za ko\u017eo. Njena edinstvena formula vsebuje sestavine, kot so 24-karatno zlato, kompleks Renovage in naravni hidrolat. Zato ima Carattia Cream intenziven vla\u017eilni in regeneracijski u\u010dinek, hkrati pa spodbuja nastajanje kolagena &#8211; snovi, ki je odgovorna za \u010dvrstost ko\u017ee.<\/p>\n\n\n\n<p>Gre za kremo, ki omogo\u010da naravno pomlajevanje ko\u017ee in odpravlja potrebo po dragih in invazivnih kozmeti\u010dnih postopkih. Z Carattia Cream lahko u\u017eivate v bolj mladostnem videzu, zmanj\u0161anju gub in izbolj\u0161anju stanja ko\u017ee.<\/p>\n\n\n\n<h2 class=\"wp-block-heading\" id=\"h-efekty-stosowania-Carattia Cream-przed-i-po-kuracji\">U\u010dinki zdravila Carattia Cream &#8211; pred in po tretmaju<\/h2>\n\n\n\n<p>Uporaba zdravila <em>Carattia Cream<\/em> lahko pri negi ko\u017ee prinese impresivne <b>rezultate<\/b>. Kozmeti\u010dni izdelek zmanj\u0161a do 98 % najglobljih gub, ko\u017ea pa postane gladka, mehka in \u010dvrsta.<\/p>\n\n\n\n<p>Klini\u010dne \u0161tudije so pokazale, da lahko z uporabo <em>Carattia Cream<\/em> v samo 28 dneh pomladimo ko\u017eo za vsaj 15 let. \u0160tevilni ljudje poro\u010dajo o izbolj\u0161anem obraznem ovalu, enakomernem tonusu ko\u017ee in ve\u010dji samozavesti.<\/p>\n\n\n\n<figure class=\"wp-block-image size-full\"><img decoding=\"async\" src=\"https:\/\/taneralpro2.com\/wp-content\/uploads\/2023\/11\/Carattia-Cream-Przed-i-po.png\" alt=\"Carattia Cream - Przed i po\" class=\"wp-image-31291\"\/><\/figure>\n\n\n\n<hr class=\"wp-block-separator has-text-color has-contrast-color has-alpha-channel-opacity has-contrast-background-color has-background\"\/>\n\n\n\n<figure class=\"wp-block-image size-full\"><img decoding=\"async\" src=\"https:\/\/taneralpro2.com\/wp-content\/uploads\/2023\/11\/Carattia-Cream-efekty-Przed-i-po.jpg.png\" alt=\"Carattia Cream - efekty Przed i po\" class=\"wp-image-31292\"\/><\/figure>\n\n\n\n<div style=\"height:30px\" aria-hidden=\"true\" class=\"wp-block-spacer\"><\/div>\n\n\n\n<blockquote class=\"wp-block-quote is-layout-flow wp-block-quote-is-layout-flow\">\n<p>&#8220;Pred in po tretmaju z <em>Carattia Cream<\/em> je opazna razlika.&#8221;<\/p>\n<\/blockquote>\n\n\n\n<figure class=\"wp-block-table\"><table><tbody><tr><th>U\u010dinki uporabe zdravila Carattia Cream:<\/th><th>Pred zdravljenjem<\/th><th>Po zdravljenju<\/th><\/tr><tr><td>Zmanj\u0161anje gub<\/td><td>Vidne gube<\/td><td>Do 98 % zmanj\u0161anih gub<\/td><\/tr><tr><td>Vla\u017eenje<\/td><td>Suha in dolgo\u010dasna ko\u017ea<\/td><td>Gladka, navla\u017eena ko\u017ea<\/td><\/tr><tr><td>Regeneracija<\/td><td>Utrujena, nevla\u017ena ko\u017ea<\/td><td>Pomlajena, regenerirana ko\u017ea<\/td><\/tr><tr><td>\u010cvrstost ko\u017ee<\/td><td>Padajo\u010di obrisi obraza<\/td><td>Izbolj\u0161ana ovalna, \u010dvrsta ko\u017ea<\/td><\/tr><\/tbody><\/table><\/figure>\n\n\n\n<h2 class=\"wp-block-heading\" id=\"h-jak-dziala-Carattia Cream\">Kako deluje Carattia Cream?<\/h2>\n\n\n\n<p>Carattia Cream je inovativna <b>krema proti gubam<\/b>, ki na ko\u017eo deluje s pomo\u010djo skrbno izbranih sestavin in napredne tehnologije. Klju\u010dna sestavina te kreme je 24-karatno zlato, ki ima klju\u010dno vlogo pri absorpciji kolagena v ko\u017ei.<\/p>\n\n\n\n<p>Zaradi svoje sestave Carattia Cream aktivira proizvodnjo kolagena in obnavljanje ko\u017enih celic. Ko\u017ea postane bolj \u010dvrsta in elasti\u010dna, gube pa se vidno zgladijo. Ta inovativna krema prepre\u010duje znake staranja, pomlajuje in po\u017eivlja ko\u017eo.<\/p>\n\n\n\n<p>Carattia Cream celovito <b>deluje<\/b> na ko\u017eo, jo vla\u017ei, neguje in napenja. Zaradi uporabe naprednih tehnologij se aktivne sestavine globoko vpijejo v ko\u017eo, kar prispeva k najve\u010dji u\u010dinkovitosti kreme.<\/p>\n\n\n\n<p>Ta revolucionarna krema proti gubam je vsestranska re\u0161itev za vse, ki \u017eelijo zmanj\u0161ati gube, izbolj\u0161ati elasti\u010dnost ko\u017ee in si povrniti mladosten videz. Carattia Cream je kozmeti\u010dni izdelek, ki izpolnjuje pri\u010dakovanja tudi najzahtevnej\u0161ih ljudi, ki skrbijo za zdravje svoje ko\u017ee.<\/p>\n\n\n\n<figure class=\"wp-block-table\"><table><tbody><tr><th>Prednosti zdravila Carattia Cream<\/th><th>Slabosti zdravila Carattia Cream<\/th><\/tr><tr><td>Zmanj\u0161uje gube<\/td><td>Razpolo\u017eljivost v nekaterih regijah je lahko omejena<\/td><\/tr><tr><td>Intenzivno vla\u017ei ko\u017eo<\/td><td><b>Cena<\/b> izdelka je lahko vi\u0161ja od drugih krem proti gubam<\/td><\/tr><tr><td>Obnavlja ko\u017ene celice<\/td><td> <\/td><\/tr><tr><td>Izbolj\u0161a elasti\u010dnost ko\u017ee<\/td><td> <\/td><\/tr><tr><td>Pomladi ko\u017eo<\/td><td> <\/td><\/tr><\/tbody><\/table><\/figure>\n\n\n\n<h2 class=\"wp-block-heading\" id=\"h-dawkowanie-Carattia Cream-jak-stosowac\">Odmerjanje zdravila Carattia Cream &#8211; Kako uporabljati?<\/h2>\n\n\n\n<p>Uporaba zdravila Carattia Cream je zelo preprosta in ne zahteva posebnega znanja. Za najbolj\u0161e rezultate upo\u0161tevajte spodnja navodila za odmerjanje in uporabo te kreme proti gubam.<\/p>\n\n\n\n<h3 class=\"wp-block-heading\" id=\"h-przygotowanie-skory\">Priprava ko\u017ee:<\/h3>\n\n\n\n<ol class=\"wp-block-list\">\n<li>Temeljito o\u010distite ko\u017eo obraza in vratu ter odstranite vse sledi li\u010dil in ne\u010disto\u010d.<\/li>\n\n\n\n<li>Ko\u017eo lahko o\u010distite z ne\u017enim gelom ali peno za umivanje obraza.<\/li>\n\n\n\n<li>Po umivanju ko\u017eo temeljito osu\u0161ite z brisa\u010do, izogibajte se drgnjenju in pretirani izsu\u0161itvi.<\/li>\n<\/ol>\n\n\n\n<h3 class=\"wp-block-heading\" id=\"h-stosowanie-kremu\">Uporaba kreme:<\/h3>\n\n\n\n<ol class=\"wp-block-list\">\n<li>Na konico prsta nanesite majhno koli\u010dino kreme Carattia Cream.<\/li>\n\n\n\n<li>Kremo ne\u017eno razporedite po obrazu in vratu, izogibajte se predelu okoli o\u010di.<\/li>\n\n\n\n<li>Z ne\u017enimi kro\u017enimi gibi vmasirajte kremo v ko\u017eo, dokler se popolnoma ne vpije.<\/li>\n<\/ol>\n\n\n\n<p>Priporo\u010dljivo je uporabljati Carattia Cream zjutraj in zve\u010der, da bo ko\u017ea navla\u017eena in za\u0161\u010ditena \u010dez dan. Kremo lahko uporabite kot podlago pod li\u010dila, saj ima lahko in nemastno teksturo, ki se dobro vpije v ko\u017eo.<\/p>\n\n\n\n<p>Pomembno je tudi, da se izogibate stiku kreme z o\u010dmi, saj to lahko povzro\u010di dra\u017eenje. \u010ce krema pride v o\u010di, jo takoj sperite s \u010disto vodo. Poleg tega je priporo\u010dljivo uporabljati dodatno za\u0161\u010dito pred soncem, da ko\u017eo za\u0161\u010ditite pred \u0161kodljivimi UV-\u017earki.<\/p>\n\n\n\n<p>Redna uporaba kreme Carattia Cream daje vidne <b>rezultate<\/b> po nekaj tednih, vendar je vsaka ko\u017ea druga\u010dna, zato se lahko trajanje in intenzivnost u\u010dinkov razlikujeta. \u010ce dvomite o uporabi kreme, se posvetujte s svojim dermatologom ali pristojnim specialistom.<\/p>\n\n\n\n<h2 class=\"wp-block-heading\" id=\"h-Carattia Cream-opinie-i-recenzje-co-mowia-uzytkownicy\">Carattia Cream &#8211; Mnenja in ocene &#8211; Kaj pravijo uporabniki?<\/h2>\n\n\n\n<p>Mnenja in ocene uporabnikov so pogosto klju\u010dni dejavnik pri dolo\u010danju u\u010dinkovitosti in priljubljenosti izdelkov za nego ko\u017ee. Glede na pri\u010devanja ljudi, ki so imeli prilo\u017enost testirati Carattia Cream, vsekakor prevladujejo pozitivni odzivi.<\/p>\n\n\n\n<p>\u0160tevilni uporabniki po redni uporabi opa\u017eajo izrazito zmanj\u0161anje videza gub, tudi globokih. Ko\u017ea postane bolj navla\u017eena, kar se odra\u017ea v njeni mehkobi in elasti\u010dnosti. Poleg tega mnogi opisujejo izbolj\u0161ave v smislu zmanj\u0161anja hiperpigmentacije in izena\u010ditve tona ko\u017ee.<\/p>\n\n\n\n<p>\u017denske vseh starosti delijo svoja opa\u017eanja o u\u010dinkovitosti izdelka, spodaj pa so predstavljeni vzor\u010dni pregledi:<\/p>\n\n\n\n<blockquote class=\"wp-block-quote is-style-default is-layout-flow wp-block-quote-is-layout-flow\"><div class=\"wp-block-image is-style-rounded\">\n<figure class=\"aligncenter size-full is-resized\"><img decoding=\"async\" src=\"https:\/\/taneralpro2.com\/wp-content\/uploads\/2023\/11\/Anna.jpg\" alt=\"Anna\" class=\"wp-image-31297\" style=\"width:131px;height:131px\"\/><figcaption class=\"wp-element-caption\">Anna<\/figcaption><\/figure>\n<\/div><cite><em><em>&#8220;Uporabljala sem \u017ee veliko krem proti gubam, vendar je Carattia Cream res nekaj posebnega. Moje gube so s\u010dasoma postajale vse bolj vidne, kar je vna\u0161alo nekaj nelagodja. Vendar sem od trenutka, ko sem za\u010dela uporabljati to kremo, opazila veliko razliko. Po nekaj tednih redne uporabe je moja ko\u017ea postala veliko bolj gladka, obrazne gube pa so se vidno zmanj\u0161ale. Najbolj neverjetno je, da je moja ko\u017ea zdaj videti bolj \u010dvrsta, obraz pa oblikovan, ne da bi se mi bilo treba zatekati k invazivnim posegom. To je izdelek, na katerega se lahko zanesem.&#8221;<\/em><\/em><\/cite><\/blockquote>\n\n\n\n<blockquote class=\"wp-block-quote is-style-default is-layout-flow wp-block-quote-is-layout-flow\"><div class=\"wp-block-image is-style-rounded\">\n<figure class=\"aligncenter size-full is-resized\"><img decoding=\"async\" src=\"https:\/\/taneralpro2.com\/wp-content\/uploads\/2023\/11\/Gabi.jpg\" alt=\"Gabi\" class=\"wp-image-31298\" style=\"width:131px;height:131px\"\/><figcaption class=\"wp-element-caption\">Gabi<\/figcaption><\/figure>\n<\/div><cite><em><em><em>&#8220;Navdu\u0161ena sem nad u\u010dinki izdelka Carattia Cream. Moja ko\u017ea na obrazu je z leti postajala vse bolj suha in izgubljala svojo \u010dvrstost. Odlo\u010dila sem se, da preizkusim to kremo, in te odlo\u010ditve ne ob\u017ealujem. Po nekaj tednih uporabe je moja ko\u017ea navla\u017eena, videti je veliko bolj zdrava in sijo\u010da. Gube na mojem obrazu, zlasti okoli o\u010di, so postale manj vidne, zaradi \u010desar sem videti in se po\u010dutim mlaj\u0161a. Pomembno je, da krema ne dra\u017ei moje ob\u010dutljive ko\u017ee, kar je zame velik plus.&#8221;<\/em><\/em><\/em><\/cite><\/blockquote>\n\n\n\n<h2 class=\"wp-block-heading\" id=\"h-sklad-Carattia Cream-co-zawiera\">Carattia Cream sestava &#8211; kaj vsebuje?<\/h2>\n\n\n\n<p><b>Sestava<\/b> kreme Carattia Cream temelji na naravnih sestavinah, ki so namenjene vla\u017eenju, regeneraciji in pomlajevanju ko\u017ee. Glavne sestavine te kreme so:<\/p>\n\n\n\n<ul class=\"wp-block-list\">\n<li><em>24-karatno zlato<\/em>: pripomore k bolj\u0161i absorpciji kolagena v ko\u017eo, kar prispeva k pomlajevanju ko\u017ee.<\/li>\n\n\n\n<li><em>Kompleks Renovage:<\/em> spodbuja nastajanje kolagena, zmanj\u0161uje gube in izbolj\u0161uje elasti\u010dnost ko\u017ee.<\/li>\n\n\n\n<li><em>Hidrolat iz listov le\u0161nika:<\/em> Vlaga: navla\u017ei ko\u017eo in izbolj\u0161a njeno \u010dvrstost.<\/li>\n\n\n\n<li><em>Olje sladkega mandlja:<\/em> Olje mandljevega olji\u0161\u010da: obnavlja ko\u017eo in gladi njeno teksturo.<\/li>\n<\/ul>\n\n\n\n<p>Zaradi te sestave Carattia Cream zagotavlja celovito nego ko\u017ee, kar se odra\u017ea v u\u010dinkovitosti te kreme.<\/p>\n\n\n\n<h2 class=\"wp-block-heading\" id=\"h-gdzie-kupic-Carattia Cream-cena\">Kje kupiti Carattia Cream &#8211; cena?<\/h2>\n\n\n\n<p>Carattia Cream je inovativna krema proti gubam, ki ni na voljo v obi\u010dajnih lekarnah. Najbolje je, da to kremo <b>kupite<\/b> neposredno na uradni spletni strani proizvajalca. Tako ste lahko prepri\u010dani, da ste dobili originalni izdelek Carattia Cream, ki je bil podvr\u017een strogemu dermatolo\u0161kemu testiranju.<\/p>\n\n\n\n<p>Proizvajal\u010deva<b>trgovina<\/b> je najbolj\u0161i kraj za nakup Carattia Cream, saj ponuja tudi razli\u010dne <b>akcije,<\/b> ki lahko zni\u017eajo ceno izdelka. Tako lahko prihranite denar, hkrati pa kupite visokokakovostno kremo proti gubam. Uporaba uradne trgovine proizvajalca je zagotovilo za izvirnost izdelka in ugodne pogoje nakupa.<\/p>\n\n\n\n<p>Trenutna cena zdravila Carattia Cream je na voljo na uradni spletni strani proizvajalca.<\/p>\n\n\n\n<h2 class=\"wp-block-heading\" id=\"h-przeciwwskazania-i-skutki-uboczne-Carattia Cream\">Kontraindikacije in ne\u017eeleni u\u010dinki zdravila Carattia Cream<\/h2>\n\n\n\n<p>Zdravilo Carattia Cream je na splo\u0161no varno za uporabo, vendar morda ni primerno za ljudi z alergijami na katero koli sestavino. Pred uporabo te kreme se je vedno priporo\u010dljivo posvetovati z zdravnikom. <b>Ne\u017eeleni u\u010dinki<\/b> so redki, vendar je pri nekaterih ljudeh mo\u017eno dra\u017eenje ko\u017ee. \u010ce se pojavijo ne\u017eeleni u\u010dinki, prenehajte z uporabo in poi\u0161\u010dite zdravni\u0161ko pomo\u010d.<\/p>\n","protected":false},"excerpt":{"rendered":"<p><strong>45.00 \u20ac<\/strong><\/p>\n<p><del>90.00 \u20ac<\/del><\/p>\n<p><strong>[date_countdown]<\/strong><\/p>\n","protected":false},"featured_media":1788,"comment_status":"open","ping_status":"closed","template":"","meta":{"neve_meta_sidebar":"","neve_meta_container":"","neve_meta_enable_content_width":"","neve_meta_content_width":0,"neve_meta_title_alignment":"","neve_meta_author_avatar":"","neve_post_elements_order":"","neve_meta_disable_header":"","neve_meta_disable_footer":"","neve_meta_disable_title":"","neve_meta_reading_time":""},"product_brand":[],"product_cat":[177],"product_tag":[],"class_list":{"0":"post-1804","1":"product","2":"type-product","3":"status-publish","4":"has-post-thumbnail","6":"product_cat-zdravje","8":"first","9":"instock","10":"shipping-taxable","11":"product-type-external"},"yoast_head":"<!-- This site is optimized with the Yoast SEO plugin v27.4 - https:\/\/yoast.com\/product\/yoast-seo-wordpress\/ -->\n<title>Carattia Cream - Clinica Althea<\/title>\n<meta name=\"robots\" content=\"index, follow, max-snippet:-1, max-image-preview:large, max-video-preview:-1\" \/>\n<link rel=\"canonical\" href=\"https:\/\/www.clinicaalthea.com\/farmacia\/sl\/apt\/carattia-cream\/\" \/>\n<meta property=\"og:locale\" content=\"pl_PL\" \/>\n<meta property=\"og:type\" content=\"article\" \/>\n<meta property=\"og:title\" content=\"Carattia Cream - Clinica Althea\" \/>\n<meta property=\"og:description\" content=\"45.00 \u20ac 90.00 \u20ac\" \/>\n<meta property=\"og:url\" content=\"https:\/\/www.clinicaalthea.com\/farmacia\/sl\/apt\/carattia-cream\/\" \/>\n<meta property=\"og:site_name\" content=\"Clinica Althea\" \/>\n<meta property=\"article:modified_time\" content=\"2024-03-15T20:05:54+00:00\" \/>\n<meta property=\"og:image\" content=\"https:\/\/www.clinicaalthea.com\/farmacia\/wp-content\/uploads\/2024\/03\/Carattia-Cream.jpg\" \/>\n\t<meta property=\"og:image:width\" content=\"768\" \/>\n\t<meta property=\"og:image:height\" content=\"768\" \/>\n\t<meta property=\"og:image:type\" content=\"image\/jpeg\" \/>\n<meta name=\"twitter:card\" content=\"summary_large_image\" \/>\n<meta name=\"twitter:label1\" content=\"Szacowany czas czytania\" \/>\n\t<meta name=\"twitter:data1\" content=\"7 minut\" \/>\n<script type=\"application\/ld+json\" class=\"yoast-schema-graph\">{\"@context\":\"https:\\\/\\\/schema.org\",\"@graph\":[{\"@type\":\"WebPage\",\"@id\":\"https:\\\/\\\/www.clinicaalthea.com\\\/farmacia\\\/sl\\\/apt\\\/carattia-cream\\\/\",\"url\":\"https:\\\/\\\/www.clinicaalthea.com\\\/farmacia\\\/sl\\\/apt\\\/carattia-cream\\\/\",\"name\":\"Carattia Cream - Clinica Althea\",\"isPartOf\":{\"@id\":\"https:\\\/\\\/www.clinicaalthea.com\\\/farmacia\\\/#website\"},\"primaryImageOfPage\":{\"@id\":\"https:\\\/\\\/www.clinicaalthea.com\\\/farmacia\\\/sl\\\/apt\\\/carattia-cream\\\/#primaryimage\"},\"image\":{\"@id\":\"https:\\\/\\\/www.clinicaalthea.com\\\/farmacia\\\/sl\\\/apt\\\/carattia-cream\\\/#primaryimage\"},\"thumbnailUrl\":\"https:\\\/\\\/www.clinicaalthea.com\\\/farmacia\\\/wp-content\\\/uploads\\\/2024\\\/03\\\/Carattia-Cream.jpg\",\"datePublished\":\"2024-03-15T20:05:52+00:00\",\"dateModified\":\"2024-03-15T20:05:54+00:00\",\"breadcrumb\":{\"@id\":\"https:\\\/\\\/www.clinicaalthea.com\\\/farmacia\\\/sl\\\/apt\\\/carattia-cream\\\/#breadcrumb\"},\"inLanguage\":\"pl-PL\",\"potentialAction\":[{\"@type\":\"ReadAction\",\"target\":[\"https:\\\/\\\/www.clinicaalthea.com\\\/farmacia\\\/sl\\\/apt\\\/carattia-cream\\\/\"]}]},{\"@type\":\"ImageObject\",\"inLanguage\":\"pl-PL\",\"@id\":\"https:\\\/\\\/www.clinicaalthea.com\\\/farmacia\\\/sl\\\/apt\\\/carattia-cream\\\/#primaryimage\",\"url\":\"https:\\\/\\\/www.clinicaalthea.com\\\/farmacia\\\/wp-content\\\/uploads\\\/2024\\\/03\\\/Carattia-Cream.jpg\",\"contentUrl\":\"https:\\\/\\\/www.clinicaalthea.com\\\/farmacia\\\/wp-content\\\/uploads\\\/2024\\\/03\\\/Carattia-Cream.jpg\",\"width\":768,\"height\":768,\"caption\":\"Carattia Cream\"},{\"@type\":\"BreadcrumbList\",\"@id\":\"https:\\\/\\\/www.clinicaalthea.com\\\/farmacia\\\/sl\\\/apt\\\/carattia-cream\\\/#breadcrumb\",\"itemListElement\":[{\"@type\":\"ListItem\",\"position\":1,\"name\":\"Strona g\u0142\u00f3wna\",\"item\":\"https:\\\/\\\/www.clinicaalthea.com\\\/farmacia\\\/\"},{\"@type\":\"ListItem\",\"position\":2,\"name\":\"Produkty\",\"item\":\"https:\\\/\\\/www.clinicaalthea.com\\\/farmacia\\\/\"},{\"@type\":\"ListItem\",\"position\":3,\"name\":\"Carattia Cream\"}]},{\"@type\":\"WebSite\",\"@id\":\"https:\\\/\\\/www.clinicaalthea.com\\\/farmacia\\\/#website\",\"url\":\"https:\\\/\\\/www.clinicaalthea.com\\\/farmacia\\\/\",\"name\":\"Clinica Althea\",\"description\":\"\",\"publisher\":{\"@id\":\"https:\\\/\\\/www.clinicaalthea.com\\\/farmacia\\\/#organization\"},\"potentialAction\":[{\"@type\":\"SearchAction\",\"target\":{\"@type\":\"EntryPoint\",\"urlTemplate\":\"https:\\\/\\\/www.clinicaalthea.com\\\/farmacia\\\/?s={search_term_string}\"},\"query-input\":{\"@type\":\"PropertyValueSpecification\",\"valueRequired\":true,\"valueName\":\"search_term_string\"}}],\"inLanguage\":\"pl-PL\"},{\"@type\":\"Organization\",\"@id\":\"https:\\\/\\\/www.clinicaalthea.com\\\/farmacia\\\/#organization\",\"name\":\"Clinica Althea\",\"url\":\"https:\\\/\\\/www.clinicaalthea.com\\\/farmacia\\\/\",\"logo\":{\"@type\":\"ImageObject\",\"inLanguage\":\"pl-PL\",\"@id\":\"https:\\\/\\\/www.clinicaalthea.com\\\/farmacia\\\/#\\\/schema\\\/logo\\\/image\\\/\",\"url\":\"https:\\\/\\\/www.clinicaalthea.com\\\/farmacia\\\/wp-content\\\/uploads\\\/2023\\\/12\\\/Jak-diagnozuje-sie-FAS_-objawy-kryteria-diagnostyczne-i-metody-diagnozowania-154162903.jpg\",\"contentUrl\":\"https:\\\/\\\/www.clinicaalthea.com\\\/farmacia\\\/wp-content\\\/uploads\\\/2023\\\/12\\\/Jak-diagnozuje-sie-FAS_-objawy-kryteria-diagnostyczne-i-metody-diagnozowania-154162903.jpg\",\"width\":1216,\"height\":832,\"caption\":\"Clinica Althea\"},\"image\":{\"@id\":\"https:\\\/\\\/www.clinicaalthea.com\\\/farmacia\\\/#\\\/schema\\\/logo\\\/image\\\/\"}}]}<\/script>\n<!-- \/ Yoast SEO plugin. -->","yoast_head_json":{"title":"Carattia Cream - Clinica Althea","robots":{"index":"index","follow":"follow","max-snippet":"max-snippet:-1","max-image-preview":"max-image-preview:large","max-video-preview":"max-video-preview:-1"},"canonical":"https:\/\/www.clinicaalthea.com\/farmacia\/sl\/apt\/carattia-cream\/","og_locale":"pl_PL","og_type":"article","og_title":"Carattia Cream - Clinica Althea","og_description":"45.00 \u20ac 90.00 \u20ac","og_url":"https:\/\/www.clinicaalthea.com\/farmacia\/sl\/apt\/carattia-cream\/","og_site_name":"Clinica Althea","article_modified_time":"2024-03-15T20:05:54+00:00","og_image":[{"width":768,"height":768,"url":"https:\/\/www.clinicaalthea.com\/farmacia\/wp-content\/uploads\/2024\/03\/Carattia-Cream.jpg","type":"image\/jpeg"}],"twitter_card":"summary_large_image","twitter_misc":{"Szacowany czas czytania":"7 minut"},"schema":{"@context":"https:\/\/schema.org","@graph":[{"@type":"WebPage","@id":"https:\/\/www.clinicaalthea.com\/farmacia\/sl\/apt\/carattia-cream\/","url":"https:\/\/www.clinicaalthea.com\/farmacia\/sl\/apt\/carattia-cream\/","name":"Carattia Cream - Clinica Althea","isPartOf":{"@id":"https:\/\/www.clinicaalthea.com\/farmacia\/#website"},"primaryImageOfPage":{"@id":"https:\/\/www.clinicaalthea.com\/farmacia\/sl\/apt\/carattia-cream\/#primaryimage"},"image":{"@id":"https:\/\/www.clinicaalthea.com\/farmacia\/sl\/apt\/carattia-cream\/#primaryimage"},"thumbnailUrl":"https:\/\/www.clinicaalthea.com\/farmacia\/wp-content\/uploads\/2024\/03\/Carattia-Cream.jpg","datePublished":"2024-03-15T20:05:52+00:00","dateModified":"2024-03-15T20:05:54+00:00","breadcrumb":{"@id":"https:\/\/www.clinicaalthea.com\/farmacia\/sl\/apt\/carattia-cream\/#breadcrumb"},"inLanguage":"pl-PL","potentialAction":[{"@type":"ReadAction","target":["https:\/\/www.clinicaalthea.com\/farmacia\/sl\/apt\/carattia-cream\/"]}]},{"@type":"ImageObject","inLanguage":"pl-PL","@id":"https:\/\/www.clinicaalthea.com\/farmacia\/sl\/apt\/carattia-cream\/#primaryimage","url":"https:\/\/www.clinicaalthea.com\/farmacia\/wp-content\/uploads\/2024\/03\/Carattia-Cream.jpg","contentUrl":"https:\/\/www.clinicaalthea.com\/farmacia\/wp-content\/uploads\/2024\/03\/Carattia-Cream.jpg","width":768,"height":768,"caption":"Carattia Cream"},{"@type":"BreadcrumbList","@id":"https:\/\/www.clinicaalthea.com\/farmacia\/sl\/apt\/carattia-cream\/#breadcrumb","itemListElement":[{"@type":"ListItem","position":1,"name":"Strona g\u0142\u00f3wna","item":"https:\/\/www.clinicaalthea.com\/farmacia\/"},{"@type":"ListItem","position":2,"name":"Produkty","item":"https:\/\/www.clinicaalthea.com\/farmacia\/"},{"@type":"ListItem","position":3,"name":"Carattia Cream"}]},{"@type":"WebSite","@id":"https:\/\/www.clinicaalthea.com\/farmacia\/#website","url":"https:\/\/www.clinicaalthea.com\/farmacia\/","name":"Clinica Althea","description":"","publisher":{"@id":"https:\/\/www.clinicaalthea.com\/farmacia\/#organization"},"potentialAction":[{"@type":"SearchAction","target":{"@type":"EntryPoint","urlTemplate":"https:\/\/www.clinicaalthea.com\/farmacia\/?s={search_term_string}"},"query-input":{"@type":"PropertyValueSpecification","valueRequired":true,"valueName":"search_term_string"}}],"inLanguage":"pl-PL"},{"@type":"Organization","@id":"https:\/\/www.clinicaalthea.com\/farmacia\/#organization","name":"Clinica Althea","url":"https:\/\/www.clinicaalthea.com\/farmacia\/","logo":{"@type":"ImageObject","inLanguage":"pl-PL","@id":"https:\/\/www.clinicaalthea.com\/farmacia\/#\/schema\/logo\/image\/","url":"https:\/\/www.clinicaalthea.com\/farmacia\/wp-content\/uploads\/2023\/12\/Jak-diagnozuje-sie-FAS_-objawy-kryteria-diagnostyczne-i-metody-diagnozowania-154162903.jpg","contentUrl":"https:\/\/www.clinicaalthea.com\/farmacia\/wp-content\/uploads\/2023\/12\/Jak-diagnozuje-sie-FAS_-objawy-kryteria-diagnostyczne-i-metody-diagnozowania-154162903.jpg","width":1216,"height":832,"caption":"Clinica Althea"},"image":{"@id":"https:\/\/www.clinicaalthea.com\/farmacia\/#\/schema\/logo\/image\/"}}]}},"lang":"sl","translations":{"sl":1804,"bg":1791,"de":1787,"hr":1792,"cs":1793,"fr":1795,"sv":1797,"sk":1798,"ro":1799,"it":1800,"hu":1801,"et":1802,"fi":1803},"pll_sync_post":[],"_links":{"self":[{"href":"https:\/\/www.clinicaalthea.com\/farmacia\/wp-json\/wp\/v2\/product\/1804","targetHints":{"allow":["GET"]}}],"collection":[{"href":"https:\/\/www.clinicaalthea.com\/farmacia\/wp-json\/wp\/v2\/product"}],"about":[{"href":"https:\/\/www.clinicaalthea.com\/farmacia\/wp-json\/wp\/v2\/types\/product"}],"replies":[{"embeddable":true,"href":"https:\/\/www.clinicaalthea.com\/farmacia\/wp-json\/wp\/v2\/comments?post=1804"}],"wp:featuredmedia":[{"embeddable":true,"href":"https:\/\/www.clinicaalthea.com\/farmacia\/wp-json\/wp\/v2\/media\/1788"}],"wp:attachment":[{"href":"https:\/\/www.clinicaalthea.com\/farmacia\/wp-json\/wp\/v2\/media?parent=1804"}],"wp:term":[{"taxonomy":"product_brand","embeddable":true,"href":"https:\/\/www.clinicaalthea.com\/farmacia\/wp-json\/wp\/v2\/product_brand?post=1804"},{"taxonomy":"product_cat","embeddable":true,"href":"https:\/\/www.clinicaalthea.com\/farmacia\/wp-json\/wp\/v2\/product_cat?post=1804"},{"taxonomy":"product_tag","embeddable":true,"href":"https:\/\/www.clinicaalthea.com\/farmacia\/wp-json\/wp\/v2\/product_tag?post=1804"}],"curies":[{"name":"wp","href":"https:\/\/api.w.org\/{rel}","templated":true}]}}