{"id":1802,"date":"2024-03-15T21:02:45","date_gmt":"2024-03-15T20:02:45","guid":{"rendered":"https:\/\/mayoguide.org\/produkty\/?post_type=product&#038;p=1802"},"modified":"2024-03-15T21:05:55","modified_gmt":"2024-03-15T20:05:55","slug":"carattia-cream","status":"publish","type":"product","link":"https:\/\/www.clinicaalthea.com\/farmacia\/et\/apt\/carattia-cream\/","title":{"rendered":"Carattia Cream"},"content":{"rendered":"\n<p>Kas sa unistad nooruslikust ja tugevast nahast? Kas soovite vabaneda kortsudest ja parandada oma n\u00e4o ovaalsust? Tutvuge uuendusliku <b>kortsudevastase kreemiga<\/b> &#8211; <b>Carattia Cream<\/b>. Aga kas see on t\u00f5esti t\u00f5hus? V\u00f5i on see lihtsalt j\u00e4rjekordne kosmeetika, mis lubab imet? Uurige meie p\u00f5hjalikust kirjeldusest ja \u00fclevaatest!<\/p>\n\n\n\n<h3 class=\"wp-block-heading\" id=\"h-kluczowe-wnioski\">Peamised j\u00e4reldused:<\/h3>\n\n\n\n<ul class=\"wp-block-list\">\n<li><b><b>Carattia Cream<\/b><\/b> on uuenduslik <b>kortsudevastane kreem<\/b>, mis p\u00f5hineb t\u00e4iustatud dermatoloogilistel uuringutel.<\/li>\n\n\n\n<li>Selle kreemi<b>koostis<\/b> sisaldab muu hulgas 24-karastist kulda, Renovage&#8217;i kompleksi ja looduslikke h\u00fcdrolaate.<\/li>\n\n\n\n<li>Kreem v\u00e4hendab kortse, niisutab, taastab ja parandab n\u00e4o ovaalsust.<\/li>\n\n\n\n<li><b><b>Carattia Cream<\/b><\/b> kasutamine v\u00f5ib noorendada nahka v\u00e4hemalt 15 aasta v\u00f5rra vaid 28 p\u00e4evaga.<\/li>\n\n\n\n<li>Parim viis <b>Carattia Cream<\/b> <b>ostmiseks<\/b> on tootja ametlikul kodulehel, kus on v\u00f5imalik leida <b>sooduspakkumisi<\/b> ja <b>osta<\/b> toode otse.<\/li>\n<\/ul>\n\n\n\n<h2 class=\"wp-block-heading\" id=\"h-co-to-jest-Carattia Cream\">Mis on <b>Carattia Cream<\/b>?<\/h2>\n\n\n\n<p>Carattia Cream on uuenduslik <em>kortsudevastane kreem<\/em>, mis eristub tavap\u00e4rastest nahakreemidest. Selle ainulaadne koostis sisaldab selliseid koostisosi nagu 24-karjaline kuld, Renovage&#8217;i kompleks ja looduslikud h\u00fcdrolaadid. Selle tulemusena on Carattia Cream intensiivselt niisutava ja taastava toimega, stimuleerides samal ajal kollageeni &#8211; naha tugevuse eest vastutava aine &#8211; tootmist.<\/p>\n\n\n\n<p>See on kreem, mis pakub loomulikku naha noorendamist, v\u00e4listades vajaduse kallite ja invasiivsete kosmeetiliste protseduuride j\u00e4rele. Carattia Cream abil saate nautida nooruslikumat v\u00e4ljan\u00e4gemist, v\u00e4hendades kortse ja parandades naha seisundit.<\/p>\n\n\n\n<h2 class=\"wp-block-heading\" id=\"h-efekty-stosowania-Carattia Cream-przed-i-po-kuracji\">Carattia Cream m\u00f5ju &#8211; enne ja p\u00e4rast ravi<\/h2>\n\n\n\n<p><em>Carattia Cream<\/em> kasutamine v\u00f5ib anda muljetavaldavaid <b>tulemusi<\/b> nahahoolduses. Kosmeetika v\u00e4hendab kuni 98% s\u00fcgavamaid kortse, muutes naha siledaks, pehmeks ja pinguldatuks.<\/p>\n\n\n\n<p>Kliinilised uuringud on n\u00e4idanud, et <em>Carattia Cream<\/em> kasutamine v\u00f5ib noorendada nahka v\u00e4hemalt 15 aasta v\u00f5rra vaid 28 p\u00e4evaga. Paljud inimesed teatavad paranenud n\u00e4o ovaalsusest, \u00fchtlasest nahatoonist ja suurenenud enesekindlusest.<\/p>\n\n\n\n<figure class=\"wp-block-image size-full\"><img decoding=\"async\" src=\"https:\/\/taneralpro2.com\/wp-content\/uploads\/2023\/11\/Carattia-Cream-Przed-i-po.png\" alt=\"Carattia Cream - Przed i po\" class=\"wp-image-31291\"\/><\/figure>\n\n\n\n<hr class=\"wp-block-separator has-text-color has-contrast-color has-alpha-channel-opacity has-contrast-background-color has-background\"\/>\n\n\n\n<figure class=\"wp-block-image size-full\"><img decoding=\"async\" src=\"https:\/\/taneralpro2.com\/wp-content\/uploads\/2023\/11\/Carattia-Cream-efekty-Przed-i-po.jpg.png\" alt=\"Carattia Cream - efekty Przed i po\" class=\"wp-image-31292\"\/><\/figure>\n\n\n\n<div style=\"height:30px\" aria-hidden=\"true\" class=\"wp-block-spacer\"><\/div>\n\n\n\n<blockquote class=\"wp-block-quote is-layout-flow wp-block-quote-is-layout-flow\">\n<p>&#8220;Enne ja p\u00e4rast <em>Carattia Cream-ravi<\/em> on m\u00e4rgatav erinevus.&#8221;<\/p>\n<\/blockquote>\n\n\n\n<figure class=\"wp-block-table\"><table><tbody><tr><th>Carattia Cream kasutamise m\u00f5ju:<\/th><th>Enne ravi<\/th><th>P\u00e4rast ravi<\/th><\/tr><tr><td>Kortsude v\u00e4henemine<\/td><td>N\u00e4htavad kortsud<\/td><td>Kuni 98% kortsude v\u00e4henemine<\/td><\/tr><tr><td>Niisutus<\/td><td>Kuiv ja tuhm nahk<\/td><td>Pehme, niisutatud nahk<\/td><\/tr><tr><td>Taastumine<\/td><td>V\u00e4sinud, niisutamata nahk<\/td><td>Noorenenud, regenereeritud nahk<\/td><\/tr><tr><td>Naha tugevus<\/td><td>Langevad n\u00e4okontuurid<\/td><td>Paranenud ovaalne, pinguldatud nahk<\/td><\/tr><\/tbody><\/table><\/figure>\n\n\n\n<h2 class=\"wp-block-heading\" id=\"h-jak-dziala-Carattia Cream\">Kuidas Carattia Cream toimib?<\/h2>\n\n\n\n<p>Carattia Cream on uuenduslik <b>kortsudevastane kreem<\/b>, mis m\u00f5jub nahale hoolikalt valitud koostisosade ja t\u00e4iustatud tehnoloogia abil. Selle kreemi peamine koostisosa on 24-karjaline kuld, mis m\u00e4ngib v\u00f5tmerolli naha kollageeni imendumisel.<\/p>\n\n\n\n<p>T\u00e4nu oma koostisele aktiveerib Carattia Cream kollageeni tootmist ja naharakkude taastumist. Nahk muutub tugevamaks ja elastsemaks ning kortsud silutakse n\u00e4htavalt. See uuenduslik kreem v\u00f5itleb vananemisilmingute vastu, noorendab ja elavdab nahka.<\/p>\n\n\n\n<p>Carattia Cream avaldab nahale igak\u00fclgset <b>toimet<\/b>, niisutab, toidab ja pinguldab seda. T\u00e4nu t\u00e4iustatud tehnoloogia kasutamisele imenduvad toimeained s\u00fcgavuti nahka, aidates kaasa kreemi maksimaalsele t\u00f5hususele.<\/p>\n\n\n\n<p>See revolutsiooniline kortsudevastane kreem on k\u00f5ik-\u00fches lahendus neile, kes soovivad v\u00e4hendada kortse, parandada naha elastsust ja taastada nooruslikku v\u00e4limust. Carattia Cream on kosmeetika, mis vastab ka k\u00f5ige n\u00f5udlikumate inimeste ootustele, kes hoolivad oma naha tervisest.<\/p>\n\n\n\n<figure class=\"wp-block-table\"><table><tbody><tr><th>Carattia Cream eelised<\/th><th>Carattia Cream puudused<\/th><\/tr><tr><td>V\u00e4hendab kortse<\/td><td>Saadavus m\u00f5nes piirkonnas v\u00f5ib olla piiratud<\/td><\/tr><tr><td>Niisutab nahka intensiivselt<\/td><td>Toote<b>hind<\/b> v\u00f5ib olla k\u00f5rgem kui teistel kortsudevastastel kreemidel<\/td><\/tr><tr><td>Taastab naharakke<\/td><td> <\/td><\/tr><tr><td>Parandab naha elastsust<\/td><td> <\/td><\/tr><tr><td>Noorendab nahka<\/td><td> <\/td><\/tr><\/tbody><\/table><\/figure>\n\n\n\n<h2 class=\"wp-block-heading\" id=\"h-dawkowanie-Carattia Cream-jak-stosowac\">Carattia Cream annustamine &#8211; kuidas kasutada?<\/h2>\n\n\n\n<p>Carattia Cream kasutamine on v\u00e4ga lihtne ja ei n\u00f5ua erilisi oskusi. Parima tulemuse saavutamiseks j\u00e4rgige selle kortsudevastase kreemi annustamis- ja kasutusjuhiseid.<\/p>\n\n\n\n<h3 class=\"wp-block-heading\" id=\"h-przygotowanie-skory\">Naha ettevalmistamine:<\/h3>\n\n\n\n<ol class=\"wp-block-list\">\n<li>Puhastage n\u00e4o- ja kaelanahk p\u00f5hjalikult, eemaldades k\u00f5ik meigi ja ebapuhtuse j\u00e4ljed.<\/li>\n\n\n\n<li>Naha v\u00f5ib puhastada \u00f5rna geel- v\u00f5i vahtpesuvahendiga.<\/li>\n\n\n\n<li>P\u00e4rast pesemist kuivatage nahk hoolikalt r\u00e4tikuga, v\u00e4ltides h\u00f5\u00f5rumist ja liigset kuivamist.<\/li>\n<\/ol>\n\n\n\n<h3 class=\"wp-block-heading\" id=\"h-stosowanie-kremu\">Kreemi pealekandmine:<\/h3>\n\n\n\n<ol class=\"wp-block-list\">\n<li>Kandke v\u00e4ike kogus Carattia Cream kreemi s\u00f5rmeotsa.<\/li>\n\n\n\n<li>Kandke kreem \u00f5rnalt \u00fcle n\u00e4o ja kaela, v\u00e4ltides silmapiirkonda.<\/li>\n\n\n\n<li>Masseerige kreem \u00f5rnade ringjate liigutustega nahale, kuni see on t\u00e4ielikult imendunud.<\/li>\n<\/ol>\n\n\n\n<p>Soovitatav on kasutada Carattia Cream&#8217;t nii hommikul kui ka \u00f5htul, et hoida nahk kogu p\u00e4eva jooksul niisutatud ja kaitstud. Seda kreemi v\u00f5ib kasutada meigi all, kuna see on kerge ja mitte-rasvase tekstuuriga, mis imendub h\u00e4sti naha sisse.<\/p>\n\n\n\n<p>Samuti on oluline v\u00e4ltida kreemi ja silmade kokkupuudet, kuna see v\u00f5ib p\u00f5hjustada \u00e4rritust. Kui kreem satub silma, loputage see kohe puhta veega maha. Lisaks on soovitatav kasutada t\u00e4iendavat p\u00e4ikesekaitset, et kaitsta nahka kahjulike UV-kiirte eest.<\/p>\n\n\n\n<p>Carattia Cream regulaarne kasutamine annab n\u00e4htavaid <b>tulemusi<\/b> m\u00f5ne n\u00e4dala p\u00e4rast, kuid iga nahk on erinev, mist\u00f5ttu v\u00f5ib m\u00f5ju kestus ja intensiivsus olla erinev. Kui teil on kahtlusi kreemi kasutamise osas, konsulteerige oma nahaarstiga v\u00f5i asjaomase spetsialistiga.<\/p>\n\n\n\n<h2 class=\"wp-block-heading\" id=\"h-Carattia Cream-opinie-i-recenzje-co-mowia-uzytkownicy\">Carattia Cream &#8211; arvamused ja arvustused &#8211; mida \u00fctlevad kasutajad?<\/h2>\n\n\n\n<p>Kasutajate tagasiside ja arvustused on sageli v\u00f5tmeteguriks nahahooldustoodete t\u00f5hususe ja populaarsuse m\u00e4\u00e4ramisel. Vastavalt nende inimeste iseloomustustele, kellel on olnud v\u00f5imalus Carattia Cream testida, on positiivne tagasiside kindlasti \u00fclekaalus.<\/p>\n\n\n\n<p>Paljud kasutajad m\u00e4rgivad p\u00e4rast regulaarset kasutamist kortsude, sealhulgas s\u00fcgavate kortsude m\u00e4rgatavat v\u00e4henemist. Nahk muutub niisutatumaks, mis t\u00e4hendab pehmust ja elastsust. Lisaks kirjeldavad paljud, et paranenud on h\u00fcperpigmentatsioon ja \u00fchtlustunud nahatoon.<\/p>\n\n\n\n<p>Igas vanuses naised jagavad oma t\u00e4helepanekuid toote t\u00f5hususe kohta, n\u00e4idisarvustused on allpool:<\/p>\n\n\n\n<blockquote class=\"wp-block-quote is-style-default is-layout-flow wp-block-quote-is-layout-flow\"><div class=\"wp-block-image is-style-rounded\">\n<figure class=\"aligncenter size-full is-resized\"><img decoding=\"async\" src=\"https:\/\/taneralpro2.com\/wp-content\/uploads\/2023\/11\/Anna.jpg\" alt=\"Anna\" class=\"wp-image-31297\" style=\"width:131px;height:131px\"\/><figcaption class=\"wp-element-caption\">Anna<\/figcaption><\/figure>\n<\/div><cite><em><em>&#8220;Olen kasutanud palju kortsudevastaseid kreeme, kuid Carattia Cream on t\u00f5esti midagi erilist. Minu kortsud muutusid aja jooksul \u00fcha n\u00e4htavamaks, mis t\u00f5i kaasa m\u00f5ningaid ebamugavusi. Kuid alates hetkest, kui hakkasin seda kreemi kasutama, m\u00e4rkasin suurt erinevust. P\u00e4rast paarin\u00e4dalast regulaarset kasutamist on mu nahk muutunud palju siledamaks ja mu n\u00e4okortsud on n\u00e4htavalt v\u00e4henenud. K\u00f5ige h\u00e4mmastavam on see, et mu nahk tundub n\u00fc\u00fcd tugevam ja mu n\u00e4gu on kontuurne, ilma et peaksin kasutama invasiivseid ravimeetodeid. See on toode, millele ma v\u00f5in loota.&#8221;<\/em><\/em><\/cite><\/blockquote>\n\n\n\n<blockquote class=\"wp-block-quote is-style-default is-layout-flow wp-block-quote-is-layout-flow\"><div class=\"wp-block-image is-style-rounded\">\n<figure class=\"aligncenter size-full is-resized\"><img decoding=\"async\" src=\"https:\/\/taneralpro2.com\/wp-content\/uploads\/2023\/11\/Gabi.jpg\" alt=\"Gabi\" class=\"wp-image-31298\" style=\"width:131px;height:131px\"\/><figcaption class=\"wp-element-caption\">Gabi<\/figcaption><\/figure>\n<\/div><cite><em><em><em>&#8220;Ma olen vaimustunud Carattia Cream m\u00f5just. Minu n\u00e4onahk oli aastatega muutumas kuivemaks ja kaotanud oma tugevust. Otsustasin proovida seda kreemi ja ma ei kahetse seda otsust. P\u00e4rast paarin\u00e4dalast kasutamist on mu nahk niisutatud ning n\u00e4eb palju tervem ja s\u00e4ravam v\u00e4lja. Minu n\u00e4o kortsud, eriti silmade \u00fcmber, on muutunud v\u00e4hem n\u00e4htavaks, mist\u00f5ttu n\u00e4en ja tunnen end nooremana. Oluline on see, et kreem ei \u00e4rrita minu tundlikku nahka, mis on minu jaoks suur pluss.&#8221;<\/em><\/em><\/em><\/cite><\/blockquote>\n\n\n\n<h2 class=\"wp-block-heading\" id=\"h-sklad-Carattia Cream-co-zawiera\">Carattia Cream koostis &#8211; mida see sisaldab?<\/h2>\n\n\n\n<p>Carattia Cream<b>koostis<\/b> p\u00f5hineb looduslikel koostisosadel, mis on m\u00f5eldud naha niisutamiseks, taastamiseks ja noorendamiseks. Selle kreemi peamised koostisosad on:<\/p>\n\n\n\n<ul class=\"wp-block-list\">\n<li><em>24-karine kuld:<\/em> Aitab parandada kollageeni imendumist nahka, mis aitab kaasa naha noorendamisele.<\/li>\n\n\n\n<li><em>Renovage Complex:<\/em> Stimuleerib kollageeni tootmist, v\u00e4hendab kortse ja parandab naha elastsust.<\/li>\n\n\n\n<li><em>Sarapuu lehe h\u00fcdrolaat:<\/em> Niisutab nahka ja parandab selle pinguldatust.<\/li>\n\n\n\n<li><em>Magusa mandli\u00f5li:<\/em> Taastab nahka ja silub selle tekstuuri.<\/li>\n<\/ul>\n\n\n\n<p>T\u00e4nu sellisele koostisele pakub Carattia Cream igak\u00fclgset nahahooldust, mis v\u00e4ljendub selle kreemi t\u00f5hususes.<\/p>\n\n\n\n<h2 class=\"wp-block-heading\" id=\"h-gdzie-kupic-Carattia Cream-cena\">Kust osta Carattia Cream &#8211; hind?<\/h2>\n\n\n\n<p>Carattia Cream on uuenduslik kortsudevastane kreem, mis ei ole traditsioonilistes apteekides saadaval. K\u00f5ige parem on seda kreemi <b>osta<\/b> otse tootja ametlikul kodulehel. Nii saate olla kindel, et saate originaaltoote Carattia Cream, mis on l\u00e4binud range dermatoloogilise testimise.<\/p>\n\n\n\n<p>Tootja<b>pood<\/b> on parim koht Carattia Cream ostmiseks, sest seal pakutakse ka erinevaid <b>sooduspakkumisi<\/b>, mis v\u00f5ivad toote hinda v\u00e4hendada. See v\u00f5imaldab teil s\u00e4\u00e4sta raha, ostes samal ajal kvaliteetset kortsudevastast kreemi. Tootja ametliku poe kasutamine on garantii toote originaalsusele ja soodsatele ostutingimustele.<\/p>\n\n\n\n<p>Carattia Cream praegune hind on saadaval tootja ametlikul veebisaidil.<\/p>\n\n\n\n<h2 class=\"wp-block-heading\" id=\"h-przeciwwskazania-i-skutki-uboczne-Carattia Cream\">Carattia Cream vastun\u00e4idustused ja k\u00f5rvaltoimed<\/h2>\n\n\n\n<p>Carattia Cream on \u00fcldiselt ohutu kasutada, kuid see ei pruugi siiski sobida inimestele, kellel on allergia m\u00f5ne koostisosa suhtes. Enne selle kreemi kasutamist on alati soovitatav konsulteerida arstiga. <b>K\u00f5rvaltoimeid<\/b> esineb harva, kuid m\u00f5nel inimesel on v\u00f5imalik naha\u00e4rritus. K\u00f5rvaltoimete ilmnemisel l\u00f5petage kasutamine ja p\u00f6\u00f6rduge arsti poole.<\/p>\n","protected":false},"excerpt":{"rendered":"<p><strong>61.00 \u20ac<\/strong><\/p>\n<p><del>122.00 \u20ac<\/del><\/p>\n<p><strong>[date_countdown]<\/strong><\/p>\n","protected":false},"featured_media":1788,"comment_status":"open","ping_status":"closed","template":"","meta":{"neve_meta_sidebar":"","neve_meta_container":"","neve_meta_enable_content_width":"","neve_meta_content_width":0,"neve_meta_title_alignment":"","neve_meta_author_avatar":"","neve_post_elements_order":"","neve_meta_disable_header":"","neve_meta_disable_footer":"","neve_meta_disable_title":"","neve_meta_reading_time":""},"product_brand":[],"product_cat":[201],"product_tag":[],"class_list":{"0":"post-1802","1":"product","2":"type-product","3":"status-publish","4":"has-post-thumbnail","6":"product_cat-tervis","8":"first","9":"instock","10":"shipping-taxable","11":"product-type-external"},"yoast_head":"<!-- This site is optimized with the Yoast SEO plugin v27.4 - https:\/\/yoast.com\/product\/yoast-seo-wordpress\/ -->\n<title>Carattia Cream - Clinica Althea<\/title>\n<meta name=\"robots\" content=\"index, follow, max-snippet:-1, max-image-preview:large, max-video-preview:-1\" \/>\n<link rel=\"canonical\" href=\"https:\/\/www.clinicaalthea.com\/farmacia\/et\/apt\/carattia-cream\/\" \/>\n<meta property=\"og:locale\" content=\"pl_PL\" \/>\n<meta property=\"og:type\" content=\"article\" \/>\n<meta property=\"og:title\" content=\"Carattia Cream - Clinica Althea\" \/>\n<meta property=\"og:description\" content=\"61.00 \u20ac 122.00 \u20ac\" \/>\n<meta property=\"og:url\" content=\"https:\/\/www.clinicaalthea.com\/farmacia\/et\/apt\/carattia-cream\/\" \/>\n<meta property=\"og:site_name\" content=\"Clinica Althea\" \/>\n<meta property=\"article:modified_time\" content=\"2024-03-15T20:05:55+00:00\" \/>\n<meta property=\"og:image\" content=\"https:\/\/www.clinicaalthea.com\/farmacia\/wp-content\/uploads\/2024\/03\/Carattia-Cream.jpg\" \/>\n\t<meta property=\"og:image:width\" content=\"768\" \/>\n\t<meta property=\"og:image:height\" content=\"768\" \/>\n\t<meta property=\"og:image:type\" content=\"image\/jpeg\" \/>\n<meta name=\"twitter:card\" content=\"summary_large_image\" \/>\n<meta name=\"twitter:label1\" content=\"Szacowany czas czytania\" \/>\n\t<meta name=\"twitter:data1\" content=\"6 minut\" \/>\n<script type=\"application\/ld+json\" class=\"yoast-schema-graph\">{\"@context\":\"https:\\\/\\\/schema.org\",\"@graph\":[{\"@type\":\"WebPage\",\"@id\":\"https:\\\/\\\/www.clinicaalthea.com\\\/farmacia\\\/et\\\/apt\\\/carattia-cream\\\/\",\"url\":\"https:\\\/\\\/www.clinicaalthea.com\\\/farmacia\\\/et\\\/apt\\\/carattia-cream\\\/\",\"name\":\"Carattia Cream - Clinica Althea\",\"isPartOf\":{\"@id\":\"https:\\\/\\\/www.clinicaalthea.com\\\/farmacia\\\/#website\"},\"primaryImageOfPage\":{\"@id\":\"https:\\\/\\\/www.clinicaalthea.com\\\/farmacia\\\/et\\\/apt\\\/carattia-cream\\\/#primaryimage\"},\"image\":{\"@id\":\"https:\\\/\\\/www.clinicaalthea.com\\\/farmacia\\\/et\\\/apt\\\/carattia-cream\\\/#primaryimage\"},\"thumbnailUrl\":\"https:\\\/\\\/www.clinicaalthea.com\\\/farmacia\\\/wp-content\\\/uploads\\\/2024\\\/03\\\/Carattia-Cream.jpg\",\"datePublished\":\"2024-03-15T20:02:45+00:00\",\"dateModified\":\"2024-03-15T20:05:55+00:00\",\"breadcrumb\":{\"@id\":\"https:\\\/\\\/www.clinicaalthea.com\\\/farmacia\\\/et\\\/apt\\\/carattia-cream\\\/#breadcrumb\"},\"inLanguage\":\"pl-PL\",\"potentialAction\":[{\"@type\":\"ReadAction\",\"target\":[\"https:\\\/\\\/www.clinicaalthea.com\\\/farmacia\\\/et\\\/apt\\\/carattia-cream\\\/\"]}]},{\"@type\":\"ImageObject\",\"inLanguage\":\"pl-PL\",\"@id\":\"https:\\\/\\\/www.clinicaalthea.com\\\/farmacia\\\/et\\\/apt\\\/carattia-cream\\\/#primaryimage\",\"url\":\"https:\\\/\\\/www.clinicaalthea.com\\\/farmacia\\\/wp-content\\\/uploads\\\/2024\\\/03\\\/Carattia-Cream.jpg\",\"contentUrl\":\"https:\\\/\\\/www.clinicaalthea.com\\\/farmacia\\\/wp-content\\\/uploads\\\/2024\\\/03\\\/Carattia-Cream.jpg\",\"width\":768,\"height\":768,\"caption\":\"Carattia Cream\"},{\"@type\":\"BreadcrumbList\",\"@id\":\"https:\\\/\\\/www.clinicaalthea.com\\\/farmacia\\\/et\\\/apt\\\/carattia-cream\\\/#breadcrumb\",\"itemListElement\":[{\"@type\":\"ListItem\",\"position\":1,\"name\":\"Strona g\u0142\u00f3wna\",\"item\":\"https:\\\/\\\/www.clinicaalthea.com\\\/farmacia\\\/\"},{\"@type\":\"ListItem\",\"position\":2,\"name\":\"Produkty\",\"item\":\"https:\\\/\\\/www.clinicaalthea.com\\\/farmacia\\\/\"},{\"@type\":\"ListItem\",\"position\":3,\"name\":\"Carattia Cream\"}]},{\"@type\":\"WebSite\",\"@id\":\"https:\\\/\\\/www.clinicaalthea.com\\\/farmacia\\\/#website\",\"url\":\"https:\\\/\\\/www.clinicaalthea.com\\\/farmacia\\\/\",\"name\":\"Clinica Althea\",\"description\":\"\",\"publisher\":{\"@id\":\"https:\\\/\\\/www.clinicaalthea.com\\\/farmacia\\\/#organization\"},\"potentialAction\":[{\"@type\":\"SearchAction\",\"target\":{\"@type\":\"EntryPoint\",\"urlTemplate\":\"https:\\\/\\\/www.clinicaalthea.com\\\/farmacia\\\/?s={search_term_string}\"},\"query-input\":{\"@type\":\"PropertyValueSpecification\",\"valueRequired\":true,\"valueName\":\"search_term_string\"}}],\"inLanguage\":\"pl-PL\"},{\"@type\":\"Organization\",\"@id\":\"https:\\\/\\\/www.clinicaalthea.com\\\/farmacia\\\/#organization\",\"name\":\"Clinica Althea\",\"url\":\"https:\\\/\\\/www.clinicaalthea.com\\\/farmacia\\\/\",\"logo\":{\"@type\":\"ImageObject\",\"inLanguage\":\"pl-PL\",\"@id\":\"https:\\\/\\\/www.clinicaalthea.com\\\/farmacia\\\/#\\\/schema\\\/logo\\\/image\\\/\",\"url\":\"https:\\\/\\\/www.clinicaalthea.com\\\/farmacia\\\/wp-content\\\/uploads\\\/2023\\\/12\\\/Jak-diagnozuje-sie-FAS_-objawy-kryteria-diagnostyczne-i-metody-diagnozowania-154162903.jpg\",\"contentUrl\":\"https:\\\/\\\/www.clinicaalthea.com\\\/farmacia\\\/wp-content\\\/uploads\\\/2023\\\/12\\\/Jak-diagnozuje-sie-FAS_-objawy-kryteria-diagnostyczne-i-metody-diagnozowania-154162903.jpg\",\"width\":1216,\"height\":832,\"caption\":\"Clinica Althea\"},\"image\":{\"@id\":\"https:\\\/\\\/www.clinicaalthea.com\\\/farmacia\\\/#\\\/schema\\\/logo\\\/image\\\/\"}}]}<\/script>\n<!-- \/ Yoast SEO plugin. -->","yoast_head_json":{"title":"Carattia Cream - Clinica Althea","robots":{"index":"index","follow":"follow","max-snippet":"max-snippet:-1","max-image-preview":"max-image-preview:large","max-video-preview":"max-video-preview:-1"},"canonical":"https:\/\/www.clinicaalthea.com\/farmacia\/et\/apt\/carattia-cream\/","og_locale":"pl_PL","og_type":"article","og_title":"Carattia Cream - Clinica Althea","og_description":"61.00 \u20ac 122.00 \u20ac","og_url":"https:\/\/www.clinicaalthea.com\/farmacia\/et\/apt\/carattia-cream\/","og_site_name":"Clinica Althea","article_modified_time":"2024-03-15T20:05:55+00:00","og_image":[{"width":768,"height":768,"url":"https:\/\/www.clinicaalthea.com\/farmacia\/wp-content\/uploads\/2024\/03\/Carattia-Cream.jpg","type":"image\/jpeg"}],"twitter_card":"summary_large_image","twitter_misc":{"Szacowany czas czytania":"6 minut"},"schema":{"@context":"https:\/\/schema.org","@graph":[{"@type":"WebPage","@id":"https:\/\/www.clinicaalthea.com\/farmacia\/et\/apt\/carattia-cream\/","url":"https:\/\/www.clinicaalthea.com\/farmacia\/et\/apt\/carattia-cream\/","name":"Carattia Cream - Clinica Althea","isPartOf":{"@id":"https:\/\/www.clinicaalthea.com\/farmacia\/#website"},"primaryImageOfPage":{"@id":"https:\/\/www.clinicaalthea.com\/farmacia\/et\/apt\/carattia-cream\/#primaryimage"},"image":{"@id":"https:\/\/www.clinicaalthea.com\/farmacia\/et\/apt\/carattia-cream\/#primaryimage"},"thumbnailUrl":"https:\/\/www.clinicaalthea.com\/farmacia\/wp-content\/uploads\/2024\/03\/Carattia-Cream.jpg","datePublished":"2024-03-15T20:02:45+00:00","dateModified":"2024-03-15T20:05:55+00:00","breadcrumb":{"@id":"https:\/\/www.clinicaalthea.com\/farmacia\/et\/apt\/carattia-cream\/#breadcrumb"},"inLanguage":"pl-PL","potentialAction":[{"@type":"ReadAction","target":["https:\/\/www.clinicaalthea.com\/farmacia\/et\/apt\/carattia-cream\/"]}]},{"@type":"ImageObject","inLanguage":"pl-PL","@id":"https:\/\/www.clinicaalthea.com\/farmacia\/et\/apt\/carattia-cream\/#primaryimage","url":"https:\/\/www.clinicaalthea.com\/farmacia\/wp-content\/uploads\/2024\/03\/Carattia-Cream.jpg","contentUrl":"https:\/\/www.clinicaalthea.com\/farmacia\/wp-content\/uploads\/2024\/03\/Carattia-Cream.jpg","width":768,"height":768,"caption":"Carattia Cream"},{"@type":"BreadcrumbList","@id":"https:\/\/www.clinicaalthea.com\/farmacia\/et\/apt\/carattia-cream\/#breadcrumb","itemListElement":[{"@type":"ListItem","position":1,"name":"Strona g\u0142\u00f3wna","item":"https:\/\/www.clinicaalthea.com\/farmacia\/"},{"@type":"ListItem","position":2,"name":"Produkty","item":"https:\/\/www.clinicaalthea.com\/farmacia\/"},{"@type":"ListItem","position":3,"name":"Carattia Cream"}]},{"@type":"WebSite","@id":"https:\/\/www.clinicaalthea.com\/farmacia\/#website","url":"https:\/\/www.clinicaalthea.com\/farmacia\/","name":"Clinica Althea","description":"","publisher":{"@id":"https:\/\/www.clinicaalthea.com\/farmacia\/#organization"},"potentialAction":[{"@type":"SearchAction","target":{"@type":"EntryPoint","urlTemplate":"https:\/\/www.clinicaalthea.com\/farmacia\/?s={search_term_string}"},"query-input":{"@type":"PropertyValueSpecification","valueRequired":true,"valueName":"search_term_string"}}],"inLanguage":"pl-PL"},{"@type":"Organization","@id":"https:\/\/www.clinicaalthea.com\/farmacia\/#organization","name":"Clinica Althea","url":"https:\/\/www.clinicaalthea.com\/farmacia\/","logo":{"@type":"ImageObject","inLanguage":"pl-PL","@id":"https:\/\/www.clinicaalthea.com\/farmacia\/#\/schema\/logo\/image\/","url":"https:\/\/www.clinicaalthea.com\/farmacia\/wp-content\/uploads\/2023\/12\/Jak-diagnozuje-sie-FAS_-objawy-kryteria-diagnostyczne-i-metody-diagnozowania-154162903.jpg","contentUrl":"https:\/\/www.clinicaalthea.com\/farmacia\/wp-content\/uploads\/2023\/12\/Jak-diagnozuje-sie-FAS_-objawy-kryteria-diagnostyczne-i-metody-diagnozowania-154162903.jpg","width":1216,"height":832,"caption":"Clinica Althea"},"image":{"@id":"https:\/\/www.clinicaalthea.com\/farmacia\/#\/schema\/logo\/image\/"}}]}},"lang":"et","translations":{"et":1802,"bg":1791,"de":1787,"hr":1792,"cs":1793,"fr":1795,"sv":1797,"sk":1798,"ro":1799,"it":1800,"hu":1801,"fi":1803,"sl":1804},"pll_sync_post":[],"_links":{"self":[{"href":"https:\/\/www.clinicaalthea.com\/farmacia\/wp-json\/wp\/v2\/product\/1802","targetHints":{"allow":["GET"]}}],"collection":[{"href":"https:\/\/www.clinicaalthea.com\/farmacia\/wp-json\/wp\/v2\/product"}],"about":[{"href":"https:\/\/www.clinicaalthea.com\/farmacia\/wp-json\/wp\/v2\/types\/product"}],"replies":[{"embeddable":true,"href":"https:\/\/www.clinicaalthea.com\/farmacia\/wp-json\/wp\/v2\/comments?post=1802"}],"wp:featuredmedia":[{"embeddable":true,"href":"https:\/\/www.clinicaalthea.com\/farmacia\/wp-json\/wp\/v2\/media\/1788"}],"wp:attachment":[{"href":"https:\/\/www.clinicaalthea.com\/farmacia\/wp-json\/wp\/v2\/media?parent=1802"}],"wp:term":[{"taxonomy":"product_brand","embeddable":true,"href":"https:\/\/www.clinicaalthea.com\/farmacia\/wp-json\/wp\/v2\/product_brand?post=1802"},{"taxonomy":"product_cat","embeddable":true,"href":"https:\/\/www.clinicaalthea.com\/farmacia\/wp-json\/wp\/v2\/product_cat?post=1802"},{"taxonomy":"product_tag","embeddable":true,"href":"https:\/\/www.clinicaalthea.com\/farmacia\/wp-json\/wp\/v2\/product_tag?post=1802"}],"curies":[{"name":"wp","href":"https:\/\/api.w.org\/{rel}","templated":true}]}}