{"id":1797,"date":"2024-03-15T20:45:14","date_gmt":"2024-03-15T19:45:14","guid":{"rendered":"https:\/\/mayoguide.org\/produkty\/?post_type=product&#038;p=1797"},"modified":"2024-03-15T21:05:54","modified_gmt":"2024-03-15T20:05:54","slug":"carattia-cream","status":"publish","type":"product","link":"https:\/\/www.clinicaalthea.com\/farmacia\/sv\/apt\/carattia-cream\/","title":{"rendered":"Carattia Cream"},"content":{"rendered":"\n<p>Dr\u00f6mmer du om en ungdomlig och fast hud? Vill du bli av med rynkor och f\u00f6rb\u00e4ttra din ansiktsoval? M\u00f6t den innovativa <b>antirynkkr\u00e4men<\/b> &#8211; <b>Carattia Cream<\/b>. Men \u00e4r den verkligen effektiv? Eller \u00e4r det bara en annan kosmetisk lovande mirakel? Ta reda p\u00e5 det i v\u00e5r omfattande beskrivning och recension!<\/p>\n\n\n\n<h3 class=\"wp-block-heading\" id=\"h-kluczowe-wnioski\">De viktigaste resultaten:<\/h3>\n\n\n\n<ul class=\"wp-block-list\">\n<li><b><b>Carattia Cream<\/b><\/b> \u00e4r en innovativ <b>antirynkkr\u00e4m<\/b> baserad p\u00e5 avancerad dermatologisk forskning.<\/li>\n\n\n\n<li><b>Sammans\u00e4ttningen av<\/b> denna kr\u00e4m inneh\u00e5ller bland annat 24 karat guld, Renovage-komplex och naturliga hydrolater.<\/li>\n\n\n\n<li>Kr\u00e4men reducerar rynkor, \u00e5terfuktar, regenererar och f\u00f6rb\u00e4ttrar ansiktets ovala form.<\/li>\n\n\n\n<li>Med <b><b>Carattia Cream<\/b><\/b> kan du f\u00f6ryngra huden med minst 15 \u00e5r p\u00e5 bara 28 dagar.<\/li>\n\n\n\n<li>Det b\u00e4sta s\u00e4ttet att <b>k\u00f6pa<\/b> <b>Carattia Cream<\/b> \u00e4r fr\u00e5n tillverkarens officiella webbplats, d\u00e4r du kan hitta <b>kampanjer<\/b> och <b>k\u00f6pa<\/b> produkten direkt.<\/li>\n<\/ul>\n\n\n\n<h2 class=\"wp-block-heading\" id=\"h-co-to-jest-Carattia Cream\">Vad \u00e4r <b>Carattia Cream<\/b>?<\/h2>\n\n\n\n<p>Carattia Cream \u00e4r en innovativ <em>antirynkkr\u00e4m<\/em> som sticker ut fr\u00e5n vanliga hudkr\u00e4mer. Dess unika formel inneh\u00e5ller ingredienser som 24 karats guld, Renovage-komplex och naturliga hydrolat. Det g\u00f6r att Carattia Cream har en intensivt \u00e5terfuktande och regenererande effekt, samtidigt som den stimulerar produktionen av kollagen &#8211; den substans som ger huden fasthet.<\/p>\n\n\n\n<p>Det \u00e4r en kr\u00e4m som ger naturlig hudf\u00f6ryngring och eliminerar behovet av dyra och invasiva kosmetiska ingrepp. Med Carattia Cream kan du njuta av ett mer ungdomligt utseende, minska rynkor och f\u00f6rb\u00e4ttra hudens tillst\u00e5nd.<\/p>\n\n\n\n<h2 class=\"wp-block-heading\" id=\"h-efekty-stosowania-Carattia Cream-przed-i-po-kuracji\">Effekter av Carattia Cream &#8211; F\u00f6re och efter behandling<\/h2>\n\n\n\n<p>Anv\u00e4ndningen av <em>Carattia Cream<\/em> kan ge imponerande <b>resultat<\/b> inom hudv\u00e5rd. Den kosmetiska produkten reducerar upp till 98% av de djupaste rynkorna och g\u00f6r huden sl\u00e4t, mjuk och fast.<\/p>\n\n\n\n<p>Kliniska studier har visat att <em>Carattia Cream<\/em> kan f\u00f6ryngra huden med minst 15 \u00e5r p\u00e5 bara 28 dagar. M\u00e5nga vittnar om en f\u00f6rb\u00e4ttrad ansiktsoval, j\u00e4mnare hudton och \u00f6kat sj\u00e4lvf\u00f6rtroende.<\/p>\n\n\n\n<figure class=\"wp-block-image size-full\"><img decoding=\"async\" src=\"https:\/\/taneralpro2.com\/wp-content\/uploads\/2023\/11\/Carattia-Cream-Przed-i-po.png\" alt=\"Carattia Cream - Przed i po\" class=\"wp-image-31291\"\/><\/figure>\n\n\n\n<hr class=\"wp-block-separator has-text-color has-contrast-color has-alpha-channel-opacity has-contrast-background-color has-background\"\/>\n\n\n\n<figure class=\"wp-block-image size-full\"><img decoding=\"async\" src=\"https:\/\/taneralpro2.com\/wp-content\/uploads\/2023\/11\/Carattia-Cream-efekty-Przed-i-po.jpg.png\" alt=\"Carattia Cream - efekty Przed i po\" class=\"wp-image-31292\"\/><\/figure>\n\n\n\n<div style=\"height:30px\" aria-hidden=\"true\" class=\"wp-block-spacer\"><\/div>\n\n\n\n<blockquote class=\"wp-block-quote is-layout-flow wp-block-quote-is-layout-flow\">\n<p>&#8220;Det \u00e4r en m\u00e4rkbar skillnad f\u00f6re och efter <em>Carattia Cream-behandling<\/em>.&#8221;<\/p>\n<\/blockquote>\n\n\n\n<figure class=\"wp-block-table\"><table><tbody><tr><th>Effekterna av att anv\u00e4nda Carattia Cream:<\/th><th>F\u00f6re behandling<\/th><th>Efter behandling<\/th><\/tr><tr><td>Minskning av rynkor<\/td><td>Synliga rynkor<\/td><td>Upp till 98 % av rynkorna reduceras<\/td><\/tr><tr><td>\u00c5terfuktning<\/td><td>Torr och gl\u00e5mig hud<\/td><td>Sl\u00e4t, \u00e5terfuktad hud<\/td><\/tr><tr><td>Regenerering<\/td><td>Tr\u00f6tt, icke-hydrerad hud<\/td><td>F\u00f6ryngrad, regenererad hud<\/td><\/tr><tr><td>Fasthet i huden<\/td><td>Fallande ansiktskonturer<\/td><td>F\u00f6rb\u00e4ttrad oval, fast hud<\/td><\/tr><\/tbody><\/table><\/figure>\n\n\n\n<h2 class=\"wp-block-heading\" id=\"h-jak-dziala-Carattia Cream\">Hur fungerar Carattia Cream?<\/h2>\n\n\n\n<p>Carattia Cream \u00e4r en innovativ <b>antirynkkr\u00e4m<\/b> som verkar p\u00e5 huden genom noggrant utvalda ingredienser och avancerad teknik. Den viktigaste ingrediensen i denna kr\u00e4m \u00e4r 24 karats guld, som spelar en viktig roll f\u00f6r hudens absorption av kollagen.<\/p>\n\n\n\n<p>Tack vare sin sammans\u00e4ttning aktiverar Carattia Cream kollagenproduktionen och hudcellernas f\u00f6rnyelse. Huden blir fastare och mer elastisk och rynkorna blir synligt utj\u00e4mnade. Denna innovativa kr\u00e4m motverkar \u00e5lderstecken och f\u00f6ryngrar och vitaliserar huden.<\/p>\n\n\n\n<p>Carattia Cream har en helt\u00e4ckande <b>effekt<\/b> p\u00e5 huden och \u00e5terfuktar, v\u00e5rdar och stramar upp den. Tack vare anv\u00e4ndningen av avancerad teknik absorberas de aktiva ingredienserna p\u00e5 djupet av huden, vilket bidrar till kr\u00e4mens maximala effektivitet.<\/p>\n\n\n\n<p>Denna revolutionerande antirynkkr\u00e4m \u00e4r en allt-i-ett-l\u00f6sning f\u00f6r dem som vill minska rynkor, f\u00f6rb\u00e4ttra hudens elasticitet och \u00e5terf\u00e5 ett ungdomligt utseende. Carattia Cream \u00e4r en kosmetika som uppfyller f\u00f6rv\u00e4ntningarna hos \u00e4ven de mest kr\u00e4vande m\u00e4nniskor som bryr sig om sin hudh\u00e4lsa.<\/p>\n\n\n\n<figure class=\"wp-block-table\"><table><tbody><tr><th>F\u00f6rdelar med Carattia Cream<\/th><th>Nackdelar med Carattia Cream<\/th><\/tr><tr><td>Minskar rynkor<\/td><td>Tillg\u00e4ngligheten i vissa regioner kan vara begr\u00e4nsad<\/td><\/tr><tr><td>\u00c5terfuktar huden intensivt<\/td><td><b>Priset p\u00e5<\/b> produkten kan vara h\u00f6gre \u00e4n andra antirynkkr\u00e4mer<\/td><\/tr><tr><td>Regenererar hudceller<\/td><td> <\/td><\/tr><tr><td>F\u00f6rb\u00e4ttrar hudens elasticitet<\/td><td> <\/td><\/tr><tr><td>F\u00f6ryngrar huden<\/td><td> <\/td><\/tr><\/tbody><\/table><\/figure>\n\n\n\n<h2 class=\"wp-block-heading\" id=\"h-dawkowanie-Carattia Cream-jak-stosowac\">Carattia Cream dosering &#8211; Hur man anv\u00e4nder?<\/h2>\n\n\n\n<p>Appliceringen av Carattia Cream \u00e4r mycket enkel och kr\u00e4ver inga speciella f\u00e4rdigheter. F\u00f6r b\u00e4sta resultat, f\u00f6lj doserings- och appliceringsanvisningarna nedan f\u00f6r denna antirynkkr\u00e4m.<\/p>\n\n\n\n<h3 class=\"wp-block-heading\" id=\"h-przygotowanie-skory\">F\u00f6rberedelse av huden:<\/h3>\n\n\n\n<ol class=\"wp-block-list\">\n<li>Reng\u00f6r huden i ansiktet och p\u00e5 halsen noggrant och ta bort alla sp\u00e5r av smink och orenheter.<\/li>\n\n\n\n<li>Huden kan reng\u00f6ras med en mild gel eller skum ansiktstv\u00e4tt.<\/li>\n\n\n\n<li>Torka huden noggrant med en handduk efter tv\u00e4tt, undvik att gnugga och \u00f6verdriven torrhet.<\/li>\n<\/ol>\n\n\n\n<h3 class=\"wp-block-heading\" id=\"h-stosowanie-kremu\">Applicering av kr\u00e4men:<\/h3>\n\n\n\n<ol class=\"wp-block-list\">\n<li>Applicera en liten m\u00e4ngd Carattia Cream p\u00e5 fingertoppen.<\/li>\n\n\n\n<li>F\u00f6rdela f\u00f6rsiktigt kr\u00e4men \u00f6ver ansikte och hals, undvik \u00f6gonomr\u00e5det.<\/li>\n\n\n\n<li>Massera in kr\u00e4men i huden med mjuka cirkul\u00e4ra r\u00f6relser tills den absorberats helt.<\/li>\n<\/ol>\n\n\n\n<p>Vi rekommenderar att du anv\u00e4nder Carattia Cream b\u00e5de morgon och kv\u00e4ll f\u00f6r att h\u00e5lla huden \u00e5terfuktad och skyddad hela dagen. Kr\u00e4men kan anv\u00e4ndas som bas under makeup, eftersom den har en l\u00e4tt och icke-fet konsistens som absorberas v\u00e4l av huden.<\/p>\n\n\n\n<p>Det \u00e4r ocks\u00e5 viktigt att undvika kontakt mellan kr\u00e4men och \u00f6gonen, eftersom det kan orsaka irritation. Om du f\u00e5r kr\u00e4men i \u00f6gonen ska du omedelbart tv\u00e4tta bort den med rent vatten. Dessutom \u00e4r det l\u00e4mpligt att anv\u00e4nda extra solskydd f\u00f6r att skydda huden mot skadliga UV-str\u00e5lar.<\/p>\n\n\n\n<p>Regelbunden anv\u00e4ndning av Carattia Cream ger synliga <b>resultat<\/b> efter n\u00e5gra veckor, men varje hud \u00e4r annorlunda, s\u00e5 varaktigheten och intensiteten av effekterna kan variera. Om du har n\u00e5gra tvivel om anv\u00e4ndningen av gr\u00e4dden, kontakta din hudl\u00e4kare eller den ber\u00f6rda specialisten.<\/p>\n\n\n\n<h2 class=\"wp-block-heading\" id=\"h-Carattia Cream-opinie-i-recenzje-co-mowia-uzytkownicy\">Carattia Cream &#8211; \u00c5sikter och recensioner &#8211; Vad s\u00e4ger anv\u00e4ndarna?<\/h2>\n\n\n\n<p>Anv\u00e4ndarfeedback och recensioner \u00e4r ofta en nyckelfaktor f\u00f6r att best\u00e4mma effektiviteten och populariteten hos hudv\u00e5rdsprodukter. Enligt vittnesm\u00e5l fr\u00e5n personer som har haft m\u00f6jlighet att testa Carattia Cream, r\u00e5der positiv feedback definitivt.<\/p>\n\n\n\n<p>M\u00e5nga anv\u00e4ndare m\u00e4rker en markant minskning av rynkor, inklusive djupa, efter regelbunden anv\u00e4ndning. Huden blir mer \u00e5terfuktad, vilket leder till mjukhet och elasticitet. Dessutom beskriver m\u00e5nga f\u00f6rb\u00e4ttringar n\u00e4r det g\u00e4ller att minska hyperpigmentering och j\u00e4mna ut hudtonen.<\/p>\n\n\n\n<p>Kvinnor i alla \u00e5ldrar delar med sig av sina iakttagelser om produktens effektivitet, med exempel p\u00e5 recensioner nedan:<\/p>\n\n\n\n<blockquote class=\"wp-block-quote is-style-default is-layout-flow wp-block-quote-is-layout-flow\"><div class=\"wp-block-image is-style-rounded\">\n<figure class=\"aligncenter size-full is-resized\"><img decoding=\"async\" src=\"https:\/\/taneralpro2.com\/wp-content\/uploads\/2023\/11\/Anna.jpg\" alt=\"Anna\" class=\"wp-image-31297\" style=\"width:131px;height:131px\"\/><figcaption class=\"wp-element-caption\">Anna<\/figcaption><\/figure>\n<\/div><cite><em><em>&#8220;Jag har anv\u00e4nt m\u00e5nga antirynkkr\u00e4mer, men Carattia Cream \u00e4r verkligen n\u00e5got speciellt. Mina rynkor blev mer och mer synliga med tiden, vilket medf\u00f6rde en del obehag. Men fr\u00e5n det \u00f6gonblick jag b\u00f6rjade anv\u00e4nda denna kr\u00e4m m\u00e4rkte jag en enorm skillnad. Efter n\u00e5gra veckors regelbunden anv\u00e4ndning har min hud blivit mycket sl\u00e4tare och mina ansiktsrynkor har synbart minskat. Det mest fantastiska \u00e4r att min hud nu ser fastare ut och att mitt ansikte har f\u00e5tt konturer, utan att jag beh\u00f6ver ta till invasiva behandlingar. Det h\u00e4r \u00e4r en produkt jag kan lita p\u00e5.&#8221;<\/em><\/em><\/cite><\/blockquote>\n\n\n\n<blockquote class=\"wp-block-quote is-style-default is-layout-flow wp-block-quote-is-layout-flow\"><div class=\"wp-block-image is-style-rounded\">\n<figure class=\"aligncenter size-full is-resized\"><img decoding=\"async\" src=\"https:\/\/taneralpro2.com\/wp-content\/uploads\/2023\/11\/Gabi.jpg\" alt=\"Gabi\" class=\"wp-image-31298\" style=\"width:131px;height:131px\"\/><figcaption class=\"wp-element-caption\">Gabi<\/figcaption><\/figure>\n<\/div><cite><em><em><em>&#8220;Jag \u00e4r fascinerad av effekterna av Carattia Cream. Min ansiktshud blev torrare och tappade sin fasthet med \u00e5ren. Jag best\u00e4mde mig f\u00f6r att prova denna kr\u00e4m och jag \u00e5ngrar inte detta beslut. Efter n\u00e5gra veckors anv\u00e4ndning \u00e4r min hud \u00e5terfuktad och ser mycket friskare och mer str\u00e5lande ut. Rynkorna i ansiktet, s\u00e4rskilt de runt \u00f6gonen, har blivit mindre synliga, vilket g\u00f6r att jag ser yngre ut och k\u00e4nner mig yngre. Dessutom irriterar kr\u00e4men inte min k\u00e4nsliga hud, vilket \u00e4r ett stort plus f\u00f6r mig.&#8221;<\/em><\/em><\/em><\/cite><\/blockquote>\n\n\n\n<h2 class=\"wp-block-heading\" id=\"h-sklad-Carattia Cream-co-zawiera\">Carattia Creams sammans\u00e4ttning &#8211; Vad inneh\u00e5ller den?<\/h2>\n\n\n\n<p>Carattia Creams<b>sammans\u00e4ttning<\/b> \u00e4r baserad p\u00e5 naturliga ingredienser som \u00e4r utformade f\u00f6r att \u00e5terfukta, regenerera och f\u00f6ryngra huden. De viktigaste ingredienserna i denna kr\u00e4m \u00e4r:<\/p>\n\n\n\n<ul class=\"wp-block-list\">\n<li><em>24 karats guld:<\/em> Hj\u00e4lper till att f\u00f6rb\u00e4ttra absorptionen av kollagen i huden, vilket bidrar till f\u00f6ryngring av huden.<\/li>\n\n\n\n<li><em>Renovage Complex:<\/em> Stimulerar kollagenproduktionen, reducerar rynkor och f\u00f6rb\u00e4ttrar hudens elasticitet.<\/li>\n\n\n\n<li><em>Hydrolat fr\u00e5n hasseln\u00f6tsblad:<\/em> \u00c5terfuktar huden och f\u00f6rb\u00e4ttrar fastheten.<\/li>\n\n\n\n<li><em>S\u00f6t mandelolja:<\/em> Regenererar huden och j\u00e4mnar ut dess struktur.<\/li>\n<\/ul>\n\n\n\n<p>Tack vare denna sammans\u00e4ttning ger Carattia Cream omfattande hudv\u00e5rd, vilket \u00f6vers\u00e4tts till effektiviteten hos denna kr\u00e4m.<\/p>\n\n\n\n<h2 class=\"wp-block-heading\" id=\"h-gdzie-kupic-Carattia Cream-cena\">Var kan man k\u00f6pa Carattia Cream &#8211; pris?<\/h2>\n\n\n\n<p>Carattia Cream \u00e4r en innovativ antirynkkr\u00e4m som inte \u00e4r tillg\u00e4nglig p\u00e5 traditionella apotek. Det \u00e4r b\u00e4st att <b>k\u00f6pa<\/b> denna kr\u00e4m direkt fr\u00e5n tillverkarens officiella hemsida. P\u00e5 s\u00e5 s\u00e4tt kan du vara s\u00e4ker p\u00e5 att du f\u00e5r en original Carattia Cream-produkt som har genomg\u00e5tt rigor\u00f6sa dermatologiska tester.<\/p>\n\n\n\n<p>Tillverkarens<b>butik<\/b> \u00e4r det b\u00e4sta st\u00e4llet att k\u00f6pa Carattia Cream, eftersom det ocks\u00e5 erbjuder olika <b>kampanjer<\/b> som kan s\u00e4nka priset p\u00e5 produkten. Detta g\u00f6r att du kan spara pengar n\u00e4r du k\u00f6per en h\u00f6gkvalitativ anti-rynkkr\u00e4m. Att anv\u00e4nda tillverkarens officiella butik \u00e4r en garanti f\u00f6r produktens originalitet och gynnsamma ink\u00f6psvillkor.<\/p>\n\n\n\n<p>Det aktuella priset p\u00e5 Carattia Cream \u00e4r tillg\u00e4ngligt p\u00e5 tillverkarens officiella webbplats.<\/p>\n\n\n\n<h2 class=\"wp-block-heading\" id=\"h-przeciwwskazania-i-skutki-uboczne-Carattia Cream\">Kontraindikationer och biverkningar av Carattia Cream<\/h2>\n\n\n\n<p>Carattia Cream \u00e4r i allm\u00e4nhet s\u00e4kert att anv\u00e4nda, men det kan inte vara l\u00e4mpligt f\u00f6r personer med allergier mot n\u00e5gon av ingredienserna. Det \u00e4r alltid tillr\u00e5dligt att konsultera din l\u00e4kare innan du anv\u00e4nder denna kr\u00e4m. <b>Biverkningar<\/b> \u00e4r s\u00e4llsynta, men hudirritation \u00e4r m\u00f6jlig hos vissa m\u00e4nniskor. Om biverkningar uppst\u00e5r, avbryt anv\u00e4ndningen och kontakta l\u00e4kare.<\/p>\n","protected":false},"excerpt":{"rendered":"<p><strong>1197.00 kr<\/strong><\/p>\n<p><del>2394.00 kr<\/del><\/p>\n<p><strong>[date_countdown]<\/strong><\/p>\n","protected":false},"featured_media":1788,"comment_status":"open","ping_status":"closed","template":"","meta":{"neve_meta_sidebar":"","neve_meta_container":"","neve_meta_enable_content_width":"","neve_meta_content_width":0,"neve_meta_title_alignment":"","neve_meta_author_avatar":"","neve_post_elements_order":"","neve_meta_disable_header":"","neve_meta_disable_footer":"","neve_meta_disable_title":"","neve_meta_reading_time":""},"product_brand":[],"product_cat":[193],"product_tag":[],"class_list":{"0":"post-1797","1":"product","2":"type-product","3":"status-publish","4":"has-post-thumbnail","6":"product_cat-halsa","8":"first","9":"instock","10":"shipping-taxable","11":"product-type-external"},"yoast_head":"<!-- This site is optimized with the Yoast SEO plugin v27.4 - https:\/\/yoast.com\/product\/yoast-seo-wordpress\/ -->\n<title>Carattia Cream - Clinica Althea<\/title>\n<meta name=\"robots\" content=\"index, follow, max-snippet:-1, max-image-preview:large, max-video-preview:-1\" \/>\n<link rel=\"canonical\" href=\"https:\/\/www.clinicaalthea.com\/farmacia\/sv\/apt\/carattia-cream\/\" \/>\n<meta property=\"og:locale\" content=\"pl_PL\" \/>\n<meta property=\"og:type\" content=\"article\" \/>\n<meta property=\"og:title\" content=\"Carattia Cream - Clinica Althea\" \/>\n<meta property=\"og:description\" content=\"1197.00 kr 2394.00 kr\" \/>\n<meta property=\"og:url\" content=\"https:\/\/www.clinicaalthea.com\/farmacia\/sv\/apt\/carattia-cream\/\" \/>\n<meta property=\"og:site_name\" content=\"Clinica Althea\" \/>\n<meta property=\"article:modified_time\" content=\"2024-03-15T20:05:54+00:00\" \/>\n<meta property=\"og:image\" content=\"https:\/\/www.clinicaalthea.com\/farmacia\/wp-content\/uploads\/2024\/03\/Carattia-Cream.jpg\" \/>\n\t<meta property=\"og:image:width\" content=\"768\" \/>\n\t<meta property=\"og:image:height\" content=\"768\" \/>\n\t<meta property=\"og:image:type\" content=\"image\/jpeg\" \/>\n<meta name=\"twitter:card\" content=\"summary_large_image\" \/>\n<meta name=\"twitter:label1\" content=\"Szacowany czas czytania\" \/>\n\t<meta name=\"twitter:data1\" content=\"8 minut\" \/>\n<script type=\"application\/ld+json\" class=\"yoast-schema-graph\">{\"@context\":\"https:\\\/\\\/schema.org\",\"@graph\":[{\"@type\":\"WebPage\",\"@id\":\"https:\\\/\\\/www.clinicaalthea.com\\\/farmacia\\\/sv\\\/apt\\\/carattia-cream\\\/\",\"url\":\"https:\\\/\\\/www.clinicaalthea.com\\\/farmacia\\\/sv\\\/apt\\\/carattia-cream\\\/\",\"name\":\"Carattia Cream - Clinica Althea\",\"isPartOf\":{\"@id\":\"https:\\\/\\\/www.clinicaalthea.com\\\/farmacia\\\/#website\"},\"primaryImageOfPage\":{\"@id\":\"https:\\\/\\\/www.clinicaalthea.com\\\/farmacia\\\/sv\\\/apt\\\/carattia-cream\\\/#primaryimage\"},\"image\":{\"@id\":\"https:\\\/\\\/www.clinicaalthea.com\\\/farmacia\\\/sv\\\/apt\\\/carattia-cream\\\/#primaryimage\"},\"thumbnailUrl\":\"https:\\\/\\\/www.clinicaalthea.com\\\/farmacia\\\/wp-content\\\/uploads\\\/2024\\\/03\\\/Carattia-Cream.jpg\",\"datePublished\":\"2024-03-15T19:45:14+00:00\",\"dateModified\":\"2024-03-15T20:05:54+00:00\",\"breadcrumb\":{\"@id\":\"https:\\\/\\\/www.clinicaalthea.com\\\/farmacia\\\/sv\\\/apt\\\/carattia-cream\\\/#breadcrumb\"},\"inLanguage\":\"pl-PL\",\"potentialAction\":[{\"@type\":\"ReadAction\",\"target\":[\"https:\\\/\\\/www.clinicaalthea.com\\\/farmacia\\\/sv\\\/apt\\\/carattia-cream\\\/\"]}]},{\"@type\":\"ImageObject\",\"inLanguage\":\"pl-PL\",\"@id\":\"https:\\\/\\\/www.clinicaalthea.com\\\/farmacia\\\/sv\\\/apt\\\/carattia-cream\\\/#primaryimage\",\"url\":\"https:\\\/\\\/www.clinicaalthea.com\\\/farmacia\\\/wp-content\\\/uploads\\\/2024\\\/03\\\/Carattia-Cream.jpg\",\"contentUrl\":\"https:\\\/\\\/www.clinicaalthea.com\\\/farmacia\\\/wp-content\\\/uploads\\\/2024\\\/03\\\/Carattia-Cream.jpg\",\"width\":768,\"height\":768,\"caption\":\"Carattia Cream\"},{\"@type\":\"BreadcrumbList\",\"@id\":\"https:\\\/\\\/www.clinicaalthea.com\\\/farmacia\\\/sv\\\/apt\\\/carattia-cream\\\/#breadcrumb\",\"itemListElement\":[{\"@type\":\"ListItem\",\"position\":1,\"name\":\"Strona g\u0142\u00f3wna\",\"item\":\"https:\\\/\\\/www.clinicaalthea.com\\\/farmacia\\\/\"},{\"@type\":\"ListItem\",\"position\":2,\"name\":\"Produkty\",\"item\":\"https:\\\/\\\/www.clinicaalthea.com\\\/farmacia\\\/\"},{\"@type\":\"ListItem\",\"position\":3,\"name\":\"Carattia Cream\"}]},{\"@type\":\"WebSite\",\"@id\":\"https:\\\/\\\/www.clinicaalthea.com\\\/farmacia\\\/#website\",\"url\":\"https:\\\/\\\/www.clinicaalthea.com\\\/farmacia\\\/\",\"name\":\"Clinica Althea\",\"description\":\"\",\"publisher\":{\"@id\":\"https:\\\/\\\/www.clinicaalthea.com\\\/farmacia\\\/#organization\"},\"potentialAction\":[{\"@type\":\"SearchAction\",\"target\":{\"@type\":\"EntryPoint\",\"urlTemplate\":\"https:\\\/\\\/www.clinicaalthea.com\\\/farmacia\\\/?s={search_term_string}\"},\"query-input\":{\"@type\":\"PropertyValueSpecification\",\"valueRequired\":true,\"valueName\":\"search_term_string\"}}],\"inLanguage\":\"pl-PL\"},{\"@type\":\"Organization\",\"@id\":\"https:\\\/\\\/www.clinicaalthea.com\\\/farmacia\\\/#organization\",\"name\":\"Clinica Althea\",\"url\":\"https:\\\/\\\/www.clinicaalthea.com\\\/farmacia\\\/\",\"logo\":{\"@type\":\"ImageObject\",\"inLanguage\":\"pl-PL\",\"@id\":\"https:\\\/\\\/www.clinicaalthea.com\\\/farmacia\\\/#\\\/schema\\\/logo\\\/image\\\/\",\"url\":\"https:\\\/\\\/www.clinicaalthea.com\\\/farmacia\\\/wp-content\\\/uploads\\\/2023\\\/12\\\/Jak-diagnozuje-sie-FAS_-objawy-kryteria-diagnostyczne-i-metody-diagnozowania-154162903.jpg\",\"contentUrl\":\"https:\\\/\\\/www.clinicaalthea.com\\\/farmacia\\\/wp-content\\\/uploads\\\/2023\\\/12\\\/Jak-diagnozuje-sie-FAS_-objawy-kryteria-diagnostyczne-i-metody-diagnozowania-154162903.jpg\",\"width\":1216,\"height\":832,\"caption\":\"Clinica Althea\"},\"image\":{\"@id\":\"https:\\\/\\\/www.clinicaalthea.com\\\/farmacia\\\/#\\\/schema\\\/logo\\\/image\\\/\"}}]}<\/script>\n<!-- \/ Yoast SEO plugin. -->","yoast_head_json":{"title":"Carattia Cream - Clinica Althea","robots":{"index":"index","follow":"follow","max-snippet":"max-snippet:-1","max-image-preview":"max-image-preview:large","max-video-preview":"max-video-preview:-1"},"canonical":"https:\/\/www.clinicaalthea.com\/farmacia\/sv\/apt\/carattia-cream\/","og_locale":"pl_PL","og_type":"article","og_title":"Carattia Cream - Clinica Althea","og_description":"1197.00 kr 2394.00 kr","og_url":"https:\/\/www.clinicaalthea.com\/farmacia\/sv\/apt\/carattia-cream\/","og_site_name":"Clinica Althea","article_modified_time":"2024-03-15T20:05:54+00:00","og_image":[{"width":768,"height":768,"url":"https:\/\/www.clinicaalthea.com\/farmacia\/wp-content\/uploads\/2024\/03\/Carattia-Cream.jpg","type":"image\/jpeg"}],"twitter_card":"summary_large_image","twitter_misc":{"Szacowany czas czytania":"8 minut"},"schema":{"@context":"https:\/\/schema.org","@graph":[{"@type":"WebPage","@id":"https:\/\/www.clinicaalthea.com\/farmacia\/sv\/apt\/carattia-cream\/","url":"https:\/\/www.clinicaalthea.com\/farmacia\/sv\/apt\/carattia-cream\/","name":"Carattia Cream - Clinica Althea","isPartOf":{"@id":"https:\/\/www.clinicaalthea.com\/farmacia\/#website"},"primaryImageOfPage":{"@id":"https:\/\/www.clinicaalthea.com\/farmacia\/sv\/apt\/carattia-cream\/#primaryimage"},"image":{"@id":"https:\/\/www.clinicaalthea.com\/farmacia\/sv\/apt\/carattia-cream\/#primaryimage"},"thumbnailUrl":"https:\/\/www.clinicaalthea.com\/farmacia\/wp-content\/uploads\/2024\/03\/Carattia-Cream.jpg","datePublished":"2024-03-15T19:45:14+00:00","dateModified":"2024-03-15T20:05:54+00:00","breadcrumb":{"@id":"https:\/\/www.clinicaalthea.com\/farmacia\/sv\/apt\/carattia-cream\/#breadcrumb"},"inLanguage":"pl-PL","potentialAction":[{"@type":"ReadAction","target":["https:\/\/www.clinicaalthea.com\/farmacia\/sv\/apt\/carattia-cream\/"]}]},{"@type":"ImageObject","inLanguage":"pl-PL","@id":"https:\/\/www.clinicaalthea.com\/farmacia\/sv\/apt\/carattia-cream\/#primaryimage","url":"https:\/\/www.clinicaalthea.com\/farmacia\/wp-content\/uploads\/2024\/03\/Carattia-Cream.jpg","contentUrl":"https:\/\/www.clinicaalthea.com\/farmacia\/wp-content\/uploads\/2024\/03\/Carattia-Cream.jpg","width":768,"height":768,"caption":"Carattia Cream"},{"@type":"BreadcrumbList","@id":"https:\/\/www.clinicaalthea.com\/farmacia\/sv\/apt\/carattia-cream\/#breadcrumb","itemListElement":[{"@type":"ListItem","position":1,"name":"Strona g\u0142\u00f3wna","item":"https:\/\/www.clinicaalthea.com\/farmacia\/"},{"@type":"ListItem","position":2,"name":"Produkty","item":"https:\/\/www.clinicaalthea.com\/farmacia\/"},{"@type":"ListItem","position":3,"name":"Carattia Cream"}]},{"@type":"WebSite","@id":"https:\/\/www.clinicaalthea.com\/farmacia\/#website","url":"https:\/\/www.clinicaalthea.com\/farmacia\/","name":"Clinica Althea","description":"","publisher":{"@id":"https:\/\/www.clinicaalthea.com\/farmacia\/#organization"},"potentialAction":[{"@type":"SearchAction","target":{"@type":"EntryPoint","urlTemplate":"https:\/\/www.clinicaalthea.com\/farmacia\/?s={search_term_string}"},"query-input":{"@type":"PropertyValueSpecification","valueRequired":true,"valueName":"search_term_string"}}],"inLanguage":"pl-PL"},{"@type":"Organization","@id":"https:\/\/www.clinicaalthea.com\/farmacia\/#organization","name":"Clinica Althea","url":"https:\/\/www.clinicaalthea.com\/farmacia\/","logo":{"@type":"ImageObject","inLanguage":"pl-PL","@id":"https:\/\/www.clinicaalthea.com\/farmacia\/#\/schema\/logo\/image\/","url":"https:\/\/www.clinicaalthea.com\/farmacia\/wp-content\/uploads\/2023\/12\/Jak-diagnozuje-sie-FAS_-objawy-kryteria-diagnostyczne-i-metody-diagnozowania-154162903.jpg","contentUrl":"https:\/\/www.clinicaalthea.com\/farmacia\/wp-content\/uploads\/2023\/12\/Jak-diagnozuje-sie-FAS_-objawy-kryteria-diagnostyczne-i-metody-diagnozowania-154162903.jpg","width":1216,"height":832,"caption":"Clinica Althea"},"image":{"@id":"https:\/\/www.clinicaalthea.com\/farmacia\/#\/schema\/logo\/image\/"}}]}},"lang":"sv","translations":{"sv":1797,"bg":1791,"de":1787,"hr":1792,"cs":1793,"fr":1795,"sk":1798,"ro":1799,"it":1800,"hu":1801,"et":1802,"fi":1803,"sl":1804},"pll_sync_post":[],"_links":{"self":[{"href":"https:\/\/www.clinicaalthea.com\/farmacia\/wp-json\/wp\/v2\/product\/1797","targetHints":{"allow":["GET"]}}],"collection":[{"href":"https:\/\/www.clinicaalthea.com\/farmacia\/wp-json\/wp\/v2\/product"}],"about":[{"href":"https:\/\/www.clinicaalthea.com\/farmacia\/wp-json\/wp\/v2\/types\/product"}],"replies":[{"embeddable":true,"href":"https:\/\/www.clinicaalthea.com\/farmacia\/wp-json\/wp\/v2\/comments?post=1797"}],"wp:featuredmedia":[{"embeddable":true,"href":"https:\/\/www.clinicaalthea.com\/farmacia\/wp-json\/wp\/v2\/media\/1788"}],"wp:attachment":[{"href":"https:\/\/www.clinicaalthea.com\/farmacia\/wp-json\/wp\/v2\/media?parent=1797"}],"wp:term":[{"taxonomy":"product_brand","embeddable":true,"href":"https:\/\/www.clinicaalthea.com\/farmacia\/wp-json\/wp\/v2\/product_brand?post=1797"},{"taxonomy":"product_cat","embeddable":true,"href":"https:\/\/www.clinicaalthea.com\/farmacia\/wp-json\/wp\/v2\/product_cat?post=1797"},{"taxonomy":"product_tag","embeddable":true,"href":"https:\/\/www.clinicaalthea.com\/farmacia\/wp-json\/wp\/v2\/product_tag?post=1797"}],"curies":[{"name":"wp","href":"https:\/\/api.w.org\/{rel}","templated":true}]}}