{"id":1792,"date":"2024-03-15T20:28:19","date_gmt":"2024-03-15T19:28:19","guid":{"rendered":"https:\/\/mayoguide.org\/produkty\/?post_type=product&#038;p=1792"},"modified":"2024-03-15T21:05:54","modified_gmt":"2024-03-15T20:05:54","slug":"carattia-cream","status":"publish","type":"product","link":"https:\/\/www.clinicaalthea.com\/farmacia\/hr\/apt\/carattia-cream\/","title":{"rendered":"Carattia Cream"},"content":{"rendered":"\n<p>Sanjate li o mladolikoj i \u010dvrstoj ko\u017ei? \u017delite li se rije\u0161iti bora i pobolj\u0161ati konture lica? Upoznajte inovativni <b>anti-aging krema<\/b> &#8211; <b>Carattia Cream<\/b>. Ali je li zaista u\u010dinkovit? Ili je to samo jo\u0161 jedan kozmeti\u010dki proizvod obe\u0107avaju\u0107i \u010duda? Saznajte vi\u0161e u na\u0161em sveobuhvatnom opisu i recenziji!<\/p>\n\n\n\n<h3 class=\"wp-block-heading\" id=\"h-kljucni-zakljucak\">Klju\u010dni zaklju\u010dci:<\/h3>\n\n\n\n<ul class=\"wp-block-list\">\n<li><b>Carattia Cream<\/b> je inovativna <b>anti-aging krema<\/b> temeljena na naprednim dermatolo\u0161kim istra\u017eivanjima.<\/li>\n\n\n\n<li><b>Sastav<\/b> ove kreme uklju\u010duje, izme\u0111u ostalog, 24-karatno zlato, Renovage kompleks i prirodne hidrolate.<\/li>\n\n\n\n<li>Krema smanjuje bore, hidratizira, regenerira i pobolj\u0161ava konture lica.<\/li>\n\n\n\n<li>Kori\u0161tenje <b>Carattia Cream<\/b> mo\u017ee pomladiti ko\u017eu za barem 15 godina u samo 28 dana.<\/li>\n\n\n\n<li>Najbolje je <b>kupiti<\/b> Carattia Cream na slu\u017ebenoj web stranici proizvo\u0111a\u010da, gdje mo\u017eete prona\u0107i <b>akcije<\/b> i <b>kupiti<\/b> proizvod izravno.<\/li>\n<\/ul>\n\n\n\n<h2 class=\"wp-block-heading\" id=\"h-sto-je-carattia-cream\">\u0160to je Carattia Cream?<\/h2>\n\n\n\n<p>Carattia Cream je inovativna <em>anti-aging krema<\/em> koja se isti\u010de me\u0111u standardnim kremama za njegu ko\u017ee. Njegova jedinstvena formula sadr\u017ei sastojke poput 24-karatnog zlata, Renovage kompleksa i prirodnih hidrolata. Zahvaljuju\u0107i tome, Carattia Cream djeluje intenzivno hidratiziraju\u0107i i regeneriraju\u0107i, istovremeno poti\u010du\u0107i proizvodnju kolagena &#8211; tvari odgovorne za \u010dvrsto\u0107u ko\u017ee.<\/p>\n\n\n\n<p>To je krema koja nudi prirodno pomla\u0111ivanje ko\u017ee, eliminiraju\u0107i potrebu za skupim i invazivnim kozmeti\u010dkim tretmanima. Zahvaljuju\u0107i Carattia Cream-u, mo\u017eete u\u017eivati u mla\u0111em izgledu, smanjuju\u0107i bore i pobolj\u0161avaju\u0107i stanje ko\u017ee.<\/p>\n\n\n\n<h2 class=\"wp-block-heading\" id=\"h-u\u010dinci-kori\u0161tenja-carattia-cream-prije-i-poslije-tretmana\">U\u010dinci kori\u0161tenja Carattia Cream \u2013 Prije i poslije tretmana<\/h2>\n\n\n\n<p>Kori\u0161tenje <em>Carattia Cream-a<\/em> mo\u017ee donijeti impresivne <b>rezultate<\/b> u njezi ko\u017ee. Ova krema smanjuje \u010dak 98% najdubljih bora, \u010dine\u0107i ko\u017eu glatkom, mekom i \u010dvrstom.<\/p>\n\n\n\n<p>Klini\u010dka istra\u017eivanja pokazala su da kori\u0161tenje <em>Carattia Cream-a<\/em> mo\u017ee pomladiti ko\u017eu za barem 15 godina u samo 28 dana. Mnogi ljudi prijavljuju pobolj\u0161anje kontura lica, izjedna\u010denje tena ko\u017ee i pove\u0107anje samopouzdanja.<\/p>\n\n\n\n<figure class=\"wp-block-image size-full\"><img decoding=\"async\" src=\"https:\/\/taneralpro2.com\/wp-content\/uploads\/2023\/11\/Carattia-Cream-Przed-i-po.png\" alt=\"Carattia Cream - Prije i poslije\" class=\"wp-image-31291\"\/><\/figure>\n\n\n\n<hr class=\"wp-block-separator has-text-color has-contrast-color has-alpha-channel-opacity has-contrast-background-color has-background\"\/>\n\n\n\n<figure class=\"wp-block-image size-full\"><img decoding=\"async\" src=\"https:\/\/taneralpro2.com\/wp-content\/uploads\/2023\/11\/Carattia-Cream-efekty-Przed-i-po.jpg.png\" alt=\"Carattia Cream - efekti Prije i poslije\" class=\"wp-image-31292\"\/><\/figure>\n\n\n\n<div style=\"height:30px\" aria-hidden=\"true\" class=\"wp-block-spacer\"><\/div>\n\n\n\n<blockquote class=\"wp-block-quote is-layout-flow wp-block-quote-is-layout-flow\">\n<p>&#8220;Prije i poslije tretmana <em>Carattia Cream-om<\/em> primje\u0107uje se jasna razlika.&#8221;<\/p>\n<\/blockquote>\n\n\n\n<figure class=\"wp-block-table\"><table><tbody><tr><th>U\u010dinci kori\u0161tenja Carattia Cream-a:<\/th><th>Prije tretmana<\/th><th>Poslije tretmana<\/th><\/tr><tr><td>Smanjenje bora<\/td><td>Vidljive bore<\/td><td>\u010cak 98% smanjenih bora<\/td><\/tr><tr><td>Hidratacija<\/td><td>Suha i mat ko\u017ea<\/td><td>Glatka, hidratizirana ko\u017ea<\/td><\/tr><tr><td>Regeneracija<\/td><td>Umorna, nehidratizirana ko\u017ea<\/td><td>Pomla\u0111ena, regenerirana ko\u017ea<\/td><\/tr><tr><td>\u010cvrsto\u0107a ko\u017ee<\/td><td>Opu\u0161tene konture lica<\/td><td>Pobolj\u0161ane konture, \u010dvrsta ko\u017ea<\/td><\/tr><\/tbody><\/table><\/figure>\n\n\n\n<h2 class=\"wp-block-heading\" id=\"h-kako-djeluje-carattia-cream\">Kako djeluje Carattia Cream?<\/h2>\n\n\n\n<p>Carattia Cream je inovativna <b>anti-aging krema<\/b> koja djeluje na ko\u017eu zahvaljuju\u0107i pa\u017eljivo odabranim sastojcima i naprednoj tehnologiji. Klju\u010dni sastojak ove kreme je 24-karatno zlato, koje igra klju\u010dnu ulogu u procesu apsorpcije kolagena od strane ko\u017ee.<\/p>\n\n\n\n<p>Zahvaljuju\u0107i svom sastavu, Carattia Cream aktivira proizvodnju kolagena i regeneraciju stanica ko\u017ee. Ko\u017ea postaje \u010dvr\u0161\u0107a i elasti\u010dnija, a bore postaju znatno izgladene. Ova inovativna krema djeluje protiv znakova starenja, pomla\u0111uju\u0107i i revitaliziraju\u0107i ko\u017eu.<\/p>\n\n\n\n<p>Carattia Cream pru\u017ea sveobuhvatno <b>djelovanje<\/b> na ko\u017eu, hidratiziraju\u0107i je, hraniv\u0161i je i zate\u017eu\u0107i. Zahvaljuju\u0107i primjeni naprednih tehnologija, aktivni sastojci duboko se upijaju u ko\u017eu, \u0161to doprinosi maksimalnoj u\u010dinkovitosti djelovanja kreme.<\/p>\n\n\n\n<p>Ova revolucionarna <b>anti-aging krema<\/b> je sveobuhvatno rje\u0161enje za osobe koje \u017eele smanjiti bore, pobolj\u0161ati elasti\u010dnost ko\u017ee i povratiti njezin mladoliki izgled. Carattia Cream je proizvod na koji se mo\u017eete osloniti \u010dak i ako ste zahtjevan korisnik koji brine o zdravlju svoje ko\u017ee.<\/p>\n\n\n\n<figure class=\"wp-block-table\"><table><tbody><tr><th>Prednosti Carattia Cream-a<\/th><th>Nedostaci Carattia Cream-a<\/th><\/tr><tr><td>Smanjuje bore<\/td><td>Dostupnost u nekim regijama mo\u017ee biti ograni\u010dena<\/td><\/tr><tr><td>Intenzivno hidratizira ko\u017eu<\/td><td><b>Cijena<\/b> proizvoda mo\u017ee biti vi\u0161a od drugih <b>anti-aging krema<\/b><\/td><\/tr><tr><td>Regenerira stanice ko\u017ee<\/td><td>&nbsp;<\/td><\/tr><tr><td>Pobolj\u0161ava elasti\u010dnost ko\u017ee<\/td><td>&nbsp;<\/td><\/tr><tr><td>Pomla\u0111uje ko\u017eu<\/td><td>&nbsp;<\/td><\/tr><\/tbody><\/table><\/figure>\n\n\n\n<h2 class=\"wp-block-heading\" id=\"h-doza-carattia-cream-kako-koristiti\">Doza Carattia Cream-a \u2013 Kako koristiti?<\/h2>\n\n\n\n<p>Kori\u0161tenje Carattia Cream-a je vrlo jednostavno i ne zahtijeva posebne vje\u0161tine. Da biste postigli najbolje rezultate, trebate slijediti sljede\u0107e preporuke o doziranju i primjeni ove <b>anti-aging kreme<\/b>.<\/p>\n\n\n\n<h3 class=\"wp-block-heading\" id=\"h-przygotowanie-skory\">Priprema ko\u017ee:<\/h3>\n\n\n\n<ol class=\"wp-block-list\">\n<li>Pa\u017eljivo o\u010distite ko\u017eu lica i vrata uklanjaju\u0107i sve tragove \u0161minke i ne\u010disto\u0107e.<\/li>\n\n\n\n<li>Ko\u017eu mo\u017eete o\u010distiti blagim gelom ili pjenom za pranje lica.<\/li>\n\n\n\n<li>Nakon pranja, pa\u017eljivo osu\u0161ite ko\u017eu ru\u010dnikom, izbjegavaju\u0107i trljanje i pretjeranu suho\u0107u.<\/li>\n<\/ol>\n\n\n\n<h3 class=\"wp-block-heading\" id=\"h-stosowanie-kremu\">Primjena kreme:<\/h3>\n\n\n\n<ol class=\"wp-block-list\">\n<li>Nanesite malu koli\u010dinu Carattia Cream na vrh prsta.<\/li>\n\n\n\n<li>Nje\u017eno rasporedite kremu po licu i vratu, izbjegavaju\u0107i podru\u010dje oko o\u010diju.<\/li>\n\n\n\n<li>Umasirajte kremu u ko\u017eu nje\u017enim kru\u017enim pokretima sve dok se potpuno ne upije.<\/li>\n<\/ol>\n\n\n\n<p>Preporu\u010duje se kori\u0161tenje Carattia Cream kako ujutro tako i nave\u010der kako biste odr\u017eali ko\u017eu hidratiziranom i za\u0161ti\u0107enom tijekom cijelog dana. Ova krema mo\u017ee se koristiti kao podloga za \u0161minku jer ima lagane i nemasne teksture koja se dobro upija u ko\u017eu.<\/p>\n\n\n\n<p>Va\u017eno je tako\u0111er izbjegavati kontakt kreme s o\u010dima jer to mo\u017ee izazvati iritaciju. Ako krema do\u0111e u dodir s o\u010dima, odmah je isperite \u010distom vodom. Tako\u0111er se preporu\u010duje dodatna za\u0161tita od sunca kako biste za\u0161titili ko\u017eu od \u0161tetnog UV zra\u010denja.<\/p>\n\n\n\n<p>Redovita uporaba Carattia Cream donosi vidljive <b>rezultate<\/b> nakon nekoliko tjedana, ali svaka ko\u017ea je druga\u010dija, pa se vrijeme i intenzitet rezultata mogu razlikovati. Ako imate bilo kakve sumnje u vezi s kori\u0161tenjem kreme, posavjetujte se s dermatologom ili stru\u010dnjakom.<\/p>\n\n\n\n<h2 class=\"wp-block-heading\" id=\"h-carattia-cream-opinie-i-recenzje-co-mowia-uzytkownicy\">Carattia Cream &#8211; Mi\u0161ljenja i Recenzije &#8211; \u0160to ka\u017eu korisnici?<\/h2>\n\n\n\n<p>Mi\u0161ljenja i recenzije korisnika \u010desto su klju\u010dni faktor koji odlu\u010duje o u\u010dinkovitosti i popularnosti proizvoda za njegu ko\u017ee. Prema izvje\u0161tajima osoba koje su imale priliku isprobati Carattia Cream, prete\u017eno prevladavaju pozitivna mi\u0161ljenja.<\/p>\n\n\n\n<p>Mnogi korisnici primje\u0107uju zna\u010dajno smanjenje vidljivosti bora, uklju\u010duju\u0107i i duboke, nakon redovite primjene. Ko\u017ea postaje bolje hidratizirana, \u0161to rezultira nje\u017eno\u0161\u0107u i elasti\u010dno\u0161\u0107u. Dodatno, mnogi opisuju pobolj\u0161anje u smanjenju pigmentacija i izjedna\u010davanju tena ko\u017ee.<\/p>\n\n\n\n<p>\u017dene razli\u010dite dobi dijele svoja zapa\u017eanja o u\u010dinkovitosti proizvoda, a evo nekoliko primjera mi\u0161ljenja:<\/p>\n\n\n\n<blockquote class=\"wp-block-quote is-style-default is-layout-flow wp-block-quote-is-layout-flow\"><div class=\"wp-block-image is-style-rounded\">\n<figure class=\"aligncenter size-full is-resized\"><img decoding=\"async\" src=\"https:\/\/taneralpro2.com\/wp-content\/uploads\/2023\/11\/Anna.jpg\" alt=\"Anna\" class=\"wp-image-31297\" style=\"width:131px;height:131px\"\/><figcaption class=\"wp-element-caption\">Anna<\/figcaption><\/figure>\n<\/div><cite><em><em>&#8220;Koristila sam mnoge kreme protiv bora, ali Carattia Cream je zaista ne\u0161to posebno. Moje bore su s vremenom postajale sve vidljivije, \u0161to je uzrokovalo nelagodu. Me\u0111utim, od trenutka kada sam po\u010dela koristiti ovu kremu, primijetila sam ogromnu razliku. Nakon nekoliko tjedana redovite uporabe, moja ko\u017ea postala je puno gla\u0111a, a mimikri\u010dke bore su se zna\u010dajno smanjile. Najzapanjuju\u0107e je to \u0161to mi ko\u017ea sada djeluje \u010dvr\u0161\u0107e, a moje lice dobiva konture, bez potrebe za invazivnim tretmanima. Ovo je proizvod na koji mogu ra\u010dunati.&#8221;<\/em><\/em><\/cite><\/blockquote>\n\n\n\n<blockquote class=\"wp-block-quote is-style-default is-layout-flow wp-block-quote-is-layout-flow\"><div class=\"wp-block-image is-style-rounded\">\n<figure class=\"aligncenter size-full is-resized\"><img decoding=\"async\" src=\"https:\/\/taneralpro2.com\/wp-content\/uploads\/2023\/11\/Gabi.jpg\" alt=\"Gabi\" class=\"wp-image-31298\" style=\"width:131px;height:131px\"\/><figcaption class=\"wp-element-caption\">Gabi<\/figcaption><\/figure>\n<\/div><cite><em><em><em>&#8220;Odu\u0161evljena sam u\u010dincima Carattia Cream. Ko\u017ea mog lica s godinama postajala je sve su\u0161a i gubila je svoju \u010dvrsto\u0107u. Odlu\u010dila sam isprobati ovu kremu i ne \u017ealim zbog te odluke. Nakon nekoliko tjedana kori\u0161tenja, moja ko\u017ea je hidratizirana, izgleda puno zdravije i sjajnije. Bore na mom licu, posebno one oko o\u010diju, postale su manje vidljive, \u0161to me \u010dini mla\u0111om i osje\u0107am se tako\u0111er mla\u0111e. Ono \u0161to je va\u017eno, krema ne iritira moju osjetljivu ko\u017eu, \u0161to je za mene veliki plus.&#8221;<\/em><\/em><\/em><\/cite><\/blockquote>\n\n\n\n<h2 class=\"wp-block-heading\" id=\"h-sklad-carattia-cream-co-zawiera\">Sastav Carattia Cream &#8211; \u0160to sadr\u017ei?<\/h2>\n\n\n\n<p><b>Sastav<\/b> Carattia Cream temelji se na prirodnim sastojcima koji imaju zadatak hidratizirati, regenerirati i pomla\u0111ivati ko\u017eu. Glavni sastojci ove kreme su:<\/p>\n\n\n\n<ul class=\"wp-block-list\">\n<li><em>24-karatno zlato:<\/em> Poma\u017ee u boljoj apsorpciji kolagena kroz ko\u017eu, \u0161to doprinosi njezinoj pomla\u0111enosti.<\/li>\n\n\n\n<li><em>Kompleks Renovage:<\/em> Poti\u010de proizvodnju kolagena, smanjuju\u0107i bore i pobolj\u0161avaju\u0107i elasti\u010dnost ko\u017ee.<\/li>\n\n\n\n<li><em>Hidrolat od li\u0161\u0107a lje\u0161njaka:<\/em> Hidratizira ko\u017eu i pobolj\u0161ava njezinu \u010dvrsto\u0107u.<\/li>\n\n\n\n<li><em>Maslinovo ulje:<\/em> Regenerira ko\u017eu i zagla\u0111uje njezinu strukturu.<\/li>\n<\/ul>\n\n\n\n<p>Zahvaljuju\u0107i ovom sastavu, Carattia Cream pru\u017ea cjelovitu njegu ko\u017ee, \u0161to se odra\u017eava na u\u010dinkovitost ove kreme.<\/p>\n\n\n\n<h2 class=\"wp-block-heading\" id=\"h-gdzie-kupic-carattia-cream-cena\">Gdje kupiti Carattia Cream &#8211; cijena?<\/h2>\n\n\n\n<p>Carattia Cream je inovativna krema protiv bora koja nije dostupna u tradicionalnim ljekarnama. Najbolje je <b>kupiti<\/b> ovu kremu izravno na slu\u017ebenoj web stranici proizvo\u0111a\u010da. Na taj na\u010din imate sigurnost da dobivate originalni proizvod Carattia Cream koji je podvrgnut strogoj dermatolo\u0161koj provjeri.<\/p>\n\n\n\n<p>Trgovina proizvo\u0111a\u010da je najbolje mjesto za kupnju Carattia Cream jer nudi razli\u010dite <b>akcije<\/b> koje mogu sniziti cijenu proizvoda. Na taj na\u010din mo\u017eete u\u0161tedjeti novac uz istovremenu kupnju visokokvalitetne kreme protiv bora. Kori\u0161tenje slu\u017ebene trgovine proizvo\u0111a\u010da jam\u010di originalnost proizvoda i povoljne uvjete kupnje.<\/p>\n\n\n\n<p>Trenutna cijena Carattia Cream dostupna je na slu\u017ebenoj web stranici proizvo\u0111a\u010da.<\/p>\n\n\n\n<h2 class=\"wp-block-heading\" id=\"h-przeciwwskazania-i-skutki-uboczne-carattia-cream\">Kontraindikacije i nuspojave Carattia Cream<\/h2>\n\n\n\n<p>Carattia Cream je op\u0107enito sigurna za uporabu, me\u0111utim mo\u017eda nije prikladna za osobe koje su alergi\u010dne na bilo koji od sastojaka. Prije po\u010detka kori\u0161tenja ove kreme, uvijek je vrijedno konzultirati se s lije\u010dnikom. <b>Nuspojave<\/b> su rijetke, me\u0111utim mogu\u0107e je pojavljivanje iritacija ko\u017ee kod nekih osoba. U slu\u010daju pojave ne\u017eeljenih reakcija, treba prekinuti kori\u0161tenje i potra\u017eiti savjet lije\u010dnika.<\/p>\n","protected":false},"excerpt":{"rendered":"<p><strong>55.00 \u20ac<\/strong><\/p>\n<p><del>110.00 \u20ac<\/del><\/p>\n<p><strong>[date_countdown]<\/strong><\/p>\n","protected":false},"featured_media":1788,"comment_status":"open","ping_status":"closed","template":"","meta":{"neve_meta_sidebar":"","neve_meta_container":"","neve_meta_enable_content_width":"","neve_meta_content_width":0,"neve_meta_title_alignment":"","neve_meta_author_avatar":"","neve_post_elements_order":"","neve_meta_disable_header":"","neve_meta_disable_footer":"","neve_meta_disable_title":"","neve_meta_reading_time":""},"product_brand":[],"product_cat":[97],"product_tag":[],"class_list":{"0":"post-1792","1":"product","2":"type-product","3":"status-publish","4":"has-post-thumbnail","6":"product_cat-zdravlje","8":"first","9":"instock","10":"shipping-taxable","11":"product-type-external"},"yoast_head":"<!-- This site is optimized with the Yoast SEO plugin v27.4 - https:\/\/yoast.com\/product\/yoast-seo-wordpress\/ -->\n<title>Carattia Cream - Clinica Althea<\/title>\n<meta name=\"robots\" content=\"index, follow, max-snippet:-1, max-image-preview:large, max-video-preview:-1\" \/>\n<link rel=\"canonical\" href=\"https:\/\/www.clinicaalthea.com\/farmacia\/hr\/apt\/carattia-cream\/\" \/>\n<meta property=\"og:locale\" content=\"pl_PL\" \/>\n<meta property=\"og:type\" content=\"article\" \/>\n<meta property=\"og:title\" content=\"Carattia Cream - Clinica Althea\" \/>\n<meta property=\"og:description\" content=\"55.00 \u20ac 110.00 \u20ac\" \/>\n<meta property=\"og:url\" content=\"https:\/\/www.clinicaalthea.com\/farmacia\/hr\/apt\/carattia-cream\/\" \/>\n<meta property=\"og:site_name\" content=\"Clinica Althea\" \/>\n<meta property=\"article:modified_time\" content=\"2024-03-15T20:05:54+00:00\" \/>\n<meta property=\"og:image\" content=\"https:\/\/www.clinicaalthea.com\/farmacia\/wp-content\/uploads\/2024\/03\/Carattia-Cream.jpg\" \/>\n\t<meta property=\"og:image:width\" content=\"768\" \/>\n\t<meta property=\"og:image:height\" content=\"768\" \/>\n\t<meta property=\"og:image:type\" content=\"image\/jpeg\" \/>\n<meta name=\"twitter:card\" content=\"summary_large_image\" \/>\n<meta name=\"twitter:label1\" content=\"Szacowany czas czytania\" \/>\n\t<meta name=\"twitter:data1\" content=\"7 minut\" \/>\n<script type=\"application\/ld+json\" class=\"yoast-schema-graph\">{\"@context\":\"https:\\\/\\\/schema.org\",\"@graph\":[{\"@type\":\"WebPage\",\"@id\":\"https:\\\/\\\/www.clinicaalthea.com\\\/farmacia\\\/hr\\\/apt\\\/carattia-cream\\\/\",\"url\":\"https:\\\/\\\/www.clinicaalthea.com\\\/farmacia\\\/hr\\\/apt\\\/carattia-cream\\\/\",\"name\":\"Carattia Cream - Clinica Althea\",\"isPartOf\":{\"@id\":\"https:\\\/\\\/www.clinicaalthea.com\\\/farmacia\\\/#website\"},\"primaryImageOfPage\":{\"@id\":\"https:\\\/\\\/www.clinicaalthea.com\\\/farmacia\\\/hr\\\/apt\\\/carattia-cream\\\/#primaryimage\"},\"image\":{\"@id\":\"https:\\\/\\\/www.clinicaalthea.com\\\/farmacia\\\/hr\\\/apt\\\/carattia-cream\\\/#primaryimage\"},\"thumbnailUrl\":\"https:\\\/\\\/www.clinicaalthea.com\\\/farmacia\\\/wp-content\\\/uploads\\\/2024\\\/03\\\/Carattia-Cream.jpg\",\"datePublished\":\"2024-03-15T19:28:19+00:00\",\"dateModified\":\"2024-03-15T20:05:54+00:00\",\"breadcrumb\":{\"@id\":\"https:\\\/\\\/www.clinicaalthea.com\\\/farmacia\\\/hr\\\/apt\\\/carattia-cream\\\/#breadcrumb\"},\"inLanguage\":\"pl-PL\",\"potentialAction\":[{\"@type\":\"ReadAction\",\"target\":[\"https:\\\/\\\/www.clinicaalthea.com\\\/farmacia\\\/hr\\\/apt\\\/carattia-cream\\\/\"]}]},{\"@type\":\"ImageObject\",\"inLanguage\":\"pl-PL\",\"@id\":\"https:\\\/\\\/www.clinicaalthea.com\\\/farmacia\\\/hr\\\/apt\\\/carattia-cream\\\/#primaryimage\",\"url\":\"https:\\\/\\\/www.clinicaalthea.com\\\/farmacia\\\/wp-content\\\/uploads\\\/2024\\\/03\\\/Carattia-Cream.jpg\",\"contentUrl\":\"https:\\\/\\\/www.clinicaalthea.com\\\/farmacia\\\/wp-content\\\/uploads\\\/2024\\\/03\\\/Carattia-Cream.jpg\",\"width\":768,\"height\":768,\"caption\":\"Carattia Cream\"},{\"@type\":\"BreadcrumbList\",\"@id\":\"https:\\\/\\\/www.clinicaalthea.com\\\/farmacia\\\/hr\\\/apt\\\/carattia-cream\\\/#breadcrumb\",\"itemListElement\":[{\"@type\":\"ListItem\",\"position\":1,\"name\":\"Strona g\u0142\u00f3wna\",\"item\":\"https:\\\/\\\/www.clinicaalthea.com\\\/farmacia\\\/\"},{\"@type\":\"ListItem\",\"position\":2,\"name\":\"Produkty\",\"item\":\"https:\\\/\\\/www.clinicaalthea.com\\\/farmacia\\\/\"},{\"@type\":\"ListItem\",\"position\":3,\"name\":\"Carattia Cream\"}]},{\"@type\":\"WebSite\",\"@id\":\"https:\\\/\\\/www.clinicaalthea.com\\\/farmacia\\\/#website\",\"url\":\"https:\\\/\\\/www.clinicaalthea.com\\\/farmacia\\\/\",\"name\":\"Clinica Althea\",\"description\":\"\",\"publisher\":{\"@id\":\"https:\\\/\\\/www.clinicaalthea.com\\\/farmacia\\\/#organization\"},\"potentialAction\":[{\"@type\":\"SearchAction\",\"target\":{\"@type\":\"EntryPoint\",\"urlTemplate\":\"https:\\\/\\\/www.clinicaalthea.com\\\/farmacia\\\/?s={search_term_string}\"},\"query-input\":{\"@type\":\"PropertyValueSpecification\",\"valueRequired\":true,\"valueName\":\"search_term_string\"}}],\"inLanguage\":\"pl-PL\"},{\"@type\":\"Organization\",\"@id\":\"https:\\\/\\\/www.clinicaalthea.com\\\/farmacia\\\/#organization\",\"name\":\"Clinica Althea\",\"url\":\"https:\\\/\\\/www.clinicaalthea.com\\\/farmacia\\\/\",\"logo\":{\"@type\":\"ImageObject\",\"inLanguage\":\"pl-PL\",\"@id\":\"https:\\\/\\\/www.clinicaalthea.com\\\/farmacia\\\/#\\\/schema\\\/logo\\\/image\\\/\",\"url\":\"https:\\\/\\\/www.clinicaalthea.com\\\/farmacia\\\/wp-content\\\/uploads\\\/2023\\\/12\\\/Jak-diagnozuje-sie-FAS_-objawy-kryteria-diagnostyczne-i-metody-diagnozowania-154162903.jpg\",\"contentUrl\":\"https:\\\/\\\/www.clinicaalthea.com\\\/farmacia\\\/wp-content\\\/uploads\\\/2023\\\/12\\\/Jak-diagnozuje-sie-FAS_-objawy-kryteria-diagnostyczne-i-metody-diagnozowania-154162903.jpg\",\"width\":1216,\"height\":832,\"caption\":\"Clinica Althea\"},\"image\":{\"@id\":\"https:\\\/\\\/www.clinicaalthea.com\\\/farmacia\\\/#\\\/schema\\\/logo\\\/image\\\/\"}}]}<\/script>\n<!-- \/ Yoast SEO plugin. -->","yoast_head_json":{"title":"Carattia Cream - Clinica Althea","robots":{"index":"index","follow":"follow","max-snippet":"max-snippet:-1","max-image-preview":"max-image-preview:large","max-video-preview":"max-video-preview:-1"},"canonical":"https:\/\/www.clinicaalthea.com\/farmacia\/hr\/apt\/carattia-cream\/","og_locale":"pl_PL","og_type":"article","og_title":"Carattia Cream - Clinica Althea","og_description":"55.00 \u20ac 110.00 \u20ac","og_url":"https:\/\/www.clinicaalthea.com\/farmacia\/hr\/apt\/carattia-cream\/","og_site_name":"Clinica Althea","article_modified_time":"2024-03-15T20:05:54+00:00","og_image":[{"width":768,"height":768,"url":"https:\/\/www.clinicaalthea.com\/farmacia\/wp-content\/uploads\/2024\/03\/Carattia-Cream.jpg","type":"image\/jpeg"}],"twitter_card":"summary_large_image","twitter_misc":{"Szacowany czas czytania":"7 minut"},"schema":{"@context":"https:\/\/schema.org","@graph":[{"@type":"WebPage","@id":"https:\/\/www.clinicaalthea.com\/farmacia\/hr\/apt\/carattia-cream\/","url":"https:\/\/www.clinicaalthea.com\/farmacia\/hr\/apt\/carattia-cream\/","name":"Carattia Cream - Clinica Althea","isPartOf":{"@id":"https:\/\/www.clinicaalthea.com\/farmacia\/#website"},"primaryImageOfPage":{"@id":"https:\/\/www.clinicaalthea.com\/farmacia\/hr\/apt\/carattia-cream\/#primaryimage"},"image":{"@id":"https:\/\/www.clinicaalthea.com\/farmacia\/hr\/apt\/carattia-cream\/#primaryimage"},"thumbnailUrl":"https:\/\/www.clinicaalthea.com\/farmacia\/wp-content\/uploads\/2024\/03\/Carattia-Cream.jpg","datePublished":"2024-03-15T19:28:19+00:00","dateModified":"2024-03-15T20:05:54+00:00","breadcrumb":{"@id":"https:\/\/www.clinicaalthea.com\/farmacia\/hr\/apt\/carattia-cream\/#breadcrumb"},"inLanguage":"pl-PL","potentialAction":[{"@type":"ReadAction","target":["https:\/\/www.clinicaalthea.com\/farmacia\/hr\/apt\/carattia-cream\/"]}]},{"@type":"ImageObject","inLanguage":"pl-PL","@id":"https:\/\/www.clinicaalthea.com\/farmacia\/hr\/apt\/carattia-cream\/#primaryimage","url":"https:\/\/www.clinicaalthea.com\/farmacia\/wp-content\/uploads\/2024\/03\/Carattia-Cream.jpg","contentUrl":"https:\/\/www.clinicaalthea.com\/farmacia\/wp-content\/uploads\/2024\/03\/Carattia-Cream.jpg","width":768,"height":768,"caption":"Carattia Cream"},{"@type":"BreadcrumbList","@id":"https:\/\/www.clinicaalthea.com\/farmacia\/hr\/apt\/carattia-cream\/#breadcrumb","itemListElement":[{"@type":"ListItem","position":1,"name":"Strona g\u0142\u00f3wna","item":"https:\/\/www.clinicaalthea.com\/farmacia\/"},{"@type":"ListItem","position":2,"name":"Produkty","item":"https:\/\/www.clinicaalthea.com\/farmacia\/"},{"@type":"ListItem","position":3,"name":"Carattia Cream"}]},{"@type":"WebSite","@id":"https:\/\/www.clinicaalthea.com\/farmacia\/#website","url":"https:\/\/www.clinicaalthea.com\/farmacia\/","name":"Clinica Althea","description":"","publisher":{"@id":"https:\/\/www.clinicaalthea.com\/farmacia\/#organization"},"potentialAction":[{"@type":"SearchAction","target":{"@type":"EntryPoint","urlTemplate":"https:\/\/www.clinicaalthea.com\/farmacia\/?s={search_term_string}"},"query-input":{"@type":"PropertyValueSpecification","valueRequired":true,"valueName":"search_term_string"}}],"inLanguage":"pl-PL"},{"@type":"Organization","@id":"https:\/\/www.clinicaalthea.com\/farmacia\/#organization","name":"Clinica Althea","url":"https:\/\/www.clinicaalthea.com\/farmacia\/","logo":{"@type":"ImageObject","inLanguage":"pl-PL","@id":"https:\/\/www.clinicaalthea.com\/farmacia\/#\/schema\/logo\/image\/","url":"https:\/\/www.clinicaalthea.com\/farmacia\/wp-content\/uploads\/2023\/12\/Jak-diagnozuje-sie-FAS_-objawy-kryteria-diagnostyczne-i-metody-diagnozowania-154162903.jpg","contentUrl":"https:\/\/www.clinicaalthea.com\/farmacia\/wp-content\/uploads\/2023\/12\/Jak-diagnozuje-sie-FAS_-objawy-kryteria-diagnostyczne-i-metody-diagnozowania-154162903.jpg","width":1216,"height":832,"caption":"Clinica Althea"},"image":{"@id":"https:\/\/www.clinicaalthea.com\/farmacia\/#\/schema\/logo\/image\/"}}]}},"lang":"hr","translations":{"hr":1792,"bg":1791,"de":1787,"cs":1793,"fr":1795,"sv":1797,"sk":1798,"ro":1799,"it":1800,"hu":1801,"et":1802,"fi":1803,"sl":1804},"pll_sync_post":[],"_links":{"self":[{"href":"https:\/\/www.clinicaalthea.com\/farmacia\/wp-json\/wp\/v2\/product\/1792","targetHints":{"allow":["GET"]}}],"collection":[{"href":"https:\/\/www.clinicaalthea.com\/farmacia\/wp-json\/wp\/v2\/product"}],"about":[{"href":"https:\/\/www.clinicaalthea.com\/farmacia\/wp-json\/wp\/v2\/types\/product"}],"replies":[{"embeddable":true,"href":"https:\/\/www.clinicaalthea.com\/farmacia\/wp-json\/wp\/v2\/comments?post=1792"}],"wp:featuredmedia":[{"embeddable":true,"href":"https:\/\/www.clinicaalthea.com\/farmacia\/wp-json\/wp\/v2\/media\/1788"}],"wp:attachment":[{"href":"https:\/\/www.clinicaalthea.com\/farmacia\/wp-json\/wp\/v2\/media?parent=1792"}],"wp:term":[{"taxonomy":"product_brand","embeddable":true,"href":"https:\/\/www.clinicaalthea.com\/farmacia\/wp-json\/wp\/v2\/product_brand?post=1792"},{"taxonomy":"product_cat","embeddable":true,"href":"https:\/\/www.clinicaalthea.com\/farmacia\/wp-json\/wp\/v2\/product_cat?post=1792"},{"taxonomy":"product_tag","embeddable":true,"href":"https:\/\/www.clinicaalthea.com\/farmacia\/wp-json\/wp\/v2\/product_tag?post=1792"}],"curies":[{"name":"wp","href":"https:\/\/api.w.org\/{rel}","templated":true}]}}