{"id":11195,"date":"2024-09-18T00:39:16","date_gmt":"2024-09-17T23:39:16","guid":{"rendered":"https:\/\/mayoguide.org\/produkty\/?post_type=product&#038;p=11195"},"modified":"2024-09-18T00:40:12","modified_gmt":"2024-09-17T23:40:12","slug":"formelan","status":"publish","type":"product","link":"https:\/\/www.clinicaalthea.com\/farmacia\/sv\/apt\/formelan\/","title":{"rendered":"Formelan"},"content":{"rendered":"\n<h2 class=\"wp-block-heading\">Vad \u00e4r Formelan och hur fungerar det?<\/h2>\n\n\n\n<p>Formelan \u00e4r ett innovativt <b>kosttillskott<\/b> som kombinerar <b>naturliga<\/b> <em>ingredienser<\/em> f\u00f6r att st\u00f6dja <em>potens<\/em> och <em>libido<\/em>. Produkten fungerar genom att \u00f6ka blodfl\u00f6det till k\u00f6nsorganen, vilket fr\u00e4mjar att f\u00e5 och uppr\u00e4tth\u00e5lla en erektion. <b>Formelan<\/b> inneh\u00e5ller extrakt fr\u00e5n v\u00e4xter som avsev\u00e4rt f\u00f6rb\u00e4ttrar kvaliteten p\u00e5 det sexuella livet.<\/p>\n\n\n\n<p>Formelan best\u00e5r <b>av<\/b> f\u00f6ljande <b>naturliga<\/b> <em>ingredienser<\/em>:<\/p>\n\n\n\n<ul class=\"wp-block-list\">\n<li>Guarana-extrakt &#8211; \u00f6kar blodfl\u00f6det, vilket m\u00f6jligg\u00f6r framg\u00e5ngsrikt samlag.<\/li>\n\n\n\n<li>Medelhavsbarksextrakt &#8211; f\u00f6rb\u00e4ttrar blodfl\u00f6det och f\u00f6rb\u00e4ttrar erektionen.<\/li>\n\n\n\n<li>Asiatiskt ginsengextrakt &#8211; p\u00e5skyndar blodcirkulationen, viktigt f\u00f6r tillfredsst\u00e4llande erektioner.<\/li>\n\n\n\n<li>Afrikanskt kardborreextrakt &#8211; tillf\u00f6r energi och \u00f6kar intensiteten i upplevelsen.<\/li>\n<\/ul>\n\n\n\n<p>Formelans <b>verkan<\/b> fokuserar p\u00e5 att f\u00f6rb\u00e4ttra kvaliteten p\u00e5 erektionerna. Extrakten p\u00e5verkar de kavern\u00f6sa kropparna i penis, vilket leder till mer frekventa och intensiva erektioner. Regelbunden <b>anv\u00e4ndning av<\/b> gel\u00e9n st\u00f6der den naturliga produktionen av testosteron, vilket \u00f6vers\u00e4tts till sexuell tillfredsst\u00e4llelse.<\/p>\n\n\n\n<p>Formelan finns i 150 ml och 75 ml, vilket g\u00f6r det m\u00f6jligt f\u00f6r anv\u00e4ndaren att v\u00e4lja r\u00e4tt storlek f\u00f6r daglig anv\u00e4ndning eller f\u00f6r att g\u00e5 ut. Den ergonomiska applikatorn m\u00f6jligg\u00f6r enkel och exakt applicering av r\u00e4tt dos av produkten, vilket g\u00f6r det till en bekv\u00e4m l\u00f6sning f\u00f6r alla m\u00e4n som vill f\u00f6rb\u00e4ttra sitt sexliv.<\/p>\n\n\n\n<h2 class=\"wp-block-heading\">F\u00f6rdelar med Formelan &#8211; Effekter<\/h2>\n\n\n\n<p>Formelan \u00e4r ett <b>kosttillskott<\/b> med m\u00e5nga <b>f\u00f6rdelar<\/b> f\u00f6r dem som vill f\u00f6rb\u00e4ttra sin styrka och <b>libido<\/b>. Denna produkt sticker ut f\u00f6r sin effektivitet, vilket bekr\u00e4ftas av m\u00e5nga positiva <b>anv\u00e4ndarrecensioner<\/b>. Regelbunden <b>anv\u00e4ndning av<\/b> Formelan leder till m\u00e4rkbara effekter, inklusive:<\/p>\n\n\n\n<ul class=\"wp-block-list\">\n<li><em>\u00d6kad libido<\/em> &#8211; Formelan \u00f6kar intresset f\u00f6r sex, vilket resulterar i b\u00e4ttre tillfredsst\u00e4llelse av intima behov.<\/li>\n\n\n\n<li><em>F\u00f6rb\u00e4ttrad erektionskvalitet<\/em> &#8211; Anv\u00e4ndare rapporterar l\u00e4ngre och mer tillfredsst\u00e4llande erektioner, vilket \u00e4r nyckeln till ett framg\u00e5ngsrikt sexliv.<\/li>\n\n\n\n<li>\u00d6kat<em>sj\u00e4lvf\u00f6rtroende<\/em> &#8211; \u00d6kad erektil tillfredsst\u00e4llelse bidrar till att minska intimitetsrelaterad stress, vilket leder till f\u00f6rb\u00e4ttrat allm\u00e4nt v\u00e4lbefinnande.<\/li>\n\n\n\n<li><em>F\u00f6rb\u00e4ttrad blodtillf\u00f6rsel i k\u00f6nsorganen<\/em> &#8211; Formelans aktiva <b>ingredienser<\/b> f\u00f6rb\u00e4ttrar cirkulationen, vilket fr\u00e4mjar den sexuella h\u00e4lsan.<\/li>\n\n\n\n<li><em>\u00d6kad energi<\/em> &#8211; <b>Effekterna av<\/b> Formelan inkluderar ocks\u00e5 en \u00f6kning av energi under hela dagen, vilket fr\u00e4mjar ett b\u00e4ttre allm\u00e4nt v\u00e4lbefinnande.<\/li>\n<\/ul>\n\n\n\n<p>Anv\u00e4ndare delar ofta sina erfarenheter av att f\u00f6rb\u00e4ttra s\u00f6mnkvaliteten och deras allm\u00e4nna hum\u00f6r, vilket ocks\u00e5 har en inverkan p\u00e5 det intima livets sf\u00e4r. Det \u00e4r d\u00e4rf\u00f6r Formelan ofta v\u00e4ljs av m\u00e4nniskor som vill ta hand om sin styrka och libido p\u00e5 ett naturligt s\u00e4tt.<\/p>\n\n\n\n<figure class=\"wp-block-table\"><table><tbody><tr><th>F\u00f6rdelar<\/th><th>Effekter<\/th><\/tr><tr><td>\u00d6kad libido<\/td><td>St\u00f6rre intresse f\u00f6r sex<\/td><\/tr><tr><td>F\u00f6rb\u00e4ttrad erektionskvalitet<\/td><td>Tillfredsst\u00e4llande sexuell <b>upplevelse<\/b> <\/td><\/tr><tr><td>\u00d6kat sj\u00e4lvf\u00f6rtroende<\/td><td>Minska stress relaterad till det intima livet<\/td><\/tr><tr><td>F\u00f6rb\u00e4ttrad blodtillf\u00f6rsel<\/td><td>Genital h\u00e4lsa<\/td><\/tr><tr><td>\u00d6kad energi<\/td><td>F\u00f6rb\u00e4ttrat v\u00e4lbefinnande under hela dagen<\/td><\/tr><\/tbody><\/table><\/figure>\n\n\n\n<h2 class=\"wp-block-heading\">Hur man anv\u00e4nder Formelan korrekt &#8211; Dosering<\/h2>\n\n\n\n<p>F\u00f6r att f\u00e5 b\u00e4sta m\u00f6jliga <b>resultat<\/b> av Formelan \u00e4r det viktigt att ta det enligt rekommendationerna i bipacksedeln. Den vanliga rekommenderade <b>dosen<\/b> \u00e4r en kapsel per dag, som b\u00e4st tas med vatten. Regelbunden <b>anv\u00e4ndning<\/b> \u00e4r nyckeln, eftersom de f\u00f6rsta m\u00e4rkbara <b>effekterna<\/b> kan ta flera veckor att dyka upp.<\/p>\n\n\n\n<p>Det \u00e4r viktigt att f\u00f6lja doseringsanvisningarna. Genom att anv\u00e4nda Formelan enligt anvisningarna s\u00e4kerst\u00e4lls maximal <b>nytta<\/b> och risken f\u00f6r eventuella biverkningar minimeras. Anv\u00e4ndarna b\u00f6r vara medvetna om att till\u00e4ggets effektivitet kan variera beroende p\u00e5 kroppens individuella behov. D\u00e4rf\u00f6r \u00e4r det tillr\u00e5dligt att vara uppm\u00e4rksam p\u00e5 kroppens reaktion p\u00e5 beredningen.<\/p>\n\n\n\n<ul class=\"wp-block-list\">\n<li>Formelan doseringsv\u00e4gledning:<\/li>\n\n\n\n<li>En kapsel per dag.<\/li>\n\n\n\n<li>Drick mycket vatten.<\/li>\n\n\n\n<li>Regelbunden applicering f\u00f6r b\u00e4sta resultat.<\/li>\n<\/ul>\n\n\n\n<p>Av bipacksedeln framg\u00e5r att anv\u00e4ndning av Formelan i kombination med en l\u00e4mplig livsstil, fysisk aktivitet och en h\u00e4lsosam kost kan bidra v\u00e4sentligt till att f\u00f6rb\u00e4ttra kvaliteten p\u00e5 sexuallivet.<\/p>\n\n\n\n<h2 class=\"wp-block-heading\">Formelan &#8211; Anv\u00e4ndarrecensioner, forum &#8211; Vad s\u00e4ger anv\u00e4ndarna?<\/h2>\n\n\n\n<p>Det finns m\u00e5nga <b>recensioner av<\/b> Formelan p\u00e5 onlineforum och i anv\u00e4ndarrecensioner. M\u00e5nga erfarenheter visar betydande f\u00f6rb\u00e4ttringar av libido och kvaliteten p\u00e5 sexlivet. Anv\u00e4ndare ber\u00f6mmer detta till\u00e4gg f\u00f6r dess anv\u00e4ndarv\u00e4nlighet och positiva effekter utan biverkningar.<\/p>\n\n\n\n<p>H\u00e4r \u00e4r exempel p\u00e5 <b>feedback<\/b> p\u00e5 Formelan:<\/p>\n\n\n\n<ul class=\"wp-block-list\">\n<li><em>&#8220;Jag b\u00f6rjade anv\u00e4nda Formelan och har m\u00e4rkt en markant f\u00f6rb\u00e4ttring av mitt intimomr\u00e5de. Jag rekommenderar det till alla!&#8221;<\/em><\/li>\n\n\n\n<li><em>&#8220;Jag f\u00f6rv\u00e4ntade mig inte de resultat som jag upplever efter n\u00e5gra veckor. Det fungerar verkligen!&#8221;<\/em><\/li>\n\n\n\n<li><em>&#8220;Formelan \u00e4r ett bra alternativ till andra kosttillskott. Jag \u00e4r glad att jag kom \u00f6ver det.&#8221;<\/em><\/li>\n<\/ul>\n\n\n\n<p><b>Anv\u00e4ndarrecensioner<\/b> fokuserar inte bara p\u00e5 den f\u00f6rebyggande effekten utan ocks\u00e5 p\u00e5 den terapeutiska effekten. Det \u00e4r v\u00e4rt att notera de olika erfarenheterna f\u00f6r att f\u00e5 en fullst\u00e4ndig bild av de effekter som anv\u00e4ndningen av Formelan kan ge. Det finns m\u00e5nga positiva recensioner p\u00e5 <b>forumen<\/b>, som bekr\u00e4ftar till\u00e4ggets h\u00f6ga effektivitet och <b>s\u00e4kerhet<\/b>.<\/p>\n\n\n\n<figure class=\"wp-block-table\"><table><tbody><tr><th>Aspekter<\/th><th>Yttranden<\/th><\/tr><tr><td>F\u00f6rb\u00e4ttrad libido<\/td><td>M\u00e5nga anv\u00e4ndare lyfter fram den synliga f\u00f6rb\u00e4ttringen<\/td><\/tr><tr><td>Enkel applicering<\/td><td>Anv\u00e4ndarna lovordar den enkla doseringen<\/td><\/tr><tr><td><b>S\u00e4kerhet<\/b><\/td><td>Inga biverkningar bekr\u00e4ftade av feedback<\/td><\/tr><tr><td>Effektivitet<\/td><td>Det finns m\u00e5nga positiva <b>erfarenheter<\/b><\/td><\/tr><\/tbody><\/table><\/figure>\n\n\n\n<p>Det \u00e4r en bra id\u00e9 att regelbundet bl\u00e4ddra i <b>forum<\/b> och anv\u00e4ndarrecensioner f\u00f6r att bed\u00f6ma hur Formelan p\u00e5verkar m\u00e4ns intima liv och deras <b>erfarenheter<\/b> av detta till\u00e4gg. Denna information kan vara till hj\u00e4lp f\u00f6r att avg\u00f6ra om du ska anv\u00e4nda den h\u00e4r produkten.<\/p>\n\n\n\n<h2 class=\"wp-block-heading\">Formelans sammans\u00e4ttning &#8211; Vad inneh\u00e5ller den?<\/h2>\n\n\n\n<p>Formelan \u00e4r ett kosttillskott som k\u00e4nnetecknas <em>av sin unika sammans\u00e4ttning av naturliga ingredienser<\/em> som \u00e4r utformade f\u00f6r att f\u00f6rb\u00e4ttra sexuell funktion och \u00f6vergripande kroppstillst\u00e5nd. Dess effekter \u00e4r resultatet av en noggrant utvald blandning d\u00e4r de viktigaste <b>ingredienserna<\/b> \u00e4r:<\/p>\n\n\n\n<ul class=\"wp-block-list\">\n<li>Guarana &#8211; k\u00e4nd f\u00f6r sina energigivande och uth\u00e5llighetsf\u00f6rb\u00e4ttrande egenskaper.<\/li>\n\n\n\n<li>Ginseng rotextrakt &#8211; st\u00f6der libido och f\u00f6rb\u00e4ttrar hum\u00f6ret.<\/li>\n\n\n\n<li>Citrullin &#8211; intensifierar cirkulationen och fr\u00e4mjar erektion.<\/li>\n\n\n\n<li>L-arginin &#8211; har en vasodilaterande effekt p\u00e5 blodk\u00e4rlen, vilket fr\u00e4mjar b\u00e4ttre erektioner.<\/li>\n\n\n\n<li>Maca-rot &#8211; \u00f6kar den allm\u00e4nna vitaliteten och den sexuella prestationen.<\/li>\n<\/ul>\n\n\n\n<p>Varje ingrediens har sina egna unika egenskaper, som tillsammans bidrar till de positiva effekterna av Formelan. Innan du p\u00e5b\u00f6rjar en behandling \u00e4r det l\u00e4mpligt att l\u00e4sa den detaljerade sammans\u00e4ttningen noggrant f\u00f6r att undvika eventuella allergier eller intoleranser mot enskilda <b>ingredienser<\/b>.<\/p>\n\n\n\n<h2 class=\"wp-block-heading\">Formelan pris &#8211; Var kan man k\u00f6pa?<\/h2>\n\n\n\n<p>Formelan \u00e4r ett kosttillskott som kan k\u00f6pas fr\u00e5n olika f\u00f6rs\u00e4ljningsst\u00e4llen, inklusive apotek och den officiella tillverkarens webbplats. <b>Priset p\u00e5<\/b> Formelan beror vanligtvis p\u00e5 aktuella kampanjerbjudanden och utvalda leverant\u00f6rer. D\u00e4rf\u00f6r \u00e4r det v\u00e4rt att kontrollera n\u00e5gra olika st\u00e4llen f\u00f6r att hitta det mest gynnsamma erbjudandet.<\/p>\n\n\n\n<p>Att k\u00f6pa formelan direkt fr\u00e5n den officiella tillverkaren garanterar inte bara produktens kvalitet utan ocks\u00e5 <b>s\u00e4kerhet<\/b>. Detta undviker f\u00f6rfalskningar, vilket \u00e4r s\u00e4rskilt viktigt n\u00e4r det g\u00e4ller kosttillskott. Formelan \u00e4r tillg\u00e4ngligt utan recept, vilket g\u00f6r det enkelt att k\u00f6pa f\u00f6r dem som letar efter libido och potensst\u00f6d.<\/p>\n\n\n\n<ul class=\"wp-block-list\">\n<li><em>Apotek: att<\/em> kolla lokala apotek kan ge dig m\u00f6jlighet att k\u00f6pa snabbt.<\/li>\n\n\n\n<li><em>Officiell webbplats f\u00f6r tillverkaren:<\/em> Som erbjuder aktuella kampanjer och f\u00f6rs\u00e4kran om originalitet.<\/li>\n\n\n\n<li><em>Butiker p\u00e5 n\u00e4tet:<\/em> M\u00f6jlighet att j\u00e4mf\u00f6ra priser och hitta det b\u00e4sta erbjudandet.<\/li>\n<\/ul>\n\n\n\n<h2 class=\"wp-block-heading\">Formelan &#8211; Biverkningar och kontraindikationer &#8211; \u00c4r det s\u00e4kert?<\/h2>\n\n\n\n<p>Formelan ses allm\u00e4nt som ett s\u00e4kert kosttillskott och dess ingredienser \u00e4r noggrant utvalda f\u00f6r att st\u00f6dja styrka och libido. Det \u00e4r dock viktigt att notera att det, som alla produkter, kan orsaka <strong>biverkningar<\/strong> hos vissa individer. Den vanligaste rapporterade \u00e4r mindre hudirritation, som kan uppst\u00e5 till f\u00f6ljd av individuell k\u00e4nslighet f\u00f6r ingredienserna.<\/p>\n\n\n\n<p>Det \u00e4r ocks\u00e5 viktigt att notera <strong>kontraindikationerna<\/strong>, som kan inkludera allergier mot n\u00e5gon komponent i Formelan eller interaktioner med andra l\u00e4kemedel. D\u00e4rf\u00f6r \u00e4r det alltid tillr\u00e5dligt att konsultera en l\u00e4kare innan du b\u00f6rjar anv\u00e4nda produkten. En professionell analys kan bekr\u00e4fta s\u00e4kerheten och effekten av en s\u00e5dan l\u00f6sning, s\u00e4rskilt f\u00f6r dem med befintliga h\u00e4lsoproblem.<\/p>\n","protected":false},"excerpt":{"rendered":"<p><strong>1197.00 kr<\/strong><\/p>\n<p><del>2394.00 kr<\/del><\/p>\n<p><strong>[date_countdown]<\/strong><\/p>\n","protected":false},"featured_media":11181,"comment_status":"open","ping_status":"closed","template":"","meta":{"neve_meta_sidebar":"","neve_meta_container":"","neve_meta_enable_content_width":"","neve_meta_content_width":0,"neve_meta_title_alignment":"","neve_meta_author_avatar":"","neve_post_elements_order":"","neve_meta_disable_header":"","neve_meta_disable_footer":"","neve_meta_disable_title":"","neve_meta_reading_time":""},"product_brand":[],"product_cat":[413],"product_tag":[],"class_list":{"0":"post-11195","1":"product","2":"type-product","3":"status-publish","4":"has-post-thumbnail","6":"product_cat-sexuell-halsa","8":"first","9":"instock","10":"shipping-taxable","11":"product-type-external"},"yoast_head":"<!-- This site is optimized with the Yoast SEO plugin v27.4 - https:\/\/yoast.com\/product\/yoast-seo-wordpress\/ -->\n<title>Formelan - Clinica Althea<\/title>\n<meta name=\"robots\" content=\"index, follow, max-snippet:-1, max-image-preview:large, max-video-preview:-1\" \/>\n<link rel=\"canonical\" href=\"https:\/\/www.clinicaalthea.com\/farmacia\/sv\/apt\/formelan\/\" \/>\n<meta property=\"og:locale\" content=\"pl_PL\" \/>\n<meta property=\"og:type\" content=\"article\" \/>\n<meta property=\"og:title\" content=\"Formelan - Clinica Althea\" \/>\n<meta property=\"og:description\" content=\"1197.00 kr 2394.00 kr\" \/>\n<meta property=\"og:url\" content=\"https:\/\/www.clinicaalthea.com\/farmacia\/sv\/apt\/formelan\/\" \/>\n<meta property=\"og:site_name\" content=\"Clinica Althea\" \/>\n<meta property=\"article:modified_time\" content=\"2024-09-17T23:40:12+00:00\" \/>\n<meta property=\"og:image\" content=\"https:\/\/www.clinicaalthea.com\/farmacia\/wp-content\/uploads\/2024\/09\/Formelan.jpg\" \/>\n\t<meta property=\"og:image:width\" content=\"768\" \/>\n\t<meta property=\"og:image:height\" content=\"768\" \/>\n\t<meta property=\"og:image:type\" content=\"image\/jpeg\" \/>\n<meta name=\"twitter:card\" content=\"summary_large_image\" \/>\n<meta name=\"twitter:label1\" content=\"Szacowany czas czytania\" \/>\n\t<meta name=\"twitter:data1\" content=\"7 minut\" \/>\n<script type=\"application\/ld+json\" class=\"yoast-schema-graph\">{\"@context\":\"https:\\\/\\\/schema.org\",\"@graph\":[{\"@type\":\"WebPage\",\"@id\":\"https:\\\/\\\/www.clinicaalthea.com\\\/farmacia\\\/sv\\\/apt\\\/formelan\\\/\",\"url\":\"https:\\\/\\\/www.clinicaalthea.com\\\/farmacia\\\/sv\\\/apt\\\/formelan\\\/\",\"name\":\"Formelan - Clinica Althea\",\"isPartOf\":{\"@id\":\"https:\\\/\\\/www.clinicaalthea.com\\\/farmacia\\\/#website\"},\"primaryImageOfPage\":{\"@id\":\"https:\\\/\\\/www.clinicaalthea.com\\\/farmacia\\\/sv\\\/apt\\\/formelan\\\/#primaryimage\"},\"image\":{\"@id\":\"https:\\\/\\\/www.clinicaalthea.com\\\/farmacia\\\/sv\\\/apt\\\/formelan\\\/#primaryimage\"},\"thumbnailUrl\":\"https:\\\/\\\/www.clinicaalthea.com\\\/farmacia\\\/wp-content\\\/uploads\\\/2024\\\/09\\\/Formelan.jpg\",\"datePublished\":\"2024-09-17T23:39:16+00:00\",\"dateModified\":\"2024-09-17T23:40:12+00:00\",\"breadcrumb\":{\"@id\":\"https:\\\/\\\/www.clinicaalthea.com\\\/farmacia\\\/sv\\\/apt\\\/formelan\\\/#breadcrumb\"},\"inLanguage\":\"pl-PL\",\"potentialAction\":[{\"@type\":\"ReadAction\",\"target\":[\"https:\\\/\\\/www.clinicaalthea.com\\\/farmacia\\\/sv\\\/apt\\\/formelan\\\/\"]}]},{\"@type\":\"ImageObject\",\"inLanguage\":\"pl-PL\",\"@id\":\"https:\\\/\\\/www.clinicaalthea.com\\\/farmacia\\\/sv\\\/apt\\\/formelan\\\/#primaryimage\",\"url\":\"https:\\\/\\\/www.clinicaalthea.com\\\/farmacia\\\/wp-content\\\/uploads\\\/2024\\\/09\\\/Formelan.jpg\",\"contentUrl\":\"https:\\\/\\\/www.clinicaalthea.com\\\/farmacia\\\/wp-content\\\/uploads\\\/2024\\\/09\\\/Formelan.jpg\",\"width\":768,\"height\":768,\"caption\":\"Formelan\"},{\"@type\":\"BreadcrumbList\",\"@id\":\"https:\\\/\\\/www.clinicaalthea.com\\\/farmacia\\\/sv\\\/apt\\\/formelan\\\/#breadcrumb\",\"itemListElement\":[{\"@type\":\"ListItem\",\"position\":1,\"name\":\"Strona g\u0142\u00f3wna\",\"item\":\"https:\\\/\\\/www.clinicaalthea.com\\\/farmacia\\\/\"},{\"@type\":\"ListItem\",\"position\":2,\"name\":\"Produkty\",\"item\":\"https:\\\/\\\/www.clinicaalthea.com\\\/farmacia\\\/\"},{\"@type\":\"ListItem\",\"position\":3,\"name\":\"Formelan\"}]},{\"@type\":\"WebSite\",\"@id\":\"https:\\\/\\\/www.clinicaalthea.com\\\/farmacia\\\/#website\",\"url\":\"https:\\\/\\\/www.clinicaalthea.com\\\/farmacia\\\/\",\"name\":\"Clinica Althea\",\"description\":\"\",\"publisher\":{\"@id\":\"https:\\\/\\\/www.clinicaalthea.com\\\/farmacia\\\/#organization\"},\"potentialAction\":[{\"@type\":\"SearchAction\",\"target\":{\"@type\":\"EntryPoint\",\"urlTemplate\":\"https:\\\/\\\/www.clinicaalthea.com\\\/farmacia\\\/?s={search_term_string}\"},\"query-input\":{\"@type\":\"PropertyValueSpecification\",\"valueRequired\":true,\"valueName\":\"search_term_string\"}}],\"inLanguage\":\"pl-PL\"},{\"@type\":\"Organization\",\"@id\":\"https:\\\/\\\/www.clinicaalthea.com\\\/farmacia\\\/#organization\",\"name\":\"Clinica Althea\",\"url\":\"https:\\\/\\\/www.clinicaalthea.com\\\/farmacia\\\/\",\"logo\":{\"@type\":\"ImageObject\",\"inLanguage\":\"pl-PL\",\"@id\":\"https:\\\/\\\/www.clinicaalthea.com\\\/farmacia\\\/#\\\/schema\\\/logo\\\/image\\\/\",\"url\":\"https:\\\/\\\/www.clinicaalthea.com\\\/farmacia\\\/wp-content\\\/uploads\\\/2023\\\/12\\\/Jak-diagnozuje-sie-FAS_-objawy-kryteria-diagnostyczne-i-metody-diagnozowania-154162903.jpg\",\"contentUrl\":\"https:\\\/\\\/www.clinicaalthea.com\\\/farmacia\\\/wp-content\\\/uploads\\\/2023\\\/12\\\/Jak-diagnozuje-sie-FAS_-objawy-kryteria-diagnostyczne-i-metody-diagnozowania-154162903.jpg\",\"width\":1216,\"height\":832,\"caption\":\"Clinica Althea\"},\"image\":{\"@id\":\"https:\\\/\\\/www.clinicaalthea.com\\\/farmacia\\\/#\\\/schema\\\/logo\\\/image\\\/\"}}]}<\/script>\n<!-- \/ Yoast SEO plugin. -->","yoast_head_json":{"title":"Formelan - Clinica Althea","robots":{"index":"index","follow":"follow","max-snippet":"max-snippet:-1","max-image-preview":"max-image-preview:large","max-video-preview":"max-video-preview:-1"},"canonical":"https:\/\/www.clinicaalthea.com\/farmacia\/sv\/apt\/formelan\/","og_locale":"pl_PL","og_type":"article","og_title":"Formelan - Clinica Althea","og_description":"1197.00 kr 2394.00 kr","og_url":"https:\/\/www.clinicaalthea.com\/farmacia\/sv\/apt\/formelan\/","og_site_name":"Clinica Althea","article_modified_time":"2024-09-17T23:40:12+00:00","og_image":[{"width":768,"height":768,"url":"https:\/\/www.clinicaalthea.com\/farmacia\/wp-content\/uploads\/2024\/09\/Formelan.jpg","type":"image\/jpeg"}],"twitter_card":"summary_large_image","twitter_misc":{"Szacowany czas czytania":"7 minut"},"schema":{"@context":"https:\/\/schema.org","@graph":[{"@type":"WebPage","@id":"https:\/\/www.clinicaalthea.com\/farmacia\/sv\/apt\/formelan\/","url":"https:\/\/www.clinicaalthea.com\/farmacia\/sv\/apt\/formelan\/","name":"Formelan - Clinica Althea","isPartOf":{"@id":"https:\/\/www.clinicaalthea.com\/farmacia\/#website"},"primaryImageOfPage":{"@id":"https:\/\/www.clinicaalthea.com\/farmacia\/sv\/apt\/formelan\/#primaryimage"},"image":{"@id":"https:\/\/www.clinicaalthea.com\/farmacia\/sv\/apt\/formelan\/#primaryimage"},"thumbnailUrl":"https:\/\/www.clinicaalthea.com\/farmacia\/wp-content\/uploads\/2024\/09\/Formelan.jpg","datePublished":"2024-09-17T23:39:16+00:00","dateModified":"2024-09-17T23:40:12+00:00","breadcrumb":{"@id":"https:\/\/www.clinicaalthea.com\/farmacia\/sv\/apt\/formelan\/#breadcrumb"},"inLanguage":"pl-PL","potentialAction":[{"@type":"ReadAction","target":["https:\/\/www.clinicaalthea.com\/farmacia\/sv\/apt\/formelan\/"]}]},{"@type":"ImageObject","inLanguage":"pl-PL","@id":"https:\/\/www.clinicaalthea.com\/farmacia\/sv\/apt\/formelan\/#primaryimage","url":"https:\/\/www.clinicaalthea.com\/farmacia\/wp-content\/uploads\/2024\/09\/Formelan.jpg","contentUrl":"https:\/\/www.clinicaalthea.com\/farmacia\/wp-content\/uploads\/2024\/09\/Formelan.jpg","width":768,"height":768,"caption":"Formelan"},{"@type":"BreadcrumbList","@id":"https:\/\/www.clinicaalthea.com\/farmacia\/sv\/apt\/formelan\/#breadcrumb","itemListElement":[{"@type":"ListItem","position":1,"name":"Strona g\u0142\u00f3wna","item":"https:\/\/www.clinicaalthea.com\/farmacia\/"},{"@type":"ListItem","position":2,"name":"Produkty","item":"https:\/\/www.clinicaalthea.com\/farmacia\/"},{"@type":"ListItem","position":3,"name":"Formelan"}]},{"@type":"WebSite","@id":"https:\/\/www.clinicaalthea.com\/farmacia\/#website","url":"https:\/\/www.clinicaalthea.com\/farmacia\/","name":"Clinica Althea","description":"","publisher":{"@id":"https:\/\/www.clinicaalthea.com\/farmacia\/#organization"},"potentialAction":[{"@type":"SearchAction","target":{"@type":"EntryPoint","urlTemplate":"https:\/\/www.clinicaalthea.com\/farmacia\/?s={search_term_string}"},"query-input":{"@type":"PropertyValueSpecification","valueRequired":true,"valueName":"search_term_string"}}],"inLanguage":"pl-PL"},{"@type":"Organization","@id":"https:\/\/www.clinicaalthea.com\/farmacia\/#organization","name":"Clinica Althea","url":"https:\/\/www.clinicaalthea.com\/farmacia\/","logo":{"@type":"ImageObject","inLanguage":"pl-PL","@id":"https:\/\/www.clinicaalthea.com\/farmacia\/#\/schema\/logo\/image\/","url":"https:\/\/www.clinicaalthea.com\/farmacia\/wp-content\/uploads\/2023\/12\/Jak-diagnozuje-sie-FAS_-objawy-kryteria-diagnostyczne-i-metody-diagnozowania-154162903.jpg","contentUrl":"https:\/\/www.clinicaalthea.com\/farmacia\/wp-content\/uploads\/2023\/12\/Jak-diagnozuje-sie-FAS_-objawy-kryteria-diagnostyczne-i-metody-diagnozowania-154162903.jpg","width":1216,"height":832,"caption":"Clinica Althea"},"image":{"@id":"https:\/\/www.clinicaalthea.com\/farmacia\/#\/schema\/logo\/image\/"}}]}},"lang":"sv","translations":{"sv":11195,"pl":11180,"cs":11183,"bg":11185,"da":11187,"de":11189,"hu":11191,"it":11193,"sk":11197,"sl":11199},"pll_sync_post":[],"_links":{"self":[{"href":"https:\/\/www.clinicaalthea.com\/farmacia\/wp-json\/wp\/v2\/product\/11195","targetHints":{"allow":["GET"]}}],"collection":[{"href":"https:\/\/www.clinicaalthea.com\/farmacia\/wp-json\/wp\/v2\/product"}],"about":[{"href":"https:\/\/www.clinicaalthea.com\/farmacia\/wp-json\/wp\/v2\/types\/product"}],"replies":[{"embeddable":true,"href":"https:\/\/www.clinicaalthea.com\/farmacia\/wp-json\/wp\/v2\/comments?post=11195"}],"wp:featuredmedia":[{"embeddable":true,"href":"https:\/\/www.clinicaalthea.com\/farmacia\/wp-json\/wp\/v2\/media\/11181"}],"wp:attachment":[{"href":"https:\/\/www.clinicaalthea.com\/farmacia\/wp-json\/wp\/v2\/media?parent=11195"}],"wp:term":[{"taxonomy":"product_brand","embeddable":true,"href":"https:\/\/www.clinicaalthea.com\/farmacia\/wp-json\/wp\/v2\/product_brand?post=11195"},{"taxonomy":"product_cat","embeddable":true,"href":"https:\/\/www.clinicaalthea.com\/farmacia\/wp-json\/wp\/v2\/product_cat?post=11195"},{"taxonomy":"product_tag","embeddable":true,"href":"https:\/\/www.clinicaalthea.com\/farmacia\/wp-json\/wp\/v2\/product_tag?post=11195"}],"curies":[{"name":"wp","href":"https:\/\/api.w.org\/{rel}","templated":true}]}}