{"id":11183,"date":"2024-09-18T00:33:53","date_gmt":"2024-09-17T23:33:53","guid":{"rendered":"https:\/\/mayoguide.org\/produkty\/?post_type=product&#038;p=11183"},"modified":"2024-09-18T00:40:12","modified_gmt":"2024-09-17T23:40:12","slug":"formelan","status":"publish","type":"product","link":"https:\/\/www.clinicaalthea.com\/farmacia\/cs\/apt\/formelan\/","title":{"rendered":"Formelan"},"content":{"rendered":"\n<h2 class=\"wp-block-heading\">Co je Formelan a jak funguje?<\/h2>\n\n\n\n<p>Formelan je inovativn\u00ed <b>dopln\u011bk stravy,<\/b> kter\u00fd kombinuje <b>p\u0159\u00edrodn\u00ed<\/b> <em>slo\u017eky<\/em> na podporu <em>potence<\/em> a <em>libida<\/em>. P\u0159\u00edpravek funguje tak, \u017ee zvy\u0161uje pr\u016ftok krve do pohlavn\u00edch org\u00e1n\u016f, co\u017e podporuje dosa\u017een\u00ed a udr\u017een\u00ed erekce. <b>Formelan<\/b> obsahuje v\u00fdta\u017eky z rostlin, kter\u00e9 v\u00fdrazn\u011b zlep\u0161uj\u00ed kvalitu sexu\u00e1ln\u00edho \u017eivota.<\/p>\n\n\n\n<p>Formelan se skl\u00e1d\u00e1 <b>z<\/b> n\u00e1sleduj\u00edc\u00edch <b>p\u0159\u00edrodn\u00edch<\/b> <em>slo\u017eek<\/em>:<\/p>\n\n\n\n<ul class=\"wp-block-list\">\n<li>extrakt z guarany &#8211; zvy\u0161uje pr\u016ftok krve, co\u017e umo\u017e\u0148uje \u00fasp\u011b\u0161n\u00fd pohlavn\u00ed styk.<\/li>\n\n\n\n<li>extrakt ze st\u0159edomo\u0159sk\u00e9 k\u016fry &#8211; zlep\u0161uje pr\u016ftok krve a zvy\u0161uje erekci.<\/li>\n\n\n\n<li>extrakt z asijsk\u00e9ho \u017een\u0161enu &#8211; zrychluje krevn\u00ed ob\u011bh, co\u017e je d\u016fle\u017eit\u00e9 pro uspokojivou erekci.<\/li>\n\n\n\n<li>extrakt z lopuchu africk\u00e9ho &#8211; dod\u00e1v\u00e1 energii a zvy\u0161uje intenzitu pro\u017eitku.<\/li>\n<\/ul>\n\n\n\n<p><b>P\u016fsoben\u00ed p\u0159\u00edpravku<\/b> Formelan se zam\u011b\u0159uje na zlep\u0161en\u00ed kvality erekce. V\u00fdta\u017eky ovliv\u0148uj\u00ed kavern\u00f3zn\u00ed t\u011blesa v penisu, co\u017e vede k \u010dast\u011bj\u0161\u00ed a intenzivn\u011bj\u0161\u00ed erekci. Pravideln\u00e9 <b>u\u017e\u00edv\u00e1n\u00ed<\/b> gelu podporuje p\u0159irozenou tvorbu testosteronu, co\u017e se prom\u00edt\u00e1 do sexu\u00e1ln\u00edho uspokojen\u00ed.<\/p>\n\n\n\n<p>Formelan je k dispozici ve velikostech 150 ml a 75 ml, tak\u017ee si u\u017eivatel\u00e9 mohou zvolit spr\u00e1vnou velikost pro ka\u017edodenn\u00ed pou\u017eit\u00ed nebo pro vych\u00e1zky. Ergonomick\u00fd aplik\u00e1tor umo\u017e\u0148uje snadnou a p\u0159esnou aplikaci spr\u00e1vn\u00e9 d\u00e1vky p\u0159\u00edpravku, co\u017e z n\u011bj \u010din\u00ed pohodln\u00e9 \u0159e\u0161en\u00ed pro ka\u017ed\u00e9ho mu\u017ee, kter\u00fd chce zlep\u0161it sv\u016fj sexu\u00e1ln\u00ed \u017eivot.<\/p>\n\n\n\n<h2 class=\"wp-block-heading\">V\u00fdhody Formelan &#8211; \u00da\u010dinky<\/h2>\n\n\n\n<p>Formelan je <b>dopln\u011bk stravy<\/b> s mnoha <b>v\u00fdhodami<\/b> pro ty, kte\u0159\u00ed cht\u011bj\u00ed zlep\u0161it svou \u00fa\u010dinnost a <b>libido<\/b>. Tento produkt vynik\u00e1 svou \u00fa\u010dinnost\u00ed, co\u017e potvrzuj\u00ed \u010detn\u00e9 pozitivn\u00ed <b>recenze<\/b> u\u017eivatel\u016f. Pravideln\u00e9 <b>u\u017e\u00edv\u00e1n\u00ed<\/b> Formelanu vede k znateln\u00fdm \u00fa\u010dink\u016fm, v\u010detn\u011b:<\/p>\n\n\n\n<ul class=\"wp-block-list\">\n<li><em>Zv\u00fd\u0161en\u00e9 libido<\/em> &#8211; Formelan zvy\u0161uje z\u00e1jem o sex, co\u017e vede k lep\u0161\u00edmu uspokojen\u00ed intimn\u00edch pot\u0159eb.<\/li>\n\n\n\n<li><em>Zlep\u0161en\u00e1 kvalita erekce<\/em> &#8211; U\u017eivatel\u00e9 hl\u00e1s\u00ed del\u0161\u00ed a uspokojiv\u011bj\u0161\u00ed erekci, kter\u00e1 je kl\u00ed\u010dem k \u00fasp\u011b\u0161n\u00e9mu sexu\u00e1ln\u00edmu \u017eivotu.<\/li>\n\n\n\n<li>Zv\u00fd\u0161en\u00e9<em>sebev\u011bdom\u00ed<\/em> &#8211; Zv\u00fd\u0161en\u00e1 spokojenost s erekc\u00ed pom\u00e1h\u00e1 sni\u017eovat stres spojen\u00fd s intimitou, co\u017e se projevuje na zlep\u0161en\u00ed celkov\u00e9 pohody.<\/li>\n\n\n\n<li><em>Zlep\u0161en\u00ed prokrven\u00ed pohlavn\u00edch org\u00e1n\u016f<\/em> &#8211; \u00fa\u010dinn\u00e9 <b>l\u00e1tky p\u0159\u00edprav<\/b><em>ku<\/em> Formelan zlep\u0161uj\u00ed krevn\u00ed ob\u011bh, co\u017e podporuje sexu\u00e1ln\u00ed zdrav\u00ed.<\/li>\n\n\n\n<li><em>Zv\u00fd\u0161en\u00e1 energie<\/em> &#8211; <b>\u00da\u010dinky<\/b> Formelanu zahrnuj\u00ed tak\u00e9 zv\u00fd\u0161en\u00ed energie v pr\u016fb\u011bhu dne, co\u017e p\u0159isp\u00edv\u00e1 k lep\u0161\u00ed celkov\u00e9 pohod\u011b.<\/li>\n<\/ul>\n\n\n\n<p>U\u017eivatel\u00e9 se \u010dasto sv\u011b\u0159uj\u00ed se sv\u00fdmi zku\u0161enostmi se zlep\u0161en\u00edm kvality sp\u00e1nku a celkov\u00e9 n\u00e1lady, co\u017e m\u00e1 vliv i na oblast intimn\u00edho \u017eivota. Proto si Formelan \u010dasto vyb\u00edraj\u00ed lid\u00e9, kte\u0159\u00ed cht\u011bj\u00ed p\u0159irozen\u00fdm zp\u016fsobem pe\u010dovat o svou potenci a libido.<\/p>\n\n\n\n<figure class=\"wp-block-table\"><table><tbody><tr><th>V\u00fdhody<\/th><th>\u00da\u010dinky<\/th><\/tr><tr><td>Zv\u00fd\u0161en\u00e9 libido<\/td><td>V\u011bt\u0161\u00ed z\u00e1jem o sex<\/td><\/tr><tr><td>Zlep\u0161en\u00e1 kvalita erekce<\/td><td>Uspokojiv\u00fd sexu\u00e1ln\u00ed <b>z\u00e1\u017eitek<\/b> <\/td><\/tr><tr><td>Zv\u00fd\u0161en\u00e9 sebev\u011bdom\u00ed<\/td><td>Sn\u00ed\u017een\u00ed stresu spojen\u00e9ho s intimn\u00edm \u017eivotem<\/td><\/tr><tr><td>Zlep\u0161en\u00e9 z\u00e1sobov\u00e1n\u00ed krv\u00ed<\/td><td>Zdrav\u00ed pohlavn\u00edch org\u00e1n\u016f<\/td><\/tr><tr><td>Zv\u00fd\u0161en\u00e1 energie<\/td><td>Lep\u0161\u00ed pohoda po cel\u00fd den<\/td><\/tr><\/tbody><\/table><\/figure>\n\n\n\n<h2 class=\"wp-block-heading\">Jak spr\u00e1vn\u011b pou\u017e\u00edvat Formelan &#8211; D\u00e1vkov\u00e1n\u00ed<\/h2>\n\n\n\n<p>Abyste <b>dos\u00e1hli<\/b> co nejlep\u0161\u00edch <b>v\u00fdsledk\u016f<\/b> p\u0159i u\u017e\u00edv\u00e1n\u00ed p\u0159\u00edpravku Formelan, je d\u016fle\u017eit\u00e9 u\u017e\u00edvat jej podle doporu\u010den\u00ed v p\u0159\u00edbalov\u00e9 informaci. Obvykl\u00e1 doporu\u010den\u00e1 <b>d\u00e1vka<\/b> je jedna tobolka denn\u011b, kterou je nejlep\u0161\u00ed zap\u00edt vodou. Kl\u00ed\u010dov\u00e9 je pravideln\u00e9 <b>u\u017e\u00edv\u00e1n\u00ed<\/b>, proto\u017ee prvn\u00ed znateln\u00e9 <b>\u00fa\u010dinky<\/b> se mohou projevit a\u017e za n\u011bkolik t\u00fddn\u016f.<\/p>\n\n\n\n<p>Je d\u016fle\u017eit\u00e9 dodr\u017eovat pokyny k d\u00e1vkov\u00e1n\u00ed. U\u017e\u00edv\u00e1n\u00ed p\u0159\u00edpravku Formelan podle pokyn\u016f zaji\u0161\u0165uje maxim\u00e1ln\u00ed <b>p\u0159\u00ednos<\/b> a minimalizuje riziko mo\u017en\u00fdch ne\u017e\u00e1douc\u00edch \u00fa\u010dink\u016f. U\u017eivatel\u00e9 by si m\u011bli uv\u011bdomit, \u017ee \u00fa\u010dinnost dopl\u0148ku se m\u016f\u017ee li\u0161it v z\u00e1vislosti na individu\u00e1ln\u00edch pot\u0159eb\u00e1ch organismu. Proto je vhodn\u00e9 v\u011bnovat pozornost reakci sv\u00e9ho t\u011bla na p\u0159\u00edpravek.<\/p>\n\n\n\n<ul class=\"wp-block-list\">\n<li>Pokyny pro d\u00e1vkov\u00e1n\u00ed p\u0159\u00edpravku Formelan:<\/li>\n\n\n\n<li>Jedna kapsle denn\u011b.<\/li>\n\n\n\n<li>Pijte hodn\u011b vody.<\/li>\n\n\n\n<li>Pravidelnost aplikace pro dosa\u017een\u00ed optim\u00e1ln\u00edch v\u00fdsledk\u016f.<\/li>\n<\/ul>\n\n\n\n<p>P\u0159\u00edmo z p\u0159\u00edbalov\u00e9ho let\u00e1ku se lze dozv\u011bd\u011bt, \u017ee u\u017e\u00edv\u00e1n\u00ed p\u0159\u00edpravku Formelan v kombinaci s vhodn\u00fdm \u017eivotn\u00edm stylem, fyzickou aktivitou a zdravou stravou m\u016f\u017ee v\u00fdznamn\u011b p\u0159isp\u011bt ke zlep\u0161en\u00ed kvality sexu\u00e1ln\u00edho \u017eivota.<\/p>\n\n\n\n<h2 class=\"wp-block-heading\">Formelan &#8211; U\u017eivatelsk\u00e9 recenze, f\u00f3rum &#8211; Co \u0159\u00edkaj\u00ed u\u017eivatel\u00e9?<\/h2>\n\n\n\n<p>Na online f\u00f3rech a v u\u017eivatelsk\u00fdch <b>recenz\u00edch<\/b> existuje mnoho <b>recenz\u00ed<\/b> Formelanu. Mnoho zku\u0161enost\u00ed ukazuje v\u00fdrazn\u00e9 zlep\u0161en\u00ed libida a kvality sexu\u00e1ln\u00edho \u017eivota. U\u017eivatel\u00e9 chv\u00e1l\u00ed tento dopln\u011bk pro jeho snadn\u00e9 pou\u017eit\u00ed a pozitivn\u00ed \u00fa\u010dinky bez vedlej\u0161\u00edch \u00fa\u010dink\u016f.<\/p>\n\n\n\n<p>Zde jsou p\u0159\u00edklady <b>zp\u011btn\u00e9 vazby na<\/b> Formelan:<\/p>\n\n\n\n<ul class=\"wp-block-list\">\n<li><em>&#8220;Za\u010dala jsem pou\u017e\u00edvat Formelan a zaznamenala jsem v\u00fdrazn\u00e9 zlep\u0161en\u00ed v intimn\u00ed oblasti. V\u0161em ho doporu\u010duji!&#8221;<\/em><\/li>\n\n\n\n<li><em>&#8220;Ne\u010dekal jsem, \u017ee po n\u011bkolika t\u00fddnech dos\u00e1hnu takov\u00fdch v\u00fdsledk\u016f. Opravdu to funguje!&#8221;<\/em><\/li>\n\n\n\n<li><em>&#8220;Formelan je skv\u011blou alternativou k jin\u00fdm dopl\u0148k\u016fm. Jsem r\u00e1d, \u017ee jsem na n\u011bj narazil.&#8221;<\/em><\/li>\n<\/ul>\n\n\n\n<p>U\u017eivatelsk\u00e9 <b>recenze<\/b> se zam\u011b\u0159uj\u00ed nejen na preventivn\u00ed \u00fa\u010dinek, ale tak\u00e9 na terapeutick\u00fd \u00fa\u010dinek. Za zm\u00ednku stoj\u00ed r\u016fznorodost zku\u0161enost\u00ed, aby bylo mo\u017en\u00e9 z\u00edskat \u00fapln\u00fd obraz o \u00fa\u010dinc\u00edch, kter\u00e9 m\u016f\u017ee pou\u017e\u00edv\u00e1n\u00ed p\u0159\u00edpravku Formelan p\u0159in\u00e9st. Na <b>f\u00f3rech<\/b> existuje mnoho pozitivn\u00edch recenz\u00ed, kter\u00e9 potvrzuj\u00ed vysokou \u00fa\u010dinnost a <b>bezpe\u010dnost<\/b> dopl\u0148ku.<\/p>\n\n\n\n<figure class=\"wp-block-table\"><table><tbody><tr><th>Aspekty<\/th><th>N\u00e1zory<\/th><\/tr><tr><td>Zlep\u0161en\u00e9 libido<\/td><td>Mnoho u\u017eivatel\u016f zd\u016fraz\u0148uje viditeln\u00e9 zlep\u0161en\u00ed<\/td><\/tr><tr><td>Snadnost pou\u017eit\u00ed<\/td><td>U\u017eivatel\u00e9 si pochvaluj\u00ed jednoduchost d\u00e1vkov\u00e1n\u00ed<\/td><\/tr><tr><td><b>Zabezpe\u010den\u00ed<\/b><\/td><td>\u017d\u00e1dn\u00e9 vedlej\u0161\u00ed \u00fa\u010dinky potvrzen\u00e9 zp\u011btnou vazbou<\/td><\/tr><tr><td>\u00da\u010dinnost<\/td><td>Existuje \u0159ada pozitivn\u00edch <b>zku\u0161enost\u00ed<\/b><\/td><\/tr><\/tbody><\/table><\/figure>\n\n\n\n<p>Je dobr\u00e9 pravideln\u011b proch\u00e1zet <b>f\u00f3rum<\/b> a recenze u\u017eivatel\u016f, abyste posoudili, jak Formelan ovliv\u0148uje intimn\u00ed \u017eivot mu\u017e\u016f a jejich <b>zku\u0161enosti s<\/b> t\u00edmto dopl\u0148kem. Tyto informace se mohou uk\u00e1zat jako u\u017eite\u010dn\u00e9 p\u0159i rozhodov\u00e1n\u00ed, zda tento produkt pou\u017e\u00edvat.<\/p>\n\n\n\n<h2 class=\"wp-block-heading\">Slo\u017een\u00ed Formelanu &#8211; Co obsahuje?<\/h2>\n\n\n\n<p>Formelan je dopln\u011bk stravy, kter\u00fd vynik\u00e1 <em>jedine\u010dn\u00fdm slo\u017een\u00edm p\u0159\u00edrodn\u00edch slo\u017eek<\/em> ur\u010den\u00fdch <em>ke<\/em> zlep\u0161en\u00ed sexu\u00e1ln\u00edch funkc\u00ed a celkov\u00e9ho stavu organismu. Jeho \u00fa\u010dinky jsou v\u00fdsledkem pe\u010dliv\u011b vybran\u00e9 sm\u011bsi, jej\u00edmi\u017e kl\u00ed\u010dov\u00fdmi <b>slo\u017ekami<\/b> jsou:<\/p>\n\n\n\n<ul class=\"wp-block-list\">\n<li>Guarana &#8211; zn\u00e1m\u00e1 pro sv\u00e9 povzbuzuj\u00edc\u00ed a vytrvalost zvy\u0161uj\u00edc\u00ed vlastnosti.<\/li>\n\n\n\n<li>extrakt z ko\u0159ene \u017een\u0161enu &#8211; podporuje libido a zlep\u0161uje n\u00e1ladu.<\/li>\n\n\n\n<li>Citrulin &#8211; zintenziv\u0148uje krevn\u00ed ob\u011bh a podporuje erekci.<\/li>\n\n\n\n<li>L-arginin &#8211; m\u00e1 vazodilata\u010dn\u00ed \u00fa\u010dinek na c\u00e9vy, co\u017e podporuje lep\u0161\u00ed erekci.<\/li>\n\n\n\n<li>ko\u0159en Maca &#8211; zvy\u0161uje celkovou vitalitu a sexu\u00e1ln\u00ed v\u00fdkonnost.<\/li>\n<\/ul>\n\n\n\n<p>Ka\u017ed\u00e1 slo\u017eka m\u00e1 sv\u00e9 jedine\u010dn\u00e9 vlastnosti, kter\u00e9 spole\u010dn\u011b p\u0159isp\u00edvaj\u00ed k pozitivn\u00edm \u00fa\u010dink\u016fm p\u0159\u00edpravku Formelan. P\u0159ed zah\u00e1jen\u00edm l\u00e9\u010dby se doporu\u010duje pe\u010dliv\u011b si p\u0159e\u010d\u00edst podrobn\u00e9 slo\u017een\u00ed, aby se p\u0159ede\u0161lo mo\u017en\u00fdm alergi\u00edm nebo nesn\u00e1\u0161enlivosti jednotliv\u00fdch <b>slo\u017eek<\/b>.<\/p>\n\n\n\n<h2 class=\"wp-block-heading\">Formelan cena &#8211; Kde koupit?<\/h2>\n\n\n\n<p>Formelan je dopln\u011bk stravy, kter\u00fd lze zakoupit v r\u016fzn\u00fdch prodejn\u00e1ch, v\u010detn\u011b l\u00e9k\u00e1ren a ofici\u00e1ln\u00edch webov\u00fdch str\u00e1nek v\u00fdrobce. <b>Cena<\/b> Formelanu obvykle z\u00e1vis\u00ed na aktu\u00e1ln\u00edch ak\u010dn\u00edch nab\u00eddk\u00e1ch a vybran\u00fdch dodavatel\u00edch. Proto se vyplat\u00ed zkontrolovat n\u011bkolik r\u016fzn\u00fdch m\u00edst, abyste na\u0161li nejv\u00fdhodn\u011bj\u0161\u00ed nab\u00eddku.<\/p>\n\n\n\n<p>N\u00e1kup formelanu p\u0159\u00edmo od ofici\u00e1ln\u00edho v\u00fdrobce zaji\u0161\u0165uje nejen kvalitu v\u00fdrobku, ale tak\u00e9 <b>bezpe\u010dnost<\/b>. Vyhnete se tak pad\u011blk\u016fm, co\u017e je d\u016fle\u017eit\u00e9 zejm\u00e9na u dopl\u0148k\u016f stravy. Formelan je k dispozici bez l\u00e9ka\u0159sk\u00e9ho p\u0159edpisu, co\u017e usnad\u0148uje n\u00e1kup pro ty, kte\u0159\u00ed hledaj\u00ed podporu libida a potence.<\/p>\n\n\n\n<ul class=\"wp-block-list\">\n<li><em>L\u00e9k\u00e1rna:<\/em> kontrola m\u00edstn\u00edch l\u00e9k\u00e1ren v\u00e1m m\u016f\u017ee poskytnout mo\u017enost rychl\u00e9ho n\u00e1kupu.<\/li>\n\n\n\n<li><em>Ofici\u00e1ln\u00ed webov\u00e9 str\u00e1nky v\u00fdrobce:<\/em> Jak nab\u00edz\u00ed aktu\u00e1ln\u00ed propaga\u010dn\u00ed akce a z\u00e1ruku originality.<\/li>\n\n\n\n<li><em>Internetov\u00e9 obchody:<\/em> Mo\u017enost porovnat ceny a naj\u00edt nejv\u00fdhodn\u011bj\u0161\u00ed nab\u00eddku.<\/li>\n<\/ul>\n\n\n\n<h2 class=\"wp-block-heading\">Formelan &#8211; Ne\u017e\u00e1douc\u00ed \u00fa\u010dinky a kontraindikace &#8211; Je bezpe\u010dn\u00fd?<\/h2>\n\n\n\n<p>Formelan je v\u0161eobecn\u011b pova\u017eov\u00e1n za bezpe\u010dn\u00fd dopln\u011bk stravy a jeho slo\u017eky jsou pe\u010dliv\u011b vybr\u00e1ny tak, aby podporovaly potenci a libido. Je v\u0161ak d\u016fle\u017eit\u00e9 si uv\u011bdomit, \u017ee stejn\u011b jako ka\u017ed\u00fd produkt m\u016f\u017ee u n\u011bkter\u00fdch jedinc\u016f vyvolat <strong>ne\u017e\u00e1douc\u00ed \u00fa\u010dinky<\/strong>. Nej\u010dast\u011bji je hl\u00e1\u0161eno drobn\u00e9 podr\u00e1\u017ed\u011bn\u00ed k\u016f\u017ee, kter\u00e9 se m\u016f\u017ee objevit v d\u016fsledku individu\u00e1ln\u00ed citlivosti na slo\u017eky.<\/p>\n\n\n\n<p>D\u016fle\u017eit\u00e9 je tak\u00e9 upozornit na <strong>kontraindikace, kter\u00e9<\/strong> mohou zahrnovat alergie na n\u011bkterou slo\u017eku p\u0159\u00edpravku Formelan nebo interakce s jin\u00fdmi l\u00e9ky. Proto je v\u017edy vhodn\u00e9 se p\u0159ed zah\u00e1jen\u00edm u\u017e\u00edv\u00e1n\u00ed p\u0159\u00edpravku poradit s l\u00e9ka\u0159em. Odborn\u00e1 anal\u00fdza m\u016f\u017ee potvrdit bezpe\u010dnost a \u00fa\u010dinnost takov\u00e9ho \u0159e\u0161en\u00ed, zejm\u00e9na u osob se st\u00e1vaj\u00edc\u00edmi zdravotn\u00edmi probl\u00e9my.<\/p>\n","protected":false},"excerpt":{"rendered":"<p><strong>1080.00 K\u010d<\/strong><\/p>\n<p><del>2160.00 K\u010d<\/del><\/p>\n<p><strong>[date_countdown]<\/strong><\/p>\n","protected":false},"featured_media":11181,"comment_status":"open","ping_status":"closed","template":"","meta":{"neve_meta_sidebar":"","neve_meta_container":"","neve_meta_enable_content_width":"","neve_meta_content_width":0,"neve_meta_title_alignment":"","neve_meta_author_avatar":"","neve_post_elements_order":"","neve_meta_disable_header":"","neve_meta_disable_footer":"","neve_meta_disable_title":"","neve_meta_reading_time":""},"product_brand":[],"product_cat":[265],"product_tag":[],"class_list":{"0":"post-11183","1":"product","2":"type-product","3":"status-publish","4":"has-post-thumbnail","6":"product_cat-sexualni-zdravi","8":"first","9":"instock","10":"shipping-taxable","11":"product-type-external"},"yoast_head":"<!-- This site is optimized with the Yoast SEO plugin v27.4 - https:\/\/yoast.com\/product\/yoast-seo-wordpress\/ -->\n<title>Formelan - Clinica Althea<\/title>\n<meta name=\"robots\" content=\"index, follow, max-snippet:-1, max-image-preview:large, max-video-preview:-1\" \/>\n<link rel=\"canonical\" href=\"https:\/\/www.clinicaalthea.com\/farmacia\/cs\/apt\/formelan\/\" \/>\n<meta property=\"og:locale\" content=\"pl_PL\" \/>\n<meta property=\"og:type\" content=\"article\" \/>\n<meta property=\"og:title\" content=\"Formelan - Clinica Althea\" \/>\n<meta property=\"og:description\" content=\"1080.00 K\u010d 2160.00 K\u010d\" \/>\n<meta property=\"og:url\" content=\"https:\/\/www.clinicaalthea.com\/farmacia\/cs\/apt\/formelan\/\" \/>\n<meta property=\"og:site_name\" content=\"Clinica Althea\" \/>\n<meta property=\"article:modified_time\" content=\"2024-09-17T23:40:12+00:00\" \/>\n<meta property=\"og:image\" content=\"https:\/\/www.clinicaalthea.com\/farmacia\/wp-content\/uploads\/2024\/09\/Formelan.jpg\" \/>\n\t<meta property=\"og:image:width\" content=\"768\" \/>\n\t<meta property=\"og:image:height\" content=\"768\" \/>\n\t<meta property=\"og:image:type\" content=\"image\/jpeg\" \/>\n<meta name=\"twitter:card\" content=\"summary_large_image\" \/>\n<meta name=\"twitter:label1\" content=\"Szacowany czas czytania\" \/>\n\t<meta name=\"twitter:data1\" content=\"7 minut\" \/>\n<script type=\"application\/ld+json\" class=\"yoast-schema-graph\">{\"@context\":\"https:\\\/\\\/schema.org\",\"@graph\":[{\"@type\":\"WebPage\",\"@id\":\"https:\\\/\\\/www.clinicaalthea.com\\\/farmacia\\\/cs\\\/apt\\\/formelan\\\/\",\"url\":\"https:\\\/\\\/www.clinicaalthea.com\\\/farmacia\\\/cs\\\/apt\\\/formelan\\\/\",\"name\":\"Formelan - Clinica Althea\",\"isPartOf\":{\"@id\":\"https:\\\/\\\/www.clinicaalthea.com\\\/farmacia\\\/#website\"},\"primaryImageOfPage\":{\"@id\":\"https:\\\/\\\/www.clinicaalthea.com\\\/farmacia\\\/cs\\\/apt\\\/formelan\\\/#primaryimage\"},\"image\":{\"@id\":\"https:\\\/\\\/www.clinicaalthea.com\\\/farmacia\\\/cs\\\/apt\\\/formelan\\\/#primaryimage\"},\"thumbnailUrl\":\"https:\\\/\\\/www.clinicaalthea.com\\\/farmacia\\\/wp-content\\\/uploads\\\/2024\\\/09\\\/Formelan.jpg\",\"datePublished\":\"2024-09-17T23:33:53+00:00\",\"dateModified\":\"2024-09-17T23:40:12+00:00\",\"breadcrumb\":{\"@id\":\"https:\\\/\\\/www.clinicaalthea.com\\\/farmacia\\\/cs\\\/apt\\\/formelan\\\/#breadcrumb\"},\"inLanguage\":\"pl-PL\",\"potentialAction\":[{\"@type\":\"ReadAction\",\"target\":[\"https:\\\/\\\/www.clinicaalthea.com\\\/farmacia\\\/cs\\\/apt\\\/formelan\\\/\"]}]},{\"@type\":\"ImageObject\",\"inLanguage\":\"pl-PL\",\"@id\":\"https:\\\/\\\/www.clinicaalthea.com\\\/farmacia\\\/cs\\\/apt\\\/formelan\\\/#primaryimage\",\"url\":\"https:\\\/\\\/www.clinicaalthea.com\\\/farmacia\\\/wp-content\\\/uploads\\\/2024\\\/09\\\/Formelan.jpg\",\"contentUrl\":\"https:\\\/\\\/www.clinicaalthea.com\\\/farmacia\\\/wp-content\\\/uploads\\\/2024\\\/09\\\/Formelan.jpg\",\"width\":768,\"height\":768,\"caption\":\"Formelan\"},{\"@type\":\"BreadcrumbList\",\"@id\":\"https:\\\/\\\/www.clinicaalthea.com\\\/farmacia\\\/cs\\\/apt\\\/formelan\\\/#breadcrumb\",\"itemListElement\":[{\"@type\":\"ListItem\",\"position\":1,\"name\":\"Strona g\u0142\u00f3wna\",\"item\":\"https:\\\/\\\/www.clinicaalthea.com\\\/farmacia\\\/\"},{\"@type\":\"ListItem\",\"position\":2,\"name\":\"Produkty\",\"item\":\"https:\\\/\\\/www.clinicaalthea.com\\\/farmacia\\\/\"},{\"@type\":\"ListItem\",\"position\":3,\"name\":\"Formelan\"}]},{\"@type\":\"WebSite\",\"@id\":\"https:\\\/\\\/www.clinicaalthea.com\\\/farmacia\\\/#website\",\"url\":\"https:\\\/\\\/www.clinicaalthea.com\\\/farmacia\\\/\",\"name\":\"Clinica Althea\",\"description\":\"\",\"publisher\":{\"@id\":\"https:\\\/\\\/www.clinicaalthea.com\\\/farmacia\\\/#organization\"},\"potentialAction\":[{\"@type\":\"SearchAction\",\"target\":{\"@type\":\"EntryPoint\",\"urlTemplate\":\"https:\\\/\\\/www.clinicaalthea.com\\\/farmacia\\\/?s={search_term_string}\"},\"query-input\":{\"@type\":\"PropertyValueSpecification\",\"valueRequired\":true,\"valueName\":\"search_term_string\"}}],\"inLanguage\":\"pl-PL\"},{\"@type\":\"Organization\",\"@id\":\"https:\\\/\\\/www.clinicaalthea.com\\\/farmacia\\\/#organization\",\"name\":\"Clinica Althea\",\"url\":\"https:\\\/\\\/www.clinicaalthea.com\\\/farmacia\\\/\",\"logo\":{\"@type\":\"ImageObject\",\"inLanguage\":\"pl-PL\",\"@id\":\"https:\\\/\\\/www.clinicaalthea.com\\\/farmacia\\\/#\\\/schema\\\/logo\\\/image\\\/\",\"url\":\"https:\\\/\\\/www.clinicaalthea.com\\\/farmacia\\\/wp-content\\\/uploads\\\/2023\\\/12\\\/Jak-diagnozuje-sie-FAS_-objawy-kryteria-diagnostyczne-i-metody-diagnozowania-154162903.jpg\",\"contentUrl\":\"https:\\\/\\\/www.clinicaalthea.com\\\/farmacia\\\/wp-content\\\/uploads\\\/2023\\\/12\\\/Jak-diagnozuje-sie-FAS_-objawy-kryteria-diagnostyczne-i-metody-diagnozowania-154162903.jpg\",\"width\":1216,\"height\":832,\"caption\":\"Clinica Althea\"},\"image\":{\"@id\":\"https:\\\/\\\/www.clinicaalthea.com\\\/farmacia\\\/#\\\/schema\\\/logo\\\/image\\\/\"}}]}<\/script>\n<!-- \/ Yoast SEO plugin. -->","yoast_head_json":{"title":"Formelan - Clinica Althea","robots":{"index":"index","follow":"follow","max-snippet":"max-snippet:-1","max-image-preview":"max-image-preview:large","max-video-preview":"max-video-preview:-1"},"canonical":"https:\/\/www.clinicaalthea.com\/farmacia\/cs\/apt\/formelan\/","og_locale":"pl_PL","og_type":"article","og_title":"Formelan - Clinica Althea","og_description":"1080.00 K\u010d 2160.00 K\u010d","og_url":"https:\/\/www.clinicaalthea.com\/farmacia\/cs\/apt\/formelan\/","og_site_name":"Clinica Althea","article_modified_time":"2024-09-17T23:40:12+00:00","og_image":[{"width":768,"height":768,"url":"https:\/\/www.clinicaalthea.com\/farmacia\/wp-content\/uploads\/2024\/09\/Formelan.jpg","type":"image\/jpeg"}],"twitter_card":"summary_large_image","twitter_misc":{"Szacowany czas czytania":"7 minut"},"schema":{"@context":"https:\/\/schema.org","@graph":[{"@type":"WebPage","@id":"https:\/\/www.clinicaalthea.com\/farmacia\/cs\/apt\/formelan\/","url":"https:\/\/www.clinicaalthea.com\/farmacia\/cs\/apt\/formelan\/","name":"Formelan - Clinica Althea","isPartOf":{"@id":"https:\/\/www.clinicaalthea.com\/farmacia\/#website"},"primaryImageOfPage":{"@id":"https:\/\/www.clinicaalthea.com\/farmacia\/cs\/apt\/formelan\/#primaryimage"},"image":{"@id":"https:\/\/www.clinicaalthea.com\/farmacia\/cs\/apt\/formelan\/#primaryimage"},"thumbnailUrl":"https:\/\/www.clinicaalthea.com\/farmacia\/wp-content\/uploads\/2024\/09\/Formelan.jpg","datePublished":"2024-09-17T23:33:53+00:00","dateModified":"2024-09-17T23:40:12+00:00","breadcrumb":{"@id":"https:\/\/www.clinicaalthea.com\/farmacia\/cs\/apt\/formelan\/#breadcrumb"},"inLanguage":"pl-PL","potentialAction":[{"@type":"ReadAction","target":["https:\/\/www.clinicaalthea.com\/farmacia\/cs\/apt\/formelan\/"]}]},{"@type":"ImageObject","inLanguage":"pl-PL","@id":"https:\/\/www.clinicaalthea.com\/farmacia\/cs\/apt\/formelan\/#primaryimage","url":"https:\/\/www.clinicaalthea.com\/farmacia\/wp-content\/uploads\/2024\/09\/Formelan.jpg","contentUrl":"https:\/\/www.clinicaalthea.com\/farmacia\/wp-content\/uploads\/2024\/09\/Formelan.jpg","width":768,"height":768,"caption":"Formelan"},{"@type":"BreadcrumbList","@id":"https:\/\/www.clinicaalthea.com\/farmacia\/cs\/apt\/formelan\/#breadcrumb","itemListElement":[{"@type":"ListItem","position":1,"name":"Strona g\u0142\u00f3wna","item":"https:\/\/www.clinicaalthea.com\/farmacia\/"},{"@type":"ListItem","position":2,"name":"Produkty","item":"https:\/\/www.clinicaalthea.com\/farmacia\/"},{"@type":"ListItem","position":3,"name":"Formelan"}]},{"@type":"WebSite","@id":"https:\/\/www.clinicaalthea.com\/farmacia\/#website","url":"https:\/\/www.clinicaalthea.com\/farmacia\/","name":"Clinica Althea","description":"","publisher":{"@id":"https:\/\/www.clinicaalthea.com\/farmacia\/#organization"},"potentialAction":[{"@type":"SearchAction","target":{"@type":"EntryPoint","urlTemplate":"https:\/\/www.clinicaalthea.com\/farmacia\/?s={search_term_string}"},"query-input":{"@type":"PropertyValueSpecification","valueRequired":true,"valueName":"search_term_string"}}],"inLanguage":"pl-PL"},{"@type":"Organization","@id":"https:\/\/www.clinicaalthea.com\/farmacia\/#organization","name":"Clinica Althea","url":"https:\/\/www.clinicaalthea.com\/farmacia\/","logo":{"@type":"ImageObject","inLanguage":"pl-PL","@id":"https:\/\/www.clinicaalthea.com\/farmacia\/#\/schema\/logo\/image\/","url":"https:\/\/www.clinicaalthea.com\/farmacia\/wp-content\/uploads\/2023\/12\/Jak-diagnozuje-sie-FAS_-objawy-kryteria-diagnostyczne-i-metody-diagnozowania-154162903.jpg","contentUrl":"https:\/\/www.clinicaalthea.com\/farmacia\/wp-content\/uploads\/2023\/12\/Jak-diagnozuje-sie-FAS_-objawy-kryteria-diagnostyczne-i-metody-diagnozowania-154162903.jpg","width":1216,"height":832,"caption":"Clinica Althea"},"image":{"@id":"https:\/\/www.clinicaalthea.com\/farmacia\/#\/schema\/logo\/image\/"}}]}},"lang":"cs","translations":{"cs":11183,"pl":11180,"bg":11185,"da":11187,"de":11189,"hu":11191,"it":11193,"sv":11195,"sk":11197,"sl":11199},"pll_sync_post":[],"_links":{"self":[{"href":"https:\/\/www.clinicaalthea.com\/farmacia\/wp-json\/wp\/v2\/product\/11183","targetHints":{"allow":["GET"]}}],"collection":[{"href":"https:\/\/www.clinicaalthea.com\/farmacia\/wp-json\/wp\/v2\/product"}],"about":[{"href":"https:\/\/www.clinicaalthea.com\/farmacia\/wp-json\/wp\/v2\/types\/product"}],"replies":[{"embeddable":true,"href":"https:\/\/www.clinicaalthea.com\/farmacia\/wp-json\/wp\/v2\/comments?post=11183"}],"wp:featuredmedia":[{"embeddable":true,"href":"https:\/\/www.clinicaalthea.com\/farmacia\/wp-json\/wp\/v2\/media\/11181"}],"wp:attachment":[{"href":"https:\/\/www.clinicaalthea.com\/farmacia\/wp-json\/wp\/v2\/media?parent=11183"}],"wp:term":[{"taxonomy":"product_brand","embeddable":true,"href":"https:\/\/www.clinicaalthea.com\/farmacia\/wp-json\/wp\/v2\/product_brand?post=11183"},{"taxonomy":"product_cat","embeddable":true,"href":"https:\/\/www.clinicaalthea.com\/farmacia\/wp-json\/wp\/v2\/product_cat?post=11183"},{"taxonomy":"product_tag","embeddable":true,"href":"https:\/\/www.clinicaalthea.com\/farmacia\/wp-json\/wp\/v2\/product_tag?post=11183"}],"curies":[{"name":"wp","href":"https:\/\/api.w.org\/{rel}","templated":true}]}}