{"id":11053,"date":"2024-09-17T16:50:13","date_gmt":"2024-09-17T15:50:13","guid":{"rendered":"https:\/\/mayoguide.org\/produkty\/?post_type=product&#038;p=11053"},"modified":"2024-09-17T16:51:25","modified_gmt":"2024-09-17T15:51:25","slug":"vigand-guard-control","status":"publish","type":"product","link":"https:\/\/www.clinicaalthea.com\/farmacia\/it\/apt\/vigand-guard-control\/","title":{"rendered":"Vigand Guard Control"},"content":{"rendered":"\n<h2 class=\"wp-block-heading\">Che cos&#8217;\u00e8 il Vigand Guard Control e come funziona?<\/h2>\n\n\n\n<p><b>Vigand Guard Control<\/b> \u00e8 un <em>integratore ormonale<\/em> all&#8217;avanguardia pensato per gli uomini che desiderano migliorare la propria salute sessuale. La formula utilizza un&#8217;esclusiva formulazione transdermica che consente di assorbire efficacemente i principi attivi attraverso la pelle. <b>Come funziona Vigand Guard Control<\/b>? L <b>&#8216;uso<\/b> sistematico <b>del<\/b> cerotto favorisce l&#8217;armonizzazione dell&#8217;equilibrio ormonale, con effetti positivi sulla qualit\u00e0 della vita sessuale.<\/p>\n\n\n\n<p><b>L&#8217;uso di<\/b> questi cerotti porta a un graduale miglioramento della salute e l&#8217;organismo entra in uno stato di equilibrio ormonale. Gli ingredienti chiave del cerotto, come l&#8217;estratto di Hodia Gordonii e la L-arginina, hanno un effetto positivo sul flusso sanguigno del pene e aumentano la libido. Le ricerche dimostrano che fino al 52% degli uomini di et\u00e0 compresa tra i 40 e i 70 anni ha avuto difficolt\u00e0 di erezione almeno una volta nella vita, evidenziando l&#8217;importanza di tale supporto.<\/p>\n\n\n\n<p>I cerotti Vigand Guard Control attraversano tre fasi terapeutiche in soli 28 giorni:<\/p>\n\n\n\n<ul class=\"wp-block-list\">\n<li><em>Fase di adattamento<\/em>: Riduce lo stress e aumenta la fiducia in se stessi, aspetto fondamentale per la salute degli uomini.<\/li>\n\n\n\n<li><em>Fase di supporto completo<\/em>: Inizia la stimolazione della ghiandola pituitaria, con conseguente miglioramento della circolazione sanguigna nella parte inferiore del corpo.<\/li>\n\n\n\n<li><em>Fase di stabilizzazione<\/em>: Mantiene gli effetti raggiunti e favorisce erezioni durature.<\/li>\n<\/ul>\n\n\n\n<p>Il contenuto di ingredienti naturali, come l&#8217;estratto di alga Fucus Vesiculosus e l&#8217;estratto di frutta Euterpe Oleracea, rende Vigand Guard Control un eccellente supporto per la salute maschile. L <b>&#8216;uso<\/b> regolare contribuisce a migliorare la funzione sessuale, la lubrificazione e la qualit\u00e0 della vita sessuale.<\/p>\n\n\n\n<figure class=\"wp-block-table\"><table><tbody><tr><th>Fase<\/th><th>Obiettivo<\/th><th>Effetti<\/th><\/tr><tr><td>Adattamento<\/td><td>Ridurre lo stress e aumentare la fiducia in se stessi<\/td><td>Miglioramento del benessere mentale<\/td><\/tr><tr><td>Supporto completo<\/td><td>Stimolazione ipofisaria<\/td><td>Migliore afflusso di sangue, erezioni pi\u00f9 durature<\/td><\/tr><tr><td>Stabilizzazione<\/td><td>Mantenere i risultati raggiunti<\/td><td>Migliorare la qualit\u00e0 della vita sessuale<\/td><\/tr><\/tbody><\/table><\/figure>\n\n\n\n<h2 class=\"wp-block-heading\">Vigand Guard Control &#8211; effetti dell&#8217;utilizzo<\/h2>\n\n\n\n<p>L&#8217;uso di Vigand Guard Control ha una serie di effetti positivi che si notano gi\u00e0 dopo un breve periodo di tempo. Gli utilizzatori riferiscono significativi miglioramenti della potenza sia mentale che fisica, con conseguente miglioramento della qualit\u00e0 della vita sessuale. Questi meccanismi sono particolarmente rilevanti di fronte alle statistiche che mostrano che oltre l&#8217;87% degli uomini di et\u00e0 superiore ai 25 anni lotta con varie disfunzioni sessuali.<\/p>\n\n\n\n<p>Grazie a principi attivi come l&#8217;estratto di Hodia Gordii, l&#8217;estratto di Fucus Vesiculosus e l&#8217;estratto di foglie di Camelia Sinensis, gli utenti sperimentano una maggiore eccitazione e un miglioramento del flusso sanguigno che influisce sulla funzione sessuale. <b>Gli effetti di Vigand Guard Control<\/b> comprendono anche un aumento della produzione di sperma e un&#8217;efficace pulizia dell&#8217;organismo dalle tossine che possono influire negativamente sulla libido.<\/p>\n\n\n\n<p>Uno dei <b>vantaggi<\/b> principali <b>di<\/b> questo integratore per uomini \u00e8 il rapido assorbimento degli ingredienti attraverso la pelle. I cerotti contrastano i problemi ormonali del 90% degli uomini, che spesso nascondono queste difficolt\u00e0. I clienti sperimentano una maggiore fiducia in se stessi e l&#8217;eliminazione dei complessi legati alla mascolinit\u00e0, che si traduce in una soddisfazione complessiva della loro vita intima.<\/p>\n\n\n\n<blockquote class=\"wp-block-quote is-layout-flow wp-block-quote-is-layout-flow\">\n<p>&#8220;Vigand Guard Control non \u00e8 solo un integratore. \u00c8 un&#8217;esperienza che restituisce la gioia di vivere&#8221;.<\/p>\n<\/blockquote>\n\n\n\n<p>Il trattamento dura solo 28 giorni, il che lo rende un&#8217;opzione interessante per gli uomini che vogliono sperimentare <b>benefici<\/b> reali in un breve periodo di tempo. I cerotti offrono una dose stabile e controllata di principi attivi per un determinato periodo di tempo, garantendo risultati prevedibili e testimoniando l&#8217;approccio moderno dei produttori alla salute degli uomini.<\/p>\n\n\n\n<h2 class=\"wp-block-heading\">Come utilizzare Vigand Guard Control? &#8211; Dosaggio e raccomandazioni<\/h2>\n\n\n\n<p>Il <em>dosaggio<\/em> corretto <em>di Vigand Guard Control<\/em> \u00e8 fondamentale per ottenere risultati ottimali. Il prodotto deve essere utilizzato per 28 giorni per ottenere i risultati desiderati. <b>Le istruzioni<\/b> raccomandano di applicare un cerotto sulla pelle ogni giorno. \u00c8 preferibile applicarlo sulla zona della schiena, evitando le aree che possono essere soggette a irritazioni o sfregamenti.<\/p>\n\n\n\n<h2 class=\"wp-block-heading\">Vigand Guard Control &#8211; Opinioni e recensioni, forum<\/h2>\n\n\n\n<p>In rete \u00e8 possibile trovare un gran numero di <em>recensioni di Vigand Guard Control<\/em>, che riflettono le diverse esperienze degli uomini che utilizzano l&#8217;integratore. Nelle discussioni sui forum, gli utenti si scambiano <em>consigli<\/em>, spesso sottolineando <em>gli<\/em> effetti positivi dell&#8217;uso, come il miglioramento della potenza e il rafforzamento generale del corpo.<\/p>\n\n\n\n<p>Nelle <em>recensioni<\/em>, alcuni affermano che gli effetti si notano gi\u00e0 dopo un breve periodo di utilizzo. Gli utenti sottolineano la forma accessibile dell&#8217;integratore e la mancanza di problemi nell&#8217;assunzione. Medici e specialisti in urologia sostengono queste affermazioni, sottolineando i <b>benefici<\/b> per la salute associati al suo uso regolare.<\/p>\n\n\n\n<p>Di seguito \u00e8 riportato un riepilogo delle <em>recensioni<\/em> pi\u00f9 frequenti <em>di Vigand Guard Control<\/em> negli ultimi mesi:<\/p>\n\n\n\n<figure class=\"wp-block-table\"><table><tbody><tr><th>Opinioni<\/th><\/tr><tr><td>&#8220;Ottimo prodotto, risultati visibili dopo una settimana!&#8221;.<\/td><\/tr><tr><td>&#8220;Funziona meglio di quanto mi aspettassi. Lo consiglio vivamente!&#8221;<\/td><\/tr><tr><td>&#8220;Facile da applicare e ottimi risultati&#8221;.<\/td><\/tr><tr><td>&#8220;Ha sicuramente migliorato la mia vitalit\u00e0&#8221;.<\/td><\/tr><\/tbody><\/table><\/figure>\n\n\n\n<p>Vale la pena seguire <em>le recensioni<\/em> e i commenti sul forum per tenersi aggiornati sulle nuove informazioni e sui <em>consigli degli utenti<\/em>, che possono aiutare a decidere se utilizzare Vigand Guard Control.<\/p>\n\n\n\n<h2 class=\"wp-block-heading\">Vigand Guard Control &#8211; Composizione &#8211; Analisi degli ingredienti<\/h2>\n\n\n\n<p>Vigand Guard Control \u00e8 un <b>integratore alimentare<\/b> la cui <em>composizione Vigand Guard Control<\/em> \u00e8 stata accuratamente selezionata per sostenere la salute del sistema endocrino maschile. La sua formulazione contiene <em>sostanze attive<\/em> come aminoacidi, tra cui la L-arginina, nonch\u00e9 vitamine e minerali essenziali. La loro azione \u00e8 volta a migliorare la circolazione sanguigna, con effetti positivi sulla funzione sessuale e sulla vitalit\u00e0 generale degli utenti.<\/p>\n\n\n\n<p>Esempi di ingredienti in un&#8217;<em>analisi<\/em> degli ingredienti possono essere:<\/p>\n\n\n\n<ul class=\"wp-block-list\">\n<li>L-arginina &#8211; favorisce la circolazione sanguigna e migliora la funzione erettile.<\/li>\n\n\n\n<li>Vitamina D &#8211; influisce in modo significativo sulla produzione di testosterone.<\/li>\n\n\n\n<li>Zinco &#8211; fondamentale per la salute della prostata e la produzione di sperma.<\/li>\n<\/ul>\n\n\n\n<p>Vale la pena notare che la formula di questo integratore non contiene sostanze chimiche nocive, il che conferma la sua <b>sicurezza<\/b> ed efficacia con un uso regolare. Osservando l <em>&#8216;analisi degli ingredienti<\/em>, \u00e8 possibile vedere come gli ingredienti ben scelti possano influire sulle condizioni del corpo maschile.<\/p>\n\n\n\n<figure class=\"wp-block-table\"><table><tbody><tr><th>Componente<\/th><th>Vantaggi<\/th><\/tr><tr><td>L-arginina<\/td><td>Migliora la circolazione sanguigna<\/td><\/tr><tr><td>Vitamina D<\/td><td>Favorisce la produzione di testosterone<\/td><\/tr><tr><td>Zinco<\/td><td>Sostegno alla salute della prostata<\/td><\/tr><\/tbody><\/table><\/figure>\n\n\n\n<h2 class=\"wp-block-heading\">Dove acquistare e Quanto costa Vigand Guard Control &#8211; prezzo<\/h2>\n\n\n\n<p>Vigand Guard Control \u00e8 un prodotto disponibile solo online, il che influisce significativamente sul suo <em>prezzo<\/em>. Per sapere <em>dove acquistare Vigand Guard Control<\/em>, visitare il sito ufficiale del produttore. Acquistare direttamente dal <em>produttore<\/em> garantisce di ricevere un prodotto originale ed efficace. Vale anche la pena di notare che l&#8217;eliminazione dei costi di distribuzione stazionaria contribuisce a rendere i prezzi pi\u00f9 accessibili.<\/p>\n\n\n\n<p><b>Il prezzo di<\/b> Vigand Guard Control pu\u00f2 variare in base alle promozioni in corso. Seguire regolarmente le offerte sul sito web <em>del produttore<\/em> consente di beneficiare di sconti interessanti.<\/p>\n\n\n\n<h2 class=\"wp-block-heading\">Vigand Guard Control &#8211; Effetti collaterali e controindicazioni &#8211; Sicurezza d&#8217;uso<\/h2>\n\n\n\n<p>Vigand Guard Control, nonostante la sua relativa sicurezza, pu\u00f2 causare alcuni effetti collaterali, come irritazione della pelle o reazioni allergiche. Anche se oltre il 96% degli uomini che utilizzano questo integratore non riporta effetti negativi, \u00e8 importante essere consapevoli delle potenziali reazioni. Chi ha gi\u00e0 problemi di salute, come condizioni cardiache o ormonali, dovrebbe consultare un medico prima di iniziare l&#8217;assunzione. Questi accorgimenti sono fondamentali per la sicurezza.<\/p>\n\n\n\n<p>Le <b>controindicazioni<\/b> all&#8217;uso di Vigand Guard Control possono includere persone allergiche agli ingredienti del prodotto. A prescindere dalla sicurezza generale, ogni organismo \u00e8 diverso e pu\u00f2 reagire in modo diverso. Si raccomanda agli utenti di cercare di capire le proprie condizioni di salute prima di decidere di assumere l&#8217;integratore, per evitare possibili problemi di salute.<\/p>\n\n\n\n<p><b>La sicurezza di<\/b> Vigand Guard Control \u00e8 una considerazione fondamentale per gli utenti. \u00c8 bene tenersi aggiornati sugli effetti collaterali di Vigand Guard Control e seguire le raccomandazioni di dosaggio e gli eventuali consigli di uno specialista. In definitiva, un approccio attento alla salute pu\u00f2 fare una differenza significativa per il successo della terapia.<\/p>\n","protected":false},"excerpt":{"rendered":"<p><strong>55.00 \u20ac<\/strong><\/p>\n<p><del>110.00 \u20ac<\/del><\/p>\n<p><strong>[date_countdown]<\/strong><\/p>\n","protected":false},"featured_media":11046,"comment_status":"open","ping_status":"closed","template":"","meta":{"neve_meta_sidebar":"","neve_meta_container":"","neve_meta_enable_content_width":"","neve_meta_content_width":0,"neve_meta_title_alignment":"","neve_meta_author_avatar":"","neve_post_elements_order":"","neve_meta_disable_header":"","neve_meta_disable_footer":"","neve_meta_disable_title":"","neve_meta_reading_time":""},"product_brand":[],"product_cat":[278],"product_tag":[],"class_list":{"0":"post-11053","1":"product","2":"type-product","3":"status-publish","4":"has-post-thumbnail","6":"product_cat-salute-sessuale","8":"first","9":"instock","10":"shipping-taxable","11":"product-type-external"},"yoast_head":"<!-- This site is optimized with the Yoast SEO plugin v27.4 - https:\/\/yoast.com\/product\/yoast-seo-wordpress\/ -->\n<title>Vigand Guard Control - Clinica Althea<\/title>\n<meta name=\"robots\" content=\"index, follow, max-snippet:-1, max-image-preview:large, max-video-preview:-1\" \/>\n<link rel=\"canonical\" href=\"https:\/\/www.clinicaalthea.com\/farmacia\/it\/apt\/vigand-guard-control\/\" \/>\n<meta property=\"og:locale\" content=\"pl_PL\" \/>\n<meta property=\"og:type\" content=\"article\" \/>\n<meta property=\"og:title\" content=\"Vigand Guard Control - Clinica Althea\" \/>\n<meta property=\"og:description\" content=\"55.00 \u20ac 110.00 \u20ac\" \/>\n<meta property=\"og:url\" content=\"https:\/\/www.clinicaalthea.com\/farmacia\/it\/apt\/vigand-guard-control\/\" \/>\n<meta property=\"og:site_name\" content=\"Clinica Althea\" \/>\n<meta property=\"article:modified_time\" content=\"2024-09-17T15:51:25+00:00\" \/>\n<meta property=\"og:image\" content=\"https:\/\/www.clinicaalthea.com\/farmacia\/wp-content\/uploads\/2024\/09\/Vigand-Guard-Control.jpg\" \/>\n\t<meta property=\"og:image:width\" content=\"768\" \/>\n\t<meta property=\"og:image:height\" content=\"768\" \/>\n\t<meta property=\"og:image:type\" content=\"image\/jpeg\" \/>\n<meta name=\"twitter:card\" content=\"summary_large_image\" \/>\n<meta name=\"twitter:label1\" content=\"Szacowany czas czytania\" \/>\n\t<meta name=\"twitter:data1\" content=\"8 minut\" \/>\n<script type=\"application\/ld+json\" class=\"yoast-schema-graph\">{\"@context\":\"https:\\\/\\\/schema.org\",\"@graph\":[{\"@type\":\"WebPage\",\"@id\":\"https:\\\/\\\/www.clinicaalthea.com\\\/farmacia\\\/it\\\/apt\\\/vigand-guard-control\\\/\",\"url\":\"https:\\\/\\\/www.clinicaalthea.com\\\/farmacia\\\/it\\\/apt\\\/vigand-guard-control\\\/\",\"name\":\"Vigand Guard Control - Clinica Althea\",\"isPartOf\":{\"@id\":\"https:\\\/\\\/www.clinicaalthea.com\\\/farmacia\\\/#website\"},\"primaryImageOfPage\":{\"@id\":\"https:\\\/\\\/www.clinicaalthea.com\\\/farmacia\\\/it\\\/apt\\\/vigand-guard-control\\\/#primaryimage\"},\"image\":{\"@id\":\"https:\\\/\\\/www.clinicaalthea.com\\\/farmacia\\\/it\\\/apt\\\/vigand-guard-control\\\/#primaryimage\"},\"thumbnailUrl\":\"https:\\\/\\\/www.clinicaalthea.com\\\/farmacia\\\/wp-content\\\/uploads\\\/2024\\\/09\\\/Vigand-Guard-Control.jpg\",\"datePublished\":\"2024-09-17T15:50:13+00:00\",\"dateModified\":\"2024-09-17T15:51:25+00:00\",\"breadcrumb\":{\"@id\":\"https:\\\/\\\/www.clinicaalthea.com\\\/farmacia\\\/it\\\/apt\\\/vigand-guard-control\\\/#breadcrumb\"},\"inLanguage\":\"pl-PL\",\"potentialAction\":[{\"@type\":\"ReadAction\",\"target\":[\"https:\\\/\\\/www.clinicaalthea.com\\\/farmacia\\\/it\\\/apt\\\/vigand-guard-control\\\/\"]}]},{\"@type\":\"ImageObject\",\"inLanguage\":\"pl-PL\",\"@id\":\"https:\\\/\\\/www.clinicaalthea.com\\\/farmacia\\\/it\\\/apt\\\/vigand-guard-control\\\/#primaryimage\",\"url\":\"https:\\\/\\\/www.clinicaalthea.com\\\/farmacia\\\/wp-content\\\/uploads\\\/2024\\\/09\\\/Vigand-Guard-Control.jpg\",\"contentUrl\":\"https:\\\/\\\/www.clinicaalthea.com\\\/farmacia\\\/wp-content\\\/uploads\\\/2024\\\/09\\\/Vigand-Guard-Control.jpg\",\"width\":768,\"height\":768,\"caption\":\"Vigand Guard Control\"},{\"@type\":\"BreadcrumbList\",\"@id\":\"https:\\\/\\\/www.clinicaalthea.com\\\/farmacia\\\/it\\\/apt\\\/vigand-guard-control\\\/#breadcrumb\",\"itemListElement\":[{\"@type\":\"ListItem\",\"position\":1,\"name\":\"Strona g\u0142\u00f3wna\",\"item\":\"https:\\\/\\\/www.clinicaalthea.com\\\/farmacia\\\/\"},{\"@type\":\"ListItem\",\"position\":2,\"name\":\"Produkty\",\"item\":\"https:\\\/\\\/www.clinicaalthea.com\\\/farmacia\\\/\"},{\"@type\":\"ListItem\",\"position\":3,\"name\":\"Vigand Guard Control\"}]},{\"@type\":\"WebSite\",\"@id\":\"https:\\\/\\\/www.clinicaalthea.com\\\/farmacia\\\/#website\",\"url\":\"https:\\\/\\\/www.clinicaalthea.com\\\/farmacia\\\/\",\"name\":\"Clinica Althea\",\"description\":\"\",\"publisher\":{\"@id\":\"https:\\\/\\\/www.clinicaalthea.com\\\/farmacia\\\/#organization\"},\"potentialAction\":[{\"@type\":\"SearchAction\",\"target\":{\"@type\":\"EntryPoint\",\"urlTemplate\":\"https:\\\/\\\/www.clinicaalthea.com\\\/farmacia\\\/?s={search_term_string}\"},\"query-input\":{\"@type\":\"PropertyValueSpecification\",\"valueRequired\":true,\"valueName\":\"search_term_string\"}}],\"inLanguage\":\"pl-PL\"},{\"@type\":\"Organization\",\"@id\":\"https:\\\/\\\/www.clinicaalthea.com\\\/farmacia\\\/#organization\",\"name\":\"Clinica Althea\",\"url\":\"https:\\\/\\\/www.clinicaalthea.com\\\/farmacia\\\/\",\"logo\":{\"@type\":\"ImageObject\",\"inLanguage\":\"pl-PL\",\"@id\":\"https:\\\/\\\/www.clinicaalthea.com\\\/farmacia\\\/#\\\/schema\\\/logo\\\/image\\\/\",\"url\":\"https:\\\/\\\/www.clinicaalthea.com\\\/farmacia\\\/wp-content\\\/uploads\\\/2023\\\/12\\\/Jak-diagnozuje-sie-FAS_-objawy-kryteria-diagnostyczne-i-metody-diagnozowania-154162903.jpg\",\"contentUrl\":\"https:\\\/\\\/www.clinicaalthea.com\\\/farmacia\\\/wp-content\\\/uploads\\\/2023\\\/12\\\/Jak-diagnozuje-sie-FAS_-objawy-kryteria-diagnostyczne-i-metody-diagnozowania-154162903.jpg\",\"width\":1216,\"height\":832,\"caption\":\"Clinica Althea\"},\"image\":{\"@id\":\"https:\\\/\\\/www.clinicaalthea.com\\\/farmacia\\\/#\\\/schema\\\/logo\\\/image\\\/\"}}]}<\/script>\n<!-- \/ Yoast SEO plugin. -->","yoast_head_json":{"title":"Vigand Guard Control - Clinica Althea","robots":{"index":"index","follow":"follow","max-snippet":"max-snippet:-1","max-image-preview":"max-image-preview:large","max-video-preview":"max-video-preview:-1"},"canonical":"https:\/\/www.clinicaalthea.com\/farmacia\/it\/apt\/vigand-guard-control\/","og_locale":"pl_PL","og_type":"article","og_title":"Vigand Guard Control - Clinica Althea","og_description":"55.00 \u20ac 110.00 \u20ac","og_url":"https:\/\/www.clinicaalthea.com\/farmacia\/it\/apt\/vigand-guard-control\/","og_site_name":"Clinica Althea","article_modified_time":"2024-09-17T15:51:25+00:00","og_image":[{"width":768,"height":768,"url":"https:\/\/www.clinicaalthea.com\/farmacia\/wp-content\/uploads\/2024\/09\/Vigand-Guard-Control.jpg","type":"image\/jpeg"}],"twitter_card":"summary_large_image","twitter_misc":{"Szacowany czas czytania":"8 minut"},"schema":{"@context":"https:\/\/schema.org","@graph":[{"@type":"WebPage","@id":"https:\/\/www.clinicaalthea.com\/farmacia\/it\/apt\/vigand-guard-control\/","url":"https:\/\/www.clinicaalthea.com\/farmacia\/it\/apt\/vigand-guard-control\/","name":"Vigand Guard Control - Clinica Althea","isPartOf":{"@id":"https:\/\/www.clinicaalthea.com\/farmacia\/#website"},"primaryImageOfPage":{"@id":"https:\/\/www.clinicaalthea.com\/farmacia\/it\/apt\/vigand-guard-control\/#primaryimage"},"image":{"@id":"https:\/\/www.clinicaalthea.com\/farmacia\/it\/apt\/vigand-guard-control\/#primaryimage"},"thumbnailUrl":"https:\/\/www.clinicaalthea.com\/farmacia\/wp-content\/uploads\/2024\/09\/Vigand-Guard-Control.jpg","datePublished":"2024-09-17T15:50:13+00:00","dateModified":"2024-09-17T15:51:25+00:00","breadcrumb":{"@id":"https:\/\/www.clinicaalthea.com\/farmacia\/it\/apt\/vigand-guard-control\/#breadcrumb"},"inLanguage":"pl-PL","potentialAction":[{"@type":"ReadAction","target":["https:\/\/www.clinicaalthea.com\/farmacia\/it\/apt\/vigand-guard-control\/"]}]},{"@type":"ImageObject","inLanguage":"pl-PL","@id":"https:\/\/www.clinicaalthea.com\/farmacia\/it\/apt\/vigand-guard-control\/#primaryimage","url":"https:\/\/www.clinicaalthea.com\/farmacia\/wp-content\/uploads\/2024\/09\/Vigand-Guard-Control.jpg","contentUrl":"https:\/\/www.clinicaalthea.com\/farmacia\/wp-content\/uploads\/2024\/09\/Vigand-Guard-Control.jpg","width":768,"height":768,"caption":"Vigand Guard Control"},{"@type":"BreadcrumbList","@id":"https:\/\/www.clinicaalthea.com\/farmacia\/it\/apt\/vigand-guard-control\/#breadcrumb","itemListElement":[{"@type":"ListItem","position":1,"name":"Strona g\u0142\u00f3wna","item":"https:\/\/www.clinicaalthea.com\/farmacia\/"},{"@type":"ListItem","position":2,"name":"Produkty","item":"https:\/\/www.clinicaalthea.com\/farmacia\/"},{"@type":"ListItem","position":3,"name":"Vigand Guard Control"}]},{"@type":"WebSite","@id":"https:\/\/www.clinicaalthea.com\/farmacia\/#website","url":"https:\/\/www.clinicaalthea.com\/farmacia\/","name":"Clinica Althea","description":"","publisher":{"@id":"https:\/\/www.clinicaalthea.com\/farmacia\/#organization"},"potentialAction":[{"@type":"SearchAction","target":{"@type":"EntryPoint","urlTemplate":"https:\/\/www.clinicaalthea.com\/farmacia\/?s={search_term_string}"},"query-input":{"@type":"PropertyValueSpecification","valueRequired":true,"valueName":"search_term_string"}}],"inLanguage":"pl-PL"},{"@type":"Organization","@id":"https:\/\/www.clinicaalthea.com\/farmacia\/#organization","name":"Clinica Althea","url":"https:\/\/www.clinicaalthea.com\/farmacia\/","logo":{"@type":"ImageObject","inLanguage":"pl-PL","@id":"https:\/\/www.clinicaalthea.com\/farmacia\/#\/schema\/logo\/image\/","url":"https:\/\/www.clinicaalthea.com\/farmacia\/wp-content\/uploads\/2023\/12\/Jak-diagnozuje-sie-FAS_-objawy-kryteria-diagnostyczne-i-metody-diagnozowania-154162903.jpg","contentUrl":"https:\/\/www.clinicaalthea.com\/farmacia\/wp-content\/uploads\/2023\/12\/Jak-diagnozuje-sie-FAS_-objawy-kryteria-diagnostyczne-i-metody-diagnozowania-154162903.jpg","width":1216,"height":832,"caption":"Clinica Althea"},"image":{"@id":"https:\/\/www.clinicaalthea.com\/farmacia\/#\/schema\/logo\/image\/"}}]}},"lang":"it","translations":{"it":11053,"pl":11045,"de":11048,"hu":11051,"sl":11055,"sv":11057},"pll_sync_post":[],"_links":{"self":[{"href":"https:\/\/www.clinicaalthea.com\/farmacia\/wp-json\/wp\/v2\/product\/11053","targetHints":{"allow":["GET"]}}],"collection":[{"href":"https:\/\/www.clinicaalthea.com\/farmacia\/wp-json\/wp\/v2\/product"}],"about":[{"href":"https:\/\/www.clinicaalthea.com\/farmacia\/wp-json\/wp\/v2\/types\/product"}],"replies":[{"embeddable":true,"href":"https:\/\/www.clinicaalthea.com\/farmacia\/wp-json\/wp\/v2\/comments?post=11053"}],"wp:featuredmedia":[{"embeddable":true,"href":"https:\/\/www.clinicaalthea.com\/farmacia\/wp-json\/wp\/v2\/media\/11046"}],"wp:attachment":[{"href":"https:\/\/www.clinicaalthea.com\/farmacia\/wp-json\/wp\/v2\/media?parent=11053"}],"wp:term":[{"taxonomy":"product_brand","embeddable":true,"href":"https:\/\/www.clinicaalthea.com\/farmacia\/wp-json\/wp\/v2\/product_brand?post=11053"},{"taxonomy":"product_cat","embeddable":true,"href":"https:\/\/www.clinicaalthea.com\/farmacia\/wp-json\/wp\/v2\/product_cat?post=11053"},{"taxonomy":"product_tag","embeddable":true,"href":"https:\/\/www.clinicaalthea.com\/farmacia\/wp-json\/wp\/v2\/product_tag?post=11053"}],"curies":[{"name":"wp","href":"https:\/\/api.w.org\/{rel}","templated":true}]}}