{"id":10917,"date":"2024-09-12T21:01:44","date_gmt":"2024-09-12T20:01:44","guid":{"rendered":"https:\/\/mayoguide.org\/produkty\/?post_type=product&#038;p=10917"},"modified":"2024-09-12T21:06:07","modified_gmt":"2024-09-12T20:06:07","slug":"rhino-gold-gel","status":"publish","type":"product","link":"https:\/\/www.clinicaalthea.com\/farmacia\/es\/apt\/rhino-gold-gel\/","title":{"rendered":"Rhino Gold Gel"},"content":{"rendered":"\n<h2 class=\"wp-block-heading\">Rhino Gold Gel &#8211; Alargamiento del pene y aumento de la potencia eficaces<\/h2>\n\n\n\n<p>Rhino Gold Gel es una soluci\u00f3n innovadora para los hombres que desean aumentar el tama\u00f1o de su pene y mejorar su potencia sexual. Con el uso regular de este gel, es posible conseguir resultados visibles, que afectan tanto a los aspectos f\u00edsicos como psicol\u00f3gicos de la vida \u00edntima.<\/p>\n\n\n\n<p><em>Alargamiento eficaz del pene:<\/em><\/p>\n\n\n\n<p><b>La acci\u00f3n<\/b> del Gel Rhino Gold se basa en ingredientes seleccionados con precisi\u00f3n que favorecen la dilataci\u00f3n de los vasos sangu\u00edneos de la zona genital. Mejoran el flujo sangu\u00edneo y permiten que fluya m\u00e1s sangre hacia los cuerpos cavernosos del pene, lo que puede contribuir a aumentar su tama\u00f1o. El uso regular del gel puede tener efectos duraderos en forma de alargamiento del pene.<\/p>\n\n\n\n<p><em>Mejora de la potencia sexual:<\/em><\/p>\n\n\n\n<p>Rhino Gold Gel no s\u00f3lo afecta al tama\u00f1o del pene, sino tambi\u00e9n a la calidad de la erecci\u00f3n y al rendimiento sexual. <b>Los ingredientes<\/b> del gel pueden ayudar a mantener una erecci\u00f3n m\u00e1s fuerte y prolongada, lo que se traduce en una experiencia sexual intensa tanto para el hombre como para su pareja. El aumento de la resistencia sexual permite disfrutar de una experiencia \u00edntima m\u00e1s plena y satisfactoria.<\/p>\n\n\n\n<blockquote class=\"wp-block-quote is-layout-flow wp-block-quote-is-layout-flow\">\n<p>&#8220;Gracias a Rhino Gold Gel, he descubierto toda una nueva dimensi\u00f3n de satisfacci\u00f3n con mi vida sexual. El visible alargamiento de mi pene y la mejora de la calidad de mis erecciones me han hecho sentir m\u00e1s seguro y satisfecho.&#8221; &#8211; Marcin, 38 a\u00f1os<\/p>\n<\/blockquote>\n\n\n\n<h2 class=\"wp-block-heading\">Gel Rhino Gold &#8211; Composici\u00f3n natural y resultados r\u00e1pidos<\/h2>\n\n\n\n<p>Rhino Gold Gel es un gel innovador con una formulaci\u00f3n natural que proporciona <b>resultados r\u00e1pidos<\/b> en la mejora de la salud sexual masculina. Gracias a su formulaci\u00f3n \u00fanica, este gel es seguro de usar y no tiene efectos secundarios. Sus <b>ingredientes<\/b> naturales act\u00faan de forma sin\u00e9rgica para favorecer la circulaci\u00f3n sangu\u00ednea en la zona genital y aumentar el tama\u00f1o del pene.<\/p>\n\n\n\n<p>La composici\u00f3n del Gel Rhino Gold se basa en extractos vegetales cuidadosamente seleccionados, como el macis, el ginseng y el ginkgo biloba. Estas sustancias naturales estimulan la circulaci\u00f3n sangu\u00ednea, lo que se traduce en mejores erecciones y sensaciones sexuales m\u00e1s intensas. Adem\u00e1s, el gel contiene L-arginina, que ayuda a producir \u00f3xido n\u00edtrico, dilatando los vasos sangu\u00edneos.<\/p>\n\n\n\n<p>La combinaci\u00f3n de ingredientes del Gel Rhino Gold permite una <b>acci\u00f3n<\/b> r\u00e1pida, por lo que los hombres pueden esperar resultados r\u00e1pidos. El uso regular del gel puede provocar un aumento del volumen de los cuerpos cavernosos del pene, lo que se traduce en un aumento del tama\u00f1o del pene y de su volumen durante la erecci\u00f3n.<\/p>\n\n\n\n<blockquote class=\"wp-block-quote is-layout-flow wp-block-quote-is-layout-flow\">\n<p>&#8220;Rhino Gold Gel ha hecho que mi vida sexual sea mucho m\u00e1s satisfactoria. No s\u00f3lo mi erecci\u00f3n es m\u00e1s fuerte y m\u00e1s larga, sino que tambi\u00e9n ha aumentado la intensidad del orgasmo. Recomiendo este gel a todos los hombres que quieran mejorar su vida \u00edntima&#8221;. &#8211; Kamil, 38<\/p>\n<\/blockquote>\n\n\n\n<p>Para obtener los mejores resultados, Rhino Gold Gel debe utilizarse con regularidad, tal como recomienda el fabricante. Ya despu\u00e9s de un corto per\u00edodo de uso regular, notar\u00e1 resultados visibles, como la <b>mejora de las erecciones<\/b>, el aumento de la resistencia sexual y la satisfacci\u00f3n completa con su vida \u00edntima.<\/p>\n\n\n\n<figure class=\"wp-block-table\"><table><tbody><tr><th>Gel Rhino Gold &#8211; Composici\u00f3n natural y resultados r\u00e1pidos<\/th><\/tr><tr><td><b>Composici\u00f3n natural<\/b><\/td><td>S\u00ed<\/td><\/tr><tr><td>Uso seguro<\/td><td>S\u00ed<\/td><\/tr><tr><td><b>Efectos r\u00e1pidos<\/b><\/td><td>S\u00ed<\/td><\/tr><tr><td>Mejora de la circulaci\u00f3n sangu\u00ednea en la zona genital<\/td><td>S\u00ed<\/td><\/tr><tr><td>Aumentar el tama\u00f1o del pene<\/td><td>S\u00ed<\/td><\/tr><tr><td>Experiencia sexual intensa<\/td><td>S\u00ed<\/td><\/tr><\/tbody><\/table><\/figure>\n\n\n\n<h2 class=\"wp-block-heading\">Rhino Gold Gel &#8211; Ingredientes y su efecto<\/h2>\n\n\n\n<p>Los ingredientes del Gel Rhino Gold incluyen macis, L-arginina, ginseng y ginkgo biloba. Estos <b>ingredientes<\/b> naturales act\u00faan de forma sin\u00e9rgica para proporcionar un apoyo eficaz a la salud sexual masculina.<\/p>\n\n\n\n<ul class=\"wp-block-list\">\n<li><em>Macis<\/em> &#8211; utilizado desde hace siglos en la medicina popular, tiene propiedades que estimulan la circulaci\u00f3n sangu\u00ednea, lo que puede ayudar a mejorar las erecciones.<\/li>\n\n\n\n<li><em>L-arginina<\/em>: amino\u00e1cido que ayuda a dilatar los vasos sangu\u00edneos, lo que a su vez puede aumentar el flujo sangu\u00edneo a los genitales y mejorar la funci\u00f3n sexual.<\/li>\n\n\n\n<li><em>Ginseng<\/em>: planta con propiedades adapt\u00f3genas que puede fortalecer el organismo y mejorar el rendimiento f\u00edsico general, incluida la funci\u00f3n sexual.<\/li>\n\n\n\n<li><em>Ginkgo biloba<\/em>: planta conocida por sus efectos favorecedores de la circulaci\u00f3n sangu\u00ednea, que pueden contribuir a<em>la<\/em> salud sexual masculina.<\/li>\n<\/ul>\n\n\n\n<p><b>La acci\u00f3n de<\/b> estos ingredientes en el Gel Rhino Gold se asocia con una mejora de la circulaci\u00f3n sangu\u00ednea, un aumento de la resistencia y el rendimiento sexual, y sensaciones vigorizantes durante el coito.<\/p>\n\n\n\n<blockquote class=\"wp-block-quote is-layout-flow wp-block-quote-is-layout-flow\">\n<p>Los ingredientes naturales de Rhino Gold Gel son potentes sustancias que pueden ayudar a mejorar la salud sexual del hombre y su calidad de vida \u00edntima.<\/p>\n<\/blockquote>\n\n\n\n<figure class=\"wp-block-table\"><table><tbody><tr><th>Ingredientes<\/th><th>Acci\u00f3n<\/th><\/tr><tr><td>Macis molido<\/td><td>Estimula la circulaci\u00f3n sangu\u00ednea<\/td><\/tr><tr><td>L-arginina<\/td><td>Mejora la funci\u00f3n sexual y el flujo sangu\u00edneo<\/td><\/tr><tr><td>Ginseng<\/td><td>Fortalecimiento del cuerpo y del rendimiento f\u00edsico<\/td><\/tr><tr><td>Ginkgo biloba<\/td><td>Mejora la circulaci\u00f3n sangu\u00ednea y la salud sexual<\/td><\/tr><\/tbody><\/table><\/figure>\n\n\n\n<h2 class=\"wp-block-heading\">Rhino Gold Gel &#8211; Instrucciones de uso y dosificaci\u00f3n<\/h2>\n\n\n\n<p>Rhino Gold Gel es f\u00e1cil de usar. Se recomienda masajear suavemente el pene con una peque\u00f1a cantidad de gel 2 \u00f3 3 veces al d\u00eda durante al menos un mes. Se recomienda un uso continuado durante un m\u00ednimo de 3 meses para obtener resultados duraderos. El uso regular del gel conseguir\u00e1 los m\u00e1ximos <b>resultados<\/b>.<\/p>\n\n\n\n<h2 class=\"wp-block-heading\">Rhino Gold Gel &#8211; Seguridad y efectos secundarios<\/h2>\n\n\n\n<p>Rhino Gold Gel es seguro de usar, ya que se basa en ingredientes naturales. Su f\u00f3rmula ha sido cuidadosamente desarrollada para garantizar la m\u00e1xima <b>seguridad<\/b> y eficacia para los usuarios. El gel ha sido sometido a pruebas de calidad y conformidad para confirmar su alta calidad.<\/p>\n\n\n\n<p>No obstante, como ocurre con todos los productos, existe el riesgo de reacciones al\u00e9rgicas o intolerancias individuales. Por ello, es importante familiarizarse con la composici\u00f3n y descartar posibles alergias a ingredientes individuales antes de utilizar Rhino Gold Gel.<\/p>\n\n\n\n<p>Si se produce alg\u00fan s\u00edntoma adverso como irritaci\u00f3n, enrojecimiento, picor o hinchaz\u00f3n de la piel, interrumpa el uso del gel y consulte a un m\u00e9dico inmediatamente. No contin\u00fae utilizando el producto si los s\u00edntomas no se resuelven o empeoran.<\/p>\n\n\n\n<blockquote class=\"wp-block-quote is-layout-flow wp-block-quote-is-layout-flow\">\n<p>Es importante tener cuidado al utilizar Rhino Gold Gel y seguir la dosis recomendada. No supere la cantidad de gel recomendada, ya que puede provocar efectos secundarios desagradables.<\/p>\n<\/blockquote>\n\n\n\n<p>Tenga en cuenta que el gel Rhino Gold no est\u00e1 indicado para tratar ninguna afecci\u00f3n m\u00e9dica. Si padece alguna enfermedad cr\u00f3nica o toma medicaci\u00f3n regularmente, consulte a su m\u00e9dico antes de utilizar este gel.<\/p>\n\n\n\n<p><b>La seguridad<\/b> es primordial, as\u00ed que lea siempre las etiquetas, los prospectos y las recomendaciones del fabricante. Aseg\u00farate tambi\u00e9n de comprar el producto original para evitar el riesgo de utilizar productos falsificados, que pueden afectar negativamente a tu salud.<\/p>\n\n\n\n<h3 class=\"wp-block-heading\">Garantice la seguridad y la eficacia con Rhino Gold Gel<\/h3>\n\n\n\n<p>Para disfrutar de las ventajas de Rhino Gold Gel y garantizar al mismo tiempo su <b>seguridad<\/b>, recuerde algunos aspectos b\u00e1sicos:<\/p>\n\n\n\n<ol class=\"wp-block-list\">\n<li>Compruebe la etiqueta del producto y su composici\u00f3n para asegurarse de que no es al\u00e9rgico a ninguno de los ingredientes que contiene.<\/li>\n\n\n\n<li>Siga la posolog\u00eda recomendada y no exceda la cantidad de gel recomendada.<\/li>\n\n\n\n<li>Suspenda su uso y consulte a su m\u00e9dico si experimenta alg\u00fan s\u00edntoma adverso.<\/li>\n\n\n\n<li>Compre s\u00f3lo productos aut\u00e9nticos a vendedores de confianza para evitar falsificaciones.<\/li>\n<\/ol>\n\n\n\n<p>Seguir estas sencillas reglas le ayudar\u00e1 a disfrutar de los beneficios de Rhino Gold Gel, minimizando el riesgo de cualquier efecto secundario.<\/p>\n\n\n\n<h2 class=\"wp-block-heading\">Rhino Gold Gel &#8211; Opiniones y efectos<\/h2>\n\n\n\n<p>Rhino Gold Gel es un producto que ha ganado gran popularidad entre los hombres que buscan un apoyo eficaz para su salud sexual. Hay muchas rese\u00f1as positivas de este gel en diversos foros en l\u00ednea. Los usuarios destacan <b>los efectos<\/b> beneficiosos <b>de<\/b> Rhino Gold <b>Gel<\/b> para mejorar la calidad de las erecciones y aumentar la confianza en el dormitorio.<\/p>\n\n\n\n<blockquote class=\"wp-block-quote is-layout-flow wp-block-quote-is-layout-flow\">\n<p>&#8220;Rhino Gold Gel es una aut\u00e9ntica revoluci\u00f3n. Mi erecci\u00f3n se ha vuelto m\u00e1s dura y firme y las sensaciones sexuales m\u00e1s intensas. Estoy muy satisfecho con los resultados que he conseguido con este gel&#8221;. &#8211; Adam, 32 a\u00f1os.<\/p>\n<\/blockquote>\n\n\n\n<p>Muchos usuarios tambi\u00e9n han descubierto que Rhino Gold Gel ha contribuido a mejorar la calidad de su vida \u00edntima. Con una mayor satisfacci\u00f3n en las relaciones sexuales, los hombres se sienten m\u00e1s relajados y realizados en su relaci\u00f3n.<\/p>\n\n\n\n<p><b>Los comentarios<\/b> confirman que Rhino Gold Gel puede ayudar a los hombres a recuperar la confianza y el placer en su vida \u00edntima. Es un producto natural con un efecto probado que merece atenci\u00f3n.<\/p>\n\n\n\n<h2 class=\"wp-block-heading\">Rhino Gold Gel &#8211; Precio y D\u00f3nde Comprar<\/h2>\n\n\n\n<p>Si est\u00e1 interesado en adquirir el gel Rhino Gold, puede comprarlo en el sitio web oficial del fabricante. <b>El precio del<\/b> gel depende de la opci\u00f3n de envase que elijas, por lo que merece la pena echar un vistazo a la oferta de la p\u00e1gina web. El fabricante tambi\u00e9n ofrece regularmente promociones y descuentos, que pueden hacer m\u00e1s atractiva su compra. Es importante adquirir este producto s\u00f3lo en el sitio web oficial para evitar adquirir falsificaciones y garantizar la originalidad del producto.<\/p>\n\n\n\n<h2 class=\"wp-block-heading\">Rhino Gold Gel &#8211; Prospecto y Contraindicaciones<\/h2>\n\n\n\n<p>Rhino Gold Gel es un producto innovador para hombres cuyo objetivo es mejorar la calidad de su vida \u00edntima. La fiabilidad y la seguridad de uso son fundamentales para el fabricante de este gel, por lo que Rhino Gold Gel no tiene contraindicaciones de uso.<\/p>\n\n\n\n<p>No obstante, siempre es aconsejable leer el prospecto que acompa\u00f1a al producto antes de empezar a utilizarlo. <b>El prospecto<\/b> contiene informaci\u00f3n importante sobre la dosis, el m\u00e9todo de aplicaci\u00f3n y los posibles efectos secundarios.<\/p>\n\n\n\n<p>Seguir las instrucciones del prospecto es fundamental para garantizar la eficacia del gel y evitar complicaciones desagradables. La informaci\u00f3n del prospecto le ayudar\u00e1 a utilizar Rhino Gold Gel correctamente y a minimizar el riesgo de posibles efectos adversos.<\/p>\n\n\n\n<p>Por lo tanto, antes de empezar a tomar Rhino Gold Gel, lea atentamente el prospecto y consulte a su m\u00e9dico si tiene alguna duda o pregunta. Su salud y su seguridad son primordiales.<\/p>\n\n\n\n<h2 class=\"wp-block-heading\">Rhino Gold Gel &#8211; Opiniones oficiales del fabricante y del foro<\/h2>\n\n\n\n<p>El gel Rhino Gold s\u00f3lo est\u00e1 disponible en el sitio web oficial del fabricante. Al comprar el gel directamente al fabricante, puede estar seguro de que est\u00e1 adquiriendo el producto original y evitar el riesgo de adquirir falsificaciones. La originalidad de Rhino Gold Gel es extremadamente importante para obtener los resultados deseados.<\/p>\n\n\n\n<p>Tambi\u00e9n merece la pena conocer <b>las opiniones de<\/b> otros usuarios de Rhino Gold Gel, que se pueden encontrar en los foros online de Polonia. Los usuarios comparten sus experiencias positivas con este producto, destacando su eficacia y los beneficios que aporta. <b>Las opiniones de los foros<\/b> pueden proporcionarte informaci\u00f3n valiosa y ayudarte a tomar una decisi\u00f3n.<\/p>\n\n\n\n<p>Si busca una soluci\u00f3n eficaz para su salud sexual, Rhino Gold Gel, ofrecido \u00fanicamente por el fabricante oficial, puede ser la elecci\u00f3n correcta. Consulte el sitio web oficial y lea los comentarios de los usuarios para descubrir c\u00f3mo Rhino Gold Gel puede mejorar su vida \u00edntima.<\/p>\n","protected":false},"excerpt":{"rendered":"<p><strong>49.00 \u20ac<\/strong><\/p>\n<p><del>98.00 \u20ac<\/del><\/p>\n<p><strong>[date_countdown]<\/strong><\/p>\n","protected":false},"featured_media":10913,"comment_status":"open","ping_status":"closed","template":"","meta":{"neve_meta_sidebar":"","neve_meta_container":"","neve_meta_enable_content_width":"","neve_meta_content_width":0,"neve_meta_title_alignment":"","neve_meta_author_avatar":"","neve_post_elements_order":"","neve_meta_disable_header":"","neve_meta_disable_footer":"","neve_meta_disable_title":"","neve_meta_reading_time":""},"product_brand":[],"product_cat":[351],"product_tag":[],"class_list":{"0":"post-10917","1":"product","2":"type-product","3":"status-publish","4":"has-post-thumbnail","6":"product_cat-salud-sexual","8":"first","9":"instock","10":"shipping-taxable","11":"product-type-external"},"yoast_head":"<!-- This site is optimized with the Yoast SEO plugin v27.4 - https:\/\/yoast.com\/product\/yoast-seo-wordpress\/ -->\n<title>Rhino Gold Gel - Clinica Althea<\/title>\n<meta name=\"robots\" content=\"index, follow, max-snippet:-1, max-image-preview:large, max-video-preview:-1\" \/>\n<link rel=\"canonical\" href=\"https:\/\/www.clinicaalthea.com\/farmacia\/es\/apt\/rhino-gold-gel\/\" \/>\n<meta property=\"og:locale\" content=\"pl_PL\" \/>\n<meta property=\"og:type\" content=\"article\" \/>\n<meta property=\"og:title\" content=\"Rhino Gold Gel - Clinica Althea\" \/>\n<meta property=\"og:description\" content=\"49.00 \u20ac 98.00 \u20ac\" \/>\n<meta property=\"og:url\" content=\"https:\/\/www.clinicaalthea.com\/farmacia\/es\/apt\/rhino-gold-gel\/\" \/>\n<meta property=\"og:site_name\" content=\"Clinica Althea\" \/>\n<meta property=\"article:modified_time\" content=\"2024-09-12T20:06:07+00:00\" \/>\n<meta property=\"og:image\" content=\"https:\/\/www.clinicaalthea.com\/farmacia\/wp-content\/uploads\/2024\/09\/Rhino-Gold-Gel.jpg\" \/>\n\t<meta property=\"og:image:width\" content=\"768\" \/>\n\t<meta property=\"og:image:height\" content=\"768\" \/>\n\t<meta property=\"og:image:type\" content=\"image\/jpeg\" \/>\n<meta name=\"twitter:card\" content=\"summary_large_image\" \/>\n<meta name=\"twitter:label1\" content=\"Szacowany czas czytania\" \/>\n\t<meta name=\"twitter:data1\" content=\"10 minut\" \/>\n<script type=\"application\/ld+json\" class=\"yoast-schema-graph\">{\"@context\":\"https:\\\/\\\/schema.org\",\"@graph\":[{\"@type\":\"WebPage\",\"@id\":\"https:\\\/\\\/www.clinicaalthea.com\\\/farmacia\\\/es\\\/apt\\\/rhino-gold-gel\\\/\",\"url\":\"https:\\\/\\\/www.clinicaalthea.com\\\/farmacia\\\/es\\\/apt\\\/rhino-gold-gel\\\/\",\"name\":\"Rhino Gold Gel - Clinica Althea\",\"isPartOf\":{\"@id\":\"https:\\\/\\\/www.clinicaalthea.com\\\/farmacia\\\/#website\"},\"primaryImageOfPage\":{\"@id\":\"https:\\\/\\\/www.clinicaalthea.com\\\/farmacia\\\/es\\\/apt\\\/rhino-gold-gel\\\/#primaryimage\"},\"image\":{\"@id\":\"https:\\\/\\\/www.clinicaalthea.com\\\/farmacia\\\/es\\\/apt\\\/rhino-gold-gel\\\/#primaryimage\"},\"thumbnailUrl\":\"https:\\\/\\\/www.clinicaalthea.com\\\/farmacia\\\/wp-content\\\/uploads\\\/2024\\\/09\\\/Rhino-Gold-Gel.jpg\",\"datePublished\":\"2024-09-12T20:01:44+00:00\",\"dateModified\":\"2024-09-12T20:06:07+00:00\",\"breadcrumb\":{\"@id\":\"https:\\\/\\\/www.clinicaalthea.com\\\/farmacia\\\/es\\\/apt\\\/rhino-gold-gel\\\/#breadcrumb\"},\"inLanguage\":\"pl-PL\",\"potentialAction\":[{\"@type\":\"ReadAction\",\"target\":[\"https:\\\/\\\/www.clinicaalthea.com\\\/farmacia\\\/es\\\/apt\\\/rhino-gold-gel\\\/\"]}]},{\"@type\":\"ImageObject\",\"inLanguage\":\"pl-PL\",\"@id\":\"https:\\\/\\\/www.clinicaalthea.com\\\/farmacia\\\/es\\\/apt\\\/rhino-gold-gel\\\/#primaryimage\",\"url\":\"https:\\\/\\\/www.clinicaalthea.com\\\/farmacia\\\/wp-content\\\/uploads\\\/2024\\\/09\\\/Rhino-Gold-Gel.jpg\",\"contentUrl\":\"https:\\\/\\\/www.clinicaalthea.com\\\/farmacia\\\/wp-content\\\/uploads\\\/2024\\\/09\\\/Rhino-Gold-Gel.jpg\",\"width\":768,\"height\":768,\"caption\":\"Rhino Gold Gel\"},{\"@type\":\"BreadcrumbList\",\"@id\":\"https:\\\/\\\/www.clinicaalthea.com\\\/farmacia\\\/es\\\/apt\\\/rhino-gold-gel\\\/#breadcrumb\",\"itemListElement\":[{\"@type\":\"ListItem\",\"position\":1,\"name\":\"Strona g\u0142\u00f3wna\",\"item\":\"https:\\\/\\\/www.clinicaalthea.com\\\/farmacia\\\/\"},{\"@type\":\"ListItem\",\"position\":2,\"name\":\"Produkty\",\"item\":\"https:\\\/\\\/www.clinicaalthea.com\\\/farmacia\\\/\"},{\"@type\":\"ListItem\",\"position\":3,\"name\":\"Rhino Gold Gel\"}]},{\"@type\":\"WebSite\",\"@id\":\"https:\\\/\\\/www.clinicaalthea.com\\\/farmacia\\\/#website\",\"url\":\"https:\\\/\\\/www.clinicaalthea.com\\\/farmacia\\\/\",\"name\":\"Clinica Althea\",\"description\":\"\",\"publisher\":{\"@id\":\"https:\\\/\\\/www.clinicaalthea.com\\\/farmacia\\\/#organization\"},\"potentialAction\":[{\"@type\":\"SearchAction\",\"target\":{\"@type\":\"EntryPoint\",\"urlTemplate\":\"https:\\\/\\\/www.clinicaalthea.com\\\/farmacia\\\/?s={search_term_string}\"},\"query-input\":{\"@type\":\"PropertyValueSpecification\",\"valueRequired\":true,\"valueName\":\"search_term_string\"}}],\"inLanguage\":\"pl-PL\"},{\"@type\":\"Organization\",\"@id\":\"https:\\\/\\\/www.clinicaalthea.com\\\/farmacia\\\/#organization\",\"name\":\"Clinica Althea\",\"url\":\"https:\\\/\\\/www.clinicaalthea.com\\\/farmacia\\\/\",\"logo\":{\"@type\":\"ImageObject\",\"inLanguage\":\"pl-PL\",\"@id\":\"https:\\\/\\\/www.clinicaalthea.com\\\/farmacia\\\/#\\\/schema\\\/logo\\\/image\\\/\",\"url\":\"https:\\\/\\\/www.clinicaalthea.com\\\/farmacia\\\/wp-content\\\/uploads\\\/2023\\\/12\\\/Jak-diagnozuje-sie-FAS_-objawy-kryteria-diagnostyczne-i-metody-diagnozowania-154162903.jpg\",\"contentUrl\":\"https:\\\/\\\/www.clinicaalthea.com\\\/farmacia\\\/wp-content\\\/uploads\\\/2023\\\/12\\\/Jak-diagnozuje-sie-FAS_-objawy-kryteria-diagnostyczne-i-metody-diagnozowania-154162903.jpg\",\"width\":1216,\"height\":832,\"caption\":\"Clinica Althea\"},\"image\":{\"@id\":\"https:\\\/\\\/www.clinicaalthea.com\\\/farmacia\\\/#\\\/schema\\\/logo\\\/image\\\/\"}}]}<\/script>\n<!-- \/ Yoast SEO plugin. -->","yoast_head_json":{"title":"Rhino Gold Gel - Clinica Althea","robots":{"index":"index","follow":"follow","max-snippet":"max-snippet:-1","max-image-preview":"max-image-preview:large","max-video-preview":"max-video-preview:-1"},"canonical":"https:\/\/www.clinicaalthea.com\/farmacia\/es\/apt\/rhino-gold-gel\/","og_locale":"pl_PL","og_type":"article","og_title":"Rhino Gold Gel - Clinica Althea","og_description":"49.00 \u20ac 98.00 \u20ac","og_url":"https:\/\/www.clinicaalthea.com\/farmacia\/es\/apt\/rhino-gold-gel\/","og_site_name":"Clinica Althea","article_modified_time":"2024-09-12T20:06:07+00:00","og_image":[{"width":768,"height":768,"url":"https:\/\/www.clinicaalthea.com\/farmacia\/wp-content\/uploads\/2024\/09\/Rhino-Gold-Gel.jpg","type":"image\/jpeg"}],"twitter_card":"summary_large_image","twitter_misc":{"Szacowany czas czytania":"10 minut"},"schema":{"@context":"https:\/\/schema.org","@graph":[{"@type":"WebPage","@id":"https:\/\/www.clinicaalthea.com\/farmacia\/es\/apt\/rhino-gold-gel\/","url":"https:\/\/www.clinicaalthea.com\/farmacia\/es\/apt\/rhino-gold-gel\/","name":"Rhino Gold Gel - Clinica Althea","isPartOf":{"@id":"https:\/\/www.clinicaalthea.com\/farmacia\/#website"},"primaryImageOfPage":{"@id":"https:\/\/www.clinicaalthea.com\/farmacia\/es\/apt\/rhino-gold-gel\/#primaryimage"},"image":{"@id":"https:\/\/www.clinicaalthea.com\/farmacia\/es\/apt\/rhino-gold-gel\/#primaryimage"},"thumbnailUrl":"https:\/\/www.clinicaalthea.com\/farmacia\/wp-content\/uploads\/2024\/09\/Rhino-Gold-Gel.jpg","datePublished":"2024-09-12T20:01:44+00:00","dateModified":"2024-09-12T20:06:07+00:00","breadcrumb":{"@id":"https:\/\/www.clinicaalthea.com\/farmacia\/es\/apt\/rhino-gold-gel\/#breadcrumb"},"inLanguage":"pl-PL","potentialAction":[{"@type":"ReadAction","target":["https:\/\/www.clinicaalthea.com\/farmacia\/es\/apt\/rhino-gold-gel\/"]}]},{"@type":"ImageObject","inLanguage":"pl-PL","@id":"https:\/\/www.clinicaalthea.com\/farmacia\/es\/apt\/rhino-gold-gel\/#primaryimage","url":"https:\/\/www.clinicaalthea.com\/farmacia\/wp-content\/uploads\/2024\/09\/Rhino-Gold-Gel.jpg","contentUrl":"https:\/\/www.clinicaalthea.com\/farmacia\/wp-content\/uploads\/2024\/09\/Rhino-Gold-Gel.jpg","width":768,"height":768,"caption":"Rhino Gold Gel"},{"@type":"BreadcrumbList","@id":"https:\/\/www.clinicaalthea.com\/farmacia\/es\/apt\/rhino-gold-gel\/#breadcrumb","itemListElement":[{"@type":"ListItem","position":1,"name":"Strona g\u0142\u00f3wna","item":"https:\/\/www.clinicaalthea.com\/farmacia\/"},{"@type":"ListItem","position":2,"name":"Produkty","item":"https:\/\/www.clinicaalthea.com\/farmacia\/"},{"@type":"ListItem","position":3,"name":"Rhino Gold Gel"}]},{"@type":"WebSite","@id":"https:\/\/www.clinicaalthea.com\/farmacia\/#website","url":"https:\/\/www.clinicaalthea.com\/farmacia\/","name":"Clinica Althea","description":"","publisher":{"@id":"https:\/\/www.clinicaalthea.com\/farmacia\/#organization"},"potentialAction":[{"@type":"SearchAction","target":{"@type":"EntryPoint","urlTemplate":"https:\/\/www.clinicaalthea.com\/farmacia\/?s={search_term_string}"},"query-input":{"@type":"PropertyValueSpecification","valueRequired":true,"valueName":"search_term_string"}}],"inLanguage":"pl-PL"},{"@type":"Organization","@id":"https:\/\/www.clinicaalthea.com\/farmacia\/#organization","name":"Clinica Althea","url":"https:\/\/www.clinicaalthea.com\/farmacia\/","logo":{"@type":"ImageObject","inLanguage":"pl-PL","@id":"https:\/\/www.clinicaalthea.com\/farmacia\/#\/schema\/logo\/image\/","url":"https:\/\/www.clinicaalthea.com\/farmacia\/wp-content\/uploads\/2023\/12\/Jak-diagnozuje-sie-FAS_-objawy-kryteria-diagnostyczne-i-metody-diagnozowania-154162903.jpg","contentUrl":"https:\/\/www.clinicaalthea.com\/farmacia\/wp-content\/uploads\/2023\/12\/Jak-diagnozuje-sie-FAS_-objawy-kryteria-diagnostyczne-i-metody-diagnozowania-154162903.jpg","width":1216,"height":832,"caption":"Clinica Althea"},"image":{"@id":"https:\/\/www.clinicaalthea.com\/farmacia\/#\/schema\/logo\/image\/"}}]}},"lang":"es","translations":{"es":10917,"pl":10912,"cs":10915,"fr":10919,"hu":10921,"ro":10923,"sk":10925},"pll_sync_post":[],"_links":{"self":[{"href":"https:\/\/www.clinicaalthea.com\/farmacia\/wp-json\/wp\/v2\/product\/10917","targetHints":{"allow":["GET"]}}],"collection":[{"href":"https:\/\/www.clinicaalthea.com\/farmacia\/wp-json\/wp\/v2\/product"}],"about":[{"href":"https:\/\/www.clinicaalthea.com\/farmacia\/wp-json\/wp\/v2\/types\/product"}],"replies":[{"embeddable":true,"href":"https:\/\/www.clinicaalthea.com\/farmacia\/wp-json\/wp\/v2\/comments?post=10917"}],"wp:featuredmedia":[{"embeddable":true,"href":"https:\/\/www.clinicaalthea.com\/farmacia\/wp-json\/wp\/v2\/media\/10913"}],"wp:attachment":[{"href":"https:\/\/www.clinicaalthea.com\/farmacia\/wp-json\/wp\/v2\/media?parent=10917"}],"wp:term":[{"taxonomy":"product_brand","embeddable":true,"href":"https:\/\/www.clinicaalthea.com\/farmacia\/wp-json\/wp\/v2\/product_brand?post=10917"},{"taxonomy":"product_cat","embeddable":true,"href":"https:\/\/www.clinicaalthea.com\/farmacia\/wp-json\/wp\/v2\/product_cat?post=10917"},{"taxonomy":"product_tag","embeddable":true,"href":"https:\/\/www.clinicaalthea.com\/farmacia\/wp-json\/wp\/v2\/product_tag?post=10917"}],"curies":[{"name":"wp","href":"https:\/\/api.w.org\/{rel}","templated":true}]}}