{"id":10883,"date":"2024-09-12T20:06:36","date_gmt":"2024-09-12T19:06:36","guid":{"rendered":"https:\/\/mayoguide.org\/produkty\/?post_type=product&#038;p=10883"},"modified":"2024-09-12T20:32:30","modified_gmt":"2024-09-12T19:32:30","slug":"love-x","status":"publish","type":"product","link":"https:\/\/www.clinicaalthea.com\/farmacia\/es\/apt\/love-x\/","title":{"rendered":"Love-X"},"content":{"rendered":"\n<h2 class=\"wp-block-heading\">\u00bfQu\u00e9 es Love-X y c\u00f3mo funciona?<\/h2>\n\n\n\n<p>Love-X es un suplemento diet\u00e9tico innovador creado para hombres con problemas de potencia. <b>La acci\u00f3n de Love-X<\/b> se basa en ingredientes naturales que favorecen el equilibrio hormonal y mejoran la salud masculina. Estas c\u00e1psulas est\u00e1n especialmente recomendadas para las personas con niveles reducidos de testosterona.<\/p>\n\n\n\n<p><b>\u00bfC\u00f3mo funciona<\/b> Love-X? El producto mejora el flujo sangu\u00edneo a los genitales, lo que se traduce en erecciones de mayor calidad. Los ingredientes clave son extractos de plantas como <em>el Tribulus terrestris<\/em> y el <em>Panax ginseng<\/em>, que mejoran significativamente <b>la libido<\/b> y estimulan el sistema endocrino. Adem\u00e1s, <em>la L-arginina<\/em> act\u00faa dilatando los vasos sangu\u00edneos, lo que favorece la consecuci\u00f3n y el mantenimiento de la erecci\u00f3n durante la actividad sexual.<\/p>\n\n\n\n<p>El uso regular de Love-X tiene una serie de <b>beneficios<\/b> para la salud. Entre sus principales efectos se incluyen el aumento de la energ\u00eda, la mejora de la resistencia y el cuidado de la salud de la pr\u00f3stata. Se recomienda tomar <b>los comprimidos de potencia<\/b> Love-X a raz\u00f3n de una c\u00e1psula al d\u00eda para ayudar a conseguir los mejores resultados en la mejora de la funci\u00f3n sexual.<\/p>\n\n\n\n<figure class=\"wp-block-table\"><table><tbody><tr><th>Componente<\/th><th>Acci\u00f3n<\/th><\/tr><tr><td>Tribulus terrestris<\/td><td>Favorece la producci\u00f3n de testosterona y mejora <b>la libido<\/b><\/td><\/tr><tr><td>Panax ginseng<\/td><td>Aumenta la energ\u00eda y favorece la resistencia<\/td><\/tr><tr><td>Epimedium<\/td><td>Aumenta el flujo sangu\u00edneo a los genitales<\/td><\/tr><tr><td>L-arginina<\/td><td>Ayuda a obtener y mantener una erecci\u00f3n<\/td><\/tr><\/tbody><\/table><\/figure>\n\n\n\n<p>Love-X est\u00e1 ganando popularidad en el mercado y los comentarios de los usuarios confirman la <b>eficacia de<\/b> este producto. <b>El efecto de Love-X<\/b> se debe a los ingredientes cuidadosamente seleccionados que trabajan juntos para mejorar la calidad de la vida sexual de los hombres.<\/p>\n\n\n\n<h2 class=\"wp-block-heading\">Beneficios de Love-X &#8211; Efectos<\/h2>\n\n\n\n<p>El uso de Love-X tiene una serie de <em>beneficios<\/em>, especialmente para los hombres con problemas de potencia. <b>Los efectos de Love-X<\/b> incluyen una <em>mejora significativa de la potencia<\/em>, que es clave para muchos. El extracto de ra\u00edz de maca y otros <b>ingredientes<\/b> ayudan no s\u00f3lo a aumentar <em>la libido<\/em>, sino tambi\u00e9n a mejorar la calidad de la erecci\u00f3n.<\/p>\n\n\n\n<p>Cabe se\u00f1alar que la ingesta regular de estos comprimidos conduce a:<\/p>\n\n\n\n<ul class=\"wp-block-list\">\n<li>Un aumento de la libido, que se traduce en una mayor satisfacci\u00f3n sexual.<\/li>\n\n\n\n<li>Mejora la calidad de las erecciones, permitiendo una mejor experiencia durante el coito.<\/li>\n\n\n\n<li>Aumentar la energ\u00eda y el bienestar general, lo que afecta a la confianza de los hombres.<\/li>\n\n\n\n<li>Mejora de la forma f\u00edsica para favorecer la salud sexual.<\/li>\n<\/ul>\n\n\n\n<p>Muchos usuarios informan de resultados visibles tras unas pocas semanas de uso. Love-X se anuncia como un suplemento diet\u00e9tico para apoyar la salud f\u00edsica y mental, un beneficio a\u00f1adido para aquellos que buscan hacer cambios positivos en sus vidas.<\/p>\n\n\n\n<p>Sin duda, <b>los efectos de Love-X<\/b> ayudan a mejorar la calidad de la vida sexual, convirti\u00e9ndolo en un valioso apoyo en el funcionamiento diario. Los hombres que luchan con baja <em>libido<\/em> y problemas de erecci\u00f3n pueden esperar mejoras significativas con el uso regular de este producto.<\/p>\n\n\n\n<h2 class=\"wp-block-heading\">\u00bfC\u00f3mo utilizar Love-X? &#8211; Posolog\u00eda y recomendaciones<\/h2>\n\n\n\n<p>Love-X debe utilizarse seg\u00fan <em>las recomendaciones<\/em> del fabricante. La <b>dosis<\/b> est\u00e1ndar <b>de Love-X<\/b> es de 2 c\u00e1psulas al d\u00eda. El momento \u00f3ptimo para tomar el suplemento es antes de una comida o aproximadamente 30 minutos antes de un acto sexual planificado. Al tomar Love-X, es importante no superar la dosis recomendada para ayudar a minimizar el riesgo de efectos secundarios.<\/p>\n\n\n\n<p>En el caso de personas con otras afecciones m\u00e9dicas o que tomen otros medicamentos, se recomienda consultar a un m\u00e9dico antes de iniciar la suplementaci\u00f3n. Saber <b>c\u00f3mo utilizar<\/b> este producto es clave para lograr resultados \u00f3ptimos al tiempo que se garantiza la seguridad.<\/p>\n\n\n\n<figure class=\"wp-block-table\"><table><tbody><tr><th>Dosis de Love-X<\/th><th>Tiempo recomendado<\/th><th>Recomendaciones<\/th><\/tr><tr><td>2 c\u00e1psulas al d\u00eda<\/td><td>Antes de una comida o 30 minutos antes de un acto sexual<\/td><td>Consulta con un m\u00e9dico en caso de afecciones m\u00e9dicas<\/td><\/tr><\/tbody><\/table><\/figure>\n\n\n\n<p>Los usuarios de Love-X destacan a menudo que el uso regular del suplemento ayuda a mejorar la calidad de su vida sexual, con efectos que incluyen la mejora de las erecciones y el aumento de la libido. Por lo tanto, vale la pena seguir <em>las recomendaciones<\/em> mencionadas para disfrutar de todos los <b>beneficios<\/b> de este producto.<\/p>\n\n\n\n<h2 class=\"wp-block-heading\">Experiencias y rese\u00f1as de usuarios sobre Love-X &#8211; \u00bfCu\u00e1les son las rese\u00f1as?<\/h2>\n\n\n\n<p>Las opiniones de los usuarios de Love-X son variadas. Muchas personas se\u00f1alan que el producto ha mejorado significativamente su funcionamiento sexual. Las principales <b>experiencias de los usuarios<\/b> incluyen la mejora de la potencia y la calidad general de la vida sexual. Despu\u00e9s de unas semanas de uso regular, muchos notan una mejora del flujo sangu\u00edneo en la zona p\u00e9lvica, lo que contribuye a erecciones m\u00e1s duras y duraderas. Los usuarios se\u00f1alan que <b>ingredientes<\/b> activos como la ra\u00edz de Maca y el ginseng tienen un efecto positivo en su libido.<\/p>\n\n\n\n<blockquote class=\"wp-block-quote is-layout-flow wp-block-quote-is-layout-flow\">\n<p>Seg\u00fan los foros de salud, los <b>ingredientes<\/b> naturales de Love-X son populares entre los hombres con problemas de erecci\u00f3n.<\/p>\n<\/blockquote>\n\n\n\n<p>Muchos cr\u00edticos destacan que el uso de Love-X no s\u00f3lo tiene <b>beneficios<\/b> \u00edntimos, sino tambi\u00e9n un efecto positivo sobre el estado de \u00e1nimo. Algunos usuarios informan de mejoras en su estado de \u00e1nimo y en su condici\u00f3n f\u00edsica general.<\/p>\n\n\n\n<figure class=\"wp-block-table\"><table><tbody><tr><th>Categor\u00eda<\/th><th>Descripci\u00f3n de los experimentos<\/th><\/tr><tr><td><b>Mejorar la potencia<\/b><\/td><td>La mayor\u00eda de los usuarios informan de una mejora significativa de la fuerza er\u00e9ctil.<\/td><\/tr><tr><td>Calidad de vida sexual<\/td><td>Muchos comentarios indican que el uso del producto ha mejorado la satisfacci\u00f3n en los momentos \u00edntimos.<\/td><\/tr><tr><td>Composici\u00f3n natural<\/td><td>Los usuarios alaban el contenido de ingredientes naturales, lo que influye en su confianza en el producto.<\/td><\/tr><tr><td>Facilidad de compra<\/td><td><b>Los comentarios sobre Love-X<\/b> sugieren que los usuarios prefieren comprar a trav\u00e9s del sitio web oficial del fabricante.<\/td><\/tr><\/tbody><\/table><\/figure>\n\n\n\n<p>En general, <em>los comentarios positivos de Love-X<\/em> y la <b>experiencia de los usuarios<\/b> sugieren que este producto puede ser un apoyo eficaz en la lucha contra los problemas de erecci\u00f3n y la libido baja, por lo que merece la pena tenerlo en cuenta. Sin embargo, vale la pena tener en cuenta que las personas con requisitos de salud espec\u00edficos deben consultar a su m\u00e9dico antes de iniciar el tratamiento.<\/p>\n\n\n\n<h2 class=\"wp-block-heading\">Composici\u00f3n de Love-X &#8211; \u00bfQu\u00e9 contiene?<\/h2>\n\n\n\n<p>El suplemento Love-X es un producto dise\u00f1ado para hombres que tienen problemas de potencia. Vamos a echar un vistazo m\u00e1s de cerca a sus ingredientes y los ingredientes activos que contribuyen a su <b>eficacia<\/b>.<\/p>\n\n\n\n<p><b>Love-X<\/b> contiene una serie de ingredientes naturales que act\u00faan conjuntamente para mejorar la libido y la calidad de la erecci\u00f3n. Los m\u00e1s importantes son:<\/p>\n\n\n\n<ul class=\"wp-block-list\">\n<li>Extracto de ra\u00edz de maca<\/li>\n\n\n\n<li>Extracto de ginseng<\/li>\n\n\n\n<li>Guaran\u00e1<\/li>\n\n\n\n<li>Tribulus terrestris<\/li>\n\n\n\n<li>Picolinato de zinc<\/li>\n\n\n\n<li>L-arginina<\/li>\n\n\n\n<li>Vitamina E<\/li>\n<\/ul>\n\n\n\n<p>Estas <em>sustancias activas<\/em> son conocidas por sus efectos positivos sobre la libido, la energ\u00eda y el estado general del organismo. En particular, el extracto de ra\u00edz de maca puede ayudar a regular los niveles de testosterona y el extracto de ginseng contribuye a mejorar la calidad de la erecci\u00f3n.<\/p>\n\n\n\n<p>Cuando se utiliza adecuadamente, la <b>composici\u00f3n de Love-X<\/b> contribuye a:<\/p>\n\n\n\n<ol class=\"wp-block-list\">\n<li>Aumentar la libido<\/li>\n\n\n\n<li>Mejorar la calidad de las erecciones<\/li>\n\n\n\n<li>Mantener el equilibrio emocional<\/li>\n<\/ol>\n\n\n\n<p>El uso regular del suplemento, tal como se recomienda, puede ayudar a los hombres en la lucha contra la disminuci\u00f3n de la libido y otros problemas sexuales. Echemos un vistazo m\u00e1s de cerca a la composici\u00f3n detallada del producto en la siguiente tabla.<\/p>\n\n\n\n<figure class=\"wp-block-table\"><table><tbody><tr><th>Componente<\/th><th>Descripci\u00f3n<\/th><\/tr><tr><td>Extracto de ra\u00edz de maca<\/td><td>Regula los niveles de testosterona, mejora la libido<\/td><\/tr><tr><td>Extracto de ginseng<\/td><td>Favorece la erecci\u00f3n, aumenta la energ\u00eda<\/td><\/tr><tr><td>Guaran\u00e1<\/td><td>Mejora el rendimiento f\u00edsico y mental<\/td><\/tr><tr><td>Tribulus terrestris<\/td><td>Favorece la salud genitourinaria<\/td><\/tr><tr><td>Picolinato de zinc<\/td><td>Favorece el metabolismo y la inmunidad<\/td><\/tr><tr><td>L-arginina<\/td><td>Mejora el flujo sangu\u00edneo a los genitales<\/td><\/tr><tr><td>Vitamina E<\/td><td>Favorece la salud reproductiva y el bienestar general<\/td><\/tr><\/tbody><\/table><\/figure>\n\n\n\n<h2 class=\"wp-block-heading\">D\u00f3nde comprar Love-X &#8211; precio<\/h2>\n\n\n\n<p>Love-X puede adquirirse principalmente en l\u00ednea, lo que proporciona una c\u00f3moda experiencia de compra. Cabe destacar la <em>disponibilidad<\/em> del producto en diversas plataformas de venta. El mejor lugar para comprar es el sitio web oficial del fabricante, ya que ofrece las promociones m\u00e1s favorables, as\u00ed como la calidad m\u00e1s fiable. Merece la pena invertir en un producto original que garantice <b>seguridad<\/b> y eficacia.<\/p>\n\n\n\n<p><b>El precio<\/b> del suplemento Love-X est\u00e1 actualmente reducido en un 50%.<\/p>\n\n\n\n<h2 class=\"wp-block-heading\">Love-X &#8211; Efectos secundarios y contraindicaciones &#8211; \u00bfEs seguro?<\/h2>\n\n\n\n<p>Al utilizar Love-X, conviene ser consciente de los posibles efectos secundarios que pueden experimentar algunos usuarios. Aunque el producto contiene ingredientes naturales como citrulina y extracto de Muira Puama, <b>los efectos secundarios de Love-X<\/b> pueden incluir molestias estomacales leves, dolores de cabeza y mareos. Por lo tanto, siempre es aconsejable consultar a un m\u00e9dico antes de iniciar la suplementaci\u00f3n para comprobar la seguridad de su uso.<\/p>\n\n\n\n<p>Las <b>contraindicaciones<\/b> del suplemento incluyen hipersensibilidad a cualquiera de los ingredientes y afecciones m\u00e9dicas como enfermedades card\u00edacas, renales o hep\u00e1ticas. Love-X tampoco es apto para mujeres embarazadas o en per\u00edodo de lactancia. Seguir las recomendaciones de dosificaci\u00f3n y evitar un uso inadecuado es clave para lograr resultados \u00f3ptimos y minimizar el riesgo de efectos secundarios.<\/p>\n","protected":false},"excerpt":{"rendered":"<p><strong>39.00 \u20ac<\/strong><\/p>\n<p><del>78.00 \u20ac<\/del><\/p>\n<p><strong>[date_countdown]<\/strong><\/p>\n","protected":false},"featured_media":10881,"comment_status":"open","ping_status":"closed","template":"","meta":{"neve_meta_sidebar":"","neve_meta_container":"","neve_meta_enable_content_width":"","neve_meta_content_width":0,"neve_meta_title_alignment":"","neve_meta_author_avatar":"","neve_post_elements_order":"","neve_meta_disable_header":"","neve_meta_disable_footer":"","neve_meta_disable_title":"","neve_meta_reading_time":""},"product_brand":[],"product_cat":[351],"product_tag":[],"class_list":{"0":"post-10883","1":"product","2":"type-product","3":"status-publish","4":"has-post-thumbnail","6":"product_cat-salud-sexual","8":"first","9":"instock","10":"shipping-taxable","11":"product-type-external"},"yoast_head":"<!-- This site is optimized with the Yoast SEO plugin v27.4 - https:\/\/yoast.com\/product\/yoast-seo-wordpress\/ -->\n<title>Love-X - Clinica Althea<\/title>\n<meta name=\"robots\" content=\"index, follow, max-snippet:-1, max-image-preview:large, max-video-preview:-1\" \/>\n<link rel=\"canonical\" href=\"https:\/\/www.clinicaalthea.com\/farmacia\/es\/apt\/love-x\/\" \/>\n<meta property=\"og:locale\" content=\"pl_PL\" \/>\n<meta property=\"og:type\" content=\"article\" \/>\n<meta property=\"og:title\" content=\"Love-X - Clinica Althea\" \/>\n<meta property=\"og:description\" content=\"39.00 \u20ac 78.00 \u20ac\" \/>\n<meta property=\"og:url\" content=\"https:\/\/www.clinicaalthea.com\/farmacia\/es\/apt\/love-x\/\" \/>\n<meta property=\"og:site_name\" content=\"Clinica Althea\" \/>\n<meta property=\"article:modified_time\" content=\"2024-09-12T19:32:30+00:00\" \/>\n<meta property=\"og:image\" content=\"https:\/\/www.clinicaalthea.com\/farmacia\/wp-content\/uploads\/2024\/09\/Love-X.jpg\" \/>\n\t<meta property=\"og:image:width\" content=\"768\" \/>\n\t<meta property=\"og:image:height\" content=\"768\" \/>\n\t<meta property=\"og:image:type\" content=\"image\/jpeg\" \/>\n<meta name=\"twitter:card\" content=\"summary_large_image\" \/>\n<meta name=\"twitter:label1\" content=\"Szacowany czas czytania\" \/>\n\t<meta name=\"twitter:data1\" content=\"9 minut\" \/>\n<script type=\"application\/ld+json\" class=\"yoast-schema-graph\">{\"@context\":\"https:\\\/\\\/schema.org\",\"@graph\":[{\"@type\":\"WebPage\",\"@id\":\"https:\\\/\\\/www.clinicaalthea.com\\\/farmacia\\\/es\\\/apt\\\/love-x\\\/\",\"url\":\"https:\\\/\\\/www.clinicaalthea.com\\\/farmacia\\\/es\\\/apt\\\/love-x\\\/\",\"name\":\"Love-X - Clinica Althea\",\"isPartOf\":{\"@id\":\"https:\\\/\\\/www.clinicaalthea.com\\\/farmacia\\\/#website\"},\"primaryImageOfPage\":{\"@id\":\"https:\\\/\\\/www.clinicaalthea.com\\\/farmacia\\\/es\\\/apt\\\/love-x\\\/#primaryimage\"},\"image\":{\"@id\":\"https:\\\/\\\/www.clinicaalthea.com\\\/farmacia\\\/es\\\/apt\\\/love-x\\\/#primaryimage\"},\"thumbnailUrl\":\"https:\\\/\\\/www.clinicaalthea.com\\\/farmacia\\\/wp-content\\\/uploads\\\/2024\\\/09\\\/Love-X.jpg\",\"datePublished\":\"2024-09-12T19:06:36+00:00\",\"dateModified\":\"2024-09-12T19:32:30+00:00\",\"breadcrumb\":{\"@id\":\"https:\\\/\\\/www.clinicaalthea.com\\\/farmacia\\\/es\\\/apt\\\/love-x\\\/#breadcrumb\"},\"inLanguage\":\"pl-PL\",\"potentialAction\":[{\"@type\":\"ReadAction\",\"target\":[\"https:\\\/\\\/www.clinicaalthea.com\\\/farmacia\\\/es\\\/apt\\\/love-x\\\/\"]}]},{\"@type\":\"ImageObject\",\"inLanguage\":\"pl-PL\",\"@id\":\"https:\\\/\\\/www.clinicaalthea.com\\\/farmacia\\\/es\\\/apt\\\/love-x\\\/#primaryimage\",\"url\":\"https:\\\/\\\/www.clinicaalthea.com\\\/farmacia\\\/wp-content\\\/uploads\\\/2024\\\/09\\\/Love-X.jpg\",\"contentUrl\":\"https:\\\/\\\/www.clinicaalthea.com\\\/farmacia\\\/wp-content\\\/uploads\\\/2024\\\/09\\\/Love-X.jpg\",\"width\":768,\"height\":768,\"caption\":\"Love-X\"},{\"@type\":\"BreadcrumbList\",\"@id\":\"https:\\\/\\\/www.clinicaalthea.com\\\/farmacia\\\/es\\\/apt\\\/love-x\\\/#breadcrumb\",\"itemListElement\":[{\"@type\":\"ListItem\",\"position\":1,\"name\":\"Strona g\u0142\u00f3wna\",\"item\":\"https:\\\/\\\/www.clinicaalthea.com\\\/farmacia\\\/\"},{\"@type\":\"ListItem\",\"position\":2,\"name\":\"Produkty\",\"item\":\"https:\\\/\\\/www.clinicaalthea.com\\\/farmacia\\\/\"},{\"@type\":\"ListItem\",\"position\":3,\"name\":\"Love-X\"}]},{\"@type\":\"WebSite\",\"@id\":\"https:\\\/\\\/www.clinicaalthea.com\\\/farmacia\\\/#website\",\"url\":\"https:\\\/\\\/www.clinicaalthea.com\\\/farmacia\\\/\",\"name\":\"Clinica Althea\",\"description\":\"\",\"publisher\":{\"@id\":\"https:\\\/\\\/www.clinicaalthea.com\\\/farmacia\\\/#organization\"},\"potentialAction\":[{\"@type\":\"SearchAction\",\"target\":{\"@type\":\"EntryPoint\",\"urlTemplate\":\"https:\\\/\\\/www.clinicaalthea.com\\\/farmacia\\\/?s={search_term_string}\"},\"query-input\":{\"@type\":\"PropertyValueSpecification\",\"valueRequired\":true,\"valueName\":\"search_term_string\"}}],\"inLanguage\":\"pl-PL\"},{\"@type\":\"Organization\",\"@id\":\"https:\\\/\\\/www.clinicaalthea.com\\\/farmacia\\\/#organization\",\"name\":\"Clinica Althea\",\"url\":\"https:\\\/\\\/www.clinicaalthea.com\\\/farmacia\\\/\",\"logo\":{\"@type\":\"ImageObject\",\"inLanguage\":\"pl-PL\",\"@id\":\"https:\\\/\\\/www.clinicaalthea.com\\\/farmacia\\\/#\\\/schema\\\/logo\\\/image\\\/\",\"url\":\"https:\\\/\\\/www.clinicaalthea.com\\\/farmacia\\\/wp-content\\\/uploads\\\/2023\\\/12\\\/Jak-diagnozuje-sie-FAS_-objawy-kryteria-diagnostyczne-i-metody-diagnozowania-154162903.jpg\",\"contentUrl\":\"https:\\\/\\\/www.clinicaalthea.com\\\/farmacia\\\/wp-content\\\/uploads\\\/2023\\\/12\\\/Jak-diagnozuje-sie-FAS_-objawy-kryteria-diagnostyczne-i-metody-diagnozowania-154162903.jpg\",\"width\":1216,\"height\":832,\"caption\":\"Clinica Althea\"},\"image\":{\"@id\":\"https:\\\/\\\/www.clinicaalthea.com\\\/farmacia\\\/#\\\/schema\\\/logo\\\/image\\\/\"}}]}<\/script>\n<!-- \/ Yoast SEO plugin. -->","yoast_head_json":{"title":"Love-X - Clinica Althea","robots":{"index":"index","follow":"follow","max-snippet":"max-snippet:-1","max-image-preview":"max-image-preview:large","max-video-preview":"max-video-preview:-1"},"canonical":"https:\/\/www.clinicaalthea.com\/farmacia\/es\/apt\/love-x\/","og_locale":"pl_PL","og_type":"article","og_title":"Love-X - Clinica Althea","og_description":"39.00 \u20ac 78.00 \u20ac","og_url":"https:\/\/www.clinicaalthea.com\/farmacia\/es\/apt\/love-x\/","og_site_name":"Clinica Althea","article_modified_time":"2024-09-12T19:32:30+00:00","og_image":[{"width":768,"height":768,"url":"https:\/\/www.clinicaalthea.com\/farmacia\/wp-content\/uploads\/2024\/09\/Love-X.jpg","type":"image\/jpeg"}],"twitter_card":"summary_large_image","twitter_misc":{"Szacowany czas czytania":"9 minut"},"schema":{"@context":"https:\/\/schema.org","@graph":[{"@type":"WebPage","@id":"https:\/\/www.clinicaalthea.com\/farmacia\/es\/apt\/love-x\/","url":"https:\/\/www.clinicaalthea.com\/farmacia\/es\/apt\/love-x\/","name":"Love-X - Clinica Althea","isPartOf":{"@id":"https:\/\/www.clinicaalthea.com\/farmacia\/#website"},"primaryImageOfPage":{"@id":"https:\/\/www.clinicaalthea.com\/farmacia\/es\/apt\/love-x\/#primaryimage"},"image":{"@id":"https:\/\/www.clinicaalthea.com\/farmacia\/es\/apt\/love-x\/#primaryimage"},"thumbnailUrl":"https:\/\/www.clinicaalthea.com\/farmacia\/wp-content\/uploads\/2024\/09\/Love-X.jpg","datePublished":"2024-09-12T19:06:36+00:00","dateModified":"2024-09-12T19:32:30+00:00","breadcrumb":{"@id":"https:\/\/www.clinicaalthea.com\/farmacia\/es\/apt\/love-x\/#breadcrumb"},"inLanguage":"pl-PL","potentialAction":[{"@type":"ReadAction","target":["https:\/\/www.clinicaalthea.com\/farmacia\/es\/apt\/love-x\/"]}]},{"@type":"ImageObject","inLanguage":"pl-PL","@id":"https:\/\/www.clinicaalthea.com\/farmacia\/es\/apt\/love-x\/#primaryimage","url":"https:\/\/www.clinicaalthea.com\/farmacia\/wp-content\/uploads\/2024\/09\/Love-X.jpg","contentUrl":"https:\/\/www.clinicaalthea.com\/farmacia\/wp-content\/uploads\/2024\/09\/Love-X.jpg","width":768,"height":768,"caption":"Love-X"},{"@type":"BreadcrumbList","@id":"https:\/\/www.clinicaalthea.com\/farmacia\/es\/apt\/love-x\/#breadcrumb","itemListElement":[{"@type":"ListItem","position":1,"name":"Strona g\u0142\u00f3wna","item":"https:\/\/www.clinicaalthea.com\/farmacia\/"},{"@type":"ListItem","position":2,"name":"Produkty","item":"https:\/\/www.clinicaalthea.com\/farmacia\/"},{"@type":"ListItem","position":3,"name":"Love-X"}]},{"@type":"WebSite","@id":"https:\/\/www.clinicaalthea.com\/farmacia\/#website","url":"https:\/\/www.clinicaalthea.com\/farmacia\/","name":"Clinica Althea","description":"","publisher":{"@id":"https:\/\/www.clinicaalthea.com\/farmacia\/#organization"},"potentialAction":[{"@type":"SearchAction","target":{"@type":"EntryPoint","urlTemplate":"https:\/\/www.clinicaalthea.com\/farmacia\/?s={search_term_string}"},"query-input":{"@type":"PropertyValueSpecification","valueRequired":true,"valueName":"search_term_string"}}],"inLanguage":"pl-PL"},{"@type":"Organization","@id":"https:\/\/www.clinicaalthea.com\/farmacia\/#organization","name":"Clinica Althea","url":"https:\/\/www.clinicaalthea.com\/farmacia\/","logo":{"@type":"ImageObject","inLanguage":"pl-PL","@id":"https:\/\/www.clinicaalthea.com\/farmacia\/#\/schema\/logo\/image\/","url":"https:\/\/www.clinicaalthea.com\/farmacia\/wp-content\/uploads\/2023\/12\/Jak-diagnozuje-sie-FAS_-objawy-kryteria-diagnostyczne-i-metody-diagnozowania-154162903.jpg","contentUrl":"https:\/\/www.clinicaalthea.com\/farmacia\/wp-content\/uploads\/2023\/12\/Jak-diagnozuje-sie-FAS_-objawy-kryteria-diagnostyczne-i-metody-diagnozowania-154162903.jpg","width":1216,"height":832,"caption":"Clinica Althea"},"image":{"@id":"https:\/\/www.clinicaalthea.com\/farmacia\/#\/schema\/logo\/image\/"}}]}},"lang":"es","translations":{"es":10883,"pl":10880,"hu":10887,"it":10889,"ro":10891},"pll_sync_post":[],"_links":{"self":[{"href":"https:\/\/www.clinicaalthea.com\/farmacia\/wp-json\/wp\/v2\/product\/10883","targetHints":{"allow":["GET"]}}],"collection":[{"href":"https:\/\/www.clinicaalthea.com\/farmacia\/wp-json\/wp\/v2\/product"}],"about":[{"href":"https:\/\/www.clinicaalthea.com\/farmacia\/wp-json\/wp\/v2\/types\/product"}],"replies":[{"embeddable":true,"href":"https:\/\/www.clinicaalthea.com\/farmacia\/wp-json\/wp\/v2\/comments?post=10883"}],"wp:featuredmedia":[{"embeddable":true,"href":"https:\/\/www.clinicaalthea.com\/farmacia\/wp-json\/wp\/v2\/media\/10881"}],"wp:attachment":[{"href":"https:\/\/www.clinicaalthea.com\/farmacia\/wp-json\/wp\/v2\/media?parent=10883"}],"wp:term":[{"taxonomy":"product_brand","embeddable":true,"href":"https:\/\/www.clinicaalthea.com\/farmacia\/wp-json\/wp\/v2\/product_brand?post=10883"},{"taxonomy":"product_cat","embeddable":true,"href":"https:\/\/www.clinicaalthea.com\/farmacia\/wp-json\/wp\/v2\/product_cat?post=10883"},{"taxonomy":"product_tag","embeddable":true,"href":"https:\/\/www.clinicaalthea.com\/farmacia\/wp-json\/wp\/v2\/product_tag?post=10883"}],"curies":[{"name":"wp","href":"https:\/\/api.w.org\/{rel}","templated":true}]}}