{"id":10353,"date":"2024-09-09T15:14:01","date_gmt":"2024-09-09T14:14:01","guid":{"rendered":"https:\/\/mayoguide.org\/produkty\/?post_type=product&#038;p=10353"},"modified":"2024-09-09T15:20:01","modified_gmt":"2024-09-09T14:20:01","slug":"viarex","status":"publish","type":"product","link":"https:\/\/www.clinicaalthea.com\/farmacia\/cs\/apt\/viarex\/","title":{"rendered":"Viarex"},"content":{"rendered":"\n<h2 class=\"wp-block-heading\">Co je Viarex a jak funguje?<\/h2>\n\n\n\n<p><b>Viarex<\/b> je <em>dopln\u011bk stravy<\/em> ur\u010den\u00fd pro mu\u017ee, kte\u0159\u00ed se pot\u00fdkaj\u00ed s probl\u00e9my sexu\u00e1ln\u00edho zdrav\u00ed, jako je n\u00edzk\u00e9 libido, pot\u00ed\u017ee s dosa\u017een\u00edm erekce a n\u00edzk\u00e1 fyzick\u00e1 v\u00fdkonnost. <em>\u00da\u010dinek Viarexu<\/em> je zalo\u017een na jedine\u010dn\u00e9 kombinaci \u00fa\u010dinn\u00fdch l\u00e1tek, kter\u00e9 podporuj\u00ed p\u0159irozen\u00e9 procesy v t\u011ble.<\/p>\n\n\n\n<p><b>Viarex<\/b> obsahuje <b>Mace<\/b> (Tribulus terrestris), kter\u00fd stimuluje produkci testosteronu zv\u00fd\u0161en\u00edm sekrece luteiniza\u010dn\u00edho hormonu (LH). Cenn\u00e1 slo\u017eka <b>zinek<\/b> p\u0159isp\u00edv\u00e1 ke zdrav\u00ed poko\u017eky, vlas\u016f a neht\u016f a podporuje imunitn\u00ed syst\u00e9m. <b>L-arginin<\/b> obsa\u017een\u00fd v p\u0159\u00edpravku Viarex zlep\u0161uje krevn\u00ed ob\u011bh, co\u017e m\u00e1 za n\u00e1sledek lep\u0161\u00ed dosa\u017een\u00ed erekce a zv\u00fd\u0161en\u00ed svalov\u00e9 hmoty.<\/p>\n\n\n\n<p>\u017den\u0161enov\u00fd extrakt d\u00e1le podporuje vitalitu, energii a funkci imunitn\u00edho syst\u00e9mu. Celkov\u011b Viarex podporuje <b>sexu\u00e1ln\u00ed zdrav\u00ed<\/b> mu\u017e\u016f a zlep\u0161uje jejich celkovou fyzickou kondici, co\u017e se projevuje v lep\u0161\u00edm pocitu pohody. Pravideln\u00e9 u\u017e\u00edv\u00e1n\u00ed tohoto dopl\u0148ku m\u016f\u017ee v\u00e9st ke znateln\u00fdm \u00fa\u010dink\u016fm, v\u010detn\u011b zv\u00fd\u0161en\u00ed libida a zlep\u0161en\u00ed erekce.<\/p>\n\n\n\n<h2 class=\"wp-block-heading\">Viarex &#8211; \u00fa\u010dinky<\/h2>\n\n\n\n<p><b>U\u017e\u00edv\u00e1n\u00ed p\u0159\u00edpravku Viarex<\/b> m\u00e1 \u0159adu <em>\u00fa\u010dink\u016f<\/em> na <b>sexu\u00e1ln\u00ed zdrav\u00ed<\/b>. P\u0159i pravideln\u00e9m u\u017e\u00edv\u00e1n\u00ed lze pozorovat v\u00fdrazn\u00e9 <em>zlep\u0161en\u00ed erekce<\/em> a <em>zv\u00fd\u0161en\u00ed libida,<\/em> co\u017e v\u00fdznamn\u011b p\u0159isp\u00edv\u00e1 ke kvalit\u011b intimn\u00edho \u017eivota. Kl\u00ed\u010dov\u00e9 slo\u017eky tohoto dopl\u0148ku, jako je meloun kr\u00e1lovsk\u00fd a <b>L-arginin<\/b>, podporuj\u00ed produkci oxidu dusnat\u00e9ho, kter\u00fd n\u00e1sledn\u011b zvy\u0161uje pr\u016ftok krve do pohlavn\u00edch org\u00e1n\u016f, co\u017e usnad\u0148uje dosa\u017een\u00ed a udr\u017een\u00ed erekce.<\/p>\n\n\n\n<p>Studie ukazuj\u00ed, \u017ee u\u017e\u00edv\u00e1n\u00ed p\u0159\u00edpravku Viarex <em>je zdrav\u00ed prosp\u011b\u0161n\u00e9<\/em>. Pravideln\u00e9 u\u017e\u00edv\u00e1n\u00ed kapsl\u00ed podporuje produkci testosteronu, kter\u00fd zvy\u0161uje energii a vitalitu. Dopln\u011bk tak\u00e9 p\u0159isp\u00edv\u00e1 ke zlep\u0161en\u00ed sexu\u00e1ln\u00edch funkc\u00ed u mu\u017e\u016f, co\u017e m\u016f\u017ee b\u00fdt zvl\u00e1\u0161t\u011b prosp\u011b\u0161n\u00e9 pro ty, u nich\u017e doch\u00e1z\u00ed ke zm\u011bn\u00e1m souvisej\u00edc\u00edm s v\u011bkem.<\/p>\n\n\n\n<ul class=\"wp-block-list\">\n<li><strong>Zlep\u0161en\u00ed erekce<\/strong> a kvality sexu\u00e1ln\u00edho \u017eivota<\/li>\n\n\n\n<li><strong>Zv\u00fd\u0161en\u00e9 libido<\/strong>, kter\u00e9 podporuje intimn\u00ed vztahy.<\/li>\n\n\n\n<li><strong>Podpora produkce testosteronu<\/strong> a zv\u00fd\u0161en\u00ed energie<\/li>\n\n\n\n<li><strong>Zdravotn\u00ed p\u0159\u00ednosy<\/strong> d\u00edky regeneraci a lep\u0161\u00edmu fyzick\u00e9mu v\u00fdkonu<\/li>\n<\/ul>\n\n\n\n<p>Souhrnn\u011b lze \u0159\u00edci, \u017ee <b>\u00fa\u010dinky p\u0159\u00edpravku Viarex<\/b> mohou v\u00fdznamn\u011b ovlivnit nejen sexu\u00e1ln\u00ed \u017eivot, ale i celkovou pohodu. Zm\u011bny lze pozorovat ji\u017e po n\u011bkolika t\u00fddnech pravideln\u00e9ho u\u017e\u00edv\u00e1n\u00ed, co\u017e \u010din\u00ed tento dopln\u011bk atraktivn\u00ed volbou pro mu\u017ee, kte\u0159\u00ed cht\u011bj\u00ed zlep\u0161it sv\u016fj intimn\u00ed \u017eivot.<\/p>\n\n\n\n<h2 class=\"wp-block-heading\">Jak pou\u017e\u00edvat Viarex? &#8211; D\u00e1vkov\u00e1n\u00ed<\/h2>\n\n\n\n<p><b>Pou\u017eit\u00ed p\u0159\u00edpravku Viarex<\/b> je jednoduch\u00e9 a <b>d\u00e1vkov\u00e1n\u00ed<\/b> bylo pe\u010dliv\u011b navr\u017eeno tak, aby byly zaji\u0161t\u011bny optim\u00e1ln\u00ed v\u00fdsledky. Standardn\u00ed <b>d\u00e1vkov\u00e1n\u00ed<\/b> jsou dv\u011b kapsle denn\u011b &#8211; jedna r\u00e1no a jedna ve\u010der. Je d\u016fle\u017eit\u00e9 je zap\u00edt dostate\u010dn\u00fdm mno\u017estv\u00edm vody, aby se usnadnilo vst\u0159eb\u00e1v\u00e1n\u00ed.<\/p>\n\n\n\n<p>Pro dosa\u017een\u00ed nejlep\u0161\u00edch v\u00fdsledk\u016f se doporu\u010duje pokra\u010dovat v u\u017e\u00edv\u00e1n\u00ed p\u0159\u00edpravku Viarex po dobu nejm\u00e9n\u011b 30 dn\u016f. Mnoho lid\u00ed po pravideln\u00e9m u\u017e\u00edv\u00e1n\u00ed kapsl\u00ed zaznamen\u00e1v\u00e1 v\u00fdrazn\u00e9 zlep\u0161en\u00ed kvality sv\u00e9ho sexu\u00e1ln\u00edho \u017eivota. <em>N\u00e1vod k pou\u017eit\u00ed<\/em> zd\u016fraz\u0148uje d\u016fle\u017eitost pravidelnosti u\u017e\u00edv\u00e1n\u00ed p\u0159\u00edpravku, kter\u00e1 m\u016f\u017ee ovlivnit kone\u010dn\u00fd v\u00fdsledek.<\/p>\n\n\n\n<p>Viarex je ur\u010den pouze pro dosp\u011bl\u00e9 mu\u017ee, tak\u017ee osoby mlad\u0161\u00ed 18 let by se jeho u\u017e\u00edv\u00e1n\u00ed m\u011bly vyvarovat. P\u0159ed zah\u00e1jen\u00edm u\u017e\u00edv\u00e1n\u00ed dopl\u0148k\u016f je vhodn\u00e9 poradit se s l\u00e9ka\u0159em, zejm\u00e9na pokud u\u017e\u00edv\u00e1te jin\u00e9 l\u00e9ky nebo m\u00e1te st\u00e1vaj\u00edc\u00ed zdravotn\u00ed pot\u00ed\u017ee.<\/p>\n\n\n\n<figure class=\"wp-block-table\"><table><tbody><tr><th>Doporu\u010den\u00e9 d\u00e1vkov\u00e1n\u00ed<\/th><th>\u010cas pod\u00e1n\u00ed \u017e\u00e1dosti<\/th><th>Kontraindikace<\/th><\/tr><tr><td>2 kapsle denn\u011b (1 r\u00e1no, 1 ve\u010der)<\/td><td>Min. 30 dn\u00ed<\/td><td>Nesn\u00e1\u0161enlivost slo\u017eek, v\u011bk pod 18 let, selh\u00e1n\u00ed srdce, ledvin a jater<\/td><\/tr><\/tbody><\/table><\/figure>\n\n\n\n<p>Nezapome\u0148te si v\u017edy p\u0159e\u010d\u00edst p\u0159\u00edbalov\u00fd let\u00e1k. To V\u00e1m pom\u016f\u017ee vyhnout se mo\u017en\u00fdm probl\u00e9m\u016fm a dos\u00e1hnout s p\u0159\u00edpravkem Viarex po\u017eadovan\u00fdch v\u00fdsledk\u016f.<\/p>\n\n\n\n<h2 class=\"wp-block-heading\">Viarex &#8211; N\u00e1zory a recenze, F\u00f3rum<\/h2>\n\n\n\n<p>Viarex je mezi u\u017eivateli st\u00e1le obl\u00edben\u011bj\u0161\u00ed a <b>recenze Viarexu<\/b> na polsk\u00fdch zdravotnick\u00fdch f\u00f3rech jsou v drtiv\u00e9 v\u011bt\u0161in\u011b pozitivn\u00ed. Z\u00e1kazn\u00edci se r\u00e1di d\u011bl\u00ed o sv\u00e9 <em>u\u017eivatelsk\u00e9 zku\u0161enosti<\/em> a poukazuj\u00ed na to, \u017ee v\u00fdrobek pom\u00e1h\u00e1 zlep\u0161it fyzickou kondici a sexu\u00e1ln\u00ed \u017eivot. Mnoho recenz\u00ed zd\u016fraz\u0148uje \u00fa\u010dinnost Viarex, p\u0159i\u010dem\u017e si v\u0161\u00edm\u00e1 p\u0159\u00edrodn\u00edho slo\u017een\u00ed, kter\u00e9 vzbuzuje jejich d\u016fv\u011bru.<\/p>\n\n\n\n<p>Mnoho mu\u017e\u016f ve v\u011bku od \u010dty\u0159iceti do sedmdes\u00e1ti let se pot\u00fdk\u00e1 s probl\u00e9my s erekc\u00ed. Pr\u00e1v\u011b v t\u00e9to souvislosti z\u00edsk\u00e1v\u00e1 Viarex \u010detn\u00e1 pozitivn\u00ed doporu\u010den\u00ed. U\u017eivatel\u00e9 na <b>f\u00f3ru<\/b> \u010dasto zmi\u0148uj\u00ed zlep\u0161en\u00ed libida a kvality erekce po pou\u017eit\u00ed tohoto dopl\u0148ku. Uk\u00e1zkov\u00e1 prohl\u00e1\u0161en\u00ed hovo\u0159\u00ed o <strong>znateln\u00e9m zlep\u0161en\u00ed<\/strong>, co\u017e dokazuje vysokou \u00fa\u010dinnost v\u00fdrobku.<\/p>\n\n\n\n<blockquote class=\"wp-block-quote is-layout-flow wp-block-quote-is-layout-flow\">\n<p>&#8220;Viarex pou\u017e\u00edv\u00e1m ji\u017e n\u011bkolik t\u00fddn\u016f a zaznamenal jsem v\u00fdrazn\u00e9 zlep\u0161en\u00ed. Doporu\u010dil bych ho ka\u017ed\u00e9mu, kdo m\u00e1 podobn\u00e9 probl\u00e9my.&#8221;<\/p>\n<\/blockquote>\n\n\n\n<p>Slo\u017eky, jako je <b>mu\u0161k\u00e1tov\u00fd kv\u011bt<\/b>, <b>zinek<\/b>, L-arginin a \u017een\u0161enov\u00fd extrakt, kter\u00e9 hraj\u00ed kl\u00ed\u010dovou roli, p\u0159itahuj\u00ed pozornost u\u017eivatel\u016f. Pr\u00e1v\u011b tyto p\u0159\u00edrodn\u00ed l\u00e1tky zp\u016fsobuj\u00ed, \u017ee Viarex z\u00edsk\u00e1v\u00e1 uzn\u00e1n\u00ed mezi spot\u0159ebiteli, co\u017e se odr\u00e1\u017e\u00ed i v <b>recenz\u00edch<\/b>. Je vid\u011bt, \u017ee ^&gt;Mnoho lid\u00ed oce\u0148uje tuto formu podpory sexu\u00e1ln\u00edho zdrav\u00ed.<\/p>\n\n\n\n<figure class=\"wp-block-table\"><table><tbody><tr><th>Aspekt<\/th><th>Hodnocen\u00ed<\/th><\/tr><tr><td>\u00da\u010dinnost<\/td><td>4.8\/5<\/td><\/tr><tr><td>Zabezpe\u010den\u00ed<\/td><td>4.7\/5<\/td><\/tr><tr><td>Snadn\u00e9 pou\u017eit\u00ed<\/td><td>4.6\/5<\/td><\/tr><tr><td>P\u0159\u00edrodn\u00ed slo\u017een\u00ed<\/td><td>4.9\/5<\/td><\/tr><\/tbody><\/table><\/figure>\n\n\n\n<p>Stoj\u00ed za to prozkoumat <b>recenze Viarex<\/b> na f\u00f3rech a hledat vlastn\u00ed zku\u0161enosti, kter\u00e9 v\u00e1m pomohou rozhodnout se pro spr\u00e1vn\u00fd dopln\u011bk. Jak ukazuj\u00ed <b>recenze<\/b>, mnoho u\u017eivatel\u016f zjistilo, \u017ee Viarex je \u00fa\u010dinnou podporou jejich zdravotn\u00edch probl\u00e9m\u016f. To je dobr\u00fd krok ke zlep\u0161en\u00ed kvality \u017eivota a sexu\u00e1ln\u00edho zdrav\u00ed.<\/p>\n\n\n\n<h2 class=\"wp-block-heading\">Viarex &#8211; Slo\u017een\u00ed &#8211; Anal\u00fdza slo\u017eek<\/h2>\n\n\n\n<p><b>Slo\u017een\u00ed Viarexu<\/b> je kombinac\u00ed pe\u010dliv\u011b vybran\u00fdch p\u0159\u00edrodn\u00edch slo\u017eek, kter\u00e9 podporuj\u00ed sexu\u00e1ln\u00ed zdrav\u00ed mu\u017e\u016f. Kl\u00ed\u010dovou slo\u017ekou je <em>Mace (<\/em> Tribulus terrestris <em>)<\/em>, zn\u00e1m\u00fd pro sv\u00e9 vlastnosti zvy\u0161uj\u00edc\u00ed libido a v\u00fdkonnost. <em>L-arginin<\/em>, co\u017e je aminokyselina, hraje d\u016fle\u017eitou roli v produkci oxidu dusnat\u00e9ho, kter\u00fd prosp\u00edv\u00e1 krevn\u00edmu ob\u011bhu, a t\u00edm i sexu\u00e1ln\u00edm funkc\u00edm. Krom\u011b toho je <em>zinek<\/em> nezbytn\u00fdm miner\u00e1lem pro regulaci hormon\u00e1ln\u00edch funkc\u00ed a pos\u00edlen\u00ed imunitn\u00edho syst\u00e9mu.<\/p>\n\n\n\n<p>Viarex obsahuje tak\u00e9 <em>\u017een\u0161en,<\/em> kter\u00fd m\u00e1 adaptogenn\u00ed \u00fa\u010dinek, zvy\u0161uje vitalitu a hladinu energie. D\u00edky synergick\u00e9mu p\u016fsoben\u00ed t\u011bchto slo\u017eek umo\u017e\u0148uje p\u0159\u00edpravek nejen zlep\u0161en\u00ed kvality sexu\u00e1ln\u00edho \u017eivota, ale ovliv\u0148uje i celkov\u00fd stav organismu.<\/p>\n\n\n\n<figure class=\"wp-block-table\"><table><tbody><tr><th>Komponenta<\/th><th>Funkce<\/th><th>V\u00fdhody<\/th><\/tr><tr><td>Mace<\/td><td>Podporuje produkci testosteronu<\/td><td>Zlep\u0161en\u00ed libida a sexu\u00e1ln\u00ed v\u00fdkonnosti<\/td><\/tr><tr><td>L-arginin<\/td><td>Produkce oxidu dusnat\u00e9ho<\/td><td>Zlep\u0161en\u00ed krevn\u00edho ob\u011bhu<\/td><\/tr><tr><td>Zinek<\/td><td>Regulace endokrinn\u00ed funkce<\/td><td>Pos\u00edlen\u00ed imunity<\/td><\/tr><tr><td><b>\u017den\u0161en<\/b><\/td><td>Adaptogenn\u00ed \u00fa\u010dinek<\/td><td>Zv\u00fd\u0161en\u00ed energie a vitality<\/td><\/tr><\/tbody><\/table><\/figure>\n\n\n\n<p><b>Anal\u00fdza slo\u017eek<\/b> ukazuje na vysokou kvalitu a \u00fa\u010dinnost Viarexu jako p\u0159\u00edrodn\u00ed podpory mu\u017esk\u00e9ho zdrav\u00ed. D\u00edky sv\u00e9mu jedine\u010dn\u00e9mu slo\u017een\u00ed m\u016f\u017ee tento p\u0159\u00edpravek p\u0159in\u00e9st hmatateln\u00e9 v\u00fdhody t\u011bm, kte\u0159\u00ed cht\u011bj\u00ed zlep\u0161it svou pohodu a sexu\u00e1ln\u00ed \u017eivot.<\/p>\n\n\n\n<h2 class=\"wp-block-heading\">Kde koupit a jak\u00e1 je cena p\u0159\u00edpravku Viarex?<\/h2>\n\n\n\n<p>Viarex je k dispozici p\u0159edev\u0161\u00edm na <em>ofici\u00e1ln\u00edch str\u00e1nk\u00e1ch v\u00fdrobce,<\/em> co\u017e zaji\u0161\u0165uje originalitu v\u00fdrobku a nejlep\u0161\u00ed n\u00e1kupn\u00ed podm\u00ednky. Dopln\u011bk nen\u00ed k dispozici ve stacion\u00e1rn\u00edch l\u00e9k\u00e1rn\u00e1ch ani na prodejn\u00edch platform\u00e1ch, co\u017e zd\u016fraz\u0148uje jeho jedine\u010dnost. Pro spot\u0159ebitele je z\u00e1sadn\u00ed zjistit, <em>kde Viarex koupit,<\/em> aby se vyhnuli neorigin\u00e1ln\u00edm v\u00fdrobk\u016fm, kter\u00e9 nemus\u00ed splnit o\u010dek\u00e1v\u00e1n\u00ed.<\/p>\n\n\n\n<p>Aktu\u00e1ln\u00ed <em>cena Viarexu<\/em> je sn\u00ed\u017eena o -50 %. Stoj\u00ed za zm\u00ednku, \u017ee ceny se mohou m\u011bnit v z\u00e1vislosti na aktu\u00e1ln\u00edch akc\u00edch a dostupnosti, proto se vyplat\u00ed pravideln\u011b kontrolovat nab\u00eddku na ofici\u00e1ln\u00edch str\u00e1nk\u00e1ch. N\u00e1kup Viarex online je nejen z\u00e1rukou originality, ale tak\u00e9 pohodl\u00ed a mo\u017enosti doru\u010den\u00ed na jak\u00e9koliv m\u00edsto v Polsku.<\/p>\n\n\n\n<p>P\u0159i n\u00e1kupu se vyplat\u00ed dodr\u017eovat n\u011bkolik pravidel:<\/p>\n\n\n\n<ul class=\"wp-block-list\">\n<li>Vyhn\u011bte se podez\u0159el\u00fdm zdroj\u016fm, kter\u00e9 mohou nab\u00edzet neorigin\u00e1ln\u00ed produkty.<\/li>\n\n\n\n<li>Zkontrolujte recenze ostatn\u00edch u\u017eivatel\u016f, abyste z\u00edskali p\u0159edstavu o <em>dostupnosti<\/em> a kvalit\u011b dopl\u0148ku.<\/li>\n\n\n\n<li>Pozorn\u011b si p\u0159e\u010dt\u011bte informace na ofici\u00e1ln\u00edch str\u00e1nk\u00e1ch v\u00fdrobce, abyste neprop\u00e1sli \u017e\u00e1dnou propaga\u010dn\u00ed akci.<\/li>\n<\/ul>\n\n\n\n<p>Volba Viarexu jako p\u0159\u00edrodn\u00edho dopl\u0148ku potence je rozhodnut\u00ed, kter\u00e9 m\u016f\u017ee m\u00edt mnoho v\u00fdhod pro sexu\u00e1ln\u00ed zdrav\u00ed, a jeho bezpe\u010dn\u00e9 \u00fa\u010dinky a pozitivn\u00ed hodnocen\u00ed z\u00e1kazn\u00edk\u016f p\u0159isp\u00edvaj\u00ed k rostouc\u00edmu z\u00e1jmu o tento produkt.<\/p>\n\n\n\n<h2 class=\"wp-block-heading\">Viarex &#8211; Mo\u017en\u00e9 ne\u017e\u00e1douc\u00ed \u00fa\u010dinky a kontraindikace pou\u017eit\u00ed<\/h2>\n\n\n\n<p>Viarex d\u00edky pou\u017eit\u00ed <strong>p\u0159\u00edrodn\u00edch slo\u017eek<\/strong> v\u00fdrazn\u011b minimalizuje riziko z\u00e1va\u017en\u00fdch <strong>vedlej\u0161\u00edch \u00fa\u010dink\u016f<\/strong>. Jedn\u00e1 se o p\u0159\u00edpravek, jeho\u017e c\u00edlem je zlep\u0161it sexu\u00e1ln\u00ed zdrav\u00ed, ale p\u0159ed zah\u00e1jen\u00edm l\u00e9\u010dby je vhodn\u00e9 poradit se s l\u00e9ka\u0159em, zejm\u00e9na pokud existuj\u00ed alergie na slo\u017eky, kter\u00e9 obsahuje, nebo pokud pacient u\u017e\u00edv\u00e1 jin\u00e9 l\u00e9ky. Ze z\u0159ejm\u00fdch d\u016fvod\u016f je <strong>bezpe\u010dnost<\/strong> dopl\u0148k\u016f stravy z\u00e1sadn\u00ed pro zdrav\u00ed a pohodl\u00ed u\u017eivatel\u016f.<\/p>\n\n\n\n<p>Mo\u017en\u00e9 ne\u017e\u00e1douc\u00ed \u00fa\u010dinky mohou zahrnovat alergick\u00e9 reakce a m\u00edrn\u00e9 \u017ealude\u010dn\u00ed pot\u00ed\u017ee. Je t\u0159eba poznamenat, \u017ee jsou vz\u00e1cn\u00e9 a obvykle m\u00edrn\u00e9. Abyste se vyhnuli zdravotn\u00edm komplikac\u00edm, je vhodn\u00e9 si tak\u00e9 p\u0159e\u010d\u00edst p\u0159\u00edbalovou informaci k p\u0159\u00edpravku, abyste si byli v\u011bdomi mo\u017en\u00fdch <strong>kontraindikac\u00ed<\/strong>. Mezi nej\u010dast\u011bj\u0161\u00ed kontraindikace pat\u0159\u00ed p\u0159ecitliv\u011blost na slo\u017eky p\u0159\u00edpravku, srde\u010dn\u00ed probl\u00e9my a t\u011bhotenstv\u00ed a kojen\u00ed.<\/p>\n\n\n\n<p>P\u0159i pou\u017e\u00edv\u00e1n\u00ed p\u0159\u00edpravku Viarex je t\u0159eba pamatovat na jeho pravideln\u00e9 pou\u017e\u00edv\u00e1n\u00ed podle pokyn\u016f. Dodr\u017eov\u00e1n\u00ed pokyn\u016f v\u00fdrobce a pln\u00e9 uv\u011bdom\u011bn\u00ed si mo\u017en\u00fdch <strong>ne\u017e\u00e1douc\u00edch \u00fa\u010dink\u016f<\/strong> v\u00e1m pom\u016f\u017ee dos\u00e1hnout po\u017eadovan\u00fdch v\u00fdsledk\u016f bez zbyte\u010dn\u00fdch zdravotn\u00edch rizik.<\/p>\n","protected":false},"excerpt":{"rendered":"<p><strong>860.00 K\u010d<\/strong><\/p>\n<p><del>1720.00 K\u010d<\/del><\/p>\n<p><strong>[date_countdown]<\/strong><\/p>\n","protected":false},"featured_media":10349,"comment_status":"open","ping_status":"closed","template":"","meta":{"neve_meta_sidebar":"","neve_meta_container":"","neve_meta_enable_content_width":"","neve_meta_content_width":0,"neve_meta_title_alignment":"","neve_meta_author_avatar":"","neve_post_elements_order":"","neve_meta_disable_header":"","neve_meta_disable_footer":"","neve_meta_disable_title":"","neve_meta_reading_time":""},"product_brand":[],"product_cat":[265],"product_tag":[],"class_list":{"0":"post-10353","1":"product","2":"type-product","3":"status-publish","4":"has-post-thumbnail","6":"product_cat-sexualni-zdravi","8":"first","9":"instock","10":"shipping-taxable","11":"product-type-external"},"yoast_head":"<!-- This site is optimized with the Yoast SEO plugin v27.4 - https:\/\/yoast.com\/product\/yoast-seo-wordpress\/ -->\n<title>Viarex - Clinica Althea<\/title>\n<meta name=\"robots\" content=\"index, follow, max-snippet:-1, max-image-preview:large, max-video-preview:-1\" \/>\n<link rel=\"canonical\" href=\"https:\/\/www.clinicaalthea.com\/farmacia\/cs\/apt\/viarex\/\" \/>\n<meta property=\"og:locale\" content=\"pl_PL\" \/>\n<meta property=\"og:type\" content=\"article\" \/>\n<meta property=\"og:title\" content=\"Viarex - Clinica Althea\" \/>\n<meta property=\"og:description\" content=\"860.00 K\u010d 1720.00 K\u010d\" \/>\n<meta property=\"og:url\" content=\"https:\/\/www.clinicaalthea.com\/farmacia\/cs\/apt\/viarex\/\" \/>\n<meta property=\"og:site_name\" content=\"Clinica Althea\" \/>\n<meta property=\"article:modified_time\" content=\"2024-09-09T14:20:01+00:00\" \/>\n<meta property=\"og:image\" content=\"https:\/\/www.clinicaalthea.com\/farmacia\/wp-content\/uploads\/2024\/09\/Viarex.jpg\" \/>\n\t<meta property=\"og:image:width\" content=\"768\" \/>\n\t<meta property=\"og:image:height\" content=\"768\" \/>\n\t<meta property=\"og:image:type\" content=\"image\/jpeg\" \/>\n<meta name=\"twitter:card\" content=\"summary_large_image\" \/>\n<meta name=\"twitter:label1\" content=\"Szacowany czas czytania\" \/>\n\t<meta name=\"twitter:data1\" content=\"8 minut\" \/>\n<script type=\"application\/ld+json\" class=\"yoast-schema-graph\">{\"@context\":\"https:\\\/\\\/schema.org\",\"@graph\":[{\"@type\":\"WebPage\",\"@id\":\"https:\\\/\\\/www.clinicaalthea.com\\\/farmacia\\\/cs\\\/apt\\\/viarex\\\/\",\"url\":\"https:\\\/\\\/www.clinicaalthea.com\\\/farmacia\\\/cs\\\/apt\\\/viarex\\\/\",\"name\":\"Viarex - Clinica Althea\",\"isPartOf\":{\"@id\":\"https:\\\/\\\/www.clinicaalthea.com\\\/farmacia\\\/#website\"},\"primaryImageOfPage\":{\"@id\":\"https:\\\/\\\/www.clinicaalthea.com\\\/farmacia\\\/cs\\\/apt\\\/viarex\\\/#primaryimage\"},\"image\":{\"@id\":\"https:\\\/\\\/www.clinicaalthea.com\\\/farmacia\\\/cs\\\/apt\\\/viarex\\\/#primaryimage\"},\"thumbnailUrl\":\"https:\\\/\\\/www.clinicaalthea.com\\\/farmacia\\\/wp-content\\\/uploads\\\/2024\\\/09\\\/Viarex.jpg\",\"datePublished\":\"2024-09-09T14:14:01+00:00\",\"dateModified\":\"2024-09-09T14:20:01+00:00\",\"breadcrumb\":{\"@id\":\"https:\\\/\\\/www.clinicaalthea.com\\\/farmacia\\\/cs\\\/apt\\\/viarex\\\/#breadcrumb\"},\"inLanguage\":\"pl-PL\",\"potentialAction\":[{\"@type\":\"ReadAction\",\"target\":[\"https:\\\/\\\/www.clinicaalthea.com\\\/farmacia\\\/cs\\\/apt\\\/viarex\\\/\"]}]},{\"@type\":\"ImageObject\",\"inLanguage\":\"pl-PL\",\"@id\":\"https:\\\/\\\/www.clinicaalthea.com\\\/farmacia\\\/cs\\\/apt\\\/viarex\\\/#primaryimage\",\"url\":\"https:\\\/\\\/www.clinicaalthea.com\\\/farmacia\\\/wp-content\\\/uploads\\\/2024\\\/09\\\/Viarex.jpg\",\"contentUrl\":\"https:\\\/\\\/www.clinicaalthea.com\\\/farmacia\\\/wp-content\\\/uploads\\\/2024\\\/09\\\/Viarex.jpg\",\"width\":768,\"height\":768,\"caption\":\"Viarex\"},{\"@type\":\"BreadcrumbList\",\"@id\":\"https:\\\/\\\/www.clinicaalthea.com\\\/farmacia\\\/cs\\\/apt\\\/viarex\\\/#breadcrumb\",\"itemListElement\":[{\"@type\":\"ListItem\",\"position\":1,\"name\":\"Strona g\u0142\u00f3wna\",\"item\":\"https:\\\/\\\/www.clinicaalthea.com\\\/farmacia\\\/\"},{\"@type\":\"ListItem\",\"position\":2,\"name\":\"Produkty\",\"item\":\"https:\\\/\\\/www.clinicaalthea.com\\\/farmacia\\\/\"},{\"@type\":\"ListItem\",\"position\":3,\"name\":\"Viarex\"}]},{\"@type\":\"WebSite\",\"@id\":\"https:\\\/\\\/www.clinicaalthea.com\\\/farmacia\\\/#website\",\"url\":\"https:\\\/\\\/www.clinicaalthea.com\\\/farmacia\\\/\",\"name\":\"Clinica Althea\",\"description\":\"\",\"publisher\":{\"@id\":\"https:\\\/\\\/www.clinicaalthea.com\\\/farmacia\\\/#organization\"},\"potentialAction\":[{\"@type\":\"SearchAction\",\"target\":{\"@type\":\"EntryPoint\",\"urlTemplate\":\"https:\\\/\\\/www.clinicaalthea.com\\\/farmacia\\\/?s={search_term_string}\"},\"query-input\":{\"@type\":\"PropertyValueSpecification\",\"valueRequired\":true,\"valueName\":\"search_term_string\"}}],\"inLanguage\":\"pl-PL\"},{\"@type\":\"Organization\",\"@id\":\"https:\\\/\\\/www.clinicaalthea.com\\\/farmacia\\\/#organization\",\"name\":\"Clinica Althea\",\"url\":\"https:\\\/\\\/www.clinicaalthea.com\\\/farmacia\\\/\",\"logo\":{\"@type\":\"ImageObject\",\"inLanguage\":\"pl-PL\",\"@id\":\"https:\\\/\\\/www.clinicaalthea.com\\\/farmacia\\\/#\\\/schema\\\/logo\\\/image\\\/\",\"url\":\"https:\\\/\\\/www.clinicaalthea.com\\\/farmacia\\\/wp-content\\\/uploads\\\/2023\\\/12\\\/Jak-diagnozuje-sie-FAS_-objawy-kryteria-diagnostyczne-i-metody-diagnozowania-154162903.jpg\",\"contentUrl\":\"https:\\\/\\\/www.clinicaalthea.com\\\/farmacia\\\/wp-content\\\/uploads\\\/2023\\\/12\\\/Jak-diagnozuje-sie-FAS_-objawy-kryteria-diagnostyczne-i-metody-diagnozowania-154162903.jpg\",\"width\":1216,\"height\":832,\"caption\":\"Clinica Althea\"},\"image\":{\"@id\":\"https:\\\/\\\/www.clinicaalthea.com\\\/farmacia\\\/#\\\/schema\\\/logo\\\/image\\\/\"}}]}<\/script>\n<!-- \/ Yoast SEO plugin. -->","yoast_head_json":{"title":"Viarex - Clinica Althea","robots":{"index":"index","follow":"follow","max-snippet":"max-snippet:-1","max-image-preview":"max-image-preview:large","max-video-preview":"max-video-preview:-1"},"canonical":"https:\/\/www.clinicaalthea.com\/farmacia\/cs\/apt\/viarex\/","og_locale":"pl_PL","og_type":"article","og_title":"Viarex - Clinica Althea","og_description":"860.00 K\u010d 1720.00 K\u010d","og_url":"https:\/\/www.clinicaalthea.com\/farmacia\/cs\/apt\/viarex\/","og_site_name":"Clinica Althea","article_modified_time":"2024-09-09T14:20:01+00:00","og_image":[{"width":768,"height":768,"url":"https:\/\/www.clinicaalthea.com\/farmacia\/wp-content\/uploads\/2024\/09\/Viarex.jpg","type":"image\/jpeg"}],"twitter_card":"summary_large_image","twitter_misc":{"Szacowany czas czytania":"8 minut"},"schema":{"@context":"https:\/\/schema.org","@graph":[{"@type":"WebPage","@id":"https:\/\/www.clinicaalthea.com\/farmacia\/cs\/apt\/viarex\/","url":"https:\/\/www.clinicaalthea.com\/farmacia\/cs\/apt\/viarex\/","name":"Viarex - Clinica Althea","isPartOf":{"@id":"https:\/\/www.clinicaalthea.com\/farmacia\/#website"},"primaryImageOfPage":{"@id":"https:\/\/www.clinicaalthea.com\/farmacia\/cs\/apt\/viarex\/#primaryimage"},"image":{"@id":"https:\/\/www.clinicaalthea.com\/farmacia\/cs\/apt\/viarex\/#primaryimage"},"thumbnailUrl":"https:\/\/www.clinicaalthea.com\/farmacia\/wp-content\/uploads\/2024\/09\/Viarex.jpg","datePublished":"2024-09-09T14:14:01+00:00","dateModified":"2024-09-09T14:20:01+00:00","breadcrumb":{"@id":"https:\/\/www.clinicaalthea.com\/farmacia\/cs\/apt\/viarex\/#breadcrumb"},"inLanguage":"pl-PL","potentialAction":[{"@type":"ReadAction","target":["https:\/\/www.clinicaalthea.com\/farmacia\/cs\/apt\/viarex\/"]}]},{"@type":"ImageObject","inLanguage":"pl-PL","@id":"https:\/\/www.clinicaalthea.com\/farmacia\/cs\/apt\/viarex\/#primaryimage","url":"https:\/\/www.clinicaalthea.com\/farmacia\/wp-content\/uploads\/2024\/09\/Viarex.jpg","contentUrl":"https:\/\/www.clinicaalthea.com\/farmacia\/wp-content\/uploads\/2024\/09\/Viarex.jpg","width":768,"height":768,"caption":"Viarex"},{"@type":"BreadcrumbList","@id":"https:\/\/www.clinicaalthea.com\/farmacia\/cs\/apt\/viarex\/#breadcrumb","itemListElement":[{"@type":"ListItem","position":1,"name":"Strona g\u0142\u00f3wna","item":"https:\/\/www.clinicaalthea.com\/farmacia\/"},{"@type":"ListItem","position":2,"name":"Produkty","item":"https:\/\/www.clinicaalthea.com\/farmacia\/"},{"@type":"ListItem","position":3,"name":"Viarex"}]},{"@type":"WebSite","@id":"https:\/\/www.clinicaalthea.com\/farmacia\/#website","url":"https:\/\/www.clinicaalthea.com\/farmacia\/","name":"Clinica Althea","description":"","publisher":{"@id":"https:\/\/www.clinicaalthea.com\/farmacia\/#organization"},"potentialAction":[{"@type":"SearchAction","target":{"@type":"EntryPoint","urlTemplate":"https:\/\/www.clinicaalthea.com\/farmacia\/?s={search_term_string}"},"query-input":{"@type":"PropertyValueSpecification","valueRequired":true,"valueName":"search_term_string"}}],"inLanguage":"pl-PL"},{"@type":"Organization","@id":"https:\/\/www.clinicaalthea.com\/farmacia\/#organization","name":"Clinica Althea","url":"https:\/\/www.clinicaalthea.com\/farmacia\/","logo":{"@type":"ImageObject","inLanguage":"pl-PL","@id":"https:\/\/www.clinicaalthea.com\/farmacia\/#\/schema\/logo\/image\/","url":"https:\/\/www.clinicaalthea.com\/farmacia\/wp-content\/uploads\/2023\/12\/Jak-diagnozuje-sie-FAS_-objawy-kryteria-diagnostyczne-i-metody-diagnozowania-154162903.jpg","contentUrl":"https:\/\/www.clinicaalthea.com\/farmacia\/wp-content\/uploads\/2023\/12\/Jak-diagnozuje-sie-FAS_-objawy-kryteria-diagnostyczne-i-metody-diagnozowania-154162903.jpg","width":1216,"height":832,"caption":"Clinica Althea"},"image":{"@id":"https:\/\/www.clinicaalthea.com\/farmacia\/#\/schema\/logo\/image\/"}}]}},"lang":"cs","translations":{"cs":10353,"pl":10348,"bg":10351,"hu":10355,"ro":10357,"et":10359,"el":10361,"it":10363,"lt":10365,"lv":10367,"pt":10369,"sk":10371,"sl":10373,"es":10375},"pll_sync_post":[],"_links":{"self":[{"href":"https:\/\/www.clinicaalthea.com\/farmacia\/wp-json\/wp\/v2\/product\/10353","targetHints":{"allow":["GET"]}}],"collection":[{"href":"https:\/\/www.clinicaalthea.com\/farmacia\/wp-json\/wp\/v2\/product"}],"about":[{"href":"https:\/\/www.clinicaalthea.com\/farmacia\/wp-json\/wp\/v2\/types\/product"}],"replies":[{"embeddable":true,"href":"https:\/\/www.clinicaalthea.com\/farmacia\/wp-json\/wp\/v2\/comments?post=10353"}],"wp:featuredmedia":[{"embeddable":true,"href":"https:\/\/www.clinicaalthea.com\/farmacia\/wp-json\/wp\/v2\/media\/10349"}],"wp:attachment":[{"href":"https:\/\/www.clinicaalthea.com\/farmacia\/wp-json\/wp\/v2\/media?parent=10353"}],"wp:term":[{"taxonomy":"product_brand","embeddable":true,"href":"https:\/\/www.clinicaalthea.com\/farmacia\/wp-json\/wp\/v2\/product_brand?post=10353"},{"taxonomy":"product_cat","embeddable":true,"href":"https:\/\/www.clinicaalthea.com\/farmacia\/wp-json\/wp\/v2\/product_cat?post=10353"},{"taxonomy":"product_tag","embeddable":true,"href":"https:\/\/www.clinicaalthea.com\/farmacia\/wp-json\/wp\/v2\/product_tag?post=10353"}],"curies":[{"name":"wp","href":"https:\/\/api.w.org\/{rel}","templated":true}]}}