{"id":10260,"date":"2024-09-09T11:28:19","date_gmt":"2024-09-09T10:28:19","guid":{"rendered":"https:\/\/mayoguide.org\/produkty\/?post_type=product&#038;p=10260"},"modified":"2024-09-09T11:29:13","modified_gmt":"2024-09-09T10:29:13","slug":"feronex","status":"publish","type":"product","link":"https:\/\/www.clinicaalthea.com\/farmacia\/lv\/apt\/feronex\/","title":{"rendered":"Feronex"},"content":{"rendered":"<h2 class=\"wp-block-heading\">Kas ir Feronex un k\u0101 tas darbojas?<\/h2>\n\n\n<p>Feronex ir inovat\u012bvs <b>uztura bag\u0101tin\u0101t\u0101js<\/b>, kas atbalsta v\u012brie\u0161u <em>seksu\u0101lo vesel\u012bbu<\/em>. T\u0101 <em>darb\u012bba<\/em> ir v\u0113rsta uz asinsrites uzlabo\u0161anu dzimumzon\u0101, kas uzlabo uzbudin\u0101jumu un palielina libido. \u012apa\u0161i atlas\u012btas augu izcelsmes <b>akt\u012bv\u0101s sast\u0101vda\u013cas<\/b> atbalsta vielmai\u0146as procesus, kas svar\u012bgi seksu\u0101lajai funkcijai un visp\u0101r\u0113jai labsaj\u016btai.<\/p>\n\n\n<p>Feronex <b>lieto\u0161ana<\/b> ir \u012bpa\u0161i ieteicama tiem, kuri c\u012bn\u0101s ar erekcijas probl\u0113m\u0101m un samazin\u0101tu libido. Ir v\u0113rts atz\u012bm\u0113t sast\u0101vda\u013cu sader\u012bbu ar dab\u012bgiem ekstraktiem, kas veicina pozit\u012bvus rezult\u0101tus seksu\u0101l\u0101s vesel\u012bbas jom\u0101. <b>Lietot\u0101ji<\/b> p\u0113c \u0101rst\u0113\u0161anas uzs\u0101k\u0161anas bie\u017ei pamana b\u016btiskas izmai\u0146as sav\u0101 dz\u012bv\u0113.<\/p>\n\n\n<figure class=\"wp-block-table\"><table><tbody><tr><th>Klients<\/th><th>Vecums<\/th><th>Ietekme<\/th><\/tr><tr><td>Marek<\/td><td>46<\/td><td>Sp\u0113c\u012bg\u0101ka erekcija, pl\u0101no veikt atk\u0101rtotu pas\u016bt\u012bjumu<\/td><\/tr><tr><td>Roberts<\/td><td>54<\/td><td>Seksu\u0101lo probl\u0113mu uzlabo\u0161an\u0101s, samazin\u0101tas grumbas, maz\u0101ka plikpaur\u012bba<\/td><\/tr><tr><td>Stefan<\/td><td>29<\/td><td>Uzlabots garast\u0101voklis, palielin\u0101ta ener\u0123ija, erekcijas atgrie\u0161an\u0101s<\/td><\/tr><tr><td>L\u016bka<\/td><td>56<\/td><td>Atgrie\u0161an\u0101s ener\u0123iskums un v\u0113lme r\u012bkoties<\/td><\/tr><tr><td>Andrew<\/td><td>46<\/td><td>\u0112rtas kapsulas, redzams <b>efekts<\/b> p\u0113c da\u017e\u0101m ned\u0113\u013c\u0101m<\/td><\/tr><\/tbody><\/table><\/figure>\n\n\n<p>Ieteicamais \u0101rst\u0113\u0161anas ilgums ir 30 dienas, lietojiet 1-2 kapsulas dien\u0101, uzdzerot \u016bdeni. Feronex nav pieejams aptiek\u0101s, kas uzsver t\u0101 unikalit\u0101ti uztura bag\u0101tin\u0101t\u0101ju tirg\u016b. Ieteicams lietot <em>uztura bag\u0101tin\u0101t\u0101jus<\/em> tikai ra\u017eot\u0101ja ofici\u0101laj\u0101 t\u012bmek\u013ca vietn\u0113, lai izvair\u012btos no riska ieg\u0101d\u0101ties viltojumus.<\/p>\n\n\n<h2 class=\"wp-block-heading\">Feronex &#8211; ietekme<\/h2>\n\n\n<p>Feronex <b>lietot\u0101ji<\/b> pamana iev\u0113rojamu seksu\u0101l\u0101s vesel\u012bbas uzlabo\u0161anos jau p\u0113c neilga laika p\u0113c lieto\u0161anas uzs\u0101k\u0161anas. Saska\u0146\u0101 ar p\u0113t\u012bjumu gandr\u012bz 80% no tiem, kas lietoja \u0161o papildin\u0101jumu, pirm\u0101 m\u0113ne\u0161a laik\u0101 iev\u0113rojami uzlaboj\u0101s seksu\u0101l\u0101 veiktsp\u0113ja. \u0160\u0101di <b>rezult\u0101ti<\/b> apstiprina <b>ietekmi, kas<\/b> ir daudzu pozit\u012bvu atsauksmju priek\u0161mets.<\/p>\n\n\n<p>Daudzi lietot\u0101ji min palielin\u0101to libido un uzlaboto erekcijas kvalit\u0101ti k\u0101 galvenos aspektus, ko vi\u0146i paman\u012bja p\u0113c Feronex lieto\u0161anas. \u012apa\u0161i 75% cilv\u0113ku uzskata, ka vi\u0146u seksu\u0101l\u0101s attiec\u012bbas ir uzlaboju\u0161\u0101s, t\u0101d\u0113j\u0101di uzsverot \u0161\u012b uztura bag\u0101tin\u0101t\u0101ja v\u0113rt\u012bbu seksu\u0101l\u0101s vesel\u012bbas uzlabo\u0161an\u0101.<\/p>\n\n\n\n<ul class=\"wp-block-list\">\n<li><em>Palielin\u0101ts libido<\/em><\/li>\n\n\n\n<li><em>Uzlabota erekcijas kvalit\u0101te<\/em><\/li>\n\n\n\n<li><em>Dzimumakta ilguma palielin\u0101\u0161ana<\/em><\/li>\n\n\n\n<li><em>Uzlabota gar\u012bg\u0101 labsaj\u016bta<\/em><\/li>\n\n\n\n<li><em>Liel\u0101ka p\u0101rliec\u012bba par to, k\u0101 r\u012bkoties ar partneri<\/em><\/li>\n<\/ul>\n\n\n<p>Feronex iedarb\u012bba ir saist\u012bta ar t\u0101 akt\u012bvo sast\u0101vda\u013cu siner\u0123isku iedarb\u012bbu, kas atbalsta organismu daudzos ar seksu\u0101lo vesel\u012bbu saist\u012btos aspektos. Regul\u0101ra uztura bag\u0101tin\u0101t\u0101ja lieto\u0161ana ir \u013coti svar\u012bga, lai sasniegtu optim\u0101lus rezult\u0101tus. Tie, kuri izv\u0113las ilg\u0101ku \u0101rst\u0113\u0161anas laiku, bie\u017ei vien izj\u016bt turpm\u0101kus uzlabojumus int\u012bm\u0101s dz\u012bves kvalit\u0101t\u0113.<\/p>\n\n\n<h2 class=\"wp-block-heading\">Feronex doz\u0113\u0161ana &#8211; K\u0101 lietot?<\/h2>\n\n\n<p>Feronex <b>deva<\/b> ir atkar\u012bga no individu\u0101laj\u0101m lietot\u0101ja vajadz\u012bb\u0101m. Parasti ieteicams lietot <em>vienu kapsulu dien\u0101,<\/em> v\u0113lams pirms \u0113\u0161anas, uzdzerot gl\u0101zi \u016bdens. Lai sasniegtu optim\u0101lus rezult\u0101tus, svar\u012bgi ir regul\u0101ri <b>lietot prepar\u0101tu<\/b>.<\/p>\n\n\n<p>Lai piel\u0101gotu <b>devu<\/b> sav\u0101m vajadz\u012bb\u0101m, ir lietder\u012bgi iev\u0113rot \u0161\u0101das vadl\u012bnijas:<\/p>\n\n\n\n<ul class=\"wp-block-list\">\n<li>Pirms lieto\u0161anas uzs\u0101k\u0161anas<em>konsult\u0113jieties ar \u0101rstu,<\/em> \u012bpa\u0161i, ja Jums ir hroniska slim\u012bba.<\/li>\n\n\n\n<li>Nep\u0101rsniedziet ieteicamo devu, lai izvair\u012btos no iesp\u0113jam\u0101m blakuspar\u0101d\u012bb\u0101m.<\/li>\n\n\n\n<li>Lietojiet Feronex regul\u0101ri, lai organisms var\u0113tu efekt\u012bvi absorb\u0113t sast\u0101vda\u013cas un to <b>iedarb\u012bbu<\/b>.<\/li>\n<\/ul>\n\n\n<p>Zem\u0101k redzamaj\u0101 tabul\u0101 ir apkopotas ieteicam\u0101s Feronex devas da\u017e\u0101d\u0101s situ\u0101cij\u0101s:<\/p>\n\n\n<figure class=\"wp-block-table\"><table><tbody><tr><th>Situ\u0101cija<\/th><th>Ieteicam\u0101 deva<\/th><\/tr><tr><td>Visp\u0101r\u0113js atbalsts seksu\u0101lajai vesel\u012bbai<\/td><td>1 kapsula dien\u0101<\/td><\/tr><tr><td>Testosterona l\u012bmenis zem normas<\/td><td>1 kapsula dien\u0101 \u0101rsta uzraudz\u012bb\u0101<\/td><\/tr><tr><td>Stresa ietekme uz erekcijas kvalit\u0101ti<\/td><td>1 kapsula dien\u0101, papildinot ar speci\u0101listu ieteikt\u0101m papildu terapij\u0101m.<\/td><\/tr><\/tbody><\/table><\/figure>\n\n\n<p>\u0160o nor\u0101d\u012bjumu iev\u0113ro\u0161ana un organisma reakcijas uz uztura bag\u0101tin\u0101t\u0101ju lieto\u0161anu var b\u016btiski uzlabot Feronex efektivit\u0101ti. \u0160is <b>papildin\u0101jums<\/b>, pareizi lietojot, pal\u012bdz atjaunot jaun\u012bbas sp\u0113ku un uzlabot seksu\u0101l\u0101s dz\u012bves kvalit\u0101ti.<\/p>\n\n\n<h2 class=\"wp-block-heading\">Feronex &#8211; Viedok\u013ci un atsauksmes &#8211; Ko saka lietot\u0101ji?<\/h2>\n\n\n<p>Feronex <b>atsauksmes<\/b> at\u0161\u0137iras, bet daudzi nor\u0101da uz pozit\u012bviem efektiem, kas saist\u012bti ar t\u0101 lieto\u0161anu. <b>Lietot\u0101ji<\/b> uzsver, ka papildin\u0101jums ir pal\u012bdz\u0113jis uzlabot potenci un palielin\u0101t apmierin\u0101t\u012bbu ar int\u012bmo dz\u012bvi. Daudzas tie\u0161saistes forumos public\u0113t\u0101s <b>atsauksmes<\/b> apliecina produkta efektivit\u0101ti un b\u016btisku blakuspar\u0101d\u012bbu neesam\u012bbu, kas ir \u012bpa\u0161i svar\u012bgi jaunajiem lietot\u0101jiem.<\/p>\n\n\n<p>\u0160eit ir apkopoti visbie\u017e\u0101k sastopamie viedok\u013ci un atsauksmes:<\/p>\n\n\n\n<ul class=\"wp-block-list\">\n<li><em>Uzlabota seksu\u0101l\u0101s dz\u012bves kvalit\u0101te<\/em> &#8211; daudzi lietot\u0101ji ir nov\u0113roju\u0161i iev\u0113rojamu intimit\u0101tes uzlabo\u0161anos p\u0113c \u0101rst\u0113\u0161anas uzs\u0101k\u0161anas ar Feronex.<\/li>\n\n\n\n<li><em>Dabiskas sast\u0101vda\u013cas<\/em> &#8211; vi\u0146i nov\u0113rt\u0113 kapsulu <b>prepar\u0101tus, kuru<\/b> pamat\u0101 ir t\u0101das vielas k\u0101 Maca saknes ekstrakts vai cinks, kas tiek uzskat\u012btas par maz\u0101k riskant\u0101m.<\/li>\n\n\n\n<li><em>Nav b\u016btisku blakuspar\u0101d\u012bbu<\/em> &#8211; lietot\u0101ji bie\u017ei uzsver, ka, lietojot papildin\u0101jumu, nav negat\u012bvas blakuspar\u0101d\u012bbas.<\/li>\n\n\n\n<li><em>Nepiecie\u0161ama ilg\u0101ka \u0101rst\u0113\u0161ana<\/em> &#8211; Daudzas atsauksmes liecina, ka piln\u012bgai iedarb\u012bbai ieteicams lietot vismaz 45 dienas.<\/li>\n<\/ul>\n\n\n<p>Neraugoties uz pozit\u012bvo pieredzi, ir v\u0113rts patur\u0113t pr\u0101t\u0101, ka iedarb\u012bba var at\u0161\u0137irties atkar\u012bb\u0101 no lietot\u0101ja \u0137erme\u0146a un dz\u012bvesveida. Katrs Feronex p\u0101rskats sniedz da\u017e\u0101das atzi\u0146as, un to da\u017e\u0101d\u012bba var pal\u012bdz\u0113t n\u0101kamajiem lietot\u0101jiem izlemt, vai izmantot \u0161o papildin\u0101jumu.<\/p>\n\n\n<figure class=\"wp-block-table\"><table><tbody><tr><th>Aspect<\/th><th>Lietot\u0101ju atsauksmes<\/th><\/tr><tr><td>Potences uzlabo\u0161ana<\/td><td>85% pozit\u012bvu atsauksmju<\/td><\/tr><tr><td>Rezult\u0101tu sasnieg\u0161anas laika samazin\u0101\u0161ana<\/td><td>70 % lietot\u0101ju zi\u0146o par \u0101triem rezult\u0101tiem<\/td><\/tr><tr><td>Nav blakuspar\u0101d\u012bbu<\/td><td>90% pozit\u012bvu atsauksmju<\/td><\/tr><tr><td>Dabiskais <b>sast\u0101vs<\/b> <\/td><td>95 % lietot\u0101ju nov\u0113rt\u0113 dabisk\u0101s sast\u0101vda\u013cas<\/td><\/tr><\/tbody><\/table><\/figure>\n\n\n<h2 class=\"wp-block-heading\">Feronex sast\u0101vs &#8211; ko tas satur?<\/h2>\n\n\n<p>Feronex ir papildin\u0101jums, kas izce\u013cas ar bag\u0101t\u012bgu <em>sast\u0101vu<\/em>, kas satur daudzas dabiskas izcelsmes <em>akt\u012bv\u0101s sast\u0101vda\u013cas<\/em>. T\u0101 formula ir rad\u012bta v\u012brie\u0161iem, \u012bpa\u0161i tiem, kas vec\u0101ki par 40 gadiem, un t\u0101 ir paredz\u0113ta seksu\u0101l\u0101s vesel\u012bbas un visp\u0101r\u0113j\u0101s labsaj\u016btas atbalstam. Formulas <b>sast\u0101v\u0101<\/b> ir:<\/p>\n\n\n\n<ul class=\"wp-block-list\">\n<li>Seenoa aug\u013cu ekstrakts &#8211; paz\u012bstams ar libido veicino\u0161\u0101m \u012bpa\u0161\u012bb\u0101m.<\/li>\n\n\n\n<li>Cinks &#8211; svar\u012bgs norm\u0101lai prostatas darb\u012bbai un testosterona l\u012bmenim.<\/li>\n\n\n\n<li>N\u0101tres ekstrakts &#8211; veicina asinsriti un var uzlabot seksu\u0101lo funkciju.<\/li>\n\n\n\n<li>Maca saknes ekstrakts &#8211; tradicion\u0101li tiek izmantots ener\u0123ijas un seksu\u0101l\u0101s iztur\u012bbas palielin\u0101\u0161anai.<\/li>\n<\/ul>\n\n\n<p>Visas \u0161\u012bs <em>akt\u012bv\u0101s sast\u0101vda\u013cas<\/em> darbojas siner\u0123iski, lai uzlabotu seksu\u0101l\u0101s dz\u012bves kvalit\u0101ti. Pirms uztura bag\u0101tin\u0101t\u0101ja lieto\u0161anas ir svar\u012bgi izlas\u012bt lieto\u0161anas instrukciju, \u012bpa\u0161i saist\u012bb\u0101 ar iesp\u0113jam\u0101m p\u0101rtikas aler\u0123ij\u0101m. Feronex ir uztura bag\u0101tin\u0101t\u0101js, kas v\u012brie\u0161iem sniedz dabisku atbalstu ikdienas funkcion\u0113\u0161an\u0101.<\/p>\n\n\n<h2 class=\"wp-block-heading\">Kur nopirkt un k\u0101da ir Feronex cena?<\/h2>\n\n\n<p>Feronex ir uztura bag\u0101tin\u0101t\u0101js, ko var ieg\u0101d\u0101ties tikai ar <em>ofici\u0101l\u0101 ra\u017eot\u0101ja<\/em> starpniec\u012bbu. \u0160is papildin\u0101jums nav pieejams tradicion\u0101laj\u0101s <em>aptiek\u0101s<\/em> vai tirdzniec\u012bbas platform\u0101s, piem\u0113ram, Allegro vai Ceneo. Ra\u017eot\u0101ja t\u012bmek\u013ca vietn\u0113 pieejamaj\u0101 pied\u0101v\u0101jum\u0101 ir iek\u013cauti izdev\u012bgi ieg\u0101des nosac\u012bjumi, tostarp atlaides un akcijas.<\/p>\n\n\n<p>Pa\u0161reiz\u0113j\u0101 Feronex <em>cena<\/em> ir samazin\u0101ta par 50%!<\/p>\n\n\n<p>Ieg\u0101d\u0101joties Feronex, ir iesp\u0113jams pas\u016bt\u012bt ar pieg\u0101di vis\u0101 valst\u012b. Lietot\u0101ji uzsver, ka \u0161\u0101da metode ir \u013coti \u0113rta, padarot \u0161o papildin\u0101jumu arvien popul\u0101r\u0101ku v\u012brie\u0161u vid\u016b, kuri c\u012bn\u0101s ar testosterona l\u012bmeni.<\/p>\n\n\n<h2 class=\"wp-block-heading\">Feronex iesp\u0113jam\u0101s blakuspar\u0101d\u012bbas un kontrindik\u0101cijas<\/h2>\n\n\n<p>T\u0101pat k\u0101 jebkur\u0161 uztura bag\u0101tin\u0101t\u0101js, ar\u012b Feronex var b\u016bt saist\u012bts ar blakuspar\u0101d\u012bb\u0101m. Lietot\u0101ji ir zi\u0146oju\u0161i par t\u0101d\u0101m s\u016bdz\u012bb\u0101m k\u0101 nelielas galvass\u0101pes, slikta d\u016b\u0161a vai gremo\u0161anas probl\u0113mas. Pirms uztura bag\u0101tin\u0101t\u0101ju lieto\u0161anas uzs\u0101k\u0161anas ieteicams izlas\u012bt pieejamo inform\u0101ciju un konsult\u0113ties ar speci\u0101listu, \u012bpa\u0161i, ja Jums ir citas vesel\u012bbas probl\u0113mas.<\/p>\n\n\n<p>Attiec\u012bb\u0101 uz <b>kontrindik\u0101cij\u0101m<\/b> j\u0101\u0146em v\u0113r\u0101 cilv\u0113ki, kuriem ir aler\u0123ija pret k\u0101du no akt\u012bvaj\u0101m sast\u0101vda\u013c\u0101m. Piesardz\u012bba j\u0101iev\u0113ro ar\u012b cilv\u0113kiem ar nopietniem vesel\u012bbas trauc\u0113jumiem, piem\u0113ram, sirds slim\u012bb\u0101m vai diab\u0113tu. Pirms Feronex lieto\u0161anas, \u012bpa\u0161i gr\u016btniec\u0113m un sieviet\u0113m, kas baro b\u0113rnu ar kr\u016bti, noteikti ieteicams konsult\u0113ties ar \u0101rstu.<\/p>\n\n\n<p>Papildin\u0101juma <b>dro\u0161\u012bba<\/b> ir galvenais elements, kas j\u0101\u0146em v\u0113r\u0101. Regul\u0101ra organisma reakcijas uz Feronex uzraudz\u012bba pal\u012bdz\u0113s identific\u0113t iesp\u0113jam\u0101s blakuspar\u0101d\u012bbas un \u013caus \u0101tri iejaukties vesel\u012bbas probl\u0113mu gad\u012bjum\u0101. J\u0101atceras, ka individu\u0101l\u0101 panesam\u012bba pret uztura bag\u0101tin\u0101t\u0101jiem var at\u0161\u0137irties atkar\u012bb\u0101 no cilv\u0113ka, t\u0101p\u0113c vienm\u0113r ieteicams iev\u0113rot piesardz\u012bbu.<\/p>\n","protected":false},"excerpt":{"rendered":"<p><strong>39.00 \u20ac<\/strong><\/p>\n<p><del>78.00 \u20ac<\/del><\/p>\n<p><strong>[date_countdown]<\/strong><\/p>\n","protected":false},"featured_media":10241,"comment_status":"open","ping_status":"closed","template":"","meta":{"neve_meta_sidebar":"","neve_meta_container":"","neve_meta_enable_content_width":"","neve_meta_content_width":0,"neve_meta_title_alignment":"","neve_meta_author_avatar":"","neve_post_elements_order":"","neve_meta_disable_header":"","neve_meta_disable_footer":"","neve_meta_disable_title":"","neve_meta_reading_time":""},"product_brand":[],"product_cat":[375],"product_tag":[],"class_list":{"0":"post-10260","1":"product","2":"type-product","3":"status-publish","4":"has-post-thumbnail","6":"product_cat-seksuala-veseliba","8":"first","9":"instock","10":"shipping-taxable","11":"product-type-external"},"yoast_head":"<!-- This site is optimized with the Yoast SEO plugin v27.4 - https:\/\/yoast.com\/product\/yoast-seo-wordpress\/ -->\n<title>Feronex - Clinica Althea<\/title>\n<meta name=\"robots\" content=\"index, follow, max-snippet:-1, max-image-preview:large, max-video-preview:-1\" \/>\n<link rel=\"canonical\" href=\"https:\/\/www.clinicaalthea.com\/farmacia\/lv\/apt\/feronex\/\" \/>\n<meta property=\"og:locale\" content=\"pl_PL\" \/>\n<meta property=\"og:type\" content=\"article\" \/>\n<meta property=\"og:title\" content=\"Feronex - Clinica Althea\" \/>\n<meta property=\"og:description\" content=\"39.00 \u20ac 78.00 \u20ac\" \/>\n<meta property=\"og:url\" content=\"https:\/\/www.clinicaalthea.com\/farmacia\/lv\/apt\/feronex\/\" \/>\n<meta property=\"og:site_name\" content=\"Clinica Althea\" \/>\n<meta property=\"article:modified_time\" content=\"2024-09-09T10:29:13+00:00\" \/>\n<meta property=\"og:image\" content=\"https:\/\/www.clinicaalthea.com\/farmacia\/wp-content\/uploads\/2024\/09\/Feronex.jpg\" \/>\n\t<meta property=\"og:image:width\" content=\"768\" \/>\n\t<meta property=\"og:image:height\" content=\"768\" \/>\n\t<meta property=\"og:image:type\" content=\"image\/jpeg\" \/>\n<meta name=\"twitter:card\" content=\"summary_large_image\" \/>\n<meta name=\"twitter:label1\" content=\"Szacowany czas czytania\" \/>\n\t<meta name=\"twitter:data1\" content=\"7 minut\" \/>\n<script type=\"application\/ld+json\" class=\"yoast-schema-graph\">{\"@context\":\"https:\\\/\\\/schema.org\",\"@graph\":[{\"@type\":\"WebPage\",\"@id\":\"https:\\\/\\\/www.clinicaalthea.com\\\/farmacia\\\/lv\\\/apt\\\/feronex\\\/\",\"url\":\"https:\\\/\\\/www.clinicaalthea.com\\\/farmacia\\\/lv\\\/apt\\\/feronex\\\/\",\"name\":\"Feronex - Clinica Althea\",\"isPartOf\":{\"@id\":\"https:\\\/\\\/www.clinicaalthea.com\\\/farmacia\\\/#website\"},\"primaryImageOfPage\":{\"@id\":\"https:\\\/\\\/www.clinicaalthea.com\\\/farmacia\\\/lv\\\/apt\\\/feronex\\\/#primaryimage\"},\"image\":{\"@id\":\"https:\\\/\\\/www.clinicaalthea.com\\\/farmacia\\\/lv\\\/apt\\\/feronex\\\/#primaryimage\"},\"thumbnailUrl\":\"https:\\\/\\\/www.clinicaalthea.com\\\/farmacia\\\/wp-content\\\/uploads\\\/2024\\\/09\\\/Feronex.jpg\",\"datePublished\":\"2024-09-09T10:28:19+00:00\",\"dateModified\":\"2024-09-09T10:29:13+00:00\",\"breadcrumb\":{\"@id\":\"https:\\\/\\\/www.clinicaalthea.com\\\/farmacia\\\/lv\\\/apt\\\/feronex\\\/#breadcrumb\"},\"inLanguage\":\"pl-PL\",\"potentialAction\":[{\"@type\":\"ReadAction\",\"target\":[\"https:\\\/\\\/www.clinicaalthea.com\\\/farmacia\\\/lv\\\/apt\\\/feronex\\\/\"]}]},{\"@type\":\"ImageObject\",\"inLanguage\":\"pl-PL\",\"@id\":\"https:\\\/\\\/www.clinicaalthea.com\\\/farmacia\\\/lv\\\/apt\\\/feronex\\\/#primaryimage\",\"url\":\"https:\\\/\\\/www.clinicaalthea.com\\\/farmacia\\\/wp-content\\\/uploads\\\/2024\\\/09\\\/Feronex.jpg\",\"contentUrl\":\"https:\\\/\\\/www.clinicaalthea.com\\\/farmacia\\\/wp-content\\\/uploads\\\/2024\\\/09\\\/Feronex.jpg\",\"width\":768,\"height\":768,\"caption\":\"Feronex\"},{\"@type\":\"BreadcrumbList\",\"@id\":\"https:\\\/\\\/www.clinicaalthea.com\\\/farmacia\\\/lv\\\/apt\\\/feronex\\\/#breadcrumb\",\"itemListElement\":[{\"@type\":\"ListItem\",\"position\":1,\"name\":\"Strona g\u0142\u00f3wna\",\"item\":\"https:\\\/\\\/www.clinicaalthea.com\\\/farmacia\\\/\"},{\"@type\":\"ListItem\",\"position\":2,\"name\":\"Produkty\",\"item\":\"https:\\\/\\\/www.clinicaalthea.com\\\/farmacia\\\/\"},{\"@type\":\"ListItem\",\"position\":3,\"name\":\"Feronex\"}]},{\"@type\":\"WebSite\",\"@id\":\"https:\\\/\\\/www.clinicaalthea.com\\\/farmacia\\\/#website\",\"url\":\"https:\\\/\\\/www.clinicaalthea.com\\\/farmacia\\\/\",\"name\":\"Clinica Althea\",\"description\":\"\",\"publisher\":{\"@id\":\"https:\\\/\\\/www.clinicaalthea.com\\\/farmacia\\\/#organization\"},\"potentialAction\":[{\"@type\":\"SearchAction\",\"target\":{\"@type\":\"EntryPoint\",\"urlTemplate\":\"https:\\\/\\\/www.clinicaalthea.com\\\/farmacia\\\/?s={search_term_string}\"},\"query-input\":{\"@type\":\"PropertyValueSpecification\",\"valueRequired\":true,\"valueName\":\"search_term_string\"}}],\"inLanguage\":\"pl-PL\"},{\"@type\":\"Organization\",\"@id\":\"https:\\\/\\\/www.clinicaalthea.com\\\/farmacia\\\/#organization\",\"name\":\"Clinica Althea\",\"url\":\"https:\\\/\\\/www.clinicaalthea.com\\\/farmacia\\\/\",\"logo\":{\"@type\":\"ImageObject\",\"inLanguage\":\"pl-PL\",\"@id\":\"https:\\\/\\\/www.clinicaalthea.com\\\/farmacia\\\/#\\\/schema\\\/logo\\\/image\\\/\",\"url\":\"https:\\\/\\\/www.clinicaalthea.com\\\/farmacia\\\/wp-content\\\/uploads\\\/2023\\\/12\\\/Jak-diagnozuje-sie-FAS_-objawy-kryteria-diagnostyczne-i-metody-diagnozowania-154162903.jpg\",\"contentUrl\":\"https:\\\/\\\/www.clinicaalthea.com\\\/farmacia\\\/wp-content\\\/uploads\\\/2023\\\/12\\\/Jak-diagnozuje-sie-FAS_-objawy-kryteria-diagnostyczne-i-metody-diagnozowania-154162903.jpg\",\"width\":1216,\"height\":832,\"caption\":\"Clinica Althea\"},\"image\":{\"@id\":\"https:\\\/\\\/www.clinicaalthea.com\\\/farmacia\\\/#\\\/schema\\\/logo\\\/image\\\/\"}}]}<\/script>\n<!-- \/ Yoast SEO plugin. -->","yoast_head_json":{"title":"Feronex - Clinica Althea","robots":{"index":"index","follow":"follow","max-snippet":"max-snippet:-1","max-image-preview":"max-image-preview:large","max-video-preview":"max-video-preview:-1"},"canonical":"https:\/\/www.clinicaalthea.com\/farmacia\/lv\/apt\/feronex\/","og_locale":"pl_PL","og_type":"article","og_title":"Feronex - Clinica Althea","og_description":"39.00 \u20ac 78.00 \u20ac","og_url":"https:\/\/www.clinicaalthea.com\/farmacia\/lv\/apt\/feronex\/","og_site_name":"Clinica Althea","article_modified_time":"2024-09-09T10:29:13+00:00","og_image":[{"width":768,"height":768,"url":"https:\/\/www.clinicaalthea.com\/farmacia\/wp-content\/uploads\/2024\/09\/Feronex.jpg","type":"image\/jpeg"}],"twitter_card":"summary_large_image","twitter_misc":{"Szacowany czas czytania":"7 minut"},"schema":{"@context":"https:\/\/schema.org","@graph":[{"@type":"WebPage","@id":"https:\/\/www.clinicaalthea.com\/farmacia\/lv\/apt\/feronex\/","url":"https:\/\/www.clinicaalthea.com\/farmacia\/lv\/apt\/feronex\/","name":"Feronex - Clinica Althea","isPartOf":{"@id":"https:\/\/www.clinicaalthea.com\/farmacia\/#website"},"primaryImageOfPage":{"@id":"https:\/\/www.clinicaalthea.com\/farmacia\/lv\/apt\/feronex\/#primaryimage"},"image":{"@id":"https:\/\/www.clinicaalthea.com\/farmacia\/lv\/apt\/feronex\/#primaryimage"},"thumbnailUrl":"https:\/\/www.clinicaalthea.com\/farmacia\/wp-content\/uploads\/2024\/09\/Feronex.jpg","datePublished":"2024-09-09T10:28:19+00:00","dateModified":"2024-09-09T10:29:13+00:00","breadcrumb":{"@id":"https:\/\/www.clinicaalthea.com\/farmacia\/lv\/apt\/feronex\/#breadcrumb"},"inLanguage":"pl-PL","potentialAction":[{"@type":"ReadAction","target":["https:\/\/www.clinicaalthea.com\/farmacia\/lv\/apt\/feronex\/"]}]},{"@type":"ImageObject","inLanguage":"pl-PL","@id":"https:\/\/www.clinicaalthea.com\/farmacia\/lv\/apt\/feronex\/#primaryimage","url":"https:\/\/www.clinicaalthea.com\/farmacia\/wp-content\/uploads\/2024\/09\/Feronex.jpg","contentUrl":"https:\/\/www.clinicaalthea.com\/farmacia\/wp-content\/uploads\/2024\/09\/Feronex.jpg","width":768,"height":768,"caption":"Feronex"},{"@type":"BreadcrumbList","@id":"https:\/\/www.clinicaalthea.com\/farmacia\/lv\/apt\/feronex\/#breadcrumb","itemListElement":[{"@type":"ListItem","position":1,"name":"Strona g\u0142\u00f3wna","item":"https:\/\/www.clinicaalthea.com\/farmacia\/"},{"@type":"ListItem","position":2,"name":"Produkty","item":"https:\/\/www.clinicaalthea.com\/farmacia\/"},{"@type":"ListItem","position":3,"name":"Feronex"}]},{"@type":"WebSite","@id":"https:\/\/www.clinicaalthea.com\/farmacia\/#website","url":"https:\/\/www.clinicaalthea.com\/farmacia\/","name":"Clinica Althea","description":"","publisher":{"@id":"https:\/\/www.clinicaalthea.com\/farmacia\/#organization"},"potentialAction":[{"@type":"SearchAction","target":{"@type":"EntryPoint","urlTemplate":"https:\/\/www.clinicaalthea.com\/farmacia\/?s={search_term_string}"},"query-input":{"@type":"PropertyValueSpecification","valueRequired":true,"valueName":"search_term_string"}}],"inLanguage":"pl-PL"},{"@type":"Organization","@id":"https:\/\/www.clinicaalthea.com\/farmacia\/#organization","name":"Clinica Althea","url":"https:\/\/www.clinicaalthea.com\/farmacia\/","logo":{"@type":"ImageObject","inLanguage":"pl-PL","@id":"https:\/\/www.clinicaalthea.com\/farmacia\/#\/schema\/logo\/image\/","url":"https:\/\/www.clinicaalthea.com\/farmacia\/wp-content\/uploads\/2023\/12\/Jak-diagnozuje-sie-FAS_-objawy-kryteria-diagnostyczne-i-metody-diagnozowania-154162903.jpg","contentUrl":"https:\/\/www.clinicaalthea.com\/farmacia\/wp-content\/uploads\/2023\/12\/Jak-diagnozuje-sie-FAS_-objawy-kryteria-diagnostyczne-i-metody-diagnozowania-154162903.jpg","width":1216,"height":832,"caption":"Clinica Althea"},"image":{"@id":"https:\/\/www.clinicaalthea.com\/farmacia\/#\/schema\/logo\/image\/"}}]}},"lang":"lv","translations":{"lv":10260,"pl":10240,"bg":10243,"cs":10245,"hu":10247,"ro":10249,"de":10252,"el":10254,"it":10256,"lt":10258,"sk":10262,"sl":10264},"pll_sync_post":[],"_links":{"self":[{"href":"https:\/\/www.clinicaalthea.com\/farmacia\/wp-json\/wp\/v2\/product\/10260","targetHints":{"allow":["GET"]}}],"collection":[{"href":"https:\/\/www.clinicaalthea.com\/farmacia\/wp-json\/wp\/v2\/product"}],"about":[{"href":"https:\/\/www.clinicaalthea.com\/farmacia\/wp-json\/wp\/v2\/types\/product"}],"replies":[{"embeddable":true,"href":"https:\/\/www.clinicaalthea.com\/farmacia\/wp-json\/wp\/v2\/comments?post=10260"}],"wp:featuredmedia":[{"embeddable":true,"href":"https:\/\/www.clinicaalthea.com\/farmacia\/wp-json\/wp\/v2\/media\/10241"}],"wp:attachment":[{"href":"https:\/\/www.clinicaalthea.com\/farmacia\/wp-json\/wp\/v2\/media?parent=10260"}],"wp:term":[{"taxonomy":"product_brand","embeddable":true,"href":"https:\/\/www.clinicaalthea.com\/farmacia\/wp-json\/wp\/v2\/product_brand?post=10260"},{"taxonomy":"product_cat","embeddable":true,"href":"https:\/\/www.clinicaalthea.com\/farmacia\/wp-json\/wp\/v2\/product_cat?post=10260"},{"taxonomy":"product_tag","embeddable":true,"href":"https:\/\/www.clinicaalthea.com\/farmacia\/wp-json\/wp\/v2\/product_tag?post=10260"}],"curies":[{"name":"wp","href":"https:\/\/api.w.org\/{rel}","templated":true}]}}