{"id":10258,"date":"2024-09-09T11:27:56","date_gmt":"2024-09-09T10:27:56","guid":{"rendered":"https:\/\/mayoguide.org\/produkty\/?post_type=product&#038;p=10258"},"modified":"2024-09-09T11:29:13","modified_gmt":"2024-09-09T10:29:13","slug":"feronex","status":"publish","type":"product","link":"https:\/\/www.clinicaalthea.com\/farmacia\/lt\/apt\/feronex\/","title":{"rendered":"Feronex"},"content":{"rendered":"<h2 class=\"wp-block-heading\">Kas yra &#8220;Feronex&#8221; ir kaip jis veikia?<\/h2>\n\n\n<p>&#8220;Feronex&#8221; &#8211; tai naujovi\u0161kas <b>papildas,<\/b> kuris palaiko vyr\u0173 <em>seksualin\u0119 sveikat\u0105<\/em>. Jo <em>poveikis<\/em> sutelktas \u012f kraujotakos gerinim\u0105 lytin\u0117je srityje, o tai rei\u0161kia geresn\u012f susijaudinim\u0105 ir didesn\u012f lytin\u012f potrauk\u012f. Specialiai atrinktos augalin\u0117s kilm\u0117s <b>veikliosios med\u017eiagos<\/b> palaiko med\u017eiag\u0173 apykaitos procesus, svarbius seksualinei funkcijai ir bendrai savijautai.<\/p>\n\n\n<p>Feronex <b>papildai<\/b> ypa\u010d rekomenduojami tiems, kurie susiduria su erekcijos problemomis ir suma\u017e\u0117jusiu lytiniu potraukiu. Verta pamin\u0117ti ingredient\u0173 suderinamum\u0105 su nat\u016braliais ekstraktais, kurie prisideda prie teigiam\u0173 rezultat\u0173 seksualin\u0117s sveikatos srityje. <b>Vartotojai,<\/b> prad\u0117j\u0119 gydym\u0105, da\u017enai pastebi reik\u0161mingus poky\u010dius savo gyvenime.<\/p>\n\n\n<figure class=\"wp-block-table\"><table><tbody><tr><th>Klientas<\/th><th>Am\u017eius<\/th><th>Poveikis<\/th><\/tr><tr><td>Marek<\/td><td>46<\/td><td>Stipresn\u0117 erekcija, planuoja pertvarkyti u\u017esakym\u0105<\/td><\/tr><tr><td>Robertas<\/td><td>54<\/td><td>Lytini\u0173 problem\u0173 pager\u0117jimas, suma\u017e\u0117jusios rauk\u0161l\u0117s, ma\u017eesnis nuplikimas<\/td><\/tr><tr><td>Stefan<\/td><td>29<\/td><td>Pager\u0117jusi nuotaika, padid\u0117jusi energija, sugr\u012f\u017eusi erekcija<\/td><\/tr><tr><td>Lukas<\/td><td>56<\/td><td>Sugr\u012f\u017eta energingumas ir noras veikti<\/td><\/tr><tr><td>Andrew<\/td><td>46<\/td><td>Patogios kapsul\u0117s, matomas <b>poveikis<\/b> po keli\u0173 savai\u010di\u0173<\/td><\/tr><\/tbody><\/table><\/figure>\n\n\n<p>Rekomenduojama vartoti 30 dien\u0173, gerti po 1-2 kapsules per dien\u0105, u\u017egeriant vandeniu. Feronex negalima \u012fsigyti vaistin\u0117se, o tai pabr\u0117\u017eia jo i\u0161skirtinum\u0105 papild\u0173 rinkoje. Patartina naudoti <em>papildus<\/em> tik per oficiali\u0105 gamintojo svetain\u0119, kad b\u016bt\u0173 i\u0161vengta rizikos pirkti klastotes.<\/p>\n\n\n<h2 class=\"wp-block-heading\">Feronex &#8211; poveikis<\/h2>\n\n\n<p>Feronex <b>vartotojai<\/b> pastebi, kad seksualin\u0117 sveikata labai pager\u0117jo vos per trump\u0105 laik\u0105 nuo vartojimo prad\u017eios. Tyrimo duomenimis, beveik 80 % \u0161\u012f papild\u0105 vartojan\u010di\u0173 asmen\u0173 per pirm\u0105j\u012f m\u0117nes\u012f pasteb\u0117jo reik\u0161ming\u0105 seksualin\u0117s veiklos pager\u0117jim\u0105. Tokie <b>rezultatai<\/b> patvirtina <b>poveik\u012f,<\/b> d\u0117l <b>kurio<\/b> pateikiama daug teigiam\u0173 atsiliepim\u0173.<\/p>\n\n\n<p>Daugelis vartotoj\u0173 mini padid\u0117jus\u012f lytin\u012f potrauk\u012f ir pager\u0117jusi\u0105 erekcijos kokyb\u0119 kaip pagrindinius aspektus, kuriuos jie pasteb\u0117jo pavartoj\u0119 Feronex. Ypa\u010d 75 % \u017emoni\u0173 mano, kad pager\u0117jo j\u0173 seksualiniai santykiai, o tai rodo \u0161io papildo vert\u0119 gerinant seksualin\u0119 sveikat\u0105.<\/p>\n\n\n\n<ul class=\"wp-block-list\">\n<li><em>Padid\u0117j\u0119s lytinis potraukis<\/em><\/li>\n\n\n\n<li><em>Geresn\u0117 erekcijos kokyb\u0117<\/em><\/li>\n\n\n\n<li><em>Didesn\u0117 lytini\u0173 santyki\u0173 trukm\u0117<\/em><\/li>\n\n\n\n<li><em>Geresn\u0117 psichin\u0117 savijauta<\/em><\/li>\n\n\n\n<li><em>didesnis pasitik\u0117jimas bendraujant su partneriu<\/em><\/li>\n<\/ul>\n\n\n<p>&#8220;Feronex&#8221; poveik\u012f lemia sinergetinis veikli\u0173j\u0173 med\u017eiag\u0173, kurios palaiko organizm\u0105 daugeliu su seksualine sveikata susijusi\u0173 aspekt\u0173, poveikis. Norint pasiekti optimali\u0173 rezultat\u0173, svarbiausia reguliariai vartoti papild\u0105. Tie, kurie pasirenka ilgesn\u012f gydym\u0105, da\u017enai patiria tolesn\u012f intymaus gyvenimo kokyb\u0117s pager\u0117jim\u0105.<\/p>\n\n\n<h2 class=\"wp-block-heading\">Feronex dozavimas &#8211; Kaip vartoti?<\/h2>\n\n\n<p>Feronex <b>doz\u0117<\/b> priklauso nuo individuali\u0173 vartotojo poreiki\u0173. Paprastai si\u016bloma gerti <em>po vien\u0105 kapsul\u0119 per dien\u0105,<\/em> geriausia prie\u0161 valg\u012f, u\u017egeriant stikline vandens. Norint pasiekti optimali\u0173 rezultat\u0173, svarbiausia reguliariai <b>vartoti maisto papildus<\/b>.<\/p>\n\n\n<p>Norint pritaikyti <b>doz\u0119<\/b> savo poreikiams, naudinga vadovautis \u0161iomis rekomendacijomis:<\/p>\n\n\n\n<ul class=\"wp-block-list\">\n<li>Prie\u0161 prad\u0117dami vartoti,<em>pasitarkite su gydytoju,<\/em> ypa\u010d jei sergate l\u0117tine liga.<\/li>\n\n\n\n<li>Nevir\u0161ykite rekomenduojamos doz\u0117s, kad i\u0161vengtum\u0117te galimo \u0161alutinio poveikio.<\/li>\n\n\n\n<li>Reguliariai vartokite &#8220;Feronex&#8221;, kad organizmas veiksmingai \u012fsisavint\u0173 ingredientus ir j\u0173 <b>poveik\u012f<\/b>.<\/li>\n<\/ul>\n\n\n<p>Toliau pateiktoje lentel\u0117je apibendrintai nurodyta rekomenduojama Feronex doz\u0117 skirtingais atvejais:<\/p>\n\n\n<figure class=\"wp-block-table\"><table><tbody><tr><th>Situacija<\/th><th>Rekomenduojama doz\u0117<\/th><\/tr><tr><td>Bendroji parama seksualinei sveikatai<\/td><td>1 kapsul\u0117 per dien\u0105<\/td><\/tr><tr><td>Testosterono lygis \u017eemesnis u\u017e normal\u0173<\/td><td>1 kapsul\u0117 per dien\u0105, pri\u017ei\u016brint gydytojui<\/td><\/tr><tr><td>Streso poveikis erekcijos kokybei<\/td><td>1 kapsul\u0117 per dien\u0105, papildyta specialist\u0173 rekomenduojamais papildomais gydymo b\u016bdais<\/td><\/tr><\/tbody><\/table><\/figure>\n\n\n<p>Vadovaudamiesi \u0161iomis rekomendacijomis ir su\u017einoj\u0119 apie organizmo reakcij\u0105 \u012f maisto papild\u0173 vartojim\u0105, galite labai padidinti Feronex veiksmingum\u0105. Tinkamai vartojamas \u0161is <b>papildas<\/b> padeda atkurti jaunatvi\u0161kas j\u0117gas ir pagerinti lytinio gyvenimo kokyb\u0119.<\/p>\n\n\n<h2 class=\"wp-block-heading\">Feronex &#8211; Nuomon\u0117s ir atsiliepimai &#8211; K\u0105 sako naudotojai?<\/h2>\n\n\n<p><b>Atsiliepimai apie &#8220;<\/b> Feronex&#8221; skiriasi, ta\u010diau daugelis nurodo teigiam\u0105 poveik\u012f, susijus\u012f su jo naudojimu. <b>Vartotojai<\/b> pabr\u0117\u017eia, kad papildas pad\u0117jo pagerinti potencij\u0105 ir padidinti pasitenkinim\u0105 intymiu gyvenimu. Daugyb\u0117 internetiniuose forumuose paskelbt\u0173 <b>atsiliepim\u0173<\/b> patvirtina produkto veiksmingum\u0105 ir reik\u0161mingo \u0161alutinio poveikio nebuvim\u0105, o tai ypa\u010d svarbu naujiems vartotojams.<\/p>\n\n\n<p>Pateikiame da\u017eniausiai pasitaikan\u010di\u0173 nuomoni\u0173 ir atsiliepim\u0173 santrauk\u0105:<\/p>\n\n\n\n<ul class=\"wp-block-list\">\n<li><em>Geresn\u0117 lytinio gyvenimo kokyb\u0117<\/em> &#8211; Daugelis vartotoj\u0173 pasteb\u0117jo, kad prad\u0117jus gydym\u0105 Feronex \u017eymiai pager\u0117jo intymumas.<\/li>\n\n\n\n<li><em>Nat\u016bral\u016bs ingredientai<\/em> &#8211; jie vertina kapsuli\u0173 <b>preparatus, kuri\u0173<\/b> pagrind\u0105 sudaro tokios med\u017eiagos kaip Maca \u0161akn\u0173 ekstraktas ar cinkas, nes jos laikomos ma\u017eiau rizikingomis.<\/li>\n\n\n\n<li><em>N\u0117ra reik\u0161mingo \u0161alutinio poveikio<\/em> &#8211; Vartotojai da\u017enai pabr\u0117\u017eia, kad vartojant papild\u0105 n\u0117ra neigiamo \u0161alutinio poveikio.<\/li>\n\n\n\n<li><em>Reikalingas ilgesnis gydymas<\/em> &#8211; daugelyje ap\u017evalg\u0173 nurodoma, kad norint pasiekti visi\u0161k\u0105 poveik\u012f, rekomenduojama naudoti bent 45 dienas.<\/li>\n<\/ul>\n\n\n<p>Nepaisant teigiamos patirties, verta prisiminti, kad poveikis gali skirtis priklausomai nuo vartotoj\u0173 k\u016bno ir gyvenimo b\u016bdo. Kiekviena Feronex ap\u017evalga pateikia skirtingas \u012f\u017evalgas, o j\u0173 \u012fvairov\u0117 gali pad\u0117ti b\u016bsimiems vartotojams nuspr\u0119sti, ar naudoti \u0161\u012f papild\u0105.<\/p>\n\n\n<figure class=\"wp-block-table\"><table><tbody><tr><th>Aspektas<\/th><th>Vartotojo atsiliepimai<\/th><\/tr><tr><td>Potencijos gerinimas<\/td><td>85% teigiam\u0173 atsiliepim\u0173<\/td><\/tr><tr><td>Rezultat\u0173 pasiekimo laiko sutrumpinimas<\/td><td>70 % naudotoj\u0173 prane\u0161a apie greitus rezultatus<\/td><\/tr><tr><td>Jokio \u0161alutinio poveikio<\/td><td>90 % teigiam\u0173 atsiliepim\u0173<\/td><\/tr><tr><td>Nat\u016brali <b>sud\u0117tis<\/b> <\/td><td>95 % naudotoj\u0173 vertina nat\u016bralius ingredientus<\/td><\/tr><\/tbody><\/table><\/figure>\n\n\n<h2 class=\"wp-block-heading\">Feronex sud\u0117tis &#8211; Kas jo sud\u0117tyje yra?<\/h2>\n\n\n<p>&#8220;Feronex&#8221; yra papildas, i\u0161siskiriantis savo turtinga <em>sud\u0117timi,<\/em> kurioje yra daug nat\u016bralios kilm\u0117s <em>veikli\u0173j\u0173 med\u017eiag\u0173<\/em>. Sukurtas vyrams, ypa\u010d vyresniems nei 40 met\u0173, jo formul\u0117 skirta seksualinei sveikatai ir bendrai gerovei palaikyti. \u012e <b>formul\u0119<\/b> \u012feina:<\/p>\n\n\n\n<ul class=\"wp-block-list\">\n<li>Seenoa vaisi\u0173 ekstraktas &#8211; \u017einomas d\u0117l libido didinan\u010di\u0173 savybi\u0173.<\/li>\n\n\n\n<li>Cinkas &#8211; svarbus normaliai prostatos funkcijai ir testosterono kiekiui.<\/li>\n\n\n\n<li>Dilg\u0117li\u0173 ekstraktas &#8211; skatina kraujotak\u0105 ir gali pagerinti lytin\u0119 funkcij\u0105.<\/li>\n\n\n\n<li>Maca \u0161aknies ekstraktas &#8211; tradici\u0161kai naudojamas energijai ir seksualinei i\u0161tvermei didinti.<\/li>\n<\/ul>\n\n\n<p>Visos \u0161ios <em>veikliosios med\u017eiagos<\/em> veikia sinergi\u0161kai, kad pagerint\u0173 seksualinio gyvenimo kokyb\u0119. Prie\u0161 pradedant vartoti papild\u0105, svarbu perskaityti informacin\u012f lapel\u012f, ypa\u010d atsi\u017evelgiant \u012f galim\u0105 alergij\u0105 maistui. Feronex yra papildas, kuris nat\u016braliai padeda vyrams kasdien\u0117je veikloje.<\/p>\n\n\n<h2 class=\"wp-block-heading\">Kur \u012fsigyti ir kokia yra Feronex kaina?<\/h2>\n\n\n<p>Feronex yra maisto papildas, kur\u012f galima \u012fsigyti tik per <em>oficial\u0173 gamintoj\u0105<\/em>. \u0160io papildo negalima \u012fsigyti tradicin\u0117se <em>vaistin\u0117se<\/em> arba tokiose pardavimo platformose kaip &#8220;Allegro&#8221; ar &#8220;Ceneo&#8221;. Gamintojo interneto svetain\u0117je pateiktame pasi\u016blyme numatytos palankios pirkimo s\u0105lygos, \u012fskaitant nuolaidas ir akcijas.<\/p>\n\n\n<p>Dabartin\u0117 <em>&#8220;<\/em> Feronex&#8221; <em>kaina<\/em> suma\u017einta 50 %!<\/p>\n\n\n<p>Perkant &#8220;Feronex&#8221; galima u\u017esisakyti su pristatymu visoje \u0161alyje. Vartotojai pabr\u0117\u017eia didel\u012f tokio metodo patogum\u0105, tod\u0117l papildas tampa vis populiaresnis tarp vyr\u0173, kovojan\u010di\u0173 su testosterono lygiu.<\/p>\n\n\n<h2 class=\"wp-block-heading\">Galimas \u0161alutinis poveikis ir kontraindikacijos vartojant Feronex<\/h2>\n\n\n<p>Kaip ir bet kuris maisto papildas, Feronex gali b\u016bti susij\u0119s su tam tikru \u0161alutiniu poveikiu. Vartotojai prane\u0161\u0117 apie tokius nusiskundimus, kaip nedidelis galvos skausmas, pykinimas ar vir\u0161kinimo sutrikimai. Patartina perskaityti turim\u0105 informacij\u0105 ir kreiptis \u012f specialist\u0105 patarimo prie\u0161 pradedant vartoti maisto papild\u0105, ypa\u010d jei turite kit\u0173 sveikatos sutrikim\u0173.<\/p>\n\n\n<p>Kalbant apie <b>kontraindikacijas,<\/b> reik\u0117t\u0173 atkreipti d\u0117mes\u012f \u012f \u017emones, kurie yra alergi\u0161ki bet kuriai veikliajai med\u017eiagai. Atsargiai tur\u0117t\u0173 elgtis ir rimt\u0173 sveikatos sutrikim\u0173, pavyzd\u017eiui, \u0161irdies lig\u0173 ar diabeto, turintys \u017emon\u0117s. Prie\u0161 pradedant vartoti Feronex, ypa\u010d n\u0117\u0161\u010dioms ir \u017eindan\u010dioms moterims, primygtinai rekomenduojama pasitarti su gydytoju.<\/p>\n\n\n<p>Papild\u0173 <b>sauga<\/b> yra pagrindinis elementas, \u012f kur\u012f reikia atsi\u017evelgti. Reguliarus organizmo reakcijos \u012f Feronex steb\u0117jimas pad\u0117s nustatyti galim\u0105 \u0161alutin\u012f poveik\u012f ir leis greitai \u012fsiki\u0161ti atsiradus sveikatos problemoms. Verta prisiminti, kad individualus papild\u0173 toleravimas gali skirtis priklausomai nuo \u017emogaus, tod\u0117l visada patartina elgtis atsargiai.<\/p>\n","protected":false},"excerpt":{"rendered":"<p><strong>39.00 \u20ac<\/strong><\/p>\n<p><del>78.00 \u20ac<\/del><\/p>\n<p><strong>[date_countdown]<\/strong><\/p>\n","protected":false},"featured_media":10241,"comment_status":"open","ping_status":"closed","template":"","meta":{"neve_meta_sidebar":"","neve_meta_container":"","neve_meta_enable_content_width":"","neve_meta_content_width":0,"neve_meta_title_alignment":"","neve_meta_author_avatar":"","neve_post_elements_order":"","neve_meta_disable_header":"","neve_meta_disable_footer":"","neve_meta_disable_title":"","neve_meta_reading_time":""},"product_brand":[],"product_cat":[371],"product_tag":[],"class_list":{"0":"post-10258","1":"product","2":"type-product","3":"status-publish","4":"has-post-thumbnail","6":"product_cat-seksualine-sveikata","8":"first","9":"instock","10":"shipping-taxable","11":"product-type-external"},"yoast_head":"<!-- This site is optimized with the Yoast SEO plugin v27.4 - https:\/\/yoast.com\/product\/yoast-seo-wordpress\/ -->\n<title>Feronex - Clinica Althea<\/title>\n<meta name=\"robots\" content=\"index, follow, max-snippet:-1, max-image-preview:large, max-video-preview:-1\" \/>\n<link rel=\"canonical\" href=\"https:\/\/www.clinicaalthea.com\/farmacia\/lt\/apt\/feronex\/\" \/>\n<meta property=\"og:locale\" content=\"pl_PL\" \/>\n<meta property=\"og:type\" content=\"article\" \/>\n<meta property=\"og:title\" content=\"Feronex - Clinica Althea\" \/>\n<meta property=\"og:description\" content=\"39.00 \u20ac 78.00 \u20ac\" \/>\n<meta property=\"og:url\" content=\"https:\/\/www.clinicaalthea.com\/farmacia\/lt\/apt\/feronex\/\" \/>\n<meta property=\"og:site_name\" content=\"Clinica Althea\" \/>\n<meta property=\"article:modified_time\" content=\"2024-09-09T10:29:13+00:00\" \/>\n<meta property=\"og:image\" content=\"https:\/\/www.clinicaalthea.com\/farmacia\/wp-content\/uploads\/2024\/09\/Feronex.jpg\" \/>\n\t<meta property=\"og:image:width\" content=\"768\" \/>\n\t<meta property=\"og:image:height\" content=\"768\" \/>\n\t<meta property=\"og:image:type\" content=\"image\/jpeg\" \/>\n<meta name=\"twitter:card\" content=\"summary_large_image\" \/>\n<meta name=\"twitter:label1\" content=\"Szacowany czas czytania\" \/>\n\t<meta name=\"twitter:data1\" content=\"7 minut\" \/>\n<script type=\"application\/ld+json\" class=\"yoast-schema-graph\">{\"@context\":\"https:\\\/\\\/schema.org\",\"@graph\":[{\"@type\":\"WebPage\",\"@id\":\"https:\\\/\\\/www.clinicaalthea.com\\\/farmacia\\\/lt\\\/apt\\\/feronex\\\/\",\"url\":\"https:\\\/\\\/www.clinicaalthea.com\\\/farmacia\\\/lt\\\/apt\\\/feronex\\\/\",\"name\":\"Feronex - Clinica Althea\",\"isPartOf\":{\"@id\":\"https:\\\/\\\/www.clinicaalthea.com\\\/farmacia\\\/#website\"},\"primaryImageOfPage\":{\"@id\":\"https:\\\/\\\/www.clinicaalthea.com\\\/farmacia\\\/lt\\\/apt\\\/feronex\\\/#primaryimage\"},\"image\":{\"@id\":\"https:\\\/\\\/www.clinicaalthea.com\\\/farmacia\\\/lt\\\/apt\\\/feronex\\\/#primaryimage\"},\"thumbnailUrl\":\"https:\\\/\\\/www.clinicaalthea.com\\\/farmacia\\\/wp-content\\\/uploads\\\/2024\\\/09\\\/Feronex.jpg\",\"datePublished\":\"2024-09-09T10:27:56+00:00\",\"dateModified\":\"2024-09-09T10:29:13+00:00\",\"breadcrumb\":{\"@id\":\"https:\\\/\\\/www.clinicaalthea.com\\\/farmacia\\\/lt\\\/apt\\\/feronex\\\/#breadcrumb\"},\"inLanguage\":\"pl-PL\",\"potentialAction\":[{\"@type\":\"ReadAction\",\"target\":[\"https:\\\/\\\/www.clinicaalthea.com\\\/farmacia\\\/lt\\\/apt\\\/feronex\\\/\"]}]},{\"@type\":\"ImageObject\",\"inLanguage\":\"pl-PL\",\"@id\":\"https:\\\/\\\/www.clinicaalthea.com\\\/farmacia\\\/lt\\\/apt\\\/feronex\\\/#primaryimage\",\"url\":\"https:\\\/\\\/www.clinicaalthea.com\\\/farmacia\\\/wp-content\\\/uploads\\\/2024\\\/09\\\/Feronex.jpg\",\"contentUrl\":\"https:\\\/\\\/www.clinicaalthea.com\\\/farmacia\\\/wp-content\\\/uploads\\\/2024\\\/09\\\/Feronex.jpg\",\"width\":768,\"height\":768,\"caption\":\"Feronex\"},{\"@type\":\"BreadcrumbList\",\"@id\":\"https:\\\/\\\/www.clinicaalthea.com\\\/farmacia\\\/lt\\\/apt\\\/feronex\\\/#breadcrumb\",\"itemListElement\":[{\"@type\":\"ListItem\",\"position\":1,\"name\":\"Strona g\u0142\u00f3wna\",\"item\":\"https:\\\/\\\/www.clinicaalthea.com\\\/farmacia\\\/\"},{\"@type\":\"ListItem\",\"position\":2,\"name\":\"Produkty\",\"item\":\"https:\\\/\\\/www.clinicaalthea.com\\\/farmacia\\\/\"},{\"@type\":\"ListItem\",\"position\":3,\"name\":\"Feronex\"}]},{\"@type\":\"WebSite\",\"@id\":\"https:\\\/\\\/www.clinicaalthea.com\\\/farmacia\\\/#website\",\"url\":\"https:\\\/\\\/www.clinicaalthea.com\\\/farmacia\\\/\",\"name\":\"Clinica Althea\",\"description\":\"\",\"publisher\":{\"@id\":\"https:\\\/\\\/www.clinicaalthea.com\\\/farmacia\\\/#organization\"},\"potentialAction\":[{\"@type\":\"SearchAction\",\"target\":{\"@type\":\"EntryPoint\",\"urlTemplate\":\"https:\\\/\\\/www.clinicaalthea.com\\\/farmacia\\\/?s={search_term_string}\"},\"query-input\":{\"@type\":\"PropertyValueSpecification\",\"valueRequired\":true,\"valueName\":\"search_term_string\"}}],\"inLanguage\":\"pl-PL\"},{\"@type\":\"Organization\",\"@id\":\"https:\\\/\\\/www.clinicaalthea.com\\\/farmacia\\\/#organization\",\"name\":\"Clinica Althea\",\"url\":\"https:\\\/\\\/www.clinicaalthea.com\\\/farmacia\\\/\",\"logo\":{\"@type\":\"ImageObject\",\"inLanguage\":\"pl-PL\",\"@id\":\"https:\\\/\\\/www.clinicaalthea.com\\\/farmacia\\\/#\\\/schema\\\/logo\\\/image\\\/\",\"url\":\"https:\\\/\\\/www.clinicaalthea.com\\\/farmacia\\\/wp-content\\\/uploads\\\/2023\\\/12\\\/Jak-diagnozuje-sie-FAS_-objawy-kryteria-diagnostyczne-i-metody-diagnozowania-154162903.jpg\",\"contentUrl\":\"https:\\\/\\\/www.clinicaalthea.com\\\/farmacia\\\/wp-content\\\/uploads\\\/2023\\\/12\\\/Jak-diagnozuje-sie-FAS_-objawy-kryteria-diagnostyczne-i-metody-diagnozowania-154162903.jpg\",\"width\":1216,\"height\":832,\"caption\":\"Clinica Althea\"},\"image\":{\"@id\":\"https:\\\/\\\/www.clinicaalthea.com\\\/farmacia\\\/#\\\/schema\\\/logo\\\/image\\\/\"}}]}<\/script>\n<!-- \/ Yoast SEO plugin. -->","yoast_head_json":{"title":"Feronex - Clinica Althea","robots":{"index":"index","follow":"follow","max-snippet":"max-snippet:-1","max-image-preview":"max-image-preview:large","max-video-preview":"max-video-preview:-1"},"canonical":"https:\/\/www.clinicaalthea.com\/farmacia\/lt\/apt\/feronex\/","og_locale":"pl_PL","og_type":"article","og_title":"Feronex - Clinica Althea","og_description":"39.00 \u20ac 78.00 \u20ac","og_url":"https:\/\/www.clinicaalthea.com\/farmacia\/lt\/apt\/feronex\/","og_site_name":"Clinica Althea","article_modified_time":"2024-09-09T10:29:13+00:00","og_image":[{"width":768,"height":768,"url":"https:\/\/www.clinicaalthea.com\/farmacia\/wp-content\/uploads\/2024\/09\/Feronex.jpg","type":"image\/jpeg"}],"twitter_card":"summary_large_image","twitter_misc":{"Szacowany czas czytania":"7 minut"},"schema":{"@context":"https:\/\/schema.org","@graph":[{"@type":"WebPage","@id":"https:\/\/www.clinicaalthea.com\/farmacia\/lt\/apt\/feronex\/","url":"https:\/\/www.clinicaalthea.com\/farmacia\/lt\/apt\/feronex\/","name":"Feronex - Clinica Althea","isPartOf":{"@id":"https:\/\/www.clinicaalthea.com\/farmacia\/#website"},"primaryImageOfPage":{"@id":"https:\/\/www.clinicaalthea.com\/farmacia\/lt\/apt\/feronex\/#primaryimage"},"image":{"@id":"https:\/\/www.clinicaalthea.com\/farmacia\/lt\/apt\/feronex\/#primaryimage"},"thumbnailUrl":"https:\/\/www.clinicaalthea.com\/farmacia\/wp-content\/uploads\/2024\/09\/Feronex.jpg","datePublished":"2024-09-09T10:27:56+00:00","dateModified":"2024-09-09T10:29:13+00:00","breadcrumb":{"@id":"https:\/\/www.clinicaalthea.com\/farmacia\/lt\/apt\/feronex\/#breadcrumb"},"inLanguage":"pl-PL","potentialAction":[{"@type":"ReadAction","target":["https:\/\/www.clinicaalthea.com\/farmacia\/lt\/apt\/feronex\/"]}]},{"@type":"ImageObject","inLanguage":"pl-PL","@id":"https:\/\/www.clinicaalthea.com\/farmacia\/lt\/apt\/feronex\/#primaryimage","url":"https:\/\/www.clinicaalthea.com\/farmacia\/wp-content\/uploads\/2024\/09\/Feronex.jpg","contentUrl":"https:\/\/www.clinicaalthea.com\/farmacia\/wp-content\/uploads\/2024\/09\/Feronex.jpg","width":768,"height":768,"caption":"Feronex"},{"@type":"BreadcrumbList","@id":"https:\/\/www.clinicaalthea.com\/farmacia\/lt\/apt\/feronex\/#breadcrumb","itemListElement":[{"@type":"ListItem","position":1,"name":"Strona g\u0142\u00f3wna","item":"https:\/\/www.clinicaalthea.com\/farmacia\/"},{"@type":"ListItem","position":2,"name":"Produkty","item":"https:\/\/www.clinicaalthea.com\/farmacia\/"},{"@type":"ListItem","position":3,"name":"Feronex"}]},{"@type":"WebSite","@id":"https:\/\/www.clinicaalthea.com\/farmacia\/#website","url":"https:\/\/www.clinicaalthea.com\/farmacia\/","name":"Clinica Althea","description":"","publisher":{"@id":"https:\/\/www.clinicaalthea.com\/farmacia\/#organization"},"potentialAction":[{"@type":"SearchAction","target":{"@type":"EntryPoint","urlTemplate":"https:\/\/www.clinicaalthea.com\/farmacia\/?s={search_term_string}"},"query-input":{"@type":"PropertyValueSpecification","valueRequired":true,"valueName":"search_term_string"}}],"inLanguage":"pl-PL"},{"@type":"Organization","@id":"https:\/\/www.clinicaalthea.com\/farmacia\/#organization","name":"Clinica Althea","url":"https:\/\/www.clinicaalthea.com\/farmacia\/","logo":{"@type":"ImageObject","inLanguage":"pl-PL","@id":"https:\/\/www.clinicaalthea.com\/farmacia\/#\/schema\/logo\/image\/","url":"https:\/\/www.clinicaalthea.com\/farmacia\/wp-content\/uploads\/2023\/12\/Jak-diagnozuje-sie-FAS_-objawy-kryteria-diagnostyczne-i-metody-diagnozowania-154162903.jpg","contentUrl":"https:\/\/www.clinicaalthea.com\/farmacia\/wp-content\/uploads\/2023\/12\/Jak-diagnozuje-sie-FAS_-objawy-kryteria-diagnostyczne-i-metody-diagnozowania-154162903.jpg","width":1216,"height":832,"caption":"Clinica Althea"},"image":{"@id":"https:\/\/www.clinicaalthea.com\/farmacia\/#\/schema\/logo\/image\/"}}]}},"lang":"lt","translations":{"lt":10258,"pl":10240,"bg":10243,"cs":10245,"hu":10247,"ro":10249,"de":10252,"el":10254,"it":10256,"lv":10260,"sk":10262,"sl":10264},"pll_sync_post":[],"_links":{"self":[{"href":"https:\/\/www.clinicaalthea.com\/farmacia\/wp-json\/wp\/v2\/product\/10258","targetHints":{"allow":["GET"]}}],"collection":[{"href":"https:\/\/www.clinicaalthea.com\/farmacia\/wp-json\/wp\/v2\/product"}],"about":[{"href":"https:\/\/www.clinicaalthea.com\/farmacia\/wp-json\/wp\/v2\/types\/product"}],"replies":[{"embeddable":true,"href":"https:\/\/www.clinicaalthea.com\/farmacia\/wp-json\/wp\/v2\/comments?post=10258"}],"wp:featuredmedia":[{"embeddable":true,"href":"https:\/\/www.clinicaalthea.com\/farmacia\/wp-json\/wp\/v2\/media\/10241"}],"wp:attachment":[{"href":"https:\/\/www.clinicaalthea.com\/farmacia\/wp-json\/wp\/v2\/media?parent=10258"}],"wp:term":[{"taxonomy":"product_brand","embeddable":true,"href":"https:\/\/www.clinicaalthea.com\/farmacia\/wp-json\/wp\/v2\/product_brand?post=10258"},{"taxonomy":"product_cat","embeddable":true,"href":"https:\/\/www.clinicaalthea.com\/farmacia\/wp-json\/wp\/v2\/product_cat?post=10258"},{"taxonomy":"product_tag","embeddable":true,"href":"https:\/\/www.clinicaalthea.com\/farmacia\/wp-json\/wp\/v2\/product_tag?post=10258"}],"curies":[{"name":"wp","href":"https:\/\/api.w.org\/{rel}","templated":true}]}}