{"id":10249,"date":"2024-09-09T11:25:53","date_gmt":"2024-09-09T10:25:53","guid":{"rendered":"https:\/\/mayoguide.org\/produkty\/?post_type=product&#038;p=10249"},"modified":"2024-09-09T11:29:13","modified_gmt":"2024-09-09T10:29:13","slug":"feronex","status":"publish","type":"product","link":"https:\/\/www.clinicaalthea.com\/farmacia\/ro\/apt\/feronex\/","title":{"rendered":"Feronex"},"content":{"rendered":"\n<h2 class=\"wp-block-heading\">Ce este Feronex \u0219i cum func\u021bioneaz\u0103?<\/h2>\n\n\n\n<p>Feronex este un <b>supliment<\/b> inovator care ofer\u0103 sprijin pentru <em>s\u0103n\u0103tatea sexual\u0103 a<\/em> b\u0103rba\u021bilor. <em>Ac\u021biunea<\/em> sa se concentreaz\u0103 pe \u00eembun\u0103t\u0103\u021birea circula\u021biei s\u00e2ngelui \u00een zona sexual\u0103, ceea ce se traduce printr-o excita\u021bie mai bun\u0103 \u0219i un libido crescut. <b>Ingredientele active de<\/b> origine vegetal\u0103 special selectate sus\u021bin procesele metabolice importante pentru func\u021bia sexual\u0103 \u0219i bun\u0103starea general\u0103.<\/p>\n\n\n\n<p><b>Suplimentarea<\/b> Feronex este recomandat\u0103 \u00een special pentru cei care se lupt\u0103 cu probleme erectile \u0219i libido redus. Este demn de remarcat compatibilitatea ingredientelor cu extractele naturale, care contribuie la rezultate pozitive \u00een domeniul s\u0103n\u0103t\u0103\u021bii sexuale. <b>Utilizatorii<\/b> observ\u0103 adesea schimb\u0103ri semnificative \u00een via\u021ba lor dup\u0103 \u00eenceperea tratamentului.<\/p>\n\n\n\n<figure class=\"wp-block-table\"><table><tbody><tr><th>Client<\/th><th>V\u00e2rsta<\/th><th>Efecte<\/th><\/tr><tr><td>Marek<\/td><td>46<\/td><td>Erec\u021bie mai puternic\u0103, inten\u021bioneaz\u0103 s\u0103 reordoneze<\/td><\/tr><tr><td>Robert<\/td><td>54<\/td><td>\u00cembun\u0103t\u0103\u021birea problemelor sexuale, reducerea ridurilor, reducerea chelirii<\/td><\/tr><tr><td>\u0218tefan<\/td><td>29<\/td><td>\u00cembun\u0103t\u0103\u021birea dispozi\u021biei, cre\u0219terea energiei, revenirea erec\u021biilor<\/td><\/tr><tr><td>Luca<\/td><td>56<\/td><td>Revenirea vigorii \u0219i a dorin\u021bei de a ac\u021biona<\/td><\/tr><tr><td>Andrew<\/td><td>46<\/td><td>Capsule convenabile, <b>efecte<\/b> vizibile dup\u0103 c\u00e2teva s\u0103pt\u0103m\u00e2ni<\/td><\/tr><\/tbody><\/table><\/figure>\n\n\n\n<p>Cu un tratament recomandat de 30 de zile, lua\u021bi 1-2 capsule pe zi cu ap\u0103. Feronex nu este disponibil \u00een farmacii, ceea ce subliniaz\u0103 unicitatea sa pe pia\u021ba suplimentelor. Este recomandabil s\u0103 utiliza\u021bi <em>suplimente<\/em> numai prin intermediul site-ului oficial al produc\u0103torului pentru a evita riscul de a cump\u0103ra contrafaceri.<\/p>\n\n\n\n<h2 class=\"wp-block-heading\">Feronex &#8211; efecte<\/h2>\n\n\n\n<p><b>Utilizatorii<\/b> Feronex observ\u0103 o \u00eembun\u0103t\u0103\u021bire semnificativ\u0103 a s\u0103n\u0103t\u0103\u021bii sexuale \u00een doar scurt timp de la \u00eenceperea utiliz\u0103rii. Conform unui studiu, aproape 80% dintre cei care utilizeaz\u0103 acest supliment au \u00eenregistrat o cre\u0219tere semnificativ\u0103 a performan\u021bei sexuale \u00een prima lun\u0103. Astfel de <b>rezultate<\/b> confirm\u0103 <b>efectele<\/b>, care fac obiectul multor recenzii pozitive.<\/p>\n\n\n\n<p>Mul\u021bi utilizatori men\u021bioneaz\u0103 cre\u0219terea libidoului \u0219i \u00eembun\u0103t\u0103\u021birea calit\u0103\u021bii erec\u021biei ca aspecte cheie pe care le-au observat dup\u0103 ce au luat Feronex. \u00cen special, 75% dintre oameni simt c\u0103 rela\u021biile lor sexuale s-au \u00eembun\u0103t\u0103\u021bit, subliniind valoarea acestui supliment \u00een \u00eembun\u0103t\u0103\u021birea s\u0103n\u0103t\u0103\u021bii sexuale.<\/p>\n\n\n\n<ul class=\"wp-block-list\">\n<li><em>Cre\u0219terea libidoului<\/em><\/li>\n\n\n\n<li><em>\u00cembun\u0103t\u0103\u021birea calit\u0103\u021bii erec\u021biei<\/em><\/li>\n\n\n\n<li><em>Cre\u0219terea duratei actului sexual<\/em><\/li>\n\n\n\n<li><em>\u00cembun\u0103t\u0103\u021birea bun\u0103st\u0103rii mentale<\/em><\/li>\n\n\n\n<li><em>Cre\u0219terea \u00eencrederii \u00een rela\u021biile cu partenerul<\/em><\/li>\n<\/ul>\n\n\n\n<p>Efectele Feronex se datoreaz\u0103 ac\u021biunii sinergice a ingredientelor sale active, care sus\u021bin organismul \u00een multe aspecte legate de s\u0103n\u0103tatea sexual\u0103. Utilizarea regulat\u0103 a suplimentului este esen\u021bial\u0103 pentru ob\u021binerea unor rezultate optime. Cei care opteaz\u0103 pentru tratamente mai lungi experimenteaz\u0103 adesea \u00eembun\u0103t\u0103\u021biri suplimentare ale calit\u0103\u021bii vie\u021bii intime.<\/p>\n\n\n\n<h2 class=\"wp-block-heading\">Dozajul de Feronex &#8211; Cum se utilizeaz\u0103?<\/h2>\n\n\n\n<p><b>Doza de<\/b> Feronex depinde de nevoile individuale ale utilizatorului. De obicei, se sugereaz\u0103 administrarea <em>unei capsule pe zi<\/em>, de preferin\u021b\u0103 \u00eenainte de mas\u0103, cu un pahar de ap\u0103. <b>Suplimentarea<\/b> regulat\u0103 este esen\u021bial\u0103 pentru ob\u021binerea unor rezultate optime.<\/p>\n\n\n\n<p>Pentru a adapta <b>doza<\/b> la propriile nevoi, este util s\u0103 urma\u021bi urm\u0103toarele orient\u0103ri:<\/p>\n\n\n\n<ul class=\"wp-block-list\">\n<li><em>Consulta\u021bi medicul<\/em> \u00eenainte de a \u00eencepe utilizarea, \u00een special dac\u0103 ave\u021bi o boal\u0103 cronic\u0103 existent\u0103.<\/li>\n\n\n\n<li>Nu dep\u0103\u0219i\u021bi doza recomandat\u0103 pentru a evita poten\u021bialele efecte secundare.<\/li>\n\n\n\n<li>Utiliza\u021bi Feronex \u00een mod regulat pentru a permite organismului s\u0103 absoarb\u0103 eficient ingredientele \u0219i <b>efectele<\/b> acestora.<\/li>\n<\/ul>\n\n\n\n<p>Tabelul de mai jos rezum\u0103 doza recomandat\u0103 de Feronex \u00een diferite situa\u021bii:<\/p>\n\n\n\n<figure class=\"wp-block-table\"><table><tbody><tr><th>Situa\u021bia<\/th><th>Doza recomandat\u0103<\/th><\/tr><tr><td>Sprijin general pentru s\u0103n\u0103tatea sexual\u0103<\/td><td>1 capsul\u0103 pe zi<\/td><\/tr><tr><td>Niveluri de testosteron sub normal<\/td><td>1 capsul\u0103 pe zi, sub supraveghere medical\u0103<\/td><\/tr><tr><td>Efectele stresului asupra calit\u0103\u021bii erectile<\/td><td>1 capsul\u0103 pe zi, consolidat\u0103 prin terapii suplimentare recomandate de speciali\u0219ti<\/td><\/tr><\/tbody><\/table><\/figure>\n\n\n\n<p>Respectarea acestor linii directoare \u0219i \u00eenv\u0103\u021barea despre r\u0103spunsul organismului la suplimente pot face o diferen\u021b\u0103 semnificativ\u0103 \u00een ceea ce prive\u0219te eficacitatea Feronex. Acest <b>supliment<\/b>, atunci c\u00e2nd este utilizat corect, contribuie la restabilirea puterii tinere\u021bii \u0219i la \u00eembun\u0103t\u0103\u021birea calit\u0103\u021bii vie\u021bii sexuale.<\/p>\n\n\n\n<h2 class=\"wp-block-heading\">Feronex &#8211; Opinii \u0219i recenzii &#8211; Ce spun utilizatorii?<\/h2>\n\n\n\n<p><b>Recenzile despre<\/b> Feronex variaz\u0103, dar multe indic\u0103 efectele pozitive asociate cu utilizarea sa. <b>Utilizatorii<\/b> subliniaz\u0103 faptul c\u0103 suplimentul a ajutat la \u00eembun\u0103t\u0103\u021birea poten\u021bei \u0219i la cre\u0219terea satisfac\u021biei cu via\u021ba intim\u0103. Numeroasele <b>recenzii<\/b> postate pe forumurile online atest\u0103 eficacitatea produsului \u0219i absen\u021ba efectelor secundare semnificative, ceea ce este deosebit de important pentru noii utilizatori.<\/p>\n\n\n\n<p>Aici este un rezumat al celor mai frecvente opinii \u0219i recenzii:<\/p>\n\n\n\n<ul class=\"wp-block-list\">\n<li><em>\u00cembun\u0103t\u0103\u021birea calit\u0103\u021bii vie\u021bii sexuale<\/em> &#8211; Mul\u021bi utilizatori au observat o \u00eembun\u0103t\u0103\u021bire semnificativ\u0103 a intimit\u0103\u021bii dup\u0103 \u00eenceperea tratamentului cu Feronex.<\/li>\n\n\n\n<li><em>Ingrediente naturale<\/em> &#8211; Ei apreciaz\u0103 <b>formul\u0103rile<\/b> capsulelor bazate pe substan\u021be precum extractul din r\u0103d\u0103cin\u0103 de Maca sau zinc, care sunt considerate mai pu\u021bin riscante.<\/li>\n\n\n\n<li><em>Nu exist\u0103 efecte secundare semnificative<\/em> &#8211; Utilizatorii subliniaz\u0103 adesea lipsa efectelor secundare negative atunci c\u00e2nd iau suplimentul.<\/li>\n\n\n\n<li><em>Este necesar un tratament mai lung<\/em> &#8211; Multe recenzii indic\u0103 faptul c\u0103 se recomand\u0103 cel pu\u021bin 45 de zile de utilizare pentru efecte complete.<\/li>\n<\/ul>\n\n\n\n<p>\u00cen ciuda experien\u021bei pozitive, merit\u0103 avut \u00een vedere faptul c\u0103 efectele pot varia \u00een func\u021bie de organismul \u0219i stilul de via\u021b\u0103 al utilizatorilor. Fiecare revizuire Feronex aduce perspective diferite, iar varietatea acestora poate ajuta viitorii utilizatori s\u0103 decid\u0103 dac\u0103 s\u0103 utilizeze acest supliment.<\/p>\n\n\n\n<figure class=\"wp-block-table\"><table><tbody><tr><th>Aspect<\/th><th>Recenzii utilizator<\/th><\/tr><tr><td>\u00cembun\u0103t\u0103\u021birea poten\u021bei<\/td><td>85% feedback pozitiv<\/td><\/tr><tr><td>Reducerea timpului pentru ob\u021binerea rezultatelor<\/td><td>70% dintre utilizatori raporteaz\u0103 rezultate rapide<\/td><\/tr><tr><td>F\u0103r\u0103 efecte secundare<\/td><td>90% recenzii pozitive<\/td><\/tr><tr><td><b>Compozi\u021bie<\/b> natural\u0103<\/td><td>95% dintre utilizatori apreciaz\u0103 ingredientele naturale<\/td><\/tr><\/tbody><\/table><\/figure>\n\n\n\n<h2 class=\"wp-block-heading\">Compozi\u021bia Feronex &#8211; Ce con\u021bine?<\/h2>\n\n\n\n<p>Feronex este un supliment care se remarc\u0103 prin <em>compozi\u021bia<\/em> sa bogat\u0103, con\u021bin\u00e2nd numeroase <em>ingrediente active<\/em> de origine natural\u0103. Creat pentru b\u0103rba\u021bi, \u00een special pentru cei peste 40 de ani, formula sa este conceput\u0103 pentru a sus\u021bine s\u0103n\u0103tatea sexual\u0103 \u0219i bun\u0103starea general\u0103. Formula include:<\/p>\n\n\n\n<ul class=\"wp-block-list\">\n<li>Extract de fructe Seenoa &#8211; cunoscut pentru propriet\u0103\u021bile sale de cre\u0219tere a libidoului.<\/li>\n\n\n\n<li>Zinc &#8211; important pentru func\u021bionarea normal\u0103 a prostatei \u0219i pentru nivelul de testosteron.<\/li>\n\n\n\n<li>Extract de urzic\u0103 &#8211; promoveaz\u0103 circula\u021bia s\u00e2ngelui \u0219i poate \u00eembun\u0103t\u0103\u021bi func\u021bia sexual\u0103.<\/li>\n\n\n\n<li>Extract de r\u0103d\u0103cin\u0103 Maca &#8211; utilizat \u00een mod tradi\u021bional pentru a cre\u0219te energia \u0219i rezisten\u021ba sexual\u0103.<\/li>\n<\/ul>\n\n\n\n<p>Toate aceste <em>ingrediente active<\/em> ac\u021bioneaz\u0103 sinergic pentru a \u00eembun\u0103t\u0103\u021bi calitatea vie\u021bii sexuale. Este important s\u0103 citi\u021bi prospectul \u00eenainte de a lua suplimentul, mai ales \u00een contextul unor posibile alergii alimentare. Feronex este un supliment care ofer\u0103 sprijin natural pentru b\u0103rba\u021bi \u00een func\u021bionarea lor zilnic\u0103.<\/p>\n\n\n\n<h2 class=\"wp-block-heading\">Unde s\u0103 cump\u0103ra\u021bi \u0219i care este pre\u021bul de Feronex?<\/h2>\n\n\n\n<p>Feronex este un supliment alimentar care poate fi achizi\u021bionat numai prin intermediul <em>produc\u0103torului oficial<\/em>. Acest supliment nu este disponibil \u00een <em>farmaciile<\/em> tradi\u021bionale sau pe platforme de v\u00e2nzare precum Allegro sau Ceneo. Oferta disponibil\u0103 pe site-ul web al produc\u0103torului include condi\u021bii de achizi\u021bie favorabile, inclusiv reduceri \u0219i promo\u021bii.<\/p>\n\n\n\n<p><em>Pre\u021bul<\/em> actual <em>al<\/em> Feronex este redus cu 50%!<\/p>\n\n\n\n<p>Atunci c\u00e2nd cump\u0103ra\u021bi Feronex, este posibil s\u0103 comanda\u021bi cu livrare la nivel na\u021bional. Utilizatorii subliniaz\u0103 confortul mare al unei astfel de metode, f\u0103c\u00e2nd suplimentul din ce \u00een ce mai popular printre b\u0103rba\u021bii care se lupt\u0103 cu nivelurile de testosteron.<\/p>\n\n\n\n<h2 class=\"wp-block-heading\">Poten\u021biale efecte secundare \u0219i contraindica\u021bii ale Feronex<\/h2>\n\n\n\n<p>Ca orice supliment alimentar, Feronex poate fi asociat cu unele efecte secundare. Utilizatorii au raportat pl\u00e2ngeri cum ar fi u\u0219oare dureri de cap, grea\u021b\u0103 sau probleme digestive. Este recomandabil s\u0103 citi\u021bi informa\u021biile disponibile \u0219i s\u0103 solicita\u021bi sfatul unui profesionist \u00eenainte de a \u00eencepe suplimentarea, mai ales dac\u0103 ave\u021bi alte probleme de s\u0103n\u0103tate.<\/p>\n\n\n\n<p>\u00cen ceea ce prive\u0219te <b>contraindica\u021biile<\/b>, trebuie luate \u00een considerare persoanele cu alergii la oricare dintre ingredientele active. Persoanele cu afec\u021biuni grave, cum ar fi boli de inim\u0103 sau diabet, ar trebui, de asemenea, s\u0103 manifeste pruden\u021b\u0103. Este foarte recomandat s\u0103 consulta\u021bi un medic \u00eenainte de a utiliza Feronex, \u00een special pentru femeile \u00eens\u0103rcinate \u0219i care al\u0103pteaz\u0103.<\/p>\n\n\n\n<p><b>Siguran\u021ba<\/b> suplimentului este un element cheie de luat \u00een considerare. Monitorizarea regulat\u0103 a r\u0103spunsului organismului la Feronex va ajuta la identificarea posibilelor efecte secundare \u0219i va permite interven\u021bia prompt\u0103 \u00een cazul unor probleme de s\u0103n\u0103tate. Merit\u0103 s\u0103 ne amintim c\u0103 toleran\u021ba individual\u0103 la suplimente poate varia de la o persoan\u0103 la alta, astfel \u00eenc\u00e2t precau\u021bia este \u00eentotdeauna recomandat\u0103.<\/p>\n","protected":false},"excerpt":{"rendered":"<p><strong>149.00 lei<\/strong><\/p>\n<p><del>298.00 lei<\/del><\/p>\n<p><strong>[date_countdown]<\/strong><\/p>\n","protected":false},"featured_media":10241,"comment_status":"open","ping_status":"closed","template":"","meta":{"neve_meta_sidebar":"","neve_meta_container":"","neve_meta_enable_content_width":"","neve_meta_content_width":0,"neve_meta_title_alignment":"","neve_meta_author_avatar":"","neve_post_elements_order":"","neve_meta_disable_header":"","neve_meta_disable_footer":"","neve_meta_disable_title":"","neve_meta_reading_time":""},"product_brand":[],"product_cat":[387],"product_tag":[],"class_list":{"0":"post-10249","1":"product","2":"type-product","3":"status-publish","4":"has-post-thumbnail","6":"product_cat-sanatate-sexuala","8":"first","9":"instock","10":"shipping-taxable","11":"product-type-external"},"yoast_head":"<!-- This site is optimized with the Yoast SEO plugin v27.4 - https:\/\/yoast.com\/product\/yoast-seo-wordpress\/ -->\n<title>Feronex - Clinica Althea<\/title>\n<meta name=\"robots\" content=\"index, follow, max-snippet:-1, max-image-preview:large, max-video-preview:-1\" \/>\n<link rel=\"canonical\" href=\"https:\/\/www.clinicaalthea.com\/farmacia\/ro\/apt\/feronex\/\" \/>\n<meta property=\"og:locale\" content=\"pl_PL\" \/>\n<meta property=\"og:type\" content=\"article\" \/>\n<meta property=\"og:title\" content=\"Feronex - Clinica Althea\" \/>\n<meta property=\"og:description\" content=\"149.00 lei 298.00 lei\" \/>\n<meta property=\"og:url\" content=\"https:\/\/www.clinicaalthea.com\/farmacia\/ro\/apt\/feronex\/\" \/>\n<meta property=\"og:site_name\" content=\"Clinica Althea\" \/>\n<meta property=\"article:modified_time\" content=\"2024-09-09T10:29:13+00:00\" \/>\n<meta property=\"og:image\" content=\"https:\/\/www.clinicaalthea.com\/farmacia\/wp-content\/uploads\/2024\/09\/Feronex.jpg\" \/>\n\t<meta property=\"og:image:width\" content=\"768\" \/>\n\t<meta property=\"og:image:height\" content=\"768\" \/>\n\t<meta property=\"og:image:type\" content=\"image\/jpeg\" \/>\n<meta name=\"twitter:card\" content=\"summary_large_image\" \/>\n<meta name=\"twitter:label1\" content=\"Szacowany czas czytania\" \/>\n\t<meta name=\"twitter:data1\" content=\"8 minut\" \/>\n<script type=\"application\/ld+json\" class=\"yoast-schema-graph\">{\"@context\":\"https:\\\/\\\/schema.org\",\"@graph\":[{\"@type\":\"WebPage\",\"@id\":\"https:\\\/\\\/www.clinicaalthea.com\\\/farmacia\\\/ro\\\/apt\\\/feronex\\\/\",\"url\":\"https:\\\/\\\/www.clinicaalthea.com\\\/farmacia\\\/ro\\\/apt\\\/feronex\\\/\",\"name\":\"Feronex - Clinica Althea\",\"isPartOf\":{\"@id\":\"https:\\\/\\\/www.clinicaalthea.com\\\/farmacia\\\/#website\"},\"primaryImageOfPage\":{\"@id\":\"https:\\\/\\\/www.clinicaalthea.com\\\/farmacia\\\/ro\\\/apt\\\/feronex\\\/#primaryimage\"},\"image\":{\"@id\":\"https:\\\/\\\/www.clinicaalthea.com\\\/farmacia\\\/ro\\\/apt\\\/feronex\\\/#primaryimage\"},\"thumbnailUrl\":\"https:\\\/\\\/www.clinicaalthea.com\\\/farmacia\\\/wp-content\\\/uploads\\\/2024\\\/09\\\/Feronex.jpg\",\"datePublished\":\"2024-09-09T10:25:53+00:00\",\"dateModified\":\"2024-09-09T10:29:13+00:00\",\"breadcrumb\":{\"@id\":\"https:\\\/\\\/www.clinicaalthea.com\\\/farmacia\\\/ro\\\/apt\\\/feronex\\\/#breadcrumb\"},\"inLanguage\":\"pl-PL\",\"potentialAction\":[{\"@type\":\"ReadAction\",\"target\":[\"https:\\\/\\\/www.clinicaalthea.com\\\/farmacia\\\/ro\\\/apt\\\/feronex\\\/\"]}]},{\"@type\":\"ImageObject\",\"inLanguage\":\"pl-PL\",\"@id\":\"https:\\\/\\\/www.clinicaalthea.com\\\/farmacia\\\/ro\\\/apt\\\/feronex\\\/#primaryimage\",\"url\":\"https:\\\/\\\/www.clinicaalthea.com\\\/farmacia\\\/wp-content\\\/uploads\\\/2024\\\/09\\\/Feronex.jpg\",\"contentUrl\":\"https:\\\/\\\/www.clinicaalthea.com\\\/farmacia\\\/wp-content\\\/uploads\\\/2024\\\/09\\\/Feronex.jpg\",\"width\":768,\"height\":768,\"caption\":\"Feronex\"},{\"@type\":\"BreadcrumbList\",\"@id\":\"https:\\\/\\\/www.clinicaalthea.com\\\/farmacia\\\/ro\\\/apt\\\/feronex\\\/#breadcrumb\",\"itemListElement\":[{\"@type\":\"ListItem\",\"position\":1,\"name\":\"Strona g\u0142\u00f3wna\",\"item\":\"https:\\\/\\\/www.clinicaalthea.com\\\/farmacia\\\/\"},{\"@type\":\"ListItem\",\"position\":2,\"name\":\"Produkty\",\"item\":\"https:\\\/\\\/www.clinicaalthea.com\\\/farmacia\\\/\"},{\"@type\":\"ListItem\",\"position\":3,\"name\":\"Feronex\"}]},{\"@type\":\"WebSite\",\"@id\":\"https:\\\/\\\/www.clinicaalthea.com\\\/farmacia\\\/#website\",\"url\":\"https:\\\/\\\/www.clinicaalthea.com\\\/farmacia\\\/\",\"name\":\"Clinica Althea\",\"description\":\"\",\"publisher\":{\"@id\":\"https:\\\/\\\/www.clinicaalthea.com\\\/farmacia\\\/#organization\"},\"potentialAction\":[{\"@type\":\"SearchAction\",\"target\":{\"@type\":\"EntryPoint\",\"urlTemplate\":\"https:\\\/\\\/www.clinicaalthea.com\\\/farmacia\\\/?s={search_term_string}\"},\"query-input\":{\"@type\":\"PropertyValueSpecification\",\"valueRequired\":true,\"valueName\":\"search_term_string\"}}],\"inLanguage\":\"pl-PL\"},{\"@type\":\"Organization\",\"@id\":\"https:\\\/\\\/www.clinicaalthea.com\\\/farmacia\\\/#organization\",\"name\":\"Clinica Althea\",\"url\":\"https:\\\/\\\/www.clinicaalthea.com\\\/farmacia\\\/\",\"logo\":{\"@type\":\"ImageObject\",\"inLanguage\":\"pl-PL\",\"@id\":\"https:\\\/\\\/www.clinicaalthea.com\\\/farmacia\\\/#\\\/schema\\\/logo\\\/image\\\/\",\"url\":\"https:\\\/\\\/www.clinicaalthea.com\\\/farmacia\\\/wp-content\\\/uploads\\\/2023\\\/12\\\/Jak-diagnozuje-sie-FAS_-objawy-kryteria-diagnostyczne-i-metody-diagnozowania-154162903.jpg\",\"contentUrl\":\"https:\\\/\\\/www.clinicaalthea.com\\\/farmacia\\\/wp-content\\\/uploads\\\/2023\\\/12\\\/Jak-diagnozuje-sie-FAS_-objawy-kryteria-diagnostyczne-i-metody-diagnozowania-154162903.jpg\",\"width\":1216,\"height\":832,\"caption\":\"Clinica Althea\"},\"image\":{\"@id\":\"https:\\\/\\\/www.clinicaalthea.com\\\/farmacia\\\/#\\\/schema\\\/logo\\\/image\\\/\"}}]}<\/script>\n<!-- \/ Yoast SEO plugin. -->","yoast_head_json":{"title":"Feronex - Clinica Althea","robots":{"index":"index","follow":"follow","max-snippet":"max-snippet:-1","max-image-preview":"max-image-preview:large","max-video-preview":"max-video-preview:-1"},"canonical":"https:\/\/www.clinicaalthea.com\/farmacia\/ro\/apt\/feronex\/","og_locale":"pl_PL","og_type":"article","og_title":"Feronex - Clinica Althea","og_description":"149.00 lei 298.00 lei","og_url":"https:\/\/www.clinicaalthea.com\/farmacia\/ro\/apt\/feronex\/","og_site_name":"Clinica Althea","article_modified_time":"2024-09-09T10:29:13+00:00","og_image":[{"width":768,"height":768,"url":"https:\/\/www.clinicaalthea.com\/farmacia\/wp-content\/uploads\/2024\/09\/Feronex.jpg","type":"image\/jpeg"}],"twitter_card":"summary_large_image","twitter_misc":{"Szacowany czas czytania":"8 minut"},"schema":{"@context":"https:\/\/schema.org","@graph":[{"@type":"WebPage","@id":"https:\/\/www.clinicaalthea.com\/farmacia\/ro\/apt\/feronex\/","url":"https:\/\/www.clinicaalthea.com\/farmacia\/ro\/apt\/feronex\/","name":"Feronex - Clinica Althea","isPartOf":{"@id":"https:\/\/www.clinicaalthea.com\/farmacia\/#website"},"primaryImageOfPage":{"@id":"https:\/\/www.clinicaalthea.com\/farmacia\/ro\/apt\/feronex\/#primaryimage"},"image":{"@id":"https:\/\/www.clinicaalthea.com\/farmacia\/ro\/apt\/feronex\/#primaryimage"},"thumbnailUrl":"https:\/\/www.clinicaalthea.com\/farmacia\/wp-content\/uploads\/2024\/09\/Feronex.jpg","datePublished":"2024-09-09T10:25:53+00:00","dateModified":"2024-09-09T10:29:13+00:00","breadcrumb":{"@id":"https:\/\/www.clinicaalthea.com\/farmacia\/ro\/apt\/feronex\/#breadcrumb"},"inLanguage":"pl-PL","potentialAction":[{"@type":"ReadAction","target":["https:\/\/www.clinicaalthea.com\/farmacia\/ro\/apt\/feronex\/"]}]},{"@type":"ImageObject","inLanguage":"pl-PL","@id":"https:\/\/www.clinicaalthea.com\/farmacia\/ro\/apt\/feronex\/#primaryimage","url":"https:\/\/www.clinicaalthea.com\/farmacia\/wp-content\/uploads\/2024\/09\/Feronex.jpg","contentUrl":"https:\/\/www.clinicaalthea.com\/farmacia\/wp-content\/uploads\/2024\/09\/Feronex.jpg","width":768,"height":768,"caption":"Feronex"},{"@type":"BreadcrumbList","@id":"https:\/\/www.clinicaalthea.com\/farmacia\/ro\/apt\/feronex\/#breadcrumb","itemListElement":[{"@type":"ListItem","position":1,"name":"Strona g\u0142\u00f3wna","item":"https:\/\/www.clinicaalthea.com\/farmacia\/"},{"@type":"ListItem","position":2,"name":"Produkty","item":"https:\/\/www.clinicaalthea.com\/farmacia\/"},{"@type":"ListItem","position":3,"name":"Feronex"}]},{"@type":"WebSite","@id":"https:\/\/www.clinicaalthea.com\/farmacia\/#website","url":"https:\/\/www.clinicaalthea.com\/farmacia\/","name":"Clinica Althea","description":"","publisher":{"@id":"https:\/\/www.clinicaalthea.com\/farmacia\/#organization"},"potentialAction":[{"@type":"SearchAction","target":{"@type":"EntryPoint","urlTemplate":"https:\/\/www.clinicaalthea.com\/farmacia\/?s={search_term_string}"},"query-input":{"@type":"PropertyValueSpecification","valueRequired":true,"valueName":"search_term_string"}}],"inLanguage":"pl-PL"},{"@type":"Organization","@id":"https:\/\/www.clinicaalthea.com\/farmacia\/#organization","name":"Clinica Althea","url":"https:\/\/www.clinicaalthea.com\/farmacia\/","logo":{"@type":"ImageObject","inLanguage":"pl-PL","@id":"https:\/\/www.clinicaalthea.com\/farmacia\/#\/schema\/logo\/image\/","url":"https:\/\/www.clinicaalthea.com\/farmacia\/wp-content\/uploads\/2023\/12\/Jak-diagnozuje-sie-FAS_-objawy-kryteria-diagnostyczne-i-metody-diagnozowania-154162903.jpg","contentUrl":"https:\/\/www.clinicaalthea.com\/farmacia\/wp-content\/uploads\/2023\/12\/Jak-diagnozuje-sie-FAS_-objawy-kryteria-diagnostyczne-i-metody-diagnozowania-154162903.jpg","width":1216,"height":832,"caption":"Clinica Althea"},"image":{"@id":"https:\/\/www.clinicaalthea.com\/farmacia\/#\/schema\/logo\/image\/"}}]}},"lang":"ro","translations":{"ro":10249,"pl":10240,"bg":10243,"cs":10245,"hu":10247,"de":10252,"el":10254,"it":10256,"lt":10258,"lv":10260,"sk":10262,"sl":10264},"pll_sync_post":[],"_links":{"self":[{"href":"https:\/\/www.clinicaalthea.com\/farmacia\/wp-json\/wp\/v2\/product\/10249","targetHints":{"allow":["GET"]}}],"collection":[{"href":"https:\/\/www.clinicaalthea.com\/farmacia\/wp-json\/wp\/v2\/product"}],"about":[{"href":"https:\/\/www.clinicaalthea.com\/farmacia\/wp-json\/wp\/v2\/types\/product"}],"replies":[{"embeddable":true,"href":"https:\/\/www.clinicaalthea.com\/farmacia\/wp-json\/wp\/v2\/comments?post=10249"}],"wp:featuredmedia":[{"embeddable":true,"href":"https:\/\/www.clinicaalthea.com\/farmacia\/wp-json\/wp\/v2\/media\/10241"}],"wp:attachment":[{"href":"https:\/\/www.clinicaalthea.com\/farmacia\/wp-json\/wp\/v2\/media?parent=10249"}],"wp:term":[{"taxonomy":"product_brand","embeddable":true,"href":"https:\/\/www.clinicaalthea.com\/farmacia\/wp-json\/wp\/v2\/product_brand?post=10249"},{"taxonomy":"product_cat","embeddable":true,"href":"https:\/\/www.clinicaalthea.com\/farmacia\/wp-json\/wp\/v2\/product_cat?post=10249"},{"taxonomy":"product_tag","embeddable":true,"href":"https:\/\/www.clinicaalthea.com\/farmacia\/wp-json\/wp\/v2\/product_tag?post=10249"}],"curies":[{"name":"wp","href":"https:\/\/api.w.org\/{rel}","templated":true}]}}